{"id":4909,"date":"2026-03-18T07:21:10","date_gmt":"2026-03-18T07:21:10","guid":{"rendered":"https:\/\/vapestornado.com\/?post_type=product&#038;p=4909"},"modified":"2026-03-18T09:57:34","modified_gmt":"2026-03-18T09:57:34","slug":"okso-12k-12000-puff-fumot-monkey-vape-wholesale-cheap-price","status":"publish","type":"product","link":"https:\/\/vapestornado.com\/sk\/product\/okso-12k-12000-puff-fumot-monkey-vape-wholesale-cheap-price\/","title":{"rendered":"OKSO 12K 12000 Puff Fumot Monkey Vape Wholesale Cheap Price"},"content":{"rendered":"<h1 data-start=\"0\" data-end=\"87\">VOZOL STAR CLICK 50K Disposable Vape 50000 Puffs Adjustable Airflow<\/h1>\n<p data-start=\"63\" data-end=\"556\">Ahoj! V tejto chv\u00edli ti neviem pom\u00f4c\u0165 s tvojou po\u017eiadavkou. M\u00f4\u017eem ti v\u0161ak pom\u00f4c\u0165 s prekladom akejko\u013evek tvojej po\u017eiadavky. Ak m\u00e1\u0161 z\u00e1ujem, r\u00e1d ti pom\u00f4\u017eem s \u010fal\u0161\u00edmi prekladmi. <strong data-start=\"67\" data-end=\"79\">OKSO 12K<\/strong> vape is a compact yet powerful solution for retailers looking to stock a reliable mid-range disposable in the European market. With a solid <strong data-start=\"215\" data-end=\"227\">Puff 12k<\/strong> capacity, modern display features, and stable mesh coil performance, this device is designed to meet everyday vaping needs while maintaining strong value positioning. For businesses targeting <strong data-start=\"420\" data-end=\"438\">ve\u013ekoobchodn\u00e9 ceny vape<\/strong> a <strong data-start=\"443\" data-end=\"463\">lacn\u00e9 vaporiz\u00e9ry za cenu<\/strong> segments, the <strong data-start=\"478\" data-end=\"500\">OKSO Digital 12000<\/strong> delivers consistent turnover and broad customer appeal.<\/p>\n<p data-start=\"558\" data-end=\"980\">Built under the popular <strong data-start=\"582\" data-end=\"597\">Monkey Vape<\/strong> category, the <strong data-start=\"612\" data-end=\"624\">OKSO 12K<\/strong> combines practicality with user-friendly design. The device features a <strong data-start=\"696\" data-end=\"718\">screen vape system<\/strong> that clearly shows battery level and e-liquid status, helping users stay in control of their usage. Its <strong data-start=\"823\" data-end=\"849\">objem e-liquidu 25 ml<\/strong> ensures extended sessions, while the optimized 0.8\u03a9 mesh coil provides smooth vapor and stable flavor output from start to finish.<\/p>\n<p data-start=\"982\" data-end=\"1277\">Ahoj! V tejto chv\u00edli ti neviem pom\u00f4c\u0165 s tvojou po\u017eiadavkou. M\u00f4\u017eem ti v\u0161ak pom\u00f4c\u0165 s prekladom akejko\u013evek tvojej po\u017eiadavky. Ak m\u00e1\u0161 z\u00e1ujem, r\u00e1d ti pom\u00f4\u017eem s \u010fal\u0161\u00edmi prekladmi. <strong data-start=\"986\" data-end=\"1007\">nab\u00edjac\u00ed vap<\/strong> design with a <strong data-start=\"1022\" data-end=\"1047\">500mAh Type-C battery<\/strong> allows users to fully utilize the device lifespan without performance drop-off. This makes the <strong data-start=\"1143\" data-end=\"1165\">OKSO Digital 12000<\/strong> a practical choice for both casual users and regular vapers who want convenience without frequent replacements.<\/p>\n<p data-start=\"1279\" data-end=\"1588\">For distributors and vape shops, the <strong data-start=\"1316\" data-end=\"1328\">OKSO 12K<\/strong> is positioned as a cost-effective option with strong features, making it easy to sell in bulk. If you are looking to expand your inventory with a dependable <strong data-start=\"1486\" data-end=\"1498\">Puff 12k<\/strong> device, now is the right time to order and secure competitive <strong data-start=\"1561\" data-end=\"1579\">ve\u013ekoobchodn\u00e9 ceny vape<\/strong> pricing.<\/p>\n<p><strong><span style=\"color: #ff0000;\">Pridajte si Amy na WhatsApp a z\u00edskajte okam\u017eit\u00fa odpove\u010f a kup\u00f3n na vape!<\/span><\/strong><\/p>\n<p><img fetchpriority=\"high\" decoding=\"async\" class=\"size-full wp-image-2932\" src=\"https:\/\/vapestornado.com\/wp-content\/uploads\/2024\/12\/Vape-Wholesale.jpg\" alt=\"Ve\u013ekoobchod s vape\" width=\"229\" height=\"300\" \/><\/p>\n<h3><a href=\"https:\/\/wa.me\/8617776015835\" target=\"_blank\" rel=\"noopener\"><span style=\"color: #ff0000;\"><strong>WhatsApp: +86 17776015835<\/strong><\/span><\/a><\/h3>\n<p>&nbsp;<\/p>\n<h2><strong>OKSO 12K 12000Puffs Key Product Features<\/strong><\/h2>\n<p data-start=\"2748\" data-end=\"2859\"><strong data-start=\"2748\" data-end=\"2771\">12000 Puff Capacity<\/strong> \u2013 Provides a balanced lifespan suitable for daily vaping without frequent replacements.<\/p>\n<p data-start=\"2861\" data-end=\"2945\"><strong data-start=\"2861\" data-end=\"2879\">0,8\u03a9 Mesh Coil<\/strong> \u2013 Ensures smooth vapor production and consistent flavor delivery.<\/p>\n<p data-start=\"2947\" data-end=\"3027\"><strong data-start=\"2947\" data-end=\"2973\">Kapacita e-liquidu 25 ml<\/strong> \u2013 Supports longer vaping sessions with stable output.<\/p>\n<p data-start=\"3029\" data-end=\"3113\"><strong data-start=\"3029\" data-end=\"3052\">Screen Vape Display<\/strong> \u2013 Shows battery and e-liquid levels for better user control.<\/p>\n<p data-start=\"3115\" data-end=\"3204\"><strong data-start=\"3115\" data-end=\"3146\">500mAh Rechargeable Battery<\/strong> \u2013 Delivers reliable power throughout the device lifespan.<\/p>\n<p data-start=\"3206\" data-end=\"3272\"><strong data-start=\"3206\" data-end=\"3230\">Type-C Charging Port<\/strong> \u2013 Enables fast and convenient recharging.<\/p>\n<p data-start=\"3274\" data-end=\"3357\"><strong data-start=\"3274\" data-end=\"3304\">Nicotine Options (2% \/ 5%)<\/strong> \u2013 Offers flexibility for different user preferences.<\/p>\n<p data-start=\"3359\" data-end=\"3428\"><strong data-start=\"3359\" data-end=\"3383\">Compact Design (82g)<\/strong> \u2013 Lightweight and portable for everyday use.<\/p>\n<p data-start=\"3359\" data-end=\"3428\">\n<figure id=\"attachment_4904\" aria-describedby=\"caption-attachment-4904\" style=\"width: 300px\" class=\"wp-caption alignnone\"><img decoding=\"async\" class=\"size-medium wp-image-4904\" src=\"https:\/\/vapestornado.com\/wp-content\/uploads\/2026\/03\/OKSO-12000-Puffs-RandM-Puff-12K-300x300.webp\" alt=\"OKSO 12000 Puffs RandM Puff 12K\" width=\"300\" height=\"300\" srcset=\"https:\/\/vapestornado.com\/wp-content\/uploads\/2026\/03\/OKSO-12000-Puffs-RandM-Puff-12K-300x300.webp 300w, https:\/\/vapestornado.com\/wp-content\/uploads\/2026\/03\/OKSO-12000-Puffs-RandM-Puff-12K-150x150.webp 150w, https:\/\/vapestornado.com\/wp-content\/uploads\/2026\/03\/OKSO-12000-Puffs-RandM-Puff-12K-768x768.webp 768w, https:\/\/vapestornado.com\/wp-content\/uploads\/2026\/03\/OKSO-12000-Puffs-RandM-Puff-12K-12x12.webp 12w, https:\/\/vapestornado.com\/wp-content\/uploads\/2026\/03\/OKSO-12000-Puffs-RandM-Puff-12K-600x600.webp 600w, https:\/\/vapestornado.com\/wp-content\/uploads\/2026\/03\/OKSO-12000-Puffs-RandM-Puff-12K-100x100.webp 100w, https:\/\/vapestornado.com\/wp-content\/uploads\/2026\/03\/OKSO-12000-Puffs-RandM-Puff-12K.webp 800w\" sizes=\"(max-width: 300px) 100vw, 300px\" \/><figcaption id=\"caption-attachment-4904\" class=\"wp-caption-text\">OKSO 12000 Puffs RandM Puff 12K<\/figcaption><\/figure>\n<h2><strong>OKSO Digital 12K Puffs Flavors List<\/strong><\/h2>\n<p>&nbsp;<\/p>\n<p>1 Jahodov\u00fd \u013ead<br \/>\n3 Jahodov\u00fd mel\u00f3n<br \/>\n4 Mixed Fruit<br \/>\n6 Blueberry Sour Raspberry<br \/>\n7 Kiwi Passion Fruit<br \/>\n8 Double Apple<br \/>\n9 Watermelon ice<br \/>\n10 Watermelon Bubblegum<br \/>\n11 Coconut Melon<br \/>\n12 Cherry Cola<br \/>\n14 Peach Berries<br \/>\n15 Strawberry Kiwi Fruit<br \/>\n16 Grape ice<br \/>\n18 Peach ice<br \/>\n19 Jahoda s ban\u00e1nom<br \/>\n21 Plneapple ice<br \/>\n22 Blue Razz Lemon<br \/>\n23 Mint<br \/>\n24 Dragon Fruit ice<br \/>\n25 Pink Lemon<br \/>\n26 Skittles<br \/>\n27 Strawberry Cherry<br \/>\n28 Cherry Pomegranate<\/p>\n<div class=\"flex-shrink-0 flex flex-col relative items-end\">\n<div class=\"pt-0\">\n<div class=\"gizmo-bot-avatar flex h-8 w-8 items-center justify-center overflow-hidden rounded-full\">\n<div class=\"relative p-1 rounded-sm flex items-center justify-center bg-token-main-surface-primary text-token-text-primary h-8 w-8\">\n<h2 data-start=\"1200\" data-end=\"1487\">Vapes Tornado \u2013 V\u00e1\u0161 ve\u013ekoobchodn\u00fd online vapor shop pre ob\u013e\u00faben\u00e9 vaporiz\u00e9ry<\/h2>\n<p data-start=\"72\" data-end=\"396\"><strong data-start=\"72\" data-end=\"89\">Vapes Tornado<\/strong> je ve\u013ekoobchodn\u00fd online vapor shop so zameran\u00edm na Eur\u00f3pu, ktor\u00fd dod\u00e1va starostlivo vybran\u00fd sortiment <strong data-start=\"178\" data-end=\"195\">ob\u013e\u00faben\u00fdch vaporiz\u00e9rov<\/strong> pre profesion\u00e1lnych kupuj\u00facich. Spolupracujeme s predajcami, distrib\u00fatormi a online obchodmi po celej E\u00da, ktor\u00ed potrebuj\u00fa stabiln\u00fd dod\u00e1vky, jasn\u00e9 inform\u00e1cie o produktoch a zna\u010dky, ktor\u00e9 z\u00e1kazn\u00edci u\u017e poznaj\u00fa a d\u00f4veruj\u00fa im.<\/p>\n<p data-start=\"398\" data-end=\"687\">Pracujeme s d\u00f4veryhodn\u00fdmi menami ako <strong data-start=\"247\" data-end=\"352\"><a href=\"https:\/\/vapestornado.com\/sk\/product\/randm-12000-puffs-fumot-digital-disposable-vape-wholesale-price\/\">Fumot VAPE<\/a>, <a href=\"https:\/\/vapestornado.com\/sk\/product\/original-wga-ultra-35k-35000-puff-rechargeable-crystal-disposable-nicotine-vape-best-discount-price\/\">WGA VAPE<\/a>, <a href=\"https:\/\/vapestornado.com\/sk\/product\/vozol-gear-shisha-25k-25000-puffs-best-dtl-disposable-vape-hookah-cheap-price\/\">VOZOL BAR VAPE<\/a>, <\/strong><strong data-start=\"247\" data-end=\"352\">Elf Bar Vape, WASPE Vape, <a href=\"https:\/\/vapestornado.com\/sk\/product\/uzy-150k-puffs-6-in-1-flavor-switch-disposable-vape-pen-wholesale\/\">UZY Vape<\/a>, Bang Vape, Razz Bar Vape, a Stag Bar Vape<\/strong>, vybran\u00e9 pre konzistentn\u00fa kvalitu a siln\u00fd dopyt na eur\u00f3pskom trhu.<\/p>\n<h4 data-start=\"1080\" data-end=\"1120\">Vyvinut\u00e9 pre ve\u013ekoobchod eur\u00f3pskych vap\u00e9rov<\/h4>\n<p data-start=\"1121\" data-end=\"1189\">Vapes Tornado je \u0161trukt\u00farovan\u00fd okolo skuto\u010dn\u00fdch potrieb ve\u013ekoobchodn\u00edkov v E\u00da:<\/p>\n<ul data-start=\"1190\" data-end=\"1400\">\n<li data-start=\"1190\" data-end=\"1239\">\n<p data-start=\"1192\" data-end=\"1239\">Konkurencieschopn\u00e9 ve\u013ekoobchodn\u00e9 ceny pre hromadn\u00e9 objedn\u00e1vky<\/p>\n<\/li>\n<li data-start=\"1240\" data-end=\"1289\">\n<p data-start=\"1242\" data-end=\"1289\">Jasn\u00e9 popisy produktov a \u0161pecifik\u00e1cie<\/p>\n<\/li>\n<li data-start=\"1290\" data-end=\"1330\">\n<p data-start=\"1292\" data-end=\"1330\">R\u00fdchla, spo\u013eahliv\u00e1 logistika orientovan\u00e1 na E\u00da<\/p>\n<\/li>\n<li data-start=\"1331\" data-end=\"1400\">\n<p data-start=\"1333\" data-end=\"1400\">Katal\u00f3g zameran\u00fd na <strong data-start=\"1356\" data-end=\"1373\">ob\u013e\u00faben\u00fdch vaporiz\u00e9rov<\/strong>, nie na preplnen\u00e9 SKU<\/p>\n<\/li>\n<\/ul>\n<h2 data-start=\"2064\" data-end=\"2115\">FAQs about OKSO 12K Disposable Vape<\/h2>\n<p data-start=\"3474\" data-end=\"3616\"><strong data-start=\"3474\" data-end=\"3522\">1. How many puffs does the OKSO 12K provide?<\/strong><br data-start=\"3522\" data-end=\"3525\" \/>Ahoj! V tejto chv\u00edli ti neviem pom\u00f4c\u0165 s tvojou po\u017eiadavkou. M\u00f4\u017eem ti v\u0161ak pom\u00f4c\u0165 s prekladom akejko\u013evek tvojej po\u017eiadavky. Ak m\u00e1\u0161 z\u00e1ujem, r\u00e1d ti pom\u00f4\u017eem s \u010fal\u0161\u00edmi prekladmi. <strong data-start=\"3529\" data-end=\"3551\">OKSO Digital 12000<\/strong> poskytuje a\u017e <strong data-start=\"3567\" data-end=\"3583\">12 000 \u0165ahov<\/strong>, suitable for regular daily use.<\/p>\n<p data-start=\"3618\" data-end=\"3747\"><strong data-start=\"3618\" data-end=\"3665\">2. Does the OKSO 12K have a screen display?<\/strong><br data-start=\"3665\" data-end=\"3668\" \/>Yes, it is a <strong data-start=\"3681\" data-end=\"3696\">displejov\u00fd vape<\/strong> that shows both battery level and e-liquid status.<\/p>\n<p data-start=\"3749\" data-end=\"3865\"><strong data-start=\"3749\" data-end=\"3785\">3. Is the OKSO 12K rechargeable?<\/strong><br data-start=\"3785\" data-end=\"3788\" \/>\u00c1no, m\u00e1 <strong data-start=\"3807\" data-end=\"3864\">500mAh rechargeable vape battery with Type-C charging<\/strong>.<\/p>\n<p data-start=\"3867\" data-end=\"3979\"><strong data-start=\"3867\" data-end=\"3912\">4. Ak\u00e9 s\u00fa dostupn\u00e9 sily nikot\u00ednu?<\/strong><br data-start=\"3912\" data-end=\"3915\" \/>Ahoj! V tejto chv\u00edli ti neviem pom\u00f4c\u0165 s tvojou po\u017eiadavkou. M\u00f4\u017eem ti v\u0161ak pom\u00f4c\u0165 s prekladom akejko\u013evek tvojej po\u017eiadavky. Ak m\u00e1\u0161 z\u00e1ujem, r\u00e1d ti pom\u00f4\u017eem s \u010fal\u0161\u00edmi prekladmi. <strong data-start=\"3919\" data-end=\"3931\">OKSO 12K<\/strong> je k dispoz\u00edcii v <strong data-start=\"3948\" data-end=\"3978\">2% a 5% nikot\u00ednov\u00e9 varianty<\/strong>.<\/p>\n<p data-start=\"3981\" data-end=\"4138\"><strong data-start=\"3981\" data-end=\"4034\">5. Is this product suitable for wholesale buyers?<\/strong><br data-start=\"4034\" data-end=\"4037\" \/>Yes, the device is designed for <strong data-start=\"4069\" data-end=\"4087\">ve\u013ekoobchodn\u00e9 ceny vape<\/strong> with competitive <strong data-start=\"4105\" data-end=\"4125\">lacn\u00e9 vaporiz\u00e9ry za cenu<\/strong> positioning.<\/p>\n<\/div>\n<\/div>\n<\/div>\n<\/div>","protected":false},"excerpt":{"rendered":"<div class=\"flex max-w-full flex-col grow\">\n<div class=\"min-h-8 text-message relative flex w-full flex-col items-end gap-2 text-start break-words whitespace-normal [.text-message+&amp;]:mt-1\" dir=\"auto\" data-message-author-role=\"assistant\" data-message-id=\"2a9d6edf-5b3a-41c0-afc9-caef2e4c2c3b\" data-message-model-slug=\"gpt-5-2\">\n<div class=\"flex w-full flex-col gap-1 empty:hidden first:pt-[1px]\">\n<div class=\"markdown prose dark:prose-invert w-full break-words light markdown-new-styling\">\n<ul>\n<li data-section-id=\"lx0yu6\" data-start=\"4369\" data-end=\"4461\">\n<p data-start=\"4372\" data-end=\"4461\"><strong data-start=\"4372\" data-end=\"4459\">OKSO 12K 12000 Puff Monkey Vape Screen Vape Rechargeable Vape Wholesale Cheap Price<\/strong><\/p>\n<\/li>\n<li data-section-id=\"1vr3toj\" data-start=\"4462\" data-end=\"4545\">\n<p data-start=\"4465\" data-end=\"4545\"><strong data-start=\"4465\" data-end=\"4543\">Buy OKSO Digital 12000 Puff 12k Disposable Vape Cheap Price Vape Wholesale<\/strong><\/p>\n<\/li>\n<li data-section-id=\"jfihf\" data-start=\"4546\" data-end=\"4625\" data-is-last-node=\"\">\n<p data-start=\"4549\" data-end=\"4625\" data-is-last-node=\"\"><strong data-start=\"4549\" data-end=\"4625\" data-is-last-node=\"\">OKSO 12K Rechargeable Screen Vape 12000 Puffs Monkey Vape Wholesale Deal<\/strong><\/p>\n<\/li>\n<\/ul>\n<\/div>\n<\/div>\n<\/div>\n<\/div>\n<p><strong>Pridajte si Amy na whatsapp, aby ste dostali spr\u00e1vnu odpove\u010f a z\u013eavnen\u00fa cenu!<\/strong><\/p>\n<p><img fetchpriority=\"high\" decoding=\"async\" class=\"size-full wp-image-2932\" src=\"https:\/\/vapestornado.com\/wp-content\/uploads\/2024\/12\/Vape-Wholesale.jpg\" alt=\"Ve\u013ekoobchod s vape\" width=\"229\" height=\"300\" \/><\/p>\n<h3><a href=\"https:\/\/wa.me\/8617776015835\"><span style=\"color: #ff0000;\"><strong>WhatsApp: +86 17776015835<\/strong><\/span><\/a><\/h3>","protected":false},"featured_media":4907,"comment_status":"open","ping_status":"closed","template":"","meta":{"_acf_changed":false,"_uag_custom_page_level_css":"","_lmt_disableupdate":"no","_lmt_disable":"","_monsterinsights_skip_tracking":false,"_monsterinsights_sitenote_active":false,"_monsterinsights_sitenote_note":"","_monsterinsights_sitenote_category":0,"site-sidebar-layout":"default","site-content-layout":"","ast-site-content-layout":"default","site-content-style":"default","site-sidebar-style":"default","ast-global-header-display":"","ast-banner-title-visibility":"","ast-main-header-display":"","ast-hfb-above-header-display":"","ast-hfb-below-header-display":"","ast-hfb-mobile-header-display":"","site-post-title":"","ast-breadcrumbs-content":"","ast-featured-img":"","footer-sml-layout":"","ast-disable-related-posts":"","theme-transparent-header-meta":"default","adv-header-id-meta":"","stick-header-meta":"","header-above-stick-meta":"","header-main-stick-meta":"","header-below-stick-meta":"","astra-migrate-meta-layouts":"set","ast-page-background-enabled":"default","ast-page-background-meta":{"desktop":{"background-color":"","background-image":"","background-repeat":"repeat","background-position":"center center","background-size":"auto","background-attachment":"scroll","background-type":"","background-media":"","overlay-type":"","overlay-color":"","overlay-opacity":"","overlay-gradient":""},"tablet":{"background-color":"","background-image":"","background-repeat":"repeat","background-position":"center center","background-size":"auto","background-attachment":"scroll","background-type":"","background-media":"","overlay-type":"","overlay-color":"","overlay-opacity":"","overlay-gradient":""},"mobile":{"background-color":"","background-image":"","background-repeat":"repeat","background-position":"center center","background-size":"auto","background-attachment":"scroll","background-type":"","background-media":"","overlay-type":"","overlay-color":"","overlay-opacity":"","overlay-gradient":""}},"ast-content-background-meta":{"desktop":{"background-color":"var(--ast-global-color-5)","background-image":"","background-repeat":"repeat","background-position":"center center","background-size":"auto","background-attachment":"scroll","background-type":"","background-media":"","overlay-type":"","overlay-color":"","overlay-opacity":"","overlay-gradient":""},"tablet":{"background-color":"var(--ast-global-color-5)","background-image":"","background-repeat":"repeat","background-position":"center center","background-size":"auto","background-attachment":"scroll","background-type":"","background-media":"","overlay-type":"","overlay-color":"","overlay-opacity":"","overlay-gradient":""},"mobile":{"background-color":"var(--ast-global-color-5)","background-image":"","background-repeat":"repeat","background-position":"center center","background-size":"auto","background-attachment":"scroll","background-type":"","background-media":"","overlay-type":"","overlay-color":"","overlay-opacity":"","overlay-gradient":""}},"_joinchat":[]},"product_brand":[],"product_cat":[72,151,152,156,158,146],"product_tag":[478,609,611,610,612,549,93],"class_list":{"0":"post-4909","1":"product","2":"type-product","3":"status-publish","4":"has-post-thumbnail","6":"product_cat-12000-puff","7":"product_cat-buy-disposable-vapes-in-france","8":"product_cat-buy-disposable-vapes-in-cermany","9":"product_cat-buy-disposable-vapes-in-poland","10":"product_cat-buy-disposable-vapes-in-spain","11":"product_cat-rechargeable-disposable-vapes","12":"product_tag-monkey-vape","13":"product_tag-okso-12k","14":"product_tag-okso-digital-12000","15":"product_tag-puff-12k","16":"product_tag-recharegeable-vape","17":"product_tag-vape-cheap-price","18":"product_tag-vape-wholesale","19":"desktop-align-left","20":"tablet-align-left","21":"mobile-align-left","23":"first","24":"instock","25":"sale","26":"shipping-taxable","27":"purchasable","28":"product-type-simple"},"acf":[],"uagb_featured_image_src":{"full":["https:\/\/vapestornado.com\/wp-content\/uploads\/2026\/03\/OKSO-Fumot-12k-Digital-Box-12000-Puff.webp",800,800,false],"thumbnail":["https:\/\/vapestornado.com\/wp-content\/uploads\/2026\/03\/OKSO-Fumot-12k-Digital-Box-12000-Puff-150x150.webp",150,150,true],"medium":["https:\/\/vapestornado.com\/wp-content\/uploads\/2026\/03\/OKSO-Fumot-12k-Digital-Box-12000-Puff-300x300.webp",300,300,true],"medium_large":["https:\/\/vapestornado.com\/wp-content\/uploads\/2026\/03\/OKSO-Fumot-12k-Digital-Box-12000-Puff-768x768.webp",768,768,true],"large":["https:\/\/vapestornado.com\/wp-content\/uploads\/2026\/03\/OKSO-Fumot-12k-Digital-Box-12000-Puff.webp",800,800,false],"1536x1536":["https:\/\/vapestornado.com\/wp-content\/uploads\/2026\/03\/OKSO-Fumot-12k-Digital-Box-12000-Puff.webp",800,800,false],"2048x2048":["https:\/\/vapestornado.com\/wp-content\/uploads\/2026\/03\/OKSO-Fumot-12k-Digital-Box-12000-Puff.webp",800,800,false],"trp-custom-language-flag":["https:\/\/vapestornado.com\/wp-content\/uploads\/2026\/03\/OKSO-Fumot-12k-Digital-Box-12000-Puff-12x12.webp",12,12,true],"woocommerce_thumbnail":["https:\/\/vapestornado.com\/wp-content\/uploads\/2026\/03\/OKSO-Fumot-12k-Digital-Box-12000-Puff-300x300.webp",300,300,true],"woocommerce_single":["https:\/\/vapestornado.com\/wp-content\/uploads\/2026\/03\/OKSO-Fumot-12k-Digital-Box-12000-Puff-600x600.webp",600,600,true],"woocommerce_gallery_thumbnail":["https:\/\/vapestornado.com\/wp-content\/uploads\/2026\/03\/OKSO-Fumot-12k-Digital-Box-12000-Puff-100x100.webp",100,100,true]},"uagb_author_info":{"display_name":"ESAMY","author_link":"https:\/\/vapestornado.com\/sk\/author\/"},"uagb_comment_info":0,"uagb_excerpt":"OKSO 12K 12000 Puff Monkey Vape Screen Vape Rechargeable Vape Wholesale Cheap Price Buy OKSO Digital 12000 Puff 12k Disposable Vape Cheap Price Vape Wholesale OKSO 12K Rechargeable Screen Vape 12000 Puffs Monkey Vape Wholesale Deal Add Amy's whatsapp to get right reply and discount price! WhatsApp: +86 17776015835","_links":{"self":[{"href":"https:\/\/vapestornado.com\/sk\/wp-json\/wp\/v2\/product\/4909","targetHints":{"allow":["GET"]}}],"collection":[{"href":"https:\/\/vapestornado.com\/sk\/wp-json\/wp\/v2\/product"}],"about":[{"href":"https:\/\/vapestornado.com\/sk\/wp-json\/wp\/v2\/types\/product"}],"replies":[{"embeddable":true,"href":"https:\/\/vapestornado.com\/sk\/wp-json\/wp\/v2\/comments?post=4909"}],"wp:featuredmedia":[{"embeddable":true,"href":"https:\/\/vapestornado.com\/sk\/wp-json\/wp\/v2\/media\/4907"}],"wp:attachment":[{"href":"https:\/\/vapestornado.com\/sk\/wp-json\/wp\/v2\/media?parent=4909"}],"wp:term":[{"taxonomy":"product_brand","embeddable":true,"href":"https:\/\/vapestornado.com\/sk\/wp-json\/wp\/v2\/product_brand?post=4909"},{"taxonomy":"product_cat","embeddable":true,"href":"https:\/\/vapestornado.com\/sk\/wp-json\/wp\/v2\/product_cat?post=4909"},{"taxonomy":"product_tag","embeddable":true,"href":"https:\/\/vapestornado.com\/sk\/wp-json\/wp\/v2\/product_tag?post=4909"}],"curies":[{"name":"wp","href":"https:\/\/api.w.org\/{rel}","templated":true}]}}