{"id":4842,"date":"2026-01-24T09:54:19","date_gmt":"2026-01-24T09:54:19","guid":{"rendered":"https:\/\/vapestornado.com\/?post_type=product&#038;p=4842"},"modified":"2026-01-24T10:03:36","modified_gmt":"2026-01-24T10:03:36","slug":"aivono-avn-mate-120k-puffs-double-flaovr-disposable-e-cigarette-adjust-flavor","status":"publish","type":"product","link":"https:\/\/vapestornado.com\/sk\/product\/aivono-avn-mate-120k-puffs-double-flaovr-disposable-e-cigarette-adjust-flavor\/","title":{"rendered":"AIVONO AVN MATE 120k Puffs Dvojit\u00e1 pr\u00edchu\u0165 Jednorazov\u00e1 elektronick\u00e1 cigareta Nastavite\u013en\u00e1 pr\u00edchu\u0165"},"content":{"rendered":"<h1 data-start=\"0\" data-end=\"87\">AIVONO AVN MATE 120k Puffs Dvojit\u00e1 pr\u00edchu\u0165 Jednorazov\u00e1 elektronick\u00e1 cigareta Nastavite\u013en\u00e1 pr\u00edchu\u0165<\/h1>\n<p data-start=\"276\" data-end=\"608\">Ahoj! V tejto chv\u00edli ti neviem pom\u00f4c\u0165 s tvojou po\u017eiadavkou. M\u00f4\u017eem ti v\u0161ak pom\u00f4c\u0165 s prekladom akejko\u013evek tvojej po\u017eiadavky. Ak m\u00e1\u0161 z\u00e1ujem, r\u00e1d ti pom\u00f4\u017eem s \u010fal\u0161\u00edmi prekladmi. <strong data-start=\"280\" data-end=\"304\">AIVONO AVN MATE 120k<\/strong> je ur\u010den\u00fd pre ve\u013ekoobchodn\u00edkov, ktor\u00ed potrebuj\u00fa vysoko kapacitn\u00fa, vysoko hodnotn\u00fa jednorazov\u00fa elektronick\u00fa cigaretu, ktor\u00e1 sa r\u00fdchlo pred\u00e1va na konkuren\u010dn\u00fdch eur\u00f3pskych trhoch. S prav\u00fdm <strong data-start=\"439\" data-end=\"464\">120 000 potiahnut\u00ed \u017eivotnos\u0165ou<\/strong>, dizajnom na prep\u00ednanie dvoch pr\u00edchut\u00ed a inteligentnou obrazovkou, tento zariadenie cieli na pou\u017e\u00edvate\u013eov, ktor\u00ed chc\u00fa rozmanitos\u0165, odolnos\u0165 a vidite\u013en\u00fd v\u00fdkon v jednom zariaden\u00ed.<\/p>\n<p data-start=\"610\" data-end=\"976\">Navrhnut\u00e9 ako <strong data-start=\"624\" data-end=\"662\">2 v 1 Dual Flavor Jednorazov\u00e1 elektronick\u00e1 cigareta<\/strong>, AIVONO AVN MATE 120000 umo\u017e\u0148uje pou\u017e\u00edvate\u013eom okam\u017eite prep\u00edna\u0165 medzi dvoma pr\u00edchu\u0165ami bez v\u00fdmeny zariadenia. Tento nastavite\u013en\u00fd syst\u00e9m pr\u00edchut\u00ed zvy\u0161uje dobu pou\u017e\u00edvania a zlep\u0161uje spokojnos\u0165 z\u00e1kazn\u00edkov, \u010do rob\u00ed z neho siln\u00fa vo\u013ebu pre <strong data-start=\"887\" data-end=\"911\">ve\u013ekoobchod s vape na Slovensku<\/strong> kupuj\u00facich h\u013eadaj\u00facich odl\u00ed\u0161enie na <strong data-start=\"952\" data-end=\"975\">n\u00edzku ve\u013ekoobchodn\u00fa cenu<\/strong>.<\/p>\n<p data-start=\"978\" data-end=\"1308\">ve\u013ekom <strong data-start=\"986\" data-end=\"1012\">22000 \u0165ahov<\/strong>, v kombin\u00e1cii so stabiln\u00fdm <strong data-start=\"1037\" data-end=\"1050\">1,0\u03a9 jadrom<\/strong>, zabezpe\u010duje konzistentn\u00fd v\u00fdstup pary a pr\u00edchute po\u010das cel\u00e9ho cyklu potiahnutia. The <strong data-start=\"1127\" data-end=\"1179\">850mAh dob\u00edjate\u013en\u00e1 bat\u00e9ria s nab\u00edjan\u00edm cez Type-C<\/strong> je prisp\u00f4soben\u00e1 objemu oleja, tak\u017ee pou\u017e\u00edvatelia m\u00f4\u017eu dokon\u010di\u0165 tekutinu bez straty v\u00fdkonu\u2014zn\u00ed\u017eenie s\u0165a\u017enost\u00ed a vr\u00e1ten\u00ed na maloobchodnej \u00farovni.<\/p>\n<p data-start=\"1310\" data-end=\"1559\">Vstavan\u00fd <strong data-start=\"1323\" data-end=\"1337\">LED displej<\/strong> jasne zobrazuje stav bat\u00e9rie a e-liquidu, \u010d\u00edm tento model predstavuje ako pr\u00e9miov\u00fd <strong data-start=\"1420\" data-end=\"1440\">vape s displejom<\/strong> z\u00e1rove\u0148 udr\u017eiava jednoduch\u00fa prev\u00e1dzku. Kompaktn\u00e9 rozmery tie\u017e pom\u00e1haj\u00fa predajcom optimalizova\u0165 priestor na reg\u00e1li a efekt\u00edvnos\u0165 hromadnej dopravy.<\/p>\n<p data-start=\"1561\" data-end=\"1812\">Pre distrib\u00fatorov h\u013eadaj\u00facich spo\u013eahliv\u00fa <strong data-start=\"1597\" data-end=\"1612\">AIVONO vape<\/strong> s potenci\u00e1lom na opakovan\u00e9 objedn\u00e1vky, AVN MATE 120k prin\u00e1\u0161a v\u00fdkon, rozmanitos\u0165 pr\u00edchut\u00ed a cenov\u00fa priaznivos\u0165 zisku.<br data-start=\"1733\" data-end=\"1736\" \/><strong data-start=\"1739\" data-end=\"1812\">Kontaktujte n\u00e1s teraz pre ve\u013ekoobchod s vapami za n\u00edzke ceny a ve\u013ekoobchodn\u00e9 z\u00e1sobovanie na Slovensku.<\/strong><\/p>\n<p><strong><span style=\"color: #ff0000;\">Pridajte si Amy na WhatsApp a z\u00edskajte okam\u017eit\u00fa odpove\u010f a kup\u00f3n na vape!<\/span><\/strong><\/p>\n<p><img fetchpriority=\"high\" decoding=\"async\" class=\"size-full wp-image-2932\" src=\"https:\/\/vapestornado.com\/wp-content\/uploads\/2024\/12\/Vape-Wholesale.jpg\" alt=\"Ve\u013ekoobchod s vape\" width=\"229\" height=\"300\" \/><\/p>\n<h3><a href=\"https:\/\/wa.me\/8617776015835\" target=\"_blank\" rel=\"noopener\"><span style=\"color: #ff0000;\"><strong>WhatsApp: +86 17776015835<\/strong><\/span><\/a><\/h3>\n<h2><strong>AIVONO AVN MATE 120k Funkcie produktu \u00a0Pufy<\/strong><\/h2>\n<div>\n<ul>\n<li data-start=\"1887\" data-end=\"1985\">\n<p data-start=\"1889\" data-end=\"1985\"><strong data-start=\"1889\" data-end=\"1907\">120 000 Pufov:<\/strong> Skuto\u010dn\u00e1 vysokopufov\u00e1 \u0161trukt\u00fara navrhnut\u00e1 na dlhodob\u00e9 pou\u017e\u00edvanie a menej v\u00fdmeny.<\/p>\n<\/li>\n<li data-start=\"1986\" data-end=\"2096\">\n<p data-start=\"1988\" data-end=\"2096\"><strong data-start=\"1988\" data-end=\"2018\">Dvojit\u00fd syst\u00e9m chuti 2 v 1:<\/strong> Dve chute v jednom zariaden\u00ed s okam\u017eit\u00fdm prep\u00ednan\u00edm pre vy\u0161\u0161iu retenciu pou\u017e\u00edvate\u013ea.<\/p>\n<\/li>\n<li data-start=\"2097\" data-end=\"2203\">\n<p data-start=\"2099\" data-end=\"2203\"><strong data-start=\"2099\" data-end=\"2126\">Kapacita e-liquidu 36 ml:<\/strong> Ve\u013ek\u00fd objem oleja podporuje stabiln\u00fd v\u00fdstup po\u010das celej \u017eivotnosti pufov.<\/p>\n<\/li>\n<li data-start=\"2204\" data-end=\"2301\">\n<p data-start=\"2206\" data-end=\"2301\"><strong data-start=\"2206\" data-end=\"2227\">Inteligentn\u00e1 LED obrazovka:<\/strong> Zobrazenie bat\u00e9rie a oleja v re\u00e1lnom \u010dase zlep\u0161uje pou\u017eite\u013enos\u0165 a d\u00f4veru v produkt.<\/p>\n<\/li>\n<li data-start=\"2302\" data-end=\"2419\">\n<p data-start=\"2304\" data-end=\"2419\"><strong data-start=\"2304\" data-end=\"2343\">Dob\u00edjate\u013en\u00e1 bat\u00e9ria typu C 850mAh:<\/strong> Vyv\u00e1\u017een\u00fd syst\u00e9m nap\u00e1jania zabezpe\u010duje \u00fapln\u00fa spotrebu e-liquidu bez prestojov.<\/p>\n<\/li>\n<\/ul>\n<figure id=\"attachment_4838\" aria-describedby=\"caption-attachment-4838\" style=\"width: 162px\" class=\"wp-caption alignnone\"><img decoding=\"async\" class=\"size-medium wp-image-4838\" src=\"https:\/\/vapestornado.com\/wp-content\/uploads\/2026\/01\/AIVONO-AVN-MATE-120k-120000-Puffs-Disposable-Vape-Low-Price-162x300.webp\" alt=\"AIVONO AVN MATE 120k 120000 Pufov Jednorazov\u00fd vaporiz\u00e9r N\u00edzka cena\" width=\"162\" height=\"300\" srcset=\"https:\/\/vapestornado.com\/wp-content\/uploads\/2026\/01\/AIVONO-AVN-MATE-120k-120000-Puffs-Disposable-Vape-Low-Price-162x300.webp 162w, https:\/\/vapestornado.com\/wp-content\/uploads\/2026\/01\/AIVONO-AVN-MATE-120k-120000-Puffs-Disposable-Vape-Low-Price-552x1024.webp 552w, https:\/\/vapestornado.com\/wp-content\/uploads\/2026\/01\/AIVONO-AVN-MATE-120k-120000-Puffs-Disposable-Vape-Low-Price-768x1425.webp 768w, https:\/\/vapestornado.com\/wp-content\/uploads\/2026\/01\/AIVONO-AVN-MATE-120k-120000-Puffs-Disposable-Vape-Low-Price-6x12.webp 6w, https:\/\/vapestornado.com\/wp-content\/uploads\/2026\/01\/AIVONO-AVN-MATE-120k-120000-Puffs-Disposable-Vape-Low-Price-600x1113.webp 600w, https:\/\/vapestornado.com\/wp-content\/uploads\/2026\/01\/AIVONO-AVN-MATE-120k-120000-Puffs-Disposable-Vape-Low-Price.webp 800w\" sizes=\"(max-width: 162px) 100vw, 162px\" \/><figcaption id=\"caption-attachment-4838\" class=\"wp-caption-text\">AIVONO AVN MATE 120k 120000 Pufov Jednorazov\u00fd vaporiz\u00e9r N\u00edzka cena<\/figcaption><\/figure>\n<\/div>\n<h2 class=\"product-title\"><strong>AIVONO AVN MATE 120k Zoznam pr\u00edchut\u00ed pufov<\/strong><\/h2>\n<ol data-start=\"2475\" data-end=\"2828\">\n<li data-start=\"2475\" data-end=\"2508\">\n<p data-start=\"2478\" data-end=\"2508\">\u010cere\u0161\u0148ov\u00e1 Cola + Mel\u00f3nov\u00e1 \u013eadov\u00e1<\/p>\n<\/li>\n<li data-start=\"2509\" data-end=\"2554\">\n<p data-start=\"2512\" data-end=\"2554\">Kivi, Passion Fruit, Guava + \u010cu\u010doriedkov\u00e1 \u013eadov\u00e1<\/p>\n<\/li>\n<li data-start=\"2555\" data-end=\"2584\">\n<p data-start=\"2558\" data-end=\"2584\">D\u00faha cukr\u00edky + P\u00e1n Blue<\/p>\n<\/li>\n<li data-start=\"2585\" data-end=\"2617\">\n<p data-start=\"2588\" data-end=\"2617\">Energetick\u00fd n\u00e1poj + Trojit\u00e9 mango<\/p>\n<\/li>\n<li data-start=\"2618\" data-end=\"2653\">\n<p data-start=\"2621\" data-end=\"2653\">Jahodovo-ban\u00e1nov\u00e1 + Ru\u017eov\u00e1 citr\u00f3nov\u00e1<\/p>\n<\/li>\n<li data-start=\"2654\" data-end=\"2691\">\n<p data-start=\"2657\" data-end=\"2691\">\u010cu\u010doriedka, Malina + Citr\u00f3nov\u00e1 m\u00e4ta<\/p>\n<\/li>\n<li data-start=\"2692\" data-end=\"2734\">\n<p data-start=\"2695\" data-end=\"2734\">Jahodov\u00e1 mel\u00f3nov\u00e1 + Anan\u00e1sov\u00e1 \u013eadov\u00e1<\/p>\n<\/li>\n<li data-start=\"2735\" data-end=\"2768\">\n<p data-start=\"2738\" data-end=\"2768\">Anan\u00e1s, Pomaran\u010d, Limeta + M\u00e4ta<\/p>\n<\/li>\n<li data-start=\"2769\" data-end=\"2796\">\n<p data-start=\"2772\" data-end=\"2796\">Lemon Lime + Grape Ice<\/p>\n<\/li>\n<li data-start=\"2797\" data-end=\"2828\">\n<p data-start=\"2801\" data-end=\"2828\">Gumen\u00e9 medvede + Zmie\u0161an\u00e9 bobule<\/p>\n<h2 data-start=\"2835\" data-end=\"2886\">Pre\u010do ve\u013ekoobchodn\u00ed kupuj\u00faci volia AIVONO AVN MATE 120k<\/h2>\n<ul data-start=\"2888\" data-end=\"3159\">\n<li data-start=\"2888\" data-end=\"2950\">\n<p data-start=\"2890\" data-end=\"2950\">Dvojit\u00fd dizajn chuti zvy\u0161uje atraktivitu na reg\u00e1li a opakovan\u00e9 predaje<\/p>\n<\/li>\n<li data-start=\"2951\" data-end=\"3020\">\n<p data-start=\"2953\" data-end=\"3020\">Vysok\u00fd po\u010det pufov zni\u017euje frekvenciu v\u00fdmeny a riziko po predaji<\/p>\n<\/li>\n<li data-start=\"3021\" data-end=\"3091\">\n<p data-start=\"3023\" data-end=\"3091\">Inteligentn\u00fd displej prid\u00e1va pr\u00e9miov\u00fa hodnotu bez v\u00fdrazn\u00e9ho zv\u00fd\u0161enia n\u00e1kladov<\/p>\n<\/li>\n<li data-start=\"3092\" data-end=\"3159\">\n<p data-start=\"3094\" data-end=\"3159\">Ide\u00e1lne pre <strong data-start=\"3104\" data-end=\"3128\">ve\u013ekoobchod s vape na Slovensku<\/strong> a distribu\u010dn\u00e9 kan\u00e1ly E\u00da<\/p>\n<\/li>\n<\/ul>\n<\/li>\n<\/ol>\n<div class=\"flex-shrink-0 flex flex-col relative items-end\">\n<div class=\"pt-0\">\n<div class=\"gizmo-bot-avatar flex h-8 w-8 items-center justify-center overflow-hidden rounded-full\">\n<div class=\"relative p-1 rounded-sm flex items-center justify-center bg-token-main-surface-primary text-token-text-primary h-8 w-8\">\n<h2 data-start=\"1200\" data-end=\"1487\">Vapes Tornado \u2013 V\u00e1\u0161 ve\u013ekoobchodn\u00fd online vapor shop pre ob\u013e\u00faben\u00e9 vaporiz\u00e9ry<\/h2>\n<p data-start=\"72\" data-end=\"396\"><strong data-start=\"72\" data-end=\"89\">Vapes Tornado<\/strong> je ve\u013ekoobchodn\u00fd online vapor shop so zameran\u00edm na Eur\u00f3pu, ktor\u00fd dod\u00e1va starostlivo vybran\u00fd sortiment <strong data-start=\"178\" data-end=\"195\">ob\u013e\u00faben\u00fdch vaporiz\u00e9rov<\/strong> pre profesion\u00e1lnych kupuj\u00facich. Spolupracujeme s predajcami, distrib\u00fatormi a online obchodmi po celej E\u00da, ktor\u00ed potrebuj\u00fa stabiln\u00fd dod\u00e1vky, jasn\u00e9 inform\u00e1cie o produktoch a zna\u010dky, ktor\u00e9 z\u00e1kazn\u00edci u\u017e poznaj\u00fa a d\u00f4veruj\u00fa im.<\/p>\n<p data-start=\"398\" data-end=\"687\">Pracujeme s d\u00f4veryhodn\u00fdmi menami ako <strong data-start=\"247\" data-end=\"352\"><a href=\"https:\/\/vapestornado.com\/sk\/product\/randm-12000-puffs-fumot-digital-disposable-vape-wholesale-price\/\">Fumot VAPE<\/a>, <a href=\"https:\/\/vapestornado.com\/sk\/product\/original-wga-ultra-35k-35000-puff-rechargeable-crystal-disposable-nicotine-vape-best-discount-price\/\">WGA VAPE<\/a>, <a href=\"https:\/\/vapestornado.com\/sk\/product\/vozol-gear-shisha-25k-25000-puffs-best-dtl-disposable-vape-hookah-cheap-price\/\">VOZOL BAR VAPE<\/a>, <\/strong><strong data-start=\"247\" data-end=\"352\">Elf Bar Vape, WASPE Vape, <a href=\"https:\/\/vapestornado.com\/sk\/product\/uzy-150k-puffs-6-in-1-flavor-switch-disposable-vape-pen-wholesale\/\">UZY Vape<\/a>, Bang Vape, Razz Bar Vape, a Stag Bar Vape<\/strong>, vybran\u00e9 pre konzistentn\u00fa kvalitu a siln\u00fd dopyt na eur\u00f3pskom trhu.<\/p>\n<h4 data-start=\"1080\" data-end=\"1120\">Vyvinut\u00e9 pre ve\u013ekoobchod eur\u00f3pskych vap\u00e9rov<\/h4>\n<p data-start=\"1121\" data-end=\"1189\">Vapes Tornado je \u0161trukt\u00farovan\u00fd okolo skuto\u010dn\u00fdch potrieb ve\u013ekoobchodn\u00edkov v E\u00da:<\/p>\n<ul data-start=\"1190\" data-end=\"1400\">\n<li data-start=\"1190\" data-end=\"1239\">\n<p data-start=\"1192\" data-end=\"1239\">Konkurencieschopn\u00e9 ve\u013ekoobchodn\u00e9 ceny pre hromadn\u00e9 objedn\u00e1vky<\/p>\n<\/li>\n<li data-start=\"1240\" data-end=\"1289\">\n<p data-start=\"1242\" data-end=\"1289\">Jasn\u00e9 popisy produktov a \u0161pecifik\u00e1cie<\/p>\n<\/li>\n<li data-start=\"1290\" data-end=\"1330\">\n<p data-start=\"1292\" data-end=\"1330\">R\u00fdchla, spo\u013eahliv\u00e1 logistika orientovan\u00e1 na E\u00da<\/p>\n<\/li>\n<li data-start=\"1331\" data-end=\"1400\">\n<p data-start=\"1333\" data-end=\"1400\">Katal\u00f3g zameran\u00fd na <strong data-start=\"1356\" data-end=\"1373\">ob\u013e\u00faben\u00fdch vaporiz\u00e9rov<\/strong>, nie na preplnen\u00e9 SKU<\/p>\n<\/li>\n<\/ul>\n<h2 data-start=\"2064\" data-end=\"2115\">\u010casto kladen\u00e9 ot\u00e1zky o AIVONO AVN MATE 120k Puffs Jednorazov\u00e1 vaporiz\u00e9r<\/h2>\n<p data-start=\"3198\" data-end=\"3373\"><strong data-start=\"3198\" data-end=\"3260\">1. Je AIVONO AVN MATE 120k skuto\u010dne zariadenie s 120 000 pufmi?<\/strong><br data-start=\"3260\" data-end=\"3263\" \/>\u00c1no, je navrhnut\u00e9 s kompatibilnou bat\u00e9riou a olejov\u00fdm syst\u00e9mom na podporu cel\u00e9ho rozsahu pufov pri be\u017enom pou\u017e\u00edvan\u00ed.<\/p>\n<p data-start=\"3375\" data-end=\"3514\"><strong data-start=\"3375\" data-end=\"3419\">2. Ako funguje syst\u00e9m dvojitej chuti?<\/strong><br data-start=\"3419\" data-end=\"3422\" \/>Pou\u017e\u00edvatelia m\u00f4\u017eu prep\u00edna\u0165 medzi dvoma chu\u0165ami zabudovan\u00fdmi v rovnakom zariaden\u00ed bez mie\u0161ania alebo dop\u013a\u0148ania.<\/p>\n<p data-start=\"3516\" data-end=\"3619\"><strong data-start=\"3516\" data-end=\"3562\">3. Je toto dob\u00edjate\u013en\u00e1 jednorazov\u00e1 vaporiz\u00e9r?<\/strong><br data-start=\"3562\" data-end=\"3565\" \/>\u00c1no, m\u00e1 dob\u00edjate\u013en\u00fa bat\u00e9riu typu C s kapacitou 850mAh.<\/p>\n<p data-start=\"3621\" data-end=\"3727\"><strong data-start=\"3621\" data-end=\"3666\">4. Ak\u00e9 s\u00fa dostupn\u00e9 sily nikot\u00ednu?<\/strong><br data-start=\"3666\" data-end=\"3669\" \/>Zariadenie je dostupn\u00e9 v <strong data-start=\"3696\" data-end=\"3726\">2% a 5% nikot\u00ednov\u00e9 varianty<\/strong>.<\/p>\n<p data-start=\"3729\" data-end=\"3888\"><strong data-start=\"3729\" data-end=\"3789\">5. Je toto vhodn\u00e9 na ve\u013ekoobchodn\u00fa distrib\u00faciu na Slovensku?<\/strong><br data-start=\"3789\" data-end=\"3792\" \/>\u00c1no, dizajn, cena a \u0161trukt\u00fara chuti s\u00fa vhodn\u00e9 pre ve\u013ekoobchodn\u00fd trh na Slovensku.<\/p>\n<\/div>\n<\/div>\n<\/div>\n<\/div>","protected":false},"excerpt":{"rendered":"<div class=\"flex max-w-full flex-col grow\">\n<div class=\"min-h-8 text-message relative flex w-full flex-col items-end gap-2 text-start break-words whitespace-normal [.text-message+&amp;]:mt-1\" dir=\"auto\" data-message-author-role=\"assistant\" data-message-id=\"2a9d6edf-5b3a-41c0-afc9-caef2e4c2c3b\" data-message-model-slug=\"gpt-5-2\">\n<div class=\"flex w-full flex-col gap-1 empty:hidden first:pt-[1px]\">\n<div class=\"markdown prose dark:prose-invert w-full break-words light markdown-new-styling\">\n<p data-start=\"4127\" data-end=\"4213\"><strong data-start=\"4127\" data-end=\"4211\">AIVONO AVN MATE 120k Jednor\u00e1zov\u00fd vaporiz\u00e9r s dvoma pr\u00edchu\u0165ami a displejom pre ve\u013ekoobchod v Slovenskej republike<\/strong><\/p>\n<p data-start=\"4217\" data-end=\"4296\"><strong data-start=\"4217\" data-end=\"4294\">AIVONO AVN MATE 120000 potiahnut\u00ed 2 v 1 Jednor\u00e1zov\u00fd vaporiz\u00e9r za n\u00edzku cenu ve\u013ekoobchodn\u00e9 z\u00e1soby<\/strong><\/p>\n<p data-start=\"4300\" data-end=\"4384\"><strong data-start=\"4300\" data-end=\"4384\">AIVONO AVN MATE 120k nastavite\u013en\u00e1 pr\u00edchu\u0165 Jednor\u00e1zov\u00e1 elektronick\u00e1 cigareta pre ve\u013ekoobchod s vapormi<\/strong><\/p>\n<\/div>\n<\/div>\n<\/div>\n<\/div>\n<p><strong>Pridajte si Amy na whatsapp, aby ste dostali spr\u00e1vnu odpove\u010f a z\u013eavnen\u00fa cenu!<\/strong><\/p>\n<p><img fetchpriority=\"high\" decoding=\"async\" class=\"size-full wp-image-2932\" src=\"https:\/\/vapestornado.com\/wp-content\/uploads\/2024\/12\/Vape-Wholesale.jpg\" alt=\"Ve\u013ekoobchod s vape\" width=\"229\" height=\"300\" \/><\/p>\n<h3><a href=\"https:\/\/wa.me\/8617776015835\"><span style=\"color: #ff0000;\"><strong>WhatsApp: +86 17776015835<\/strong><\/span><\/a><\/h3>","protected":false},"featured_media":4837,"comment_status":"open","ping_status":"closed","template":"","meta":{"_acf_changed":false,"_uag_custom_page_level_css":"","_lmt_disableupdate":"no","_lmt_disable":"","_monsterinsights_skip_tracking":false,"_monsterinsights_sitenote_active":false,"_monsterinsights_sitenote_note":"","_monsterinsights_sitenote_category":0,"site-sidebar-layout":"default","site-content-layout":"","ast-site-content-layout":"default","site-content-style":"default","site-sidebar-style":"default","ast-global-header-display":"","ast-banner-title-visibility":"","ast-main-header-display":"","ast-hfb-above-header-display":"","ast-hfb-below-header-display":"","ast-hfb-mobile-header-display":"","site-post-title":"","ast-breadcrumbs-content":"","ast-featured-img":"","footer-sml-layout":"","ast-disable-related-posts":"","theme-transparent-header-meta":"default","adv-header-id-meta":"","stick-header-meta":"","header-above-stick-meta":"","header-main-stick-meta":"","header-below-stick-meta":"","astra-migrate-meta-layouts":"set","ast-page-background-enabled":"default","ast-page-background-meta":{"desktop":{"background-color":"","background-image":"","background-repeat":"repeat","background-position":"center center","background-size":"auto","background-attachment":"scroll","background-type":"","background-media":"","overlay-type":"","overlay-color":"","overlay-opacity":"","overlay-gradient":""},"tablet":{"background-color":"","background-image":"","background-repeat":"repeat","background-position":"center center","background-size":"auto","background-attachment":"scroll","background-type":"","background-media":"","overlay-type":"","overlay-color":"","overlay-opacity":"","overlay-gradient":""},"mobile":{"background-color":"","background-image":"","background-repeat":"repeat","background-position":"center center","background-size":"auto","background-attachment":"scroll","background-type":"","background-media":"","overlay-type":"","overlay-color":"","overlay-opacity":"","overlay-gradient":""}},"ast-content-background-meta":{"desktop":{"background-color":"var(--ast-global-color-5)","background-image":"","background-repeat":"repeat","background-position":"center center","background-size":"auto","background-attachment":"scroll","background-type":"","background-media":"","overlay-type":"","overlay-color":"","overlay-opacity":"","overlay-gradient":""},"tablet":{"background-color":"var(--ast-global-color-5)","background-image":"","background-repeat":"repeat","background-position":"center center","background-size":"auto","background-attachment":"scroll","background-type":"","background-media":"","overlay-type":"","overlay-color":"","overlay-opacity":"","overlay-gradient":""},"mobile":{"background-color":"var(--ast-global-color-5)","background-image":"","background-repeat":"repeat","background-position":"center center","background-size":"auto","background-attachment":"scroll","background-type":"","background-media":"","overlay-type":"","overlay-color":"","overlay-opacity":"","overlay-gradient":""}},"_joinchat":[]},"product_brand":[],"product_cat":[347,176,150,152,153,158,141,142,492,144,146],"product_tag":[567,563,562,564,195,566,565,522,269],"class_list":{"0":"post-4842","1":"product","2":"type-product","3":"status-publish","4":"has-post-thumbnail","6":"product_cat-120000-puff","7":"product_cat-aivono-vape","8":"product_cat-buy-disposable-vapes-in-belgium","9":"product_cat-buy-disposable-vapes-in-cermany","10":"product_cat-buy-disposable-vapes-in-italy","11":"product_cat-buy-disposable-vapes-in-spain","12":"product_cat-crystal-disposable-vapes","13":"product_cat-digital-box-disposable-vapes","14":"product_cat-eu-warehouse","15":"product_cat-low-nicotine-disposable-vapes","16":"product_cat-rechargeable-disposable-vapes","17":"product_tag-2-in-1-flavor","18":"product_tag-aivono-avn-mate-120000","19":"product_tag-aivono-avn-mate-120k","20":"product_tag-aivono-vape","21":"product_tag-dual-flavor-disposable-vape","22":"product_tag-puff-120k","23":"product_tag-vape-wholesale-at-low-price","24":"product_tag-vape-wholesale-italy","25":"product_tag-vape-with-screen","26":"desktop-align-left","27":"tablet-align-left","28":"mobile-align-left","30":"first","31":"instock","32":"sale","33":"shipping-taxable","34":"purchasable","35":"product-type-simple"},"acf":[],"uagb_featured_image_src":{"full":["https:\/\/vapestornado.com\/wp-content\/uploads\/2026\/01\/AIVONO-AVN-MATE-120k-120000-Puffs-Disposable-Vape-Double-Flaovr.webp",800,800,false],"thumbnail":["https:\/\/vapestornado.com\/wp-content\/uploads\/2026\/01\/AIVONO-AVN-MATE-120k-120000-Puffs-Disposable-Vape-Double-Flaovr-150x150.webp",150,150,true],"medium":["https:\/\/vapestornado.com\/wp-content\/uploads\/2026\/01\/AIVONO-AVN-MATE-120k-120000-Puffs-Disposable-Vape-Double-Flaovr-300x300.webp",300,300,true],"medium_large":["https:\/\/vapestornado.com\/wp-content\/uploads\/2026\/01\/AIVONO-AVN-MATE-120k-120000-Puffs-Disposable-Vape-Double-Flaovr-768x768.webp",768,768,true],"large":["https:\/\/vapestornado.com\/wp-content\/uploads\/2026\/01\/AIVONO-AVN-MATE-120k-120000-Puffs-Disposable-Vape-Double-Flaovr.webp",800,800,false],"1536x1536":["https:\/\/vapestornado.com\/wp-content\/uploads\/2026\/01\/AIVONO-AVN-MATE-120k-120000-Puffs-Disposable-Vape-Double-Flaovr.webp",800,800,false],"2048x2048":["https:\/\/vapestornado.com\/wp-content\/uploads\/2026\/01\/AIVONO-AVN-MATE-120k-120000-Puffs-Disposable-Vape-Double-Flaovr.webp",800,800,false],"trp-custom-language-flag":["https:\/\/vapestornado.com\/wp-content\/uploads\/2026\/01\/AIVONO-AVN-MATE-120k-120000-Puffs-Disposable-Vape-Double-Flaovr-12x12.webp",12,12,true],"woocommerce_thumbnail":["https:\/\/vapestornado.com\/wp-content\/uploads\/2026\/01\/AIVONO-AVN-MATE-120k-120000-Puffs-Disposable-Vape-Double-Flaovr-300x300.webp",300,300,true],"woocommerce_single":["https:\/\/vapestornado.com\/wp-content\/uploads\/2026\/01\/AIVONO-AVN-MATE-120k-120000-Puffs-Disposable-Vape-Double-Flaovr-600x600.webp",600,600,true],"woocommerce_gallery_thumbnail":["https:\/\/vapestornado.com\/wp-content\/uploads\/2026\/01\/AIVONO-AVN-MATE-120k-120000-Puffs-Disposable-Vape-Double-Flaovr-100x100.webp",100,100,true]},"uagb_author_info":{"display_name":"ESAMY","author_link":"https:\/\/vapestornado.com\/sk\/author\/"},"uagb_comment_info":0,"uagb_excerpt":"AIVONO AVN MATE 120k Dual Flavor Disposable Vape with Screen for Italy Wholesale AIVONO AVN MATE 120000 Puffs 2 in 1 Disposable Vape Low Price Bulk Supply AIVONO AVN MATE 120k Adjustable Flavor Disposable E-Cigarette for Vape Wholesale Add Amy's whatsapp to get right reply and discount price! WhatsApp: +86 17776015835","_links":{"self":[{"href":"https:\/\/vapestornado.com\/sk\/wp-json\/wp\/v2\/product\/4842","targetHints":{"allow":["GET"]}}],"collection":[{"href":"https:\/\/vapestornado.com\/sk\/wp-json\/wp\/v2\/product"}],"about":[{"href":"https:\/\/vapestornado.com\/sk\/wp-json\/wp\/v2\/types\/product"}],"replies":[{"embeddable":true,"href":"https:\/\/vapestornado.com\/sk\/wp-json\/wp\/v2\/comments?post=4842"}],"wp:featuredmedia":[{"embeddable":true,"href":"https:\/\/vapestornado.com\/sk\/wp-json\/wp\/v2\/media\/4837"}],"wp:attachment":[{"href":"https:\/\/vapestornado.com\/sk\/wp-json\/wp\/v2\/media?parent=4842"}],"wp:term":[{"taxonomy":"product_brand","embeddable":true,"href":"https:\/\/vapestornado.com\/sk\/wp-json\/wp\/v2\/product_brand?post=4842"},{"taxonomy":"product_cat","embeddable":true,"href":"https:\/\/vapestornado.com\/sk\/wp-json\/wp\/v2\/product_cat?post=4842"},{"taxonomy":"product_tag","embeddable":true,"href":"https:\/\/vapestornado.com\/sk\/wp-json\/wp\/v2\/product_tag?post=4842"}],"curies":[{"name":"wp","href":"https:\/\/api.w.org\/{rel}","templated":true}]}}