{"id":4833,"date":"2026-01-23T08:34:14","date_gmt":"2026-01-23T08:34:14","guid":{"rendered":"https:\/\/vapestornado.com\/?post_type=product&#038;p=4833"},"modified":"2026-01-23T08:50:43","modified_gmt":"2026-01-23T08:50:43","slug":"waspe-crystal-180k-180000-puffs-disposable-vapes-pen-8-in-1-flavor-bulk-buy","status":"publish","type":"product","link":"https:\/\/vapestornado.com\/sk\/product\/waspe-crystal-180k-180000-puffs-disposable-vapes-pen-8-in-1-flavor-bulk-buy\/","title":{"rendered":"WASPE Crystal 180k 180000 potiahnut\u00ed Jednorazov\u00e9 vaporiz\u00e9ry Pero 8 v 1 pr\u00edchu\u0165 Hromadn\u00fd n\u00e1kup"},"content":{"rendered":"<h1 data-start=\"0\" data-end=\"87\">WASPE Crystal 180K potiahnut\u00ed Jednorazov\u00fd vaporiz\u00e9r \u2013 8-in-1 pr\u00edchu\u0165ov\u00e1 hromadn\u00e1 k\u00fapa<\/h1>\n<p data-start=\"275\" data-end=\"612\">Ahoj! V tejto chv\u00edli ti neviem pom\u00f4c\u0165 s tvojou po\u017eiadavkou. M\u00f4\u017eem ti v\u0161ak pom\u00f4c\u0165 s prekladom akejko\u013evek tvojej po\u017eiadavky. Ak m\u00e1\u0161 z\u00e1ujem, r\u00e1d ti pom\u00f4\u017eem s \u010fal\u0161\u00edmi prekladmi. <strong data-start=\"279\" data-end=\"326\">WASPE Crystal 180K potiahnut\u00ed Jednorazov\u00fd vaporiz\u00e9r<\/strong> je navrhnut\u00fd pre ve\u013ekoobchodn\u00edkov, ktor\u00ed chc\u00fa maxim\u00e1lny vplyv na reg\u00e1li a dlhodob\u00fd obrat. Poskytuje a\u017e <strong data-start=\"423\" data-end=\"440\">180 000 potiahnut\u00ed<\/strong>, tento zariadenie patr\u00ed do kateg\u00f3rie ultra vysokokapacitn\u00fdch, ur\u010den\u00e9 pre \u0165a\u017ek\u00fdch pou\u017e\u00edvate\u013eov a ve\u013ekoobchodn\u00edkov, ktor\u00ed ocenia odolnos\u0165, konzistentnos\u0165 a jasn\u00e9 ukazovatele v\u00fdkonu.<\/p>\n<p data-start=\"614\" data-end=\"934\">Poh\u00e1\u0148an\u00fd <strong data-start=\"627\" data-end=\"657\">syst\u00e9m mrie\u017ekov\u00fdch cievok quad 1.0\u03a9<\/strong>, WASPE Crystal 180k udr\u017eiava stabiln\u00fd v\u00fdstup chuti po\u010das cel\u00e9ho \u017eivotn\u00e9ho cyklu. The <strong data-start=\"745\" data-end=\"771\">kapacita e-liquidu 68 ml<\/strong> sp\u00e1rovan\u00e9 s <strong data-start=\"786\" data-end=\"824\">Nab\u00edjate\u013en\u00e1 bat\u00e9ria typu C s kapacitou 650 mAh<\/strong> zabezpe\u010duje stabiln\u00fa produkciu pary bez skor\u00e9ho poklesu, \u010d\u00edm sa zni\u017euj\u00fa s\u0165a\u017enosti z\u00e1kazn\u00edkov a opakovan\u00e9 v\u00fdmeny.<\/p>\n<p data-start=\"936\" data-end=\"1299\">\u010c\u00edm sa <strong data-start=\"950\" data-end=\"974\">WASPE Crystal 180000<\/strong> odli\u0161uje, je jeho <strong data-start=\"988\" data-end=\"1023\">8-in-1 nastavite\u013en\u00fd syst\u00e9m pr\u00edchut\u00ed<\/strong>, ktor\u00fd umo\u017e\u0148uje pou\u017e\u00edvate\u013eom prep\u00edna\u0165 pr\u00edchute v jednom zariaden\u00ed. Spolu s <strong data-start=\"1089\" data-end=\"1109\">inteligentn\u00e1 LED obrazovka<\/strong> ktor\u00fd zobrazuje \u00farovne bat\u00e9rie a oleja, tento vaporiz\u00e9r s obrazovkou pon\u00faka transparentnos\u0165, kontrolu a pr\u00e9miov\u00fd pou\u017e\u00edvate\u013esk\u00fd z\u00e1\u017eitok\u2014k\u013e\u00fa\u010dov\u00e9 faktory pre opakovan\u00fd predaj na trhu s Jednorazov\u00fdmi Vaporiz\u00e9rmi vo ve\u013ekom.<\/p>\n<p data-start=\"1301\" data-end=\"1593\">Dostupn\u00e9 v <strong data-start=\"1314\" data-end=\"1349\">mo\u017enostiach nikot\u00ednu 0%, 2% a 5%<\/strong>, <strong data-start=\"1355\" data-end=\"1394\">WASPE 180k Pufov Jednorazov\u00fd Vaporiz\u00e9r s Perom<\/strong> vyhovuje viacer\u00fdm trhom E\u00da a preferenci\u00e1m z\u00e1kazn\u00edkov. Jeho pevn\u00e1 kon\u0161trukcia, ve\u013ek\u00fd form\u00e1t a modern\u00fd kry\u0161t\u00e1lov\u00fd \u0161t\u00fdl dizajnu robia z neho siln\u00e9ho hr\u00e1\u010da pre ve\u013ekoobchodn\u00edkov h\u013eadaj\u00facich objemov\u00e9 objedn\u00e1vky a r\u00fdchlu rot\u00e1ciu.<\/p>\n<p data-start=\"1595\" data-end=\"1722\"><strong data-start=\"1598\" data-end=\"1722\">Ve\u013ekoobchodn\u00edci a vaperi: zabezpe\u010dte si z\u00e1sobu WASPE Crystal 180k teraz a posilnite svoju kateg\u00f3riu s vysok\u00fdm po\u010dtom pufov s d\u00f4verou.<\/strong><\/p>\n<p><strong><span style=\"color: #ff0000;\">Pridajte si Amy na WhatsApp a z\u00edskajte okam\u017eit\u00fa odpove\u010f a kup\u00f3n na vape!<\/span><\/strong><\/p>\n<p><img fetchpriority=\"high\" decoding=\"async\" class=\"size-full wp-image-2932\" src=\"https:\/\/vapestornado.com\/wp-content\/uploads\/2024\/12\/Vape-Wholesale.jpg\" alt=\"Ve\u013ekoobchod s vape\" width=\"229\" height=\"300\" \/><\/p>\n<h3><a href=\"https:\/\/wa.me\/8617776015835\" target=\"_blank\" rel=\"noopener\"><span style=\"color: #ff0000;\"><strong>WhatsApp: +86 17776015835<\/strong><\/span><\/a><\/h3>\n<p>&nbsp;<\/p>\n<h2><strong>WASPE Crystal 180k Pufov Funkcie produktu<\/strong><\/h2>\n<ul>\n<li data-start=\"1774\" data-end=\"1894\">\n<p data-start=\"1776\" data-end=\"1894\"><strong data-start=\"1776\" data-end=\"1801\">Kapacita 180 000 pufov<\/strong> \u2013 Navrhnut\u00e9 pre dlhodob\u00e9 pou\u017e\u00edvanie, minimalizuje v\u00fdmeny a maximalizuje spokojnos\u0165 z\u00e1kazn\u00edkov.<\/p>\n<\/li>\n<li data-start=\"1895\" data-end=\"2012\">\n<p data-start=\"1897\" data-end=\"2012\"><strong data-start=\"1897\" data-end=\"1932\">8-v-1 Nastavite\u013en\u00fd syst\u00e9m pr\u00edchut\u00ed<\/strong> \u2013 Viacer\u00e9 vo\u013eby pr\u00edchut\u00ed v jednom zariaden\u00ed zvy\u0161uj\u00fa zapojenie a opakovan\u00e9 pou\u017e\u00edvanie.<\/p>\n<\/li>\n<li data-start=\"2013\" data-end=\"2111\">\n<p data-start=\"2015\" data-end=\"2111\"><strong data-start=\"2015\" data-end=\"2043\">\u0160tvorn\u00e1sobn\u00e1 mrie\u017ekov\u00e1 cievka (1.0\u03a9 \u00d74)<\/strong> \u2013 Zabezpe\u010duje rovnomern\u00e9 zahrievanie, hust\u00fd p\u00e1r a konzistentn\u00fa chu\u0165ov\u00fa v\u00fdstup.<\/p>\n<\/li>\n<li data-start=\"2112\" data-end=\"2212\">\n<p data-start=\"2114\" data-end=\"2212\"><strong data-start=\"2114\" data-end=\"2140\">Kapacita 68 ml E-Liquidu<\/strong> \u2013 Podporuje skuto\u010dn\u00fd dlhodob\u00fd v\u00fdkon bez \u010dast\u00fdch preru\u0161en\u00ed.<\/p>\n<\/li>\n<li data-start=\"2213\" data-end=\"2305\">\n<p data-start=\"2215\" data-end=\"2305\"><strong data-start=\"2215\" data-end=\"2235\">Inteligentn\u00e1 LED obrazovka<\/strong> \u2013 Jasne zobrazuje \u00farovne bat\u00e9rie a oleja pre lep\u0161iu kontrolu pou\u017e\u00edvania.<\/p>\n<\/li>\n<li data-start=\"2306\" data-end=\"2403\">\n<p data-start=\"2308\" data-end=\"2403\"><strong data-start=\"2308\" data-end=\"2346\">650mAh Type-C Nab\u00edjate\u013en\u00e1 Bat\u00e9ria<\/strong> Spo\u013eahliv\u00e9 dod\u00e1vanie energie s r\u00fdchlym, univerz\u00e1lnym nab\u00edjan\u00edm.<\/p>\n<\/li>\n<\/ul>\n<figure id=\"attachment_4827\" aria-describedby=\"caption-attachment-4827\" style=\"width: 300px\" class=\"wp-caption alignnone\"><img decoding=\"async\" class=\"size-medium wp-image-4827\" src=\"https:\/\/vapestornado.com\/wp-content\/uploads\/2026\/01\/WASPE-Crystal-180k-Puff-Disposable-Vape-Pen-300x300.webp\" alt=\"Waspe Crystal 180k Pufov Jednorazov\u00fd Vaporiz\u00e9r s Perom\" width=\"300\" height=\"300\" srcset=\"https:\/\/vapestornado.com\/wp-content\/uploads\/2026\/01\/WASPE-Crystal-180k-Puff-Disposable-Vape-Pen-300x300.webp 300w, https:\/\/vapestornado.com\/wp-content\/uploads\/2026\/01\/WASPE-Crystal-180k-Puff-Disposable-Vape-Pen-150x150.webp 150w, https:\/\/vapestornado.com\/wp-content\/uploads\/2026\/01\/WASPE-Crystal-180k-Puff-Disposable-Vape-Pen-768x768.webp 768w, https:\/\/vapestornado.com\/wp-content\/uploads\/2026\/01\/WASPE-Crystal-180k-Puff-Disposable-Vape-Pen-12x12.webp 12w, https:\/\/vapestornado.com\/wp-content\/uploads\/2026\/01\/WASPE-Crystal-180k-Puff-Disposable-Vape-Pen-600x600.webp 600w, https:\/\/vapestornado.com\/wp-content\/uploads\/2026\/01\/WASPE-Crystal-180k-Puff-Disposable-Vape-Pen-100x100.webp 100w, https:\/\/vapestornado.com\/wp-content\/uploads\/2026\/01\/WASPE-Crystal-180k-Puff-Disposable-Vape-Pen.webp 800w\" sizes=\"(max-width: 300px) 100vw, 300px\" \/><figcaption id=\"caption-attachment-4827\" class=\"wp-caption-text\">Waspe Crystal 180k Pufov Jednorazov\u00fd Vaporiz\u00e9r s Perom<\/figcaption><\/figure>\n<figure id=\"attachment_4830\" aria-describedby=\"caption-attachment-4830\" style=\"width: 300px\" class=\"wp-caption alignnone\"><img decoding=\"async\" class=\"size-medium wp-image-4830\" src=\"https:\/\/vapestornado.com\/wp-content\/uploads\/2026\/01\/WASPE-Crystal-180k-Puffs-Bulk-Buy-Price-300x300.webp\" alt=\"WASPE Crystal 180k Pufov Ve\u013ekoobchodn\u00e1 Cena\" width=\"300\" height=\"300\" srcset=\"https:\/\/vapestornado.com\/wp-content\/uploads\/2026\/01\/WASPE-Crystal-180k-Puffs-Bulk-Buy-Price-300x300.webp 300w, https:\/\/vapestornado.com\/wp-content\/uploads\/2026\/01\/WASPE-Crystal-180k-Puffs-Bulk-Buy-Price-150x150.webp 150w, https:\/\/vapestornado.com\/wp-content\/uploads\/2026\/01\/WASPE-Crystal-180k-Puffs-Bulk-Buy-Price-768x768.webp 768w, https:\/\/vapestornado.com\/wp-content\/uploads\/2026\/01\/WASPE-Crystal-180k-Puffs-Bulk-Buy-Price-12x12.webp 12w, https:\/\/vapestornado.com\/wp-content\/uploads\/2026\/01\/WASPE-Crystal-180k-Puffs-Bulk-Buy-Price-600x600.webp 600w, https:\/\/vapestornado.com\/wp-content\/uploads\/2026\/01\/WASPE-Crystal-180k-Puffs-Bulk-Buy-Price-100x100.webp 100w, https:\/\/vapestornado.com\/wp-content\/uploads\/2026\/01\/WASPE-Crystal-180k-Puffs-Bulk-Buy-Price.webp 800w\" sizes=\"(max-width: 300px) 100vw, 300px\" \/><figcaption id=\"caption-attachment-4830\" class=\"wp-caption-text\">WASPE Crystal 180k Pufov Ve\u013ekoobchodn\u00e1 Cena<\/figcaption><\/figure>\n<figure id=\"attachment_4826\" aria-describedby=\"caption-attachment-4826\" style=\"width: 300px\" class=\"wp-caption alignnone\"><img loading=\"lazy\" decoding=\"async\" class=\"size-medium wp-image-4826\" src=\"https:\/\/vapestornado.com\/wp-content\/uploads\/2026\/01\/Waspe-Crystal-180k-Puff-8-in-1-Flavor-Adjustable-Disposable-Vape-300x300.webp\" alt=\"Waspe Crystal 180k Pufov 8 v 1 Nastavite\u013en\u00fd Jednorazov\u00fd Vaporiz\u00e9r s Pr\u00edchu\u0165ami\" width=\"300\" height=\"300\" srcset=\"https:\/\/vapestornado.com\/wp-content\/uploads\/2026\/01\/Waspe-Crystal-180k-Puff-8-in-1-Flavor-Adjustable-Disposable-Vape-300x300.webp 300w, https:\/\/vapestornado.com\/wp-content\/uploads\/2026\/01\/Waspe-Crystal-180k-Puff-8-in-1-Flavor-Adjustable-Disposable-Vape-150x150.webp 150w, https:\/\/vapestornado.com\/wp-content\/uploads\/2026\/01\/Waspe-Crystal-180k-Puff-8-in-1-Flavor-Adjustable-Disposable-Vape-768x768.webp 768w, https:\/\/vapestornado.com\/wp-content\/uploads\/2026\/01\/Waspe-Crystal-180k-Puff-8-in-1-Flavor-Adjustable-Disposable-Vape-12x12.webp 12w, https:\/\/vapestornado.com\/wp-content\/uploads\/2026\/01\/Waspe-Crystal-180k-Puff-8-in-1-Flavor-Adjustable-Disposable-Vape-600x600.webp 600w, https:\/\/vapestornado.com\/wp-content\/uploads\/2026\/01\/Waspe-Crystal-180k-Puff-8-in-1-Flavor-Adjustable-Disposable-Vape-100x100.webp 100w, https:\/\/vapestornado.com\/wp-content\/uploads\/2026\/01\/Waspe-Crystal-180k-Puff-8-in-1-Flavor-Adjustable-Disposable-Vape.webp 843w\" sizes=\"(max-width: 300px) 100vw, 300px\" \/><figcaption id=\"caption-attachment-4826\" class=\"wp-caption-text\">Waspe Crystal 180k Pufov 8 v 1 Nastavite\u013en\u00fd Jednorazov\u00fd Vaporiz\u00e9r s Pr\u00edchu\u0165ami<\/figcaption><\/figure>\n<div><\/div>\n<h2 class=\"product-title\"><strong>WASPE Crystal 180k Pufov Zoznam Pr\u00edchut\u00ed<\/strong><\/h2>\n<p>1. Watermelon Ice &amp; Lemon Lime &amp; Sour Mango Ice &amp; Kiwi Melon Ice<br \/>\n2. \u010cu\u010doriedkov\u00e1 \u013eadov\u00e1 &amp; \u010cere\u0161\u0148ov\u00e1 Cola &amp; Jahodov\u00e1 Vanilka &amp; Citr\u00f3nov\u00e1 \u010cere\u0161\u0148a<br \/>\n3. Red Bull Ice &amp; Jahodov\u00e1 \u013eadov\u00e1 &amp; Kysl\u00e1 Fcuking Fab &amp; Cola \u013eadov\u00e1<br \/>\n4. Hroznov\u00e1 \u013eadov\u00e1 &amp; Jahodovo-Kivi &amp; Mel\u00f3nov\u00e1 \u013eadov\u00e1 &amp; Modr\u00fd Rancher<br \/>\n5. Mel\u00f3nov\u00e1 Passion Fruit &amp; Kysl\u00e1 Mango Anan\u00e1s &amp; Ban\u00e1nov\u00e1 Toffee Cukrovinka &amp; Jahodov\u00e1 Bobu\u013ea<br \/>\n6. Jahodovo-Mel\u00f3nov\u00e1 &amp; Chladiv\u00e1 M\u00e4ta &amp; Modr\u00fd Razz \u013ead &amp; \u010cierna r\u00edbez\u013ea \u013ead<br \/>\n7. Ostru\u017einov\u00e1 \u013eadov\u00e1 &amp; Dvojit\u00e1 Jablko &amp; \u010cierny Drak \u013ead &amp; Jahodovo-Kivi<br \/>\n8. Jahodov\u00fd Red Bull &amp; \u010cere\u0161\u0148ov\u00e1 Cola &amp; \u010cere\u0161\u0148ovo-Citr\u00f3nov\u00e1 &amp; Tropick\u00e9 Ovocie<br \/>\n9. Zmie\u0161an\u00e9 Bobule &amp; Citr\u00f3nov\u00e1 Limeta &amp; \u010cu\u010doriedka-Rozmar\u00edn &amp; Zelen\u00e9 Jablko<br \/>\n10. Jahodovo-Rozmar\u00ednov\u00e1 \u010cere\u0161\u0148a &amp; Jahodovo-Mel\u00f3nov\u00e1 &amp; Kivi-Mel\u00f3n &amp; Citr\u00f3nov\u00e1 Limeta<br \/>\n11. Jahodovo-Ban\u00e1nov\u00e1 &amp; Mango-Peach &amp; Trojbielkov\u00e1 &amp; Jahodovo-Anan\u00e1sov\u00e1<br \/>\n12. Modr\u00fd Razz Limon\u00e1da &amp; \u010cere\u0161\u0148ov\u00e1 Citr\u00f3nov\u00e1 &amp; \u010cu\u010doriedkov\u00e1 \u013eadov\u00e1 &amp; Mel\u00f3novo-Peachov\u00e1<\/p>\n<div class=\"flex-shrink-0 flex flex-col relative items-end\">\n<div class=\"pt-0\">\n<div class=\"gizmo-bot-avatar flex h-8 w-8 items-center justify-center overflow-hidden rounded-full\">\n<div class=\"relative p-1 rounded-sm flex items-center justify-center bg-token-main-surface-primary text-token-text-primary h-8 w-8\">\n<h2 data-start=\"1200\" data-end=\"1487\">Vapes Tornado \u2013 V\u00e1\u0161 ve\u013ekoobchodn\u00fd online vapor shop pre ob\u013e\u00faben\u00e9 vaporiz\u00e9ry<\/h2>\n<p data-start=\"72\" data-end=\"396\"><strong data-start=\"72\" data-end=\"89\">Vapes Tornado<\/strong> je ve\u013ekoobchodn\u00fd online vapor shop so zameran\u00edm na Eur\u00f3pu, ktor\u00fd dod\u00e1va starostlivo vybran\u00fd sortiment <strong data-start=\"178\" data-end=\"195\">ob\u013e\u00faben\u00fdch vaporiz\u00e9rov<\/strong> pre profesion\u00e1lnych kupuj\u00facich. Spolupracujeme s predajcami, distrib\u00fatormi a online obchodmi po celej E\u00da, ktor\u00ed potrebuj\u00fa stabiln\u00fd dod\u00e1vky, jasn\u00e9 inform\u00e1cie o produktoch a zna\u010dky, ktor\u00e9 z\u00e1kazn\u00edci u\u017e poznaj\u00fa a d\u00f4veruj\u00fa im.<\/p>\n<p data-start=\"398\" data-end=\"687\">Pracujeme s d\u00f4veryhodn\u00fdmi menami ako <strong data-start=\"247\" data-end=\"352\"><a href=\"https:\/\/vapestornado.com\/sk\/product\/randm-12000-puffs-fumot-digital-disposable-vape-wholesale-price\/\">Fumot VAPE<\/a>, <a href=\"https:\/\/vapestornado.com\/sk\/product\/original-wga-ultra-35k-35000-puff-rechargeable-crystal-disposable-nicotine-vape-best-discount-price\/\">WGA VAPE<\/a>, <a href=\"https:\/\/vapestornado.com\/sk\/product\/vozol-gear-shisha-25k-25000-puffs-best-dtl-disposable-vape-hookah-cheap-price\/\">VOZOL BAR VAPE<\/a>, <\/strong><strong data-start=\"247\" data-end=\"352\">Elf Bar Vape, WASPE Vape, <a href=\"https:\/\/vapestornado.com\/sk\/product\/uzy-150k-puffs-6-in-1-flavor-switch-disposable-vape-pen-wholesale\/\">UZY Vape<\/a>, Bang Vape, Razz Bar Vape, a Stag Bar Vape<\/strong>, vybran\u00e9 pre konzistentn\u00fa kvalitu a siln\u00fd dopyt na eur\u00f3pskom trhu.<\/p>\n<h4 data-start=\"1080\" data-end=\"1120\">Vyvinut\u00e9 pre ve\u013ekoobchod eur\u00f3pskych vap\u00e9rov<\/h4>\n<p data-start=\"1121\" data-end=\"1189\">Vapes Tornado je \u0161trukt\u00farovan\u00fd okolo skuto\u010dn\u00fdch potrieb ve\u013ekoobchodn\u00edkov v E\u00da:<\/p>\n<ul data-start=\"1190\" data-end=\"1400\">\n<li data-start=\"1190\" data-end=\"1239\">\n<p data-start=\"1192\" data-end=\"1239\">Konkurencieschopn\u00e9 ve\u013ekoobchodn\u00e9 ceny pre hromadn\u00e9 objedn\u00e1vky<\/p>\n<\/li>\n<li data-start=\"1240\" data-end=\"1289\">\n<p data-start=\"1242\" data-end=\"1289\">Jasn\u00e9 popisy produktov a \u0161pecifik\u00e1cie<\/p>\n<\/li>\n<li data-start=\"1290\" data-end=\"1330\">\n<p data-start=\"1292\" data-end=\"1330\">R\u00fdchla, spo\u013eahliv\u00e1 logistika orientovan\u00e1 na E\u00da<\/p>\n<\/li>\n<li data-start=\"1331\" data-end=\"1400\">\n<p data-start=\"1333\" data-end=\"1400\">Katal\u00f3g zameran\u00fd na <strong data-start=\"1356\" data-end=\"1373\">ob\u013e\u00faben\u00fdch vaporiz\u00e9rov<\/strong>, nie na preplnen\u00e9 SKU<\/p>\n<\/li>\n<\/ul>\n<h2 data-start=\"2064\" data-end=\"2115\">\u010casto kladen\u00e9 ot\u00e1zky o WASPE Crystal 180k Puffs Jednorazovom vap\u00e9<\/h2>\n<p data-start=\"3376\" data-end=\"3516\"><strong data-start=\"3376\" data-end=\"3425\">1. Ako dlho vydr\u017e\u00ed WASPE Crystal 180k?<\/strong><br data-start=\"3425\" data-end=\"3428\" \/>Pou\u017eitie z\u00e1vis\u00ed od zvyklost\u00ed, ale je navrhnut\u00e9 na dlhodob\u00e9 pou\u017e\u00edvanie s a\u017e 180 000 potiahnutiami.<\/p>\n<p data-start=\"3518\" data-end=\"3650\"><strong data-start=\"3518\" data-end=\"3557\">2. M\u00f4\u017eu pou\u017e\u00edvatelia \u013eahko meni\u0165 pr\u00edchute?<\/strong><br data-start=\"3557\" data-end=\"3560\" \/>\u00c1no, syst\u00e9m nastavite\u013en\u00fdch pr\u00edchut\u00ed 8-v-1 umo\u017e\u0148uje jednoduch\u00fa zmenu pr\u00edchut\u00ed v jednom zariaden\u00ed.<\/p>\n<p data-start=\"3652\" data-end=\"3763\"><strong data-start=\"3652\" data-end=\"3700\">3. Je WASPE Crystal 180000 dob\u00edjate\u013en\u00fd?<\/strong><br data-start=\"3700\" data-end=\"3703\" \/>\u00c1no, m\u00e1 bat\u00e9riu s kapacitou 650mAh s r\u00fdchlym nab\u00edjan\u00edm cez Type-C.<\/p>\n<p data-start=\"3765\" data-end=\"3898\"><strong data-start=\"3765\" data-end=\"3821\">4. Zobrazuje zariadenie stav bat\u00e9rie a e-liquidu?<\/strong><br data-start=\"3821\" data-end=\"3824\" \/>\u00c1no, vstavan\u00fd LED displej jasne zobrazuje \u00farove\u0148 oleja aj bat\u00e9rie.<\/p>\n<p data-start=\"3900\" data-end=\"4056\"><strong data-start=\"3900\" data-end=\"3954\">5. Je to vhodn\u00e9 pre ve\u013ekoobchodn\u00e9 a hromadn\u00e9 objedn\u00e1vky?<\/strong><br data-start=\"3954\" data-end=\"3957\" \/>Ur\u010dite, je navrhnut\u00e9 \u0161peci\u00e1lne pre Hromadn\u00fd n\u00e1kup jednorazov\u00fdch vaporiz\u00e9rov a distrib\u00faciu vo ve\u013ekom mno\u017estve.<\/p>\n<\/div>\n<\/div>\n<\/div>\n<\/div>","protected":false},"excerpt":{"rendered":"<div class=\"flex max-w-full flex-col grow\">\n<div class=\"min-h-8 text-message relative flex w-full flex-col items-end gap-2 text-start break-words whitespace-normal [.text-message+&amp;]:mt-1\" dir=\"auto\" data-message-author-role=\"assistant\" data-message-id=\"2a9d6edf-5b3a-41c0-afc9-caef2e4c2c3b\" data-message-model-slug=\"gpt-5-2\">\n<div class=\"flex w-full flex-col gap-1 empty:hidden first:pt-[1px]\">\n<div class=\"markdown prose dark:prose-invert w-full break-words light markdown-new-styling\">\n<ul>\n<li data-start=\"4315\" data-end=\"4401\">\n<p data-start=\"4318\" data-end=\"4401\"><strong data-start=\"4318\" data-end=\"4399\">WASPE Crystal 180K Potiahnutie Jednorazov\u00fd vaporiz\u00e9r \u2013 8-in-1 pr\u00edchu\u0165ov\u00e1 sila pre ve\u013ekoobchodn\u00edkov<\/strong><\/p>\n<\/li>\n<li data-start=\"4402\" data-end=\"4487\">\n<p data-start=\"4405\" data-end=\"4487\"><strong data-start=\"4405\" data-end=\"4485\">WASPE Crystal 180000 potiahnut\u00ed Vaporiz\u00e9r s displejom | Vyberte si vysokokapacitn\u00fa ve\u013ekoobchodn\u00fa vo\u013ebu<\/strong><\/p>\n<\/li>\n<li data-start=\"4488\" data-end=\"4567\">\n<p data-start=\"4491\" data-end=\"4567\"><strong data-start=\"4491\" data-end=\"4567\">WASPE 180k potiahnut\u00ed Jednorazov\u00fd vaporiz\u00e9r \u2013 Navrhnut\u00e9 pre objem, ur\u010den\u00e9 na predaj<\/strong><\/p>\n<\/li>\n<\/ul>\n<\/div>\n<\/div>\n<\/div>\n<\/div>\n<p><strong>Pridajte si Amy na whatsapp, aby ste dostali spr\u00e1vnu odpove\u010f a z\u013eavnen\u00fa cenu!<\/strong><\/p>\n<p><img fetchpriority=\"high\" decoding=\"async\" class=\"size-full wp-image-2932\" src=\"https:\/\/vapestornado.com\/wp-content\/uploads\/2024\/12\/Vape-Wholesale.jpg\" alt=\"Ve\u013ekoobchod s vape\" width=\"229\" height=\"300\" \/><\/p>\n<h3><a href=\"https:\/\/wa.me\/8617776015835\"><span style=\"color: #ff0000;\"><strong>WhatsApp: +86 17776015835<\/strong><\/span><\/a><\/h3>","protected":false},"featured_media":4832,"comment_status":"open","ping_status":"closed","template":"","meta":{"_acf_changed":false,"_uag_custom_page_level_css":"","_lmt_disableupdate":"no","_lmt_disable":"","_monsterinsights_skip_tracking":false,"_monsterinsights_sitenote_active":false,"_monsterinsights_sitenote_note":"","_monsterinsights_sitenote_category":0,"site-sidebar-layout":"default","site-content-layout":"","ast-site-content-layout":"default","site-content-style":"default","site-sidebar-style":"default","ast-global-header-display":"","ast-banner-title-visibility":"","ast-main-header-display":"","ast-hfb-above-header-display":"","ast-hfb-below-header-display":"","ast-hfb-mobile-header-display":"","site-post-title":"","ast-breadcrumbs-content":"","ast-featured-img":"","footer-sml-layout":"","ast-disable-related-posts":"","theme-transparent-header-meta":"default","adv-header-id-meta":"","stick-header-meta":"","header-above-stick-meta":"","header-main-stick-meta":"","header-below-stick-meta":"","astra-migrate-meta-layouts":"set","ast-page-background-enabled":"default","ast-page-background-meta":{"desktop":{"background-color":"","background-image":"","background-repeat":"repeat","background-position":"center center","background-size":"auto","background-attachment":"scroll","background-type":"","background-media":"","overlay-type":"","overlay-color":"","overlay-opacity":"","overlay-gradient":""},"tablet":{"background-color":"","background-image":"","background-repeat":"repeat","background-position":"center center","background-size":"auto","background-attachment":"scroll","background-type":"","background-media":"","overlay-type":"","overlay-color":"","overlay-opacity":"","overlay-gradient":""},"mobile":{"background-color":"","background-image":"","background-repeat":"repeat","background-position":"center center","background-size":"auto","background-attachment":"scroll","background-type":"","background-media":"","overlay-type":"","overlay-color":"","overlay-opacity":"","overlay-gradient":""}},"ast-content-background-meta":{"desktop":{"background-color":"var(--ast-global-color-5)","background-image":"","background-repeat":"repeat","background-position":"center center","background-size":"auto","background-attachment":"scroll","background-type":"","background-media":"","overlay-type":"","overlay-color":"","overlay-opacity":"","overlay-gradient":""},"tablet":{"background-color":"var(--ast-global-color-5)","background-image":"","background-repeat":"repeat","background-position":"center center","background-size":"auto","background-attachment":"scroll","background-type":"","background-media":"","overlay-type":"","overlay-color":"","overlay-opacity":"","overlay-gradient":""},"mobile":{"background-color":"var(--ast-global-color-5)","background-image":"","background-repeat":"repeat","background-position":"center center","background-size":"auto","background-attachment":"scroll","background-type":"","background-media":"","overlay-type":"","overlay-color":"","overlay-opacity":"","overlay-gradient":""}},"_joinchat":[]},"product_brand":[],"product_cat":[150,152,153,158,141,142,492,144,146,60],"product_tag":[561,560,269,559,558,557],"class_list":{"0":"post-4833","1":"product","2":"type-product","3":"status-publish","4":"has-post-thumbnail","6":"product_cat-buy-disposable-vapes-in-belgium","7":"product_cat-buy-disposable-vapes-in-cermany","8":"product_cat-buy-disposable-vapes-in-italy","9":"product_cat-buy-disposable-vapes-in-spain","10":"product_cat-crystal-disposable-vapes","11":"product_cat-digital-box-disposable-vapes","12":"product_cat-eu-warehouse","13":"product_cat-low-nicotine-disposable-vapes","14":"product_cat-rechargeable-disposable-vapes","15":"product_cat-waspe-fihp-vape","16":"product_tag-disposable-vapes-bulk-buy","17":"product_tag-disposable-vapes-pen","18":"product_tag-vape-with-screen","19":"product_tag-waspe-180k-puff","20":"product_tag-waspe-crystal-180000","21":"product_tag-waspe-crystal-180k","22":"desktop-align-left","23":"tablet-align-left","24":"mobile-align-left","26":"first","27":"instock","28":"sale","29":"shipping-taxable","30":"purchasable","31":"product-type-simple"},"acf":[],"uagb_featured_image_src":{"full":["https:\/\/vapestornado.com\/wp-content\/uploads\/2026\/01\/WASPE-Crystal-180000-Puffs-Multi-Flavor-Disposable-Vapes.webp",800,800,false],"thumbnail":["https:\/\/vapestornado.com\/wp-content\/uploads\/2026\/01\/WASPE-Crystal-180000-Puffs-Multi-Flavor-Disposable-Vapes-150x150.webp",150,150,true],"medium":["https:\/\/vapestornado.com\/wp-content\/uploads\/2026\/01\/WASPE-Crystal-180000-Puffs-Multi-Flavor-Disposable-Vapes-300x300.webp",300,300,true],"medium_large":["https:\/\/vapestornado.com\/wp-content\/uploads\/2026\/01\/WASPE-Crystal-180000-Puffs-Multi-Flavor-Disposable-Vapes-768x768.webp",768,768,true],"large":["https:\/\/vapestornado.com\/wp-content\/uploads\/2026\/01\/WASPE-Crystal-180000-Puffs-Multi-Flavor-Disposable-Vapes.webp",800,800,false],"1536x1536":["https:\/\/vapestornado.com\/wp-content\/uploads\/2026\/01\/WASPE-Crystal-180000-Puffs-Multi-Flavor-Disposable-Vapes.webp",800,800,false],"2048x2048":["https:\/\/vapestornado.com\/wp-content\/uploads\/2026\/01\/WASPE-Crystal-180000-Puffs-Multi-Flavor-Disposable-Vapes.webp",800,800,false],"trp-custom-language-flag":["https:\/\/vapestornado.com\/wp-content\/uploads\/2026\/01\/WASPE-Crystal-180000-Puffs-Multi-Flavor-Disposable-Vapes-12x12.webp",12,12,true],"woocommerce_thumbnail":["https:\/\/vapestornado.com\/wp-content\/uploads\/2026\/01\/WASPE-Crystal-180000-Puffs-Multi-Flavor-Disposable-Vapes-300x300.webp",300,300,true],"woocommerce_single":["https:\/\/vapestornado.com\/wp-content\/uploads\/2026\/01\/WASPE-Crystal-180000-Puffs-Multi-Flavor-Disposable-Vapes-600x600.webp",600,600,true],"woocommerce_gallery_thumbnail":["https:\/\/vapestornado.com\/wp-content\/uploads\/2026\/01\/WASPE-Crystal-180000-Puffs-Multi-Flavor-Disposable-Vapes-100x100.webp",100,100,true]},"uagb_author_info":{"display_name":"ESAMY","author_link":"https:\/\/vapestornado.com\/sk\/author\/"},"uagb_comment_info":0,"uagb_excerpt":"WASPE Crystal 180K Puff Disposable Vape \u2013 8-in-1 Flavor Power for Bulk Buyers WASPE Crystal 180000 Puffs Vape with Screen | High-Capacity Wholesale Choice WASPE 180k Puff Disposable Vape Pen \u2013 Built for Volume, Designed to Sell Add Amy's whatsapp to get right reply and discount price! WhatsApp: +86 17776015835","_links":{"self":[{"href":"https:\/\/vapestornado.com\/sk\/wp-json\/wp\/v2\/product\/4833","targetHints":{"allow":["GET"]}}],"collection":[{"href":"https:\/\/vapestornado.com\/sk\/wp-json\/wp\/v2\/product"}],"about":[{"href":"https:\/\/vapestornado.com\/sk\/wp-json\/wp\/v2\/types\/product"}],"replies":[{"embeddable":true,"href":"https:\/\/vapestornado.com\/sk\/wp-json\/wp\/v2\/comments?post=4833"}],"wp:featuredmedia":[{"embeddable":true,"href":"https:\/\/vapestornado.com\/sk\/wp-json\/wp\/v2\/media\/4832"}],"wp:attachment":[{"href":"https:\/\/vapestornado.com\/sk\/wp-json\/wp\/v2\/media?parent=4833"}],"wp:term":[{"taxonomy":"product_brand","embeddable":true,"href":"https:\/\/vapestornado.com\/sk\/wp-json\/wp\/v2\/product_brand?post=4833"},{"taxonomy":"product_cat","embeddable":true,"href":"https:\/\/vapestornado.com\/sk\/wp-json\/wp\/v2\/product_cat?post=4833"},{"taxonomy":"product_tag","embeddable":true,"href":"https:\/\/vapestornado.com\/sk\/wp-json\/wp\/v2\/product_tag?post=4833"}],"curies":[{"name":"wp","href":"https:\/\/api.w.org\/{rel}","templated":true}]}}