{"id":4822,"date":"2026-01-22T08:52:40","date_gmt":"2026-01-22T08:52:40","guid":{"rendered":"https:\/\/vapestornado.com\/?post_type=product&#038;p=4822"},"modified":"2026-01-22T09:13:50","modified_gmt":"2026-01-22T09:13:50","slug":"vozol-neon-45000-puffs-45k-adjustable-ice-level-disposable-vape-pod","status":"publish","type":"product","link":"https:\/\/vapestornado.com\/sk\/product\/vozol-neon-45000-puffs-45k-adjustable-ice-level-disposable-vape-pod\/","title":{"rendered":"Vozol Neon 45000 Pufov 45k nastavite\u013en\u00e1 \u013eadov\u00e1 \u00farove\u0148 Jednorazov\u00e1 vape n\u00e1dr\u017eka"},"content":{"rendered":"<h1 data-start=\"0\" data-end=\"87\">Vozol Neon 45000 Pufov nastavite\u013en\u00e1 \u013eadov\u00e1 jednorazov\u00e1 vape n\u00e1dr\u017eka<\/h1>\n<p data-start=\"63\" data-end=\"414\">Ahoj! V tejto chv\u00edli ti neviem pom\u00f4c\u0165 s tvojou po\u017eiadavkou. M\u00f4\u017eem ti v\u0161ak pom\u00f4c\u0165 s prekladom akejko\u013evek tvojej po\u017eiadavky. Ak m\u00e1\u0161 z\u00e1ujem, r\u00e1d ti pom\u00f4\u017eem s \u010fal\u0161\u00edmi prekladmi. <strong data-start=\"67\" data-end=\"93\">Vozol Neon 45000 Pufov<\/strong> je navrhnut\u00e1 pre pou\u017e\u00edvate\u013eov, ktor\u00ed chc\u00fa dlh\u00fa v\u00fddr\u017e, jasn\u00fa kontrolu a stabiln\u00fa chu\u0165 od prv\u00e9ho \u0165ahu po posledn\u00fd. Navrhnut\u00e1 ako <strong data-start=\"217\" data-end=\"249\">vysokokvalitn\u00e1 jednorazov\u00e1 vape<\/strong>, dosahuje a\u017e <strong data-start=\"269\" data-end=\"285\">45 000 potiahnut\u00ed<\/strong> s nab\u00edjate\u013en\u00fdm syst\u00e9mom, \u010do z nej rob\u00ed spo\u013eahliv\u00fa vo\u013ebu pre \u0165a\u017ek\u00fdch pou\u017e\u00edvate\u013eov a ve\u013ekoobchodn\u00fdch kupuj\u00facich, ktor\u00ed klad\u00fa d\u00f4raz na hodnotu a v\u00fdkon.<\/p>\n<p data-start=\"416\" data-end=\"786\">Poh\u00e1\u0148an\u00fd <strong data-start=\"429\" data-end=\"468\">Nab\u00edjate\u013en\u00e1 bat\u00e9ria typu C s kapacitou 1 000 mAh<\/strong>, <strong data-start=\"474\" data-end=\"492\">Vozol Neon 45K<\/strong> zabezpe\u010duje \u00fapln\u00e9 vyu\u017eitie e-liquidu, nie jeho plytvanie. Zabudovan\u00fd <strong data-start=\"554\" data-end=\"574\">vape s displejom<\/strong> zobrazuje \u00farovne bat\u00e9rie a e-liquidu v re\u00e1lnom \u010dase, \u010do pou\u017e\u00edvate\u013eom pom\u00e1ha spravova\u0165 pou\u017e\u00edvanie bez h\u00e1dania. V kombin\u00e1cii s mrie\u017ekovou cievkou Vozol a technol\u00f3giou S.i.L.C. pr\u00edchute, ka\u017ed\u00fd \u0165ah zost\u00e1va konzistentn\u00fd, hladk\u00fd a pln\u00fd chuti.<\/p>\n<p data-start=\"788\" data-end=\"1345\">Ako <strong data-start=\"794\" data-end=\"828\">Nastavite\u013en\u00e1 \u013eadov\u00e1 jednorazov\u00e1 vape n\u00e1dr\u017eka<\/strong>, Vozol Neon 45000 umo\u017e\u0148uje pou\u017e\u00edvate\u013eom jemne doladi\u0165 \u00farove\u0148 chladenia tak, aby zodpovedala r\u00f4znym profilom chut\u00ed a osobn\u00fdm preferenci\u00e1m. S 20 ml predplnen\u00e9ho e-liquidu, silou nikot\u00ednu 2% a modern\u00fdm telom v \u0161t\u00fdle n\u00e1dr\u017eky, tento <strong data-start=\"1037\" data-end=\"1060\">Jednorazov\u00e1 vape n\u00e1dr\u017eka<\/strong> sp\u00e1ja siln\u00fd v\u00fdkon s denn\u00fdm komfortom. Pre distrib\u00fatorov a predajcov s\u00fa v\u00fdrobky Vozol zn\u00e1me stabilnou kvalitou, silnou zna\u010dkou a opakovanou dopytom.<br data-start=\"1235\" data-end=\"1238\" \/><strong data-start=\"1238\" data-end=\"1251\">Objednajte teraz<\/strong> a zabezpe\u010dte si dlhodob\u00fa, vybaven\u00fa displejom jednorazov\u00fa vape, ktor\u00e1 sp\u013a\u0148a dne\u0161n\u00e9 po\u017eiadavky trhu.<\/p>\n<p><strong><span style=\"color: #ff0000;\">Pridajte si Amy na WhatsApp a z\u00edskajte okam\u017eit\u00fa odpove\u010f a kup\u00f3n na vape!<\/span><\/strong><\/p>\n<p><img fetchpriority=\"high\" decoding=\"async\" class=\"size-full wp-image-2932\" src=\"https:\/\/vapestornado.com\/wp-content\/uploads\/2024\/12\/Vape-Wholesale.jpg\" alt=\"Ve\u013ekoobchod s vape\" width=\"229\" height=\"300\" \/><\/p>\n<h3><a href=\"https:\/\/wa.me\/8617776015835\" target=\"_blank\" rel=\"noopener\"><span style=\"color: #ff0000;\"><strong>WhatsApp: +86 17776015835<\/strong><\/span><\/a><\/h3>\n<p>&nbsp;<\/p>\n<h2><strong>Vozol Neon 45000 Pufov Funkcie produktu<\/strong><\/h2>\n<ul data-start=\"1939\" data-end=\"2435\">\n<li data-start=\"1939\" data-end=\"2042\">\n<p data-start=\"1941\" data-end=\"2042\"><strong data-start=\"1941\" data-end=\"1966\">Kapacita 45 000 pufov:<\/strong> Navrhnut\u00e9 na dlhodob\u00e9 pou\u017e\u00edvanie, zni\u017euje n\u00e1klady na v\u00fdmenu pre \u010dast\u00fdch vap\u00e9rikov.<\/p>\n<\/li>\n<li data-start=\"2043\" data-end=\"2145\">\n<p data-start=\"2045\" data-end=\"2145\"><strong data-start=\"2045\" data-end=\"2078\">Dob\u00edjate\u013en\u00e1 bat\u00e9ria 1000mAh:<\/strong> R\u00fdchle nab\u00edjanie cez Type-C zabezpe\u010duje pln\u00e9 vyu\u017eitie v\u0161etk\u00e9ho predplnen\u00e9ho e-liquidu.<\/p>\n<\/li>\n<li data-start=\"2146\" data-end=\"2238\">\n<p data-start=\"2148\" data-end=\"2238\"><strong data-start=\"2148\" data-end=\"2173\">Inteligentn\u00fd displej:<\/strong> Jasne ukazuje \u00farove\u0148 bat\u00e9rie a oleja pre lep\u0161iu kontrolu pou\u017e\u00edvania.<\/p>\n<\/li>\n<li data-start=\"2239\" data-end=\"2337\">\n<p data-start=\"2241\" data-end=\"2337\"><strong data-start=\"2241\" data-end=\"2266\">Nastavite\u013en\u00e1 \u00farove\u0148 \u013eadu:<\/strong> Umo\u017e\u0148uje pou\u017e\u00edvate\u013eom prisp\u00f4sobi\u0165 silu chladenia bez zmeny zariadenia.<\/p>\n<\/li>\n<li data-start=\"2338\" data-end=\"2435\">\n<p data-start=\"2340\" data-end=\"2435\"><strong data-start=\"2340\" data-end=\"2365\">Technol\u00f3gia Mesh Coil:<\/strong> Zabezpe\u010duje rovnomern\u00e9 zahrievanie, hladk\u00fd par a konzistentn\u00fd v\u00fdstup chuti.<\/p>\n<\/li>\n<\/ul>\n<figure id=\"attachment_4816\" aria-describedby=\"caption-attachment-4816\" style=\"width: 284px\" class=\"wp-caption alignnone\"><img decoding=\"async\" class=\"size-medium wp-image-4816\" src=\"https:\/\/vapestornado.com\/wp-content\/uploads\/2026\/01\/Vozol-45K-45000-Puff-Disposable-Vape-Pod-Wholesale-1-284x300.webp\" alt=\"Vozol 45K 45000 Pufov Jednorazov\u00e1 Vape Pod Ve\u013ekoobchod\" width=\"284\" height=\"300\" srcset=\"https:\/\/vapestornado.com\/wp-content\/uploads\/2026\/01\/Vozol-45K-45000-Puff-Disposable-Vape-Pod-Wholesale-1-284x300.webp 284w, https:\/\/vapestornado.com\/wp-content\/uploads\/2026\/01\/Vozol-45K-45000-Puff-Disposable-Vape-Pod-Wholesale-1-971x1024.webp 971w, https:\/\/vapestornado.com\/wp-content\/uploads\/2026\/01\/Vozol-45K-45000-Puff-Disposable-Vape-Pod-Wholesale-1-768x810.webp 768w, https:\/\/vapestornado.com\/wp-content\/uploads\/2026\/01\/Vozol-45K-45000-Puff-Disposable-Vape-Pod-Wholesale-1-1456x1536.webp 1456w, https:\/\/vapestornado.com\/wp-content\/uploads\/2026\/01\/Vozol-45K-45000-Puff-Disposable-Vape-Pod-Wholesale-1-11x12.webp 11w, https:\/\/vapestornado.com\/wp-content\/uploads\/2026\/01\/Vozol-45K-45000-Puff-Disposable-Vape-Pod-Wholesale-1-600x633.webp 600w, https:\/\/vapestornado.com\/wp-content\/uploads\/2026\/01\/Vozol-45K-45000-Puff-Disposable-Vape-Pod-Wholesale-1.webp 1500w\" sizes=\"(max-width: 284px) 100vw, 284px\" \/><figcaption id=\"caption-attachment-4816\" class=\"wp-caption-text\">Vozol 45K 45000 Pufov Jednorazov\u00e1 Vape Pod Ve\u013ekoobchod<\/figcaption><\/figure>\n<div><\/div>\n<h2 class=\"product-title\"><strong>Vozol Neon 45000 Pufov Zoznam pr\u00edchut\u00ed<\/strong><\/h2>\n<p>1. \u010cu\u010doriedka \u010cere\u0161\u0148a Limeta<br \/>\n2. \u010du\u010doriedkov\u00e1 m\u00e4ta<br \/>\n3. Modr\u00fd Razz Ice<br \/>\n4. \u010cu\u010doriedkov\u00fd mel\u00f3n<br \/>\n5. \u010cere\u0161\u0148ov\u00e1 Cola<br \/>\n6. \u010dere\u0161\u0148ov\u00e1 strazz<br \/>\n7. Brusnicov\u00fd \u013ead<br \/>\n8. Drakovo ovocie Ban\u00e1n \u010cere\u0161\u0148a<br \/>\n9. Mrazen\u00e9 jahody<br \/>\n10.Hroznov\u00e1 \u013eadov\u00e1<br \/>\n11. Havajsk\u00fd anan\u00e1sov\u00fd raj<br \/>\n12. L\u00e1ska 777<br \/>\n13. Lychee Pomaran\u010d Passion Fruit<br \/>\n14. panna<br \/>\n15, Mango Ice<br \/>\n16. Miami Mint<br \/>\n17. Zmie\u0161an\u00e9 bobule<br \/>\n18. Peach Ice<br \/>\n19. Kysl\u00e9 jablko Ice<br \/>\n20. Kysl\u00fd mango anan\u00e1s<br \/>\n21. Jahoda ban\u00e1n<br \/>\n22. jahodov\u00e1 margarita<br \/>\n23. vzbull<br \/>\n24. Mel\u00f3n Ice<br \/>\n25. Mel\u00f3n Razz Rancher<br \/>\n26. Kysl\u00fd mel\u00f3n s brosky\u0148ou<\/p>\n<div class=\"flex-shrink-0 flex flex-col relative items-end\">\n<div class=\"pt-0\">\n<div class=\"gizmo-bot-avatar flex h-8 w-8 items-center justify-center overflow-hidden rounded-full\">\n<div class=\"relative p-1 rounded-sm flex items-center justify-center bg-token-main-surface-primary text-token-text-primary h-8 w-8\">\n<h2 data-start=\"1200\" data-end=\"1487\">Vapes Tornado \u2013 V\u00e1\u0161 ve\u013ekoobchodn\u00fd online vapor shop pre ob\u013e\u00faben\u00e9 vaporiz\u00e9ry<\/h2>\n<p data-start=\"72\" data-end=\"396\"><strong data-start=\"72\" data-end=\"89\">Vapes Tornado<\/strong> je ve\u013ekoobchodn\u00fd online vapor shop so zameran\u00edm na Eur\u00f3pu, ktor\u00fd dod\u00e1va starostlivo vybran\u00fd sortiment <strong data-start=\"178\" data-end=\"195\">ob\u013e\u00faben\u00fdch vaporiz\u00e9rov<\/strong> pre profesion\u00e1lnych kupuj\u00facich. Spolupracujeme s predajcami, distrib\u00fatormi a online obchodmi po celej E\u00da, ktor\u00ed potrebuj\u00fa stabiln\u00fd dod\u00e1vky, jasn\u00e9 inform\u00e1cie o produktoch a zna\u010dky, ktor\u00e9 z\u00e1kazn\u00edci u\u017e poznaj\u00fa a d\u00f4veruj\u00fa im.<\/p>\n<p data-start=\"398\" data-end=\"687\">Pracujeme s d\u00f4veryhodn\u00fdmi menami ako <strong data-start=\"247\" data-end=\"352\">Elf Bar Vape, WASPE Vape, <a href=\"https:\/\/vapestornado.com\/sk\/product\/uzy-150k-puffs-6-in-1-flavor-switch-disposable-vape-pen-wholesale\/\">UZY Vape<\/a>, Bang Vape, Razz Bar Vape, <a href=\"https:\/\/vapestornado.com\/sk\/product\/randm-12000-puffs-fumot-digital-disposable-vape-wholesale-price\/\">Fumot VAPE<\/a>, <a href=\"https:\/\/vapestornado.com\/sk\/product\/original-wga-ultra-35k-35000-puff-rechargeable-crystal-disposable-nicotine-vape-best-discount-price\/\">WGA VAPE<\/a>, <a href=\"https:\/\/vapestornado.com\/sk\/product\/vozol-gear-shisha-25k-25000-puffs-best-dtl-disposable-vape-hookah-cheap-price\/\">VOZOL BAR VAPE<\/a>,\u00a0a Stag Bar Vape<\/strong>, vybran\u00e9 pre konzistentn\u00fa kvalitu a siln\u00fd dopyt na eur\u00f3pskom trhu.<\/p>\n<h4 data-start=\"1080\" data-end=\"1120\">Vytvoren\u00e9 pre ve\u013ekoobchodn\u00fdch kupuj\u00facich v Eur\u00f3pe<\/h4>\n<p data-start=\"1121\" data-end=\"1189\">Vapes Tornado je \u0161trukt\u00farovan\u00fd okolo skuto\u010dn\u00fdch potrieb ve\u013ekoobchodn\u00edkov v E\u00da:<\/p>\n<ul data-start=\"1190\" data-end=\"1400\">\n<li data-start=\"1190\" data-end=\"1239\">\n<p data-start=\"1192\" data-end=\"1239\">Konkurencieschopn\u00e9 ve\u013ekoobchodn\u00e9 ceny pre hromadn\u00e9 objedn\u00e1vky<\/p>\n<\/li>\n<li data-start=\"1240\" data-end=\"1289\">\n<p data-start=\"1242\" data-end=\"1289\">Jasn\u00e9 popisy produktov a \u0161pecifik\u00e1cie<\/p>\n<\/li>\n<li data-start=\"1290\" data-end=\"1330\">\n<p data-start=\"1292\" data-end=\"1330\">R\u00fdchla, spo\u013eahliv\u00e1 logistika orientovan\u00e1 na E\u00da<\/p>\n<\/li>\n<li data-start=\"1331\" data-end=\"1400\">\n<p data-start=\"1333\" data-end=\"1400\">Katal\u00f3g zameran\u00fd na <strong data-start=\"1356\" data-end=\"1373\">ob\u013e\u00faben\u00fdch vaporiz\u00e9rov<\/strong>, nie na preplnen\u00e9 SKU<\/p>\n<\/li>\n<\/ul>\n<h2 data-start=\"2064\" data-end=\"2115\">\u010casto kladen\u00e9 ot\u00e1zky o Vozol Neon 45000 Puffs Jednorazov\u00e1 vape<\/h2>\n<p data-start=\"2720\" data-end=\"2871\"><strong data-start=\"2720\" data-end=\"2767\">Je tento Neon 45000 origin\u00e1lny v\u00fdrobok Vozol?<\/strong><br data-start=\"2767\" data-end=\"2770\" \/>\u00c1no, Vozol Neon 45000 Puffs je autentick\u00e1 vape od Vozol s ofici\u00e1lnou zna\u010dkou a \u0161pecifik\u00e1ciami.<\/p>\n<p data-start=\"2873\" data-end=\"3008\"><strong data-start=\"2873\" data-end=\"2915\">Ako dlho vydr\u017e\u00ed Vozol Neon 45K?<\/strong><br data-start=\"2915\" data-end=\"2918\" \/>Pou\u017eitie z\u00e1vis\u00ed od zvyklost\u00ed, ale kapacita 45 000 potiahnut\u00ed je navrhnut\u00e1 na dlhodob\u00e9 denn\u00e9 pou\u017e\u00edvanie.<\/p>\n<p data-start=\"3010\" data-end=\"3133\"><strong data-start=\"3010\" data-end=\"3048\">M\u00f4\u017eem nab\u00edja\u0165 Vozol Neon 45000?<\/strong><br data-start=\"3048\" data-end=\"3051\" \/>\u00c1no, m\u00e1 nab\u00edjate\u013en\u00fa bat\u00e9riu typu C, ktor\u00e1 \u00faplne spotrebuje 20 ml e-liquidu.<\/p>\n<p data-start=\"3135\" data-end=\"3256\"><strong data-start=\"3135\" data-end=\"3174\">Ak\u00fa nikot\u00ednov\u00fa silu pou\u017e\u00edva?<\/strong><br data-start=\"3174\" data-end=\"3177\" \/>Tento model m\u00e1 silu nicotine 2% (20 mg\/ml) pre vyv\u00e1\u017een\u00fa spokojnos\u0165.<\/p>\n<p data-start=\"3258\" data-end=\"3368\"><strong data-start=\"3258\" data-end=\"3298\">Ako zist\u00edm, kedy doch\u00e1dza?<\/strong><br data-start=\"3298\" data-end=\"3301\" \/>Vstavan\u00e1 obrazovka zobrazuje aktu\u00e1lnu \u00farove\u0148 bat\u00e9rie a e-liquidu.<\/p>\n<\/div>\n<\/div>\n<\/div>\n<\/div>","protected":false},"excerpt":{"rendered":"<div class=\"flex max-w-full flex-col grow\">\n<div class=\"min-h-8 text-message relative flex w-full flex-col items-end gap-2 text-start break-words whitespace-normal [.text-message+&amp;]:mt-1\" dir=\"auto\" data-message-author-role=\"assistant\" data-message-id=\"2a9d6edf-5b3a-41c0-afc9-caef2e4c2c3b\" data-message-model-slug=\"gpt-5-2\">\n<div class=\"flex w-full flex-col gap-1 empty:hidden first:pt-[1px]\">\n<div class=\"markdown prose dark:prose-invert w-full break-words light markdown-new-styling\">\n<p data-start=\"3612\" data-end=\"3673\">Jednorazov\u00e1 vape n\u00e1dr\u017eka Vozol Neon 45000 Pufov je navrhnut\u00e1 pre pou\u017e\u00edvate\u013eov, ktor\u00ed po\u017eaduj\u00fa dlh\u00fa v\u00fddr\u017e a stabiln\u00fd v\u00fdstup chuti. S v\u00fdkonnou nab\u00edjate\u013enou bat\u00e9riou, inteligentn\u00fdm displejom a nastavite\u013enou \u013eadovou \u00farov\u0148ou poskytuje kontrolovan\u00e9, plynul\u00e9 vapovanie s konzistentnou chu\u0165ou. Navrhnut\u00e1 s technol\u00f3giou mrie\u017ekov\u00fdch cievok Vozol, pon\u00faka spo\u013eahliv\u00fa kvalitu v elegantnom, pr\u00e9miovom form\u00e1te jednorazovej vape n\u00e1dr\u017eky.<\/p>\n<\/div>\n<\/div>\n<\/div>\n<\/div>\n<p><strong>Pridajte si Amy na whatsapp, aby ste dostali spr\u00e1vnu odpove\u010f a z\u013eavnen\u00fa cenu!<\/strong><\/p>\n<p><img fetchpriority=\"high\" decoding=\"async\" class=\"size-full wp-image-2932\" src=\"https:\/\/vapestornado.com\/wp-content\/uploads\/2024\/12\/Vape-Wholesale.jpg\" alt=\"Ve\u013ekoobchod s vape\" width=\"229\" height=\"300\" \/><\/p>\n<h3><a href=\"https:\/\/wa.me\/8617776015835\"><span style=\"color: #ff0000;\"><strong>WhatsApp: +86 17776015835<\/strong><\/span><\/a><\/h3>","protected":false},"featured_media":4820,"comment_status":"open","ping_status":"closed","template":"","meta":{"_acf_changed":false,"_uag_custom_page_level_css":"","_lmt_disableupdate":"no","_lmt_disable":"","_monsterinsights_skip_tracking":false,"_monsterinsights_sitenote_active":false,"_monsterinsights_sitenote_note":"","_monsterinsights_sitenote_category":0,"site-sidebar-layout":"default","site-content-layout":"","ast-site-content-layout":"default","site-content-style":"default","site-sidebar-style":"default","ast-global-header-display":"","ast-banner-title-visibility":"","ast-main-header-display":"","ast-hfb-above-header-display":"","ast-hfb-below-header-display":"","ast-hfb-mobile-header-display":"","site-post-title":"","ast-breadcrumbs-content":"","ast-featured-img":"","footer-sml-layout":"","ast-disable-related-posts":"","theme-transparent-header-meta":"default","adv-header-id-meta":"","stick-header-meta":"","header-above-stick-meta":"","header-main-stick-meta":"","header-below-stick-meta":"","astra-migrate-meta-layouts":"set","ast-page-background-enabled":"default","ast-page-background-meta":{"desktop":{"background-color":"","background-image":"","background-repeat":"repeat","background-position":"center center","background-size":"auto","background-attachment":"scroll","background-type":"","background-media":"","overlay-type":"","overlay-color":"","overlay-opacity":"","overlay-gradient":""},"tablet":{"background-color":"","background-image":"","background-repeat":"repeat","background-position":"center center","background-size":"auto","background-attachment":"scroll","background-type":"","background-media":"","overlay-type":"","overlay-color":"","overlay-opacity":"","overlay-gradient":""},"mobile":{"background-color":"","background-image":"","background-repeat":"repeat","background-position":"center center","background-size":"auto","background-attachment":"scroll","background-type":"","background-media":"","overlay-type":"","overlay-color":"","overlay-opacity":"","overlay-gradient":""}},"ast-content-background-meta":{"desktop":{"background-color":"var(--ast-global-color-5)","background-image":"","background-repeat":"repeat","background-position":"center center","background-size":"auto","background-attachment":"scroll","background-type":"","background-media":"","overlay-type":"","overlay-color":"","overlay-opacity":"","overlay-gradient":""},"tablet":{"background-color":"var(--ast-global-color-5)","background-image":"","background-repeat":"repeat","background-position":"center center","background-size":"auto","background-attachment":"scroll","background-type":"","background-media":"","overlay-type":"","overlay-color":"","overlay-opacity":"","overlay-gradient":""},"mobile":{"background-color":"var(--ast-global-color-5)","background-image":"","background-repeat":"repeat","background-position":"center center","background-size":"auto","background-attachment":"scroll","background-type":"","background-media":"","overlay-type":"","overlay-color":"","overlay-opacity":"","overlay-gradient":""}},"_joinchat":[]},"product_brand":[],"product_cat":[265,149,150,151,152,153,143,492,146,57],"product_tag":[554,555,550,556,549,513,93,269,552,553,220],"class_list":{"0":"post-4822","1":"product","2":"type-product","3":"status-publish","4":"has-post-thumbnail","6":"product_cat-45000-puff","7":"product_cat-buy-disposable-vapes-in-austria","8":"product_cat-buy-disposable-vapes-in-belgium","9":"product_cat-buy-disposable-vapes-in-france","10":"product_cat-buy-disposable-vapes-in-cermany","11":"product_cat-buy-disposable-vapes-in-italy","12":"product_cat-dual-mesh-disposable-vapes","13":"product_cat-eu-warehouse","14":"product_cat-rechargeable-disposable-vapes","15":"product_cat-vozol-vape","16":"product_tag-adjustable-ice-disposable-vape","17":"product_tag-disposable-vape-pod","18":"product_tag-disposable-vape-with-screen","19":"product_tag-high-quanlity-disposable-vape","20":"product_tag-vape-cheap-price","21":"product_tag-vape-discount-price","22":"product_tag-vape-wholesale","23":"product_tag-vape-with-screen","24":"product_tag-vozol-neon-45000-puffs","25":"product_tag-vozol-neon-45k","26":"product_tag-vozol-vape","27":"desktop-align-left","28":"tablet-align-left","29":"mobile-align-left","31":"first","32":"instock","33":"sale","34":"shipping-taxable","35":"purchasable","36":"product-type-simple"},"acf":[],"uagb_featured_image_src":{"full":["https:\/\/vapestornado.com\/wp-content\/uploads\/2026\/01\/Vozol-45000-Puff-Disposable-Vape-Box-Wholesale.webp",800,800,false],"thumbnail":["https:\/\/vapestornado.com\/wp-content\/uploads\/2026\/01\/Vozol-45000-Puff-Disposable-Vape-Box-Wholesale-150x150.webp",150,150,true],"medium":["https:\/\/vapestornado.com\/wp-content\/uploads\/2026\/01\/Vozol-45000-Puff-Disposable-Vape-Box-Wholesale-300x300.webp",300,300,true],"medium_large":["https:\/\/vapestornado.com\/wp-content\/uploads\/2026\/01\/Vozol-45000-Puff-Disposable-Vape-Box-Wholesale-768x768.webp",768,768,true],"large":["https:\/\/vapestornado.com\/wp-content\/uploads\/2026\/01\/Vozol-45000-Puff-Disposable-Vape-Box-Wholesale.webp",800,800,false],"1536x1536":["https:\/\/vapestornado.com\/wp-content\/uploads\/2026\/01\/Vozol-45000-Puff-Disposable-Vape-Box-Wholesale.webp",800,800,false],"2048x2048":["https:\/\/vapestornado.com\/wp-content\/uploads\/2026\/01\/Vozol-45000-Puff-Disposable-Vape-Box-Wholesale.webp",800,800,false],"trp-custom-language-flag":["https:\/\/vapestornado.com\/wp-content\/uploads\/2026\/01\/Vozol-45000-Puff-Disposable-Vape-Box-Wholesale-12x12.webp",12,12,true],"woocommerce_thumbnail":["https:\/\/vapestornado.com\/wp-content\/uploads\/2026\/01\/Vozol-45000-Puff-Disposable-Vape-Box-Wholesale-300x300.webp",300,300,true],"woocommerce_single":["https:\/\/vapestornado.com\/wp-content\/uploads\/2026\/01\/Vozol-45000-Puff-Disposable-Vape-Box-Wholesale-600x600.webp",600,600,true],"woocommerce_gallery_thumbnail":["https:\/\/vapestornado.com\/wp-content\/uploads\/2026\/01\/Vozol-45000-Puff-Disposable-Vape-Box-Wholesale-100x100.webp",100,100,true]},"uagb_author_info":{"display_name":"ESAMY","author_link":"https:\/\/vapestornado.com\/sk\/author\/"},"uagb_comment_info":0,"uagb_excerpt":"The Vozol Neon 45000 Puffs disposable vape pod is built for users who demand long-lasting performance and stable flavour output. With a powerful rechargeable battery, smart screen display, and adjustable ice level, it delivers controlled, smooth vaping with consistent taste. Designed with Vozol mesh coil technology, it offers reliable quality in a sleek, high-end disposable&hellip;","_links":{"self":[{"href":"https:\/\/vapestornado.com\/sk\/wp-json\/wp\/v2\/product\/4822","targetHints":{"allow":["GET"]}}],"collection":[{"href":"https:\/\/vapestornado.com\/sk\/wp-json\/wp\/v2\/product"}],"about":[{"href":"https:\/\/vapestornado.com\/sk\/wp-json\/wp\/v2\/types\/product"}],"replies":[{"embeddable":true,"href":"https:\/\/vapestornado.com\/sk\/wp-json\/wp\/v2\/comments?post=4822"}],"wp:featuredmedia":[{"embeddable":true,"href":"https:\/\/vapestornado.com\/sk\/wp-json\/wp\/v2\/media\/4820"}],"wp:attachment":[{"href":"https:\/\/vapestornado.com\/sk\/wp-json\/wp\/v2\/media?parent=4822"}],"wp:term":[{"taxonomy":"product_brand","embeddable":true,"href":"https:\/\/vapestornado.com\/sk\/wp-json\/wp\/v2\/product_brand?post=4822"},{"taxonomy":"product_cat","embeddable":true,"href":"https:\/\/vapestornado.com\/sk\/wp-json\/wp\/v2\/product_cat?post=4822"},{"taxonomy":"product_tag","embeddable":true,"href":"https:\/\/vapestornado.com\/sk\/wp-json\/wp\/v2\/product_tag?post=4822"}],"curies":[{"name":"wp","href":"https:\/\/api.w.org\/{rel}","templated":true}]}}