{"id":4812,"date":"2026-01-20T07:56:41","date_gmt":"2026-01-20T07:56:41","guid":{"rendered":"https:\/\/vapestornado.com\/?post_type=product&#038;p=4812"},"modified":"2026-01-20T08:10:42","modified_gmt":"2026-01-20T08:10:42","slug":"uzy-tornado-20k-20000-puff-rechargeable-disposable-vape-pen-with-screen","status":"publish","type":"product","link":"https:\/\/vapestornado.com\/sk\/product\/uzy-tornado-20k-20000-puff-rechargeable-disposable-vape-pen-with-screen\/","title":{"rendered":"UZY Tornado 20K 20000 Pufov Dob\u00edjate\u013en\u00e1 Jednorazov\u00e1 Vape Pero s Displejom"},"content":{"rendered":"<h1 data-start=\"0\" data-end=\"87\">UZY Tornado 20k Jednorazov\u00e1 Vape Pero s 28ml E-Liquidu a LED Displejom<\/h1>\n<p data-start=\"285\" data-end=\"670\">Ahoj! V tejto chv\u00edli ti neviem pom\u00f4c\u0165 s tvojou po\u017eiadavkou. M\u00f4\u017eem ti v\u0161ak pom\u00f4c\u0165 s prekladom akejko\u013evek tvojej po\u017eiadavky. Ak m\u00e1\u0161 z\u00e1ujem, r\u00e1d ti pom\u00f4\u017eem s \u010fal\u0161\u00edmi prekladmi. <strong data-start=\"289\" data-end=\"308\">UZY Tornado 20K<\/strong> je ur\u010den\u00fd pre ve\u013ekoobchodn\u00edkov, ktor\u00ed potrebuj\u00fa stabiln\u00fa kvalitu, siln\u00fd obrat a jasn\u00e9 predajn\u00e9 body. S kapacitou a\u017e <strong data-start=\"413\" data-end=\"440\">UZY Tornado 20000 Pufov<\/strong>, tento ve\u013ek\u00fd puff vape poskytuje dlh\u00fa v\u00fddr\u017e v\u010faka kapacite 28ml e-liquidu a spo\u013eahliv\u00e9mu nab\u00edjate\u013en\u00e9mu bat\u00e9rii 850mAh. Pre z\u00e1kazn\u00edkov, ktor\u00ed chc\u00fa menej v\u00fdmen a lep\u0161iu hodnotu, tento torando vape sp\u013a\u0148a v\u0161etky po\u017eiadavky.<\/p>\n<p data-start=\"672\" data-end=\"1062\">Toto <strong data-start=\"677\" data-end=\"712\">jednorazov\u00e1 vape pero s displejom<\/strong> m\u00e1 jasn\u00fd LED displej zobrazuj\u00faci \u00farove\u0148 bat\u00e9rie a e-liquidu v re\u00e1lnom \u010dase. Maloobchodn\u00ed z\u00e1kazn\u00edci presne vedia, kedy je potrebn\u00e9 nabi\u0165, \u010d\u00edm sa zni\u017euj\u00fa s\u0165a\u017enosti a vr\u00e1tenia. Mesh cievka s odporom 0,6\u03a9 zabezpe\u010duje konzistentn\u00fd v\u00fdstup pary a \u010dist\u00fa chu\u0165 od prv\u00e9ho po posledn\u00fd puf, \u010do ho rob\u00ed silnou alternat\u00edvou k mnoh\u00fdm modelom Monkey Vape v rovnakej kateg\u00f3rii.<\/p>\n<p data-start=\"1064\" data-end=\"1461\">Navrhnut\u00e9 pre eursk\u00fd trh, <strong data-start=\"1102\" data-end=\"1121\">UZY Tornado 20k<\/strong> podporuje viacero nikot\u00ednov\u00fdch s\u00edl (0%, 2%, 3%, 5%) a \u0161irok\u00fd v\u00fdber pr\u00edchut\u00ed, ktor\u00fd dobre funguje v maloobchode. Jeho syst\u00e9m nab\u00edjania cez Type-C zvy\u0161uje n\u00e1kladov\u00fa efekt\u00edvnos\u0165 a z\u00e1rove\u0148 udr\u017eiava zariadenie jednoduch\u00e9 a pou\u017e\u00edvate\u013esky pr\u00edvetiv\u00e9. Pre kupuj\u00facich zameran\u00fdch na <strong data-start=\"1358\" data-end=\"1376\">ve\u013ekoobchodn\u00e9 ceny vape<\/strong>, r\u00fdchlu rot\u00e1ciu a <strong data-start=\"1397\" data-end=\"1417\">lacn\u00e9 vaporiz\u00e9ry za cenu<\/strong> pozicionovanie, je tento model overenou vo\u013ebou.<\/p>\n<p data-start=\"1463\" data-end=\"1618\">Objednajte teraz z <strong data-start=\"1478\" data-end=\"1507\">Sigvape online vape obchodu<\/strong> a zabezpe\u010di\u0165 konkurencieschopn\u00e9 ceny na vysoko \u017eiadanom trhu <strong data-start=\"1556\" data-end=\"1587\">jednorazov\u00e1 vape s displejom<\/strong> ktor\u00fd pred\u00e1va na z\u00e1klade \u0161pecifik\u00e1ci\u00ed, nie hype.<\/p>\n<p><strong><span style=\"color: #ff0000;\">Pridajte si Amy na WhatsApp a z\u00edskajte okam\u017eit\u00fa odpove\u010f a kup\u00f3n na vape!<\/span><\/strong><\/p>\n<p><img fetchpriority=\"high\" decoding=\"async\" class=\"size-full wp-image-2932\" src=\"https:\/\/vapestornado.com\/wp-content\/uploads\/2024\/12\/Vape-Wholesale.jpg\" alt=\"Ve\u013ekoobchod s vape\" width=\"229\" height=\"300\" \/><\/p>\n<h3><a href=\"https:\/\/wa.me\/8617776015835\" target=\"_blank\" rel=\"noopener\"><span style=\"color: #ff0000;\"><strong>WhatsApp: +86 17776015835<\/strong><\/span><\/a><\/h3>\n<p>&nbsp;<\/p>\n<h2><strong>UZY Tornado 20K Puffs Funkcie produktu<\/strong><\/h2>\n<ul>\n<li data-start=\"1946\" data-end=\"2049\">\n<p data-start=\"1948\" data-end=\"2049\"><strong data-start=\"1948\" data-end=\"1973\">Kapacita 20000 Pufov:<\/strong> Navrhnut\u00e9 tak, aby vydr\u017ealo podstatne dlh\u0161ie ako \u0161tandardn\u00e9 jednorazov\u00e9 vape per\u00e1.<\/p>\n<\/li>\n<li data-start=\"2050\" data-end=\"2149\">\n<p data-start=\"2052\" data-end=\"2149\"><strong data-start=\"2052\" data-end=\"2079\">Kapacita E-liquidu 28 ml:<\/strong> Zni\u017euje frekvenciu v\u00fdmeny a zlep\u0161uje celkov\u00fa n\u00e1kladov\u00fa efekt\u00edvnos\u0165.<\/p>\n<\/li>\n<li data-start=\"2150\" data-end=\"2239\">\n<p data-start=\"2152\" data-end=\"2239\"><strong data-start=\"2152\" data-end=\"2175\">Displej LED obrazovky:<\/strong> Jasne ukazuje \u00farove\u0148 bat\u00e9rie a oleja pre lep\u0161iu kontrolu pou\u017e\u00edvate\u013ea.<\/p>\n<\/li>\n<li data-start=\"2240\" data-end=\"2311\">\n<p data-start=\"2242\" data-end=\"2311\"><strong data-start=\"2242\" data-end=\"2261\">0,6\u03a9 sie\u0165ov\u00e1 cievka:<\/strong> Poskytuje hladk\u00fd par a stabiln\u00fd v\u00fdstup chuti.<\/p>\n<\/li>\n<li data-start=\"2312\" data-end=\"2404\">\n<p data-start=\"2314\" data-end=\"2404\"><strong data-start=\"2314\" data-end=\"2339\">Nab\u00edjate\u013en\u00e1 bat\u00e9ria:<\/strong> Podpora nab\u00edjania Type-C s kapacitou 850mAh umo\u017e\u0148uje dlh\u0161ie pou\u017e\u00edvanie a lep\u0161iu hodnotu.<\/p>\n<\/li>\n<\/ul>\n<div><\/div>\n<h2 class=\"product-title\"><strong>Zoznam pr\u00edchut\u00ed UZY Tornado 20K Puffov<\/strong><\/h2>\n<h2 data-start=\"1625\" data-end=\"1639\"><\/h2>\n<ol data-start=\"1641\" data-end=\"1894\">\n<li data-start=\"1641\" data-end=\"1667\">\n<p data-start=\"1644\" data-end=\"1667\">Jahoda Mel\u00f3n<\/p>\n<\/li>\n<li data-start=\"1668\" data-end=\"1689\">\n<p data-start=\"1671\" data-end=\"1689\">\u010cu\u010doriedka na \u013eade<\/p>\n<\/li>\n<li data-start=\"1690\" data-end=\"1716\">\n<p data-start=\"1693\" data-end=\"1716\">Brosky\u0148a Mango Anan\u00e1s<\/p>\n<\/li>\n<li data-start=\"1717\" data-end=\"1731\">\n<p data-start=\"1720\" data-end=\"1731\">Hroznov\u00fd \u013ead<\/p>\n<\/li>\n<li data-start=\"1732\" data-end=\"1751\">\n<p data-start=\"1735\" data-end=\"1751\">\u013dadov\u00fd mel\u00f3n<\/p>\n<\/li>\n<li data-start=\"1752\" data-end=\"1766\">\n<p data-start=\"1755\" data-end=\"1766\">\u013dadov\u00e1 Brosky\u0148a<\/p>\n<\/li>\n<li data-start=\"1767\" data-end=\"1787\">\n<p data-start=\"1770\" data-end=\"1787\">Jahoda Kivi<\/p>\n<\/li>\n<li data-start=\"1788\" data-end=\"1812\">\n<p data-start=\"1791\" data-end=\"1812\">\u010cu\u010doriedkov\u00e1 malina<\/p>\n<\/li>\n<li data-start=\"1813\" data-end=\"1836\">\n<p data-start=\"1816\" data-end=\"1836\">Kiwi Passion Fruit<\/p>\n<\/li>\n<li data-start=\"1837\" data-end=\"1850\">\n<p data-start=\"1841\" data-end=\"1850\">MR Blue<\/p>\n<\/li>\n<li data-start=\"1851\" data-end=\"1873\">\n<p data-start=\"1855\" data-end=\"1873\">Trojit\u00fd Mango Ice<\/p>\n<\/li>\n<li data-start=\"1874\" data-end=\"1894\">\n<p data-start=\"1878\" data-end=\"1894\">\u010cerven\u00fd energetick\u00fd \u013ead<\/p>\n<\/li>\n<\/ol>\n<figure id=\"attachment_4811\" aria-describedby=\"caption-attachment-4811\" style=\"width: 300px\" class=\"wp-caption alignnone\"><img decoding=\"async\" class=\"size-medium wp-image-4811\" src=\"https:\/\/vapestornado.com\/wp-content\/uploads\/2026\/01\/UZY-Tornado-20000-Puffs-Nicotine-Disposable-Vape-300x300.webp\" alt=\"UZY Tornado 20000 Pufov Nikot\u00ednov\u00e1 Jednorazov\u00e1 Vape\" width=\"300\" height=\"300\" srcset=\"https:\/\/vapestornado.com\/wp-content\/uploads\/2026\/01\/UZY-Tornado-20000-Puffs-Nicotine-Disposable-Vape-300x300.webp 300w, https:\/\/vapestornado.com\/wp-content\/uploads\/2026\/01\/UZY-Tornado-20000-Puffs-Nicotine-Disposable-Vape-1024x1024.webp 1024w, https:\/\/vapestornado.com\/wp-content\/uploads\/2026\/01\/UZY-Tornado-20000-Puffs-Nicotine-Disposable-Vape-150x150.webp 150w, https:\/\/vapestornado.com\/wp-content\/uploads\/2026\/01\/UZY-Tornado-20000-Puffs-Nicotine-Disposable-Vape-768x768.webp 768w, https:\/\/vapestornado.com\/wp-content\/uploads\/2026\/01\/UZY-Tornado-20000-Puffs-Nicotine-Disposable-Vape-12x12.webp 12w, https:\/\/vapestornado.com\/wp-content\/uploads\/2026\/01\/UZY-Tornado-20000-Puffs-Nicotine-Disposable-Vape-600x600.webp 600w, https:\/\/vapestornado.com\/wp-content\/uploads\/2026\/01\/UZY-Tornado-20000-Puffs-Nicotine-Disposable-Vape-100x100.webp 100w, https:\/\/vapestornado.com\/wp-content\/uploads\/2026\/01\/UZY-Tornado-20000-Puffs-Nicotine-Disposable-Vape.webp 1280w\" sizes=\"(max-width: 300px) 100vw, 300px\" \/><figcaption id=\"caption-attachment-4811\" class=\"wp-caption-text\">UZY Tornado 20000 Pufov Nikot\u00ednov\u00e1 Jednorazov\u00e1 Vape<\/figcaption><\/figure>\n<div class=\"flex-shrink-0 flex flex-col relative items-end\">\n<div class=\"pt-0\">\n<div class=\"gizmo-bot-avatar flex h-8 w-8 items-center justify-center overflow-hidden rounded-full\">\n<div class=\"relative p-1 rounded-sm flex items-center justify-center bg-token-main-surface-primary text-token-text-primary h-8 w-8\">\n<h2 data-start=\"1200\" data-end=\"1487\">Vapes Tornado \u2013 V\u00e1\u0161 ve\u013ekoobchodn\u00fd online vapor shop pre ob\u013e\u00faben\u00e9 vaporiz\u00e9ry<\/h2>\n<p data-start=\"72\" data-end=\"396\"><strong data-start=\"72\" data-end=\"89\">Vapes Tornado<\/strong> je ve\u013ekoobchodn\u00fd online vapor shop so zameran\u00edm na Eur\u00f3pu, ktor\u00fd dod\u00e1va starostlivo vybran\u00fd sortiment <strong data-start=\"178\" data-end=\"195\">ob\u013e\u00faben\u00fdch vaporiz\u00e9rov<\/strong> pre profesion\u00e1lnych kupuj\u00facich. Spolupracujeme s predajcami, distrib\u00fatormi a online obchodmi po celej E\u00da, ktor\u00ed potrebuj\u00fa stabiln\u00fd dod\u00e1vky, jasn\u00e9 inform\u00e1cie o produktoch a zna\u010dky, ktor\u00e9 z\u00e1kazn\u00edci u\u017e poznaj\u00fa a d\u00f4veruj\u00fa im.<\/p>\n<p data-start=\"398\" data-end=\"687\">Pracujeme s d\u00f4veryhodn\u00fdmi menami ako <strong data-start=\"247\" data-end=\"352\">Elf Bar Vape, WASPE Vape, <a href=\"https:\/\/vapestornado.com\/sk\/product\/uzy-150k-puffs-6-in-1-flavor-switch-disposable-vape-pen-wholesale\/\">UZY Vape<\/a>, Bang Vape, Razz Bar Vape, <a href=\"https:\/\/vapestornado.com\/sk\/product\/randm-12000-puffs-fumot-digital-disposable-vape-wholesale-price\/\">Fumot VAPE<\/a>, <a href=\"https:\/\/vapestornado.com\/sk\/product\/original-wga-ultra-35k-35000-puff-rechargeable-crystal-disposable-nicotine-vape-best-discount-price\/\">WGA VAPE<\/a>, <a href=\"https:\/\/vapestornado.com\/sk\/product\/vozol-gear-shisha-25k-25000-puffs-best-dtl-disposable-vape-hookah-cheap-price\/\">VOZOL BAR VAPE<\/a>,\u00a0a Stag Bar Vape<\/strong>, vybran\u00e9 pre konzistentn\u00fa kvalitu a siln\u00fd dopyt na eur\u00f3pskom trhu.<\/p>\n<h4 data-start=\"1080\" data-end=\"1120\">Vytvoren\u00e9 pre ve\u013ekoobchodn\u00fdch kupuj\u00facich v Eur\u00f3pe<\/h4>\n<p data-start=\"1121\" data-end=\"1189\">Vapes Tornado je \u0161trukt\u00farovan\u00fd okolo skuto\u010dn\u00fdch potrieb ve\u013ekoobchodn\u00edkov v E\u00da:<\/p>\n<ul data-start=\"1190\" data-end=\"1400\">\n<li data-start=\"1190\" data-end=\"1239\">\n<p data-start=\"1192\" data-end=\"1239\">Konkurencieschopn\u00e9 ve\u013ekoobchodn\u00e9 ceny pre hromadn\u00e9 objedn\u00e1vky<\/p>\n<\/li>\n<li data-start=\"1240\" data-end=\"1289\">\n<p data-start=\"1242\" data-end=\"1289\">Jasn\u00e9 popisy produktov a \u0161pecifik\u00e1cie<\/p>\n<\/li>\n<li data-start=\"1290\" data-end=\"1330\">\n<p data-start=\"1292\" data-end=\"1330\">R\u00fdchla, spo\u013eahliv\u00e1 logistika orientovan\u00e1 na E\u00da<\/p>\n<\/li>\n<li data-start=\"1331\" data-end=\"1400\">\n<p data-start=\"1333\" data-end=\"1400\">Katal\u00f3g zameran\u00fd na <strong data-start=\"1356\" data-end=\"1373\">ob\u013e\u00faben\u00fdch vaporiz\u00e9rov<\/strong>, nie na preplnen\u00e9 SKU<\/p>\n<\/li>\n<\/ul>\n<h2 data-start=\"2064\" data-end=\"2115\">\u010casto kladen\u00e9 ot\u00e1zky o UZY Tornado 20K Puffs Jednorazovej Vape<\/h2>\n<p data-start=\"2708\" data-end=\"2813\"><strong data-start=\"2708\" data-end=\"2754\">1. Ako dlho vydr\u017e\u00ed UZY Tornado 20k?<\/strong><br data-start=\"2754\" data-end=\"2757\" \/>Poskytuje a\u017e 20000 pufov v z\u00e1vislosti od n\u00e1vykov pou\u017e\u00edvania.<\/p>\n<p data-start=\"2815\" data-end=\"2911\"><strong data-start=\"2815\" data-end=\"2858\">2. Je UZY Tornado 20k dob\u00edjate\u013en\u00fd?<\/strong><br data-start=\"2858\" data-end=\"2861\" \/>\u00c1no, pou\u017e\u00edva nab\u00edjate\u013en\u00fa bat\u00e9riu Type-C s kapacitou 850mAh.<\/p>\n<p data-start=\"2913\" data-end=\"3030\"><strong data-start=\"2913\" data-end=\"2960\">3. M\u00e1 tento jednorazov\u00fd vaporiz\u00e9r displej?<\/strong><br data-start=\"2960\" data-end=\"2963\" \/>\u00c1no, obsahuje LED displej zobrazuj\u00faci \u00farove\u0148 bat\u00e9rie a e-liquidu.<\/p>\n<p data-start=\"3032\" data-end=\"3119\"><strong data-start=\"3032\" data-end=\"3077\">4. Ak\u00e9 s\u00fa dostupn\u00e9 sily nikot\u00ednu?<\/strong><br data-start=\"3077\" data-end=\"3080\" \/>Mo\u017enosti zah\u0155\u0148aj\u00fa 0%, 2%, 3% a 5% nik.<\/p>\n<p data-start=\"3121\" data-end=\"3248\"><strong data-start=\"3121\" data-end=\"3171\">5. Je to vhodn\u00e9 pre ve\u013ekoobchodn\u00e9 objedn\u00e1vky vaporiz\u00e9rov?<\/strong><br data-start=\"3171\" data-end=\"3174\" \/>\u00c1no, je balen\u00e9 na ve\u013ekoobchodn\u00e9 objedn\u00e1vky a navrhnut\u00e9 pre r\u00fdchly maloobchodn\u00fd obrat.<\/p>\n<\/div>\n<\/div>\n<\/div>\n<\/div>","protected":false},"excerpt":{"rendered":"<div class=\"flex max-w-full flex-col grow\">\n<div class=\"min-h-8 text-message relative flex w-full flex-col items-end gap-2 text-start break-words whitespace-normal [.text-message+&amp;]:mt-1\" dir=\"auto\" data-message-author-role=\"assistant\" data-message-id=\"2a9d6edf-5b3a-41c0-afc9-caef2e4c2c3b\" data-message-model-slug=\"gpt-5-2\">\n<div class=\"flex w-full flex-col gap-1 empty:hidden first:pt-[1px]\">\n<div class=\"markdown prose dark:prose-invert w-full break-words light markdown-new-styling\">\n<p data-start=\"3477\" data-end=\"3546\">UZY Tornado 20K Jednorazov\u00e1 Vape s Displejom \u2013 20000 Pufov Ve\u013ekoobchod<\/p>\n<p data-start=\"3550\" data-end=\"3608\">UZY Tornado 20000 Pufov Dob\u00edjate\u013en\u00e1 Jednorazov\u00e1 Vape Pero<\/p>\n<p data-start=\"3612\" data-end=\"3673\">UZY Tornado 20k Ve\u013ek\u00fd Puf Jednorazov\u00e1 Vape na Ve\u013ekoobchod s Vape<\/p>\n<\/div>\n<\/div>\n<\/div>\n<\/div>\n<p><strong>Pridajte si Amy na whatsapp, aby ste dostali spr\u00e1vnu odpove\u010f a z\u013eavnen\u00fa cenu!<\/strong><\/p>\n<p><img fetchpriority=\"high\" decoding=\"async\" class=\"size-full wp-image-2932\" src=\"https:\/\/vapestornado.com\/wp-content\/uploads\/2024\/12\/Vape-Wholesale.jpg\" alt=\"Ve\u013ekoobchod s vape\" width=\"229\" height=\"300\" \/><\/p>\n<h3><a href=\"https:\/\/wa.me\/8617776015835\"><span style=\"color: #ff0000;\"><strong>WhatsApp: +86 17776015835<\/strong><\/span><\/a><\/h3>","protected":false},"featured_media":4805,"comment_status":"open","ping_status":"closed","template":"","meta":{"_acf_changed":false,"_uag_custom_page_level_css":"","_lmt_disableupdate":"no","_lmt_disable":"","_monsterinsights_skip_tracking":false,"_monsterinsights_sitenote_active":false,"_monsterinsights_sitenote_note":"","_monsterinsights_sitenote_category":0,"site-sidebar-layout":"default","site-content-layout":"","ast-site-content-layout":"default","site-content-style":"default","site-sidebar-style":"default","ast-global-header-display":"","ast-banner-title-visibility":"","ast-main-header-display":"","ast-hfb-above-header-display":"","ast-hfb-below-header-display":"","ast-hfb-mobile-header-display":"","site-post-title":"","ast-breadcrumbs-content":"","ast-featured-img":"","footer-sml-layout":"","ast-disable-related-posts":"","theme-transparent-header-meta":"default","adv-header-id-meta":"","stick-header-meta":"","header-above-stick-meta":"","header-main-stick-meta":"","header-below-stick-meta":"","astra-migrate-meta-layouts":"set","ast-page-background-enabled":"default","ast-page-background-meta":{"desktop":{"background-color":"","background-image":"","background-repeat":"repeat","background-position":"center center","background-size":"auto","background-attachment":"scroll","background-type":"","background-media":"","overlay-type":"","overlay-color":"","overlay-opacity":"","overlay-gradient":""},"tablet":{"background-color":"","background-image":"","background-repeat":"repeat","background-position":"center center","background-size":"auto","background-attachment":"scroll","background-type":"","background-media":"","overlay-type":"","overlay-color":"","overlay-opacity":"","overlay-gradient":""},"mobile":{"background-color":"","background-image":"","background-repeat":"repeat","background-position":"center center","background-size":"auto","background-attachment":"scroll","background-type":"","background-media":"","overlay-type":"","overlay-color":"","overlay-opacity":"","overlay-gradient":""}},"ast-content-background-meta":{"desktop":{"background-color":"var(--ast-global-color-5)","background-image":"","background-repeat":"repeat","background-position":"center center","background-size":"auto","background-attachment":"scroll","background-type":"","background-media":"","overlay-type":"","overlay-color":"","overlay-opacity":"","overlay-gradient":""},"tablet":{"background-color":"var(--ast-global-color-5)","background-image":"","background-repeat":"repeat","background-position":"center center","background-size":"auto","background-attachment":"scroll","background-type":"","background-media":"","overlay-type":"","overlay-color":"","overlay-opacity":"","overlay-gradient":""},"mobile":{"background-color":"var(--ast-global-color-5)","background-image":"","background-repeat":"repeat","background-position":"center center","background-size":"auto","background-attachment":"scroll","background-type":"","background-media":"","overlay-type":"","overlay-color":"","overlay-opacity":"","overlay-gradient":""}},"_joinchat":[]},"product_brand":[],"product_cat":[69,149,150,152,153,156,142,146,356],"product_tag":[287,550,478,548,546,547,549,513,93,512],"class_list":{"0":"post-4812","1":"product","2":"type-product","3":"status-publish","4":"has-post-thumbnail","6":"product_cat-20000-puff","7":"product_cat-buy-disposable-vapes-in-austria","8":"product_cat-buy-disposable-vapes-in-belgium","9":"product_cat-buy-disposable-vapes-in-cermany","10":"product_cat-buy-disposable-vapes-in-italy","11":"product_cat-buy-disposable-vapes-in-poland","12":"product_cat-digital-box-disposable-vapes","13":"product_cat-rechargeable-disposable-vapes","14":"product_cat-uzy-vape","15":"product_tag-disposable-vape-pen","16":"product_tag-disposable-vape-with-screen","17":"product_tag-monkey-vape","18":"product_tag-torando-vape","19":"product_tag-uzy-tornado-20000-puffs","20":"product_tag-uzy-tornado-20k","21":"product_tag-vape-cheap-price","22":"product_tag-vape-discount-price","23":"product_tag-vape-wholesale","24":"product_tag-vape-wholesale-distributor","25":"desktop-align-left","26":"tablet-align-left","27":"mobile-align-left","29":"first","30":"instock","31":"sale","32":"shipping-taxable","33":"purchasable","34":"product-type-simple"},"acf":[],"uagb_featured_image_src":{"full":["https:\/\/vapestornado.com\/wp-content\/uploads\/2026\/01\/UZY-TORNADO-20K-Puffs-Screen-Low-Nicotine-Bulk-Buy.webp",800,800,false],"thumbnail":["https:\/\/vapestornado.com\/wp-content\/uploads\/2026\/01\/UZY-TORNADO-20K-Puffs-Screen-Low-Nicotine-Bulk-Buy-150x150.webp",150,150,true],"medium":["https:\/\/vapestornado.com\/wp-content\/uploads\/2026\/01\/UZY-TORNADO-20K-Puffs-Screen-Low-Nicotine-Bulk-Buy-300x300.webp",300,300,true],"medium_large":["https:\/\/vapestornado.com\/wp-content\/uploads\/2026\/01\/UZY-TORNADO-20K-Puffs-Screen-Low-Nicotine-Bulk-Buy-768x768.webp",768,768,true],"large":["https:\/\/vapestornado.com\/wp-content\/uploads\/2026\/01\/UZY-TORNADO-20K-Puffs-Screen-Low-Nicotine-Bulk-Buy.webp",800,800,false],"1536x1536":["https:\/\/vapestornado.com\/wp-content\/uploads\/2026\/01\/UZY-TORNADO-20K-Puffs-Screen-Low-Nicotine-Bulk-Buy.webp",800,800,false],"2048x2048":["https:\/\/vapestornado.com\/wp-content\/uploads\/2026\/01\/UZY-TORNADO-20K-Puffs-Screen-Low-Nicotine-Bulk-Buy.webp",800,800,false],"trp-custom-language-flag":["https:\/\/vapestornado.com\/wp-content\/uploads\/2026\/01\/UZY-TORNADO-20K-Puffs-Screen-Low-Nicotine-Bulk-Buy-12x12.webp",12,12,true],"woocommerce_thumbnail":["https:\/\/vapestornado.com\/wp-content\/uploads\/2026\/01\/UZY-TORNADO-20K-Puffs-Screen-Low-Nicotine-Bulk-Buy-300x300.webp",300,300,true],"woocommerce_single":["https:\/\/vapestornado.com\/wp-content\/uploads\/2026\/01\/UZY-TORNADO-20K-Puffs-Screen-Low-Nicotine-Bulk-Buy-600x600.webp",600,600,true],"woocommerce_gallery_thumbnail":["https:\/\/vapestornado.com\/wp-content\/uploads\/2026\/01\/UZY-TORNADO-20K-Puffs-Screen-Low-Nicotine-Bulk-Buy-100x100.webp",100,100,true]},"uagb_author_info":{"display_name":"ESAMY","author_link":"https:\/\/vapestornado.com\/sk\/author\/"},"uagb_comment_info":0,"uagb_excerpt":"UZY Tornado 20K Disposable Vape with Screen \u2013 20000 Puffs Wholesale UZY Tornado 20000 Puffs Rechargeable Disposable Vape Pen UZY Tornado 20k Big Puff Disposable Vape for Vape Wholesale Add Amy's whatsapp to get right reply and discount price! WhatsApp: +86 17776015835","_links":{"self":[{"href":"https:\/\/vapestornado.com\/sk\/wp-json\/wp\/v2\/product\/4812","targetHints":{"allow":["GET"]}}],"collection":[{"href":"https:\/\/vapestornado.com\/sk\/wp-json\/wp\/v2\/product"}],"about":[{"href":"https:\/\/vapestornado.com\/sk\/wp-json\/wp\/v2\/types\/product"}],"replies":[{"embeddable":true,"href":"https:\/\/vapestornado.com\/sk\/wp-json\/wp\/v2\/comments?post=4812"}],"wp:featuredmedia":[{"embeddable":true,"href":"https:\/\/vapestornado.com\/sk\/wp-json\/wp\/v2\/media\/4805"}],"wp:attachment":[{"href":"https:\/\/vapestornado.com\/sk\/wp-json\/wp\/v2\/media?parent=4812"}],"wp:term":[{"taxonomy":"product_brand","embeddable":true,"href":"https:\/\/vapestornado.com\/sk\/wp-json\/wp\/v2\/product_brand?post=4812"},{"taxonomy":"product_cat","embeddable":true,"href":"https:\/\/vapestornado.com\/sk\/wp-json\/wp\/v2\/product_cat?post=4812"},{"taxonomy":"product_tag","embeddable":true,"href":"https:\/\/vapestornado.com\/sk\/wp-json\/wp\/v2\/product_tag?post=4812"}],"curies":[{"name":"wp","href":"https:\/\/api.w.org\/{rel}","templated":true}]}}