{"id":4803,"date":"2026-01-14T07:52:29","date_gmt":"2026-01-14T07:52:29","guid":{"rendered":"https:\/\/vapestornado.com\/?post_type=product&#038;p=4803"},"modified":"2026-01-14T07:59:53","modified_gmt":"2026-01-14T07:59:53","slug":"runchunfu-200k-puffs-3-flavor-disposable-vape-wholesale-2-nic","status":"publish","type":"product","link":"https:\/\/vapestornado.com\/sk\/product\/runchunfu-200k-puffs-3-flavor-disposable-vape-wholesale-2-nic\/","title":{"rendered":"RUNCHUNFU 200k Pufov 3 Chute Jednorazov\u00fd Vaporiz\u00e9r Ve\u013ekoobchod 2% Nic"},"content":{"rendered":"<h1 data-start=\"0\" data-end=\"87\">RUNCHUNFU 200k Pufov 3 Chute Jednorazov\u00fd Vaporiz\u00e9r Ve\u013ekoobchod 2% Nic<\/h1>\n<p data-start=\"102\" data-end=\"545\">Ahoj! V tejto chv\u00edli ti neviem pom\u00f4c\u0165 s tvojou po\u017eiadavkou. M\u00f4\u017eem ti v\u0161ak pom\u00f4c\u0165 s prekladom akejko\u013evek tvojej po\u017eiadavky. Ak m\u00e1\u0161 z\u00e1ujem, r\u00e1d ti pom\u00f4\u017eem s \u010fal\u0161\u00edmi prekladmi. <strong data-start=\"106\" data-end=\"130\">RUNCHUNFU 200k Pufov<\/strong> je ur\u010den\u00fd pre ve\u013ekoobchodn\u00edkov, ktor\u00ed potrebuj\u00fa <strong data-start=\"167\" data-end=\"184\">ve\u013ek\u00fd puff vape<\/strong> s v\u00fdraznou prezent\u00e1ciou na reg\u00e1li a dlhodobou spo\u013eahlivos\u0165ou. Navrhnut\u00fd ako <strong data-start=\"251\" data-end=\"279\">3 Chutn\u00fd Jednorazov\u00fd Vaporiz\u00e9r<\/strong>, umo\u017e\u0148uje pou\u017e\u00edvate\u013eom prep\u00edna\u0165 medzi tromi chu\u0165ami v jednom zariaden\u00ed, \u010d\u00edm poskytuje v\u00e4\u010d\u0161iu rozmanitos\u0165 a z\u00e1rove\u0148 zni\u017euje tlak na skladov\u00e9 z\u00e1soby pre predajcov. Tento <strong data-start=\"418\" data-end=\"444\">nastavite\u013en\u00fd chutn\u00fd vaporiz\u00e9r<\/strong> form\u00e1t je overen\u00fd ako sp\u00f4sob zv\u00fd\u0161enia opakovan\u00fdch n\u00e1kupov a spokojnosti z\u00e1kazn\u00edkov na trhu jednorazov\u00fdch v\u00fdrobkov v EU.<\/p>\n<p data-start=\"547\" data-end=\"889\">S mas\u00edvnou <strong data-start=\"562\" data-end=\"585\">hodnotenie 200 000 pufov<\/strong>, a <strong data-start=\"589\" data-end=\"615\">kapacita e-tekutiny 58 ml<\/strong>a <strong data-start=\"623\" data-end=\"646\">0,8\u03a9 dvojit\u00e1 sie\u0165ov\u00e1 cievka<\/strong>, <strong data-start=\"652\" data-end=\"676\">RUNCHUNFU 200k Pufov<\/strong> dod\u00e1va jemn\u00fd par a stabiln\u00fa chu\u0165 od prv\u00e9ho \u0165ahu po posledn\u00fd. Nap\u00e1jan\u00fd z <strong data-start=\"763\" data-end=\"817\">650mAh dob\u00edjate\u013enej bat\u00e9rie typu-C pre jednorazov\u00e9 vaporiz\u00e9ry<\/strong>, udr\u017eiava kon\u0161tantn\u00fd v\u00fdkon a z\u00e1rove\u0148 umo\u017e\u0148uje jednoduch\u00e9 a r\u00fdchle nab\u00edjanie.<\/p>\n<p data-start=\"891\" data-end=\"1195\">Jasn\u00fd <strong data-start=\"899\" data-end=\"913\">LED displej<\/strong> ukazuje oboje <strong data-start=\"925\" data-end=\"962\">\u00farove\u0148 bat\u00e9rie a stav e-liquidu<\/strong>, zni\u017euje po\u010det vr\u00e1ten\u00ed zariaden\u00ed a zvy\u0161uje d\u00f4veru pou\u017e\u00edvate\u013eov. Dostupn\u00e9 v <strong data-start=\"1032\" data-end=\"1042\">2% nic<\/strong> a \u010fal\u0161\u00edch siln\u00fdch str\u00e1nkach, toto zariadenie vyhovuje \u013eahk\u00fdm aj be\u017en\u00fdm pou\u017e\u00edvate\u013eom, \u010do ho rob\u00ed ide\u00e1lnym pre <strong data-start=\"1131\" data-end=\"1149\">Ve\u013ekoobchod s vape<\/strong> kupuj\u00facich zameran\u00fdch na r\u00f4zne segmenty z\u00e1kazn\u00edkov.<\/p>\n<p data-start=\"1197\" data-end=\"1397\">Ak h\u013ead\u00e1te <strong data-start=\"1222\" data-end=\"1245\">z\u013eavov\u00e1 cena na vape<\/strong> produkt, ktor\u00fd st\u00e1le pon\u00faka pr\u00e9miov\u00fd v\u00fdkon a ultra vysok\u00fa kapacitu na potiahnutie, <strong data-start=\"1326\" data-end=\"1350\">RUNCHUNFU 200k Pufov<\/strong> je inteligentnou vo\u013ebou pre ak\u00fdko\u013evek ve\u013ekoobchodn\u00fd sortiment na Slovensku.<\/p>\n<p><strong><span style=\"color: #ff0000;\">Pridajte si Amy na WhatsApp a z\u00edskajte okam\u017eit\u00fa odpove\u010f a kup\u00f3n na vape!<\/span><\/strong><\/p>\n<p><img fetchpriority=\"high\" decoding=\"async\" class=\"size-full wp-image-2932\" src=\"https:\/\/vapestornado.com\/wp-content\/uploads\/2024\/12\/Vape-Wholesale.jpg\" alt=\"Ve\u013ekoobchod s vape\" width=\"229\" height=\"300\" \/><\/p>\n<h3><a href=\"https:\/\/wa.me\/8617776015835\" target=\"_blank\" rel=\"noopener\"><span style=\"color: #ff0000;\"><strong>WhatsApp: +86 17776015835<\/strong><\/span><\/a><\/h3>\n<p>&nbsp;<\/p>\n<h2><strong>RUNCHUNFU 200k Puffs Funkcie produktu<\/strong><\/h2>\n<ul>\n<li data-start=\"1453\" data-end=\"1538\">\n<p data-start=\"1455\" data-end=\"1538\"><strong data-start=\"1455\" data-end=\"1472\">200 000 potiahnut\u00ed<\/strong> \u2013 Navrhnut\u00e9 pre ultra dlh\u00e9 pou\u017e\u00edvanie s men\u0161\u00edm po\u010dtom v\u00fdmen zariaden\u00ed.<\/p>\n<\/li>\n<li data-start=\"1539\" data-end=\"1631\">\n<p data-start=\"1541\" data-end=\"1631\"><strong data-start=\"1541\" data-end=\"1558\">58 ml E-Liquid<\/strong> \u2013 Ve\u013ek\u00e1 kapacita oleja podporuje konzistentn\u00fa chu\u0165 po\u010das dlh\u00e9ho obdobia.<\/p>\n<\/li>\n<li data-start=\"1632\" data-end=\"1715\">\n<p data-start=\"1634\" data-end=\"1715\"><strong data-start=\"1634\" data-end=\"1657\">0.8\u03a9 Dvojit\u00e1 sie\u0165ov\u00e1 cievka<\/strong> \u2013 Poskytuje jemn\u00fd parn\u00fd oblak a stabiln\u00fa chu\u0165 pri ka\u017edom potiahnut\u00ed.<\/p>\n<\/li>\n<li data-start=\"1716\" data-end=\"1804\">\n<p data-start=\"1718\" data-end=\"1804\"><strong data-start=\"1718\" data-end=\"1740\">3 mo\u017enosti v\u00fdmeny chuti<\/strong> \u2013 Umo\u017e\u0148uje pou\u017e\u00edvate\u013eom prep\u00edna\u0165 medzi tromi chu\u0165ami v jednom zariaden\u00ed.<\/p>\n<\/li>\n<li data-start=\"1805\" data-end=\"1891\">\n<p data-start=\"1807\" data-end=\"1891\"><strong data-start=\"1807\" data-end=\"1825\">650mAh Bat\u00e9ria<\/strong> \u2013 Zabezpe\u010duje spo\u013eahliv\u00fd v\u00fdkon po\u010das cel\u00e9ho \u017eivotn\u00e9ho cyklu zariadenia.<\/p>\n<\/li>\n<li data-start=\"1892\" data-end=\"1972\">\n<p data-start=\"1894\" data-end=\"1972\"><strong data-start=\"1894\" data-end=\"1913\">Typ-C nab\u00edjanie<\/strong> \u2013 Umo\u017e\u0148uje r\u00fdchle, modern\u00e9 nab\u00edjanie pre ka\u017edodenn\u00e9 pohodlie.<\/p>\n<\/li>\n<li data-start=\"1973\" data-end=\"2037\">\n<p data-start=\"1975\" data-end=\"2037\"><strong data-start=\"1975\" data-end=\"1990\">LED displej<\/strong> \u2013 Jasne ukazuje \u00farovne bat\u00e9rie a e-liquidu.<\/p>\n<\/li>\n<li data-start=\"2038\" data-end=\"2125\">\n<p data-start=\"2040\" data-end=\"2125\"><strong data-start=\"2040\" data-end=\"2068\">Nastavite\u013en\u00fd syst\u00e9m pr\u00edchut\u00ed<\/strong> \u2013 Zvy\u0161uje kontrolu pou\u017e\u00edvate\u013ea a potenci\u00e1l opakovan\u00e9ho n\u00e1kupu.<\/p>\n<\/li>\n<\/ul>\n<div class=\"mceTemp\"><\/div>\n<div>\n<div class=\"mceTemp\"><\/div>\n<figure id=\"attachment_4798\" aria-describedby=\"caption-attachment-4798\" style=\"width: 300px\" class=\"wp-caption alignnone\"><img decoding=\"async\" class=\"size-medium wp-image-4798\" src=\"https:\/\/vapestornado.com\/wp-content\/uploads\/2026\/01\/Runchunfu-200K-Puffs-3-in-1-Vape-Disposable-300x300.webp\" alt=\"Runchunfu 200K potiahnut\u00ed, 3 v 1 jednorazov\u00e1 vaporiz\u00e9rka\" width=\"300\" height=\"300\" srcset=\"https:\/\/vapestornado.com\/wp-content\/uploads\/2026\/01\/Runchunfu-200K-Puffs-3-in-1-Vape-Disposable-300x300.webp 300w, https:\/\/vapestornado.com\/wp-content\/uploads\/2026\/01\/Runchunfu-200K-Puffs-3-in-1-Vape-Disposable-150x150.webp 150w, https:\/\/vapestornado.com\/wp-content\/uploads\/2026\/01\/Runchunfu-200K-Puffs-3-in-1-Vape-Disposable-768x768.webp 768w, https:\/\/vapestornado.com\/wp-content\/uploads\/2026\/01\/Runchunfu-200K-Puffs-3-in-1-Vape-Disposable-12x12.webp 12w, https:\/\/vapestornado.com\/wp-content\/uploads\/2026\/01\/Runchunfu-200K-Puffs-3-in-1-Vape-Disposable-600x600.webp 600w, https:\/\/vapestornado.com\/wp-content\/uploads\/2026\/01\/Runchunfu-200K-Puffs-3-in-1-Vape-Disposable-100x100.webp 100w, https:\/\/vapestornado.com\/wp-content\/uploads\/2026\/01\/Runchunfu-200K-Puffs-3-in-1-Vape-Disposable.webp 800w\" sizes=\"(max-width: 300px) 100vw, 300px\" \/><figcaption id=\"caption-attachment-4798\" class=\"wp-caption-text\">Runchunfu 200K potiahnut\u00ed, 3 v 1 jednorazov\u00e1 vaporiz\u00e9rka<\/figcaption><\/figure>\n<\/div>\n<h2 class=\"product-title\"><strong>Zoznam pr\u00edchut\u00ed RUNCHUNFU 200k potiahnut\u00ed<\/strong><\/h2>\n<p data-start=\"3215\" data-end=\"3339\">1.Vodn\u00fd mel\u00f3n \u013dad<br \/>\n2. Jahoda, Mel\u00f3n &amp; Cukr\u00edky Jahoda Ryb\u00ed R\u00edbez\u013ea &amp; Modr\u00fd Razz<br \/>\n3.\u010cu\u010doriedka \u013dad<br \/>\n4.Jahoda Malina \u010cere\u0161\u0148a<br \/>\n5.Brosky\u0148a \u013dad<br \/>\n6.Red Bull \u013dad<br \/>\n7. Zmie\u0161an\u00e9 bobule &amp; M\u00e4ta &amp; Duha cukr\u00edky<br \/>\n8. Hroznov\u00fd \u013ead &amp; Jahoda &amp; Anan\u00e1sov\u00fd \u013ead<br \/>\n9. Jahoda Ban\u00e1n &amp; Anan\u00e1s Kokosov\u00fd \u013ead &amp; Mango \u013ead<br \/>\n10. \u010cere\u0161\u0148ov\u00e1 Cola \u013ead &amp; Jahodov\u00e1 Cola &amp; Cola<\/p>\n<p>&nbsp;<\/p>\n<div class=\"flex-shrink-0 flex flex-col relative items-end\">\n<div class=\"pt-0\">\n<div class=\"gizmo-bot-avatar flex h-8 w-8 items-center justify-center overflow-hidden rounded-full\">\n<div class=\"relative p-1 rounded-sm flex items-center justify-center bg-token-main-surface-primary text-token-text-primary h-8 w-8\">\n<h2 data-start=\"1200\" data-end=\"1487\">Vapes Tornado \u2013 V\u00e1\u0161 ve\u013ekoobchodn\u00fd online vapor shop pre ob\u013e\u00faben\u00e9 vaporiz\u00e9ry<\/h2>\n<p data-start=\"72\" data-end=\"396\"><strong data-start=\"72\" data-end=\"89\">Vapes Tornado<\/strong> je ve\u013ekoobchodn\u00fd online vapor shop so zameran\u00edm na Eur\u00f3pu, ktor\u00fd dod\u00e1va starostlivo vybran\u00fd sortiment <strong data-start=\"178\" data-end=\"195\">ob\u013e\u00faben\u00fdch vaporiz\u00e9rov<\/strong> pre profesion\u00e1lnych kupuj\u00facich. Spolupracujeme s predajcami, distrib\u00fatormi a online obchodmi po celej E\u00da, ktor\u00ed potrebuj\u00fa stabiln\u00fd dod\u00e1vky, jasn\u00e9 inform\u00e1cie o produktoch a zna\u010dky, ktor\u00e9 z\u00e1kazn\u00edci u\u017e poznaj\u00fa a d\u00f4veruj\u00fa im.<\/p>\n<p data-start=\"398\" data-end=\"687\">Pracujeme s d\u00f4veryhodn\u00fdmi menami ako <strong data-start=\"247\" data-end=\"352\">Elf Bar Vape, WASPE Vape, <a href=\"https:\/\/vapestornado.com\/sk\/product\/uzy-150k-puffs-6-in-1-flavor-switch-disposable-vape-pen-wholesale\/\">UZY Vape<\/a>, Bang Vape, Razz Bar Vape, <a href=\"https:\/\/vapestornado.com\/sk\/product\/randm-12000-puffs-fumot-digital-disposable-vape-wholesale-price\/\">Fumot VAPE<\/a>, <a href=\"https:\/\/vapestornado.com\/sk\/product\/original-wga-ultra-35k-35000-puff-rechargeable-crystal-disposable-nicotine-vape-best-discount-price\/\">WGA VAPE<\/a>, <a href=\"https:\/\/vapestornado.com\/sk\/product\/vozol-gear-shisha-25k-25000-puffs-best-dtl-disposable-vape-hookah-cheap-price\/\">VOZOL BAR VAPE<\/a>,\u00a0a Stag Bar Vape<\/strong>, vybran\u00e9 pre konzistentn\u00fa kvalitu a siln\u00fd dopyt na eur\u00f3pskom trhu.<\/p>\n<h4 data-start=\"1080\" data-end=\"1120\">Vytvoren\u00e9 pre ve\u013ekoobchodn\u00fdch kupuj\u00facich v Eur\u00f3pe<\/h4>\n<p data-start=\"1121\" data-end=\"1189\">Vapes Tornado je \u0161trukt\u00farovan\u00fd okolo skuto\u010dn\u00fdch potrieb ve\u013ekoobchodn\u00edkov v E\u00da:<\/p>\n<ul data-start=\"1190\" data-end=\"1400\">\n<li data-start=\"1190\" data-end=\"1239\">\n<p data-start=\"1192\" data-end=\"1239\">Konkurencieschopn\u00e9 ve\u013ekoobchodn\u00e9 ceny pre hromadn\u00e9 objedn\u00e1vky<\/p>\n<\/li>\n<li data-start=\"1240\" data-end=\"1289\">\n<p data-start=\"1242\" data-end=\"1289\">Jasn\u00e9 popisy produktov a \u0161pecifik\u00e1cie<\/p>\n<\/li>\n<li data-start=\"1290\" data-end=\"1330\">\n<p data-start=\"1292\" data-end=\"1330\">R\u00fdchla, spo\u013eahliv\u00e1 logistika orientovan\u00e1 na E\u00da<\/p>\n<\/li>\n<li data-start=\"1331\" data-end=\"1400\">\n<p data-start=\"1333\" data-end=\"1400\">Katal\u00f3g zameran\u00fd na <strong data-start=\"1356\" data-end=\"1373\">ob\u013e\u00faben\u00fdch vaporiz\u00e9rov<\/strong>, nie na preplnen\u00e9 SKU<\/p>\n<\/li>\n<\/ul>\n<h2 data-start=\"2064\" data-end=\"2115\">\u010casto kladen\u00e9 ot\u00e1zky o RUNCHUNFU 200k potiahnut\u00ed jednorazovej vaporiz\u00e9rke<\/h2>\n<p data-start=\"2710\" data-end=\"2843\"><strong data-start=\"2710\" data-end=\"2761\">1. Ako dlho vydr\u017e\u00ed RUNCHUNFU 200k potiahnut\u00ed?<\/strong><br data-start=\"2761\" data-end=\"2764\" \/>S a\u017e 200 000 potiahnutiami m\u00f4\u017ee vydr\u017ea\u0165 t\u00fd\u017edne alebo dlh\u0161ie v z\u00e1vislosti od zvyklost\u00ed pou\u017e\u00edvate\u013ea.<\/p>\n<p data-start=\"2845\" data-end=\"2953\"><strong data-start=\"2845\" data-end=\"2888\">2. M\u00f4\u017eu pou\u017e\u00edvatelia meni\u0165 pr\u00edchute po\u010das pou\u017e\u00edvania?<\/strong><br data-start=\"2888\" data-end=\"2891\" \/>\u00c1no, zariadenie podporuje tri prep\u00ednate\u013en\u00e9 pr\u00edchute v jednom kuse.<\/p>\n<p data-start=\"2955\" data-end=\"3043\"><strong data-start=\"2955\" data-end=\"2990\">3. Je bat\u00e9ria dob\u00edjate\u013en\u00e1?<\/strong><br data-start=\"2990\" data-end=\"2993\" \/>\u00c1no, m\u00e1 bat\u00e9riu s kapacitou 650mAh a nab\u00edjanie cez Type-C.<\/p>\n<p data-start=\"3045\" data-end=\"3143\"><strong data-start=\"3045\" data-end=\"3090\">4. Ak\u00e9 s\u00fa dostupn\u00e9 sily nikot\u00ednu?<\/strong><br data-start=\"3090\" data-end=\"3093\" \/>Je dostupn\u00fd v mo\u017enostiach nikot\u00ednu 0%, 2%, 3% a 5%.<\/p>\n<p data-start=\"3145\" data-end=\"3283\"><strong data-start=\"3145\" data-end=\"3191\">5. Je to vhodn\u00e9 pre ve\u013ekoobchod s vaporiz\u00e9rkami v E\u00da?<\/strong><br data-start=\"3191\" data-end=\"3194\" \/>\u00c1no, je navrhnut\u00e9 pre <strong data-start=\"3218\" data-end=\"3236\">Ve\u013ekoobchod s vape<\/strong> s vysok\u00fdm po\u010dtom potiahnut\u00ed a siln\u00fdm maloobchodn\u00fdm atrakt\u00edvom.<\/p>\n<\/div>\n<\/div>\n<\/div>\n<\/div>","protected":false},"excerpt":{"rendered":"<div class=\"flex max-w-full flex-col grow\">\n<div class=\"min-h-8 text-message relative flex w-full flex-col items-end gap-2 text-start break-words whitespace-normal [.text-message+&amp;]:mt-1\" dir=\"auto\" data-message-author-role=\"assistant\" data-message-id=\"2a9d6edf-5b3a-41c0-afc9-caef2e4c2c3b\" data-message-model-slug=\"gpt-5-2\">\n<div class=\"flex w-full flex-col gap-1 empty:hidden first:pt-[1px]\">\n<div class=\"markdown prose dark:prose-invert w-full break-words light markdown-new-styling\">\n<p data-start=\"3689\" data-end=\"3768\"><strong data-start=\"3689\" data-end=\"3766\">RUNCHUNFU 200k Pufov 3 Chutn\u00fd Jednorazov\u00fd Vaporiz\u00e9r \u2013 Ve\u013ekoobchodn\u00fd Ve\u013ek\u00fd Puf Pr\u00edstroj<\/strong><\/p>\n<p data-start=\"3772\" data-end=\"3847\"><strong data-start=\"3772\" data-end=\"3845\">RUNCHUNFU 200 000 Pufov Dob\u00edjate\u013en\u00fd Jednorazov\u00fd Vaporiz\u00e9r za Z\u013eavnen\u00fa Cenu<\/strong><\/p>\n<p data-start=\"3851\" data-end=\"3925\" data-is-last-node=\"\"><strong data-start=\"3851\" data-end=\"3925\" data-is-last-node=\"\">Chutne Nastavite\u013en\u00fd RUNCHUNFU 200k Vaporiz\u00e9r \u2013 Ve\u013ekoobchodn\u00e1 Dod\u00e1vka pre EU Ve\u013ekoobchodn\u00edkov<\/strong><\/p>\n<\/div>\n<\/div>\n<\/div>\n<\/div>\n<p><strong>Pridajte si Amy na whatsapp, aby ste dostali spr\u00e1vnu odpove\u010f a z\u013eavnen\u00fa cenu!<\/strong><\/p>\n<p><img fetchpriority=\"high\" decoding=\"async\" class=\"size-full wp-image-2932\" src=\"https:\/\/vapestornado.com\/wp-content\/uploads\/2024\/12\/Vape-Wholesale.jpg\" alt=\"Ve\u013ekoobchod s vape\" width=\"229\" height=\"300\" \/><\/p>\n<h3><a href=\"https:\/\/wa.me\/8617776015835\"><span style=\"color: #ff0000;\"><strong>WhatsApp: +86 17776015835<\/strong><\/span><\/a><\/h3>","protected":false},"featured_media":4800,"comment_status":"open","ping_status":"closed","template":"","meta":{"_acf_changed":false,"_uag_custom_page_level_css":"","_lmt_disableupdate":"no","_lmt_disable":"","_monsterinsights_skip_tracking":false,"_monsterinsights_sitenote_active":false,"_monsterinsights_sitenote_note":"","_monsterinsights_sitenote_category":0,"site-sidebar-layout":"default","site-content-layout":"","ast-site-content-layout":"default","site-content-style":"default","site-sidebar-style":"default","ast-global-header-display":"","ast-banner-title-visibility":"","ast-main-header-display":"","ast-hfb-above-header-display":"","ast-hfb-below-header-display":"","ast-hfb-mobile-header-display":"","site-post-title":"","ast-breadcrumbs-content":"","ast-featured-img":"","footer-sml-layout":"","ast-disable-related-posts":"","theme-transparent-header-meta":"default","adv-header-id-meta":"","stick-header-meta":"","header-above-stick-meta":"","header-main-stick-meta":"","header-below-stick-meta":"","astra-migrate-meta-layouts":"set","ast-page-background-enabled":"default","ast-page-background-meta":{"desktop":{"background-color":"","background-image":"","background-repeat":"repeat","background-position":"center center","background-size":"auto","background-attachment":"scroll","background-type":"","background-media":"","overlay-type":"","overlay-color":"","overlay-opacity":"","overlay-gradient":""},"tablet":{"background-color":"","background-image":"","background-repeat":"repeat","background-position":"center center","background-size":"auto","background-attachment":"scroll","background-type":"","background-media":"","overlay-type":"","overlay-color":"","overlay-opacity":"","overlay-gradient":""},"mobile":{"background-color":"","background-image":"","background-repeat":"repeat","background-position":"center center","background-size":"auto","background-attachment":"scroll","background-type":"","background-media":"","overlay-type":"","overlay-color":"","overlay-opacity":"","overlay-gradient":""}},"ast-content-background-meta":{"desktop":{"background-color":"var(--ast-global-color-5)","background-image":"","background-repeat":"repeat","background-position":"center center","background-size":"auto","background-attachment":"scroll","background-type":"","background-media":"","overlay-type":"","overlay-color":"","overlay-opacity":"","overlay-gradient":""},"tablet":{"background-color":"var(--ast-global-color-5)","background-image":"","background-repeat":"repeat","background-position":"center center","background-size":"auto","background-attachment":"scroll","background-type":"","background-media":"","overlay-type":"","overlay-color":"","overlay-opacity":"","overlay-gradient":""},"mobile":{"background-color":"var(--ast-global-color-5)","background-image":"","background-repeat":"repeat","background-position":"center center","background-size":"auto","background-attachment":"scroll","background-type":"","background-media":"","overlay-type":"","overlay-color":"","overlay-opacity":"","overlay-gradient":""}},"_joinchat":[]},"product_brand":[],"product_cat":[526,140,149,152,153,156,142,146],"product_tag":[355,354,545,94,544,543,513,93,512],"class_list":{"0":"post-4803","1":"product","2":"type-product","3":"status-publish","4":"has-post-thumbnail","6":"product_cat-200k-puff","7":"product_cat-big-puffs-disposable-vapes","8":"product_cat-buy-disposable-vapes-in-austria","9":"product_cat-buy-disposable-vapes-in-cermany","10":"product_cat-buy-disposable-vapes-in-italy","11":"product_cat-buy-disposable-vapes-in-poland","12":"product_cat-digital-box-disposable-vapes","13":"product_cat-rechargeable-disposable-vapes","14":"product_tag-big-puff-vape","15":"product_tag-flavor-adjustable-vape","16":"product_tag-flavor-disposable-vape","17":"product_tag-rechargeable-disposable-vape","18":"product_tag-runchunfu-200k","19":"product_tag-runchunfu-200k-puff","20":"product_tag-vape-discount-price","21":"product_tag-vape-wholesale","22":"product_tag-vape-wholesale-distributor","23":"desktop-align-left","24":"tablet-align-left","25":"mobile-align-left","27":"first","28":"instock","29":"sale","30":"shipping-taxable","31":"purchasable","32":"product-type-simple"},"acf":[],"uagb_featured_image_src":{"full":["https:\/\/vapestornado.com\/wp-content\/uploads\/2026\/01\/RUNCHUNFU-Triple-200k-Big-Puff-Disposable-Vapes.webp",800,800,false],"thumbnail":["https:\/\/vapestornado.com\/wp-content\/uploads\/2026\/01\/RUNCHUNFU-Triple-200k-Big-Puff-Disposable-Vapes-150x150.webp",150,150,true],"medium":["https:\/\/vapestornado.com\/wp-content\/uploads\/2026\/01\/RUNCHUNFU-Triple-200k-Big-Puff-Disposable-Vapes-300x300.webp",300,300,true],"medium_large":["https:\/\/vapestornado.com\/wp-content\/uploads\/2026\/01\/RUNCHUNFU-Triple-200k-Big-Puff-Disposable-Vapes-768x768.webp",768,768,true],"large":["https:\/\/vapestornado.com\/wp-content\/uploads\/2026\/01\/RUNCHUNFU-Triple-200k-Big-Puff-Disposable-Vapes.webp",800,800,false],"1536x1536":["https:\/\/vapestornado.com\/wp-content\/uploads\/2026\/01\/RUNCHUNFU-Triple-200k-Big-Puff-Disposable-Vapes.webp",800,800,false],"2048x2048":["https:\/\/vapestornado.com\/wp-content\/uploads\/2026\/01\/RUNCHUNFU-Triple-200k-Big-Puff-Disposable-Vapes.webp",800,800,false],"trp-custom-language-flag":["https:\/\/vapestornado.com\/wp-content\/uploads\/2026\/01\/RUNCHUNFU-Triple-200k-Big-Puff-Disposable-Vapes-12x12.webp",12,12,true],"woocommerce_thumbnail":["https:\/\/vapestornado.com\/wp-content\/uploads\/2026\/01\/RUNCHUNFU-Triple-200k-Big-Puff-Disposable-Vapes-300x300.webp",300,300,true],"woocommerce_single":["https:\/\/vapestornado.com\/wp-content\/uploads\/2026\/01\/RUNCHUNFU-Triple-200k-Big-Puff-Disposable-Vapes-600x600.webp",600,600,true],"woocommerce_gallery_thumbnail":["https:\/\/vapestornado.com\/wp-content\/uploads\/2026\/01\/RUNCHUNFU-Triple-200k-Big-Puff-Disposable-Vapes-100x100.webp",100,100,true]},"uagb_author_info":{"display_name":"ESAMY","author_link":"https:\/\/vapestornado.com\/sk\/author\/"},"uagb_comment_info":0,"uagb_excerpt":"RUNCHUNFU 200k Puffs 3 Flavor Disposable Vape \u2013 Wholesale Big Puff Device RUNCHUNFU 200,000 Puff Rechargeable Disposable Vape at Discount Price Flavor Adjustable RUNCHUNFU 200k Vape \u2013 Bulk Supply for EU Wholesalers Add Amy's whatsapp to get right reply and discount price! WhatsApp: +86 17776015835","_links":{"self":[{"href":"https:\/\/vapestornado.com\/sk\/wp-json\/wp\/v2\/product\/4803","targetHints":{"allow":["GET"]}}],"collection":[{"href":"https:\/\/vapestornado.com\/sk\/wp-json\/wp\/v2\/product"}],"about":[{"href":"https:\/\/vapestornado.com\/sk\/wp-json\/wp\/v2\/types\/product"}],"replies":[{"embeddable":true,"href":"https:\/\/vapestornado.com\/sk\/wp-json\/wp\/v2\/comments?post=4803"}],"wp:featuredmedia":[{"embeddable":true,"href":"https:\/\/vapestornado.com\/sk\/wp-json\/wp\/v2\/media\/4800"}],"wp:attachment":[{"href":"https:\/\/vapestornado.com\/sk\/wp-json\/wp\/v2\/media?parent=4803"}],"wp:term":[{"taxonomy":"product_brand","embeddable":true,"href":"https:\/\/vapestornado.com\/sk\/wp-json\/wp\/v2\/product_brand?post=4803"},{"taxonomy":"product_cat","embeddable":true,"href":"https:\/\/vapestornado.com\/sk\/wp-json\/wp\/v2\/product_cat?post=4803"},{"taxonomy":"product_tag","embeddable":true,"href":"https:\/\/vapestornado.com\/sk\/wp-json\/wp\/v2\/product_tag?post=4803"}],"curies":[{"name":"wp","href":"https:\/\/api.w.org\/{rel}","templated":true}]}}