{"id":4795,"date":"2026-01-13T03:09:18","date_gmt":"2026-01-13T03:09:18","guid":{"rendered":"https:\/\/vapestornado.com\/?post_type=product&#038;p=4795"},"modified":"2026-01-13T03:17:55","modified_gmt":"2026-01-13T03:17:55","slug":"al-fakher-crown-bar-15k-ice-adjust-disposable-shisha-hookah-wholesale-netherlands","status":"publish","type":"product","link":"https:\/\/vapestornado.com\/sk\/product\/al-fakher-crown-bar-15k-ice-adjust-disposable-shisha-hookah-wholesale-netherlands\/","title":{"rendered":"Al Fakher Crown Bar 15K Ice Adjust Jednorazov\u00e1 Shisha Hookah Ve\u013ekoobchod Slovensko"},"content":{"rendered":"<h1 data-start=\"0\" data-end=\"87\">Al Fakher Mega Max 40K Pufov Jednorazov\u00e1 E Shisha Crown Bar Vape s nastavite\u013en\u00fdm prietokom vzduchu<\/h1>\n<p data-start=\"107\" data-end=\"502\">Al Fakher Crown Bar 15K Ice Adjust je navrhnut\u00fd pre eursk\u00fd ve\u013ekoobchodn\u00fd trh, ktor\u00fd po\u017eaduje kontrolu chuti, dlh\u00fa \u017eivotnos\u0165 a spo\u013eahliv\u00fa kvalitu za <strong data-start=\"259\" data-end=\"274\">lacn\u00e1 cena<\/strong>Navrhnut\u00e9 pre <strong data-start=\"289\" data-end=\"316\">Jednorazov\u00e9 Elektronick\u00e9 Cigarety<\/strong> predajcom a <strong data-start=\"331\" data-end=\"368\">Ve\u013ekoobchodn\u00e9 vaporiz\u00e9ry Slovensko<\/strong> distrib\u00fatorom, tento model poskytuje a\u017e <strong data-start=\"409\" data-end=\"440\">15 000 hladk\u00fdch, stabiln\u00fdch potiahnut\u00ed<\/strong> s podpisovou chu\u0165ou Al Fakher a pr\u00e9miovou kon\u0161trukciou.<\/p>\n<p data-start=\"504\" data-end=\"842\">Na rozdiel od \u0161tandardn\u00fdch jednorazov\u00fdch, <strong data-start=\"537\" data-end=\"568\">Crown Bar Ice Adjust syst\u00e9m<\/strong> umo\u017e\u0148uje pou\u017e\u00edvate\u013eom ovl\u00e1da\u0165 intenzitu chladenia, \u010do umo\u017e\u0148uje ka\u017ed\u00e9mu z\u00e1kazn\u00edkovi vybra\u0165 si siln\u00fd \u013eadov\u00fd z\u00e1\u017eitok alebo jemnej\u0161\u00ed, teplej\u0161\u00ed \u0165ah. To rob\u00ed <strong data-start=\"703\" data-end=\"730\">Al Fakher Crown Bar 15K<\/strong> \u013eah\u0161\u00edm predaj medzi r\u00f4znymi preferenciami pou\u017e\u00edvate\u013eov, zvy\u0161uje opakovan\u00e9 n\u00e1kupy a zni\u017euje pomal\u00e9 predaje pr\u00edchut\u00ed.<\/p>\n<p data-start=\"844\" data-end=\"1140\">Poh\u00e1\u0148an\u00fd <strong data-start=\"858\" data-end=\"889\">850mAh dob\u00edjate\u013enou bat\u00e9riou<\/strong> a je naplnen\u00fd <strong data-start=\"906\" data-end=\"926\">22ml e-liquidu<\/strong>, <strong data-start=\"932\" data-end=\"960\">AL Fakher Ice Adjust 15K<\/strong> udr\u017eiava kon\u0161tantn\u00fd v\u00fdkon od prv\u00e9ho po posledn\u00fd potiahnutie. <strong data-start=\"1026\" data-end=\"1044\">0,6\u03a9 mesh cievka<\/strong> zabezpe\u010duje \u010dist\u00fd p\u00e1r, jasn\u00fa chu\u0165 a stabiln\u00fd v\u00fdkon, aj po\u010das dlhodob\u00e9ho ka\u017edodenn\u00e9ho pou\u017e\u00edvania.<\/p>\n<p data-start=\"1142\" data-end=\"1446\">Vstavan\u00fd <strong data-start=\"1153\" data-end=\"1171\">digit\u00e1lna obrazovka<\/strong> ukazuje \u00farove\u0148 bat\u00e9rie aj tekutiny, \u010d\u00edm z\u00e1kazn\u00edkom dod\u00e1va d\u00f4veru a zni\u017euje po\u010det vr\u00e1ten\u00ed zariaden\u00ed. S <strong data-start=\"1272\" data-end=\"1293\">45 overen\u00fdch pr\u00edchut\u00ed<\/strong>, <strong data-start=\"1299\" data-end=\"1312\">Crown Bar<\/strong> riadok podporuje siln\u00fa rot\u00e1ciu v maloobchode a pom\u00e1ha obchodom budova\u0165 spo\u013eahliv\u00fa kateg\u00f3riu najpred\u00e1vanej\u0161\u00edch produktov v <strong data-start=\"1411\" data-end=\"1438\">Jednorazov\u00e9 Elektronick\u00e9 Cigarety<\/strong> .<\/p>\n<p data-start=\"1448\" data-end=\"1645\">Ak z\u00edskavate <strong data-start=\"1468\" data-end=\"1505\">Ve\u013ekoobchodn\u00e9 jednorazov\u00e9 vaporiz\u00e9ry na Slovensku<\/strong>\u00a0za konkurencieschopn\u00fa cenu s r\u00fdchlo sa meniace pr\u00edchute, <strong data-start=\"1559\" data-end=\"1597\">Al Fakher Crown Bar 15K Ice Adjust<\/strong> je bezpe\u010dn\u00e1, r\u00fdchlo obr\u00e1tkov\u00e1 vo\u013eba pre v\u00e1\u0161 obchod.<\/p>\n<p><strong><span style=\"color: #ff0000;\">Pridajte si Amy na WhatsApp a z\u00edskajte okam\u017eit\u00fa odpove\u010f a kup\u00f3n na vape!<\/span><\/strong><\/p>\n<p><img fetchpriority=\"high\" decoding=\"async\" class=\"size-full wp-image-2932\" src=\"https:\/\/vapestornado.com\/wp-content\/uploads\/2024\/12\/Vape-Wholesale.jpg\" alt=\"Ve\u013ekoobchod s vape\" width=\"229\" height=\"300\" \/><\/p>\n<h3><a href=\"https:\/\/wa.me\/8617776015835\" target=\"_blank\" rel=\"noopener\"><span style=\"color: #ff0000;\"><strong>WhatsApp: +86 17776015835<\/strong><\/span><\/a><\/h3>\n<p>&nbsp;<\/p>\n<h2><strong>Funkcie produktu Al Fakher Crown Bar 15K<\/strong><\/h2>\n<ul>\n<li data-start=\"1701\" data-end=\"1810\">\n<p data-start=\"1703\" data-end=\"1810\"><strong data-start=\"1703\" data-end=\"1719\">15 000 potiahnut\u00ed<\/strong> \u2013 Poskytuje dlhodob\u00fd v\u00fdkon, ktor\u00fd udr\u017e\u00ed z\u00e1kazn\u00edkov v vapovan\u00ed na t\u00fd\u017edne na jednom zariaden\u00ed.<\/p>\n<\/li>\n<li data-start=\"1811\" data-end=\"1909\">\n<p data-start=\"1813\" data-end=\"1909\"><strong data-start=\"1813\" data-end=\"1830\">22 ml E-Liquidu<\/strong> \u2013 Ve\u013ek\u00e1 kapacita tekutiny zabezpe\u010duje stabiln\u00fa chu\u0165 bez \u010dast\u00fdch v\u00fdmen.<\/p>\n<\/li>\n<li data-start=\"1910\" data-end=\"1991\">\n<p data-start=\"1912\" data-end=\"1991\"><strong data-start=\"1912\" data-end=\"1930\">0.6\u03a9 Sie\u0165ovan\u00e1 \u0161pir\u00e1lka<\/strong> \u2013 Produkuje hladk\u00fd p\u00e1r a presn\u00fa chu\u0165 pri ka\u017edom \u0165ahu.<\/p>\n<\/li>\n<li data-start=\"1992\" data-end=\"2075\">\n<p data-start=\"1994\" data-end=\"2075\"><strong data-start=\"1994\" data-end=\"2011\">0,5% Nikot\u00ednu<\/strong> \u2013 Pon\u00faka jemn\u00fd, hladk\u00fd n\u00e1raz nikot\u00ednu vhodn\u00fd na denn\u00e9 pou\u017eitie.<\/p>\n<\/li>\n<li data-start=\"2076\" data-end=\"2164\">\n<p data-start=\"2078\" data-end=\"2164\"><strong data-start=\"2078\" data-end=\"2096\">Bat\u00e9ria 850mAh<\/strong> \u2013 Poskytuje spo\u013eahliv\u00fd v\u00fdkon po\u010das celej \u017eivotnosti zariadenia.<\/p>\n<\/li>\n<li data-start=\"2165\" data-end=\"2229\">\n<p data-start=\"2167\" data-end=\"2229\"><strong data-start=\"2167\" data-end=\"2185\">USB-C Nab\u00edjanie<\/strong> \u2013 Umo\u017e\u0148uje r\u00fdchlej\u0161ie a stabilnej\u0161ie nab\u00edjanie.<\/p>\n<\/li>\n<li data-start=\"2230\" data-end=\"2319\">\n<p data-start=\"2232\" data-end=\"2319\"><strong data-start=\"2232\" data-end=\"2254\">Ovl\u00e1danie nastavenia \u013eadov\u00e9ho chladenia<\/strong> \u2013 Umo\u017e\u0148uje pou\u017e\u00edvate\u013eom nastavi\u0165 si preferovan\u00fa \u00farove\u0148 chladenia pri ka\u017edom potiahnut\u00ed.<\/p>\n<\/li>\n<li data-start=\"2320\" data-end=\"2395\">\n<p data-start=\"2322\" data-end=\"2395\"><strong data-start=\"2322\" data-end=\"2340\">Digit\u00e1lny displej<\/strong> \u2013 Zobrazuje \u00farove\u0148 bat\u00e9rie a hladinu e-liquidu v re\u00e1lnom \u010dase.<\/p>\n<\/li>\n<li data-start=\"2396\" data-end=\"2474\">\n<p data-start=\"2398\" data-end=\"2474\"><strong data-start=\"2398\" data-end=\"2417\">Kon\u0161trukcia Crown Bar<\/strong> \u2013 Pr\u00e9miov\u00fd dizajn tela zlep\u0161uje odolnos\u0165 a pr\u00fadenie vzduchu.<\/p>\n<\/li>\n<li data-start=\"2475\" data-end=\"2543\">\n<p data-start=\"2477\" data-end=\"2543\"><strong data-start=\"2477\" data-end=\"2491\">45 pr\u00edchut\u00ed<\/strong> \u2013 Podporuje siln\u00fa rot\u00e1ciu v maloobchode a opakovan\u00fd predaj.<\/p>\n<\/li>\n<\/ul>\n<figure id=\"attachment_4791\" aria-describedby=\"caption-attachment-4791\" style=\"width: 300px\" class=\"wp-caption alignnone\"><img decoding=\"async\" class=\"size-medium wp-image-4791\" src=\"https:\/\/vapestornado.com\/wp-content\/uploads\/2026\/01\/Al-Fakher-Crown-Bar-Ice-Adjust-15K-15000-Puff-300x300.webp\" alt=\"Al Fakher Crown Bar Ice Adjust 15K 15000 Potiahnut\u00ed\" width=\"300\" height=\"300\" srcset=\"https:\/\/vapestornado.com\/wp-content\/uploads\/2026\/01\/Al-Fakher-Crown-Bar-Ice-Adjust-15K-15000-Puff-300x300.webp 300w, https:\/\/vapestornado.com\/wp-content\/uploads\/2026\/01\/Al-Fakher-Crown-Bar-Ice-Adjust-15K-15000-Puff-150x150.webp 150w, https:\/\/vapestornado.com\/wp-content\/uploads\/2026\/01\/Al-Fakher-Crown-Bar-Ice-Adjust-15K-15000-Puff-768x768.webp 768w, https:\/\/vapestornado.com\/wp-content\/uploads\/2026\/01\/Al-Fakher-Crown-Bar-Ice-Adjust-15K-15000-Puff-12x12.webp 12w, https:\/\/vapestornado.com\/wp-content\/uploads\/2026\/01\/Al-Fakher-Crown-Bar-Ice-Adjust-15K-15000-Puff-600x600.webp 600w, https:\/\/vapestornado.com\/wp-content\/uploads\/2026\/01\/Al-Fakher-Crown-Bar-Ice-Adjust-15K-15000-Puff-100x100.webp 100w, https:\/\/vapestornado.com\/wp-content\/uploads\/2026\/01\/Al-Fakher-Crown-Bar-Ice-Adjust-15K-15000-Puff.webp 800w\" sizes=\"(max-width: 300px) 100vw, 300px\" \/><figcaption id=\"caption-attachment-4791\" class=\"wp-caption-text\">Al Fakher Crown Bar Ice Adjust 15K 15000 Potiahnut\u00ed<\/figcaption><\/figure>\n<div>\n<div class=\"mceTemp\"><\/div>\n<\/div>\n<h2 class=\"product-title\"><strong>Zoznam pr\u00edchut\u00ed Crown Bar 15K od Al Fakher<\/strong><\/h2>\n<p>1 \u010cu\u010doriedka Modr\u00e1<br \/>\n2 \u010cu\u010doriedka \u013dadov\u00e1<br \/>\n3 \u010cierne r\u00edbezle \u013dadov\u00e9<br \/>\n4 \u010cierne r\u00edbezle M\u00e4ta<br \/>\n5 Modr\u00fd Razz V\u00fdbuch<br \/>\n6 Modr\u00fd Razz Limon\u00e1da<br \/>\n7 \u010cere\u0161\u0148a Vi\u0161\u0148a<br \/>\n8 \u010cu\u010doriedka \u017duva\u010dka<br \/>\n9 \u010cu\u010doriedka Limon\u00e1da<br \/>\n10 \u010cu\u010doriedka M\u00e4ta<br \/>\n11 \u010cu\u010doriedka Malina<br \/>\n12 Modr\u00fd hrozen kysl\u00e1 malina<br \/>\n13 \u010cere\u0161\u0148ov\u00fd Festival<br \/>\n14 \u010cere\u0161\u0148ov\u00fd Fizz<br \/>\n15 \u010cere\u0161\u0148ov\u00e1 \u013dadov\u00e1<br \/>\n16 Cool Mango<br \/>\n17 Fusion Pop<br \/>\n18 Hrozno<br \/>\n19 Hrozno Bobule<br \/>\n20 Hrozno M\u00e4ta<br \/>\n21 \u017duva\u010dka M\u00e4ta<br \/>\n22 Hubba<br \/>\n23 \u013dad Modr\u00e1<br \/>\n24 Citr\u00f3n Limeta<br \/>\n25 Citr\u00f3n Limeta \u010cere\u0161\u0148ov\u00fd Fizz<br \/>\n26 Citr\u00f3n M\u00e4ta<br \/>\n27 Luxusn\u00fd \u013dad<br \/>\n28 Magick\u00e1 L\u00e1ska<br \/>\n29 Mango Anan\u00e1s<br \/>\n30 Mentol<br \/>\n31 M\u00e4ta<br \/>\n32 Zmie\u0161an\u00e9 Bobule<br \/>\n33 Pomaran\u010d M\u00e4ta<br \/>\n34 Brosky\u0148a \u013dad<br \/>\n35 Anan\u00e1s \u013dad<br \/>\n36 Vesm\u00edrny sen<br \/>\n37 M\u00e4ta<br \/>\n38 Jahodov\u00e1 \u010dere\u0161\u0148a<br \/>\n39 Jahodov\u00e1 \u0161\u0165ava<br \/>\n40 Letn\u00fd sen<br \/>\n41 Dve jablk\u00e1<br \/>\n42 Mel\u00f3nov\u00e1 \u010dere\u0161\u0148a<br \/>\n43 Mel\u00f3n Kiwi<br \/>\n44 Mel\u00f3n Limeta<br \/>\n45 Mel\u00f3n Anan\u00e1s<\/p>\n<h2 data-start=\"2951\" data-end=\"2994\"><strong data-start=\"2954\" data-end=\"2994\">Pre\u010do ve\u013ekoobchodn\u00edci volia Crown Bar 15K<\/strong><\/h2>\n<p data-start=\"2996\" data-end=\"3213\">Ahoj! V tejto chv\u00edli ti neviem pom\u00f4c\u0165 s tvojou po\u017eiadavkou. M\u00f4\u017eem ti v\u0161ak pom\u00f4c\u0165 s prekladom akejko\u013evek tvojej po\u017eiadavky. Ak m\u00e1\u0161 z\u00e1ujem, r\u00e1d ti pom\u00f4\u017eem s \u010fal\u0161\u00edmi prekladmi. <strong data-start=\"3000\" data-end=\"3028\">AL Fakher Ice Adjust 15K<\/strong> kombinuje <strong data-start=\"3038\" data-end=\"3086\">dlh\u00e1 \u017eivotnos\u0165 potiahnut\u00ed, ovl\u00e1danie \u013eadu a d\u00f4vera v zna\u010dku<\/strong> do jednorazov\u00e9ho zariadenia, poskytuj\u00fac predajcom produkt, ktor\u00fd sa r\u00fdchlo pred\u00e1va, poskytuje konzistentn\u00fa kvalitu a udr\u017eiava z\u00e1kazn\u00edkov vern\u00fdch.<\/p>\n<p data-start=\"3215\" data-end=\"3339\">Objednajte teraz a zabezpe\u010dte si <strong data-start=\"3238\" data-end=\"3253\">lacn\u00e1 cena<\/strong> on <strong data-start=\"3257\" data-end=\"3284\">Al Fakher Crown Bar 15K<\/strong> pre v\u00e1\u0161 <strong data-start=\"3294\" data-end=\"3331\">Ve\u013ekoobchodn\u00e9 vaporiz\u00e9ry Slovensko<\/strong> dod\u00e1vku.<\/p>\n<p>&nbsp;<\/p>\n<div class=\"flex-shrink-0 flex flex-col relative items-end\">\n<div class=\"pt-0\">\n<div class=\"gizmo-bot-avatar flex h-8 w-8 items-center justify-center overflow-hidden rounded-full\">\n<div class=\"relative p-1 rounded-sm flex items-center justify-center bg-token-main-surface-primary text-token-text-primary h-8 w-8\">\n<h2 data-start=\"1200\" data-end=\"1487\">Vapes Tornado \u2013 V\u00e1\u0161 ve\u013ekoobchodn\u00fd online vapor shop pre ob\u013e\u00faben\u00e9 vaporiz\u00e9ry<\/h2>\n<p data-start=\"72\" data-end=\"396\"><strong data-start=\"72\" data-end=\"89\">Vapes Tornado<\/strong> je ve\u013ekoobchodn\u00fd online vapor shop so zameran\u00edm na Eur\u00f3pu, ktor\u00fd dod\u00e1va starostlivo vybran\u00fd sortiment <strong data-start=\"178\" data-end=\"195\">ob\u013e\u00faben\u00fdch vaporiz\u00e9rov<\/strong> pre profesion\u00e1lnych kupuj\u00facich. Spolupracujeme s predajcami, distrib\u00fatormi a online obchodmi po celej E\u00da, ktor\u00ed potrebuj\u00fa stabiln\u00fd dod\u00e1vky, jasn\u00e9 inform\u00e1cie o produktoch a zna\u010dky, ktor\u00e9 z\u00e1kazn\u00edci u\u017e poznaj\u00fa a d\u00f4veruj\u00fa im.<\/p>\n<p data-start=\"398\" data-end=\"687\">Pracujeme s d\u00f4veryhodn\u00fdmi menami ako <strong data-start=\"247\" data-end=\"352\">Elf Bar Vape, WASPE Vape, <a href=\"https:\/\/vapestornado.com\/sk\/product\/uzy-150k-puffs-6-in-1-flavor-switch-disposable-vape-pen-wholesale\/\">UZY Vape<\/a>, Bang Vape, Razz Bar Vape, <a href=\"https:\/\/vapestornado.com\/sk\/product\/randm-12000-puffs-fumot-digital-disposable-vape-wholesale-price\/\">Fumot VAPE<\/a>, <a href=\"https:\/\/vapestornado.com\/sk\/product\/original-wga-ultra-35k-35000-puff-rechargeable-crystal-disposable-nicotine-vape-best-discount-price\/\">WGA VAPE<\/a>, <a href=\"https:\/\/vapestornado.com\/sk\/product\/vozol-gear-shisha-25k-25000-puffs-best-dtl-disposable-vape-hookah-cheap-price\/\">VOZOL BAR VAPE<\/a>,\u00a0a Stag Bar Vape<\/strong>, vybran\u00e9 pre konzistentn\u00fa kvalitu a siln\u00fd dopyt na eur\u00f3pskom trhu.<\/p>\n<h4 data-start=\"1080\" data-end=\"1120\">Vytvoren\u00e9 pre ve\u013ekoobchodn\u00fdch kupuj\u00facich v Eur\u00f3pe<\/h4>\n<p data-start=\"1121\" data-end=\"1189\">Vapes Tornado je \u0161trukt\u00farovan\u00fd okolo skuto\u010dn\u00fdch potrieb ve\u013ekoobchodn\u00edkov v E\u00da:<\/p>\n<ul data-start=\"1190\" data-end=\"1400\">\n<li data-start=\"1190\" data-end=\"1239\">\n<p data-start=\"1192\" data-end=\"1239\">Konkurencieschopn\u00e9 ve\u013ekoobchodn\u00e9 ceny pre hromadn\u00e9 objedn\u00e1vky<\/p>\n<\/li>\n<li data-start=\"1240\" data-end=\"1289\">\n<p data-start=\"1242\" data-end=\"1289\">Jasn\u00e9 popisy produktov a \u0161pecifik\u00e1cie<\/p>\n<\/li>\n<li data-start=\"1290\" data-end=\"1330\">\n<p data-start=\"1292\" data-end=\"1330\">R\u00fdchla, spo\u013eahliv\u00e1 logistika orientovan\u00e1 na E\u00da<\/p>\n<\/li>\n<li data-start=\"1331\" data-end=\"1400\">\n<p data-start=\"1333\" data-end=\"1400\">Katal\u00f3g zameran\u00fd na <strong data-start=\"1356\" data-end=\"1373\">ob\u013e\u00faben\u00fdch vaporiz\u00e9rov<\/strong>, nie na preplnen\u00e9 SKU<\/p>\n<\/li>\n<\/ul>\n<h2 data-start=\"2064\" data-end=\"2115\">\u010casto kladen\u00e9 ot\u00e1zky o Al Fakher Crown Bar 15K Jednorazovej vape<\/h2>\n<p data-start=\"3359\" data-end=\"3484\"><strong data-start=\"3359\" data-end=\"3413\">1. Ako dlho vydr\u017e\u00ed Al Fakher Crown Bar 15K?<\/strong><br data-start=\"3413\" data-end=\"3416\" \/>S a\u017e 15 000 potiahnutiami m\u00f4\u017ee vydr\u017ea\u0165 t\u00fd\u017edne v z\u00e1vislosti od denn\u00e9ho pou\u017e\u00edvania.<\/p>\n<p data-start=\"3486\" data-end=\"3605\"><strong data-start=\"3486\" data-end=\"3532\">2. M\u00f4\u017eu z\u00e1kazn\u00edci upravi\u0165 \u00farove\u0148 chladenia?<\/strong><br data-start=\"3532\" data-end=\"3535\" \/>\u00c1no, syst\u00e9m Ice Adjust umo\u017e\u0148uje pou\u017e\u00edvate\u013eom vybra\u0165 si, ako studen\u00e9 bude ka\u017ed\u00e9 potiahnutie.<\/p>\n<p data-start=\"3607\" data-end=\"3700\"><strong data-start=\"3607\" data-end=\"3642\">3. Je bat\u00e9ria dob\u00edjate\u013en\u00e1?<\/strong><br data-start=\"3642\" data-end=\"3645\" \/>\u00c1no, m\u00e1 bat\u00e9riu 850mAh s r\u00fdchlym nab\u00edjan\u00edm USB-C.<\/p>\n<p data-start=\"3702\" data-end=\"3807\"><strong data-start=\"3702\" data-end=\"3744\">4. Ak\u00fa silu nikot\u00ednu pou\u017e\u00edva?<\/strong><br data-start=\"3744\" data-end=\"3747\" \/>Pr\u00edstroj je vybaven\u00fd nikot\u00ednom 0,5% pre jemn\u00fd, \u013eahk\u00fd z\u00e1\u017eitok.<\/p>\n<p data-start=\"3809\" data-end=\"3972\"><strong data-start=\"3809\" data-end=\"3857\">5. Je to vhodn\u00e9 na ve\u013ekoobchod v Slovenskej republike?<\/strong><br data-start=\"3857\" data-end=\"3860\" \/>\u00c1no, je navrhnut\u00e9 pre <strong data-start=\"3884\" data-end=\"3921\">Ve\u013ekoobchodn\u00e9 vaporiz\u00e9ry Slovensko<\/strong> s v\u00fdrazn\u00fdm maloobchodn\u00fdm atrakt\u00edvom a r\u00fdchlo sa pred\u00e1vaj\u00facimi pr\u00edchu\u0165ami.<\/p>\n<\/div>\n<\/div>\n<\/div>\n<\/div>","protected":false},"excerpt":{"rendered":"<p data-start=\"4393\" data-end=\"4476\"><strong data-start=\"4393\" data-end=\"4474\">AL Fakher Crown Bar 15K Ice Adjust \u2013 Ve\u013ekoobchod Jednorazov\u00e9 Elektronick\u00e9 Cigarety Slovensko<\/strong><\/p>\n<p data-start=\"4480\" data-end=\"4550\"><strong data-start=\"4480\" data-end=\"4548\">Al Fakher Ice Adjust 15K Crown Bar | 15 000 potiahnut\u00ed za lacn\u00fa cenu<\/strong><\/p>\n<p data-start=\"4554\" data-end=\"4622\" data-is-last-node=\"\"><strong data-start=\"4554\" data-end=\"4622\" data-is-last-node=\"\">Crown Bar 15K Jednorazov\u00fd Vaporiz\u00e9r \u2013 Ice Control &amp; Ve\u013ekoobchod Slovensko<\/strong><\/p>\n<p><strong>Pridajte si Amy na whatsapp, aby ste dostali spr\u00e1vnu odpove\u010f a z\u013eavnen\u00fa cenu!<\/strong><\/p>\n<p><img fetchpriority=\"high\" decoding=\"async\" class=\"size-full wp-image-2932\" src=\"https:\/\/vapestornado.com\/wp-content\/uploads\/2024\/12\/Vape-Wholesale.jpg\" alt=\"Ve\u013ekoobchod s vape\" width=\"229\" height=\"300\" \/><\/p>\n<h3><a href=\"https:\/\/wa.me\/8617776015835\"><span style=\"color: #ff0000;\"><strong>WhatsApp: +86 17776015835<\/strong><\/span><\/a><\/h3>","protected":false},"featured_media":4790,"comment_status":"open","ping_status":"closed","template":"","meta":{"_acf_changed":false,"_uag_custom_page_level_css":"","_lmt_disableupdate":"no","_lmt_disable":"","_monsterinsights_skip_tracking":false,"_monsterinsights_sitenote_active":false,"_monsterinsights_sitenote_note":"","_monsterinsights_sitenote_category":0,"site-sidebar-layout":"default","site-content-layout":"","ast-site-content-layout":"default","site-content-style":"default","site-sidebar-style":"default","ast-global-header-display":"","ast-banner-title-visibility":"","ast-main-header-display":"","ast-hfb-above-header-display":"","ast-hfb-below-header-display":"","ast-hfb-mobile-header-display":"","site-post-title":"","ast-breadcrumbs-content":"","ast-featured-img":"","footer-sml-layout":"","ast-disable-related-posts":"","theme-transparent-header-meta":"default","adv-header-id-meta":"","stick-header-meta":"","header-above-stick-meta":"","header-main-stick-meta":"","header-below-stick-meta":"","astra-migrate-meta-layouts":"set","ast-page-background-enabled":"default","ast-page-background-meta":{"desktop":{"background-color":"","background-image":"","background-repeat":"repeat","background-position":"center center","background-size":"auto","background-attachment":"scroll","background-type":"","background-media":"","overlay-type":"","overlay-color":"","overlay-opacity":"","overlay-gradient":""},"tablet":{"background-color":"","background-image":"","background-repeat":"repeat","background-position":"center center","background-size":"auto","background-attachment":"scroll","background-type":"","background-media":"","overlay-type":"","overlay-color":"","overlay-opacity":"","overlay-gradient":""},"mobile":{"background-color":"","background-image":"","background-repeat":"repeat","background-position":"center center","background-size":"auto","background-attachment":"scroll","background-type":"","background-media":"","overlay-type":"","overlay-color":"","overlay-opacity":"","overlay-gradient":""}},"ast-content-background-meta":{"desktop":{"background-color":"var(--ast-global-color-5)","background-image":"","background-repeat":"repeat","background-position":"center center","background-size":"auto","background-attachment":"scroll","background-type":"","background-media":"","overlay-type":"","overlay-color":"","overlay-opacity":"","overlay-gradient":""},"tablet":{"background-color":"var(--ast-global-color-5)","background-image":"","background-repeat":"repeat","background-position":"center center","background-size":"auto","background-attachment":"scroll","background-type":"","background-media":"","overlay-type":"","overlay-color":"","overlay-opacity":"","overlay-gradient":""},"mobile":{"background-color":"var(--ast-global-color-5)","background-image":"","background-repeat":"repeat","background-position":"center center","background-size":"auto","background-attachment":"scroll","background-type":"","background-media":"","overlay-type":"","overlay-color":"","overlay-opacity":"","overlay-gradient":""}},"_joinchat":[]},"product_brand":[],"product_cat":[71,531,140,150,152,156,158,142,146,147],"product_tag":[541,542,317,540,538,291,539,513,512],"class_list":{"0":"post-4795","1":"product","2":"type-product","3":"status-publish","4":"has-post-thumbnail","6":"product_cat-15000-puff","7":"product_cat-al-fakher-crown-bar","8":"product_cat-big-puffs-disposable-vapes","9":"product_cat-buy-disposable-vapes-in-belgium","10":"product_cat-buy-disposable-vapes-in-cermany","11":"product_cat-buy-disposable-vapes-in-poland","12":"product_cat-buy-disposable-vapes-in-spain","13":"product_cat-digital-box-disposable-vapes","14":"product_cat-rechargeable-disposable-vapes","15":"product_cat-shisha-hookah-disposable-vapes","16":"product_tag-al-fakher-15k-ice-adjust","17":"product_tag-al-fakher-15k-sound-adjust","18":"product_tag-al-fakher-crown-bar","19":"product_tag-al-fakher-crown-bar-15k","20":"product_tag-disposable-e-shisha","21":"product_tag-disposable-shisha-hookah","22":"product_tag-hookah-shisha","23":"product_tag-vape-discount-price","24":"product_tag-vape-wholesale-distributor","25":"desktop-align-left","26":"tablet-align-left","27":"mobile-align-left","29":"first","30":"instock","31":"sale","32":"shipping-taxable","33":"purchasable","34":"product-type-simple"},"acf":[],"uagb_featured_image_src":{"full":["https:\/\/vapestornado.com\/wp-content\/uploads\/2026\/01\/Al-Fakher-Crown-Bar-15K-Ice-Adjust-Disposable-Vape-Wholesale.webp",800,800,false],"thumbnail":["https:\/\/vapestornado.com\/wp-content\/uploads\/2026\/01\/Al-Fakher-Crown-Bar-15K-Ice-Adjust-Disposable-Vape-Wholesale-150x150.webp",150,150,true],"medium":["https:\/\/vapestornado.com\/wp-content\/uploads\/2026\/01\/Al-Fakher-Crown-Bar-15K-Ice-Adjust-Disposable-Vape-Wholesale-300x300.webp",300,300,true],"medium_large":["https:\/\/vapestornado.com\/wp-content\/uploads\/2026\/01\/Al-Fakher-Crown-Bar-15K-Ice-Adjust-Disposable-Vape-Wholesale-768x768.webp",768,768,true],"large":["https:\/\/vapestornado.com\/wp-content\/uploads\/2026\/01\/Al-Fakher-Crown-Bar-15K-Ice-Adjust-Disposable-Vape-Wholesale.webp",800,800,false],"1536x1536":["https:\/\/vapestornado.com\/wp-content\/uploads\/2026\/01\/Al-Fakher-Crown-Bar-15K-Ice-Adjust-Disposable-Vape-Wholesale.webp",800,800,false],"2048x2048":["https:\/\/vapestornado.com\/wp-content\/uploads\/2026\/01\/Al-Fakher-Crown-Bar-15K-Ice-Adjust-Disposable-Vape-Wholesale.webp",800,800,false],"trp-custom-language-flag":["https:\/\/vapestornado.com\/wp-content\/uploads\/2026\/01\/Al-Fakher-Crown-Bar-15K-Ice-Adjust-Disposable-Vape-Wholesale-12x12.webp",12,12,true],"woocommerce_thumbnail":["https:\/\/vapestornado.com\/wp-content\/uploads\/2026\/01\/Al-Fakher-Crown-Bar-15K-Ice-Adjust-Disposable-Vape-Wholesale-300x300.webp",300,300,true],"woocommerce_single":["https:\/\/vapestornado.com\/wp-content\/uploads\/2026\/01\/Al-Fakher-Crown-Bar-15K-Ice-Adjust-Disposable-Vape-Wholesale-600x600.webp",600,600,true],"woocommerce_gallery_thumbnail":["https:\/\/vapestornado.com\/wp-content\/uploads\/2026\/01\/Al-Fakher-Crown-Bar-15K-Ice-Adjust-Disposable-Vape-Wholesale-100x100.webp",100,100,true]},"uagb_author_info":{"display_name":"ESAMY","author_link":"https:\/\/vapestornado.com\/sk\/author\/"},"uagb_comment_info":0,"uagb_excerpt":"AL Fakher Crown Bar 15K Ice Adjust \u2013 Wholesale Disposable E Cigarettes France Al Fakher Ice Adjust 15K Crown Bar | 15,000 Puffs at Cheap Price Crown Bar 15K Disposable Vape \u2013 Ice Control &amp; Bulk Supply Europe Add Amy's whatsapp to get right reply and discount price! WhatsApp: +86 17776015835","_links":{"self":[{"href":"https:\/\/vapestornado.com\/sk\/wp-json\/wp\/v2\/product\/4795","targetHints":{"allow":["GET"]}}],"collection":[{"href":"https:\/\/vapestornado.com\/sk\/wp-json\/wp\/v2\/product"}],"about":[{"href":"https:\/\/vapestornado.com\/sk\/wp-json\/wp\/v2\/types\/product"}],"replies":[{"embeddable":true,"href":"https:\/\/vapestornado.com\/sk\/wp-json\/wp\/v2\/comments?post=4795"}],"wp:featuredmedia":[{"embeddable":true,"href":"https:\/\/vapestornado.com\/sk\/wp-json\/wp\/v2\/media\/4790"}],"wp:attachment":[{"href":"https:\/\/vapestornado.com\/sk\/wp-json\/wp\/v2\/media?parent=4795"}],"wp:term":[{"taxonomy":"product_brand","embeddable":true,"href":"https:\/\/vapestornado.com\/sk\/wp-json\/wp\/v2\/product_brand?post=4795"},{"taxonomy":"product_cat","embeddable":true,"href":"https:\/\/vapestornado.com\/sk\/wp-json\/wp\/v2\/product_cat?post=4795"},{"taxonomy":"product_tag","embeddable":true,"href":"https:\/\/vapestornado.com\/sk\/wp-json\/wp\/v2\/product_tag?post=4795"}],"curies":[{"name":"wp","href":"https:\/\/api.w.org\/{rel}","templated":true}]}}