{"id":4788,"date":"2026-01-09T08:31:41","date_gmt":"2026-01-09T08:31:41","guid":{"rendered":"https:\/\/vapestornado.com\/?post_type=product&#038;p=4788"},"modified":"2026-01-09T08:59:59","modified_gmt":"2026-01-09T08:59:59","slug":"al-fakher-60k-ehose-x-disposable-vape-crown-bar-60000-puffs-shisha-hookah-low-price","status":"publish","type":"product","link":"https:\/\/vapestornado.com\/sk\/product\/al-fakher-60k-ehose-x-disposable-vape-crown-bar-60000-puffs-shisha-hookah-low-price\/","title":{"rendered":"Al Fakher 60k EHose X Jednorazov\u00fd vaporiz\u00e9r Crown Bar 60000 Pufov Shisha Hookah N\u00edzka cena"},"content":{"rendered":"<h1 data-start=\"0\" data-end=\"87\">Al Fakher Mega Max 40K Pufov Jednorazov\u00e1 E Shisha Crown Bar Vape s nastavite\u013en\u00fdm prietokom vzduchu<\/h1>\n<p data-start=\"233\" data-end=\"642\">Ahoj! V tejto chv\u00edli ti neviem pom\u00f4c\u0165 s tvojou po\u017eiadavkou. M\u00f4\u017eem ti v\u0161ak pom\u00f4c\u0165 s prekladom akejko\u013evek tvojej po\u017eiadavky. Ak m\u00e1\u0161 z\u00e1ujem, r\u00e1d ti pom\u00f4\u017eem s \u010fal\u0161\u00edmi prekladmi. <strong data-start=\"237\" data-end=\"289\">Al Fakher 60K E-Hose X Jednorazov\u00fd vaporiz\u00e9r Crown Bar<\/strong> je navrhnut\u00fd pre kupuj\u00facich, ktor\u00ed po\u017eaduj\u00fa dlhodob\u00fa spo\u013eahlivos\u0165, siln\u00fd v\u00fdstup chuti a pary na \u00farovni shisha v jednorazovom form\u00e1te. Navrhnut\u00e9 pre <strong data-start=\"431\" data-end=\"480\">ve\u013ekoobjemov\u00fd maloobchod a ve\u013ekoobchodn\u00fd predaj<\/strong>, tento model dosahuje a\u017e <strong data-start=\"508\" data-end=\"524\">60 000 pufmi<\/strong> s stabiln\u00fdm v\u00fdkonom, \u010d\u00edm patr\u00ed medzi najn\u00e1kladovo najefekt\u00edvnej\u0161ie <strong data-start=\"591\" data-end=\"627\">ve\u013ek\u00e9 pufov\u00e9 jednorazov\u00e9 hookah vaporiz\u00e9ry<\/strong> na trhu.<\/p>\n<p data-start=\"644\" data-end=\"998\">Postaven\u00e9 okolo obrovskej <strong data-start=\"667\" data-end=\"694\">50 ml z\u00e1sobn\u00edka e-liquidu<\/strong> a <strong data-start=\"701\" data-end=\"736\">v\u00fdkonn\u00e1 mesh cievka 0,6\u03a9<\/strong>, <strong data-start=\"742\" data-end=\"769\">Al Fakher CRYSTAL 60000<\/strong> udr\u017eiava hust\u00fd p\u00e1r a \u010dist\u00fa chu\u0165 od prv\u00e9ho n\u00e1dychu po posledn\u00fd. Na rozdiel od jednorazov\u00fdch zariaden\u00ed s kr\u00e1tkou \u017eivotnos\u0165ou, ktor\u00e9 r\u00fdchlo vybledn\u00fa, tento syst\u00e9m je laden\u00fd na konzistentn\u00e9 dodanie, \u010do je nevyhnutn\u00e9 pre opakovan\u00fd predaj a udr\u017eanie z\u00e1kazn\u00edkov.<\/p>\n<p data-start=\"1000\" data-end=\"1348\">Zariadenie podporuje <strong data-start=\"1020\" data-end=\"1040\">du\u00e1lny re\u017eim vapovania<\/strong>, umo\u017e\u0148uj\u00fac pou\u017e\u00edvate\u013eom prep\u00edna\u0165 medzi <strong data-start=\"1075\" data-end=\"1099\">DTL (priame do p\u013e\u00fac)<\/strong> pre obl\u00e1\u010dkov\u00e9 shisha sedenia a <strong data-start=\"1136\" data-end=\"1159\">MTL (\u00fasta k p\u013e\u00facam)<\/strong> pre kontrolovanej\u0161ie \u0165ahy. T\u00e1to flexibilita rob\u00ed <strong data-start=\"1215\" data-end=\"1250\">Al Fakher Crown Bar Crystal 60K<\/strong> vhodn\u00fdm pre fan\u00fa\u0161ikov vodn\u00fdch fajok aj be\u017en\u00fdch jednorazov\u00fdch vapovac\u00edch zariaden\u00ed, \u010d\u00edm zvy\u0161uje jeho komer\u010dn\u00fd dosah.<\/p>\n<p data-start=\"1350\" data-end=\"1704\">A <strong data-start=\"1352\" data-end=\"1384\">1000mAh dob\u00edjacia bat\u00e9ria<\/strong> v kombin\u00e1cii s <strong data-start=\"1397\" data-end=\"1421\">r\u00fdchleho nab\u00edjania typu C<\/strong> udr\u017eiava zariadenie v prev\u00e1dzke bez prestojov. Zabudovan\u00fd <strong data-start=\"1478\" data-end=\"1503\">inteligentn\u00fd digit\u00e1lny displej<\/strong> zobrazuje aktu\u00e1lne \u00farovne bat\u00e9rie a e-liquidu, \u010d\u00edm zni\u017euje frustr\u00e1ciu pou\u017e\u00edvate\u013ea a zlep\u0161uje vn\u00edman\u00fa kvalitu produktu \u2014 d\u00f4le\u017eit\u00fd faktor v konkuren\u010dn\u00fdch <strong data-start=\"1652\" data-end=\"1688\">Ve\u013ekoobchod s jednorazov\u00fdmi vapovacimi zariadeniami na Slovensku<\/strong> a na eur\u00f3pskych trhoch.<\/p>\n<p data-start=\"1706\" data-end=\"1900\">Pre ve\u013ekoobchodn\u00edkov h\u013eadaj\u00facich <strong data-start=\"1734\" data-end=\"1787\">n\u00edzku cenu, vysok\u00fd po\u010det potiahnut\u00ed a siln\u00fd zna\u010dkov\u00fd \u0165ah<\/strong>, <strong data-start=\"1793\" data-end=\"1819\">Al Fakher 60K E-Hose X<\/strong> prin\u00e1\u0161a vyv\u00e1\u017een\u00fa kombin\u00e1ciu v\u00fdkonu, odolnosti a stability predaja.<\/p>\n<p><strong><span style=\"color: #ff0000;\">Pridajte si Amy na WhatsApp a z\u00edskajte okam\u017eit\u00fa odpove\u010f a kup\u00f3n na vape!<\/span><\/strong><\/p>\n<p><img fetchpriority=\"high\" decoding=\"async\" class=\"size-full wp-image-2932\" src=\"https:\/\/vapestornado.com\/wp-content\/uploads\/2024\/12\/Vape-Wholesale.jpg\" alt=\"Ve\u013ekoobchod s vape\" width=\"229\" height=\"300\" \/><\/p>\n<h3><a href=\"https:\/\/wa.me\/8617776015835\" target=\"_blank\" rel=\"noopener\"><span style=\"color: #ff0000;\"><strong>WhatsApp: +86 17776015835<\/strong><\/span><\/a><\/h3>\n<p>&nbsp;<\/p>\n<h2><strong>Al Fakher 60k Potiahnut\u00ed Funkcie produktu<\/strong><\/h2>\n<ul>\n<li data-start=\"1956\" data-end=\"2043\">\n<p data-start=\"1958\" data-end=\"2043\"><strong data-start=\"1958\" data-end=\"1975\">60 000 potiahnut\u00ed:<\/strong> Vytvoren\u00e9 na dlhodob\u00e9 pou\u017e\u00edvanie bez skor\u00e9ho poklesu pary alebo chuti.<\/p>\n<\/li>\n<li data-start=\"2044\" data-end=\"2151\">\n<p data-start=\"2046\" data-end=\"2151\"><strong data-start=\"2046\" data-end=\"2073\">Kapacita e-liquidu 50 ml:<\/strong> Ve\u013ek\u00e1 vn\u00fatorn\u00e1 n\u00e1dr\u017e zni\u017euje frekvenciu v\u00fdmeny a zvy\u0161uje hodnotu pre pou\u017e\u00edvate\u013ea.<\/p>\n<\/li>\n<li data-start=\"2152\" data-end=\"2230\">\n<p data-start=\"2154\" data-end=\"2230\"><strong data-start=\"2154\" data-end=\"2175\">Dvojit\u00fd re\u017eim vapovania:<\/strong> Podporuje oba re\u017eimy DTL a MTL pre \u0161ir\u0161iu z\u00e1kazn\u00edcku atraktivitu.<\/p>\n<\/li>\n<li data-start=\"2231\" data-end=\"2323\">\n<p data-start=\"2233\" data-end=\"2323\"><strong data-start=\"2233\" data-end=\"2252\">0,6\u03a9 sie\u0165ov\u00e1 cievka:<\/strong> Poskytuje plynul\u00fd pr\u00fad vzduchu, hust\u00e9 oblaky a konzistentn\u00fd v\u00fdstup chuti.<\/p>\n<\/li>\n<li data-start=\"2324\" data-end=\"2406\">\n<p data-start=\"2326\" data-end=\"2406\"><strong data-start=\"2326\" data-end=\"2346\">Bat\u00e9ria 1000mAh:<\/strong> Dob\u00edjate\u013en\u00fd nap\u00e1jac\u00ed syst\u00e9m navrhnut\u00fd pre intenz\u00edvne denn\u00e9 pou\u017e\u00edvanie.<\/p>\n<\/li>\n<li data-start=\"2407\" data-end=\"2492\">\n<p data-start=\"2409\" data-end=\"2492\"><strong data-start=\"2409\" data-end=\"2429\">R\u00fdchle nab\u00edjanie cez Type-C:<\/strong> R\u00fdchlej\u0161ie a stabilnej\u0161ie nab\u00edjanie s modernou kompatibilitou.<\/p>\n<\/li>\n<li data-start=\"2493\" data-end=\"2582\">\n<p data-start=\"2495\" data-end=\"2582\"><strong data-start=\"2495\" data-end=\"2521\">Inteligentn\u00fd digit\u00e1lny displej:<\/strong> Zobrazuje \u00farove\u0148 bat\u00e9rie a tekutiny pre spo\u013eahliv\u00e9 ka\u017edodenn\u00e9 pou\u017eitie.<\/p>\n<\/li>\n<li data-start=\"2583\" data-end=\"2666\">\n<p data-start=\"2585\" data-end=\"2666\"><strong data-start=\"2585\" data-end=\"2614\">Nikot\u00ednov\u00e1 sila 6mg\/ml:<\/strong> Vyv\u00e1\u017een\u00e9 dodanie ur\u010den\u00e9 pre vapovanie \u0161t\u00fdlom shisha.<\/p>\n<\/li>\n<\/ul>\n<div>\n<figure id=\"attachment_4783\" aria-describedby=\"caption-attachment-4783\" style=\"width: 300px\" class=\"wp-caption alignnone\"><img decoding=\"async\" class=\"size-medium wp-image-4783\" src=\"https:\/\/vapestornado.com\/wp-content\/uploads\/2026\/01\/AL-Fakher-60k-Crown-Bar-EHOSE-X-60000-Puff-Disposable-Vape-300x300.webp\" alt=\"AL Fakher 60k Crown Bar EHOSE X Jednorazov\u00fd vaporiz\u00e9r na 60000 potiahnut\u00ed\" width=\"300\" height=\"300\" srcset=\"https:\/\/vapestornado.com\/wp-content\/uploads\/2026\/01\/AL-Fakher-60k-Crown-Bar-EHOSE-X-60000-Puff-Disposable-Vape-300x300.webp 300w, https:\/\/vapestornado.com\/wp-content\/uploads\/2026\/01\/AL-Fakher-60k-Crown-Bar-EHOSE-X-60000-Puff-Disposable-Vape-150x150.webp 150w, https:\/\/vapestornado.com\/wp-content\/uploads\/2026\/01\/AL-Fakher-60k-Crown-Bar-EHOSE-X-60000-Puff-Disposable-Vape-768x768.webp 768w, https:\/\/vapestornado.com\/wp-content\/uploads\/2026\/01\/AL-Fakher-60k-Crown-Bar-EHOSE-X-60000-Puff-Disposable-Vape-12x12.webp 12w, https:\/\/vapestornado.com\/wp-content\/uploads\/2026\/01\/AL-Fakher-60k-Crown-Bar-EHOSE-X-60000-Puff-Disposable-Vape-600x600.webp 600w, https:\/\/vapestornado.com\/wp-content\/uploads\/2026\/01\/AL-Fakher-60k-Crown-Bar-EHOSE-X-60000-Puff-Disposable-Vape-100x100.webp 100w, https:\/\/vapestornado.com\/wp-content\/uploads\/2026\/01\/AL-Fakher-60k-Crown-Bar-EHOSE-X-60000-Puff-Disposable-Vape.webp 800w\" sizes=\"(max-width: 300px) 100vw, 300px\" \/><figcaption id=\"caption-attachment-4783\" class=\"wp-caption-text\">AL Fakher 60k Crown Bar EHOSE X Jednorazov\u00fd vaporiz\u00e9r na 60000 potiahnut\u00ed<\/figcaption><\/figure>\n<\/div>\n<h2 class=\"product-title\"><strong>Al Fakher 60k EHose X zoznam pr\u00edchut\u00ed na potiahnutie<\/strong><\/h2>\n<p>1 \u010cu\u010doriedka Modr\u00e1<br \/>\n2 \u010cu\u010doriedka \u013dadov\u00e1<br \/>\n3 \u010cierne r\u00edbezle \u013dadov\u00e9<br \/>\n4 \u010cierne r\u00edbezle M\u00e4ta<br \/>\n5 Modr\u00fd Razz V\u00fdbuch<br \/>\n6 Modr\u00fd Razz Limon\u00e1da<br \/>\n7 \u010cere\u0161\u0148a Vi\u0161\u0148a<br \/>\n8 \u010cu\u010doriedka \u017duva\u010dka<br \/>\n9 \u010cu\u010doriedka Limon\u00e1da<br \/>\n10 \u010cu\u010doriedka M\u00e4ta<br \/>\n11 \u010cu\u010doriedka Malina<br \/>\n12 Modr\u00fd hrozen kysl\u00e1 malina<br \/>\n13 \u010cere\u0161\u0148ov\u00fd Festival<br \/>\n14 \u010cere\u0161\u0148ov\u00fd Fizz<br \/>\n15 \u010cere\u0161\u0148ov\u00e1 \u013dadov\u00e1<br \/>\n16 Cool Mango<br \/>\n17 Fusion Pop<br \/>\n18 Hrozno<br \/>\n19 Hrozno Bobule<br \/>\n20 Hrozno M\u00e4ta<br \/>\n21 \u017duva\u010dka M\u00e4ta<br \/>\n22 Hubba<br \/>\n23 \u013dad Modr\u00e1<br \/>\n24 Citr\u00f3n Limeta<br \/>\n25 Citr\u00f3n Limeta \u010cere\u0161\u0148ov\u00fd Fizz<br \/>\n26 Citr\u00f3n M\u00e4ta<br \/>\n27 Luxusn\u00fd \u013dad<br \/>\n28 Magick\u00e1 L\u00e1ska<br \/>\n29 Mango Anan\u00e1s<br \/>\n30 Mentol<br \/>\n31 M\u00e4ta<br \/>\n32 Zmie\u0161an\u00e9 Bobule<br \/>\n33 Pomaran\u010d M\u00e4ta<br \/>\n34 Brosky\u0148a \u013dad<br \/>\n35 Anan\u00e1s \u013dad<br \/>\n36 Vesm\u00edrny sen<br \/>\n37 M\u00e4ta<br \/>\n38 Jahodov\u00e1 \u010dere\u0161\u0148a<br \/>\n39 Jahodov\u00e1 \u0161\u0165ava<br \/>\n40 Letn\u00fd sen<br \/>\n41 Dve jablk\u00e1<br \/>\n42 Mel\u00f3nov\u00e1 \u010dere\u0161\u0148a<br \/>\n43 Mel\u00f3n Kiwi<br \/>\n44 Mel\u00f3n Limeta<br \/>\n45 Mel\u00f3n Anan\u00e1s<\/p>\n<div class=\"flex-shrink-0 flex flex-col relative items-end\">\n<div class=\"pt-0\">\n<div class=\"gizmo-bot-avatar flex h-8 w-8 items-center justify-center overflow-hidden rounded-full\">\n<div class=\"relative p-1 rounded-sm flex items-center justify-center bg-token-main-surface-primary text-token-text-primary h-8 w-8\">\n<h2 data-start=\"1200\" data-end=\"1487\">Vapes Tornado \u2013 V\u00e1\u0161 ve\u013ekoobchodn\u00fd online vapor shop pre ob\u013e\u00faben\u00e9 vaporiz\u00e9ry<\/h2>\n<p data-start=\"72\" data-end=\"396\"><strong data-start=\"72\" data-end=\"89\">Vapes Tornado<\/strong> je ve\u013ekoobchodn\u00fd online vapor shop so zameran\u00edm na Eur\u00f3pu, ktor\u00fd dod\u00e1va starostlivo vybran\u00fd sortiment <strong data-start=\"178\" data-end=\"195\">ob\u013e\u00faben\u00fdch vaporiz\u00e9rov<\/strong> pre profesion\u00e1lnych kupuj\u00facich. Spolupracujeme s predajcami, distrib\u00fatormi a online obchodmi po celej E\u00da, ktor\u00ed potrebuj\u00fa stabiln\u00fd dod\u00e1vky, jasn\u00e9 inform\u00e1cie o produktoch a zna\u010dky, ktor\u00e9 z\u00e1kazn\u00edci u\u017e poznaj\u00fa a d\u00f4veruj\u00fa im.<\/p>\n<p data-start=\"398\" data-end=\"687\">Pracujeme s d\u00f4veryhodn\u00fdmi menami ako <strong data-start=\"247\" data-end=\"352\">Elf Bar Vape, WASPE Vape, <a href=\"https:\/\/vapestornado.com\/sk\/product\/uzy-150k-puffs-6-in-1-flavor-switch-disposable-vape-pen-wholesale\/\">UZY Vape<\/a>, Bang Vape, Razz Bar Vape, <a href=\"https:\/\/vapestornado.com\/sk\/product\/randm-12000-puffs-fumot-digital-disposable-vape-wholesale-price\/\">Fumot VAPE<\/a>, <a href=\"https:\/\/vapestornado.com\/sk\/product\/original-wga-ultra-35k-35000-puff-rechargeable-crystal-disposable-nicotine-vape-best-discount-price\/\">WGA VAPE<\/a>, <a href=\"https:\/\/vapestornado.com\/sk\/product\/vozol-gear-shisha-25k-25000-puffs-best-dtl-disposable-vape-hookah-cheap-price\/\">VOZOL BAR VAPE<\/a>,\u00a0a Stag Bar Vape<\/strong>, vybran\u00e9 pre konzistentn\u00fa kvalitu a siln\u00fd dopyt na eur\u00f3pskom trhu.<\/p>\n<h4 data-start=\"1080\" data-end=\"1120\">Vytvoren\u00e9 pre ve\u013ekoobchodn\u00fdch kupuj\u00facich v Eur\u00f3pe<\/h4>\n<p data-start=\"1121\" data-end=\"1189\">Vapes Tornado je \u0161trukt\u00farovan\u00fd okolo skuto\u010dn\u00fdch potrieb ve\u013ekoobchodn\u00edkov v E\u00da:<\/p>\n<ul data-start=\"1190\" data-end=\"1400\">\n<li data-start=\"1190\" data-end=\"1239\">\n<p data-start=\"1192\" data-end=\"1239\">Konkurencieschopn\u00e9 ve\u013ekoobchodn\u00e9 ceny pre hromadn\u00e9 objedn\u00e1vky<\/p>\n<\/li>\n<li data-start=\"1240\" data-end=\"1289\">\n<p data-start=\"1242\" data-end=\"1289\">Jasn\u00e9 popisy produktov a \u0161pecifik\u00e1cie<\/p>\n<\/li>\n<li data-start=\"1290\" data-end=\"1330\">\n<p data-start=\"1292\" data-end=\"1330\">R\u00fdchla, spo\u013eahliv\u00e1 logistika orientovan\u00e1 na E\u00da<\/p>\n<\/li>\n<li data-start=\"1331\" data-end=\"1400\">\n<p data-start=\"1333\" data-end=\"1400\">Katal\u00f3g zameran\u00fd na <strong data-start=\"1356\" data-end=\"1373\">ob\u013e\u00faben\u00fdch vaporiz\u00e9rov<\/strong>, nie na preplnen\u00e9 SKU<\/p>\n<\/li>\n<\/ul>\n<h2 data-start=\"2064\" data-end=\"2115\">\u010casto kladen\u00e9 ot\u00e1zky o Al Fakher 60k EHose X Jednorazovom vaporiz\u00e9ri<\/h2>\n<p data-start=\"3387\" data-end=\"3541\"><strong data-start=\"3387\" data-end=\"3441\">1. Pre koho je ur\u010den\u00fd Al Fakher 60K E-Hose X?<\/strong><br data-start=\"3441\" data-end=\"3444\" \/>Je ur\u010den\u00fd milovn\u00edkom shishy a pou\u017e\u00edvate\u013eom s vysok\u00fdm objemom, ktor\u00ed chc\u00fa dlhodob\u00fd v\u00fdkon.<\/p>\n<p data-start=\"3543\" data-end=\"3668\"><strong data-start=\"3543\" data-end=\"3587\">2. M\u00f4\u017eu pou\u017e\u00edvatelia prep\u00edna\u0165 medzi DTL a MTL?<\/strong><br data-start=\"3587\" data-end=\"3590\" \/>\u00c1no, re\u017eim dvojit\u00e9ho vapovania umo\u017e\u0148uje \u0161t\u00fdly priamo do p\u013e\u00fac aj do \u00fast.<\/p>\n<p data-start=\"3670\" data-end=\"3796\"><strong data-start=\"3670\" data-end=\"3708\">3. Ako dlho vydr\u017e\u00ed bat\u00e9ria?<\/strong><br data-start=\"3708\" data-end=\"3711\" \/>Bat\u00e9ria s kapacitou 1000mAh podporuje dlh\u00e9 denn\u00e9 pou\u017e\u00edvanie a d\u00e1 sa r\u00fdchlo nabi\u0165 cez Type-C.<\/p>\n<p data-start=\"3798\" data-end=\"3944\"><strong data-start=\"3798\" data-end=\"3857\">4. Zost\u00e1va chu\u0165 konzistentn\u00e1 po\u010das 60 000 potiahnut\u00ed?<\/strong><br data-start=\"3857\" data-end=\"3860\" \/>Sie\u0165ov\u00e1 cievka a syst\u00e9m s 50 ml e-liquidu pom\u00e1haj\u00fa udr\u017eiava\u0165 stabiln\u00fa chu\u0165 a v\u00fdstup pary.<\/p>\n<p data-start=\"3946\" data-end=\"4135\"><strong data-start=\"3946\" data-end=\"4028\">5. Je tento model vhodn\u00fd pre ve\u013ekoobchod s jednorazov\u00fdmi vapami na Slovensku a v E\u00da?<\/strong><br data-start=\"4028\" data-end=\"4031\" \/>\u00c1no, je navrhnut\u00fd na ve\u013ekoplo\u0161n\u00e9 distrib\u00facie s spo\u013eahliv\u00fdm v\u00fdkonom a silnou rozpoznate\u013enos\u0165ou zna\u010dky.<\/p>\n<\/div>\n<\/div>\n<\/div>\n<\/div>","protected":false},"excerpt":{"rendered":"<p data-start=\"4645\" data-end=\"4728\"><strong data-start=\"0\" data-end=\"26\" data-is-only-node=\"\">Al Fakher 60K E-Hose X<\/strong> poskytuje a\u017e <strong data-start=\"42\" data-end=\"58\">60 000 pufmi<\/strong> s hladk\u00fdm shisha \u0161t\u00fdlov\u00fdm parom, <strong data-start=\"91\" data-end=\"111\">du\u00e1lny re\u017eim vapovania<\/strong>, a v\u00fdkonn\u00fdm <strong data-start=\"128\" data-end=\"160\">1000mAh dob\u00edjacia bat\u00e9ria<\/strong>. Navrhnut\u00e9 pre vysokov\u00fdkonn\u00fd predaj, tento <strong data-start=\"196\" data-end=\"223\">Crown Bar Crystal 60000<\/strong> pon\u00faka siln\u00fa chu\u0165, dlh\u00fa \u017eivotnos\u0165 a <strong data-start=\"261\" data-end=\"300\">n\u00edzkon\u00e1kladov\u00fd ve\u013ekoobchod s jednorazov\u00fdmi vaporiz\u00e9rmi<\/strong> po celej Eur\u00f3pe.<\/p>\n<p><strong>Pridajte si Amy na whatsapp, aby ste dostali spr\u00e1vnu odpove\u010f a z\u013eavnen\u00fa cenu!<\/strong><\/p>\n<p><img fetchpriority=\"high\" decoding=\"async\" class=\"size-full wp-image-2932\" src=\"https:\/\/vapestornado.com\/wp-content\/uploads\/2024\/12\/Vape-Wholesale.jpg\" alt=\"Ve\u013ekoobchod s vape\" width=\"229\" height=\"300\" \/><\/p>\n<h3><a href=\"https:\/\/wa.me\/8617776015835\"><span style=\"color: #ff0000;\"><strong>WhatsApp: +86 17776015835<\/strong><\/span><\/a><\/h3>","protected":false},"featured_media":4784,"comment_status":"open","ping_status":"closed","template":"","meta":{"_acf_changed":false,"_uag_custom_page_level_css":"","_lmt_disableupdate":"no","_lmt_disable":"","_monsterinsights_skip_tracking":false,"_monsterinsights_sitenote_active":false,"_monsterinsights_sitenote_note":"","_monsterinsights_sitenote_category":0,"site-sidebar-layout":"default","site-content-layout":"","ast-site-content-layout":"default","site-content-style":"default","site-sidebar-style":"default","ast-global-header-display":"","ast-banner-title-visibility":"","ast-main-header-display":"","ast-hfb-above-header-display":"","ast-hfb-below-header-display":"","ast-hfb-mobile-header-display":"","site-post-title":"","ast-breadcrumbs-content":"","ast-featured-img":"","footer-sml-layout":"","ast-disable-related-posts":"","theme-transparent-header-meta":"default","adv-header-id-meta":"","stick-header-meta":"","header-above-stick-meta":"","header-main-stick-meta":"","header-below-stick-meta":"","astra-migrate-meta-layouts":"set","ast-page-background-enabled":"default","ast-page-background-meta":{"desktop":{"background-color":"","background-image":"","background-repeat":"repeat","background-position":"center center","background-size":"auto","background-attachment":"scroll","background-type":"","background-media":"","overlay-type":"","overlay-color":"","overlay-opacity":"","overlay-gradient":""},"tablet":{"background-color":"","background-image":"","background-repeat":"repeat","background-position":"center center","background-size":"auto","background-attachment":"scroll","background-type":"","background-media":"","overlay-type":"","overlay-color":"","overlay-opacity":"","overlay-gradient":""},"mobile":{"background-color":"","background-image":"","background-repeat":"repeat","background-position":"center center","background-size":"auto","background-attachment":"scroll","background-type":"","background-media":"","overlay-type":"","overlay-color":"","overlay-opacity":"","overlay-gradient":""}},"ast-content-background-meta":{"desktop":{"background-color":"var(--ast-global-color-5)","background-image":"","background-repeat":"repeat","background-position":"center center","background-size":"auto","background-attachment":"scroll","background-type":"","background-media":"","overlay-type":"","overlay-color":"","overlay-opacity":"","overlay-gradient":""},"tablet":{"background-color":"var(--ast-global-color-5)","background-image":"","background-repeat":"repeat","background-position":"center center","background-size":"auto","background-attachment":"scroll","background-type":"","background-media":"","overlay-type":"","overlay-color":"","overlay-opacity":"","overlay-gradient":""},"mobile":{"background-color":"var(--ast-global-color-5)","background-image":"","background-repeat":"repeat","background-position":"center center","background-size":"auto","background-attachment":"scroll","background-type":"","background-media":"","overlay-type":"","overlay-color":"","overlay-opacity":"","overlay-gradient":""}},"_joinchat":[]},"product_brand":[],"product_cat":[343,531,140,150,152,156,158,142,146,147],"product_tag":[537,536,317,538,291,539,513,512],"class_list":{"0":"post-4788","1":"product","2":"type-product","3":"status-publish","4":"has-post-thumbnail","6":"product_cat-60000-puff","7":"product_cat-al-fakher-crown-bar","8":"product_cat-big-puffs-disposable-vapes","9":"product_cat-buy-disposable-vapes-in-belgium","10":"product_cat-buy-disposable-vapes-in-cermany","11":"product_cat-buy-disposable-vapes-in-poland","12":"product_cat-buy-disposable-vapes-in-spain","13":"product_cat-digital-box-disposable-vapes","14":"product_cat-rechargeable-disposable-vapes","15":"product_cat-shisha-hookah-disposable-vapes","16":"product_tag-al-fakher-60000","17":"product_tag-al-fakher-60k-ehose-x","18":"product_tag-al-fakher-crown-bar","19":"product_tag-disposable-e-shisha","20":"product_tag-disposable-shisha-hookah","21":"product_tag-hookah-shisha","22":"product_tag-vape-discount-price","23":"product_tag-vape-wholesale-distributor","24":"desktop-align-left","25":"tablet-align-left","26":"mobile-align-left","28":"first","29":"instock","30":"sale","31":"shipping-taxable","32":"purchasable","33":"product-type-simple"},"acf":[],"uagb_featured_image_src":{"full":["https:\/\/vapestornado.com\/wp-content\/uploads\/2026\/01\/AL-Fakher-Crown-Bar-EHOSE-X-60K-Disposable-Vape.webp",800,800,false],"thumbnail":["https:\/\/vapestornado.com\/wp-content\/uploads\/2026\/01\/AL-Fakher-Crown-Bar-EHOSE-X-60K-Disposable-Vape-150x150.webp",150,150,true],"medium":["https:\/\/vapestornado.com\/wp-content\/uploads\/2026\/01\/AL-Fakher-Crown-Bar-EHOSE-X-60K-Disposable-Vape-300x300.webp",300,300,true],"medium_large":["https:\/\/vapestornado.com\/wp-content\/uploads\/2026\/01\/AL-Fakher-Crown-Bar-EHOSE-X-60K-Disposable-Vape-768x768.webp",768,768,true],"large":["https:\/\/vapestornado.com\/wp-content\/uploads\/2026\/01\/AL-Fakher-Crown-Bar-EHOSE-X-60K-Disposable-Vape.webp",800,800,false],"1536x1536":["https:\/\/vapestornado.com\/wp-content\/uploads\/2026\/01\/AL-Fakher-Crown-Bar-EHOSE-X-60K-Disposable-Vape.webp",800,800,false],"2048x2048":["https:\/\/vapestornado.com\/wp-content\/uploads\/2026\/01\/AL-Fakher-Crown-Bar-EHOSE-X-60K-Disposable-Vape.webp",800,800,false],"trp-custom-language-flag":["https:\/\/vapestornado.com\/wp-content\/uploads\/2026\/01\/AL-Fakher-Crown-Bar-EHOSE-X-60K-Disposable-Vape-12x12.webp",12,12,true],"woocommerce_thumbnail":["https:\/\/vapestornado.com\/wp-content\/uploads\/2026\/01\/AL-Fakher-Crown-Bar-EHOSE-X-60K-Disposable-Vape-300x300.webp",300,300,true],"woocommerce_single":["https:\/\/vapestornado.com\/wp-content\/uploads\/2026\/01\/AL-Fakher-Crown-Bar-EHOSE-X-60K-Disposable-Vape-600x600.webp",600,600,true],"woocommerce_gallery_thumbnail":["https:\/\/vapestornado.com\/wp-content\/uploads\/2026\/01\/AL-Fakher-Crown-Bar-EHOSE-X-60K-Disposable-Vape-100x100.webp",100,100,true]},"uagb_author_info":{"display_name":"ESAMY","author_link":"https:\/\/vapestornado.com\/sk\/author\/"},"uagb_comment_info":0,"uagb_excerpt":"Al Fakher 60K E-Hose X delivers up to 60,000 puffs with smooth shisha-style vapor, dual vaping mode, and a powerful 1000mAh rechargeable battery. Built for high-volume sales, this Crown Bar Crystal 60000 offers strong flavor, long life, and low-price disposable vape wholesale across Europe. Add Amy's whatsapp to get right reply and discount price! WhatsApp:&hellip;","_links":{"self":[{"href":"https:\/\/vapestornado.com\/sk\/wp-json\/wp\/v2\/product\/4788","targetHints":{"allow":["GET"]}}],"collection":[{"href":"https:\/\/vapestornado.com\/sk\/wp-json\/wp\/v2\/product"}],"about":[{"href":"https:\/\/vapestornado.com\/sk\/wp-json\/wp\/v2\/types\/product"}],"replies":[{"embeddable":true,"href":"https:\/\/vapestornado.com\/sk\/wp-json\/wp\/v2\/comments?post=4788"}],"wp:featuredmedia":[{"embeddable":true,"href":"https:\/\/vapestornado.com\/sk\/wp-json\/wp\/v2\/media\/4784"}],"wp:attachment":[{"href":"https:\/\/vapestornado.com\/sk\/wp-json\/wp\/v2\/media?parent=4788"}],"wp:term":[{"taxonomy":"product_brand","embeddable":true,"href":"https:\/\/vapestornado.com\/sk\/wp-json\/wp\/v2\/product_brand?post=4788"},{"taxonomy":"product_cat","embeddable":true,"href":"https:\/\/vapestornado.com\/sk\/wp-json\/wp\/v2\/product_cat?post=4788"},{"taxonomy":"product_tag","embeddable":true,"href":"https:\/\/vapestornado.com\/sk\/wp-json\/wp\/v2\/product_tag?post=4788"}],"curies":[{"name":"wp","href":"https:\/\/api.w.org\/{rel}","templated":true}]}}