{"id":4781,"date":"2026-01-07T09:28:57","date_gmt":"2026-01-07T09:28:57","guid":{"rendered":"https:\/\/vapestornado.com\/?post_type=product&#038;p=4781"},"modified":"2026-01-07T09:59:16","modified_gmt":"2026-01-07T09:59:16","slug":"al-fakher-mega-max-40k-puffs-crown-bar-disposable-e-shisha-hookah-vape-adjustable-airflow","status":"publish","type":"product","link":"https:\/\/vapestornado.com\/sk\/product\/al-fakher-mega-max-40k-puffs-crown-bar-disposable-e-shisha-hookah-vape-adjustable-airflow\/","title":{"rendered":"Al Fakher Mega Max 40K Pufov Jednorazov\u00e1 E Shisha Crown Bar Vaping Nastavite\u013en\u00fd prietok vzduchu"},"content":{"rendered":"<h1 data-start=\"0\" data-end=\"87\">Al Fakher Mega Max 40K Pufov Jednorazov\u00e1 E Shisha Crown Bar Vape s nastavite\u013en\u00fdm prietokom vzduchu<\/h1>\n<p data-start=\"207\" data-end=\"581\">Vytvoren\u00fd pre pou\u017e\u00edvate\u013eov s vysok\u00fdm objemom a ve\u013ekoobchodn\u00e9 trhy, <strong data-start=\"262\" data-end=\"288\">Al Fakher Mega Max 40K<\/strong> predstavuje \u010fal\u0161iu evol\u00faciu v\u00fdkonu jednorazovej e-shisha. S kapacitou a\u017e <strong data-start=\"366\" data-end=\"382\">40 000 \u0165ahov<\/strong>, nastavite\u013en\u00fdm prietokom vzduchu a podpisov\u00fdm in\u017einierstvom pr\u00edchut\u00ed od Al Fakher, je toto zariadenie umiestnen\u00e9 ako pr\u00e9miov\u00e9, no praktick\u00e9 rie\u0161enie pre distrib\u00fatorov v E\u00da, ktor\u00ed h\u013eadaj\u00fa stabiln\u00fd obrat a siln\u00fa opakovan\u00fa dopyt.<\/p>\n<p data-start=\"583\" data-end=\"1045\">Ako s\u00fa\u010das\u0165 <strong data-start=\"598\" data-end=\"621\">Al Fakher Crown Bar<\/strong> sortimentu, Mega Max 40000 je navrhnut\u00fd tak, aby poskytoval konzistentn\u00fd v\u00fdkon po\u010das cel\u00e9ho svojho \u017eivotn\u00e9ho cyklu. Kombin\u00e1cia <strong data-start=\"738\" data-end=\"756\">du\u00e1lna sie\u0165ov\u00e1 cievka<\/strong>, <strong data-start=\"758\" data-end=\"785\">20 ml predplnen\u00e9ho e-tekut\u00edn<\/strong>a <strong data-start=\"793\" data-end=\"824\">nab\u00edjate\u013en\u00e1 bat\u00e9ria s kapacitou 850 mAh<\/strong> zabezpe\u010duje spo\u013eahliv\u00fa hustotu pary a jasnos\u0165 chuti od prv\u00e9ho \u0165ahu po posledn\u00fd. To ho rob\u00ed obzvl\u00e1\u0161\u0165 vhodn\u00fdm pre z\u00e1kazn\u00edkov prech\u00e1dzaj\u00facich z tradi\u010dn\u00fdch hookah alebo opakovane pou\u017eite\u013en\u00fdch syst\u00e9mov e-shisha na jednorazov\u00e9 form\u00e1ty.<\/p>\n<p data-start=\"1047\" data-end=\"1332\">Ahoj! V tejto chv\u00edli ti neviem pom\u00f4c\u0165 s tvojou po\u017eiadavkou. M\u00f4\u017eem ti v\u0161ak pom\u00f4c\u0165 s prekladom akejko\u013evek tvojej po\u017eiadavky. Ak m\u00e1\u0161 z\u00e1ujem, r\u00e1d ti pom\u00f4\u017eem s \u010fal\u0161\u00edmi prekladmi. <strong data-start=\"1051\" data-end=\"1080\">nastavite\u013en\u00e9ho pr\u00fadenia vzduchu<\/strong> umo\u017e\u0148uje pou\u017e\u00edvate\u013eom jemne doladi\u0165 svoj n\u00e1dych, prech\u00e1dzaj\u00fac od tesnej\u0161ieho \u0165ahu \u0161t\u00fdlu hookah po otvorenej\u0161\u00ed, vzdu\u0161nej\u0161\u00ed z\u00e1\u017eitok. T\u00e1to flexibilita roz\u0161iruje jeho atraktivitu medzi r\u00f4znymi preferenciami vapingu, pom\u00e1ha predajcom pokry\u0165 viac z\u00e1kazn\u00edckych profilov jedn\u00fdm SKU.<\/p>\n<p data-start=\"1334\" data-end=\"1686\">Pre ve\u013ekoobchodn\u00fdch kupuj\u00facich pon\u00faka Al Fakher Mega Max 40K to, \u010do je najd\u00f4le\u017eitej\u0161ie: rozpoznate\u013en\u00e1 zna\u010dka, kontrolovan\u00e1 sila nikot\u00ednu, modern\u00e9 nab\u00edjanie Type-C a kvalita kon\u0161trukcie, ktor\u00e1 odr\u00e1\u017ea dlhodob\u00fa spo\u013eahlivos\u0165 namiesto kr\u00e1tkodob\u00fdch noviniek. Umiestnen\u00fd ako <strong data-start=\"1589\" data-end=\"1620\">konkurencieschopn\u00fa ve\u013ekoobchodn\u00fa cenu<\/strong>, je siln\u00fdm hr\u00e1\u010dom v kateg\u00f3rii jednorazov\u00fdch e-shisha v E\u00da.<\/p>\n<h2 data-start=\"2768\" data-end=\"2821\">Pre\u010do si vybra\u0165 Al Fakher Mega Max 40000 pre ve\u013ekoobchod?<\/h2>\n<p data-start=\"2823\" data-end=\"3237\">Ahoj! V tejto chv\u00edli ti neviem pom\u00f4c\u0165 s tvojou po\u017eiadavkou. M\u00f4\u017eem ti v\u0161ak pom\u00f4c\u0165 s prekladom akejko\u013evek tvojej po\u017eiadavky. Ak m\u00e1\u0161 z\u00e1ujem, r\u00e1d ti pom\u00f4\u017eem s \u010fal\u0161\u00edmi prekladmi. <strong data-start=\"2827\" data-end=\"2855\">Al Fakher Mega Max 40000<\/strong> je navrhnut\u00fd pre konzistentnos\u0165, nie pre triky. Vyu\u017e\u00edva glob\u00e1lnu d\u00f4veru v zna\u010dku Al Fakher a z\u00e1rove\u0148 sp\u013a\u0148a o\u010dak\u00e1vania distrib\u00fatorov v E\u00da, ktor\u00ed klad\u00fa d\u00f4raz na spo\u013eahlivos\u0165, pr\u00e1vne postavenie a predv\u00eddate\u013en\u00fd odbyt. Jeho jednorazov\u00e1 e-shisha faj\u010diarska forma, nastavite\u013en\u00fd prietok vzduchu a dlh\u00e1 \u017eivotnos\u0165 na potiahnutie ho robia siln\u00fdm doplnkom pre predajn\u00e9 kan\u00e1ly zameran\u00e9 na vape aj na fajku.<\/p>\n<p><strong><span style=\"color: #ff0000;\">Pridajte si Amy na WhatsApp a z\u00edskajte okam\u017eit\u00fa odpove\u010f a kup\u00f3n na vape!<\/span><\/strong><\/p>\n<p><img fetchpriority=\"high\" decoding=\"async\" class=\"size-full wp-image-2932\" src=\"https:\/\/vapestornado.com\/wp-content\/uploads\/2024\/12\/Vape-Wholesale.jpg\" alt=\"Ve\u013ekoobchod s vape\" width=\"229\" height=\"300\" \/><\/p>\n<h3><a href=\"https:\/\/wa.me\/8617776015835\" target=\"_blank\" rel=\"noopener\"><span style=\"color: #ff0000;\"><strong>WhatsApp: +86 17776015835<\/strong><\/span><\/a><\/h3>\n<p>&nbsp;<\/p>\n<h2><strong>Al Fakher Mega Max 40K Potiahnut\u00ed Funkcie produktu<\/strong><\/h2>\n<ul>\n<li data-start=\"113\" data-end=\"228\">\n<p data-start=\"115\" data-end=\"228\"><strong data-start=\"115\" data-end=\"139\">Kapacita 40 000 potiahnut\u00ed<\/strong> \u2013 Poskytuje roz\u0161\u00edren\u00fd v\u00fdkon DTL vapingu ur\u010den\u00fd na dlhodob\u00e9, vysokofrekven\u010dn\u00e9 pou\u017e\u00edvanie.<\/p>\n<\/li>\n<li data-start=\"229\" data-end=\"361\">\n<p data-start=\"231\" data-end=\"361\"><strong data-start=\"231\" data-end=\"258\">DTL \u0161t\u00fdl shisha fajky<\/strong> \u2013 Optimalizovan\u00e9 pre priame n\u00e1dychy do p\u013e\u00fac, vytv\u00e1ra hust\u00e9 oblaky podobn\u00e9 tradi\u010dn\u00fdm fajk\u00e1m.<\/p>\n<\/li>\n<li data-start=\"362\" data-end=\"476\">\n<p data-start=\"364\" data-end=\"476\"><strong data-start=\"364\" data-end=\"393\">Technol\u00f3gia du\u00e1lnej sie\u0165ovej cievky<\/strong> \u2013 Zabezpe\u010duje rovnomern\u00e9 zahrievanie a stabiln\u00fd v\u00fdstup chuti od prv\u00e9ho po posledn\u00fd potiahnutie.<\/p>\n<\/li>\n<li data-start=\"477\" data-end=\"605\">\n<p data-start=\"479\" data-end=\"605\"><strong data-start=\"479\" data-end=\"508\">Nastavite\u013en\u00fd syst\u00e9m prietoku vzduchu<\/strong> \u2013 Umo\u017e\u0148uje pou\u017e\u00edvate\u013eom jemne doladi\u0165 odpor pri n\u00e1dychu pre personalizovan\u00fd DTL alebo \u0161t\u00fdl shisha n\u00e1dychu.<\/p>\n<\/li>\n<li data-start=\"606\" data-end=\"729\">\n<p data-start=\"608\" data-end=\"729\"><strong data-start=\"608\" data-end=\"636\">20 ml predplnen\u00e9ho e-liquidu<\/strong> \u2013 Ve\u013ek\u00e1 kapacita e-liquidu zni\u017euje frekvenciu v\u00fdmeny a podporuje dlh\u00e9 vapingov\u00e9 sedenia.<\/p>\n<\/li>\n<li data-start=\"730\" data-end=\"841\">\n<p data-start=\"732\" data-end=\"841\"><strong data-start=\"732\" data-end=\"757\">Nikot\u00ednov\u00e1 sila 0,6%<\/strong> \u2013 Poskytuje hladk\u00e9, kontrolovan\u00e9 dodanie nikot\u00ednu vhodn\u00e9 na dlhodob\u00e9 denn\u00e9 pou\u017e\u00edvanie.<\/p>\n<\/li>\n<li data-start=\"842\" data-end=\"945\">\n<p data-start=\"844\" data-end=\"945\"><strong data-start=\"844\" data-end=\"875\">850mAh Nab\u00edjate\u013en\u00e1 Bat\u00e9ria<\/strong> \u2013 Zabezpe\u010duje konzistentn\u00fd v\u00fdkon po\u010das cel\u00e9ho \u017eivotnosti 40K potiahnut\u00ed.<\/p>\n<\/li>\n<li data-start=\"946\" data-end=\"1051\">\n<p data-start=\"948\" data-end=\"1051\"><strong data-start=\"948\" data-end=\"976\">R\u00fdchle nab\u00edjanie USB Type-C<\/strong> \u2013 Umo\u017e\u0148uje r\u00fdchle, pohodln\u00e9 nab\u00edjanie s modernou kompatibilitou zariaden\u00ed.<\/p>\n<\/li>\n<li data-start=\"1052\" data-end=\"1148\">\n<p data-start=\"1054\" data-end=\"1148\"><strong data-start=\"1054\" data-end=\"1076\">LED Displej<\/strong> \u2013 Jasne zobrazuje \u00farove\u0148 bat\u00e9rie a e-liquidu pre lep\u0161iu kontrolu pou\u017e\u00edvania.<\/p>\n<\/li>\n<li data-start=\"1149\" data-end=\"1259\">\n<p data-start=\"1151\" data-end=\"1259\"><strong data-start=\"1151\" data-end=\"1176\">Pr\u00e9miov\u00e9 telo z hlin\u00edka<\/strong> \u2013 Kombinuje odolnos\u0165 s ergonomick\u00fdm, pr\u00e9miov\u00fdm vzh\u013eadom pre ka\u017edodenn\u00fa prenosnos\u0165.<\/p>\n<\/li>\n<\/ul>\n<figure id=\"attachment_4777\" aria-describedby=\"caption-attachment-4777\" style=\"width: 300px\" class=\"wp-caption alignnone\"><img decoding=\"async\" class=\"size-medium wp-image-4777\" src=\"https:\/\/vapestornado.com\/wp-content\/uploads\/2026\/01\/Al-Fakher-Mega-Max-40K-40000-Puff-Vape-Wholesale-Spain-300x300.webp\" alt=\"Al Fakher Mega Max 40K 40000 Pufov Ve\u013ekoobchod Vape \u0160panielsko\" width=\"300\" height=\"300\" srcset=\"https:\/\/vapestornado.com\/wp-content\/uploads\/2026\/01\/Al-Fakher-Mega-Max-40K-40000-Puff-Vape-Wholesale-Spain-300x300.webp 300w, https:\/\/vapestornado.com\/wp-content\/uploads\/2026\/01\/Al-Fakher-Mega-Max-40K-40000-Puff-Vape-Wholesale-Spain-150x150.webp 150w, https:\/\/vapestornado.com\/wp-content\/uploads\/2026\/01\/Al-Fakher-Mega-Max-40K-40000-Puff-Vape-Wholesale-Spain-768x768.webp 768w, https:\/\/vapestornado.com\/wp-content\/uploads\/2026\/01\/Al-Fakher-Mega-Max-40K-40000-Puff-Vape-Wholesale-Spain-12x12.webp 12w, https:\/\/vapestornado.com\/wp-content\/uploads\/2026\/01\/Al-Fakher-Mega-Max-40K-40000-Puff-Vape-Wholesale-Spain-600x600.webp 600w, https:\/\/vapestornado.com\/wp-content\/uploads\/2026\/01\/Al-Fakher-Mega-Max-40K-40000-Puff-Vape-Wholesale-Spain-100x100.webp 100w, https:\/\/vapestornado.com\/wp-content\/uploads\/2026\/01\/Al-Fakher-Mega-Max-40K-40000-Puff-Vape-Wholesale-Spain.webp 800w\" sizes=\"(max-width: 300px) 100vw, 300px\" \/><figcaption id=\"caption-attachment-4777\" class=\"wp-caption-text\">Al Fakher Mega Max 40K 40000 Pufov Ve\u013ekoobchod Vape \u0160panielsko<\/figcaption><\/figure>\n<p>&nbsp;<\/p>\n<div><\/div>\n<h2 class=\"product-title\"><strong>Zoznam pr\u00edchut\u00ed Al Fakher Mega Max 40K Pufov<\/strong><\/h2>\n<p>1 \u010cu\u010doriedka Modr\u00e1<br \/>\n2 \u010cu\u010doriedka \u013dadov\u00e1<br \/>\n3 \u010cierne r\u00edbezle \u013dadov\u00e9<br \/>\n4 \u010cierne r\u00edbezle M\u00e4ta<br \/>\n5 Modr\u00fd Razz V\u00fdbuch<br \/>\n6 Modr\u00fd Razz Limon\u00e1da<br \/>\n7 \u010cere\u0161\u0148a Vi\u0161\u0148a<br \/>\n8 \u010cu\u010doriedka \u017duva\u010dka<br \/>\n9 \u010cu\u010doriedka Limon\u00e1da<br \/>\n10 \u010cu\u010doriedka M\u00e4ta<br \/>\n11 \u010cu\u010doriedka Malina<br \/>\n12 Modr\u00fd hrozen kysl\u00e1 malina<br \/>\n13 \u010cere\u0161\u0148ov\u00fd Festival<br \/>\n14 \u010cere\u0161\u0148ov\u00fd Fizz<br \/>\n15 \u010cere\u0161\u0148ov\u00e1 \u013dadov\u00e1<br \/>\n16 Cool Mango<br \/>\n17 Fusion Pop<br \/>\n18 Hrozno<br \/>\n19 Hrozno Bobule<br \/>\n20 Hrozno M\u00e4ta<br \/>\n21 \u017duva\u010dka M\u00e4ta<br \/>\n22 Hubba<br \/>\n23 \u013dad Modr\u00e1<br \/>\n24 Citr\u00f3n Limeta<br \/>\n25 Citr\u00f3n Limeta \u010cere\u0161\u0148ov\u00fd Fizz<br \/>\n26 Citr\u00f3n M\u00e4ta<br \/>\n27 Luxusn\u00fd \u013dad<br \/>\n28 Magick\u00e1 L\u00e1ska<br \/>\n29 Mango Anan\u00e1s<br \/>\n30 Mentol<br \/>\n31 M\u00e4ta<br \/>\n32 Zmie\u0161an\u00e9 Bobule<br \/>\n33 Pomaran\u010d M\u00e4ta<br \/>\n34 Brosky\u0148a \u013dad<br \/>\n35 Anan\u00e1s \u013dad<br \/>\n36 Vesm\u00edrny sen<br \/>\n37 M\u00e4ta<br \/>\n38 Jahodov\u00e1 \u010dere\u0161\u0148a<br \/>\n39 Jahodov\u00e1 \u0161\u0165ava<br \/>\n40 Letn\u00fd sen<br \/>\n41 Dve jablk\u00e1<br \/>\n42 Mel\u00f3nov\u00e1 \u010dere\u0161\u0148a<br \/>\n43 Mel\u00f3n Kiwi<br \/>\n44 Mel\u00f3n Limeta<br \/>\n45 Mel\u00f3n Anan\u00e1s<\/p>\n<div class=\"flex-shrink-0 flex flex-col relative items-end\">\n<div class=\"pt-0\">\n<div class=\"gizmo-bot-avatar flex h-8 w-8 items-center justify-center overflow-hidden rounded-full\">\n<div class=\"relative p-1 rounded-sm flex items-center justify-center bg-token-main-surface-primary text-token-text-primary h-8 w-8\">\n<h2 data-start=\"1200\" data-end=\"1487\">Vapes Tornado \u2013 V\u00e1\u0161 ve\u013ekoobchodn\u00fd online vapor shop pre ob\u013e\u00faben\u00e9 vaporiz\u00e9ry<\/h2>\n<p data-start=\"72\" data-end=\"396\"><strong data-start=\"72\" data-end=\"89\">Vapes Tornado<\/strong> je ve\u013ekoobchodn\u00fd online vapor shop so zameran\u00edm na Eur\u00f3pu, ktor\u00fd dod\u00e1va starostlivo vybran\u00fd sortiment <strong data-start=\"178\" data-end=\"195\">ob\u013e\u00faben\u00fdch vaporiz\u00e9rov<\/strong> pre profesion\u00e1lnych kupuj\u00facich. Spolupracujeme s predajcami, distrib\u00fatormi a online obchodmi po celej E\u00da, ktor\u00ed potrebuj\u00fa stabiln\u00fd dod\u00e1vky, jasn\u00e9 inform\u00e1cie o produktoch a zna\u010dky, ktor\u00e9 z\u00e1kazn\u00edci u\u017e poznaj\u00fa a d\u00f4veruj\u00fa im.<\/p>\n<p data-start=\"398\" data-end=\"687\">Pracujeme s d\u00f4veryhodn\u00fdmi menami ako <strong data-start=\"307\" data-end=\"362\"><a href=\"https:\/\/vapestornado.com\/sk\/product\/randm-12000-puffs-fumot-digital-disposable-vape-wholesale-price\/\">Fumot VAPE<\/a>, <a href=\"https:\/\/vapestornado.com\/sk\/product\/original-wga-ultra-35k-35000-puff-rechargeable-crystal-disposable-nicotine-vape-best-discount-price\/\">WGA VAPE<\/a>, <\/strong><strong data-start=\"307\" data-end=\"362\"><a href=\"https:\/\/vapestornado.com\/sk\/product\/vozol-gear-shisha-25k-25000-puffs-best-dtl-disposable-vape-hookah-cheap-price\/\">VOZOL BAR VAPE<\/a>,<\/strong><strong data-start=\"247\" data-end=\"352\">\u00a0Elf Bar Vape, WASPE Vape, <a href=\"https:\/\/vapestornado.com\/sk\/product\/uzy-150k-puffs-6-in-1-flavor-switch-disposable-vape-pen-wholesale\/\">UZY Vape<\/a>, Bang Vape, Razz Bar Vape, a Stag Bar Vape<\/strong>, vybran\u00e9 pre konzistentn\u00fa kvalitu a siln\u00fd dopyt na eur\u00f3pskom trhu.<\/p>\n<h4 data-start=\"1080\" data-end=\"1120\">Vytvoren\u00e9 pre ve\u013ekoobchodn\u00fdch kupuj\u00facich v Eur\u00f3pe<\/h4>\n<p data-start=\"1121\" data-end=\"1189\">Vapes Tornado je \u0161trukt\u00farovan\u00fd okolo skuto\u010dn\u00fdch potrieb ve\u013ekoobchodn\u00edkov v E\u00da:<\/p>\n<ul data-start=\"1190\" data-end=\"1400\">\n<li data-start=\"1190\" data-end=\"1239\">\n<p data-start=\"1192\" data-end=\"1239\">Konkurencieschopn\u00e9 ve\u013ekoobchodn\u00e9 ceny pre hromadn\u00e9 objedn\u00e1vky<\/p>\n<\/li>\n<li data-start=\"1240\" data-end=\"1289\">\n<p data-start=\"1242\" data-end=\"1289\">Jasn\u00e9 popisy produktov a \u0161pecifik\u00e1cie<\/p>\n<\/li>\n<li data-start=\"1290\" data-end=\"1330\">\n<p data-start=\"1292\" data-end=\"1330\">R\u00fdchla, spo\u013eahliv\u00e1 logistika orientovan\u00e1 na E\u00da<\/p>\n<\/li>\n<li data-start=\"1331\" data-end=\"1400\">\n<p data-start=\"1333\" data-end=\"1400\">Katal\u00f3g zameran\u00fd na <strong data-start=\"1356\" data-end=\"1373\">ob\u013e\u00faben\u00fdch vaporiz\u00e9rov<\/strong>, nie na preplnen\u00e9 SKU<\/p>\n<\/li>\n<\/ul>\n<h2 data-start=\"2064\" data-end=\"2115\">\u010casto kladen\u00e9 ot\u00e1zky o Al Fakher Mega Max 40000 Jednorazovom vapingu<\/h2>\n<p data-start=\"3278\" data-end=\"3451\"><strong data-start=\"3278\" data-end=\"3343\">1. Ako dlho vydr\u017e\u00ed Al Fakher Mega Max 40K pri re\u00e1lnom pou\u017e\u00edvan\u00ed?<\/strong><br data-start=\"3343\" data-end=\"3346\" \/>Pou\u017eitie z\u00e1vis\u00ed od individu\u00e1lnych n\u00e1vykov, ale v\u00e4\u010d\u0161ina pou\u017e\u00edvate\u013eov hl\u00e1si v\u00fdkon na viac t\u00fd\u017ed\u0148ov pri be\u017enom dennom pou\u017e\u00edvan\u00ed.<\/p>\n<p data-start=\"3453\" data-end=\"3579\"><strong data-start=\"3453\" data-end=\"3497\">2. Je mo\u017en\u00e9 po\u010das pou\u017e\u00edvania upravi\u0165 prietok vzduchu?<\/strong><br data-start=\"3497\" data-end=\"3500\" \/>\u00c1no, nastavite\u013en\u00fd prietok vzduchu umo\u017e\u0148uje pou\u017e\u00edvate\u013eom upravi\u0165 odpor \u0165ahu kedyko\u013evek.<\/p>\n<p data-start=\"3581\" data-end=\"3678\"><strong data-start=\"3581\" data-end=\"3615\">3. Je zariadenie dob\u00edjate\u013en\u00e9?<\/strong><br data-start=\"3615\" data-end=\"3618\" \/>\u00c1no, m\u00e1 bat\u00e9riu 850mAh s nab\u00edjan\u00edm USB Type-C.<\/p>\n<p data-start=\"3680\" data-end=\"3856\"><strong data-start=\"3680\" data-end=\"3744\">4. \u010co rob\u00ed toto zariadenie odli\u0161n\u00fdm od \u0161tandardn\u00fdch jednorazov\u00fdch vapovac\u00edch zariaden\u00ed?<\/strong><br data-start=\"3744\" data-end=\"3747\" \/>Jeho dizajn e-shisha fajky, ve\u013ek\u00e1 kapacita e-liquidu a ovl\u00e1danie prietoku vzduchu ho odli\u0161uj\u00fa od z\u00e1kladn\u00fdch jednorazov\u00fdch zariaden\u00ed.<\/p>\n<p data-start=\"3858\" data-end=\"4007\"><strong data-start=\"3858\" data-end=\"3912\">5. Je to vhodn\u00e9 na ve\u013ekoobchodn\u00fa distrib\u00faciu v E\u00da?<\/strong><br data-start=\"3912\" data-end=\"3915\" \/>\u00c1no, je navrhnut\u00e9 pre trhy E\u00da a be\u017ene sa dod\u00e1va za ve\u013ekoobchodn\u00fa cenu pri hromadn\u00fdch objedn\u00e1vkach.<\/p>\n<\/div>\n<\/div>\n<\/div>\n<\/div>","protected":false},"excerpt":{"rendered":"<p data-start=\"4472\" data-end=\"4562\"><strong data-start=\"4472\" data-end=\"4560\">Al Fakher Mega Max 40K Jednorazov\u00e1 E Shisha s nastavite\u013en\u00fdm prietokom vzduchu \u2013 ve\u013ekoobchodn\u00e1 pripravenos\u0165<\/strong><\/p>\n<p data-start=\"4566\" data-end=\"4641\"><strong data-start=\"4566\" data-end=\"4639\">Al Fakher Crown Bar Mega Max 40000 Pufov Hookah Vape pre ve\u013ekoobchod v E\u00da<\/strong><\/p>\n<p data-start=\"4645\" data-end=\"4728\"><strong data-start=\"4645\" data-end=\"4728\">Mega Max 40K od Al Fakher \u2013 Dlhodobo vydr\u017eate\u013en\u00e1 jednorazov\u00e1 E Shisha za ve\u013ekoobchodn\u00fa cenu<\/strong><\/p>\n<p><strong>Pridajte si Amy na whatsapp, aby ste dostali spr\u00e1vnu odpove\u010f a z\u013eavnen\u00fa cenu!<\/strong><\/p>\n<p><img fetchpriority=\"high\" decoding=\"async\" class=\"size-full wp-image-2932\" src=\"https:\/\/vapestornado.com\/wp-content\/uploads\/2024\/12\/Vape-Wholesale.jpg\" alt=\"Ve\u013ekoobchod s vape\" width=\"229\" height=\"300\" \/><\/p>\n<h3><a href=\"https:\/\/wa.me\/8617776015835\"><span style=\"color: #ff0000;\"><strong>WhatsApp: +86 17776015835<\/strong><\/span><\/a><\/h3>","protected":false},"featured_media":4776,"comment_status":"open","ping_status":"closed","template":"","meta":{"_acf_changed":false,"_uag_custom_page_level_css":"","_lmt_disableupdate":"no","_lmt_disable":"","_monsterinsights_skip_tracking":false,"_monsterinsights_sitenote_active":false,"_monsterinsights_sitenote_note":"","_monsterinsights_sitenote_category":0,"site-sidebar-layout":"default","site-content-layout":"","ast-site-content-layout":"default","site-content-style":"default","site-sidebar-style":"default","ast-global-header-display":"","ast-banner-title-visibility":"","ast-main-header-display":"","ast-hfb-above-header-display":"","ast-hfb-below-header-display":"","ast-hfb-mobile-header-display":"","site-post-title":"","ast-breadcrumbs-content":"","ast-featured-img":"","footer-sml-layout":"","ast-disable-related-posts":"","theme-transparent-header-meta":"default","adv-header-id-meta":"","stick-header-meta":"","header-above-stick-meta":"","header-main-stick-meta":"","header-below-stick-meta":"","astra-migrate-meta-layouts":"set","ast-page-background-enabled":"default","ast-page-background-meta":{"desktop":{"background-color":"","background-image":"","background-repeat":"repeat","background-position":"center center","background-size":"auto","background-attachment":"scroll","background-type":"","background-media":"","overlay-type":"","overlay-color":"","overlay-opacity":"","overlay-gradient":""},"tablet":{"background-color":"","background-image":"","background-repeat":"repeat","background-position":"center center","background-size":"auto","background-attachment":"scroll","background-type":"","background-media":"","overlay-type":"","overlay-color":"","overlay-opacity":"","overlay-gradient":""},"mobile":{"background-color":"","background-image":"","background-repeat":"repeat","background-position":"center center","background-size":"auto","background-attachment":"scroll","background-type":"","background-media":"","overlay-type":"","overlay-color":"","overlay-opacity":"","overlay-gradient":""}},"ast-content-background-meta":{"desktop":{"background-color":"var(--ast-global-color-5)","background-image":"","background-repeat":"repeat","background-position":"center center","background-size":"auto","background-attachment":"scroll","background-type":"","background-media":"","overlay-type":"","overlay-color":"","overlay-opacity":"","overlay-gradient":""},"tablet":{"background-color":"var(--ast-global-color-5)","background-image":"","background-repeat":"repeat","background-position":"center center","background-size":"auto","background-attachment":"scroll","background-type":"","background-media":"","overlay-type":"","overlay-color":"","overlay-opacity":"","overlay-gradient":""},"mobile":{"background-color":"var(--ast-global-color-5)","background-image":"","background-repeat":"repeat","background-position":"center center","background-size":"auto","background-attachment":"scroll","background-type":"","background-media":"","overlay-type":"","overlay-color":"","overlay-opacity":"","overlay-gradient":""}},"_joinchat":[]},"product_brand":[],"product_cat":[65,531,140,150,156,158,141,142,146,147],"product_tag":[533,534,535,532,355,287,513,512],"class_list":{"0":"post-4781","1":"product","2":"type-product","3":"status-publish","4":"has-post-thumbnail","6":"product_cat-40000-puff","7":"product_cat-al-fakher-crown-bar","8":"product_cat-big-puffs-disposable-vapes","9":"product_cat-buy-disposable-vapes-in-belgium","10":"product_cat-buy-disposable-vapes-in-poland","11":"product_cat-buy-disposable-vapes-in-spain","12":"product_cat-crystal-disposable-vapes","13":"product_cat-digital-box-disposable-vapes","14":"product_cat-rechargeable-disposable-vapes","15":"product_cat-shisha-hookah-disposable-vapes","16":"product_tag-al-fakher-crown-bar-mega-max","17":"product_tag-al-fakher-crown-bar-mega-max-40000-puffs","18":"product_tag-al-fakher-crown-bar-mega-max-40k","19":"product_tag-al-fakher-mega-max-40k","20":"product_tag-big-puff-vape","21":"product_tag-disposable-vape-pen","22":"product_tag-vape-discount-price","23":"product_tag-vape-wholesale-distributor","24":"desktop-align-left","25":"tablet-align-left","26":"mobile-align-left","28":"first","29":"instock","30":"sale","31":"shipping-taxable","32":"purchasable","33":"product-type-simple"},"acf":[],"uagb_featured_image_src":{"full":["https:\/\/vapestornado.com\/wp-content\/uploads\/2026\/01\/Al-Fakher-Mega-Max-40K-40000-Puff-Disposable-Vapor.webp",800,800,false],"thumbnail":["https:\/\/vapestornado.com\/wp-content\/uploads\/2026\/01\/Al-Fakher-Mega-Max-40K-40000-Puff-Disposable-Vapor-150x150.webp",150,150,true],"medium":["https:\/\/vapestornado.com\/wp-content\/uploads\/2026\/01\/Al-Fakher-Mega-Max-40K-40000-Puff-Disposable-Vapor-300x300.webp",300,300,true],"medium_large":["https:\/\/vapestornado.com\/wp-content\/uploads\/2026\/01\/Al-Fakher-Mega-Max-40K-40000-Puff-Disposable-Vapor-768x768.webp",768,768,true],"large":["https:\/\/vapestornado.com\/wp-content\/uploads\/2026\/01\/Al-Fakher-Mega-Max-40K-40000-Puff-Disposable-Vapor.webp",800,800,false],"1536x1536":["https:\/\/vapestornado.com\/wp-content\/uploads\/2026\/01\/Al-Fakher-Mega-Max-40K-40000-Puff-Disposable-Vapor.webp",800,800,false],"2048x2048":["https:\/\/vapestornado.com\/wp-content\/uploads\/2026\/01\/Al-Fakher-Mega-Max-40K-40000-Puff-Disposable-Vapor.webp",800,800,false],"trp-custom-language-flag":["https:\/\/vapestornado.com\/wp-content\/uploads\/2026\/01\/Al-Fakher-Mega-Max-40K-40000-Puff-Disposable-Vapor-12x12.webp",12,12,true],"woocommerce_thumbnail":["https:\/\/vapestornado.com\/wp-content\/uploads\/2026\/01\/Al-Fakher-Mega-Max-40K-40000-Puff-Disposable-Vapor-300x300.webp",300,300,true],"woocommerce_single":["https:\/\/vapestornado.com\/wp-content\/uploads\/2026\/01\/Al-Fakher-Mega-Max-40K-40000-Puff-Disposable-Vapor-600x600.webp",600,600,true],"woocommerce_gallery_thumbnail":["https:\/\/vapestornado.com\/wp-content\/uploads\/2026\/01\/Al-Fakher-Mega-Max-40K-40000-Puff-Disposable-Vapor-100x100.webp",100,100,true]},"uagb_author_info":{"display_name":"ESAMY","author_link":"https:\/\/vapestornado.com\/sk\/author\/"},"uagb_comment_info":0,"uagb_excerpt":"Al Fakher Mega Max 40K Disposable E Shisha with Adjustable Airflow \u2013 Wholesale Ready Al Fakher Crown Bar Mega Max 40000 Puffs Hookah Vape for EU Wholesale Mega Max 40K by Al Fakher \u2013 Long-Lasting Disposable E Shisha at Wholesale Price Add Amy's whatsapp to get right reply and discount price! WhatsApp: +86 17776015835","_links":{"self":[{"href":"https:\/\/vapestornado.com\/sk\/wp-json\/wp\/v2\/product\/4781","targetHints":{"allow":["GET"]}}],"collection":[{"href":"https:\/\/vapestornado.com\/sk\/wp-json\/wp\/v2\/product"}],"about":[{"href":"https:\/\/vapestornado.com\/sk\/wp-json\/wp\/v2\/types\/product"}],"replies":[{"embeddable":true,"href":"https:\/\/vapestornado.com\/sk\/wp-json\/wp\/v2\/comments?post=4781"}],"wp:featuredmedia":[{"embeddable":true,"href":"https:\/\/vapestornado.com\/sk\/wp-json\/wp\/v2\/media\/4776"}],"wp:attachment":[{"href":"https:\/\/vapestornado.com\/sk\/wp-json\/wp\/v2\/media?parent=4781"}],"wp:term":[{"taxonomy":"product_brand","embeddable":true,"href":"https:\/\/vapestornado.com\/sk\/wp-json\/wp\/v2\/product_brand?post=4781"},{"taxonomy":"product_cat","embeddable":true,"href":"https:\/\/vapestornado.com\/sk\/wp-json\/wp\/v2\/product_cat?post=4781"},{"taxonomy":"product_tag","embeddable":true,"href":"https:\/\/vapestornado.com\/sk\/wp-json\/wp\/v2\/product_tag?post=4781"}],"curies":[{"name":"wp","href":"https:\/\/api.w.org\/{rel}","templated":true}]}}