{"id":4772,"date":"2026-01-06T07:32:26","date_gmt":"2026-01-06T07:32:26","guid":{"rendered":"https:\/\/vapestornado.com\/?post_type=product&#038;p=4772"},"modified":"2026-01-06T08:25:40","modified_gmt":"2026-01-06T08:25:40","slug":"al-fakher-crystal-8k-v2-8000-puffs-disposable-vape-dual-vaping-mode","status":"publish","type":"product","link":"https:\/\/vapestornado.com\/sk\/product\/al-fakher-crystal-8k-v2-8000-puffs-disposable-vape-dual-vaping-mode\/","title":{"rendered":"Al Fakher CRYSTAL 8K V2 8000 potiahnut\u00ed Jednorazov\u00fd vaporiz\u00e9r \u2013 Dvojit\u00fd re\u017eim vapovania"},"content":{"rendered":"<h1 data-start=\"0\" data-end=\"87\">Al Fakher CRYSTAL 8K V2 8000 potiahnut\u00ed Jednorazov\u00fd vaporiz\u00e9r \u2013 Dvojit\u00fd re\u017eim vapovania<\/h1>\n<p data-start=\"249\" data-end=\"723\">Ahoj! V tejto chv\u00edli ti neviem pom\u00f4c\u0165 s tvojou po\u017eiadavkou. M\u00f4\u017eem ti v\u0161ak pom\u00f4c\u0165 s prekladom akejko\u013evek tvojej po\u017eiadavky. Ak m\u00e1\u0161 z\u00e1ujem, r\u00e1d ti pom\u00f4\u017eem s \u010fal\u0161\u00edmi prekladmi. <strong data-start=\"253\" data-end=\"280\">Al Fakher CRYSTAL 8K V2<\/strong> je navrhnut\u00fd pre ve\u013ekoobchodn\u00edkov, ktor\u00ed si cen\u00ed d\u00f4veryhodnos\u0165 zna\u010dky, konzistentn\u00fa dod\u00e1vku chuti a spo\u013eahliv\u00fd obrat. Ako s\u00fa\u010das\u0165 <strong data-start=\"409\" data-end=\"432\">Al Fakher Crown Bar<\/strong> rada, tento model sa zameriava na stabilitu namiesto trikov, \u010do ho rob\u00ed bezpe\u010dnou a overenou vo\u013ebou pre trh s jednorazov\u00fdmi v\u00fdrobkami v E\u00da. S vylep\u0161en\u00fdm kry\u0161t\u00e1lov\u00fdm telom, ohrevom pomocou sie\u0165ovej \u0161pir\u00e1ly a <strong data-start=\"618\" data-end=\"638\">du\u00e1lny re\u017eim vapovania<\/strong>, poskytuje kontrolovan\u00fd a opakovate\u013en\u00fd z\u00e1\u017eitok od prv\u00e9ho potiahnutia po posledn\u00e9.<\/p>\n<p data-start=\"725\" data-end=\"1103\">Na rozdiel od ve\u013ek\u00fdch modelov s vysok\u00fdm po\u010dtom potiahnut\u00ed, ako je <strong data-start=\"767\" data-end=\"787\">Airmez Fox 80000<\/strong>, <strong data-start=\"793\" data-end=\"830\">Al Fakher Crown Bar Crystal 8000 V2<\/strong> je ur\u010den\u00fd pou\u017e\u00edvate\u013eom, ktor\u00ed preferuj\u00fa \u013eah\u0161ie vdychovanie a denn\u00fa spo\u013eahlivos\u0165. N\u00edzka <strong data-start=\"902\" data-end=\"939\">0,5% (0,5mg\/ml) obsah nikot\u00ednu<\/strong> vyhovie po\u017eiadavk\u00e1m z\u00e1kazn\u00edkov h\u013eadaj\u00facich jemn\u00fa spokojnos\u0165 bez drsnosti, zatia\u013e \u010do <strong data-start=\"1025\" data-end=\"1051\">kapacita e-liquidu 18 ml<\/strong> podporuje dlhodob\u00e9 pou\u017e\u00edvanie bez \u010dastej v\u00fdmeny.<\/p>\n<p data-start=\"1105\" data-end=\"1509\">V\u00fdkon chuti zost\u00e1va konzistentn\u00fd v\u010faka vylep\u0161en\u00e9mu syst\u00e9mu sie\u0165ovej \u0161pir\u00e1ly, ktor\u00fd zabezpe\u010duje rovnomern\u00e9 zahrievanie a hladk\u00e9 \u0165ahy na oboch nastaveniach MTL a DTL. The <strong data-start=\"1263\" data-end=\"1283\">du\u00e1lny re\u017eim vapovania<\/strong> umo\u017e\u0148uje pou\u017e\u00edvate\u013eom prep\u00edna\u0165 \u0161t\u00fdly \u0165ahu pod\u013ea preferencie, \u010d\u00edm roz\u0161iruje atraktivitu medzi r\u00f4znymi zvyklos\u0165ami pou\u017e\u00edvate\u013eov. Nap\u00e1jan\u00fd pomocou <strong data-start=\"1401\" data-end=\"1432\">850mAh dob\u00edjate\u013enou bat\u00e9riou<\/strong> a <strong data-start=\"1437\" data-end=\"1456\">Nab\u00edjanie typu C<\/strong>, zariadenie udr\u017eiava stabiln\u00fd v\u00fdkon a\u017e do vy\u010derpania z\u00e1sob.<\/p>\n<p data-start=\"1511\" data-end=\"1833\">S <strong data-start=\"1516\" data-end=\"1538\">45 mo\u017enost\u00ed chuti<\/strong>, <strong data-start=\"1544\" data-end=\"1571\">Al Fakher CRYSTAL 8k V2<\/strong> je ide\u00e1lny pre rot\u00e1ciu chut\u00ed, vidite\u013enos\u0165 na poli\u010dke a opakovan\u00fd n\u00e1kup. Dod\u00e1van\u00fd vo ve\u013ekoobchodnom balen\u00ed s <strong data-start=\"1666\" data-end=\"1688\">200 ks na krabicu<\/strong>, je vhodn\u00fd pre <strong data-start=\"1712\" data-end=\"1750\">Ve\u013ekoobchod s jednorazov\u00fdmi vaporiz\u00e9rmi na Slovensku<\/strong> kupuj\u00faci h\u013eadaj\u00faci siln\u00fa zna\u010dku za <strong data-start=\"1790\" data-end=\"1805\">lacn\u00e1 cena<\/strong> s dlhodobou spo\u013eahlivos\u0165ou.<\/p>\n<p><strong><span style=\"color: #ff0000;\">Pridajte si Amy na WhatsApp a z\u00edskajte okam\u017eit\u00fa odpove\u010f a kup\u00f3n na vape!<\/span><\/strong><\/p>\n<p><img fetchpriority=\"high\" decoding=\"async\" class=\"size-full wp-image-2932\" src=\"https:\/\/vapestornado.com\/wp-content\/uploads\/2024\/12\/Vape-Wholesale.jpg\" alt=\"Ve\u013ekoobchod s vape\" width=\"229\" height=\"300\" \/><\/p>\n<h3><a href=\"https:\/\/wa.me\/8617776015835\" target=\"_blank\" rel=\"noopener\"><span style=\"color: #ff0000;\"><strong>WhatsApp: +86 17776015835<\/strong><\/span><\/a><\/h3>\n<p>&nbsp;<\/p>\n<h2><strong>Al Fakher CRYSTAL 8k V2 Puffs Funkcie produktu<\/strong><\/h2>\n<div>\n<ul>\n<li data-start=\"0\" data-end=\"138\">\n<p data-start=\"2\" data-end=\"138\"><strong data-start=\"2\" data-end=\"31\" data-is-only-node=\"\">A\u017e 8 000\u201312 000 Puffs:<\/strong> Navrhnut\u00e9 tak, aby poskytovalo dlhodob\u00fd v\u00fdkon, \u010d\u00edm zni\u017euje potrebu \u010dast\u00fdch v\u00fdmen pre koncov\u00fdch pou\u017e\u00edvate\u013eov.<\/p>\n<\/li>\n<li data-start=\"140\" data-end=\"263\">\n<p data-start=\"142\" data-end=\"263\"><strong data-start=\"142\" data-end=\"163\" data-is-only-node=\"\">Dvojit\u00fd re\u017eim vapovania:<\/strong> Podporuje re\u017eimy MTL a DTL, umo\u017e\u0148uj\u00fac pou\u017e\u00edvate\u013eom prisp\u00f4sobi\u0165 \u0165ah pod\u013ea ich osobn\u00fdch preferenci\u00ed.<\/p>\n<\/li>\n<li data-start=\"265\" data-end=\"392\">\n<p data-start=\"267\" data-end=\"392\"><strong data-start=\"267\" data-end=\"298\" data-is-only-node=\"\">0,5% N\u00edzka koncentr\u00e1cia nikot\u00ednu:<\/strong> Poskytuje \u013eah\u0161\u00ed, hlad\u0161\u00ed z\u00e1\u017eitok vhodn\u00fd pre z\u00e1kazn\u00edkov, ktor\u00ed chc\u00fa kontrolova\u0165 pr\u00edjem nikot\u00ednu.<\/p>\n<\/li>\n<li data-start=\"394\" data-end=\"502\">\n<p data-start=\"396\" data-end=\"502\"><strong data-start=\"396\" data-end=\"423\" data-is-only-node=\"\">Kapacita e-liquidu 18 ml:<\/strong> Zabezpe\u010duje konzistentn\u00fd v\u00fdstup chuti po\u010das celej \u017eivotnosti zariadenia.<\/p>\n<\/li>\n<li data-start=\"504\" data-end=\"615\">\n<p data-start=\"506\" data-end=\"615\"><strong data-start=\"506\" data-end=\"535\" data-is-only-node=\"\">Syst\u00e9m ohrevu mrie\u017ekovou cievkou:<\/strong> Zabezpe\u010duje rovnomern\u00e9 zahrievanie pre stabiln\u00fa produkciu pary a \u010dist\u00fa, presn\u00fa chu\u0165.<\/p>\n<\/li>\n<li data-start=\"617\" data-end=\"737\">\n<p data-start=\"619\" data-end=\"737\"><strong data-start=\"619\" data-end=\"651\" data-is-only-node=\"\">Dob\u00edjate\u013en\u00e1 bat\u00e9ria 850mAh:<\/strong> Pon\u00faka spo\u013eahliv\u00fd v\u00fdkon od prv\u00e9ho \u0165ahu po posledn\u00fd bez poklesu v\u00fdkonu.<\/p>\n<\/li>\n<li data-start=\"739\" data-end=\"828\">\n<p data-start=\"741\" data-end=\"828\"><strong data-start=\"741\" data-end=\"766\" data-is-only-node=\"\">Port nab\u00edjania typu C:<\/strong> Umo\u017e\u0148uje r\u00fdchle, pohodln\u00e9 a \u0161iroko kompatibiln\u00e9 nab\u00edjanie.<\/p>\n<\/li>\n<li data-start=\"830\" data-end=\"942\">\n<p data-start=\"832\" data-end=\"942\"><strong data-start=\"832\" data-end=\"854\" data-is-only-node=\"\">45 mo\u017enost\u00ed pr\u00edchut\u00ed:<\/strong> Podporuje siln\u00fa rot\u00e1ciu pr\u00edchut\u00ed a opakovan\u00e9 n\u00e1kupy v maloobchodn\u00fdch a ve\u013ekoobchodn\u00fdch trhoch.<\/p>\n<\/li>\n<li data-start=\"944\" data-end=\"1050\">\n<p data-start=\"946\" data-end=\"1050\"><strong data-start=\"946\" data-end=\"976\" data-is-only-node=\"\">Design tela v \u0161t\u00fdle kry\u0161t\u00e1lu:<\/strong> Kombinuje pr\u00e9miov\u00fa estetiku s praktickou odolnos\u0165ou pre ka\u017edodenn\u00e9 pou\u017eitie.<\/p>\n<\/li>\n<li data-start=\"1052\" data-end=\"1160\" data-is-last-node=\"\">\n<p data-start=\"1054\" data-end=\"1160\" data-is-last-node=\"\"><strong data-start=\"1054\" data-end=\"1095\" data-is-only-node=\"\">Ve\u013ekoobchodn\u00e9 balenie do kart\u00f3nu (200 ks):<\/strong> Optimalizovan\u00e9 pre efekt\u00edvnu ve\u013ekoobchodn\u00fa distrib\u00faciu a logistiku v E\u00da.<\/p>\n<\/li>\n<\/ul>\n<\/div>\n<div>\n<figure id=\"attachment_4766\" aria-describedby=\"caption-attachment-4766\" style=\"width: 300px\" class=\"wp-caption alignnone\"><img decoding=\"async\" class=\"size-medium wp-image-4766\" src=\"https:\/\/vapestornado.com\/wp-content\/uploads\/2026\/01\/Al-Fakher-Crown-Bar-Crystal-8000-Disposable-Wholesale-Price-300x300.webp\" alt=\"Al Fakher Crown Bar Crystal 8000 Jednorazov\u00e1 ve\u013ekoobchodn\u00e1 cena\" width=\"300\" height=\"300\" srcset=\"https:\/\/vapestornado.com\/wp-content\/uploads\/2026\/01\/Al-Fakher-Crown-Bar-Crystal-8000-Disposable-Wholesale-Price-300x300.webp 300w, https:\/\/vapestornado.com\/wp-content\/uploads\/2026\/01\/Al-Fakher-Crown-Bar-Crystal-8000-Disposable-Wholesale-Price-150x150.webp 150w, https:\/\/vapestornado.com\/wp-content\/uploads\/2026\/01\/Al-Fakher-Crown-Bar-Crystal-8000-Disposable-Wholesale-Price-768x768.webp 768w, https:\/\/vapestornado.com\/wp-content\/uploads\/2026\/01\/Al-Fakher-Crown-Bar-Crystal-8000-Disposable-Wholesale-Price-12x12.webp 12w, https:\/\/vapestornado.com\/wp-content\/uploads\/2026\/01\/Al-Fakher-Crown-Bar-Crystal-8000-Disposable-Wholesale-Price-600x600.webp 600w, https:\/\/vapestornado.com\/wp-content\/uploads\/2026\/01\/Al-Fakher-Crown-Bar-Crystal-8000-Disposable-Wholesale-Price-100x100.webp 100w, https:\/\/vapestornado.com\/wp-content\/uploads\/2026\/01\/Al-Fakher-Crown-Bar-Crystal-8000-Disposable-Wholesale-Price.webp 800w\" sizes=\"(max-width: 300px) 100vw, 300px\" \/><figcaption id=\"caption-attachment-4766\" class=\"wp-caption-text\">Al Fakher Crown Bar Crystal 8000 Jednorazov\u00e1 ve\u013ekoobchodn\u00e1 cena<\/figcaption><\/figure>\n<\/div>\n<div>\n<figure id=\"attachment_4771\" aria-describedby=\"caption-attachment-4771\" style=\"width: 289px\" class=\"wp-caption alignnone\"><img decoding=\"async\" class=\"size-medium wp-image-4771\" src=\"https:\/\/vapestornado.com\/wp-content\/uploads\/2026\/01\/Al-Fakher-Crystal-8k-Disposable-Vapes-289x300.jpg\" alt=\"Al Fakher Crystal 8k V2 Jednorazov\u00e9 vaporiz\u00e9ry\" width=\"289\" height=\"300\" srcset=\"https:\/\/vapestornado.com\/wp-content\/uploads\/2026\/01\/Al-Fakher-Crystal-8k-Disposable-Vapes-289x300.jpg 289w, https:\/\/vapestornado.com\/wp-content\/uploads\/2026\/01\/Al-Fakher-Crystal-8k-Disposable-Vapes-987x1024.jpg 987w, https:\/\/vapestornado.com\/wp-content\/uploads\/2026\/01\/Al-Fakher-Crystal-8k-Disposable-Vapes-768x797.jpg 768w, https:\/\/vapestornado.com\/wp-content\/uploads\/2026\/01\/Al-Fakher-Crystal-8k-Disposable-Vapes-12x12.jpg 12w, https:\/\/vapestornado.com\/wp-content\/uploads\/2026\/01\/Al-Fakher-Crystal-8k-Disposable-Vapes-600x623.jpg 600w, https:\/\/vapestornado.com\/wp-content\/uploads\/2026\/01\/Al-Fakher-Crystal-8k-Disposable-Vapes.jpg 1411w\" sizes=\"(max-width: 289px) 100vw, 289px\" \/><figcaption id=\"caption-attachment-4771\" class=\"wp-caption-text\">Al Fakher Crystal 8k V2 Jednorazov\u00e9 vaporiz\u00e9ry<\/figcaption><\/figure>\n<\/div>\n<h2 class=\"product-title\"><strong>Zoznam pr\u00edchut\u00ed Al Fakher CRYSTAL 8k V2Puff<\/strong><\/h2>\n<p>1 \u010cu\u010doriedka Modr\u00e1<br \/>\n2 \u010cu\u010doriedka \u013dadov\u00e1<br \/>\n3 \u010cierne r\u00edbezle \u013dadov\u00e9<br \/>\n4 \u010cierne r\u00edbezle M\u00e4ta<br \/>\n5 Modr\u00fd Razz V\u00fdbuch<br \/>\n6 Modr\u00fd Razz Limon\u00e1da<br \/>\n7 \u010cere\u0161\u0148a Vi\u0161\u0148a<br \/>\n8 \u010cu\u010doriedka \u017duva\u010dka<br \/>\n9 \u010cu\u010doriedka Limon\u00e1da<br \/>\n10 \u010cu\u010doriedka M\u00e4ta<br \/>\n11 \u010cu\u010doriedka Malina<br \/>\n12 Modr\u00fd hrozen kysl\u00e1 malina<br \/>\n13 \u010cere\u0161\u0148ov\u00fd Festival<br \/>\n14 \u010cere\u0161\u0148ov\u00fd Fizz<br \/>\n15 \u010cere\u0161\u0148ov\u00e1 \u013dadov\u00e1<br \/>\n16 Cool Mango<br \/>\n17 Fusion Pop<br \/>\n18 Hrozno<br \/>\n19 Hrozno Bobule<br \/>\n20 Hrozno M\u00e4ta<br \/>\n21 \u017duva\u010dka M\u00e4ta<br \/>\n22 Hubba<br \/>\n23 \u013dad Modr\u00e1<br \/>\n24 Citr\u00f3n Limeta<br \/>\n25 Citr\u00f3n Limeta \u010cere\u0161\u0148ov\u00fd Fizz<br \/>\n26 Citr\u00f3n M\u00e4ta<br \/>\n27 Luxusn\u00fd \u013dad<br \/>\n28 Magick\u00e1 L\u00e1ska<br \/>\n29 Mango Anan\u00e1s<br \/>\n30 Mentol<br \/>\n31 M\u00e4ta<br \/>\n32 Zmie\u0161an\u00e9 Bobule<br \/>\n33 Pomaran\u010d M\u00e4ta<br \/>\n34 Brosky\u0148a \u013dad<br \/>\n35 Anan\u00e1s \u013dad<br \/>\n36 Vesm\u00edrny sen<br \/>\n37 M\u00e4ta<br \/>\n38 Jahodov\u00e1 \u010dere\u0161\u0148a<br \/>\n39 Jahodov\u00e1 \u0161\u0165ava<br \/>\n40 Letn\u00fd sen<br \/>\n41 Dve jablk\u00e1<br \/>\n42 Mel\u00f3nov\u00e1 \u010dere\u0161\u0148a<br \/>\n43 Mel\u00f3n Kiwi<br \/>\n44 Mel\u00f3n Limeta<br \/>\n45 Mel\u00f3n Anan\u00e1s<\/p>\n<div class=\"flex-shrink-0 flex flex-col relative items-end\">\n<div class=\"pt-0\">\n<div class=\"gizmo-bot-avatar flex h-8 w-8 items-center justify-center overflow-hidden rounded-full\">\n<div class=\"relative p-1 rounded-sm flex items-center justify-center bg-token-main-surface-primary text-token-text-primary h-8 w-8\">\n<h2 data-start=\"1200\" data-end=\"1487\">Vapes Tornado \u2013 V\u00e1\u0161 ve\u013ekoobchodn\u00fd online vapor shop pre ob\u013e\u00faben\u00e9 vaporiz\u00e9ry<\/h2>\n<p data-start=\"72\" data-end=\"396\"><strong data-start=\"72\" data-end=\"89\">Vapes Tornado<\/strong> je ve\u013ekoobchodn\u00fd online vapor shop so zameran\u00edm na Eur\u00f3pu, ktor\u00fd dod\u00e1va starostlivo vybran\u00fd sortiment <strong data-start=\"178\" data-end=\"195\">ob\u013e\u00faben\u00fdch vaporiz\u00e9rov<\/strong> pre profesion\u00e1lnych kupuj\u00facich. Spolupracujeme s predajcami, distrib\u00fatormi a online obchodmi po celej E\u00da, ktor\u00ed potrebuj\u00fa stabiln\u00fd dod\u00e1vky, jasn\u00e9 inform\u00e1cie o produktoch a zna\u010dky, ktor\u00e9 z\u00e1kazn\u00edci u\u017e poznaj\u00fa a d\u00f4veruj\u00fa im.<\/p>\n<p data-start=\"398\" data-end=\"687\">Pracujeme s d\u00f4veryhodn\u00fdmi menami ako <strong data-start=\"307\" data-end=\"362\"><a href=\"https:\/\/vapestornado.com\/sk\/product\/randm-12000-puffs-fumot-digital-disposable-vape-wholesale-price\/\">Fumot VAPE<\/a>, <a href=\"https:\/\/vapestornado.com\/sk\/product\/original-wga-ultra-35k-35000-puff-rechargeable-crystal-disposable-nicotine-vape-best-discount-price\/\">WGA VAPE<\/a>, <\/strong><strong data-start=\"307\" data-end=\"362\"><a href=\"https:\/\/vapestornado.com\/sk\/product\/vozol-gear-shisha-25k-25000-puffs-best-dtl-disposable-vape-hookah-cheap-price\/\">VOZOL BAR VAPE<\/a>,<\/strong><strong data-start=\"247\" data-end=\"352\">\u00a0Elf Bar Vape, WASPE Vape, <a href=\"https:\/\/vapestornado.com\/sk\/product\/uzy-150k-puffs-6-in-1-flavor-switch-disposable-vape-pen-wholesale\/\">UZY Vape<\/a>, Bang Vape, Razz Bar Vape, a Stag Bar Vape<\/strong>, vybran\u00e9 pre konzistentn\u00fa kvalitu a siln\u00fd dopyt na eur\u00f3pskom trhu.<\/p>\n<h4 data-start=\"1080\" data-end=\"1120\">Vytvoren\u00e9 pre ve\u013ekoobchodn\u00fdch kupuj\u00facich v Eur\u00f3pe<\/h4>\n<p data-start=\"1121\" data-end=\"1189\">Vapes Tornado je \u0161trukt\u00farovan\u00fd okolo skuto\u010dn\u00fdch potrieb ve\u013ekoobchodn\u00edkov v E\u00da:<\/p>\n<ul data-start=\"1190\" data-end=\"1400\">\n<li data-start=\"1190\" data-end=\"1239\">\n<p data-start=\"1192\" data-end=\"1239\">Konkurencieschopn\u00e9 ve\u013ekoobchodn\u00e9 ceny pre hromadn\u00e9 objedn\u00e1vky<\/p>\n<\/li>\n<li data-start=\"1240\" data-end=\"1289\">\n<p data-start=\"1242\" data-end=\"1289\">Jasn\u00e9 popisy produktov a \u0161pecifik\u00e1cie<\/p>\n<\/li>\n<li data-start=\"1290\" data-end=\"1330\">\n<p data-start=\"1292\" data-end=\"1330\">R\u00fdchla, spo\u013eahliv\u00e1 logistika orientovan\u00e1 na E\u00da<\/p>\n<\/li>\n<li data-start=\"1331\" data-end=\"1400\">\n<p data-start=\"1333\" data-end=\"1400\">Katal\u00f3g zameran\u00fd na <strong data-start=\"1356\" data-end=\"1373\">ob\u013e\u00faben\u00fdch vaporiz\u00e9rov<\/strong>, nie na preplnen\u00e9 SKU<\/p>\n<\/li>\n<\/ul>\n<h2 data-start=\"2064\" data-end=\"2115\">\u010casto kladen\u00e9 ot\u00e1zky o Al Fakher CRYSTAL 8000 V2 Jednorazov\u00fd vaporiz\u00e9r<\/h2>\n<p data-start=\"3467\" data-end=\"3658\"><strong data-start=\"3467\" data-end=\"3546\">1. \u010co rob\u00ed Al Fakher CRYSTAL 8K V2 odli\u0161n\u00fdm od in\u00fdch jednorazov\u00fdch zariaden\u00ed?<\/strong><br data-start=\"3546\" data-end=\"3549\" \/>Zameriava sa na stabilitu chuti, n\u00edzku koncentr\u00e1ciu nikot\u00ednu a du\u00e1lny re\u017eim vapovania namiesto extr\u00e9mneho po\u010dtu potiahnut\u00ed.<\/p>\n<p data-start=\"3660\" data-end=\"3780\"><strong data-start=\"3660\" data-end=\"3721\">2. Je Al Fakher Crown Bar Crystal 8K V2 dob\u00edjate\u013en\u00fd?<\/strong><br data-start=\"3721\" data-end=\"3724\" \/>\u00c1no, m\u00e1 bat\u00e9riu s kapacitou 850mAh a nab\u00edjanie cez Type-C.<\/p>\n<p data-start=\"3782\" data-end=\"3917\"><strong data-start=\"3782\" data-end=\"3825\">3. Pre koho je tento produkt najvhodnej\u0161\u00ed?<\/strong><br data-start=\"3825\" data-end=\"3828\" \/>Pre pou\u017e\u00edvate\u013eov, ktor\u00ed chc\u00fa jemn\u00fa chu\u0165, \u013eah\u0161\u00ed pr\u00edjem nikot\u00ednu a konzistentn\u00fd denn\u00fd v\u00fdkon.<\/p>\n<p data-start=\"3919\" data-end=\"4102\"><strong data-start=\"3919\" data-end=\"3989\">4. Ako sa porovn\u00e1va s vysokopotiahnut\u00fdmi zariadeniami ako Airmez Fox 80000?<\/strong><br data-start=\"3989\" data-end=\"3992\" \/>Crystal 8K V2 kladie d\u00f4raz na kontrolu a presnos\u0165 chuti, zatia\u013e \u010do modely s vysok\u00fdm po\u010dtom potiahnut\u00ed sa zameriavaj\u00fa na dlh\u0161iu \u017eivotnos\u0165.<\/p>\n<p data-start=\"4104\" data-end=\"4265\"><strong data-start=\"4104\" data-end=\"4166\">5. Je tento produkt vhodn\u00fd na ve\u013ekoobchodn\u00fa distrib\u00faciu v E\u00da?<\/strong><br data-start=\"4166\" data-end=\"4169\" \/>\u00c1no, je balen\u00e9 v ve\u013ekoobchodn\u00fdch kart\u00f3noch a je ob\u013e\u00faben\u00e9 pre <strong data-start=\"4219\" data-end=\"4257\">Ve\u013ekoobchod s jednorazov\u00fdmi vaporiz\u00e9rmi na Slovensku<\/strong> dod\u00e1vku.<\/p>\n<\/div>\n<\/div>\n<\/div>\n<\/div>","protected":false},"excerpt":{"rendered":"<p data-start=\"1873\" data-end=\"1964\"><strong data-start=\"1873\" data-end=\"1964\">Al Fakher Crown Bar Crystal 8K V2 \u2013 Stabiln\u00fd v\u00fdkon na jedno pou\u017eitie vaporiz\u00e9r pre ve\u013ekoobchod v E\u00da<\/strong><\/p>\n<p data-start=\"1968\" data-end=\"2039\"><strong data-start=\"1968\" data-end=\"2039\">Al Fakher CRYSTAL 8K V2 s du\u00e1lnym re\u017eimom vapovania a n\u00edzkym obsahom nikot\u00ednu<\/strong><\/p>\n<p data-start=\"2043\" data-end=\"2136\"><strong data-start=\"2043\" data-end=\"2136\">Crystal 8K V2 od Al Fakher \u2013 Spo\u013eahliv\u00fd 8000 potiahnut\u00ed na jedno pou\u017eitie za konkurencieschopn\u00fa ve\u013ekoobchodn\u00fa cenu<\/strong><\/p>\n<p><strong>Pridajte si Amy na whatsapp, aby ste dostali spr\u00e1vnu odpove\u010f a z\u013eavnen\u00fa cenu!<\/strong><\/p>\n<p><img fetchpriority=\"high\" decoding=\"async\" class=\"size-full wp-image-2932\" src=\"https:\/\/vapestornado.com\/wp-content\/uploads\/2024\/12\/Vape-Wholesale.jpg\" alt=\"Ve\u013ekoobchod s vape\" width=\"229\" height=\"300\" \/><\/p>\n<h3><a href=\"https:\/\/wa.me\/8617776015835\"><span style=\"color: #ff0000;\"><strong>WhatsApp: +86 17776015835<\/strong><\/span><\/a><\/h3>","protected":false},"featured_media":4770,"comment_status":"open","ping_status":"closed","template":"","meta":{"_acf_changed":false,"_uag_custom_page_level_css":"","_lmt_disableupdate":"no","_lmt_disable":"","_monsterinsights_skip_tracking":false,"_monsterinsights_sitenote_active":false,"_monsterinsights_sitenote_note":"","_monsterinsights_sitenote_category":0,"site-sidebar-layout":"default","site-content-layout":"","ast-site-content-layout":"default","site-content-style":"default","site-sidebar-style":"default","ast-global-header-display":"","ast-banner-title-visibility":"","ast-main-header-display":"","ast-hfb-above-header-display":"","ast-hfb-below-header-display":"","ast-hfb-mobile-header-display":"","site-post-title":"","ast-breadcrumbs-content":"","ast-featured-img":"","footer-sml-layout":"","ast-disable-related-posts":"","theme-transparent-header-meta":"default","adv-header-id-meta":"","stick-header-meta":"","header-above-stick-meta":"","header-main-stick-meta":"","header-below-stick-meta":"","astra-migrate-meta-layouts":"set","ast-page-background-enabled":"default","ast-page-background-meta":{"desktop":{"background-color":"","background-image":"","background-repeat":"repeat","background-position":"center center","background-size":"auto","background-attachment":"scroll","background-type":"","background-media":"","overlay-type":"","overlay-color":"","overlay-opacity":"","overlay-gradient":""},"tablet":{"background-color":"","background-image":"","background-repeat":"repeat","background-position":"center center","background-size":"auto","background-attachment":"scroll","background-type":"","background-media":"","overlay-type":"","overlay-color":"","overlay-opacity":"","overlay-gradient":""},"mobile":{"background-color":"","background-image":"","background-repeat":"repeat","background-position":"center center","background-size":"auto","background-attachment":"scroll","background-type":"","background-media":"","overlay-type":"","overlay-color":"","overlay-opacity":"","overlay-gradient":""}},"ast-content-background-meta":{"desktop":{"background-color":"var(--ast-global-color-5)","background-image":"","background-repeat":"repeat","background-position":"center center","background-size":"auto","background-attachment":"scroll","background-type":"","background-media":"","overlay-type":"","overlay-color":"","overlay-opacity":"","overlay-gradient":""},"tablet":{"background-color":"var(--ast-global-color-5)","background-image":"","background-repeat":"repeat","background-position":"center center","background-size":"auto","background-attachment":"scroll","background-type":"","background-media":"","overlay-type":"","overlay-color":"","overlay-opacity":"","overlay-gradient":""},"mobile":{"background-color":"var(--ast-global-color-5)","background-image":"","background-repeat":"repeat","background-position":"center center","background-size":"auto","background-attachment":"scroll","background-type":"","background-media":"","overlay-type":"","overlay-color":"","overlay-opacity":"","overlay-gradient":""}},"_joinchat":[]},"product_brand":[],"product_cat":[140,149,156,158,141,142,146,147],"product_tag":[529,530,528,355,287,513,512],"class_list":{"0":"post-4772","1":"product","2":"type-product","3":"status-publish","4":"has-post-thumbnail","6":"product_cat-big-puffs-disposable-vapes","7":"product_cat-buy-disposable-vapes-in-austria","8":"product_cat-buy-disposable-vapes-in-poland","9":"product_cat-buy-disposable-vapes-in-spain","10":"product_cat-crystal-disposable-vapes","11":"product_cat-digital-box-disposable-vapes","12":"product_cat-rechargeable-disposable-vapes","13":"product_cat-shisha-hookah-disposable-vapes","14":"product_tag-al-fakher-8k-v2","15":"product_tag-al-fakher-crystal-8000-v2","16":"product_tag-al-fakher-crystal-8k-v2","17":"product_tag-big-puff-vape","18":"product_tag-disposable-vape-pen","19":"product_tag-vape-discount-price","20":"product_tag-vape-wholesale-distributor","21":"desktop-align-left","22":"tablet-align-left","23":"mobile-align-left","25":"first","26":"instock","27":"sale","28":"shipping-taxable","29":"purchasable","30":"product-type-simple"},"acf":[],"uagb_featured_image_src":{"full":["https:\/\/vapestornado.com\/wp-content\/uploads\/2026\/01\/Al-Fakher-Disposable-Vapes-Best-Price.webp",800,800,false],"thumbnail":["https:\/\/vapestornado.com\/wp-content\/uploads\/2026\/01\/Al-Fakher-Disposable-Vapes-Best-Price-150x150.webp",150,150,true],"medium":["https:\/\/vapestornado.com\/wp-content\/uploads\/2026\/01\/Al-Fakher-Disposable-Vapes-Best-Price-300x300.webp",300,300,true],"medium_large":["https:\/\/vapestornado.com\/wp-content\/uploads\/2026\/01\/Al-Fakher-Disposable-Vapes-Best-Price-768x768.webp",768,768,true],"large":["https:\/\/vapestornado.com\/wp-content\/uploads\/2026\/01\/Al-Fakher-Disposable-Vapes-Best-Price.webp",800,800,false],"1536x1536":["https:\/\/vapestornado.com\/wp-content\/uploads\/2026\/01\/Al-Fakher-Disposable-Vapes-Best-Price.webp",800,800,false],"2048x2048":["https:\/\/vapestornado.com\/wp-content\/uploads\/2026\/01\/Al-Fakher-Disposable-Vapes-Best-Price.webp",800,800,false],"trp-custom-language-flag":["https:\/\/vapestornado.com\/wp-content\/uploads\/2026\/01\/Al-Fakher-Disposable-Vapes-Best-Price-12x12.webp",12,12,true],"woocommerce_thumbnail":["https:\/\/vapestornado.com\/wp-content\/uploads\/2026\/01\/Al-Fakher-Disposable-Vapes-Best-Price-300x300.webp",300,300,true],"woocommerce_single":["https:\/\/vapestornado.com\/wp-content\/uploads\/2026\/01\/Al-Fakher-Disposable-Vapes-Best-Price-600x600.webp",600,600,true],"woocommerce_gallery_thumbnail":["https:\/\/vapestornado.com\/wp-content\/uploads\/2026\/01\/Al-Fakher-Disposable-Vapes-Best-Price-100x100.webp",100,100,true]},"uagb_author_info":{"display_name":"ESAMY","author_link":"https:\/\/vapestornado.com\/sk\/author\/"},"uagb_comment_info":0,"uagb_excerpt":"Al Fakher Crown Bar Crystal 8K V2 \u2013 Stable Performance Disposable Vape for EU Wholesale Al Fakher CRYSTAL 8K V2 with Dual Vaping Mode &amp; Low Nicotine Output Crystal 8K V2 by Al Fakher \u2013 Reliable 8000 Puff Disposable at Competitive Wholesale Price Add Amy's whatsapp to get right reply and discount price! WhatsApp: +86&hellip;","_links":{"self":[{"href":"https:\/\/vapestornado.com\/sk\/wp-json\/wp\/v2\/product\/4772","targetHints":{"allow":["GET"]}}],"collection":[{"href":"https:\/\/vapestornado.com\/sk\/wp-json\/wp\/v2\/product"}],"about":[{"href":"https:\/\/vapestornado.com\/sk\/wp-json\/wp\/v2\/types\/product"}],"replies":[{"embeddable":true,"href":"https:\/\/vapestornado.com\/sk\/wp-json\/wp\/v2\/comments?post=4772"}],"wp:featuredmedia":[{"embeddable":true,"href":"https:\/\/vapestornado.com\/sk\/wp-json\/wp\/v2\/media\/4770"}],"wp:attachment":[{"href":"https:\/\/vapestornado.com\/sk\/wp-json\/wp\/v2\/media?parent=4772"}],"wp:term":[{"taxonomy":"product_brand","embeddable":true,"href":"https:\/\/vapestornado.com\/sk\/wp-json\/wp\/v2\/product_brand?post=4772"},{"taxonomy":"product_cat","embeddable":true,"href":"https:\/\/vapestornado.com\/sk\/wp-json\/wp\/v2\/product_cat?post=4772"},{"taxonomy":"product_tag","embeddable":true,"href":"https:\/\/vapestornado.com\/sk\/wp-json\/wp\/v2\/product_tag?post=4772"}],"curies":[{"name":"wp","href":"https:\/\/api.w.org\/{rel}","templated":true}]}}