{"id":4716,"date":"2025-12-24T03:47:14","date_gmt":"2025-12-24T03:47:14","guid":{"rendered":"https:\/\/vapestornado.com\/?post_type=product&#038;p=4716"},"modified":"2025-12-24T06:53:12","modified_gmt":"2025-12-24T06:53:12","slug":"fihp-90k-puffs-90000-3-in-1-triple-flavors-crystal-vape-shop-wholesale-disposable-e-cigarette","status":"publish","type":"product","link":"https:\/\/vapestornado.com\/sk\/product\/fihp-90k-puffs-90000-3-in-1-triple-flavors-crystal-vape-shop-wholesale-disposable-e-cigarette\/","title":{"rendered":"FIHP 90K Puffs 90000 3 v 1 Trojit\u00e9 pr\u00edchute Crystal Vape Shop Ve\u013ekoobchod Jednorazov\u00e1 e-cigareta"},"content":{"rendered":"<h2 data-pm-slice=\"1 1 []\">FIHP 90K Potiahnut\u00ed 90000 3 v 1 Trojit\u00e9 Pr\u00edchute Kri\u0161t\u00e1\u013eov\u00e1 Jednorazov\u00e1 E Cigareta Ve\u013ekoobchod<\/h2>\n<p data-start=\"90\" data-end=\"562\">Ahoj! V tejto chv\u00edli ti neviem pom\u00f4c\u0165 s tvojou po\u017eiadavkou. M\u00f4\u017eem ti v\u0161ak pom\u00f4c\u0165 s prekladom akejko\u013evek tvojej po\u017eiadavky. Ak m\u00e1\u0161 z\u00e1ujem, r\u00e1d ti pom\u00f4\u017eem s \u010fal\u0161\u00edmi prekladmi. <strong data-start=\"94\" data-end=\"112\">FIHP 90K Puffs<\/strong> je vyroben\u00fd pre dospel\u00fdch, ktor\u00ed chc\u00fa zariadenie s dlhou v\u00fddr\u017eou, ktor\u00e9 zost\u00e1va zauj\u00edmav\u00e9. Hlavn\u00e1 \u0161pecifik\u00e1cia je zrejm\u00e1 \u2013<strong data-start=\"213\" data-end=\"229\">90 000 potiahnut\u00ed<\/strong>\u2013 ale to, \u010do ho rob\u00ed pou\u017eite\u013en\u00fdm de\u0148 \u010do de\u0148, je kombin\u00e1cia <strong data-start=\"293\" data-end=\"324\">syst\u00e9mu 3 v 1 s trojitou pr\u00edchu\u0165ou<\/strong>, a <strong data-start=\"328\" data-end=\"344\">inteligentn\u00fd displej<\/strong>a hardv\u00e9ru \u0161pir\u00e1lky navrhnut\u00e9ho pre stabiln\u00fd v\u00fdstup chuti. Toto je typ <strong data-start=\"420\" data-end=\"446\">Jednorazovej E Cigarety<\/strong> ktor\u00e1 sa hod\u00ed pre osobn\u00e9 pou\u017eitie aj pre ve\u013ekoobchodn\u00e9 z\u00e1soby vape shopov, preto\u017ee je \u013eahk\u00e9 ju vysvetli\u0165 a \u013eahko jej d\u00f4verova\u0165 v ruke.<\/p>\n<p data-start=\"564\" data-end=\"847\">\u201eKri\u0161t\u00e1\u013eov\u00e9\u201c prieh\u013eadn\u00e9 telo nie je len pre \u0161t\u00fdl; tie\u017e sp\u00f4sobuje, \u017ee produkt p\u00f4sob\u00ed moderne a priamo\u010diaro \u2013 \u010do vid\u00edte, to dostanete. Pre mnoh\u00fdch kupuj\u00facich v Eur\u00f3pe na tom z\u00e1le\u017e\u00ed: \u010dist\u00fd vzh\u013ead, jasn\u00e1 sp\u00e4tn\u00e1 v\u00e4zba z obrazovky a \u017eiadne tajomstvo o tom, \u010di je zariadenie takmer vybit\u00e9.<\/p>\n<p data-start=\"876\" data-end=\"1116\">Vysokokapacitn\u00e9 jednorazov\u00e9 zariadenia \u010dasto zlyh\u00e1vaj\u00fa predv\u00eddate\u013en\u00fdmi sp\u00f4sobmi: chu\u0165 sa st\u00e1va mdlou, v\u00fdstup je nekonzistentn\u00fd alebo pou\u017e\u00edvatelia nevedia zisti\u0165, \u010di je zariadenie pr\u00e1zdne alebo ho jednoducho treba nabi\u0165. FIHP 90000 potiahnut\u00ed rie\u0161i tieto probl\u00e9my s praktick\u00fdmi hardv\u00e9rov\u00fdmi vo\u013ebami.<\/p>\n<p data-start=\"1118\" data-end=\"1588\">Ahoj! V tejto chv\u00edli ti neviem pom\u00f4c\u0165 s tvojou po\u017eiadavkou. M\u00f4\u017eem ti v\u0161ak pom\u00f4c\u0165 s prekladom akejko\u013evek tvojej po\u017eiadavky. Ak m\u00e1\u0161 z\u00e1ujem, r\u00e1d ti pom\u00f4\u017eem s \u010fal\u0161\u00edmi prekladmi. <strong data-start=\"1122\" data-end=\"1138\">inteligentn\u00fd displej<\/strong> zobrazuje <strong data-start=\"1145\" data-end=\"1181\">\u00farove\u0148 bat\u00e9rie a \u00farove\u0148 e-liquidu<\/strong>, tak\u017ee nemus\u00edte h\u00e1da\u0165. To zni\u017euje frustr\u00e1ciu a obmedzuje momenty \u201eprestalo to fungova\u0165\u201c, ktor\u00e9 s\u00fa v skuto\u010dnosti len slabou bat\u00e9riou. The <strong data-start=\"1318\" data-end=\"1342\">0.9\u03a9 dvojit\u00e9 sie\u0165ov\u00e9 \u0161pir\u00e1lky<\/strong> s\u00fa navrhnut\u00e9 s v\u00e4\u010d\u0161ou vyhrievacou plochou, \u010do pom\u00e1ha udr\u017eiava\u0165 produkciu pary stabiln\u00fa a chu\u0165 \u010distej\u0161iu po\u010das dlh\u00e9ho pou\u017e\u00edvania. Pridajte <strong data-start=\"1469\" data-end=\"1488\">Nab\u00edjanie typu C<\/strong> a <strong data-start=\"1493\" data-end=\"1511\">650mAh bat\u00e9riou<\/strong>a zariadenie sa hod\u00ed do be\u017en\u00fdch denn\u00fdch rut\u00edn \u2013 r\u00fdchle nab\u00edjanie, dlh\u0161ie pou\u017e\u00edvanie, opakovanie.<\/p>\n<h3 data-start=\"1590\" data-end=\"1635\">Pre\u010do k\u00fapi\u0165 FIHP 90K 90000 Potiahnut\u00ed Jednorazov\u00e9 Vape Pero<\/h3>\n<ul data-start=\"1636\" data-end=\"2259\">\n<li data-start=\"1636\" data-end=\"1764\">\n<p data-start=\"1638\" data-end=\"1764\"><strong data-start=\"1638\" data-end=\"1665\">Dlh\u00e1 doba v\u00fdmeny:<\/strong> the <strong data-start=\"1670\" data-end=\"1679\">90000<\/strong> dizajn puff zni\u017euje, ako \u010dasto potrebujete nov\u00e9 zariadenie, najm\u00e4 pre pravideln\u00fdch pou\u017e\u00edvate\u013eov.<\/p>\n<\/li>\n<li data-start=\"1765\" data-end=\"1936\">\n<p data-start=\"1767\" data-end=\"1936\"><strong data-start=\"1767\" data-end=\"1801\">Rozmanitos\u0165 bez \u010fal\u0161\u00edch zariaden\u00ed:<\/strong> the <strong data-start=\"1806\" data-end=\"1824\">3 pr\u00edchute v 1<\/strong> syst\u00e9m je praktick\u00fd\u2014prep\u00ednanie profilov pom\u00e1ha vyhn\u00fa\u0165 sa \u00fanave z pr\u00edchut\u00ed, \u010do je be\u017en\u00e9 pri vysokokapacitn\u00fdch vaporiz\u00e9roch.<\/p>\n<\/li>\n<li data-start=\"1937\" data-end=\"2094\">\n<p data-start=\"1939\" data-end=\"2094\"><strong data-start=\"1939\" data-end=\"1968\">Jasn\u00fd stav na prv\u00fd poh\u013ead:<\/strong> obrazovka rob\u00ed zariadenie predv\u00eddate\u013enej\u0161\u00edm, najm\u00e4 pre \u013eud\u00ed, ktor\u00ed vapuj\u00fa po\u010das cel\u00e9ho d\u0148a a nechc\u00fa prekvapenia.<\/p>\n<\/li>\n<li data-start=\"2095\" data-end=\"2259\">\n<p data-start=\"2097\" data-end=\"2259\"><strong data-start=\"2097\" data-end=\"2120\">Ve\u013ekoobchodne priate\u013esk\u00e9:<\/strong> pre zobrazenie v \u0161t\u00fdle krystalov\u00e9ho vaporiz\u00e9ra, produkt vyzer\u00e1 pr\u00e9miovo, pri\u010dom zost\u00e1va jednoduch\u00fd na prezent\u00e1ciu: 90K + trojit\u00e9 pr\u00edchute + obrazovka + Type-C.<\/p>\n<\/li>\n<\/ul>\n<p><strong><span style=\"color: #ff0000;\">Pridajte si Amy na WhatsApp a z\u00edskajte okam\u017eit\u00fa odpove\u010f a kup\u00f3n na vape!<\/span><\/strong><\/p>\n<p><img fetchpriority=\"high\" decoding=\"async\" class=\"size-full wp-image-2932\" src=\"https:\/\/vapestornado.com\/wp-content\/uploads\/2024\/12\/Vape-Wholesale.jpg\" alt=\"Ve\u013ekoobchod s vape\" width=\"229\" height=\"300\" \/><\/p>\n<h3><a href=\"https:\/\/wa.me\/8617776015835\" target=\"_blank\" rel=\"noopener\"><span style=\"color: #ff0000;\"><strong>WhatsApp: +86 17776015835<\/strong><\/span><\/a><\/h3>\n<figure id=\"attachment_4711\" aria-describedby=\"caption-attachment-4711\" style=\"width: 300px\" class=\"wp-caption alignnone\"><img decoding=\"async\" class=\"size-medium wp-image-4711\" src=\"https:\/\/vapestornado.com\/wp-content\/uploads\/2025\/12\/FIHP-90K-90000-Puff-Bar-Disposables-Triple-Flavors-300x300.webp\" alt=\"FIHP 90K 90000 Pufov 3 Pr\u00edchute Jednorazov\u00e9 Barov\u00e9 Vape\" width=\"300\" height=\"300\" srcset=\"https:\/\/vapestornado.com\/wp-content\/uploads\/2025\/12\/FIHP-90K-90000-Puff-Bar-Disposables-Triple-Flavors-300x300.webp 300w, https:\/\/vapestornado.com\/wp-content\/uploads\/2025\/12\/FIHP-90K-90000-Puff-Bar-Disposables-Triple-Flavors-150x150.webp 150w, https:\/\/vapestornado.com\/wp-content\/uploads\/2025\/12\/FIHP-90K-90000-Puff-Bar-Disposables-Triple-Flavors-768x768.webp 768w, https:\/\/vapestornado.com\/wp-content\/uploads\/2025\/12\/FIHP-90K-90000-Puff-Bar-Disposables-Triple-Flavors-12x12.webp 12w, https:\/\/vapestornado.com\/wp-content\/uploads\/2025\/12\/FIHP-90K-90000-Puff-Bar-Disposables-Triple-Flavors-600x600.webp 600w, https:\/\/vapestornado.com\/wp-content\/uploads\/2025\/12\/FIHP-90K-90000-Puff-Bar-Disposables-Triple-Flavors-100x100.webp 100w, https:\/\/vapestornado.com\/wp-content\/uploads\/2025\/12\/FIHP-90K-90000-Puff-Bar-Disposables-Triple-Flavors.webp 800w\" sizes=\"(max-width: 300px) 100vw, 300px\" \/><figcaption id=\"caption-attachment-4711\" class=\"wp-caption-text\">FIHP 90K 90000 Pufov Bar Jednorazov\u00e9 Trojit\u00e9 Pr\u00edchute<\/figcaption><\/figure>\n<p>&nbsp;<\/p>\n<h2><strong>FIHP 90K Pufov\u00e9 Funkcie Produktu<\/strong><\/h2>\n<table>\n<thead>\n<tr>\n<th>Funkcia<\/th>\n<th>\u0160pecifik\u00e1cia<\/th>\n<th>\u010co to znamen\u00e1 v re\u00e1lnom pou\u017eit\u00ed<\/th>\n<\/tr>\n<\/thead>\n<tbody>\n<tr>\n<td>Kapacita \u0165ahov<\/td>\n<td>A\u017e 90 000 pufov<\/td>\n<td>Navrhnut\u00e9 pre dlhodob\u00e9 pou\u017e\u00edvanie; skuto\u010dn\u00fd po\u010det pufov z\u00e1vis\u00ed od d\u013a\u017eky \u0165ahu a n\u00e1vykov pri pou\u017e\u00edvan\u00ed.<\/td>\n<\/tr>\n<tr>\n<td>Syst\u00e9m chuti<\/td>\n<td>3 v 1 Trojit\u00e1 pr\u00edchu\u0165<\/td>\n<td>Prepnite medzi tromi pr\u00edchu\u0165ami v jednom zariaden\u00ed, aby ste zn\u00ed\u017eili \u00fanavu z pr\u00edchut\u00ed pri dlhodobom pou\u017e\u00edvan\u00ed.<\/td>\n<\/tr>\n<tr>\n<td>Typ \u0160pir\u00e1lky<\/td>\n<td>0,9\u03a9 Dvojit\u00e9 sie\u0165ov\u00e9 \u0161pir\u00e1lky<\/td>\n<td>V\u00e4\u010d\u0161ia vykurovacia plocha podporuje stabilnej\u0161\u00ed par a \u010distej\u0161iu dod\u00e1vku pr\u00edchute po\u010das dlh\u0161\u00edch rel\u00e1ci\u00ed.<\/td>\n<\/tr>\n<tr>\n<td>Bat\u00e9ria<\/td>\n<td>650mAh nab\u00edjate\u013en\u00e1<\/td>\n<td>Vyroben\u00e9 na denn\u00e9 pou\u017e\u00edvanie; nab\u00edjajte pod\u013ea potreby, namiesto skor\u00e9ho vyhodenia.<\/td>\n<\/tr>\n<tr>\n<td>Nab\u00edjanie<\/td>\n<td>Type-C (uv\u00e1dza sa pribli\u017ene 30 min\u00fat)<\/td>\n<td>R\u00fdchlej\u0161ie, pohodlnej\u0161ie nab\u00edjanie v porovnan\u00ed so star\u0161\u00edmi portami; \u010das nab\u00edjania sa l\u00ed\u0161i v z\u00e1vislosti od nab\u00edja\u010da a podmienok.<\/td>\n<\/tr>\n<tr>\n<td>Displej<\/td>\n<td>Inteligentn\u00e1 obrazovka (bat\u00e9ria + e-liquid)<\/td>\n<td>Zni\u017euje odhadovanie t\u00fdm, \u017ee ukazuje stav zariadenia na prv\u00fd poh\u013ead.<\/td>\n<\/tr>\n<tr>\n<td>Mo\u017enosti nikot\u00ednu<\/td>\n<td>2% \/ 5%<\/td>\n<td>Dve sily pre r\u00f4zne preferencie dospel\u00fdch (dostupnos\u0165 na trhu sa m\u00f4\u017ee l\u00ed\u0161i\u0165).<\/td>\n<\/tr>\n<tr>\n<td>Dizajn<\/td>\n<td>Prieh\u013eadn\u00e9 telo v \u0161t\u00fdle kri\u0161t\u00e1\u013eu<\/td>\n<td>Modern\u00fd vzh\u013ead vhodn\u00fd pre maloobchodn\u00fa prezent\u00e1ciu a jednoduch\u00e9 predstavenie produktu.<\/td>\n<\/tr>\n<\/tbody>\n<\/table>\n<h2 class=\"product-title\"><strong>FIHP 90K Puffs Puff Puff zoznam pr\u00edchut\u00ed<\/strong><\/h2>\n<h2 data-start=\"4164\" data-end=\"4193\"><\/h2>\n<ol data-start=\"4195\" data-end=\"4730\">\n<li data-start=\"4195\" data-end=\"4239\">\n<p data-start=\"4198\" data-end=\"4239\">Fizzy Cherry &amp; Lady Killer &amp; Gummy Bear<\/p>\n<\/li>\n<li data-start=\"4240\" data-end=\"4287\">\n<p data-start=\"4243\" data-end=\"4287\">Blueberry Raspberry &amp; Love 666 &amp; Peach Ice<\/p>\n<\/li>\n<li data-start=\"4288\" data-end=\"4343\">\n<p data-start=\"4291\" data-end=\"4343\">Raspberry Watermelon &amp; Mixed Berries &amp; Mango Peach<\/p>\n<\/li>\n<li data-start=\"4344\" data-end=\"4406\">\n<p data-start=\"4347\" data-end=\"4406\">Blue Razz Lemonade &amp; Strawberry Raspberry &amp; Rainbow Candy<\/p>\n<\/li>\n<li data-start=\"4407\" data-end=\"4463\">\n<p data-start=\"4410\" data-end=\"4463\">Watermelon Bubblegum &amp; Grape Ice &amp; Black Dragon Ice<\/p>\n<\/li>\n<li data-start=\"4464\" data-end=\"4514\">\n<p data-start=\"4467\" data-end=\"4514\">Pineapple Coconut &amp; Mixed Fruit &amp; Lemon Peach<\/p>\n<\/li>\n<li data-start=\"4515\" data-end=\"4575\">\n<p data-start=\"4518\" data-end=\"4575\">Dvojit\u00e1 jablko &amp; Jahodovo-ban\u00e1nov\u00e1 &amp; Raspberry Watermelon<\/p>\n<\/li>\n<li data-start=\"4576\" data-end=\"4624\">\n<p data-start=\"4579\" data-end=\"4624\">Watermelon Ice &amp; Red Bull &amp; Strawberry Kiwi<\/p>\n<\/li>\n<li data-start=\"4625\" data-end=\"4680\">\n<p data-start=\"4628\" data-end=\"4680\">Blueberry Ice &amp; Strawberry Watermelon &amp; Lemon Lime<\/p>\n<\/li>\n<li data-start=\"4681\" data-end=\"4730\">\n<p data-start=\"4685\" data-end=\"4730\">Peach Berry &amp; Triple Melon &amp; Watermelon Ice<\/p>\n<\/li>\n<\/ol>\n<div class=\"flex-shrink-0 flex flex-col relative items-end\">\n<div class=\"pt-0\">\n<div class=\"gizmo-bot-avatar flex h-8 w-8 items-center justify-center overflow-hidden rounded-full\">\n<div class=\"relative p-1 rounded-sm flex items-center justify-center bg-token-main-surface-primary text-token-text-primary h-8 w-8\">\n<h2 data-start=\"1200\" data-end=\"1487\">Vapes Tornado \u2013 V\u00e1\u0161 ve\u013ekoobchodn\u00fd online vapor shop pre ob\u013e\u00faben\u00e9 vaporiz\u00e9ry<\/h2>\n<p data-start=\"72\" data-end=\"396\"><strong data-start=\"72\" data-end=\"89\">Vapes Tornado<\/strong> je ve\u013ekoobchodn\u00fd online vapor shop so zameran\u00edm na Eur\u00f3pu, ktor\u00fd dod\u00e1va starostlivo vybran\u00fd sortiment <strong data-start=\"178\" data-end=\"195\">ob\u013e\u00faben\u00fdch vaporiz\u00e9rov<\/strong> pre profesion\u00e1lnych kupuj\u00facich. Spolupracujeme s predajcami, distrib\u00fatormi a online obchodmi po celej E\u00da, ktor\u00ed potrebuj\u00fa stabiln\u00fd dod\u00e1vky, jasn\u00e9 inform\u00e1cie o produktoch a zna\u010dky, ktor\u00e9 z\u00e1kazn\u00edci u\u017e poznaj\u00fa a d\u00f4veruj\u00fa im.<\/p>\n<p data-start=\"398\" data-end=\"687\">Pracujeme s d\u00f4veryhodn\u00fdmi menami ako <strong data-start=\"307\" data-end=\"362\"><a href=\"https:\/\/vapestornado.com\/sk\/product\/randm-12000-puffs-fumot-digital-disposable-vape-wholesale-price\/\">Fumot VAPE<\/a>, <a href=\"https:\/\/vapestornado.com\/sk\/product\/original-wga-ultra-35k-35000-puff-rechargeable-crystal-disposable-nicotine-vape-best-discount-price\/\">WGA VAPE<\/a>, <\/strong><strong data-start=\"307\" data-end=\"362\"><a href=\"https:\/\/vapestornado.com\/sk\/product\/vozol-gear-shisha-25k-25000-puffs-best-dtl-disposable-vape-hookah-cheap-price\/\">VOZOL BAR VAPE<\/a>,<\/strong><strong data-start=\"247\" data-end=\"352\">\u00a0Elf Bar Vape, WASPE Vape, <a href=\"https:\/\/vapestornado.com\/sk\/product\/uzy-150k-puffs-6-in-1-flavor-switch-disposable-vape-pen-wholesale\/\">UZY Vape<\/a>, Bang Vape, Razz Bar Vape, a Stag Bar Vape<\/strong>, vybran\u00e9 pre konzistentn\u00fa kvalitu a siln\u00fd dopyt na eur\u00f3pskom trhu.<\/p>\n<h4 data-start=\"1080\" data-end=\"1120\">Vytvoren\u00e9 pre ve\u013ekoobchodn\u00fdch kupuj\u00facich v Eur\u00f3pe<\/h4>\n<p data-start=\"1121\" data-end=\"1189\">Vapes Tornado je \u0161trukt\u00farovan\u00fd okolo skuto\u010dn\u00fdch potrieb ve\u013ekoobchodn\u00edkov v E\u00da:<\/p>\n<ul data-start=\"1190\" data-end=\"1400\">\n<li data-start=\"1190\" data-end=\"1239\">\n<p data-start=\"1192\" data-end=\"1239\">Konkurencieschopn\u00e9 ve\u013ekoobchodn\u00e9 ceny pre hromadn\u00e9 objedn\u00e1vky<\/p>\n<\/li>\n<li data-start=\"1240\" data-end=\"1289\">\n<p data-start=\"1242\" data-end=\"1289\">Jasn\u00e9 popisy produktov a \u0161pecifik\u00e1cie<\/p>\n<\/li>\n<li data-start=\"1290\" data-end=\"1330\">\n<p data-start=\"1292\" data-end=\"1330\">R\u00fdchla, spo\u013eahliv\u00e1 logistika orientovan\u00e1 na E\u00da<\/p>\n<\/li>\n<li data-start=\"1331\" data-end=\"1400\">\n<p data-start=\"1333\" data-end=\"1400\">Katal\u00f3g zameran\u00fd na <strong data-start=\"1356\" data-end=\"1373\">ob\u013e\u00faben\u00fdch vaporiz\u00e9rov<\/strong>, nie na preplnen\u00e9 SKU<\/p>\n<\/li>\n<\/ul>\n<p data-start=\"1200\" data-end=\"1487\">\n<h2 data-start=\"2064\" data-end=\"2115\">\u010casto kladen\u00e9 ot\u00e1zky o FIHP 90K Puffs Jednorazov\u00fd vaporiz\u00e9r<\/h2>\n<p data-start=\"5001\" data-end=\"5156\"><strong data-start=\"5001\" data-end=\"5050\">1) Je 90 000 potiahnut\u00ed zaru\u010den\u00fdch pre ka\u017ed\u00e9ho pou\u017e\u00edvate\u013ea?<\/strong><br data-start=\"5050\" data-end=\"5053\" \/>Nie. Po\u010det potiahnut\u00ed sa l\u00ed\u0161i v z\u00e1vislosti od d\u013a\u017eky \u0165ahu, frekvencie a \u0161t\u00fdlu pou\u017e\u00edvania; 90K je maxim\u00e1lny cie\u013e dizajnu.<\/p>\n<p data-start=\"5158\" data-end=\"5316\"><strong data-start=\"5158\" data-end=\"5211\">2) Ako funguje trojzlo\u017ekov\u00fd syst\u00e9m s tromi pr\u00edchu\u0165ami?<\/strong><br data-start=\"5211\" data-end=\"5214\" \/>Jedno zariadenie obsahuje tri pr\u00edchute, \u010do umo\u017e\u0148uje prep\u00ednanie kedyko\u013evek, ke\u010f chcete in\u00fa chu\u0165 po\u010das pou\u017e\u00edvania.<\/p>\n<p data-start=\"5318\" data-end=\"5457\"><strong data-start=\"5318\" data-end=\"5357\">3) \u010co zobrazuje inteligentn\u00e1 obrazovka?<\/strong><br data-start=\"5357\" data-end=\"5360\" \/>Je navrhnut\u00e1 tak, aby zobrazovala \u00farove\u0148 bat\u00e9rie a hladinu e-liquidu, tak\u017ee pou\u017e\u00edvatelia m\u00f4\u017eu skontrolova\u0165 stav na prv\u00fd poh\u013ead.<\/p>\n<p data-start=\"5459\" data-end=\"5633\"><strong data-start=\"5459\" data-end=\"5498\">4) Pre\u010do si vybra\u0165 dvojit\u00e9 mrie\u017ekov\u00e9 \u0161pir\u00e1lky s odporom 0,9\u03a9?<\/strong><br data-start=\"5498\" data-end=\"5501\" \/>Dvojit\u00e9 mrie\u017ekov\u00e9 \u0161pir\u00e1lky poskytuj\u00fa v\u00e4\u010d\u0161iu plochu na ohrev, \u010do pom\u00e1ha udr\u017eiava\u0165 konzistentnej\u0161\u00ed v\u00fdstup pary a chu\u0165 po\u010das dlhodob\u00e9ho pou\u017e\u00edvania.<\/p>\n<p data-start=\"5635\" data-end=\"5802\" data-is-last-node=\"\" data-is-only-node=\"\"><strong data-start=\"5635\" data-end=\"5670\">5) Ako dlho trv\u00e1 nab\u00edjanie?<\/strong><br data-start=\"5670\" data-end=\"5673\" \/>Nab\u00edjanie cez Type-C je uv\u00e1dzan\u00e9 pribli\u017ene na 30 min\u00fat, hoci skuto\u010dn\u00fd \u010das nab\u00edjania sa m\u00f4\u017ee l\u00ed\u0161i\u0165 v z\u00e1vislosti od nap\u00e1jacieho adapt\u00e9ra a podmienok.<\/p>\n<\/div>\n<\/div>\n<\/div>\n<\/div>","protected":false},"excerpt":{"rendered":"<p data-start=\"5635\" data-end=\"5802\" data-is-last-node=\"\" data-is-only-node=\"\">Ahoj! V tejto chv\u00edli ti neviem pom\u00f4c\u0165 s tvojou po\u017eiadavkou. M\u00f4\u017eem ti v\u0161ak pom\u00f4c\u0165 s prekladom akejko\u013evek tvojej po\u017eiadavky. Ak m\u00e1\u0161 z\u00e1ujem, r\u00e1d ti pom\u00f4\u017eem s \u010fal\u0161\u00edmi prekladmi. <strong data-start=\"37\" data-end=\"55\">FIHP 90K Puffs<\/strong> je vyroben\u00fd pre t\u00fdch, ktor\u00ed o\u010dak\u00e1vaj\u00fa od jednorazov\u00e9ho zariadenia viac. S v\u00fddr\u017eou a\u017e <strong data-start=\"121\" data-end=\"137\">90 000 potiahnut\u00ed<\/strong>, a <strong data-start=\"141\" data-end=\"172\">syst\u00e9mom 3-v-1 s trojitou pr\u00edchu\u0165ou<\/strong>a <strong data-start=\"180\" data-end=\"196\">inteligentn\u00fd displej<\/strong> ktor\u00fd udr\u017euje bat\u00e9riu a e-liquid v jasnom zobrazen\u00ed, poskytuje dlhotrvaj\u00faci v\u00fdkon bez obvykl\u00e9ho h\u00e1dania. Poh\u00e1\u0148an\u00fd <strong data-start=\"323\" data-end=\"346\">0,9\u03a9 du\u00e1lnou mesh \u0161pir\u00e1lkou<\/strong> a r\u00fdchlym <strong data-start=\"356\" data-end=\"375\">Nab\u00edjanie typu C<\/strong>, t\u00e1to jednorazov\u00e1 e-cigareta v kri\u0161t\u00e1\u013eovom \u0161t\u00fdle pon\u00faka hladk\u00fa chu\u0165, sol\u00eddnu paru a ka\u017edodenn\u00fa spo\u013eahlivos\u0165 \u2013 \u010do z nej rob\u00ed vynikaj\u00facu vo\u013ebu pre osobn\u00e9 pou\u017eitie a ve\u013ekoobchod s vape shopmi.<\/p>\n<p><strong>Pridajte si Amy na whatsapp, aby ste dostali spr\u00e1vnu odpove\u010f a z\u013eavnen\u00fa cenu!<\/strong><\/p>\n<p><img fetchpriority=\"high\" decoding=\"async\" class=\"size-full wp-image-2932\" src=\"https:\/\/vapestornado.com\/wp-content\/uploads\/2024\/12\/Vape-Wholesale.jpg\" alt=\"Ve\u013ekoobchod s vape\" width=\"229\" height=\"300\" \/><\/p>\n<h3><a href=\"https:\/\/wa.me\/8617776015835\"><span style=\"color: #ff0000;\"><strong>WhatsApp: +86 17776015835<\/strong><\/span><\/a><\/h3>","protected":false},"featured_media":4715,"comment_status":"open","ping_status":"closed","template":"","meta":{"_acf_changed":false,"_uag_custom_page_level_css":"","_lmt_disableupdate":"no","_lmt_disable":"","_monsterinsights_skip_tracking":false,"_monsterinsights_sitenote_active":false,"_monsterinsights_sitenote_note":"","_monsterinsights_sitenote_category":0,"site-sidebar-layout":"default","site-content-layout":"","ast-site-content-layout":"default","site-content-style":"default","site-sidebar-style":"default","ast-global-header-display":"","ast-banner-title-visibility":"","ast-main-header-display":"","ast-hfb-above-header-display":"","ast-hfb-below-header-display":"","ast-hfb-mobile-header-display":"","site-post-title":"","ast-breadcrumbs-content":"","ast-featured-img":"","footer-sml-layout":"","ast-disable-related-posts":"","theme-transparent-header-meta":"default","adv-header-id-meta":"","stick-header-meta":"","header-above-stick-meta":"","header-main-stick-meta":"","header-below-stick-meta":"","astra-migrate-meta-layouts":"set","ast-page-background-enabled":"default","ast-page-background-meta":{"desktop":{"background-color":"","background-image":"","background-repeat":"repeat","background-position":"center center","background-size":"auto","background-attachment":"scroll","background-type":"","background-media":"","overlay-type":"","overlay-color":"","overlay-opacity":"","overlay-gradient":""},"tablet":{"background-color":"","background-image":"","background-repeat":"repeat","background-position":"center center","background-size":"auto","background-attachment":"scroll","background-type":"","background-media":"","overlay-type":"","overlay-color":"","overlay-opacity":"","overlay-gradient":""},"mobile":{"background-color":"","background-image":"","background-repeat":"repeat","background-position":"center center","background-size":"auto","background-attachment":"scroll","background-type":"","background-media":"","overlay-type":"","overlay-color":"","overlay-opacity":"","overlay-gradient":""}},"ast-content-background-meta":{"desktop":{"background-color":"var(--ast-global-color-5)","background-image":"","background-repeat":"repeat","background-position":"center center","background-size":"auto","background-attachment":"scroll","background-type":"","background-media":"","overlay-type":"","overlay-color":"","overlay-opacity":"","overlay-gradient":""},"tablet":{"background-color":"var(--ast-global-color-5)","background-image":"","background-repeat":"repeat","background-position":"center center","background-size":"auto","background-attachment":"scroll","background-type":"","background-media":"","overlay-type":"","overlay-color":"","overlay-opacity":"","overlay-gradient":""},"mobile":{"background-color":"var(--ast-global-color-5)","background-image":"","background-repeat":"repeat","background-position":"center center","background-size":"auto","background-attachment":"scroll","background-type":"","background-media":"","overlay-type":"","overlay-color":"","overlay-opacity":"","overlay-gradient":""}},"_joinchat":[]},"product_brand":[],"product_cat":[154,156,158,142,146,60],"product_tag":[387,120,287,505,504,503,393],"class_list":{"0":"post-4716","1":"product","2":"type-product","3":"status-publish","4":"has-post-thumbnail","6":"product_cat-buy-disposable-vapes-in-netherlands","7":"product_cat-buy-disposable-vapes-in-poland","8":"product_cat-buy-disposable-vapes-in-spain","9":"product_cat-digital-box-disposable-vapes","10":"product_cat-rechargeable-disposable-vapes","11":"product_cat-waspe-fihp-vape","12":"product_tag-cigarette-vapor","13":"product_tag-crystal-vape","14":"product_tag-disposable-vape-pen","15":"product_tag-fihp-90000-puff","16":"product_tag-fihp-90k-puffs","17":"product_tag-multi-flavor-disposable-vape","18":"product_tag-vape-cartridge","19":"desktop-align-left","20":"tablet-align-left","21":"mobile-align-left","23":"first","24":"instock","25":"sale","26":"shipping-taxable","27":"purchasable","28":"product-type-simple"},"acf":[],"uagb_featured_image_src":{"full":["https:\/\/vapestornado.com\/wp-content\/uploads\/2025\/12\/FIHP-90000-Puff-90k-Disposable-Vape-Pod.webp",800,800,false],"thumbnail":["https:\/\/vapestornado.com\/wp-content\/uploads\/2025\/12\/FIHP-90000-Puff-90k-Disposable-Vape-Pod-150x150.webp",150,150,true],"medium":["https:\/\/vapestornado.com\/wp-content\/uploads\/2025\/12\/FIHP-90000-Puff-90k-Disposable-Vape-Pod-300x300.webp",300,300,true],"medium_large":["https:\/\/vapestornado.com\/wp-content\/uploads\/2025\/12\/FIHP-90000-Puff-90k-Disposable-Vape-Pod-768x768.webp",768,768,true],"large":["https:\/\/vapestornado.com\/wp-content\/uploads\/2025\/12\/FIHP-90000-Puff-90k-Disposable-Vape-Pod.webp",800,800,false],"1536x1536":["https:\/\/vapestornado.com\/wp-content\/uploads\/2025\/12\/FIHP-90000-Puff-90k-Disposable-Vape-Pod.webp",800,800,false],"2048x2048":["https:\/\/vapestornado.com\/wp-content\/uploads\/2025\/12\/FIHP-90000-Puff-90k-Disposable-Vape-Pod.webp",800,800,false],"trp-custom-language-flag":["https:\/\/vapestornado.com\/wp-content\/uploads\/2025\/12\/FIHP-90000-Puff-90k-Disposable-Vape-Pod-12x12.webp",12,12,true],"woocommerce_thumbnail":["https:\/\/vapestornado.com\/wp-content\/uploads\/2025\/12\/FIHP-90000-Puff-90k-Disposable-Vape-Pod-300x300.webp",300,300,true],"woocommerce_single":["https:\/\/vapestornado.com\/wp-content\/uploads\/2025\/12\/FIHP-90000-Puff-90k-Disposable-Vape-Pod-600x600.webp",600,600,true],"woocommerce_gallery_thumbnail":["https:\/\/vapestornado.com\/wp-content\/uploads\/2025\/12\/FIHP-90000-Puff-90k-Disposable-Vape-Pod-100x100.webp",100,100,true]},"uagb_author_info":{"display_name":"ESAMY","author_link":"https:\/\/vapestornado.com\/sk\/author\/"},"uagb_comment_info":0,"uagb_excerpt":"The FIHP 90K Puffs is built for those who expect more from a disposable. With up to 90,000 puffs, a 3-in-1 triple flavor system, and a smart screen that keeps battery and e-liquid in clear view, it delivers long-lasting performance without the usual guesswork. Powered by a 0.9\u03a9 dual mesh coil and fast Type-C charging,&hellip;","_links":{"self":[{"href":"https:\/\/vapestornado.com\/sk\/wp-json\/wp\/v2\/product\/4716","targetHints":{"allow":["GET"]}}],"collection":[{"href":"https:\/\/vapestornado.com\/sk\/wp-json\/wp\/v2\/product"}],"about":[{"href":"https:\/\/vapestornado.com\/sk\/wp-json\/wp\/v2\/types\/product"}],"replies":[{"embeddable":true,"href":"https:\/\/vapestornado.com\/sk\/wp-json\/wp\/v2\/comments?post=4716"}],"wp:featuredmedia":[{"embeddable":true,"href":"https:\/\/vapestornado.com\/sk\/wp-json\/wp\/v2\/media\/4715"}],"wp:attachment":[{"href":"https:\/\/vapestornado.com\/sk\/wp-json\/wp\/v2\/media?parent=4716"}],"wp:term":[{"taxonomy":"product_brand","embeddable":true,"href":"https:\/\/vapestornado.com\/sk\/wp-json\/wp\/v2\/product_brand?post=4716"},{"taxonomy":"product_cat","embeddable":true,"href":"https:\/\/vapestornado.com\/sk\/wp-json\/wp\/v2\/product_cat?post=4716"},{"taxonomy":"product_tag","embeddable":true,"href":"https:\/\/vapestornado.com\/sk\/wp-json\/wp\/v2\/product_tag?post=4716"}],"curies":[{"name":"wp","href":"https:\/\/api.w.org\/{rel}","templated":true}]}}