{"id":4683,"date":"2025-12-13T07:01:25","date_gmt":"2025-12-13T07:01:25","guid":{"rendered":"https:\/\/vapestornado.com\/?post_type=product&#038;p=4683"},"modified":"2025-12-13T07:24:55","modified_gmt":"2025-12-13T07:24:55","slug":"hifancy-legend-20000-puff-disposable-vape-wholesale-e-cigarette-online","status":"publish","type":"product","link":"https:\/\/vapestornado.com\/sk\/product\/hifancy-legend-20000-puff-disposable-vape-wholesale-e-cigarette-online\/","title":{"rendered":"HIFANCY Legend 20000 Puf Jednorazov\u00fd Vaporiz\u00e9r Ve\u013ekoobchod E-cigareta Online"},"content":{"rendered":"<h2 data-start=\"0\" data-end=\"73\">HIFANCY Legend 20000 Puf Jednorazov\u00fd Vaporiz\u00e9r Ve\u013ekoobchod E-cigareta Online<\/h2>\n<p data-start=\"75\" data-end=\"474\">Ahoj! V tejto chv\u00edli ti neviem pom\u00f4c\u0165 s tvojou po\u017eiadavkou. M\u00f4\u017eem ti v\u0161ak pom\u00f4c\u0165 s prekladom akejko\u013evek tvojej po\u017eiadavky. Ak m\u00e1\u0161 z\u00e1ujem, r\u00e1d ti pom\u00f4\u017eem s \u010fal\u0161\u00edmi prekladmi. <strong data-start=\"79\" data-end=\"108\">HIFANCY Legend 20000 Puf<\/strong> je ur\u010den\u00fd pre dospel\u00fdch, ktor\u00ed chc\u00fa vysokokapacitn\u00fd jednorazov\u00fd vaporiz\u00e9r s nab\u00edjate\u013enou bat\u00e9riou, siln\u00fdm dodan\u00edm chuti a mo\u017enos\u0165ou prisp\u00f4sobi\u0165 \u0161t\u00fdl \u0165ahu. Pre predajcov a distrib\u00fatorov, <strong data-start=\"122\" data-end=\"144\">HIFANCY Legend 20k je<\/strong>\u00a0umiestnen\u00fd ako jednoduch\u00e9 SKU: ve\u013ek\u00fd po\u010det pufov, ve\u013ek\u00e1 kapacita kvapaliny a syst\u00e9m cievok navrhnut\u00fd tak, aby udr\u017eiaval konzistentn\u00fa chu\u0165 po\u010das dlh\u00e9ho pou\u017e\u00edvania.<\/p>\n<h2 data-start=\"615\" data-end=\"666\">\u010co vlastne kupujete<\/h2>\n<ul data-start=\"668\" data-end=\"1165\">\n<li data-start=\"668\" data-end=\"756\">\n<p data-start=\"670\" data-end=\"756\"><strong data-start=\"670\" data-end=\"692\">Vysokokapacitn\u00e9 pou\u017eitie:<\/strong> a\u017e <strong data-start=\"699\" data-end=\"715\">20 000 potiahnut\u00ed<\/strong> pre dlh\u00fa dobu medzi v\u00fdmenami<\/p>\n<\/li>\n<li data-start=\"757\" data-end=\"813\">\n<p data-start=\"759\" data-end=\"813\"><strong data-start=\"759\" data-end=\"784\">Ve\u013ek\u00e1 z\u00e1soba kvapaliny:<\/strong> <strong data-start=\"785\" data-end=\"811\">kapacitu 30 ml e-liquidu<\/strong><\/p>\n<\/li>\n<li data-start=\"814\" data-end=\"891\">\n<p data-start=\"816\" data-end=\"891\"><strong data-start=\"816\" data-end=\"839\">Nab\u00edjate\u013en\u00e1 energia:<\/strong> <strong data-start=\"840\" data-end=\"858\">Bat\u00e9ria 750mAh<\/strong> na podporu vysok\u00e9ho po\u010dtu pufov<\/p>\n<\/li>\n<li data-start=\"892\" data-end=\"990\">\n<p data-start=\"894\" data-end=\"990\"><strong data-start=\"894\" data-end=\"919\">Cievka zameran\u00e1 na chu\u0165:<\/strong> <strong data-start=\"920\" data-end=\"940\">Dvojit\u00e1 Mesh Cievka<\/strong> pre silnej\u0161\u00ed v\u00fdstup chuti a stabilnej\u0161iu paru<\/p>\n<\/li>\n<li data-start=\"991\" data-end=\"1079\">\n<p data-start=\"993\" data-end=\"1079\"><strong data-start=\"993\" data-end=\"1013\">Nastavite\u013en\u00fd pocit:<\/strong> <strong data-start=\"1014\" data-end=\"1035\">dva re\u017eimy zahrievania<\/strong> tak\u017ee vaporiz\u00e9r m\u00f4\u017ee by\u0165 m\u00e4k\u0161\u00ed alebo intenz\u00edvnej\u0161\u00ed<\/p>\n<\/li>\n<li data-start=\"1080\" data-end=\"1165\">\n<p data-start=\"1082\" data-end=\"1165\"><strong data-start=\"1082\" data-end=\"1103\">Mo\u017enosti nikot\u00ednu:<\/strong> <strong data-start=\"1104\" data-end=\"1121\">2%, 3% alebo 5%<\/strong> (dostupnos\u0165 z\u00e1vis\u00ed od va\u0161ej objedn\u00e1vky\/trhu)<\/p>\n<\/li>\n<\/ul>\n<h2 data-start=\"1476\" data-end=\"1518\">Pre\u010do z\u00e1kazn\u00edci d\u00f4veruj\u00fa tomuto zariadeniu HIFANCY Legend 20k<\/h2>\n<p data-start=\"1520\" data-end=\"1616\">D\u00f4vera v <strong data-start=\"1532\" data-end=\"1547\">E-cigareta<\/strong> nie je o hype \u2014 ide o predv\u00eddate\u013en\u00fd v\u00fdkon a jasn\u00e9 \u0161pecifik\u00e1cie.<\/p>\n<p data-start=\"1618\" data-end=\"1650\"><strong data-start=\"1618\" data-end=\"1650\">\u010co buduje d\u00f4veru tu:<\/strong><\/p>\n<ul data-start=\"1651\" data-end=\"2107\">\n<li data-start=\"1651\" data-end=\"1794\">\n<p data-start=\"1653\" data-end=\"1794\"><strong data-start=\"1653\" data-end=\"1695\">Transparentn\u00fd zoznam kapacity a hardv\u00e9ru<\/strong> (ve\u013ekos\u0165 bat\u00e9rie, objem kvapaliny, typ cievky, re\u017eimy ohrevu) aby boli o\u010dak\u00e1vania stanoven\u00e9 pred k\u00fapou.<\/p>\n<\/li>\n<li data-start=\"1795\" data-end=\"1950\">\n<p data-start=\"1797\" data-end=\"1950\"><strong data-start=\"1797\" data-end=\"1850\">Dob\u00edjate\u013en\u00e1 bat\u00e9ria zodpovedaj\u00faca objemu kvapaliny<\/strong>, \u010do je d\u00f4le\u017eit\u00e9: ve\u013emi v\u00fdkonn\u00e9 zariadenie bez dob\u00edjania m\u00e1 tendenciu vy\u010derpa\u0165 sa sk\u00f4r, ne\u017e sa kvapalina spotrebuje.<\/p>\n<\/li>\n<li data-start=\"1951\" data-end=\"2107\">\n<p data-start=\"1953\" data-end=\"2107\"><strong data-start=\"1953\" data-end=\"1980\">Dvojit\u00fd mrie\u017ekov\u00fd dizajn cievky<\/strong>, vybran\u00fd \u0161peci\u00e1lne na udr\u017eanie chuti a konzistencie pary po\u010das dlh\u0161ieho pou\u017e\u00edvania, namiesto r\u00fdchleho vrcholu a poklesu.<\/p>\n<\/li>\n<\/ul>\n<h2 data-start=\"4583\" data-end=\"4628\">Doru\u010denie z eur\u00f3pskeho skladu (r\u00fdchlos\u0165, ktor\u00e1 z\u00e1le\u017e\u00ed)<\/h2>\n<p data-start=\"4630\" data-end=\"4837\">HIFANCY odosiela z <strong data-start=\"4651\" data-end=\"4673\">Eur\u00f3pskeho skladu<\/strong> s typick\u00fdm dodan\u00edm uveden\u00fdm ako <strong data-start=\"4706\" data-end=\"4726\">3\u20137 pracovn\u00fdch dn\u00ed<\/strong>. To je praktick\u00e9 pre doplnenie z\u00e1sob a zni\u017euje neistotu spojen\u00fa s dlh\u00fdmi medzin\u00e1rodn\u00fdmi prepravami.<\/p>\n<p><strong><span style=\"color: #ff0000;\">Pridajte si Amy na WhatsApp a z\u00edskajte okam\u017eit\u00fa odpove\u010f a kup\u00f3n na vape!<\/span><\/strong><\/p>\n<p><img fetchpriority=\"high\" decoding=\"async\" class=\"size-full wp-image-2932\" src=\"https:\/\/vapestornado.com\/wp-content\/uploads\/2024\/12\/Vape-Wholesale.jpg\" alt=\"Ve\u013ekoobchod s vape\" width=\"229\" height=\"300\" \/><\/p>\n<h3><a href=\"https:\/\/wa.me\/8617776015835\" target=\"_blank\" rel=\"noopener\"><span style=\"color: #ff0000;\"><strong>WhatsApp: +86 17776015835<\/strong><\/span><\/a><\/h3>\n<p>&nbsp;<\/p>\n<h2><strong>Funkcie produktu HIFANCY Legend 20000 Puff<\/strong><\/h2>\n<ul data-start=\"1195\" data-end=\"1469\">\n<li data-start=\"1195\" data-end=\"1242\">\n<p data-start=\"1197\" data-end=\"1242\"><strong data-start=\"1197\" data-end=\"1214\">N\u00e1zov produktu:<\/strong> HIFANCY Legend 20000 Puf<\/p>\n<\/li>\n<li data-start=\"1243\" data-end=\"1303\">\n<p data-start=\"1245\" data-end=\"1303\"><strong data-start=\"1245\" data-end=\"1255\">Potiahnut\u00ed:<\/strong> 20 000 (pou\u017eitie sa l\u00ed\u0161i pod\u013ea d\u013a\u017eky \u0165ahu a re\u017eimu)<\/p>\n<\/li>\n<li data-start=\"1304\" data-end=\"1340\">\n<p data-start=\"1306\" data-end=\"1340\"><strong data-start=\"1306\" data-end=\"1318\">Bat\u00e9ria:<\/strong> Dob\u00edjate\u013en\u00e1 bat\u00e9ria 750mAh<\/p>\n<\/li>\n<li data-start=\"1341\" data-end=\"1372\">\n<p data-start=\"1343\" data-end=\"1372\"><strong data-start=\"1343\" data-end=\"1365\">Kapacita e-liquidu:<\/strong> 30ml<\/p>\n<\/li>\n<li data-start=\"1373\" data-end=\"1403\">\n<p data-start=\"1375\" data-end=\"1403\"><strong data-start=\"1375\" data-end=\"1384\">Cievka:<\/strong> Dvojit\u00e1 Mesh Cievka<\/p>\n<\/li>\n<li data-start=\"1404\" data-end=\"1430\">\n<p data-start=\"1406\" data-end=\"1430\"><strong data-start=\"1406\" data-end=\"1418\">Ohrev:<\/strong> Dva re\u017eimy<\/p>\n<\/li>\n<li data-start=\"1431\" data-end=\"1469\">\n<p data-start=\"1433\" data-end=\"1469\"><strong data-start=\"1433\" data-end=\"1456\">Sily nikot\u00ednu:<\/strong> 2% \/ 3% \/ 5%<\/p>\n<\/li>\n<\/ul>\n<figure id=\"attachment_4678\" aria-describedby=\"caption-attachment-4678\" style=\"width: 300px\" class=\"wp-caption alignnone\"><img decoding=\"async\" class=\"size-medium wp-image-4678\" src=\"https:\/\/vapestornado.com\/wp-content\/uploads\/2025\/12\/HIFANCY-Legend-20k-20000-Disposable-Vape-with-Screen-300x300.webp\" alt=\"HIFANCY Legend 20k 20000 Jednorazov\u00fd vaporiz\u00e9r s displejom\" width=\"300\" height=\"300\" srcset=\"https:\/\/vapestornado.com\/wp-content\/uploads\/2025\/12\/HIFANCY-Legend-20k-20000-Disposable-Vape-with-Screen-300x300.webp 300w, https:\/\/vapestornado.com\/wp-content\/uploads\/2025\/12\/HIFANCY-Legend-20k-20000-Disposable-Vape-with-Screen-150x150.webp 150w, https:\/\/vapestornado.com\/wp-content\/uploads\/2025\/12\/HIFANCY-Legend-20k-20000-Disposable-Vape-with-Screen-768x768.webp 768w, https:\/\/vapestornado.com\/wp-content\/uploads\/2025\/12\/HIFANCY-Legend-20k-20000-Disposable-Vape-with-Screen-12x12.webp 12w, https:\/\/vapestornado.com\/wp-content\/uploads\/2025\/12\/HIFANCY-Legend-20k-20000-Disposable-Vape-with-Screen-600x600.webp 600w, https:\/\/vapestornado.com\/wp-content\/uploads\/2025\/12\/HIFANCY-Legend-20k-20000-Disposable-Vape-with-Screen-100x100.webp 100w, https:\/\/vapestornado.com\/wp-content\/uploads\/2025\/12\/HIFANCY-Legend-20k-20000-Disposable-Vape-with-Screen.webp 800w\" sizes=\"(max-width: 300px) 100vw, 300px\" \/><figcaption id=\"caption-attachment-4678\" class=\"wp-caption-text\">HIFANCY Legend 20k 20000 Jednorazov\u00fd vaporiz\u00e9r s displejom<\/figcaption><\/figure>\n<h2 class=\"product-title\"><strong>Zoznam pr\u00edchut\u00ed vaporiz\u00e9rov HIFANCY 20000 Puff<\/strong><\/h2>\n<p>1. Jahodovo-mango<br \/>\n2. Jahoda Vodn\u00fd mel\u00f3n<br \/>\n3. Energetick\u00fd n\u00e1poj<br \/>\n4. Jahodov\u00e1 \u0161\u0165ava<br \/>\n5. \u010cu\u010doriedkovo-malinov\u00e1 hroznov\u00e1<br \/>\n6. Modr\u00fd Razz \u010cere\u0161\u0148a<br \/>\n7. Kiwi Passion Fruit Guava<br \/>\n8. Malinov\u00e1 Mel\u00f3nov\u00e1 \u013eadov\u00e1<br \/>\n9. Mel\u00f3nov\u00e1 \u017euva\u010dka<br \/>\n10. Brosky\u0148a Bobu\u013eov\u00e9 \u013eadov\u00e9<\/p>\n<div class=\"flex-shrink-0 flex flex-col relative items-end\">\n<div class=\"pt-0\">\n<div class=\"gizmo-bot-avatar flex h-8 w-8 items-center justify-center overflow-hidden rounded-full\">\n<h2 data-start=\"4844\" data-end=\"4888\">Pre\u010do nakupova\u0165 od Vapes Tornado \u2013 V\u00e1\u0161 ve\u013ekoobchod s jednorazov\u00fdmi vaporiz\u00e9rmi<\/h2>\n<p data-start=\"4890\" data-end=\"4958\">N\u00e1kup cez <strong data-start=\"4903\" data-end=\"4933\">ve\u013ekoobchod s jednorazov\u00fdmi vaporiz\u00e9rmi<\/strong> je hlavne o kontrole:<\/p>\n<ul data-start=\"4959\" data-end=\"5183\">\n<li data-start=\"4959\" data-end=\"5012\">\n<p data-start=\"4961\" data-end=\"5012\">M\u00f4\u017eete pl\u00e1nova\u0165 z\u00e1soby pod\u013ea spo\u013eahliv\u00fdch dodac\u00edch leh\u00f4t<\/p>\n<\/li>\n<li data-start=\"5013\" data-end=\"5097\">\n<p data-start=\"5015\" data-end=\"5097\">M\u00f4\u017eete \u0161tandardizova\u0165 najpred\u00e1vanej\u0161ie varianty (sily nikot\u00ednu, ob\u013e\u00faben\u00e9 pr\u00edchute)<\/p>\n<\/li>\n<li data-start=\"5098\" data-end=\"5183\">\n<p data-start=\"5100\" data-end=\"5183\">Vyh\u00fdbate sa zdrojom \u201ezmie\u0161an\u00fdch \u0161ar\u017e\u00ed\u201c, ktor\u00e9 \u010dasto sp\u00f4sobuj\u00fa nekonzistentn\u00fd z\u00e1\u017eitok z\u00e1kazn\u00edka<\/p>\n<\/li>\n<\/ul>\n<p data-start=\"5185\" data-end=\"5250\">Ak v\u00e1\u0161 obchod z\u00e1vis\u00ed od opakuj\u00facich sa z\u00e1kazn\u00edkov, konzistencia je d\u00f4le\u017eitej\u0161ia ako novinky.<\/p>\n<\/div>\n<p data-start=\"5185\" data-end=\"5250\"><strong data-start=\"141\" data-end=\"177\">Online obchod s dymom Vapes Tornado<\/strong> je v\u00e1\u0161 d\u00f4veryhodn\u00fd zdroj pre <strong data-start=\"205\" data-end=\"270\">pr\u00e9miov\u00e9 jednorazov\u00e9 vape a ve\u013ekoobchodn\u00e9 e-cigarety na Slovensku<\/strong>. Pon\u00fakame najpred\u00e1vanej\u0161ie zna\u010dky ako <strong data-start=\"307\" data-end=\"362\"><a href=\"https:\/\/vapestornado.com\/sk\/product\/randm-12000-puffs-fumot-digital-disposable-vape-wholesale-price\/\">Fumot VAPE<\/a>, <a href=\"https:\/\/vapestornado.com\/sk\/product\/waspe-150k-150000-puff-6-in-1-disposable-vape-pen-cartridge-best-wholesale-price-in-poland\/\">WASPE VAPE<\/a>, <\/strong><strong data-start=\"307\" data-end=\"362\"><a href=\"https:\/\/vapestornado.com\/sk\/product\/vozol-gear-shisha-25k-25000-puffs-best-dtl-disposable-vape-hookah-cheap-price\/\">VOZOL BAR VAPE<\/a>, \u00a0 Bang Vape<\/strong>, a viac, zabezpe\u010duj\u00fac kvalitu a rozmanitos\u0165 pre ka\u017ed\u00e9ho z\u00e1kazn\u00edka. \u010ci ste individu\u00e1lny vap\u00e9r alebo ve\u013ekoobchodn\u00fd kupuj\u00faci, doru\u010dujeme <strong data-start=\"481\" data-end=\"550\">vysoko v\u00fdkonn\u00e9 zariadenia, \u0161t\u00fdlov\u00e9 dizajny a konkurencieschopn\u00e9 ceny<\/strong> na splnenie va\u0161ich potrieb.<\/p>\n<div class=\"gizmo-bot-avatar flex h-8 w-8 items-center justify-center overflow-hidden rounded-full\">\n<div class=\"relative p-1 rounded-sm flex items-center justify-center bg-token-main-surface-primary text-token-text-primary h-8 w-8\">\n<h2 data-start=\"2064\" data-end=\"2115\">\u010casto kladen\u00e9 ot\u00e1zky o HIFANCY Legend 20k Puff Vape<\/h2>\n<p data-start=\"5721\" data-end=\"5865\"><strong data-start=\"5721\" data-end=\"5779\">Znamen\u00e1 20 000 potiahnut\u00ed, \u017ee vydr\u017e\u00ed rovnako pre ka\u017ed\u00e9ho?<\/strong><br data-start=\"5779\" data-end=\"5782\" \/>Nie. Po\u010det potiahnut\u00ed z\u00e1vis\u00ed od d\u013a\u017eky \u0165ahu, re\u017eimu ohrevu a frekvencie pou\u017e\u00edvania.<\/p>\n<p data-start=\"5867\" data-end=\"6086\"><strong data-start=\"5867\" data-end=\"5904\">Zostane pr\u00edchu\u0165 konzistentn\u00e1?<\/strong><br data-start=\"5904\" data-end=\"5907\" \/>Dvojit\u00e1 mrie\u017ekov\u00e1 cievka je navrhnut\u00e1 na zlep\u0161enie dod\u00e1vky pr\u00edchute a stability po\u010das dlh\u0161ieho pou\u017e\u00edvania v porovnan\u00ed s jednoduch\u0161\u00edmi usporiadaniami cievok, ale skuto\u010dn\u00e9 v\u00fdsledky st\u00e1le z\u00e1visia od \u0161t\u00fdlu pou\u017e\u00edvania.<\/p>\n<p data-start=\"6088\" data-end=\"6253\"><strong data-start=\"6088\" data-end=\"6109\">Je to znovu plnite\u013en\u00e9?<\/strong><br data-start=\"6109\" data-end=\"6112\" \/>Je to ur\u010den\u00e9 ako vysoko kapacitn\u00fd jednorazov\u00fd v\u00fdrobok s <strong data-start=\"6163\" data-end=\"6171\">30ml<\/strong> predplnen\u00fdm e-liquidom; nab\u00edjate bat\u00e9riu, ale nie je ur\u010den\u00fd na dop\u013a\u0148anie.<\/p>\n<\/div>\n<\/div>\n<\/div>\n<\/div>","protected":false},"excerpt":{"rendered":"<div class=\"flex flex-col text-sm @w-xl\/main:pt-header-height pb-25\">\n<article class=\"text-token-text-primary w-full focus:outline-none [--shadow-height:45px] has-data-writing-block:pointer-events-none has-data-writing-block:-mt-(--shadow-height) has-data-writing-block:pt-(--shadow-height) [&amp;:has([data-writing-block])&gt;*]:pointer-events-auto scroll-mt-[calc(var(--header-height)+min(200px,max(70px,20svh)))]\" dir=\"auto\" tabindex=\"-1\" data-turn-id=\"a4553bcb-7aea-49d6-9fac-81ba76f7aa52\" data-testid=\"conversation-turn-52\" data-scroll-anchor=\"true\" data-turn=\"assistant\">\n<div class=\"text-base my-auto mx-auto pb-10 [--thread-content-margin:--spacing(4)] @w-sm\/main:[--thread-content-margin:--spacing(6)] @w-lg\/main:[--thread-content-margin:--spacing(16)] px-(--thread-content-margin)\">\n<div class=\"[--thread-content-max-width:40rem] @w-lg\/main:[--thread-content-max-width:48rem] mx-auto max-w-(--thread-content-max-width) flex-1 group\/turn-messages focus-visible:outline-hidden relative flex w-full min-w-0 flex-col agent-turn\" tabindex=\"-1\">\n<div class=\"flex max-w-full flex-col grow\">\n<div class=\"min-h-8 text-message relative flex w-full flex-col items-end gap-2 text-start break-words whitespace-normal [.text-message+&amp;]:mt-1\" dir=\"auto\" data-message-author-role=\"assistant\" data-message-id=\"337d04d0-1322-4696-922d-486732393dc5\" data-message-model-slug=\"gpt-5-2-thinking\">\n<div class=\"flex w-full flex-col gap-1 empty:hidden first:pt-[1px]\">\n<div class=\"markdown prose dark:prose-invert w-full break-words light markdown-new-styling\">\n<p data-start=\"4468\" data-end=\"4743\" data-is-last-node=\"\" data-is-only-node=\"\">Ahoj! V tejto chv\u00edli ti neviem pom\u00f4c\u0165 s tvojou po\u017eiadavkou. M\u00f4\u017eem ti v\u0161ak pom\u00f4c\u0165 s prekladom akejko\u013evek tvojej po\u017eiadavky. Ak m\u00e1\u0161 z\u00e1ujem, r\u00e1d ti pom\u00f4\u017eem s \u010fal\u0161\u00edmi prekladmi. <strong data-start=\"289\" data-end=\"318\" data-is-only-node=\"\">HIFANCY Legend 20000 Puf<\/strong> je vysoko kapacitn\u00e1 jednorazov\u00e1 e-cigareta navrhnut\u00e1 na dlhodob\u00e9 pou\u017e\u00edvanie a konzistentn\u00fa chu\u0165. M\u00e1 a\u017e 20 000 potiahnut\u00ed, kapacitu 30 ml e-liquidu, dob\u00edjate\u013en\u00fa bat\u00e9riu 750mAh a dvojit\u00fa mrie\u017ekov\u00fa cievku pre stabiln\u00fd v\u00fdstup pary. S dvoma re\u017eimami ohrevu a viacer\u00fdmi mo\u017enos\u0165ami nikot\u00ednu je vhodn\u00e1 pre dospel\u00fdch pou\u017e\u00edvate\u013eov, ktor\u00ed chc\u00fa odoln\u00fd, spo\u013eahliv\u00fd jednorazov\u00fd vaporiz\u00e9r za konkurencieschopn\u00fa ve\u013ekoobchodn\u00fa cenu.<\/p>\n<\/div>\n<\/div>\n<\/div>\n<\/div>\n<div class=\"z-0 flex min-h-[46px] justify-start\"><\/div>\n<\/div>\n<\/div>\n<\/article>\n<\/div>\n<p><strong>Pridajte si Amy na whatsapp, aby ste dostali spr\u00e1vnu odpove\u010f a z\u013eavnen\u00fa cenu!<\/strong><\/p>\n<p><img fetchpriority=\"high\" decoding=\"async\" class=\"size-full wp-image-2932\" src=\"https:\/\/vapestornado.com\/wp-content\/uploads\/2024\/12\/Vape-Wholesale.jpg\" alt=\"Ve\u013ekoobchod s vape\" width=\"229\" height=\"300\" \/><\/p>\n<h3><a href=\"https:\/\/wa.me\/8617776015835\"><span style=\"color: #ff0000;\"><strong>WhatsApp: +86 17776015835<\/strong><\/span><\/a><\/h3>","protected":false},"featured_media":4682,"comment_status":"open","ping_status":"closed","template":"","meta":{"_acf_changed":false,"_uag_custom_page_level_css":"","_lmt_disableupdate":"no","_lmt_disable":"","_monsterinsights_skip_tracking":false,"_monsterinsights_sitenote_active":false,"_monsterinsights_sitenote_note":"","_monsterinsights_sitenote_category":0,"site-sidebar-layout":"default","site-content-layout":"","ast-site-content-layout":"default","site-content-style":"default","site-sidebar-style":"default","ast-global-header-display":"","ast-banner-title-visibility":"","ast-main-header-display":"","ast-hfb-above-header-display":"","ast-hfb-below-header-display":"","ast-hfb-mobile-header-display":"","site-post-title":"","ast-breadcrumbs-content":"","ast-featured-img":"","footer-sml-layout":"","ast-disable-related-posts":"","theme-transparent-header-meta":"default","adv-header-id-meta":"","stick-header-meta":"","header-above-stick-meta":"","header-main-stick-meta":"","header-below-stick-meta":"","astra-migrate-meta-layouts":"set","ast-page-background-enabled":"default","ast-page-background-meta":{"desktop":{"background-color":"","background-image":"","background-repeat":"repeat","background-position":"center center","background-size":"auto","background-attachment":"scroll","background-type":"","background-media":"","overlay-type":"","overlay-color":"","overlay-opacity":"","overlay-gradient":""},"tablet":{"background-color":"","background-image":"","background-repeat":"repeat","background-position":"center center","background-size":"auto","background-attachment":"scroll","background-type":"","background-media":"","overlay-type":"","overlay-color":"","overlay-opacity":"","overlay-gradient":""},"mobile":{"background-color":"","background-image":"","background-repeat":"repeat","background-position":"center center","background-size":"auto","background-attachment":"scroll","background-type":"","background-media":"","overlay-type":"","overlay-color":"","overlay-opacity":"","overlay-gradient":""}},"ast-content-background-meta":{"desktop":{"background-color":"var(--ast-global-color-5)","background-image":"","background-repeat":"repeat","background-position":"center center","background-size":"auto","background-attachment":"scroll","background-type":"","background-media":"","overlay-type":"","overlay-color":"","overlay-opacity":"","overlay-gradient":""},"tablet":{"background-color":"var(--ast-global-color-5)","background-image":"","background-repeat":"repeat","background-position":"center center","background-size":"auto","background-attachment":"scroll","background-type":"","background-media":"","overlay-type":"","overlay-color":"","overlay-opacity":"","overlay-gradient":""},"mobile":{"background-color":"var(--ast-global-color-5)","background-image":"","background-repeat":"repeat","background-position":"center center","background-size":"auto","background-attachment":"scroll","background-type":"","background-media":"","overlay-type":"","overlay-color":"","overlay-opacity":"","overlay-gradient":""}},"_joinchat":[]},"product_brand":[],"product_cat":[69,152,156,142,492,357,146],"product_tag":[396,497,368,495,496,390,397],"class_list":{"0":"post-4683","1":"product","2":"type-product","3":"status-publish","4":"has-post-thumbnail","6":"product_cat-20000-puff","7":"product_cat-buy-disposable-vapes-in-cermany","8":"product_cat-buy-disposable-vapes-in-poland","9":"product_cat-digital-box-disposable-vapes","10":"product_cat-eu-warehouse","11":"product_cat-flavor-adjustable-vape","12":"product_cat-rechargeable-disposable-vapes","13":"product_tag-disposable-cigarette","14":"product_tag-disposable-vape-wholesaler","15":"product_tag-disposable-vapor","16":"product_tag-hifancy-legend-20000-puff","17":"product_tag-hifancy-legend-20k","18":"product_tag-online-vape-shop","19":"product_tag-vapor","20":"desktop-align-left","21":"tablet-align-left","22":"mobile-align-left","24":"first","25":"instock","26":"sale","27":"shipping-taxable","28":"purchasable","29":"product-type-simple"},"acf":[],"uagb_featured_image_src":{"full":["https:\/\/vapestornado.com\/wp-content\/uploads\/2025\/12\/HIFANCY-LEGEND-20000-Vape-Factory-Price.webp",800,800,false],"thumbnail":["https:\/\/vapestornado.com\/wp-content\/uploads\/2025\/12\/HIFANCY-LEGEND-20000-Vape-Factory-Price-150x150.webp",150,150,true],"medium":["https:\/\/vapestornado.com\/wp-content\/uploads\/2025\/12\/HIFANCY-LEGEND-20000-Vape-Factory-Price-300x300.webp",300,300,true],"medium_large":["https:\/\/vapestornado.com\/wp-content\/uploads\/2025\/12\/HIFANCY-LEGEND-20000-Vape-Factory-Price-768x768.webp",768,768,true],"large":["https:\/\/vapestornado.com\/wp-content\/uploads\/2025\/12\/HIFANCY-LEGEND-20000-Vape-Factory-Price.webp",800,800,false],"1536x1536":["https:\/\/vapestornado.com\/wp-content\/uploads\/2025\/12\/HIFANCY-LEGEND-20000-Vape-Factory-Price.webp",800,800,false],"2048x2048":["https:\/\/vapestornado.com\/wp-content\/uploads\/2025\/12\/HIFANCY-LEGEND-20000-Vape-Factory-Price.webp",800,800,false],"trp-custom-language-flag":["https:\/\/vapestornado.com\/wp-content\/uploads\/2025\/12\/HIFANCY-LEGEND-20000-Vape-Factory-Price-12x12.webp",12,12,true],"woocommerce_thumbnail":["https:\/\/vapestornado.com\/wp-content\/uploads\/2025\/12\/HIFANCY-LEGEND-20000-Vape-Factory-Price-300x300.webp",300,300,true],"woocommerce_single":["https:\/\/vapestornado.com\/wp-content\/uploads\/2025\/12\/HIFANCY-LEGEND-20000-Vape-Factory-Price-600x600.webp",600,600,true],"woocommerce_gallery_thumbnail":["https:\/\/vapestornado.com\/wp-content\/uploads\/2025\/12\/HIFANCY-LEGEND-20000-Vape-Factory-Price-100x100.webp",100,100,true]},"uagb_author_info":{"display_name":"ESAMY","author_link":"https:\/\/vapestornado.com\/sk\/author\/"},"uagb_comment_info":0,"uagb_excerpt":"The HIFANCY Legend 20000 Puff is a high-capacity disposable E-cigarette designed for long-lasting use and consistent flavour. It features up to 20,000 puffs, a 30ml e-liquid capacity, a 750mAh rechargeable battery, and a double mesh coil for stable vapour output. With two heating modes and multiple nicotine options, it suits adult users who want a&hellip;","_links":{"self":[{"href":"https:\/\/vapestornado.com\/sk\/wp-json\/wp\/v2\/product\/4683","targetHints":{"allow":["GET"]}}],"collection":[{"href":"https:\/\/vapestornado.com\/sk\/wp-json\/wp\/v2\/product"}],"about":[{"href":"https:\/\/vapestornado.com\/sk\/wp-json\/wp\/v2\/types\/product"}],"replies":[{"embeddable":true,"href":"https:\/\/vapestornado.com\/sk\/wp-json\/wp\/v2\/comments?post=4683"}],"wp:featuredmedia":[{"embeddable":true,"href":"https:\/\/vapestornado.com\/sk\/wp-json\/wp\/v2\/media\/4682"}],"wp:attachment":[{"href":"https:\/\/vapestornado.com\/sk\/wp-json\/wp\/v2\/media?parent=4683"}],"wp:term":[{"taxonomy":"product_brand","embeddable":true,"href":"https:\/\/vapestornado.com\/sk\/wp-json\/wp\/v2\/product_brand?post=4683"},{"taxonomy":"product_cat","embeddable":true,"href":"https:\/\/vapestornado.com\/sk\/wp-json\/wp\/v2\/product_cat?post=4683"},{"taxonomy":"product_tag","embeddable":true,"href":"https:\/\/vapestornado.com\/sk\/wp-json\/wp\/v2\/product_tag?post=4683"}],"curies":[{"name":"wp","href":"https:\/\/api.w.org\/{rel}","templated":true}]}}