{"id":4614,"date":"2025-11-29T06:20:23","date_gmt":"2025-11-29T06:20:23","guid":{"rendered":"https:\/\/vapestornado.com\/?post_type=product&#038;p=4614"},"modified":"2025-11-29T06:33:24","modified_gmt":"2025-11-29T06:33:24","slug":"razz-bar-40000-puff-40k-dual-flavours-disposable-vape-factory-price","status":"publish","type":"product","link":"https:\/\/vapestornado.com\/sk\/product\/razz-bar-40000-puff-40k-dual-flavours-disposable-vape-factory-price\/","title":{"rendered":"Razz Bar 40000 Pufov 40K Dvojit\u00e9 Chute Jednorazov\u00e1 Vape Factory Cena"},"content":{"rendered":"<h2 data-pm-slice=\"1 1 []\">Razz Bar 40000 Pufov 40K Dvojit\u00e9 pr\u00edchute Jednorazov\u00e1 vape tov\u00e1re\u0148 ve\u013ekoobchodn\u00e1 cena<\/h2>\n<p data-start=\"289\" data-end=\"881\">Ahoj! V tejto chv\u00edli ti neviem pom\u00f4c\u0165 s tvojou po\u017eiadavkou. M\u00f4\u017eem ti v\u0161ak pom\u00f4c\u0165 s prekladom akejko\u013evek tvojej po\u017eiadavky. Ak m\u00e1\u0161 z\u00e1ujem, r\u00e1d ti pom\u00f4\u017eem s \u010fal\u0161\u00edmi prekladmi. <strong data-start=\"293\" data-end=\"316\">Razz Bar 40000 Pufov<\/strong> je ur\u010den\u00fd pre ve\u013ekoobchodn\u00edkov, ktor\u00ed chc\u00fa spo\u013eahliv\u00e9 zariadenie s vysok\u00fdm objemom, s vysokou dopytom a r\u00fdchlym obratom. Toto <strong data-start=\"425\" data-end=\"447\">Vape s 2 v 1 pr\u00edchu\u0165ou<\/strong> dod\u00e1va dve kompletn\u00e9 pr\u00edchute v jednom zariaden\u00ed, \u010d\u00edm poskytuje pou\u017e\u00edvate\u013eom viac mo\u017enost\u00ed a hodnoty. S kapacitou <strong data-start=\"551\" data-end=\"564\">40 000 potiahnut\u00ed<\/strong>, jasn\u00fdm displejom a nab\u00edjate\u013enou bat\u00e9riou 650mAh, <strong data-start=\"622\" data-end=\"638\">Razz Bar 40K<\/strong> vynik\u00e1 ako odoln\u00e1, dlhotrvaj\u00faca <strong data-start=\"677\" data-end=\"708\">dvojit\u00e1 pr\u00edchu\u0165ov\u00e1 jednorazov\u00e1 vape<\/strong> ide\u00e1lna pre maloobchodn\u00edkov v E\u00da, ktor\u00ed h\u013eadaj\u00fa stabiln\u00fd t\u00fd\u017edenn\u00fd predaj. Sklad expedujeme r\u00fdchlo z n\u00e1\u0161ho <strong data-start=\"794\" data-end=\"815\">Vape E\u00da sklad<\/strong>, zabezpe\u010duj\u00fac r\u00fdchle doru\u010denie a konzistentn\u00fd z\u00e1sobovanie pre va\u0161ich z\u00e1kazn\u00edkov.<\/p>\n<p data-start=\"883\" data-end=\"1342\">Pokro\u010dil\u00e9 dvojit\u00e9 sie\u0165ov\u00e9 cievky zaru\u010duj\u00fa \u010dist\u00e9 oddelenie pr\u00edchut\u00ed \u2013 ka\u017ed\u00e1 pr\u00edchu\u0165 m\u00e1 svoj vlastn\u00fd vyhraden\u00fd tank, tak\u017ee chu\u0165 zost\u00e1va ostr\u00e1 a autentick\u00e1 od prv\u00e9ho pufu a\u017e po 40 000. A jednoduch\u00fd oto\u010dn\u00fd sp\u00edna\u010d umo\u017e\u0148uje pou\u017e\u00edvate\u013eom okam\u017eite meni\u0165 pr\u00edchute, \u010do rob\u00ed Razz Bar ob\u013e\u00faben\u00fdm medzi vaperami, ktor\u00ed chc\u00fa rozmanitos\u0165 bez nosenia viacer\u00fdch zariaden\u00ed. V kombin\u00e1cii s r\u00fdchlym nab\u00edjan\u00edm cez Type-C a viac ako 10 zmie\u0161an\u00fdmi ovocn\u00fdmi kombin\u00e1ciami je to spo\u013eahliv\u00e1 vysokov\u00fdkonn\u00e1 vo\u013eba na ka\u017edodenn\u00e9 pou\u017eitie.<\/p>\n<p data-start=\"1344\" data-end=\"1558\">Pre distrib\u00fatorov alebo osobn\u00fdch pou\u017e\u00edvate\u013eov h\u013eadaj\u00facich pr\u00e9miov\u00fa <strong data-start=\"1385\" data-end=\"1416\">dvojit\u00e1 pr\u00edchu\u0165ov\u00e1 jednorazov\u00e1 vape<\/strong> s osved\u010denou dopytom, siln\u00fdm v\u00fdkonom chuti a modern\u00fdm syst\u00e9mom displeja, <strong data-start=\"1496\" data-end=\"1519\">Razz Bar 40000 Pufov<\/strong> je jasn\u00fdm v\u00ed\u0165azom v kateg\u00f3rii 40K.<\/p>\n<p data-start=\"666\" data-end=\"1235\"><strong style=\"font-size: 16px;\"><span style=\"color: #ff0000;\">Pridajte si Amy na WhatsApp, aby ste dostali spr\u00e1vnu odpove\u010f a z\u013eavnen\u00fa cenu!<\/span><\/strong><\/p>\n<p><img fetchpriority=\"high\" decoding=\"async\" class=\"size-full wp-image-2932\" src=\"https:\/\/vapestornado.com\/wp-content\/uploads\/2024\/12\/Vape-Wholesale.jpg\" alt=\"Ve\u013ekoobchod s vape\" width=\"229\" height=\"300\" \/><\/p>\n<h3><a href=\"https:\/\/wa.me\/8617776015835\" target=\"_blank\" rel=\"noopener\"><span style=\"color: #ff0000;\"><strong>WhatsApp: +86 17776015835<\/strong><\/span><\/a><\/h3>\n<p>&nbsp;<\/p>\n<h2><strong>Ak\u00e9 pr\u00edchute s\u00fa dostupn\u00e9 od Razz Bar 40000 Puff Disposables Vapes?<\/strong><\/h2>\n<ol data-start=\"1912\" data-end=\"2668\">\n<li data-start=\"1912\" data-end=\"1938\">\n<p data-start=\"1915\" data-end=\"1938\">Citron Limon \/ Lush Ice<\/p>\n<\/li>\n<li data-start=\"1939\" data-end=\"1974\">\n<p data-start=\"1942\" data-end=\"1974\">Jahoda Ice \/ Zmie\u0161an\u00e9 bobule<\/p>\n<\/li>\n<li data-start=\"1975\" data-end=\"2028\">\n<p data-start=\"1978\" data-end=\"2028\">Modr\u00fd Razz Ice \/ Jahoda Mel\u00f3nov\u00e1 \u017euva\u010dka<\/p>\n<\/li>\n<li data-start=\"2029\" data-end=\"2064\">\n<p data-start=\"2032\" data-end=\"2064\">Zmie\u0161an\u00e9 bobule \/ Mel\u00f3n Ice<\/p>\n<\/li>\n<li data-start=\"2065\" data-end=\"2102\">\n<p data-start=\"2068\" data-end=\"2102\">Jahoda Ban\u00e1n \/ Red Bull Ice<\/p>\n<\/li>\n<li data-start=\"2103\" data-end=\"2131\">\n<p data-start=\"2106\" data-end=\"2131\">\u010cu\u010doriedka Ice \/ Love 66<\/p>\n<\/li>\n<li data-start=\"2132\" data-end=\"2162\">\n<p data-start=\"2135\" data-end=\"2162\">Marhu\u013ea Ice \/ \u010cu\u010doriedka Ice<\/p>\n<\/li>\n<li data-start=\"2163\" data-end=\"2210\">\n<p data-start=\"2166\" data-end=\"2210\">Jahoda Kiwi \/ \u010cu\u010doriedka Kysl\u00e1 R\u00edbez\u013ea<\/p>\n<\/li>\n<li data-start=\"2211\" data-end=\"2241\">\n<p data-start=\"2214\" data-end=\"2241\">Mel\u00f3n Ice \/ Cola Ice<\/p>\n<\/li>\n<li data-start=\"2242\" data-end=\"2281\">\n<p data-start=\"2246\" data-end=\"2281\">Jahoda Mel\u00f3n \/ Hrozno Ice<\/p>\n<\/li>\n<li data-start=\"2282\" data-end=\"2316\">\n<p data-start=\"2286\" data-end=\"2316\">Citron Limon \/ Jahoda Kiwi<\/p>\n<\/li>\n<li data-start=\"2317\" data-end=\"2353\">\n<p data-start=\"2321\" data-end=\"2353\">Ru\u017eov\u00e1 Limon\u00e1da \/ \u010cierna r\u00edbez\u013ea Ice<\/p>\n<\/li>\n<li data-start=\"2354\" data-end=\"2391\">\n<p data-start=\"2358\" data-end=\"2391\">\u0160\u0165avnat\u00e1 Marhu\u013ea Ice \/ Anan\u00e1s Ice<\/p>\n<\/li>\n<li data-start=\"2392\" data-end=\"2442\">\n<p data-start=\"2396\" data-end=\"2442\">Kivi Passion Fruit Guava \/ Anan\u00e1s Kokos<\/p>\n<\/li>\n<li data-start=\"2443\" data-end=\"2471\">\n<p data-start=\"2447\" data-end=\"2471\">Skittles \/ Hrozno Burst<\/p>\n<\/li>\n<li data-start=\"2472\" data-end=\"2526\">\n<p data-start=\"2476\" data-end=\"2526\">\u010cierna Ice Drakovo Ovocie Jahoda \/ Trojit\u00e9 Mel\u00f3n<\/p>\n<\/li>\n<li data-start=\"2527\" data-end=\"2565\">\n<p data-start=\"2531\" data-end=\"2565\">Letn\u00fd sen \/ Jahoda Ban\u00e1n<\/p>\n<\/li>\n<li data-start=\"2566\" data-end=\"2611\">\n<p data-start=\"2570\" data-end=\"2611\">\u010cere\u0161\u0148a Citr\u00f3n \/ \u010cu\u010doriedka Kysl\u00e1 R\u00edbez\u013ea<\/p>\n<\/li>\n<li data-start=\"2612\" data-end=\"2638\">\n<p data-start=\"2616\" data-end=\"2638\">Love 66 \/ Kysl\u00e9 Jablko<\/p>\n<\/li>\n<li data-start=\"2639\" data-end=\"2668\">\n<p data-start=\"2643\" data-end=\"2668\">Lemon Lime \/ \u010cerstv\u00e1 m\u00e4ta<\/p>\n<\/li>\n<\/ol>\n<h2><strong>Razz Bar 40000 Pufov Jednorazov\u00e1 Vape Box K\u013e\u00fa\u010dov\u00e9 vlastnosti produktu<\/strong><\/h2>\n<ul data-start=\"2707\" data-end=\"3053\">\n<li data-start=\"2707\" data-end=\"2765\">\n<p data-start=\"2709\" data-end=\"2765\">Dvojit\u00fd syst\u00e9m prep\u00ednania chuti so dvomi nez\u00e1visl\u00fdmi n\u00e1dr\u017ekami.<\/p>\n<\/li>\n<li data-start=\"2766\" data-end=\"2820\">\n<p data-start=\"2768\" data-end=\"2820\">A\u017e do <strong data-start=\"2774\" data-end=\"2790\">40 000 \u0165ahov<\/strong> pre dlhodob\u00e9 ka\u017edodenn\u00e9 pou\u017e\u00edvanie.<\/p>\n<\/li>\n<li data-start=\"2821\" data-end=\"2878\">\n<p data-start=\"2823\" data-end=\"2878\">650mAh dob\u00edjate\u013en\u00e1 bat\u00e9ria s <strong data-start=\"2856\" data-end=\"2866\">Typ-C<\/strong> nab\u00edjan\u00edm.<\/p>\n<\/li>\n<li data-start=\"2879\" data-end=\"2927\">\n<p data-start=\"2881\" data-end=\"2927\">Dvojit\u00e1 sie\u0165ov\u00e1 cievka pre \u010dist\u00e9, oddelen\u00e9 chute.<\/p>\n<\/li>\n<li data-start=\"2928\" data-end=\"2974\">\n<p data-start=\"2930\" data-end=\"2974\">LED displej pre \u00farove\u0148 bat\u00e9rie + \u00farove\u0148 e-liquidu.<\/p>\n<\/li>\n<li data-start=\"2975\" data-end=\"3004\">\n<p data-start=\"2977\" data-end=\"3004\">2% \/ 5% mo\u017enosti nikot\u00ednov\u00fdch sol\u00ed.<\/p>\n<\/li>\n<li data-start=\"3005\" data-end=\"3053\">\n<p data-start=\"3007\" data-end=\"3053\">200 ks na kart\u00f3n pre ve\u013ekoobchodn\u00fa optimaliz\u00e1ciu.<\/p>\n<\/li>\n<\/ul>\n<figure id=\"attachment_4609\" aria-describedby=\"caption-attachment-4609\" style=\"width: 300px\" class=\"wp-caption alignnone\"><img decoding=\"async\" class=\"size-medium wp-image-4609\" src=\"https:\/\/vapestornado.com\/wp-content\/uploads\/2025\/11\/Razz-Bar-40k-Puffs-Disposable-Vape-Wholesale-Price-300x300.webp\" alt=\"Razz Bar 40k Pufov Jednorazov\u00e1 Vape Ve\u013ekoobchodn\u00e1 cena\" width=\"300\" height=\"300\" srcset=\"https:\/\/vapestornado.com\/wp-content\/uploads\/2025\/11\/Razz-Bar-40k-Puffs-Disposable-Vape-Wholesale-Price-300x300.webp 300w, https:\/\/vapestornado.com\/wp-content\/uploads\/2025\/11\/Razz-Bar-40k-Puffs-Disposable-Vape-Wholesale-Price-150x150.webp 150w, https:\/\/vapestornado.com\/wp-content\/uploads\/2025\/11\/Razz-Bar-40k-Puffs-Disposable-Vape-Wholesale-Price-768x768.webp 768w, https:\/\/vapestornado.com\/wp-content\/uploads\/2025\/11\/Razz-Bar-40k-Puffs-Disposable-Vape-Wholesale-Price-12x12.webp 12w, https:\/\/vapestornado.com\/wp-content\/uploads\/2025\/11\/Razz-Bar-40k-Puffs-Disposable-Vape-Wholesale-Price-600x600.webp 600w, https:\/\/vapestornado.com\/wp-content\/uploads\/2025\/11\/Razz-Bar-40k-Puffs-Disposable-Vape-Wholesale-Price-100x100.webp 100w, https:\/\/vapestornado.com\/wp-content\/uploads\/2025\/11\/Razz-Bar-40k-Puffs-Disposable-Vape-Wholesale-Price.webp 800w\" sizes=\"(max-width: 300px) 100vw, 300px\" \/><figcaption id=\"caption-attachment-4609\" class=\"wp-caption-text\">Razz Bar 40k Pufov Jednorazov\u00e1 Vape Ve\u013ekoobchodn\u00e1 cena<\/figcaption><\/figure>\n<h2>Pre\u010do si vybra\u0165 Vapestornado na n\u00e1kup jednorazov\u00fdch vapov online?<\/h2>\n<div class=\"flex-shrink-0 flex flex-col relative items-end\">\n<div class=\"pt-0\">\n<div class=\"gizmo-bot-avatar flex h-8 w-8 items-center justify-center overflow-hidden rounded-full\">\n<div class=\"relative p-1 rounded-sm flex items-center justify-center bg-token-main-surface-primary text-token-text-primary h-8 w-8\">\n<p data-start=\"136\" data-end=\"686\">V\u00fdber <strong data-start=\"145\" data-end=\"161\">Vapestornado<\/strong> ako v\u00e1\u0161 d\u00f4veryhodn\u00fd zdroj pre <strong data-start=\"193\" data-end=\"227\">Elf Bar Moon Night 40000 Pufov<\/strong> znamen\u00e1 spolupr\u00e1cu s dod\u00e1vate\u013eom, ktor\u00fd skuto\u010dne rozumie po\u017eiadavk\u00e1m ve\u013ekoobchodn\u00edkov a predajcov na Slovensku. Uprednost\u0148ujeme <strong data-start=\"343\" data-end=\"409\">r\u00fdchle odoslanie, overen\u00fd invent\u00e1r a stabiln\u00fd dlhodob\u00fd dod\u00e1vky<\/strong>, \u010do zais\u0165uje, \u017ee nikdy nebudete \u010deli\u0165 nedostatku z\u00e1sob\u2014najm\u00e4 pre produkty s vysok\u00fdm objemom ako je <a href=\"https:\/\/vapestornado.com\/sk\/product\/airmez-140k-puff-6-in-1-flavor-disposable-vape-wholesale-disposable-vape-pen-eu-warehouse\/\">Airmez 140k 6 v 1 ,<\/a>\u00a0<a href=\"https:\/\/vapestornado.com\/sk\/product\/bang-legend-150000-puffs-6-in-1-flavor-newest-disposable-vape\/\">HiFancy Space 50000, Bang Legend 150k <\/a>V\u0161etky produkty s\u00fa z\u00edskan\u00e9 od certifikovan\u00fdch dod\u00e1vate\u013eov, \u010do v\u00e1m poskytuje <strong data-start=\"582\" data-end=\"651\">autentick\u00fa kvalitu, konzistentn\u00fd v\u00fdkon chuti a spo\u013eahlivos\u0165<\/strong> ktor\u00e1 sp\u013a\u0148a o\u010dak\u00e1vania trhu na Slovensku.<\/p>\n<\/div>\n<h2>\u010cASTO KLADEN\u00c9 OT\u00c1ZKY o Razz Bar 40000 Puff Bar<\/h2>\n<div class=\"relative p-1 rounded-sm flex items-center justify-center bg-token-main-surface-primary text-token-text-primary h-8 w-8\">\n<p data-start=\"3094\" data-end=\"3257\"><strong data-start=\"3094\" data-end=\"3159\">1. Ako funguje prep\u00edna\u010d dvojitej chuti na Razz Bar 40K?<\/strong><br data-start=\"3159\" data-end=\"3162\" \/>Jednoducho zdvihnite a oto\u010dte \u00fastnik o 180 stup\u0148ov, aby ste okam\u017eite prep\u00ednali medzi dvoma chu\u0165ami.<\/p>\n<p data-start=\"3259\" data-end=\"3371\"><strong data-start=\"3259\" data-end=\"3306\">2. Je Razz Bar 40000 Puff dob\u00edjate\u013en\u00fd?<\/strong><br data-start=\"3306\" data-end=\"3309\" \/>\u00c1no, pou\u017e\u00edva dob\u00edjate\u013en\u00fa bat\u00e9riu s kapacitou 650mAh s portom Type-C.<\/p>\n<p data-start=\"3373\" data-end=\"3507\"><strong data-start=\"3373\" data-end=\"3416\">3. M\u00e1 ka\u017ed\u00e1 chu\u0165 vlastn\u00fa cievku?<\/strong><br data-start=\"3416\" data-end=\"3419\" \/>\u00c1no, Razz Bar pou\u017e\u00edva dvojit\u00fa sie\u0165ov\u00fa cievku v tanku, ktor\u00e1 zabezpe\u010duje, \u017ee chute zost\u00e1vaj\u00fa \u010dist\u00e9 a oddelen\u00e9.<\/p>\n<p data-start=\"3509\" data-end=\"3638\"><strong data-start=\"3509\" data-end=\"3546\">4. Ako dlho vydr\u017e\u00ed zariadenie?<\/strong><br data-start=\"3546\" data-end=\"3549\" \/>S a\u017e 40 000 potiahnutiami, v\u00e4\u010d\u0161ina pou\u017e\u00edvate\u013eov dosiahne nieko\u013eko t\u00fd\u017ed\u0148ov pou\u017e\u00edvania v z\u00e1vislosti od dennej spotreby.<\/p>\n<p data-start=\"3640\" data-end=\"3791\"><strong data-start=\"3640\" data-end=\"3701\">5. M\u00f4\u017eem objedna\u0165 Razz Bar 40K z distribu\u010dn\u00e9ho skladu Vape EU?<\/strong><br data-start=\"3701\" data-end=\"3704\" \/>\u00c1no, ve\u013ekoobchodn\u00e9 objedn\u00e1vky sa odosielaj\u00fa priamo z n\u00e1\u0161ho skladu v E\u00da pre r\u00fdchlej\u0161iu region\u00e1lnu dod\u00e1vku.<\/p>\n<\/div>\n<\/div>\n<\/div>\n<\/div>","protected":false},"excerpt":{"rendered":"<article class=\"text-token-text-primary w-full focus:outline-none [--shadow-height:45px] has-data-writing-block:pointer-events-none has-data-writing-block:-mt-(--shadow-height) has-data-writing-block:pt-(--shadow-height) [&amp;:has([data-writing-block])&gt;*]:pointer-events-auto [content-visibility:auto] supports-[content-visibility:auto]:[contain-intrinsic-size:auto_100lvh] scroll-mt-[calc(var(--header-height)+min(200px,max(70px,20svh)))]\" dir=\"auto\" tabindex=\"-1\" data-turn-id=\"86ca9d92-7a10-4e6b-bda0-15f9df36adca\" data-testid=\"conversation-turn-120\" data-scroll-anchor=\"true\" data-turn=\"assistant\">\n<div class=\"text-base my-auto mx-auto pb-10 [--thread-content-margin:--spacing(4)] thread-sm:[--thread-content-margin:--spacing(6)] thread-lg:[--thread-content-margin:--spacing(16)] px-(--thread-content-margin)\">\n<div class=\"[--thread-content-max-width:40rem] thread-lg:[--thread-content-max-width:48rem] mx-auto max-w-(--thread-content-max-width) flex-1 group\/turn-messages focus-visible:outline-hidden relative flex w-full min-w-0 flex-col agent-turn\" tabindex=\"-1\">\n<div class=\"flex max-w-full flex-col grow\">\n<div class=\"min-h-8 text-message relative flex w-full flex-col items-end gap-2 text-start break-words whitespace-normal [.text-message+&amp;]:mt-1\" dir=\"auto\" data-message-author-role=\"assistant\" data-message-id=\"43b070d6-bf28-4fbe-8049-1032a61ea3ac\" data-message-model-slug=\"gpt-5\">\n<div class=\"flex w-full flex-col gap-1 empty:hidden first:pt-[1px]\">\n<div class=\"markdown prose dark:prose-invert w-full break-words light markdown-new-styling\">\n<article class=\"text-token-text-primary w-full focus:outline-none [--shadow-height:45px] has-data-writing-block:pointer-events-none has-data-writing-block:-mt-(--shadow-height) has-data-writing-block:pt-(--shadow-height) [&amp;:has([data-writing-block])&gt;*]:pointer-events-auto [content-visibility:auto] supports-[content-visibility:auto]:[contain-intrinsic-size:auto_100lvh] scroll-mt-[calc(var(--header-height)+min(200px,max(70px,20svh)))]\" dir=\"auto\" tabindex=\"-1\" data-turn-id=\"4d6f00b8-d41a-438b-8912-05a895842882\" data-testid=\"conversation-turn-130\" data-scroll-anchor=\"true\" data-turn=\"assistant\">\n<div class=\"text-base my-auto mx-auto pb-10 [--thread-content-margin:--spacing(4)] thread-sm:[--thread-content-margin:--spacing(6)] thread-lg:[--thread-content-margin:--spacing(16)] px-(--thread-content-margin)\">\n<div class=\"[--thread-content-max-width:40rem] thread-lg:[--thread-content-max-width:48rem] mx-auto max-w-(--thread-content-max-width) flex-1 group\/turn-messages focus-visible:outline-hidden relative flex w-full min-w-0 flex-col agent-turn\" tabindex=\"-1\">\n<div class=\"flex max-w-full flex-col grow\">\n<div class=\"min-h-8 text-message relative flex w-full flex-col items-end gap-2 text-start break-words whitespace-normal [.text-message+&amp;]:mt-1\" dir=\"auto\" data-message-author-role=\"assistant\" data-message-id=\"f3c520bf-c043-4392-87ea-b3bf1b3ae6d3\" data-message-model-slug=\"gpt-5-1\">\n<div class=\"flex w-full flex-col gap-1 empty:hidden first:pt-[1px]\">\n<div class=\"markdown prose dark:prose-invert w-full break-words light markdown-new-styling\">\n<p data-start=\"1595\" data-end=\"1691\"><strong data-start=\"1595\" data-end=\"1689\">Razz Bar 40K Dvojit\u00e1 pr\u00edchu\u0165ov\u00e1 sila \u2013 Najpred\u00e1vanej\u0161ia 2-v-1 jednorazov\u00e1 vape pre ve\u013ekoobchod v E\u00da<\/strong><\/p>\n<p data-start=\"1695\" data-end=\"1780\"><strong data-start=\"1695\" data-end=\"1778\">Razz Bar 40000 Pufov Dob\u00edjate\u013en\u00e1 Vape \u2013 Maxim\u00e1lna chu\u0165, dlh\u00e1 v\u00fddr\u017e<\/strong><\/p>\n<p data-start=\"1784\" data-end=\"1867\"><strong data-start=\"1784\" data-end=\"1865\">Razz Bar 40K Ve\u013ekoobchodn\u00e1 vape \u2013 Dvojit\u00e1 sie\u0165ov\u00e1 cievka, Dvojit\u00e1 pr\u00edchu\u0165, \u017diadne kompromisy<\/strong><\/p>\n<\/div>\n<\/div>\n<\/div>\n<\/div>\n<\/div>\n<\/div>\n<\/article>\n<\/div>\n<\/div>\n<\/div>\n<\/div>\n<\/div>\n<\/div>\n<\/article>\n<p><img fetchpriority=\"high\" decoding=\"async\" class=\"size-full wp-image-2932\" src=\"https:\/\/vapestornado.com\/wp-content\/uploads\/2024\/12\/Vape-Wholesale.jpg\" alt=\"Ve\u013ekoobchod s vape\" width=\"229\" height=\"300\" \/><\/p>\n<h3><a href=\"https:\/\/wa.me\/8617776015835\"><span style=\"color: #ff0000;\"><strong>WhatsApp: +86 17776015835<\/strong><\/span><\/a><\/h3>\n<p>&nbsp;<\/p>","protected":false},"featured_media":4613,"comment_status":"open","ping_status":"closed","template":"","meta":{"_acf_changed":false,"_uag_custom_page_level_css":"","_lmt_disableupdate":"no","_lmt_disable":"","_monsterinsights_skip_tracking":false,"_monsterinsights_sitenote_active":false,"_monsterinsights_sitenote_note":"","_monsterinsights_sitenote_category":0,"site-sidebar-layout":"default","site-content-layout":"","ast-site-content-layout":"default","site-content-style":"default","site-sidebar-style":"default","ast-global-header-display":"","ast-banner-title-visibility":"","ast-main-header-display":"","ast-hfb-above-header-display":"","ast-hfb-below-header-display":"","ast-hfb-mobile-header-display":"","site-post-title":"","ast-breadcrumbs-content":"","ast-featured-img":"","footer-sml-layout":"","ast-disable-related-posts":"","theme-transparent-header-meta":"default","adv-header-id-meta":"","stick-header-meta":"","header-above-stick-meta":"","header-main-stick-meta":"","header-below-stick-meta":"","astra-migrate-meta-layouts":"set","ast-page-background-enabled":"default","ast-page-background-meta":{"desktop":{"background-color":"","background-image":"","background-repeat":"repeat","background-position":"center center","background-size":"auto","background-attachment":"scroll","background-type":"","background-media":"","overlay-type":"","overlay-color":"","overlay-opacity":"","overlay-gradient":""},"tablet":{"background-color":"","background-image":"","background-repeat":"repeat","background-position":"center center","background-size":"auto","background-attachment":"scroll","background-type":"","background-media":"","overlay-type":"","overlay-color":"","overlay-opacity":"","overlay-gradient":""},"mobile":{"background-color":"","background-image":"","background-repeat":"repeat","background-position":"center center","background-size":"auto","background-attachment":"scroll","background-type":"","background-media":"","overlay-type":"","overlay-color":"","overlay-opacity":"","overlay-gradient":""}},"ast-content-background-meta":{"desktop":{"background-color":"var(--ast-global-color-5)","background-image":"","background-repeat":"repeat","background-position":"center center","background-size":"auto","background-attachment":"scroll","background-type":"","background-media":"","overlay-type":"","overlay-color":"","overlay-opacity":"","overlay-gradient":""},"tablet":{"background-color":"var(--ast-global-color-5)","background-image":"","background-repeat":"repeat","background-position":"center center","background-size":"auto","background-attachment":"scroll","background-type":"","background-media":"","overlay-type":"","overlay-color":"","overlay-opacity":"","overlay-gradient":""},"mobile":{"background-color":"var(--ast-global-color-5)","background-image":"","background-repeat":"repeat","background-position":"center center","background-size":"auto","background-attachment":"scroll","background-type":"","background-media":"","overlay-type":"","overlay-color":"","overlay-opacity":"","overlay-gradient":""}},"_joinchat":{"telephone":"17776015835"}},"product_brand":[],"product_cat":[149,150,151,152,144],"product_tag":[463,105,446,461,462,436],"class_list":{"0":"post-4614","1":"product","2":"type-product","3":"status-publish","4":"has-post-thumbnail","6":"product_cat-buy-disposable-vapes-in-austria","7":"product_cat-buy-disposable-vapes-in-belgium","8":"product_cat-buy-disposable-vapes-in-france","9":"product_cat-buy-disposable-vapes-in-cermany","10":"product_cat-low-nicotine-disposable-vapes","11":"product_tag-2-in-1-flavor-vape","12":"product_tag-digital-disposable-vape","13":"product_tag-disposable-vape-kit","14":"product_tag-razz-bar-40000","15":"product_tag-razz-bar-40k","16":"product_tag-shop-vape-online","17":"desktop-align-left","18":"tablet-align-left","19":"mobile-align-left","21":"first","22":"instock","23":"sale","24":"shipping-taxable","25":"purchasable","26":"product-type-simple"},"acf":[],"uagb_featured_image_src":{"full":["https:\/\/vapestornado.com\/wp-content\/uploads\/2025\/11\/RAZZ-BAR-40000-Puffs-Wholesale-Vape-Factory-Price.webp",800,800,false],"thumbnail":["https:\/\/vapestornado.com\/wp-content\/uploads\/2025\/11\/RAZZ-BAR-40000-Puffs-Wholesale-Vape-Factory-Price-150x150.webp",150,150,true],"medium":["https:\/\/vapestornado.com\/wp-content\/uploads\/2025\/11\/RAZZ-BAR-40000-Puffs-Wholesale-Vape-Factory-Price-300x300.webp",300,300,true],"medium_large":["https:\/\/vapestornado.com\/wp-content\/uploads\/2025\/11\/RAZZ-BAR-40000-Puffs-Wholesale-Vape-Factory-Price-768x768.webp",768,768,true],"large":["https:\/\/vapestornado.com\/wp-content\/uploads\/2025\/11\/RAZZ-BAR-40000-Puffs-Wholesale-Vape-Factory-Price.webp",800,800,false],"1536x1536":["https:\/\/vapestornado.com\/wp-content\/uploads\/2025\/11\/RAZZ-BAR-40000-Puffs-Wholesale-Vape-Factory-Price.webp",800,800,false],"2048x2048":["https:\/\/vapestornado.com\/wp-content\/uploads\/2025\/11\/RAZZ-BAR-40000-Puffs-Wholesale-Vape-Factory-Price.webp",800,800,false],"trp-custom-language-flag":["https:\/\/vapestornado.com\/wp-content\/uploads\/2025\/11\/RAZZ-BAR-40000-Puffs-Wholesale-Vape-Factory-Price-12x12.webp",12,12,true],"woocommerce_thumbnail":["https:\/\/vapestornado.com\/wp-content\/uploads\/2025\/11\/RAZZ-BAR-40000-Puffs-Wholesale-Vape-Factory-Price-300x300.webp",300,300,true],"woocommerce_single":["https:\/\/vapestornado.com\/wp-content\/uploads\/2025\/11\/RAZZ-BAR-40000-Puffs-Wholesale-Vape-Factory-Price-600x600.webp",600,600,true],"woocommerce_gallery_thumbnail":["https:\/\/vapestornado.com\/wp-content\/uploads\/2025\/11\/RAZZ-BAR-40000-Puffs-Wholesale-Vape-Factory-Price-100x100.webp",100,100,true]},"uagb_author_info":{"display_name":"ESAMY","author_link":"https:\/\/vapestornado.com\/sk\/author\/"},"uagb_comment_info":0,"uagb_excerpt":"Razz Bar 40K Dual Flavour Power \u2013 The Best-Selling 2-in-1 Disposable Vape for EU Wholesale Razz Bar 40000 Puff Rechargeable Vape \u2013 Maximum Taste, Long-Lasting Performance Razz Bar 40K Wholesale Vape \u2013 Dual Mesh Coil, Double Flavour, Zero Compromise WhatsApp: +86 17776015835 &nbsp;","_links":{"self":[{"href":"https:\/\/vapestornado.com\/sk\/wp-json\/wp\/v2\/product\/4614","targetHints":{"allow":["GET"]}}],"collection":[{"href":"https:\/\/vapestornado.com\/sk\/wp-json\/wp\/v2\/product"}],"about":[{"href":"https:\/\/vapestornado.com\/sk\/wp-json\/wp\/v2\/types\/product"}],"replies":[{"embeddable":true,"href":"https:\/\/vapestornado.com\/sk\/wp-json\/wp\/v2\/comments?post=4614"}],"wp:featuredmedia":[{"embeddable":true,"href":"https:\/\/vapestornado.com\/sk\/wp-json\/wp\/v2\/media\/4613"}],"wp:attachment":[{"href":"https:\/\/vapestornado.com\/sk\/wp-json\/wp\/v2\/media?parent=4614"}],"wp:term":[{"taxonomy":"product_brand","embeddable":true,"href":"https:\/\/vapestornado.com\/sk\/wp-json\/wp\/v2\/product_brand?post=4614"},{"taxonomy":"product_cat","embeddable":true,"href":"https:\/\/vapestornado.com\/sk\/wp-json\/wp\/v2\/product_cat?post=4614"},{"taxonomy":"product_tag","embeddable":true,"href":"https:\/\/vapestornado.com\/sk\/wp-json\/wp\/v2\/product_tag?post=4614"}],"curies":[{"name":"wp","href":"https:\/\/api.w.org\/{rel}","templated":true}]}}