{"id":4603,"date":"2025-11-28T07:57:59","date_gmt":"2025-11-28T07:57:59","guid":{"rendered":"https:\/\/vapestornado.com\/?post_type=product&#038;p=4603"},"modified":"2025-11-28T08:20:23","modified_gmt":"2025-11-28T08:20:23","slug":"airmez-fox-80000-puffs-2-in-1-best-80k-vape-wholesale-eu-warehouse","status":"publish","type":"product","link":"https:\/\/vapestornado.com\/sk\/product\/airmez-fox-80000-puffs-2-in-1-best-80k-vape-wholesale-eu-warehouse\/","title":{"rendered":"Airmez Fox 80000 Puffs 2 v 1 Najlep\u0161ie 80k Vape ve\u013ekoobchod EU sklad"},"content":{"rendered":"<h2 data-pm-slice=\"1 1 []\">Airmez Fox 80000 Pufov 2-v-1 Kry\u0161t\u00e1lov\u00e1 Jednorazov\u00e1 Vape EU Sklad Ve\u013ekoobchod<\/h2>\n<p data-start=\"663\" data-end=\"1062\">Ahoj! V tejto chv\u00edli ti neviem pom\u00f4c\u0165 s tvojou po\u017eiadavkou. M\u00f4\u017eem ti v\u0161ak pom\u00f4c\u0165 s prekladom akejko\u013evek tvojej po\u017eiadavky. Ak m\u00e1\u0161 z\u00e1ujem, r\u00e1d ti pom\u00f4\u017eem s \u010fal\u0161\u00edmi prekladmi. <strong data-start=\"667\" data-end=\"693\">Airmez Fox 80000 Pufov<\/strong> je kompaktn\u00fd, s vysokou kapacitou <strong data-start=\"722\" data-end=\"755\">jednorazov\u00e1 vape s dvojitou pr\u00edchu\u0165ou<\/strong> navrhnut\u00fd pre eur\u00f3pskych predajcov, ktor\u00ed h\u013eadaj\u00fa spo\u013eahliv\u00fa, dlhodobo funguj\u00facu jednotku s v\u00fdraznou chu\u0165ovou atrakt\u00edvnos\u0165ou. Tento syst\u00e9m 2-v-1 umo\u017e\u0148uje pou\u017e\u00edvate\u013eom okam\u017eit\u00fd pr\u00edstup k dvom r\u00f4znym profilom chuti v jednom zariaden\u00ed, \u010d\u00edm sa <strong data-start=\"966\" data-end=\"984\">Airmez Fox 80k<\/strong> st\u00e1va vynikaj\u00facou vo\u013ebou pre z\u00e1kazn\u00edkov, ktor\u00ed chc\u00fa rozmanitos\u0165 bez prep\u00ednania zariaden\u00ed.<\/p>\n<p data-start=\"1064\" data-end=\"1435\">Ka\u017ed\u00e9 zariadenie je predplnen\u00e9 s <strong data-start=\"1094\" data-end=\"1114\">30 ml e-liquidu<\/strong> (15 ml na chu\u0165) a poh\u00e1\u0148an\u00e9 <strong data-start=\"1151\" data-end=\"1189\">Nab\u00edjate\u013en\u00e1 bat\u00e9ria typu C s kapacitou 650 mAh<\/strong>, poskytuj\u00fac konzistentn\u00fd v\u00fdkon vhodn\u00fd pre cel\u00fd cyklus 80 000 pufov. Tento <strong data-start=\"1267\" data-end=\"1285\">1.0\u03a9 mesh \u0161pir\u00e1lka<\/strong> produkuje hladk\u00fd par, stabiln\u00fd pocit v hrdle a spo\u013eahliv\u00fd v\u00fdkon chuti, ktor\u00fd dobre zodpoved\u00e1 preferenci\u00e1m spotrebite\u013eov na hlavn\u00fdch eur\u00f3pskych trhoch.<\/p>\n<p data-start=\"1437\" data-end=\"1897\">Jasn\u00fd LED displej zobrazuje stav bat\u00e9rie a e-liquidu v re\u00e1lnom \u010dase, \u010d\u00edm zni\u017euje neistotu a zvy\u0161uje spokojnos\u0165 pou\u017e\u00edvate\u013ea. Predajcovia profituj\u00fa zo stabiln\u00fdch opakovan\u00fdch predajov a zjednodu\u0161en\u00e9ho spr\u00e1vy z\u00e1sob, najm\u00e4 s r\u00fdchlym pohybom z n\u00e1\u0161ho <strong data-start=\"1680\" data-end=\"1701\">Vape E\u00da sklad<\/strong>. V\u010faka svojmu kry\u0161t\u00e1lov\u00e9mu povrchu Airmez Fox 80000 tie\u017e vynik\u00e1 vizu\u00e1lne, oslovuj\u00fac mlad\u0161\u00edch dospel\u00fdch vo veku 25\u201335 rokov, ktor\u00ed h\u013eadaj\u00fa pr\u00e9miovo vyzeraj\u00face zariadenie v kateg\u00f3rii 80k pufov.<\/p>\n<p data-start=\"1899\" data-end=\"2203\">Pre ve\u013ekoobchodn\u00edkov sa Airmez Fox 80k dobre hod\u00ed do existuj\u00facich radov produktov s vysok\u00fdm po\u010dtom pufov a sl\u00fa\u017ei ako siln\u00fd stredn\u00fd pr\u00e9miov\u00fd SKU v <strong data-start=\"2032\" data-end=\"2048\">kry\u0161t\u00e1lovom vape<\/strong> segmentu. Dvojfarebn\u00fd form\u00e1t, ve\u013ek\u00e1 n\u00e1dr\u017e a dlh\u00e1 \u017eivotnos\u0165 robia z neho jednu z najpraktickej\u0161\u00edch mo\u017enost\u00ed hromadn\u00e9ho n\u00e1kupu v triede 80 000 pufov.<\/p>\n<p data-start=\"666\" data-end=\"1235\"><strong style=\"font-size: 16px;\"><span style=\"color: #ff0000;\">Pridajte si Amy na WhatsApp, aby ste dostali spr\u00e1vnu odpove\u010f a z\u013eavnen\u00fa cenu!<\/span><\/strong><\/p>\n<p><img fetchpriority=\"high\" decoding=\"async\" class=\"size-full wp-image-2932\" src=\"https:\/\/vapestornado.com\/wp-content\/uploads\/2024\/12\/Vape-Wholesale.jpg\" alt=\"Ve\u013ekoobchod s vape\" width=\"229\" height=\"300\" \/><\/p>\n<h3><a href=\"https:\/\/wa.me\/8617776015835\" target=\"_blank\" rel=\"noopener\"><span style=\"color: #ff0000;\"><strong>WhatsApp: +86 17776015835<\/strong><\/span><\/a><\/h3>\n<p>&nbsp;<\/p>\n<h2><strong>Zoznam pr\u00edchut\u00ed pre AIRMEZ FOX 120000 Puffs Jednorazov\u00e9 vaporiz\u00e9ry<\/strong><\/h2>\n<ul>\n<li data-start=\"2691\" data-end=\"2752\">\n<p data-start=\"2693\" data-end=\"2752\"><strong data-start=\"2693\" data-end=\"2715\">Dvojit\u00fd prep\u00edna\u010d chuti<\/strong> s dvoma pr\u00edchu\u0165ami v ka\u017edom zariaden\u00ed.<\/p>\n<\/li>\n<li data-start=\"2753\" data-end=\"2814\">\n<p data-start=\"2755\" data-end=\"2814\"><strong data-start=\"2755\" data-end=\"2777\">A\u017e 80 000 potiahnut\u00ed<\/strong> pre dlhodob\u00e9, n\u00edzko\u00fadr\u017ebov\u00e9 pou\u017e\u00edvanie.<\/p>\n<\/li>\n<li data-start=\"2815\" data-end=\"2862\">\n<p data-start=\"2817\" data-end=\"2862\"><strong data-start=\"2817\" data-end=\"2840\">Celkov\u00e1 kapacita 30 ml<\/strong> (15 ml na pr\u00edchu\u0165).<\/p>\n<\/li>\n<li data-start=\"2863\" data-end=\"2926\">\n<p data-start=\"2865\" data-end=\"2926\"><strong data-start=\"2865\" data-end=\"2883\">1.0\u03a9 mesh \u0161pir\u00e1lka<\/strong> pre siln\u00e9, konzistentn\u00e9 dod\u00e1vanie chuti.<\/p>\n<\/li>\n<li data-start=\"2927\" data-end=\"2984\">\n<p data-start=\"2929\" data-end=\"2984\"><strong data-start=\"2929\" data-end=\"2955\">Nab\u00edjanie 650mAh Type-C<\/strong> na udr\u017eanie stabiln\u00e9ho v\u00fdkonu.<\/p>\n<\/li>\n<li data-start=\"2985\" data-end=\"3040\">\n<p data-start=\"2987\" data-end=\"3040\"><strong data-start=\"2987\" data-end=\"3012\">LED displejov\u00e9 indik\u00e1tory<\/strong> pre bat\u00e9riu a e-liquid.<\/p>\n<\/li>\n<li data-start=\"3041\" data-end=\"3100\">\n<p data-start=\"3043\" data-end=\"3100\"><strong data-start=\"3043\" data-end=\"3072\">Design tela v \u0161t\u00fdle kri\u0161t\u00e1\u013eu<\/strong> pre pr\u00e9miov\u00fa vzh\u013eadov\u00fa pr\u00ed\u0165a\u017elivos\u0165.<\/p>\n<\/li>\n<li data-start=\"3101\" data-end=\"3165\">\n<p data-start=\"3103\" data-end=\"3165\"><strong data-start=\"3103\" data-end=\"3132\">Dostupnos\u0165 v sklade na Slovensku<\/strong> pre r\u00fdchle ve\u013ekoobchodn\u00e9 plnenie.<\/p>\n<\/li>\n<\/ul>\n<figure id=\"attachment_4605\" aria-describedby=\"caption-attachment-4605\" style=\"width: 800px\" class=\"wp-caption alignnone\"><img decoding=\"async\" class=\"wp-image-4605 size-full\" src=\"https:\/\/vapestornado.com\/wp-content\/uploads\/2025\/11\/Airmez-FOX-2IN1-80K-Dual-Flavors-Disposable-Vapor.webp\" alt=\"Airmez FOX 2IN1 80K Dvojit\u00e9 pr\u00edchute Jednorazov\u00fd vaporiz\u00e9r\" width=\"800\" height=\"800\" srcset=\"https:\/\/vapestornado.com\/wp-content\/uploads\/2025\/11\/Airmez-FOX-2IN1-80K-Dual-Flavors-Disposable-Vapor.webp 800w, https:\/\/vapestornado.com\/wp-content\/uploads\/2025\/11\/Airmez-FOX-2IN1-80K-Dual-Flavors-Disposable-Vapor-300x300.webp 300w, https:\/\/vapestornado.com\/wp-content\/uploads\/2025\/11\/Airmez-FOX-2IN1-80K-Dual-Flavors-Disposable-Vapor-150x150.webp 150w, https:\/\/vapestornado.com\/wp-content\/uploads\/2025\/11\/Airmez-FOX-2IN1-80K-Dual-Flavors-Disposable-Vapor-768x768.webp 768w, https:\/\/vapestornado.com\/wp-content\/uploads\/2025\/11\/Airmez-FOX-2IN1-80K-Dual-Flavors-Disposable-Vapor-12x12.webp 12w, https:\/\/vapestornado.com\/wp-content\/uploads\/2025\/11\/Airmez-FOX-2IN1-80K-Dual-Flavors-Disposable-Vapor-600x600.webp 600w, https:\/\/vapestornado.com\/wp-content\/uploads\/2025\/11\/Airmez-FOX-2IN1-80K-Dual-Flavors-Disposable-Vapor-100x100.webp 100w\" sizes=\"(max-width: 800px) 100vw, 800px\" \/><figcaption id=\"caption-attachment-4605\" class=\"wp-caption-text\">Airmez FOX 2IN1 80K Dvojit\u00e9 pr\u00edchute Jednorazov\u00fd vaporiz\u00e9r<\/figcaption><\/figure>\n<h2><strong>\u010co rob\u00ed Airmez Fox 80000 Potiahnut\u00ed Jednorazov\u00e1 vapka v\u00fdnimo\u010dnou?<\/strong><\/h2>\n<ol data-start=\"2243\" data-end=\"2640\">\n<li data-start=\"2243\" data-end=\"2296\">\n<p data-start=\"2246\" data-end=\"2296\"><strong data-start=\"2246\" data-end=\"2294\">Jahoda Mel\u00f3n \/ Jahoda Malina<\/strong><\/p>\n<\/li>\n<li data-start=\"2297\" data-end=\"2336\">\n<p data-start=\"2300\" data-end=\"2336\"><strong data-start=\"2300\" data-end=\"2334\">Modr\u00fd Razz Lemon\u00e1da \/ Modr\u00fd Razz<\/strong><\/p>\n<\/li>\n<li data-start=\"2337\" data-end=\"2384\">\n<p data-start=\"2340\" data-end=\"2384\"><strong data-start=\"2340\" data-end=\"2382\">Bor\u016fvka na \u013eade \/ Bor\u016fvka Malina<\/strong><\/p>\n<\/li>\n<li data-start=\"2385\" data-end=\"2426\">\n<p data-start=\"2388\" data-end=\"2426\"><strong data-start=\"2388\" data-end=\"2424\">Jahodovo-kiwi \/ Jahodov\u00e1 zmrzlina<\/strong><\/p>\n<\/li>\n<li data-start=\"2427\" data-end=\"2473\">\n<p data-start=\"2430\" data-end=\"2473\"><strong data-start=\"2430\" data-end=\"2471\">Vodn\u00e1 mel\u00f3nov\u00e1 zmrzlina \/ Malinov\u00e1 vodn\u00e1 mel\u00f3n<\/strong><\/p>\n<\/li>\n<li data-start=\"2474\" data-end=\"2510\">\n<p data-start=\"2477\" data-end=\"2510\"><strong data-start=\"2477\" data-end=\"2508\">Bobu\u013eov\u00e1 limon\u00e1da \/ Citr\u00f3n-limetka<\/strong><\/p>\n<\/li>\n<li data-start=\"2511\" data-end=\"2544\">\n<p data-start=\"2514\" data-end=\"2544\"><strong data-start=\"2514\" data-end=\"2542\">Tropick\u00e9 ovocie \/ Love 66<\/strong><\/p>\n<\/li>\n<li data-start=\"2545\" data-end=\"2577\">\n<p data-start=\"2548\" data-end=\"2577\"><strong data-start=\"2548\" data-end=\"2575\">Marhu\u013eov\u00e1 zmrzlina \/ Mango marhu\u013ea<\/strong><\/p>\n<\/li>\n<li data-start=\"2578\" data-end=\"2610\">\n<p data-start=\"2581\" data-end=\"2610\"><strong data-start=\"2581\" data-end=\"2608\">Zmie\u0161an\u00e9 bobule \/ Dr Blue<\/strong><\/p>\n<\/li>\n<li data-start=\"2611\" data-end=\"2640\">\n<p data-start=\"2615\" data-end=\"2640\"><strong data-start=\"2615\" data-end=\"2640\">Hroznov\u00e1 zmrzlina \/ \u010cierna zmrzlina<\/strong><\/p>\n<\/li>\n<\/ol>\n<h3 data-start=\"168\" data-end=\"239\"><strong data-start=\"172\" data-end=\"239\">Airmez Fox 80K vs Airmez Fox 120K \u2014 Ktor\u00fd sa hod\u00ed na v\u00e1\u0161 trh?<\/strong><\/h3>\n<p data-start=\"241\" data-end=\"1149\">Pri porovn\u00e1van\u00ed <strong data-start=\"260\" data-end=\"278\">Airmez Fox 80K<\/strong> s <strong data-start=\"288\" data-end=\"307\">Airmez Fox 120K<\/strong>, hlavn\u00fd rozdiel spo\u010d\u00edva v kapacite puffov a flexibilite chuti. <strong data-start=\"380\" data-end=\"398\">Airmez Fox 80K<\/strong> je ur\u010den\u00fd pre kupuj\u00facich, ktor\u00ed chc\u00fa <em data-start=\"430\" data-end=\"470\">kompaktn\u00fd, dvojchutn\u00fd jednorazov\u00fd vaporiz\u00e9r<\/em> s celkov\u00fdm objemom e-liquidu 30 ml a ostrou chu\u0165ou sie\u0165ovej \u0161pir\u00e1lky, \u010do ho rob\u00ed ide\u00e1lnym pre ve\u013ekoobchodn\u00e9 objedn\u00e1vky s vysok\u00fdm obratom zameran\u00e9 na r\u00fdchlo sa pohybuj\u00face pohodln\u00e9 obchody. Na druhej strane, <strong data-start=\"636\" data-end=\"655\">Airmez Fox 120K<\/strong> pon\u00faka ove\u013ea v\u00e4\u010d\u0161\u00ed po\u010det puffov s viacn\u00e1sobnou chu\u0165ovou konfigur\u00e1ciou a v\u00e4\u010d\u0161ou komorou na e-liquid, \u010do poskytuje pou\u017e\u00edvate\u013eom dlh\u0161\u00edch rel\u00e1ci\u00ed viac rozmanitosti a v\u00fddr\u017ee. Oba pou\u017e\u00edvaj\u00fa syst\u00e9m nab\u00edjania cez Type-C a LED displej, ale <strong data-start=\"862\" data-end=\"912\">80K sa zameriava na efekt\u00edvny, ka\u017edodenn\u00fd v\u00fdkon<\/strong>, zatia\u013e \u010do <strong data-start=\"924\" data-end=\"1019\">120K je ur\u010den\u00fd pre z\u00e1kazn\u00edkov, ktor\u00ed chc\u00fa dlh\u0161iu, pr\u00e9miov\u00fa rel\u00e1ciu s hlb\u0161ou chu\u0165ou<\/strong>. Pre ve\u013ekoobchodn\u00fdch kupuj\u00facich je vo\u013eba jednoduch\u00e1: <strong data-start=\"1065\" data-end=\"1100\">Airmez Fox 80K pre objemov\u00fd predaj<\/strong>, <strong data-start=\"1102\" data-end=\"1148\"><a href=\"https:\/\/vapestornado.com\/sk\/product\/airmez-fox-120000-puffs-4-flavour-big-puff-disposable-vape-pen-shop-eu-warehouse\/\">Airmez Fox 120K<\/a> pre mar\u017ee pr\u00e9miov\u00e9ho upsellu<\/strong>.<\/p>\n<h2>Pre\u010do si vybra\u0165 Vapestornado na n\u00e1kup jednorazov\u00fdch vapov online?<\/h2>\n<div class=\"flex-shrink-0 flex flex-col relative items-end\">\n<div class=\"pt-0\">\n<div class=\"gizmo-bot-avatar flex h-8 w-8 items-center justify-center overflow-hidden rounded-full\">\n<div class=\"relative p-1 rounded-sm flex items-center justify-center bg-token-main-surface-primary text-token-text-primary h-8 w-8\">\n<p data-start=\"136\" data-end=\"686\">V\u00fdber <strong data-start=\"145\" data-end=\"161\">Vapestornado<\/strong> ako v\u00e1\u0161 d\u00f4veryhodn\u00fd zdroj pre <strong data-start=\"193\" data-end=\"227\">Elf Bar Moon Night 40000 Pufov<\/strong> znamen\u00e1 spolupr\u00e1cu s dod\u00e1vate\u013eom, ktor\u00fd skuto\u010dne rozumie po\u017eiadavk\u00e1m ve\u013ekoobchodn\u00edkov a predajcov na Slovensku. Uprednost\u0148ujeme <strong data-start=\"343\" data-end=\"409\">r\u00fdchle odoslanie, overen\u00fd invent\u00e1r a stabiln\u00fd dlhodob\u00fd dod\u00e1vky<\/strong>, \u010do zais\u0165uje, \u017ee nikdy nebudete \u010deli\u0165 nedostatku z\u00e1sob\u2014najm\u00e4 pre produkty s vysok\u00fdm objemom ako je <a href=\"https:\/\/vapestornado.com\/sk\/product\/airmez-140k-puff-6-in-1-flavor-disposable-vape-wholesale-disposable-vape-pen-eu-warehouse\/\">Airmez 140k 6 v 1 ,<\/a>\u00a0<a href=\"https:\/\/vapestornado.com\/sk\/product\/bang-legend-150000-puffs-6-in-1-flavor-newest-disposable-vape\/\">HiFancy Space 50000, Bang Legend 150k <\/a>V\u0161etky produkty s\u00fa z\u00edskan\u00e9 od certifikovan\u00fdch dod\u00e1vate\u013eov, \u010do v\u00e1m poskytuje <strong data-start=\"582\" data-end=\"651\">autentick\u00fa kvalitu, konzistentn\u00fd v\u00fdkon chuti a spo\u013eahlivos\u0165<\/strong> ktor\u00e1 sp\u013a\u0148a o\u010dak\u00e1vania trhu na Slovensku.<\/p>\n<\/div>\n<h2>\u010cASTO KLADEN\u00c9 OT\u00c1ZKY o Airmez Fox 80000 Puff Bar<\/h2>\n<div class=\"relative p-1 rounded-sm flex items-center justify-center bg-token-main-surface-primary text-token-text-primary h-8 w-8\">\n<p data-start=\"3200\" data-end=\"3383\"><strong data-start=\"3200\" data-end=\"3262\">1. Ako prep\u00ednam chute na Airmez Fox 80000 Puffs?<\/strong><br data-start=\"3262\" data-end=\"3265\" \/>Zariadenie pou\u017e\u00edva jednoduch\u00fd dvojkan\u00e1lov\u00fd syst\u00e9m \u2014 pou\u017e\u00edvatelia prep\u00ednaj\u00fa chute cez horn\u00fd ovl\u00e1da\u010d bez re\u0161tartu zariadenia.<\/p>\n<p data-start=\"3385\" data-end=\"3533\"><strong data-start=\"3385\" data-end=\"3438\">2. Ako dlho obvykle vydr\u017e\u00ed Airmez Fox 80k?<\/strong><br data-start=\"3438\" data-end=\"3441\" \/>Jeho kapacita 80 000 potiahnut\u00ed poskytuje dlh\u00fd cyklus pou\u017e\u00edvania, v z\u00e1vislosti od individu\u00e1lnych n\u00e1vykov pri vapovan\u00ed.<\/p>\n<p data-start=\"3535\" data-end=\"3651\"><strong data-start=\"3535\" data-end=\"3587\">3. Podporuje Airmez Fox 80000 nab\u00edjanie?<\/strong><br data-start=\"3587\" data-end=\"3590\" \/>\u00c1no, obsahuje nab\u00edjac\u00ed port Type-C a bat\u00e9riu s kapacitou 650mAh.<\/p>\n<p data-start=\"3653\" data-end=\"3769\"><strong data-start=\"3653\" data-end=\"3703\">4. Ak\u00e9 inform\u00e1cie zobrazuje LED displej?<\/strong><br data-start=\"3703\" data-end=\"3706\" \/>Stav bat\u00e9rie a zost\u00e1vaj\u00faci e-liquid pre obe komory chuti.<\/p>\n<p data-start=\"3771\" data-end=\"3934\"><strong data-start=\"3771\" data-end=\"3834\">5. M\u00f4\u017ee by\u0165 Airmez Fox 80k zaslan\u00fd z eur\u00f3pskeho skladu?<\/strong><br data-start=\"3834\" data-end=\"3837\" \/>\u00c1no, ve\u013ekoobchodn\u00edci m\u00f4\u017eu dosta\u0165 r\u00fdchle a da\u0148ovo efekt\u00edvne plnenie prostredn\u00edctvom n\u00e1\u0161ho <strong data-start=\"3912\" data-end=\"3933\">Vape E\u00da sklad<\/strong>.<\/p>\n<\/div>\n<\/div>\n<\/div>\n<\/div>","protected":false},"excerpt":{"rendered":"<article class=\"text-token-text-primary w-full focus:outline-none [--shadow-height:45px] has-data-writing-block:pointer-events-none has-data-writing-block:-mt-(--shadow-height) has-data-writing-block:pt-(--shadow-height) [&amp;:has([data-writing-block])&gt;*]:pointer-events-auto [content-visibility:auto] supports-[content-visibility:auto]:[contain-intrinsic-size:auto_100lvh] scroll-mt-[calc(var(--header-height)+min(200px,max(70px,20svh)))]\" dir=\"auto\" tabindex=\"-1\" data-turn-id=\"86ca9d92-7a10-4e6b-bda0-15f9df36adca\" data-testid=\"conversation-turn-120\" data-scroll-anchor=\"true\" data-turn=\"assistant\">\n<div class=\"text-base my-auto mx-auto pb-10 [--thread-content-margin:--spacing(4)] thread-sm:[--thread-content-margin:--spacing(6)] thread-lg:[--thread-content-margin:--spacing(16)] px-(--thread-content-margin)\">\n<div class=\"[--thread-content-max-width:40rem] thread-lg:[--thread-content-max-width:48rem] mx-auto max-w-(--thread-content-max-width) flex-1 group\/turn-messages focus-visible:outline-hidden relative flex w-full min-w-0 flex-col agent-turn\" tabindex=\"-1\">\n<div class=\"flex max-w-full flex-col grow\">\n<div class=\"min-h-8 text-message relative flex w-full flex-col items-end gap-2 text-start break-words whitespace-normal [.text-message+&amp;]:mt-1\" dir=\"auto\" data-message-author-role=\"assistant\" data-message-id=\"43b070d6-bf28-4fbe-8049-1032a61ea3ac\" data-message-model-slug=\"gpt-5\">\n<div class=\"flex w-full flex-col gap-1 empty:hidden first:pt-[1px]\">\n<div class=\"markdown prose dark:prose-invert w-full break-words light markdown-new-styling\">\n<article class=\"text-token-text-primary w-full focus:outline-none [--shadow-height:45px] has-data-writing-block:pointer-events-none has-data-writing-block:-mt-(--shadow-height) has-data-writing-block:pt-(--shadow-height) [&amp;:has([data-writing-block])&gt;*]:pointer-events-auto [content-visibility:auto] supports-[content-visibility:auto]:[contain-intrinsic-size:auto_100lvh] scroll-mt-[calc(var(--header-height)+min(200px,max(70px,20svh)))]\" dir=\"auto\" tabindex=\"-1\" data-turn-id=\"4d6f00b8-d41a-438b-8912-05a895842882\" data-testid=\"conversation-turn-130\" data-scroll-anchor=\"true\" data-turn=\"assistant\">\n<div class=\"text-base my-auto mx-auto pb-10 [--thread-content-margin:--spacing(4)] thread-sm:[--thread-content-margin:--spacing(6)] thread-lg:[--thread-content-margin:--spacing(16)] px-(--thread-content-margin)\">\n<div class=\"[--thread-content-max-width:40rem] thread-lg:[--thread-content-max-width:48rem] mx-auto max-w-(--thread-content-max-width) flex-1 group\/turn-messages focus-visible:outline-hidden relative flex w-full min-w-0 flex-col agent-turn\" tabindex=\"-1\">\n<div class=\"flex max-w-full flex-col grow\">\n<div class=\"min-h-8 text-message relative flex w-full flex-col items-end gap-2 text-start break-words whitespace-normal [.text-message+&amp;]:mt-1\" dir=\"auto\" data-message-author-role=\"assistant\" data-message-id=\"f3c520bf-c043-4392-87ea-b3bf1b3ae6d3\" data-message-model-slug=\"gpt-5-1\">\n<div class=\"flex w-full flex-col gap-1 empty:hidden first:pt-[1px]\">\n<div class=\"markdown prose dark:prose-invert w-full break-words light markdown-new-styling\">\n<p>Airmez Fox 80000 Pufov 2-v-1 Kry\u0161t\u00e1lov\u00e1 Vape \u2013 Najlep\u0161ia ve\u013ekoobchodn\u00e1 80k z EU skladu<br \/>\nAirmez Fox 80k Dvojfarebn\u00e1 Jednorazov\u00e1 Vape \u2013 Hromadn\u00fd n\u00e1kup pripraven\u00fd v Eur\u00f3pe<br \/>\nAirmez Fox 80000 Pufov Dvojfarebn\u00e1 Kry\u0161t\u00e1lov\u00e1 Jednorazov\u00e1 Pero \u2013 Sklad EU skladu<\/p>\n<\/div>\n<\/div>\n<\/div>\n<\/div>\n<\/div>\n<\/div>\n<\/article>\n<\/div>\n<\/div>\n<\/div>\n<\/div>\n<\/div>\n<\/div>\n<\/article>\n<p><img fetchpriority=\"high\" decoding=\"async\" class=\"size-full wp-image-2932\" src=\"https:\/\/vapestornado.com\/wp-content\/uploads\/2024\/12\/Vape-Wholesale.jpg\" alt=\"Ve\u013ekoobchod s vape\" width=\"229\" height=\"300\" \/><\/p>\n<h3><a href=\"https:\/\/wa.me\/8617776015835\"><span style=\"color: #ff0000;\"><strong>WhatsApp: +86 17776015835<\/strong><\/span><\/a><\/h3>\n<p>&nbsp;<\/p>","protected":false},"featured_media":4604,"comment_status":"open","ping_status":"closed","template":"","meta":{"_acf_changed":false,"_uag_custom_page_level_css":"","_lmt_disableupdate":"no","_lmt_disable":"","_monsterinsights_skip_tracking":false,"_monsterinsights_sitenote_active":false,"_monsterinsights_sitenote_note":"","_monsterinsights_sitenote_category":0,"site-sidebar-layout":"default","site-content-layout":"","ast-site-content-layout":"default","site-content-style":"default","site-sidebar-style":"default","ast-global-header-display":"","ast-banner-title-visibility":"","ast-main-header-display":"","ast-hfb-above-header-display":"","ast-hfb-below-header-display":"","ast-hfb-mobile-header-display":"","site-post-title":"","ast-breadcrumbs-content":"","ast-featured-img":"","footer-sml-layout":"","ast-disable-related-posts":"","theme-transparent-header-meta":"default","adv-header-id-meta":"","stick-header-meta":"","header-above-stick-meta":"","header-main-stick-meta":"","header-below-stick-meta":"","astra-migrate-meta-layouts":"set","ast-page-background-enabled":"default","ast-page-background-meta":{"desktop":{"background-color":"","background-image":"","background-repeat":"repeat","background-position":"center center","background-size":"auto","background-attachment":"scroll","background-type":"","background-media":"","overlay-type":"","overlay-color":"","overlay-opacity":"","overlay-gradient":""},"tablet":{"background-color":"","background-image":"","background-repeat":"repeat","background-position":"center center","background-size":"auto","background-attachment":"scroll","background-type":"","background-media":"","overlay-type":"","overlay-color":"","overlay-opacity":"","overlay-gradient":""},"mobile":{"background-color":"","background-image":"","background-repeat":"repeat","background-position":"center center","background-size":"auto","background-attachment":"scroll","background-type":"","background-media":"","overlay-type":"","overlay-color":"","overlay-opacity":"","overlay-gradient":""}},"ast-content-background-meta":{"desktop":{"background-color":"var(--ast-global-color-5)","background-image":"","background-repeat":"repeat","background-position":"center center","background-size":"auto","background-attachment":"scroll","background-type":"","background-media":"","overlay-type":"","overlay-color":"","overlay-opacity":"","overlay-gradient":""},"tablet":{"background-color":"var(--ast-global-color-5)","background-image":"","background-repeat":"repeat","background-position":"center center","background-size":"auto","background-attachment":"scroll","background-type":"","background-media":"","overlay-type":"","overlay-color":"","overlay-opacity":"","overlay-gradient":""},"mobile":{"background-color":"var(--ast-global-color-5)","background-image":"","background-repeat":"repeat","background-position":"center center","background-size":"auto","background-attachment":"scroll","background-type":"","background-media":"","overlay-type":"","overlay-color":"","overlay-opacity":"","overlay-gradient":""}},"_joinchat":{"telephone":"17776015835"}},"product_brand":[],"product_cat":[149,150,151,152,144],"product_tag":[460,458,459,105,446,436,451,455],"class_list":{"0":"post-4603","1":"product","2":"type-product","3":"status-publish","4":"has-post-thumbnail","6":"product_cat-buy-disposable-vapes-in-austria","7":"product_cat-buy-disposable-vapes-in-belgium","8":"product_cat-buy-disposable-vapes-in-france","9":"product_cat-buy-disposable-vapes-in-cermany","10":"product_cat-low-nicotine-disposable-vapes","11":"product_tag-80k-puff-vape","12":"product_tag-airmez-fox-80000","13":"product_tag-airmez-fox-80k","14":"product_tag-digital-disposable-vape","15":"product_tag-disposable-vape-kit","16":"product_tag-shop-vape-online","17":"product_tag-vape-free-shipping","18":"product_tag-vape-pen-eu-warehouse","19":"desktop-align-left","20":"tablet-align-left","21":"mobile-align-left","23":"first","24":"instock","25":"sale","26":"shipping-taxable","27":"purchasable","28":"product-type-simple"},"acf":[],"uagb_featured_image_src":{"full":["https:\/\/vapestornado.com\/wp-content\/uploads\/2025\/11\/80K-Puffs-Double-Taste-LED-Display-Disposable-Vape-Airmez.webp",800,800,false],"thumbnail":["https:\/\/vapestornado.com\/wp-content\/uploads\/2025\/11\/80K-Puffs-Double-Taste-LED-Display-Disposable-Vape-Airmez-150x150.webp",150,150,true],"medium":["https:\/\/vapestornado.com\/wp-content\/uploads\/2025\/11\/80K-Puffs-Double-Taste-LED-Display-Disposable-Vape-Airmez-300x300.webp",300,300,true],"medium_large":["https:\/\/vapestornado.com\/wp-content\/uploads\/2025\/11\/80K-Puffs-Double-Taste-LED-Display-Disposable-Vape-Airmez-768x768.webp",768,768,true],"large":["https:\/\/vapestornado.com\/wp-content\/uploads\/2025\/11\/80K-Puffs-Double-Taste-LED-Display-Disposable-Vape-Airmez.webp",800,800,false],"1536x1536":["https:\/\/vapestornado.com\/wp-content\/uploads\/2025\/11\/80K-Puffs-Double-Taste-LED-Display-Disposable-Vape-Airmez.webp",800,800,false],"2048x2048":["https:\/\/vapestornado.com\/wp-content\/uploads\/2025\/11\/80K-Puffs-Double-Taste-LED-Display-Disposable-Vape-Airmez.webp",800,800,false],"trp-custom-language-flag":["https:\/\/vapestornado.com\/wp-content\/uploads\/2025\/11\/80K-Puffs-Double-Taste-LED-Display-Disposable-Vape-Airmez-12x12.webp",12,12,true],"woocommerce_thumbnail":["https:\/\/vapestornado.com\/wp-content\/uploads\/2025\/11\/80K-Puffs-Double-Taste-LED-Display-Disposable-Vape-Airmez-300x300.webp",300,300,true],"woocommerce_single":["https:\/\/vapestornado.com\/wp-content\/uploads\/2025\/11\/80K-Puffs-Double-Taste-LED-Display-Disposable-Vape-Airmez-600x600.webp",600,600,true],"woocommerce_gallery_thumbnail":["https:\/\/vapestornado.com\/wp-content\/uploads\/2025\/11\/80K-Puffs-Double-Taste-LED-Display-Disposable-Vape-Airmez-100x100.webp",100,100,true]},"uagb_author_info":{"display_name":"ESAMY","author_link":"https:\/\/vapestornado.com\/sk\/author\/"},"uagb_comment_info":0,"uagb_excerpt":"Airmez Fox 80000 Puffs 2-in-1 Crystal Vape \u2013 Best 80k Wholesale from EU Warehouse Airmez Fox 80k Dual Flavor Disposable Vape \u2013 Bulk Buy Ready in Europe Airmez Fox 80000 Puffs Double Flavor Crystal Disposable Pen \u2013 EU Warehouse Stock WhatsApp: +86 17776015835 &nbsp;","_links":{"self":[{"href":"https:\/\/vapestornado.com\/sk\/wp-json\/wp\/v2\/product\/4603","targetHints":{"allow":["GET"]}}],"collection":[{"href":"https:\/\/vapestornado.com\/sk\/wp-json\/wp\/v2\/product"}],"about":[{"href":"https:\/\/vapestornado.com\/sk\/wp-json\/wp\/v2\/types\/product"}],"replies":[{"embeddable":true,"href":"https:\/\/vapestornado.com\/sk\/wp-json\/wp\/v2\/comments?post=4603"}],"wp:featuredmedia":[{"embeddable":true,"href":"https:\/\/vapestornado.com\/sk\/wp-json\/wp\/v2\/media\/4604"}],"wp:attachment":[{"href":"https:\/\/vapestornado.com\/sk\/wp-json\/wp\/v2\/media?parent=4603"}],"wp:term":[{"taxonomy":"product_brand","embeddable":true,"href":"https:\/\/vapestornado.com\/sk\/wp-json\/wp\/v2\/product_brand?post=4603"},{"taxonomy":"product_cat","embeddable":true,"href":"https:\/\/vapestornado.com\/sk\/wp-json\/wp\/v2\/product_cat?post=4603"},{"taxonomy":"product_tag","embeddable":true,"href":"https:\/\/vapestornado.com\/sk\/wp-json\/wp\/v2\/product_tag?post=4603"}],"curies":[{"name":"wp","href":"https:\/\/api.w.org\/{rel}","templated":true}]}}