{"id":4602,"date":"2025-11-26T09:30:42","date_gmt":"2025-11-26T09:30:42","guid":{"rendered":"https:\/\/vapestornado.com\/?post_type=product&#038;p=4602"},"modified":"2025-11-26T09:38:13","modified_gmt":"2025-11-26T09:38:13","slug":"airmez-140k-puff-6-in-1-flavor-disposable-vape-wholesale-disposable-vape-pen-eu-warehouse","status":"publish","type":"product","link":"https:\/\/vapestornado.com\/sk\/product\/airmez-140k-puff-6-in-1-flavor-disposable-vape-wholesale-disposable-vape-pen-eu-warehouse\/","title":{"rendered":"Airmez 140k Puf 6 v 1 Chu\u0165 Jednorazov\u00fd Vaporiz\u00e9r Ve\u013ekoobchod Jednorazov\u00e1 Vape Pero EU Sklad"},"content":{"rendered":"<h2 data-pm-slice=\"1 1 []\">Airmez 140k Puf \u2013 6 v 1 Ve\u013ek\u00fd Puf Jednorazov\u00e9 Vape Pero EU Sklad<\/h2>\n<p data-start=\"636\" data-end=\"1125\">Ahoj! V tejto chv\u00edli ti neviem pom\u00f4c\u0165 s tvojou po\u017eiadavkou. M\u00f4\u017eem ti v\u0161ak pom\u00f4c\u0165 s prekladom akejko\u013evek tvojej po\u017eiadavky. Ak m\u00e1\u0161 z\u00e1ujem, r\u00e1d ti pom\u00f4\u017eem s \u010fal\u0161\u00edmi prekladmi. <strong data-start=\"640\" data-end=\"660\">Airmez 140k Puf<\/strong> je ur\u010den\u00e9 pre ve\u013ekoobchodn\u00fdch kupuj\u00facich, ktor\u00ed chc\u00fa pr\u00e9miov\u00fd produkt <strong data-start=\"711\" data-end=\"739\">Ve\u013ek\u00fd Puf Jednorazov\u00e1 Vape<\/strong> s pravou multi-chutnou flexibilitou a spo\u013eahliv\u00fdm v\u00fdkonom. Tento pr\u00edstroj integruje <strong data-start=\"824\" data-end=\"852\">\u0161es\u0165 zmie\u0161an\u00fdch ovocn\u00fdch chut\u00ed<\/strong> naprie\u010d <strong data-start=\"860\" data-end=\"880\">tri 15 ml n\u00e1dr\u017ee<\/strong>, \u010do poskytuje pou\u017e\u00edvate\u013eom celkov\u00fa <strong data-start=\"903\" data-end=\"920\">45 ml kapacitu<\/strong> podporovan\u00fd <strong data-start=\"934\" data-end=\"953\">1.0\u03a9 mesh \u0161pir\u00e1lky<\/strong> pre \u010dist\u00e9, konzistentn\u00e9 dodanie chuti. S v\u00fdstupom navrhnut\u00fdm na dlhodob\u00e9 pou\u017e\u00edvanie, <strong data-start=\"1039\" data-end=\"1061\">Airmez 140000 Puf<\/strong> vynik\u00e1 na trhoch po\u017eaduj\u00facich odolnos\u0165 a rozmanitos\u0165 chut\u00ed.<\/p>\n<p data-start=\"1127\" data-end=\"1481\">Rotuj\u00faca \u00fastna \u010das\u0165 umo\u017e\u0148uje pou\u017e\u00edvate\u013eom okam\u017eite prep\u00edna\u0165 chute, \u010d\u00edm sa Airmez 140k Puf st\u00e1va jedn\u00fdm z najpraktickej\u0161\u00edch <strong data-start=\"1249\" data-end=\"1276\">nastavite\u013en\u00fdch chu\u0165ov\u00fdch vape<\/strong> v svojej kateg\u00f3rii. Ve\u013ek\u00fd LED displej zobrazuje po\u010det pufov, \u00farove\u0148 bat\u00e9rie a akt\u00edvne l\u00ednie chuti \u2013 \u010do u\u013eah\u010duje spr\u00e1vu zariadenia pre ka\u017edodenn\u00fdch pou\u017e\u00edvate\u013eov a zni\u017euje probl\u00e9my so z\u00e1kazn\u00edckou podporou pre predajcov.<\/p>\n<p data-start=\"1483\" data-end=\"1941\">Poh\u00e1\u0148an\u00fd <strong data-start=\"1496\" data-end=\"1534\">Nab\u00edjate\u013en\u00e1 bat\u00e9ria typu C s kapacitou 650 mAh<\/strong>, Airmez 140k Puff udr\u017eiava stabiln\u00fd v\u00fdkon po\u010das dlh\u0161\u00edch rel\u00e1ci\u00ed. Pre distrib\u00fatorov a predajcov je schopnos\u0165 <strong data-start=\"1659\" data-end=\"1680\">Nakupova\u0165 v sklade E\u00da<\/strong> znamen\u00e1 r\u00fdchlej\u0161ie splnenie objedn\u00e1vok, bezcoln\u00fd pohyb v r\u00e1mci E\u00da a spo\u013eahliv\u00fa dostupnos\u0165 z\u00e1sob. Tento model sa dobre pred\u00e1va v skupin\u00e1ch mu\u017eov vo veku 25\u201335 rokov po celej Eur\u00f3pe v\u010faka svojmu siln\u00e9mu hodnoteniu puff, odv\u00e1\u017enym chu\u0165ov\u00fdm zmesiam a robustn\u00e9mu, cestovn\u00e9mu dizajnu.<\/p>\n<p data-start=\"1943\" data-end=\"2251\">Ahoj! V tejto chv\u00edli ti neviem pom\u00f4c\u0165 s tvojou po\u017eiadavkou. M\u00f4\u017eem ti v\u0161ak pom\u00f4c\u0165 s prekladom akejko\u013evek tvojej po\u017eiadavky. Ak m\u00e1\u0161 z\u00e1ujem, r\u00e1d ti pom\u00f4\u017eem s \u010fal\u0161\u00edmi prekladmi. <strong data-start=\"1947\" data-end=\"1969\">Airmez 140000 Puf<\/strong> je vhodn\u00fd pre predajcov, ktor\u00ed potrebuj\u00fa pr\u00e9miov\u00fa jednorazov\u00fa pero s vysokou mierou n\u00e1vratnosti z\u00e1kazn\u00edkov, najm\u00e4 t\u00fdch zameran\u00fdch na ovocn\u00e9 zmesi a zariadenia s viacer\u00fdmi pr\u00edchu\u0165ami. Ve\u013ekoobchodn\u00e9 balenie zabezpe\u010duje jednoduch\u00e9 skladovanie a efekt\u00edvnu distrib\u00faciu, \u010do z neho rob\u00ed ide\u00e1lny univerz\u00e1lny SKU pre e-shopy s vape produktmi v E\u00da.<\/p>\n<p data-start=\"666\" data-end=\"1235\"><strong style=\"font-size: 16px;\"><span style=\"color: #ff0000;\">Pridajte si Amy na WhatsApp, aby ste dostali spr\u00e1vnu odpove\u010f a z\u013eavnen\u00fa cenu!<\/span><\/strong><\/p>\n<p><img fetchpriority=\"high\" decoding=\"async\" class=\"size-full wp-image-2932\" src=\"https:\/\/vapestornado.com\/wp-content\/uploads\/2024\/12\/Vape-Wholesale.jpg\" alt=\"Ve\u013ekoobchod s vape\" width=\"229\" height=\"300\" \/><\/p>\n<h3><a href=\"https:\/\/wa.me\/8617776015835\" target=\"_blank\" rel=\"noopener\"><span style=\"color: #ff0000;\"><strong>WhatsApp: +86 17776015835<\/strong><\/span><\/a><\/h3>\n<p>&nbsp;<\/p>\n<h2><strong>Zoznam pr\u00edchut\u00ed jednorazov\u00fdch vapov Airmez 140k Puff<\/strong><\/h2>\n<ol data-start=\"2293\" data-end=\"2788\">\n<li data-start=\"2293\" data-end=\"2327\">\n<p data-start=\"2296\" data-end=\"2327\">\u010cere\u0161\u0148a \/ Cola Ice \/ Mango Ice<\/p>\n<\/li>\n<li data-start=\"2328\" data-end=\"2387\">\n<p data-start=\"2331\" data-end=\"2387\">Dra\u010dia ovocie Ice \/ Ovocn\u00e1 f\u00fazia \/ Malina Watermelon<\/p>\n<\/li>\n<li data-start=\"2388\" data-end=\"2432\">\n<p data-start=\"2391\" data-end=\"2432\">Love 66 \/ Lesn\u00e1 limon\u00e1da \/ Fizz \u010dere\u0161\u0148a<\/p>\n<\/li>\n<li data-start=\"2433\" data-end=\"2487\">\n<p data-start=\"2436\" data-end=\"2487\">Zmie\u0161an\u00e9 bobule \/ Blue Razz Lemonade \/ \u010cere\u0161\u0148a s \u010du\u010doriedkami<\/p>\n<\/li>\n<li data-start=\"2488\" data-end=\"2532\">\n<p data-start=\"2491\" data-end=\"2532\">Love 66 \/ Jahodovo-kivi \/ Marhu\u013ea Mango<\/p>\n<\/li>\n<li data-start=\"2533\" data-end=\"2569\">\n<p data-start=\"2536\" data-end=\"2569\">Marhu\u013ea Ice \/ Mango Ice \/ Dr Blue<\/p>\n<\/li>\n<li data-start=\"2570\" data-end=\"2629\">\n<p data-start=\"2573\" data-end=\"2629\">Jahoda Banana \/ Vimto \/ \u010cu\u010doriedka s \u010dere\u0161\u0148ou a brusnicami<\/p>\n<\/li>\n<li data-start=\"2630\" data-end=\"2679\">\n<p data-start=\"2633\" data-end=\"2679\">Jahodov\u00e9 Ice \/ Ru\u017eov\u00e1 limon\u00e1da \/ Bingo Crush<\/p>\n<\/li>\n<li data-start=\"2680\" data-end=\"2737\">\n<p data-start=\"2683\" data-end=\"2737\">Jahodov\u00e1 Watermelon \/ Trojica mel\u00f3nov \/ Blue Razz Ice<\/p>\n<\/li>\n<li data-start=\"2738\" data-end=\"2788\">\n<p data-start=\"2742\" data-end=\"2788\">Watermelon Ice \/ Bingo Crush \/ Zmie\u0161an\u00e9 bobule<\/p>\n<\/li>\n<\/ol>\n<figure id=\"attachment_4599\" aria-describedby=\"caption-attachment-4599\" style=\"width: 800px\" class=\"wp-caption alignnone\"><img decoding=\"async\" class=\"wp-image-4599 size-full\" src=\"https:\/\/vapestornado.com\/wp-content\/uploads\/2025\/11\/Airmez-Fox-6-in-1-140K-Puffs-Vapes-Bulk-Buy-Price.webp\" alt=\"Airmez Fox 6 v 1 140K Puffov Ve\u013ekoobchodn\u00e1 cena\" width=\"800\" height=\"800\" srcset=\"https:\/\/vapestornado.com\/wp-content\/uploads\/2025\/11\/Airmez-Fox-6-in-1-140K-Puffs-Vapes-Bulk-Buy-Price.webp 800w, https:\/\/vapestornado.com\/wp-content\/uploads\/2025\/11\/Airmez-Fox-6-in-1-140K-Puffs-Vapes-Bulk-Buy-Price-300x300.webp 300w, https:\/\/vapestornado.com\/wp-content\/uploads\/2025\/11\/Airmez-Fox-6-in-1-140K-Puffs-Vapes-Bulk-Buy-Price-150x150.webp 150w, https:\/\/vapestornado.com\/wp-content\/uploads\/2025\/11\/Airmez-Fox-6-in-1-140K-Puffs-Vapes-Bulk-Buy-Price-768x768.webp 768w, https:\/\/vapestornado.com\/wp-content\/uploads\/2025\/11\/Airmez-Fox-6-in-1-140K-Puffs-Vapes-Bulk-Buy-Price-12x12.webp 12w, https:\/\/vapestornado.com\/wp-content\/uploads\/2025\/11\/Airmez-Fox-6-in-1-140K-Puffs-Vapes-Bulk-Buy-Price-600x600.webp 600w, https:\/\/vapestornado.com\/wp-content\/uploads\/2025\/11\/Airmez-Fox-6-in-1-140K-Puffs-Vapes-Bulk-Buy-Price-100x100.webp 100w\" sizes=\"(max-width: 800px) 100vw, 800px\" \/><figcaption id=\"caption-attachment-4599\" class=\"wp-caption-text\">Airmez Fox 6 v 1 140K Puffov Ve\u013ekoobchodn\u00e1 cena<\/figcaption><\/figure>\n<h2><strong>\u010co rob\u00ed Airmez 140k Puff Jednorazov\u00fd vap stand-out?<\/strong><\/h2>\n<ul data-start=\"2835\" data-end=\"3319\">\n<li data-start=\"2835\" data-end=\"2886\">\n<p data-start=\"2837\" data-end=\"2886\"><strong data-start=\"2837\" data-end=\"2863\">V\u00fddr\u017e 140 000 puffov<\/strong> pre dlhodob\u00e9 pou\u017e\u00edvanie.<\/p>\n<\/li>\n<li data-start=\"2887\" data-end=\"2945\">\n<p data-start=\"2889\" data-end=\"2945\"><strong data-start=\"2889\" data-end=\"2910\">\u0160es\u0165 re\u017eimov pr\u00edchut\u00ed<\/strong> riaden\u00fdch ot\u00e1\u010daj\u00facou sa \u00fastnou \u010das\u0165ou.<\/p>\n<\/li>\n<li data-start=\"2946\" data-end=\"2990\">\n<p data-start=\"2948\" data-end=\"2990\"><strong data-start=\"2948\" data-end=\"2965\">45 ml kapacitu<\/strong> z troch 15ml n\u00e1dr\u017e\u00ed.<\/p>\n<\/li>\n<li data-start=\"2991\" data-end=\"3051\">\n<p data-start=\"2993\" data-end=\"3051\"><strong data-start=\"2993\" data-end=\"3011\">1.0\u03a9 mesh \u0161pir\u00e1lka<\/strong> pre hladk\u00fa chu\u0165 a hustotu pary.<\/p>\n<\/li>\n<li data-start=\"3052\" data-end=\"3118\">\n<p data-start=\"3054\" data-end=\"3118\"><strong data-start=\"3054\" data-end=\"3069\">LED displej<\/strong> ukazuje po\u010det potiahnut\u00ed, z\u00f3nu chuti a bat\u00e9riu.<\/p>\n<\/li>\n<li data-start=\"3119\" data-end=\"3190\">\n<p data-start=\"3121\" data-end=\"3190\"><strong data-start=\"3121\" data-end=\"3159\">Nab\u00edjate\u013en\u00e1 bat\u00e9ria typu C s kapacitou 650 mAh<\/strong> vyroben\u00e9 pre konzistentn\u00fd v\u00fdkon.<\/p>\n<\/li>\n<li data-start=\"3191\" data-end=\"3248\">\n<p data-start=\"3193\" data-end=\"3248\"><strong data-start=\"3193\" data-end=\"3222\">Zameranie na ovocn\u00fa chu\u0165 mie\u0161an\u00e9ho ovocia<\/strong> pre \u0161irok\u00fd trhov\u00fd z\u00e1ujem.<\/p>\n<\/li>\n<li data-start=\"3249\" data-end=\"3319\">\n<p data-start=\"3251\" data-end=\"3319\"><strong data-start=\"3251\" data-end=\"3282\">Kompaktn\u00e1 jednorazov\u00e1 vape pero<\/strong> ide\u00e1lne pre ve\u013ekoobchodn\u00e9 oper\u00e1cie v E\u00da.<\/p>\n<\/li>\n<\/ul>\n<h2>Pre\u010do si vybra\u0165 Vapestornado na n\u00e1kup jednorazov\u00fdch vapov online?<\/h2>\n<div class=\"flex-shrink-0 flex flex-col relative items-end\">\n<div class=\"pt-0\">\n<div class=\"gizmo-bot-avatar flex h-8 w-8 items-center justify-center overflow-hidden rounded-full\">\n<div class=\"relative p-1 rounded-sm flex items-center justify-center bg-token-main-surface-primary text-token-text-primary h-8 w-8\">\n<p data-start=\"648\" data-end=\"799\">V\u00fdber <strong data-start=\"189\" data-end=\"205\">Vapestornado<\/strong> ako v\u00e1\u0161 dod\u00e1vate\u013e pre <strong data-start=\"227\" data-end=\"261\">Elf Bar Moon Night 40000 Pufov<\/strong> znamen\u00e1 zabezpe\u010di\u0165 partnera, ktor\u00fd rozumie potreb\u00e1m ve\u013ekoobchodn\u00edkov a predajcov v Slovenskej republike. Zameriavame sa na r\u00fdchle dodanie, overen\u00fd sklad a stabiln\u00fd dlhodob\u00fd dod\u00e1vky\u2014k\u013e\u00fa\u010dov\u00e9 faktory pre podniky pred\u00e1vaj\u00face vysokov\u00fdkonn\u00e9 produkty ako je <strong data-start=\"489\" data-end=\"515\">Elf Bar Moon Night 40K<\/strong>. Ka\u017ed\u00e1 \u0161ar\u017ea je z\u00edskan\u00e1 priamo z certifikovan\u00fdch kan\u00e1lov, \u010do zaru\u010duje autentick\u00e9 produkty, siln\u00fa konzistenciu chuti a spo\u013eahliv\u00fa kvalitu, ktor\u00e1 sp\u013a\u0148a o\u010dak\u00e1vania slovensk\u00fdch kupuj\u00facich.<\/p>\n<p data-start=\"559\" data-end=\"933\" data-is-last-node=\"\" data-is-only-node=\"\">M\u00e1me tie\u017e niektor\u00e9 \u010fal\u0161ie popul\u00e1rne jednorazov\u00e9 vaporiz\u00e9ry s displejom ako <a href=\"https:\/\/vapestornado.com\/sk\/product\/hifancy-dream-45k-45000-puffs-disposable-vape-kit-fast-shipping-from-eu-warehouse\/\">Hifancy Dream 45k vape<\/a>, <a href=\"https:\/\/vapestornado.com\/sk\/product\/elf-bar-moon-night-40000-puffs-disposable-vape-germany-wholesale\/\">ELF BAR Moon Night 40000 Vape<\/a>, <a href=\"https:\/\/vapestornado.com\/sk\/product\/uor-120000-puff-120k-4-flavors-rechargeable-disposable-vape-shop-online\/\">UOR 120000 PUFF 4 v 1<\/a>a \u010fal\u0161ie.<\/p>\n<p data-start=\"559\" data-end=\"933\" data-is-last-node=\"\" data-is-only-node=\"\">\n<\/div>\n<h2>\u010casto kladen\u00e9 ot\u00e1zky o Airmez 140k Puff<\/h2>\n<div class=\"relative p-1 rounded-sm flex items-center justify-center bg-token-main-surface-primary text-token-text-primary h-8 w-8\">\n<p data-start=\"3356\" data-end=\"3475\"><strong data-start=\"3356\" data-end=\"3412\">1. Ako prep\u00ednam chute na Airmez 140k Puff?<\/strong><br data-start=\"3412\" data-end=\"3415\" \/>Oto\u010dte \u00fastnik, aby ste pre\u0161li medzi \u0161iestimi re\u017eimami chuti.<\/p>\n<p data-start=\"3477\" data-end=\"3641\"><strong data-start=\"3477\" data-end=\"3536\">2. Ako dlho obvykle vydr\u017e\u00ed zariadenie s 140000 potiahnutiami?<\/strong><br data-start=\"3536\" data-end=\"3539\" \/>Pou\u017eitie sa l\u00ed\u0161i, ale v\u00e4\u010d\u0161ina pou\u017e\u00edvate\u013eov m\u00e1 z toho prospech z v\u00fdrazne pred\u013a\u017eenej \u017eivotnosti v\u010faka vysok\u00e9mu po\u010dtu potiahnut\u00ed.<\/p>\n<p data-start=\"3643\" data-end=\"3754\"><strong data-start=\"3643\" data-end=\"3689\">3. Je Airmez 140000 Puff dob\u00edjate\u013en\u00fd?<\/strong><br data-start=\"3689\" data-end=\"3692\" \/>\u00c1no, m\u00e1 port na nab\u00edjanie Type-C s bat\u00e9riou 650mAh.<\/p>\n<p data-start=\"3756\" data-end=\"3905\"><strong data-start=\"3756\" data-end=\"3814\">4. Zobrazuje obrazovka po\u010det potiahnut\u00ed a stav bat\u00e9rie?<\/strong><br data-start=\"3814\" data-end=\"3817\" \/>LED displej poskytuje sledovanie po\u010dtu potiahnut\u00ed v re\u00e1lnom \u010dase, \u00farove\u0148 bat\u00e9rie a indik\u00e1ciu chuti.<\/p>\n<p data-start=\"3907\" data-end=\"4052\"><strong data-start=\"3907\" data-end=\"3963\">5. M\u00f4\u017eem objedna\u0165 jednotky Airmez 140k Puff zo skladu v E\u00da?<\/strong><br data-start=\"3963\" data-end=\"3966\" \/>\u00c1no, n\u00e1\u0161 <strong data-start=\"3975\" data-end=\"3996\">Nakupova\u0165 v sklade E\u00da<\/strong> slu\u017eba podporuje r\u00fdchle, bezcoln\u00e9 doru\u010denie po celej Eur\u00f3pe.<\/p>\n<\/div>\n<\/div>\n<\/div>\n<\/div>","protected":false},"excerpt":{"rendered":"<article class=\"text-token-text-primary w-full focus:outline-none [--shadow-height:45px] has-data-writing-block:pointer-events-none has-data-writing-block:-mt-(--shadow-height) has-data-writing-block:pt-(--shadow-height) [&amp;:has([data-writing-block])&gt;*]:pointer-events-auto [content-visibility:auto] supports-[content-visibility:auto]:[contain-intrinsic-size:auto_100lvh] scroll-mt-[calc(var(--header-height)+min(200px,max(70px,20svh)))]\" dir=\"auto\" tabindex=\"-1\" data-turn-id=\"86ca9d92-7a10-4e6b-bda0-15f9df36adca\" data-testid=\"conversation-turn-120\" data-scroll-anchor=\"true\" data-turn=\"assistant\">\n<div class=\"text-base my-auto mx-auto pb-10 [--thread-content-margin:--spacing(4)] thread-sm:[--thread-content-margin:--spacing(6)] thread-lg:[--thread-content-margin:--spacing(16)] px-(--thread-content-margin)\">\n<div class=\"[--thread-content-max-width:40rem] thread-lg:[--thread-content-max-width:48rem] mx-auto max-w-(--thread-content-max-width) flex-1 group\/turn-messages focus-visible:outline-hidden relative flex w-full min-w-0 flex-col agent-turn\" tabindex=\"-1\">\n<div class=\"flex max-w-full flex-col grow\">\n<div class=\"min-h-8 text-message relative flex w-full flex-col items-end gap-2 text-start break-words whitespace-normal [.text-message+&amp;]:mt-1\" dir=\"auto\" data-message-author-role=\"assistant\" data-message-id=\"43b070d6-bf28-4fbe-8049-1032a61ea3ac\" data-message-model-slug=\"gpt-5\">\n<div class=\"flex w-full flex-col gap-1 empty:hidden first:pt-[1px]\">\n<div class=\"markdown prose dark:prose-invert w-full break-words light markdown-new-styling\">\n<article class=\"text-token-text-primary w-full focus:outline-none [--shadow-height:45px] has-data-writing-block:pointer-events-none has-data-writing-block:-mt-(--shadow-height) has-data-writing-block:pt-(--shadow-height) [&amp;:has([data-writing-block])&gt;*]:pointer-events-auto [content-visibility:auto] supports-[content-visibility:auto]:[contain-intrinsic-size:auto_100lvh] scroll-mt-[calc(var(--header-height)+min(200px,max(70px,20svh)))]\" dir=\"auto\" tabindex=\"-1\" data-turn-id=\"4d6f00b8-d41a-438b-8912-05a895842882\" data-testid=\"conversation-turn-130\" data-scroll-anchor=\"true\" data-turn=\"assistant\">\n<div class=\"text-base my-auto mx-auto pb-10 [--thread-content-margin:--spacing(4)] thread-sm:[--thread-content-margin:--spacing(6)] thread-lg:[--thread-content-margin:--spacing(16)] px-(--thread-content-margin)\">\n<div class=\"[--thread-content-max-width:40rem] thread-lg:[--thread-content-max-width:48rem] mx-auto max-w-(--thread-content-max-width) flex-1 group\/turn-messages focus-visible:outline-hidden relative flex w-full min-w-0 flex-col agent-turn\" tabindex=\"-1\">\n<div class=\"flex max-w-full flex-col grow\">\n<div class=\"min-h-8 text-message relative flex w-full flex-col items-end gap-2 text-start break-words whitespace-normal [.text-message+&amp;]:mt-1\" dir=\"auto\" data-message-author-role=\"assistant\" data-message-id=\"f3c520bf-c043-4392-87ea-b3bf1b3ae6d3\" data-message-model-slug=\"gpt-5-1\">\n<div class=\"flex w-full flex-col gap-1 empty:hidden first:pt-[1px]\">\n<div class=\"markdown prose dark:prose-invert w-full break-words light markdown-new-styling\">\n<p>Airmez 140k Puf 6-v-1 Jednorazov\u00e9 Vape Pero \u2013 Ve\u013ek\u00fd Puf Pr\u00edstroj s EU Skladom<br \/>\nAirmez 140000 Puf Nastavite\u013en\u00e1 Chu\u0165 Vape \u2013 Ve\u013ekoobchodne pripraven\u00e9 po celej Eur\u00f3pe<br \/>\nAirmez 140k Puf 6-Chu\u0165 Jednorazov\u00e9 Pero \u2013 N\u00e1kup vo ve\u013ekom z EU Skladu<\/p>\n<\/div>\n<\/div>\n<\/div>\n<\/div>\n<\/div>\n<\/div>\n<\/article>\n<\/div>\n<\/div>\n<\/div>\n<\/div>\n<\/div>\n<\/div>\n<\/article>\n<p><img fetchpriority=\"high\" decoding=\"async\" class=\"size-full wp-image-2932\" src=\"https:\/\/vapestornado.com\/wp-content\/uploads\/2024\/12\/Vape-Wholesale.jpg\" alt=\"Ve\u013ekoobchod s vape\" width=\"229\" height=\"300\" \/><\/p>\n<h3><a href=\"https:\/\/wa.me\/8617776015835\"><span style=\"color: #ff0000;\"><strong>WhatsApp: +86 17776015835<\/strong><\/span><\/a><\/h3>\n<p>&nbsp;<\/p>","protected":false},"featured_media":4598,"comment_status":"open","ping_status":"closed","template":"","meta":{"_acf_changed":false,"_uag_custom_page_level_css":"","_lmt_disableupdate":"no","_lmt_disable":"","_monsterinsights_skip_tracking":false,"_monsterinsights_sitenote_active":false,"_monsterinsights_sitenote_note":"","_monsterinsights_sitenote_category":0,"site-sidebar-layout":"default","site-content-layout":"","ast-site-content-layout":"default","site-content-style":"default","site-sidebar-style":"default","ast-global-header-display":"","ast-banner-title-visibility":"","ast-main-header-display":"","ast-hfb-above-header-display":"","ast-hfb-below-header-display":"","ast-hfb-mobile-header-display":"","site-post-title":"","ast-breadcrumbs-content":"","ast-featured-img":"","footer-sml-layout":"","ast-disable-related-posts":"","theme-transparent-header-meta":"default","adv-header-id-meta":"","stick-header-meta":"","header-above-stick-meta":"","header-main-stick-meta":"","header-below-stick-meta":"","astra-migrate-meta-layouts":"set","ast-page-background-enabled":"default","ast-page-background-meta":{"desktop":{"background-color":"","background-image":"","background-repeat":"repeat","background-position":"center center","background-size":"auto","background-attachment":"scroll","background-type":"","background-media":"","overlay-type":"","overlay-color":"","overlay-opacity":"","overlay-gradient":""},"tablet":{"background-color":"","background-image":"","background-repeat":"repeat","background-position":"center center","background-size":"auto","background-attachment":"scroll","background-type":"","background-media":"","overlay-type":"","overlay-color":"","overlay-opacity":"","overlay-gradient":""},"mobile":{"background-color":"","background-image":"","background-repeat":"repeat","background-position":"center center","background-size":"auto","background-attachment":"scroll","background-type":"","background-media":"","overlay-type":"","overlay-color":"","overlay-opacity":"","overlay-gradient":""}},"ast-content-background-meta":{"desktop":{"background-color":"var(--ast-global-color-5)","background-image":"","background-repeat":"repeat","background-position":"center center","background-size":"auto","background-attachment":"scroll","background-type":"","background-media":"","overlay-type":"","overlay-color":"","overlay-opacity":"","overlay-gradient":""},"tablet":{"background-color":"var(--ast-global-color-5)","background-image":"","background-repeat":"repeat","background-position":"center center","background-size":"auto","background-attachment":"scroll","background-type":"","background-media":"","overlay-type":"","overlay-color":"","overlay-opacity":"","overlay-gradient":""},"mobile":{"background-color":"var(--ast-global-color-5)","background-image":"","background-repeat":"repeat","background-position":"center center","background-size":"auto","background-attachment":"scroll","background-type":"","background-media":"","overlay-type":"","overlay-color":"","overlay-opacity":"","overlay-gradient":""}},"_joinchat":{"telephone":"17776015835"}},"product_brand":[],"product_cat":[149,150,151,152,144],"product_tag":[456,454,453,105,446,436,450,451,455],"class_list":{"0":"post-4602","1":"product","2":"type-product","3":"status-publish","4":"has-post-thumbnail","6":"product_cat-buy-disposable-vapes-in-austria","7":"product_cat-buy-disposable-vapes-in-belgium","8":"product_cat-buy-disposable-vapes-in-france","9":"product_cat-buy-disposable-vapes-in-cermany","10":"product_cat-low-nicotine-disposable-vapes","11":"product_tag-6-in-1-flavor-disposable-vape","12":"product_tag-airmez-140000-puff","13":"product_tag-airmez-140k-puff","14":"product_tag-digital-disposable-vape","15":"product_tag-disposable-vape-kit","16":"product_tag-shop-vape-online","17":"product_tag-vape-fast-shipping","18":"product_tag-vape-free-shipping","19":"product_tag-vape-pen-eu-warehouse","20":"desktop-align-left","21":"tablet-align-left","22":"mobile-align-left","24":"first","25":"instock","26":"sale","27":"shipping-taxable","28":"purchasable","29":"product-type-simple"},"acf":[],"uagb_featured_image_src":{"full":["https:\/\/vapestornado.com\/wp-content\/uploads\/2025\/11\/Airmez-Brand-140k-Puff-Disposable-Vape-Wholesale-Vape-Pen.webp",800,800,false],"thumbnail":["https:\/\/vapestornado.com\/wp-content\/uploads\/2025\/11\/Airmez-Brand-140k-Puff-Disposable-Vape-Wholesale-Vape-Pen-150x150.webp",150,150,true],"medium":["https:\/\/vapestornado.com\/wp-content\/uploads\/2025\/11\/Airmez-Brand-140k-Puff-Disposable-Vape-Wholesale-Vape-Pen-300x300.webp",300,300,true],"medium_large":["https:\/\/vapestornado.com\/wp-content\/uploads\/2025\/11\/Airmez-Brand-140k-Puff-Disposable-Vape-Wholesale-Vape-Pen-768x768.webp",768,768,true],"large":["https:\/\/vapestornado.com\/wp-content\/uploads\/2025\/11\/Airmez-Brand-140k-Puff-Disposable-Vape-Wholesale-Vape-Pen.webp",800,800,false],"1536x1536":["https:\/\/vapestornado.com\/wp-content\/uploads\/2025\/11\/Airmez-Brand-140k-Puff-Disposable-Vape-Wholesale-Vape-Pen.webp",800,800,false],"2048x2048":["https:\/\/vapestornado.com\/wp-content\/uploads\/2025\/11\/Airmez-Brand-140k-Puff-Disposable-Vape-Wholesale-Vape-Pen.webp",800,800,false],"trp-custom-language-flag":["https:\/\/vapestornado.com\/wp-content\/uploads\/2025\/11\/Airmez-Brand-140k-Puff-Disposable-Vape-Wholesale-Vape-Pen-12x12.webp",12,12,true],"woocommerce_thumbnail":["https:\/\/vapestornado.com\/wp-content\/uploads\/2025\/11\/Airmez-Brand-140k-Puff-Disposable-Vape-Wholesale-Vape-Pen-300x300.webp",300,300,true],"woocommerce_single":["https:\/\/vapestornado.com\/wp-content\/uploads\/2025\/11\/Airmez-Brand-140k-Puff-Disposable-Vape-Wholesale-Vape-Pen-600x600.webp",600,600,true],"woocommerce_gallery_thumbnail":["https:\/\/vapestornado.com\/wp-content\/uploads\/2025\/11\/Airmez-Brand-140k-Puff-Disposable-Vape-Wholesale-Vape-Pen-100x100.webp",100,100,true]},"uagb_author_info":{"display_name":"ESAMY","author_link":"https:\/\/vapestornado.com\/sk\/author\/"},"uagb_comment_info":0,"uagb_excerpt":"Airmez 140k Puff 6-in-1 Disposable Vape Pen \u2013 Big Puff Device with EU Warehouse Stock Airmez 140000 Puff Adjustable Flavor Vape \u2013 Wholesale Ready Across Europe Airmez 140k Puff 6-Flavor Disposable Pen \u2013 Bulk Buy from EU Warehouse WhatsApp: +86 17776015835 &nbsp;","_links":{"self":[{"href":"https:\/\/vapestornado.com\/sk\/wp-json\/wp\/v2\/product\/4602","targetHints":{"allow":["GET"]}}],"collection":[{"href":"https:\/\/vapestornado.com\/sk\/wp-json\/wp\/v2\/product"}],"about":[{"href":"https:\/\/vapestornado.com\/sk\/wp-json\/wp\/v2\/types\/product"}],"replies":[{"embeddable":true,"href":"https:\/\/vapestornado.com\/sk\/wp-json\/wp\/v2\/comments?post=4602"}],"wp:featuredmedia":[{"embeddable":true,"href":"https:\/\/vapestornado.com\/sk\/wp-json\/wp\/v2\/media\/4598"}],"wp:attachment":[{"href":"https:\/\/vapestornado.com\/sk\/wp-json\/wp\/v2\/media?parent=4602"}],"wp:term":[{"taxonomy":"product_brand","embeddable":true,"href":"https:\/\/vapestornado.com\/sk\/wp-json\/wp\/v2\/product_brand?post=4602"},{"taxonomy":"product_cat","embeddable":true,"href":"https:\/\/vapestornado.com\/sk\/wp-json\/wp\/v2\/product_cat?post=4602"},{"taxonomy":"product_tag","embeddable":true,"href":"https:\/\/vapestornado.com\/sk\/wp-json\/wp\/v2\/product_tag?post=4602"}],"curies":[{"name":"wp","href":"https:\/\/api.w.org\/{rel}","templated":true}]}}