{"id":4596,"date":"2025-11-25T08:25:45","date_gmt":"2025-11-25T08:25:45","guid":{"rendered":"https:\/\/vapestornado.com\/?post_type=product&#038;p=4596"},"modified":"2025-11-25T08:36:27","modified_gmt":"2025-11-25T08:36:27","slug":"airmez-fox-120000-puffs-4-flavour-big-puff-disposable-vape-pen-shop-eu-warehouse","status":"publish","type":"product","link":"https:\/\/vapestornado.com\/sk\/product\/airmez-fox-120000-puffs-4-flavour-big-puff-disposable-vape-pen-shop-eu-warehouse\/","title":{"rendered":"AIRMEZ FOX 120000 Pufov 4 Chu\u0165i Ve\u013ek\u00fd Puf Jednorazov\u00e1 Vape Pero Sklad EU"},"content":{"rendered":"<h2 data-pm-slice=\"1 1 []\">AIRMEZ FOX 120000 \u2013 4 Chu\u0165i Ve\u013ek\u00fd Puf Jednorazov\u00e9 Vape Pero Sklad EU<\/h2>\n<p data-start=\"610\" data-end=\"1164\">Ahoj! V tejto chv\u00edli ti neviem pom\u00f4c\u0165 s tvojou po\u017eiadavkou. M\u00f4\u017eem ti v\u0161ak pom\u00f4c\u0165 s prekladom akejko\u013evek tvojej po\u017eiadavky. Ak m\u00e1\u0161 z\u00e1ujem, r\u00e1d ti pom\u00f4\u017eem s \u010fal\u0161\u00edmi prekladmi. <strong data-start=\"614\" data-end=\"635\">AIRMEZ FOX 120000<\/strong> je navrhnut\u00e9 pre ve\u013ekoobchodn\u00fdch z\u00e1kazn\u00edkov, ktor\u00ed potrebuj\u00fa dlhodob\u00fd, stabiln\u00fd v\u00fdkon <strong data-start=\"712\" data-end=\"740\">Ve\u013ek\u00fd Puf Jednorazov\u00e1 Vape<\/strong> s re\u00e1lnym atrakt\u00edvnym vzh\u013eadom pre pou\u017e\u00edvate\u013eov. Ka\u017ed\u00e9 zariadenie integruje <strong data-start=\"787\" data-end=\"818\">\u0161tyri nez\u00e1visl\u00e9 15mL n\u00e1dr\u017ee<\/strong> s celkovou <strong data-start=\"832\" data-end=\"849\">60mL kapacitou<\/strong>, ktor\u00fd poskytuje <strong data-start=\"868\" data-end=\"885\">120 000 potiahnut\u00ed<\/strong>\u2014 jasn\u00e1 v\u00fdhoda pre obchody zameran\u00e9 na z\u00e1kazn\u00edkov s vysok\u00fdm pou\u017e\u00edvan\u00edm alebo predajcov h\u013eadaj\u00facich siln\u00e9 opakovan\u00e9 objedn\u00e1vky. Syst\u00e9m zdvihnutia a oto\u010denia vrchn\u00e9ho krytu umo\u017e\u0148uje pou\u017e\u00edvate\u013eom okam\u017eite meni\u0165 chu\u0165, \u010do rob\u00ed z tohto jedn\u00e9ho z najpraktickej\u0161\u00edch <strong data-start=\"1106\" data-end=\"1133\">nastavite\u013en\u00fdch chu\u0165ov\u00fdch vape<\/strong> v kateg\u00f3rii s vysokou kapacitou.<\/p>\n<p data-start=\"1166\" data-end=\"1684\">Poh\u00e1\u0148an\u00fd <strong data-start=\"1179\" data-end=\"1210\">650mAh nab\u00edjate\u013enou bat\u00e9riou<\/strong> s r\u00fdchlym nab\u00edjan\u00edm Type-C, <strong data-start=\"1242\" data-end=\"1261\">AIRMEZ FOX 120k<\/strong> udr\u017eiava konzistentn\u00fd v\u00fdkon po\u010das dlh\u00fdch rel\u00e1ci\u00ed. Jeho <strong data-start=\"1316\" data-end=\"1335\">1.0\u03a9 mesh \u0161pir\u00e1lky<\/strong> doru\u010di\u0165 \u010dist\u00fa chu\u0165 vo v\u0161etk\u00fdch \u0161tyroch n\u00e1dr\u017ek\u00e1ch, zatia\u013e \u010do <strong data-start=\"1391\" data-end=\"1411\">LCD inteligentn\u00e1 obrazovka<\/strong> d\u00e1va pou\u017e\u00edvate\u013eom r\u00fdchly preh\u013ead o bat\u00e9rii a v\u00fdbere chuti\u2014d\u00f4le\u017eit\u00fd detail, ktor\u00fd zvy\u0161uje d\u00f4veru pou\u017e\u00edvate\u013ea a zni\u017euje ot\u00e1zky po predaji. Pre kupuj\u00facich z E\u00da, mo\u017enos\u0165 <strong data-start=\"1584\" data-end=\"1605\">Nakupova\u0165 v sklade E\u00da<\/strong> zabezpe\u010duje krat\u0161ie dodacie trasy, stabiln\u00fd sklad a plynulej\u0161ie pl\u00e1novanie podnikania.<\/p>\n<p data-start=\"1686\" data-end=\"2063\">AIRMEZ FOX 120000 je ur\u010den\u00fd pre obchody, ktor\u00e9 chc\u00fa vysoko hodnotn\u00e9 zariadenie s v\u00fdborn\u00fdm v\u00fdkonom chuti, n\u00edzkou \u00fadr\u017ebou a kon\u0161trukciou, ktor\u00e1 sa dobre pred\u00e1va online aj v miestnych obchodoch. Hromadn\u00e9 balenie (10 ks na box \/ 100 ks na paletu) rob\u00ed z neho efekt\u00edvnu vo\u013ebu pre distrib\u00fatorov, ktor\u00ed chc\u00fa \u010dist\u00e9, jednotn\u00e9 SKU, ktor\u00e9 sa r\u00fdchlo pohybuj\u00fa na aktu\u00e1lnom eur\u00f3pskom trhu jednorazov\u00fdch vaporiz\u00e9rov.<\/p>\n<p data-start=\"666\" data-end=\"1235\"><strong style=\"font-size: 16px;\"><span style=\"color: #ff0000;\">Pridajte si Amy na WhatsApp, aby ste dostali spr\u00e1vnu odpove\u010f a z\u013eavnen\u00fa cenu!<\/span><\/strong><\/p>\n<p><img fetchpriority=\"high\" decoding=\"async\" class=\"size-full wp-image-2932\" src=\"https:\/\/vapestornado.com\/wp-content\/uploads\/2024\/12\/Vape-Wholesale.jpg\" alt=\"Ve\u013ekoobchod s vape\" width=\"229\" height=\"300\" \/><\/p>\n<h3><a href=\"https:\/\/wa.me\/8617776015835\" target=\"_blank\" rel=\"noopener\"><span style=\"color: #ff0000;\"><strong>WhatsApp: +86 17776015835<\/strong><\/span><\/a><\/h3>\n<p>&nbsp;<\/p>\n<h2><strong>\u010co rob\u00ed AIRMEZ FOX 120000 Puffs Jednorazov\u00fd vaporiz\u00e9r v\u00fdnimo\u010dn\u00fdm?<\/strong><\/h2>\n<ul>\n<li data-start=\"2855\" data-end=\"2918\">\n<p data-start=\"2857\" data-end=\"2918\"><strong data-start=\"2857\" data-end=\"2893\">4-v-1 nastavite\u013en\u00fd syst\u00e9m chuti<\/strong> pre okam\u017eit\u00fa zmenu.<\/p>\n<\/li>\n<li data-start=\"2919\" data-end=\"2981\">\n<p data-start=\"2921\" data-end=\"2981\"><strong data-start=\"2921\" data-end=\"2944\">Celkov\u00e1 kapacita 60 mL<\/strong> (15 mL \u00d7 4 n\u00e1dr\u017eky) pre dlh\u0161ie pou\u017e\u00edvanie.<\/p>\n<\/li>\n<li data-start=\"2982\" data-end=\"3040\">\n<p data-start=\"2984\" data-end=\"3040\"><strong data-start=\"2984\" data-end=\"3005\">Ohrev sie\u0165ovej cievky<\/strong> pre stabiln\u00fd, bohat\u00fd v\u00fdstup chuti.<\/p>\n<\/li>\n<li data-start=\"3041\" data-end=\"3094\">\n<p data-start=\"3043\" data-end=\"3094\"><strong data-start=\"3043\" data-end=\"3066\">650mAh nab\u00edjate\u013en\u00e1<\/strong> bat\u00e9ria s portom Type-C.<\/p>\n<\/li>\n<li data-start=\"3095\" data-end=\"3150\">\n<p data-start=\"3097\" data-end=\"3150\"><strong data-start=\"3097\" data-end=\"3112\">LCD displej<\/strong> ukazuje bat\u00e9riu a akt\u00edvnu chu\u0165.<\/p>\n<\/li>\n<li data-start=\"3151\" data-end=\"3214\">\n<p data-start=\"3153\" data-end=\"3214\"><strong data-start=\"3153\" data-end=\"3182\">Ve\u013ekoobchodne pripraven\u00e9 balenie<\/strong>, ide\u00e1lne na hromadn\u00fa distrib\u00faciu.<\/p>\n<\/li>\n<li data-start=\"3215\" data-end=\"3294\">\n<p data-start=\"3217\" data-end=\"3294\"><strong data-start=\"3217\" data-end=\"3247\">R\u00fdchle doru\u010denie z skladu E\u00da<\/strong> s doru\u010den\u00edm do 3\u20137 dn\u00ed a bez \u010fal\u0161\u00edch coln\u00fdch poplatkov.<\/p>\n<\/li>\n<\/ul>\n<figure id=\"attachment_4590\" aria-describedby=\"caption-attachment-4590\" style=\"width: 800px\" class=\"wp-caption alignnone\"><img decoding=\"async\" class=\"wp-image-4590 size-full\" src=\"https:\/\/vapestornado.com\/wp-content\/uploads\/2025\/11\/Airmez-FOX-4-IN-1-120000-Puff-Bar-EU-Warehouse.webp\" alt=\"Airmez FOX 4 IN 1 120000 Puff Bar E\u00da sklad\" width=\"800\" height=\"800\" srcset=\"https:\/\/vapestornado.com\/wp-content\/uploads\/2025\/11\/Airmez-FOX-4-IN-1-120000-Puff-Bar-EU-Warehouse.webp 800w, https:\/\/vapestornado.com\/wp-content\/uploads\/2025\/11\/Airmez-FOX-4-IN-1-120000-Puff-Bar-EU-Warehouse-300x300.webp 300w, https:\/\/vapestornado.com\/wp-content\/uploads\/2025\/11\/Airmez-FOX-4-IN-1-120000-Puff-Bar-EU-Warehouse-150x150.webp 150w, https:\/\/vapestornado.com\/wp-content\/uploads\/2025\/11\/Airmez-FOX-4-IN-1-120000-Puff-Bar-EU-Warehouse-768x768.webp 768w, https:\/\/vapestornado.com\/wp-content\/uploads\/2025\/11\/Airmez-FOX-4-IN-1-120000-Puff-Bar-EU-Warehouse-12x12.webp 12w, https:\/\/vapestornado.com\/wp-content\/uploads\/2025\/11\/Airmez-FOX-4-IN-1-120000-Puff-Bar-EU-Warehouse-600x600.webp 600w, https:\/\/vapestornado.com\/wp-content\/uploads\/2025\/11\/Airmez-FOX-4-IN-1-120000-Puff-Bar-EU-Warehouse-100x100.webp 100w\" sizes=\"(max-width: 800px) 100vw, 800px\" \/><figcaption id=\"caption-attachment-4590\" class=\"wp-caption-text\">Airmez FOX 4 IN 1 120000 Puff Bar E\u00da sklad<\/figcaption><\/figure>\n<div class=\"mceTemp\"><\/div>\n<h2><strong>Zoznam pr\u00edchut\u00ed pre AIRMEZ FOX 120000 Puffs Jednorazov\u00e9 vaporiz\u00e9ry<\/strong><\/h2>\n<ol data-start=\"2106\" data-end=\"2809\">\n<li data-start=\"2106\" data-end=\"2191\">\n<p data-start=\"2109\" data-end=\"2191\">Jahodovo malina \/ Jahodovo kiwi \/ Jahodov\u00e1 zmrzlina \/ Marhu\u013eovo mango vodn\u00fd mel\u00f3n<\/p>\n<\/li>\n<li data-start=\"2192\" data-end=\"2280\">\n<p data-start=\"2195\" data-end=\"2280\">Vodn\u00fd mel\u00f3nov\u00e1 zmrzlina \/ Jahodov\u00fd vodn\u00fd mel\u00f3n \/ Malinov\u00fd vodn\u00fd mel\u00f3n \/ \u010cu\u010doriedkovo malina<\/p>\n<\/li>\n<li data-start=\"2281\" data-end=\"2345\">\n<p data-start=\"2284\" data-end=\"2345\">Ru\u017eov\u00e1 Limon\u00e1da \/ V\u00e1\u0161e\u0148 bozku \/ Zmie\u0161an\u00e9 bobule \/ Trojbobov\u00e1<\/p>\n<\/li>\n<li data-start=\"2346\" data-end=\"2396\">\n<p data-start=\"2349\" data-end=\"2396\">\u010cere\u0161\u0148a \/ L\u00e1ska 66 \/ Bobu\u013eov\u00e1 limon\u00e1da \/ Hroznov\u00e1 zmrzlina<\/p>\n<\/li>\n<li data-start=\"2397\" data-end=\"2465\">\n<p data-start=\"2400\" data-end=\"2465\">Mango marhu\u013ea \/ Tropick\u00e9 ovocie \/ Marhu\u013eov\u00e1 zmrzlina \/ Kysl\u00e9 mango anan\u00e1s<\/p>\n<\/li>\n<li data-start=\"2466\" data-end=\"2528\">\n<p data-start=\"2469\" data-end=\"2528\">Hroznov\u00e1 zmrzlina \/ L\u00e1ska 66 \/ \u010cu\u010doriedka na \u013eade \/ Drakovo ovocie zmrzlina<\/p>\n<\/li>\n<li data-start=\"2529\" data-end=\"2596\">\n<p data-start=\"2532\" data-end=\"2596\">L\u00e1ska 66 \/ \u010cere\u0161\u0148a \/ \u010cu\u010doriedka na \u013eade \/ Kiwi passion fruit guava<\/p>\n<\/li>\n<li data-start=\"2597\" data-end=\"2654\">\n<p data-start=\"2600\" data-end=\"2654\">Marhu\u013eov\u00e1 zmrzlina \/ Ru\u017eov\u00e1 Limon\u00e1da \/ Vodn\u00fd mel\u00f3nov\u00e1 zmrzlina \/ Dr Blue<\/p>\n<\/li>\n<li data-start=\"2655\" data-end=\"2720\">\n<p data-start=\"2658\" data-end=\"2720\">\u010cerven\u00fd Mojito \/ L\u00e1ska 66 \/ Zmie\u0161an\u00e9 bobule \/ Jahodovo vodn\u00fd mel\u00f3n<\/p>\n<\/li>\n<li data-start=\"2721\" data-end=\"2809\">\n<p data-start=\"2725\" data-end=\"2809\">Marhu\u013eovo mango vodn\u00fd mel\u00f3n \/ \u010cu\u010doriedka \u010dere\u0161\u0148a \/ Vodn\u00fd mel\u00f3n drakovo ovocie \/ V\u00e1\u0161e\u0148 bozku<\/p>\n<\/li>\n<\/ol>\n<h2>Pre\u010do si vybra\u0165 Vapestornado na n\u00e1kup jednorazov\u00fdch vapov online?<\/h2>\n<div class=\"flex-shrink-0 flex flex-col relative items-end\">\n<div class=\"pt-0\">\n<div class=\"gizmo-bot-avatar flex h-8 w-8 items-center justify-center overflow-hidden rounded-full\">\n<div class=\"relative p-1 rounded-sm flex items-center justify-center bg-token-main-surface-primary text-token-text-primary h-8 w-8\">\n<p data-start=\"648\" data-end=\"799\">V\u00fdber <strong data-start=\"189\" data-end=\"205\">Vapestornado<\/strong> ako v\u00e1\u0161 dod\u00e1vate\u013e pre <strong data-start=\"227\" data-end=\"261\">Elf Bar Moon Night 40000 Pufov<\/strong> znamen\u00e1 zabezpe\u010di\u0165 partnera, ktor\u00fd rozumie potreb\u00e1m ve\u013ekoobchodn\u00edkov a predajcov v Slovenskej republike. Zameriavame sa na r\u00fdchle dodanie, overen\u00fd sklad a stabiln\u00fd dlhodob\u00fd dod\u00e1vky\u2014k\u013e\u00fa\u010dov\u00e9 faktory pre podniky pred\u00e1vaj\u00face vysokov\u00fdkonn\u00e9 produkty ako je <strong data-start=\"489\" data-end=\"515\">Elf Bar Moon Night 40K<\/strong>. Ka\u017ed\u00e1 \u0161ar\u017ea je z\u00edskan\u00e1 priamo z certifikovan\u00fdch kan\u00e1lov, \u010do zaru\u010duje autentick\u00e9 produkty, siln\u00fa konzistenciu chuti a spo\u013eahliv\u00fa kvalitu, ktor\u00e1 sp\u013a\u0148a o\u010dak\u00e1vania slovensk\u00fdch kupuj\u00facich.<\/p>\n<p data-start=\"559\" data-end=\"933\" data-is-last-node=\"\" data-is-only-node=\"\">M\u00e1me tie\u017e niektor\u00e9 \u010fal\u0161ie popul\u00e1rne jednorazov\u00e9 vaporiz\u00e9ry s displejom ako <a href=\"https:\/\/vapestornado.com\/sk\/product\/hifancy-dream-45k-45000-puffs-disposable-vape-kit-fast-shipping-from-eu-warehouse\/\">Hifancy Dream 45k vape<\/a>, <a href=\"https:\/\/vapestornado.com\/sk\/product\/elf-bar-moon-night-40000-puffs-disposable-vape-germany-wholesale\/\">ELF BAR Moon Night 40000 Vape<\/a>, <a href=\"https:\/\/vapestornado.com\/sk\/product\/uor-120000-puff-120k-4-flavors-rechargeable-disposable-vape-shop-online\/\">UOR 120000 PUFF 4 v 1<\/a>a \u010fal\u0161ie.<\/p>\n<p data-start=\"559\" data-end=\"933\" data-is-last-node=\"\" data-is-only-node=\"\">\n<\/div>\n<h2>\u010casto kladen\u00e9 ot\u00e1zky o AIRMEZ FOX 120000 Puffs<\/h2>\n<div class=\"relative p-1 rounded-sm flex items-center justify-center bg-token-main-surface-primary text-token-text-primary h-8 w-8\">\n<p data-start=\"3330\" data-end=\"3457\"><strong data-start=\"3330\" data-end=\"3387\">1. Ako prep\u00ednam chute na AIRMEZ FOX 120000?<\/strong><br data-start=\"3387\" data-end=\"3390\" \/>Zdvihnite a oto\u010dte horn\u00fd kvapk\u00e1tko, aby ste pre\u0161li na \u010fal\u0161iu chu\u0165ov\u00fa n\u00e1dr\u017eku.<\/p>\n<p data-start=\"3459\" data-end=\"3562\"><strong data-start=\"3459\" data-end=\"3502\">2. Je AIRMEZ FOX 120k dob\u00edjate\u013en\u00fd?<\/strong><br data-start=\"3502\" data-end=\"3505\" \/>\u00c1no, pou\u017e\u00edva port Type-C a vn\u00fatorn\u00fa bat\u00e9riu s kapacitou 650mAh.<\/p>\n<p data-start=\"3564\" data-end=\"3691\"><strong data-start=\"3564\" data-end=\"3612\">3. Ko\u013eko potiahnut\u00ed poskytne ka\u017ed\u00e1 chu\u0165?<\/strong><br data-start=\"3612\" data-end=\"3615\" \/>Ka\u017ed\u00e1 n\u00e1dr\u017eka pon\u00faka pribli\u017ene 30 000 potiahnut\u00ed, celkovo pribli\u017ene 120 000.<\/p>\n<p data-start=\"3693\" data-end=\"3813\"><strong data-start=\"3693\" data-end=\"3743\">4. Zobrazuje inteligentn\u00e1 obrazovka \u00farove\u0148 e-liquidu?<\/strong><br data-start=\"3743\" data-end=\"3746\" \/>\u00c1no, LCD obrazovka zobrazuje stav bat\u00e9rie a akt\u00edvnu pr\u00edchu\u0165.<\/p>\n<p data-start=\"3815\" data-end=\"3944\"><strong data-start=\"3815\" data-end=\"3866\">5. M\u00f4\u017eem objedna\u0165 AIRMEZ FOX 120000 zo skladu v E\u00da?<\/strong><br data-start=\"3866\" data-end=\"3869\" \/>\u00c1no, n\u00e1\u0161 <strong data-start=\"3878\" data-end=\"3899\">Nakupova\u0165 v sklade E\u00da<\/strong> servis doru\u010duje do 3\u20137 dn\u00ed po celej Eur\u00f3pe.<\/p>\n<\/div>\n<\/div>\n<\/div>\n<\/div>","protected":false},"excerpt":{"rendered":"<article class=\"text-token-text-primary w-full focus:outline-none [--shadow-height:45px] has-data-writing-block:pointer-events-none has-data-writing-block:-mt-(--shadow-height) has-data-writing-block:pt-(--shadow-height) [&amp;:has([data-writing-block])&gt;*]:pointer-events-auto [content-visibility:auto] supports-[content-visibility:auto]:[contain-intrinsic-size:auto_100lvh] scroll-mt-[calc(var(--header-height)+min(200px,max(70px,20svh)))]\" dir=\"auto\" tabindex=\"-1\" data-turn-id=\"86ca9d92-7a10-4e6b-bda0-15f9df36adca\" data-testid=\"conversation-turn-120\" data-scroll-anchor=\"true\" data-turn=\"assistant\">\n<div class=\"text-base my-auto mx-auto pb-10 [--thread-content-margin:--spacing(4)] thread-sm:[--thread-content-margin:--spacing(6)] thread-lg:[--thread-content-margin:--spacing(16)] px-(--thread-content-margin)\">\n<div class=\"[--thread-content-max-width:40rem] thread-lg:[--thread-content-max-width:48rem] mx-auto max-w-(--thread-content-max-width) flex-1 group\/turn-messages focus-visible:outline-hidden relative flex w-full min-w-0 flex-col agent-turn\" tabindex=\"-1\">\n<div class=\"flex max-w-full flex-col grow\">\n<div class=\"min-h-8 text-message relative flex w-full flex-col items-end gap-2 text-start break-words whitespace-normal [.text-message+&amp;]:mt-1\" dir=\"auto\" data-message-author-role=\"assistant\" data-message-id=\"43b070d6-bf28-4fbe-8049-1032a61ea3ac\" data-message-model-slug=\"gpt-5\">\n<div class=\"flex w-full flex-col gap-1 empty:hidden first:pt-[1px]\">\n<div class=\"markdown prose dark:prose-invert w-full break-words light markdown-new-styling\">\n<article class=\"text-token-text-primary w-full focus:outline-none [--shadow-height:45px] has-data-writing-block:pointer-events-none has-data-writing-block:-mt-(--shadow-height) has-data-writing-block:pt-(--shadow-height) [&amp;:has([data-writing-block])&gt;*]:pointer-events-auto [content-visibility:auto] supports-[content-visibility:auto]:[contain-intrinsic-size:auto_100lvh] scroll-mt-[calc(var(--header-height)+min(200px,max(70px,20svh)))]\" dir=\"auto\" tabindex=\"-1\" data-turn-id=\"4d6f00b8-d41a-438b-8912-05a895842882\" data-testid=\"conversation-turn-130\" data-scroll-anchor=\"true\" data-turn=\"assistant\">\n<div class=\"text-base my-auto mx-auto pb-10 [--thread-content-margin:--spacing(4)] thread-sm:[--thread-content-margin:--spacing(6)] thread-lg:[--thread-content-margin:--spacing(16)] px-(--thread-content-margin)\">\n<div class=\"[--thread-content-max-width:40rem] thread-lg:[--thread-content-max-width:48rem] mx-auto max-w-(--thread-content-max-width) flex-1 group\/turn-messages focus-visible:outline-hidden relative flex w-full min-w-0 flex-col agent-turn\" tabindex=\"-1\">\n<div class=\"flex max-w-full flex-col grow\">\n<div class=\"min-h-8 text-message relative flex w-full flex-col items-end gap-2 text-start break-words whitespace-normal [.text-message+&amp;]:mt-1\" dir=\"auto\" data-message-author-role=\"assistant\" data-message-id=\"f3c520bf-c043-4392-87ea-b3bf1b3ae6d3\" data-message-model-slug=\"gpt-5-1\">\n<div class=\"flex w-full flex-col gap-1 empty:hidden first:pt-[1px]\">\n<div class=\"markdown prose dark:prose-invert w-full break-words light markdown-new-styling\">\n<p>AIRMEZ FOX 120000 Ve\u013ek\u00fd Puf Jednorazov\u00e1 Vape \u2013 4 Chu\u0165i 120k zariadenie s skladom v EU<\/p>\n<p>AIRMEZ FOX 120k nastavite\u013en\u00e1 chu\u0165ov\u00e1 vape \u2013 ve\u013ekoobchodn\u00e9 objedn\u00e1vky pripraven\u00e9 zo skladu v EU<\/p>\n<p>AIRMEZ FOX 120000 Pufov 4-v-1 Jednorazov\u00e9 Pero \u2013 Dlh\u00e1 \u017eivotnos\u0165 120k vape pre ve\u013ekoobchodn\u00fdch z\u00e1kazn\u00edkov<\/p>\n<\/div>\n<\/div>\n<\/div>\n<\/div>\n<\/div>\n<\/div>\n<\/article>\n<\/div>\n<\/div>\n<\/div>\n<\/div>\n<\/div>\n<\/div>\n<\/article>\n<p><img fetchpriority=\"high\" decoding=\"async\" class=\"size-full wp-image-2932\" src=\"https:\/\/vapestornado.com\/wp-content\/uploads\/2024\/12\/Vape-Wholesale.jpg\" alt=\"Ve\u013ekoobchod s vape\" width=\"229\" height=\"300\" \/><\/p>\n<h3><a href=\"https:\/\/wa.me\/8617776015835\"><span style=\"color: #ff0000;\"><strong>WhatsApp: +86 17776015835<\/strong><\/span><\/a><\/h3>\n<p>&nbsp;<\/p>","protected":false},"featured_media":4595,"comment_status":"open","ping_status":"closed","template":"","meta":{"_acf_changed":false,"_uag_custom_page_level_css":"","_lmt_disableupdate":"no","_lmt_disable":"","_monsterinsights_skip_tracking":false,"_monsterinsights_sitenote_active":false,"_monsterinsights_sitenote_note":"","_monsterinsights_sitenote_category":0,"site-sidebar-layout":"default","site-content-layout":"","ast-site-content-layout":"default","site-content-style":"default","site-sidebar-style":"default","ast-global-header-display":"","ast-banner-title-visibility":"","ast-main-header-display":"","ast-hfb-above-header-display":"","ast-hfb-below-header-display":"","ast-hfb-mobile-header-display":"","site-post-title":"","ast-breadcrumbs-content":"","ast-featured-img":"","footer-sml-layout":"","ast-disable-related-posts":"","theme-transparent-header-meta":"default","adv-header-id-meta":"","stick-header-meta":"","header-above-stick-meta":"","header-main-stick-meta":"","header-below-stick-meta":"","astra-migrate-meta-layouts":"set","ast-page-background-enabled":"default","ast-page-background-meta":{"desktop":{"background-color":"","background-image":"","background-repeat":"repeat","background-position":"center center","background-size":"auto","background-attachment":"scroll","background-type":"","background-media":"","overlay-type":"","overlay-color":"","overlay-opacity":"","overlay-gradient":""},"tablet":{"background-color":"","background-image":"","background-repeat":"repeat","background-position":"center center","background-size":"auto","background-attachment":"scroll","background-type":"","background-media":"","overlay-type":"","overlay-color":"","overlay-opacity":"","overlay-gradient":""},"mobile":{"background-color":"","background-image":"","background-repeat":"repeat","background-position":"center center","background-size":"auto","background-attachment":"scroll","background-type":"","background-media":"","overlay-type":"","overlay-color":"","overlay-opacity":"","overlay-gradient":""}},"ast-content-background-meta":{"desktop":{"background-color":"var(--ast-global-color-5)","background-image":"","background-repeat":"repeat","background-position":"center center","background-size":"auto","background-attachment":"scroll","background-type":"","background-media":"","overlay-type":"","overlay-color":"","overlay-opacity":"","overlay-gradient":""},"tablet":{"background-color":"var(--ast-global-color-5)","background-image":"","background-repeat":"repeat","background-position":"center center","background-size":"auto","background-attachment":"scroll","background-type":"","background-media":"","overlay-type":"","overlay-color":"","overlay-opacity":"","overlay-gradient":""},"mobile":{"background-color":"var(--ast-global-color-5)","background-image":"","background-repeat":"repeat","background-position":"center center","background-size":"auto","background-attachment":"scroll","background-type":"","background-media":"","overlay-type":"","overlay-color":"","overlay-opacity":"","overlay-gradient":""}},"_joinchat":{"telephone":"17776015835"}},"product_brand":[],"product_cat":[347,149,150,151,157,146],"product_tag":[449,452,105,446,436,450,451],"class_list":{"0":"post-4596","1":"product","2":"type-product","3":"status-publish","4":"has-post-thumbnail","6":"product_cat-120000-puff","7":"product_cat-buy-disposable-vapes-in-austria","8":"product_cat-buy-disposable-vapes-in-belgium","9":"product_cat-buy-disposable-vapes-in-france","10":"product_cat-buy-disposable-vapes-in-portugal","11":"product_cat-rechargeable-disposable-vapes","12":"product_tag-airmez-fox-120000","13":"product_tag-airmez-fox-120k","14":"product_tag-digital-disposable-vape","15":"product_tag-disposable-vape-kit","16":"product_tag-shop-vape-online","17":"product_tag-vape-fast-shipping","18":"product_tag-vape-free-shipping","19":"desktop-align-left","20":"tablet-align-left","21":"mobile-align-left","23":"first","24":"instock","25":"sale","26":"shipping-taxable","27":"purchasable","28":"product-type-simple"},"acf":[],"uagb_featured_image_src":{"full":["https:\/\/vapestornado.com\/wp-content\/uploads\/2025\/11\/Airmez-Fox-Disposable-Vape-120k-Puffs-4-in-1-Vape.webp",800,800,false],"thumbnail":["https:\/\/vapestornado.com\/wp-content\/uploads\/2025\/11\/Airmez-Fox-Disposable-Vape-120k-Puffs-4-in-1-Vape-150x150.webp",150,150,true],"medium":["https:\/\/vapestornado.com\/wp-content\/uploads\/2025\/11\/Airmez-Fox-Disposable-Vape-120k-Puffs-4-in-1-Vape-300x300.webp",300,300,true],"medium_large":["https:\/\/vapestornado.com\/wp-content\/uploads\/2025\/11\/Airmez-Fox-Disposable-Vape-120k-Puffs-4-in-1-Vape-768x768.webp",768,768,true],"large":["https:\/\/vapestornado.com\/wp-content\/uploads\/2025\/11\/Airmez-Fox-Disposable-Vape-120k-Puffs-4-in-1-Vape.webp",800,800,false],"1536x1536":["https:\/\/vapestornado.com\/wp-content\/uploads\/2025\/11\/Airmez-Fox-Disposable-Vape-120k-Puffs-4-in-1-Vape.webp",800,800,false],"2048x2048":["https:\/\/vapestornado.com\/wp-content\/uploads\/2025\/11\/Airmez-Fox-Disposable-Vape-120k-Puffs-4-in-1-Vape.webp",800,800,false],"trp-custom-language-flag":["https:\/\/vapestornado.com\/wp-content\/uploads\/2025\/11\/Airmez-Fox-Disposable-Vape-120k-Puffs-4-in-1-Vape-12x12.webp",12,12,true],"woocommerce_thumbnail":["https:\/\/vapestornado.com\/wp-content\/uploads\/2025\/11\/Airmez-Fox-Disposable-Vape-120k-Puffs-4-in-1-Vape-300x300.webp",300,300,true],"woocommerce_single":["https:\/\/vapestornado.com\/wp-content\/uploads\/2025\/11\/Airmez-Fox-Disposable-Vape-120k-Puffs-4-in-1-Vape-600x600.webp",600,600,true],"woocommerce_gallery_thumbnail":["https:\/\/vapestornado.com\/wp-content\/uploads\/2025\/11\/Airmez-Fox-Disposable-Vape-120k-Puffs-4-in-1-Vape-100x100.webp",100,100,true]},"uagb_author_info":{"display_name":"ESAMY","author_link":"https:\/\/vapestornado.com\/sk\/author\/"},"uagb_comment_info":0,"uagb_excerpt":"AIRMEZ FOX 120000 Big Puff Disposable Vape \u2013 4-Flavour 120k Device with EU Warehouse Stock AIRMEZ FOX 120k Adjustable Flavor Vape \u2013 Bulk Orders Ready from EU Warehouse AIRMEZ FOX 120000 Puffs 4-in-1 Disposable Pen \u2013 Long-Life 120k Vape for Wholesale Buyers WhatsApp: +86 17776015835 &nbsp;","_links":{"self":[{"href":"https:\/\/vapestornado.com\/sk\/wp-json\/wp\/v2\/product\/4596","targetHints":{"allow":["GET"]}}],"collection":[{"href":"https:\/\/vapestornado.com\/sk\/wp-json\/wp\/v2\/product"}],"about":[{"href":"https:\/\/vapestornado.com\/sk\/wp-json\/wp\/v2\/types\/product"}],"replies":[{"embeddable":true,"href":"https:\/\/vapestornado.com\/sk\/wp-json\/wp\/v2\/comments?post=4596"}],"wp:featuredmedia":[{"embeddable":true,"href":"https:\/\/vapestornado.com\/sk\/wp-json\/wp\/v2\/media\/4595"}],"wp:attachment":[{"href":"https:\/\/vapestornado.com\/sk\/wp-json\/wp\/v2\/media?parent=4596"}],"wp:term":[{"taxonomy":"product_brand","embeddable":true,"href":"https:\/\/vapestornado.com\/sk\/wp-json\/wp\/v2\/product_brand?post=4596"},{"taxonomy":"product_cat","embeddable":true,"href":"https:\/\/vapestornado.com\/sk\/wp-json\/wp\/v2\/product_cat?post=4596"},{"taxonomy":"product_tag","embeddable":true,"href":"https:\/\/vapestornado.com\/sk\/wp-json\/wp\/v2\/product_tag?post=4596"}],"curies":[{"name":"wp","href":"https:\/\/api.w.org\/{rel}","templated":true}]}}