{"id":4588,"date":"2025-11-24T09:07:52","date_gmt":"2025-11-24T09:07:52","guid":{"rendered":"https:\/\/vapestornado.com\/?post_type=product&#038;p=4588"},"modified":"2025-11-24T09:18:30","modified_gmt":"2025-11-24T09:18:30","slug":"hifancy-space-50000-puff-50k-disposable-screen-vape-bulk-buy-cheap-price-online","status":"publish","type":"product","link":"https:\/\/vapestornado.com\/sk\/product\/hifancy-space-50000-puff-50k-disposable-screen-vape-bulk-buy-cheap-price-online\/","title":{"rendered":"HIFANCY SPACE 50000 Puf 50k Jednorazov\u00e1 Screen Vape Hromadn\u00fd n\u00e1kup Lacn\u00e1 cena online"},"content":{"rendered":"<h2 data-pm-slice=\"1 1 []\">HIFANCY SPACE 50000 Pufov Jednorazov\u00e1 Screen Vape \u2013 Ve\u013ekoobchod z skladu v E\u00da<\/h2>\n<p data-start=\"636\" data-end=\"1141\">Ahoj! V tejto chv\u00edli ti neviem pom\u00f4c\u0165 s tvojou po\u017eiadavkou. M\u00f4\u017eem ti v\u0161ak pom\u00f4c\u0165 s prekladom akejko\u013evek tvojej po\u017eiadavky. Ak m\u00e1\u0161 z\u00e1ujem, r\u00e1d ti pom\u00f4\u017eem s \u010fal\u0161\u00edmi prekladmi. <strong data-start=\"640\" data-end=\"663\">HIFANCY SPACE 50000<\/strong> je ur\u010den\u00fd pre kupuj\u00facich, ktor\u00ed chc\u00fa stabiln\u00fd objem, siln\u00fd v\u00fdstup chuti a r\u00fdchle doplnenie prostredn\u00edctvom spo\u013eahliv\u00e9ho doru\u010denia zo skladu v E\u00da. Toto zariadenie prin\u00e1\u0161a rovnov\u00e1hu, ktor\u00fa ve\u013ekoobchodn\u00edci h\u013eadaj\u00fa: kompaktn\u00e9 telo, jasn\u00fd displej a <strong data-start=\"891\" data-end=\"909\">trieda 50k pufov<\/strong> hodnotenie, ktor\u00e9 vyhovuje nepretr\u017eit\u00e9mu denn\u00e9mu pou\u017e\u00edvaniu. The <strong data-start=\"953\" data-end=\"992\">650mAh bat\u00e9ria s r\u00fdchlonab\u00edjan\u00edm Type-C<\/strong>, sp\u00e1rovan\u00e1 s <strong data-start=\"1008\" data-end=\"1028\">syst\u00e9m sie\u0165ov\u00fdch cievok<\/strong>, poskytuje opakovate\u013en\u00fd v\u00fdkon pri ka\u017edom \u0165ahu, \u010do ho rob\u00ed spo\u013eahlivou vo\u013ebou pre maloobchodn\u00e9 predajne a distrib\u00fatorov.<\/p>\n<p data-start=\"1143\" data-end=\"1568\">S <strong data-start=\"1150\" data-end=\"1173\">30mL predplnen\u00e1 n\u00e1dr\u017e<\/strong> a mo\u017enosti v <strong data-start=\"1189\" data-end=\"1225\">2%, 3% a 5% nikot\u00ednov\u00fdch s\u00edlach<\/strong> (z\u00e1visl\u00e9 od regi\u00f3nu), HIFANCY SPACE 50k vyhovuje preferenci\u00e1m eur\u00f3pskeho mu\u017esk\u00e9ho segmentu vo veku 25\u201335 rokov \u2014 konzistentn\u00fd, siln\u00fd a priamo\u010diary. The <strong data-start=\"1369\" data-end=\"1389\">rozhranie na displeji<\/strong> pom\u00e1ha pou\u017e\u00edvate\u013eom sledova\u0165 v\u00fdkon a spotrebu, \u010d\u00edm zni\u017euje zm\u00e4tok a zvy\u0161uje spokojnos\u0165 z\u00e1kazn\u00edkov, najm\u00e4 pre nov\u00fdch kupuj\u00facich, ktor\u00ed preferuj\u00fa jednoduch\u00fa a odoln\u00fa Jednorazov\u00fa vapovaciu sadu.<\/p>\n<p data-start=\"1570\" data-end=\"1918\">Ako dopyt po ve\u013ekoobchodnom predaji vapovac\u00edch zariaden\u00ed na jedno pou\u017eitie na\u010falej rastie, <strong data-start=\"1629\" data-end=\"1652\">HIFANCY SPACE 50000<\/strong> sa st\u00e1va produktom s vysokou hodnotou s konkurencieschopnou cenovou politikou a stabilnou dod\u00e1vkou. Ak u\u017e m\u00e1te na sklade <strong data-start=\"1776\" data-end=\"1797\">HiFancy Dream 45k<\/strong>, tento nov\u00fd model sa dokonale hod\u00ed ako silnej\u0161ia, 50 000 potiahnut\u00ed vylep\u0161enie pre z\u00e1kazn\u00edkov, ktor\u00ed chc\u00fa dlh\u0161ie pou\u017e\u00edvanie a inteligentnej\u0161ie zariadenie.<\/p>\n<p data-start=\"666\" data-end=\"1235\"><strong style=\"font-size: 16px;\"><span style=\"color: #ff0000;\">Pridajte si Amy na WhatsApp, aby ste dostali spr\u00e1vnu odpove\u010f a z\u013eavnen\u00fa cenu!<\/span><\/strong><\/p>\n<p><img fetchpriority=\"high\" decoding=\"async\" class=\"size-full wp-image-2932\" src=\"https:\/\/vapestornado.com\/wp-content\/uploads\/2024\/12\/Vape-Wholesale.jpg\" alt=\"Ve\u013ekoobchod s vape\" width=\"229\" height=\"300\" \/><\/p>\n<h3><a href=\"https:\/\/wa.me\/8617776015835\" target=\"_blank\" rel=\"noopener\"><span style=\"color: #ff0000;\"><strong>WhatsApp: +86 17776015835<\/strong><\/span><\/a><\/h3>\n<p>&nbsp;<\/p>\n<h2><strong>\u010co rob\u00ed HIFANCY SPACE 50000 Puff Jednorazov\u00fa Vape Pero V\u00fdnimo\u010dn\u00fdm?<\/strong><\/h2>\n<ul data-start=\"2287\" data-end=\"2712\">\n<li data-start=\"2287\" data-end=\"2351\">\n<p data-start=\"2289\" data-end=\"2351\"><strong data-start=\"2289\" data-end=\"2317\">V\u00fdstup triedy 50 000 potiahnut\u00ed<\/strong> navrhnut\u00e9 na dlhodob\u00e9 pou\u017e\u00edvanie.<\/p>\n<\/li>\n<li data-start=\"2352\" data-end=\"2426\">\n<p data-start=\"2354\" data-end=\"2426\"><strong data-start=\"2354\" data-end=\"2381\">Kapacita 30 mL predplnen\u00e1<\/strong>, neplnite\u013en\u00e9 pre bez\u00fadr\u017ebov\u00fd v\u00fdkon.<\/p>\n<\/li>\n<li data-start=\"2427\" data-end=\"2497\">\n<p data-start=\"2429\" data-end=\"2497\"><strong data-start=\"2429\" data-end=\"2447\">650mAh bat\u00e9riou<\/strong> s r\u00fdchlym nab\u00edjan\u00edm Type-C (pribli\u017ene 30 min\u00fat).<\/p>\n<\/li>\n<li data-start=\"2498\" data-end=\"2563\">\n<p data-start=\"2500\" data-end=\"2563\"><strong data-start=\"2500\" data-end=\"2521\">Ohrev sie\u0165ovej cievky<\/strong> pre rovnomern\u00fa chu\u0165 a hladk\u00fd aerosol.<\/p>\n<\/li>\n<li data-start=\"2564\" data-end=\"2633\">\n<p data-start=\"2566\" data-end=\"2633\"><strong data-start=\"2566\" data-end=\"2596\">Viacer\u00e9 siln\u00e9 nikot\u00ednov\u00e9 varianty<\/strong> na splnenie po\u017eiadaviek E\u00da regi\u00f3nu.<\/p>\n<\/li>\n<li data-start=\"2634\" data-end=\"2712\">\n<p data-start=\"2636\" data-end=\"2712\"><strong data-start=\"2636\" data-end=\"2666\">Ve\u013ekoobchodn\u00e9 balenie 10 kusov<\/strong>, podporovan\u00fd <strong data-start=\"2681\" data-end=\"2711\">R\u00fdchle doru\u010denie z skladu E\u00da<\/strong>.<\/p>\n<\/li>\n<\/ul>\n<figure id=\"attachment_4583\" aria-describedby=\"caption-attachment-4583\" style=\"width: 300px\" class=\"wp-caption alignnone\"><img decoding=\"async\" class=\"size-medium wp-image-4583\" src=\"https:\/\/vapestornado.com\/wp-content\/uploads\/2025\/11\/HIFANCY-50k-50000-Puff-Disposable-Vape-Pod-300x300.webp\" alt=\"HIFANCY 50k 50000 Potiahnut\u00ed Jednorazov\u00e1 Vape Pod\" width=\"300\" height=\"300\" srcset=\"https:\/\/vapestornado.com\/wp-content\/uploads\/2025\/11\/HIFANCY-50k-50000-Puff-Disposable-Vape-Pod-300x300.webp 300w, https:\/\/vapestornado.com\/wp-content\/uploads\/2025\/11\/HIFANCY-50k-50000-Puff-Disposable-Vape-Pod-150x150.webp 150w, https:\/\/vapestornado.com\/wp-content\/uploads\/2025\/11\/HIFANCY-50k-50000-Puff-Disposable-Vape-Pod-768x768.webp 768w, https:\/\/vapestornado.com\/wp-content\/uploads\/2025\/11\/HIFANCY-50k-50000-Puff-Disposable-Vape-Pod-12x12.webp 12w, https:\/\/vapestornado.com\/wp-content\/uploads\/2025\/11\/HIFANCY-50k-50000-Puff-Disposable-Vape-Pod-600x600.webp 600w, https:\/\/vapestornado.com\/wp-content\/uploads\/2025\/11\/HIFANCY-50k-50000-Puff-Disposable-Vape-Pod-100x100.webp 100w, https:\/\/vapestornado.com\/wp-content\/uploads\/2025\/11\/HIFANCY-50k-50000-Puff-Disposable-Vape-Pod.webp 800w\" sizes=\"(max-width: 300px) 100vw, 300px\" \/><figcaption id=\"caption-attachment-4583\" class=\"wp-caption-text\">HIFANCY 50k 50000 Potiahnut\u00ed Jednorazov\u00e1 Vape Pod<\/figcaption><\/figure>\n<h2><strong>Zoznam pr\u00edchut\u00ed HIFANCY SPACE 50000 Puff Jednorazov\u00fdch Vape<\/strong><\/h2>\n<ol data-start=\"1965\" data-end=\"2239\">\n<li data-start=\"1965\" data-end=\"2017\">\n<p data-start=\"1968\" data-end=\"2017\">Lady Killa (\u010cu\u010doriedka + Mango + Cranberry Mint)<\/p>\n<\/li>\n<li data-start=\"2018\" data-end=\"2034\">\n<p data-start=\"2021\" data-end=\"2034\">Zmie\u0161an\u00e9 bobule<\/p>\n<\/li>\n<li data-start=\"2035\" data-end=\"2060\">\n<p data-start=\"2038\" data-end=\"2060\">Malina Mel\u00f3n<\/p>\n<\/li>\n<li data-start=\"2061\" data-end=\"2081\">\n<p data-start=\"2064\" data-end=\"2081\">Jahoda Kivi<\/p>\n<\/li>\n<li data-start=\"2082\" data-end=\"2094\">\n<p data-start=\"2085\" data-end=\"2094\">L\u00e1ska 66<\/p>\n<\/li>\n<li data-start=\"2095\" data-end=\"2121\">\n<p data-start=\"2098\" data-end=\"2121\">Brosky\u0148a Mango Anan\u00e1s<\/p>\n<\/li>\n<li data-start=\"2122\" data-end=\"2172\">\n<p data-start=\"2125\" data-end=\"2172\">Sex on the Beach (Pomaran\u010d + Marhu\u013ea + Bobu\u013eov\u00e9 Rum)<\/p>\n<\/li>\n<li data-start=\"2173\" data-end=\"2202\">\n<p data-start=\"2176\" data-end=\"2202\">Kiwi Marakuja Guava<\/p>\n<\/li>\n<li data-start=\"2203\" data-end=\"2219\">\n<p data-start=\"2206\" data-end=\"2219\">Hroznov\u00fd v\u00fdbuch<\/p>\n<\/li>\n<li data-start=\"2220\" data-end=\"2239\">\n<p data-start=\"2224\" data-end=\"2239\">\u010cu\u010doriedkov\u00fd \u013ead<\/p>\n<\/li>\n<\/ol>\n<h2>Pre\u010do si vybra\u0165 Vapestornado na n\u00e1kup jednorazov\u00fdch vapov online?<\/h2>\n<div class=\"flex-shrink-0 flex flex-col relative items-end\">\n<div class=\"pt-0\">\n<div class=\"gizmo-bot-avatar flex h-8 w-8 items-center justify-center overflow-hidden rounded-full\">\n<div class=\"relative p-1 rounded-sm flex items-center justify-center bg-token-main-surface-primary text-token-text-primary h-8 w-8\">\n<p data-start=\"648\" data-end=\"799\">V\u00fdber <strong data-start=\"189\" data-end=\"205\">Vapestornado<\/strong> ako v\u00e1\u0161 dod\u00e1vate\u013e pre <strong data-start=\"227\" data-end=\"261\">Elf Bar Moon Night 40000 Pufov<\/strong> znamen\u00e1 zabezpe\u010di\u0165 partnera, ktor\u00fd rozumie potreb\u00e1m ve\u013ekoobchodn\u00edkov a predajcov v Slovenskej republike. Zameriavame sa na r\u00fdchle dodanie, overen\u00fd sklad a stabiln\u00fd dlhodob\u00fd dod\u00e1vky\u2014k\u013e\u00fa\u010dov\u00e9 faktory pre podniky pred\u00e1vaj\u00face vysokov\u00fdkonn\u00e9 produkty ako je <strong data-start=\"489\" data-end=\"515\">Elf Bar Moon Night 40K<\/strong>. Ka\u017ed\u00e1 \u0161ar\u017ea je z\u00edskan\u00e1 priamo z certifikovan\u00fdch kan\u00e1lov, \u010do zaru\u010duje autentick\u00e9 produkty, siln\u00fa konzistenciu chuti a spo\u013eahliv\u00fa kvalitu, ktor\u00e1 sp\u013a\u0148a o\u010dak\u00e1vania slovensk\u00fdch kupuj\u00facich.<\/p>\n<p data-start=\"559\" data-end=\"933\" data-is-last-node=\"\" data-is-only-node=\"\">M\u00e1me tie\u017e niektor\u00e9 \u010fal\u0161ie popul\u00e1rne jednorazov\u00e9 vaporiz\u00e9ry s displejom ako <a href=\"https:\/\/vapestornado.com\/sk\/product\/uzy-150k-puffs-6-in-1-flavor-switch-disposable-vape-pen-wholesale\/\">UZY 150K Puff s v\u00fdmenou pr\u00edchut\u00ed vaporiz\u00e9r<\/a>, <a href=\"https:\/\/vapestornado.com\/sk\/product\/vozol-rave-40k-40000-puffs-disposable-vape-smart-screen-5-nicotine\/\">VOZOL RAVE 40K Jednorazov\u00fd vaporiz\u00e9r<\/a>, <a href=\"https:\/\/vapestornado.com\/sk\/product\/waspe-150k-150000-puff-6-in-1-disposable-vape-pen-cartridge-best-wholesale-price-in-poland\/\">WASPE 150K Puff 6 v 1<\/a>a \u010fal\u0161ie.<\/p>\n<p data-start=\"559\" data-end=\"933\" data-is-last-node=\"\" data-is-only-node=\"\">\n<\/div>\n<h2>\u010casto kladen\u00e9 ot\u00e1zky o HIFANCY SPACE 50000 Puff<\/h2>\n<div class=\"relative p-1 rounded-sm flex items-center justify-center bg-token-main-surface-primary text-token-text-primary h-8 w-8\">\n<p data-start=\"2756\" data-end=\"2893\"><strong data-start=\"2756\" data-end=\"2804\">1. M\u00f4\u017eete si vzia\u0165 jednorazov\u00e9 vaporiz\u00e9ry na lietadlo?<\/strong><br data-start=\"2804\" data-end=\"2807\" \/>\u00c1no, ale musia \u00eds\u0165 v pr\u00edru\u010dnej bato\u017eine, nie v odbavenej, a pravidl\u00e1 sa l\u00ed\u0161ia pod\u013ea leteckej spolo\u010dnosti.<\/p>\n<p data-start=\"2895\" data-end=\"3074\"><strong data-start=\"2895\" data-end=\"2931\">2. Ako funguj\u00fa jednorazov\u00e9 vaporiz\u00e9ry?<\/strong><br data-start=\"2931\" data-end=\"2934\" \/>Jednorazov\u00fd vaporiz\u00e9r pou\u017e\u00edva predplnen\u00fa n\u00e1dr\u017e, bat\u00e9riu a sie\u0165kov\u00fd syst\u00e9m na ohrev kvapaliny a tvorbu pary bez potreby \u00fadr\u017eby.<\/p>\n<p data-start=\"3076\" data-end=\"3224\"><strong data-start=\"3076\" data-end=\"3139\">3. Ako pou\u017e\u00edva\u0165 jednorazov\u00fd vaporiz\u00e9r ako HIFANCY SPACE 50k?<\/strong><br data-start=\"3139\" data-end=\"3142\" \/>Jednoducho odstr\u00e1\u0148te obal a vdychujte; inteligentn\u00fd \u010dip automaticky aktivuje zariadenie.<\/p>\n<p data-start=\"3226\" data-end=\"3398\"><strong data-start=\"3226\" data-end=\"3272\">4. Kde k\u00fapi\u0165 jednorazov\u00e9 vaporiz\u00e9ry na Slovensku?<\/strong><br data-start=\"3272\" data-end=\"3275\" \/>V\u00e4\u010d\u0161ina kupuj\u00facich nakupuje od licencovan\u00fdch obchodov s vaporiz\u00e9rmi alebo ve\u013ekoobchodn\u00fdch dod\u00e1vate\u013eov, ktor\u00ed pon\u00fakaj\u00fa <strong data-start=\"3346\" data-end=\"3376\">R\u00fdchle doru\u010denie z skladu E\u00da<\/strong> r\u00fdchlej\u0161iu dod\u00e1vku.<\/p>\n<p data-start=\"3400\" data-end=\"3578\"><strong data-start=\"3400\" data-end=\"3476\">5. S\u00fa vysokokapacitn\u00e9 jednorazov\u00e9 vaporiz\u00e9ry ako HIFANCY SPACE 50000 hodnotn\u00e9?<\/strong><br data-start=\"3476\" data-end=\"3479\" \/>Pre pou\u017e\u00edvate\u013eov, ktor\u00ed chc\u00fa dlh\u00fa \u017eivotnos\u0165 a stabiln\u00fd v\u00fdstup chuti, pon\u00faka zariadenie s kapacitou 50k vynikaj\u00facu hodnotu.<\/p>\n<\/div>\n<\/div>\n<\/div>\n<\/div>","protected":false},"excerpt":{"rendered":"<article class=\"text-token-text-primary w-full focus:outline-none [--shadow-height:45px] has-data-writing-block:pointer-events-none has-data-writing-block:-mt-(--shadow-height) has-data-writing-block:pt-(--shadow-height) [&amp;:has([data-writing-block])&gt;*]:pointer-events-auto [content-visibility:auto] supports-[content-visibility:auto]:[contain-intrinsic-size:auto_100lvh] scroll-mt-[calc(var(--header-height)+min(200px,max(70px,20svh)))]\" dir=\"auto\" tabindex=\"-1\" data-turn-id=\"86ca9d92-7a10-4e6b-bda0-15f9df36adca\" data-testid=\"conversation-turn-120\" data-scroll-anchor=\"true\" data-turn=\"assistant\">\n<div class=\"text-base my-auto mx-auto pb-10 [--thread-content-margin:--spacing(4)] thread-sm:[--thread-content-margin:--spacing(6)] thread-lg:[--thread-content-margin:--spacing(16)] px-(--thread-content-margin)\">\n<div class=\"[--thread-content-max-width:40rem] thread-lg:[--thread-content-max-width:48rem] mx-auto max-w-(--thread-content-max-width) flex-1 group\/turn-messages focus-visible:outline-hidden relative flex w-full min-w-0 flex-col agent-turn\" tabindex=\"-1\">\n<div class=\"flex max-w-full flex-col grow\">\n<div class=\"min-h-8 text-message relative flex w-full flex-col items-end gap-2 text-start break-words whitespace-normal [.text-message+&amp;]:mt-1\" dir=\"auto\" data-message-author-role=\"assistant\" data-message-id=\"43b070d6-bf28-4fbe-8049-1032a61ea3ac\" data-message-model-slug=\"gpt-5\">\n<div class=\"flex w-full flex-col gap-1 empty:hidden first:pt-[1px]\">\n<div class=\"markdown prose dark:prose-invert w-full break-words light markdown-new-styling\">\n<article class=\"text-token-text-primary w-full focus:outline-none [--shadow-height:45px] has-data-writing-block:pointer-events-none has-data-writing-block:-mt-(--shadow-height) has-data-writing-block:pt-(--shadow-height) [&amp;:has([data-writing-block])&gt;*]:pointer-events-auto [content-visibility:auto] supports-[content-visibility:auto]:[contain-intrinsic-size:auto_100lvh] scroll-mt-[calc(var(--header-height)+min(200px,max(70px,20svh)))]\" dir=\"auto\" tabindex=\"-1\" data-turn-id=\"4d6f00b8-d41a-438b-8912-05a895842882\" data-testid=\"conversation-turn-130\" data-scroll-anchor=\"true\" data-turn=\"assistant\">\n<div class=\"text-base my-auto mx-auto pb-10 [--thread-content-margin:--spacing(4)] thread-sm:[--thread-content-margin:--spacing(6)] thread-lg:[--thread-content-margin:--spacing(16)] px-(--thread-content-margin)\">\n<div class=\"[--thread-content-max-width:40rem] thread-lg:[--thread-content-max-width:48rem] mx-auto max-w-(--thread-content-max-width) flex-1 group\/turn-messages focus-visible:outline-hidden relative flex w-full min-w-0 flex-col agent-turn\" tabindex=\"-1\">\n<div class=\"flex max-w-full flex-col grow\">\n<div class=\"min-h-8 text-message relative flex w-full flex-col items-end gap-2 text-start break-words whitespace-normal [.text-message+&amp;]:mt-1\" dir=\"auto\" data-message-author-role=\"assistant\" data-message-id=\"f3c520bf-c043-4392-87ea-b3bf1b3ae6d3\" data-message-model-slug=\"gpt-5-1\">\n<div class=\"flex w-full flex-col gap-1 empty:hidden first:pt-[1px]\">\n<div class=\"markdown prose dark:prose-invert w-full break-words light markdown-new-styling\">\n<p data-start=\"280\" data-end=\"360\"><strong data-start=\"280\" data-end=\"358\">HIFANCY SPACE 50000 Screen Vape \u2013 50k Jednorazov\u00e1 sada s r\u00fdchlym doru\u010den\u00edm v E\u00da<\/strong><\/p>\n<p data-start=\"364\" data-end=\"456\"><strong data-start=\"364\" data-end=\"454\">HIFANCY SPACE 50k Jednorazov\u00e1 sada na vapovanie pre ve\u013ekoobchodn\u00fdch z\u00e1kazn\u00edkov \u2013 Siln\u00e1 chu\u0165, n\u00edzka cena<\/strong><\/p>\n<p data-start=\"460\" data-end=\"550\"><strong data-start=\"460\" data-end=\"550\">Ve\u013ekoobchodn\u00fd n\u00e1kup HIFANCY SPACE 50000 Pufov \u2013 R\u00fdchle doru\u010denie z skladu v E\u00da, lacn\u00fd ve\u013ekoobchod<\/strong><\/p>\n<\/div>\n<\/div>\n<\/div>\n<\/div>\n<\/div>\n<\/div>\n<\/article>\n<div class=\"pointer-events-none h-px w-px\" aria-hidden=\"true\" data-edge=\"true\"><\/div>\n<\/div>\n<\/div>\n<\/div>\n<\/div>\n<\/div>\n<\/div>\n<\/article>\n<p><img fetchpriority=\"high\" decoding=\"async\" class=\"size-full wp-image-2932\" src=\"https:\/\/vapestornado.com\/wp-content\/uploads\/2024\/12\/Vape-Wholesale.jpg\" alt=\"Ve\u013ekoobchod s vape\" width=\"229\" height=\"300\" \/><\/p>\n<h3><a href=\"https:\/\/wa.me\/8617776015835\"><span style=\"color: #ff0000;\"><strong>WhatsApp: +86 17776015835<\/strong><\/span><\/a><\/h3>\n<p>&nbsp;<\/p>","protected":false},"featured_media":4584,"comment_status":"open","ping_status":"closed","template":"","meta":{"_acf_changed":false,"_uag_custom_page_level_css":"","_lmt_disableupdate":"no","_lmt_disable":"","_monsterinsights_skip_tracking":false,"_monsterinsights_sitenote_active":false,"_monsterinsights_sitenote_note":"","_monsterinsights_sitenote_category":0,"site-sidebar-layout":"default","site-content-layout":"","ast-site-content-layout":"default","site-content-style":"default","site-sidebar-style":"default","ast-global-header-display":"","ast-banner-title-visibility":"","ast-main-header-display":"","ast-hfb-above-header-display":"","ast-hfb-below-header-display":"","ast-hfb-mobile-header-display":"","site-post-title":"","ast-breadcrumbs-content":"","ast-featured-img":"","footer-sml-layout":"","ast-disable-related-posts":"","theme-transparent-header-meta":"default","adv-header-id-meta":"","stick-header-meta":"","header-above-stick-meta":"","header-main-stick-meta":"","header-below-stick-meta":"","astra-migrate-meta-layouts":"set","ast-page-background-enabled":"default","ast-page-background-meta":{"desktop":{"background-color":"","background-image":"","background-repeat":"repeat","background-position":"center center","background-size":"auto","background-attachment":"scroll","background-type":"","background-media":"","overlay-type":"","overlay-color":"","overlay-opacity":"","overlay-gradient":""},"tablet":{"background-color":"","background-image":"","background-repeat":"repeat","background-position":"center center","background-size":"auto","background-attachment":"scroll","background-type":"","background-media":"","overlay-type":"","overlay-color":"","overlay-opacity":"","overlay-gradient":""},"mobile":{"background-color":"","background-image":"","background-repeat":"repeat","background-position":"center center","background-size":"auto","background-attachment":"scroll","background-type":"","background-media":"","overlay-type":"","overlay-color":"","overlay-opacity":"","overlay-gradient":""}},"ast-content-background-meta":{"desktop":{"background-color":"var(--ast-global-color-5)","background-image":"","background-repeat":"repeat","background-position":"center center","background-size":"auto","background-attachment":"scroll","background-type":"","background-media":"","overlay-type":"","overlay-color":"","overlay-opacity":"","overlay-gradient":""},"tablet":{"background-color":"var(--ast-global-color-5)","background-image":"","background-repeat":"repeat","background-position":"center center","background-size":"auto","background-attachment":"scroll","background-type":"","background-media":"","overlay-type":"","overlay-color":"","overlay-opacity":"","overlay-gradient":""},"mobile":{"background-color":"var(--ast-global-color-5)","background-image":"","background-repeat":"repeat","background-position":"center center","background-size":"auto","background-attachment":"scroll","background-type":"","background-media":"","overlay-type":"","overlay-color":"","overlay-opacity":"","overlay-gradient":""}},"_joinchat":{"telephone":"17776015835"}},"product_brand":[],"product_cat":[192,149,150,151,157,146],"product_tag":[105,446,447,448,436,268,445],"class_list":{"0":"post-4588","1":"product","2":"type-product","3":"status-publish","4":"has-post-thumbnail","6":"product_cat-50000-puff","7":"product_cat-buy-disposable-vapes-in-austria","8":"product_cat-buy-disposable-vapes-in-belgium","9":"product_cat-buy-disposable-vapes-in-france","10":"product_cat-buy-disposable-vapes-in-portugal","11":"product_cat-rechargeable-disposable-vapes","12":"product_tag-digital-disposable-vape","13":"product_tag-disposable-vape-kit","14":"product_tag-hifancy-space-50000","15":"product_tag-hifancy-space-50k","16":"product_tag-shop-vape-online","17":"product_tag-touch-screen-vape","18":"product_tag-vape-eu-warehouse-fast-shipping","19":"desktop-align-left","20":"tablet-align-left","21":"mobile-align-left","23":"first","24":"instock","25":"sale","26":"shipping-taxable","27":"purchasable","28":"product-type-simple"},"acf":[],"uagb_featured_image_src":{"full":["https:\/\/vapestornado.com\/wp-content\/uploads\/2025\/11\/HIFANCY-50000-50k-Puff-Disposable-Vape-Wholesale.webp",800,800,false],"thumbnail":["https:\/\/vapestornado.com\/wp-content\/uploads\/2025\/11\/HIFANCY-50000-50k-Puff-Disposable-Vape-Wholesale-150x150.webp",150,150,true],"medium":["https:\/\/vapestornado.com\/wp-content\/uploads\/2025\/11\/HIFANCY-50000-50k-Puff-Disposable-Vape-Wholesale-300x300.webp",300,300,true],"medium_large":["https:\/\/vapestornado.com\/wp-content\/uploads\/2025\/11\/HIFANCY-50000-50k-Puff-Disposable-Vape-Wholesale-768x768.webp",768,768,true],"large":["https:\/\/vapestornado.com\/wp-content\/uploads\/2025\/11\/HIFANCY-50000-50k-Puff-Disposable-Vape-Wholesale.webp",800,800,false],"1536x1536":["https:\/\/vapestornado.com\/wp-content\/uploads\/2025\/11\/HIFANCY-50000-50k-Puff-Disposable-Vape-Wholesale.webp",800,800,false],"2048x2048":["https:\/\/vapestornado.com\/wp-content\/uploads\/2025\/11\/HIFANCY-50000-50k-Puff-Disposable-Vape-Wholesale.webp",800,800,false],"trp-custom-language-flag":["https:\/\/vapestornado.com\/wp-content\/uploads\/2025\/11\/HIFANCY-50000-50k-Puff-Disposable-Vape-Wholesale-12x12.webp",12,12,true],"woocommerce_thumbnail":["https:\/\/vapestornado.com\/wp-content\/uploads\/2025\/11\/HIFANCY-50000-50k-Puff-Disposable-Vape-Wholesale-300x300.webp",300,300,true],"woocommerce_single":["https:\/\/vapestornado.com\/wp-content\/uploads\/2025\/11\/HIFANCY-50000-50k-Puff-Disposable-Vape-Wholesale-600x600.webp",600,600,true],"woocommerce_gallery_thumbnail":["https:\/\/vapestornado.com\/wp-content\/uploads\/2025\/11\/HIFANCY-50000-50k-Puff-Disposable-Vape-Wholesale-100x100.webp",100,100,true]},"uagb_author_info":{"display_name":"ESAMY","author_link":"https:\/\/vapestornado.com\/sk\/author\/"},"uagb_comment_info":0,"uagb_excerpt":"HIFANCY SPACE 50000 Screen Vape \u2013 50k Disposable Kit with EU Fast Shipping HIFANCY SPACE 50k Disposable Vape Kit for Wholesale Buyers \u2013 Strong Flavour, Low Price Bulk Buy HIFANCY SPACE 50000 Puffs \u2013 EU Warehouse Fast Delivery, Cheap Wholesale WhatsApp: +86 17776015835 &nbsp;","_links":{"self":[{"href":"https:\/\/vapestornado.com\/sk\/wp-json\/wp\/v2\/product\/4588","targetHints":{"allow":["GET"]}}],"collection":[{"href":"https:\/\/vapestornado.com\/sk\/wp-json\/wp\/v2\/product"}],"about":[{"href":"https:\/\/vapestornado.com\/sk\/wp-json\/wp\/v2\/types\/product"}],"replies":[{"embeddable":true,"href":"https:\/\/vapestornado.com\/sk\/wp-json\/wp\/v2\/comments?post=4588"}],"wp:featuredmedia":[{"embeddable":true,"href":"https:\/\/vapestornado.com\/sk\/wp-json\/wp\/v2\/media\/4584"}],"wp:attachment":[{"href":"https:\/\/vapestornado.com\/sk\/wp-json\/wp\/v2\/media?parent=4588"}],"wp:term":[{"taxonomy":"product_brand","embeddable":true,"href":"https:\/\/vapestornado.com\/sk\/wp-json\/wp\/v2\/product_brand?post=4588"},{"taxonomy":"product_cat","embeddable":true,"href":"https:\/\/vapestornado.com\/sk\/wp-json\/wp\/v2\/product_cat?post=4588"},{"taxonomy":"product_tag","embeddable":true,"href":"https:\/\/vapestornado.com\/sk\/wp-json\/wp\/v2\/product_tag?post=4588"}],"curies":[{"name":"wp","href":"https:\/\/api.w.org\/{rel}","templated":true}]}}