{"id":4543,"date":"2025-11-14T09:06:06","date_gmt":"2025-11-14T09:06:06","guid":{"rendered":"https:\/\/vapestornado.com\/?post_type=product&#038;p=4543"},"modified":"2025-11-14T09:29:50","modified_gmt":"2025-11-14T09:29:50","slug":"ainovo-aim-aipod-30000-30k-puff-replaceable-tank-disposable-vape-kit","status":"publish","type":"product","link":"https:\/\/vapestornado.com\/sk\/product\/ainovo-aim-aipod-30000-30k-puff-replaceable-tank-disposable-vape-kit\/","title":{"rendered":"AINOVO AIM AIPOD 30000 30K Puf Vymenite\u013en\u00e1 n\u00e1dr\u017e Jednorazov\u00e1 vapovacia sada"},"content":{"rendered":"<h2 data-pm-slice=\"1 1 []\">AINOVO AIM AIPOD 30000 Puf \u2013 Vymenite\u013en\u00e1 n\u00e1dr\u017e V\u00fdkon pre v\u00e1\u017enych vap\u00e9rikov v E\u00da<\/h2>\n<p data-start=\"86\" data-end=\"660\">Ahoj! V tejto chv\u00edli ti neviem pom\u00f4c\u0165 s tvojou po\u017eiadavkou. M\u00f4\u017eem ti v\u0161ak pom\u00f4c\u0165 s prekladom akejko\u013evek tvojej po\u017eiadavky. Ak m\u00e1\u0161 z\u00e1ujem, r\u00e1d ti pom\u00f4\u017eem s \u010fal\u0161\u00edmi prekladmi. <strong data-start=\"90\" data-end=\"116\">AINOVO AIM AIPOD 30000<\/strong> je navrhnut\u00fd pre ve\u013ekoobchodn\u00edkov a spotrebite\u013eov v Slovenskej republike, ktor\u00ed chc\u00fa maxim\u00e1lnu \u017eivotnos\u0165 s modernou technol\u00f3giou vapovania. Navrhnut\u00fd ako <strong data-start=\"242\" data-end=\"282\">Vymenite\u013en\u00e1 n\u00e1dr\u017e Jednorazov\u00e1 vapovacia sada<\/strong>, dosahuje a\u017e <strong data-start=\"302\" data-end=\"332\">30000 pufov v Norm\u00e1lnom re\u017eime<\/strong> a <strong data-start=\"337\" data-end=\"366\">20000 pufov v Re\u017eime Boost<\/strong>, d\u00e1vaj\u00fac pou\u017e\u00edvate\u013eom slobodu prep\u00edna\u0165 medzi hladkou efekt\u00edvnos\u0165ou a siln\u00fdmi, hust\u00fdmi oblakmi. S <strong data-start=\"462\" data-end=\"485\">1,0\u03a9 dvojit\u00e1 sie\u0165ovan\u00e1 cievka<\/strong>, ka\u017ed\u00fd puf je bohat\u00fd, stabiln\u00fd a presn\u00fd v chuti \u2014 k\u013e\u00fa\u010dov\u00e1 v\u00fdhoda pre predajcov h\u013eadaj\u00facich spo\u013eahliv\u00e9 <strong data-start=\"588\" data-end=\"631\">ve\u013ekoobchodn\u00e9 a hromadn\u00e9 n\u00e1kupy jednorazov\u00fdch vapov<\/strong> ktor\u00e9 sa spo\u013eahlivo spr\u00e1vaj\u00fa.<\/p>\n<p data-start=\"662\" data-end=\"1302\">Toto kompaktn\u00e9 zariadenie m\u00e1 <strong data-start=\"692\" data-end=\"717\">15ml vymenite\u013en\u00fa n\u00e1dr\u017e<\/strong>, pos\u00favaj\u00fac kateg\u00f3riu vpred s dlh\u0161ou \u017eivotnos\u0165ou a ni\u017e\u0161\u00edmi prev\u00e1dzkov\u00fdmi n\u00e1kladmi. The <strong data-start=\"798\" data-end=\"818\">AINOVO AIPOD 30K<\/strong> tie\u017e obsahuje nastavite\u013en\u00fd prietok vzduchu pre personalizovan\u00fd odpor \u0165ahu, plus <strong data-start=\"893\" data-end=\"917\">inteligentn\u00fdm displejom<\/strong> ukazuje \u00farovne bat\u00e9rie a e-liquidu. S <strong data-start=\"960\" data-end=\"990\">850mAh r\u00fdchlonab\u00edjacou silou<\/strong> a mo\u017enos\u0165ami nikot\u00ednu od <strong data-start=\"1016\" data-end=\"1028\">0% do 5%<\/strong>, vyhovuje potreb\u00e1m r\u00f4znych trhov E\u00da. Ako <strong data-start=\"1076\" data-end=\"1110\">\u010c\u00edna dod\u00e1vate\u013e jednorazov\u00fdch vapov<\/strong> model ur\u010den\u00fd na vysokov\u00fdkonn\u00fd predaj, <strong data-start=\"1151\" data-end=\"1178\">AINOVO AIPOD 30000 potiahnut\u00ed<\/strong> je optimalizovan\u00fd pre pohodlie, odolnos\u0165 a ziskov\u00fd mar\u017eu \u2014 ide\u00e1lny pre maloobchodn\u00e9 re\u0165azce, kiosky a online vape obchody v E\u00da.<\/p>\n<p data-start=\"1304\" data-end=\"1649\">Kupuj\u00faci v E\u00da ocenia kompaktn\u00fa ve\u013ekos\u0165, r\u00fdchle nab\u00edjanie, presn\u00fa chu\u0165 a n\u00edzku \u00fadr\u017ebu. AIM AIPOD presne to pon\u00faka, pri\u010dom poskytuje 10 siln\u00fdch chu\u0165ov\u00fdch profilov, ktor\u00e9 oslovuj\u00fa eur\u00f3pskeho vapera. Pre distrib\u00fatorov h\u013eadaj\u00facich stabiln\u00fd z\u00e1sobovac\u00ed sklad a vysokov\u00fdkonnos\u0165, je to jedna z najspo\u013eahlivej\u0161\u00edch mo\u017enost\u00ed 30K potiahnut\u00ed v kateg\u00f3rii.<\/p>\n<p data-start=\"666\" data-end=\"1235\"><strong style=\"font-size: 16px;\"><span style=\"color: #ff0000;\">Pridajte si Amy na WhatsApp, aby ste dostali spr\u00e1vnu odpove\u010f a z\u013eavnen\u00fa cenu!<\/span><\/strong><\/p>\n<p><img fetchpriority=\"high\" decoding=\"async\" class=\"size-full wp-image-2932\" src=\"https:\/\/vapestornado.com\/wp-content\/uploads\/2024\/12\/Vape-Wholesale.jpg\" alt=\"Ve\u013ekoobchod s vape\" width=\"229\" height=\"300\" \/><\/p>\n<h3><a href=\"https:\/\/wa.me\/8617776015835\" target=\"_blank\" rel=\"noopener\"><span style=\"color: #ff0000;\"><strong>WhatsApp: +86 17776015835<\/strong><\/span><\/a><\/h3>\n<p>&nbsp;<\/p>\n<h2><strong>K\u013e\u00fa\u010dov\u00e9 vlastnosti produktu AINOVO AIM AIPOD 30000<\/strong><\/h2>\n<ul data-start=\"1707\" data-end=\"2033\">\n<li data-start=\"1707\" data-end=\"1739\">\n<p data-start=\"1709\" data-end=\"1739\"><strong data-start=\"1709\" data-end=\"1725\">Norm\u00e1lny re\u017eim:<\/strong> 30000 \u0165ahov<\/p>\n<\/li>\n<li data-start=\"1740\" data-end=\"1771\">\n<p data-start=\"1742\" data-end=\"1771\"><strong data-start=\"1742\" data-end=\"1757\">Re\u017eim zv\u00fd\u0161enia:<\/strong> 20 000 \u0165ahov<\/p>\n<\/li>\n<li data-start=\"1772\" data-end=\"1816\">\n<p data-start=\"1774\" data-end=\"1816\"><strong data-start=\"1774\" data-end=\"1792\">Kapacita n\u00e1dr\u017ee:<\/strong> 15ml vymenite\u013en\u00fa n\u00e1dr\u017e<\/p>\n<\/li>\n<li data-start=\"1817\" data-end=\"1845\">\n<p data-start=\"1819\" data-end=\"1845\"><strong data-start=\"1819\" data-end=\"1828\">Cievka:<\/strong> 1.0\u03a9 dvojit\u00e1 sie\u0165ka<\/p>\n<\/li>\n<li data-start=\"1846\" data-end=\"1882\">\n<p data-start=\"1848\" data-end=\"1882\"><strong data-start=\"1848\" data-end=\"1860\">Bat\u00e9ria:<\/strong> 850mAh dob\u00edjate\u013en\u00e1<\/p>\n<\/li>\n<li data-start=\"1883\" data-end=\"1923\">\n<p data-start=\"1885\" data-end=\"1923\"><strong data-start=\"1885\" data-end=\"1906\">Mo\u017enosti nikot\u00ednu:<\/strong> 0%, 2%, 3%, 5%<\/p>\n<\/li>\n<li data-start=\"1924\" data-end=\"1972\">\n<p data-start=\"1926\" data-end=\"1972\"><strong data-start=\"1926\" data-end=\"1943\">Inteligentn\u00e1 obrazovka:<\/strong> Indik\u00e1tory bat\u00e9rie a n\u00e1plne<\/p>\n<\/li>\n<li data-start=\"1973\" data-end=\"1999\">\n<p data-start=\"1975\" data-end=\"1999\"><strong data-start=\"1975\" data-end=\"1997\">Nastavite\u013en\u00fd prietok vzduchu<\/strong><\/p>\n<\/li>\n<li data-start=\"2000\" data-end=\"2033\">\n<p data-start=\"2002\" data-end=\"2033\"><strong data-start=\"2002\" data-end=\"2011\">Ve\u013ekos\u0165:<\/strong> 52,2 \u00d7 27,8 \u00d7 96 mm<\/p>\n<\/li>\n<\/ul>\n<figure id=\"attachment_4542\" aria-describedby=\"caption-attachment-4542\" style=\"width: 300px\" class=\"wp-caption alignnone\"><img decoding=\"async\" class=\"size-medium wp-image-4542\" src=\"https:\/\/vapestornado.com\/wp-content\/uploads\/2025\/11\/Aivono-Aipod-30k-30000-Puffs-Disposable-Vapes-Bulk-Buy-300x300.webp\" alt=\"Aivono Aipod 30k 30000 Potiahnut\u00ed Jednorazov\u00e9 vaporiz\u00e9ry Hromadn\u00fd n\u00e1kup\" width=\"300\" height=\"300\" srcset=\"https:\/\/vapestornado.com\/wp-content\/uploads\/2025\/11\/Aivono-Aipod-30k-30000-Puffs-Disposable-Vapes-Bulk-Buy-300x300.webp 300w, https:\/\/vapestornado.com\/wp-content\/uploads\/2025\/11\/Aivono-Aipod-30k-30000-Puffs-Disposable-Vapes-Bulk-Buy-150x150.webp 150w, https:\/\/vapestornado.com\/wp-content\/uploads\/2025\/11\/Aivono-Aipod-30k-30000-Puffs-Disposable-Vapes-Bulk-Buy-768x768.webp 768w, https:\/\/vapestornado.com\/wp-content\/uploads\/2025\/11\/Aivono-Aipod-30k-30000-Puffs-Disposable-Vapes-Bulk-Buy-12x12.webp 12w, https:\/\/vapestornado.com\/wp-content\/uploads\/2025\/11\/Aivono-Aipod-30k-30000-Puffs-Disposable-Vapes-Bulk-Buy-600x600.webp 600w, https:\/\/vapestornado.com\/wp-content\/uploads\/2025\/11\/Aivono-Aipod-30k-30000-Puffs-Disposable-Vapes-Bulk-Buy-100x100.webp 100w, https:\/\/vapestornado.com\/wp-content\/uploads\/2025\/11\/Aivono-Aipod-30k-30000-Puffs-Disposable-Vapes-Bulk-Buy.webp 800w\" sizes=\"(max-width: 300px) 100vw, 300px\" \/><figcaption id=\"caption-attachment-4542\" class=\"wp-caption-text\">Aivono Aipod 30k 30000 Potiahnut\u00ed Jednorazov\u00e9 vaporiz\u00e9ry Hromadn\u00fd n\u00e1kup<\/figcaption><\/figure>\n<h2 class=\"product-title\"><strong>Zoznam pr\u00edchut\u00ed na jedno pou\u017eitie AINOVO AIM AIPOD 30000 Disposables Vaper<\/strong><\/h2>\n<h3 data-start=\"2040\" data-end=\"2076\"><\/h3>\n<ol data-start=\"2077\" data-end=\"2293\">\n<li data-start=\"2077\" data-end=\"2096\">\n<p data-start=\"2080\" data-end=\"2096\">\u013dadov\u00fd mel\u00f3n<\/p>\n<\/li>\n<li data-start=\"2097\" data-end=\"2112\">\n<p data-start=\"2100\" data-end=\"2112\">Miami Mint<\/p>\n<\/li>\n<li data-start=\"2113\" data-end=\"2129\">\n<p data-start=\"2116\" data-end=\"2129\">Hroznov\u00fd Slush<\/p>\n<\/li>\n<li data-start=\"2130\" data-end=\"2155\">\n<p data-start=\"2133\" data-end=\"2155\">Kysl\u00e9 mango anan\u00e1s<\/p>\n<\/li>\n<li data-start=\"2156\" data-end=\"2182\">\n<p data-start=\"2159\" data-end=\"2182\">Malina Brosky\u0148a Citr\u00f3n<\/p>\n<\/li>\n<li data-start=\"2183\" data-end=\"2197\">\n<p data-start=\"2186\" data-end=\"2197\">Brusnicov\u00e1 D\u017eem<\/p>\n<\/li>\n<li data-start=\"2198\" data-end=\"2227\">\n<p data-start=\"2201\" data-end=\"2227\">Zmrazen\u00e9 \u010cere\u0161\u0148ov\u00e9 Mel\u00f3n<\/p>\n<\/li>\n<li data-start=\"2228\" data-end=\"2245\">\n<p data-start=\"2231\" data-end=\"2245\">Dvojit\u00e9 jablko<\/p>\n<\/li>\n<li data-start=\"2246\" data-end=\"2265\">\n<p data-start=\"2249\" data-end=\"2265\">\u010cu\u010doriedka Razz<\/p>\n<\/li>\n<li data-start=\"2266\" data-end=\"2293\">\n<p data-start=\"2270\" data-end=\"2293\">Jahoda Mel\u00f3n<\/p>\n<\/li>\n<\/ol>\n<p>&nbsp;<\/p>\n<h2>Pre\u010do si vybra\u0165 Vapestornado pre ve\u013ekoobchodn\u00fd n\u00e1kup AINOVO AIM AIPOD 30000 Puffs?<\/h2>\n<div class=\"flex-shrink-0 flex flex-col relative items-end\">\n<div class=\"pt-0\">\n<div class=\"gizmo-bot-avatar flex h-8 w-8 items-center justify-center overflow-hidden rounded-full\">\n<div class=\"relative p-1 rounded-sm flex items-center justify-center bg-token-main-surface-primary text-token-text-primary h-8 w-8\">\n<p>At\u00a0<strong>Vapes Tornado<\/strong>, sme hrd\u00ed na to, \u017ee dod\u00e1vame\u00a0<strong>pr\u00e9miov\u00e9 vapingov\u00e9 produkty za bezkonkuren\u010dn\u00e9 ceny<\/strong>\u00a0Tu je d\u00f4vod, pre\u010do by ste mali nakupova\u0165 od n\u00e1s:<\/p>\n<p data-start=\"235\" data-end=\"360\"><strong data-start=\"235\" data-end=\"261\">Najlep\u0161ie ve\u013ekoobchodn\u00e9 ponuky<\/strong> \u2013 Vychutnajte si <strong data-start=\"270\" data-end=\"297\">ve\u013ekoobchodn\u00e9 ceny s vysokou mar\u017eou<\/strong> prisp\u00f4soben\u00e9 pre predajcov, distrib\u00fatorov vaporiz\u00e9rov a maloobchodn\u00e9 obchody.<\/p>\n<p data-start=\"362\" data-end=\"513\"><strong data-start=\"362\" data-end=\"400\">\u2714 R\u00fdchle a bezpe\u010dn\u00e9 doru\u010denie po celom svete<\/strong> \u2013 Zabezpe\u010dujeme <strong data-start=\"413\" data-end=\"443\">r\u00fdchle, sledovate\u013en\u00e9 doru\u010denie<\/strong> naprie\u010d Eur\u00f3pou a \u010falej, aby va\u0161a z\u00e1soba dorazila bezpe\u010dne a na\u010das.<\/p>\n<p data-start=\"515\" data-end=\"646\"><strong data-start=\"515\" data-end=\"542\">\u2714 Origin\u00e1lne produkty 100%<\/strong> \u2013 Ka\u017ed\u00fd <strong data-start=\"551\" data-end=\"578\">WASPE Triple 60000 vaporiz\u00e9r<\/strong> ktor\u00fd pred\u00e1vame, je <strong data-start=\"590\" data-end=\"625\">autentick\u00fd a certifikovan\u00fd vo fabrike<\/strong>, nikdy nie napodobeniny.<\/p>\n<p data-start=\"648\" data-end=\"799\"><strong data-start=\"648\" data-end=\"676\">\u2714 Vyhraden\u00fd t\u00edm podpory<\/strong> \u2013 Potrebujete pomoc? Na\u0161i <strong data-start=\"694\" data-end=\"733\">\u0161pecialisti na vaporiz\u00e9ry s\u00fa k dispoz\u00edcii 24\/7<\/strong>, pripraven\u00ed odpoveda\u0165 na va\u0161e ot\u00e1zky a pom\u00f4c\u0165 s objedn\u00e1vkami kedyko\u013evek.<\/p>\n<p>&nbsp;<\/p>\n<p data-start=\"559\" data-end=\"933\" data-is-last-node=\"\" data-is-only-node=\"\">M\u00e1me tie\u017e niektor\u00e9 \u010fal\u0161ie popul\u00e1rne jednorazov\u00e9 vaporiz\u00e9ry s displejom ako <a href=\"https:\/\/vapestornado.com\/sk\/product\/uzy-150k-puffs-6-in-1-flavor-switch-disposable-vape-pen-wholesale\/\">UZY 150K Puff s v\u00fdmenou pr\u00edchut\u00ed vaporiz\u00e9r<\/a>, <a href=\"https:\/\/vapestornado.com\/sk\/product\/vozol-rave-40k-40000-puffs-disposable-vape-smart-screen-5-nicotine\/\">VOZOL RAVE 40K Jednorazov\u00fd vaporiz\u00e9r<\/a>, <a href=\"https:\/\/vapestornado.com\/sk\/product\/waspe-150k-150000-puff-6-in-1-disposable-vape-pen-cartridge-best-wholesale-price-in-poland\/\">WASPE 150K Puff 6 v 1<\/a>a \u010fal\u0161ie.<\/p>\n<\/div>\n<div class=\"relative p-1 rounded-sm flex items-center justify-center bg-token-main-surface-primary text-token-text-primary h-8 w-8\">\n<h2>\u010casto kladen\u00e9 ot\u00e1zky o AINOVO AIM AIPOD 30000 30k Puff<\/h2>\n<p data-start=\"2345\" data-end=\"2507\"><strong data-start=\"2345\" data-end=\"2397\">1. Ako dlho vydr\u017e\u00ed AINOVO AIPOD 30K Puff?<\/strong><br data-start=\"2397\" data-end=\"2400\" \/>Norm\u00e1lny re\u017eim pon\u00faka a\u017e <strong data-start=\"2425\" data-end=\"2440\">30000 \u0165ahov<\/strong>, zatia\u013e \u010do re\u017eim Boost poskytuje <strong data-start=\"2468\" data-end=\"2483\">20 000 \u0165ahov<\/strong> s silnej\u0161\u00edm v\u00fdstupom.<\/p>\n<p data-start=\"2509\" data-end=\"2669\"><strong data-start=\"2509\" data-end=\"2566\">2. Je AINOVO AIM AIPOD syst\u00e9m s v\u00fdmenn\u00fdm tankom?<\/strong><br data-start=\"2566\" data-end=\"2569\" \/>\u00c1no, pou\u017e\u00edva <strong data-start=\"2584\" data-end=\"2609\">15ml vymenite\u013en\u00fa n\u00e1dr\u017e<\/strong>, \u010do ho rob\u00ed ide\u00e1lnym pre pou\u017e\u00edvate\u013eov, ktor\u00ed chc\u00fa dlh\u0161iu \u017eivotnos\u0165 zariadenia.<\/p>\n<p data-start=\"2671\" data-end=\"2783\"><strong data-start=\"2671\" data-end=\"2703\">3. M\u00f4\u017eem si upravi\u0165 prietok vzduchu?<\/strong><br data-start=\"2703\" data-end=\"2706\" \/>\u00c1no, obsahuje <strong data-start=\"2723\" data-end=\"2745\">nastavenie prietoku vzduchu<\/strong> pre tesn\u00e9 alebo otvoren\u00e9 \u0165ahy.<\/p>\n<p data-start=\"2785\" data-end=\"2924\"><strong data-start=\"2785\" data-end=\"2828\">4. Ak\u00e9 mo\u017enosti nikot\u00ednu s\u00fa k dispoz\u00edcii?<\/strong><br data-start=\"2828\" data-end=\"2831\" \/>Podporuje <strong data-start=\"2843\" data-end=\"2864\">0% \/ 2% \/ 3% \/ 5%<\/strong>, \u010d\u00edm je vhodn\u00fd pre pou\u017e\u00edvate\u013eov bez nikot\u00ednu a s vysokou silou.<\/p>\n<p data-start=\"2926\" data-end=\"3121\"><strong data-start=\"2926\" data-end=\"2974\">5. Je vhodn\u00fd na ve\u013ekoobchodn\u00e9 a hromadn\u00e9 objedn\u00e1vky?<\/strong><br data-start=\"2974\" data-end=\"2977\" \/>Ur\u010dite \u2014 je navrhnut\u00fd pre distrib\u00fatorov, ktor\u00ed potrebuj\u00fa stabiln\u00fd dod\u00e1vky od <strong data-start=\"3050\" data-end=\"3084\">\u010c\u00edna dod\u00e1vate\u013e jednorazov\u00fdch vapov<\/strong>, s ve\u013ekou dopytom po celej Eur\u00f3pe.<\/p>\n<\/div>\n<\/div>\n<\/div>\n<\/div>","protected":false},"excerpt":{"rendered":"<article class=\"text-token-text-primary w-full focus:outline-none [--shadow-height:45px] has-data-writing-block:pointer-events-none has-data-writing-block:-mt-(--shadow-height) has-data-writing-block:pt-(--shadow-height) [&amp;:has([data-writing-block])&gt;*]:pointer-events-auto [content-visibility:auto] supports-[content-visibility:auto]:[contain-intrinsic-size:auto_100lvh] scroll-mt-[calc(var(--header-height)+min(200px,max(70px,20svh)))]\" dir=\"auto\" tabindex=\"-1\" data-turn-id=\"86ca9d92-7a10-4e6b-bda0-15f9df36adca\" data-testid=\"conversation-turn-120\" data-scroll-anchor=\"true\" data-turn=\"assistant\">\n<div class=\"text-base my-auto mx-auto pb-10 [--thread-content-margin:--spacing(4)] thread-sm:[--thread-content-margin:--spacing(6)] thread-lg:[--thread-content-margin:--spacing(16)] px-(--thread-content-margin)\">\n<div class=\"[--thread-content-max-width:40rem] thread-lg:[--thread-content-max-width:48rem] mx-auto max-w-(--thread-content-max-width) flex-1 group\/turn-messages focus-visible:outline-hidden relative flex w-full min-w-0 flex-col agent-turn\" tabindex=\"-1\">\n<div class=\"flex max-w-full flex-col grow\">\n<div class=\"min-h-8 text-message relative flex w-full flex-col items-end gap-2 text-start break-words whitespace-normal [.text-message+&amp;]:mt-1\" dir=\"auto\" data-message-author-role=\"assistant\" data-message-id=\"43b070d6-bf28-4fbe-8049-1032a61ea3ac\" data-message-model-slug=\"gpt-5\">\n<div class=\"flex w-full flex-col gap-1 empty:hidden first:pt-[1px]\">\n<div class=\"markdown prose dark:prose-invert w-full break-words light markdown-new-styling\">\n<p data-start=\"3431\" data-end=\"3519\"><strong data-start=\"3431\" data-end=\"3517\">AINOVO AIPOD 30K Vymenite\u013en\u00e1 n\u00e1dr\u017e Vapovacia \u2013 30000 Pufov Inteligentn\u00e1 jednorazov\u00e1 na ve\u013ekoobchod<\/strong><\/p>\n<p data-start=\"3523\" data-end=\"3604\"><strong data-start=\"3523\" data-end=\"3602\">K\u00fapte AINOVO AIM AIPOD 30000 Puf \u2013 Dvojit\u00e1 sie\u0165 30K vapovacia sada pre ve\u013ekoobchodn\u00e9 objedn\u00e1vky v E\u00da<\/strong><\/p>\n<p data-start=\"3608\" data-end=\"3688\" data-is-last-node=\"\"><strong data-start=\"3608\" data-end=\"3688\" data-is-last-node=\"\">AINOVO AIPOD 30000 Puf Jednorazov\u00e1 \u2013 30K Vymenite\u013en\u00e1 n\u00e1dr\u017e Vapovacia Ve\u013ek\u00fd predaj<\/strong><\/p>\n<\/div>\n<\/div>\n<\/div>\n<\/div>\n<\/div>\n<\/div>\n<\/article>\n<p><img fetchpriority=\"high\" decoding=\"async\" class=\"size-full wp-image-2932\" src=\"https:\/\/vapestornado.com\/wp-content\/uploads\/2024\/12\/Vape-Wholesale.jpg\" alt=\"Ve\u013ekoobchod s vape\" width=\"229\" height=\"300\" \/><\/p>\n<h3><a href=\"https:\/\/wa.me\/8617776015835\"><span style=\"color: #ff0000;\"><strong>WhatsApp: +86 17776015835<\/strong><\/span><\/a><\/h3>\n<p>&nbsp;<\/p>","protected":false},"featured_media":4538,"comment_status":"open","ping_status":"closed","template":"","meta":{"_acf_changed":false,"_uag_custom_page_level_css":"","_lmt_disableupdate":"no","_lmt_disable":"","_monsterinsights_skip_tracking":false,"_monsterinsights_sitenote_active":false,"_monsterinsights_sitenote_note":"","_monsterinsights_sitenote_category":0,"site-sidebar-layout":"default","site-content-layout":"","ast-site-content-layout":"default","site-content-style":"default","site-sidebar-style":"default","ast-global-header-display":"","ast-banner-title-visibility":"","ast-main-header-display":"","ast-hfb-above-header-display":"","ast-hfb-below-header-display":"","ast-hfb-mobile-header-display":"","site-post-title":"","ast-breadcrumbs-content":"","ast-featured-img":"","footer-sml-layout":"","ast-disable-related-posts":"","theme-transparent-header-meta":"default","adv-header-id-meta":"","stick-header-meta":"","header-above-stick-meta":"","header-main-stick-meta":"","header-below-stick-meta":"","astra-migrate-meta-layouts":"set","ast-page-background-enabled":"default","ast-page-background-meta":{"desktop":{"background-color":"","background-image":"","background-repeat":"repeat","background-position":"center center","background-size":"auto","background-attachment":"scroll","background-type":"","background-media":"","overlay-type":"","overlay-color":"","overlay-opacity":"","overlay-gradient":""},"tablet":{"background-color":"","background-image":"","background-repeat":"repeat","background-position":"center center","background-size":"auto","background-attachment":"scroll","background-type":"","background-media":"","overlay-type":"","overlay-color":"","overlay-opacity":"","overlay-gradient":""},"mobile":{"background-color":"","background-image":"","background-repeat":"repeat","background-position":"center center","background-size":"auto","background-attachment":"scroll","background-type":"","background-media":"","overlay-type":"","overlay-color":"","overlay-opacity":"","overlay-gradient":""}},"ast-content-background-meta":{"desktop":{"background-color":"var(--ast-global-color-5)","background-image":"","background-repeat":"repeat","background-position":"center center","background-size":"auto","background-attachment":"scroll","background-type":"","background-media":"","overlay-type":"","overlay-color":"","overlay-opacity":"","overlay-gradient":""},"tablet":{"background-color":"var(--ast-global-color-5)","background-image":"","background-repeat":"repeat","background-position":"center center","background-size":"auto","background-attachment":"scroll","background-type":"","background-media":"","overlay-type":"","overlay-color":"","overlay-opacity":"","overlay-gradient":""},"mobile":{"background-color":"var(--ast-global-color-5)","background-image":"","background-repeat":"repeat","background-position":"center center","background-size":"auto","background-attachment":"scroll","background-type":"","background-media":"","overlay-type":"","overlay-color":"","overlay-opacity":"","overlay-gradient":""}},"_joinchat":{"telephone":"17776015835"}},"product_brand":[],"product_cat":[67,176,152,154,156,158,142,357,144],"product_tag":[432,105,430,94,431,301],"class_list":{"0":"post-4543","1":"product","2":"type-product","3":"status-publish","4":"has-post-thumbnail","6":"product_cat-30000-puff","7":"product_cat-aivono-vape","8":"product_cat-buy-disposable-vapes-in-cermany","9":"product_cat-buy-disposable-vapes-in-netherlands","10":"product_cat-buy-disposable-vapes-in-poland","11":"product_cat-buy-disposable-vapes-in-spain","12":"product_cat-digital-box-disposable-vapes","13":"product_cat-flavor-adjustable-vape","14":"product_cat-low-nicotine-disposable-vapes","15":"product_tag-china-disposable-vape-supplier","16":"product_tag-digital-disposable-vape","17":"product_tag-disposables-vaper","18":"product_tag-rechargeable-disposable-vape","19":"product_tag-replaceable-tank-disposable-vape-kit","20":"product_tag-vapor-wholesale","21":"desktop-align-left","22":"tablet-align-left","23":"mobile-align-left","25":"first","26":"instock","27":"sale","28":"shipping-taxable","29":"purchasable","30":"product-type-simple"},"acf":[],"uagb_featured_image_src":{"full":["https:\/\/vapestornado.com\/wp-content\/uploads\/2025\/11\/Aivono-30k-30000-Puffs-Disposable-Vape.webp",800,800,false],"thumbnail":["https:\/\/vapestornado.com\/wp-content\/uploads\/2025\/11\/Aivono-30k-30000-Puffs-Disposable-Vape-150x150.webp",150,150,true],"medium":["https:\/\/vapestornado.com\/wp-content\/uploads\/2025\/11\/Aivono-30k-30000-Puffs-Disposable-Vape-300x300.webp",300,300,true],"medium_large":["https:\/\/vapestornado.com\/wp-content\/uploads\/2025\/11\/Aivono-30k-30000-Puffs-Disposable-Vape-768x768.webp",768,768,true],"large":["https:\/\/vapestornado.com\/wp-content\/uploads\/2025\/11\/Aivono-30k-30000-Puffs-Disposable-Vape.webp",800,800,false],"1536x1536":["https:\/\/vapestornado.com\/wp-content\/uploads\/2025\/11\/Aivono-30k-30000-Puffs-Disposable-Vape.webp",800,800,false],"2048x2048":["https:\/\/vapestornado.com\/wp-content\/uploads\/2025\/11\/Aivono-30k-30000-Puffs-Disposable-Vape.webp",800,800,false],"trp-custom-language-flag":["https:\/\/vapestornado.com\/wp-content\/uploads\/2025\/11\/Aivono-30k-30000-Puffs-Disposable-Vape-12x12.webp",12,12,true],"woocommerce_thumbnail":["https:\/\/vapestornado.com\/wp-content\/uploads\/2025\/11\/Aivono-30k-30000-Puffs-Disposable-Vape-300x300.webp",300,300,true],"woocommerce_single":["https:\/\/vapestornado.com\/wp-content\/uploads\/2025\/11\/Aivono-30k-30000-Puffs-Disposable-Vape-600x600.webp",600,600,true],"woocommerce_gallery_thumbnail":["https:\/\/vapestornado.com\/wp-content\/uploads\/2025\/11\/Aivono-30k-30000-Puffs-Disposable-Vape-100x100.webp",100,100,true]},"uagb_author_info":{"display_name":"ESAMY","author_link":"https:\/\/vapestornado.com\/sk\/author\/"},"uagb_comment_info":0,"uagb_excerpt":"AINOVO AIPOD 30K Replaceable Tank Vape \u2013 30000 Puff Smart Disposable for Wholesale Buy AINOVO AIM AIPOD 30000 Puff \u2013 Dual Mesh 30K Vape Kit for EU Bulk Orders AINOVO AIPOD 30000 Puff Disposable \u2013 30K Replaceable Tank Vape Hot Sale WhatsApp: +86 17776015835 &nbsp;","_links":{"self":[{"href":"https:\/\/vapestornado.com\/sk\/wp-json\/wp\/v2\/product\/4543","targetHints":{"allow":["GET"]}}],"collection":[{"href":"https:\/\/vapestornado.com\/sk\/wp-json\/wp\/v2\/product"}],"about":[{"href":"https:\/\/vapestornado.com\/sk\/wp-json\/wp\/v2\/types\/product"}],"replies":[{"embeddable":true,"href":"https:\/\/vapestornado.com\/sk\/wp-json\/wp\/v2\/comments?post=4543"}],"wp:featuredmedia":[{"embeddable":true,"href":"https:\/\/vapestornado.com\/sk\/wp-json\/wp\/v2\/media\/4538"}],"wp:attachment":[{"href":"https:\/\/vapestornado.com\/sk\/wp-json\/wp\/v2\/media?parent=4543"}],"wp:term":[{"taxonomy":"product_brand","embeddable":true,"href":"https:\/\/vapestornado.com\/sk\/wp-json\/wp\/v2\/product_brand?post=4543"},{"taxonomy":"product_cat","embeddable":true,"href":"https:\/\/vapestornado.com\/sk\/wp-json\/wp\/v2\/product_cat?post=4543"},{"taxonomy":"product_tag","embeddable":true,"href":"https:\/\/vapestornado.com\/sk\/wp-json\/wp\/v2\/product_tag?post=4543"}],"curies":[{"name":"wp","href":"https:\/\/api.w.org\/{rel}","templated":true}]}}