{"id":4537,"date":"2025-11-13T08:50:19","date_gmt":"2025-11-13T08:50:19","guid":{"rendered":"https:\/\/vapestornado.com\/?post_type=product&#038;p=4537"},"modified":"2025-11-13T09:14:06","modified_gmt":"2025-11-13T09:14:06","slug":"uzy-bang-digital-15k-puff-monkey-vape-pen-eu-warehouse-fast-shipping","status":"publish","type":"product","link":"https:\/\/vapestornado.com\/sk\/product\/uzy-bang-digital-15k-puff-monkey-vape-pen-eu-warehouse-fast-shipping\/","title":{"rendered":"UZY Bang Digital 15K Puff 15000 Monkey Vape Pero Sklad E\u00da R\u00fdchle Doru\u010denie"},"content":{"rendered":"<h2 data-pm-slice=\"1 1 []\">UZY Bang Digital 15K Puff \u2013 Kompaktn\u00e1 sila, pr\u00e9miov\u00e1 chu\u0165, r\u00fdchle doru\u010denie do E\u00da<\/h2>\n<p data-start=\"90\" data-end=\"703\">Ahoj! V tejto chv\u00edli ti neviem pom\u00f4c\u0165 s tvojou po\u017eiadavkou. M\u00f4\u017eem ti v\u0161ak pom\u00f4c\u0165 s prekladom akejko\u013evek tvojej po\u017eiadavky. Ak m\u00e1\u0161 z\u00e1ujem, r\u00e1d ti pom\u00f4\u017eem s \u010fal\u0161\u00edmi prekladmi. <strong data-start=\"94\" data-end=\"118\">UZY Bang Digital 15K<\/strong> znova definuje, \u010do m\u00f4\u017ee pon\u00faknu\u0165 kompaktn\u00e1 <strong data-start=\"144\" data-end=\"171\">digit\u00e1lna jednorazov\u00e1 vaporiz\u00e9rka<\/strong> s kapacitou <strong data-start=\"190\" data-end=\"222\">15000 puffov<\/strong> a <strong data-start=\"227\" data-end=\"254\">25 ml predplnen\u00e9ho e-liquidu<\/strong>, tento model kombinuje dlh\u00fa v\u00fddr\u017e s hladk\u00fdm a konzistentn\u00fdm tvorbou pary. Navrhnut\u00fd pre vap\u00e9rnikov, ktor\u00ed po\u017eaduj\u00fa odolnos\u0165 aj chu\u0165, <strong data-start=\"406\" data-end=\"423\">UZY 15K Puffs<\/strong> obsahuje <strong data-start=\"435\" data-end=\"453\">1.0\u03a9 mesh \u0161pir\u00e1lka<\/strong> pre hust\u00e9 oblaky a \u010dist\u00fa chu\u0165 pri ka\u017edom \u0165ahu. Jeho <strong data-start=\"506\" data-end=\"544\">850mAh Type-C nab\u00edjate\u013en\u00e1 bat\u00e9ria<\/strong> zabezpe\u010duje celodenn\u00fa v\u00fddr\u017e s r\u00fdchlym, efekt\u00edvnym nab\u00edjan\u00edm \u2014 \u010do ho rob\u00ed ide\u00e1lnym pre be\u017en\u00fdch pou\u017e\u00edvate\u013eov aj ve\u013ekoobchodn\u00fdch odberate\u013eov h\u013eadaj\u00facich spo\u013eahlivos\u0165 pri hromadn\u00fdch objedn\u00e1vkach.<\/p>\n<p data-start=\"705\" data-end=\"1168\">Toto <strong data-start=\"710\" data-end=\"735\">smart jednor\u00e1zov\u00fd vaporiz\u00e9r<\/strong> vynik\u00e1 s <strong data-start=\"754\" data-end=\"777\">digit\u00e1lnym LED displejom<\/strong> ktor\u00fd sleduje \u017eivotnos\u0165 bat\u00e9rie a \u00farove\u0148 e-liquidu v re\u00e1lnom \u010dase \u2014 funkcia, ktor\u00e1 je zriedka dostupn\u00e1 v kompaktn\u00fdch vaporiz\u00e9roch. Funkcie <strong data-start=\"883\" data-end=\"930\">nastavite\u013en\u00e9 mo\u017enosti nikot\u00ednu (0%, 2%, 3%, 5%)<\/strong> ho robia ide\u00e1lnym pre v\u0161etky preferencie, od pou\u017e\u00edvate\u013eov bez nikot\u00ednu po t\u00fdch, ktor\u00ed si u\u017e\u00edvaj\u00fa silnej\u0161\u00ed z\u00e1\u017eitok v hrdle. Kompaktn\u00fd, no v\u00fdkonn\u00fd, tento <strong data-start=\"1057\" data-end=\"1080\">UZY Digital 15K Puff<\/strong> sa \u013eahko zmest\u00ed do vrecka a z\u00e1rove\u0148 poskytuje v\u00fdkon porovnate\u013en\u00fd s v\u00e4\u010d\u0161\u00edmi zariadeniami.<\/p>\n<p data-start=\"1170\" data-end=\"1516\">S dostupn\u00fdmi skladmi v na\u0161om <strong data-start=\"1198\" data-end=\"1214\">E\u00da sklade<\/strong> a <strong data-start=\"1219\" data-end=\"1296\">r\u00fdchle doru\u010denie do kraj\u00edn ako Franc\u00fazsko, Nemecko, \u0160panielsko, Taliansko a Po\u013esko<\/strong>, <strong data-start=\"1302\" data-end=\"1331\">UZY Bang Digital 15K Puff<\/strong> je va\u0161a najlep\u0161ia vo\u013eba pre ve\u013ekoobchodn\u00fd a maloobchodn\u00fd predaj s vysokou mar\u017eou. Je to ekologicky \u0161etrn\u00e1, dob\u00edjate\u013en\u00e1 jednorazov\u00e1 cigareta \u2014 zni\u017euje odpad a z\u00e1rove\u0148 poskytuje bezkonkuren\u010dn\u00fa pohodlnos\u0165 a kvalitu chuti.<\/p>\n<p data-start=\"666\" data-end=\"1235\"><strong style=\"font-size: 16px;\"><span style=\"color: #ff0000;\">Pridajte si Amy na WhatsApp, aby ste dostali spr\u00e1vnu odpove\u010f a z\u013eavnen\u00fa cenu!<\/span><\/strong><\/p>\n<p><img fetchpriority=\"high\" decoding=\"async\" class=\"size-full wp-image-2932\" src=\"https:\/\/vapestornado.com\/wp-content\/uploads\/2024\/12\/Vape-Wholesale.jpg\" alt=\"Ve\u013ekoobchod s vape\" width=\"229\" height=\"300\" \/><\/p>\n<h3><a href=\"https:\/\/wa.me\/8617776015835\" target=\"_blank\" rel=\"noopener\"><span style=\"color: #ff0000;\"><strong>WhatsApp: +86 17776015835<\/strong><\/span><\/a><\/h3>\n<p>&nbsp;<\/p>\n<h2><strong>Hlavn\u00e9 funkcie produktu UZY Bang Digital 15K Bar<\/strong><\/h2>\n<ul>\n<li data-start=\"1573\" data-end=\"1606\">\n<p data-start=\"1575\" data-end=\"1606\"><strong data-start=\"1575\" data-end=\"1585\">Potiahnut\u00ed:<\/strong> A\u017e 15 000 potiahnut\u00ed<\/p>\n<\/li>\n<li data-start=\"1607\" data-end=\"1655\">\n<p data-start=\"1609\" data-end=\"1655\"><strong data-start=\"1609\" data-end=\"1631\">Kapacita e-liquidu:<\/strong> 25 ml pr\u00e9miov\u00e9ho soli nikot\u00ednu<\/p>\n<\/li>\n<li data-start=\"1656\" data-end=\"1699\">\n<p data-start=\"1658\" data-end=\"1699\"><strong data-start=\"1658\" data-end=\"1670\">Bat\u00e9ria:<\/strong> 850mAh dob\u00edjate\u013en\u00e9 cez Type-C<\/p>\n<\/li>\n<li data-start=\"1700\" data-end=\"1744\">\n<p data-start=\"1702\" data-end=\"1744\"><strong data-start=\"1702\" data-end=\"1711\">Cievka:<\/strong> Mesh cievka 1.0\u03a9 pre bohat\u00e9 oblaky<\/p>\n<\/li>\n<li data-start=\"1745\" data-end=\"1804\">\n<p data-start=\"1747\" data-end=\"1804\"><strong data-start=\"1747\" data-end=\"1759\">Displej:<\/strong> Digit\u00e1lny LED displej (stav bat\u00e9rie a \u00farove\u0148 n\u00e1plne)<\/p>\n<\/li>\n<li data-start=\"1805\" data-end=\"1846\">\n<p data-start=\"1807\" data-end=\"1846\"><strong data-start=\"1807\" data-end=\"1829\">Sila nikot\u00ednu:<\/strong> 0%, 2%, 3%, 5%<\/p>\n<\/li>\n<li data-start=\"1847\" data-end=\"1888\">\n<p data-start=\"1849\" data-end=\"1888\"><strong data-start=\"1849\" data-end=\"1867\">Nab\u00edjac\u00ed port:<\/strong> r\u00fdchle nab\u00edjanie Type-C<\/p>\n<\/li>\n<li data-start=\"1889\" data-end=\"1945\">\n<p data-start=\"1891\" data-end=\"1945\"><strong data-start=\"1891\" data-end=\"1905\">Sklad:<\/strong> Sklad EU, r\u00fdchle doru\u010denie po celej Eur\u00f3pe<\/p>\n<\/li>\n<\/ul>\n<figure id=\"attachment_4531\" aria-describedby=\"caption-attachment-4531\" style=\"width: 300px\" class=\"wp-caption alignnone\"><img decoding=\"async\" class=\"size-medium wp-image-4531\" src=\"https:\/\/vapestornado.com\/wp-content\/uploads\/2025\/11\/Original-Uzy-Bang-Digital-15000-Puff-15k-Disposable-E-Cigs-300x300.webp\" alt=\"Origin\u00e1lne Uzy Bang Digital 15000 Potiahnut\u00ed 15k Jednorazov\u00e9 E cigarety\" width=\"300\" height=\"300\" srcset=\"https:\/\/vapestornado.com\/wp-content\/uploads\/2025\/11\/Original-Uzy-Bang-Digital-15000-Puff-15k-Disposable-E-Cigs-300x300.webp 300w, https:\/\/vapestornado.com\/wp-content\/uploads\/2025\/11\/Original-Uzy-Bang-Digital-15000-Puff-15k-Disposable-E-Cigs-150x150.webp 150w, https:\/\/vapestornado.com\/wp-content\/uploads\/2025\/11\/Original-Uzy-Bang-Digital-15000-Puff-15k-Disposable-E-Cigs-768x768.webp 768w, https:\/\/vapestornado.com\/wp-content\/uploads\/2025\/11\/Original-Uzy-Bang-Digital-15000-Puff-15k-Disposable-E-Cigs-12x12.webp 12w, https:\/\/vapestornado.com\/wp-content\/uploads\/2025\/11\/Original-Uzy-Bang-Digital-15000-Puff-15k-Disposable-E-Cigs-600x600.webp 600w, https:\/\/vapestornado.com\/wp-content\/uploads\/2025\/11\/Original-Uzy-Bang-Digital-15000-Puff-15k-Disposable-E-Cigs-100x100.webp 100w, https:\/\/vapestornado.com\/wp-content\/uploads\/2025\/11\/Original-Uzy-Bang-Digital-15000-Puff-15k-Disposable-E-Cigs.webp 800w\" sizes=\"(max-width: 300px) 100vw, 300px\" \/><figcaption id=\"caption-attachment-4531\" class=\"wp-caption-text\">Origin\u00e1lne Uzy Bang Digital 15000 Potiahnut\u00ed 15k Jednorazov\u00e9 E cigarety<\/figcaption><\/figure>\n<h2 class=\"product-title\"><strong>Zoznam pr\u00edchut\u00ed UZY Bang Digital 15K Disposables<\/strong><\/h2>\n<p>1. Jahoda Mel\u00f3n<br \/>\n2. \u010cu\u010doriedka na \u013eade<br \/>\n3. Marhu\u013ea Mango Anan\u00e1s<br \/>\n4. Hroznov\u00fd \u013ead<br \/>\n5. Mel\u00f3n \u013ead<br \/>\n6. Marhu\u013ea \u013ead<br \/>\n7. Jahoda Kiwi<br \/>\n8. \u010cu\u010doriedkov\u00e1 malina<br \/>\n9. Kiwi Passion Fruit<br \/>\n10.M R Modr\u00e1<br \/>\n11.Triple M mango ice<br \/>\n12.Cerven\u00e1 Energy Ice<\/p>\n<h3 data-start=\"2251\" data-end=\"2296\"><strong data-start=\"2255\" data-end=\"2296\">Pre\u010do si vybra\u0165 UZY Bang Digital 15K Puff?<\/strong><\/h3>\n<ul data-start=\"2297\" data-end=\"2680\">\n<li data-start=\"2297\" data-end=\"2373\">\n<p data-start=\"2299\" data-end=\"2373\"><strong data-start=\"2299\" data-end=\"2328\">Dlhodob\u00fd v\u00fdkon:<\/strong> 15 000 potiahnut\u00ed pre pred\u013a\u017een\u00e9 vapeovanie.<\/p>\n<\/li>\n<li data-start=\"2374\" data-end=\"2447\">\n<p data-start=\"2376\" data-end=\"2447\"><strong data-start=\"2376\" data-end=\"2407\">V\u0161estrann\u00e9 mo\u017enosti nikot\u00ednu:<\/strong> Vyberte si medzi 0\u20135% pre \u00fapln\u00fa kontrolu.<\/p>\n<\/li>\n<li data-start=\"2448\" data-end=\"2528\">\n<p data-start=\"2450\" data-end=\"2528\"><strong data-start=\"2450\" data-end=\"2480\">Inteligentn\u00fd displej pre pohodlie:<\/strong> Zosta\u0148te informovan\u00ed o \u00farovni bat\u00e9rie a n\u00e1plne.<\/p>\n<\/li>\n<li data-start=\"2529\" data-end=\"2601\">\n<p data-start=\"2531\" data-end=\"2601\"><strong data-start=\"2531\" data-end=\"2550\">Sklad v Eur\u00f3pe:<\/strong> R\u00fdchle a spo\u013eahliv\u00e9 doru\u010denie pre eur\u00f3pskych predajcov.<\/p>\n<\/li>\n<li data-start=\"2602\" data-end=\"2680\">\n<p data-start=\"2604\" data-end=\"2680\"><strong data-start=\"2604\" data-end=\"2629\">Ekologicky uvedomel\u00fd dizajn:<\/strong> Dob\u00edjate\u013en\u00fd syst\u00e9m zni\u017euje environment\u00e1lny odpad.<\/p>\n<\/li>\n<\/ul>\n<h3 data-start=\"2687\" data-end=\"2754\"><strong data-start=\"2691\" data-end=\"2754\">Porovnanie: UZY Bang Digital 15K vs tradi\u010dn\u00e9 jednorazov\u00e9 zariadenia<\/strong><\/h3>\n<p data-start=\"2755\" data-end=\"3026\">Na rozdiel od \u0161tandardn\u00fdch 5K\u20138K potiahnut\u00ed barov, <strong data-start=\"2792\" data-end=\"2815\">UZYDigital 15K Puff<\/strong> poskytuje trojn\u00e1sobn\u00fa \u017eivotnos\u0165 a inteligentnej\u0161iu kontrolu vapovania. LED displej a nab\u00edjanie cez Type-C robia z neho ove\u013ea praktickej\u0161\u00edho pre dlhodob\u00e9 pou\u017e\u00edvanie, zatia\u013e \u010do sie\u0165ov\u00e1 cievka zabezpe\u010duje, \u017ee ka\u017ed\u00fd potiahnutie chut\u00ed \u010derstvo a\u017e do konca.<\/p>\n<p>&nbsp;<\/p>\n<h2>Pre\u010do si vybra\u0165 Vapestornado pre ve\u013ekoobchodn\u00fd n\u00e1kup UZY Bang Digital 15K Puffs?<\/h2>\n<div class=\"flex-shrink-0 flex flex-col relative items-end\">\n<div class=\"pt-0\">\n<div class=\"gizmo-bot-avatar flex h-8 w-8 items-center justify-center overflow-hidden rounded-full\">\n<div class=\"relative p-1 rounded-sm flex items-center justify-center bg-token-main-surface-primary text-token-text-primary h-8 w-8\">\n<p>At\u00a0<strong>Vapes Tornado<\/strong>, sme hrd\u00ed na to, \u017ee dod\u00e1vame\u00a0<strong>pr\u00e9miov\u00e9 vapingov\u00e9 produkty za bezkonkuren\u010dn\u00e9 ceny<\/strong>\u00a0Tu je d\u00f4vod, pre\u010do by ste mali nakupova\u0165 od n\u00e1s:<\/p>\n<p data-start=\"235\" data-end=\"360\"><strong data-start=\"235\" data-end=\"261\">Najlep\u0161ie ve\u013ekoobchodn\u00e9 ponuky<\/strong> \u2013 Vychutnajte si <strong data-start=\"270\" data-end=\"297\">ve\u013ekoobchodn\u00e9 ceny s vysokou mar\u017eou<\/strong> prisp\u00f4soben\u00e9 pre predajcov, distrib\u00fatorov vaporiz\u00e9rov a maloobchodn\u00e9 obchody.<\/p>\n<p data-start=\"362\" data-end=\"513\"><strong data-start=\"362\" data-end=\"400\">\u2714 R\u00fdchle a bezpe\u010dn\u00e9 doru\u010denie po celom svete<\/strong> \u2013 Zabezpe\u010dujeme <strong data-start=\"413\" data-end=\"443\">r\u00fdchle, sledovate\u013en\u00e9 doru\u010denie<\/strong> naprie\u010d Eur\u00f3pou a \u010falej, aby va\u0161a z\u00e1soba dorazila bezpe\u010dne a na\u010das.<\/p>\n<p data-start=\"515\" data-end=\"646\"><strong data-start=\"515\" data-end=\"542\">\u2714 Origin\u00e1lne produkty 100%<\/strong> \u2013 Ka\u017ed\u00fd <strong data-start=\"551\" data-end=\"578\">WASPE Triple 60000 vaporiz\u00e9r<\/strong> ktor\u00fd pred\u00e1vame, je <strong data-start=\"590\" data-end=\"625\">autentick\u00fd a certifikovan\u00fd vo fabrike<\/strong>, nikdy nie napodobeniny.<\/p>\n<p data-start=\"648\" data-end=\"799\"><strong data-start=\"648\" data-end=\"676\">\u2714 Vyhraden\u00fd t\u00edm podpory<\/strong> \u2013 Potrebujete pomoc? Na\u0161i <strong data-start=\"694\" data-end=\"733\">\u0161pecialisti na vaporiz\u00e9ry s\u00fa k dispoz\u00edcii 24\/7<\/strong>, pripraven\u00ed odpoveda\u0165 na va\u0161e ot\u00e1zky a pom\u00f4c\u0165 s objedn\u00e1vkami kedyko\u013evek.<\/p>\n<p>&nbsp;<\/p>\n<p data-start=\"559\" data-end=\"933\" data-is-last-node=\"\" data-is-only-node=\"\">M\u00e1me tie\u017e niektor\u00e9 \u010fal\u0161ie popul\u00e1rne jednorazov\u00e9 vaporiz\u00e9ry s displejom ako <a href=\"https:\/\/vapestornado.com\/sk\/product\/uzy-150k-puffs-6-in-1-flavor-switch-disposable-vape-pen-wholesale\/\">UZY 150K Puff s v\u00fdmenou pr\u00edchut\u00ed vaporiz\u00e9r<\/a>, <a href=\"https:\/\/vapestornado.com\/sk\/product\/vozol-rave-40k-40000-puffs-disposable-vape-smart-screen-5-nicotine\/\">VOZOL RAVE 40K Jednorazov\u00fd vaporiz\u00e9r<\/a>, <a href=\"https:\/\/vapestornado.com\/sk\/product\/waspe-150k-150000-puff-6-in-1-disposable-vape-pen-cartridge-best-wholesale-price-in-poland\/\">WASPE 150K Puff 6 v 1<\/a>a \u010fal\u0161ie.<\/p>\n<\/div>\n<div class=\"relative p-1 rounded-sm flex items-center justify-center bg-token-main-surface-primary text-token-text-primary h-8 w-8\">\n<h2>\u010cASTO KLADEN\u00c9 OT\u00c1ZKY o UZY Bang Digital 15K Puffs<\/h2>\n<p data-start=\"3074\" data-end=\"3210\"><strong data-start=\"3074\" data-end=\"3125\">1. Ako dlho vydr\u017e\u00ed UZY Bang Digital 15K?<\/strong><br data-start=\"3125\" data-end=\"3128\" \/>Poskytuje a\u017e 15 000 potiahnut\u00ed, v z\u00e1vislosti od frekvencie vapovania a d\u013a\u017eky potiahnutia.<\/p>\n<p data-start=\"3212\" data-end=\"3329\"><strong data-start=\"3212\" data-end=\"3255\">2. Je UZY Digital 15K dob\u00edjate\u013en\u00fd?<\/strong><br data-start=\"3255\" data-end=\"3258\" \/>\u00c1no, m\u00e1 vstavan\u00fa bat\u00e9riu 850mAh s r\u00fdchlym nab\u00edjan\u00edm cez Type-C.<\/p>\n<p data-start=\"3331\" data-end=\"3452\"><strong data-start=\"3331\" data-end=\"3369\">3. Ko\u013eko chut\u00ed je k dispoz\u00edcii?<\/strong><br data-start=\"3369\" data-end=\"3372\" \/>Existuje 12 jedine\u010dn\u00fdch chut\u00ed, od ovocn\u00fdch zmes\u00ed po chladiv\u00e9 varianty.<\/p>\n<p data-start=\"3454\" data-end=\"3579\"><strong data-start=\"3454\" data-end=\"3499\">4. Zobrazuje \u00farove\u0148 bat\u00e9rie a n\u00e1plne?<\/strong><br data-start=\"3499\" data-end=\"3502\" \/>\u00c1no, digit\u00e1lny LED displej zobrazuje aktu\u00e1lny stav bat\u00e9rie a e-liquidu.<\/p>\n<p data-start=\"3581\" data-end=\"3743\"><strong data-start=\"3581\" data-end=\"3615\">5. Kde ho m\u00f4\u017eem k\u00fapi\u0165 vo ve\u013ekom?<\/strong><br data-start=\"3615\" data-end=\"3618\" \/>Ve\u013ekoobchodn\u00e9 objedn\u00e1vky sa odosielaj\u00fa priamo z n\u00e1\u0161ho <strong data-start=\"3658\" data-end=\"3674\">E\u00da sklade<\/strong>, ktor\u00fd zais\u0165uje <strong data-start=\"3685\" data-end=\"3726\">r\u00fdchle doru\u010denie a konkurencieschopn\u00e9 ceny<\/strong> po celej Eur\u00f3pe.<\/p>\n<\/div>\n<\/div>\n<\/div>\n<\/div>","protected":false},"excerpt":{"rendered":"<article class=\"text-token-text-primary w-full focus:outline-none [--shadow-height:45px] has-data-writing-block:pointer-events-none has-data-writing-block:-mt-(--shadow-height) has-data-writing-block:pt-(--shadow-height) [&amp;:has([data-writing-block])&gt;*]:pointer-events-auto [content-visibility:auto] supports-[content-visibility:auto]:[contain-intrinsic-size:auto_100lvh] scroll-mt-[calc(var(--header-height)+min(200px,max(70px,20svh)))]\" dir=\"auto\" tabindex=\"-1\" data-turn-id=\"86ca9d92-7a10-4e6b-bda0-15f9df36adca\" data-testid=\"conversation-turn-120\" data-scroll-anchor=\"true\" data-turn=\"assistant\">\n<div class=\"text-base my-auto mx-auto pb-10 [--thread-content-margin:--spacing(4)] thread-sm:[--thread-content-margin:--spacing(6)] thread-lg:[--thread-content-margin:--spacing(16)] px-(--thread-content-margin)\">\n<div class=\"[--thread-content-max-width:40rem] thread-lg:[--thread-content-max-width:48rem] mx-auto max-w-(--thread-content-max-width) flex-1 group\/turn-messages focus-visible:outline-hidden relative flex w-full min-w-0 flex-col agent-turn\" tabindex=\"-1\">\n<div class=\"flex max-w-full flex-col grow\">\n<div class=\"min-h-8 text-message relative flex w-full flex-col items-end gap-2 text-start break-words whitespace-normal [.text-message+&amp;]:mt-1\" dir=\"auto\" data-message-author-role=\"assistant\" data-message-id=\"43b070d6-bf28-4fbe-8049-1032a61ea3ac\" data-message-model-slug=\"gpt-5\">\n<div class=\"flex w-full flex-col gap-1 empty:hidden first:pt-[1px]\">\n<div class=\"markdown prose dark:prose-invert w-full break-words light markdown-new-styling\">\n<p data-start=\"4043\" data-end=\"4133\"><strong data-start=\"4043\" data-end=\"4131\">UZY Bang Digital 15K Puff \u2013 Chytr\u00e1 jednorazov\u00e1 vape s LED displejom a r\u00fdchlym doru\u010den\u00edm do E\u00da<\/strong><\/p>\n<p data-start=\"4137\" data-end=\"4227\"><strong data-start=\"4137\" data-end=\"4225\">K\u00fapte UZY Digital 15K Vape pero \u2013 15000 Pufov dob\u00edjate\u013en\u00e1 jednorazov\u00e1 vape za ve\u013ekoobchodn\u00fa cenu<\/strong><\/p>\n<p data-start=\"4231\" data-end=\"4308\" data-is-last-node=\"\"><strong data-start=\"4231\" data-end=\"4308\" data-is-last-node=\"\">Sklad E\u00da: UZY 15K Pufov Vape s chytr\u00fdm displejom a r\u00fdchlym doru\u010den\u00edm<\/strong><\/p>\n<\/div>\n<\/div>\n<\/div>\n<\/div>\n<\/div>\n<\/div>\n<\/article>\n<p><img fetchpriority=\"high\" decoding=\"async\" class=\"size-full wp-image-2932\" src=\"https:\/\/vapestornado.com\/wp-content\/uploads\/2024\/12\/Vape-Wholesale.jpg\" alt=\"Ve\u013ekoobchod s vape\" width=\"229\" height=\"300\" \/><\/p>\n<h3><a href=\"https:\/\/wa.me\/8617776015835\"><span style=\"color: #ff0000;\"><strong>WhatsApp: +86 17776015835<\/strong><\/span><\/a><\/h3>\n<p>&nbsp;<\/p>","protected":false},"featured_media":4532,"comment_status":"open","ping_status":"closed","template":"","meta":{"_acf_changed":false,"_uag_custom_page_level_css":"","_lmt_disableupdate":"no","_lmt_disable":"","_monsterinsights_skip_tracking":false,"_monsterinsights_sitenote_active":false,"_monsterinsights_sitenote_note":"","_monsterinsights_sitenote_category":0,"site-sidebar-layout":"default","site-content-layout":"","ast-site-content-layout":"default","site-content-style":"default","site-sidebar-style":"default","ast-global-header-display":"","ast-banner-title-visibility":"","ast-main-header-display":"","ast-hfb-above-header-display":"","ast-hfb-below-header-display":"","ast-hfb-mobile-header-display":"","site-post-title":"","ast-breadcrumbs-content":"","ast-featured-img":"","footer-sml-layout":"","ast-disable-related-posts":"","theme-transparent-header-meta":"default","adv-header-id-meta":"","stick-header-meta":"","header-above-stick-meta":"","header-main-stick-meta":"","header-below-stick-meta":"","astra-migrate-meta-layouts":"set","ast-page-background-enabled":"default","ast-page-background-meta":{"desktop":{"background-color":"","background-image":"","background-repeat":"repeat","background-position":"center center","background-size":"auto","background-attachment":"scroll","background-type":"","background-media":"","overlay-type":"","overlay-color":"","overlay-opacity":"","overlay-gradient":""},"tablet":{"background-color":"","background-image":"","background-repeat":"repeat","background-position":"center center","background-size":"auto","background-attachment":"scroll","background-type":"","background-media":"","overlay-type":"","overlay-color":"","overlay-opacity":"","overlay-gradient":""},"mobile":{"background-color":"","background-image":"","background-repeat":"repeat","background-position":"center center","background-size":"auto","background-attachment":"scroll","background-type":"","background-media":"","overlay-type":"","overlay-color":"","overlay-opacity":"","overlay-gradient":""}},"ast-content-background-meta":{"desktop":{"background-color":"var(--ast-global-color-5)","background-image":"","background-repeat":"repeat","background-position":"center center","background-size":"auto","background-attachment":"scroll","background-type":"","background-media":"","overlay-type":"","overlay-color":"","overlay-opacity":"","overlay-gradient":""},"tablet":{"background-color":"var(--ast-global-color-5)","background-image":"","background-repeat":"repeat","background-position":"center center","background-size":"auto","background-attachment":"scroll","background-type":"","background-media":"","overlay-type":"","overlay-color":"","overlay-opacity":"","overlay-gradient":""},"mobile":{"background-color":"var(--ast-global-color-5)","background-image":"","background-repeat":"repeat","background-position":"center center","background-size":"auto","background-attachment":"scroll","background-type":"","background-media":"","overlay-type":"","overlay-color":"","overlay-opacity":"","overlay-gradient":""}},"_joinchat":{"telephone":"17776015835"}},"product_brand":[],"product_cat":[71,152,154,156,158,142,357,144,356],"product_tag":[105,406,427,94,428,429,301],"class_list":{"0":"post-4537","1":"product","2":"type-product","3":"status-publish","4":"has-post-thumbnail","6":"product_cat-15000-puff","7":"product_cat-buy-disposable-vapes-in-cermany","8":"product_cat-buy-disposable-vapes-in-netherlands","9":"product_cat-buy-disposable-vapes-in-poland","10":"product_cat-buy-disposable-vapes-in-spain","11":"product_cat-digital-box-disposable-vapes","12":"product_cat-flavor-adjustable-vape","13":"product_cat-low-nicotine-disposable-vapes","14":"product_cat-uzy-vape","15":"product_tag-digital-disposable-vape","16":"product_tag-disposable-vape-fast-shipping","17":"product_tag-multi-flaovr-vape","18":"product_tag-rechargeable-disposable-vape","19":"product_tag-uzy-bang-digital-15k","20":"product_tag-vape-eu-warehouse","21":"product_tag-vapor-wholesale","22":"desktop-align-left","23":"tablet-align-left","24":"mobile-align-left","26":"first","27":"instock","28":"sale","29":"shipping-taxable","30":"purchasable","31":"product-type-simple"},"acf":[],"uagb_featured_image_src":{"full":["https:\/\/vapestornado.com\/wp-content\/uploads\/2025\/11\/UZY-Bang-Digital-15K-Puff-Monkey-Vape-Pen.webp",800,800,false],"thumbnail":["https:\/\/vapestornado.com\/wp-content\/uploads\/2025\/11\/UZY-Bang-Digital-15K-Puff-Monkey-Vape-Pen-150x150.webp",150,150,true],"medium":["https:\/\/vapestornado.com\/wp-content\/uploads\/2025\/11\/UZY-Bang-Digital-15K-Puff-Monkey-Vape-Pen-300x300.webp",300,300,true],"medium_large":["https:\/\/vapestornado.com\/wp-content\/uploads\/2025\/11\/UZY-Bang-Digital-15K-Puff-Monkey-Vape-Pen-768x768.webp",768,768,true],"large":["https:\/\/vapestornado.com\/wp-content\/uploads\/2025\/11\/UZY-Bang-Digital-15K-Puff-Monkey-Vape-Pen.webp",800,800,false],"1536x1536":["https:\/\/vapestornado.com\/wp-content\/uploads\/2025\/11\/UZY-Bang-Digital-15K-Puff-Monkey-Vape-Pen.webp",800,800,false],"2048x2048":["https:\/\/vapestornado.com\/wp-content\/uploads\/2025\/11\/UZY-Bang-Digital-15K-Puff-Monkey-Vape-Pen.webp",800,800,false],"trp-custom-language-flag":["https:\/\/vapestornado.com\/wp-content\/uploads\/2025\/11\/UZY-Bang-Digital-15K-Puff-Monkey-Vape-Pen-12x12.webp",12,12,true],"woocommerce_thumbnail":["https:\/\/vapestornado.com\/wp-content\/uploads\/2025\/11\/UZY-Bang-Digital-15K-Puff-Monkey-Vape-Pen-300x300.webp",300,300,true],"woocommerce_single":["https:\/\/vapestornado.com\/wp-content\/uploads\/2025\/11\/UZY-Bang-Digital-15K-Puff-Monkey-Vape-Pen-600x600.webp",600,600,true],"woocommerce_gallery_thumbnail":["https:\/\/vapestornado.com\/wp-content\/uploads\/2025\/11\/UZY-Bang-Digital-15K-Puff-Monkey-Vape-Pen-100x100.webp",100,100,true]},"uagb_author_info":{"display_name":"ESAMY","author_link":"https:\/\/vapestornado.com\/sk\/author\/"},"uagb_comment_info":1,"uagb_excerpt":"UZY Bang Digital 15K Puff \u2013 Smart Disposable Vape with LED Screen &amp; EU Fast Shipping Buy UZY Digital 15K Vape Pen \u2013 15000 Puffs Rechargeable Disposable at Wholesale Price EU Warehouse Stock: UZY 15K Puffs Vape with Smart Display &amp; Fast Delivery WhatsApp: +86 17776015835 &nbsp;","_links":{"self":[{"href":"https:\/\/vapestornado.com\/sk\/wp-json\/wp\/v2\/product\/4537","targetHints":{"allow":["GET"]}}],"collection":[{"href":"https:\/\/vapestornado.com\/sk\/wp-json\/wp\/v2\/product"}],"about":[{"href":"https:\/\/vapestornado.com\/sk\/wp-json\/wp\/v2\/types\/product"}],"replies":[{"embeddable":true,"href":"https:\/\/vapestornado.com\/sk\/wp-json\/wp\/v2\/comments?post=4537"}],"wp:featuredmedia":[{"embeddable":true,"href":"https:\/\/vapestornado.com\/sk\/wp-json\/wp\/v2\/media\/4532"}],"wp:attachment":[{"href":"https:\/\/vapestornado.com\/sk\/wp-json\/wp\/v2\/media?parent=4537"}],"wp:term":[{"taxonomy":"product_brand","embeddable":true,"href":"https:\/\/vapestornado.com\/sk\/wp-json\/wp\/v2\/product_brand?post=4537"},{"taxonomy":"product_cat","embeddable":true,"href":"https:\/\/vapestornado.com\/sk\/wp-json\/wp\/v2\/product_cat?post=4537"},{"taxonomy":"product_tag","embeddable":true,"href":"https:\/\/vapestornado.com\/sk\/wp-json\/wp\/v2\/product_tag?post=4537"}],"curies":[{"name":"wp","href":"https:\/\/api.w.org\/{rel}","templated":true}]}}