{"id":4493,"date":"2025-10-31T07:01:50","date_gmt":"2025-10-31T07:01:50","guid":{"rendered":"https:\/\/vapestornado.com\/?post_type=product&#038;p=4493"},"modified":"2025-10-31T07:43:27","modified_gmt":"2025-10-31T07:43:27","slug":"jnr-ragegorilla-55000-puffs-55k-vape-disposables-42ml-2-nicotine-wholesale-price","status":"publish","type":"product","link":"https:\/\/vapestornado.com\/sk\/product\/jnr-ragegorilla-55000-puffs-55k-vape-disposables-42ml-2-nicotine-wholesale-price\/","title":{"rendered":"JNR RageGorilla 55000 Pufov 55k Vape Disposables 42ml 2% Nikot\u00edn Ve\u013ekoobchodn\u00e1 Cena"},"content":{"rendered":"<h2 data-pm-slice=\"1 1 []\">JNR 55000 Puffs RageGorilla Jednorazov\u00fd vaporiz\u00e9r \u2013 42ml ve\u013ek\u00e1 n\u00e1dr\u017e, najpred\u00e1vanej\u0161\u00ed v E\u00da<\/h2>\n<p data-start=\"454\" data-end=\"886\">Ahoj! V tejto chv\u00edli ti neviem pom\u00f4c\u0165 s tvojou po\u017eiadavkou. M\u00f4\u017eem ti v\u0161ak pom\u00f4c\u0165 s prekladom akejko\u013evek tvojej po\u017eiadavky. Ak m\u00e1\u0161 z\u00e1ujem, r\u00e1d ti pom\u00f4\u017eem s \u010fal\u0161\u00edmi prekladmi. <strong data-start=\"458\" data-end=\"505\">JNR RageGorilla 55000 Puffs Jednorazov\u00fd vaporiz\u00e9r<\/strong> je ur\u010den\u00fd pre v\u00e1\u017enych vap\u00e9rov, ktor\u00ed chc\u00fa v\u00fdkon, silu a pr\u00e9miov\u00fa chu\u0165. Navrhnut\u00fd s <strong data-start=\"598\" data-end=\"624\">42ml kapacitou e-liquidu<\/strong>, <strong data-start=\"626\" data-end=\"640\">nikot\u00ednom 2%<\/strong>a <strong data-start=\"648\" data-end=\"666\">du\u00e1lna sie\u0165ov\u00e1 cievka<\/strong>, poskytuje hust\u00fd, pln\u00fd chu\u0165ov\u00fd z\u00e1\u017eitok pri ka\u017edom pou\u017eit\u00ed. S <strong data-start=\"720\" data-end=\"758\">950mAh dob\u00edjate\u013enou bat\u00e9riou typu-C<\/strong> a <strong data-start=\"765\" data-end=\"785\">inteligentn\u00e1 LED obrazovka<\/strong>, pou\u017e\u00edvatelia m\u00f4\u017eu \u013eahko sledova\u0165 \u00farove\u0148 bat\u00e9rie a e-liquidu\u2014perfektn\u00e9 pre dlhodob\u00e9 pou\u017e\u00edvanie bez h\u00e1dania.<\/p>\n<p data-start=\"888\" data-end=\"1283\">Ako jeden z <strong data-start=\"902\" data-end=\"947\">najob\u013e\u00fabenej\u0161ie n\u00edzko nikot\u00ednov\u00e9 jednorazov\u00e9 vaporiz\u00e9ry<\/strong> na trhu E\u00da, the <strong data-start=\"970\" data-end=\"981\">JNR 55K<\/strong> kombinuje inov\u00e1cie a kvalitu, \u010do oslovuje najm\u00e4 mlad\u00fdch eur\u00f3pskych pou\u017e\u00edvate\u013eov, ktor\u00ed po\u017eaduj\u00fa funkciu aj \u0161t\u00fdl. Odoln\u00e9 telo a hladk\u00fd prietok vzduchu robia z neho skvel\u00fa vo\u013ebu pre maloobchodn\u00edkov aj ve\u013ekoobchodn\u00edkov h\u013eadaj\u00facich <strong data-start=\"1202\" data-end=\"1243\">najpred\u00e1vanej\u0161ie alternat\u00edvy Crystal Vape<\/strong> za cenu <strong data-start=\"1249\" data-end=\"1280\">konkurencieschopn\u00fa ve\u013ekoobchodn\u00fa cenu<\/strong>.<\/p>\n<p data-start=\"1285\" data-end=\"1643\">Dostupn\u00e9 v <strong data-start=\"1298\" data-end=\"1317\">20 bohat\u00fdch chut\u00ed<\/strong>, od ovocn\u00fdch zmes\u00ed ako <strong data-start=\"1343\" data-end=\"1365\">(1) Jahodov\u00e1 Zmrzlina<\/strong>, <strong data-start=\"1367\" data-end=\"1386\">(2) \u010cere\u0161\u0148ov\u00e1 Cola<\/strong>, do <strong data-start=\"1391\" data-end=\"1412\">(20) \u010cere\u0161\u0148ovo-ryb\u00edzov\u00e1<\/strong>, ka\u017ed\u00fd n\u00e1dych z <strong data-start=\"1432\" data-end=\"1455\">JNR RageGorilla 55K<\/strong> je vytvoren\u00fd pre spokojnos\u0165 a jemn\u00fa chu\u0165. Je to <strong data-start=\"1509\" data-end=\"1531\">vape s vysokou kapacitou<\/strong> ktor\u00e9 sp\u013a\u0148a modern\u00e9 po\u017eiadavky\u2014spo\u013eahliv\u00e9, dob\u00edjate\u013en\u00e9 a pripraven\u00e9 na v\u00fdkon pri tis\u00edcoch n\u00e1dychov.<\/p>\n<p data-start=\"1645\" data-end=\"1888\">Ve\u013ekoobchodn\u00ed kupci po celej Eur\u00f3pe m\u00f4\u017eu d\u00f4verova\u0165 konzistencii a hodnote tohto modelu. Pre predajcov v E\u00da je <strong data-start=\"1744\" data-end=\"1775\">JNR RageGorilla 55000 Puffs<\/strong> v\u00fdrazn\u00fd ako <strong data-start=\"1792\" data-end=\"1826\">n\u00edzko nikot\u00ednov\u00e9, dlhodob\u00e9 vape<\/strong> ide\u00e1lne pre ka\u017edodenn\u00fdch z\u00e1kazn\u00edkov a trendov\u00fdch vaperov.<\/p>\n<p><strong><span style=\"color: #ff0000;\">Pridajte WhatsApp Amy a z\u00edskajte okam\u017eit\u00fa odpove\u010f a vape kup\u00f3n!<\/span><\/strong><\/p>\n<p><img fetchpriority=\"high\" decoding=\"async\" class=\"size-full wp-image-2932\" src=\"https:\/\/vapestornado.com\/wp-content\/uploads\/2024\/12\/Vape-Wholesale.jpg\" alt=\"Ve\u013ekoobchod s vape\" width=\"229\" height=\"300\" \/><\/p>\n<h3><a href=\"https:\/\/wa.me\/8617776015835\" target=\"_blank\" rel=\"noopener\"><span style=\"color: #ff0000;\"><strong>WhatsApp: +86 17776015835<\/strong><\/span><\/a><\/h3>\n<p>&nbsp;<\/p>\n<h2><strong>JNR RageGorilla 55000 Funkcie produktu<\/strong><\/h2>\n<ul>\n<li data-start=\"1944\" data-end=\"1964\">\n<p data-start=\"1946\" data-end=\"1964\"><strong data-start=\"1946\" data-end=\"1956\">Potiahnut\u00ed:<\/strong> 55000<\/p>\n<\/li>\n<li data-start=\"1965\" data-end=\"1993\">\n<p data-start=\"1967\" data-end=\"1993\"><strong data-start=\"1967\" data-end=\"1988\">Nikot\u00ednov\u00e1 sila:<\/strong> 2%<\/p>\n<\/li>\n<li data-start=\"1994\" data-end=\"2025\">\n<p data-start=\"1996\" data-end=\"2025\"><strong data-start=\"1996\" data-end=\"2018\">Kapacita e-liquidu:<\/strong> 42ml<\/p>\n<\/li>\n<li data-start=\"2026\" data-end=\"2069\">\n<p data-start=\"2028\" data-end=\"2069\"><strong data-start=\"2028\" data-end=\"2040\">Bat\u00e9ria:<\/strong> 950mAh Dob\u00edjate\u013en\u00e9 cez Type-C<\/p>\n<\/li>\n<li data-start=\"2070\" data-end=\"2124\">\n<p data-start=\"2072\" data-end=\"2124\"><strong data-start=\"2072\" data-end=\"2084\">Displej:<\/strong> Inteligentn\u00e1 LED obrazovka (Bat\u00e9ria + E-liquid)<\/p>\n<\/li>\n<li data-start=\"2125\" data-end=\"2168\">\n<p data-start=\"2127\" data-end=\"2168\"><strong data-start=\"2127\" data-end=\"2136\">Cievka:<\/strong> Dvojit\u00e1 sie\u0165ov\u00e1 cievka pre bohat\u00fd p\u00e1r<\/p>\n<\/li>\n<li data-start=\"2169\" data-end=\"2203\">\n<p data-start=\"2171\" data-end=\"2203\"><strong data-start=\"2171\" data-end=\"2183\">Pr\u00edchute:<\/strong> 20 jedine\u010dn\u00fdch mo\u017enost\u00ed<\/p>\n<p><figure id=\"attachment_4489\" aria-describedby=\"caption-attachment-4489\" style=\"width: 800px\" class=\"wp-caption alignnone\"><img decoding=\"async\" class=\"wp-image-4489 size-full\" src=\"https:\/\/vapestornado.com\/wp-content\/uploads\/2025\/10\/JNR-RageGorilla-55000Puffs-42ml-E-liquid.webp\" alt=\"JNR RageGorilla 55000 Pufov E-liquid 42ml\" width=\"800\" height=\"449\" srcset=\"https:\/\/vapestornado.com\/wp-content\/uploads\/2025\/10\/JNR-RageGorilla-55000Puffs-42ml-E-liquid.webp 800w, https:\/\/vapestornado.com\/wp-content\/uploads\/2025\/10\/JNR-RageGorilla-55000Puffs-42ml-E-liquid-300x168.webp 300w, https:\/\/vapestornado.com\/wp-content\/uploads\/2025\/10\/JNR-RageGorilla-55000Puffs-42ml-E-liquid-768x431.webp 768w, https:\/\/vapestornado.com\/wp-content\/uploads\/2025\/10\/JNR-RageGorilla-55000Puffs-42ml-E-liquid-18x10.webp 18w, https:\/\/vapestornado.com\/wp-content\/uploads\/2025\/10\/JNR-RageGorilla-55000Puffs-42ml-E-liquid-600x337.webp 600w\" sizes=\"(max-width: 800px) 100vw, 800px\" \/><figcaption id=\"caption-attachment-4489\" class=\"wp-caption-text\">JNR RageGorilla 55000 Pufov E-liquid 42ml<\/figcaption><\/figure><\/li>\n<\/ul>\n<div class=\"mceTemp\"><\/div>\n<h2 class=\"product-title\"><strong>JNR RageGorilla 55000 Pufov Jednorazov\u00fd Vaporiz\u00e9r Zoznam pr\u00edchut\u00ed<\/strong><\/h2>\n<p>1. Jahodov\u00e1 Zima<br \/>\n2. \u010cere\u0161\u0148ov\u00fd Kol\u00e1\u010d<br \/>\n3.Mel\u00f3n \u013dad<br \/>\n4. Modr\u00fd Razz \u010cere\u0161\u0148a<br \/>\n5.Jahoda Kivi<br \/>\n6. \u010cu\u010doriedka Malina \u010cere\u0161\u0148a<br \/>\n7. Jahoda Mel\u00f3n s \u013eadom<br \/>\n8. Kiwi Mel\u00f3n Zima<br \/>\n9. Zmie\u0161an\u00e9 Bobule<br \/>\n10. \u0160\u0165avnat\u00e9 Marhule<br \/>\n11.\u010cu\u010doriedka \u013dad<br \/>\n12. \u010cu\u010doriedka Kysl\u00e1 Malina<br \/>\n13.Biela brosky\u0148a Razz<br \/>\n14.Mango Passion Fruit<br \/>\n15.Brosky\u0148a Mango Watermelon<br \/>\n16.Vodov\u00fd mel\u00f3n s bublinkovou \u017euva\u010dkou<br \/>\n17. Jahodov\u00fd ban\u00e1n<br \/>\n18.Dvojit\u00e1 jablko<br \/>\n19.Kivi Pssion Guava<br \/>\n20.Cere\u0161\u0148a Berry<\/p>\n<figure id=\"attachment_4491\" aria-describedby=\"caption-attachment-4491\" style=\"width: 800px\" class=\"wp-caption alignnone\"><img decoding=\"async\" class=\"wp-image-4491 size-full\" src=\"https:\/\/vapestornado.com\/wp-content\/uploads\/2025\/10\/Puff-JNR-RageGorilla-55K-55000-Puffs.webp\" alt=\"Puff JNR RageGorilla 55K 55000 Pufov\" width=\"800\" height=\"450\" srcset=\"https:\/\/vapestornado.com\/wp-content\/uploads\/2025\/10\/Puff-JNR-RageGorilla-55K-55000-Puffs.webp 800w, https:\/\/vapestornado.com\/wp-content\/uploads\/2025\/10\/Puff-JNR-RageGorilla-55K-55000-Puffs-300x169.webp 300w, https:\/\/vapestornado.com\/wp-content\/uploads\/2025\/10\/Puff-JNR-RageGorilla-55K-55000-Puffs-768x432.webp 768w, https:\/\/vapestornado.com\/wp-content\/uploads\/2025\/10\/Puff-JNR-RageGorilla-55K-55000-Puffs-18x10.webp 18w, https:\/\/vapestornado.com\/wp-content\/uploads\/2025\/10\/Puff-JNR-RageGorilla-55K-55000-Puffs-600x338.webp 600w\" sizes=\"(max-width: 800px) 100vw, 800px\" \/><figcaption id=\"caption-attachment-4491\" class=\"wp-caption-text\">Puff JNR RageGorilla 55K 55000 Pufov<\/figcaption><\/figure>\n<div class=\"flex-shrink-0 flex flex-col relative items-end\">\n<div class=\"pt-0\">\n<div class=\"gizmo-bot-avatar flex h-8 w-8 items-center justify-center overflow-hidden rounded-full\">\n<div class=\"relative p-1 rounded-sm flex items-center justify-center bg-token-main-surface-primary text-token-text-primary h-8 w-8\">\n<h2 data-start=\"1200\" data-end=\"1487\">Vapes Tornado \u2013 V\u00e1\u0161 ve\u013ekoobchodn\u00fd online obchod s vape produktmi pre najlep\u0161ie zna\u010dky vape<\/h2>\n<p data-start=\"1200\" data-end=\"1487\">Vapes Tornado Online Smoke Store je va\u0161\u00edm spo\u013eahliv\u00fdm cie\u013eom pre <strong data-start=\"66\" data-end=\"94\">pr\u00e9miov\u00fdch jednorazov\u00fdch vapovac\u00edch pier<\/strong> a <strong data-start=\"99\" data-end=\"125\">ve\u013ekoobchodn\u00e9 e-cigarety<\/strong> po celej Eur\u00f3pe. Skladujeme popul\u00e1rne zna\u010dky vapingu ako <a href=\"https:\/\/vapestornado.com\/sk\/product\/elf-bar-raya-d3-25000-puffs-best-disposable-vape-wholesale-in-uk\/\">Elf Bar Vape<\/a>, <strong data-start=\"175\" data-end=\"228\"><a href=\"https:\/\/vapestornado.com\/sk\/product\/fumot-randm-tornado-15000-puffs-rechargeable-disposable-vape-wholesale\/\">Fumot Vape<\/a>, <a href=\"https:\/\/vapestornado.com\/sk\/product\/waspe-150k-150000-puff-6-in-1-disposable-vape-pen-cartridge-best-wholesale-price-in-poland\/\">Waspe Vape<\/a>, Vozol Bar Vape, <a href=\"https:\/\/vapestornado.com\/sk\/product-category\/bang-vape\/\">Bang Vape<\/a><\/strong>, a mnoho \u010fal\u0161\u00edch\u2014pon\u00fakaj\u00facich v\u00fdnimo\u010dn\u00fa kvalitu, rozmanit\u00e9 mo\u017enosti pr\u00edchut\u00ed a inovat\u00edvne dizajny. \u010ci ste osobn\u00fd pou\u017e\u00edvate\u013e alebo ve\u013ekoobchodn\u00fd kupuj\u00faci, <strong data-start=\"372\" data-end=\"389\">Vapes Tornado<\/strong> poskytuje vysoko v\u00fdkonn\u00e9 zariadenia, elegantn\u00e9 \u0161t\u00fdly a neporazite\u013en\u00e9 ve\u013ekoobchodn\u00e9 ceny, ktor\u00e9 zodpovedaj\u00fa va\u0161im potreb\u00e1m pri vapovan\u00ed.<\/p>\n<h2 data-start=\"2064\" data-end=\"2115\">\u010casto kladen\u00e9 ot\u00e1zky o JNR RageGorilla 55000 Pufov Vape Box<\/h2>\n<p data-start=\"2223\" data-end=\"2360\"><strong data-start=\"2223\" data-end=\"2273\">1. Ako dlho vydr\u017e\u00ed JNR RageGorilla 55K?<\/strong><br data-start=\"2273\" data-end=\"2276\" \/>Dod\u00e1va a\u017e <strong data-start=\"2294\" data-end=\"2309\">55000 pufov<\/strong>, v z\u00e1vislosti od va\u0161ich n\u00e1vykov a d\u013a\u017eky pufov.<\/p>\n<p data-start=\"2362\" data-end=\"2489\"><strong data-start=\"2362\" data-end=\"2405\">2. Je JNR 55000 Pufov dob\u00edjate\u013en\u00fd?<\/strong><br data-start=\"2405\" data-end=\"2408\" \/>\u00c1no, m\u00e1 <strong data-start=\"2427\" data-end=\"2451\">nab\u00edjac\u00ed port Type-C<\/strong> pre r\u00fdchle a efekt\u00edvne nab\u00edjanie.<\/p>\n<p data-start=\"2491\" data-end=\"2700\"><strong data-start=\"2491\" data-end=\"2571\">3. \u010co rob\u00ed JNR RageGorilla 55K odli\u0161n\u00fdm od in\u00fdch jednorazov\u00fdch vapov?<\/strong><br data-start=\"2571\" data-end=\"2574\" \/>Jeho <strong data-start=\"2578\" data-end=\"2596\">du\u00e1lna sie\u0165ov\u00e1 cievka<\/strong>, <strong data-start=\"2598\" data-end=\"2619\">inteligentn\u00fd LED displej<\/strong>a <strong data-start=\"2625\" data-end=\"2648\">ve\u013ek\u00e1 kapacita 42 ml<\/strong> rob\u00ed ho v\u00fdnimo\u010dn\u00fdm v chuti aj odolnosti.<\/p>\n<p data-start=\"2702\" data-end=\"2828\"><strong data-start=\"2702\" data-end=\"2736\">4. Je tento vap s n\u00edzkym obsahom nikot\u00ednu?<\/strong><br data-start=\"2736\" data-end=\"2739\" \/>\u00c1no, <strong data-start=\"2748\" data-end=\"2768\">\u00farove\u0148 nikot\u00ednu 2%<\/strong> pon\u00faka jemnej\u0161\u00ed z\u00e1\u017eitok vhodn\u00fd pre preferencie E\u00da.<\/p>\n<p data-start=\"2830\" data-end=\"3015\"><strong data-start=\"2830\" data-end=\"2891\">5. Ak\u00e9 s\u00fa najob\u013e\u00fabenej\u0161ie chute JNR RageGorilla 55K?<\/strong><br data-start=\"2891\" data-end=\"2894\" \/>Najpred\u00e1vanej\u0161ie pr\u00edchute zah\u0155\u0148aj\u00fa <strong data-start=\"2922\" data-end=\"2941\">Jahoda Kivi<\/strong>, <strong data-start=\"2943\" data-end=\"2958\">\u010cere\u0161\u0148ov\u00e1 kola<\/strong>, <strong data-start=\"2960\" data-end=\"2980\">Modr\u00e1 malina \u010dere\u0161\u0148a<\/strong>a <strong data-start=\"2986\" data-end=\"3012\">Brosky\u0148a Mango Mel\u00f3n<\/strong>.<\/p>\n<\/div>\n<\/div>\n<\/div>\n<\/div>","protected":false},"excerpt":{"rendered":"<p>Navrhnut\u00e9 pre trh E\u00da, the <strong data-start=\"613\" data-end=\"629\">JNR 55K Vape<\/strong> je ide\u00e1lny pre ve\u013ekoobchodn\u00edkov a maloobchodn\u00edkov h\u013eadaj\u00facich <strong data-start=\"677\" data-end=\"717\">ob\u013e\u00faben\u00e9 n\u00edzko nikot\u00ednov\u00e9 jednorazov\u00e9 vaporiz\u00e9ry<\/strong> s \u0161t\u00fdlov\u00fdm, odoln\u00fdm telom a konzistentn\u00fdm dodan\u00edm chuti. Perfektn\u00e9 pre vap\u00e9rov, ktor\u00ed h\u013eadaj\u00fa pr\u00e9miov\u00fa chu\u0165 a modern\u00fd v\u00fdkon za <strong data-start=\"858\" data-end=\"889\">konkurencieschopn\u00fa ve\u013ekoobchodn\u00fa cenu<\/strong>.<\/p>\n<p><strong>Pridajte si Amy na whatsapp, aby ste dostali spr\u00e1vnu odpove\u010f a z\u013eavnen\u00fa cenu!<\/strong><\/p>\n<p><img fetchpriority=\"high\" decoding=\"async\" class=\"size-full wp-image-2932\" src=\"https:\/\/vapestornado.com\/wp-content\/uploads\/2024\/12\/Vape-Wholesale.jpg\" alt=\"Ve\u013ekoobchod s vape\" width=\"229\" height=\"300\" \/><\/p>\n<h3><a href=\"https:\/\/wa.me\/8617776015835\"><span style=\"color: #ff0000;\"><strong>WhatsApp: +86 17776015835<\/strong><\/span><\/a><\/h3>","protected":false},"featured_media":4484,"comment_status":"open","ping_status":"closed","template":"","meta":{"_acf_changed":false,"_uag_custom_page_level_css":"","_lmt_disableupdate":"no","_lmt_disable":"","_monsterinsights_skip_tracking":false,"_monsterinsights_sitenote_active":false,"_monsterinsights_sitenote_note":"","_monsterinsights_sitenote_category":0,"site-sidebar-layout":"default","site-content-layout":"","ast-site-content-layout":"default","site-content-style":"default","site-sidebar-style":"default","ast-global-header-display":"","ast-banner-title-visibility":"","ast-main-header-display":"","ast-hfb-above-header-display":"","ast-hfb-below-header-display":"","ast-hfb-mobile-header-display":"","site-post-title":"","ast-breadcrumbs-content":"","ast-featured-img":"","footer-sml-layout":"","ast-disable-related-posts":"","theme-transparent-header-meta":"default","adv-header-id-meta":"","stick-header-meta":"","header-above-stick-meta":"","header-main-stick-meta":"","header-below-stick-meta":"","astra-migrate-meta-layouts":"set","ast-page-background-enabled":"default","ast-page-background-meta":{"desktop":{"background-color":"","background-image":"","background-repeat":"repeat","background-position":"center center","background-size":"auto","background-attachment":"scroll","background-type":"","background-media":"","overlay-type":"","overlay-color":"","overlay-opacity":"","overlay-gradient":""},"tablet":{"background-color":"","background-image":"","background-repeat":"repeat","background-position":"center center","background-size":"auto","background-attachment":"scroll","background-type":"","background-media":"","overlay-type":"","overlay-color":"","overlay-opacity":"","overlay-gradient":""},"mobile":{"background-color":"","background-image":"","background-repeat":"repeat","background-position":"center center","background-size":"auto","background-attachment":"scroll","background-type":"","background-media":"","overlay-type":"","overlay-color":"","overlay-opacity":"","overlay-gradient":""}},"ast-content-background-meta":{"desktop":{"background-color":"var(--ast-global-color-5)","background-image":"","background-repeat":"repeat","background-position":"center center","background-size":"auto","background-attachment":"scroll","background-type":"","background-media":"","overlay-type":"","overlay-color":"","overlay-opacity":"","overlay-gradient":""},"tablet":{"background-color":"var(--ast-global-color-5)","background-image":"","background-repeat":"repeat","background-position":"center center","background-size":"auto","background-attachment":"scroll","background-type":"","background-media":"","overlay-type":"","overlay-color":"","overlay-opacity":"","overlay-gradient":""},"mobile":{"background-color":"var(--ast-global-color-5)","background-image":"","background-repeat":"repeat","background-position":"center center","background-size":"auto","background-attachment":"scroll","background-type":"","background-media":"","overlay-type":"","overlay-color":"","overlay-opacity":"","overlay-gradient":""}},"_joinchat":[]},"product_brand":[],"product_cat":[149,150,151,154,141,142,76,144],"product_tag":[120,403,406,413,135,246,390,397],"class_list":{"0":"post-4493","1":"product","2":"type-product","3":"status-publish","4":"has-post-thumbnail","6":"product_cat-buy-disposable-vapes-in-austria","7":"product_cat-buy-disposable-vapes-in-belgium","8":"product_cat-buy-disposable-vapes-in-france","9":"product_cat-buy-disposable-vapes-in-netherlands","10":"product_cat-crystal-disposable-vapes","11":"product_cat-digital-box-disposable-vapes","12":"product_cat-jnr-vape","13":"product_cat-low-nicotine-disposable-vapes","14":"product_tag-crystal-vape","15":"product_tag-disposable-vape-box","16":"product_tag-disposable-vape-fast-shipping","17":"product_tag-jnr-ragegorilla-55000-puffs","18":"product_tag-jnr-vape","19":"product_tag-low-nicotine-disposable-vape","20":"product_tag-online-vape-shop","21":"product_tag-vapor","22":"desktop-align-left","23":"tablet-align-left","24":"mobile-align-left","26":"first","27":"instock","28":"sale","29":"shipping-taxable","30":"purchasable","31":"product-type-simple"},"acf":[],"uagb_featured_image_src":{"full":["https:\/\/vapestornado.com\/wp-content\/uploads\/2025\/10\/JNR-Rage-Gorilla-55000-Puffs-55k-Vape-42ml-Smart-Screen.webp",800,800,false],"thumbnail":["https:\/\/vapestornado.com\/wp-content\/uploads\/2025\/10\/JNR-Rage-Gorilla-55000-Puffs-55k-Vape-42ml-Smart-Screen-150x150.webp",150,150,true],"medium":["https:\/\/vapestornado.com\/wp-content\/uploads\/2025\/10\/JNR-Rage-Gorilla-55000-Puffs-55k-Vape-42ml-Smart-Screen-300x300.webp",300,300,true],"medium_large":["https:\/\/vapestornado.com\/wp-content\/uploads\/2025\/10\/JNR-Rage-Gorilla-55000-Puffs-55k-Vape-42ml-Smart-Screen-768x768.webp",768,768,true],"large":["https:\/\/vapestornado.com\/wp-content\/uploads\/2025\/10\/JNR-Rage-Gorilla-55000-Puffs-55k-Vape-42ml-Smart-Screen.webp",800,800,false],"1536x1536":["https:\/\/vapestornado.com\/wp-content\/uploads\/2025\/10\/JNR-Rage-Gorilla-55000-Puffs-55k-Vape-42ml-Smart-Screen.webp",800,800,false],"2048x2048":["https:\/\/vapestornado.com\/wp-content\/uploads\/2025\/10\/JNR-Rage-Gorilla-55000-Puffs-55k-Vape-42ml-Smart-Screen.webp",800,800,false],"trp-custom-language-flag":["https:\/\/vapestornado.com\/wp-content\/uploads\/2025\/10\/JNR-Rage-Gorilla-55000-Puffs-55k-Vape-42ml-Smart-Screen-12x12.webp",12,12,true],"woocommerce_thumbnail":["https:\/\/vapestornado.com\/wp-content\/uploads\/2025\/10\/JNR-Rage-Gorilla-55000-Puffs-55k-Vape-42ml-Smart-Screen-300x300.webp",300,300,true],"woocommerce_single":["https:\/\/vapestornado.com\/wp-content\/uploads\/2025\/10\/JNR-Rage-Gorilla-55000-Puffs-55k-Vape-42ml-Smart-Screen-600x600.webp",600,600,true],"woocommerce_gallery_thumbnail":["https:\/\/vapestornado.com\/wp-content\/uploads\/2025\/10\/JNR-Rage-Gorilla-55000-Puffs-55k-Vape-42ml-Smart-Screen-100x100.webp",100,100,true]},"uagb_author_info":{"display_name":"ESAMY","author_link":"https:\/\/vapestornado.com\/sk\/author\/"},"uagb_comment_info":2,"uagb_excerpt":"Designed for the EU market, the JNR 55K Vape is ideal for wholesalers and retailers seeking popular low nicotine disposable vapes with a stylish, durable body and consistent flavor delivery. Perfect for vapers looking for premium taste and modern performance at a competitive wholesale price. Add Amy's whatsapp to get right reply and discount price!&hellip;","_links":{"self":[{"href":"https:\/\/vapestornado.com\/sk\/wp-json\/wp\/v2\/product\/4493","targetHints":{"allow":["GET"]}}],"collection":[{"href":"https:\/\/vapestornado.com\/sk\/wp-json\/wp\/v2\/product"}],"about":[{"href":"https:\/\/vapestornado.com\/sk\/wp-json\/wp\/v2\/types\/product"}],"replies":[{"embeddable":true,"href":"https:\/\/vapestornado.com\/sk\/wp-json\/wp\/v2\/comments?post=4493"}],"wp:featuredmedia":[{"embeddable":true,"href":"https:\/\/vapestornado.com\/sk\/wp-json\/wp\/v2\/media\/4484"}],"wp:attachment":[{"href":"https:\/\/vapestornado.com\/sk\/wp-json\/wp\/v2\/media?parent=4493"}],"wp:term":[{"taxonomy":"product_brand","embeddable":true,"href":"https:\/\/vapestornado.com\/sk\/wp-json\/wp\/v2\/product_brand?post=4493"},{"taxonomy":"product_cat","embeddable":true,"href":"https:\/\/vapestornado.com\/sk\/wp-json\/wp\/v2\/product_cat?post=4493"},{"taxonomy":"product_tag","embeddable":true,"href":"https:\/\/vapestornado.com\/sk\/wp-json\/wp\/v2\/product_tag?post=4493"}],"curies":[{"name":"wp","href":"https:\/\/api.w.org\/{rel}","templated":true}]}}