{"id":4483,"date":"2025-10-30T06:42:12","date_gmt":"2025-10-30T06:42:12","guid":{"rendered":"https:\/\/vapestornado.com\/?post_type=product&#038;p=4483"},"modified":"2025-12-12T08:55:22","modified_gmt":"2025-12-12T08:55:22","slug":"jnr-falcon-pro-28k-28000-disposable-vape-puff-bar-rechargeable","status":"publish","type":"product","link":"https:\/\/vapestornado.com\/sk\/product\/jnr-falcon-pro-28k-28000-disposable-vape-puff-bar-rechargeable\/","title":{"rendered":"JNR Falcon Pro 28k 28000 Jednorazov\u00e1 Vape Puf Bar Dob\u00edjate\u013en\u00e1"},"content":{"rendered":"<h2 data-pm-slice=\"1 1 []\">JNR Falcon Pro 28K dob\u00edjate\u013en\u00fd Puff Bar \u2013 28000 puffov jednorazov\u00fd vaporiz\u00e9r ve\u013ekoobchod<\/h2>\n<p data-start=\"73\" data-end=\"688\">Ahoj! V tejto chv\u00edli ti neviem pom\u00f4c\u0165 s tvojou po\u017eiadavkou. M\u00f4\u017eem ti v\u0161ak pom\u00f4c\u0165 s prekladom akejko\u013evek tvojej po\u017eiadavky. Ak m\u00e1\u0161 z\u00e1ujem, r\u00e1d ti pom\u00f4\u017eem s \u010fal\u0161\u00edmi prekladmi. <strong data-start=\"97\" data-end=\"119\">JNR Falcon Pro 28K<\/strong> je dob\u00edjate\u013en\u00e1 jednorazov\u00e1 zariadenie ur\u010den\u00e9 pre vapery, ktor\u00ed o\u010dak\u00e1vaj\u00fa viac ne\u017e len kr\u00e1tkodob\u00fa pohodlnos\u0165. S <strong data-start=\"216\" data-end=\"238\">a\u017e 28 000 potiahnutiami<\/strong>, a <strong data-start=\"242\" data-end=\"268\">kapacitu 30 ml e-liquidu<\/strong>a <strong data-start=\"276\" data-end=\"294\">du\u00e1lna sie\u0165ov\u00e1 cievka<\/strong>, je navrhnut\u00e1 tak, aby poskytovala stabiln\u00fa chu\u0165 a paru po\u010das dlhodob\u00e9ho pou\u017e\u00edvania. Pridajte k tomu <strong data-start=\"372\" data-end=\"410\">950mAh dob\u00edjate\u013enou bat\u00e9riou typu-C<\/strong> a <strong data-start=\"418\" data-end=\"446\">inteligentn\u00fd smart displej<\/strong>, a dostanete zariadenie, ktor\u00e9 sa spr\u00e1va viac ako kompaktn\u00e9 <strong data-start=\"500\" data-end=\"520\">E-cigarety moduly<\/strong> , ne\u017e ako z\u00e1kladn\u00e1 jednorazov\u00e1 \u2013 bez nastavovania alebo \u00fadr\u017eby.<\/p>\n<h3 data-start=\"791\" data-end=\"864\">Pre\u010do JNR Falcon Pro 28k poskytuje lep\u0161iu hodnotu ne\u017e be\u017en\u00e9 jednorazov\u00e9 vaporiz\u00e9ry?<\/h3>\n<ul data-start=\"866\" data-end=\"2179\">\n<li data-start=\"866\" data-end=\"1161\">\n<p data-start=\"868\" data-end=\"1161\"><strong data-start=\"868\" data-end=\"906\">V\u00fddr\u017e, ktor\u00e1 zodpoved\u00e1 skuto\u010dn\u00fdm rutin\u00e1m.<\/strong> Ahoj! V tejto chv\u00edli ti neviem pom\u00f4c\u0165 s tvojou po\u017eiadavkou. M\u00f4\u017eem ti v\u0161ak pom\u00f4c\u0165 s prekladom akejko\u013evek tvojej po\u017eiadavky. Ak m\u00e1\u0161 z\u00e1ujem, r\u00e1d ti pom\u00f4\u017eem s \u010fal\u0161\u00edmi prekladmi. <strong data-start=\"911\" data-end=\"949\">JNR Falcon Pro 28K jednorazov\u00fd vaporiz\u00e9r<\/strong> sp\u00e1ja vysok\u00e9 <strong data-start=\"963\" data-end=\"982\">28K potiahnut\u00ed hodnotenie<\/strong> s <strong data-start=\"990\" data-end=\"1003\">30ml n\u00e1dr\u017eou<\/strong>, \u010do ho rob\u00ed vhodn\u00fdm pre be\u017en\u00fdch pou\u017e\u00edvate\u013eov v <strong data-start=\"1045\" data-end=\"1090\">Slovensku, \u010cesku, Ma\u010farsku, Po\u013esku, a na Slovensku<\/strong> ktor\u00ed chc\u00fa menej v\u00fdmen a predv\u00eddate\u013en\u00e9 denn\u00e9 pou\u017e\u00edvanie z jedn\u00e9ho zariadenia.<\/p>\n<\/li>\n<li data-start=\"1163\" data-end=\"1428\">\n<p data-start=\"1165\" data-end=\"1428\"><strong data-start=\"1165\" data-end=\"1202\">Dvojit\u00e1 sie\u0165ov\u00e1 cievka pre stabiln\u00fd v\u00fdkon.<\/strong> Vo vn\u00fatri <strong data-start=\"1214\" data-end=\"1243\">JNR 28K vap\u00e9r dob\u00edjate\u013en\u00fd<\/strong> dizajn, ktor\u00fd <strong data-start=\"1256\" data-end=\"1274\">du\u00e1lna sie\u0165ov\u00e1 cievka<\/strong> rovnomerne rozde\u013euje teplo po celom hor\u00e1ku. To pom\u00e1ha paru zosta\u0165 hladk\u00fdm a chu\u0165 zosta\u0165 plnou hlboko v n\u00e1dr\u017ei, namiesto zriedenia po intenz\u00edvnom pou\u017e\u00edvan\u00ed.<\/p>\n<\/li>\n<li data-start=\"1430\" data-end=\"1649\">\n<p data-start=\"1432\" data-end=\"1649\"><strong data-start=\"1432\" data-end=\"1480\">Dob\u00edjate\u013en\u00e1 energia, ktor\u00e1 chr\u00e1ni tekutinu.<\/strong> A <strong data-start=\"1483\" data-end=\"1521\">950mAh dob\u00edjate\u013enou bat\u00e9riou typu-C<\/strong> znamen\u00e1, \u017ee m\u00f4\u017eete doplni\u0165 energiu pod\u013ea potreby a pokra\u010dova\u0165 v vapovan\u00ed, k\u00fdm sa tekutina nezn\u00ed\u017ei \u2014 \u017eiadne pred\u010dasn\u00e9 vyhodenie, \u017eiadne plytvanie e-\u0161\u0165avou.<\/p>\n<\/li>\n<li data-start=\"1651\" data-end=\"1884\">\n<p data-start=\"1653\" data-end=\"1884\"><strong data-start=\"1653\" data-end=\"1689\">Inteligentn\u00fd displej v\u00e1s informuje.<\/strong> Ahoj! V tejto chv\u00edli ti neviem pom\u00f4c\u0165 s tvojou po\u017eiadavkou. M\u00f4\u017eem ti v\u0161ak pom\u00f4c\u0165 s prekladom akejko\u013evek tvojej po\u017eiadavky. Ak m\u00e1\u0161 z\u00e1ujem, r\u00e1d ti pom\u00f4\u017eem s \u010fal\u0161\u00edmi prekladmi. <strong data-start=\"1694\" data-end=\"1747\">inteligentn\u00fd LED displej na JNR Falcon Pro 28K<\/strong> ukazuje \u00farove\u0148 bat\u00e9rie a e-tekutiny v re\u00e1lnom \u010dase, tak\u017ee viete, \u010di zariadenie zvl\u00e1dne dlh\u00fd pracovn\u00fd de\u0148 alebo noc bez h\u00e1dania.<\/p>\n<\/li>\n<li data-start=\"1886\" data-end=\"2179\">\n<p data-start=\"1888\" data-end=\"2179\"><strong data-start=\"1888\" data-end=\"1939\">Siln\u00e1 hodnota pre maloobchodn\u00e9 a ve\u013ekoobchodn\u00e9 kan\u00e1ly.<\/strong> S funkciami, ktor\u00e9 s\u00fa zvy\u010dajne vidite\u013en\u00e9 na zlo\u017eitej\u0161\u00edch zariadeniach, <strong data-start=\"1996\" data-end=\"2018\">JNR Falcon Pro 28000<\/strong>\u00a0funguje dobre v ka\u017edom <strong data-start=\"2040\" data-end=\"2053\">vapeshop<\/strong> a vyhovuje kupuj\u00facim, ktor\u00ed porovn\u00e1vaj\u00fa pr\u00e9miov\u00e9 jednorazov\u00e9 produkty s <strong data-start=\"2108\" data-end=\"2138\">Ve\u013ekoobchodn\u00e9 lacn\u00e9 cigarety<\/strong> alternat\u00edvy pre lep\u0161iu dlhodob\u00fa hodnotu.<\/p>\n<\/li>\n<\/ul>\n<p><strong><span style=\"color: #ff0000;\">Pridajte WhatsApp Amy a z\u00edskajte okam\u017eit\u00fa odpove\u010f a vape kup\u00f3n!<\/span><\/strong><\/p>\n<p><img fetchpriority=\"high\" decoding=\"async\" class=\"size-full wp-image-2932\" src=\"https:\/\/vapestornado.com\/wp-content\/uploads\/2024\/12\/Vape-Wholesale.jpg\" alt=\"Ve\u013ekoobchod s vape\" width=\"229\" height=\"300\" \/><\/p>\n<h3><a href=\"https:\/\/wa.me\/8617776015835\" target=\"_blank\" rel=\"noopener\"><span style=\"color: #ff0000;\"><strong>WhatsApp: +86 17776015835<\/strong><\/span><\/a><\/h3>\n<p>&nbsp;<\/p>\n<h2><strong>JNR Falcon Pro 28k Funkcie produktu<\/strong><\/h2>\n<table>\n<thead>\n<tr>\n<th>Funkcia<\/th>\n<th>\u0161pec<\/th>\n<th>detaily<\/th>\n<\/tr>\n<\/thead>\n<tbody>\n<tr>\n<td>N\u00e1zov produktu<\/td>\n<td>JNR Falcon Pro 28K<\/td>\n<td>Vysoko kapacitn\u00fd dob\u00edjate\u013en\u00fd jednorazov\u00fd vaporiz\u00e9r<\/td>\n<\/tr>\n<tr>\n<td>Kapacita \u0165ahov<\/td>\n<td>A\u017e 28 000 potiahnut\u00ed<\/td>\n<td>Navrhnut\u00e9 pre dlhodob\u00e9, viact\u00fd\u017ed\u0148ov\u00e9 pou\u017e\u00edvanie<\/td>\n<\/tr>\n<tr>\n<td>Objem e-liquidu<\/td>\n<td>30 ml predplnen\u00e9<\/td>\n<td>Ve\u013ek\u00e1 n\u00e1dr\u017e podporuje dlh\u00e9 sedenia<\/td>\n<\/tr>\n<tr>\n<td>Technol\u00f3gia \u0161pir\u00e1l<\/td>\n<td>Du\u00e1lna mesh cievka<\/td>\n<td>Rovnomern\u00e9 zahrievanie pre hladk\u00fd par a bohat\u00fa chu\u0165<\/td>\n<\/tr>\n<tr>\n<td>Bat\u00e9ria<\/td>\n<td>950mAh dob\u00edjate\u013en\u00e1 bat\u00e9ria<\/td>\n<td>Podporuje opakovan\u00e9 nab\u00edjanie po\u010das \u017eivotnosti zariadenia<\/td>\n<\/tr>\n<tr>\n<td>Nab\u00edjanie<\/td>\n<td>r\u00fdchle nab\u00edjanie Type-C<\/td>\n<td>R\u00fdchle, modern\u00e9 nab\u00edjanie s EU \u0161tandardn\u00fdmi k\u00e1blami<\/td>\n<\/tr>\n<tr>\n<td>Displej<\/td>\n<td>Inteligentn\u00fd smart displej<\/td>\n<td>Stav bat\u00e9rie a e-liquid v re\u00e1lnom \u010dase<\/td>\n<\/tr>\n<tr>\n<td>Dizajn<\/td>\n<td>Teleso v \u0161t\u00fdle kri\u0161t\u00e1\u013eu s logom Falcon<\/td>\n<td>Modern\u00fd vzh\u013ead s pevnou hmatovou sp\u00e4tnou v\u00e4zbou<\/td>\n<\/tr>\n<tr>\n<td>Mo\u017enosti pr\u00edchut\u00ed<\/td>\n<td>A\u017e 20 pr\u00edchut\u00ed<\/td>\n<td>K dispoz\u00edcii ovocn\u00e9, \u013eadov\u00e9 a zmie\u0161an\u00e9 profily<\/td>\n<\/tr>\n<tr>\n<td>Umiestnenie<\/td>\n<td>Maloobchod &amp; ve\u013ekoobchod<\/td>\n<td>Vhodn\u00e9 pre vape shop a ve\u013ekoobchodn\u00fa distrib\u00faciu<\/td>\n<\/tr>\n<\/tbody>\n<\/table>\n<figure id=\"attachment_4478\" aria-describedby=\"caption-attachment-4478\" style=\"width: 800px\" class=\"wp-caption alignnone\"><img decoding=\"async\" class=\"wp-image-4478 size-full\" src=\"https:\/\/vapestornado.com\/wp-content\/uploads\/2025\/10\/JNR-Falcon-Pro-28000-2-Nicotine-Disposable-Vapes.webp\" alt=\"JNR Falcon Pro 28000 2% Nikot\u00ednov\u00e9 jednorazov\u00e9 vaporiz\u00e9ry\" width=\"800\" height=\"800\" srcset=\"https:\/\/vapestornado.com\/wp-content\/uploads\/2025\/10\/JNR-Falcon-Pro-28000-2-Nicotine-Disposable-Vapes.webp 800w, https:\/\/vapestornado.com\/wp-content\/uploads\/2025\/10\/JNR-Falcon-Pro-28000-2-Nicotine-Disposable-Vapes-300x300.webp 300w, https:\/\/vapestornado.com\/wp-content\/uploads\/2025\/10\/JNR-Falcon-Pro-28000-2-Nicotine-Disposable-Vapes-150x150.webp 150w, https:\/\/vapestornado.com\/wp-content\/uploads\/2025\/10\/JNR-Falcon-Pro-28000-2-Nicotine-Disposable-Vapes-768x768.webp 768w, https:\/\/vapestornado.com\/wp-content\/uploads\/2025\/10\/JNR-Falcon-Pro-28000-2-Nicotine-Disposable-Vapes-12x12.webp 12w, https:\/\/vapestornado.com\/wp-content\/uploads\/2025\/10\/JNR-Falcon-Pro-28000-2-Nicotine-Disposable-Vapes-600x600.webp 600w, https:\/\/vapestornado.com\/wp-content\/uploads\/2025\/10\/JNR-Falcon-Pro-28000-2-Nicotine-Disposable-Vapes-100x100.webp 100w\" sizes=\"(max-width: 800px) 100vw, 800px\" \/><figcaption id=\"caption-attachment-4478\" class=\"wp-caption-text\">JNR Falcon Pro 28000 2% Nikot\u00ednov\u00e9 jednorazov\u00e9 vaporiz\u00e9ry<\/figcaption><\/figure>\n<h2 class=\"product-title\"><strong>JNR Falcon Pro 28k Zoznam pr\u00edchut\u00ed jednorazov\u00fdch vaporiz\u00e9rov<\/strong><\/h2>\n<p>1 Jahodov\u00fd \u013ead<br \/>\n2 \u010cere\u0161\u0148ov\u00e1 Cola<br \/>\n3 Mel\u00f3nov\u00fd \u013ead<br \/>\n4 Modr\u00fd Razz \u010cere\u0161\u0148a<br \/>\n5 Jahoda Kiwi<br \/>\n6 \u010cu\u010doriedka R\u00edbez\u013ea \u010cere\u0161\u0148a<br \/>\n7 Jahodov\u00fd Mel\u00f3nov\u00fd \u013ead<br \/>\n8 Kiwi Mel\u00f3nov\u00fd \u013ead<br \/>\n9 Zmie\u0161an\u00e9 bobule<br \/>\n10 \u0160\u0165avnat\u00e9 broskyne<br \/>\n11 Modr\u00fd hrozen \u013ead<br \/>\n12 Modr\u00fd hrozen kysl\u00e1 malina<br \/>\n13 Biela brosky\u0148a Razz<br \/>\n14 Mango Passion Fruit<br \/>\n15 Brosky\u0148a Mango Watermelon<br \/>\n16 Mel\u00f3nov\u00e1 \u017euva\u010dka<br \/>\n17 Jahoda Ban\u00e1n<br \/>\n18 Dvojit\u00e1 jablko<br \/>\n19 Kiwi Passion Guava<br \/>\n20 \u010cere\u0161\u0148ov\u00e9 Bobule<\/p>\n<div class=\"flex-shrink-0 flex flex-col relative items-end\">\n<div class=\"pt-0\">\n<div class=\"gizmo-bot-avatar flex h-8 w-8 items-center justify-center overflow-hidden rounded-full\">\n<div class=\"relative p-1 rounded-sm flex items-center justify-center bg-token-main-surface-primary text-token-text-primary h-8 w-8\">\n<h2 data-start=\"1200\" data-end=\"1487\">Vapes Tornado \u2013 V\u00e1\u0161 ve\u013ekoobchodn\u00fd online obchod s vape produktmi pre najlep\u0161ie zna\u010dky vape<\/h2>\n<p data-start=\"1200\" data-end=\"1487\">Vapes Tornado Online Smoke Store je va\u0161\u00edm spo\u013eahliv\u00fdm cie\u013eom pre <strong data-start=\"66\" data-end=\"94\">pr\u00e9miov\u00fdch jednorazov\u00fdch vapovac\u00edch pier<\/strong> a <strong data-start=\"99\" data-end=\"125\">ve\u013ekoobchodn\u00e9 e-cigarety<\/strong> po celej Eur\u00f3pe. Skladujeme popul\u00e1rne zna\u010dky vapingu ako <a href=\"https:\/\/vapestornado.com\/sk\/product\/elf-bar-raya-d3-25000-puffs-best-disposable-vape-wholesale-in-uk\/\">Elf Bar Vape<\/a>, <strong data-start=\"175\" data-end=\"228\"><a href=\"https:\/\/vapestornado.com\/sk\/product\/fumot-randm-tornado-15000-puffs-rechargeable-disposable-vape-wholesale\/\">Fumot Vape<\/a>, <a href=\"https:\/\/vapestornado.com\/sk\/product\/waspe-150k-150000-puff-6-in-1-disposable-vape-pen-cartridge-best-wholesale-price-in-poland\/\">Waspe Vape<\/a>, Vozol Bar Vape, <a href=\"https:\/\/vapestornado.com\/sk\/product-category\/bang-vape\/\">Bang Vape<\/a><\/strong>, a mnoho \u010fal\u0161\u00edch\u2014pon\u00fakaj\u00facich v\u00fdnimo\u010dn\u00fa kvalitu, rozmanit\u00e9 mo\u017enosti pr\u00edchut\u00ed a inovat\u00edvne dizajny. \u010ci ste osobn\u00fd pou\u017e\u00edvate\u013e alebo ve\u013ekoobchodn\u00fd kupuj\u00faci, <strong data-start=\"372\" data-end=\"389\">Vapes Tornado<\/strong> poskytuje vysoko v\u00fdkonn\u00e9 zariadenia, elegantn\u00e9 \u0161t\u00fdly a neporazite\u013en\u00e9 ve\u013ekoobchodn\u00e9 ceny, ktor\u00e9 zodpovedaj\u00fa va\u0161im potreb\u00e1m pri vapovan\u00ed.<\/p>\n<h2 data-start=\"2064\" data-end=\"2115\"><\/h2>\n<h2 data-start=\"2064\" data-end=\"2115\">\u010casto kladen\u00e9 ot\u00e1zky o JNR Falcon Pro 28k Vape Box<\/h2>\n<h3 data-start=\"3123\" data-end=\"3203\">1. Ako dlho vydr\u017e\u00ed jednorazov\u00fd vaporiz\u00e9r JNR Falcon Pro 28K pri dennom pou\u017e\u00edvan\u00ed?<\/h3>\n<p data-start=\"3204\" data-end=\"3362\">S <strong data-start=\"3209\" data-end=\"3225\">28 000 po\u0165ahov<\/strong> a <strong data-start=\"3232\" data-end=\"3245\">30ml n\u00e1dr\u017eou<\/strong>, mnoho be\u017en\u00fdch pou\u017e\u00edvate\u013eov zist\u00ed, \u017ee <strong data-start=\"3275\" data-end=\"3297\">JNR Falcon Pro 28K<\/strong> vydr\u017e\u00ed <strong data-start=\"3304\" data-end=\"3321\">nieko\u013eko t\u00fd\u017ed\u0148ov<\/strong>, v z\u00e1vislosti od d\u013a\u017eky a frekvencie \u0165ahu.<\/p>\n<h3 data-start=\"3369\" data-end=\"3461\">2. Ak\u00fa v\u00fdhodu m\u00e1 dvojit\u00e1 mrie\u017ekov\u00e1 cievka v nab\u00edjate\u013enom jednorazovom vaporiz\u00e9ri JNR 28K?<\/h3>\n<p data-start=\"3462\" data-end=\"3614\">Ahoj! V tejto chv\u00edli ti neviem pom\u00f4c\u0165 s tvojou po\u017eiadavkou. M\u00f4\u017eem ti v\u0161ak pom\u00f4c\u0165 s prekladom akejko\u013evek tvojej po\u017eiadavky. Ak m\u00e1\u0161 z\u00e1ujem, r\u00e1d ti pom\u00f4\u017eem s \u010fal\u0161\u00edmi prekladmi. <strong data-start=\"3466\" data-end=\"3484\">du\u00e1lna sie\u0165ov\u00e1 cievka<\/strong> ohreje sa rovnomernej\u0161ie ako jednovl\u00e1knov\u00e9 cievky, \u010do pom\u00e1ha zachova\u0165 hustotu pary a konzistentn\u00fa chu\u0165 po\u010das celej \u017eivotnosti zariadenia.<\/p>\n<h3 data-start=\"3621\" data-end=\"3722\">3. Je JNR Falcon Pro 28K v\u00fdkonovo bli\u017e\u0161ie k e-cigaretov\u00fdm modom alebo k \u0161tandardn\u00fdm jednorazov\u00fdm zariadeniam?<\/h3>\n<p data-start=\"3723\" data-end=\"3861\">Z h\u013eadiska stability v\u00fdstupu a ovl\u00e1dania sa c\u00edti bli\u017e\u0161ie k kompaktn\u00fdm <strong data-start=\"3792\" data-end=\"3812\">E-cigarety moduly<\/strong>, ale bez v\u00fdmeny cievok alebo dop\u013a\u0148ania n\u00e1dr\u017e\u00ed.<\/p>\n<h3 data-start=\"3868\" data-end=\"3943\">4. Ako u\u017eito\u010dn\u00fd je inteligentn\u00fd displej na JNR Falcon Pro 28K Puff Bar?<\/h3>\n<p data-start=\"3944\" data-end=\"4092\">Ahoj! V tejto chv\u00edli ti neviem pom\u00f4c\u0165 s tvojou po\u017eiadavkou. M\u00f4\u017eem ti v\u0161ak pom\u00f4c\u0165 s prekladom akejko\u013evek tvojej po\u017eiadavky. Ak m\u00e1\u0161 z\u00e1ujem, r\u00e1d ti pom\u00f4\u017eem s \u010fal\u0161\u00edmi prekladmi. <strong data-start=\"3948\" data-end=\"3964\">inteligentn\u00fd displej<\/strong> jasne zobrazuje \u00farove\u0148 bat\u00e9rie a kvapaliny, \u010do umo\u017e\u0148uje lep\u0161ie pl\u00e1novanie nab\u00edjania a zni\u017euje neo\u010dak\u00e1van\u00e9 preru\u0161enia po\u010das d\u0148a.<\/p>\n<h3 data-start=\"4099\" data-end=\"4232\">5. Je JNR Falcon Pro 28K dobrou vo\u013ebou pre vape shop alebo ve\u013ekoobchodn\u00fdch kupuj\u00facich porovn\u00e1vaj\u00facich lacn\u00e9 cigarety vo ve\u013ekom?<\/h3>\n<p data-start=\"4233\" data-end=\"4467\">\u00c1no. Pre <strong data-start=\"4242\" data-end=\"4255\">vapeshop<\/strong> majitelia a ve\u013ekoobchodn\u00ed kupuj\u00faci, <strong data-start=\"4284\" data-end=\"4306\">JNR Falcon Pro 28K<\/strong> pon\u00faka vysok\u00fd po\u010det potiahnut\u00ed, nab\u00edjate\u013en\u00fd dizajn a pr\u00e9miov\u00e9 funkcie, ktor\u00e9 oslovuj\u00fa pou\u017e\u00edvate\u013eov h\u013eadaj\u00facich dlhodob\u00fa hodnotu mimo <strong data-start=\"4427\" data-end=\"4457\">Ve\u013ekoobchodn\u00e9 lacn\u00e9 cigarety<\/strong> produkty.<\/p>\n<\/div>\n<\/div>\n<\/div>\n<\/div>","protected":false},"excerpt":{"rendered":"<ul>\n<li data-start=\"2055\" data-end=\"2134\">\n<p data-start=\"2058\" data-end=\"2134\">K\u00fapte JNR 28K Puff Bar online \u2013 Dlhodob\u00fd dob\u00edjate\u013en\u00fd jednorazov\u00fd vaporiz\u00e9r EU<\/p>\n<\/li>\n<li data-start=\"2055\" data-end=\"2134\">\n<p data-start=\"2058\" data-end=\"2134\">JNR Falcon 28000 Puffs Vape \u2013 Dvojit\u00e1 sie\u0165ov\u00e1 \u0161pir\u00e1lka Puff Bar za ve\u013ekoobchodn\u00fa cenu<\/p>\n<\/li>\n<\/ul>\n<p><strong>Pridajte si Amy na whatsapp, aby ste dostali spr\u00e1vnu odpove\u010f a z\u013eavnen\u00fa cenu!<\/strong><\/p>\n<p><img fetchpriority=\"high\" decoding=\"async\" class=\"size-full wp-image-2932\" src=\"https:\/\/vapestornado.com\/wp-content\/uploads\/2024\/12\/Vape-Wholesale.jpg\" alt=\"Ve\u013ekoobchod s vape\" width=\"229\" height=\"300\" \/><\/p>\n<h3><a href=\"https:\/\/wa.me\/8617776015835\"><span style=\"color: #ff0000;\"><strong>WhatsApp: +86 17776015835<\/strong><\/span><\/a><\/h3>","protected":false},"featured_media":4477,"comment_status":"open","ping_status":"closed","template":"","meta":{"_acf_changed":false,"_uag_custom_page_level_css":"","_lmt_disableupdate":"no","_lmt_disable":"","_monsterinsights_skip_tracking":false,"_monsterinsights_sitenote_active":false,"_monsterinsights_sitenote_note":"","_monsterinsights_sitenote_category":0,"site-sidebar-layout":"default","site-content-layout":"","ast-site-content-layout":"default","site-content-style":"default","site-sidebar-style":"default","ast-global-header-display":"","ast-banner-title-visibility":"","ast-main-header-display":"","ast-hfb-above-header-display":"","ast-hfb-below-header-display":"","ast-hfb-mobile-header-display":"","site-post-title":"","ast-breadcrumbs-content":"","ast-featured-img":"","footer-sml-layout":"","ast-disable-related-posts":"","theme-transparent-header-meta":"default","adv-header-id-meta":"","stick-header-meta":"","header-above-stick-meta":"","header-main-stick-meta":"","header-below-stick-meta":"","astra-migrate-meta-layouts":"set","ast-page-background-enabled":"default","ast-page-background-meta":{"desktop":{"background-color":"","background-image":"","background-repeat":"repeat","background-position":"center center","background-size":"auto","background-attachment":"scroll","background-type":"","background-media":"","overlay-type":"","overlay-color":"","overlay-opacity":"","overlay-gradient":""},"tablet":{"background-color":"","background-image":"","background-repeat":"repeat","background-position":"center center","background-size":"auto","background-attachment":"scroll","background-type":"","background-media":"","overlay-type":"","overlay-color":"","overlay-opacity":"","overlay-gradient":""},"mobile":{"background-color":"","background-image":"","background-repeat":"repeat","background-position":"center center","background-size":"auto","background-attachment":"scroll","background-type":"","background-media":"","overlay-type":"","overlay-color":"","overlay-opacity":"","overlay-gradient":""}},"ast-content-background-meta":{"desktop":{"background-color":"var(--ast-global-color-5)","background-image":"","background-repeat":"repeat","background-position":"center center","background-size":"auto","background-attachment":"scroll","background-type":"","background-media":"","overlay-type":"","overlay-color":"","overlay-opacity":"","overlay-gradient":""},"tablet":{"background-color":"var(--ast-global-color-5)","background-image":"","background-repeat":"repeat","background-position":"center center","background-size":"auto","background-attachment":"scroll","background-type":"","background-media":"","overlay-type":"","overlay-color":"","overlay-opacity":"","overlay-gradient":""},"mobile":{"background-color":"var(--ast-global-color-5)","background-image":"","background-repeat":"repeat","background-position":"center center","background-size":"auto","background-attachment":"scroll","background-type":"","background-media":"","overlay-type":"","overlay-color":"","overlay-opacity":"","overlay-gradient":""}},"_joinchat":[]},"product_brand":[],"product_cat":[235,149,150,151,154,141,142,76,144],"product_tag":[403,406,411,412,410,390,397],"class_list":{"0":"post-4483","1":"product","2":"type-product","3":"status-publish","4":"has-post-thumbnail","6":"product_cat-28000-puff","7":"product_cat-buy-disposable-vapes-in-austria","8":"product_cat-buy-disposable-vapes-in-belgium","9":"product_cat-buy-disposable-vapes-in-france","10":"product_cat-buy-disposable-vapes-in-netherlands","11":"product_cat-crystal-disposable-vapes","12":"product_cat-digital-box-disposable-vapes","13":"product_cat-jnr-vape","14":"product_cat-low-nicotine-disposable-vapes","15":"product_tag-disposable-vape-box","16":"product_tag-disposable-vape-fast-shipping","17":"product_tag-jnr-28k","18":"product_tag-jnr-falcon-pro-280000","19":"product_tag-jnr-falcon-pro-28k","20":"product_tag-online-vape-shop","21":"product_tag-vapor","22":"desktop-align-left","23":"tablet-align-left","24":"mobile-align-left","26":"first","27":"instock","28":"sale","29":"shipping-taxable","30":"purchasable","31":"product-type-simple"},"acf":[],"uagb_featured_image_src":{"full":["https:\/\/vapestornado.com\/wp-content\/uploads\/2025\/10\/JNR-Falcon-Pro-28K-Puff-Dispsoable-Vape-Wholesale-Price.webp",800,800,false],"thumbnail":["https:\/\/vapestornado.com\/wp-content\/uploads\/2025\/10\/JNR-Falcon-Pro-28K-Puff-Dispsoable-Vape-Wholesale-Price-150x150.webp",150,150,true],"medium":["https:\/\/vapestornado.com\/wp-content\/uploads\/2025\/10\/JNR-Falcon-Pro-28K-Puff-Dispsoable-Vape-Wholesale-Price-300x300.webp",300,300,true],"medium_large":["https:\/\/vapestornado.com\/wp-content\/uploads\/2025\/10\/JNR-Falcon-Pro-28K-Puff-Dispsoable-Vape-Wholesale-Price-768x768.webp",768,768,true],"large":["https:\/\/vapestornado.com\/wp-content\/uploads\/2025\/10\/JNR-Falcon-Pro-28K-Puff-Dispsoable-Vape-Wholesale-Price.webp",800,800,false],"1536x1536":["https:\/\/vapestornado.com\/wp-content\/uploads\/2025\/10\/JNR-Falcon-Pro-28K-Puff-Dispsoable-Vape-Wholesale-Price.webp",800,800,false],"2048x2048":["https:\/\/vapestornado.com\/wp-content\/uploads\/2025\/10\/JNR-Falcon-Pro-28K-Puff-Dispsoable-Vape-Wholesale-Price.webp",800,800,false],"trp-custom-language-flag":["https:\/\/vapestornado.com\/wp-content\/uploads\/2025\/10\/JNR-Falcon-Pro-28K-Puff-Dispsoable-Vape-Wholesale-Price-12x12.webp",12,12,true],"woocommerce_thumbnail":["https:\/\/vapestornado.com\/wp-content\/uploads\/2025\/10\/JNR-Falcon-Pro-28K-Puff-Dispsoable-Vape-Wholesale-Price-300x300.webp",300,300,true],"woocommerce_single":["https:\/\/vapestornado.com\/wp-content\/uploads\/2025\/10\/JNR-Falcon-Pro-28K-Puff-Dispsoable-Vape-Wholesale-Price-600x600.webp",600,600,true],"woocommerce_gallery_thumbnail":["https:\/\/vapestornado.com\/wp-content\/uploads\/2025\/10\/JNR-Falcon-Pro-28K-Puff-Dispsoable-Vape-Wholesale-Price-100x100.webp",100,100,true]},"uagb_author_info":{"display_name":"ESAMY","author_link":"https:\/\/vapestornado.com\/sk\/author\/"},"uagb_comment_info":1,"uagb_excerpt":"Buy JNR 28K Puff Bar Online \u2013 Long-Lasting Rechargeable Disposable Vape EU JNR Falcon 28000 Puffs Vape \u2013 Dual Mesh Coil Puff Bar at Wholesale Price Add Amy's whatsapp to get right reply and discount price! WhatsApp: +86 17776015835","_links":{"self":[{"href":"https:\/\/vapestornado.com\/sk\/wp-json\/wp\/v2\/product\/4483","targetHints":{"allow":["GET"]}}],"collection":[{"href":"https:\/\/vapestornado.com\/sk\/wp-json\/wp\/v2\/product"}],"about":[{"href":"https:\/\/vapestornado.com\/sk\/wp-json\/wp\/v2\/types\/product"}],"replies":[{"embeddable":true,"href":"https:\/\/vapestornado.com\/sk\/wp-json\/wp\/v2\/comments?post=4483"}],"wp:featuredmedia":[{"embeddable":true,"href":"https:\/\/vapestornado.com\/sk\/wp-json\/wp\/v2\/media\/4477"}],"wp:attachment":[{"href":"https:\/\/vapestornado.com\/sk\/wp-json\/wp\/v2\/media?parent=4483"}],"wp:term":[{"taxonomy":"product_brand","embeddable":true,"href":"https:\/\/vapestornado.com\/sk\/wp-json\/wp\/v2\/product_brand?post=4483"},{"taxonomy":"product_cat","embeddable":true,"href":"https:\/\/vapestornado.com\/sk\/wp-json\/wp\/v2\/product_cat?post=4483"},{"taxonomy":"product_tag","embeddable":true,"href":"https:\/\/vapestornado.com\/sk\/wp-json\/wp\/v2\/product_tag?post=4483"}],"curies":[{"name":"wp","href":"https:\/\/api.w.org\/{rel}","templated":true}]}}