{"id":4475,"date":"2025-10-29T06:41:52","date_gmt":"2025-10-29T06:41:52","guid":{"rendered":"https:\/\/vapestornado.com\/?post_type=product&#038;p=4475"},"modified":"2025-12-12T09:08:28","modified_gmt":"2025-12-12T09:08:28","slug":"uzy-50000-puff-50k-disposable-vape-2-in-1-double-flaovr-best-wholesale-online","status":"publish","type":"product","link":"https:\/\/vapestornado.com\/sk\/product\/uzy-50000-puff-50k-disposable-vape-2-in-1-double-flaovr-best-wholesale-online\/","title":{"rendered":"UZY 50000 potiahnut\u00ed 50k Jednoduch\u00e9 pou\u017eitie s dvojitou pr\u00edchu\u0165ou 2 v 1 Najlep\u0161ia ve\u013ekoobchodn\u00e1 online ponuka"},"content":{"rendered":"<h2 data-pm-slice=\"1 1 []\">UZY 50000 Puff Jednor\u00e1zov\u00fd vaporiz\u00e9r 2-v-1 Dvojit\u00e1 pr\u00edchu\u0165, Dvojit\u00e9 sie\u0165ov\u00e9 \u0161pir\u00e1lky &amp; Inteligentn\u00fd LED displej<\/h2>\n<p data-start=\"103\" data-end=\"597\"><strong data-start=\"103\" data-end=\"121\">UZY 50000 Pufov<\/strong> je vysokokapacitn\u00fd <strong data-start=\"141\" data-end=\"162\">2-v-1 jednor\u00e1zov\u00fd<\/strong> vyvinut\u00fd pre dlh\u00e9 pou\u017e\u00edvanie a nulov\u00e9 starosti. Poskytuje <strong data-start=\"209\" data-end=\"231\">a\u017e 50 000 potiahnut\u00ed<\/strong> pomocou <strong data-start=\"238\" data-end=\"265\">dvojit\u00fdch 20ml n\u00e1dr\u017e\u00ed na pr\u00edchu\u0165<\/strong> (40ml celkovo) a <strong data-start=\"283\" data-end=\"307\">dvojit\u00e9 0,9\u03a9 sie\u0165ovan\u00e9 cievky<\/strong> pre hladk\u00fd, pr\u00edchu\u0165ou orientovan\u00fd p\u00e1r. The <strong data-start=\"348\" data-end=\"363\">Crytal vaporiz\u00e9r<\/strong>-\u0161t\u00fdlov\u00e9 telo udr\u017eiava jeho \u0161t\u00edhly vzh\u013ead, zatia\u013e \u010do <strong data-start=\"401\" data-end=\"422\">LED inteligentn\u00fd displej<\/strong> ukazuje stav bat\u00e9rie a e-liquidu jasne. A <strong data-start=\"469\" data-end=\"507\">850mAh Type-C nab\u00edjate\u013en\u00e1 bat\u00e9ria<\/strong> udr\u017eiava zariadenie v prev\u00e1dzke, k\u00fdm nie s\u00fa n\u00e1dr\u017ee vy\u010derpan\u00e9, nie k\u00fdm sa bat\u00e9ria nezastav\u00ed sk\u00f4r.<\/p>\n<h3 data-start=\"844\" data-end=\"895\">Pre\u010do si vybra\u0165 UZY 50000 Puff, ak chcete spo\u013eahlivos\u0165 a siln\u00fd v\u00fdkon?<\/h3>\n<ul data-start=\"897\" data-end=\"2254\">\n<li data-start=\"897\" data-end=\"1225\">\n<p data-start=\"899\" data-end=\"1225\"><strong data-start=\"899\" data-end=\"946\">50K v\u00fddr\u017e podporen\u00e1 dizajnom s dvojitou n\u00e1dr\u017eou.<\/strong> Ahoj! V tejto chv\u00edli ti neviem pom\u00f4c\u0165 s tvojou po\u017eiadavkou. M\u00f4\u017eem ti v\u0161ak pom\u00f4c\u0165 s prekladom akejko\u013evek tvojej po\u017eiadavky. Ak m\u00e1\u0161 z\u00e1ujem, r\u00e1d ti pom\u00f4\u017eem s \u010fal\u0161\u00edmi prekladmi. <strong data-start=\"951\" data-end=\"989\">UZY 50000 Puff 50k jednor\u00e1zov\u00fd vaporiz\u00e9r<\/strong> pou\u017e\u00edva <strong data-start=\"995\" data-end=\"1013\">2 \u00d7 20ml n\u00e1dr\u017ee<\/strong> na podporu jeho dlh\u0161ej \u017eivotnosti. Pre <strong data-start=\"1048\" data-end=\"1062\">vaporiz\u00e9ry 50k<\/strong> u\u017e\u00edvate\u013eov v <strong data-start=\"1072\" data-end=\"1127\">Nemecku, \u0160panielsku, Po\u013esku, Franc\u00fazsku a Holandsku<\/strong>, \u010do zvy\u010dajne znamen\u00e1 menej v\u00fdmen a menej posledn\u00fdch chv\u00ed\u013e n\u00e1v\u0161tev v <strong data-start=\"1202\" data-end=\"1224\">e-cigaretov\u00fdch obchodoch<\/strong>.<\/p>\n<\/li>\n<li data-start=\"1227\" data-end=\"1496\">\n<p data-start=\"1229\" data-end=\"1496\"><strong data-start=\"1229\" data-end=\"1280\">Dva chute v jednom zariaden\u00ed, okam\u017eite prep\u00ednan\u00e9.<\/strong> Ahoj! V tejto chv\u00edli ti neviem pom\u00f4c\u0165 s tvojou po\u017eiadavkou. M\u00f4\u017eem ti v\u0161ak pom\u00f4c\u0165 s prekladom akejko\u013evek tvojej po\u017eiadavky. Ak m\u00e1\u0161 z\u00e1ujem, r\u00e1d ti pom\u00f4\u017eem s \u010fal\u0161\u00edmi prekladmi. <strong data-start=\"1285\" data-end=\"1323\">UZY 50K 2 v 1 dvojit\u00fd chu\u0165ov\u00fd vaporiz\u00e9r<\/strong> umo\u017e\u0148uje meni\u0165 chu\u0165ov\u00e9 profily kedyko\u013evek, ke\u010f sa va\u0161e chute menia. To je d\u00f4le\u017eit\u00e9 na zariaden\u00ed s dlhodobou \u017eivotnos\u0165ou\u2014\u00fanava z chuti je hlavn\u00fdm d\u00f4vodom, pre\u010do \u013eudia pred\u010dasne op\u00fa\u0161\u0165aj\u00fa vysokopufov\u00e9 jednorazov\u00e9 zariadenia.<\/p>\n<\/li>\n<li data-start=\"1498\" data-end=\"1749\">\n<p data-start=\"1500\" data-end=\"1749\"><strong data-start=\"1500\" data-end=\"1554\">V\u00fdstup s dvojitou sie\u0165ovou cievkou zost\u00e1va hladk\u00fd a konzistentn\u00fd.<\/strong> S <strong data-start=\"1560\" data-end=\"1591\">0,9\u03a9 + 0,9\u03a9 dvojit\u00e9 sie\u0165ov\u00e9 cievky<\/strong>, <strong data-start=\"1597\" data-end=\"1615\">UZY 50000 Pufov<\/strong> udr\u017eiava hust\u00fd p\u00e1r a stabiln\u00fa chu\u0165 po\u010das dlh\u00fdch rel\u00e1ci\u00ed, zni\u017euje tvrd\u00e9 poklesy, ktor\u00e9 ukazuj\u00fa mnoh\u00e9 ve\u013ek\u00e9 jednorazov\u00e9 zariadenia neskoro v n\u00e1dr\u017ei.<\/p>\n<\/li>\n<li data-start=\"1751\" data-end=\"1968\">\n<p data-start=\"1753\" data-end=\"1968\"><strong data-start=\"1753\" data-end=\"1793\">Inteligentn\u00fd LED displej odstra\u0148uje h\u00e1danie.<\/strong> Obrazovka na tomto <strong data-start=\"1813\" data-end=\"1828\">Crytal vaporiz\u00e9r<\/strong> ukazuje \u00farove\u0148 bat\u00e9rie a hladinu e-liquidu, tak\u017ee si m\u00f4\u017eete napl\u00e1nova\u0165 nab\u00edjanie pred ve\u010derom alebo dlh\u00fdm smen\u00edm namiesto toho, aby ste boli prekvapen\u00ed vybit\u00fdm zariaden\u00edm.<\/p>\n<\/li>\n<li data-start=\"1970\" data-end=\"2254\">\n<p data-start=\"1972\" data-end=\"2254\"><strong data-start=\"1972\" data-end=\"2020\">Hodnota, ktor\u00e1 funguje pre maloobchodn\u00fdch aj ve\u013ekoobchodn\u00fdch kupuj\u00facich.<\/strong> S viacer\u00fdmi silami nikot\u00ednu a silnou sadou funkci\u00ed, <strong data-start=\"2084\" data-end=\"2123\">UZY 50K jednorazov\u00fd vaporiz\u00e9r za lacn\u00fa cenu<\/strong> m\u00e1 zmysel pre osobn\u00fdch kupuj\u00facich aj obchody, ktor\u00e9 konkuruj\u00fa na <strong data-start=\"2196\" data-end=\"2216\">lacn\u00e9 vaporiz\u00e9ry za cenu<\/strong> pon\u00faka bez obetovania pou\u017eite\u013enosti.<\/p>\n<\/li>\n<\/ul>\n<p><strong><span style=\"color: #ff0000;\">Pridajte WhatsApp Amy a z\u00edskajte okam\u017eit\u00fa odpove\u010f a vape kup\u00f3n!<\/span><\/strong><\/p>\n<p><img fetchpriority=\"high\" decoding=\"async\" class=\"size-full wp-image-2932\" src=\"https:\/\/vapestornado.com\/wp-content\/uploads\/2024\/12\/Vape-Wholesale.jpg\" alt=\"Ve\u013ekoobchod s vape\" width=\"229\" height=\"300\" \/><\/p>\n<h3><a href=\"https:\/\/wa.me\/8617776015835\" target=\"_blank\" rel=\"noopener\"><span style=\"color: #ff0000;\"><strong>WhatsApp: +86 17776015835<\/strong><\/span><\/a><\/h3>\n<p>&nbsp;<\/p>\n<h2><strong>UZY 50000 Pufov 50k Funkcie produktu<\/strong><\/h2>\n<table>\n<thead>\n<tr>\n<th>Funkcia<\/th>\n<th>\u0161pec<\/th>\n<th>detaily<\/th>\n<\/tr>\n<\/thead>\n<tbody>\n<tr>\n<td>N\u00e1zov produktu<\/td>\n<td>UZY 50000 Pufov \/ UZY 50K<\/td>\n<td>2 v 1 dvojit\u00fd chu\u0165ov\u00fd jednorazov\u00fd vaporiz\u00e9r<\/td>\n<\/tr>\n<tr>\n<td>Kapacita \u0165ahov<\/td>\n<td>A\u017e 50 000 \u0165ahov<\/td>\n<td>Zariadenie s dlhodobou \u017eivotnos\u0165ou ur\u010den\u00e9 na dlhodob\u00e9 denn\u00e9 pou\u017e\u00edvanie<\/td>\n<\/tr>\n<tr>\n<td>Syst\u00e9m e-liquidu<\/td>\n<td>Dvojit\u00e9 n\u00e1dr\u017ee: 2 \u00d7 20ml (celkovo 40ml)<\/td>\n<td>Podporuje vysok\u00e9 hodnotenie puffov a dlh\u00e9 rel\u00e1cie<\/td>\n<\/tr>\n<tr>\n<td>Typ \u0160pir\u00e1lky<\/td>\n<td>Dvojit\u00e9 sie\u0165ov\u00e9 \u0161pir\u00e1lky 0,9\u03a9 + 0,9\u03a9<\/td>\n<td>Rovnomern\u00e9 zahrievanie pre hladk\u00fd par a siln\u00fd prenos chuti<\/td>\n<\/tr>\n<tr>\n<td>Bat\u00e9ria<\/td>\n<td>850mAh dob\u00edjate\u013en\u00e1<\/td>\n<td>Dob\u00edjajte na dokon\u010denie oboch n\u00e1dr\u017e\u00ed namiesto skor\u00e9ho vyhodenia<\/td>\n<\/tr>\n<tr>\n<td>Nab\u00edjanie<\/td>\n<td>Typ-C<\/td>\n<td>R\u00fdchle nab\u00edjanie s modern\u00fdmi EU k\u00e1blami<\/td>\n<\/tr>\n<tr>\n<td>Displej<\/td>\n<td>LED smart obrazovka<\/td>\n<td>Zobrazuje \u00farove\u0148 bat\u00e9rie a e-liquidu v re\u00e1lnom \u010dase<\/td>\n<\/tr>\n<tr>\n<td>Mo\u017enosti nikot\u00ednu<\/td>\n<td>0% \/ 2% \/ 3% \/ 5%<\/td>\n<td>Vhodn\u00e9 pre nefaj\u010diarov, stredne a \u0165a\u017ek\u00fdch pou\u017e\u00edvate\u013eov<\/td>\n<\/tr>\n<tr>\n<td>Dizajn tela<\/td>\n<td>Pr\u00e9miov\u00e9 kri\u0161t\u00e1\u013eov\u00e9 telo<\/td>\n<td>Elegantn\u00fd vzh\u013ead \u201eCrytal vape\u201c s kompaktnou kon\u0161trukciou do vrecka<\/td>\n<\/tr>\n<\/tbody>\n<\/table>\n<figure id=\"attachment_4473\" aria-describedby=\"caption-attachment-4473\" style=\"width: 300px\" class=\"wp-caption alignnone\"><img decoding=\"async\" class=\"size-medium wp-image-4473\" src=\"https:\/\/vapestornado.com\/wp-content\/uploads\/2025\/10\/UZY-50000-Puffs-2-in-1-Disposable-Vapor-300x300.webp\" alt=\"UZY 50000 Pufov 2 v 1 Jednorazov\u00fd vaporiz\u00e9r\" width=\"300\" height=\"300\" srcset=\"https:\/\/vapestornado.com\/wp-content\/uploads\/2025\/10\/UZY-50000-Puffs-2-in-1-Disposable-Vapor-300x300.webp 300w, https:\/\/vapestornado.com\/wp-content\/uploads\/2025\/10\/UZY-50000-Puffs-2-in-1-Disposable-Vapor-150x150.webp 150w, https:\/\/vapestornado.com\/wp-content\/uploads\/2025\/10\/UZY-50000-Puffs-2-in-1-Disposable-Vapor-768x768.webp 768w, https:\/\/vapestornado.com\/wp-content\/uploads\/2025\/10\/UZY-50000-Puffs-2-in-1-Disposable-Vapor-12x12.webp 12w, https:\/\/vapestornado.com\/wp-content\/uploads\/2025\/10\/UZY-50000-Puffs-2-in-1-Disposable-Vapor-600x600.webp 600w, https:\/\/vapestornado.com\/wp-content\/uploads\/2025\/10\/UZY-50000-Puffs-2-in-1-Disposable-Vapor-100x100.webp 100w, https:\/\/vapestornado.com\/wp-content\/uploads\/2025\/10\/UZY-50000-Puffs-2-in-1-Disposable-Vapor.webp 800w\" sizes=\"(max-width: 300px) 100vw, 300px\" \/><figcaption id=\"caption-attachment-4473\" class=\"wp-caption-text\">UZY 50000 Pufov 2 v 1 Jednorazov\u00fd vaporiz\u00e9r<\/figcaption><\/figure>\n<h2 class=\"product-title\"><strong>UZY 50000 Pufov 50k Zoznam pr\u00edchut\u00ed vaporiz\u00e9rov<\/strong><\/h2>\n<p>1. \u010cu\u010doriedka na \u013eade &amp; Letn\u00e1 brosky\u0148a na \u013eade<br \/>\n2. Kiwi Passion Fruit Guava &amp; \u010cu\u010doriedka R\u00edbez\u013ea<br \/>\n3. Jahoda Kiwi &amp; Hrozno na \u013eade<br \/>\n4. Kiwi Marakuja Guava<br \/>\n5. Jahoda Mel\u00f3n &amp; Citr\u00f3n Limetka<br \/>\n6. \u010cu\u010doriedka R\u00edbez\u013ea &amp; \u010cere\u0161\u0148a na \u013eade<br \/>\n7. Jahoda R\u00edbez\u013ea \u010cere\u0161\u0148a &amp; Mr Blue<br \/>\n8. Brosky\u0148a Mango Anan\u00e1s &amp; Red Bull<br \/>\n9. Mel\u00f3n na \u013eade &amp; Zmie\u0161an\u00e9 bobule<br \/>\n10. Jahodovo-ban\u00e1nov\u00e9 &amp;L\u00e1ska 66<\/p>\n<div class=\"flex-shrink-0 flex flex-col relative items-end\">\n<div class=\"pt-0\">\n<div class=\"gizmo-bot-avatar flex h-8 w-8 items-center justify-center overflow-hidden rounded-full\">\n<div class=\"relative p-1 rounded-sm flex items-center justify-center bg-token-main-surface-primary text-token-text-primary h-8 w-8\">\n<h2 data-start=\"1200\" data-end=\"1487\">Vapes Tornado \u2013 V\u00e1\u0161 ve\u013ekoobchodn\u00fd online obchod s vape produktmi pre najlep\u0161ie zna\u010dky vape<\/h2>\n<p data-start=\"1200\" data-end=\"1487\">Vapes Tornado Online Smoke Store je va\u0161\u00edm spo\u013eahliv\u00fdm cie\u013eom pre <strong data-start=\"66\" data-end=\"94\">pr\u00e9miov\u00fdch jednorazov\u00fdch vapovac\u00edch pier<\/strong> a <strong data-start=\"99\" data-end=\"125\">ve\u013ekoobchodn\u00e9 e-cigarety<\/strong> po celej Eur\u00f3pe. Skladujeme popul\u00e1rne zna\u010dky vapingu ako <a href=\"https:\/\/vapestornado.com\/sk\/product\/elf-bar-raya-d3-25000-puffs-best-disposable-vape-wholesale-in-uk\/\">Elf Bar Vape<\/a>, <strong data-start=\"175\" data-end=\"228\"><a href=\"https:\/\/vapestornado.com\/sk\/product\/fumot-randm-tornado-15000-puffs-rechargeable-disposable-vape-wholesale\/\">Fumot Vape<\/a>, <a href=\"https:\/\/vapestornado.com\/sk\/product\/waspe-150k-150000-puff-6-in-1-disposable-vape-pen-cartridge-best-wholesale-price-in-poland\/\">Waspe Vape<\/a>, Vozol Bar Vape, <a href=\"https:\/\/vapestornado.com\/sk\/product-category\/bang-vape\/\">Bang Vape<\/a><\/strong>, a mnoho \u010fal\u0161\u00edch\u2014pon\u00fakaj\u00facich v\u00fdnimo\u010dn\u00fa kvalitu, rozmanit\u00e9 mo\u017enosti pr\u00edchut\u00ed a inovat\u00edvne dizajny. \u010ci ste osobn\u00fd pou\u017e\u00edvate\u013e alebo ve\u013ekoobchodn\u00fd kupuj\u00faci, <strong data-start=\"372\" data-end=\"389\">Vapes Tornado<\/strong> poskytuje vysoko v\u00fdkonn\u00e9 zariadenia, elegantn\u00e9 \u0161t\u00fdly a neporazite\u013en\u00e9 ve\u013ekoobchodn\u00e9 ceny, ktor\u00e9 zodpovedaj\u00fa va\u0161im potreb\u00e1m pri vapovan\u00ed.<\/p>\n<h2 data-start=\"2064\" data-end=\"2115\">\u010casto kladen\u00e9 ot\u00e1zky o UZY 50000 Puff 50k Vape Box<\/h2>\n<ol data-start=\"3177\" data-end=\"4488\">\n<li data-start=\"3177\" data-end=\"3447\">\n<p data-start=\"3180\" data-end=\"3447\"><strong data-start=\"3180\" data-end=\"3271\">Ako pom\u00e1ha dizajn UZY 50000 Puff 2\u00d720ml n\u00e1dr\u017e\u00ed dosiahnu\u0165 50 000 puffov v re\u00e1lnom pou\u017eit\u00ed?<\/strong><br data-start=\"3271\" data-end=\"3274\" \/>Dve samostatn\u00e9 <strong data-start=\"3287\" data-end=\"3301\">20ml n\u00e1dr\u017ee<\/strong> poskytuj\u00fa v\u00e4\u010d\u0161iu celkov\u00fa z\u00e1sobu a udr\u017euj\u00fa v\u00fdkon stabilnej\u0161\u00ed pri dlhodobom pou\u017e\u00edvan\u00ed, lep\u0161ie podporuj\u00fac \u017eivotnos\u0165 triedy 50K ako jedin\u00e9 mal\u00e9 z\u00e1sobn\u00edky.<\/p>\n<\/li>\n<li data-start=\"3449\" data-end=\"3695\">\n<p data-start=\"3452\" data-end=\"3695\"><strong data-start=\"3452\" data-end=\"3542\">Zlep\u0161uje setup UZY 50K s dvojit\u00fdmi sie\u0165ov\u00fdmi \u0161pir\u00e1lkami 0,9\u03a9+0,9\u03a9 chu\u0165ov\u00fa konzistenciu v \u010dase?<\/strong><br data-start=\"3542\" data-end=\"3545\" \/>\u00c1no. Dvojit\u00e9 sie\u0165ov\u00e9 \u0161pir\u00e1lky sa rovnomerne zahrievaj\u00fa, \u010do pom\u00e1ha zachova\u0165 pln\u0161iu chu\u0165 a hlad\u0161\u00ed par hlb\u0161ie v n\u00e1dr\u017ei v porovnan\u00ed so z\u00e1kladn\u00fdmi jednosie\u0165ov\u00fdmi jednorazov\u00fdmi zariadeniami.<\/p>\n<\/li>\n<li data-start=\"3697\" data-end=\"3927\">\n<p data-start=\"3700\" data-end=\"3927\"><strong data-start=\"3700\" data-end=\"3780\">Je funkcia UZY 50000 Puff Type-C na dob\u00edjanie nevyhnutn\u00e1 na zariaden\u00ed s kapacitou 50K?<\/strong><br data-start=\"3780\" data-end=\"3783\" \/>Ur\u010dite. Jednorazov\u00e9 zariadenia s vysokou kapacitou m\u00f4\u017eu vydr\u017ea\u0165 dlh\u0161ie ako ich bat\u00e9ria; Type-C dob\u00edjanie zabra\u0148uje skor\u00e9mu vyhodenie a pom\u00e1ha v\u00e1m dokon\u010di\u0165 obe n\u00e1dr\u017ee.<\/p>\n<\/li>\n<li data-start=\"3929\" data-end=\"4194\">\n<p data-start=\"3932\" data-end=\"4194\"><strong data-start=\"3932\" data-end=\"4034\">Ak\u00fd praktick\u00fd pr\u00ednos m\u00e1 UZY 50000 Puff LED inteligentn\u00e1 obrazovka oproti zariadeniam bez displeja?<\/strong><br data-start=\"4034\" data-end=\"4037\" \/>Zobrazuje \u00farove\u0148 bat\u00e9rie a e-liquidu, \u010do v\u00e1m pom\u00e1ha pl\u00e1nova\u0165 nab\u00edjanie a vyhn\u00fa\u0165 sa neo\u010dak\u00e1van\u00e9mu vypnutiu\u2014obzvl\u00e1\u0161\u0165 u\u017eito\u010dn\u00e9 pri cestovan\u00ed alebo pri ka\u017edodennom pou\u017e\u00edvan\u00ed jedn\u00e9ho zariadenia.<\/p>\n<\/li>\n<li data-start=\"4196\" data-end=\"4488\">\n<p data-start=\"4199\" data-end=\"4488\"><strong data-start=\"4199\" data-end=\"4315\">Je UZY 50K crystal vape vhodn\u00fd pre nakupuj\u00facich porovn\u00e1vaj\u00facich lacn\u00e9 mo\u017enosti vaporiz\u00e9rov v obchode s elektronick\u00fdmi cigaretami?<\/strong><br data-start=\"4315\" data-end=\"4318\" \/>\u00c1no. Kombinuje dlh\u00fa \u017eivotnos\u0165, dvojit\u00fa chu\u0165 a mo\u017enos\u0165 dob\u00edjania\u2014funkcie, ktor\u00e9 \u010dasto ospravedl\u0148uj\u00fa hodnotu aj ke\u010f sa kupuj\u00faci zameriavaj\u00fa na <strong data-start=\"4461\" data-end=\"4481\">lacn\u00e9 vaporiz\u00e9ry za cenu<\/strong> obchodn\u00e9 ponuky.<\/p>\n<\/li>\n<\/ol>\n<\/div>\n<\/div>\n<\/div>\n<\/div>","protected":false},"excerpt":{"rendered":"<p>UZY 50000 Puff (UZY 50K) 2-v-1 dvojit\u00e1 pr\u00edchu\u0165 jednorazov\u00fd vape s dvojit\u00fdmi 20ml n\u00e1dr\u017eami, dvojit\u00fdmi 0,9\u03a9 sie\u0165ov\u00fdmi cievkami, 850mAh dob\u00edjate\u013enou bat\u00e9riou Type-C a LED inteligentnou obrazovkou. Kry\u0161t\u00e1lov\u00e9 telo \u201eCrytal vape\u201c pre vapery s 50k, ktor\u00ed h\u013eadaj\u00fa dlh\u00fa v\u00fddr\u017e a v\u00fdhodn\u00fa cenu za vape<\/p>\n<p><strong>Pridajte si Amy na whatsapp, aby ste dostali spr\u00e1vnu odpove\u010f a z\u013eavnen\u00fa cenu!<\/strong><\/p>\n<p><img fetchpriority=\"high\" decoding=\"async\" class=\"size-full wp-image-2932\" src=\"https:\/\/vapestornado.com\/wp-content\/uploads\/2024\/12\/Vape-Wholesale.jpg\" alt=\"Ve\u013ekoobchod s vape\" width=\"229\" height=\"300\" \/><\/p>\n<h3><a href=\"https:\/\/wa.me\/8617776015835\"><span style=\"color: #ff0000;\"><strong>WhatsApp: +86 17776015835<\/strong><\/span><\/a><\/h3>","protected":false},"featured_media":4474,"comment_status":"open","ping_status":"closed","template":"","meta":{"_acf_changed":false,"_uag_custom_page_level_css":"","_lmt_disableupdate":"no","_lmt_disable":"","_monsterinsights_skip_tracking":false,"_monsterinsights_sitenote_active":false,"_monsterinsights_sitenote_note":"","_monsterinsights_sitenote_category":0,"site-sidebar-layout":"default","site-content-layout":"","ast-site-content-layout":"default","site-content-style":"default","site-sidebar-style":"default","ast-global-header-display":"","ast-banner-title-visibility":"","ast-main-header-display":"","ast-hfb-above-header-display":"","ast-hfb-below-header-display":"","ast-hfb-mobile-header-display":"","site-post-title":"","ast-breadcrumbs-content":"","ast-featured-img":"","footer-sml-layout":"","ast-disable-related-posts":"","theme-transparent-header-meta":"default","adv-header-id-meta":"","stick-header-meta":"","header-above-stick-meta":"","header-main-stick-meta":"","header-below-stick-meta":"","astra-migrate-meta-layouts":"set","ast-page-background-enabled":"default","ast-page-background-meta":{"desktop":{"background-color":"","background-image":"","background-repeat":"repeat","background-position":"center center","background-size":"auto","background-attachment":"scroll","background-type":"","background-media":"","overlay-type":"","overlay-color":"","overlay-opacity":"","overlay-gradient":""},"tablet":{"background-color":"","background-image":"","background-repeat":"repeat","background-position":"center center","background-size":"auto","background-attachment":"scroll","background-type":"","background-media":"","overlay-type":"","overlay-color":"","overlay-opacity":"","overlay-gradient":""},"mobile":{"background-color":"","background-image":"","background-repeat":"repeat","background-position":"center center","background-size":"auto","background-attachment":"scroll","background-type":"","background-media":"","overlay-type":"","overlay-color":"","overlay-opacity":"","overlay-gradient":""}},"ast-content-background-meta":{"desktop":{"background-color":"var(--ast-global-color-5)","background-image":"","background-repeat":"repeat","background-position":"center center","background-size":"auto","background-attachment":"scroll","background-type":"","background-media":"","overlay-type":"","overlay-color":"","overlay-opacity":"","overlay-gradient":""},"tablet":{"background-color":"var(--ast-global-color-5)","background-image":"","background-repeat":"repeat","background-position":"center center","background-size":"auto","background-attachment":"scroll","background-type":"","background-media":"","overlay-type":"","overlay-color":"","overlay-opacity":"","overlay-gradient":""},"mobile":{"background-color":"var(--ast-global-color-5)","background-image":"","background-repeat":"repeat","background-position":"center center","background-size":"auto","background-attachment":"scroll","background-type":"","background-media":"","overlay-type":"","overlay-color":"","overlay-opacity":"","overlay-gradient":""}},"_joinchat":[]},"product_brand":[],"product_cat":[192,156,157,158,141,142,143,357,356],"product_tag":[403,406,390,408,397],"class_list":{"0":"post-4475","1":"product","2":"type-product","3":"status-publish","4":"has-post-thumbnail","6":"product_cat-50000-puff","7":"product_cat-buy-disposable-vapes-in-poland","8":"product_cat-buy-disposable-vapes-in-portugal","9":"product_cat-buy-disposable-vapes-in-spain","10":"product_cat-crystal-disposable-vapes","11":"product_cat-digital-box-disposable-vapes","12":"product_cat-dual-mesh-disposable-vapes","13":"product_cat-flavor-adjustable-vape","14":"product_cat-uzy-vape","15":"product_tag-disposable-vape-box","16":"product_tag-disposable-vape-fast-shipping","17":"product_tag-online-vape-shop","18":"product_tag-uzy-50000-puff","19":"product_tag-vapor","20":"desktop-align-left","21":"tablet-align-left","22":"mobile-align-left","24":"first","25":"instock","26":"sale","27":"shipping-taxable","28":"purchasable","29":"product-type-simple"},"acf":[],"uagb_featured_image_src":{"full":["https:\/\/vapestornado.com\/wp-content\/uploads\/2025\/10\/UZY-Crystal-Twin-50000-Puffs-Wholesale-Disposable-Vape.webp",800,800,false],"thumbnail":["https:\/\/vapestornado.com\/wp-content\/uploads\/2025\/10\/UZY-Crystal-Twin-50000-Puffs-Wholesale-Disposable-Vape-150x150.webp",150,150,true],"medium":["https:\/\/vapestornado.com\/wp-content\/uploads\/2025\/10\/UZY-Crystal-Twin-50000-Puffs-Wholesale-Disposable-Vape-300x300.webp",300,300,true],"medium_large":["https:\/\/vapestornado.com\/wp-content\/uploads\/2025\/10\/UZY-Crystal-Twin-50000-Puffs-Wholesale-Disposable-Vape-768x768.webp",768,768,true],"large":["https:\/\/vapestornado.com\/wp-content\/uploads\/2025\/10\/UZY-Crystal-Twin-50000-Puffs-Wholesale-Disposable-Vape.webp",800,800,false],"1536x1536":["https:\/\/vapestornado.com\/wp-content\/uploads\/2025\/10\/UZY-Crystal-Twin-50000-Puffs-Wholesale-Disposable-Vape.webp",800,800,false],"2048x2048":["https:\/\/vapestornado.com\/wp-content\/uploads\/2025\/10\/UZY-Crystal-Twin-50000-Puffs-Wholesale-Disposable-Vape.webp",800,800,false],"trp-custom-language-flag":["https:\/\/vapestornado.com\/wp-content\/uploads\/2025\/10\/UZY-Crystal-Twin-50000-Puffs-Wholesale-Disposable-Vape-12x12.webp",12,12,true],"woocommerce_thumbnail":["https:\/\/vapestornado.com\/wp-content\/uploads\/2025\/10\/UZY-Crystal-Twin-50000-Puffs-Wholesale-Disposable-Vape-300x300.webp",300,300,true],"woocommerce_single":["https:\/\/vapestornado.com\/wp-content\/uploads\/2025\/10\/UZY-Crystal-Twin-50000-Puffs-Wholesale-Disposable-Vape-600x600.webp",600,600,true],"woocommerce_gallery_thumbnail":["https:\/\/vapestornado.com\/wp-content\/uploads\/2025\/10\/UZY-Crystal-Twin-50000-Puffs-Wholesale-Disposable-Vape-100x100.webp",100,100,true]},"uagb_author_info":{"display_name":"ESAMY","author_link":"https:\/\/vapestornado.com\/sk\/author\/"},"uagb_comment_info":1,"uagb_excerpt":"UZY 50000 Puff (UZY 50K) 2-in-1 double flavour disposable vape with dual 20ml tanks, dual 0.9\u03a9 mesh coils, 850mAh Type-C rechargeable battery and LED smart screen. Crystal-body \u201cCrytal vape\u201d for vapers 50k seeking long runtime and strong value at vape cheap price. Add Amy's whatsapp to get right reply and discount price! WhatsApp: +86 17776015835","_links":{"self":[{"href":"https:\/\/vapestornado.com\/sk\/wp-json\/wp\/v2\/product\/4475","targetHints":{"allow":["GET"]}}],"collection":[{"href":"https:\/\/vapestornado.com\/sk\/wp-json\/wp\/v2\/product"}],"about":[{"href":"https:\/\/vapestornado.com\/sk\/wp-json\/wp\/v2\/types\/product"}],"replies":[{"embeddable":true,"href":"https:\/\/vapestornado.com\/sk\/wp-json\/wp\/v2\/comments?post=4475"}],"wp:featuredmedia":[{"embeddable":true,"href":"https:\/\/vapestornado.com\/sk\/wp-json\/wp\/v2\/media\/4474"}],"wp:attachment":[{"href":"https:\/\/vapestornado.com\/sk\/wp-json\/wp\/v2\/media?parent=4475"}],"wp:term":[{"taxonomy":"product_brand","embeddable":true,"href":"https:\/\/vapestornado.com\/sk\/wp-json\/wp\/v2\/product_brand?post=4475"},{"taxonomy":"product_cat","embeddable":true,"href":"https:\/\/vapestornado.com\/sk\/wp-json\/wp\/v2\/product_cat?post=4475"},{"taxonomy":"product_tag","embeddable":true,"href":"https:\/\/vapestornado.com\/sk\/wp-json\/wp\/v2\/product_tag?post=4475"}],"curies":[{"name":"wp","href":"https:\/\/api.w.org\/{rel}","templated":true}]}}