{"id":4468,"date":"2025-10-29T07:16:35","date_gmt":"2025-10-29T07:16:35","guid":{"rendered":"https:\/\/vapestornado.com\/?post_type=product&#038;p=4468"},"modified":"2025-12-12T09:30:35","modified_gmt":"2025-12-12T09:30:35","slug":"okso-60k-60000-puffs-dual-flavor-disposable-vape-digital-display","status":"publish","type":"product","link":"https:\/\/vapestornado.com\/sk\/product\/okso-60k-60000-puffs-dual-flavor-disposable-vape-digital-display\/","title":{"rendered":"OKSO 60k 60000 potiahnut\u00ed Jednoduch\u00e9 pou\u017eitie s dvojitou pr\u00edchu\u0165ou Elektronick\u00e1 cigareta s digit\u00e1lnym displejom"},"content":{"rendered":"<h2 data-pm-slice=\"1 1 []\">OKSO 60k Pufov Dvojfarebn\u00e1 Jednorazov\u00e1 Vape \u2014 60000 Pufov Vaper LED Inteligentn\u00fd Displej<\/h2>\n<p data-start=\"936\" data-end=\"1368\"><strong data-start=\"102\" data-end=\"120\">OKSO 60k 60000 Pufov<\/strong> je dvojfarebn\u00e1 jednorazov\u00e1 zariadenie ur\u010den\u00e9 na dlh\u00e9 pou\u017e\u00edvanie a r\u00fdchle prep\u00ednanie chut\u00ed, bez toho aby sa zmenilo na tehlu vo vrecku. Dod\u00e1va <strong data-start=\"254\" data-end=\"276\">a\u017e 60 000 pufov<\/strong>, poh\u00e1\u0148an\u00e9 <strong data-start=\"289\" data-end=\"318\">dve 25 ml komory na chu\u0165<\/strong> (50 ml celkovo). A <strong data-start=\"335\" data-end=\"348\">sie\u0165ov\u00e1 cievka<\/strong> udr\u017eiava paru hladk\u00fa a chu\u0165 jasn\u00fa po\u010das dlh\u0161\u00edch rel\u00e1ci\u00ed, zatia\u013e \u010do <strong data-start=\"421\" data-end=\"442\">LED inteligentn\u00fd displej<\/strong> zobrazuje \u00farove\u0148 bat\u00e9rie a e-liquidu v re\u00e1lnom \u010dase. The <strong data-start=\"495\" data-end=\"526\">650mAh nab\u00edjate\u013enou bat\u00e9riou<\/strong> pom\u00e1ha v\u00e1m doplni\u0165 tekutinu namiesto skor\u00e9ho vyhodenia zariadenia.<\/p>\n<h3 data-start=\"997\" data-end=\"1048\">Hlavn\u00e9 vlastnosti v\u00fdkonu (SEO bohat\u00e9, zameran\u00e9 na pou\u017e\u00edvate\u013ea)<\/h3>\n<ul data-start=\"1050\" data-end=\"2596\">\n<li data-start=\"1050\" data-end=\"1416\">\n<p data-start=\"1052\" data-end=\"1416\"><strong data-start=\"1052\" data-end=\"1099\">Skuto\u010dn\u00e9 dlhodob\u00e9 zariadenie na v\u00e1\u017ene denn\u00e9 pou\u017e\u00edvanie.<\/strong> Ahoj! V tejto chv\u00edli ti neviem pom\u00f4c\u0165 s tvojou po\u017eiadavkou. M\u00f4\u017eem ti v\u0161ak pom\u00f4c\u0165 s prekladom akejko\u013evek tvojej po\u017eiadavky. Ak m\u00e1\u0161 z\u00e1ujem, r\u00e1d ti pom\u00f4\u017eem s \u010fal\u0161\u00edmi prekladmi. <strong data-start=\"1104\" data-end=\"1123\">OKSO 60000 Pufov<\/strong> je postaven\u00fd okolo <strong data-start=\"1140\" data-end=\"1174\">celkov\u00fd objem e-liquidu 50 ml (25 ml \u00d7 2)<\/strong>, \u010do podporuje jeho hodnotenie triedy 60K. Pre be\u017en\u00fdch pou\u017e\u00edvate\u013eov v <strong data-start=\"1234\" data-end=\"1279\">Slovensko, \u010cesko, Po\u013esko, Franc\u00fazsko a Taliansko<\/strong>, to m\u00f4\u017ee znamena\u0165 menej v\u00fdmen a menej impulz\u00edvnych n\u00e1kupov, aj ke\u010f miestny trh tla\u010d\u00ed na<strong data-start=\"1373\" data-end=\"1398\">Najlacnej\u0161ie e-cigarety<\/strong>\u201c<\/p>\n<\/li>\n<li data-start=\"1418\" data-end=\"1776\">\n<p data-start=\"1420\" data-end=\"1776\"><strong data-start=\"1420\" data-end=\"1477\">\u201d, ktor\u00e9 nevydr\u017eia dlho.<\/strong> Dvojfarebn\u00e9 prep\u00ednanie, ktor\u00e9 zost\u00e1va u\u017eito\u010dn\u00e9 aj t\u00fd\u017edne nesk\u00f4r. <strong data-start=\"1537\" data-end=\"1555\">Dlhodob\u00e9 jednorazov\u00e9 zariadenie potrebuje rozmanitos\u0165, inak ho opust\u00ed.<\/strong> OKSO 60k Pufov <strong data-start=\"1721\" data-end=\"1734\">Smok pods<\/strong> umo\u017e\u0148uje prep\u00edna\u0165 komory na chu\u0165 v sekund\u00e1ch, \u010do udr\u017eiava z\u00e1\u017eitok \u010derstv\u00fd bez nosenia dvoch zariaden\u00ed. Toto dosahuje ide\u00e1lnu rovnov\u00e1hu medzi jednoduchou jednorazovou a<\/p>\n<\/li>\n<li data-start=\"1778\" data-end=\"2069\">\n<p data-start=\"1780\" data-end=\"2069\"><strong data-start=\"1780\" data-end=\"1837\">Pocit \u0165ahu z mrie\u017ekov\u00e9ho cievky zost\u00e1va hladk\u00fd a s v\u00fdraznou chu\u0165ou.<\/strong> Mrie\u017ekov\u00e1 cievka rovnomerne rozprestiera teplo, tak\u017ee para zost\u00e1va konzistentn\u00e1 a chu\u0165 je hlb\u0161ie definovan\u00e1 aj pri ni\u017e\u0161om mno\u017estve kvapaliny. Pri ve\u013ek\u00fdch zariadeniach na \u0165ahanie je \u010dasto slab\u00fdm miestom \u201etvrdos\u0165 v neskor\u0161ej f\u00e1ze\u201c \u2014 toto rie\u0161enie je navrhnut\u00e9 tak, aby sa tomu zabr\u00e1nilo.<\/p>\n<\/li>\n<li data-start=\"2071\" data-end=\"2350\">\n<p data-start=\"2073\" data-end=\"2350\"><strong data-start=\"2073\" data-end=\"2117\">Inteligentn\u00fd LED displej odstra\u0148uje h\u00e1danie.<\/strong> \u00darovne bat\u00e9rie a e-liquidu s\u00fa vidite\u013en\u00e9 na prv\u00fd poh\u013ead. To je d\u00f4le\u017eit\u00e9, ke\u010f ste cel\u00fd de\u0148 vonku, na cest\u00e1ch alebo sa spoliehate na jedno zariadenie. Preto <strong data-start=\"2265\" data-end=\"2285\">online vape obchode<\/strong> kupuj\u00faci maj\u00fa tendenciu d\u00f4verova\u0165 zariadeniam s prieh\u013eadn\u00fdmi indik\u00e1tormi stavu.<\/p>\n<\/li>\n<li data-start=\"2352\" data-end=\"2596\">\n<p data-start=\"2354\" data-end=\"2596\"><strong data-start=\"2354\" data-end=\"2432\">Dob\u00edjate\u013en\u00e1 bat\u00e9ria udr\u017e\u00ed zariadenie pou\u017eite\u013en\u00e9, k\u00fdm sa kvapalina nezm\u00ed\u0148a.<\/strong> Ahoj! V tejto chv\u00edli ti neviem pom\u00f4c\u0165 s tvojou po\u017eiadavkou. M\u00f4\u017eem ti v\u0161ak pom\u00f4c\u0165 s prekladom akejko\u013evek tvojej po\u017eiadavky. Ak m\u00e1\u0161 z\u00e1ujem, r\u00e1d ti pom\u00f4\u017eem s \u010fal\u0161\u00edmi prekladmi. <strong data-start=\"2437\" data-end=\"2481\">Dob\u00edjate\u013en\u00fd vaporiz\u00e9r OKSO 60000 Pufov s kapacitou 650mAh<\/strong> je navrhnut\u00fd tak, aby sa dop\u013a\u0148al pod\u013ea potreby, \u010d\u00edm sa predch\u00e1dza be\u017en\u00e9mu probl\u00e9mu, ke\u010f bat\u00e9ria vypne sk\u00f4r, ne\u017e sa vypr\u00e1zdni n\u00e1dr\u017eka.<\/p>\n<\/li>\n<\/ul>\n<p>Tento produkt je vhodn\u00fd pre koncov\u00fdch pou\u017e\u00edvate\u013eov aj pre <strong data-start=\"657\" data-end=\"677\">online vape obchode<\/strong> katal\u00f3g: s vysokou kapacitou, \u013eahko vysvetlite\u013en\u00fd a postaven\u00fd okolo funkci\u00ed, ktor\u00e9 \u013eudia skuto\u010dne pou\u017e\u00edvaj\u00fa.<\/p>\n<p><strong><span style=\"color: #ff0000;\">Pridajte WhatsApp Amy a z\u00edskajte okam\u017eit\u00fa odpove\u010f a vape kup\u00f3n!<\/span><\/strong><\/p>\n<p><img fetchpriority=\"high\" decoding=\"async\" class=\"size-full wp-image-2932\" src=\"https:\/\/vapestornado.com\/wp-content\/uploads\/2024\/12\/Vape-Wholesale.jpg\" alt=\"Ve\u013ekoobchod s vape\" width=\"229\" height=\"300\" \/><\/p>\n<h3><a href=\"https:\/\/wa.me\/8617776015835\" target=\"_blank\" rel=\"noopener\"><span style=\"color: #ff0000;\"><strong>WhatsApp: +86 17776015835<\/strong><\/span><\/a><\/h3>\n<p>&nbsp;<\/p>\n<h2><strong>OKSO 60k 60000 \u0164ahov Vlastnosti produktu<\/strong><\/h2>\n<table>\n<thead>\n<tr>\n<th>Funkcia<\/th>\n<th>\u0161pec<\/th>\n<th>detaily<\/th>\n<\/tr>\n<\/thead>\n<tbody>\n<tr>\n<td>N\u00e1zov produktu<\/td>\n<td>OKSO 60k Pufov \/ OKSO 60000 Pufov<\/td>\n<td>Jednorazov\u00fd vaporiz\u00e9r s dvoma pr\u00edchu\u0165ami a displejom<\/td>\n<\/tr>\n<tr>\n<td>Kapacita \u0165ahov<\/td>\n<td>A\u017e 60 000 \u0165ahov<\/td>\n<td>Vysokokapacitn\u00e9 zariadenie ur\u010den\u00e9 na dlhodob\u00e9 pou\u017e\u00edvanie<\/td>\n<\/tr>\n<tr>\n<td>Syst\u00e9m e-liquidu<\/td>\n<td>25ml \u00d7 2 komory na pr\u00edchute (celkovo 50ml)<\/td>\n<td>Podporuje dlh\u00fa dobu prev\u00e1dzky a prep\u00ednanie pr\u00edchut\u00ed<\/td>\n<\/tr>\n<tr>\n<td>Typ \u0160pir\u00e1lky<\/td>\n<td>Mesh cievka<\/td>\n<td>Rovnomern\u00e9 zahrievanie pre hladk\u00fd par a stabiln\u00fa chu\u0165<\/td>\n<\/tr>\n<tr>\n<td>Bat\u00e9ria<\/td>\n<td>650mAh nab\u00edjate\u013en\u00e1<\/td>\n<td>Dob\u00edjajte na vyu\u017eitie plnej kapacity kvapaliny<\/td>\n<\/tr>\n<tr>\n<td>Displej<\/td>\n<td>LED smart obrazovka<\/td>\n<td>Zobrazuje \u00farove\u0148 bat\u00e9rie a e-liquidu v re\u00e1lnom \u010dase<\/td>\n<\/tr>\n<tr>\n<td>Mo\u017enosti nikot\u00ednu<\/td>\n<td>0% \/ 2% \/ 3% \/ 5%<\/td>\n<td>Vhodn\u00e9 pre nikot\u00ednov\u00e9 aj beznikot\u00ednov\u00e9 preferencie<\/td>\n<\/tr>\n<tr>\n<td>Mo\u017enosti pr\u00edchut\u00ed<\/td>\n<td>Viac ako 20 kombin\u00e1ci\u00ed dvojitej pr\u00edchute<\/td>\n<td>\u0160irok\u00e1 rot\u00e1cia pre dlhodob\u00e9 pou\u017e\u00edvanie<\/td>\n<\/tr>\n<tr>\n<td>Umiestnenie<\/td>\n<td>Maloobchod + ve\u013ekoobchod<\/td>\n<td>Silne vhodn\u00e9 pre online zoznamy vape shopov<\/td>\n<\/tr>\n<\/tbody>\n<\/table>\n<p>&nbsp;<\/p>\n<figure id=\"attachment_4464\" aria-describedby=\"caption-attachment-4464\" style=\"width: 800px\" class=\"wp-caption alignnone\"><img decoding=\"async\" class=\"wp-image-4464 size-full\" src=\"https:\/\/vapestornado.com\/wp-content\/uploads\/2025\/10\/OKSO-60000-Puff-Disposable-Vape-Bulk-Buy.webp\" alt=\"OKSO 60000 \u0164ahov Jednorazov\u00fd Vaporiz\u00e9r Hromadn\u00fd N\u00e1kup\" width=\"800\" height=\"800\" srcset=\"https:\/\/vapestornado.com\/wp-content\/uploads\/2025\/10\/OKSO-60000-Puff-Disposable-Vape-Bulk-Buy.webp 800w, https:\/\/vapestornado.com\/wp-content\/uploads\/2025\/10\/OKSO-60000-Puff-Disposable-Vape-Bulk-Buy-300x300.webp 300w, https:\/\/vapestornado.com\/wp-content\/uploads\/2025\/10\/OKSO-60000-Puff-Disposable-Vape-Bulk-Buy-150x150.webp 150w, https:\/\/vapestornado.com\/wp-content\/uploads\/2025\/10\/OKSO-60000-Puff-Disposable-Vape-Bulk-Buy-768x768.webp 768w, https:\/\/vapestornado.com\/wp-content\/uploads\/2025\/10\/OKSO-60000-Puff-Disposable-Vape-Bulk-Buy-12x12.webp 12w, https:\/\/vapestornado.com\/wp-content\/uploads\/2025\/10\/OKSO-60000-Puff-Disposable-Vape-Bulk-Buy-600x600.webp 600w, https:\/\/vapestornado.com\/wp-content\/uploads\/2025\/10\/OKSO-60000-Puff-Disposable-Vape-Bulk-Buy-100x100.webp 100w\" sizes=\"(max-width: 800px) 100vw, 800px\" \/><figcaption id=\"caption-attachment-4464\" class=\"wp-caption-text\">OKSO 60000 \u0164ahov Jednorazov\u00fd Vaporiz\u00e9r Hromadn\u00fd N\u00e1kup<\/figcaption><\/figure>\n<h2 class=\"product-title\"><strong>OKSO 60k 60000 \u0164ahov Zoznam Pr\u00edchut\u00ed Vaporiz\u00e9ra<\/strong><\/h2>\n<p>1.Blue Razz &amp; Love 66<br \/>\n2.Jahoda \u010cere\u0161\u0148a &amp; Kiwi Marakuja Guava<br \/>\n3.Mel\u00f3nov\u00e1 \u017duva\u010dka &amp; Mie\u0161an\u00e9 Ovocie<br \/>\n4.Jahoda Ban\u00e1n &amp; \u010cere\u0161\u0148ov\u00e1 Fiesta<br \/>\n5.Mel\u00f3nov\u00fd \u013ead &amp; Brosky\u0148a Mango<br \/>\n6.Blue Razz Limon\u00e1da &amp; Jablko Brosky\u0148a<br \/>\n7.\u010cerven\u00e1 Energia \u013ead &amp; Hroznov\u00fd \u013ead<br \/>\n8. Jahodov\u00e1 vodn\u00e1 mel\u00f3n &amp; Dva jablk\u00e1<br \/>\n9. Modr\u00fd Razz \u010cere\u0161\u0148a Cranberry &amp; M\u00e4ta<br \/>\n10. \u010cu\u010doriedkov\u00e1 \u013ead &amp; \u010cierna r\u00edbez\u013ea<br \/>\n11. Anan\u00e1sov\u00e1 \u013ead &amp; Drakovo ovocie \u013ead<br \/>\n12. Trojit\u00fd mango &amp; Jahodov\u00fd Big Bang<br \/>\n13. Ban\u00e1n Anan\u00e1s &amp; \u010cu\u010doriedka Brosky\u0148a \u013ead<br \/>\n14. Hroznov\u00fd d\u017eem &amp; \u010cu\u010doriedka \u010cere\u0161\u0148a \u010cernica<br \/>\n15. Ban\u00e1n \u013ead &amp; Mango Passion Fruit<br \/>\n16. \u0160\u0165avnat\u00e9 broskyne &amp; D\u017e\u00fas z d\u017eungle<br \/>\n17. \u010cere\u0161\u0148ov\u00e9 m\u00e4kk\u00e9 cukr\u00edky &amp; Vodn\u00e1 mel\u00f3n Mojito<br \/>\n18. \u010cere\u0161\u0148ov\u00e1 Cola &amp; Hroznov\u00fd Citr\u00f3n<br \/>\n19. Chladiv\u00e1 M\u00e4ta Mojito &amp; Citr\u00f3n Limeta<br \/>\n20. Jahodovo Gran\u00e1tov\u00e9 Jablko &amp; Jablko Hru\u0161ky<\/p>\n<div class=\"flex-shrink-0 flex flex-col relative items-end\">\n<div class=\"pt-0\">\n<div class=\"gizmo-bot-avatar flex h-8 w-8 items-center justify-center overflow-hidden rounded-full\">\n<div class=\"relative p-1 rounded-sm flex items-center justify-center bg-token-main-surface-primary text-token-text-primary h-8 w-8\">\n<h2 data-start=\"1200\" data-end=\"1487\">Vapes Tornado \u2013 V\u00e1\u0161 ve\u013ekoobchodn\u00fd online obchod s vape produktmi pre najlep\u0161ie zna\u010dky vape<\/h2>\n<p data-start=\"1200\" data-end=\"1487\">Vapes Tornado Online Smoke Store je va\u0161\u00edm spo\u013eahliv\u00fdm cie\u013eom pre <strong data-start=\"66\" data-end=\"94\">pr\u00e9miov\u00fdch jednorazov\u00fdch vapovac\u00edch pier<\/strong> a <strong data-start=\"99\" data-end=\"125\">ve\u013ekoobchodn\u00e9 e-cigarety<\/strong> po celej Eur\u00f3pe. Skladujeme popul\u00e1rne zna\u010dky vapingu ako <a href=\"https:\/\/vapestornado.com\/sk\/product\/elf-bar-raya-d3-25000-puffs-best-disposable-vape-wholesale-in-uk\/\">Elf Bar Vape<\/a>, <strong data-start=\"175\" data-end=\"228\"><a href=\"https:\/\/vapestornado.com\/sk\/product\/fumot-randm-tornado-15000-puffs-rechargeable-disposable-vape-wholesale\/\">Fumot Vape<\/a>, <a href=\"https:\/\/vapestornado.com\/sk\/product\/waspe-150k-150000-puff-6-in-1-disposable-vape-pen-cartridge-best-wholesale-price-in-poland\/\">Waspe Vape<\/a>, Vozol Bar Vape, <a href=\"https:\/\/vapestornado.com\/sk\/product-category\/bang-vape\/\">Bang Vape<\/a><\/strong>, a mnoho \u010fal\u0161\u00edch\u2014pon\u00fakaj\u00facich v\u00fdnimo\u010dn\u00fa kvalitu, rozmanit\u00e9 mo\u017enosti pr\u00edchut\u00ed a inovat\u00edvne dizajny. \u010ci ste osobn\u00fd pou\u017e\u00edvate\u013e alebo ve\u013ekoobchodn\u00fd kupuj\u00faci, <strong data-start=\"372\" data-end=\"389\">Vapes Tornado<\/strong> poskytuje vysoko v\u00fdkonn\u00e9 zariadenia, elegantn\u00e9 \u0161t\u00fdly a neporazite\u013en\u00e9 ve\u013ekoobchodn\u00e9 ceny, ktor\u00e9 zodpovedaj\u00fa va\u0161im potreb\u00e1m pri vapovan\u00ed.<\/p>\n<h2 data-start=\"2064\" data-end=\"2115\">\u010casto kladen\u00e9 ot\u00e1zky o OKSO 60k 60000 Pufov Dob\u00edjate\u013en\u00fd Vaporiz\u00e9r<\/h2>\n<h2 data-start=\"3458\" data-end=\"3494\"><\/h2>\n<ol data-start=\"3496\" data-end=\"4856\">\n<li data-start=\"3496\" data-end=\"3764\">\n<p data-start=\"3499\" data-end=\"3764\"><strong data-start=\"3499\" data-end=\"3609\">Ako podporuje OKSO 60000 Puff dvojit\u00fd pr\u00edchu\u0165 jednorazov\u00e9ho zariadenia s 25ml \u00d7 2 komorami tak vysok\u00fd po\u010det potiahnut\u00ed?<\/strong><br data-start=\"3609\" data-end=\"3612\" \/>Dve samostatn\u00e9 <strong data-start=\"3625\" data-end=\"3642\">25ml komory<\/strong> poskytuje <strong data-start=\"3651\" data-end=\"3674\">celkov\u00e1 kapacita 50ml<\/strong>, ktor\u00e1 je navrhnut\u00e1 pre dlh\u00fa \u017eivotnos\u0165 a pom\u00e1ha zariadeniu zosta\u0165 konzistentn\u00fdm po\u010das dlhodob\u00e9ho pou\u017e\u00edvania.<\/p>\n<\/li>\n<li data-start=\"3766\" data-end=\"4000\">\n<p data-start=\"3769\" data-end=\"4000\"><strong data-start=\"3769\" data-end=\"3865\">Pom\u00e1ha sie\u0165ov\u00e1 cievka v jednorazovom vaporiz\u00e9ri OKSO 60k Puffs predch\u00e1dza\u0165 drsn\u00fdm \u0165ahom bl\u00edzko konca?<\/strong><br data-start=\"3865\" data-end=\"3868\" \/>Sie\u0165ov\u00e9 cievky sa ohrej\u00fa rovnomernej\u0161ie ako z\u00e1kladn\u00e9 dr\u00f4tov\u00e9 cievky, \u010do pom\u00e1ha udr\u017ea\u0165 paru jemn\u00fa a chu\u0165 jasnej\u0161iu hlb\u0161ie do z\u00e1soby tekutiny.<\/p>\n<\/li>\n<li data-start=\"4002\" data-end=\"4260\">\n<p data-start=\"4005\" data-end=\"4260\"><strong data-start=\"4005\" data-end=\"4096\">Je nab\u00edjate\u013en\u00e1 bat\u00e9ria OKSO 60000 Puff dostato\u010dn\u00e1 na dokon\u010denie oboch pr\u00edchut\u00ed kom\u00f4r?<\/strong><br data-start=\"4096\" data-end=\"4099\" \/>To je \u00fa\u010del nab\u00edjania. The <strong data-start=\"4142\" data-end=\"4160\">650mAh bat\u00e9riou<\/strong> sa d\u00e1 doplni\u0165 nab\u00edjan\u00edm pod\u013ea potreby, tak\u017ee m\u00f4\u017eete dokon\u010di\u0165 pln\u00fdch 50ml namiesto skor\u0161ieho ukon\u010denia.<\/p>\n<\/li>\n<li data-start=\"4262\" data-end=\"4508\">\n<p data-start=\"4265\" data-end=\"4508\"><strong data-start=\"4265\" data-end=\"4356\">\u010co prid\u00e1va LED inteligentn\u00fd displej na OKSO 60k Puffs dvojitom pr\u00edchu\u0165ovom jednorazovom vaporiz\u00e9ri?<\/strong><br data-start=\"4356\" data-end=\"4359\" \/>Ukazuje stav bat\u00e9rie a e-liquidu, \u010do u\u013eah\u010duje pl\u00e1novanie nab\u00edjania a vyh\u00fdbanie sa neo\u010dak\u00e1van\u00fdm vypnutiam\u2014obzvl\u00e1\u0161\u0165 u\u017eito\u010dn\u00e9 po\u010das cestovania alebo dlh\u00fdch pracovn\u00fdch dn\u00ed.<\/p>\n<\/li>\n<li data-start=\"4510\" data-end=\"4856\">\n<p data-start=\"4513\" data-end=\"4856\"><strong data-start=\"4513\" data-end=\"4614\">Pre\u010do by online obchod s vaporiz\u00e9rmi uv\u00e1dzal OKSO 60k Puffs namiesto toho, aby propagoval len najlacnej\u0161ie e-cigarety?<\/strong><br data-start=\"4614\" data-end=\"4617\" \/>\u201eNajlacnej\u0161ie e-cigarety\u201c \u010dasto vyhr\u00e1vaj\u00fa na cene, ale str\u00e1caj\u00fa na dlhovekosti a spokojnosti pou\u017e\u00edvate\u013eov. OKSO 60k Puffs sa pred\u00e1va na z\u00e1klade trv\u00e1cnej hodnoty: vysok\u00e1 kapacita, dvojit\u00e9 pr\u00edchute, sledovanie na displeji a nab\u00edjate\u013en\u00e1 pou\u017eite\u013enos\u0165\u2014funkcie, ktor\u00e9 ved\u00fa k opakovan\u00fdm z\u00e1kazn\u00edkom.<\/p>\n<\/li>\n<\/ol>\n<\/div>\n<\/div>\n<\/div>\n<\/div>","protected":false},"excerpt":{"rendered":"<p>OKSO 60K Puff Vape \u2013 Dvojfarebn\u00fd LED jednorazov\u00fd vaporiz\u00e9r pre eur\u00f3psky trh<br \/>\nOKSO 60000 Puffs Multy Flavor Dob\u00edjate\u013en\u00fd vaporiz\u00e9r ve\u013ekoobchod Eur\u00f3pa<br \/>\nK\u00fapte si OKSO 60K Dvojfarebn\u00fd Jednorazov\u00fd vaporiz\u00e9r \u2013 Ed\u00edcia s LED displejom 650mAh<\/p>\n<p><strong>Pridajte si Amy na whatsapp, aby ste dostali spr\u00e1vnu odpove\u010f a z\u013eavnen\u00fa cenu!<\/strong><\/p>\n<p><img fetchpriority=\"high\" decoding=\"async\" class=\"size-full wp-image-2932\" src=\"https:\/\/vapestornado.com\/wp-content\/uploads\/2024\/12\/Vape-Wholesale.jpg\" alt=\"Ve\u013ekoobchod s vape\" width=\"229\" height=\"300\" \/><\/p>\n<h3><a href=\"https:\/\/wa.me\/8617776015835\"><span style=\"color: #ff0000;\"><strong>WhatsApp: +86 17776015835<\/strong><\/span><\/a><\/h3>","protected":false},"featured_media":4463,"comment_status":"open","ping_status":"closed","template":"","meta":{"_acf_changed":false,"_uag_custom_page_level_css":"","_lmt_disableupdate":"no","_lmt_disable":"","_monsterinsights_skip_tracking":false,"_monsterinsights_sitenote_active":false,"_monsterinsights_sitenote_note":"","_monsterinsights_sitenote_category":0,"site-sidebar-layout":"default","site-content-layout":"","ast-site-content-layout":"default","site-content-style":"default","site-sidebar-style":"default","ast-global-header-display":"","ast-banner-title-visibility":"","ast-main-header-display":"","ast-hfb-above-header-display":"","ast-hfb-below-header-display":"","ast-hfb-mobile-header-display":"","site-post-title":"","ast-breadcrumbs-content":"","ast-featured-img":"","footer-sml-layout":"","ast-disable-related-posts":"","theme-transparent-header-meta":"default","adv-header-id-meta":"","stick-header-meta":"","header-above-stick-meta":"","header-main-stick-meta":"","header-below-stick-meta":"","astra-migrate-meta-layouts":"set","ast-page-background-enabled":"default","ast-page-background-meta":{"desktop":{"background-color":"","background-image":"","background-repeat":"repeat","background-position":"center center","background-size":"auto","background-attachment":"scroll","background-type":"","background-media":"","overlay-type":"","overlay-color":"","overlay-opacity":"","overlay-gradient":""},"tablet":{"background-color":"","background-image":"","background-repeat":"repeat","background-position":"center center","background-size":"auto","background-attachment":"scroll","background-type":"","background-media":"","overlay-type":"","overlay-color":"","overlay-opacity":"","overlay-gradient":""},"mobile":{"background-color":"","background-image":"","background-repeat":"repeat","background-position":"center center","background-size":"auto","background-attachment":"scroll","background-type":"","background-media":"","overlay-type":"","overlay-color":"","overlay-opacity":"","overlay-gradient":""}},"ast-content-background-meta":{"desktop":{"background-color":"var(--ast-global-color-5)","background-image":"","background-repeat":"repeat","background-position":"center center","background-size":"auto","background-attachment":"scroll","background-type":"","background-media":"","overlay-type":"","overlay-color":"","overlay-opacity":"","overlay-gradient":""},"tablet":{"background-color":"var(--ast-global-color-5)","background-image":"","background-repeat":"repeat","background-position":"center center","background-size":"auto","background-attachment":"scroll","background-type":"","background-media":"","overlay-type":"","overlay-color":"","overlay-opacity":"","overlay-gradient":""},"mobile":{"background-color":"var(--ast-global-color-5)","background-image":"","background-repeat":"repeat","background-position":"center center","background-size":"auto","background-attachment":"scroll","background-type":"","background-media":"","overlay-type":"","overlay-color":"","overlay-opacity":"","overlay-gradient":""}},"_joinchat":[]},"product_brand":[],"product_cat":[343,149,151,157,143,357],"product_tag":[493,403,406,407,390,494,397],"class_list":{"0":"post-4468","1":"product","2":"type-product","3":"status-publish","4":"has-post-thumbnail","6":"product_cat-60000-puff","7":"product_cat-buy-disposable-vapes-in-austria","8":"product_cat-buy-disposable-vapes-in-france","9":"product_cat-buy-disposable-vapes-in-portugal","10":"product_cat-dual-mesh-disposable-vapes","11":"product_cat-flavor-adjustable-vape","12":"product_tag-cheapest-e-cigarettes","13":"product_tag-disposable-vape-box","14":"product_tag-disposable-vape-fast-shipping","15":"product_tag-okso-60k-60000-puff","16":"product_tag-online-vape-shop","17":"product_tag-smok-pods","18":"product_tag-vapor","19":"desktop-align-left","20":"tablet-align-left","21":"mobile-align-left","23":"first","24":"instock","25":"sale","26":"shipping-taxable","27":"purchasable","28":"product-type-simple"},"acf":[],"uagb_featured_image_src":{"full":["https:\/\/vapestornado.com\/wp-content\/uploads\/2025\/10\/OKSO-60k-Puffs-Dual-Flavor-Disposable-Vape-LED-Display.webp",800,800,false],"thumbnail":["https:\/\/vapestornado.com\/wp-content\/uploads\/2025\/10\/OKSO-60k-Puffs-Dual-Flavor-Disposable-Vape-LED-Display-150x150.webp",150,150,true],"medium":["https:\/\/vapestornado.com\/wp-content\/uploads\/2025\/10\/OKSO-60k-Puffs-Dual-Flavor-Disposable-Vape-LED-Display-300x300.webp",300,300,true],"medium_large":["https:\/\/vapestornado.com\/wp-content\/uploads\/2025\/10\/OKSO-60k-Puffs-Dual-Flavor-Disposable-Vape-LED-Display-768x768.webp",768,768,true],"large":["https:\/\/vapestornado.com\/wp-content\/uploads\/2025\/10\/OKSO-60k-Puffs-Dual-Flavor-Disposable-Vape-LED-Display.webp",800,800,false],"1536x1536":["https:\/\/vapestornado.com\/wp-content\/uploads\/2025\/10\/OKSO-60k-Puffs-Dual-Flavor-Disposable-Vape-LED-Display.webp",800,800,false],"2048x2048":["https:\/\/vapestornado.com\/wp-content\/uploads\/2025\/10\/OKSO-60k-Puffs-Dual-Flavor-Disposable-Vape-LED-Display.webp",800,800,false],"trp-custom-language-flag":["https:\/\/vapestornado.com\/wp-content\/uploads\/2025\/10\/OKSO-60k-Puffs-Dual-Flavor-Disposable-Vape-LED-Display-12x12.webp",12,12,true],"woocommerce_thumbnail":["https:\/\/vapestornado.com\/wp-content\/uploads\/2025\/10\/OKSO-60k-Puffs-Dual-Flavor-Disposable-Vape-LED-Display-300x300.webp",300,300,true],"woocommerce_single":["https:\/\/vapestornado.com\/wp-content\/uploads\/2025\/10\/OKSO-60k-Puffs-Dual-Flavor-Disposable-Vape-LED-Display-600x600.webp",600,600,true],"woocommerce_gallery_thumbnail":["https:\/\/vapestornado.com\/wp-content\/uploads\/2025\/10\/OKSO-60k-Puffs-Dual-Flavor-Disposable-Vape-LED-Display-100x100.webp",100,100,true]},"uagb_author_info":{"display_name":"ESAMY","author_link":"https:\/\/vapestornado.com\/sk\/author\/"},"uagb_comment_info":1,"uagb_excerpt":"OKSO 60K Puff Vape \u2013 Dual Flavor LED Disposable vape for EU Market OKSO 60000 Puffs Multy Flavor Rechargeable Vape Wholesale Europe Buy OKSO 60K Dual Flavor Disposable Vape \u2013 650mAh LED Screen Edition Add Amy's whatsapp to get right reply and discount price! WhatsApp: +86 17776015835","_links":{"self":[{"href":"https:\/\/vapestornado.com\/sk\/wp-json\/wp\/v2\/product\/4468","targetHints":{"allow":["GET"]}}],"collection":[{"href":"https:\/\/vapestornado.com\/sk\/wp-json\/wp\/v2\/product"}],"about":[{"href":"https:\/\/vapestornado.com\/sk\/wp-json\/wp\/v2\/types\/product"}],"replies":[{"embeddable":true,"href":"https:\/\/vapestornado.com\/sk\/wp-json\/wp\/v2\/comments?post=4468"}],"wp:featuredmedia":[{"embeddable":true,"href":"https:\/\/vapestornado.com\/sk\/wp-json\/wp\/v2\/media\/4463"}],"wp:attachment":[{"href":"https:\/\/vapestornado.com\/sk\/wp-json\/wp\/v2\/media?parent=4468"}],"wp:term":[{"taxonomy":"product_brand","embeddable":true,"href":"https:\/\/vapestornado.com\/sk\/wp-json\/wp\/v2\/product_brand?post=4468"},{"taxonomy":"product_cat","embeddable":true,"href":"https:\/\/vapestornado.com\/sk\/wp-json\/wp\/v2\/product_cat?post=4468"},{"taxonomy":"product_tag","embeddable":true,"href":"https:\/\/vapestornado.com\/sk\/wp-json\/wp\/v2\/product_tag?post=4468"}],"curies":[{"name":"wp","href":"https:\/\/api.w.org\/{rel}","templated":true}]}}