{"id":4462,"date":"2025-10-28T06:37:23","date_gmt":"2025-10-28T06:37:23","guid":{"rendered":"https:\/\/vapestornado.com\/?post_type=product&#038;p=4462"},"modified":"2025-10-28T07:04:10","modified_gmt":"2025-10-28T07:04:10","slug":"stagbar-nexus-60k-puffs-buy-disposable-vapes-online-wholesale-price","status":"publish","type":"product","link":"https:\/\/vapestornado.com\/sk\/product\/stagbar-nexus-60k-puffs-buy-disposable-vapes-online-wholesale-price\/","title":{"rendered":"STAGBAR NEXUS 60K potiahnut\u00ed Jednorazov\u00e9 vaporiz\u00e9ry na k\u00fapu online ve\u013ekoobchodn\u00e1 cena"},"content":{"rendered":"<h2 data-pm-slice=\"1 1 []\">STAGBAR NEXUS 60K potiahnut\u00ed Jednorazov\u00e9 vaporiz\u00e9ry na k\u00fapu online ve\u013ekoobchodn\u00e1 cena<\/h2>\n<p data-start=\"329\" data-end=\"654\"><strong data-start=\"329\" data-end=\"350\">STAGBAR NEXUS 60K<\/strong> je nov\u00e1 hviezda <strong data-start=\"369\" data-end=\"389\">Jednorazov\u00fd vapor<\/strong> vyroben\u00fd pre vaperov, ktor\u00ed po\u017eaduj\u00fa dlhotrvaj\u00faci v\u00fdkon a modern\u00fd dizajn. S ve\u013ekou <strong data-start=\"469\" data-end=\"493\">kapacitou 60 000 potiahnut\u00ed<\/strong>, toto zariadenie redefinuje hodnotu na <strong data-start=\"530\" data-end=\"559\">ve\u013ekoobchod s jednorazov\u00fdmi vapami<\/strong> trhu \u2013 pon\u00faka dlhodob\u00e9 pou\u017e\u00edvanie, stabiln\u00fd v\u00fdkon a prvotriednu kvalitu chuti pri ka\u017edom potiahnut\u00ed.<\/p>\n<p data-start=\"656\" data-end=\"1059\">Navrhnut\u00e9 pre pohodlie a komfort, <strong data-start=\"698\" data-end=\"721\">STAGBAR NEXUS 60000<\/strong> obsahuje <strong data-start=\"733\" data-end=\"751\">du\u00e1lna sie\u0165ov\u00e1 cievka<\/strong> ktor\u00fd zais\u0165uje bohat\u00fa chu\u0165 a hust\u00fa paru, zatia\u013e \u010do <strong data-start=\"803\" data-end=\"832\">nastavite\u013en\u00e9ho pr\u00fadenia vzduchu<\/strong> v\u00e1m umo\u017e\u0148uje prisp\u00f4sobi\u0165 si ka\u017ed\u00e9 potiahnutie od tesn\u00e9ho MTL po otvoren\u00e9 DTL. A <strong data-start=\"892\" data-end=\"913\">inteligentn\u00fd LED displej<\/strong> v\u00e1s informuje o hladin\u00e1ch e-liquidu a bat\u00e9rie a <strong data-start=\"973\" data-end=\"1011\">850mAh Type-C nab\u00edjate\u013en\u00e1 bat\u00e9ria<\/strong> poskytuje konzistentn\u00fd v\u00fdkon s r\u00fdchlym nab\u00edjan\u00edm.<\/p>\n<p data-start=\"1061\" data-end=\"1301\">Stagbar Vapes teraz ovl\u00e1daj\u00fa trh E\u00da, najm\u00e4 \u0161panielsky trh, a st\u00e1vaj\u00fa sa najpred\u00e1vanej\u0161\u00edmi modelmi a najob\u013e\u00fabenej\u0161\u00edmi zna\u010dkami medzi vapermi. Pre vaperov a distrib\u00fatorov, ktor\u00ed chc\u00fa <strong data-start=\"1100\" data-end=\"1131\">k\u00fapi\u0165 jednorazov\u00e9 vapy online<\/strong> so spo\u013eahlivou kvalitou, elegantn\u00fdm \u0161t\u00fdlom a <strong data-start=\"1172\" data-end=\"1189\">r\u00fdchle doru\u010denie<\/strong> v celej Eur\u00f3pe, <strong data-start=\"1205\" data-end=\"1226\">STAGBAR NEXUS 60K<\/strong> je dokonal\u00e9 rie\u0161enie typu v\u0161etko v jednom pre maloobchodn\u00fdch aj ve\u013ekoobchodn\u00fdch kupuj\u00facich.<\/p>\n<p data-start=\"1061\" data-end=\"1301\">Teraz s\u00fa jednorazov\u00e9 vape pody STAGBAR NEXUS 60K Puffs dostupn\u00e9 v sklade E\u00da, \u010do trv\u00e1 iba 3-7 pracovn\u00fdch dn\u00ed pre r\u00fdchle doru\u010denie!<\/p>\n<p><strong><span style=\"color: #ff0000;\">Pridajte WhatsApp Amy a z\u00edskajte okam\u017eit\u00fa odpove\u010f a vape kup\u00f3n!<\/span><\/strong><\/p>\n<p><img fetchpriority=\"high\" decoding=\"async\" class=\"size-full wp-image-2932\" src=\"https:\/\/vapestornado.com\/wp-content\/uploads\/2024\/12\/Vape-Wholesale.jpg\" alt=\"Ve\u013ekoobchod s vape\" width=\"229\" height=\"300\" \/><\/p>\n<h3><a href=\"https:\/\/wa.me\/8617776015835\" target=\"_blank\" rel=\"noopener\"><span style=\"color: #ff0000;\"><strong>WhatsApp: +86 17776015835<\/strong><\/span><\/a><\/h3>\n<p>&nbsp;<\/p>\n<h2><strong>Vlastnosti produktu STAGBAR NEXUS 60K Puff<\/strong><\/h2>\n<ul>\n<li data-start=\"1329\" data-end=\"1383\">\n<p data-start=\"1331\" data-end=\"1383\"><strong data-start=\"1331\" data-end=\"1353\">A\u017e 60 000 potiahnut\u00ed<\/strong> pre ultra dlh\u00e9 pou\u017e\u00edvanie.<\/p>\n<\/li>\n<li data-start=\"1384\" data-end=\"1452\">\n<p data-start=\"1386\" data-end=\"1452\"><strong data-start=\"1386\" data-end=\"1411\">Dvojit\u00e1 mrie\u017ekov\u00e1 cievka (0,9\u03a9)<\/strong> pre zv\u00fd\u0161en\u00fa chu\u0165 a hustotu pary.<\/p>\n<\/li>\n<li data-start=\"1453\" data-end=\"1514\">\n<p data-start=\"1455\" data-end=\"1514\"><strong data-start=\"1455\" data-end=\"1481\">Kapacita e-liquidu 50 ml<\/strong> predplnen\u00e9 pr\u00e9miov\u00fdmi zmesami.<\/p>\n<\/li>\n<li data-start=\"1515\" data-end=\"1577\">\n<p data-start=\"1517\" data-end=\"1577\"><strong data-start=\"1517\" data-end=\"1548\">850mAh Nab\u00edjate\u013en\u00e1 Bat\u00e9ria<\/strong> s r\u00fdchlym nab\u00edjan\u00edm Type-C.<\/p>\n<\/li>\n<li data-start=\"1578\" data-end=\"1643\">\n<p data-start=\"1580\" data-end=\"1643\"><strong data-start=\"1580\" data-end=\"1610\">Nastavite\u013en\u00e1 kontrola pr\u00fadenia vzduchu<\/strong> pre personalizovan\u00fd \u0161t\u00fdl vapovania.<\/p>\n<\/li>\n<li data-start=\"1644\" data-end=\"1716\">\n<p data-start=\"1646\" data-end=\"1716\"><strong data-start=\"1646\" data-end=\"1668\">LED Displej<\/strong> ukazuje \u00farove\u0148 v\u00fdkonu a e-liquidu v re\u00e1lnom \u010dase.<\/p>\n<\/li>\n<li data-start=\"1717\" data-end=\"1777\">\n<p data-start=\"1719\" data-end=\"1777\"><strong data-start=\"1719\" data-end=\"1742\">Mo\u017enosti nikot\u00ednu 2% &amp; 5%<\/strong> pre flexibiln\u00e9 preferencie trhu.<\/p>\n<\/li>\n<\/ul>\n<figure id=\"attachment_4456\" aria-describedby=\"caption-attachment-4456\" style=\"width: 800px\" class=\"wp-caption alignnone\"><img decoding=\"async\" class=\"wp-image-4456 size-full\" src=\"https:\/\/vapestornado.com\/wp-content\/uploads\/2025\/10\/Stagbar-Nexus-60000-60K-Puffs-Disposable-Vape-Box.webp\" alt=\"Stagbar Nexus 60000 60K Potiahnut\u00ed Jednorazov\u00e1 Vape Box\" width=\"800\" height=\"800\" srcset=\"https:\/\/vapestornado.com\/wp-content\/uploads\/2025\/10\/Stagbar-Nexus-60000-60K-Puffs-Disposable-Vape-Box.webp 800w, https:\/\/vapestornado.com\/wp-content\/uploads\/2025\/10\/Stagbar-Nexus-60000-60K-Puffs-Disposable-Vape-Box-300x300.webp 300w, https:\/\/vapestornado.com\/wp-content\/uploads\/2025\/10\/Stagbar-Nexus-60000-60K-Puffs-Disposable-Vape-Box-150x150.webp 150w, https:\/\/vapestornado.com\/wp-content\/uploads\/2025\/10\/Stagbar-Nexus-60000-60K-Puffs-Disposable-Vape-Box-768x768.webp 768w, https:\/\/vapestornado.com\/wp-content\/uploads\/2025\/10\/Stagbar-Nexus-60000-60K-Puffs-Disposable-Vape-Box-12x12.webp 12w, https:\/\/vapestornado.com\/wp-content\/uploads\/2025\/10\/Stagbar-Nexus-60000-60K-Puffs-Disposable-Vape-Box-600x600.webp 600w, https:\/\/vapestornado.com\/wp-content\/uploads\/2025\/10\/Stagbar-Nexus-60000-60K-Puffs-Disposable-Vape-Box-100x100.webp 100w\" sizes=\"(max-width: 800px) 100vw, 800px\" \/><figcaption id=\"caption-attachment-4456\" class=\"wp-caption-text\">Stagbar Nexus 60000 60K Potiahnut\u00ed Jednorazov\u00e1 Vape Box<\/figcaption><\/figure>\n<h2 class=\"product-title\"><strong>Zoznam pr\u00edchut\u00ed vape STAGBAR NEXUS 60K Potiahnut\u00ed<\/strong><\/h2>\n<ol data-start=\"1828\" data-end=\"2025\">\n<li data-start=\"1828\" data-end=\"1847\">\n<p data-start=\"1831\" data-end=\"1847\">\u013dadov\u00fd mel\u00f3n<\/p>\n<\/li>\n<li data-start=\"1848\" data-end=\"1876\">\n<p data-start=\"1851\" data-end=\"1876\">Modr\u00e1 malina s \u013eadom<\/p>\n<\/li>\n<li data-start=\"1877\" data-end=\"1895\">\n<p data-start=\"1880\" data-end=\"1895\">Zmie\u0161an\u00e9 bobule<\/p>\n<\/li>\n<li data-start=\"1896\" data-end=\"1917\">\n<p data-start=\"1899\" data-end=\"1917\">Jahodov\u00e9 hrozno<\/p>\n<\/li>\n<li data-start=\"1918\" data-end=\"1938\">\n<p data-start=\"1921\" data-end=\"1938\">Jahoda Kivi<\/p>\n<\/li>\n<li data-start=\"1939\" data-end=\"1951\">\n<p data-start=\"1942\" data-end=\"1951\">L\u00e1ska 66<\/p>\n<\/li>\n<li data-start=\"1952\" data-end=\"1977\">\n<p data-start=\"1955\" data-end=\"1977\">Malina Mel\u00f3n<\/p>\n<\/li>\n<li data-start=\"1978\" data-end=\"1993\">\n<p data-start=\"1981\" data-end=\"1993\">Citr\u00f3n Limetka<\/p>\n<\/li>\n<li data-start=\"1994\" data-end=\"2010\">\n<p data-start=\"1997\" data-end=\"2010\">Brosky\u0148a Mango<\/p>\n<\/li>\n<li data-start=\"2011\" data-end=\"2025\">\n<p data-start=\"2015\" data-end=\"2025\">\u010cerven\u00fd b\u00fdk<\/p>\n<\/li>\n<\/ol>\n<div class=\"flex-shrink-0 flex flex-col relative items-end\">\n<div class=\"pt-0\">\n<div class=\"gizmo-bot-avatar flex h-8 w-8 items-center justify-center overflow-hidden rounded-full\">\n<div class=\"relative p-1 rounded-sm flex items-center justify-center bg-token-main-surface-primary text-token-text-primary h-8 w-8\">\n<h2 data-start=\"1200\" data-end=\"1487\">Vapes Tornado \u2013 V\u00e1\u0161 ve\u013ekoobchodn\u00fd online obchod s vape produktmi pre najlep\u0161ie zna\u010dky vape<\/h2>\n<p data-start=\"1200\" data-end=\"1487\">Vapes Tornado Online Smoke Store je va\u0161\u00edm spo\u013eahliv\u00fdm cie\u013eom pre <strong data-start=\"66\" data-end=\"94\">pr\u00e9miov\u00fdch jednorazov\u00fdch vapovac\u00edch pier<\/strong> a <strong data-start=\"99\" data-end=\"125\">ve\u013ekoobchodn\u00e9 e-cigarety<\/strong> po celej Eur\u00f3pe. Skladujeme popul\u00e1rne zna\u010dky vapingu ako <a href=\"https:\/\/vapestornado.com\/sk\/product\/elf-bar-raya-d3-25000-puffs-best-disposable-vape-wholesale-in-uk\/\">Elf Bar Vape<\/a>, <strong data-start=\"175\" data-end=\"228\"><a href=\"https:\/\/vapestornado.com\/sk\/product\/fumot-randm-tornado-15000-puffs-rechargeable-disposable-vape-wholesale\/\">Fumot Vape<\/a>, <a href=\"https:\/\/vapestornado.com\/sk\/product\/waspe-150k-150000-puff-6-in-1-disposable-vape-pen-cartridge-best-wholesale-price-in-poland\/\">Waspe Vape<\/a>, Vozol Bar Vape, <a href=\"https:\/\/vapestornado.com\/sk\/product-category\/bang-vape\/\">Bang Vape<\/a><\/strong>, a mnoho \u010fal\u0161\u00edch\u2014pon\u00fakaj\u00facich v\u00fdnimo\u010dn\u00fa kvalitu, rozmanit\u00e9 mo\u017enosti pr\u00edchut\u00ed a inovat\u00edvne dizajny. \u010ci ste osobn\u00fd pou\u017e\u00edvate\u013e alebo ve\u013ekoobchodn\u00fd kupuj\u00faci, <strong data-start=\"372\" data-end=\"389\">Vapes Tornado<\/strong> poskytuje vysoko v\u00fdkonn\u00e9 zariadenia, elegantn\u00e9 \u0161t\u00fdly a neporazite\u013en\u00e9 ve\u013ekoobchodn\u00e9 ceny, ktor\u00e9 zodpovedaj\u00fa va\u0161im potreb\u00e1m pri vapovan\u00ed.<\/p>\n<h2 data-start=\"2064\" data-end=\"2115\">\u010casto kladen\u00e9 ot\u00e1zky o STAGBAR NEXUS 60K Puffs Rechargeable Vape<\/h2>\n<p data-start=\"2043\" data-end=\"2212\"><strong data-start=\"2043\" data-end=\"2094\">Q1: Ako dlho vydr\u017e\u00ed STAGBAR NEXUS 60000?<\/strong><br data-start=\"2094\" data-end=\"2097\" \/>A1: Poskytuje a\u017e <strong data-start=\"2119\" data-end=\"2135\">60 000 pufmi<\/strong>, navrhnut\u00e9 na dlhodob\u00e9 pou\u017e\u00edvanie\u2014ove\u013ea dlh\u0161ie ako tradi\u010dn\u00e9 jednorazov\u00e9 vaporiz\u00e9ry.<\/p>\n<p data-start=\"2214\" data-end=\"2395\"><strong data-start=\"2214\" data-end=\"2275\">Q2: M\u00f4\u017eem nab\u00edja\u0165 STAGBAR NEXUS 60K Jednorazov\u00fd vaporiz\u00e9r?<\/strong><br data-start=\"2275\" data-end=\"2278\" \/>A2: \u00c1no. Prich\u00e1dza s <strong data-start=\"2304\" data-end=\"2342\">850mAh Type-C nab\u00edjate\u013en\u00e1 bat\u00e9ria<\/strong>, zabezpe\u010duj\u00facim plynul\u00e9 vapovanie bez preru\u0161enia.<\/p>\n<p data-start=\"2397\" data-end=\"2579\"><strong data-start=\"2397\" data-end=\"2456\">Q3: M\u00e1 STAGBAR 60K nastavite\u013en\u00fd prietok vzduchu?<\/strong><br data-start=\"2456\" data-end=\"2459\" \/>A3: Absol\u00fatne. M\u00f4\u017eete upravi\u0165 prietok vzduchu, aby ste dosiahli svoj preferovan\u00fd \u0161t\u00fdl \u0165ahu \u2013 od hladk\u00fdch MTL \u0165ahov po v\u00e4\u010d\u0161ie oblaky.<\/p>\n<p data-start=\"2581\" data-end=\"2765\"><strong data-start=\"2581\" data-end=\"2644\">Q4: Ako zist\u00edm, kedy je vape na konci e-liquidu?<\/strong><br data-start=\"2644\" data-end=\"2647\" \/>A4: The <strong data-start=\"2655\" data-end=\"2670\">LED displej<\/strong> jasne nazna\u010duje oba <strong data-start=\"2694\" data-end=\"2725\">\u00farove\u0148 bat\u00e9rie a e-liquidu<\/strong>, tak\u017ee v\u00e1s nikdy nezasko\u010d\u00ed.<\/p>\n<p data-start=\"2767\" data-end=\"2979\"><strong data-start=\"2767\" data-end=\"2848\">Q5: Kde m\u00f4\u017eem k\u00fapi\u0165 ve\u013ekoobchodne jednorazov\u00e9 vaporiz\u00e9ry STAGBAR NEXUS 60000 v Eur\u00f3pe?<\/strong><br data-start=\"2848\" data-end=\"2851\" \/>A5: M\u00f4\u017eete <strong data-start=\"2863\" data-end=\"2894\">k\u00fapi\u0165 jednorazov\u00e9 vapy online<\/strong> u d\u00f4veryhodn\u00fdch distrib\u00fatorov so s\u00eddlom v E\u00da, ktor\u00ed pon\u00fakaj\u00fa <strong data-start=\"2937\" data-end=\"2976\">r\u00fdchle doru\u010denie a ve\u013ekoobchodn\u00e9 ceny<\/strong>.<\/p>\n<\/div>\n<\/div>\n<\/div>\n<\/div>","protected":false},"excerpt":{"rendered":"<p>STAGBAR NEXUS 60K Jednorazov\u00e1 vaporiz\u00e9r ve\u013ekoobchod \u2013 K\u00fapte online s r\u00fdchlym doru\u010den\u00edm do E\u00da<\/p>\n<p>STAGBAR NEXUS 60000 Pufov Vaporiz\u00e9r \u2013 Dob\u00edjate\u013en\u00fd jednorazov\u00fd vaporiz\u00e9r pre Eur\u00f3pu<\/p>\n<p>K\u00fapte STAGBAR NEXUS 60K Pufov Jednorazov\u00fd vaporiz\u00e9r online \u2013 Ve\u013ekoobchodn\u00e1 cena a r\u00fdchle doru\u010denie<\/p>\n<p><strong>Pridajte si Amy na whatsapp, aby ste dostali spr\u00e1vnu odpove\u010f a z\u013eavnen\u00fa cenu!<\/strong><\/p>\n<p><img fetchpriority=\"high\" decoding=\"async\" class=\"size-full wp-image-2932\" src=\"https:\/\/vapestornado.com\/wp-content\/uploads\/2024\/12\/Vape-Wholesale.jpg\" alt=\"Ve\u013ekoobchod s vape\" width=\"229\" height=\"300\" \/><\/p>\n<h3><a href=\"https:\/\/wa.me\/8617776015835\"><span style=\"color: #ff0000;\"><strong>WhatsApp: +86 17776015835<\/strong><\/span><\/a><\/h3>","protected":false},"featured_media":4460,"comment_status":"open","ping_status":"closed","template":"","meta":{"_acf_changed":false,"_uag_custom_page_level_css":"","_lmt_disableupdate":"no","_lmt_disable":"","_monsterinsights_skip_tracking":false,"_monsterinsights_sitenote_active":false,"_monsterinsights_sitenote_note":"","_monsterinsights_sitenote_category":0,"site-sidebar-layout":"default","site-content-layout":"","ast-site-content-layout":"default","site-content-style":"default","site-sidebar-style":"default","ast-global-header-display":"","ast-banner-title-visibility":"","ast-main-header-display":"","ast-hfb-above-header-display":"","ast-hfb-below-header-display":"","ast-hfb-mobile-header-display":"","site-post-title":"","ast-breadcrumbs-content":"","ast-featured-img":"","footer-sml-layout":"","ast-disable-related-posts":"","theme-transparent-header-meta":"default","adv-header-id-meta":"","stick-header-meta":"","header-above-stick-meta":"","header-main-stick-meta":"","header-below-stick-meta":"","astra-migrate-meta-layouts":"set","ast-page-background-enabled":"default","ast-page-background-meta":{"desktop":{"background-color":"","background-image":"","background-repeat":"repeat","background-position":"center center","background-size":"auto","background-attachment":"scroll","background-type":"","background-media":"","overlay-type":"","overlay-color":"","overlay-opacity":"","overlay-gradient":""},"tablet":{"background-color":"","background-image":"","background-repeat":"repeat","background-position":"center center","background-size":"auto","background-attachment":"scroll","background-type":"","background-media":"","overlay-type":"","overlay-color":"","overlay-opacity":"","overlay-gradient":""},"mobile":{"background-color":"","background-image":"","background-repeat":"repeat","background-position":"center center","background-size":"auto","background-attachment":"scroll","background-type":"","background-media":"","overlay-type":"","overlay-color":"","overlay-opacity":"","overlay-gradient":""}},"ast-content-background-meta":{"desktop":{"background-color":"var(--ast-global-color-5)","background-image":"","background-repeat":"repeat","background-position":"center center","background-size":"auto","background-attachment":"scroll","background-type":"","background-media":"","overlay-type":"","overlay-color":"","overlay-opacity":"","overlay-gradient":""},"tablet":{"background-color":"var(--ast-global-color-5)","background-image":"","background-repeat":"repeat","background-position":"center center","background-size":"auto","background-attachment":"scroll","background-type":"","background-media":"","overlay-type":"","overlay-color":"","overlay-opacity":"","overlay-gradient":""},"mobile":{"background-color":"var(--ast-global-color-5)","background-image":"","background-repeat":"repeat","background-position":"center center","background-size":"auto","background-attachment":"scroll","background-type":"","background-media":"","overlay-type":"","overlay-color":"","overlay-opacity":"","overlay-gradient":""}},"_joinchat":[]},"product_brand":[],"product_cat":[343,152,156,158,143,357,146],"product_tag":[403,406,390,405,397,404],"class_list":{"0":"post-4462","1":"product","2":"type-product","3":"status-publish","4":"has-post-thumbnail","6":"product_cat-60000-puff","7":"product_cat-buy-disposable-vapes-in-cermany","8":"product_cat-buy-disposable-vapes-in-poland","9":"product_cat-buy-disposable-vapes-in-spain","10":"product_cat-dual-mesh-disposable-vapes","11":"product_cat-flavor-adjustable-vape","12":"product_cat-rechargeable-disposable-vapes","13":"product_tag-disposable-vape-box","14":"product_tag-disposable-vape-fast-shipping","15":"product_tag-online-vape-shop","16":"product_tag-stagbar-nexus-60k","17":"product_tag-vapor","18":"product_tag-wholesale-online-vape-store","19":"desktop-align-left","20":"tablet-align-left","21":"mobile-align-left","23":"first","24":"instock","25":"sale","26":"shipping-taxable","27":"purchasable","28":"product-type-simple"},"acf":[],"uagb_featured_image_src":{"full":["https:\/\/vapestornado.com\/wp-content\/uploads\/2025\/10\/Stagbar-Nexus-60000-60K-Puffs-Disposable-Vape-1.webp",800,800,false],"thumbnail":["https:\/\/vapestornado.com\/wp-content\/uploads\/2025\/10\/Stagbar-Nexus-60000-60K-Puffs-Disposable-Vape-1-150x150.webp",150,150,true],"medium":["https:\/\/vapestornado.com\/wp-content\/uploads\/2025\/10\/Stagbar-Nexus-60000-60K-Puffs-Disposable-Vape-1-300x300.webp",300,300,true],"medium_large":["https:\/\/vapestornado.com\/wp-content\/uploads\/2025\/10\/Stagbar-Nexus-60000-60K-Puffs-Disposable-Vape-1-768x768.webp",768,768,true],"large":["https:\/\/vapestornado.com\/wp-content\/uploads\/2025\/10\/Stagbar-Nexus-60000-60K-Puffs-Disposable-Vape-1.webp",800,800,false],"1536x1536":["https:\/\/vapestornado.com\/wp-content\/uploads\/2025\/10\/Stagbar-Nexus-60000-60K-Puffs-Disposable-Vape-1.webp",800,800,false],"2048x2048":["https:\/\/vapestornado.com\/wp-content\/uploads\/2025\/10\/Stagbar-Nexus-60000-60K-Puffs-Disposable-Vape-1.webp",800,800,false],"trp-custom-language-flag":["https:\/\/vapestornado.com\/wp-content\/uploads\/2025\/10\/Stagbar-Nexus-60000-60K-Puffs-Disposable-Vape-1-12x12.webp",12,12,true],"woocommerce_thumbnail":["https:\/\/vapestornado.com\/wp-content\/uploads\/2025\/10\/Stagbar-Nexus-60000-60K-Puffs-Disposable-Vape-1-300x300.webp",300,300,true],"woocommerce_single":["https:\/\/vapestornado.com\/wp-content\/uploads\/2025\/10\/Stagbar-Nexus-60000-60K-Puffs-Disposable-Vape-1-600x600.webp",600,600,true],"woocommerce_gallery_thumbnail":["https:\/\/vapestornado.com\/wp-content\/uploads\/2025\/10\/Stagbar-Nexus-60000-60K-Puffs-Disposable-Vape-1-100x100.webp",100,100,true]},"uagb_author_info":{"display_name":"ESAMY","author_link":"https:\/\/vapestornado.com\/sk\/author\/"},"uagb_comment_info":1,"uagb_excerpt":"STAGBAR NEXUS 60K Disposable Vape Wholesale \u2013 Buy Online with Fast EU Shipping STAGBAR NEXUS 60000 Puffs Vape \u2013 Rechargeable Disposable Vapor for Europe Buy STAGBAR NEXUS 60K Puffs Disposable Vape Online \u2013 Wholesale Price &amp; Fast Delivery Add Amy's whatsapp to get right reply and discount price! WhatsApp: +86 17776015835","_links":{"self":[{"href":"https:\/\/vapestornado.com\/sk\/wp-json\/wp\/v2\/product\/4462","targetHints":{"allow":["GET"]}}],"collection":[{"href":"https:\/\/vapestornado.com\/sk\/wp-json\/wp\/v2\/product"}],"about":[{"href":"https:\/\/vapestornado.com\/sk\/wp-json\/wp\/v2\/types\/product"}],"replies":[{"embeddable":true,"href":"https:\/\/vapestornado.com\/sk\/wp-json\/wp\/v2\/comments?post=4462"}],"wp:featuredmedia":[{"embeddable":true,"href":"https:\/\/vapestornado.com\/sk\/wp-json\/wp\/v2\/media\/4460"}],"wp:attachment":[{"href":"https:\/\/vapestornado.com\/sk\/wp-json\/wp\/v2\/media?parent=4462"}],"wp:term":[{"taxonomy":"product_brand","embeddable":true,"href":"https:\/\/vapestornado.com\/sk\/wp-json\/wp\/v2\/product_brand?post=4462"},{"taxonomy":"product_cat","embeddable":true,"href":"https:\/\/vapestornado.com\/sk\/wp-json\/wp\/v2\/product_cat?post=4462"},{"taxonomy":"product_tag","embeddable":true,"href":"https:\/\/vapestornado.com\/sk\/wp-json\/wp\/v2\/product_tag?post=4462"}],"curies":[{"name":"wp","href":"https:\/\/api.w.org\/{rel}","templated":true}]}}