{"id":4446,"date":"2025-10-22T08:01:53","date_gmt":"2025-10-22T08:01:53","guid":{"rendered":"https:\/\/vapestornado.com\/?post_type=product&#038;p=4446"},"modified":"2025-12-12T09:47:39","modified_gmt":"2025-12-12T09:47:39","slug":"stagbar-king-40000-40k-puff-rechargeable-disposable-vape-shop-online","status":"publish","type":"product","link":"https:\/\/vapestornado.com\/sk\/product\/stagbar-king-40000-40k-puff-rechargeable-disposable-vape-shop-online\/","title":{"rendered":"Stagbar King 40000 40K Pufov Dob\u00edjate\u013en\u00e1 Jednorazov\u00e1 Vape Shop Online"},"content":{"rendered":"<h2 data-pm-slice=\"1 1 []\">Stagbar King 40000 \u0164ahov Nab\u00edjate\u013en\u00e1 Jednorazov\u00e1 Vape \u2013 Vyroben\u00e9 pre Dlhotrvaj\u00faci V\u00fdkon a R\u00fdchle Doru\u010denie zo Skladu v E\u00da<\/h2>\n<p data-start=\"1208\" data-end=\"1450\"><strong data-start=\"119\" data-end=\"141\">Stagbar King 40000<\/strong> je navrhnut\u00fd na dlhodob\u00e9 ka\u017edodenn\u00e9 pou\u017e\u00edvanie s \u0165ahom, ktor\u00fd si m\u00f4\u017eete skuto\u010dne doladi\u0165. Dod\u00e1va <strong data-start=\"217\" data-end=\"239\">a\u017e 40 000 pufov<\/strong>, be\u017e\u00ed na <strong data-start=\"248\" data-end=\"266\">1.0\u03a9 mesh \u0161pir\u00e1lka<\/strong> pre hladk\u00fa chu\u0165 a stabiln\u00fa paru, a prid\u00e1va <strong data-start=\"314\" data-end=\"336\">nastavite\u013en\u00fd prietok vzduchu<\/strong> tak\u017ee ten ist\u00fd zariadenie m\u00f4\u017ee p\u00f4sobi\u0165 tesne ako MTL alebo otvorene a vzdu\u0161ne pre v\u00e4\u010d\u0161ie oblaky. <strong data-start=\"416\" data-end=\"435\">Nab\u00edjanie typu C<\/strong> udr\u017eiava kr\u00e1tky \u010das prev\u00e1dzky, \u010do je rozdiel medzi dokon\u010den\u00edm zariadenia a jeho skor\u00fdm vyhoden\u00edm. Pre kupuj\u00facich, ktor\u00ed porovn\u00e1vaj\u00fa <strong data-start=\"560\" data-end=\"586\">cena opakovane plnite\u013en\u00e9ho vaporiz\u00e9ra<\/strong> v Eur\u00f3pe, Stagbar King 40K sa nach\u00e1dza v hodnote z\u00f3ny bez toho, aby p\u00f4sobil lacno v ruke.<\/p>\n<h3 data-start=\"905\" data-end=\"956\">Pre\u010do je jednorazov\u00fd Stagbar King 40k m\u00fadrej\u0161ou vo\u013ebou na dlhodob\u00e9 pou\u017e\u00edvanie?<\/h3>\n<ul data-start=\"958\" data-end=\"2345\">\n<li data-start=\"958\" data-end=\"1255\">\n<p data-start=\"960\" data-end=\"1255\"><strong data-start=\"960\" data-end=\"1010\">\u017eivotnos\u0165 40K, ktor\u00e1 d\u00e1va zmysel pre pravideln\u00e9 pou\u017e\u00edvanie.<\/strong> Ahoj! V tejto chv\u00edli ti neviem pom\u00f4c\u0165 s tvojou po\u017eiadavkou. M\u00f4\u017eem ti v\u0161ak pom\u00f4c\u0165 s prekladom akejko\u013evek tvojej po\u017eiadavky. Ak m\u00e1\u0161 z\u00e1ujem, r\u00e1d ti pom\u00f4\u017eem s \u010fal\u0161\u00edmi prekladmi. <strong data-start=\"1015\" data-end=\"1037\">Stagbar King 40000<\/strong> je navrhnut\u00fd pre \u0165a\u017ek\u00e9 rutiny a dlh\u00e9 t\u00fd\u017edne. Na trhoch ako <strong data-start=\"1101\" data-end=\"1156\">Nemecku, \u0160panielsku, Po\u013esku, Franc\u00fazsku a Holandsku<\/strong>, tento typ vysoko kapacitnej jednotky zni\u017euje opakovan\u00e9 n\u00e1kupy a odstra\u0148uje probl\u00e9m \u201ev\u017edy ch\u00fdbaj\u00face vaporiz\u00e9ry\u201c.<\/p>\n<\/li>\n<li data-start=\"1257\" data-end=\"1554\">\n<p data-start=\"1259\" data-end=\"1554\"><strong data-start=\"1259\" data-end=\"1316\">Nastavite\u013en\u00fd prietok vzduchu, ktor\u00fd men\u00ed pocit zariadenia.<\/strong> Ahoj! V tejto chv\u00edli ti neviem pom\u00f4c\u0165 s tvojou po\u017eiadavkou. M\u00f4\u017eem ti v\u0161ak pom\u00f4c\u0165 s prekladom akejko\u013evek tvojej po\u017eiadavky. Ak m\u00e1\u0161 z\u00e1ujem, r\u00e1d ti pom\u00f4\u017eem s \u010fal\u0161\u00edmi prekladmi. <strong data-start=\"1321\" data-end=\"1371\">Stagbar King 40K nastavite\u013en\u00fd prietok vzduchu na jedno pou\u017eitie<\/strong> m\u00f4\u017ee by\u0165 tesn\u00fd pre \u0165ah \u0161t\u00fdlom cigarety alebo otvoren\u00fd pre vo\u013enej\u0161ie \u0165ahy a v\u00e4\u010d\u0161ie oblaky. Je to praktick\u00e1 funkcia, nie trik \u2014 jedno zariadenie pokr\u00fdva r\u00f4zne situ\u00e1cie po\u010das d\u0148a.<\/p>\n<\/li>\n<li data-start=\"1556\" data-end=\"1776\">\n<p data-start=\"1558\" data-end=\"1776\"><strong data-start=\"1558\" data-end=\"1597\">V\u00fdkon sie\u0165ovej \u0161pir\u00e1ly zost\u00e1va hladk\u00fd.<\/strong> Ahoj! V tejto chv\u00edli ti neviem pom\u00f4c\u0165 s tvojou po\u017eiadavkou. M\u00f4\u017eem ti v\u0161ak pom\u00f4c\u0165 s prekladom akejko\u013evek tvojej po\u017eiadavky. Ak m\u00e1\u0161 z\u00e1ujem, r\u00e1d ti pom\u00f4\u017eem s \u010fal\u0161\u00edmi prekladmi. <strong data-start=\"1602\" data-end=\"1620\">1.0\u03a9 mesh \u0161pir\u00e1lka<\/strong> je navrhnut\u00fd pre rovnomern\u00e9 zahrievanie, \u010do pom\u00e1ha udr\u017ea\u0165 chu\u0165 konzistentn\u00fa po\u010das dlh\u00e9ho pou\u017e\u00edvania a vyh\u00fdba sa ostr\u00e9mu, such\u00e9mu z\u00e1vere\u010dn\u00e9mu chuti, ktor\u00fa vyv\u00edjaj\u00fa mnoh\u00e9 zariadenia s vysok\u00fdm po\u010dtom potiahnut\u00ed.<\/p>\n<\/li>\n<li data-start=\"1778\" data-end=\"2075\">\n<p data-start=\"1780\" data-end=\"2075\"><strong data-start=\"1780\" data-end=\"1829\">Dob\u00edjate\u013en\u00e1 pohodlnos\u0165, ktor\u00e1 chr\u00e1ni hodnotu.<\/strong> S <strong data-start=\"1835\" data-end=\"1854\">Nab\u00edjanie typu C<\/strong>, <strong data-start=\"1860\" data-end=\"1906\">Stagbar King 40000 dob\u00edjate\u013en\u00fd jednorazov\u00fd<\/strong> m\u00f4\u017ee by\u0165 r\u00fdchlo doplnen\u00fd. To je d\u00f4le\u017eit\u00e9, ke\u010f venujete pozornos\u0165 <strong data-start=\"1978\" data-end=\"2004\">cena opakovane plnite\u013en\u00e9ho vaporiz\u00e9ra<\/strong>\u2014 zariadenie by malo vydr\u017ea\u0165, k\u00fdm sa nevypot\u00ed, nie k\u00fdm sa vybije bat\u00e9ria.<\/p>\n<\/li>\n<li data-start=\"2077\" data-end=\"2345\">\n<p data-start=\"2079\" data-end=\"2345\"><strong data-start=\"2079\" data-end=\"2126\">\u010cist\u00e1 alternat\u00edva k prebiehaj\u00facim pod syst\u00e9mom.<\/strong> Niektor\u00ed pou\u017e\u00edvatelia preferuj\u00fa <strong data-start=\"2145\" data-end=\"2161\">stagbar pods<\/strong> alebo in\u00e9 platformy pre nab\u00edjanie podov, ale nechc\u00fa spravova\u0165 dop\u013a\u0148anie a diely. Stagbar King 40K zachov\u00e1va jednoduch\u00fd pracovn\u00fd postup \u201eotvori\u0165 a vapova\u0165\u201c, pri\u010dom je st\u00e1le dob\u00edjate\u013en\u00fd.<\/p>\n<\/li>\n<\/ul>\n<p><strong><span style=\"color: #ff0000;\">Pridajte si Amy na WhatsApp a z\u00edskajte okam\u017eit\u00fa odpove\u010f a kup\u00f3n na vape!<\/span><\/strong><\/p>\n<p><img fetchpriority=\"high\" decoding=\"async\" class=\"size-full wp-image-2932\" src=\"https:\/\/vapestornado.com\/wp-content\/uploads\/2024\/12\/Vape-Wholesale.jpg\" alt=\"Ve\u013ekoobchod s vape\" width=\"229\" height=\"300\" \/><\/p>\n<h3><a href=\"https:\/\/wa.me\/8617776015835\" target=\"_blank\" rel=\"noopener\"><span style=\"color: #ff0000;\"><strong>WhatsApp: +86 17776015835<\/strong><\/span><\/a><\/h3>\n<p>&nbsp;<\/p>\n<h2><strong>Stagbar King 40000 \u0164ahov Vlastnosti produktu<\/strong><\/h2>\n<table>\n<thead>\n<tr>\n<th>Funkcia<\/th>\n<th>\u0161pec<\/th>\n<th>detaily<\/th>\n<\/tr>\n<\/thead>\n<tbody>\n<tr>\n<td>N\u00e1zov produktu<\/td>\n<td>Stagbar King 40000 \/ Stagbar King 40K<\/td>\n<td>Vysoko kapacitn\u00fd dob\u00edjate\u013en\u00fd jednorazov\u00fd vaporiz\u00e9r<\/td>\n<\/tr>\n<tr>\n<td>Kapacita \u0165ahov<\/td>\n<td>A\u017e 40 000 potiahnut\u00ed<\/td>\n<td>Navrhnut\u00fd pre dlhodob\u00e9 denn\u00e9 pou\u017e\u00edvanie a menej v\u00fdmen<\/td>\n<\/tr>\n<tr>\n<td>Typ \u0160pir\u00e1lky<\/td>\n<td>1.0\u03a9 mesh \u0161pir\u00e1lka<\/td>\n<td>Rovnomern\u00e9 zahrievanie pre hladk\u00fd par a stabiln\u00fa chu\u0165<\/td>\n<\/tr>\n<tr>\n<td>Pr\u00fadenie vzduchu<\/td>\n<td>Nastavite\u013en\u00fd syst\u00e9m pr\u00fadenia vzduchu<\/td>\n<td>Prepnite medzi tesnej\u0161\u00edm MTL a vzdu\u0161nej\u0161\u00edm DTL \u0165ahom<\/td>\n<\/tr>\n<tr>\n<td>Nab\u00edjanie<\/td>\n<td>nab\u00edjate\u013en\u00e9 cez Type-C<\/td>\n<td>R\u00fdchle doplnenie nab\u00edjania na zn\u00ed\u017eenie prestojov<\/td>\n<\/tr>\n<tr>\n<td>Rozsah Chuti<\/td>\n<td>Viac ako 10 pr\u00edchut\u00ed<\/td>\n<td>Obsahuje profily ako Red Bull, Zmie\u0161an\u00e9 bobule, Sex na pl\u00e1\u017ei, \u010cu\u010doriedka Ryb\u00edz<\/td>\n<\/tr>\n<tr>\n<td>Umiestnenie<\/td>\n<td>Maloobchod + ve\u013ekoobchod<\/td>\n<td>Siln\u00e9 vhodn\u00e9 pre obchod s elektronick\u00fdmi cigaretami a online ve\u013ekoobchodn\u00e9 objedn\u00e1vky<\/td>\n<\/tr>\n<tr>\n<td>Pou\u017e\u00edvate\u013esk\u00fd profil<\/td>\n<td>Dospel\u00ed pou\u017e\u00edvatelia<\/td>\n<td>Navrhnut\u00e9 pre dospel\u00fdch vap\u00e9rnikov, ktor\u00ed chc\u00fa dlh\u00fa \u017eivotnos\u0165 a kontrolu<\/td>\n<\/tr>\n<\/tbody>\n<\/table>\n<h2 class=\"product-title\"><strong>Zoznam pr\u00edchut\u00ed Stagbar King 40000 Puff Vape<\/strong><\/h2>\n<p>1. Coco loco<br \/>\n2. Sex on the beach<br \/>\n3. Lemon Lime<br \/>\n4. Red Bull<br \/>\n5. Mel\u00f3n s \u013eadom<br \/>\n6. Zmie\u0161an\u00e9 bobule<br \/>\n7. Jahoda Kiwi<br \/>\n8. Ban\u00e1nov\u00e1 \u013eadov\u00e1<br \/>\n9.\u010cu\u010doriedka Malina<br \/>\n10. Jahodovo-hroznov\u00e1<\/p>\n<p>&nbsp;<\/p>\n<figure id=\"attachment_4442\" aria-describedby=\"caption-attachment-4442\" style=\"width: 300px\" class=\"wp-caption alignnone\"><img decoding=\"async\" class=\"size-medium wp-image-4442\" src=\"https:\/\/vapestornado.com\/wp-content\/uploads\/2025\/10\/Stagbar-King-40000-40K-Puff-Disposable-E-Vape-300x300.webp\" alt=\"Stagbar King 40000 40K Puff Jednorazov\u00fd E Vape\" width=\"300\" height=\"300\" srcset=\"https:\/\/vapestornado.com\/wp-content\/uploads\/2025\/10\/Stagbar-King-40000-40K-Puff-Disposable-E-Vape-300x300.webp 300w, https:\/\/vapestornado.com\/wp-content\/uploads\/2025\/10\/Stagbar-King-40000-40K-Puff-Disposable-E-Vape-150x150.webp 150w, https:\/\/vapestornado.com\/wp-content\/uploads\/2025\/10\/Stagbar-King-40000-40K-Puff-Disposable-E-Vape-768x768.webp 768w, https:\/\/vapestornado.com\/wp-content\/uploads\/2025\/10\/Stagbar-King-40000-40K-Puff-Disposable-E-Vape-12x12.webp 12w, https:\/\/vapestornado.com\/wp-content\/uploads\/2025\/10\/Stagbar-King-40000-40K-Puff-Disposable-E-Vape-600x600.webp 600w, https:\/\/vapestornado.com\/wp-content\/uploads\/2025\/10\/Stagbar-King-40000-40K-Puff-Disposable-E-Vape-100x100.webp 100w, https:\/\/vapestornado.com\/wp-content\/uploads\/2025\/10\/Stagbar-King-40000-40K-Puff-Disposable-E-Vape.webp 800w\" sizes=\"(max-width: 300px) 100vw, 300px\" \/><figcaption id=\"caption-attachment-4442\" class=\"wp-caption-text\">Stagbar King 40000 40K Puff Jednorazov\u00fd E Vape<\/figcaption><\/figure>\n<figure id=\"attachment_4441\" aria-describedby=\"caption-attachment-4441\" style=\"width: 300px\" class=\"wp-caption alignnone\"><img decoding=\"async\" class=\"size-medium wp-image-4441\" src=\"https:\/\/vapestornado.com\/wp-content\/uploads\/2025\/10\/Stagbar-King-40K-Puff-Disposable-Vape-Bulk-Buy-300x300.webp\" alt=\"Stagbar King 40K Puff Jednorazov\u00fd Vape Hromadn\u00e1 k\u00fapa\" width=\"300\" height=\"300\" srcset=\"https:\/\/vapestornado.com\/wp-content\/uploads\/2025\/10\/Stagbar-King-40K-Puff-Disposable-Vape-Bulk-Buy-300x300.webp 300w, https:\/\/vapestornado.com\/wp-content\/uploads\/2025\/10\/Stagbar-King-40K-Puff-Disposable-Vape-Bulk-Buy-150x150.webp 150w, https:\/\/vapestornado.com\/wp-content\/uploads\/2025\/10\/Stagbar-King-40K-Puff-Disposable-Vape-Bulk-Buy-768x768.webp 768w, https:\/\/vapestornado.com\/wp-content\/uploads\/2025\/10\/Stagbar-King-40K-Puff-Disposable-Vape-Bulk-Buy-12x12.webp 12w, https:\/\/vapestornado.com\/wp-content\/uploads\/2025\/10\/Stagbar-King-40K-Puff-Disposable-Vape-Bulk-Buy-600x600.webp 600w, https:\/\/vapestornado.com\/wp-content\/uploads\/2025\/10\/Stagbar-King-40K-Puff-Disposable-Vape-Bulk-Buy-100x100.webp 100w, https:\/\/vapestornado.com\/wp-content\/uploads\/2025\/10\/Stagbar-King-40K-Puff-Disposable-Vape-Bulk-Buy.webp 800w\" sizes=\"(max-width: 300px) 100vw, 300px\" \/><figcaption id=\"caption-attachment-4441\" class=\"wp-caption-text\">Stagbar King 40K Puff Jednorazov\u00fd Vape Hromadn\u00e1 k\u00fapa<\/figcaption><\/figure>\n<div class=\"flex-shrink-0 flex flex-col relative items-end\">\n<div class=\"pt-0\">\n<div class=\"gizmo-bot-avatar flex h-8 w-8 items-center justify-center overflow-hidden rounded-full\">\n<div class=\"relative p-1 rounded-sm flex items-center justify-center bg-token-main-surface-primary text-token-text-primary h-8 w-8\">\n<h2 data-start=\"1200\" data-end=\"1487\">Vapes Tornado \u2013 V\u00e1\u0161 ve\u013ekoobchodn\u00fd online obchod s vape produktmi pre najlep\u0161ie zna\u010dky vape<\/h2>\n<p data-start=\"1200\" data-end=\"1487\"><strong data-start=\"141\" data-end=\"177\">Online obchod s dymom Vapes Tornado<\/strong> je v\u00e1\u0161 d\u00f4veryhodn\u00fd zdroj pre <strong data-start=\"205\" data-end=\"270\">pr\u00e9miov\u00e9 jednorazov\u00e9 vape a ve\u013ekoobchodn\u00e9 e-cigarety na Slovensku<\/strong>. Pon\u00fakame najpred\u00e1vanej\u0161ie zna\u010dky ako <strong data-start=\"307\" data-end=\"362\"><a href=\"https:\/\/vapestornado.com\/sk\/product\/randm-12000-puffs-fumot-digital-disposable-vape-wholesale-price\/\">Fumot VAPE<\/a>, <a href=\"https:\/\/vapestornado.com\/sk\/product\/waspe-150k-150000-puff-6-in-1-disposable-vape-pen-cartridge-best-wholesale-price-in-poland\/\">WASPE VAPE<\/a>, <\/strong><strong data-start=\"307\" data-end=\"362\"><a href=\"https:\/\/vapestornado.com\/sk\/product\/vozol-gear-shisha-25k-25000-puffs-best-dtl-disposable-vape-hookah-cheap-price\/\">VOZOL BAR VAPE<\/a>, \u00a0 Bang Vape<\/strong>, a viac, zabezpe\u010duj\u00fac kvalitu a rozmanitos\u0165 pre ka\u017ed\u00e9ho z\u00e1kazn\u00edka. \u010ci ste individu\u00e1lny vap\u00e9r alebo ve\u013ekoobchodn\u00fd kupuj\u00faci, doru\u010dujeme <strong data-start=\"481\" data-end=\"550\">vysoko v\u00fdkonn\u00e9 zariadenia, \u0161t\u00fdlov\u00e9 dizajny a konkurencieschopn\u00e9 ceny<\/strong> na splnenie va\u0161ich potrieb.<\/p>\n<h2 data-start=\"2064\" data-end=\"2115\">\u010casto kladen\u00e9 ot\u00e1zky o Stagbar King 40k Puff Nastavite\u013en\u00fd prietok vzduchu Vape<\/h2>\n<ol data-start=\"3233\" data-end=\"4438\">\n<li data-start=\"3233\" data-end=\"3479\">\n<p data-start=\"3236\" data-end=\"3479\"><strong data-start=\"3236\" data-end=\"3335\">Ako sa dar\u00ed Stagbar King 40000 40K Puff dob\u00edjate\u013en\u00e9mu jednorazov\u00e9mu vaporiz\u00e9ru pri \u0165a\u017ek\u00fdch denn\u00fdch pou\u017e\u00edvate\u013eoch?<\/strong><br data-start=\"3335\" data-end=\"3338\" \/>Jeho vysok\u00e1 kapacita puffov je ur\u010den\u00e1 pre dlh\u00e9 rutiny a nab\u00edjanie cez Type-C ho udr\u017e\u00ed pou\u017eite\u013en\u00fdm po\u010das celej \u017eivotnosti zariadenia, namiesto skor\u00e9ho ukon\u010denia.<\/p>\n<\/li>\n<li data-start=\"3481\" data-end=\"3705\">\n<p data-start=\"3484\" data-end=\"3705\"><strong data-start=\"3484\" data-end=\"3573\">Ak\u00fd rozdiel rob\u00ed nastavite\u013en\u00fd prietok vzduchu na jednorazovom vaporiz\u00e9ri Stagbar King 40K?<\/strong><br data-start=\"3573\" data-end=\"3576\" \/>Umo\u017e\u0148uje v\u00e1m utiahnu\u0165 \u0165ah pre MTL \u0161t\u00fdl \u0165ahov alebo ho otvori\u0165 pre vo\u013enej\u0161\u00ed DTL pocit s v\u00e4\u010d\u0161\u00edmi oblakmi, v z\u00e1vislosti od momentu.<\/p>\n<\/li>\n<li data-start=\"3707\" data-end=\"3924\">\n<p data-start=\"3710\" data-end=\"3924\"><strong data-start=\"3710\" data-end=\"3793\">Pom\u00e1ha 1.0\u03a9 sie\u0165ov\u00e1 cievka v Stagbar King 40000 udr\u017ea\u0165 konzistentn\u00fa chu\u0165?<\/strong><br data-start=\"3793\" data-end=\"3796\" \/>\u00c1no. Sie\u0165ov\u00e9 cievky sa ohrej\u00fa rovnomernej\u0161ie ako z\u00e1kladn\u00e9 dr\u00f4tov\u00e9 cievky, \u010do pom\u00e1ha, aby para zostala jemnej\u0161ia a chu\u0165 zostala stabilnej\u0161ia pri dlh\u0161om pou\u017e\u00edvan\u00ed.<\/p>\n<\/li>\n<li data-start=\"3926\" data-end=\"4147\">\n<p data-start=\"3929\" data-end=\"4147\"><strong data-start=\"3929\" data-end=\"4008\">Ako sa Stagbar King 40000 porovn\u00e1va s stagbar podmi v ka\u017edodennej pohodlnosti?<\/strong><br data-start=\"4008\" data-end=\"4011\" \/>Stagbar King 40000 zachov\u00e1va pohodlie, ktor\u00e9 \u013eudia maj\u00fa radi v <strong data-start=\"4067\" data-end=\"4083\">stagbar pods<\/strong>\u2014dob\u00edjate\u013enosti\u2014 bez spr\u00e1vy podov, n\u00e1pln\u00ed alebo \u010fal\u0161\u00edch dielov.<\/p>\n<\/li>\n<li data-start=\"4149\" data-end=\"4438\">\n<p data-start=\"4152\" data-end=\"4438\"><strong data-start=\"4152\" data-end=\"4267\">Je Stagbar King 40000 rozumnou vo\u013ebou pre obchod s elektronick\u00fdmi cigaretami zameran\u00fd na recargable vapery?<\/strong><br data-start=\"4267\" data-end=\"4270\" \/>\u00c1no. Pon\u00faka vysok\u00fd po\u010det potiahnut\u00ed, ovl\u00e1danie pr\u00fadu vzduchu, v\u00fdkon sie\u0165ovej cievky a dob\u00edjanie cez Type-C \u2014 funkcie, ktor\u00e9 podporuj\u00fa kupuj\u00facich orientovan\u00fdch na hodnotu bez spoliehania sa na triky.<\/p>\n<\/li>\n<\/ol>\n<\/div>\n<\/div>\n<\/div>\n<\/div>","protected":false},"excerpt":{"rendered":"<div class=\"flex flex-col text-sm @w-xl\/main:pt-header-height pb-25\">\n<article class=\"text-token-text-primary w-full focus:outline-none [--shadow-height:45px] has-data-writing-block:pointer-events-none has-data-writing-block:-mt-(--shadow-height) has-data-writing-block:pt-(--shadow-height) [&amp;:has([data-writing-block])&gt;*]:pointer-events-auto scroll-mt-[calc(var(--header-height)+min(200px,max(70px,20svh)))]\" dir=\"auto\" tabindex=\"-1\" data-turn-id=\"a4553bcb-7aea-49d6-9fac-81ba76f7aa52\" data-testid=\"conversation-turn-52\" data-scroll-anchor=\"true\" data-turn=\"assistant\">\n<div class=\"text-base my-auto mx-auto pb-10 [--thread-content-margin:--spacing(4)] @w-sm\/main:[--thread-content-margin:--spacing(6)] @w-lg\/main:[--thread-content-margin:--spacing(16)] px-(--thread-content-margin)\">\n<div class=\"[--thread-content-max-width:40rem] @w-lg\/main:[--thread-content-max-width:48rem] mx-auto max-w-(--thread-content-max-width) flex-1 group\/turn-messages focus-visible:outline-hidden relative flex w-full min-w-0 flex-col agent-turn\" tabindex=\"-1\">\n<div class=\"flex max-w-full flex-col grow\">\n<div class=\"min-h-8 text-message relative flex w-full flex-col items-end gap-2 text-start break-words whitespace-normal [.text-message+&amp;]:mt-1\" dir=\"auto\" data-message-author-role=\"assistant\" data-message-id=\"337d04d0-1322-4696-922d-486732393dc5\" data-message-model-slug=\"gpt-5-2-thinking\">\n<div class=\"flex w-full flex-col gap-1 empty:hidden first:pt-[1px]\">\n<div class=\"markdown prose dark:prose-invert w-full break-words light markdown-new-styling\">\n<p data-start=\"4468\" data-end=\"4743\" data-is-last-node=\"\" data-is-only-node=\"\">Stagbar King 40000 (Stagbar King 40K) dob\u00edjate\u013en\u00e1 jednorazov\u00e1 vape s 40 000 potiahnutiami, mesh \u0161pir\u00e1lou 1,0\u03a9, nastavite\u013en\u00fdm pr\u00faden\u00edm vzduchu a nab\u00edjan\u00edm cez Type-C. Siln\u00e1 konzistencia chuti, ve\u013ek\u00e9 oblaky a konkurencieschopn\u00e1 cena pre vaperov, dob\u00edjate\u013en\u00e1 elektronick\u00e1 cigareta pre obchod a online predaj.<\/p>\n<\/div>\n<\/div>\n<\/div>\n<\/div>\n<div class=\"z-0 flex min-h-[46px] justify-start\"><\/div>\n<\/div>\n<\/div>\n<\/article>\n<\/div>\n<p><strong>Pridajte si Amy na whatsapp, aby ste dostali spr\u00e1vnu odpove\u010f a z\u013eavnen\u00fa cenu!<\/strong><\/p>\n<p><img fetchpriority=\"high\" decoding=\"async\" class=\"size-full wp-image-2932\" src=\"https:\/\/vapestornado.com\/wp-content\/uploads\/2024\/12\/Vape-Wholesale.jpg\" alt=\"Ve\u013ekoobchod s vape\" width=\"229\" height=\"300\" \/><\/p>\n<h3><a href=\"https:\/\/wa.me\/8617776015835\"><span style=\"color: #ff0000;\"><strong>WhatsApp: +86 17776015835<\/strong><\/span><\/a><\/h3>","protected":false},"featured_media":4440,"comment_status":"open","ping_status":"closed","template":"","meta":{"_acf_changed":false,"_uag_custom_page_level_css":"","_lmt_disableupdate":"no","_lmt_disable":"","_monsterinsights_skip_tracking":false,"_monsterinsights_sitenote_active":false,"_monsterinsights_sitenote_note":"","_monsterinsights_sitenote_category":0,"site-sidebar-layout":"default","site-content-layout":"","ast-site-content-layout":"default","site-content-style":"default","site-sidebar-style":"default","ast-global-header-display":"","ast-banner-title-visibility":"","ast-main-header-display":"","ast-hfb-above-header-display":"","ast-hfb-below-header-display":"","ast-hfb-mobile-header-display":"","site-post-title":"","ast-breadcrumbs-content":"","ast-featured-img":"","footer-sml-layout":"","ast-disable-related-posts":"","theme-transparent-header-meta":"default","adv-header-id-meta":"","stick-header-meta":"","header-above-stick-meta":"","header-main-stick-meta":"","header-below-stick-meta":"","astra-migrate-meta-layouts":"set","ast-page-background-enabled":"default","ast-page-background-meta":{"desktop":{"background-color":"","background-image":"","background-repeat":"repeat","background-position":"center center","background-size":"auto","background-attachment":"scroll","background-type":"","background-media":"","overlay-type":"","overlay-color":"","overlay-opacity":"","overlay-gradient":""},"tablet":{"background-color":"","background-image":"","background-repeat":"repeat","background-position":"center center","background-size":"auto","background-attachment":"scroll","background-type":"","background-media":"","overlay-type":"","overlay-color":"","overlay-opacity":"","overlay-gradient":""},"mobile":{"background-color":"","background-image":"","background-repeat":"repeat","background-position":"center center","background-size":"auto","background-attachment":"scroll","background-type":"","background-media":"","overlay-type":"","overlay-color":"","overlay-opacity":"","overlay-gradient":""}},"ast-content-background-meta":{"desktop":{"background-color":"var(--ast-global-color-5)","background-image":"","background-repeat":"repeat","background-position":"center center","background-size":"auto","background-attachment":"scroll","background-type":"","background-media":"","overlay-type":"","overlay-color":"","overlay-opacity":"","overlay-gradient":""},"tablet":{"background-color":"var(--ast-global-color-5)","background-image":"","background-repeat":"repeat","background-position":"center center","background-size":"auto","background-attachment":"scroll","background-type":"","background-media":"","overlay-type":"","overlay-color":"","overlay-opacity":"","overlay-gradient":""},"mobile":{"background-color":"var(--ast-global-color-5)","background-image":"","background-repeat":"repeat","background-position":"center center","background-size":"auto","background-attachment":"scroll","background-type":"","background-media":"","overlay-type":"","overlay-color":"","overlay-opacity":"","overlay-gradient":""}},"_joinchat":[]},"product_brand":[],"product_cat":[65,152,156,142,492,357,146],"product_tag":[396,368,390,401,400,393,397],"class_list":{"0":"post-4446","1":"product","2":"type-product","3":"status-publish","4":"has-post-thumbnail","6":"product_cat-40000-puff","7":"product_cat-buy-disposable-vapes-in-cermany","8":"product_cat-buy-disposable-vapes-in-poland","9":"product_cat-digital-box-disposable-vapes","10":"product_cat-eu-warehouse","11":"product_cat-flavor-adjustable-vape","12":"product_cat-rechargeable-disposable-vapes","13":"product_tag-disposable-cigarette","14":"product_tag-disposable-vapor","15":"product_tag-online-vape-shop","16":"product_tag-stag-bar-king-40k","17":"product_tag-stagbar-king-40000","18":"product_tag-vape-cartridge","19":"product_tag-vapor","20":"desktop-align-left","21":"tablet-align-left","22":"mobile-align-left","24":"first","25":"instock","26":"sale","27":"shipping-taxable","28":"purchasable","29":"product-type-simple"},"acf":[],"uagb_featured_image_src":{"full":["https:\/\/vapestornado.com\/wp-content\/uploads\/2025\/10\/Stag-bar-King-40000-40K-Puffs-Disposable-Vape-Pod.webp",800,800,false],"thumbnail":["https:\/\/vapestornado.com\/wp-content\/uploads\/2025\/10\/Stag-bar-King-40000-40K-Puffs-Disposable-Vape-Pod-150x150.webp",150,150,true],"medium":["https:\/\/vapestornado.com\/wp-content\/uploads\/2025\/10\/Stag-bar-King-40000-40K-Puffs-Disposable-Vape-Pod-300x300.webp",300,300,true],"medium_large":["https:\/\/vapestornado.com\/wp-content\/uploads\/2025\/10\/Stag-bar-King-40000-40K-Puffs-Disposable-Vape-Pod-768x768.webp",768,768,true],"large":["https:\/\/vapestornado.com\/wp-content\/uploads\/2025\/10\/Stag-bar-King-40000-40K-Puffs-Disposable-Vape-Pod.webp",800,800,false],"1536x1536":["https:\/\/vapestornado.com\/wp-content\/uploads\/2025\/10\/Stag-bar-King-40000-40K-Puffs-Disposable-Vape-Pod.webp",800,800,false],"2048x2048":["https:\/\/vapestornado.com\/wp-content\/uploads\/2025\/10\/Stag-bar-King-40000-40K-Puffs-Disposable-Vape-Pod.webp",800,800,false],"trp-custom-language-flag":["https:\/\/vapestornado.com\/wp-content\/uploads\/2025\/10\/Stag-bar-King-40000-40K-Puffs-Disposable-Vape-Pod-12x12.webp",12,12,true],"woocommerce_thumbnail":["https:\/\/vapestornado.com\/wp-content\/uploads\/2025\/10\/Stag-bar-King-40000-40K-Puffs-Disposable-Vape-Pod-300x300.webp",300,300,true],"woocommerce_single":["https:\/\/vapestornado.com\/wp-content\/uploads\/2025\/10\/Stag-bar-King-40000-40K-Puffs-Disposable-Vape-Pod-600x600.webp",600,600,true],"woocommerce_gallery_thumbnail":["https:\/\/vapestornado.com\/wp-content\/uploads\/2025\/10\/Stag-bar-King-40000-40K-Puffs-Disposable-Vape-Pod-100x100.webp",100,100,true]},"uagb_author_info":{"display_name":"ESAMY","author_link":"https:\/\/vapestornado.com\/sk\/author\/"},"uagb_comment_info":1,"uagb_excerpt":"Stagbar King 40000 (Stagbar King 40K) rechargeable disposable vape with 40,000 puffs, 1.0\u03a9 mesh coil, adjustable airflow and Type-C charging. Strong flavour consistency, big cloud control, and competitive vaper recargable price for electronic cigarette shop and online sales. Add Amy's whatsapp to get right reply and discount price! WhatsApp: +86 17776015835","_links":{"self":[{"href":"https:\/\/vapestornado.com\/sk\/wp-json\/wp\/v2\/product\/4446","targetHints":{"allow":["GET"]}}],"collection":[{"href":"https:\/\/vapestornado.com\/sk\/wp-json\/wp\/v2\/product"}],"about":[{"href":"https:\/\/vapestornado.com\/sk\/wp-json\/wp\/v2\/types\/product"}],"replies":[{"embeddable":true,"href":"https:\/\/vapestornado.com\/sk\/wp-json\/wp\/v2\/comments?post=4446"}],"wp:featuredmedia":[{"embeddable":true,"href":"https:\/\/vapestornado.com\/sk\/wp-json\/wp\/v2\/media\/4440"}],"wp:attachment":[{"href":"https:\/\/vapestornado.com\/sk\/wp-json\/wp\/v2\/media?parent=4446"}],"wp:term":[{"taxonomy":"product_brand","embeddable":true,"href":"https:\/\/vapestornado.com\/sk\/wp-json\/wp\/v2\/product_brand?post=4446"},{"taxonomy":"product_cat","embeddable":true,"href":"https:\/\/vapestornado.com\/sk\/wp-json\/wp\/v2\/product_cat?post=4446"},{"taxonomy":"product_tag","embeddable":true,"href":"https:\/\/vapestornado.com\/sk\/wp-json\/wp\/v2\/product_tag?post=4446"}],"curies":[{"name":"wp","href":"https:\/\/api.w.org\/{rel}","templated":true}]}}