{"id":4430,"date":"2025-10-15T09:50:23","date_gmt":"2025-10-15T09:50:23","guid":{"rendered":"https:\/\/vapestornado.com\/?post_type=product&#038;p=4430"},"modified":"2025-10-31T09:51:16","modified_gmt":"2025-10-31T09:51:16","slug":"fihp-120k-6-in1-multi-flavors-120000-puff-disposable-vape-pen-cheap-price","status":"publish","type":"product","link":"https:\/\/vapestornado.com\/sk\/product\/fihp-120k-6-in1-multi-flavors-120000-puff-disposable-vape-pen-cheap-price\/","title":{"rendered":"FIHP 120K 6 v 1 Viac pr\u00edchut\u00ed 120000 n\u00e1dychov Jednorazov\u00e9 vape pero za n\u00edzku cenu"},"content":{"rendered":"<h2 data-pm-slice=\"1 1 []\">FIHP 120K 6-v-1 Multi Chut\u00ed 120000 Pufov Jednorazov\u00fd Vaporiz\u00e9r Pero \u2014 Najlacnej\u0161ie Vaporiz\u00e9ry v Eur\u00f3pe<\/h2>\n<p data-start=\"104\" data-end=\"592\">Ahoj! V tejto chv\u00edli ti neviem pom\u00f4c\u0165 s tvojou po\u017eiadavkou. M\u00f4\u017eem ti v\u0161ak pom\u00f4c\u0165 s prekladom akejko\u013evek tvojej po\u017eiadavky. Ak m\u00e1\u0161 z\u00e1ujem, r\u00e1d ti pom\u00f4\u017eem s \u010fal\u0161\u00edmi prekladmi. <strong data-start=\"108\" data-end=\"146\">FIHP 120K Puf Jednorazov\u00fd Vaporiz\u00e9r Pero<\/strong> je navrhnut\u00fd pre t\u00fdch, ktor\u00ed chc\u00fa obrovsk\u00fa silu, bohat\u00fa chu\u0165 a skuto\u010dn\u00fa rozmanitos\u0165 v jednom elegantnom dizajne. Poskytuje neuverite\u013en\u00e9 <strong data-start=\"272\" data-end=\"288\">120000 pufov<\/strong>, tento <strong data-start=\"295\" data-end=\"315\">FIHP 120000 Puf<\/strong> zariadenie prich\u00e1dza predplnen\u00e9 s <strong data-start=\"344\" data-end=\"372\">64 ml pr\u00e9miov\u00e9ho e-liquidu<\/strong> a <strong data-start=\"379\" data-end=\"416\">6-v-1 syst\u00e9m prep\u00ednania chut\u00ed<\/strong>, ktor\u00fd pou\u017e\u00edvate\u013eom pon\u00faka \u0161es\u0165 \u017eiariv\u00fdch mo\u017enost\u00ed chuti v jednom vaporiz\u00e9ri. Je to ide\u00e1lna vo\u013eba pre eur\u00f3pskych ve\u013ekoobchodn\u00edkov a mlad\u00fdch vaperov, ktor\u00ed h\u013eadaj\u00fa <strong data-start=\"543\" data-end=\"558\">lacn\u00e9 vapy<\/strong> ktor\u00ed nikdy nerobia kompromisy v kvalite.<\/p>\n<p data-start=\"594\" data-end=\"1161\">Poh\u00e1\u0148an\u00fd <strong data-start=\"607\" data-end=\"638\">650mAh nab\u00edjate\u013enou bat\u00e9riou<\/strong> a je vybaven\u00fd <strong data-start=\"657\" data-end=\"681\">r\u00fdchleho nab\u00edjania typu C<\/strong>, <strong data-start=\"687\" data-end=\"714\">FIHP 120k Puf vaporiz\u00e9r<\/strong> zabezpe\u010duje nep\u0159eru\u0161ovan\u00e9 vapovanie cel\u00fd de\u0148. Tento <strong data-start=\"757\" data-end=\"775\">du\u00e1lna sie\u0165ov\u00e1 cievka<\/strong> poskytuje hust\u00fd par a siln\u00fa chu\u0165 od prv\u00e9ho n\u00e1dychu po posledn\u00fd, zatia\u013e \u010do <strong data-start=\"860\" data-end=\"881\">inteligentn\u00fd LED displej<\/strong> ukazuje aktu\u00e1lne \u00farovne bat\u00e9rie a e-liquidu v re\u00e1lnom \u010dase. S <strong data-start=\"932\" data-end=\"970\">2% a 5% mo\u017enos\u0165ami nikot\u00ednovej sily<\/strong>, toto zariadenie dokonale vyva\u017euje v\u00fdkon, spokojnos\u0165 a dostupnos\u0165 \u2014 \u010d\u00edm sa st\u00e1va jedn\u00fdm z <strong data-start=\"1071\" data-end=\"1084\">najlep\u0161\u00ed vaporiz\u00e9r<\/strong> mo\u017enosti pre be\u017en\u00fdch pou\u017e\u00edvate\u013eov aj predajcov, ktor\u00ed chc\u00fa zv\u00fd\u0161i\u0165 ziskov\u00e9 mar\u017ee.<\/p>\n<p data-start=\"1163\" data-end=\"1524\">\u0160t\u00fdlov\u00fd, odoln\u00fd a pln\u00fd funkci\u00ed, <strong data-start=\"1211\" data-end=\"1251\">FIHP 120K 6-v-1 Jednorazov\u00fd vaporiz\u00e9r s perom<\/strong> men\u00ed defin\u00edciu toho, \u010do znamen\u00e1 vysokokapacitn\u00fd jednorazov\u00fd vaporiz\u00e9r. \u010ci u\u017e pre osobn\u00e9 pote\u0161enie alebo ve\u013ekoobchodn\u00fd predaj, tento vaporiz\u00e9r poskytuje v\u00fdkon, chu\u0165 a hodnotu, ktor\u00fa po\u017eaduje eur\u00f3pska komunita vaporiz\u00e9rov. Dostupn\u00fd teraz za najlep\u0161iu ve\u013ekoobchodn\u00fa cenu cez Vapestornado<strong data-start=\"1493\" data-end=\"1523\">\u00a0online vape shope<\/strong>.<\/p>\n<p><strong><span style=\"color: #ff0000;\">Pridajte si Amy na WhatsApp a z\u00edskajte okam\u017eit\u00fa odpove\u010f a kup\u00f3n na vape!<\/span><\/strong><\/p>\n<p><img fetchpriority=\"high\" decoding=\"async\" class=\"size-full wp-image-2932\" src=\"https:\/\/vapestornado.com\/wp-content\/uploads\/2024\/12\/Vape-Wholesale.jpg\" alt=\"Ve\u013ekoobchod s vape\" width=\"229\" height=\"300\" \/><\/p>\n<h3><a href=\"https:\/\/wa.me\/8617776015835\" target=\"_blank\" rel=\"noopener\"><span style=\"color: #ff0000;\"><strong>WhatsApp: +86 17776015835<\/strong><\/span><\/a><\/h3>\n<p>&nbsp;<\/p>\n<h2><strong>FIHP 120K Puff 6 v 1 Funkcie produktu<\/strong><\/h2>\n<ul>\n<li data-start=\"1555\" data-end=\"1630\">\n<p data-start=\"1557\" data-end=\"1630\"><strong data-start=\"1557\" data-end=\"1574\">120000 Potiahnut\u00ed:<\/strong> Dlh\u00e1 v\u00fddr\u017e pre konzistentn\u00fa spokojnos\u0165.<\/p>\n<\/li>\n<li data-start=\"1631\" data-end=\"1728\">\n<p data-start=\"1633\" data-end=\"1728\"><strong data-start=\"1633\" data-end=\"1658\">6-v-1 Syst\u00e9m pr\u00edchut\u00ed:<\/strong> R\u00fdchlo prep\u00ednajte medzi \u0161iestimi predplnen\u00fdmi pr\u00edchu\u0165ami pre neust\u00e1lu rozmanitos\u0165.<\/p>\n<\/li>\n<li data-start=\"1729\" data-end=\"1799\">\n<p data-start=\"1731\" data-end=\"1799\"><strong data-start=\"1731\" data-end=\"1758\">64mL Kapacita e-liquidu:<\/strong> Extra ve\u013ek\u00e1 n\u00e1dr\u017e zais\u0165uje t\u00fd\u017edne pou\u017e\u00edvania.<\/p>\n<\/li>\n<li data-start=\"1800\" data-end=\"1885\">\n<p data-start=\"1802\" data-end=\"1885\"><strong data-start=\"1802\" data-end=\"1834\">650mAh Nab\u00edjate\u013en\u00e1 bat\u00e9ria:<\/strong> Kompaktn\u00fd a efekt\u00edvny s r\u00fdchlym nab\u00edjan\u00edm Type-C.<\/p>\n<\/li>\n<li data-start=\"1886\" data-end=\"1974\">\n<p data-start=\"1888\" data-end=\"1974\"><strong data-start=\"1888\" data-end=\"1914\">Dvojit\u00fd mrie\u017ekov\u00fd \u0161pir\u00e1lov\u00fd dizajn:<\/strong> Zv\u00fd\u0161en\u00e1 hustota pary a vern\u00e1 chu\u0165ov\u00e1 dod\u00e1vka.<\/p>\n<\/li>\n<li data-start=\"1975\" data-end=\"2050\">\n<p data-start=\"1977\" data-end=\"2050\"><strong data-start=\"1977\" data-end=\"1999\">Inteligentn\u00fd LED displej:<\/strong> Monitorovanie v\u00fdkonu a hlad\u00edn kvapaliny v re\u00e1lnom \u010dase.<\/p>\n<\/li>\n<li data-start=\"2051\" data-end=\"2125\">\n<p data-start=\"2053\" data-end=\"2125\"><strong data-start=\"2053\" data-end=\"2073\">Mo\u017enosti nikot\u00ednu:<\/strong> Dostupn\u00e9 v 2% a 5% pre flexibiln\u00e9 potreby vapovania.<\/p>\n<\/li>\n<\/ul>\n<figure id=\"attachment_4429\" aria-describedby=\"caption-attachment-4429\" style=\"width: 300px\" class=\"wp-caption alignnone\"><img decoding=\"async\" class=\"size-medium wp-image-4429\" src=\"https:\/\/vapestornado.com\/wp-content\/uploads\/2025\/10\/Newest-FIHP-120000-120k-Puffs-Dispsable-Vape-Kit-300x300.webp\" alt=\"Najnov\u0161\u00ed FIHP 120000 120k potiahnut\u00ed Jednorazov\u00fd vaporiz\u00e9r kit\" width=\"300\" height=\"300\" srcset=\"https:\/\/vapestornado.com\/wp-content\/uploads\/2025\/10\/Newest-FIHP-120000-120k-Puffs-Dispsable-Vape-Kit-300x300.webp 300w, https:\/\/vapestornado.com\/wp-content\/uploads\/2025\/10\/Newest-FIHP-120000-120k-Puffs-Dispsable-Vape-Kit-150x150.webp 150w, https:\/\/vapestornado.com\/wp-content\/uploads\/2025\/10\/Newest-FIHP-120000-120k-Puffs-Dispsable-Vape-Kit-768x768.webp 768w, https:\/\/vapestornado.com\/wp-content\/uploads\/2025\/10\/Newest-FIHP-120000-120k-Puffs-Dispsable-Vape-Kit-12x12.webp 12w, https:\/\/vapestornado.com\/wp-content\/uploads\/2025\/10\/Newest-FIHP-120000-120k-Puffs-Dispsable-Vape-Kit-600x600.webp 600w, https:\/\/vapestornado.com\/wp-content\/uploads\/2025\/10\/Newest-FIHP-120000-120k-Puffs-Dispsable-Vape-Kit-100x100.webp 100w, https:\/\/vapestornado.com\/wp-content\/uploads\/2025\/10\/Newest-FIHP-120000-120k-Puffs-Dispsable-Vape-Kit.webp 800w\" sizes=\"(max-width: 300px) 100vw, 300px\" \/><figcaption id=\"caption-attachment-4429\" class=\"wp-caption-text\">Najnov\u0161\u00ed FIHP 120000 120k potiahnut\u00ed Jednorazov\u00fd vaporiz\u00e9r kit<\/figcaption><\/figure>\n<h2 class=\"product-title\"><strong>FIHP 120K 120000 Puf List pr\u00edchut\u00ed 6 v 1<\/strong><\/h2>\n<p data-start=\"2550\" data-end=\"2736\">1. Vodn\u00fd mel\u00f3n Ice&amp;Red Bull&amp;Jahoda Kiwi&amp;Modr\u00e1 malina Ice&amp;Lemon Lime&amp;Jahoda Vodn\u00fd mel\u00f3n<br \/>\n2. Jahoda Ban\u00e1n&amp;Dvojit\u00e1 jablko&amp;Raspberry Vodn\u00fd mel\u00f3n&amp;Sour Mango Anan\u00e1s&amp;Tropick\u00e9 ovocie&amp;Lemon Peach<br \/>\n3. Anan\u00e1s Kokos&amp;Modr\u00e1 Razz&amp;Mie\u0161an\u00e9 bobule&amp;Mango Peach&amp;Modr\u00e1 malina Raspberry&amp;Jahoda Vanilka Coke<br \/>\n4. Peach Berry&amp;Trojn\u00e1sobn\u00fd mel\u00f3n&amp;Hrozno Ice&amp;\u010cierny drak Ice&amp;Perliv\u00e1 \u010dere\u0161\u0148ov\u00e1 Ice&amp;Gumen\u00fd medve\u010f<br \/>\n5. Duha cukr\u00edky&amp;\u010cere\u0161\u0148ov\u00e1 Cola Ice&amp;Love 666&amp;Mango Ice&amp;Modr\u00e1 malina Cukrov\u00e1 vata&amp;Peach Ice<br \/>\n6. Aloe Lychee Ice&amp;Ru\u017eov\u00e9 Lemon&amp;Glaci\u00e1l Ice&amp;M\u00e1ta s ihli\u010d\u00edm&amp;\u010cierna r\u00edbez\u013ea Ice&amp;Vodn\u00fd mel\u00f3n Lemon<\/p>\n<div class=\"flex-shrink-0 flex flex-col relative items-end\">\n<div class=\"pt-0\">\n<div class=\"gizmo-bot-avatar flex h-8 w-8 items-center justify-center overflow-hidden rounded-full\">\n<div class=\"relative p-1 rounded-sm flex items-center justify-center bg-token-main-surface-primary text-token-text-primary h-8 w-8\">\n<h2 data-start=\"1200\" data-end=\"1487\">Vapes Tornado \u2013 V\u00e1\u0161 ve\u013ekoobchodn\u00fd online obchod s vape produktmi pre najlep\u0161ie zna\u010dky vape<\/h2>\n<p data-start=\"1200\" data-end=\"1487\"><strong data-start=\"141\" data-end=\"177\">Online obchod s dymom Vapes Tornado<\/strong> je v\u00e1\u0161 d\u00f4veryhodn\u00fd zdroj pre <strong data-start=\"205\" data-end=\"270\">pr\u00e9miov\u00e9 jednorazov\u00e9 vape a ve\u013ekoobchodn\u00e9 e-cigarety na Slovensku<\/strong>. Pon\u00fakame najpred\u00e1vanej\u0161ie zna\u010dky ako <strong data-start=\"307\" data-end=\"362\"><a href=\"https:\/\/vapestornado.com\/sk\/product\/randm-12000-puffs-fumot-digital-disposable-vape-wholesale-price\/\">Fumot VAPE<\/a>, <a href=\"https:\/\/vapestornado.com\/sk\/product\/waspe-150k-150000-puff-6-in-1-disposable-vape-pen-cartridge-best-wholesale-price-in-poland\/\">WASPE VAPE<\/a>, <\/strong><strong data-start=\"307\" data-end=\"362\"><a href=\"https:\/\/vapestornado.com\/sk\/product\/vozol-gear-shisha-25k-25000-puffs-best-dtl-disposable-vape-hookah-cheap-price\/\">VOZOL BAR VAPE<\/a>, \u00a0 Bang Vape<\/strong>, a viac, zabezpe\u010duj\u00fac kvalitu a rozmanitos\u0165 pre ka\u017ed\u00e9ho z\u00e1kazn\u00edka. \u010ci ste individu\u00e1lny vap\u00e9r alebo ve\u013ekoobchodn\u00fd kupuj\u00faci, doru\u010dujeme <strong data-start=\"481\" data-end=\"550\">vysoko v\u00fdkonn\u00e9 zariadenia, \u0161t\u00fdlov\u00e9 dizajny a konkurencieschopn\u00e9 ceny<\/strong> na splnenie va\u0161ich potrieb.<\/p>\n<h2 data-start=\"2064\" data-end=\"2115\">\u010casto kladen\u00e9 ot\u00e1zky o FIHP 120K Puf Jednorazov\u00fd vaporiz\u00e9r<\/h2>\n<p data-start=\"2159\" data-end=\"2318\"><strong data-start=\"2159\" data-end=\"2233\">1. Ko\u013eko pr\u00edchut\u00ed pon\u00faka FIHP 120K Puf Jednorazov\u00fd vaporiz\u00e9r?<\/strong><br data-start=\"2233\" data-end=\"2236\" \/>Vybaven\u00fd syst\u00e9mom 6 v 1, umo\u017e\u0148uje pou\u017e\u00edvate\u013eom vychutna\u0165 si \u0161es\u0165 jedine\u010dn\u00fdch pr\u00edchut\u00ed v jednom zariaden\u00ed.<\/p>\n<p data-start=\"2320\" data-end=\"2445\"><strong data-start=\"2320\" data-end=\"2369\">2. Je FIHP 120000 Puff vape dob\u00edjate\u013en\u00fd?<\/strong><br data-start=\"2369\" data-end=\"2372\" \/>\u00c1no, obsahuje dob\u00edjate\u013en\u00fa bat\u00e9riu s kapacitou 650mAh a r\u00fdchle nab\u00edjanie cez Type-C.<\/p>\n<p data-start=\"2447\" data-end=\"2577\"><strong data-start=\"2447\" data-end=\"2511\">3. Ak\u00e9 \u00farovne nikot\u00ednu s\u00fa dostupn\u00e9 pre FIHP 120k Puff?<\/strong><br data-start=\"2511\" data-end=\"2514\" \/>M\u00f4\u017eete si vybra\u0165 medzi 2% a 5%, v z\u00e1vislosti od va\u0161ich preferenci\u00ed.<\/p>\n<p data-start=\"2579\" data-end=\"2743\"><strong data-start=\"2579\" data-end=\"2646\">4. Pre\u010do je FIHP 120K pova\u017eovan\u00fd za jeden z najlep\u0161\u00edch lacn\u00fdch vaporiz\u00e9rov?<\/strong><br data-start=\"2646\" data-end=\"2649\" \/>Pon\u00faka \u0161es\u0165 pr\u00edchut\u00ed, 120000 potiahnut\u00ed a kvalitu dvojitej mrie\u017ekovej cievky za ve\u013emi konkurencieschopn\u00fa cenu.<\/p>\n<p data-start=\"2745\" data-end=\"2917\"><strong data-start=\"2745\" data-end=\"2813\">5. Kde m\u00f4\u017eem k\u00fapi\u0165 FIHP 120000 Puff jednorazov\u00fd vaporiz\u00e9r vo ve\u013ekom?<\/strong><br data-start=\"2813\" data-end=\"2816\" \/>Najlep\u0161ie ve\u013ekoobchodn\u00e9 ponuky s\u00fa dostupn\u00e9 na <strong data-start=\"2858\" data-end=\"2888\">Vapes Tornado online obchod s vapormi<\/strong>, d\u00f4veryhodnom od distrib\u00fatorov na Slovensku.<\/p>\n<\/div>\n<\/div>\n<\/div>\n<\/div>","protected":false},"excerpt":{"rendered":"<p data-start=\"3204\" data-end=\"3282\">FIHP 120K 6-v-1 120000 Pufov Jednorazov\u00fd Vaporiz\u00e9r Pero | Lacn\u00e9 Vaporiz\u00e9ry na Ve\u013ekoobchod<\/p>\n<p data-start=\"3286\" data-end=\"3358\">K\u00fapte FIHP 120000 Pufov Vaporiz\u00e9r Pero | Najlep\u0161ie 6-v-1 Jednorazov\u00e9 Vaporiz\u00e9ry v Eur\u00f3pe<\/p>\n<p data-start=\"3362\" data-end=\"3446\">FIHP 120K Puf Jednorazov\u00fd Vaporiz\u00e9r \u2013 Ve\u013ek\u00e1 Kapacita, Viacero Chut\u00ed, Najlep\u0161ia Ve\u013ekoobchodn\u00e1 Cena<\/p>\n<p><strong>Pridajte si Amy na whatsapp, aby ste dostali spr\u00e1vnu odpove\u010f a z\u013eavnen\u00fa cenu!<\/strong><\/p>\n<p><img fetchpriority=\"high\" decoding=\"async\" class=\"size-full wp-image-2932\" src=\"https:\/\/vapestornado.com\/wp-content\/uploads\/2024\/12\/Vape-Wholesale.jpg\" alt=\"Ve\u013ekoobchod s vape\" width=\"229\" height=\"300\" \/><\/p>\n<h3><a href=\"https:\/\/wa.me\/8617776015835\"><span style=\"color: #ff0000;\"><strong>WhatsApp: +86 17776015835<\/strong><\/span><\/a><\/h3>","protected":false},"featured_media":4428,"comment_status":"open","ping_status":"closed","template":"","meta":{"_acf_changed":false,"_uag_custom_page_level_css":"","_lmt_disableupdate":"no","_lmt_disable":"","_monsterinsights_skip_tracking":false,"_monsterinsights_sitenote_active":false,"_monsterinsights_sitenote_note":"","_monsterinsights_sitenote_category":0,"site-sidebar-layout":"default","site-content-layout":"","ast-site-content-layout":"default","site-content-style":"default","site-sidebar-style":"default","ast-global-header-display":"","ast-banner-title-visibility":"","ast-main-header-display":"","ast-hfb-above-header-display":"","ast-hfb-below-header-display":"","ast-hfb-mobile-header-display":"","site-post-title":"","ast-breadcrumbs-content":"","ast-featured-img":"","footer-sml-layout":"","ast-disable-related-posts":"","theme-transparent-header-meta":"default","adv-header-id-meta":"","stick-header-meta":"","header-above-stick-meta":"","header-main-stick-meta":"","header-below-stick-meta":"","astra-migrate-meta-layouts":"set","ast-page-background-enabled":"default","ast-page-background-meta":{"desktop":{"background-color":"","background-image":"","background-repeat":"repeat","background-position":"center center","background-size":"auto","background-attachment":"scroll","background-type":"","background-media":"","overlay-type":"","overlay-color":"","overlay-opacity":"","overlay-gradient":""},"tablet":{"background-color":"","background-image":"","background-repeat":"repeat","background-position":"center center","background-size":"auto","background-attachment":"scroll","background-type":"","background-media":"","overlay-type":"","overlay-color":"","overlay-opacity":"","overlay-gradient":""},"mobile":{"background-color":"","background-image":"","background-repeat":"repeat","background-position":"center center","background-size":"auto","background-attachment":"scroll","background-type":"","background-media":"","overlay-type":"","overlay-color":"","overlay-opacity":"","overlay-gradient":""}},"ast-content-background-meta":{"desktop":{"background-color":"var(--ast-global-color-5)","background-image":"","background-repeat":"repeat","background-position":"center center","background-size":"auto","background-attachment":"scroll","background-type":"","background-media":"","overlay-type":"","overlay-color":"","overlay-opacity":"","overlay-gradient":""},"tablet":{"background-color":"var(--ast-global-color-5)","background-image":"","background-repeat":"repeat","background-position":"center center","background-size":"auto","background-attachment":"scroll","background-type":"","background-media":"","overlay-type":"","overlay-color":"","overlay-opacity":"","overlay-gradient":""},"mobile":{"background-color":"var(--ast-global-color-5)","background-image":"","background-repeat":"repeat","background-position":"center center","background-size":"auto","background-attachment":"scroll","background-type":"","background-media":"","overlay-type":"","overlay-color":"","overlay-opacity":"","overlay-gradient":""}},"_joinchat":[]},"product_brand":[],"product_cat":[347,154,142,144,146,60],"product_tag":[387,287,368,388,395,390,393,386],"class_list":{"0":"post-4430","1":"product","2":"type-product","3":"status-publish","4":"has-post-thumbnail","6":"product_cat-120000-puff","7":"product_cat-buy-disposable-vapes-in-netherlands","8":"product_cat-digital-box-disposable-vapes","9":"product_cat-low-nicotine-disposable-vapes","10":"product_cat-rechargeable-disposable-vapes","11":"product_cat-waspe-fihp-vape","12":"product_tag-cigarette-vapor","13":"product_tag-disposable-vape-pen","14":"product_tag-disposable-vapor","15":"product_tag-e-vape","16":"product_tag-fihp-120k","17":"product_tag-online-vape-shop","18":"product_tag-vape-cartridge","19":"product_tag-vape-pen","20":"desktop-align-left","21":"tablet-align-left","22":"mobile-align-left","24":"first","25":"instock","26":"sale","27":"shipping-taxable","28":"purchasable","29":"product-type-simple"},"acf":[],"uagb_featured_image_src":{"full":["https:\/\/vapestornado.com\/wp-content\/uploads\/2025\/10\/FIHP-Multi-120000-puffs-Original-Disposable-Vape.webp",800,800,false],"thumbnail":["https:\/\/vapestornado.com\/wp-content\/uploads\/2025\/10\/FIHP-Multi-120000-puffs-Original-Disposable-Vape-150x150.webp",150,150,true],"medium":["https:\/\/vapestornado.com\/wp-content\/uploads\/2025\/10\/FIHP-Multi-120000-puffs-Original-Disposable-Vape-300x300.webp",300,300,true],"medium_large":["https:\/\/vapestornado.com\/wp-content\/uploads\/2025\/10\/FIHP-Multi-120000-puffs-Original-Disposable-Vape-768x768.webp",768,768,true],"large":["https:\/\/vapestornado.com\/wp-content\/uploads\/2025\/10\/FIHP-Multi-120000-puffs-Original-Disposable-Vape.webp",800,800,false],"1536x1536":["https:\/\/vapestornado.com\/wp-content\/uploads\/2025\/10\/FIHP-Multi-120000-puffs-Original-Disposable-Vape.webp",800,800,false],"2048x2048":["https:\/\/vapestornado.com\/wp-content\/uploads\/2025\/10\/FIHP-Multi-120000-puffs-Original-Disposable-Vape.webp",800,800,false],"trp-custom-language-flag":["https:\/\/vapestornado.com\/wp-content\/uploads\/2025\/10\/FIHP-Multi-120000-puffs-Original-Disposable-Vape-12x12.webp",12,12,true],"woocommerce_thumbnail":["https:\/\/vapestornado.com\/wp-content\/uploads\/2025\/10\/FIHP-Multi-120000-puffs-Original-Disposable-Vape-300x300.webp",300,300,true],"woocommerce_single":["https:\/\/vapestornado.com\/wp-content\/uploads\/2025\/10\/FIHP-Multi-120000-puffs-Original-Disposable-Vape-600x600.webp",600,600,true],"woocommerce_gallery_thumbnail":["https:\/\/vapestornado.com\/wp-content\/uploads\/2025\/10\/FIHP-Multi-120000-puffs-Original-Disposable-Vape-100x100.webp",100,100,true]},"uagb_author_info":{"display_name":"ESAMY","author_link":"https:\/\/vapestornado.com\/sk\/author\/"},"uagb_comment_info":1,"uagb_excerpt":"FIHP 120K 6-in-1 120000 Puff Disposable Vape Pen | Cheap Vapes for Wholesale Buy FIHP 120000 Puff Vape Pen | Best 6-in-1 Disposable Vapes in Europe FIHP 120K Puff Disposable Vape \u2013 Big Capacity, Multi Flavors, Best Wholesale Price Add Amy's whatsapp to get right reply and discount price! WhatsApp: +86 17776015835","_links":{"self":[{"href":"https:\/\/vapestornado.com\/sk\/wp-json\/wp\/v2\/product\/4430","targetHints":{"allow":["GET"]}}],"collection":[{"href":"https:\/\/vapestornado.com\/sk\/wp-json\/wp\/v2\/product"}],"about":[{"href":"https:\/\/vapestornado.com\/sk\/wp-json\/wp\/v2\/types\/product"}],"replies":[{"embeddable":true,"href":"https:\/\/vapestornado.com\/sk\/wp-json\/wp\/v2\/comments?post=4430"}],"wp:featuredmedia":[{"embeddable":true,"href":"https:\/\/vapestornado.com\/sk\/wp-json\/wp\/v2\/media\/4428"}],"wp:attachment":[{"href":"https:\/\/vapestornado.com\/sk\/wp-json\/wp\/v2\/media?parent=4430"}],"wp:term":[{"taxonomy":"product_brand","embeddable":true,"href":"https:\/\/vapestornado.com\/sk\/wp-json\/wp\/v2\/product_brand?post=4430"},{"taxonomy":"product_cat","embeddable":true,"href":"https:\/\/vapestornado.com\/sk\/wp-json\/wp\/v2\/product_cat?post=4430"},{"taxonomy":"product_tag","embeddable":true,"href":"https:\/\/vapestornado.com\/sk\/wp-json\/wp\/v2\/product_tag?post=4430"}],"curies":[{"name":"wp","href":"https:\/\/api.w.org\/{rel}","templated":true}]}}