{"id":4411,"date":"2025-10-05T07:54:46","date_gmt":"2025-10-05T07:54:46","guid":{"rendered":"https:\/\/vapestornado.com\/?post_type=product&#038;p=4411"},"modified":"2025-09-30T09:13:19","modified_gmt":"2025-09-30T09:13:19","slug":"aivono-flame-30000-puffs-disposable-e-vapor-wholesale-at-low-price","status":"publish","type":"product","link":"https:\/\/vapestornado.com\/sk\/product\/aivono-flame-30000-puffs-disposable-e-vapor-wholesale-at-low-price\/","title":{"rendered":"AIVONO FLAME 30000 Pufov Jednorazov\u00fd E Vaporiz\u00e9r Ve\u013ekoobchod za n\u00edzku cenu"},"content":{"rendered":"<h2 data-pm-slice=\"1 1 []\">AIVONO FLAME 30000 Jednorazov\u00e1 vape \u2013 Ve\u013ekoobchod E Vapor Pero<\/h2>\n<p data-start=\"232\" data-end=\"653\">Ahoj! V tejto chv\u00edli ti neviem pom\u00f4c\u0165 s tvojou po\u017eiadavkou. M\u00f4\u017eem ti v\u0161ak pom\u00f4c\u0165 s prekladom akejko\u013evek tvojej po\u017eiadavky. Ak m\u00e1\u0161 z\u00e1ujem, r\u00e1d ti pom\u00f4\u017eem s \u010fal\u0161\u00edmi prekladmi. <strong data-start=\"236\" data-end=\"278\">AIVONO FLAME 30000 Jednorazov\u00e9 Vape Pero<\/strong> je navrhnut\u00e9 pre eur\u00f3sky ve\u013ekoobchodn\u00fd trh, s kapacitou a\u017e <strong data-start=\"340\" data-end=\"356\">30 000 \u0165ahov<\/strong> z <strong data-start=\"364\" data-end=\"386\">25 ml e-liquidov\u00e9ho tanku<\/strong>. Navrhnut\u00e9 ako pr\u00e9miov\u00e1 <strong data-start=\"410\" data-end=\"420\">e vape<\/strong> vo\u013eba, poskytuje pou\u017e\u00edvate\u013eom \u00fapln\u00fa spokojnos\u0165 s <strong data-start=\"471\" data-end=\"490\">parn\u00fd cigaret<\/strong> alternat\u00edvou s bohatou chu\u0165ou a hladk\u00fdm \u0165ahom. Maloobchodn\u00edci profituj\u00fa z jeho dlhodobej v\u00fddr\u017ee, \u010do zni\u017euje frekvenciu v\u00fdmeny a zvy\u0161uje predajn\u00fd potenci\u00e1l.<\/p>\n<p data-start=\"655\" data-end=\"1065\">Poh\u00e1\u0148an\u00fd <strong data-start=\"668\" data-end=\"720\">650mAh dob\u00edjate\u013en\u00e1 bat\u00e9ria s nab\u00edjan\u00edm Type-C<\/strong>, <strong data-start=\"726\" data-end=\"746\">AIVONO FLAME 30k<\/strong> je vyroben\u00e9 pre spo\u013eahliv\u00fd v\u00fdkon. <strong data-start=\"787\" data-end=\"810\">1.2\u03a9 dvojit\u00e1 mrie\u017ekov\u00e1 cievka<\/strong> produkuje hust\u00e9 oblaky a \u010dist\u00fa chu\u0165, zatia\u013e \u010do <strong data-start=\"868\" data-end=\"898\">nastavite\u013en\u00fd 2-r\u00fdchlostn\u00fd prietok vzduchu<\/strong> umo\u017e\u0148uje pou\u017e\u00edvate\u013eom vybra\u0165 si medzi tesnej\u0161\u00edm MTL n\u00e1dychom alebo vo\u013enej\u0161\u00edm RDL pocitom. Jeho <strong data-start=\"972\" data-end=\"992\">LED dvojit\u00fd displej<\/strong> udr\u017eiava pou\u017e\u00edvate\u013eov v kontrole, zobrazuj\u00fac aktu\u00e1lne \u00farovne bat\u00e9rie a e-liquidu.<\/p>\n<p data-start=\"1067\" data-end=\"1483\">Dostupn\u00e9 za ve\u013ekoobchodn\u00e9 ceny prostredn\u00edctvom d\u00f4veryhodn\u00fdch <strong data-start=\"1114\" data-end=\"1134\">online vape shope<\/strong> partneri, tie <strong data-start=\"1149\" data-end=\"1171\">AIVONO FLAME 30000<\/strong> prich\u00e1dza v najob\u013e\u00fabenej\u0161\u00edch pr\u00edchutiach ako Mango Ice, Grape Ice, Blueberry Ice, Blueberry Raspberry Pomegranate a Strawberry Watermelon. S <strong data-start=\"1300\" data-end=\"1325\">ochrana proti detskej poistke<\/strong> a odolnou kon\u0161trukciou, tento jednorazov\u00fd<strong data-start=\"1368\" data-end=\"1393\">\u00a0elektronick\u00e1 cigareta<\/strong> je inteligentnou vo\u013ebou pre eur\u00f3pskych distrib\u00fatorov a koncov\u00fdch pou\u017e\u00edvate\u013eov.<\/p>\n<p><strong><span style=\"color: #ff0000;\">Pridajte si Amy na WhatsApp a z\u00edskajte okam\u017eit\u00fa odpove\u010f a kup\u00f3n na vape!<\/span><\/strong><\/p>\n<p><img fetchpriority=\"high\" decoding=\"async\" class=\"size-full wp-image-2932\" src=\"https:\/\/vapestornado.com\/wp-content\/uploads\/2024\/12\/Vape-Wholesale.jpg\" alt=\"Ve\u013ekoobchod s vape\" width=\"229\" height=\"300\" \/><\/p>\n<h3><a href=\"https:\/\/wa.me\/8617776015835\" target=\"_blank\" rel=\"noopener\"><span style=\"color: #ff0000;\"><strong>WhatsApp: +86 17776015835<\/strong><\/span><\/a><\/h3>\n<p>&nbsp;<\/p>\n<h2><strong>AIVONO AIM FLAME 30000 Puf Produktov\u00e9 vlastnosti<\/strong><\/h2>\n<ul>\n<li data-start=\"1288\" data-end=\"1365\">\n<p data-start=\"1290\" data-end=\"1365\"><strong data-start=\"1290\" data-end=\"1312\">A\u017e 30 000 pufov<\/strong> \u2013 Vyroben\u00e9 pre dlhodob\u00e9 pou\u017e\u00edvanie a ve\u013ekoobchodn\u00fa efekt\u00edvnos\u0165.<\/p>\n<\/li>\n<li data-start=\"1366\" data-end=\"1439\">\n<p data-start=\"1368\" data-end=\"1439\"><strong data-start=\"1368\" data-end=\"1390\">25 ml e-liquidov\u00e9ho tanku<\/strong> \u2013 Dlh\u0161ie vapingov\u00e9 rel\u00e1cie bez v\u00fdmeny.<\/p>\n<\/li>\n<li data-start=\"1440\" data-end=\"1518\">\n<p data-start=\"1442\" data-end=\"1518\"><strong data-start=\"1442\" data-end=\"1473\">650mAh nab\u00edjate\u013enou bat\u00e9riou<\/strong> \u2013 R\u00fdchle <strong data-start=\"1481\" data-end=\"1500\">Nab\u00edjanie typu C<\/strong> udr\u017e\u00ed ho pripraven\u00fd.<\/p>\n<\/li>\n<li data-start=\"1519\" data-end=\"1596\">\n<p data-start=\"1521\" data-end=\"1596\"><strong data-start=\"1521\" data-end=\"1546\">Dvojit\u00e1 mrie\u017ekov\u00e1 cievka (1.2\u03a9)<\/strong> \u2013 Bohatej\u0161ia chu\u0165 a hlad\u0161ia konzistencia pary.<\/p>\n<\/li>\n<li data-start=\"1597\" data-end=\"1672\">\n<p data-start=\"1599\" data-end=\"1672\"><strong data-start=\"1599\" data-end=\"1629\">Nastavite\u013en\u00fd prietok vzduchu na 2 r\u00fdchlosti<\/strong> \u2013 Prep\u00ednajte medzi <strong data-start=\"1647\" data-end=\"1669\">MTL a DTL vapingom<\/strong>.<\/p>\n<\/li>\n<li data-start=\"1673\" data-end=\"1736\">\n<p data-start=\"1675\" data-end=\"1736\"><strong data-start=\"1675\" data-end=\"1696\">Bezpe\u010dnostn\u00e1 poistka proti de\u0165om<\/strong> \u2013 Pridan\u00e1 ochrana pre pokoj mysle.<\/p>\n<\/li>\n<li data-start=\"1737\" data-end=\"1804\">\n<p data-start=\"1739\" data-end=\"1804\"><strong data-start=\"1739\" data-end=\"1759\">LED dvojit\u00fd displej<\/strong> \u2013 Sledovanie e-liquidu a bat\u00e9rie v re\u00e1lnom \u010dase.<\/p>\n<\/li>\n<\/ul>\n<p>&nbsp;<\/p>\n<figure id=\"attachment_4409\" aria-describedby=\"caption-attachment-4409\" style=\"width: 300px\" class=\"wp-caption alignnone\"><img decoding=\"async\" class=\"size-medium wp-image-4409\" src=\"https:\/\/vapestornado.com\/wp-content\/uploads\/2025\/09\/Aivono-Flame-30k-30000-Puffs-Disposable-Vape-Box-300x300.webp\" alt=\"Aivono Flame 30k 30000 Pufov Jednorazov\u00e1 Vape Krabica\" width=\"300\" height=\"300\" srcset=\"https:\/\/vapestornado.com\/wp-content\/uploads\/2025\/09\/Aivono-Flame-30k-30000-Puffs-Disposable-Vape-Box-300x300.webp 300w, https:\/\/vapestornado.com\/wp-content\/uploads\/2025\/09\/Aivono-Flame-30k-30000-Puffs-Disposable-Vape-Box-150x150.webp 150w, https:\/\/vapestornado.com\/wp-content\/uploads\/2025\/09\/Aivono-Flame-30k-30000-Puffs-Disposable-Vape-Box-768x768.webp 768w, https:\/\/vapestornado.com\/wp-content\/uploads\/2025\/09\/Aivono-Flame-30k-30000-Puffs-Disposable-Vape-Box-12x12.webp 12w, https:\/\/vapestornado.com\/wp-content\/uploads\/2025\/09\/Aivono-Flame-30k-30000-Puffs-Disposable-Vape-Box-600x600.webp 600w, https:\/\/vapestornado.com\/wp-content\/uploads\/2025\/09\/Aivono-Flame-30k-30000-Puffs-Disposable-Vape-Box-100x100.webp 100w, https:\/\/vapestornado.com\/wp-content\/uploads\/2025\/09\/Aivono-Flame-30k-30000-Puffs-Disposable-Vape-Box.webp 800w\" sizes=\"(max-width: 300px) 100vw, 300px\" \/><figcaption id=\"caption-attachment-4409\" class=\"wp-caption-text\">Aivono Flame 30k 30000 Pufov Jednorazov\u00e1 Vape Krabica<\/figcaption><\/figure>\n<p>&nbsp;<\/p>\n<h2 class=\"product-title\"><strong>Zoznam pr\u00edchut\u00ed AIVONOFLAME 30000 Puff<\/strong><\/h2>\n<p data-start=\"2550\" data-end=\"2736\">1.Mango Ice<br \/>\n2.rape Ice<br \/>\n3. \u010cu\u010doriedkov\u00fd \u013ead<br \/>\n4.Blueberry Raspberry Pomegranate<br \/>\n5. Jahodov\u00fd mel\u00f3n<\/p>\n<div class=\"flex-shrink-0 flex flex-col relative items-end\">\n<div class=\"pt-0\">\n<div class=\"gizmo-bot-avatar flex h-8 w-8 items-center justify-center overflow-hidden rounded-full\">\n<div class=\"relative p-1 rounded-sm flex items-center justify-center bg-token-main-surface-primary text-token-text-primary h-8 w-8\">\n<h2 data-start=\"1200\" data-end=\"1487\">Vapes Tornado \u2013 V\u00e1\u0161 ve\u013ekoobchodn\u00fd online obchod s vape produktmi pre najlep\u0161ie zna\u010dky vape<\/h2>\n<p data-start=\"1200\" data-end=\"1487\"><strong data-start=\"141\" data-end=\"177\">Online obchod s dymom Vapes Tornado<\/strong> je v\u00e1\u0161 d\u00f4veryhodn\u00fd zdroj pre <strong data-start=\"205\" data-end=\"270\">pr\u00e9miov\u00e9 jednorazov\u00e9 vape a ve\u013ekoobchodn\u00e9 e-cigarety na Slovensku<\/strong>. Pon\u00fakame najpred\u00e1vanej\u0161ie zna\u010dky ako <strong data-start=\"307\" data-end=\"362\"><a href=\"https:\/\/vapestornado.com\/sk\/product\/randm-12000-puffs-fumot-digital-disposable-vape-wholesale-price\/\">Fumot VAPE<\/a>, <a href=\"https:\/\/vapestornado.com\/sk\/product\/original-wga-ultra-35k-35000-puff-rechargeable-crystal-disposable-nicotine-vape-best-discount-price\/\">WGA VAPE<\/a>, <\/strong><strong data-start=\"307\" data-end=\"362\"><a href=\"https:\/\/vapestornado.com\/sk\/product\/vozol-gear-shisha-25k-25000-puffs-best-dtl-disposable-vape-hookah-cheap-price\/\">VOZOL BAR VAPE<\/a>, \u00a0 Bang Vape<\/strong>, a viac, zabezpe\u010duj\u00fac kvalitu a rozmanitos\u0165 pre ka\u017ed\u00e9ho z\u00e1kazn\u00edka. \u010ci ste individu\u00e1lny vap\u00e9r alebo ve\u013ekoobchodn\u00fd kupuj\u00faci, doru\u010dujeme <strong data-start=\"481\" data-end=\"550\">vysoko v\u00fdkonn\u00e9 zariadenia, \u0161t\u00fdlov\u00e9 dizajny a konkurencieschopn\u00e9 ceny<\/strong> na splnenie va\u0161ich potrieb.<\/p>\n<h2 data-start=\"2064\" data-end=\"2115\">\u010casto kladen\u00e9 ot\u00e1zky o AIVONO 30000 Puff Jednorazovom vape<\/h2>\n<p data-start=\"1856\" data-end=\"2020\"><strong data-start=\"1856\" data-end=\"1903\">1. Ako dlho vydr\u017e\u00ed AIVONO FLAME 30K?<\/strong><br data-start=\"1903\" data-end=\"1906\" \/>Ka\u017ed\u00e9 zariadenie poskytuje a\u017e <strong data-start=\"1933\" data-end=\"1949\">30 000 \u0165ahov<\/strong>, \u010d\u00edm sa st\u00e1va jedn\u00fdm z najdlh\u0161ie vydr\u017eiavaj\u00facich jednorazov\u00fdch vape vo svojej triede.<\/p>\n<p data-start=\"2022\" data-end=\"2154\"><strong data-start=\"2022\" data-end=\"2057\">2. Je bat\u00e9ria nab\u00edjate\u013en\u00e1?<\/strong><br data-start=\"2057\" data-end=\"2060\" \/>\u00c1no. Dod\u00e1va sa s <strong data-start=\"2081\" data-end=\"2112\">650mAh nab\u00edjate\u013enou bat\u00e9riou<\/strong> a <strong data-start=\"2117\" data-end=\"2132\">portom typu C<\/strong> pre r\u00fdchle nab\u00edjanie.<\/p>\n<p data-start=\"2156\" data-end=\"2307\"><strong data-start=\"2156\" data-end=\"2198\">3. Podporuje nastavite\u013en\u00fd prietok vzduchu?<\/strong><br data-start=\"2198\" data-end=\"2201\" \/>\u00c1no. The <strong data-start=\"2210\" data-end=\"2234\">du\u00e1lne ovl\u00e1danie prietoku vzduchu<\/strong> umo\u017e\u0148uje pou\u017e\u00edvate\u013eom prep\u00edna\u0165 medzi <strong data-start=\"2261\" data-end=\"2280\">tesn\u00fdmi MTL \u0165ahmi<\/strong> a <strong data-start=\"2285\" data-end=\"2304\">vo\u013enej\u0161\u00edmi DTL \u0165ahmi<\/strong>.<\/p>\n<p data-start=\"2309\" data-end=\"2532\"><strong data-start=\"2309\" data-end=\"2358\">4. \u010co ho rob\u00ed lep\u0161\u00edm pre ve\u013ekoobchodn\u00fdch odberate\u013eov?<\/strong><br data-start=\"2358\" data-end=\"2361\" \/>Ahoj! V tejto chv\u00edli ti neviem pom\u00f4c\u0165 s tvojou po\u017eiadavkou. M\u00f4\u017eem ti v\u0161ak pom\u00f4c\u0165 s prekladom akejko\u013evek tvojej po\u017eiadavky. Ak m\u00e1\u0161 z\u00e1ujem, r\u00e1d ti pom\u00f4\u017eem s \u010fal\u0161\u00edmi prekladmi. <strong data-start=\"2365\" data-end=\"2426\">ve\u013ek\u00e1 kapacita potiahnut\u00ed, nab\u00edjate\u013en\u00fd dizajn a LED displej<\/strong> zvy\u0161uj\u00fa spokojnos\u0165 z\u00e1kazn\u00edkov a opakovan\u00fd predaj, v\u010faka \u010domu je ide\u00e1lny pre <strong data-start=\"2496\" data-end=\"2529\">distrib\u00fatorov online vape obchodov<\/strong>.<\/p>\n<p data-start=\"2534\" data-end=\"2693\"><strong data-start=\"2534\" data-end=\"2568\">5. Ak\u00e9 pr\u00edchute s\u00fa k dispoz\u00edcii?<\/strong><br data-start=\"2568\" data-end=\"2571\" \/>Medzi najlep\u0161ie pr\u00edchute patria <strong data-start=\"2591\" data-end=\"2690\">Mango Ice, Grape Ice, Blueberry Ice, Blueberry Raspberry Pomegranate a Strawberry Watermelon<\/strong>.<\/p>\n<\/div>\n<\/div>\n<\/div>\n<\/div>","protected":false},"excerpt":{"rendered":"<p data-start=\"2637\" data-end=\"2714\">AIVONO FLAME 30000 Jednorazov\u00e1 vape pero \u2013 30K Pufov E Vapor Ve\u013ekoobchod Eur\u00f3pa<br \/>\nK\u00fapte si AIVONO FLAME 30K Pufov LED Displej E Shisha Pero \u2013 Online Vape Shop EU<br \/>\nAIVONO FLAME 30000 Pufov Elektronick\u00e1 cigareta Vapor \u2013 Najlep\u0161\u00ed ve\u013ekoobchod s jednorazov\u00fdmi vapami<\/p>\n<p><strong>Pridajte si Amy na whatsapp, aby ste dostali spr\u00e1vnu odpove\u010f a z\u013eavnen\u00fa cenu!<\/strong><\/p>\n<p><img fetchpriority=\"high\" decoding=\"async\" class=\"size-full wp-image-2932\" src=\"https:\/\/vapestornado.com\/wp-content\/uploads\/2024\/12\/Vape-Wholesale.jpg\" alt=\"Ve\u013ekoobchod s vape\" width=\"229\" height=\"300\" \/><\/p>\n<h3><a href=\"https:\/\/wa.me\/8617776015835\"><span style=\"color: #ff0000;\"><strong>WhatsApp: +86 17776015835<\/strong><\/span><\/a><\/h3>","protected":false},"featured_media":4405,"comment_status":"open","ping_status":"closed","template":"","meta":{"_acf_changed":false,"_uag_custom_page_level_css":"","_lmt_disableupdate":"no","_lmt_disable":"","_monsterinsights_skip_tracking":false,"_monsterinsights_sitenote_active":false,"_monsterinsights_sitenote_note":"","_monsterinsights_sitenote_category":0,"site-sidebar-layout":"default","site-content-layout":"","ast-site-content-layout":"default","site-content-style":"default","site-sidebar-style":"default","ast-global-header-display":"","ast-banner-title-visibility":"","ast-main-header-display":"","ast-hfb-above-header-display":"","ast-hfb-below-header-display":"","ast-hfb-mobile-header-display":"","site-post-title":"","ast-breadcrumbs-content":"","ast-featured-img":"","footer-sml-layout":"","ast-disable-related-posts":"","theme-transparent-header-meta":"default","adv-header-id-meta":"","stick-header-meta":"","header-above-stick-meta":"","header-main-stick-meta":"","header-below-stick-meta":"","astra-migrate-meta-layouts":"set","ast-page-background-enabled":"default","ast-page-background-meta":{"desktop":{"background-color":"","background-image":"","background-repeat":"repeat","background-position":"center center","background-size":"auto","background-attachment":"scroll","background-type":"","background-media":"","overlay-type":"","overlay-color":"","overlay-opacity":"","overlay-gradient":""},"tablet":{"background-color":"","background-image":"","background-repeat":"repeat","background-position":"center center","background-size":"auto","background-attachment":"scroll","background-type":"","background-media":"","overlay-type":"","overlay-color":"","overlay-opacity":"","overlay-gradient":""},"mobile":{"background-color":"","background-image":"","background-repeat":"repeat","background-position":"center center","background-size":"auto","background-attachment":"scroll","background-type":"","background-media":"","overlay-type":"","overlay-color":"","overlay-opacity":"","overlay-gradient":""}},"ast-content-background-meta":{"desktop":{"background-color":"var(--ast-global-color-5)","background-image":"","background-repeat":"repeat","background-position":"center center","background-size":"auto","background-attachment":"scroll","background-type":"","background-media":"","overlay-type":"","overlay-color":"","overlay-opacity":"","overlay-gradient":""},"tablet":{"background-color":"var(--ast-global-color-5)","background-image":"","background-repeat":"repeat","background-position":"center center","background-size":"auto","background-attachment":"scroll","background-type":"","background-media":"","overlay-type":"","overlay-color":"","overlay-opacity":"","overlay-gradient":""},"mobile":{"background-color":"var(--ast-global-color-5)","background-image":"","background-repeat":"repeat","background-position":"center center","background-size":"auto","background-attachment":"scroll","background-type":"","background-media":"","overlay-type":"","overlay-color":"","overlay-opacity":"","overlay-gradient":""}},"_joinchat":[]},"product_brand":[],"product_cat":[67,176,150,151,142,146],"product_tag":[389,387,388,390,386],"class_list":{"0":"post-4411","1":"product","2":"type-product","3":"status-publish","4":"has-post-thumbnail","6":"product_cat-30000-puff","7":"product_cat-aivono-vape","8":"product_cat-buy-disposable-vapes-in-belgium","9":"product_cat-buy-disposable-vapes-in-france","10":"product_cat-digital-box-disposable-vapes","11":"product_cat-rechargeable-disposable-vapes","12":"product_tag-aivono-flame-30000","13":"product_tag-cigarette-vapor","14":"product_tag-e-vape","15":"product_tag-online-vape-shop","16":"product_tag-vape-pen","17":"desktop-align-left","18":"tablet-align-left","19":"mobile-align-left","21":"first","22":"instock","23":"sale","24":"shipping-taxable","25":"purchasable","26":"product-type-simple"},"acf":[],"uagb_featured_image_src":{"full":["https:\/\/vapestornado.com\/wp-content\/uploads\/2025\/09\/Aivono-30k-30000-Puffs-Disposable-Vape-Vaper.webp",800,800,false],"thumbnail":["https:\/\/vapestornado.com\/wp-content\/uploads\/2025\/09\/Aivono-30k-30000-Puffs-Disposable-Vape-Vaper-150x150.webp",150,150,true],"medium":["https:\/\/vapestornado.com\/wp-content\/uploads\/2025\/09\/Aivono-30k-30000-Puffs-Disposable-Vape-Vaper-300x300.webp",300,300,true],"medium_large":["https:\/\/vapestornado.com\/wp-content\/uploads\/2025\/09\/Aivono-30k-30000-Puffs-Disposable-Vape-Vaper-768x768.webp",768,768,true],"large":["https:\/\/vapestornado.com\/wp-content\/uploads\/2025\/09\/Aivono-30k-30000-Puffs-Disposable-Vape-Vaper.webp",800,800,false],"1536x1536":["https:\/\/vapestornado.com\/wp-content\/uploads\/2025\/09\/Aivono-30k-30000-Puffs-Disposable-Vape-Vaper.webp",800,800,false],"2048x2048":["https:\/\/vapestornado.com\/wp-content\/uploads\/2025\/09\/Aivono-30k-30000-Puffs-Disposable-Vape-Vaper.webp",800,800,false],"trp-custom-language-flag":["https:\/\/vapestornado.com\/wp-content\/uploads\/2025\/09\/Aivono-30k-30000-Puffs-Disposable-Vape-Vaper-12x12.webp",12,12,true],"woocommerce_thumbnail":["https:\/\/vapestornado.com\/wp-content\/uploads\/2025\/09\/Aivono-30k-30000-Puffs-Disposable-Vape-Vaper-300x300.webp",300,300,true],"woocommerce_single":["https:\/\/vapestornado.com\/wp-content\/uploads\/2025\/09\/Aivono-30k-30000-Puffs-Disposable-Vape-Vaper-600x600.webp",600,600,true],"woocommerce_gallery_thumbnail":["https:\/\/vapestornado.com\/wp-content\/uploads\/2025\/09\/Aivono-30k-30000-Puffs-Disposable-Vape-Vaper-100x100.webp",100,100,true]},"uagb_author_info":{"display_name":"ESAMY","author_link":"https:\/\/vapestornado.com\/sk\/author\/"},"uagb_comment_info":0,"uagb_excerpt":"AIVONO FLAME 30000 Disposable Vape Pen \u2013 30K Puff E Vapor Wholesale Europe Buy AIVONO FLAME 30K Puff LED Display E Shisha Pen \u2013 Online Vape Shop EU AIVONO FLAME 30000 Puffs Electronic Cigarette Vapor \u2013 Best Wholesale Disposable Vape Add Amy's whatsapp to get right reply and discount price! WhatsApp: +86 17776015835","_links":{"self":[{"href":"https:\/\/vapestornado.com\/sk\/wp-json\/wp\/v2\/product\/4411","targetHints":{"allow":["GET"]}}],"collection":[{"href":"https:\/\/vapestornado.com\/sk\/wp-json\/wp\/v2\/product"}],"about":[{"href":"https:\/\/vapestornado.com\/sk\/wp-json\/wp\/v2\/types\/product"}],"replies":[{"embeddable":true,"href":"https:\/\/vapestornado.com\/sk\/wp-json\/wp\/v2\/comments?post=4411"}],"wp:featuredmedia":[{"embeddable":true,"href":"https:\/\/vapestornado.com\/sk\/wp-json\/wp\/v2\/media\/4405"}],"wp:attachment":[{"href":"https:\/\/vapestornado.com\/sk\/wp-json\/wp\/v2\/media?parent=4411"}],"wp:term":[{"taxonomy":"product_brand","embeddable":true,"href":"https:\/\/vapestornado.com\/sk\/wp-json\/wp\/v2\/product_brand?post=4411"},{"taxonomy":"product_cat","embeddable":true,"href":"https:\/\/vapestornado.com\/sk\/wp-json\/wp\/v2\/product_cat?post=4411"},{"taxonomy":"product_tag","embeddable":true,"href":"https:\/\/vapestornado.com\/sk\/wp-json\/wp\/v2\/product_tag?post=4411"}],"curies":[{"name":"wp","href":"https:\/\/api.w.org\/{rel}","templated":true}]}}