{"id":4410,"date":"2025-10-02T03:56:17","date_gmt":"2025-10-02T03:56:17","guid":{"rendered":"https:\/\/vapestornado.com\/?post_type=product&#038;p=4410"},"modified":"2025-09-30T08:04:32","modified_gmt":"2025-09-30T08:04:32","slug":"aivono-fatmax-50k-puff-smart-screen-disposable-e-shisha-hookah-bar","status":"publish","type":"product","link":"https:\/\/vapestornado.com\/sk\/product\/aivono-fatmax-50k-puff-smart-screen-disposable-e-shisha-hookah-bar\/","title":{"rendered":"AIVONO FATMAX 50K Puff Smart Screen Jednorazov\u00e1 E Shisha Hookah Bar"},"content":{"rendered":"<h2 data-pm-slice=\"1 1 []\">AIVONO FATMAX 50K Jednorazov\u00e1 Shisha Hookah Bar \u2013 Inteligentn\u00e1 obrazovka E Shisha<\/h2>\n<p data-start=\"242\" data-end=\"546\">Ahoj! V tejto chv\u00edli ti neviem pom\u00f4c\u0165 s tvojou po\u017eiadavkou. M\u00f4\u017eem ti v\u0161ak pom\u00f4c\u0165 s prekladom akejko\u013evek tvojej po\u017eiadavky. Ak m\u00e1\u0161 z\u00e1ujem, r\u00e1d ti pom\u00f4\u017eem s \u010fal\u0161\u00edmi prekladmi. <strong data-start=\"246\" data-end=\"267\">AIVONO FATMAX 50K<\/strong> je na \u010fal\u0161ej \u00farovni <strong data-start=\"284\" data-end=\"309\">elektronick\u00e1 shisha bar<\/strong> navrhnut\u00e1 pre dlhodob\u00fd v\u00fdkon a odv\u00e1\u017enu chu\u0165. Ka\u017ed\u00e9 zariadenie je predplnen\u00e9 <strong data-start=\"679\" data-end=\"707\">30 ml pr\u00e9miov\u00e9ho e-liquidu<\/strong>, ktor\u00fd poskytuje <strong data-start=\"726\" data-end=\"749\">a\u017e 50 000 hladk\u00fdch pufov<\/strong>\u2014 ide\u00e1lne na dlhodob\u00e9 pou\u017e\u00edvanie bez \u010dast\u00fdch v\u00fdmen. Vyroben\u00e9 s prec\u00edzne navrhnutou sie\u0165ovou cievkou,, tento <strong data-start=\"452\" data-end=\"480\">jednorazov\u00fd shisha hookah<\/strong> poskytuje hladk\u00fd par, bohat\u00fa chu\u0165 a konzistentn\u00fa spokojnos\u0165.<\/p>\n<p data-start=\"548\" data-end=\"851\">Jeho <strong data-start=\"552\" data-end=\"609\">800mAh dob\u00edjate\u013en\u00e1 bat\u00e9ria s r\u00fdchlym nab\u00edjan\u00edm cez Type-C<\/strong> zabezpe\u010duje spo\u013eahliv\u00e9 rel\u00e1cie. Na rozdiel od be\u017en\u00fdch jednorazov\u00fdch vapov, FATMAX 50K m\u00e1 <strong data-start=\"1144\" data-end=\"1169\">preh\u013eadn\u00fa digit\u00e1lnu obrazovku<\/strong> ktor\u00e1 zobrazuje <strong data-start=\"1181\" data-end=\"1233\">re\u00e1lne \u00farovne e-liquidu a percento bat\u00e9rie<\/strong>, \u010d\u00edm zabra\u0148uje such\u00fdm z\u00e1\u017eitkom a odhadom. <strong data-start=\"744\" data-end=\"785\">0%, 2%, 3% a 5% s obsahom nikot\u00ednu<\/strong>, FATMAX 50K vyhovuje \u0161irok\u00e9mu spektru pou\u017e\u00edvate\u013eov\u2014od t\u00fdch, ktor\u00ed preferuj\u00fa beznikot\u00ednov\u00fd z\u00e1\u017eitok z shishy <strong data-start=\"1673\" data-end=\"1703\">z\u00e1\u017eitok bez nikot\u00ednu<\/strong> a vapery, ktor\u00ed chc\u00fa <strong data-start=\"1725\" data-end=\"1746\">siln\u00fd pocit v hrdle<\/strong>.<\/p>\n<p data-start=\"853\" data-end=\"1034\">Kompaktn\u00e9, no v\u00fdkonn\u00e9, <strong data-start=\"879\" data-end=\"909\">AIVONO FATMAX 50K e shisha<\/strong> je <strong data-start=\"917\" data-end=\"947\">najlep\u0161ia jednorazov\u00e1 shisha v bare<\/strong> pre ve\u013ekoobchodn\u00edkov a mlad\u00fdch dospel\u00fdch z\u00e1kazn\u00edkov h\u013eadaj\u00facich \u0161t\u00fdl, v\u00fddr\u017e a pohodlie.<\/p>\n<p><strong><span style=\"color: #ff0000;\">Pridajte si Amy na WhatsApp a z\u00edskajte okam\u017eit\u00fa odpove\u010f a kup\u00f3n na vape!<\/span><\/strong><\/p>\n<p><img fetchpriority=\"high\" decoding=\"async\" class=\"size-full wp-image-2932\" src=\"https:\/\/vapestornado.com\/wp-content\/uploads\/2024\/12\/Vape-Wholesale.jpg\" alt=\"Ve\u013ekoobchod s vape\" width=\"229\" height=\"300\" \/><\/p>\n<h3><a href=\"https:\/\/wa.me\/8617776015835\" target=\"_blank\" rel=\"noopener\"><span style=\"color: #ff0000;\"><strong>WhatsApp: +86 17776015835<\/strong><\/span><\/a><\/h3>\n<p>&nbsp;<\/p>\n<h2><strong>Funkcie produktu AIVONO FATMAX 50K Puff<\/strong><\/h2>\n<ul>\n<li data-start=\"1069\" data-end=\"1112\">\n<p data-start=\"1071\" data-end=\"1112\">A\u017e do <strong data-start=\"1077\" data-end=\"1093\">50 000 po\u0165ahov<\/strong> s n\u00e1dr\u017ekou o objeme 30 ml<\/p>\n<\/li>\n<li data-start=\"1113\" data-end=\"1169\">\n<p data-start=\"1115\" data-end=\"1169\"><strong data-start=\"1115\" data-end=\"1133\">0,6\u03a9 mesh cievka<\/strong> pre hladk\u00e9 oblaky a pln\u00fa chu\u0165<\/p>\n<\/li>\n<li data-start=\"1170\" data-end=\"1229\">\n<p data-start=\"1172\" data-end=\"1229\"><strong data-start=\"1172\" data-end=\"1193\">Inteligentn\u00fd LED displej<\/strong> na sledovanie bat\u00e9rie a e-liquidu<\/p>\n<\/li>\n<li data-start=\"1230\" data-end=\"1287\">\n<p data-start=\"1232\" data-end=\"1287\"><strong data-start=\"1232\" data-end=\"1270\">Bat\u00e9ria s kapacitou 800mAh s nab\u00edjan\u00edm cez Type-C<\/strong> pre dlh\u0161ie pou\u017e\u00edvanie<\/p>\n<\/li>\n<li data-start=\"1288\" data-end=\"1340\">\n<p data-start=\"1290\" data-end=\"1340\">Flexibilita nikot\u00ednu: <strong data-start=\"1312\" data-end=\"1330\">0%, 2%, 3%, 5%<\/strong> mo\u017enosti<\/p>\n<\/li>\n<li data-start=\"1341\" data-end=\"1405\">\n<p data-start=\"1343\" data-end=\"1405\">Priame inhalovanie do p\u013e\u00fac (DTL) pre z\u00e1\u017eitok podobn\u00fd shishe<\/p>\n<\/li>\n<\/ul>\n<figure id=\"attachment_4400\" aria-describedby=\"caption-attachment-4400\" style=\"width: 800px\" class=\"wp-caption alignnone\"><img decoding=\"async\" class=\"wp-image-4400 size-full\" src=\"https:\/\/vapestornado.com\/wp-content\/uploads\/2025\/09\/Aivono-50000-Puff-50k-Disposable-E-Shisha-Hookah.webp\" alt=\"Aivono 50000 Puff 50k Jednorazov\u00e1 e-shisha hookah\" width=\"800\" height=\"800\" srcset=\"https:\/\/vapestornado.com\/wp-content\/uploads\/2025\/09\/Aivono-50000-Puff-50k-Disposable-E-Shisha-Hookah.webp 800w, https:\/\/vapestornado.com\/wp-content\/uploads\/2025\/09\/Aivono-50000-Puff-50k-Disposable-E-Shisha-Hookah-300x300.webp 300w, https:\/\/vapestornado.com\/wp-content\/uploads\/2025\/09\/Aivono-50000-Puff-50k-Disposable-E-Shisha-Hookah-150x150.webp 150w, https:\/\/vapestornado.com\/wp-content\/uploads\/2025\/09\/Aivono-50000-Puff-50k-Disposable-E-Shisha-Hookah-768x768.webp 768w, https:\/\/vapestornado.com\/wp-content\/uploads\/2025\/09\/Aivono-50000-Puff-50k-Disposable-E-Shisha-Hookah-12x12.webp 12w, https:\/\/vapestornado.com\/wp-content\/uploads\/2025\/09\/Aivono-50000-Puff-50k-Disposable-E-Shisha-Hookah-600x600.webp 600w, https:\/\/vapestornado.com\/wp-content\/uploads\/2025\/09\/Aivono-50000-Puff-50k-Disposable-E-Shisha-Hookah-100x100.webp 100w\" sizes=\"(max-width: 800px) 100vw, 800px\" \/><figcaption id=\"caption-attachment-4400\" class=\"wp-caption-text\">Aivono 50000 Puff 50k Jednorazov\u00e1 e-shisha hookah<\/figcaption><\/figure>\n<h2 class=\"product-title\"><strong>Zoznam pr\u00edchut\u00ed AIVONO FATMAX 50000 Puff<\/strong><\/h2>\n<p data-start=\"2550\" data-end=\"2736\">1. \u010cere\u0161\u0148a R\u00edbez\u013ea<\/p>\n<p data-start=\"2550\" data-end=\"2736\">2. Dve Jablk\u00e1<\/p>\n<p data-start=\"2550\" data-end=\"2736\">3. Hroznov\u00e1 m\u00e4ta<\/p>\n<p data-start=\"2550\" data-end=\"2736\">4. \u010cu\u010doriedkov\u00e1 \u017duva\u010dka<\/p>\n<p data-start=\"2550\" data-end=\"2736\">5. L\u00e1ska 66<\/p>\n<p data-start=\"2550\" data-end=\"2736\">6. Jasn\u00fd Sen<\/p>\n<p data-start=\"2550\" data-end=\"2736\">7. Bohat\u00e1 \u013dadov\u00e1<\/p>\n<p data-start=\"2550\" data-end=\"2736\">8. Brosky\u0148ov\u00e1 \u013dadov\u00e1<\/p>\n<p data-start=\"2550\" data-end=\"2736\">9. Bobu\u013eov\u00e1 \u013dadov\u00e1<\/p>\n<p data-start=\"2550\" data-end=\"2736\">10. Jahodov\u00e1 \u0160\u0165ava<\/p>\n<div class=\"flex-shrink-0 flex flex-col relative items-end\">\n<div class=\"pt-0\">\n<div class=\"gizmo-bot-avatar flex h-8 w-8 items-center justify-center overflow-hidden rounded-full\">\n<div class=\"relative p-1 rounded-sm flex items-center justify-center bg-token-main-surface-primary text-token-text-primary h-8 w-8\">\n<h2 data-start=\"1200\" data-end=\"1487\">Vapes Tornado \u2013 v\u00e1\u0161 ve\u013ekoobchodn\u00fd online obchod s najlep\u0161\u00edmi zna\u010dkami vape<\/h2>\n<p data-start=\"1200\" data-end=\"1487\"><strong data-start=\"141\" data-end=\"177\">Online obchod s dymom Vapes Tornado<\/strong> je v\u00e1\u0161 d\u00f4veryhodn\u00fd zdroj pre <strong data-start=\"205\" data-end=\"270\">pr\u00e9miov\u00e9 jednorazov\u00e9 vape a ve\u013ekoobchodn\u00e9 e-cigarety na Slovensku<\/strong>. Pon\u00fakame najpred\u00e1vanej\u0161ie zna\u010dky ako <strong data-start=\"307\" data-end=\"362\"><a href=\"https:\/\/vapestornado.com\/sk\/product\/vozol-gear-shisha-25k-25000-puffs-best-dtl-disposable-vape-hookah-cheap-price\/\">VOZOL BAR VAPE<\/a>, <a href=\"https:\/\/vapestornado.com\/sk\/product\/randm-12000-puffs-fumot-digital-disposable-vape-wholesale-price\/\">Fumot VAPE<\/a>, <a href=\"https:\/\/vapestornado.com\/sk\/product\/original-wga-ultra-35k-35000-puff-rechargeable-crystal-disposable-nicotine-vape-best-discount-price\/\">WGA VAPE<\/a>, Bang Vape<\/strong>, a viac, zabezpe\u010duj\u00fac kvalitu a rozmanitos\u0165 pre ka\u017ed\u00e9ho z\u00e1kazn\u00edka. \u010ci ste individu\u00e1lny vap\u00e9r alebo ve\u013ekoobchodn\u00fd kupuj\u00faci, doru\u010dujeme <strong data-start=\"481\" data-end=\"550\">vysoko v\u00fdkonn\u00e9 zariadenia, \u0161t\u00fdlov\u00e9 dizajny a konkurencieschopn\u00e9 ceny<\/strong> na splnenie va\u0161ich potrieb.<\/p>\n<h2 data-start=\"2064\" data-end=\"2115\">FAQs o AIVONO FATMAX 50K Puff Jednorazov\u00e1 Vape<\/h2>\n<p data-start=\"1456\" data-end=\"1582\"><strong data-start=\"1456\" data-end=\"1504\">1. Ako dlho vydr\u017e\u00ed AIVONO 50K?<\/strong><br data-start=\"1504\" data-end=\"1507\" \/>Poskytuje a\u017e <strong data-start=\"1525\" data-end=\"1541\">50 000 po\u0165ahov<\/strong>, \u010do ho rob\u00ed ide\u00e1lnym pre dlhodob\u00e9 vapovanie.<\/p>\n<p data-start=\"1584\" data-end=\"1703\"><strong data-start=\"1584\" data-end=\"1622\">2. Je FATMAX 50000 potiahnut\u00ed dob\u00edjate\u013en\u00fd?<\/strong><br data-start=\"1622\" data-end=\"1625\" \/>\u00c1no, obsahuje <strong data-start=\"1645\" data-end=\"1683\">Bat\u00e9ria s kapacitou 800mAh s nab\u00edjan\u00edm cez Type-C<\/strong> pre dlh\u0161ie pou\u017e\u00edvanie.<\/p>\n<p data-start=\"1705\" data-end=\"1837\"><strong data-start=\"1705\" data-end=\"1750\">3. Ak\u00e9 s\u00fa dostupn\u00e9 sily nikot\u00ednu?<\/strong><br data-start=\"1750\" data-end=\"1753\" \/>Zariadenie podporuje <strong data-start=\"1773\" data-end=\"1803\">0%, 2%, 3% a 5% nikot\u00edn<\/strong> na prisp\u00f4sobenie r\u00f4znym preferenci\u00e1m.<\/p>\n<p data-start=\"1839\" data-end=\"1956\"><strong data-start=\"1839\" data-end=\"1868\">4. M\u00e1 displej?<\/strong><br data-start=\"1868\" data-end=\"1871\" \/>\u00c1no, <strong data-start=\"1880\" data-end=\"1901\">inteligentn\u00fd LED displej<\/strong> zobrazuje \u00farove\u0148 bat\u00e9rie a e-liquidu v re\u00e1lnom \u010dase.<\/p>\n<p data-start=\"1958\" data-end=\"2195\"><strong data-start=\"1958\" data-end=\"2017\">5. Je tento shisha bar vhodn\u00fd na ve\u013ekoobchod v Eur\u00f3pe?<\/strong><br data-start=\"2017\" data-end=\"2020\" \/>Absol\u00fatne. The <strong data-start=\"2036\" data-end=\"2057\">AIVONO FATMAX 50K<\/strong> sp\u00e1ja vysok\u00fd po\u010det potiahnut\u00ed, modern\u00fd dizajn a flexibiln\u00e9 mo\u017enosti nikot\u00ednu, \u010do ho rob\u00ed ide\u00e1lnym pre <strong data-start=\"2151\" data-end=\"2192\">ve\u013ekoobchodn\u00fd trh s jednorazov\u00fdmi shisha v E\u00da<\/strong>.<\/p>\n<\/div>\n<\/div>\n<\/div>\n<\/div>","protected":false},"excerpt":{"rendered":"<p data-start=\"2473\" data-end=\"2550\">AIVONO FATMAX 50K Puff E Shisha \u2013 Jednorazov\u00e1 Shisha Hookah s inteligentnou obrazovkou<\/p>\n<p data-start=\"2554\" data-end=\"2633\">Najlep\u0161ia ve\u013ekoobchodn\u00e1 jednorazov\u00e1 Shisha Hookah \u2013 AIVONO FATMAX 50K Elektronick\u00e1 Shisha<\/p>\n<p data-start=\"2637\" data-end=\"2714\">AIVONO FATMAX 50K Smart Screen E Shisha Bar \u2013 50 000 Pufov Jednorazov\u00e1 Hookah<\/p>\n<p><strong>Pridajte si Amy na whatsapp, aby ste dostali spr\u00e1vnu odpove\u010f a z\u013eavnen\u00fa cenu!<\/strong><\/p>\n<p><img fetchpriority=\"high\" decoding=\"async\" class=\"size-full wp-image-2932\" src=\"https:\/\/vapestornado.com\/wp-content\/uploads\/2024\/12\/Vape-Wholesale.jpg\" alt=\"Ve\u013ekoobchod s vape\" width=\"229\" height=\"300\" \/><\/p>\n<h3><a href=\"https:\/\/wa.me\/8617776015835\"><span style=\"color: #ff0000;\"><strong>WhatsApp: +86 17776015835<\/strong><\/span><\/a><\/h3>","protected":false},"featured_media":4404,"comment_status":"open","ping_status":"closed","template":"","meta":{"_acf_changed":false,"_uag_custom_page_level_css":"","_lmt_disableupdate":"no","_lmt_disable":"","_monsterinsights_skip_tracking":false,"_monsterinsights_sitenote_active":false,"_monsterinsights_sitenote_note":"","_monsterinsights_sitenote_category":0,"site-sidebar-layout":"default","site-content-layout":"","ast-site-content-layout":"default","site-content-style":"default","site-sidebar-style":"default","ast-global-header-display":"","ast-banner-title-visibility":"","ast-main-header-display":"","ast-hfb-above-header-display":"","ast-hfb-below-header-display":"","ast-hfb-mobile-header-display":"","site-post-title":"","ast-breadcrumbs-content":"","ast-featured-img":"","footer-sml-layout":"","ast-disable-related-posts":"","theme-transparent-header-meta":"default","adv-header-id-meta":"","stick-header-meta":"","header-above-stick-meta":"","header-main-stick-meta":"","header-below-stick-meta":"","astra-migrate-meta-layouts":"set","ast-page-background-enabled":"default","ast-page-background-meta":{"desktop":{"background-color":"","background-image":"","background-repeat":"repeat","background-position":"center center","background-size":"auto","background-attachment":"scroll","background-type":"","background-media":"","overlay-type":"","overlay-color":"","overlay-opacity":"","overlay-gradient":""},"tablet":{"background-color":"","background-image":"","background-repeat":"repeat","background-position":"center center","background-size":"auto","background-attachment":"scroll","background-type":"","background-media":"","overlay-type":"","overlay-color":"","overlay-opacity":"","overlay-gradient":""},"mobile":{"background-color":"","background-image":"","background-repeat":"repeat","background-position":"center center","background-size":"auto","background-attachment":"scroll","background-type":"","background-media":"","overlay-type":"","overlay-color":"","overlay-opacity":"","overlay-gradient":""}},"ast-content-background-meta":{"desktop":{"background-color":"var(--ast-global-color-5)","background-image":"","background-repeat":"repeat","background-position":"center center","background-size":"auto","background-attachment":"scroll","background-type":"","background-media":"","overlay-type":"","overlay-color":"","overlay-opacity":"","overlay-gradient":""},"tablet":{"background-color":"var(--ast-global-color-5)","background-image":"","background-repeat":"repeat","background-position":"center center","background-size":"auto","background-attachment":"scroll","background-type":"","background-media":"","overlay-type":"","overlay-color":"","overlay-opacity":"","overlay-gradient":""},"mobile":{"background-color":"var(--ast-global-color-5)","background-image":"","background-repeat":"repeat","background-position":"center center","background-size":"auto","background-attachment":"scroll","background-type":"","background-media":"","overlay-type":"","overlay-color":"","overlay-opacity":"","overlay-gradient":""}},"_joinchat":[]},"product_brand":[],"product_cat":[344,176,149,153,156,158,142,143,144,146],"product_tag":[385,355,380,368,381],"class_list":{"0":"post-4410","1":"product","2":"type-product","3":"status-publish","4":"has-post-thumbnail","6":"product_cat-80000-puff","7":"product_cat-aivono-vape","8":"product_cat-buy-disposable-vapes-in-austria","9":"product_cat-buy-disposable-vapes-in-italy","10":"product_cat-buy-disposable-vapes-in-poland","11":"product_cat-buy-disposable-vapes-in-spain","12":"product_cat-digital-box-disposable-vapes","13":"product_cat-dual-mesh-disposable-vapes","14":"product_cat-low-nicotine-disposable-vapes","15":"product_cat-rechargeable-disposable-vapes","16":"product_tag-aivono-fatbear-80k","17":"product_tag-big-puff-vape","18":"product_tag-disposable-vapes-online","19":"product_tag-disposable-vapor","20":"product_tag-vapes-online-wholesale","21":"desktop-align-left","22":"tablet-align-left","23":"mobile-align-left","25":"first","26":"instock","27":"sale","28":"shipping-taxable","29":"purchasable","30":"product-type-simple"},"acf":[],"uagb_featured_image_src":{"full":["https:\/\/vapestornado.com\/wp-content\/uploads\/2025\/09\/Big-Puff-50k-Disposable-E-Shisha-Hookah-Wholesale.webp",800,800,false],"thumbnail":["https:\/\/vapestornado.com\/wp-content\/uploads\/2025\/09\/Big-Puff-50k-Disposable-E-Shisha-Hookah-Wholesale-150x150.webp",150,150,true],"medium":["https:\/\/vapestornado.com\/wp-content\/uploads\/2025\/09\/Big-Puff-50k-Disposable-E-Shisha-Hookah-Wholesale-300x300.webp",300,300,true],"medium_large":["https:\/\/vapestornado.com\/wp-content\/uploads\/2025\/09\/Big-Puff-50k-Disposable-E-Shisha-Hookah-Wholesale-768x768.webp",768,768,true],"large":["https:\/\/vapestornado.com\/wp-content\/uploads\/2025\/09\/Big-Puff-50k-Disposable-E-Shisha-Hookah-Wholesale.webp",800,800,false],"1536x1536":["https:\/\/vapestornado.com\/wp-content\/uploads\/2025\/09\/Big-Puff-50k-Disposable-E-Shisha-Hookah-Wholesale.webp",800,800,false],"2048x2048":["https:\/\/vapestornado.com\/wp-content\/uploads\/2025\/09\/Big-Puff-50k-Disposable-E-Shisha-Hookah-Wholesale.webp",800,800,false],"trp-custom-language-flag":["https:\/\/vapestornado.com\/wp-content\/uploads\/2025\/09\/Big-Puff-50k-Disposable-E-Shisha-Hookah-Wholesale-12x12.webp",12,12,true],"woocommerce_thumbnail":["https:\/\/vapestornado.com\/wp-content\/uploads\/2025\/09\/Big-Puff-50k-Disposable-E-Shisha-Hookah-Wholesale-300x300.webp",300,300,true],"woocommerce_single":["https:\/\/vapestornado.com\/wp-content\/uploads\/2025\/09\/Big-Puff-50k-Disposable-E-Shisha-Hookah-Wholesale-600x600.webp",600,600,true],"woocommerce_gallery_thumbnail":["https:\/\/vapestornado.com\/wp-content\/uploads\/2025\/09\/Big-Puff-50k-Disposable-E-Shisha-Hookah-Wholesale-100x100.webp",100,100,true]},"uagb_author_info":{"display_name":"ESAMY","author_link":"https:\/\/vapestornado.com\/sk\/author\/"},"uagb_comment_info":0,"uagb_excerpt":"AIVONO FATMAX 50K Puff E Shisha \u2013 Smart Screen Disposable Shisha Hookah Bar Best Wholesale Disposable Shisha Hookah \u2013 AIVONO FATMAX 50K Electronic Shisha AIVONO FATMAX 50K Smart Screen E Shisha Bar \u2013 50,000 Puff Disposable Hookah Add Amy's whatsapp to get right reply and discount price! WhatsApp: +86 17776015835","_links":{"self":[{"href":"https:\/\/vapestornado.com\/sk\/wp-json\/wp\/v2\/product\/4410","targetHints":{"allow":["GET"]}}],"collection":[{"href":"https:\/\/vapestornado.com\/sk\/wp-json\/wp\/v2\/product"}],"about":[{"href":"https:\/\/vapestornado.com\/sk\/wp-json\/wp\/v2\/types\/product"}],"replies":[{"embeddable":true,"href":"https:\/\/vapestornado.com\/sk\/wp-json\/wp\/v2\/comments?post=4410"}],"wp:featuredmedia":[{"embeddable":true,"href":"https:\/\/vapestornado.com\/sk\/wp-json\/wp\/v2\/media\/4404"}],"wp:attachment":[{"href":"https:\/\/vapestornado.com\/sk\/wp-json\/wp\/v2\/media?parent=4410"}],"wp:term":[{"taxonomy":"product_brand","embeddable":true,"href":"https:\/\/vapestornado.com\/sk\/wp-json\/wp\/v2\/product_brand?post=4410"},{"taxonomy":"product_cat","embeddable":true,"href":"https:\/\/vapestornado.com\/sk\/wp-json\/wp\/v2\/product_cat?post=4410"},{"taxonomy":"product_tag","embeddable":true,"href":"https:\/\/vapestornado.com\/sk\/wp-json\/wp\/v2\/product_tag?post=4410"}],"curies":[{"name":"wp","href":"https:\/\/api.w.org\/{rel}","templated":true}]}}