{"id":4387,"date":"2025-09-26T07:55:26","date_gmt":"2025-09-26T07:55:26","guid":{"rendered":"https:\/\/vapestornado.com\/?post_type=product&#038;p=4387"},"modified":"2025-11-29T08:57:46","modified_gmt":"2025-11-29T08:57:46","slug":"vopk-triple-60k-60000-puffs-3-in-1-flavor-best-vape-to-buy","status":"publish","type":"product","link":"https:\/\/vapestornado.com\/sk\/product\/vopk-triple-60k-60000-puffs-3-in-1-flavor-best-vape-to-buy\/","title":{"rendered":"Vopk Triple 60K 60000 Pufov 3 v 1 Pr\u00edchu\u0165 Najlep\u0161\u00ed vaporiz\u00e9r na k\u00fapu"},"content":{"rendered":"<h2 data-pm-slice=\"1 1 []\">Vopk Triple 60K 60000 Pufov 3 v 1 Pr\u00edchu\u0165 Najlep\u0161\u00ed vaporiz\u00e9r na k\u00fapu<\/h2>\n<p data-start=\"192\" data-end=\"640\">Ahoj! V tejto chv\u00edli ti neviem pom\u00f4c\u0165 s tvojou po\u017eiadavkou. M\u00f4\u017eem ti v\u0161ak pom\u00f4c\u0165 s prekladom akejko\u013evek tvojej po\u017eiadavky. Ak m\u00e1\u0161 z\u00e1ujem, r\u00e1d ti pom\u00f4\u017eem s \u010fal\u0161\u00edmi prekladmi. <strong data-start=\"196\" data-end=\"215\">Vopk Triple 60K<\/strong> je navrhnut\u00e1 pre mlad\u00fdch eur\u00f3pskych vaperov, ktor\u00ed po\u017eaduj\u00fa dlh\u00fa v\u00fddr\u017e, odv\u00e1\u017ene chute a modern\u00e9 funkcie. Je naplnen\u00e1 <strong data-start=\"338\" data-end=\"354\">60 000 pufmi<\/strong>, a <strong data-start=\"358\" data-end=\"380\">n\u00e1dr\u017e na e-liquid 54 ml<\/strong>a <strong data-start=\"386\" data-end=\"412\">trojit\u00e9 0,9\u03a9 sie\u0165ov\u00e9 cievky<\/strong>, poskytuje hladk\u00fd par a konzistentn\u00fa chu\u0165 pri ka\u017edom \u0165ahu. Jej <strong data-start=\"479\" data-end=\"512\">3-v-1 syst\u00e9m rot\u00e1cie pr\u00edchut\u00ed<\/strong> zabezpe\u010duje rozmanitos\u0165 bez prep\u00ednania zariaden\u00ed, \u010d\u00edm je <strong data-start=\"570\" data-end=\"590\">najlep\u0161ia vape na k\u00fapu<\/strong> pre t\u00fdch, ktor\u00ed ocenia silu aj pohodlie.<\/p>\n<p data-start=\"642\" data-end=\"1022\">Vybaven\u00e9 <strong data-start=\"658\" data-end=\"689\">650mAh nab\u00edjate\u013enou bat\u00e9riou<\/strong>, <strong data-start=\"691\" data-end=\"715\">r\u00fdchleho nab\u00edjania typu C<\/strong>a <strong data-start=\"723\" data-end=\"744\">inteligentn\u00fd LED displej<\/strong>, <strong data-start=\"750\" data-end=\"771\">Vopk Triple 60000<\/strong> pon\u00faka nepretr\u017eit\u00fd v\u00fdkon s sledovan\u00edm \u00farovne bat\u00e9rie a e-liquidu v re\u00e1lnom \u010dase. \u010ci u\u017e h\u013ead\u00e1te siln\u00e9 uspokojenie s <strong data-start=\"907\" data-end=\"921\">5% nikot\u00ednov\u00fd<\/strong> alebo n\u00edzkou nikot\u00ednovou vo\u013ebou <strong data-start=\"935\" data-end=\"948\">2%<\/strong>, tento <strong data-start=\"955\" data-end=\"987\">Dob\u00edjac\u00ed jednorazov\u00fd vape<\/strong> je prisp\u00f4soben\u00e1 va\u0161im preferenci\u00e1m.<\/p>\n<p><strong><span style=\"color: #ff0000;\">Pridajte si Amy na WhatsApp a z\u00edskajte okam\u017eit\u00fa odpove\u010f a kup\u00f3n na vape!<\/span><\/strong><\/p>\n<p><img fetchpriority=\"high\" decoding=\"async\" class=\"size-full wp-image-2932\" src=\"https:\/\/vapestornado.com\/wp-content\/uploads\/2024\/12\/Vape-Wholesale.jpg\" alt=\"Ve\u013ekoobchod s vape\" width=\"229\" height=\"300\" \/><\/p>\n<h3><a href=\"https:\/\/wa.me\/8617776015835\" target=\"_blank\" rel=\"noopener\"><span style=\"color: #ff0000;\"><strong>WhatsApp: +86 17776015835<\/strong><\/span><\/a><\/h3>\n<p>&nbsp;<\/p>\n<h2><strong>Vopk Triple 60K Puff Funkcie produktu<\/strong><\/h2>\n<ul>\n<li data-start=\"1069\" data-end=\"1137\">\n<p data-start=\"1071\" data-end=\"1137\">Obrovsk\u00fd <strong data-start=\"1079\" data-end=\"1095\">60 000 pufmi<\/strong> \u2013 dlhodob\u00e9 vapovanie bez v\u00fdmeny<\/p>\n<\/li>\n<li data-start=\"1138\" data-end=\"1176\">\n<p data-start=\"1140\" data-end=\"1176\"><strong data-start=\"1140\" data-end=\"1157\">54mL e-liquid<\/strong> pre dlhodob\u00e9 pou\u017e\u00edvanie<\/p>\n<\/li>\n<li data-start=\"1177\" data-end=\"1247\">\n<p data-start=\"1179\" data-end=\"1247\"><strong data-start=\"1179\" data-end=\"1203\">3-v-1 prep\u00edna\u010d pr\u00edchut\u00ed<\/strong> \u2013 prep\u00ednajte medzi 3 profilmi v jednom zariaden\u00ed<\/p>\n<\/li>\n<li data-start=\"1248\" data-end=\"1301\">\n<p data-start=\"1250\" data-end=\"1301\"><strong data-start=\"1250\" data-end=\"1277\">Trojit\u00e1 mrie\u017ekov\u00e1 cievka (0,9\u03a9)<\/strong> pre bohat\u00fd, hust\u00fd par<\/p>\n<\/li>\n<li data-start=\"1302\" data-end=\"1367\">\n<p data-start=\"1304\" data-end=\"1367\"><strong data-start=\"1304\" data-end=\"1335\">650mAh nab\u00edjate\u013enou bat\u00e9riou<\/strong> s <strong data-start=\"1341\" data-end=\"1365\">r\u00fdchleho nab\u00edjania typu C<\/strong><\/p>\n<\/li>\n<li data-start=\"1368\" data-end=\"1428\">\n<p data-start=\"1370\" data-end=\"1428\"><strong data-start=\"1370\" data-end=\"1390\">Inteligentn\u00e1 LED obrazovka<\/strong> ukazuj\u00faca \u00farove\u0148 e-liquidu a bat\u00e9rie<\/p>\n<\/li>\n<li data-start=\"1429\" data-end=\"1470\">\n<p data-start=\"1431\" data-end=\"1470\">Flexibiln\u00fd <strong data-start=\"1440\" data-end=\"1468\">mo\u017enosti nikot\u00ednu: 2% &amp; 5%<\/strong><\/p>\n<\/li>\n<li data-start=\"1471\" data-end=\"1533\">\n<p data-start=\"1473\" data-end=\"1533\">10 jedine\u010dn\u00fdch <strong data-start=\"1483\" data-end=\"1506\">trojpr\u00edchu\u0165ov\u00fdch zmes\u00ed<\/strong> pre celodenn\u00fa spokojnos\u0165<\/p>\n<\/li>\n<\/ul>\n<figure id=\"attachment_4380\" aria-describedby=\"caption-attachment-4380\" style=\"width: 300px\" class=\"wp-caption alignnone\"><img decoding=\"async\" class=\"size-medium wp-image-4380\" src=\"https:\/\/vapestornado.com\/wp-content\/uploads\/2025\/09\/VOPK-Tripe-60k-Puffs-Vape-Cartridge-300x300.webp\" alt=\"VOPK Tripe 60k Pufov Vapovacia kazeta\" width=\"300\" height=\"300\" srcset=\"https:\/\/vapestornado.com\/wp-content\/uploads\/2025\/09\/VOPK-Tripe-60k-Puffs-Vape-Cartridge-300x300.webp 300w, https:\/\/vapestornado.com\/wp-content\/uploads\/2025\/09\/VOPK-Tripe-60k-Puffs-Vape-Cartridge-150x150.webp 150w, https:\/\/vapestornado.com\/wp-content\/uploads\/2025\/09\/VOPK-Tripe-60k-Puffs-Vape-Cartridge-768x768.webp 768w, https:\/\/vapestornado.com\/wp-content\/uploads\/2025\/09\/VOPK-Tripe-60k-Puffs-Vape-Cartridge-12x12.webp 12w, https:\/\/vapestornado.com\/wp-content\/uploads\/2025\/09\/VOPK-Tripe-60k-Puffs-Vape-Cartridge-600x600.webp 600w, https:\/\/vapestornado.com\/wp-content\/uploads\/2025\/09\/VOPK-Tripe-60k-Puffs-Vape-Cartridge-100x100.webp 100w, https:\/\/vapestornado.com\/wp-content\/uploads\/2025\/09\/VOPK-Tripe-60k-Puffs-Vape-Cartridge.webp 800w\" sizes=\"(max-width: 300px) 100vw, 300px\" \/><figcaption id=\"caption-attachment-4380\" class=\"wp-caption-text\">VOPK Tripe 60k Pufov Vapovacia kazeta<\/figcaption><\/figure>\n<h2 class=\"product-title\"><strong>Vopk Triple 60K Puff 3 v 1 zoznam pr\u00edchut\u00ed<\/strong><\/h2>\n<p data-start=\"2550\" data-end=\"2736\">1. Mel\u00f3n s \u013eadom \/ Trojit\u00fd mel\u00f3n s \u013eadom \/ Jahodov\u00e9 zmrzliny<br \/>\n2. Jahodov\u00fd ban\u00e1n \/ Malinov\u00e1 mel\u00f3n \/ Anan\u00e1s s kokosom<br \/>\n3. brosky\u0148a bobu\u013eov\u00e9 \/Modr\u00fd razz \u013ead\/ Mel\u00f3n brosky\u0148a mango<br \/>\n4.Kysl\u00e9 mango anan\u00e1s \/Red bull jahoda \/\u010cierna r\u00edbez\u013ea \u013ead<br \/>\n5.Kivi passion fruit \/Jahoda \u010dere\u0161\u0148a \/Love 66<br \/>\n6.Dvojit\u00e1 jablko \u013ead \/Tropick\u00e9 ovocie \/Jahoda vodn\u00fd mel\u00f3n \u017euva\u010dka<br \/>\n7.Hrozno \u013ead \/Jahoda kivi \/Vodn\u00fd mel\u00f3n red bull<br \/>\n8.Jahoda vodn\u00fd mel\u00f3n \/\u010cu\u010doriedka malina \/Citr\u00f3n limetka<br \/>\n9.Ban\u00e1n anan\u00e1s \/Red bull \u013ead \/Jahoda mango<br \/>\n10.Gumen\u00e1 medved\u00edk \/Jahoda vanilkov\u00e1 Coke \/\u010cu\u010doriedka cukrov\u00e1 vata<\/p>\n<div class=\"flex-shrink-0 flex flex-col relative items-end\">\n<div class=\"pt-0\">\n<div class=\"gizmo-bot-avatar flex h-8 w-8 items-center justify-center overflow-hidden rounded-full\">\n<div class=\"relative p-1 rounded-sm flex items-center justify-center bg-token-main-surface-primary text-token-text-primary h-8 w-8\">\n<h2 data-start=\"1200\" data-end=\"1487\">Vapes Tornado \u2013 v\u00e1\u0161 ve\u013ekoobchodn\u00fd online obchod s najlep\u0161\u00edmi zna\u010dkami vape<\/h2>\n<p data-start=\"1200\" data-end=\"1487\"><strong data-start=\"141\" data-end=\"177\">Online obchod s dymom Vapes Tornado<\/strong> je v\u00e1\u0161 d\u00f4veryhodn\u00fd zdroj pre <strong data-start=\"205\" data-end=\"270\">pr\u00e9miov\u00e9 jednorazov\u00e9 vape a ve\u013ekoobchodn\u00e9 e-cigarety na Slovensku<\/strong>. Pon\u00fakame najpred\u00e1vanej\u0161ie zna\u010dky ako <strong data-start=\"307\" data-end=\"362\"><a href=\"https:\/\/vapestornado.com\/sk\/product\/elf-bar-raya-d3-25000-puffs-best-disposable-vape-wholesale-in-uk\/\">ELF BAR VAPE<\/a>, <a href=\"https:\/\/vapestornado.com\/sk\/product\/randm-tornado-15000-disposable-vape-wholesale-price\/\">Fumot VAPE<\/a>, <a href=\"https:\/\/vapestornado.com\/sk\/product\/original-vozol-star-40000-puff-40k-best-disposable-vape-2025-wholesale-cheap-price\/\">VOZOL VAPE<\/a>, Bang Vape<\/strong>, a viac, zabezpe\u010duj\u00fac kvalitu a rozmanitos\u0165 pre ka\u017ed\u00e9ho z\u00e1kazn\u00edka. \u010ci ste individu\u00e1lny vap\u00e9r alebo ve\u013ekoobchodn\u00fd kupuj\u00faci, doru\u010dujeme <strong data-start=\"481\" data-end=\"550\">vysoko v\u00fdkonn\u00e9 zariadenia, \u0161t\u00fdlov\u00e9 dizajny a konkurencieschopn\u00e9 ceny<\/strong> na splnenie va\u0161ich potrieb.<\/p>\n<h2 data-start=\"2064\" data-end=\"2115\">\u010casto kladen\u00e9 ot\u00e1zky o Vopk Triple 60K jednorazovom vapingu<\/h2>\n<p data-start=\"1587\" data-end=\"1707\"><strong data-start=\"1587\" data-end=\"1642\">1. Ko\u013eko potiahnut\u00ed poskytuje Vopk Triple 60K?<\/strong><br data-start=\"1642\" data-end=\"1645\" \/>Dod\u00e1va a\u017e <strong data-start=\"1663\" data-end=\"1679\">60 000 pufmi<\/strong>, ide\u00e1lne na dlhodob\u00e9 pou\u017e\u00edvanie.<\/p>\n<p data-start=\"1709\" data-end=\"1840\"><strong data-start=\"1709\" data-end=\"1754\">2. Je Vopk Triple 60000 dob\u00edjate\u013en\u00fd?<\/strong><br data-start=\"1754\" data-end=\"1757\" \/>\u00c1no, m\u00e1 <strong data-start=\"1776\" data-end=\"1807\">650mAh nab\u00edjate\u013enou bat\u00e9riou<\/strong> s <strong data-start=\"1813\" data-end=\"1837\">r\u00fdchleho nab\u00edjania typu C<\/strong>.<\/p>\n<p data-start=\"1842\" data-end=\"2021\"><strong data-start=\"1842\" data-end=\"1901\">3. \u010co rob\u00ed Vopk Triple 60K najlep\u0161\u00edm vapom na k\u00fapu?<\/strong><br data-start=\"1901\" data-end=\"1904\" \/>Jeho <strong data-start=\"1908\" data-end=\"1977\">3-v-1 syst\u00e9m chuti, obrovsk\u00fd po\u010det potiahnut\u00ed a dob\u00edjate\u013en\u00fd dizajn<\/strong> vynik\u00e1 na eur\u00f3pskom trhu.<\/p>\n<p data-start=\"2023\" data-end=\"2142\"><strong data-start=\"2023\" data-end=\"2068\">4. Ak\u00e9 silnosti nikot\u00ednu s\u00fa dostupn\u00e9?<\/strong><br data-start=\"2068\" data-end=\"2071\" \/>M\u00f4\u017eete si vybra\u0165 medzi <strong data-start=\"2094\" data-end=\"2114\">2% alebo 5% nikot\u00edn<\/strong> aby zodpovedal va\u0161im preferenci\u00e1m.<\/p>\n<p data-start=\"2144\" data-end=\"2282\"><strong data-start=\"2144\" data-end=\"2193\">5. M\u00e1 Vopk Triple 60000 displej?<\/strong><br data-start=\"2193\" data-end=\"2196\" \/>\u00c1no, <strong data-start=\"2205\" data-end=\"2226\">inteligentn\u00fd LED displej<\/strong> sledovanie \u00farovne bat\u00e9rie a e-liquidu v re\u00e1lnom \u010dase.<\/p>\n<\/div>\n<\/div>\n<\/div>\n<\/div>","protected":false},"excerpt":{"rendered":"<p data-start=\"2563\" data-end=\"2634\">Vopk Triple 60K 60000 Puffs Jednorazov\u00e1 Vape \u2013 Najlep\u0161ia Vape na k\u00fapu v Eur\u00f3pe<\/p>\n<p data-start=\"2638\" data-end=\"2711\">Vopk Triple 60000 Puffs Dob\u00edjate\u013en\u00e1 jednorazov\u00e1 Vape s 3-v-1 pr\u00edchu\u0165ou<\/p>\n<p data-start=\"2715\" data-end=\"2788\">Najlep\u0161ia Vape na k\u00fapu \u2013 Vopk Triple 60K 60000 Puffs s LED displejom a Type-C<\/p>\n<p><strong>Pridajte si Amy na whatsapp, aby ste dostali spr\u00e1vnu odpove\u010f a z\u013eavnen\u00fa cenu!<\/strong><\/p>\n<p><img fetchpriority=\"high\" decoding=\"async\" class=\"size-full wp-image-2932\" src=\"https:\/\/vapestornado.com\/wp-content\/uploads\/2024\/12\/Vape-Wholesale.jpg\" alt=\"Ve\u013ekoobchod s vape\" width=\"229\" height=\"300\" \/><\/p>\n<h3><a href=\"https:\/\/wa.me\/8617776015835\"><span style=\"color: #ff0000;\"><strong>WhatsApp: +86 17776015835<\/strong><\/span><\/a><\/h3>","protected":false},"featured_media":4385,"comment_status":"open","ping_status":"closed","template":"","meta":{"_acf_changed":false,"_uag_custom_page_level_css":"","_lmt_disableupdate":"no","_lmt_disable":"","_monsterinsights_skip_tracking":false,"_monsterinsights_sitenote_active":false,"_monsterinsights_sitenote_note":"","_monsterinsights_sitenote_category":0,"site-sidebar-layout":"default","site-content-layout":"","ast-site-content-layout":"default","site-content-style":"default","site-sidebar-style":"default","ast-global-header-display":"","ast-banner-title-visibility":"","ast-main-header-display":"","ast-hfb-above-header-display":"","ast-hfb-below-header-display":"","ast-hfb-mobile-header-display":"","site-post-title":"","ast-breadcrumbs-content":"","ast-featured-img":"","footer-sml-layout":"","ast-disable-related-posts":"","theme-transparent-header-meta":"default","adv-header-id-meta":"","stick-header-meta":"","header-above-stick-meta":"","header-main-stick-meta":"","header-below-stick-meta":"","astra-migrate-meta-layouts":"set","ast-page-background-enabled":"default","ast-page-background-meta":{"desktop":{"background-color":"","background-image":"","background-repeat":"repeat","background-position":"center center","background-size":"auto","background-attachment":"scroll","background-type":"","background-media":"","overlay-type":"","overlay-color":"","overlay-opacity":"","overlay-gradient":""},"tablet":{"background-color":"","background-image":"","background-repeat":"repeat","background-position":"center center","background-size":"auto","background-attachment":"scroll","background-type":"","background-media":"","overlay-type":"","overlay-color":"","overlay-opacity":"","overlay-gradient":""},"mobile":{"background-color":"","background-image":"","background-repeat":"repeat","background-position":"center center","background-size":"auto","background-attachment":"scroll","background-type":"","background-media":"","overlay-type":"","overlay-color":"","overlay-opacity":"","overlay-gradient":""}},"ast-content-background-meta":{"desktop":{"background-color":"var(--ast-global-color-5)","background-image":"","background-repeat":"repeat","background-position":"center center","background-size":"auto","background-attachment":"scroll","background-type":"","background-media":"","overlay-type":"","overlay-color":"","overlay-opacity":"","overlay-gradient":""},"tablet":{"background-color":"var(--ast-global-color-5)","background-image":"","background-repeat":"repeat","background-position":"center center","background-size":"auto","background-attachment":"scroll","background-type":"","background-media":"","overlay-type":"","overlay-color":"","overlay-opacity":"","overlay-gradient":""},"mobile":{"background-color":"var(--ast-global-color-5)","background-image":"","background-repeat":"repeat","background-position":"center center","background-size":"auto","background-attachment":"scroll","background-type":"","background-media":"","overlay-type":"","overlay-color":"","overlay-opacity":"","overlay-gradient":""}},"_joinchat":[]},"product_brand":[],"product_cat":[343,149,153,156,157,159,142,146,290],"product_tag":[384,380,368,381,383,382],"class_list":{"0":"post-4387","1":"product","2":"type-product","3":"status-publish","4":"has-post-thumbnail","6":"product_cat-60000-puff","7":"product_cat-buy-disposable-vapes-in-austria","8":"product_cat-buy-disposable-vapes-in-italy","9":"product_cat-buy-disposable-vapes-in-poland","10":"product_cat-buy-disposable-vapes-in-portugal","11":"product_cat-buy-disposable-vapes-in-sweden","12":"product_cat-digital-box-disposable-vapes","13":"product_cat-rechargeable-disposable-vapes","14":"product_cat-vopk-vape","15":"product_tag-3-in-1-disposable-vape","16":"product_tag-disposable-vapes-online","17":"product_tag-disposable-vapor","18":"product_tag-vapes-online-wholesale","19":"product_tag-vopk-60000-puff","20":"product_tag-vopk-triple-60k","21":"desktop-align-left","22":"tablet-align-left","23":"mobile-align-left","25":"first","26":"instock","27":"sale","28":"shipping-taxable","29":"purchasable","30":"product-type-simple"},"acf":[],"uagb_featured_image_src":{"full":["https:\/\/vapestornado.com\/wp-content\/uploads\/2025\/09\/VOPK-Tripe-60000-Puffs-Pen-Cartridge-Wholesale.webp",800,800,false],"thumbnail":["https:\/\/vapestornado.com\/wp-content\/uploads\/2025\/09\/VOPK-Tripe-60000-Puffs-Pen-Cartridge-Wholesale-150x150.webp",150,150,true],"medium":["https:\/\/vapestornado.com\/wp-content\/uploads\/2025\/09\/VOPK-Tripe-60000-Puffs-Pen-Cartridge-Wholesale-300x300.webp",300,300,true],"medium_large":["https:\/\/vapestornado.com\/wp-content\/uploads\/2025\/09\/VOPK-Tripe-60000-Puffs-Pen-Cartridge-Wholesale-768x768.webp",768,768,true],"large":["https:\/\/vapestornado.com\/wp-content\/uploads\/2025\/09\/VOPK-Tripe-60000-Puffs-Pen-Cartridge-Wholesale.webp",800,800,false],"1536x1536":["https:\/\/vapestornado.com\/wp-content\/uploads\/2025\/09\/VOPK-Tripe-60000-Puffs-Pen-Cartridge-Wholesale.webp",800,800,false],"2048x2048":["https:\/\/vapestornado.com\/wp-content\/uploads\/2025\/09\/VOPK-Tripe-60000-Puffs-Pen-Cartridge-Wholesale.webp",800,800,false],"trp-custom-language-flag":["https:\/\/vapestornado.com\/wp-content\/uploads\/2025\/09\/VOPK-Tripe-60000-Puffs-Pen-Cartridge-Wholesale-12x12.webp",12,12,true],"woocommerce_thumbnail":["https:\/\/vapestornado.com\/wp-content\/uploads\/2025\/09\/VOPK-Tripe-60000-Puffs-Pen-Cartridge-Wholesale-300x300.webp",300,300,true],"woocommerce_single":["https:\/\/vapestornado.com\/wp-content\/uploads\/2025\/09\/VOPK-Tripe-60000-Puffs-Pen-Cartridge-Wholesale-600x600.webp",600,600,true],"woocommerce_gallery_thumbnail":["https:\/\/vapestornado.com\/wp-content\/uploads\/2025\/09\/VOPK-Tripe-60000-Puffs-Pen-Cartridge-Wholesale-100x100.webp",100,100,true]},"uagb_author_info":{"display_name":"ESAMY","author_link":"https:\/\/vapestornado.com\/sk\/author\/"},"uagb_comment_info":1,"uagb_excerpt":"Vopk Triple 60K 60000 Puffs Disposable Vape \u2013 Best Vape to Buy Europe Vopk Triple 60000 Puffs Rechargeable Disposable Vape with 3-in-1 Flavor Best Vape to Buy \u2013 Vopk Triple 60K 60000 Puffs with LED Screen &amp; Type-C Add Amy's whatsapp to get right reply and discount price! WhatsApp: +86 17776015835","_links":{"self":[{"href":"https:\/\/vapestornado.com\/sk\/wp-json\/wp\/v2\/product\/4387","targetHints":{"allow":["GET"]}}],"collection":[{"href":"https:\/\/vapestornado.com\/sk\/wp-json\/wp\/v2\/product"}],"about":[{"href":"https:\/\/vapestornado.com\/sk\/wp-json\/wp\/v2\/types\/product"}],"replies":[{"embeddable":true,"href":"https:\/\/vapestornado.com\/sk\/wp-json\/wp\/v2\/comments?post=4387"}],"wp:featuredmedia":[{"embeddable":true,"href":"https:\/\/vapestornado.com\/sk\/wp-json\/wp\/v2\/media\/4385"}],"wp:attachment":[{"href":"https:\/\/vapestornado.com\/sk\/wp-json\/wp\/v2\/media?parent=4387"}],"wp:term":[{"taxonomy":"product_brand","embeddable":true,"href":"https:\/\/vapestornado.com\/sk\/wp-json\/wp\/v2\/product_brand?post=4387"},{"taxonomy":"product_cat","embeddable":true,"href":"https:\/\/vapestornado.com\/sk\/wp-json\/wp\/v2\/product_cat?post=4387"},{"taxonomy":"product_tag","embeddable":true,"href":"https:\/\/vapestornado.com\/sk\/wp-json\/wp\/v2\/product_tag?post=4387"}],"curies":[{"name":"wp","href":"https:\/\/api.w.org\/{rel}","templated":true}]}}