{"id":4386,"date":"2025-09-25T07:52:37","date_gmt":"2025-09-25T07:52:37","guid":{"rendered":"https:\/\/vapestornado.com\/?post_type=product&#038;p=4386"},"modified":"2025-09-29T09:40:45","modified_gmt":"2025-09-29T09:40:45","slug":"aivono-fatbear-80k-best-3-in-1-vape-led-display-disposable-vape-pen","status":"publish","type":"product","link":"https:\/\/vapestornado.com\/sk\/product\/aivono-fatbear-80k-best-3-in-1-vape-led-display-disposable-vape-pen\/","title":{"rendered":"AIVONO FATBEAR 80K Najlep\u0161ie 3 v 1 Vape LED Displej Jednorazov\u00e1 Vape Pero"},"content":{"rendered":"<h2 data-pm-slice=\"1 1 []\">AIVONO FATBEAR 80K 3-v-1 LED Displej Jednorazov\u00fd Vape Pero \u2013 Najlep\u0161\u00ed Ve\u013ekoobchodn\u00fd Jednorazov\u00fd Vape<\/h2>\n<p data-start=\"305\" data-end=\"593\">Ahoj! V tejto chv\u00edli ti neviem pom\u00f4c\u0165 s tvojou po\u017eiadavkou. M\u00f4\u017eem ti v\u0161ak pom\u00f4c\u0165 s prekladom akejko\u013evek tvojej po\u017eiadavky. Ak m\u00e1\u0161 z\u00e1ujem, r\u00e1d ti pom\u00f4\u017eem s \u010fal\u0161\u00edmi prekladmi. <strong data-start=\"309\" data-end=\"331\">AIVONO FATBEAR 80K<\/strong> je to najvy\u0161\u0161ia kvalita <strong data-start=\"348\" data-end=\"365\">ve\u013ek\u00fd puff vape<\/strong> vyroben\u00fd pre v\u00fdkon, pr\u00edchu\u0165 a pohodlie. Pon\u00faka a\u017e <strong data-start=\"423\" data-end=\"439\">80000 pufov<\/strong> s obrovskou <strong data-start=\"455\" data-end=\"481\">58 ml kapacitou e-liquidu<\/strong>, tento <strong data-start=\"488\" data-end=\"523\">LED Displej Jednorazov\u00fd Vape Pero<\/strong> je navrhnut\u00fd pre dlhodob\u00fd v\u00fdkon a hladk\u00fa spokojnos\u0165.<\/p>\n<p data-start=\"595\" data-end=\"945\">V\u010faka <strong data-start=\"607\" data-end=\"638\">3-v-1 syst\u00e9m prep\u00ednania pr\u00edchut\u00ed<\/strong>, <strong data-start=\"644\" data-end=\"668\">AIVONO FATBEAR 80000<\/strong> umo\u017e\u0148uje okam\u017eite prepn\u00fa\u0165 medzi tromi pr\u00edchu\u0165ami v jednom zariaden\u00ed, poskytuj\u00fac nekone\u010dn\u00fa rozmanitos\u0165 bez v\u00fdmeny n\u00e1pln\u00ed. Ten <strong data-start=\"786\" data-end=\"804\">1.0\u03a9 mesh \u0161pir\u00e1lka<\/strong> produkuje hust\u00fd par a bohat\u00fa chu\u0165, zatia\u013e \u010do ten <strong data-start=\"852\" data-end=\"883\">650mAh nab\u00edjate\u013enou bat\u00e9riou<\/strong> s <strong data-start=\"889\" data-end=\"913\">r\u00fdchleho nab\u00edjania typu C<\/strong> zabezpe\u010duje spo\u013eahliv\u00e9 celodenn\u00e9 pou\u017e\u00edvanie.<\/p>\n<p data-start=\"947\" data-end=\"1325\">Majte kontrolu s <strong data-start=\"972\" data-end=\"993\">inteligentn\u00fd LED displej<\/strong>, zobrazuje aktu\u00e1lne \u00farovne e-liquidu a bat\u00e9rie v re\u00e1lnom \u010dase. S flexibiln\u00fdmi mo\u017enos\u0165ami nikot\u00ednu (0%, 2%, 3%, 5%), je toto zariadenie ide\u00e1lne pre pr\u00edle\u017eitostn\u00fdch aj intenz\u00edvnych vaperov. \u0160t\u00fdlov\u00e9, v\u00fdkonn\u00e9 a navrhnut\u00e9 pre v\u00fddr\u017e, <strong data-start=\"1191\" data-end=\"1213\">AIVONO 80K<\/strong> je <strong data-start=\"1221\" data-end=\"1255\">najlep\u0161\u00ed ve\u013ekoobchodn\u00fd jednorazov\u00fd vaporiz\u00e9r<\/strong> pre eur\u00f3pskych predajcov a ob\u013e\u00faben\u00e1 vo\u013eba pre vapery.<\/p>\n<p><strong><span style=\"color: #ff0000;\">Pridajte si Amy na WhatsApp a z\u00edskajte okam\u017eit\u00fa odpove\u010f a kup\u00f3n na vape!<\/span><\/strong><\/p>\n<p><img fetchpriority=\"high\" decoding=\"async\" class=\"size-full wp-image-2932\" src=\"https:\/\/vapestornado.com\/wp-content\/uploads\/2024\/12\/Vape-Wholesale.jpg\" alt=\"Ve\u013ekoobchod s vape\" width=\"229\" height=\"300\" \/><\/p>\n<h3><a href=\"https:\/\/wa.me\/8617776015835\" target=\"_blank\" rel=\"noopener\"><span style=\"color: #ff0000;\"><strong>WhatsApp: +86 17776015835<\/strong><\/span><\/a><\/h3>\n<p>&nbsp;<\/p>\n<h2><strong>AIVONO AIM FATBEAR 80K Funkcie produktu<\/strong><\/h2>\n<ul>\n<li data-start=\"1357\" data-end=\"1402\">\n<p data-start=\"1359\" data-end=\"1402\">A\u017e do <strong data-start=\"1365\" data-end=\"1381\">80 000 pufov<\/strong> s kapacitou 58 ml<\/p>\n<\/li>\n<li data-start=\"1403\" data-end=\"1453\">\n<p data-start=\"1405\" data-end=\"1453\"><strong data-start=\"1405\" data-end=\"1431\">3-v-1 rot\u00e1cia pr\u00edchut\u00ed<\/strong> pre neust\u00e1lu rozmanitos\u0165<\/p>\n<\/li>\n<li data-start=\"1454\" data-end=\"1515\">\n<p data-start=\"1456\" data-end=\"1515\"><strong data-start=\"1456\" data-end=\"1487\">650mAh nab\u00edjate\u013enou bat\u00e9riou<\/strong> s r\u00fdchlym nab\u00edjan\u00edm typu C<\/p>\n<\/li>\n<li data-start=\"1516\" data-end=\"1568\">\n<p data-start=\"1518\" data-end=\"1568\"><strong data-start=\"1518\" data-end=\"1533\">LED displej<\/strong> sledovanie hlad\u00edn e-liquidu a bat\u00e9rie<\/p>\n<\/li>\n<li data-start=\"1569\" data-end=\"1629\">\n<p data-start=\"1571\" data-end=\"1629\"><strong data-start=\"1571\" data-end=\"1589\">1.0\u03a9 mesh \u0161pir\u00e1lka<\/strong> pre kon\u0161tantn\u00e9 oblaky a bohat\u00fa chu\u0165<\/p>\n<\/li>\n<li data-start=\"1630\" data-end=\"1665\">\n<p data-start=\"1632\" data-end=\"1665\">Mo\u017enosti nikot\u00ednu: 0%, 2%, 3%, 5%<\/p>\n<\/li>\n<\/ul>\n<h2 class=\"product-title\"><strong>AIVONO AIM FATBEAR 80K Zoznam pr\u00edchut\u00ed 3 v 1<\/strong><\/h2>\n<p data-start=\"2550\" data-end=\"2736\">1. \u010cu\u010doriedka Malina \/ Citr\u00f3nov\u00e1 \u013eadov\u00e1 \/ Anan\u00e1sov\u00e1 \u013eadov\u00e1<br \/>\n2. Jahodov\u00e1 \u013eadov\u00e1 \/ Mel\u00f3nov\u00e1 \u013eadov\u00e1 \/ \u017duva\u010dka<br \/>\n3. Mango \u013eadov\u00e9 \/ Anan\u00e1s Kokos \/ Brosky\u0148a \u013eadov\u00e1<br \/>\n4. \u010cere\u0161\u0148ov\u00e1 soda \u013eadov\u00e1 \/ Cola \u013eadov\u00e1 \/ Medov\u00fd mel\u00f3n<br \/>\n5. Hrozno \/ M\u00e4ta \/ Brusnicov\u00e9 zmrzliny<br \/>\n6. Kysl\u00e9 jablko \/ Jahodovo-ban\u00e1nov\u00e9 \/ Kysl\u00e9 mango anan\u00e1s<br \/>\n7. Zmie\u0161an\u00e9 bobule \/ Jahodovo-kivi \/ Jahodovo-mel\u00f3nov\u00e9<br \/>\n8. Kivi Passion Fruit \/ Love66 \/ Mango \u013eadov\u00e9<br \/>\n9. Mel\u00f3nov\u00e1 \u013eadov\u00e1 \/ Brosky\u0148a-\u010du\u010doriedka \/ \u010cere\u0161\u0148ov\u00e1 cola<br \/>\n10. Red Bull \/ Jahodovo-mel\u00f3nov\u00e9 \/ Malinov\u00e1 cukrov\u00e1<\/p>\n<figure id=\"attachment_4397\" aria-describedby=\"caption-attachment-4397\" style=\"width: 300px\" class=\"wp-caption alignnone\"><img decoding=\"async\" class=\"size-medium wp-image-4397\" src=\"https:\/\/vapestornado.com\/wp-content\/uploads\/2025\/09\/Aivono-Aim-Fatbear-Triple-3-in-1-Disposable-Vape-Wholesale-Cheap-Price-300x300.webp\" alt=\"Aivono Aim Fatbear Triple 3 v 1 Jednorazov\u00e1 vaporiz\u00e9r ve\u013ekoobchod Lacn\u00e1 cena\" width=\"300\" height=\"300\" srcset=\"https:\/\/vapestornado.com\/wp-content\/uploads\/2025\/09\/Aivono-Aim-Fatbear-Triple-3-in-1-Disposable-Vape-Wholesale-Cheap-Price-300x300.webp 300w, https:\/\/vapestornado.com\/wp-content\/uploads\/2025\/09\/Aivono-Aim-Fatbear-Triple-3-in-1-Disposable-Vape-Wholesale-Cheap-Price-150x150.webp 150w, https:\/\/vapestornado.com\/wp-content\/uploads\/2025\/09\/Aivono-Aim-Fatbear-Triple-3-in-1-Disposable-Vape-Wholesale-Cheap-Price-768x768.webp 768w, https:\/\/vapestornado.com\/wp-content\/uploads\/2025\/09\/Aivono-Aim-Fatbear-Triple-3-in-1-Disposable-Vape-Wholesale-Cheap-Price-12x12.webp 12w, https:\/\/vapestornado.com\/wp-content\/uploads\/2025\/09\/Aivono-Aim-Fatbear-Triple-3-in-1-Disposable-Vape-Wholesale-Cheap-Price-600x600.webp 600w, https:\/\/vapestornado.com\/wp-content\/uploads\/2025\/09\/Aivono-Aim-Fatbear-Triple-3-in-1-Disposable-Vape-Wholesale-Cheap-Price-100x100.webp 100w, https:\/\/vapestornado.com\/wp-content\/uploads\/2025\/09\/Aivono-Aim-Fatbear-Triple-3-in-1-Disposable-Vape-Wholesale-Cheap-Price.webp 800w\" sizes=\"(max-width: 300px) 100vw, 300px\" \/><figcaption id=\"caption-attachment-4397\" class=\"wp-caption-text\">Aivono Aim Fatbear Triple 3 v 1 Jednorazov\u00e1 vaporiz\u00e9r ve\u013ekoobchod Lacn\u00e1 cena<\/figcaption><\/figure>\n<div class=\"flex-shrink-0 flex flex-col relative items-end\">\n<div class=\"pt-0\">\n<div class=\"gizmo-bot-avatar flex h-8 w-8 items-center justify-center overflow-hidden rounded-full\">\n<div class=\"relative p-1 rounded-sm flex items-center justify-center bg-token-main-surface-primary text-token-text-primary h-8 w-8\">\n<h2 data-start=\"1200\" data-end=\"1487\">Vapes Tornado \u2013 v\u00e1\u0161 ve\u013ekoobchodn\u00fd online obchod s najlep\u0161\u00edmi zna\u010dkami vape<\/h2>\n<p data-start=\"1200\" data-end=\"1487\"><strong data-start=\"141\" data-end=\"177\">Online obchod s dymom Vapes Tornado<\/strong> je v\u00e1\u0161 d\u00f4veryhodn\u00fd zdroj pre <strong data-start=\"205\" data-end=\"270\">pr\u00e9miov\u00e9 jednorazov\u00e9 vape a ve\u013ekoobchodn\u00e9 e-cigarety na Slovensku<\/strong>. Pon\u00fakame najpred\u00e1vanej\u0161ie zna\u010dky ako <strong data-start=\"307\" data-end=\"362\"><a href=\"https:\/\/vapestornado.com\/sk\/product\/vozol-gear-shisha-25k-25000-puffs-best-dtl-disposable-vape-hookah-cheap-price\/\">VOZOL BAR VAPE<\/a>, <a href=\"https:\/\/vapestornado.com\/sk\/product\/randm-12000-puffs-fumot-digital-disposable-vape-wholesale-price\/\">Fumot VAPE<\/a>, <a href=\"https:\/\/vapestornado.com\/sk\/product\/original-wga-ultra-35k-35000-puff-rechargeable-crystal-disposable-nicotine-vape-best-discount-price\/\">WGA VAPE<\/a>, Bang Vape<\/strong>, a viac, zabezpe\u010duj\u00fac kvalitu a rozmanitos\u0165 pre ka\u017ed\u00e9ho z\u00e1kazn\u00edka. \u010ci ste individu\u00e1lny vap\u00e9r alebo ve\u013ekoobchodn\u00fd kupuj\u00faci, doru\u010dujeme <strong data-start=\"481\" data-end=\"550\">vysoko v\u00fdkonn\u00e9 zariadenia, \u0161t\u00fdlov\u00e9 dizajny a konkurencieschopn\u00e9 ceny<\/strong> na splnenie va\u0161ich potrieb.<\/p>\n<h2 data-start=\"2064\" data-end=\"2115\">\u010casto kladen\u00e9 ot\u00e1zky o AIVONO AIM FATBEAR 80K Jednorazov\u00e1 vaporiz\u00e9r<\/h2>\n<p data-start=\"1722\" data-end=\"1875\"><strong data-start=\"1722\" data-end=\"1782\">1. Ko\u013eko potiahnut\u00ed poskytuje AIVONO FATBEAR 80000?<\/strong><br data-start=\"1782\" data-end=\"1785\" \/>Dod\u00e1va a\u017e <strong data-start=\"1803\" data-end=\"1819\">80 000 pufov<\/strong>, \u010d\u00edm sa st\u00e1va jedn\u00fdm z najdlh\u0161ie trvaj\u00facich ve\u013ek\u00fdch vaporiz\u00e9rov s potiahnut\u00edm.<\/p>\n<p data-start=\"1877\" data-end=\"2004\"><strong data-start=\"1877\" data-end=\"1922\">2. M\u00f4\u017eem nab\u00edja\u0165 AIVONO FATBEAR 80K?<\/strong><br data-start=\"1922\" data-end=\"1925\" \/>\u00c1no, dod\u00e1va sa s <strong data-start=\"1946\" data-end=\"1984\">Nab\u00edjate\u013en\u00e1 bat\u00e9ria typu C s kapacitou 650 mAh<\/strong> pre dlh\u0161ie pou\u017e\u00edvanie.<\/p>\n<p data-start=\"2006\" data-end=\"2196\"><strong data-start=\"2006\" data-end=\"2064\">3. \u010co rob\u00ed tento najlep\u0161\u00edm ve\u013ekoobchodn\u00fdm jednorazov\u00fdm vaporiz\u00e9rom?<\/strong><br data-start=\"2064\" data-end=\"2067\" \/>Jeho <strong data-start=\"2071\" data-end=\"2129\">syst\u00e9m chuti 3 v 1, ve\u013ek\u00fd po\u010det potiahnut\u00ed a LED displej<\/strong> ho rob\u00ed ve\u013emi atrakt\u00edvnym pre spotrebite\u013eov aj ve\u013ekoobchodn\u00edkov na Slovensku.<\/p>\n<p data-start=\"2198\" data-end=\"2331\"><strong data-start=\"2198\" data-end=\"2243\">4. Ak\u00e9 koncentr\u00e1cie nikot\u00ednu s\u00fa dostupn\u00e9?<\/strong><br data-start=\"2243\" data-end=\"2246\" \/>M\u00f4\u017eete si vybra\u0165 medzi <strong data-start=\"2269\" data-end=\"2298\">0%, 2%, 3% alebo 5% nikot\u00ednom<\/strong>, v z\u00e1vislosti od va\u0161ej preferencie.<\/p>\n<p data-start=\"2333\" data-end=\"2487\"><strong data-start=\"2333\" data-end=\"2388\">5. M\u00e1 AIVONO FATBEAR 80K mo\u017enosti pr\u00edchut\u00ed?<\/strong><br data-start=\"2388\" data-end=\"2391\" \/>\u00c1no, je dostupn\u00fd v <strong data-start=\"2408\" data-end=\"2448\">10 jedine\u010dn\u00fdch trojpr\u00edchutov\u00fdch kombin\u00e1ci\u00e1ch<\/strong>, pon\u00fakaj\u00fac nie\u010do pre ka\u017ed\u00fd vkus.<\/p>\n<\/div>\n<\/div>\n<\/div>\n<\/div>","protected":false},"excerpt":{"rendered":"<p data-start=\"2774\" data-end=\"2854\">AIVONO FATBEAR 80K Ve\u013ek\u00fd Puff Vape \u2013 Najlep\u0161\u00ed 3-v-1 LED Displej Jednorazov\u00fd Vape Pero<\/p>\n<p data-start=\"2858\" data-end=\"2937\">AIVONO FATBEAR 80000 Pufov Dob\u00edjate\u013en\u00fd Jednorazov\u00fd Vape \u2013 Ve\u013ekoobchod v Eur\u00f3pe<\/p>\n<p data-start=\"2941\" data-end=\"3026\">Najlep\u0161\u00ed Ve\u013ekoobchodn\u00fd Jednorazov\u00fd Vape \u2013 AIVONO FATBEAR 80K s LED Displejom a 3-v-1 pr\u00edchu\u0165ou<\/p>\n<p data-start=\"2159\" data-end=\"2246\">\n<p><strong>Pridajte si Amy na whatsapp, aby ste dostali spr\u00e1vnu odpove\u010f a z\u013eavnen\u00fa cenu!<\/strong><\/p>\n<p><img fetchpriority=\"high\" decoding=\"async\" class=\"size-full wp-image-2932\" src=\"https:\/\/vapestornado.com\/wp-content\/uploads\/2024\/12\/Vape-Wholesale.jpg\" alt=\"Ve\u013ekoobchod s vape\" width=\"229\" height=\"300\" \/><\/p>\n<h3><a href=\"https:\/\/wa.me\/8617776015835\"><span style=\"color: #ff0000;\"><strong>WhatsApp: +86 17776015835<\/strong><\/span><\/a><\/h3>","protected":false},"featured_media":4396,"comment_status":"open","ping_status":"closed","template":"","meta":{"_acf_changed":false,"_uag_custom_page_level_css":"","_lmt_disableupdate":"no","_lmt_disable":"","_monsterinsights_skip_tracking":false,"_monsterinsights_sitenote_active":false,"_monsterinsights_sitenote_note":"","_monsterinsights_sitenote_category":0,"site-sidebar-layout":"default","site-content-layout":"","ast-site-content-layout":"default","site-content-style":"default","site-sidebar-style":"default","ast-global-header-display":"","ast-banner-title-visibility":"","ast-main-header-display":"","ast-hfb-above-header-display":"","ast-hfb-below-header-display":"","ast-hfb-mobile-header-display":"","site-post-title":"","ast-breadcrumbs-content":"","ast-featured-img":"","footer-sml-layout":"","ast-disable-related-posts":"","theme-transparent-header-meta":"default","adv-header-id-meta":"","stick-header-meta":"","header-above-stick-meta":"","header-main-stick-meta":"","header-below-stick-meta":"","astra-migrate-meta-layouts":"set","ast-page-background-enabled":"default","ast-page-background-meta":{"desktop":{"background-color":"","background-image":"","background-repeat":"repeat","background-position":"center center","background-size":"auto","background-attachment":"scroll","background-type":"","background-media":"","overlay-type":"","overlay-color":"","overlay-opacity":"","overlay-gradient":""},"tablet":{"background-color":"","background-image":"","background-repeat":"repeat","background-position":"center center","background-size":"auto","background-attachment":"scroll","background-type":"","background-media":"","overlay-type":"","overlay-color":"","overlay-opacity":"","overlay-gradient":""},"mobile":{"background-color":"","background-image":"","background-repeat":"repeat","background-position":"center center","background-size":"auto","background-attachment":"scroll","background-type":"","background-media":"","overlay-type":"","overlay-color":"","overlay-opacity":"","overlay-gradient":""}},"ast-content-background-meta":{"desktop":{"background-color":"var(--ast-global-color-5)","background-image":"","background-repeat":"repeat","background-position":"center center","background-size":"auto","background-attachment":"scroll","background-type":"","background-media":"","overlay-type":"","overlay-color":"","overlay-opacity":"","overlay-gradient":""},"tablet":{"background-color":"var(--ast-global-color-5)","background-image":"","background-repeat":"repeat","background-position":"center center","background-size":"auto","background-attachment":"scroll","background-type":"","background-media":"","overlay-type":"","overlay-color":"","overlay-opacity":"","overlay-gradient":""},"mobile":{"background-color":"var(--ast-global-color-5)","background-image":"","background-repeat":"repeat","background-position":"center center","background-size":"auto","background-attachment":"scroll","background-type":"","background-media":"","overlay-type":"","overlay-color":"","overlay-opacity":"","overlay-gradient":""}},"_joinchat":[]},"product_brand":[],"product_cat":[344,176,149,153,156,158,142,143,144,146],"product_tag":[385,355,380,368,381],"class_list":{"0":"post-4386","1":"product","2":"type-product","3":"status-publish","4":"has-post-thumbnail","6":"product_cat-80000-puff","7":"product_cat-aivono-vape","8":"product_cat-buy-disposable-vapes-in-austria","9":"product_cat-buy-disposable-vapes-in-italy","10":"product_cat-buy-disposable-vapes-in-poland","11":"product_cat-buy-disposable-vapes-in-spain","12":"product_cat-digital-box-disposable-vapes","13":"product_cat-dual-mesh-disposable-vapes","14":"product_cat-low-nicotine-disposable-vapes","15":"product_cat-rechargeable-disposable-vapes","16":"product_tag-aivono-fatbear-80k","17":"product_tag-big-puff-vape","18":"product_tag-disposable-vapes-online","19":"product_tag-disposable-vapor","20":"product_tag-vapes-online-wholesale","21":"desktop-align-left","22":"tablet-align-left","23":"mobile-align-left","25":"first","26":"instock","27":"sale","28":"shipping-taxable","29":"purchasable","30":"product-type-simple"},"acf":[],"uagb_featured_image_src":{"full":["https:\/\/vapestornado.com\/wp-content\/uploads\/2025\/09\/Aivono-Aim-Fatbear-80000-Puffs-Disposable-Vape-Flavor-Adjustable.webp",800,800,false],"thumbnail":["https:\/\/vapestornado.com\/wp-content\/uploads\/2025\/09\/Aivono-Aim-Fatbear-80000-Puffs-Disposable-Vape-Flavor-Adjustable-150x150.webp",150,150,true],"medium":["https:\/\/vapestornado.com\/wp-content\/uploads\/2025\/09\/Aivono-Aim-Fatbear-80000-Puffs-Disposable-Vape-Flavor-Adjustable-300x300.webp",300,300,true],"medium_large":["https:\/\/vapestornado.com\/wp-content\/uploads\/2025\/09\/Aivono-Aim-Fatbear-80000-Puffs-Disposable-Vape-Flavor-Adjustable-768x768.webp",768,768,true],"large":["https:\/\/vapestornado.com\/wp-content\/uploads\/2025\/09\/Aivono-Aim-Fatbear-80000-Puffs-Disposable-Vape-Flavor-Adjustable.webp",800,800,false],"1536x1536":["https:\/\/vapestornado.com\/wp-content\/uploads\/2025\/09\/Aivono-Aim-Fatbear-80000-Puffs-Disposable-Vape-Flavor-Adjustable.webp",800,800,false],"2048x2048":["https:\/\/vapestornado.com\/wp-content\/uploads\/2025\/09\/Aivono-Aim-Fatbear-80000-Puffs-Disposable-Vape-Flavor-Adjustable.webp",800,800,false],"trp-custom-language-flag":["https:\/\/vapestornado.com\/wp-content\/uploads\/2025\/09\/Aivono-Aim-Fatbear-80000-Puffs-Disposable-Vape-Flavor-Adjustable-12x12.webp",12,12,true],"woocommerce_thumbnail":["https:\/\/vapestornado.com\/wp-content\/uploads\/2025\/09\/Aivono-Aim-Fatbear-80000-Puffs-Disposable-Vape-Flavor-Adjustable-300x300.webp",300,300,true],"woocommerce_single":["https:\/\/vapestornado.com\/wp-content\/uploads\/2025\/09\/Aivono-Aim-Fatbear-80000-Puffs-Disposable-Vape-Flavor-Adjustable-600x600.webp",600,600,true],"woocommerce_gallery_thumbnail":["https:\/\/vapestornado.com\/wp-content\/uploads\/2025\/09\/Aivono-Aim-Fatbear-80000-Puffs-Disposable-Vape-Flavor-Adjustable-100x100.webp",100,100,true]},"uagb_author_info":{"display_name":"ESAMY","author_link":"https:\/\/vapestornado.com\/sk\/author\/"},"uagb_comment_info":1,"uagb_excerpt":"AIVONO FATBEAR 80K Big Puff Vape \u2013 Best 3-in-1 LED Display Disposable Vape Pen AIVONO FATBEAR 80000 Puffs Rechargeable Disposable Vape \u2013 Wholesale in Europe Best Wholesale Disposable Vape \u2013 AIVONO FATBEAR 80K with LED Screen &amp; 3-in-1 Flavor Add Amy's whatsapp to get right reply and discount price! WhatsApp: +86 17776015835","_links":{"self":[{"href":"https:\/\/vapestornado.com\/sk\/wp-json\/wp\/v2\/product\/4386","targetHints":{"allow":["GET"]}}],"collection":[{"href":"https:\/\/vapestornado.com\/sk\/wp-json\/wp\/v2\/product"}],"about":[{"href":"https:\/\/vapestornado.com\/sk\/wp-json\/wp\/v2\/types\/product"}],"replies":[{"embeddable":true,"href":"https:\/\/vapestornado.com\/sk\/wp-json\/wp\/v2\/comments?post=4386"}],"wp:featuredmedia":[{"embeddable":true,"href":"https:\/\/vapestornado.com\/sk\/wp-json\/wp\/v2\/media\/4396"}],"wp:attachment":[{"href":"https:\/\/vapestornado.com\/sk\/wp-json\/wp\/v2\/media?parent=4386"}],"wp:term":[{"taxonomy":"product_brand","embeddable":true,"href":"https:\/\/vapestornado.com\/sk\/wp-json\/wp\/v2\/product_brand?post=4386"},{"taxonomy":"product_cat","embeddable":true,"href":"https:\/\/vapestornado.com\/sk\/wp-json\/wp\/v2\/product_cat?post=4386"},{"taxonomy":"product_tag","embeddable":true,"href":"https:\/\/vapestornado.com\/sk\/wp-json\/wp\/v2\/product_tag?post=4386"}],"curies":[{"name":"wp","href":"https:\/\/api.w.org\/{rel}","templated":true}]}}