{"id":4379,"date":"2025-09-25T02:51:29","date_gmt":"2025-09-25T02:51:29","guid":{"rendered":"https:\/\/vapestornado.com\/?post_type=product&#038;p=4379"},"modified":"2025-09-25T03:40:09","modified_gmt":"2025-09-25T03:40:09","slug":"vopk-80000-puff-80k-4-in-1-four-flavors-disposable-vapes-online-wholesale","status":"publish","type":"product","link":"https:\/\/vapestornado.com\/sk\/product\/vopk-80000-puff-80k-4-in-1-four-flavors-disposable-vapes-online-wholesale\/","title":{"rendered":"VOPK 80000 Puff 80k 4 v 1 Jednorazov\u00e9 vaporiz\u00e9ry s \u0161tyrmi pr\u00edchu\u0165ami na online ve\u013ekoobchod"},"content":{"rendered":"<h2 data-pm-slice=\"1 1 []\">VOPK 80000 Puff 80k 4 v 1 Jednorazov\u00e9 vaporiz\u00e9ry s \u0161tyrmi pr\u00edchu\u0165ami na online ve\u013ekoobchod<\/h2>\n<p data-start=\"175\" data-end=\"532\">Ahoj! V tejto chv\u00edli ti neviem pom\u00f4c\u0165 s tvojou po\u017eiadavkou. M\u00f4\u017eem ti v\u0161ak pom\u00f4c\u0165 s prekladom akejko\u013evek tvojej po\u017eiadavky. Ak m\u00e1\u0161 z\u00e1ujem, r\u00e1d ti pom\u00f4\u017eem s \u010fal\u0161\u00edmi prekladmi. <strong data-start=\"179\" data-end=\"214\">VOPK 80000 Puff Jednor\u00e1zov\u00fd vaporiz\u00e9r<\/strong> je ur\u010den\u00fd pre vaperov, ktor\u00ed chc\u00fa <strong data-start=\"244\" data-end=\"293\">sila, rozmanitos\u0165 a pohodlie v jednom zariaden\u00ed<\/strong>. S <strong data-start=\"300\" data-end=\"328\">Technol\u00f3gia pr\u00edchut\u00ed 4-v-1<\/strong>, pou\u017e\u00edvatelia m\u00f4\u017eu okam\u017eite prep\u00edna\u0165 medzi \u0161tyrmi pr\u00e9miov\u00fdmi pr\u00edchu\u0165ami bez nosenia viacer\u00fdch n\u00e1dob. Pon\u00faka a\u017e <strong data-start=\"433\" data-end=\"457\">80k potiahnut\u00ed na zariadenie<\/strong>, tento model je <strong data-start=\"475\" data-end=\"515\">najlep\u0161ou vo\u013ebou v online ve\u013ekoobchode s vaporiz\u00e9rmi<\/strong> po celej Eur\u00f3pe.<\/p>\n<p data-start=\"534\" data-end=\"1007\">Vybaven\u00e9 <strong data-start=\"550\" data-end=\"568\">0.9\u03a9 sie\u0165ov\u00e1 cievka<\/strong>, <strong data-start=\"570\" data-end=\"608\">Nab\u00edjate\u013en\u00e1 bat\u00e9ria typu C s kapacitou 650 mAh<\/strong>a <strong data-start=\"616\" data-end=\"642\">digit\u00e1lna obrazovka<\/strong>, <strong data-start=\"648\" data-end=\"660\">VOPK 80k<\/strong> zabezpe\u010duje bohat\u00fa chu\u0165, hust\u00fd p\u00e1r a \u00fapln\u00fa kontrolu nad olejom a \u00farov\u0148ou bat\u00e9rie. S mo\u017enos\u0165ami nikot\u00ednu na \u00farovni <strong data-start=\"764\" data-end=\"782\">0%, 2% a 5%<\/strong>, vyhovuje ako pr\u00edle\u017eitostn\u00fdm pou\u017e\u00edvate\u013eom, tak sk\u00fasen\u00fdm vapera. Kompaktn\u00fd, no v\u00fdkonn\u00fd, je to dokonal\u00fd <strong data-start=\"878\" data-end=\"905\">jednor\u00e1zov\u00fd vaporiz\u00e9r s modom<\/strong> pre <b>pou\u017e\u00edvate\u013eov<\/b>, prin\u00e1\u0161a modern\u00fd dizajn a spo\u013eahliv\u00fd v\u00fdkon.<\/p>\n<p><strong><span style=\"color: #ff0000;\">Pridajte si Amy na WhatsApp a z\u00edskajte okam\u017eit\u00fa odpove\u010f a kup\u00f3n na vape!<\/span><\/strong><\/p>\n<p><img fetchpriority=\"high\" decoding=\"async\" class=\"size-full wp-image-2932\" src=\"https:\/\/vapestornado.com\/wp-content\/uploads\/2024\/12\/Vape-Wholesale.jpg\" alt=\"Ve\u013ekoobchod s vape\" width=\"229\" height=\"300\" \/><\/p>\n<h3><a href=\"https:\/\/wa.me\/8617776015835\" target=\"_blank\" rel=\"noopener\"><span style=\"color: #ff0000;\"><strong>WhatsApp: +86 17776015835<\/strong><\/span><\/a><\/h3>\n<p>&nbsp;<\/p>\n<h2><strong>VOPK 80000 Puff Funkcie produktu<\/strong><\/h2>\n<h2 data-start=\"201\" data-end=\"249\"><\/h2>\n<ul data-start=\"251\" data-end=\"944\">\n<li data-start=\"251\" data-end=\"343\">\n<p data-start=\"253\" data-end=\"343\"><strong data-start=\"253\" data-end=\"277\">Mas\u00edvnych 80 000 potiahnut\u00ed<\/strong> \u2013 ur\u010den\u00e9 na dlhodob\u00e9 pou\u017e\u00edvanie, ide\u00e1lne pre ve\u013ekoobchodn\u00e9 a ve\u013ekoobchodn\u00e9 dopyty.<\/p>\n<\/li>\n<li data-start=\"344\" data-end=\"438\">\n<p data-start=\"346\" data-end=\"438\"><strong data-start=\"346\" data-end=\"370\">4-v-1 syst\u00e9m pr\u00edchut\u00ed<\/strong> \u2013 vychutnajte si \u0161tyri pr\u00edchute v jednom zariaden\u00ed, nie je potrebn\u00e9 meni\u0165 n\u00e1plne.<\/p>\n<\/li>\n<li data-start=\"439\" data-end=\"518\">\n<p data-start=\"441\" data-end=\"518\"><strong data-start=\"441\" data-end=\"459\">0,9\u03a9 sie\u0165ov\u00e1 cievka<\/strong> \u2013 zabezpe\u010duje kon\u0161tantn\u00fa hustotu pary a zv\u00fdraznenie chuti.<\/p>\n<\/li>\n<li data-start=\"519\" data-end=\"606\">\n<p data-start=\"521\" data-end=\"606\"><strong data-start=\"521\" data-end=\"552\">650mAh Nab\u00edjate\u013en\u00e1 bat\u00e9ria<\/strong> \u2013 r\u00fdchle nab\u00edjanie cez Type-C v\u00e1s udr\u017e\u00ed v prev\u00e1dzke na cest\u00e1ch.<\/p>\n<\/li>\n<li data-start=\"607\" data-end=\"693\">\n<p data-start=\"609\" data-end=\"693\"><strong data-start=\"609\" data-end=\"634\">Inteligentn\u00fd digit\u00e1lny displej<\/strong> \u2013 sledujte stav bat\u00e9rie a hladinu e-liquidu v re\u00e1lnom \u010dase.<\/p>\n<\/li>\n<li data-start=\"694\" data-end=\"776\">\n<p data-start=\"696\" data-end=\"776\"><strong data-start=\"696\" data-end=\"727\">Mo\u017enosti nikot\u00ednu: 0%, 2%, 5%<\/strong> \u2013 flexibilita na prisp\u00f4sobenie r\u00f4znym potreb\u00e1m vapingu.<\/p>\n<\/li>\n<li data-start=\"777\" data-end=\"862\">\n<p data-start=\"779\" data-end=\"862\"><strong data-start=\"779\" data-end=\"807\">Prenosn\u00fd a pou\u017e\u00edvate\u013esky pr\u00edvetiv\u00fd<\/strong> \u2013 ergonomick\u00fd ve\u013ek\u00fd \u00fastnik a \u013eahk\u00fd dizajn.<\/p>\n<\/li>\n<li data-start=\"863\" data-end=\"944\">\n<p data-start=\"865\" data-end=\"944\"><strong data-start=\"865\" data-end=\"885\">10 kombin\u00e1ci\u00ed pr\u00edchut\u00ed<\/strong> \u2013 \u0161irok\u00fd v\u00fdber na uspokojenie r\u00f4znych chu\u0165ov\u00fdch preferenci\u00ed.<\/p>\n<\/li>\n<\/ul>\n<figure id=\"attachment_4374\" aria-describedby=\"caption-attachment-4374\" style=\"width: 300px\" class=\"wp-caption alignnone\"><img decoding=\"async\" class=\"size-medium wp-image-4374\" src=\"https:\/\/vapestornado.com\/wp-content\/uploads\/2025\/09\/VOPK-80000-Puffs-Nicotine-Free-Disposable-Vape-300x300.webp\" alt=\"VOPK 80000 Potiahnut\u00ed Beznikot\u00ednov\u00e1 Jednorazov\u00e1 Vape\" width=\"300\" height=\"300\" srcset=\"https:\/\/vapestornado.com\/wp-content\/uploads\/2025\/09\/VOPK-80000-Puffs-Nicotine-Free-Disposable-Vape-300x300.webp 300w, https:\/\/vapestornado.com\/wp-content\/uploads\/2025\/09\/VOPK-80000-Puffs-Nicotine-Free-Disposable-Vape-150x150.webp 150w, https:\/\/vapestornado.com\/wp-content\/uploads\/2025\/09\/VOPK-80000-Puffs-Nicotine-Free-Disposable-Vape-768x768.webp 768w, https:\/\/vapestornado.com\/wp-content\/uploads\/2025\/09\/VOPK-80000-Puffs-Nicotine-Free-Disposable-Vape-12x12.webp 12w, https:\/\/vapestornado.com\/wp-content\/uploads\/2025\/09\/VOPK-80000-Puffs-Nicotine-Free-Disposable-Vape-600x600.webp 600w, https:\/\/vapestornado.com\/wp-content\/uploads\/2025\/09\/VOPK-80000-Puffs-Nicotine-Free-Disposable-Vape-100x100.webp 100w, https:\/\/vapestornado.com\/wp-content\/uploads\/2025\/09\/VOPK-80000-Puffs-Nicotine-Free-Disposable-Vape.webp 800w\" sizes=\"(max-width: 300px) 100vw, 300px\" \/><figcaption id=\"caption-attachment-4374\" class=\"wp-caption-text\">VOPK 80000 Potiahnut\u00ed Beznikot\u00ednov\u00e1 Jednorazov\u00e1 Vape<\/figcaption><\/figure>\n<h2 class=\"product-title\"><strong>VOPK 80000 Potiahnut\u00ed 80k 4 v 1 zoznam pr\u00edchut\u00ed<\/strong><\/h2>\n<p data-start=\"2550\" data-end=\"2736\">1. mel\u00f3n s \u013eadom \/ trojit\u00e9 mel\u00f3nov\u00e9 \u013eadov\u00e9 \/ modr\u00fd razz \u013ead \/ jahodov\u00e1 zmrzlina<br \/>\n2. \u010du\u010doriedka malina \/ Fuji \u013ead \/ zmie\u0161an\u00e9 bobule \/ \u010du\u010doriedka kokosov\u00e1 cukrovinka<br \/>\n3. jahoda s mel\u00f3nom \/ brusnica hrozno \/ mango \u013ead \/ jahoda malina cukrovinka<br \/>\n4. Red Bull \u013ead \/ passion fruit kiwi limetka \/ kysl\u00e9 jablko malina jahoda \/ mel\u00f3nov\u00e1 \u017euva\u010dka<br \/>\n5. \u010cu\u010doriedkov\u00fd \u013ead\/ Brosky\u0148a mango mel\u00f3n\/ Mel\u00f3n jablko\/ \u0160umiv\u00e1 \u010dere\u0161\u0148a \u013ead<br \/>\n6. Jahoda mango\/ Jahoda kiwi\/ Mel\u00f3n dra\u010die ovocie\/ Gumov\u00fd medved\u00edk<br \/>\n7. L\u00e1ska 66\/ Malinov\u00fd mel\u00f3n\/ Jahoda malina \u010dere\u0161\u0148a\/ \u010cere\u0161\u0148ov\u00e1 cukrovinka \u013ead<br \/>\n8. Jahoda ban\u00e1n\/ Anan\u00e1s kokosov\u00fd \u013ead\/ Mango brosky\u0148a marhu\u013ea\/ Aloe mango mel\u00f3n<br \/>\n9. D\u00fahov\u00e1 cukrovinka\/ Brosky\u0148ov\u00fd \u013ead\/ Citr\u00f3n kysl\u00e1 pomaran\u010d\/ Brusnica citr\u00f3n<br \/>\n10. Kiwi marakuja guava\/ Jahoda \u010dere\u0161\u0148a\/ Hroznov\u00fd \u013ead\/ Jahodov\u00e1 cukrovinka<\/p>\n<div class=\"flex-shrink-0 flex flex-col relative items-end\">\n<div class=\"pt-0\">\n<div class=\"gizmo-bot-avatar flex h-8 w-8 items-center justify-center overflow-hidden rounded-full\">\n<div class=\"relative p-1 rounded-sm flex items-center justify-center bg-token-main-surface-primary text-token-text-primary h-8 w-8\">\n<h2 data-start=\"1200\" data-end=\"1487\">Vapes Tornado \u2013 v\u00e1\u0161 ve\u013ekoobchodn\u00fd online obchod s najlep\u0161\u00edmi zna\u010dkami vape<\/h2>\n<p data-start=\"1200\" data-end=\"1487\"><strong data-start=\"141\" data-end=\"177\">Online obchod s dymom Vapes Tornado<\/strong> je v\u00e1\u0161 d\u00f4veryhodn\u00fd zdroj pre <strong data-start=\"205\" data-end=\"270\">pr\u00e9miov\u00e9 jednorazov\u00e9 vape a ve\u013ekoobchodn\u00e9 e-cigarety na Slovensku<\/strong>. Pon\u00fakame najpred\u00e1vanej\u0161ie zna\u010dky ako <strong data-start=\"307\" data-end=\"362\"><a href=\"https:\/\/vapestornado.com\/sk\/product\/elf-bar-raya-d3-25000-puffs-best-disposable-vape-wholesale-in-uk\/\">ELF BAR VAPE<\/a>, <a href=\"https:\/\/vapestornado.com\/sk\/product\/randm-tornado-15000-disposable-vape-wholesale-price\/\">Fumot VAPE<\/a>, <a href=\"https:\/\/vapestornado.com\/sk\/product\/original-vozol-star-40000-puff-40k-best-disposable-vape-2025-wholesale-cheap-price\/\">VOZOL VAPE<\/a>, Bang Vape<\/strong>, a viac, zabezpe\u010duj\u00fac kvalitu a rozmanitos\u0165 pre ka\u017ed\u00e9ho z\u00e1kazn\u00edka. \u010ci ste individu\u00e1lny vap\u00e9r alebo ve\u013ekoobchodn\u00fd kupuj\u00faci, doru\u010dujeme <strong data-start=\"481\" data-end=\"550\">vysoko v\u00fdkonn\u00e9 zariadenia, \u0161t\u00fdlov\u00e9 dizajny a konkurencieschopn\u00e9 ceny<\/strong> na splnenie va\u0161ich potrieb.<\/p>\n<h2 data-start=\"2064\" data-end=\"2115\">\u010casto kladen\u00e9 ot\u00e1zky o VOPK 80000 Puf 80k 4 v 1 Jednorazov\u00e1 Vape<\/h2>\n<p data-start=\"1035\" data-end=\"1198\"><strong data-start=\"1035\" data-end=\"1107\">Ot\u00e1zka 1: Ko\u013eko pufov poskytuje VOPK 80000 Puf Jednorazov\u00e1 Vape?<\/strong><br data-start=\"1107\" data-end=\"1110\" \/>Odpove\u010f 1: Ka\u017ed\u00e9 zariadenie poskytuje a\u017e <strong data-start=\"1141\" data-end=\"1157\">80 000 pufov<\/strong>, \u010do ho rob\u00ed ide\u00e1lnym pre dlhodob\u00e9 pou\u017e\u00edvanie.<\/p>\n<p data-start=\"1200\" data-end=\"1379\"><strong data-start=\"1200\" data-end=\"1281\">Ot\u00e1zka 2: \u010co rob\u00ed VOPK 80k jedine\u010dn\u00fdm v porovnan\u00ed s in\u00fdmi jednorazov\u00fdmi vapami online?<\/strong><br data-start=\"1281\" data-end=\"1284\" \/>Odpove\u010f 2: M\u00e1 funkciu <strong data-start=\"1302\" data-end=\"1326\">4-v-1 syst\u00e9m chuti<\/strong>, ktor\u00fd v\u00e1m umo\u017e\u0148uje vychutna\u0165 si \u0161tyri chute v jednom zariaden\u00ed.<\/p>\n<p data-start=\"1381\" data-end=\"1530\"><strong data-start=\"1381\" data-end=\"1433\">Ot\u00e1zka 3: Podporuje VOPK 80000 Puf nab\u00edjanie?<\/strong><br data-start=\"1433\" data-end=\"1436\" \/>Odpove\u010f 3: \u00c1no, je vybaven\u00e9 <strong data-start=\"1461\" data-end=\"1499\">Nab\u00edjate\u013en\u00e1 bat\u00e9ria typu C s kapacitou 650 mAh<\/strong> pre efekt\u00edvne r\u00fdchle nab\u00edjanie.<\/p>\n<p data-start=\"1532\" data-end=\"1693\"><strong data-start=\"1532\" data-end=\"1610\">Ot\u00e1zka 4: Ak\u00e9 silnosti nikot\u00ednu s\u00fa dostupn\u00e9 pre VOPK 80k Jednorazov\u00fa Vape?<\/strong><br data-start=\"1610\" data-end=\"1613\" \/>Odpove\u010f 4: Mo\u017enosti zah\u0155\u0148aj\u00fa <strong data-start=\"1633\" data-end=\"1651\">0%, 2% a 5%<\/strong>, spl\u0148uj\u00fac potreby r\u00f4znych vap\u00e9rov.<\/p>\n<p data-start=\"1695\" data-end=\"1910\"><strong data-start=\"1695\" data-end=\"1762\">Q5: Pre\u010do je VOPK 80k popul\u00e1rny na ve\u013ekoobchodn\u00fdch trhoch na Slovensku?<\/strong><br data-start=\"1762\" data-end=\"1765\" \/>A5: Jeho <strong data-start=\"1773\" data-end=\"1840\">vysok\u00e1 kapacita na potiahnutie, displej na obrazovke a viacero mo\u017enost\u00ed pr\u00edchut\u00ed<\/strong> ho robia ve\u013emi atrakt\u00edvnym pre ve\u013ekoobchodn\u00fdch kupuj\u00facich a mlad\u00fdch spotrebite\u013eov.<\/p>\n<\/div>\n<\/div>\n<\/div>\n<\/div>","protected":false},"excerpt":{"rendered":"<p data-start=\"2159\" data-end=\"2246\"><strong data-start=\"2159\" data-end=\"2244\">VOPK 80000 Puff Jednor\u00e1zov\u00e9 vaporiz\u00e9ry \u2013 4-v-1 pr\u00edchu\u0165, 80 tis\u00edc potiahnut\u00ed, Najlep\u0161ia ve\u013ekoobchodn\u00e1 cena<\/strong><\/p>\n<p data-start=\"2250\" data-end=\"2331\"><strong data-start=\"2250\" data-end=\"2329\">Ve\u013ekoobchod VOPK 80k Jednor\u00e1zov\u00e9 vaporiz\u00e9ry s modmi \u2013 Displej obrazovky a dob\u00edjate\u013en\u00e9<\/strong><\/p>\n<p data-start=\"2335\" data-end=\"2416\"><strong data-start=\"2335\" data-end=\"2414\">VOPK 80000 Puff 4-v-1 Jednor\u00e1zov\u00fd vaporiz\u00e9r \u2013 Pr\u00e9miov\u00e9 vaporiz\u00e9ry online pre trh Slovenska<\/strong><\/p>\n<p><strong>Pridajte si Amy na whatsapp, aby ste dostali spr\u00e1vnu odpove\u010f a z\u013eavnen\u00fa cenu!<\/strong><\/p>\n<p><img fetchpriority=\"high\" decoding=\"async\" class=\"size-full wp-image-2932\" src=\"https:\/\/vapestornado.com\/wp-content\/uploads\/2024\/12\/Vape-Wholesale.jpg\" alt=\"Ve\u013ekoobchod s vape\" width=\"229\" height=\"300\" \/><\/p>\n<h3><a href=\"https:\/\/wa.me\/8617776015835\"><span style=\"color: #ff0000;\"><strong>WhatsApp: +86 17776015835<\/strong><\/span><\/a><\/h3>","protected":false},"featured_media":4373,"comment_status":"open","ping_status":"closed","template":"","meta":{"_acf_changed":false,"_uag_custom_page_level_css":"","_lmt_disableupdate":"no","_lmt_disable":"","_monsterinsights_skip_tracking":false,"_monsterinsights_sitenote_active":false,"_monsterinsights_sitenote_note":"","_monsterinsights_sitenote_category":0,"site-sidebar-layout":"default","site-content-layout":"","ast-site-content-layout":"default","site-content-style":"default","site-sidebar-style":"default","ast-global-header-display":"","ast-banner-title-visibility":"","ast-main-header-display":"","ast-hfb-above-header-display":"","ast-hfb-below-header-display":"","ast-hfb-mobile-header-display":"","site-post-title":"","ast-breadcrumbs-content":"","ast-featured-img":"","footer-sml-layout":"","ast-disable-related-posts":"","theme-transparent-header-meta":"default","adv-header-id-meta":"","stick-header-meta":"","header-above-stick-meta":"","header-main-stick-meta":"","header-below-stick-meta":"","astra-migrate-meta-layouts":"set","ast-page-background-enabled":"default","ast-page-background-meta":{"desktop":{"background-color":"","background-image":"","background-repeat":"repeat","background-position":"center center","background-size":"auto","background-attachment":"scroll","background-type":"","background-media":"","overlay-type":"","overlay-color":"","overlay-opacity":"","overlay-gradient":""},"tablet":{"background-color":"","background-image":"","background-repeat":"repeat","background-position":"center center","background-size":"auto","background-attachment":"scroll","background-type":"","background-media":"","overlay-type":"","overlay-color":"","overlay-opacity":"","overlay-gradient":""},"mobile":{"background-color":"","background-image":"","background-repeat":"repeat","background-position":"center center","background-size":"auto","background-attachment":"scroll","background-type":"","background-media":"","overlay-type":"","overlay-color":"","overlay-opacity":"","overlay-gradient":""}},"ast-content-background-meta":{"desktop":{"background-color":"var(--ast-global-color-5)","background-image":"","background-repeat":"repeat","background-position":"center center","background-size":"auto","background-attachment":"scroll","background-type":"","background-media":"","overlay-type":"","overlay-color":"","overlay-opacity":"","overlay-gradient":""},"tablet":{"background-color":"var(--ast-global-color-5)","background-image":"","background-repeat":"repeat","background-position":"center center","background-size":"auto","background-attachment":"scroll","background-type":"","background-media":"","overlay-type":"","overlay-color":"","overlay-opacity":"","overlay-gradient":""},"mobile":{"background-color":"var(--ast-global-color-5)","background-image":"","background-repeat":"repeat","background-position":"center center","background-size":"auto","background-attachment":"scroll","background-type":"","background-media":"","overlay-type":"","overlay-color":"","overlay-opacity":"","overlay-gradient":""}},"_joinchat":[]},"product_brand":[],"product_cat":[344,149,153,156,158,142,143,144,146,290],"product_tag":[378,380,368,381,377,379],"class_list":{"0":"post-4379","1":"product","2":"type-product","3":"status-publish","4":"has-post-thumbnail","6":"product_cat-80000-puff","7":"product_cat-buy-disposable-vapes-in-austria","8":"product_cat-buy-disposable-vapes-in-italy","9":"product_cat-buy-disposable-vapes-in-poland","10":"product_cat-buy-disposable-vapes-in-spain","11":"product_cat-digital-box-disposable-vapes","12":"product_cat-dual-mesh-disposable-vapes","13":"product_cat-low-nicotine-disposable-vapes","14":"product_cat-rechargeable-disposable-vapes","15":"product_cat-vopk-vape","16":"product_tag-4-in-1-vape","17":"product_tag-disposable-vapes-online","18":"product_tag-disposable-vapor","19":"product_tag-vapes-online-wholesale","20":"product_tag-vopk-80000-puff","21":"product_tag-vopk-80k","22":"desktop-align-left","23":"tablet-align-left","24":"mobile-align-left","26":"first","27":"instock","28":"sale","29":"shipping-taxable","30":"purchasable","31":"product-type-simple"},"acf":[],"uagb_featured_image_src":{"full":["https:\/\/vapestornado.com\/wp-content\/uploads\/2025\/09\/VOPK-80k-80000-Puffs-Disposable-Vape-Mod-Kits.webp",800,800,false],"thumbnail":["https:\/\/vapestornado.com\/wp-content\/uploads\/2025\/09\/VOPK-80k-80000-Puffs-Disposable-Vape-Mod-Kits-150x150.webp",150,150,true],"medium":["https:\/\/vapestornado.com\/wp-content\/uploads\/2025\/09\/VOPK-80k-80000-Puffs-Disposable-Vape-Mod-Kits-300x300.webp",300,300,true],"medium_large":["https:\/\/vapestornado.com\/wp-content\/uploads\/2025\/09\/VOPK-80k-80000-Puffs-Disposable-Vape-Mod-Kits-768x768.webp",768,768,true],"large":["https:\/\/vapestornado.com\/wp-content\/uploads\/2025\/09\/VOPK-80k-80000-Puffs-Disposable-Vape-Mod-Kits.webp",800,800,false],"1536x1536":["https:\/\/vapestornado.com\/wp-content\/uploads\/2025\/09\/VOPK-80k-80000-Puffs-Disposable-Vape-Mod-Kits.webp",800,800,false],"2048x2048":["https:\/\/vapestornado.com\/wp-content\/uploads\/2025\/09\/VOPK-80k-80000-Puffs-Disposable-Vape-Mod-Kits.webp",800,800,false],"trp-custom-language-flag":["https:\/\/vapestornado.com\/wp-content\/uploads\/2025\/09\/VOPK-80k-80000-Puffs-Disposable-Vape-Mod-Kits-12x12.webp",12,12,true],"woocommerce_thumbnail":["https:\/\/vapestornado.com\/wp-content\/uploads\/2025\/09\/VOPK-80k-80000-Puffs-Disposable-Vape-Mod-Kits-300x300.webp",300,300,true],"woocommerce_single":["https:\/\/vapestornado.com\/wp-content\/uploads\/2025\/09\/VOPK-80k-80000-Puffs-Disposable-Vape-Mod-Kits-600x600.webp",600,600,true],"woocommerce_gallery_thumbnail":["https:\/\/vapestornado.com\/wp-content\/uploads\/2025\/09\/VOPK-80k-80000-Puffs-Disposable-Vape-Mod-Kits-100x100.webp",100,100,true]},"uagb_author_info":{"display_name":"ESAMY","author_link":"https:\/\/vapestornado.com\/sk\/author\/"},"uagb_comment_info":1,"uagb_excerpt":"VOPK 80000 Puff Disposable Vapes \u2013 4-in-1 Flavor, 80k Puffs, Best Wholesale Price Wholesale VOPK 80k Disposable Vape Mod Kits \u2013 Screen Display &amp; Rechargeable VOPK 80000 Puff 4-in-1 Disposable Vape Kit\u2013 Premium Vapes Online for EU Market Add Amy's whatsapp to get right reply and discount price! WhatsApp: +86 17776015835","_links":{"self":[{"href":"https:\/\/vapestornado.com\/sk\/wp-json\/wp\/v2\/product\/4379","targetHints":{"allow":["GET"]}}],"collection":[{"href":"https:\/\/vapestornado.com\/sk\/wp-json\/wp\/v2\/product"}],"about":[{"href":"https:\/\/vapestornado.com\/sk\/wp-json\/wp\/v2\/types\/product"}],"replies":[{"embeddable":true,"href":"https:\/\/vapestornado.com\/sk\/wp-json\/wp\/v2\/comments?post=4379"}],"wp:featuredmedia":[{"embeddable":true,"href":"https:\/\/vapestornado.com\/sk\/wp-json\/wp\/v2\/media\/4373"}],"wp:attachment":[{"href":"https:\/\/vapestornado.com\/sk\/wp-json\/wp\/v2\/media?parent=4379"}],"wp:term":[{"taxonomy":"product_brand","embeddable":true,"href":"https:\/\/vapestornado.com\/sk\/wp-json\/wp\/v2\/product_brand?post=4379"},{"taxonomy":"product_cat","embeddable":true,"href":"https:\/\/vapestornado.com\/sk\/wp-json\/wp\/v2\/product_cat?post=4379"},{"taxonomy":"product_tag","embeddable":true,"href":"https:\/\/vapestornado.com\/sk\/wp-json\/wp\/v2\/product_tag?post=4379"}],"curies":[{"name":"wp","href":"https:\/\/api.w.org\/{rel}","templated":true}]}}