{"id":4369,"date":"2025-09-20T09:23:19","date_gmt":"2025-09-20T09:23:19","guid":{"rendered":"https:\/\/vapestornado.com\/?post_type=product&#038;p=4369"},"modified":"2025-09-23T08:18:09","modified_gmt":"2025-09-23T08:18:09","slug":"okso-70000-puff-3-in-1-flavor-adjustable-disposable-vape-pod","status":"publish","type":"product","link":"https:\/\/vapestornado.com\/sk\/product\/okso-70000-puff-3-in-1-flavor-adjustable-disposable-vape-pod\/","title":{"rendered":"OKSO 70000 Puff 3 v 1 Prisp\u00f4sobite\u013en\u00e1 ochuten\u00e1 jednorazov\u00e1 vape kazeta"},"content":{"rendered":"<h2 data-pm-slice=\"1 1 []\">OKSO 70000 Puff 3 v 1 Prisp\u00f4sobite\u013en\u00e1 ochuten\u00e1 jednorazov\u00e1 vape kazeta<\/h2>\n<p data-start=\"204\" data-end=\"627\">Ahoj! V tejto chv\u00edli ti neviem pom\u00f4c\u0165 s tvojou po\u017eiadavkou. M\u00f4\u017eem ti v\u0161ak pom\u00f4c\u0165 s prekladom akejko\u013evek tvojej po\u017eiadavky. Ak m\u00e1\u0161 z\u00e1ujem, r\u00e1d ti pom\u00f4\u017eem s \u010fal\u0161\u00edmi prekladmi. <strong data-start=\"208\" data-end=\"247\">OKSO 70000 Puff Jednorazov\u00fd vaporiz\u00e9r pod<\/strong> je ur\u010den\u00fd pre vap\u00e9rnikov, ktor\u00ed chc\u00fa maxim\u00e1lny v\u00fdkon a rozmanitos\u0165 v jednom elegantnom zariaden\u00ed. S <strong data-start=\"338\" data-end=\"367\">p\u00f4sobiv\u00fdm po\u010dtom 70k puffov<\/strong>, a <strong data-start=\"371\" data-end=\"395\">syst\u00e9mom trojchuti<\/strong>a <strong data-start=\"401\" data-end=\"423\">nastavite\u013en\u00fd prietok vzduchu<\/strong>, nastavuje nov\u00fd \u0161tandard pre dlhodobo trvaj\u00face jednorazov\u00e9 vaporiz\u00e9ry. Ka\u017ed\u00fd pod obsahuje <strong data-start=\"498\" data-end=\"526\">48 ml e-liquidu (16 ml \u00d7 3)<\/strong>, \u010do v\u00e1m umo\u017e\u0148uje vybra\u0165 si medzi tromi odv\u00e1\u017enymi chu\u0165ami v jednom zariaden\u00ed \u2014 vo\u013ene prep\u00edna\u0165 a vychutn\u00e1va\u0165 si \u010derstv\u00fa chu\u0165 kedyko\u013evek.<\/p>\n<p data-start=\"629\" data-end=\"1100\">Ahoj! V tejto chv\u00edli ti neviem pom\u00f4c\u0165 s tvojou po\u017eiadavkou. M\u00f4\u017eem ti v\u0161ak pom\u00f4c\u0165 s prekladom akejko\u013evek tvojej po\u017eiadavky. Ak m\u00e1\u0161 z\u00e1ujem, r\u00e1d ti pom\u00f4\u017eem s \u010fal\u0161\u00edmi prekladmi. <strong data-start=\"633\" data-end=\"650\">OKSO 70k P\u00fa\u0161\u0165<\/strong> je vybaven\u00fd <strong data-start=\"671\" data-end=\"702\">technol\u00f3giou trojitej sie\u0165ovej cievky<\/strong> pre hladk\u00fd, hust\u00fd p\u00e1r a konzistentn\u00fa chu\u0165 od za\u010diatku do konca. Jeho <strong data-start=\"774\" data-end=\"812\">Nab\u00edjate\u013en\u00e1 bat\u00e9ria typu C s kapacitou 650 mAh<\/strong> a <strong data-start=\"817\" data-end=\"839\">LED displej<\/strong> v\u00e1s informuje o \u00farovni oleja a bat\u00e9rie, zabezpe\u010duj\u00fac \u017eiadne prekvapenia. Navrhnut\u00e9 s oh\u013eadom na vap\u00e9rnikov zo Slovenska, tento pod vyva\u017euje <strong data-start=\"959\" data-end=\"976\">ve\u013ek\u00fa kapacitu<\/strong>, <strong data-start=\"978\" data-end=\"1000\">chu\u0165ov\u00fa flexibilitu<\/strong>a <strong data-start=\"1006\" data-end=\"1023\">modern\u00fd dizajn<\/strong>, \u010do z neho rob\u00ed jeden z <strong data-start=\"1046\" data-end=\"1097\">najlep\u0161ia prisp\u00f4sobite\u013en\u00e1 jednorazov\u00e1 vaporiz\u00e9ry s najlep\u0161ou chu\u0165ou v roku 2025<\/strong>.<\/p>\n<p data-start=\"1102\" data-end=\"1247\">\u010ci u\u017e pre <strong data-start=\"1114\" data-end=\"1134\">ve\u013ekoobchodn\u00fdch kupuj\u00facich<\/strong> or <strong data-start=\"1138\" data-end=\"1158\">individu\u00e1lnych pou\u017e\u00edvate\u013eov<\/strong>, <strong data-start=\"1164\" data-end=\"1183\">OKSO 70000 P\u00fa\u0161\u0165<\/strong> je najlep\u0161ou vo\u013ebou na trhu s jednorazov\u00fdmi vaporiz\u00e9rmi.<\/p>\n<p><strong><span style=\"color: #ff0000;\">Pridajte si Amy na WhatsApp a z\u00edskajte okam\u017eit\u00fa odpove\u010f a kup\u00f3n na vape!<\/span><\/strong><\/p>\n<p><img fetchpriority=\"high\" decoding=\"async\" class=\"size-full wp-image-2932\" src=\"https:\/\/vapestornado.com\/wp-content\/uploads\/2024\/12\/Vape-Wholesale.jpg\" alt=\"Ve\u013ekoobchod s vape\" width=\"229\" height=\"300\" \/><\/p>\n<h3><a href=\"https:\/\/wa.me\/8617776015835\" target=\"_blank\" rel=\"noopener\"><span style=\"color: #ff0000;\"><strong>WhatsApp: +86 17776015835<\/strong><\/span><\/a><\/h3>\n<p>&nbsp;<\/p>\n<h2><strong>Funkcie produktu OKSO 70000 Pufov<\/strong><\/h2>\n<p>Pufy: 70000 pufov<br \/>\nJadro: Sie\u0165ov\u00e1 cievka *3<br \/>\nE-liquid: 48ml (16ml*3)<br \/>\nNikot\u00edn: 0%\/2%\/3%\/5%<br \/>\nBat\u00e9ria: 650mAh, nab\u00edjanie cez Type C<br \/>\nLED displej pre olej a bat\u00e9riu<br \/>\nHmotnos\u0165 produktu: 134,5g\/kus<br \/>\nVe\u013ekos\u0165 produktu: 45*44*127mm<\/p>\n<figure id=\"attachment_4365\" aria-describedby=\"caption-attachment-4365\" style=\"width: 300px\" class=\"wp-caption alignnone\"><img decoding=\"async\" class=\"size-medium wp-image-4365\" src=\"https:\/\/vapestornado.com\/wp-content\/uploads\/2025\/09\/OKSO-3in1-70000-Puffs-Disposable-Vape-300x300.webp\" alt=\"OKSO 3 v 1 Jednorazov\u00fd vaporiz\u00e9r s 70000 pufmi\" width=\"300\" height=\"300\" srcset=\"https:\/\/vapestornado.com\/wp-content\/uploads\/2025\/09\/OKSO-3in1-70000-Puffs-Disposable-Vape-300x300.webp 300w, https:\/\/vapestornado.com\/wp-content\/uploads\/2025\/09\/OKSO-3in1-70000-Puffs-Disposable-Vape-150x150.webp 150w, https:\/\/vapestornado.com\/wp-content\/uploads\/2025\/09\/OKSO-3in1-70000-Puffs-Disposable-Vape-768x768.webp 768w, https:\/\/vapestornado.com\/wp-content\/uploads\/2025\/09\/OKSO-3in1-70000-Puffs-Disposable-Vape-12x12.webp 12w, https:\/\/vapestornado.com\/wp-content\/uploads\/2025\/09\/OKSO-3in1-70000-Puffs-Disposable-Vape-600x600.webp 600w, https:\/\/vapestornado.com\/wp-content\/uploads\/2025\/09\/OKSO-3in1-70000-Puffs-Disposable-Vape-100x100.webp 100w, https:\/\/vapestornado.com\/wp-content\/uploads\/2025\/09\/OKSO-3in1-70000-Puffs-Disposable-Vape.webp 800w\" sizes=\"(max-width: 300px) 100vw, 300px\" \/><figcaption id=\"caption-attachment-4365\" class=\"wp-caption-text\">OKSO 3 v 1 Jednorazov\u00fd vaporiz\u00e9r s 70000 pufmi<\/figcaption><\/figure>\n<h2 class=\"product-title\"><strong>Zoznam pr\u00edchut\u00ed OKSO 70000 Pufov<\/strong><\/h2>\n<p data-start=\"2550\" data-end=\"2736\">1. \u010cu\u010doriedka Malina\\Zmie\u0161an\u00e9 bobule\\Jablko Marhu\u013ea<br \/>\n2. Mel\u00f3n s \u013eadom\\P\u00e1n Modr\u00fd\\Zelen\u00fd hrozno Mel\u00f3n<br \/>\n3. Jahoda s \u013eadom\\D\u017e\u00fas z d\u017eungle\\Drak\u00f3nov mel\u00f3n<br \/>\n4. Hrozno s \u013eadom\\\u010cierna r\u00edbez\u013ea s \u013eadom\\Bobu\u013eov\u00fd d\u017eem<br \/>\n5. \u010cere\u0161\u0148a s \u013eadom\\Dve jablk\u00e1\\Jahoda Malina \u010cere\u0161\u0148a s \u013eadom<br \/>\n6. \u0160\u0165avnat\u00e1 brosky\u0148a\\\u010cere\u0161\u0148ov\u00e1 cola\\\u010cere\u0161\u0148ov\u00e9 m\u00e4kk\u00e9 cukr\u00edky<br \/>\n7. Jahodovo-kivi\\Mel\u00f3nov\u00e1 \u017euva\u010dka\\Trojit\u00fd mango \u013ead<br \/>\n8. Kivi, marhu\u013ea, guava\\Cola \u013ead\\Marhu\u013ea, mango \u013ead<br \/>\n9. Anan\u00e1s \u013ead\\Jahoda, mel\u00f3n\\Jahoda, hrozno<br \/>\n10. \u010cerstv\u00e1 m\u00e4ta\\Citr\u00f3n-limetka\\Mel\u00f3nov\u00fd mojito<\/p>\n<div class=\"flex-shrink-0 flex flex-col relative items-end\">\n<div class=\"pt-0\">\n<div class=\"gizmo-bot-avatar flex h-8 w-8 items-center justify-center overflow-hidden rounded-full\">\n<div class=\"relative p-1 rounded-sm flex items-center justify-center bg-token-main-surface-primary text-token-text-primary h-8 w-8\">\n<h2 data-start=\"1200\" data-end=\"1487\">Vapes Tornado \u2013 V\u00e1\u0161 ve\u013ekoobchodn\u00fd online vape obchod pre popredn\u00e9 eur\u00f3pske zna\u010dky vape<\/h2>\n<p data-start=\"1200\" data-end=\"1487\"><strong data-start=\"213\" data-end=\"248\">Online obchod s dymom Vapes Tornado<\/strong> Vapes Tornado \u2013 Va\u0161e ve\u013ekoobchodn\u00e9 centrum pre popredn\u00e9 eur\u00f3pske zna\u010dky vape<strong data-start=\"403\" data-end=\"431\">\u00a0popul\u00e1rnymi zna\u010dkami vapov<\/strong>, vr\u00e1tane <strong data-start=\"443\" data-end=\"502\"><a href=\"https:\/\/vapestornado.com\/sk\/product-category\/elf-bar-vape\/\">ELF BAR VAPE<\/a>, Vapme VAPE, <a href=\"https:\/\/vapestornado.com\/sk\/product\/vozol-gear-power-20k-20000-puffs-vape-rechargeable-disposable-box-bulk-buy-cheap-price\/\">VOZOL VAPE<\/a><\/strong><strong data-start=\"443\" data-end=\"502\">a <a href=\"https:\/\/vapestornado.com\/sk\/product-category\/bang-vape\/\">Bang Vape<\/a><\/strong>. N\u00e1\u0161 obchod je vytvoren\u00fd tak, aby sl\u00fa\u017eil individu\u00e1lnym z\u00e1kazn\u00edkom aj ve\u013ekoobchodn\u00fdm kupuj\u00facim a poskytoval spo\u013eahliv\u00e9 produkty, ktor\u00e9 kombinuj\u00fa siln\u00fd v\u00fdkon, \u0161t\u00fdlov\u00fd dizajn a konkurencieschopn\u00e9 ceny.<\/p>\n<h2 data-start=\"2064\" data-end=\"2115\">\u010casto kladen\u00e9 ot\u00e1zky o OKSO 70000 Puff Jednorazovom vaporiz\u00e9ri<\/h2>\n<p data-start=\"1275\" data-end=\"1451\"><strong data-start=\"1275\" data-end=\"1351\">Q1: Ko\u013eko potiahnut\u00ed poskytuje OKSO 70000 Puff Jednorazov\u00fd vaporiz\u00e9r?<\/strong><br data-start=\"1351\" data-end=\"1354\" \/>A1: A\u017e <strong data-start=\"1364\" data-end=\"1380\">70 000 potiahnut\u00ed<\/strong> v\u010faka jeho ve\u013ek\u00e9mu objemu e-liquidu 48 ml a efekt\u00edvnym sie\u0165ov\u00fdm cievkam.<\/p>\n<p data-start=\"1453\" data-end=\"1655\"><strong data-start=\"1453\" data-end=\"1528\">Q2: \u010co rob\u00ed OKSO 70k Puff odli\u0161n\u00fdm od in\u00fdch jednorazov\u00fdch vapov?<\/strong><br data-start=\"1528\" data-end=\"1531\" \/>Odpove\u010f 2: M\u00e1 funkciu <strong data-start=\"1549\" data-end=\"1573\">syst\u00e9mom trojchuti<\/strong> s nastavite\u013en\u00fdm pr\u00faden\u00edm vzduchu, \u010do v\u00e1m umo\u017e\u0148uje vychutna\u0165 si tri pr\u00e9miov\u00e9 pr\u00edchute v jednom zariaden\u00ed.<\/p>\n<p data-start=\"1657\" data-end=\"1813\"><strong data-start=\"1657\" data-end=\"1701\">Q3: Je OKSO 70000 Puff dob\u00edjate\u013en\u00fd?<\/strong><br data-start=\"1701\" data-end=\"1704\" \/>A3: \u00c1no, m\u00e1 <strong data-start=\"1722\" data-end=\"1760\">Nab\u00edjate\u013en\u00e1 bat\u00e9ria typu C s kapacitou 650 mAh<\/strong> s LED displejom zobrazuj\u00facim stav oleja a bat\u00e9rie.<\/p>\n<p data-start=\"1815\" data-end=\"1979\"><strong data-start=\"1815\" data-end=\"1893\">Q4: Ak\u00e9 koncentr\u00e1cie nikot\u00ednu s\u00fa dostupn\u00e9 pre OKSO 70k Jednorazov\u00fd vap?<\/strong><br data-start=\"1893\" data-end=\"1896\" \/>Odpove\u010f 4: Mo\u017enosti zah\u0155\u0148aj\u00fa <strong data-start=\"1916\" data-end=\"1946\">0%, 2%, 3% a 5% nikot\u00edn<\/strong> aby vyhovovali r\u00f4znym preferenci\u00e1m.<\/p>\n<p data-start=\"1981\" data-end=\"2177\"><strong data-start=\"1981\" data-end=\"2047\">Q5: Pre koho je ur\u010den\u00fd OKSO 70k Puff Jednorazov\u00fd vap Pod?<\/strong><br data-start=\"2047\" data-end=\"2050\" \/>A5: Je ide\u00e1lny pre <strong data-start=\"2069\" data-end=\"2119\">mu\u017esk\u00fdch spotrebite\u013eov vo veku 25\u201335 rokov na trhu na Slovensku<\/strong> ktor\u00ed chc\u00fa dlhodob\u00fd, pln\u00fd chuti z\u00e1\u017eitok z vapovania.<\/p>\n<\/div>\n<\/div>\n<\/div>\n<\/div>","protected":false},"excerpt":{"rendered":"<p data-start=\"2514\" data-end=\"2583\"><strong data-start=\"2514\" data-end=\"2581\">OKSO 70K Puff 3-v-1 Jednorazov\u00fd vaporiz\u00e9r \u2013 Ve\u013ek\u00e9 oblaky, V\u00e4\u010d\u0161ia chu\u0165<\/strong><\/p>\n<p data-start=\"2587\" data-end=\"2663\"><strong data-start=\"2587\" data-end=\"2661\">Ve\u013ekoobchod OKSO 70000 Puff Vape Pod \u2013 Trojchu\u0165, Nastavite\u013en\u00fd prietok vzduchu<\/strong><\/p>\n<p data-start=\"2667\" data-end=\"2739\"><strong data-start=\"2667\" data-end=\"2737\">OKSO 70000 Jednorazov\u00fd vaporiz\u00e9r pod \u2013 Najlep\u0161\u00ed 70K Puff vaporiz\u00e9r 2025 na trhu E\u00da<\/strong><\/p>\n<p><strong>Pridajte si Amy na whatsapp, aby ste dostali spr\u00e1vnu odpove\u010f a z\u013eavnen\u00fa cenu!<\/strong><\/p>\n<p><img fetchpriority=\"high\" decoding=\"async\" class=\"size-full wp-image-2932\" src=\"https:\/\/vapestornado.com\/wp-content\/uploads\/2024\/12\/Vape-Wholesale.jpg\" alt=\"Ve\u013ekoobchod s vape\" width=\"229\" height=\"300\" \/><\/p>\n<h3><a href=\"https:\/\/wa.me\/8617776015835\"><span style=\"color: #ff0000;\"><strong>WhatsApp: +86 17776015835<\/strong><\/span><\/a><\/h3>","protected":false},"featured_media":4364,"comment_status":"open","ping_status":"closed","template":"","meta":{"_acf_changed":false,"_uag_custom_page_level_css":"","_lmt_disableupdate":"no","_lmt_disable":"","_monsterinsights_skip_tracking":false,"_monsterinsights_sitenote_active":false,"_monsterinsights_sitenote_note":"","_monsterinsights_sitenote_category":0,"site-sidebar-layout":"default","site-content-layout":"","ast-site-content-layout":"default","site-content-style":"default","site-sidebar-style":"default","ast-global-header-display":"","ast-banner-title-visibility":"","ast-main-header-display":"","ast-hfb-above-header-display":"","ast-hfb-below-header-display":"","ast-hfb-mobile-header-display":"","site-post-title":"","ast-breadcrumbs-content":"","ast-featured-img":"","footer-sml-layout":"","ast-disable-related-posts":"","theme-transparent-header-meta":"default","adv-header-id-meta":"","stick-header-meta":"","header-above-stick-meta":"","header-main-stick-meta":"","header-below-stick-meta":"","astra-migrate-meta-layouts":"set","ast-page-background-enabled":"default","ast-page-background-meta":{"desktop":{"background-color":"","background-image":"","background-repeat":"repeat","background-position":"center center","background-size":"auto","background-attachment":"scroll","background-type":"","background-media":"","overlay-type":"","overlay-color":"","overlay-opacity":"","overlay-gradient":""},"tablet":{"background-color":"","background-image":"","background-repeat":"repeat","background-position":"center center","background-size":"auto","background-attachment":"scroll","background-type":"","background-media":"","overlay-type":"","overlay-color":"","overlay-opacity":"","overlay-gradient":""},"mobile":{"background-color":"","background-image":"","background-repeat":"repeat","background-position":"center center","background-size":"auto","background-attachment":"scroll","background-type":"","background-media":"","overlay-type":"","overlay-color":"","overlay-opacity":"","overlay-gradient":""}},"ast-content-background-meta":{"desktop":{"background-color":"var(--ast-global-color-5)","background-image":"","background-repeat":"repeat","background-position":"center center","background-size":"auto","background-attachment":"scroll","background-type":"","background-media":"","overlay-type":"","overlay-color":"","overlay-opacity":"","overlay-gradient":""},"tablet":{"background-color":"var(--ast-global-color-5)","background-image":"","background-repeat":"repeat","background-position":"center center","background-size":"auto","background-attachment":"scroll","background-type":"","background-media":"","overlay-type":"","overlay-color":"","overlay-opacity":"","overlay-gradient":""},"mobile":{"background-color":"var(--ast-global-color-5)","background-image":"","background-repeat":"repeat","background-position":"center center","background-size":"auto","background-attachment":"scroll","background-type":"","background-media":"","overlay-type":"","overlay-color":"","overlay-opacity":"","overlay-gradient":""}},"_joinchat":[]},"product_brand":[],"product_cat":[149,153,156,158,142,143,144,146],"product_tag":[368,374,375,376],"class_list":{"0":"post-4369","1":"product","2":"type-product","3":"status-publish","4":"has-post-thumbnail","6":"product_cat-buy-disposable-vapes-in-austria","7":"product_cat-buy-disposable-vapes-in-italy","8":"product_cat-buy-disposable-vapes-in-poland","9":"product_cat-buy-disposable-vapes-in-spain","10":"product_cat-digital-box-disposable-vapes","11":"product_cat-dual-mesh-disposable-vapes","12":"product_cat-low-nicotine-disposable-vapes","13":"product_cat-rechargeable-disposable-vapes","14":"product_tag-disposable-vapor","15":"product_tag-okso-70000-puff","16":"product_tag-okso-70k-puff","17":"product_tag-okso-vape","18":"desktop-align-left","19":"tablet-align-left","20":"mobile-align-left","22":"first","23":"instock","24":"sale","25":"shipping-taxable","26":"purchasable","27":"product-type-simple"},"acf":[],"uagb_featured_image_src":{"full":["https:\/\/vapestornado.com\/wp-content\/uploads\/2025\/09\/OKSO-3-IN-1-70000-PUFF-Disposable-Vape-Wholesale-Price.webp",800,800,false],"thumbnail":["https:\/\/vapestornado.com\/wp-content\/uploads\/2025\/09\/OKSO-3-IN-1-70000-PUFF-Disposable-Vape-Wholesale-Price-150x150.webp",150,150,true],"medium":["https:\/\/vapestornado.com\/wp-content\/uploads\/2025\/09\/OKSO-3-IN-1-70000-PUFF-Disposable-Vape-Wholesale-Price-300x300.webp",300,300,true],"medium_large":["https:\/\/vapestornado.com\/wp-content\/uploads\/2025\/09\/OKSO-3-IN-1-70000-PUFF-Disposable-Vape-Wholesale-Price-768x768.webp",768,768,true],"large":["https:\/\/vapestornado.com\/wp-content\/uploads\/2025\/09\/OKSO-3-IN-1-70000-PUFF-Disposable-Vape-Wholesale-Price.webp",800,800,false],"1536x1536":["https:\/\/vapestornado.com\/wp-content\/uploads\/2025\/09\/OKSO-3-IN-1-70000-PUFF-Disposable-Vape-Wholesale-Price.webp",800,800,false],"2048x2048":["https:\/\/vapestornado.com\/wp-content\/uploads\/2025\/09\/OKSO-3-IN-1-70000-PUFF-Disposable-Vape-Wholesale-Price.webp",800,800,false],"trp-custom-language-flag":["https:\/\/vapestornado.com\/wp-content\/uploads\/2025\/09\/OKSO-3-IN-1-70000-PUFF-Disposable-Vape-Wholesale-Price-12x12.webp",12,12,true],"woocommerce_thumbnail":["https:\/\/vapestornado.com\/wp-content\/uploads\/2025\/09\/OKSO-3-IN-1-70000-PUFF-Disposable-Vape-Wholesale-Price-300x300.webp",300,300,true],"woocommerce_single":["https:\/\/vapestornado.com\/wp-content\/uploads\/2025\/09\/OKSO-3-IN-1-70000-PUFF-Disposable-Vape-Wholesale-Price-600x600.webp",600,600,true],"woocommerce_gallery_thumbnail":["https:\/\/vapestornado.com\/wp-content\/uploads\/2025\/09\/OKSO-3-IN-1-70000-PUFF-Disposable-Vape-Wholesale-Price-100x100.webp",100,100,true]},"uagb_author_info":{"display_name":"ESAMY","author_link":"https:\/\/vapestornado.com\/sk\/author\/"},"uagb_comment_info":1,"uagb_excerpt":"OKSO 70K Puff 3-in-1 Disposable Vape \u2013 Big Puffs, Bigger Flavor Wholesale OKSO 70000 Puff Vape Pod \u2013 Triple Flavor, Adjustable Airflow OKSO 70000 Disposable Vape Pod \u2013 Best 70K Puff Vape 2025 EU Market Add Amy's whatsapp to get right reply and discount price! WhatsApp: +86 17776015835","_links":{"self":[{"href":"https:\/\/vapestornado.com\/sk\/wp-json\/wp\/v2\/product\/4369","targetHints":{"allow":["GET"]}}],"collection":[{"href":"https:\/\/vapestornado.com\/sk\/wp-json\/wp\/v2\/product"}],"about":[{"href":"https:\/\/vapestornado.com\/sk\/wp-json\/wp\/v2\/types\/product"}],"replies":[{"embeddable":true,"href":"https:\/\/vapestornado.com\/sk\/wp-json\/wp\/v2\/comments?post=4369"}],"wp:featuredmedia":[{"embeddable":true,"href":"https:\/\/vapestornado.com\/sk\/wp-json\/wp\/v2\/media\/4364"}],"wp:attachment":[{"href":"https:\/\/vapestornado.com\/sk\/wp-json\/wp\/v2\/media?parent=4369"}],"wp:term":[{"taxonomy":"product_brand","embeddable":true,"href":"https:\/\/vapestornado.com\/sk\/wp-json\/wp\/v2\/product_brand?post=4369"},{"taxonomy":"product_cat","embeddable":true,"href":"https:\/\/vapestornado.com\/sk\/wp-json\/wp\/v2\/product_cat?post=4369"},{"taxonomy":"product_tag","embeddable":true,"href":"https:\/\/vapestornado.com\/sk\/wp-json\/wp\/v2\/product_tag?post=4369"}],"curies":[{"name":"wp","href":"https:\/\/api.w.org\/{rel}","templated":true}]}}