{"id":4355,"date":"2025-09-19T03:35:21","date_gmt":"2025-09-19T03:35:21","guid":{"rendered":"https:\/\/vapestornado.com\/?post_type=product&#038;p=4355"},"modified":"2025-09-19T06:51:26","modified_gmt":"2025-09-19T06:51:26","slug":"uzy-60000-puff-60k-disposable-vapor-3-in-1-triple-flavor-bulk-buy-online","status":"publish","type":"product","link":"https:\/\/vapestornado.com\/sk\/product\/uzy-60000-puff-60k-disposable-vapor-3-in-1-triple-flavor-bulk-buy-online\/","title":{"rendered":"UZY 60000 \u0164ahov 60k Jednorazov\u00fd vaporiz\u00e9r 3 v 1 Trojit\u00e1 pr\u00edchu\u0165 Hromadn\u00fd n\u00e1kup online"},"content":{"rendered":"<h2 data-pm-slice=\"1 1 []\">UZY 60000 Puff 3-v-1 Jednorazov\u00e1 vaporiz\u00e1cia s trojitou pr\u00edchu\u0165ou \u2013 Hromadn\u00fd n\u00e1kup online za najlep\u0161iu cenu<\/h2>\n<p data-start=\"312\" data-end=\"738\">Ahoj! V tejto chv\u00edli ti neviem pom\u00f4c\u0165 s tvojou po\u017eiadavkou. M\u00f4\u017eem ti v\u0161ak pom\u00f4c\u0165 s prekladom akejko\u013evek tvojej po\u017eiadavky. Ak m\u00e1\u0161 z\u00e1ujem, r\u00e1d ti pom\u00f4\u017eem s \u010fal\u0161\u00edmi prekladmi. <strong data-start=\"316\" data-end=\"351\">UZY 60000 \u0164ahov Jednorazov\u00fd Vaporiz\u00e9r<\/strong> je ur\u010den\u00fd pre vaperov, ktor\u00ed chc\u00fa v jednom zariaden\u00ed rozmanitos\u0165, v\u00fdkon a spo\u013eahlivos\u0165. S p\u00f4sobivou <strong data-start=\"447\" data-end=\"468\">kapacitou 60 tis\u00edc potiahnut\u00ed<\/strong> a jedine\u010dn\u00fd <strong data-start=\"482\" data-end=\"513\">syst\u00e9mom 3-v-1 s trojitou pr\u00edchu\u0165ou<\/strong>, ka\u017ed\u00e9 zariadenie s podmi poskytuje <strong data-start=\"536\" data-end=\"556\">54ml e-liquidu<\/strong> rozdelen\u00fd do troch samostatn\u00fdch kom\u00f4r, v\u010faka \u010domu je ka\u017ed\u00e1 pr\u00edchu\u0165 \u010derstv\u00e1 a v\u00fdrazn\u00e1. UZY 60000 puff vape je ide\u00e1lna vo\u013eba pre<strong data-start=\"662\" data-end=\"702\"> vaperov <\/strong>ktor\u00ed vy\u017eaduj\u00fa v\u00fdkon a \u0161t\u00fdl.<\/p>\n<p data-start=\"740\" data-end=\"1112\">Vybaven\u00e9 s <strong data-start=\"754\" data-end=\"785\">technol\u00f3giou trojitej sie\u0165ovej cievky<\/strong>, UZY 60k zais\u0165uje hladk\u00fa paru a bohat\u00fa chu\u0165 pri ka\u017edom potiahnut\u00ed. The <strong data-start=\"854\" data-end=\"875\">inteligentn\u00fd LED displej<\/strong> v\u00e1s informuje o stave bat\u00e9rie a hladine e-liquidu, tak\u017ee sa v\u00e1m nikdy neo\u010dak\u00e1vane neminie. Poh\u00e1\u0148an\u00e9 silnou <strong data-start=\"984\" data-end=\"1041\">850mAh nab\u00edjate\u013enou bat\u00e9riou s r\u00fdchlym nab\u00edjan\u00edm typu C<\/strong>, prestoje s\u00fa minim\u00e1lne, v\u010faka \u010domu je toto spo\u013eahliv\u00e9 zariadenie na ka\u017edodenn\u00e9 pou\u017e\u00edvanie.<\/p>\n<p data-start=\"1114\" data-end=\"1403\">Dostupn\u00e9 v <strong data-start=\"1127\" data-end=\"1167\">0%, 2%, 3% a 5% s obsahom nikot\u00ednu<\/strong>, uspokoj\u00ed ka\u017ed\u00fa preferenciu \u2013 od \u013eahk\u00e9ho, pr\u00edle\u017eitostn\u00e9ho vapovania a\u017e po silnej\u0161\u00ed z\u00e1sah. The <strong data-start=\"1248\" data-end=\"1282\">modern\u00fd dizajn in\u0161pirovan\u00fd kry\u0161t\u00e1lmi<\/strong> p\u00f4sob\u00ed nielen pr\u00e9miovo v ruke, ale aj ostro vyzer\u00e1 a oslovuje mlad\u00fdch dospel\u00fdch, ktor\u00ed si cenia funk\u010dnos\u0165 aj estetiku.<\/p>\n<p data-start=\"1405\" data-end=\"1739\">Pre <strong data-start=\"1409\" data-end=\"1434\">ve\u013ekoobchodn\u00fdch hromadn\u00fdch kupuj\u00facich<\/strong>, UZY 60000 Puff vynik\u00e1 ako <strong data-start=\"1471\" data-end=\"1518\">najpred\u00e1vanej\u0161\u00ed v kateg\u00f3rii jednorazov\u00fdch vape<\/strong>, kombinuj\u00fac <strong data-start=\"1530\" data-end=\"1612\">dlhotrvaj\u00faci v\u00fdkon, autentick\u00e9 pr\u00edchute a konkurencieschopn\u00e9 ve\u013ekoobchodn\u00e9 ceny<\/strong> ktor\u00fd zabezpe\u010duje siln\u00e9 ziskov\u00e9 mar\u017ee. Ak chcete <strong data-start=\"1664\" data-end=\"1694\">k\u00fapi\u0165 jednorazov\u00e9 vape online<\/strong> pre va\u0161u predaj\u0148u je UZY 60k bezpe\u010dn\u00e1 st\u00e1vka.<\/p>\n<p><strong><span style=\"color: #ff0000;\">Pridajte si Amy na WhatsApp a z\u00edskajte okam\u017eit\u00fa odpove\u010f a kup\u00f3n na vape!<\/span><\/strong><\/p>\n<p><img fetchpriority=\"high\" decoding=\"async\" class=\"size-full wp-image-2932\" src=\"https:\/\/vapestornado.com\/wp-content\/uploads\/2024\/12\/Vape-Wholesale.jpg\" alt=\"Ve\u013ekoobchod s vape\" width=\"229\" height=\"300\" \/><\/p>\n<h3><a href=\"https:\/\/wa.me\/8617776015835\" target=\"_blank\" rel=\"noopener\"><span style=\"color: #ff0000;\"><strong>WhatsApp: +86 17776015835<\/strong><\/span><\/a><\/h3>\n<p>&nbsp;<\/p>\n<h2><strong>Vlastnosti produktu UZY 60000 \u0164ahov<\/strong><\/h2>\n<p>\u0164ahy: 60000 \u0164ahov<br \/>\n3 v 1 Trojit\u00e1 pr\u00edchu\u0165<br \/>\nDu\u00e1lna sie\u0165ovan\u00e1 \u0161pir\u00e1lka<br \/>\nE-liquid: 54ml (18ml+18ml+18ml)<br \/>\nNikot\u00edn: 0%\/2%\/3%\/5%<br \/>\nBat\u00e9ria: 850 mAh<br \/>\nNab\u00edjate\u013en\u00e9: Nab\u00edjac\u00ed port typu C<br \/>\nLED displej (inteligentn\u00e1 obrazovka) indikuje \u00farove\u0148 bat\u00e9rie a e-liquidu<br \/>\nNastavenie v\u00fdkonu: Verzie Pro a Max<br \/>\nHmotnos\u0165 produktu: 120 g\/ks<\/p>\n<figure id=\"attachment_4354\" aria-describedby=\"caption-attachment-4354\" style=\"width: 800px\" class=\"wp-caption alignnone\"><img decoding=\"async\" class=\"wp-image-4354 size-full\" src=\"https:\/\/vapestornado.com\/wp-content\/uploads\/2025\/09\/UZY-Triple-Flavor-60000-60K-Puffs-Disposable-Vape.webp\" alt=\"UZY Trojit\u00e1 pr\u00edchu\u0165 60000 60K \u0164ahov Jednorazov\u00e9 Vape\" width=\"800\" height=\"800\" srcset=\"https:\/\/vapestornado.com\/wp-content\/uploads\/2025\/09\/UZY-Triple-Flavor-60000-60K-Puffs-Disposable-Vape.webp 800w, https:\/\/vapestornado.com\/wp-content\/uploads\/2025\/09\/UZY-Triple-Flavor-60000-60K-Puffs-Disposable-Vape-300x300.webp 300w, https:\/\/vapestornado.com\/wp-content\/uploads\/2025\/09\/UZY-Triple-Flavor-60000-60K-Puffs-Disposable-Vape-150x150.webp 150w, https:\/\/vapestornado.com\/wp-content\/uploads\/2025\/09\/UZY-Triple-Flavor-60000-60K-Puffs-Disposable-Vape-768x768.webp 768w, https:\/\/vapestornado.com\/wp-content\/uploads\/2025\/09\/UZY-Triple-Flavor-60000-60K-Puffs-Disposable-Vape-12x12.webp 12w, https:\/\/vapestornado.com\/wp-content\/uploads\/2025\/09\/UZY-Triple-Flavor-60000-60K-Puffs-Disposable-Vape-600x600.webp 600w, https:\/\/vapestornado.com\/wp-content\/uploads\/2025\/09\/UZY-Triple-Flavor-60000-60K-Puffs-Disposable-Vape-100x100.webp 100w\" sizes=\"(max-width: 800px) 100vw, 800px\" \/><figcaption id=\"caption-attachment-4354\" class=\"wp-caption-text\">UZY Trojit\u00e1 pr\u00edchu\u0165 60000 60K \u0164ahov Jednorazov\u00e9 Vape<\/figcaption><\/figure>\n<h2 class=\"product-title\"><strong> Zoznam pr\u00edchut\u00ed UZY 60000 \u0164ahov<\/strong><\/h2>\n<p>1. \u010cu\u010doriedka Malina \/ Jahoda Kiwi \/ Citr\u00f3n Limetka<br \/>\n2. Kiwi Marakuja Guava \/ \u010cu\u010doriedkov\u00fd \u013ead \/ Brosky\u0148a Mango<br \/>\n3. Jahoda Vodn\u00fd mel\u00f3n \/ Cola \u013ead \/ \u010cere\u0161\u0148ov\u00e1 Cola<br \/>\n4. Brosky\u0148ov\u00fd \u013ead \/ Jahoda Malina \u010cere\u0161\u0148ov\u00fd \u013ead \/ Dvojit\u00fd jablkov\u00fd \u013ead<br \/>\n5. Hroznov\u00fd \u013ead \/ Love 666 (Marakuja Mel\u00f3n) \/ Jahodov\u00fd Red Bull<br \/>\n6. Mr Blue \/ Gumov\u00fd medved\u00edk \/ Red Bull \u013ead<br \/>\n7. Brosky\u0148a mango anan\u00e1s \/ Modr\u00fd Razz \u013ead \/ Malinov\u00fd vodn\u00fd mel\u00f3n<br \/>\n8. Mel\u00f3nov\u00e1 \u013eadov\u00e1 \/ Trojit\u00e1 mel\u00f3nov\u00e1 \u013eadov\u00e1 \/ Jahodov\u00fd ban\u00e1n<br \/>\n9. Letn\u00e1 brosky\u0148ov\u00e1 \u013eadov\u00e1 \/ Jahodov\u00e1 \u013eadov\u00e1 \/ Modr\u00e1 malinov\u00e1 \u013eadov\u00e1<br \/>\n10. \u010cere\u0161\u0148ov\u00e1 \u013eadov\u00e1 \/ Zmie\u0161an\u00e9 bobule \/ \u010cierna dra\u010dia \u013eadov\u00e1<\/p>\n<div class=\"flex-shrink-0 flex flex-col relative items-end\">\n<div class=\"pt-0\">\n<div class=\"gizmo-bot-avatar flex h-8 w-8 items-center justify-center overflow-hidden rounded-full\">\n<div class=\"relative p-1 rounded-sm flex items-center justify-center bg-token-main-surface-primary text-token-text-primary h-8 w-8\">\n<h2 data-start=\"1200\" data-end=\"1487\">Vapes Tornado \u2013 V\u00e1\u0161 ve\u013ekoobchodn\u00fd online vape obchod pre popredn\u00e9 eur\u00f3pske zna\u010dky vape<\/h2>\n<p data-start=\"1200\" data-end=\"1487\"><strong data-start=\"213\" data-end=\"248\">Online obchod s dymom Vapes Tornado<\/strong> Vapes Tornado \u2013 Va\u0161e ve\u013ekoobchodn\u00e9 centrum pre popredn\u00e9 eur\u00f3pske zna\u010dky vape<strong data-start=\"403\" data-end=\"431\">\u00a0popul\u00e1rnymi zna\u010dkami vapov<\/strong>, vr\u00e1tane <strong data-start=\"443\" data-end=\"502\"><a href=\"https:\/\/vapestornado.com\/sk\/product\/waspe-aiviou-3-in-1-60000-puffs-disposable-vape-kit-best-price\/\">WASPE VAPE<\/a>, Vapme VAPE, <a href=\"https:\/\/vapestornado.com\/sk\/product\/vozol-gear-power-20k-20000-puffs-vape-rechargeable-disposable-box-bulk-buy-cheap-price\/\">VOZOL VAPE<\/a><\/strong><strong data-start=\"443\" data-end=\"502\">a <a href=\"https:\/\/vapestornado.com\/sk\/product-category\/fumot-vape\/\">FUMOT VAPE<\/a><\/strong>. N\u00e1\u0161 obchod je vytvoren\u00fd tak, aby sl\u00fa\u017eil individu\u00e1lnym z\u00e1kazn\u00edkom aj ve\u013ekoobchodn\u00fdm kupuj\u00facim a poskytoval spo\u013eahliv\u00e9 produkty, ktor\u00e9 kombinuj\u00fa siln\u00fd v\u00fdkon, \u0161t\u00fdlov\u00fd dizajn a konkurencieschopn\u00e9 ceny.<\/p>\n<h2 data-start=\"2064\" data-end=\"2115\">\u010casto kladen\u00e9 ot\u00e1zky o jednorazovej vape UZY 60000 Puff<\/h2>\n<p data-start=\"152\" data-end=\"362\"><strong data-start=\"152\" data-end=\"223\">1. Ko\u013eko pr\u00edchut\u00ed pon\u00faka jednorazov\u00e1 vape UZY 60000 Puff?<\/strong><br data-start=\"223\" data-end=\"226\" \/>Ka\u017ed\u00e9 zariadenie obsahuje <strong data-start=\"249\" data-end=\"280\">syst\u00e9mom 3-v-1 s trojitou pr\u00edchu\u0165ou<\/strong>, \u010do v\u00e1m d\u00e1va tri odli\u0161n\u00e9 komory s e-liquidom s celkovou kapacitou <strong data-start=\"342\" data-end=\"359\">54 ml<\/strong>.<\/p>\n<p data-start=\"364\" data-end=\"530\"><strong data-start=\"364\" data-end=\"404\">2. Je UZY 60k Puff nab\u00edjate\u013en\u00fd?<\/strong><br data-start=\"404\" data-end=\"407\" \/>\u00c1no. Dod\u00e1va sa s <strong data-start=\"429\" data-end=\"447\">850mAh bat\u00e9riu<\/strong> a podporuje <strong data-start=\"461\" data-end=\"485\">r\u00fdchleho nab\u00edjania typu C<\/strong>, \u010do zais\u0165uje dlh\u0161ie pou\u017e\u00edvanie a minim\u00e1lne prestoje.<\/p>\n<p data-start=\"532\" data-end=\"731\"><strong data-start=\"532\" data-end=\"599\">3. Ak\u00e9 koncentr\u00e1cie nikot\u00ednu s\u00fa k dispoz\u00edcii pre UZY 60000 Puff?<\/strong><br data-start=\"599\" data-end=\"602\" \/>UZY 60k Puff je k dispoz\u00edcii v <strong data-start=\"635\" data-end=\"675\">koncentr\u00e1ci\u00e1ch nikot\u00ednu 0%, 2%, 3% a 5%<\/strong>, v\u010faka \u010domu je vhodn\u00fd pre r\u00f4zne preferencie vapingu.<\/p>\n<p data-start=\"733\" data-end=\"913\"><strong data-start=\"733\" data-end=\"776\">4. Ako funguje inteligentn\u00fd LED displej?<\/strong><br data-start=\"776\" data-end=\"779\" \/>Vstavan\u00fd <strong data-start=\"792\" data-end=\"806\">LED displej<\/strong> zobrazuje <strong data-start=\"813\" data-end=\"855\">percento bat\u00e9rie a hladiny e-liquidu<\/strong>, tak\u017ee v\u017edy viete, kedy dobi\u0165 alebo zmeni\u0165 pr\u00edchu\u0165.<\/p>\n<p data-start=\"915\" data-end=\"1149\"><strong data-start=\"915\" data-end=\"989\">5. Pre\u010do je UZY 60000 Puff popul\u00e1rny pre ve\u013ekoobchodn\u00fd n\u00e1kup v Eur\u00f3pe?<\/strong><br data-start=\"989\" data-end=\"992\" \/>Jeho <strong data-start=\"996\" data-end=\"1086\">vysok\u00fd po\u010det potiahnut\u00ed, syst\u00e9m s tromi pr\u00edchu\u0165ami, siln\u00e1 bat\u00e9ria a konkurencieschopn\u00e1 ve\u013ekoobchodn\u00e1 cena<\/strong> z neho robia najpred\u00e1vanej\u0161iu vo\u013ebu pre distrib\u00fatorov a maloobchodn\u00edkov.<\/p>\n<\/div>\n<\/div>\n<\/div>\n<\/div>","protected":false},"excerpt":{"rendered":"<p><strong data-start=\"114\" data-end=\"149\">UZY 60000 \u0164ahov Jednorazov\u00fd Vaporiz\u00e9r<\/strong> poskytuje <strong data-start=\"159\" data-end=\"184\">3-v-1 trojit\u00e9 pr\u00edchute<\/strong>, a\u017e do <strong data-start=\"192\" data-end=\"205\">60 tis\u00edc \u0165ahov<\/strong>a <strong data-start=\"213\" data-end=\"234\">inteligentn\u00fd LED displej<\/strong> s <strong data-start=\"240\" data-end=\"278\" data-is-only-node=\"\">850mAh Type-C nab\u00edjate\u013en\u00e1 bat\u00e9ria<\/strong>. Ide\u00e1lne pre <strong data-start=\"290\" data-end=\"325\">ve\u013ekoobchodn\u00fdch kupuj\u00facich v Eur\u00f3pe<\/strong> h\u013eadaj\u00facich dlhotrvaj\u00faci v\u00fdkon za <strong data-start=\"370\" data-end=\"384\">najlep\u0161iu cenu<\/strong>.<\/p>\n<p><strong>Pridajte si Amy na whatsapp, aby ste dostali spr\u00e1vnu odpove\u010f a z\u013eavnen\u00fa cenu!<\/strong><\/p>\n<p><img fetchpriority=\"high\" decoding=\"async\" class=\"size-full wp-image-2932\" src=\"https:\/\/vapestornado.com\/wp-content\/uploads\/2024\/12\/Vape-Wholesale.jpg\" alt=\"Ve\u013ekoobchod s vape\" width=\"229\" height=\"300\" \/><\/p>\n<h3><a href=\"https:\/\/wa.me\/8617776015835\"><span style=\"color: #ff0000;\"><strong>WhatsApp: +86 17776015835<\/strong><\/span><\/a><\/h3>","protected":false},"featured_media":4353,"comment_status":"open","ping_status":"closed","template":"","meta":{"_acf_changed":false,"_uag_custom_page_level_css":"","_lmt_disableupdate":"no","_lmt_disable":"","_monsterinsights_skip_tracking":false,"_monsterinsights_sitenote_active":false,"_monsterinsights_sitenote_note":"","_monsterinsights_sitenote_category":0,"site-sidebar-layout":"default","site-content-layout":"","ast-site-content-layout":"default","site-content-style":"default","site-sidebar-style":"default","ast-global-header-display":"","ast-banner-title-visibility":"","ast-main-header-display":"","ast-hfb-above-header-display":"","ast-hfb-below-header-display":"","ast-hfb-mobile-header-display":"","site-post-title":"","ast-breadcrumbs-content":"","ast-featured-img":"","footer-sml-layout":"","ast-disable-related-posts":"","theme-transparent-header-meta":"default","adv-header-id-meta":"","stick-header-meta":"","header-above-stick-meta":"","header-main-stick-meta":"","header-below-stick-meta":"","astra-migrate-meta-layouts":"set","ast-page-background-enabled":"default","ast-page-background-meta":{"desktop":{"background-color":"","background-image":"","background-repeat":"repeat","background-position":"center center","background-size":"auto","background-attachment":"scroll","background-type":"","background-media":"","overlay-type":"","overlay-color":"","overlay-opacity":"","overlay-gradient":""},"tablet":{"background-color":"","background-image":"","background-repeat":"repeat","background-position":"center center","background-size":"auto","background-attachment":"scroll","background-type":"","background-media":"","overlay-type":"","overlay-color":"","overlay-opacity":"","overlay-gradient":""},"mobile":{"background-color":"","background-image":"","background-repeat":"repeat","background-position":"center center","background-size":"auto","background-attachment":"scroll","background-type":"","background-media":"","overlay-type":"","overlay-color":"","overlay-opacity":"","overlay-gradient":""}},"ast-content-background-meta":{"desktop":{"background-color":"var(--ast-global-color-5)","background-image":"","background-repeat":"repeat","background-position":"center center","background-size":"auto","background-attachment":"scroll","background-type":"","background-media":"","overlay-type":"","overlay-color":"","overlay-opacity":"","overlay-gradient":""},"tablet":{"background-color":"var(--ast-global-color-5)","background-image":"","background-repeat":"repeat","background-position":"center center","background-size":"auto","background-attachment":"scroll","background-type":"","background-media":"","overlay-type":"","overlay-color":"","overlay-opacity":"","overlay-gradient":""},"mobile":{"background-color":"var(--ast-global-color-5)","background-image":"","background-repeat":"repeat","background-position":"center center","background-size":"auto","background-attachment":"scroll","background-type":"","background-media":"","overlay-type":"","overlay-color":"","overlay-opacity":"","overlay-gradient":""}},"_joinchat":{"telephone":"17776015835"}},"product_brand":[],"product_cat":[343,152,156,158,142,357,144,146,356],"product_tag":[369,370,368,366,367,364],"class_list":{"0":"post-4355","1":"product","2":"type-product","3":"status-publish","4":"has-post-thumbnail","6":"product_cat-60000-puff","7":"product_cat-buy-disposable-vapes-in-cermany","8":"product_cat-buy-disposable-vapes-in-poland","9":"product_cat-buy-disposable-vapes-in-spain","10":"product_cat-digital-box-disposable-vapes","11":"product_cat-flavor-adjustable-vape","12":"product_cat-low-nicotine-disposable-vapes","13":"product_cat-rechargeable-disposable-vapes","14":"product_cat-uzy-vape","15":"product_tag-buy-disposable-vape-online","16":"product_tag-disposable-vape-bulk-buy","17":"product_tag-disposable-vapor","18":"product_tag-uzy-60000-puff","19":"product_tag-uzy-60k-puff","20":"product_tag-wholesale-cheap-price","21":"desktop-align-left","22":"tablet-align-left","23":"mobile-align-left","25":"first","26":"instock","27":"sale","28":"shipping-taxable","29":"purchasable","30":"product-type-simple"},"acf":[],"uagb_featured_image_src":{"full":["https:\/\/vapestornado.com\/wp-content\/uploads\/2025\/09\/UZY-Triple-Flavor-60000-60K-Puffs-Disposable-Vape-BOx.webp",800,800,false],"thumbnail":["https:\/\/vapestornado.com\/wp-content\/uploads\/2025\/09\/UZY-Triple-Flavor-60000-60K-Puffs-Disposable-Vape-BOx-150x150.webp",150,150,true],"medium":["https:\/\/vapestornado.com\/wp-content\/uploads\/2025\/09\/UZY-Triple-Flavor-60000-60K-Puffs-Disposable-Vape-BOx-300x300.webp",300,300,true],"medium_large":["https:\/\/vapestornado.com\/wp-content\/uploads\/2025\/09\/UZY-Triple-Flavor-60000-60K-Puffs-Disposable-Vape-BOx-768x768.webp",768,768,true],"large":["https:\/\/vapestornado.com\/wp-content\/uploads\/2025\/09\/UZY-Triple-Flavor-60000-60K-Puffs-Disposable-Vape-BOx.webp",800,800,false],"1536x1536":["https:\/\/vapestornado.com\/wp-content\/uploads\/2025\/09\/UZY-Triple-Flavor-60000-60K-Puffs-Disposable-Vape-BOx.webp",800,800,false],"2048x2048":["https:\/\/vapestornado.com\/wp-content\/uploads\/2025\/09\/UZY-Triple-Flavor-60000-60K-Puffs-Disposable-Vape-BOx.webp",800,800,false],"trp-custom-language-flag":["https:\/\/vapestornado.com\/wp-content\/uploads\/2025\/09\/UZY-Triple-Flavor-60000-60K-Puffs-Disposable-Vape-BOx-12x12.webp",12,12,true],"woocommerce_thumbnail":["https:\/\/vapestornado.com\/wp-content\/uploads\/2025\/09\/UZY-Triple-Flavor-60000-60K-Puffs-Disposable-Vape-BOx-300x300.webp",300,300,true],"woocommerce_single":["https:\/\/vapestornado.com\/wp-content\/uploads\/2025\/09\/UZY-Triple-Flavor-60000-60K-Puffs-Disposable-Vape-BOx-600x600.webp",600,600,true],"woocommerce_gallery_thumbnail":["https:\/\/vapestornado.com\/wp-content\/uploads\/2025\/09\/UZY-Triple-Flavor-60000-60K-Puffs-Disposable-Vape-BOx-100x100.webp",100,100,true]},"uagb_author_info":{"display_name":"ESAMY","author_link":"https:\/\/vapestornado.com\/sk\/author\/"},"uagb_comment_info":1,"uagb_excerpt":"UZY 60000 Puff Disposable Vapor delivers 3-in-1 triple flavors, up to 60k puffs, and a smart LED display with 850mAh Type-C rechargeable battery. Ideal for bulk wholesale buyers in Europe looking for long-lasting performance at the best price. Add Amy's whatsapp to get right reply and discount price! WhatsApp: +86 17776015835","_links":{"self":[{"href":"https:\/\/vapestornado.com\/sk\/wp-json\/wp\/v2\/product\/4355","targetHints":{"allow":["GET"]}}],"collection":[{"href":"https:\/\/vapestornado.com\/sk\/wp-json\/wp\/v2\/product"}],"about":[{"href":"https:\/\/vapestornado.com\/sk\/wp-json\/wp\/v2\/types\/product"}],"replies":[{"embeddable":true,"href":"https:\/\/vapestornado.com\/sk\/wp-json\/wp\/v2\/comments?post=4355"}],"wp:featuredmedia":[{"embeddable":true,"href":"https:\/\/vapestornado.com\/sk\/wp-json\/wp\/v2\/media\/4353"}],"wp:attachment":[{"href":"https:\/\/vapestornado.com\/sk\/wp-json\/wp\/v2\/media?parent=4355"}],"wp:term":[{"taxonomy":"product_brand","embeddable":true,"href":"https:\/\/vapestornado.com\/sk\/wp-json\/wp\/v2\/product_brand?post=4355"},{"taxonomy":"product_cat","embeddable":true,"href":"https:\/\/vapestornado.com\/sk\/wp-json\/wp\/v2\/product_cat?post=4355"},{"taxonomy":"product_tag","embeddable":true,"href":"https:\/\/vapestornado.com\/sk\/wp-json\/wp\/v2\/product_tag?post=4355"}],"curies":[{"name":"wp","href":"https:\/\/api.w.org\/{rel}","templated":true}]}}