{"id":4348,"date":"2025-09-17T08:20:08","date_gmt":"2025-09-17T08:20:08","guid":{"rendered":"https:\/\/vapestornado.com\/?post_type=product&#038;p=4348"},"modified":"2025-09-17T08:44:49","modified_gmt":"2025-09-17T08:44:49","slug":"original-vozol-star-40000-puff-40k-best-disposable-vape-2025-wholesale-cheap-price","status":"publish","type":"product","link":"https:\/\/vapestornado.com\/sk\/product\/original-vozol-star-40000-puff-40k-best-disposable-vape-2025-wholesale-cheap-price\/","title":{"rendered":"Origin\u00e1lny Vozol Star 40000 \u0164ahov 40k Najlep\u0161ia Jednorazov\u00e1 Vape 2025 Ve\u013ekoobchodn\u00e1 N\u00edzka Cena"},"content":{"rendered":"<h2 data-pm-slice=\"1 1 []\">Vozol Star 40000 Jednorazov\u00e1 Vape \u2013 Ve\u013ekoobchodn\u00e1 Najlep\u0161ia Cena 2025<\/h2>\n<p data-start=\"292\" data-end=\"656\">Ahoj! V tejto chv\u00edli ti neviem pom\u00f4c\u0165 s tvojou po\u017eiadavkou. M\u00f4\u017eem ti v\u0161ak pom\u00f4c\u0165 s prekladom akejko\u013evek tvojej po\u017eiadavky. Ak m\u00e1\u0161 z\u00e1ujem, r\u00e1d ti pom\u00f4\u017eem s \u010fal\u0161\u00edmi prekladmi. <strong data-start=\"296\" data-end=\"349\">Vozol Star 40000 \u0164ahov (Vozol Star 40K Jednorazov\u00e1 Vape)<\/strong> stanovuje nov\u00fd \u0161tandard v oblasti jednorazov\u00fdch zariaden\u00ed s dlhou \u017eivotnos\u0165ou. Poskytuje a\u017e <strong data-start=\"424\" data-end=\"440\">40 000 \u0165ahov<\/strong>, je ur\u010den\u00fd pre pou\u017e\u00edvate\u013eov, ktor\u00ed chc\u00fa v\u00fdkon, rozmanitos\u0165 a hodnotu v jednom kompaktnom dizajne. Poh\u00e1\u0148an\u00fd <strong data-start=\"534\" data-end=\"592\">1000mAh nab\u00edjate\u013enou bat\u00e9riou s r\u00fdchlym nab\u00edjan\u00edm typu C<\/strong>, Star 40K je ide\u00e1lny pre t\u00fd\u017edne konzistentn\u00e9ho v\u00fdkonu.<\/p>\n<p data-start=\"658\" data-end=\"996\">Navrhnut\u00e9 s <strong data-start=\"674\" data-end=\"693\">dvojit\u00fdmi mesh \u0161pir\u00e1lkami<\/strong> a <strong data-start=\"700\" data-end=\"739\">syst\u00e9mom du\u00e1lneho re\u017eimu (Eco<\/strong>, ka\u017ed\u00fd \u0165ah je hladk\u00fd, chutn\u00fd a prisp\u00f4sobite\u013en\u00fd v\u00e1\u0161mu \u0161t\u00fdlu \u2013 \u010di u\u017e si u\u017e\u00edvate tesnej\u0161ie MTL \u0165ahy alebo vzdu\u0161n\u00e9 DL z\u00e1sahy. The <strong data-start=\"862\" data-end=\"884\">nastavite\u013en\u00fd prietok vzduchu<\/strong> prid\u00e1va \u010fal\u0161iu kontrolu a d\u00e1va slovensk\u00fdm vaperom presne to, \u010do o\u010dak\u00e1vaj\u00fa od <strong data-start=\"964\" data-end=\"993\">najlep\u0161ia jednorazov\u00e1 e-cigareta 2025<\/strong>.<\/p>\n<p data-start=\"998\" data-end=\"1352\">Vozol Star 40K sa dod\u00e1va v <strong data-start=\"1026\" data-end=\"1048\">25 pr\u00e9miov\u00fdch pr\u00edchutiach<\/strong>, od <strong data-start=\"1055\" data-end=\"1079\">\u013eadov\u00fdch mentolov\u00fdch klas\u00edk<\/strong> to <strong data-start=\"1083\" data-end=\"1099\">ovocn\u00fdch zmes\u00ed<\/strong> ako Strawberry Kiwi, Mango Peach a Blue Razz Ice. V kombin\u00e1cii s <strong data-start=\"1170\" data-end=\"1190\">kon\u0161trukciou odolnou vo\u010di \u00faniku<\/strong> a <strong data-start=\"1195\" data-end=\"1219\">elegantn\u00fdm kri\u0161t\u00e1\u013eov\u00fdm povrchom<\/strong>, toto zariadenie je nielen odoln\u00e9, ale aj \u0161t\u00fdlov\u00e9, v\u010faka \u010domu je ve\u013emi atrakt\u00edvne pre ve\u013ekoobchodn\u00fdch kupuj\u00facich zameran\u00fdch na trhy mlad\u00fdch dospel\u00fdch.<\/p>\n<p data-start=\"1354\" data-end=\"1631\">Pre distrib\u00fatorov je <strong data-start=\"1376\" data-end=\"1396\">Vozol Star 40000<\/strong> puff pon\u00faka siln\u00e9 predajn\u00e9 mar\u017ee, vysok\u00fd dopyt spotrebite\u013eov a d\u00f4veryhodnos\u0165 poprednej zna\u010dky v Eur\u00f3pe. V\u010faka tomu je to zariadenie, ktor\u00e9 mus\u00ed ma\u0165 ka\u017ed\u00fd predajca vape, ktor\u00fd h\u013ead\u00e1 <strong data-start=\"1569\" data-end=\"1600\">ve\u013ekoobchodn\u00e9 lacn\u00e9 ponuky<\/strong> bez obetovania kvality.<\/p>\n<p><strong><span style=\"color: #ff0000;\">Pridajte si Amy na WhatsApp a z\u00edskajte okam\u017eit\u00fa odpove\u010f a kup\u00f3n na vape!<\/span><\/strong><\/p>\n<p><img fetchpriority=\"high\" decoding=\"async\" class=\"size-full wp-image-2932\" src=\"https:\/\/vapestornado.com\/wp-content\/uploads\/2024\/12\/Vape-Wholesale.jpg\" alt=\"Ve\u013ekoobchod s vape\" width=\"229\" height=\"300\" \/><\/p>\n<h3><a href=\"https:\/\/wa.me\/8617776015835\" target=\"_blank\" rel=\"noopener\"><span style=\"color: #ff0000;\"><strong>WhatsApp: +86 17776015835<\/strong><\/span><\/a><\/h3>\n<p>&nbsp;<\/p>\n<h2><strong>Vozol Star 40000 Puff Vlastnosti produktu<\/strong><\/h2>\n<ul data-start=\"1659\" data-end=\"2057\">\n<li data-start=\"1659\" data-end=\"1707\">\n<p data-start=\"1661\" data-end=\"1707\"><strong data-start=\"1661\" data-end=\"1677\">40 000 \u0165ahov<\/strong> na zariadenie pre dlhodob\u00e9 pou\u017e\u00edvanie<\/p>\n<\/li>\n<li data-start=\"1708\" data-end=\"1773\">\n<p data-start=\"1710\" data-end=\"1773\"><strong data-start=\"1710\" data-end=\"1730\">Syst\u00e9m du\u00e1lneho re\u017eimu<\/strong> (Eco\/Power) pre prisp\u00f4sobite\u013en\u00fd v\u00fdkon<\/p>\n<\/li>\n<li data-start=\"1774\" data-end=\"1831\">\n<p data-start=\"1776\" data-end=\"1831\"><strong data-start=\"1776\" data-end=\"1795\">Du\u00e1lne mesh \u0161pir\u00e1lky<\/strong> pre v\u00fdrazn\u00fa chu\u0165 a hustotu pary<\/p>\n<\/li>\n<li data-start=\"1832\" data-end=\"1894\">\n<p data-start=\"1834\" data-end=\"1894\"><strong data-start=\"1834\" data-end=\"1866\">1000mAh dob\u00edjacia bat\u00e9ria<\/strong> s r\u00fdchlym nab\u00edjan\u00edm typu C<\/p>\n<\/li>\n<li data-start=\"1895\" data-end=\"1953\">\n<p data-start=\"1897\" data-end=\"1953\"><strong data-start=\"1897\" data-end=\"1918\">24 chu\u0165ov\u00fdch variantov<\/strong> navrhnut\u00e9 pre eur\u00f3psky trh<\/p>\n<\/li>\n<li data-start=\"1954\" data-end=\"2005\">\n<p data-start=\"1956\" data-end=\"2005\"><strong data-start=\"1956\" data-end=\"1978\">Nastavite\u013en\u00fd prietok vzduchu<\/strong> pre MTL<\/p>\n<\/li>\n<li data-start=\"2006\" data-end=\"2057\">\n<p data-start=\"2008\" data-end=\"2057\"><strong data-start=\"2008\" data-end=\"2029\">Dizajn odoln\u00fd vo\u010di \u00faniku<\/strong> so \u0161t\u00fdlov\u00fdm kri\u0161t\u00e1\u013eov\u00fdm telom<\/p>\n<\/li>\n<\/ul>\n<h2 class=\"product-title\"><strong>\u00a0Zoznam pr\u00edchut\u00ed Vozol Star 40000 Puff<\/strong><\/h2>\n<p>1. Modr\u00fd Razz Ice<br \/>\n2. \u010cu\u010doriedkov\u00fd \u013ead<br \/>\n3. \u010cu\u010doriedkov\u00e1 m\u00e4ta<br \/>\n4. \u010cu\u010doriedkov\u00fd mel\u00f3n<br \/>\n5. \u010cerimoja, grapefruit, bobu\u013eov\u00e9 ovocie<br \/>\n6. \u010cere\u0161\u0148ov\u00e1 Cola<br \/>\n7. Chladn\u00e1 m\u00e4ta<br \/>\n8. Hroznov\u00fd \u013ead<br \/>\n9. Mango Ice<br \/>\n10. Mango Brosky\u0148a<br \/>\n11. Mel\u00f3nov\u00e1 \u017duva\u010dka<br \/>\n12. Mel\u00f3nov\u00fd \u013dad<br \/>\n13. Brosky\u0148ov\u00fd \u013dad<br \/>\n14. Kysl\u00e9 Jablko s \u013dadom<br \/>\n15. Jahodov\u00fd \u013dad<br \/>\n16. Jahoda Kiwi<br \/>\n17. Jahoda Vodn\u00fd Mel\u00f3n<br \/>\n18. Jahodo-Mel\u00f3n-Brosky\u0148a<br \/>\n20. Vzbull<br \/>\n21. Mel\u00f3nov\u00e1 \u017euva\u010dka<br \/>\n22. Mel\u00f3nov\u00e9 hrozno Boysenberry<br \/>\n23. Mel\u00f3nov\u00fd \u013ead<br \/>\n24. Mel\u00f3nov\u00e1 kysl\u00e1 brosky\u0148a<br \/>\n25. Biela brosky\u0148a malina<\/p>\n<figure id=\"attachment_4346\" aria-describedby=\"caption-attachment-4346\" style=\"width: 300px\" class=\"wp-caption alignnone\"><img decoding=\"async\" class=\"size-medium wp-image-4346\" src=\"https:\/\/vapestornado.com\/wp-content\/uploads\/2025\/09\/VOZOL-STAR-40K-Puffs-Vozol-Vapes-300x177.webp\" alt=\"VOZOL STAR 40K \u0164ahov Vozol Vapes Hor\u00faci predaj pr\u00edchut\u00ed\" width=\"300\" height=\"177\" srcset=\"https:\/\/vapestornado.com\/wp-content\/uploads\/2025\/09\/VOZOL-STAR-40K-Puffs-Vozol-Vapes-300x177.webp 300w, https:\/\/vapestornado.com\/wp-content\/uploads\/2025\/09\/VOZOL-STAR-40K-Puffs-Vozol-Vapes-768x454.webp 768w, https:\/\/vapestornado.com\/wp-content\/uploads\/2025\/09\/VOZOL-STAR-40K-Puffs-Vozol-Vapes-18x12.webp 18w, https:\/\/vapestornado.com\/wp-content\/uploads\/2025\/09\/VOZOL-STAR-40K-Puffs-Vozol-Vapes-600x355.webp 600w, https:\/\/vapestornado.com\/wp-content\/uploads\/2025\/09\/VOZOL-STAR-40K-Puffs-Vozol-Vapes.webp 800w\" sizes=\"(max-width: 300px) 100vw, 300px\" \/><figcaption id=\"caption-attachment-4346\" class=\"wp-caption-text\">VOZOL STAR 40K \u0164ahov Vozol Vapes Hor\u00faci predaj pr\u00edchut\u00ed<\/figcaption><\/figure>\n<div class=\"flex-shrink-0 flex flex-col relative items-end\">\n<div class=\"pt-0\">\n<div class=\"gizmo-bot-avatar flex h-8 w-8 items-center justify-center overflow-hidden rounded-full\">\n<div class=\"relative p-1 rounded-sm flex items-center justify-center bg-token-main-surface-primary text-token-text-primary h-8 w-8\">\n<h2 data-start=\"1200\" data-end=\"1487\">Vapes Tornado \u2013 V\u00e1\u0161 ve\u013ekoobchodn\u00fd online vape obchod pre popredn\u00e9 eur\u00f3pske zna\u010dky vape<\/h2>\n<p data-start=\"1200\" data-end=\"1487\"><strong data-start=\"213\" data-end=\"248\">poskytuje vynikaj\u00facu hodnotu, \u010do z neho rob\u00ed spo\u013eahliv\u00fa vo\u013ebu pre maloobchodn\u00edkov zameran\u00fdch na vekov\u00fa skupinu 25 \u2013 35 rokov.<\/strong> Vapes Tornado \u2013 Va\u0161e ve\u013ekoobchodn\u00e9 centrum pre popredn\u00e9 eur\u00f3pske zna\u010dky vape <strong data-start=\"403\" data-end=\"431\">najpopul\u00e1rnej\u0161ie zna\u010dky vape<\/strong>, vr\u00e1tane <strong data-start=\"443\" data-end=\"502\"><a href=\"https:\/\/vapestornado.com\/sk\/product\/buy-authentic-waspe-100000-puffs-low-nicotine-disposable-vape-pen-at-wholesale-price\/\">WASPE VAPE<\/a>BANGBOX VAPE <a href=\"https:\/\/vapestornado.com\/sk\/product\/vozol-gear-power-20k-20000-puffs-vape-rechargeable-disposable-box-bulk-buy-cheap-price\/\">VOZOL VAPE<\/a><\/strong><strong data-start=\"443\" data-end=\"502\">a <a href=\"https:\/\/vapestornado.com\/sk\/product-category\/fumot-vape\/\">FUMOT VAPE<\/a><\/strong>. N\u00e1\u0161 obchod je vytvoren\u00fd tak, aby sl\u00fa\u017eil individu\u00e1lnym z\u00e1kazn\u00edkom aj ve\u013ekoobchodn\u00fdm kupuj\u00facim a poskytoval spo\u013eahliv\u00e9 produkty, ktor\u00e9 kombinuj\u00fa siln\u00fd v\u00fdkon, \u0161t\u00fdlov\u00fd dizajn a konkurencieschopn\u00e9 ceny.<\/p>\n<h2 data-start=\"2064\" data-end=\"2115\">\u010cast\u00e9 ot\u00e1zky o jednorazovej vape Vozol Star 40000 Puff<\/h2>\n<p data-start=\"2117\" data-end=\"2283\"><strong data-start=\"2117\" data-end=\"2171\">1. Ko\u013eko \u0165ahov poskytuje Vozol Star 40K?<\/strong><br data-start=\"2171\" data-end=\"2174\" \/>Ka\u017ed\u00e9 zariadenie pon\u00faka a\u017e <strong data-start=\"2199\" data-end=\"2215\">40 000 \u0165ahov<\/strong>, \u010do z neho rob\u00ed jednu z najdlh\u0161ie trvaj\u00facich jednorazov\u00fdch vape v Eur\u00f3pe.<\/p>\n<p data-start=\"2285\" data-end=\"2429\"><strong data-start=\"2285\" data-end=\"2327\">2. Je Vozol Star 40K nab\u00edjate\u013en\u00fd?<\/strong><br data-start=\"2327\" data-end=\"2330\" \/>\u00c1no, m\u00e1 <strong data-start=\"2349\" data-end=\"2402\">1000mAh nab\u00edjate\u013en\u00e1 bat\u00e9ria s nab\u00edjan\u00edm typu C<\/strong>, zais\u0165uj\u00faca dlhodob\u00e9 pou\u017e\u00edvanie.<\/p>\n<p data-start=\"2431\" data-end=\"2632\"><strong data-start=\"2431\" data-end=\"2503\">3. \u010c\u00edm sa Vozol Star 40000 l\u00ed\u0161i od ostatn\u00fdch jednorazov\u00fdch zariaden\u00ed?<\/strong><br data-start=\"2503\" data-end=\"2506\" \/>Sp\u00e1ja v sebe <strong data-start=\"2518\" data-end=\"2537\">dvojit\u00fdmi mesh \u0161pir\u00e1lkami<\/strong>, <strong data-start=\"2539\" data-end=\"2560\">du\u00e1lne re\u017eimy vapovania<\/strong>a <strong data-start=\"2566\" data-end=\"2588\">nastavite\u013en\u00fd prietok vzduchu<\/strong>, pon\u00faka flexibilitu a vynikaj\u00facu chu\u0165.<\/p>\n<p data-start=\"2634\" data-end=\"2841\"><strong data-start=\"2634\" data-end=\"2668\">4. Ak\u00e9 pr\u00edchute s\u00fa k dispoz\u00edcii?<\/strong><br data-start=\"2668\" data-end=\"2671\" \/>Existuje <strong data-start=\"2681\" data-end=\"2695\">24 pr\u00edchut\u00ed<\/strong> vr\u00e1tane ovocn\u00fdch zmes\u00ed ako <strong data-start=\"2725\" data-end=\"2740\">Mango Brosky\u0148a<\/strong>, osvie\u017euj\u00face mo\u017enosti ako <strong data-start=\"2766\" data-end=\"2779\">Chladn\u00e1 m\u00e4ta<\/strong>, a jedine\u010dn\u00e9 kombin\u00e1cie ako <strong data-start=\"2806\" data-end=\"2838\">\u010cerimoja Grapefruitov\u00e9 bobule<\/strong>.<\/p>\n<p data-start=\"2843\" data-end=\"3067\"><strong data-start=\"2843\" data-end=\"2905\">5. Pre\u010do je Vozol Star 40K popul\u00e1rny u ve\u013ekoobchodn\u00fdch z\u00e1kazn\u00edkov?<\/strong><br data-start=\"2905\" data-end=\"2908\" \/>M\u00e1 <strong data-start=\"2915\" data-end=\"2980\">siln\u00fd dopyt, prvotriednu kvalitu spracovania a pred\u013a\u017een\u00fd po\u010det potiahnut\u00ed<\/strong>, \u010do umo\u017e\u0148uje ve\u013ekoobchodn\u00edkom u\u017e\u00edva\u0165 si lep\u0161ie ziskov\u00e9 mar\u017ee pri <strong data-start=\"3039\" data-end=\"3064\">ve\u013ekoobchodn\u00fa n\u00edzku cenu<\/strong>.<\/p>\n<\/div>\n<\/div>\n<\/div>\n<\/div>","protected":false},"excerpt":{"rendered":"<p><strong data-start=\"108\" data-end=\"144\">Jednorazov\u00e1 e-cigareta Vozol Star 40000<\/strong> poskytuje a\u017e <strong data-start=\"160\" data-end=\"173\">40 000 potiahnut\u00ed<\/strong> s <strong data-start=\"179\" data-end=\"198\">dvojit\u00fdmi mesh \u0161pir\u00e1lkami<\/strong>, a <strong data-start=\"202\" data-end=\"241\">Nab\u00edjate\u013en\u00e1 bat\u00e9ria typu C s kapacitou 1 000 mAh<\/strong>a <strong data-start=\"247\" data-end=\"266\" data-is-only-node=\"\">25 v\u00fdrazn\u00fdch pr\u00edchut\u00ed<\/strong>. Navrhnut\u00e9 so syst\u00e9mom du\u00e1lneho re\u017eimu a nastavite\u013en\u00fdm pr\u00faden\u00edm vzduchu, je to <strong data-start=\"334\" data-end=\"363\">najlep\u0161ia jednorazov\u00e1 e-cigareta 2025<\/strong> pre hladk\u00fa chu\u0165 a dlhotrvaj\u00faci v\u00fdkon za <strong data-start=\"415\" data-end=\"440\">ve\u013ekoobchodn\u00fa n\u00edzku cenu<\/strong>.<\/p>\n<p><strong>Pridajte si Amy na whatsapp, aby ste dostali spr\u00e1vnu odpove\u010f a z\u013eavnen\u00fa cenu!<\/strong><\/p>\n<p><img fetchpriority=\"high\" decoding=\"async\" class=\"size-full wp-image-2932\" src=\"https:\/\/vapestornado.com\/wp-content\/uploads\/2024\/12\/Vape-Wholesale.jpg\" alt=\"Ve\u013ekoobchod s vape\" width=\"229\" height=\"300\" \/><\/p>\n<h3><a href=\"https:\/\/wa.me\/8617776015835\"><span style=\"color: #ff0000;\"><strong>WhatsApp: +86 17776015835<\/strong><\/span><\/a><\/h3>","protected":false},"featured_media":4344,"comment_status":"open","ping_status":"closed","template":"","meta":{"_acf_changed":false,"_uag_custom_page_level_css":"","_lmt_disableupdate":"no","_lmt_disable":"","_monsterinsights_skip_tracking":false,"_monsterinsights_sitenote_active":false,"_monsterinsights_sitenote_note":"","_monsterinsights_sitenote_category":0,"site-sidebar-layout":"default","site-content-layout":"","ast-site-content-layout":"default","site-content-style":"default","site-sidebar-style":"default","ast-global-header-display":"","ast-banner-title-visibility":"","ast-main-header-display":"","ast-hfb-above-header-display":"","ast-hfb-below-header-display":"","ast-hfb-mobile-header-display":"","site-post-title":"","ast-breadcrumbs-content":"","ast-featured-img":"","footer-sml-layout":"","ast-disable-related-posts":"","theme-transparent-header-meta":"default","adv-header-id-meta":"","stick-header-meta":"","header-above-stick-meta":"","header-main-stick-meta":"","header-below-stick-meta":"","astra-migrate-meta-layouts":"set","ast-page-background-enabled":"default","ast-page-background-meta":{"desktop":{"background-color":"","background-image":"","background-repeat":"repeat","background-position":"center center","background-size":"auto","background-attachment":"scroll","background-type":"","background-media":"","overlay-type":"","overlay-color":"","overlay-opacity":"","overlay-gradient":""},"tablet":{"background-color":"","background-image":"","background-repeat":"repeat","background-position":"center center","background-size":"auto","background-attachment":"scroll","background-type":"","background-media":"","overlay-type":"","overlay-color":"","overlay-opacity":"","overlay-gradient":""},"mobile":{"background-color":"","background-image":"","background-repeat":"repeat","background-position":"center center","background-size":"auto","background-attachment":"scroll","background-type":"","background-media":"","overlay-type":"","overlay-color":"","overlay-opacity":"","overlay-gradient":""}},"ast-content-background-meta":{"desktop":{"background-color":"var(--ast-global-color-5)","background-image":"","background-repeat":"repeat","background-position":"center center","background-size":"auto","background-attachment":"scroll","background-type":"","background-media":"","overlay-type":"","overlay-color":"","overlay-opacity":"","overlay-gradient":""},"tablet":{"background-color":"var(--ast-global-color-5)","background-image":"","background-repeat":"repeat","background-position":"center center","background-size":"auto","background-attachment":"scroll","background-type":"","background-media":"","overlay-type":"","overlay-color":"","overlay-opacity":"","overlay-gradient":""},"mobile":{"background-color":"var(--ast-global-color-5)","background-image":"","background-repeat":"repeat","background-position":"center center","background-size":"auto","background-attachment":"scroll","background-type":"","background-media":"","overlay-type":"","overlay-color":"","overlay-opacity":"","overlay-gradient":""}},"_joinchat":{"telephone":"17776015835"}},"product_brand":[],"product_cat":[65,152,156,158,142,357,144,146,57],"product_tag":[363,365,361,362,220,364],"class_list":{"0":"post-4348","1":"product","2":"type-product","3":"status-publish","4":"has-post-thumbnail","6":"product_cat-40000-puff","7":"product_cat-buy-disposable-vapes-in-cermany","8":"product_cat-buy-disposable-vapes-in-poland","9":"product_cat-buy-disposable-vapes-in-spain","10":"product_cat-digital-box-disposable-vapes","11":"product_cat-flavor-adjustable-vape","12":"product_cat-low-nicotine-disposable-vapes","13":"product_cat-rechargeable-disposable-vapes","14":"product_cat-vozol-vape","15":"product_tag-best-disposable-vape-2025","16":"product_tag-original-vozol-vape","17":"product_tag-vozol-star-40000","18":"product_tag-vozol-star-40k-disposable-vape","19":"product_tag-vozol-vape","20":"product_tag-wholesale-cheap-price","21":"desktop-align-left","22":"tablet-align-left","23":"mobile-align-left","25":"first","26":"instock","27":"sale","28":"shipping-taxable","29":"purchasable","30":"product-type-simple"},"acf":[],"uagb_featured_image_src":{"full":["https:\/\/vapestornado.com\/wp-content\/uploads\/2025\/09\/VOZOL-STAR-40K-Puffs-Best-Vape-Brands.webp",800,800,false],"thumbnail":["https:\/\/vapestornado.com\/wp-content\/uploads\/2025\/09\/VOZOL-STAR-40K-Puffs-Best-Vape-Brands-150x150.webp",150,150,true],"medium":["https:\/\/vapestornado.com\/wp-content\/uploads\/2025\/09\/VOZOL-STAR-40K-Puffs-Best-Vape-Brands-300x300.webp",300,300,true],"medium_large":["https:\/\/vapestornado.com\/wp-content\/uploads\/2025\/09\/VOZOL-STAR-40K-Puffs-Best-Vape-Brands-768x768.webp",768,768,true],"large":["https:\/\/vapestornado.com\/wp-content\/uploads\/2025\/09\/VOZOL-STAR-40K-Puffs-Best-Vape-Brands.webp",800,800,false],"1536x1536":["https:\/\/vapestornado.com\/wp-content\/uploads\/2025\/09\/VOZOL-STAR-40K-Puffs-Best-Vape-Brands.webp",800,800,false],"2048x2048":["https:\/\/vapestornado.com\/wp-content\/uploads\/2025\/09\/VOZOL-STAR-40K-Puffs-Best-Vape-Brands.webp",800,800,false],"trp-custom-language-flag":["https:\/\/vapestornado.com\/wp-content\/uploads\/2025\/09\/VOZOL-STAR-40K-Puffs-Best-Vape-Brands-12x12.webp",12,12,true],"woocommerce_thumbnail":["https:\/\/vapestornado.com\/wp-content\/uploads\/2025\/09\/VOZOL-STAR-40K-Puffs-Best-Vape-Brands-300x300.webp",300,300,true],"woocommerce_single":["https:\/\/vapestornado.com\/wp-content\/uploads\/2025\/09\/VOZOL-STAR-40K-Puffs-Best-Vape-Brands-600x600.webp",600,600,true],"woocommerce_gallery_thumbnail":["https:\/\/vapestornado.com\/wp-content\/uploads\/2025\/09\/VOZOL-STAR-40K-Puffs-Best-Vape-Brands-100x100.webp",100,100,true]},"uagb_author_info":{"display_name":"ESAMY","author_link":"https:\/\/vapestornado.com\/sk\/author\/"},"uagb_comment_info":1,"uagb_excerpt":"Vozol Star 40000 Disposable Vape delivers up to 40K puffs with dual mesh coils, a 1000mAh Type-C rechargeable battery, and 25 bold flavors. Designed with a dual-mode system and adjustable airflow, it\u2019s the best disposable vape 2025 for smooth taste and long-lasting performance at a wholesale cheap price. Add Amy's whatsapp to get right reply&hellip;","_links":{"self":[{"href":"https:\/\/vapestornado.com\/sk\/wp-json\/wp\/v2\/product\/4348","targetHints":{"allow":["GET"]}}],"collection":[{"href":"https:\/\/vapestornado.com\/sk\/wp-json\/wp\/v2\/product"}],"about":[{"href":"https:\/\/vapestornado.com\/sk\/wp-json\/wp\/v2\/types\/product"}],"replies":[{"embeddable":true,"href":"https:\/\/vapestornado.com\/sk\/wp-json\/wp\/v2\/comments?post=4348"}],"wp:featuredmedia":[{"embeddable":true,"href":"https:\/\/vapestornado.com\/sk\/wp-json\/wp\/v2\/media\/4344"}],"wp:attachment":[{"href":"https:\/\/vapestornado.com\/sk\/wp-json\/wp\/v2\/media?parent=4348"}],"wp:term":[{"taxonomy":"product_brand","embeddable":true,"href":"https:\/\/vapestornado.com\/sk\/wp-json\/wp\/v2\/product_brand?post=4348"},{"taxonomy":"product_cat","embeddable":true,"href":"https:\/\/vapestornado.com\/sk\/wp-json\/wp\/v2\/product_cat?post=4348"},{"taxonomy":"product_tag","embeddable":true,"href":"https:\/\/vapestornado.com\/sk\/wp-json\/wp\/v2\/product_tag?post=4348"}],"curies":[{"name":"wp","href":"https:\/\/api.w.org\/{rel}","templated":true}]}}