{"id":4339,"date":"2025-09-16T08:10:51","date_gmt":"2025-09-16T08:10:51","guid":{"rendered":"https:\/\/vapestornado.com\/?post_type=product&#038;p=4339"},"modified":"2025-09-16T09:18:02","modified_gmt":"2025-09-16T09:18:02","slug":"bang-leader-110k-110000-puffs-6-in-1-flavors-2-nicotine-disposable-vape-wholesale-price","status":"publish","type":"product","link":"https:\/\/vapestornado.com\/sk\/product\/bang-leader-110k-110000-puffs-6-in-1-flavors-2-nicotine-disposable-vape-wholesale-price\/","title":{"rendered":"Bang Leader 110k 110000 \u0164ahov 6 v 1 Pr\u00edchutiach Jednorazov\u00e1 Vape za Ve\u013ekoobchodn\u00fa Cenu s Nikot\u00ednom 2%"},"content":{"rendered":"<h2 data-pm-slice=\"1 1 []\">Bang Leader 110k 110000 \u0164ahov 6 v 1 Pr\u00edchutiach Jednorazov\u00e1 Vape za Ve\u013ekoobchodn\u00fa Cenu s Nikot\u00ednom 2%<\/h2>\n<p data-start=\"229\" data-end=\"623\"><strong data-start=\"273\" data-end=\"293\">Bang Leader 110K je<\/strong>\u00a0siln\u00fd stroj <strong data-start=\"308\" data-end=\"331\">jednorazov\u00e9 e-cigarety<\/strong> vyvinut\u00fd pre v\u00fdkon a ve\u013ekoobchodn\u00fa hodnotu. Toto zariadenie, navrhnut\u00e9 s oh\u013eadom na eur\u00f3psky trh, poskytuje mas\u00edvny <strong data-start=\"454\" data-end=\"471\">110 000 potiahnut\u00ed<\/strong>, poh\u00e1\u0148an\u00fd <strong data-start=\"486\" data-end=\"524\">Nab\u00edjate\u013en\u00e1 bat\u00e9ria typu C s kapacitou 650 mAh<\/strong> a je podporovan\u00e9 <strong data-start=\"544\" data-end=\"563\">digit\u00e1lny displej<\/strong> ktor\u00fd sleduje hladinu oleja aj bat\u00e9rie pre pln\u00fa kontrolu.<\/p>\n<p data-start=\"625\" data-end=\"1060\">S <strong data-start=\"630\" data-end=\"656\">Rot\u00e1cia 6-v-1 pr\u00edchut\u00ed<\/strong>, pou\u017e\u00edvatelia si u\u017e\u00edvaj\u00fa pr\u00e9miov\u00fd z\u00e1\u017eitok z vapovania \u2013 prep\u00ednaj\u00fa medzi \u017eiv\u00fdmi ovocn\u00fdmi zmesami a \u013eadovo chladn\u00fdmi z\u00e1sahmi bez mie\u0161ania pr\u00edchut\u00ed. Podporen\u00e9 <strong data-start=\"789\" data-end=\"818\">technol\u00f3giou \u0161tvoritej sie\u0165ovej cievky<\/strong>, ka\u017ed\u00e9 potiahnutie je hladk\u00e9, konzistentn\u00e9 a uspokojiv\u00e9. The <strong data-start=\"873\" data-end=\"902\">2% a 5% nikot\u00ednov\u00e9 varianty<\/strong> urobte ho vhodn\u00fdm pre pr\u00edle\u017eitostn\u00fdch aj siln\u00fdch pou\u017e\u00edvate\u013eov, priamo oslovte vaperov, ktor\u00ed po\u017eaduj\u00fa \u0161t\u00fdl, silu a v\u00fddr\u017e.<\/p>\n<p data-start=\"1062\" data-end=\"1408\">Pre ve\u013ekoobchodn\u00edkov, <strong data-start=\"1083\" data-end=\"1110\">Bang Leader 110000 potiahnut\u00ed<\/strong> nie je len jednorazov\u00e1 vape \u2013 je to bestseller so siln\u00fdm opakovan\u00fdm dopytom. Jeho <strong data-start=\"1185\" data-end=\"1203\">pr\u00e9miov\u00fd dizajn<\/strong>, vysok\u00fd po\u010det \u0165ahov a vyv\u00e1\u017een\u00e9 pr\u00edchute vytv\u00e1raj\u00fa siln\u00e9 maloobchodn\u00e9 mar\u017ee a zni\u017euj\u00fa s\u0165a\u017enosti z\u00e1kazn\u00edkov, \u010do z neho rob\u00ed ide\u00e1lnu vo\u013ebu pre hromadn\u00fdch kupuj\u00facich, ktor\u00ed h\u013eadaj\u00fa <strong data-start=\"1355\" data-end=\"1395\">jednorazov\u00fa vape s najlep\u0161ou ve\u013ekoobchodnou cenou<\/strong> v Eur\u00f3pe.<\/p>\n<p><strong><span style=\"color: #ff0000;\">Pridajte si Amy na WhatsApp a z\u00edskajte okam\u017eit\u00fa odpove\u010f a kup\u00f3n na vape!<\/span><\/strong><\/p>\n<p><img fetchpriority=\"high\" decoding=\"async\" class=\"size-full wp-image-2932\" src=\"https:\/\/vapestornado.com\/wp-content\/uploads\/2024\/12\/Vape-Wholesale.jpg\" alt=\"Ve\u013ekoobchod s vape\" width=\"229\" height=\"300\" \/><\/p>\n<h3><a href=\"https:\/\/wa.me\/8617776015835\" target=\"_blank\" rel=\"noopener\"><span style=\"color: #ff0000;\"><strong>WhatsApp: +86 17776015835<\/strong><\/span><\/a><\/h3>\n<p>&nbsp;<\/p>\n<h2><strong>Bang Leader 110k 110000 \u0164ahov Vlastnosti produktu<\/strong><\/h2>\n<p>\u0164ahy: 110000 \u0164ahov<br \/>\n6 v 1 \u0160tyri pr\u00edchute<br \/>\nSila nikot\u00ednu: 2%\/5%<br \/>\nBat\u00e9ria: 650 mAh<br \/>\nNab\u00edjate\u013en\u00e9: Typ-C<br \/>\nLED Displej (Smart Screen) pre olej a bat\u00e9riu<\/p>\n<h2 class=\"product-title\"><strong>Bang Leader 110k \u0164ahov Zoznam pr\u00edchut\u00ed<\/strong><\/h2>\n<ol data-start=\"232\" data-end=\"874\">\n<li data-start=\"232\" data-end=\"298\">\n<p data-start=\"235\" data-end=\"298\"><strong data-start=\"235\" data-end=\"296\">Mel\u00f3nov\u00fd \u013ead \/ Jahodov\u00e1 Mamba \/ Jahodov\u00fd mel\u00f3n<\/strong><\/p>\n<\/li>\n<li data-start=\"299\" data-end=\"351\">\n<p data-start=\"302\" data-end=\"351\"><strong data-start=\"302\" data-end=\"349\">Fuji \u013ead \/ Jablkov\u00e9 hrozno \/ \u010cere\u0161\u0148ov\u00fd gran\u00e1t<\/strong><\/p>\n<\/li>\n<li data-start=\"352\" data-end=\"415\">\n<p data-start=\"355\" data-end=\"415\"><strong data-start=\"355\" data-end=\"413\">\u010cu\u010doriedkov\u00fd \u013ead \/ Malina citr\u00f3n \/ Mel\u00f3nov\u00e1 \u017euva\u010dka<\/strong><\/p>\n<\/li>\n<li data-start=\"416\" data-end=\"500\">\n<p data-start=\"419\" data-end=\"500\"><strong data-start=\"419\" data-end=\"498\">\u010cu\u010doriedky Maliny \/ Kysl\u00e9 anan\u00e1sy Pomaran\u010de \/ Maliny Mel\u00f3ny<\/strong><\/p>\n<\/li>\n<li data-start=\"501\" data-end=\"556\">\n<p data-start=\"504\" data-end=\"556\"><strong data-start=\"504\" data-end=\"554\">Hroznov\u00fd \u013ead \/ Mango brosky\u0148a \/ \u010cu\u010doriedkov\u00fd mel\u00f3n<\/strong><\/p>\n<\/li>\n<li data-start=\"557\" data-end=\"621\">\n<p data-start=\"560\" data-end=\"621\"><strong data-start=\"560\" data-end=\"619\">Jahodov\u00fd \u013ead \/ Brosky\u0148ov\u00fd citr\u00f3n \/ Kiwi mu\u010denka guava<\/strong><\/p>\n<\/li>\n<li data-start=\"622\" data-end=\"686\">\n<p data-start=\"625\" data-end=\"686\"><strong data-start=\"625\" data-end=\"684\">Anan\u00e1sov\u00fd kokos \/ \u010cu\u010doriedkov\u00fd Red Bull \/ Mel\u00f3nov\u00fd \u013ead<\/strong><\/p>\n<\/li>\n<li data-start=\"687\" data-end=\"745\">\n<p data-start=\"690\" data-end=\"745\"><strong data-start=\"690\" data-end=\"743\">Jahodov\u00e9 kiwi \/ \u010cu\u010doriedkov\u00fd kokos \/ Zmie\u0161an\u00e9 bobule<\/strong><\/p>\n<\/li>\n<li data-start=\"746\" data-end=\"806\">\n<p data-start=\"749\" data-end=\"806\"><strong data-start=\"749\" data-end=\"804\">Citr\u00f3nov\u00e1 romanca \/ \u010cu\u010doriedkov\u00e1 malina \/ Brosky\u0148ov\u00fd mentol<\/strong><\/p>\n<\/li>\n<li data-start=\"807\" data-end=\"874\">\n<p data-start=\"811\" data-end=\"874\"><strong data-start=\"811\" data-end=\"872\">Brosky\u0148ov\u00fd \u013ead \/ \u010cernicov\u00fd anan\u00e1sov\u00fd \u013ead \/ Zelen\u00e9 jablkov\u00e9 kiwi<\/strong><\/p>\n<\/li>\n<\/ol>\n<div class=\"flex-shrink-0 flex flex-col relative items-end\">\n<div class=\"pt-0\">\n<div class=\"gizmo-bot-avatar flex h-8 w-8 items-center justify-center overflow-hidden rounded-full\">\n<div class=\"relative p-1 rounded-sm flex items-center justify-center bg-token-main-surface-primary text-token-text-primary h-8 w-8\">\n<figure id=\"attachment_4333\" aria-describedby=\"caption-attachment-4333\" style=\"width: 300px\" class=\"wp-caption alignnone\"><img decoding=\"async\" class=\"size-medium wp-image-4333\" src=\"https:\/\/vapestornado.com\/wp-content\/uploads\/2025\/09\/Bang-110k-110000-Puffs-Disposable-Vape-300x300.webp\" alt=\"Bang 110k 110000 \u0164ahov Jednorazov\u00e1 Vape\" width=\"300\" height=\"300\" srcset=\"https:\/\/vapestornado.com\/wp-content\/uploads\/2025\/09\/Bang-110k-110000-Puffs-Disposable-Vape-300x300.webp 300w, https:\/\/vapestornado.com\/wp-content\/uploads\/2025\/09\/Bang-110k-110000-Puffs-Disposable-Vape-150x150.webp 150w, https:\/\/vapestornado.com\/wp-content\/uploads\/2025\/09\/Bang-110k-110000-Puffs-Disposable-Vape-768x768.webp 768w, https:\/\/vapestornado.com\/wp-content\/uploads\/2025\/09\/Bang-110k-110000-Puffs-Disposable-Vape-12x12.webp 12w, https:\/\/vapestornado.com\/wp-content\/uploads\/2025\/09\/Bang-110k-110000-Puffs-Disposable-Vape-600x600.webp 600w, https:\/\/vapestornado.com\/wp-content\/uploads\/2025\/09\/Bang-110k-110000-Puffs-Disposable-Vape-100x100.webp 100w, https:\/\/vapestornado.com\/wp-content\/uploads\/2025\/09\/Bang-110k-110000-Puffs-Disposable-Vape.webp 800w\" sizes=\"(max-width: 300px) 100vw, 300px\" \/><figcaption id=\"caption-attachment-4333\" class=\"wp-caption-text\">Bang 110k 110000 \u0164ahov Jednorazov\u00e1 Vape<\/figcaption><\/figure>\n<h2 data-start=\"435\" data-end=\"491\"><strong data-start=\"439\" data-end=\"489\">Pre\u010do si vybra\u0165 jednorazov\u00e9 vape pero Bang Leader 110k?<\/strong><\/h2>\n<\/div>\n<ul data-start=\"276\" data-end=\"737\">\n<li data-start=\"276\" data-end=\"341\">\n<p data-start=\"278\" data-end=\"341\"><strong data-start=\"281\" data-end=\"298\">110 000 \u0164ahov<\/strong> \u2013 ultra-dlhotrvaj\u00face jednorazov\u00e9 vape pero<\/p>\n<\/li>\n<li data-start=\"342\" data-end=\"424\">\n<p data-start=\"344\" data-end=\"424\"><strong data-start=\"347\" data-end=\"385\">650mAh Type-C Nab\u00edjate\u013en\u00e1 Bat\u00e9ria<\/strong> \u2013 efekt\u00edvny v\u00fdkon s r\u00fdchlym nab\u00edjan\u00edm<\/p>\n<\/li>\n<li data-start=\"425\" data-end=\"499\">\n<p data-start=\"427\" data-end=\"499\"><strong data-start=\"430\" data-end=\"455\">Inteligentn\u00fd digit\u00e1lny displej<\/strong> \u2013 zobrazuje olej<\/p>\n<\/li>\n<li data-start=\"500\" data-end=\"578\">\n<p data-start=\"502\" data-end=\"578\"><strong data-start=\"505\" data-end=\"529\">Dizajn 6-v-1 Pr\u00edchuti<\/strong> \u2013 prep\u00ednajte medzi \u0161iestimi pr\u00e9miov\u00fdmi zmesami, bez mie\u0161ania<\/p>\n<\/li>\n<li data-start=\"579\" data-end=\"655\">\n<p data-start=\"581\" data-end=\"655\"><strong data-start=\"584\" data-end=\"611\">2% \/ 5% Mo\u017enosti Nikot\u00ednu<\/strong> \u2013 prisp\u00f4soben\u00e9 pre eur\u00f3psky trh mu\u017eov vo veku 25 \u2013 35 rokov<\/p>\n<\/li>\n<li data-start=\"656\" data-end=\"737\">\n<p data-start=\"658\" data-end=\"737\"><strong data-start=\"660\" data-end=\"683\">V\u00fdhoda ve\u013ekoobchodu<\/strong> \u2013 siln\u00e9 mar\u017ee, opakovan\u00fd dopyt, n\u00edzka miera reklam\u00e1ci\u00ed<\/p>\n<\/li>\n<\/ul>\n<\/div>\n<\/div>\n<\/div>\n<div class=\"flex-shrink-0 flex flex-col relative items-end\">\n<div class=\"pt-0\">\n<div class=\"gizmo-bot-avatar flex h-8 w-8 items-center justify-center overflow-hidden rounded-full\">\n<div class=\"relative p-1 rounded-sm flex items-center justify-center bg-token-main-surface-primary text-token-text-primary h-8 w-8\">\n<h2 data-start=\"1200\" data-end=\"1487\">Kapacita 100 000 potiahnut\u00ed, nab\u00edjate\u013en\u00fd dizajn, viacero pr\u00edchut\u00ed a pr\u00e9miov\u00fd syst\u00e9m cievok<\/h2>\n<p data-start=\"1200\" data-end=\"1487\"><strong data-start=\"213\" data-end=\"248\">poskytuje vynikaj\u00facu hodnotu, \u010do z neho rob\u00ed spo\u013eahliv\u00fa vo\u013ebu pre maloobchodn\u00edkov zameran\u00fdch na vekov\u00fa skupinu 25 \u2013 35 rokov.<\/strong> Vapes Tornado \u2013 Va\u0161e ve\u013ekoobchodn\u00e9 centrum pre popredn\u00e9 eur\u00f3pske zna\u010dky vape <strong data-start=\"403\" data-end=\"431\">najpopul\u00e1rnej\u0161ie zna\u010dky vape<\/strong>, vr\u00e1tane <strong data-start=\"443\" data-end=\"502\"><a href=\"https:\/\/vapestornado.com\/sk\/product\/buy-authentic-waspe-100000-puffs-low-nicotine-disposable-vape-pen-at-wholesale-price\/\">WASPE VAPE<\/a>BANGBOX VAPE <a href=\"https:\/\/vapestornado.com\/sk\/product\/vozol-gear-power-20k-20000-puffs-vape-rechargeable-disposable-box-bulk-buy-cheap-price\/\">VOZOL VAPE<\/a><\/strong><strong data-start=\"443\" data-end=\"502\">a <a href=\"https:\/\/vapestornado.com\/sk\/product-category\/fumot-vape\/\">FUMOT VAPE<\/a><\/strong>. N\u00e1\u0161 obchod je vytvoren\u00fd tak, aby sl\u00fa\u017eil individu\u00e1lnym z\u00e1kazn\u00edkom aj ve\u013ekoobchodn\u00fdm kupuj\u00facim a poskytoval spo\u013eahliv\u00e9 produkty, ktor\u00e9 kombinuj\u00fa siln\u00fd v\u00fdkon, \u0161t\u00fdlov\u00fd dizajn a konkurencieschopn\u00e9 ceny.<\/p>\n<\/div>\n<\/div>\n<\/div>\n<\/div>","protected":false},"excerpt":{"rendered":"<p><strong data-start=\"108\" data-end=\"148\">Jednorazov\u00e9 vape pero Bang Leader 110K<\/strong> poskytuje mas\u00edvny <strong data-start=\"168\" data-end=\"185\">110 000 potiahnut\u00ed<\/strong> s <strong data-start=\"193\" data-end=\"217\">syst\u00e9m 6-v-1 pr\u00edchut\u00ed<\/strong>, ktor\u00fd pou\u017e\u00edvate\u013eom poskytuje dlhotrvaj\u00facu rozmanitos\u0165 v ka\u017edom zariaden\u00ed. Vybaven\u00e9 <strong data-start=\"286\" data-end=\"324\">Nab\u00edjate\u013en\u00e1 bat\u00e9ria typu C s kapacitou 650 mAh<\/strong>, <strong data-start=\"326\" data-end=\"345\" data-is-only-node=\"\">digit\u00e1lny displej<\/strong>a <strong data-start=\"351\" data-end=\"379\">2% alebo 5% nikot\u00ednov\u00fdmi mo\u017enos\u0165ami<\/strong>, je navrhnut\u00e9 pre hladk\u00fa chu\u0165, spo\u013eahliv\u00fd v\u00fdkon a maxim\u00e1lnu hodnotu. Ide\u00e1lne pre ve\u013ekoobchodn\u00fdch kupuj\u00facich, ktor\u00ed h\u013eadaj\u00fa <strong data-start=\"497\" data-end=\"537\">jednorazov\u00fa vape s najlep\u0161ou ve\u013ekoobchodnou cenou<\/strong>.<\/p>\n<p><strong>Pridajte si Amy na whatsapp, aby ste dostali spr\u00e1vnu odpove\u010f a z\u013eavnen\u00fa cenu!<\/strong><\/p>\n<p><img fetchpriority=\"high\" decoding=\"async\" class=\"size-full wp-image-2932\" src=\"https:\/\/vapestornado.com\/wp-content\/uploads\/2024\/12\/Vape-Wholesale.jpg\" alt=\"Ve\u013ekoobchod s vape\" width=\"229\" height=\"300\" \/><\/p>\n<h3><a href=\"https:\/\/wa.me\/8617776015835\"><span style=\"color: #ff0000;\"><strong>WhatsApp: +86 17776015835<\/strong><\/span><\/a><\/h3>","protected":false},"featured_media":4338,"comment_status":"open","ping_status":"closed","template":"","meta":{"_acf_changed":false,"_uag_custom_page_level_css":"","_lmt_disableupdate":"no","_lmt_disable":"","_monsterinsights_skip_tracking":false,"_monsterinsights_sitenote_active":false,"_monsterinsights_sitenote_note":"","_monsterinsights_sitenote_category":0,"site-sidebar-layout":"default","site-content-layout":"","ast-site-content-layout":"default","site-content-style":"default","site-sidebar-style":"default","ast-global-header-display":"","ast-banner-title-visibility":"","ast-main-header-display":"","ast-hfb-above-header-display":"","ast-hfb-below-header-display":"","ast-hfb-mobile-header-display":"","site-post-title":"","ast-breadcrumbs-content":"","ast-featured-img":"","footer-sml-layout":"","ast-disable-related-posts":"","theme-transparent-header-meta":"default","adv-header-id-meta":"","stick-header-meta":"","header-above-stick-meta":"","header-main-stick-meta":"","header-below-stick-meta":"","astra-migrate-meta-layouts":"set","ast-page-background-enabled":"default","ast-page-background-meta":{"desktop":{"background-color":"","background-image":"","background-repeat":"repeat","background-position":"center center","background-size":"auto","background-attachment":"scroll","background-type":"","background-media":"","overlay-type":"","overlay-color":"","overlay-opacity":"","overlay-gradient":""},"tablet":{"background-color":"","background-image":"","background-repeat":"repeat","background-position":"center center","background-size":"auto","background-attachment":"scroll","background-type":"","background-media":"","overlay-type":"","overlay-color":"","overlay-opacity":"","overlay-gradient":""},"mobile":{"background-color":"","background-image":"","background-repeat":"repeat","background-position":"center center","background-size":"auto","background-attachment":"scroll","background-type":"","background-media":"","overlay-type":"","overlay-color":"","overlay-opacity":"","overlay-gradient":""}},"ast-content-background-meta":{"desktop":{"background-color":"var(--ast-global-color-5)","background-image":"","background-repeat":"repeat","background-position":"center center","background-size":"auto","background-attachment":"scroll","background-type":"","background-media":"","overlay-type":"","overlay-color":"","overlay-opacity":"","overlay-gradient":""},"tablet":{"background-color":"var(--ast-global-color-5)","background-image":"","background-repeat":"repeat","background-position":"center center","background-size":"auto","background-attachment":"scroll","background-type":"","background-media":"","overlay-type":"","overlay-color":"","overlay-opacity":"","overlay-gradient":""},"mobile":{"background-color":"var(--ast-global-color-5)","background-image":"","background-repeat":"repeat","background-position":"center center","background-size":"auto","background-attachment":"scroll","background-type":"","background-media":"","overlay-type":"","overlay-color":"","overlay-opacity":"","overlay-gradient":""}},"_joinchat":{"telephone":"17776015835"}},"product_brand":[],"product_cat":[62,152,156,158,142,357,144,146],"product_tag":[360,358,196,355,359,354],"class_list":{"0":"post-4339","1":"product","2":"type-product","3":"status-publish","4":"has-post-thumbnail","6":"product_cat-bang-vape","7":"product_cat-buy-disposable-vapes-in-cermany","8":"product_cat-buy-disposable-vapes-in-poland","9":"product_cat-buy-disposable-vapes-in-spain","10":"product_cat-digital-box-disposable-vapes","11":"product_cat-flavor-adjustable-vape","12":"product_cat-low-nicotine-disposable-vapes","13":"product_cat-rechargeable-disposable-vapes","14":"product_tag-bang-leader-110000-puff","15":"product_tag-bang-leader-110k","16":"product_tag-bang-vape","17":"product_tag-big-puff-vape","18":"product_tag-cheapest-vape","19":"product_tag-flavor-adjustable-vape","20":"desktop-align-left","21":"tablet-align-left","22":"mobile-align-left","24":"first","25":"instock","26":"sale","27":"shipping-taxable","28":"purchasable","29":"product-type-simple"},"acf":[],"uagb_featured_image_src":{"full":["https:\/\/vapestornado.com\/wp-content\/uploads\/2025\/09\/Bang-Leader-110000-Puffs-110K-6-in-1-Flavors-Vape-Pen.webp",800,800,false],"thumbnail":["https:\/\/vapestornado.com\/wp-content\/uploads\/2025\/09\/Bang-Leader-110000-Puffs-110K-6-in-1-Flavors-Vape-Pen-150x150.webp",150,150,true],"medium":["https:\/\/vapestornado.com\/wp-content\/uploads\/2025\/09\/Bang-Leader-110000-Puffs-110K-6-in-1-Flavors-Vape-Pen-300x300.webp",300,300,true],"medium_large":["https:\/\/vapestornado.com\/wp-content\/uploads\/2025\/09\/Bang-Leader-110000-Puffs-110K-6-in-1-Flavors-Vape-Pen-768x768.webp",768,768,true],"large":["https:\/\/vapestornado.com\/wp-content\/uploads\/2025\/09\/Bang-Leader-110000-Puffs-110K-6-in-1-Flavors-Vape-Pen.webp",800,800,false],"1536x1536":["https:\/\/vapestornado.com\/wp-content\/uploads\/2025\/09\/Bang-Leader-110000-Puffs-110K-6-in-1-Flavors-Vape-Pen.webp",800,800,false],"2048x2048":["https:\/\/vapestornado.com\/wp-content\/uploads\/2025\/09\/Bang-Leader-110000-Puffs-110K-6-in-1-Flavors-Vape-Pen.webp",800,800,false],"trp-custom-language-flag":["https:\/\/vapestornado.com\/wp-content\/uploads\/2025\/09\/Bang-Leader-110000-Puffs-110K-6-in-1-Flavors-Vape-Pen-12x12.webp",12,12,true],"woocommerce_thumbnail":["https:\/\/vapestornado.com\/wp-content\/uploads\/2025\/09\/Bang-Leader-110000-Puffs-110K-6-in-1-Flavors-Vape-Pen-300x300.webp",300,300,true],"woocommerce_single":["https:\/\/vapestornado.com\/wp-content\/uploads\/2025\/09\/Bang-Leader-110000-Puffs-110K-6-in-1-Flavors-Vape-Pen-600x600.webp",600,600,true],"woocommerce_gallery_thumbnail":["https:\/\/vapestornado.com\/wp-content\/uploads\/2025\/09\/Bang-Leader-110000-Puffs-110K-6-in-1-Flavors-Vape-Pen-100x100.webp",100,100,true]},"uagb_author_info":{"display_name":"ESAMY","author_link":"https:\/\/vapestornado.com\/sk\/author\/"},"uagb_comment_info":0,"uagb_excerpt":"Bang Leader 110K Disposable Vape Pen delivers a massive 110,000 puffs with a 6-in-1 flavor system, giving users long-lasting variety in every device. Equipped with a 650mAh Type-C rechargeable battery, digital display, and 2% or 5% nicotin options, it\u2019s designed for smooth taste, reliable performance, and maximum value. Perfect for wholesale buyers looking for a&hellip;","_links":{"self":[{"href":"https:\/\/vapestornado.com\/sk\/wp-json\/wp\/v2\/product\/4339","targetHints":{"allow":["GET"]}}],"collection":[{"href":"https:\/\/vapestornado.com\/sk\/wp-json\/wp\/v2\/product"}],"about":[{"href":"https:\/\/vapestornado.com\/sk\/wp-json\/wp\/v2\/types\/product"}],"replies":[{"embeddable":true,"href":"https:\/\/vapestornado.com\/sk\/wp-json\/wp\/v2\/comments?post=4339"}],"wp:featuredmedia":[{"embeddable":true,"href":"https:\/\/vapestornado.com\/sk\/wp-json\/wp\/v2\/media\/4338"}],"wp:attachment":[{"href":"https:\/\/vapestornado.com\/sk\/wp-json\/wp\/v2\/media?parent=4339"}],"wp:term":[{"taxonomy":"product_brand","embeddable":true,"href":"https:\/\/vapestornado.com\/sk\/wp-json\/wp\/v2\/product_brand?post=4339"},{"taxonomy":"product_cat","embeddable":true,"href":"https:\/\/vapestornado.com\/sk\/wp-json\/wp\/v2\/product_cat?post=4339"},{"taxonomy":"product_tag","embeddable":true,"href":"https:\/\/vapestornado.com\/sk\/wp-json\/wp\/v2\/product_tag?post=4339"}],"curies":[{"name":"wp","href":"https:\/\/api.w.org\/{rel}","templated":true}]}}