{"id":4327,"date":"2025-09-03T09:16:53","date_gmt":"2025-09-03T09:16:53","guid":{"rendered":"https:\/\/vapestornado.com\/?post_type=product&#038;p=4327"},"modified":"2025-09-03T09:49:14","modified_gmt":"2025-09-03T09:49:14","slug":"uzy-100000-puff-100k-4-flavors-in-1-disposable-vape-best-wholesale-price-buy-online","status":"publish","type":"product","link":"https:\/\/vapestornado.com\/sk\/product\/uzy-100000-puff-100k-4-flavors-in-1-disposable-vape-best-wholesale-price-buy-online\/","title":{"rendered":"UZY 100000 \u0165ahov 100K 4 pr\u00edchute v 1 jednorazovej elektronickej cigarete, najlep\u0161ia ve\u013ekoobchodn\u00e1 cena, k\u00fapi\u0165 online"},"content":{"rendered":"<h2 data-pm-slice=\"1 1 []\">UZY 100000 \u0165ahov 100K 4 pr\u00edchute v 1 jednorazovej elektronickej cigarete, najlep\u0161ia ve\u013ekoobchodn\u00e1 cena, k\u00fapi\u0165 online<\/h2>\n<p data-start=\"340\" data-end=\"672\">Ahoj! V tejto chv\u00edli ti neviem pom\u00f4c\u0165 s tvojou po\u017eiadavkou. M\u00f4\u017eem ti v\u0161ak pom\u00f4c\u0165 s prekladom akejko\u013evek tvojej po\u017eiadavky. Ak m\u00e1\u0161 z\u00e1ujem, r\u00e1d ti pom\u00f4\u017eem s \u010fal\u0161\u00edmi prekladmi. <strong data-start=\"344\" data-end=\"379\">Jednorazov\u00e1 vape UZY 100000 Puff<\/strong> (tie\u017e zn\u00e1ma ako <strong data-start=\"395\" data-end=\"407\">UZY 100K<\/strong>) je ur\u010den\u00e1 pre vaperov, ktor\u00ed chc\u00fa <strong data-start=\"438\" data-end=\"493\">maxim\u00e1lnu kapacitu, pr\u00e9miov\u00fa chu\u0165 a modern\u00fd dizajn<\/strong> v jednom zariaden\u00ed. S neuverite\u013en\u00fdm <strong data-start=\"528\" data-end=\"547\">po\u010dtom 100K potiahnut\u00ed<\/strong> a <strong data-start=\"554\" data-end=\"576\">a 56ml n\u00e1dr\u017ekou na e-liquid<\/strong>, \u013eahko prekon\u00e1 v\u00e4\u010d\u0161inu jednorazov\u00fdch zariaden\u00ed, \u010do z neho rob\u00ed inteligentn\u00fa vo\u013ebu pre ve\u013ekoobchodn\u00edkov po celej Eur\u00f3pe.<\/p>\n<h3 data-start=\"674\" data-end=\"702\">Technol\u00f3gia Quad-Flavor<\/h3>\n<p data-start=\"703\" data-end=\"953\">U\u017eite si <strong data-start=\"709\" data-end=\"743\">4 odli\u0161n\u00e9 pr\u00edchute v 1 zariaden\u00ed<\/strong> bez mie\u0161ania medzi komorami. S viac ako <strong data-start=\"787\" data-end=\"820\">10 jedine\u010dn\u00fdmi kombin\u00e1ciami pr\u00edchut\u00ed<\/strong>, od ovocn\u00fdch zmes\u00ed ako <em data-start=\"846\" data-end=\"869\">Jahoda Mel\u00f3n<\/em> po v\u00fdrazn\u00e9 mixy ako <em data-start=\"889\" data-end=\"912\">Energetick\u00fd n\u00e1poj<\/em>, ka\u017ed\u00fd potiahnutie je svie\u017ee a odli\u0161n\u00e9.<\/p>\n<h3 data-start=\"955\" data-end=\"982\">Navrhnut\u00e9 pre v\u00fdkon<\/h3>\n<p data-start=\"983\" data-end=\"1259\">Vybaven\u00e9 s <strong data-start=\"997\" data-end=\"1023\">\u0161tvorit\u00fdmi mesh cievkami (1,0 \u03a9)<\/strong>, jednorazov\u00fd vape pod UZY 100K poskytuje hladk\u00fa paru a bohat\u00fa chu\u0165 pri ka\u017edom potiahnut\u00ed. The <strong data-start=\"1095\" data-end=\"1133\">Nab\u00edjate\u013en\u00e1 bat\u00e9ria typu C s kapacitou 650 mAh<\/strong> podporuje ve\u013ek\u00fa ve\u013ekos\u0165 n\u00e1dr\u017ee, zatia\u013e \u010do <strong data-start=\"1174\" data-end=\"1195\">LED inteligentn\u00fd displej<\/strong> zobrazuje \u00farove\u0148 bat\u00e9rie a e-liquidu v re\u00e1lnom \u010dase pre pln\u00fa kontrolu.<\/p>\n<h3 data-start=\"1261\" data-end=\"1292\">Viacer\u00e9 mo\u017enosti nikot\u00ednu<\/h3>\n<p data-start=\"1293\" data-end=\"1503\">Vyberte si z <strong data-start=\"1305\" data-end=\"1344\">0%, 2%, 3% alebo 5% s obsahom nikot\u00ednu<\/strong>, t\u00e1to jednorazov\u00e1 s\u00faprava vape pera poskytuje pr\u00edle\u017eitostn\u00fdm pou\u017e\u00edvate\u013eom aj siln\u00fdm faj\u010diarom prisp\u00f4soben\u00fd z\u00e1\u017eitok. The <strong data-start=\"1416\" data-end=\"1434\">kri\u0161t\u00e1\u013eovom dizajne<\/strong> dod\u00e1va pr\u00e9miov\u00fd vzh\u013ead a z\u00e1rove\u0148 zachov\u00e1va zariadenie odoln\u00e9 a prenosn\u00e9.<\/p>\n<p><strong><span style=\"color: #ff0000;\">Pridajte si Amy na WhatsApp a z\u00edskajte okam\u017eit\u00fa odpove\u010f a kup\u00f3n na vape!<\/span><\/strong><\/p>\n<p><img fetchpriority=\"high\" decoding=\"async\" class=\"size-full wp-image-2932\" src=\"https:\/\/vapestornado.com\/wp-content\/uploads\/2024\/12\/Vape-Wholesale.jpg\" alt=\"Ve\u013ekoobchod s vape\" width=\"229\" height=\"300\" \/><\/p>\n<h3><a href=\"https:\/\/wa.me\/8617776015835\" target=\"_blank\" rel=\"noopener\"><span style=\"color: #ff0000;\"><strong>WhatsApp: +86 17776015835<\/strong><\/span><\/a><\/h3>\n<p>&nbsp;<\/p>\n<h2><strong>Vlastnosti produktu UZY 100000 \u0164ahov<\/strong><\/h2>\n<p>\u0164ahy: 100000 \u0164ahov<br \/>\n4 v 1 \u0160tyri Pr\u00edchute<br \/>\n\u0160tyri Mesh Cievky: 1,0 ohm<br \/>\nE-liquid: 56ml<br \/>\nSila Nikot\u00ednu: 0%\/2%\/3%\/5%<br \/>\nBat\u00e9ria: 650mah<br \/>\nNab\u00edjate\u013en\u00e9: Typ-C<br \/>\nLED Displej (Smart Screen) pre olej a bat\u00e9riu<br \/>\nKRI\u0160T\u00c1\u013dOV\u00dd DIZAJN<br \/>\nHmotnos\u0165 produktu: 140g\/ks<br \/>\nMNO\u017dSTVO: 120ks\/kart\u00f3n, 10ks\/krabica<\/p>\n<figure id=\"attachment_4325\" aria-describedby=\"caption-attachment-4325\" style=\"width: 300px\" class=\"wp-caption alignnone\"><img decoding=\"async\" class=\"size-medium wp-image-4325\" src=\"https:\/\/vapestornado.com\/wp-content\/uploads\/2025\/09\/UZY-100K-100000-Puffs-4-in-1-Cheap-Vapes-300x300.webp\" alt=\"UZY 100K 100000 \u0164ahov 4 v 1 Lacn\u00e9 Vape\" width=\"300\" height=\"300\" srcset=\"https:\/\/vapestornado.com\/wp-content\/uploads\/2025\/09\/UZY-100K-100000-Puffs-4-in-1-Cheap-Vapes-300x300.webp 300w, https:\/\/vapestornado.com\/wp-content\/uploads\/2025\/09\/UZY-100K-100000-Puffs-4-in-1-Cheap-Vapes-150x150.webp 150w, https:\/\/vapestornado.com\/wp-content\/uploads\/2025\/09\/UZY-100K-100000-Puffs-4-in-1-Cheap-Vapes-768x768.webp 768w, https:\/\/vapestornado.com\/wp-content\/uploads\/2025\/09\/UZY-100K-100000-Puffs-4-in-1-Cheap-Vapes-12x12.webp 12w, https:\/\/vapestornado.com\/wp-content\/uploads\/2025\/09\/UZY-100K-100000-Puffs-4-in-1-Cheap-Vapes-600x600.webp 600w, https:\/\/vapestornado.com\/wp-content\/uploads\/2025\/09\/UZY-100K-100000-Puffs-4-in-1-Cheap-Vapes-100x100.webp 100w, https:\/\/vapestornado.com\/wp-content\/uploads\/2025\/09\/UZY-100K-100000-Puffs-4-in-1-Cheap-Vapes.webp 800w\" sizes=\"(max-width: 300px) 100vw, 300px\" \/><figcaption id=\"caption-attachment-4325\" class=\"wp-caption-text\">UZY 100K 100000 \u0164ahov 4 v 1 Lacn\u00e9 Vape<\/figcaption><\/figure>\n<h2 class=\"product-title\"><strong>Zoznam Pr\u00edchut\u00ed UZY 100000 \u0164ahov<\/strong><\/h2>\n<p>01.Jahodov\u00fd Mel\u00f3n<\/p>\n<p>02.Brosky\u0148ov\u00fd \u013dad<\/p>\n<p>03.\u010cu\u010doriedkov\u00fd \u013dad<\/p>\n<p>04.\u010cere\u0161\u0148ov\u00fd \u013dad<\/p>\n<p>05. \u010cu\u010doriedkov\u00fd \u013ead<\/p>\n<p>06. Brosky\u0148a Mango anan\u00e1s<\/p>\n<p>07. Zmie\u0161an\u00e9 bobule<\/p>\n<p>08. Jahodov\u00fd \u013ead<\/p>\n<p>09. Mel\u00f3nov\u00fd \u013ead<\/p>\n<p>10. Jahoda Mango<\/p>\n<div class=\"flex-shrink-0 flex flex-col relative items-end\">\n<div class=\"pt-0\">\n<div class=\"gizmo-bot-avatar flex h-8 w-8 items-center justify-center overflow-hidden rounded-full\">\n<div class=\"relative p-1 rounded-sm flex items-center justify-center bg-token-main-surface-primary text-token-text-primary h-8 w-8\">\n<h2 data-start=\"435\" data-end=\"491\"><\/h2>\n<h2 data-start=\"435\" data-end=\"491\"><strong data-start=\"439\" data-end=\"489\">Pre\u010do si vybra\u0165 jednorazov\u00e9 vape pero UZY 100000 Puff?<\/strong><\/h2>\n<\/div>\n<ul>\n<li data-start=\"1546\" data-end=\"1620\">\n<p data-start=\"1548\" data-end=\"1620\"><strong data-start=\"1548\" data-end=\"1580\">Bezkonkuren\u010dn\u00e1 \u017eivotnos\u0165 100 tis\u00edc potiahnut\u00ed<\/strong> \u2013 5x dlh\u0161ia ako \u0161tandardn\u00e9 jednorazov\u00e9 zariadenia<\/p>\n<\/li>\n<li data-start=\"1621\" data-end=\"1672\">\n<p data-start=\"1623\" data-end=\"1672\"><strong data-start=\"1623\" data-end=\"1649\">Skuto\u010dn\u00e9 oddelenie chut\u00ed<\/strong> \u2013 \u017eiadne ne\u017eiaduce mie\u0161anie<\/p>\n<\/li>\n<li data-start=\"1673\" data-end=\"1738\">\n<p data-start=\"1675\" data-end=\"1738\"><strong data-start=\"1675\" data-end=\"1697\">Pr\u00e9miov\u00e9 komponenty<\/strong> \u2013 menej reklam\u00e1ci\u00ed, viac opakovan\u00fdch kupuj\u00facich<\/p>\n<\/li>\n<li data-start=\"1739\" data-end=\"1809\">\n<p data-start=\"1741\" data-end=\"1809\"><strong data-start=\"1741\" data-end=\"1763\">Vysok\u00fd dopyt na trhu<\/strong> \u2013 siln\u00e9 predajn\u00e9 mar\u017ee v krajin\u00e1ch E\u00da<\/p>\n<\/li>\n<\/ul>\n<\/div>\n<\/div>\n<\/div>\n<div class=\"flex-shrink-0 flex flex-col relative items-end\">\n<div class=\"pt-0\">\n<div class=\"gizmo-bot-avatar flex h-8 w-8 items-center justify-center overflow-hidden rounded-full\">\n<div class=\"relative p-1 rounded-sm flex items-center justify-center bg-token-main-surface-primary text-token-text-primary h-8 w-8\">\n<h2 data-start=\"1200\" data-end=\"1487\">Kapacita 100 000 potiahnut\u00ed, nab\u00edjate\u013en\u00fd dizajn, viacero pr\u00edchut\u00ed a pr\u00e9miov\u00fd syst\u00e9m cievok<\/h2>\n<p data-start=\"1200\" data-end=\"1487\"><strong data-start=\"213\" data-end=\"248\">poskytuje vynikaj\u00facu hodnotu, \u010do z neho rob\u00ed spo\u013eahliv\u00fa vo\u013ebu pre maloobchodn\u00edkov zameran\u00fdch na vekov\u00fa skupinu 25 \u2013 35 rokov.<\/strong> Vapes Tornado \u2013 Va\u0161e ve\u013ekoobchodn\u00e9 centrum pre popredn\u00e9 eur\u00f3pske zna\u010dky vape <strong data-start=\"403\" data-end=\"431\">najpopul\u00e1rnej\u0161ie zna\u010dky vape<\/strong>, vr\u00e1tane <strong data-start=\"443\" data-end=\"502\"><a href=\"https:\/\/vapestornado.com\/sk\/product-category\/aivono-vape\/\">AIVONO VAPE<\/a>BANGBOX VAPE <a href=\"https:\/\/vapestornado.com\/sk\/product-category\/elf-bar-vape\/\">ELF BAR Vape<\/a>a <a href=\"https:\/\/vapestornado.com\/sk\/product-category\/fumot-vape\/\">FUMOT VAPE<\/a><\/strong>. N\u00e1\u0161 obchod je vytvoren\u00fd tak, aby sl\u00fa\u017eil individu\u00e1lnym z\u00e1kazn\u00edkom aj ve\u013ekoobchodn\u00fdm kupuj\u00facim a poskytoval spo\u013eahliv\u00e9 produkty, ktor\u00e9 kombinuj\u00fa siln\u00fd v\u00fdkon, \u0161t\u00fdlov\u00fd dizajn a konkurencieschopn\u00e9 ceny.<\/p>\n<\/div>\n<\/div>\n<\/div>\n<\/div>","protected":false},"excerpt":{"rendered":"<p data-start=\"274\" data-end=\"349\"><strong data-start=\"274\" data-end=\"347\">UZY 100000 \u0164ahov 100K Jednorazov\u00e1 Vape 35000 \u0164ahov Ve\u013ekoobchod v Eur\u00f3pe<\/strong><\/p>\n<p data-start=\"353\" data-end=\"426\"><strong data-start=\"353\" data-end=\"424\">UZY 100000 \u0165ahov 100K jednorazov\u00fd vape s digit\u00e1lnym displejom<\/strong><\/p>\n<p data-start=\"430\" data-end=\"494\"><strong data-start=\"430\" data-end=\"492\">K\u00fapte si UZY 100000 \u0164ahov 100K \u0164ahov Vape Online \u2013 Najlep\u0161ia Z\u013eavnen\u00e1 Cena<\/strong><\/p>\n<p><strong>Pridajte si Amy na whatsapp, aby ste dostali spr\u00e1vnu odpove\u010f a z\u013eavnen\u00fa cenu!<\/strong><\/p>\n<p><img fetchpriority=\"high\" decoding=\"async\" class=\"size-full wp-image-2932\" src=\"https:\/\/vapestornado.com\/wp-content\/uploads\/2024\/12\/Vape-Wholesale.jpg\" alt=\"Ve\u013ekoobchod s vape\" width=\"229\" height=\"300\" \/><\/p>\n<h3><a href=\"https:\/\/wa.me\/8617776015835\"><span style=\"color: #ff0000;\"><strong>WhatsApp: +86 17776015835<\/strong><\/span><\/a><\/h3>\n<p>&nbsp;<\/p>","protected":false},"featured_media":4323,"comment_status":"open","ping_status":"closed","template":"","meta":{"_acf_changed":false,"_uag_custom_page_level_css":"","_lmt_disableupdate":"no","_lmt_disable":"","_monsterinsights_skip_tracking":false,"_monsterinsights_sitenote_active":false,"_monsterinsights_sitenote_note":"","_monsterinsights_sitenote_category":0,"site-sidebar-layout":"default","site-content-layout":"","ast-site-content-layout":"default","site-content-style":"default","site-sidebar-style":"default","ast-global-header-display":"","ast-banner-title-visibility":"","ast-main-header-display":"","ast-hfb-above-header-display":"","ast-hfb-below-header-display":"","ast-hfb-mobile-header-display":"","site-post-title":"","ast-breadcrumbs-content":"","ast-featured-img":"","footer-sml-layout":"","ast-disable-related-posts":"","theme-transparent-header-meta":"default","adv-header-id-meta":"","stick-header-meta":"","header-above-stick-meta":"","header-main-stick-meta":"","header-below-stick-meta":"","astra-migrate-meta-layouts":"set","ast-page-background-enabled":"default","ast-page-background-meta":{"desktop":{"background-color":"","background-image":"","background-repeat":"repeat","background-position":"center center","background-size":"auto","background-attachment":"scroll","background-type":"","background-media":"","overlay-type":"","overlay-color":"","overlay-opacity":"","overlay-gradient":""},"tablet":{"background-color":"","background-image":"","background-repeat":"repeat","background-position":"center center","background-size":"auto","background-attachment":"scroll","background-type":"","background-media":"","overlay-type":"","overlay-color":"","overlay-opacity":"","overlay-gradient":""},"mobile":{"background-color":"","background-image":"","background-repeat":"repeat","background-position":"center center","background-size":"auto","background-attachment":"scroll","background-type":"","background-media":"","overlay-type":"","overlay-color":"","overlay-opacity":"","overlay-gradient":""}},"ast-content-background-meta":{"desktop":{"background-color":"var(--ast-global-color-5)","background-image":"","background-repeat":"repeat","background-position":"center center","background-size":"auto","background-attachment":"scroll","background-type":"","background-media":"","overlay-type":"","overlay-color":"","overlay-opacity":"","overlay-gradient":""},"tablet":{"background-color":"var(--ast-global-color-5)","background-image":"","background-repeat":"repeat","background-position":"center center","background-size":"auto","background-attachment":"scroll","background-type":"","background-media":"","overlay-type":"","overlay-color":"","overlay-opacity":"","overlay-gradient":""},"mobile":{"background-color":"var(--ast-global-color-5)","background-image":"","background-repeat":"repeat","background-position":"center center","background-size":"auto","background-attachment":"scroll","background-type":"","background-media":"","overlay-type":"","overlay-color":"","overlay-opacity":"","overlay-gradient":""}},"_joinchat":{"telephone":"17776015835"}},"product_brand":[],"product_cat":[346,152,153,156,158,142,357,146,356,171,60],"product_tag":[355,354,350,351,352,353],"class_list":{"0":"post-4327","1":"product","2":"type-product","3":"status-publish","4":"has-post-thumbnail","6":"product_cat-100000-puff","7":"product_cat-buy-disposable-vapes-in-cermany","8":"product_cat-buy-disposable-vapes-in-italy","9":"product_cat-buy-disposable-vapes-in-poland","10":"product_cat-buy-disposable-vapes-in-spain","11":"product_cat-digital-box-disposable-vapes","12":"product_cat-flavor-adjustable-vape","13":"product_cat-rechargeable-disposable-vapes","14":"product_cat-uzy-vape","15":"product_cat-vapsolo-disposable-vapes","16":"product_cat-waspe-fihp-vape","17":"product_tag-big-puff-vape","18":"product_tag-flavor-adjustable-vape","19":"product_tag-four-flavor-disposable-vape","20":"product_tag-uzy-100000-puff","21":"product_tag-uzy-100k","22":"product_tag-uzy-100k-4-in-1","23":"desktop-align-left","24":"tablet-align-left","25":"mobile-align-left","27":"first","28":"instock","29":"sale","30":"shipping-taxable","31":"purchasable","32":"product-type-simple"},"acf":[],"uagb_featured_image_src":{"full":["https:\/\/vapestornado.com\/wp-content\/uploads\/2025\/09\/UZY-100K-100000-Puff-Bulk-Buy-Vape-Online.webp",800,800,false],"thumbnail":["https:\/\/vapestornado.com\/wp-content\/uploads\/2025\/09\/UZY-100K-100000-Puff-Bulk-Buy-Vape-Online-150x150.webp",150,150,true],"medium":["https:\/\/vapestornado.com\/wp-content\/uploads\/2025\/09\/UZY-100K-100000-Puff-Bulk-Buy-Vape-Online-300x300.webp",300,300,true],"medium_large":["https:\/\/vapestornado.com\/wp-content\/uploads\/2025\/09\/UZY-100K-100000-Puff-Bulk-Buy-Vape-Online-768x768.webp",768,768,true],"large":["https:\/\/vapestornado.com\/wp-content\/uploads\/2025\/09\/UZY-100K-100000-Puff-Bulk-Buy-Vape-Online.webp",800,800,false],"1536x1536":["https:\/\/vapestornado.com\/wp-content\/uploads\/2025\/09\/UZY-100K-100000-Puff-Bulk-Buy-Vape-Online.webp",800,800,false],"2048x2048":["https:\/\/vapestornado.com\/wp-content\/uploads\/2025\/09\/UZY-100K-100000-Puff-Bulk-Buy-Vape-Online.webp",800,800,false],"trp-custom-language-flag":["https:\/\/vapestornado.com\/wp-content\/uploads\/2025\/09\/UZY-100K-100000-Puff-Bulk-Buy-Vape-Online-12x12.webp",12,12,true],"woocommerce_thumbnail":["https:\/\/vapestornado.com\/wp-content\/uploads\/2025\/09\/UZY-100K-100000-Puff-Bulk-Buy-Vape-Online-300x300.webp",300,300,true],"woocommerce_single":["https:\/\/vapestornado.com\/wp-content\/uploads\/2025\/09\/UZY-100K-100000-Puff-Bulk-Buy-Vape-Online-600x600.webp",600,600,true],"woocommerce_gallery_thumbnail":["https:\/\/vapestornado.com\/wp-content\/uploads\/2025\/09\/UZY-100K-100000-Puff-Bulk-Buy-Vape-Online-100x100.webp",100,100,true]},"uagb_author_info":{"display_name":"ESAMY","author_link":"https:\/\/vapestornado.com\/sk\/author\/"},"uagb_comment_info":1,"uagb_excerpt":"UZY 100000 Puff 100K Disposable Vape 35000 Puffs Wholesale in Europe UZY 100000 Puff 100K Disposable Vape with Digital Display &amp; Rechargeable Battery Buy UZY 100000 Puff 100K Puff Vape Online \u2013 Best Discount Price Add Amy's whatsapp to get right reply and discount price! WhatsApp: +86 17776015835 &nbsp;","_links":{"self":[{"href":"https:\/\/vapestornado.com\/sk\/wp-json\/wp\/v2\/product\/4327","targetHints":{"allow":["GET"]}}],"collection":[{"href":"https:\/\/vapestornado.com\/sk\/wp-json\/wp\/v2\/product"}],"about":[{"href":"https:\/\/vapestornado.com\/sk\/wp-json\/wp\/v2\/types\/product"}],"replies":[{"embeddable":true,"href":"https:\/\/vapestornado.com\/sk\/wp-json\/wp\/v2\/comments?post=4327"}],"wp:featuredmedia":[{"embeddable":true,"href":"https:\/\/vapestornado.com\/sk\/wp-json\/wp\/v2\/media\/4323"}],"wp:attachment":[{"href":"https:\/\/vapestornado.com\/sk\/wp-json\/wp\/v2\/media?parent=4327"}],"wp:term":[{"taxonomy":"product_brand","embeddable":true,"href":"https:\/\/vapestornado.com\/sk\/wp-json\/wp\/v2\/product_brand?post=4327"},{"taxonomy":"product_cat","embeddable":true,"href":"https:\/\/vapestornado.com\/sk\/wp-json\/wp\/v2\/product_cat?post=4327"},{"taxonomy":"product_tag","embeddable":true,"href":"https:\/\/vapestornado.com\/sk\/wp-json\/wp\/v2\/product_tag?post=4327"}],"curies":[{"name":"wp","href":"https:\/\/api.w.org\/{rel}","templated":true}]}}