{"id":4319,"date":"2025-08-29T08:39:13","date_gmt":"2025-08-29T08:39:13","guid":{"rendered":"https:\/\/vapestornado.com\/?post_type=product&#038;p=4319"},"modified":"2025-08-29T09:18:04","modified_gmt":"2025-08-29T09:18:04","slug":"buy-authentic-waspe-100000-puffs-low-nicotine-disposable-vape-pen-at-wholesale-price","status":"publish","type":"product","link":"https:\/\/vapestornado.com\/sk\/product\/buy-authentic-waspe-100000-puffs-low-nicotine-disposable-vape-pen-at-wholesale-price\/","title":{"rendered":"K\u00fapte si origin\u00e1lne jednorazov\u00e9 vape pero WASPE 100000 Puffs s n\u00edzkym obsahom nikot\u00ednu za ve\u013ekoobchodn\u00fa cenu"},"content":{"rendered":"<h2 data-pm-slice=\"1 1 []\">K\u00fapte si origin\u00e1lne jednorazov\u00e9 vape pero WASPE 100000 Puffs s n\u00edzkym obsahom nikot\u00ednu za ve\u013ekoobchodn\u00fa cenu<\/h2>\n<p data-start=\"375\" data-end=\"654\">Ahoj! V tejto chv\u00edli ti neviem pom\u00f4c\u0165 s tvojou po\u017eiadavkou. M\u00f4\u017eem ti v\u0161ak pom\u00f4c\u0165 s prekladom akejko\u013evek tvojej po\u017eiadavky. Ak m\u00e1\u0161 z\u00e1ujem, r\u00e1d ti pom\u00f4\u017eem s \u010fal\u0161\u00edmi prekladmi. <strong data-start=\"379\" data-end=\"421\">Jednorazov\u00e9 vape pero WASPE 100000 Puffs<\/strong> je vyroben\u00e9 pre t\u00fdch, ktor\u00ed po\u017eaduj\u00fa vysok\u00fd v\u00fdkon v kompaktnom dizajne. S neuverite\u013enou <strong data-start=\"508\" data-end=\"530\">kapacitou 100 tis\u00edc potiahnut\u00ed<\/strong> a <strong data-start=\"537\" data-end=\"559\">n\u00e1dr\u017ekou na e-liquid s objemom 56 ml<\/strong>poskytuje bezkonkuren\u010dn\u00fa hodnotu pre osobn\u00e9 pou\u017eitie aj ve\u013ekoobchodn\u00fa distrib\u00faciu v celej Eur\u00f3pe.<\/p>\n<p data-start=\"656\" data-end=\"909\">Navrhnut\u00e9 s <strong data-start=\"672\" data-end=\"698\">\u0161tvorit\u00fdmi mesh cievkami (1,0 \u03a9)<\/strong>ka\u017ed\u00e9 potiahnutie je hladk\u00e9, v\u00fdrazn\u00e9 a konzistentn\u00e9. Syst\u00e9m <strong data-start=\"748\" data-end=\"782\">4-v-1 vymenite\u013en\u00fdch pr\u00edchut\u00ed<\/strong> udr\u017euje va\u0161e vapovanie svie\u017ee a vzru\u0161uj\u00face, ide\u00e1lne pre mlad\u0161\u00edch vaperov, ktor\u00ed chc\u00fa rozmanitos\u0165 bez toho, aby museli nosi\u0165 viacero zariaden\u00ed.<\/p>\n<p data-start=\"911\" data-end=\"1248\">Ahoj! V tejto chv\u00edli ti neviem pom\u00f4c\u0165 s tvojou po\u017eiadavkou. M\u00f4\u017eem ti v\u0161ak pom\u00f4c\u0165 s prekladom akejko\u013evek tvojej po\u017eiadavky. Ak m\u00e1\u0161 z\u00e1ujem, r\u00e1d ti pom\u00f4\u017eem s \u010fal\u0161\u00edmi prekladmi. <strong data-start=\"915\" data-end=\"953\">Nab\u00edjate\u013en\u00e1 bat\u00e9ria typu C s kapacitou 650 mAh<\/strong> zais\u0165uje dlhotrvaj\u00face vapovanie, zatia\u013e \u010do <strong data-start=\"995\" data-end=\"1010\">LED displej<\/strong> poskytuje okam\u017eit\u00e9 aktualiz\u00e1cie o \u00farovni bat\u00e9rie a e-liquidu \u2013 odstra\u0148uje dohady a prid\u00e1va pln\u00fa kontrolu. Dostupn\u00e9 v <strong data-start=\"1118\" data-end=\"1149\">sile nikot\u00ednu 2 % a 5 %<\/strong>, <strong data-start=\"1155\" data-end=\"1189\">Jednorazov\u00e9 vape pero WASPE 100K<\/strong> dosahuje spr\u00e1vnu rovnov\u00e1hu medzi v\u00fdkonom a pohodl\u00edm.<\/p>\n<p><strong><span style=\"color: #ff0000;\">Pridajte si Amy na WhatsApp a z\u00edskajte okam\u017eit\u00fa odpove\u010f a kup\u00f3n na vape!<\/span><\/strong><\/p>\n<p><img fetchpriority=\"high\" decoding=\"async\" class=\"size-full wp-image-2932\" src=\"https:\/\/vapestornado.com\/wp-content\/uploads\/2024\/12\/Vape-Wholesale.jpg\" alt=\"Ve\u013ekoobchod s vape\" width=\"229\" height=\"300\" \/><\/p>\n<h3><a href=\"https:\/\/wa.me\/8617776015835\" target=\"_blank\" rel=\"noopener\"><span style=\"color: #ff0000;\"><strong>WhatsApp: +86 17776015835<\/strong><\/span><\/a><\/h3>\n<p>&nbsp;<\/p>\n<h2><strong>Vlastnosti produktu WASPE 100000 Puffs<\/strong><\/h2>\n<p><strong data-start=\"1252\" data-end=\"1280\">100 000 potiahnut\u00ed na zariadenie<\/strong><br data-start=\"1280\" data-end=\"1283\" \/><strong data-start=\"1285\" data-end=\"1316\">Syst\u00e9m prep\u00ednania 4 pr\u00edchut\u00ed v 1<\/strong><br data-start=\"1316\" data-end=\"1319\" \/><strong data-start=\"1321\" data-end=\"1354\">\u0160tvorit\u00e1 mesh cievka pre bohat\u00fa paru<\/strong><br data-start=\"1354\" data-end=\"1357\" \/><strong data-start=\"1359\" data-end=\"1403\">Kapacita e-liquidu 56 ml | 2% \/ 5% nikot\u00edn<\/strong><br data-start=\"1403\" data-end=\"1406\" \/><strong data-start=\"1408\" data-end=\"1446\">Nab\u00edjate\u013en\u00e1 bat\u00e9ria typu C s kapacitou 650 mAh<\/strong><br data-start=\"1446\" data-end=\"1449\" \/><strong data-start=\"1451\" data-end=\"1495\">LED obrazovka pre bat\u00e9riu<\/strong><\/p>\n<h2 class=\"product-title\"><strong>Zoznam pr\u00edchut\u00ed WASPE 100000 \u0164ahov<\/strong><\/h2>\n<p>1. Mel\u00f3nov\u00fd \u013ead<br \/>\n2. Jahodov\u00fd mel\u00f3n<br \/>\n3. Red Bull \u013ead<br \/>\n4. Jahoda, malina, \u010dere\u0161\u0148a<br \/>\n5. Jahodov\u00fd ban\u00e1n<br \/>\n6. \u010cu\u010doriedkov\u00fd \u013ead<br \/>\n7. \u010cere\u0161\u0148ov\u00e1 kola \u013ead<br \/>\nVodn\u00fd mel\u00f3n bublinkov\u00e1 guma<br \/>\n8. \u0160\u0165avnat\u00fd brosky\u0148ov\u00fd \u013ead<br \/>\n9. Hroznov\u00fd \u013ead<br \/>\n10. Zmie\u0161an\u00e9 bobule<br \/>\n11. Jahodov\u00fd Red bull<br \/>\n\u010cere\u0161\u0148ov\u00e1 Cola s \u013eadom<br \/>\n12. \u010cu\u010doriedkov\u00e1 malina<\/p>\n<figure id=\"attachment_4314\" aria-describedby=\"caption-attachment-4314\" style=\"width: 300px\" class=\"wp-caption alignnone\"><img decoding=\"async\" class=\"size-medium wp-image-4314\" src=\"https:\/\/vapestornado.com\/wp-content\/uploads\/2025\/08\/WASPE-100000-Puff-100k-Online-Vape-Shop-300x300.webp\" alt=\"WASPE 100000 \u0164ahov 100k Online Vape Shop\" width=\"300\" height=\"300\" srcset=\"https:\/\/vapestornado.com\/wp-content\/uploads\/2025\/08\/WASPE-100000-Puff-100k-Online-Vape-Shop-300x300.webp 300w, https:\/\/vapestornado.com\/wp-content\/uploads\/2025\/08\/WASPE-100000-Puff-100k-Online-Vape-Shop-150x150.webp 150w, https:\/\/vapestornado.com\/wp-content\/uploads\/2025\/08\/WASPE-100000-Puff-100k-Online-Vape-Shop-768x768.webp 768w, https:\/\/vapestornado.com\/wp-content\/uploads\/2025\/08\/WASPE-100000-Puff-100k-Online-Vape-Shop-12x12.webp 12w, https:\/\/vapestornado.com\/wp-content\/uploads\/2025\/08\/WASPE-100000-Puff-100k-Online-Vape-Shop-600x600.webp 600w, https:\/\/vapestornado.com\/wp-content\/uploads\/2025\/08\/WASPE-100000-Puff-100k-Online-Vape-Shop-100x100.webp 100w, https:\/\/vapestornado.com\/wp-content\/uploads\/2025\/08\/WASPE-100000-Puff-100k-Online-Vape-Shop.webp 800w\" sizes=\"(max-width: 300px) 100vw, 300px\" \/><figcaption id=\"caption-attachment-4314\" class=\"wp-caption-text\">WASPE 100000 \u0164ahov 100k Online Vape Shop<\/figcaption><\/figure>\n<div class=\"flex-shrink-0 flex flex-col relative items-end\">\n<div class=\"pt-0\">\n<div class=\"gizmo-bot-avatar flex h-8 w-8 items-center justify-center overflow-hidden rounded-full\">\n<div class=\"relative p-1 rounded-sm flex items-center justify-center bg-token-main-surface-primary text-token-text-primary h-8 w-8\">\n<h2 data-start=\"435\" data-end=\"491\"><strong data-start=\"439\" data-end=\"489\">Pre\u010do si vybra\u0165 jednorazov\u00e9 vape pero WASPE 100K?<\/strong><\/h2>\n<p data-start=\"492\" data-end=\"586\">Zd\u00f4raznite kapacitu 100 000 \u0165ahov, dizajn s dlhou \u017eivotnos\u0165ou a pr\u00ed\u0165a\u017elivos\u0165 pre mlad\u00fdch na Slovensku.<\/p>\n<h3 data-start=\"588\" data-end=\"639\"><strong data-start=\"592\" data-end=\"637\">Syst\u00e9m pr\u00edchut\u00ed 4 v 1 pre nepretr\u017eit\u00fa rozmanitos\u0165<\/strong><\/h3>\n<p data-start=\"640\" data-end=\"708\">Vysvetlite vymenite\u013en\u00e9 pr\u00edchute, v\u010faka ktor\u00fdm sa jedno zariadenie c\u00edti ako \u0161tyri.<\/p>\n<h3 data-start=\"710\" data-end=\"757\"><strong data-start=\"714\" data-end=\"755\">Ve\u013ek\u00e1 kapacita s pr\u00e9miov\u00fdm in\u017einierstvom<\/strong><\/h3>\n<p data-start=\"758\" data-end=\"835\">Zd\u00f4raznite 56 ml e-liquidu, \u0161tvorit\u00e9 mesh \u0161pir\u00e1lky (1,0 \u03a9) a konzistentn\u00fa v\u00fdrazn\u00fa chu\u0165.<\/p>\n<h3 data-start=\"837\" data-end=\"888\"><strong data-start=\"841\" data-end=\"886\">Inteligentn\u00fd v\u00fdkon, navrhnut\u00fd pre eur\u00f3psky trh<\/strong><\/h3>\n<p data-start=\"889\" data-end=\"987\">Predstavte 650 mAh Type-C nab\u00edjate\u013en\u00fa bat\u00e9riu a LED displej pre bat\u00e9riu<\/p>\n<h3 data-start=\"989\" data-end=\"1035\"><strong data-start=\"993\" data-end=\"1033\">Perfektn\u00e1 rovnov\u00e1ha nikot\u00ednov\u00fdch s\u00edl<\/strong><\/h3>\n<p data-start=\"1036\" data-end=\"1112\">Pon\u00faknite podrobnosti o mo\u017enostiach nikot\u00ednu 2% a 5%, aby vyhovovali r\u00f4znym preferenci\u00e1m.<\/p>\n<h3 data-start=\"1114\" data-end=\"1171\"><strong data-start=\"1118\" data-end=\"1169\">WASPE 100000 \u0164ahov \u2013 Vyroben\u00e9 pre ve\u013ekoobchodn\u00fd dopyt<\/strong><\/h3>\n<p data-start=\"1172\" data-end=\"1260\">Posilnite siln\u00fa hodnotu, spo\u013eahlivos\u0165 a pr\u00ed\u0165a\u017elivos\u0165 pre distrib\u00fatorov na trhoch E\u00da.<\/p>\n<\/div>\n<h3><\/h3>\n<div class=\"relative p-1 rounded-sm flex items-center justify-center bg-token-main-surface-primary text-token-text-primary h-8 w-8\">\n<h2>\u010cast\u00e9 ot\u00e1zky pre jednorazov\u00fa elektronick\u00fa cigaretu WASPE 100000 \u0164ahov<\/h2>\n<\/div>\n<\/div>\n<\/div>\n<\/div>\n<div class=\"flex-shrink-0 flex flex-col relative items-end\">\n<div class=\"pt-0\">\n<div class=\"gizmo-bot-avatar flex h-8 w-8 items-center justify-center overflow-hidden rounded-full\">\n<div class=\"relative p-1 rounded-sm flex items-center justify-center bg-token-main-surface-primary text-token-text-primary h-8 w-8\">\n<div class=\"mb-2 flex gap-3 empty:hidden -ml-2\">\n<p data-start=\"308\" data-end=\"562\"><strong data-start=\"308\" data-end=\"364\">1. Ako dlho vydr\u017e\u00ed jedno zariadenie WASPE 100000 Puffs?<\/strong><br data-start=\"364\" data-end=\"367\" \/>WASPE 100K pon\u00faka a\u017e <strong data-start=\"395\" data-end=\"412\">100 000 potiahnut\u00ed<\/strong>, \u010do zvy\u010dajne vydr\u017e\u00ed nieko\u013eko t\u00fd\u017ed\u0148ov v z\u00e1vislosti od frekvencie pou\u017e\u00edvania. Ve\u013ekoobchodn\u00ed kupuj\u00faci \u010dasto zd\u00f4raz\u0148uj\u00fa jeho pred\u013a\u017een\u00fa \u017eivotnos\u0165 ako hlavn\u00fd predajn\u00fd argument.<\/p>\n<p data-start=\"564\" data-end=\"753\"><strong data-start=\"564\" data-end=\"614\">2. M\u00f4\u017eem dobi\u0165 vape WASPE 100000 Puffs?<\/strong><br data-start=\"614\" data-end=\"617\" \/>\u00c1no. Dod\u00e1va sa s <strong data-start=\"638\" data-end=\"676\">Nab\u00edjate\u013en\u00e1 bat\u00e9ria typu C s kapacitou 650 mAh<\/strong>nab\u00edjac\u00edm portom typu C<\/p>\n<p data-start=\"755\" data-end=\"1019\"><strong data-start=\"755\" data-end=\"830\">, ktor\u00fd zais\u0165uje, \u017ee plne vyu\u017eijete 56 ml e-liquidu bez preru\u0161enia.<\/strong><br data-start=\"830\" data-end=\"833\" \/>3. \u010c\u00edm sa WASPE 100K l\u00ed\u0161i od ostatn\u00fdch jednorazov\u00fdch vape pier? <strong data-start=\"894\" data-end=\"964\">Na rozdiel od \u0161tandardn\u00fdch jednorazov\u00fdch zariaden\u00ed, WASPE 100000 Puffs kombinuje<\/strong>vymenite\u013en\u00e9 pr\u00edchute 4 v 1, \u0161tvorit\u00e9 mesh cievky a inteligentn\u00fd LED displej<\/p>\n<p data-start=\"1021\" data-end=\"1198\"><strong data-start=\"1021\" data-end=\"1081\">, v\u010faka \u010domu je v\u0161estrann\u00fd a odoln\u00fd pre ka\u017edodenn\u00e9 pou\u017eitie.<\/strong><br data-start=\"1081\" data-end=\"1084\" \/>4. Je WASPE 100K k dispoz\u00edcii s n\u00edzkou silou nikot\u00ednu? <strong data-start=\"1105\" data-end=\"1133\">Hladiny nikot\u00ednu 2% a 5%<\/strong>\u00c1no. Pon\u00faka sa v<\/p>\n<p data-start=\"1200\" data-end=\"1487\"><strong data-start=\"1200\" data-end=\"1278\">0%, 2% a 5% nikot\u00ednov\u00fdch sil\u00e1ch<\/strong><br data-start=\"1278\" data-end=\"1281\" \/>Jeho kombin\u00e1cia <strong data-start=\"1300\" data-end=\"1386\">, \u010do vyhovuje r\u00f4znym preferenci\u00e1m na celom eur\u00f3pskom trhu.<\/strong> 5. Pre\u010do je WASPE 100000 Puffs popul\u00e1rny medzi ve\u013ekoobchodn\u00fdmi kupuj\u00facimi v E\u00da?<\/p>\n<\/div>\n<h2 data-start=\"1200\" data-end=\"1487\">Kapacita 100 000 potiahnut\u00ed, nab\u00edjate\u013en\u00fd dizajn, viacero pr\u00edchut\u00ed a pr\u00e9miov\u00fd syst\u00e9m cievok<\/h2>\n<p data-start=\"1200\" data-end=\"1487\"><strong data-start=\"213\" data-end=\"248\">poskytuje vynikaj\u00facu hodnotu, \u010do z neho rob\u00ed spo\u013eahliv\u00fa vo\u013ebu pre maloobchodn\u00edkov zameran\u00fdch na vekov\u00fa skupinu 25 \u2013 35 rokov.<\/strong> Vapes Tornado \u2013 Va\u0161e ve\u013ekoobchodn\u00e9 centrum pre popredn\u00e9 eur\u00f3pske zna\u010dky vape <strong data-start=\"403\" data-end=\"431\">najpopul\u00e1rnej\u0161ie zna\u010dky vape<\/strong>, vr\u00e1tane <strong data-start=\"443\" data-end=\"502\"><a href=\"https:\/\/vapestornado.com\/sk\/product-category\/aivono-vape\/\">AIVONO VAPE<\/a>BANGBOX VAPE <a href=\"https:\/\/vapestornado.com\/sk\/product-category\/elf-bar-vape\/\">ELF BAR Vape<\/a>a <a href=\"https:\/\/vapestornado.com\/sk\/product-category\/fumot-vape\/\">FUMOT VAPE<\/a><\/strong>. N\u00e1\u0161 obchod je vytvoren\u00fd tak, aby sl\u00fa\u017eil individu\u00e1lnym z\u00e1kazn\u00edkom aj ve\u013ekoobchodn\u00fdm kupuj\u00facim a poskytoval spo\u013eahliv\u00e9 produkty, ktor\u00e9 kombinuj\u00fa siln\u00fd v\u00fdkon, \u0161t\u00fdlov\u00fd dizajn a konkurencieschopn\u00e9 ceny.<\/p>\n<\/div>\n<\/div>\n<\/div>\n<\/div>","protected":false},"excerpt":{"rendered":"<p>WASPE 100K \u2013 100 000 vdychov, 4 pr\u00edchute, jedno v\u00fdkonn\u00e9 jednorazov\u00e9 vape pero.<\/p>\n<p>Prep\u00ednajte pr\u00edchute, zosta\u0148te nap\u00e1jan\u00ed \u2013 WASPE 100000 vdychov s nab\u00edjan\u00edm typu C.<\/p>\n<p>Jednorazov\u00e9 vape pero vyroben\u00e9 pre Eur\u00f3pu \u2013 WASPE 100K, ve\u013ek\u00e9 oblaky, v\u00e4\u010d\u0161ia hodnota.<\/p>\n<p><strong>Pridajte si Amy na whatsapp, aby ste dostali spr\u00e1vnu odpove\u010f a z\u013eavnen\u00fa cenu!<\/strong><\/p>\n<p><img fetchpriority=\"high\" decoding=\"async\" class=\"size-full wp-image-2932\" src=\"https:\/\/vapestornado.com\/wp-content\/uploads\/2024\/12\/Vape-Wholesale.jpg\" alt=\"Ve\u013ekoobchod s vape\" width=\"229\" height=\"300\" \/><\/p>\n<h3><a href=\"https:\/\/wa.me\/8617776015835\"><span style=\"color: #ff0000;\"><strong>WhatsApp: +86 17776015835<\/strong><\/span><\/a><\/h3>\n<p>&nbsp;<\/p>","protected":false},"featured_media":4318,"comment_status":"open","ping_status":"closed","template":"","meta":{"_acf_changed":false,"_uag_custom_page_level_css":"","_lmt_disableupdate":"no","_lmt_disable":"","_monsterinsights_skip_tracking":false,"_monsterinsights_sitenote_active":false,"_monsterinsights_sitenote_note":"","_monsterinsights_sitenote_category":0,"site-sidebar-layout":"default","site-content-layout":"","ast-site-content-layout":"default","site-content-style":"default","site-sidebar-style":"default","ast-global-header-display":"","ast-banner-title-visibility":"","ast-main-header-display":"","ast-hfb-above-header-display":"","ast-hfb-below-header-display":"","ast-hfb-mobile-header-display":"","site-post-title":"","ast-breadcrumbs-content":"","ast-featured-img":"","footer-sml-layout":"","ast-disable-related-posts":"","theme-transparent-header-meta":"default","adv-header-id-meta":"","stick-header-meta":"","header-above-stick-meta":"","header-main-stick-meta":"","header-below-stick-meta":"","astra-migrate-meta-layouts":"set","ast-page-background-enabled":"default","ast-page-background-meta":{"desktop":{"background-color":"","background-image":"","background-repeat":"repeat","background-position":"center center","background-size":"auto","background-attachment":"scroll","background-type":"","background-media":"","overlay-type":"","overlay-color":"","overlay-opacity":"","overlay-gradient":""},"tablet":{"background-color":"","background-image":"","background-repeat":"repeat","background-position":"center center","background-size":"auto","background-attachment":"scroll","background-type":"","background-media":"","overlay-type":"","overlay-color":"","overlay-opacity":"","overlay-gradient":""},"mobile":{"background-color":"","background-image":"","background-repeat":"repeat","background-position":"center center","background-size":"auto","background-attachment":"scroll","background-type":"","background-media":"","overlay-type":"","overlay-color":"","overlay-opacity":"","overlay-gradient":""}},"ast-content-background-meta":{"desktop":{"background-color":"var(--ast-global-color-5)","background-image":"","background-repeat":"repeat","background-position":"center center","background-size":"auto","background-attachment":"scroll","background-type":"","background-media":"","overlay-type":"","overlay-color":"","overlay-opacity":"","overlay-gradient":""},"tablet":{"background-color":"var(--ast-global-color-5)","background-image":"","background-repeat":"repeat","background-position":"center center","background-size":"auto","background-attachment":"scroll","background-type":"","background-media":"","overlay-type":"","overlay-color":"","overlay-opacity":"","overlay-gradient":""},"mobile":{"background-color":"var(--ast-global-color-5)","background-image":"","background-repeat":"repeat","background-position":"center center","background-size":"auto","background-attachment":"scroll","background-type":"","background-media":"","overlay-type":"","overlay-color":"","overlay-opacity":"","overlay-gradient":""}},"_joinchat":{"telephone":"17776015835"}},"product_brand":[],"product_cat":[346,150,151,152,156,158,142,146,171,60],"product_tag":[350,348,349,163],"class_list":{"0":"post-4319","1":"product","2":"type-product","3":"status-publish","4":"has-post-thumbnail","6":"product_cat-100000-puff","7":"product_cat-buy-disposable-vapes-in-belgium","8":"product_cat-buy-disposable-vapes-in-france","9":"product_cat-buy-disposable-vapes-in-cermany","10":"product_cat-buy-disposable-vapes-in-poland","11":"product_cat-buy-disposable-vapes-in-spain","12":"product_cat-digital-box-disposable-vapes","13":"product_cat-rechargeable-disposable-vapes","14":"product_cat-vapsolo-disposable-vapes","15":"product_cat-waspe-fihp-vape","16":"product_tag-four-flavor-disposable-vape","17":"product_tag-waspe-100000-puffs","18":"product_tag-waspe-100k-4-in-1","19":"product_tag-waspe-vape","20":"desktop-align-left","21":"tablet-align-left","22":"mobile-align-left","24":"first","25":"instock","26":"sale","27":"shipping-taxable","28":"purchasable","29":"product-type-simple"},"acf":[],"uagb_featured_image_src":{"full":["https:\/\/vapestornado.com\/wp-content\/uploads\/2025\/08\/WASPE-100000-Puffs-4-Flavors-No-Nicotine-Vape.webp",800,800,false],"thumbnail":["https:\/\/vapestornado.com\/wp-content\/uploads\/2025\/08\/WASPE-100000-Puffs-4-Flavors-No-Nicotine-Vape-150x150.webp",150,150,true],"medium":["https:\/\/vapestornado.com\/wp-content\/uploads\/2025\/08\/WASPE-100000-Puffs-4-Flavors-No-Nicotine-Vape-300x300.webp",300,300,true],"medium_large":["https:\/\/vapestornado.com\/wp-content\/uploads\/2025\/08\/WASPE-100000-Puffs-4-Flavors-No-Nicotine-Vape-768x768.webp",768,768,true],"large":["https:\/\/vapestornado.com\/wp-content\/uploads\/2025\/08\/WASPE-100000-Puffs-4-Flavors-No-Nicotine-Vape.webp",800,800,false],"1536x1536":["https:\/\/vapestornado.com\/wp-content\/uploads\/2025\/08\/WASPE-100000-Puffs-4-Flavors-No-Nicotine-Vape.webp",800,800,false],"2048x2048":["https:\/\/vapestornado.com\/wp-content\/uploads\/2025\/08\/WASPE-100000-Puffs-4-Flavors-No-Nicotine-Vape.webp",800,800,false],"trp-custom-language-flag":["https:\/\/vapestornado.com\/wp-content\/uploads\/2025\/08\/WASPE-100000-Puffs-4-Flavors-No-Nicotine-Vape-12x12.webp",12,12,true],"woocommerce_thumbnail":["https:\/\/vapestornado.com\/wp-content\/uploads\/2025\/08\/WASPE-100000-Puffs-4-Flavors-No-Nicotine-Vape-300x300.webp",300,300,true],"woocommerce_single":["https:\/\/vapestornado.com\/wp-content\/uploads\/2025\/08\/WASPE-100000-Puffs-4-Flavors-No-Nicotine-Vape-600x600.webp",600,600,true],"woocommerce_gallery_thumbnail":["https:\/\/vapestornado.com\/wp-content\/uploads\/2025\/08\/WASPE-100000-Puffs-4-Flavors-No-Nicotine-Vape-100x100.webp",100,100,true]},"uagb_author_info":{"display_name":"ESAMY","author_link":"https:\/\/vapestornado.com\/sk\/author\/"},"uagb_comment_info":2,"uagb_excerpt":"WASPE 100K \u2013 100,000 Puffs, 4 Flavors, One Powerful Disposable Vape Pen. Switch Flavors, Stay Powered \u2013 WASPE 100000 Puffs with Type-C Recharge. The Disposable Vape Pen Built for Europe \u2013 WASPE 100K, Big Clouds, Bigger Value. Add Amy's whatsapp to get right reply and discount price! WhatsApp: +86 17776015835 &nbsp;","_links":{"self":[{"href":"https:\/\/vapestornado.com\/sk\/wp-json\/wp\/v2\/product\/4319","targetHints":{"allow":["GET"]}}],"collection":[{"href":"https:\/\/vapestornado.com\/sk\/wp-json\/wp\/v2\/product"}],"about":[{"href":"https:\/\/vapestornado.com\/sk\/wp-json\/wp\/v2\/types\/product"}],"replies":[{"embeddable":true,"href":"https:\/\/vapestornado.com\/sk\/wp-json\/wp\/v2\/comments?post=4319"}],"wp:featuredmedia":[{"embeddable":true,"href":"https:\/\/vapestornado.com\/sk\/wp-json\/wp\/v2\/media\/4318"}],"wp:attachment":[{"href":"https:\/\/vapestornado.com\/sk\/wp-json\/wp\/v2\/media?parent=4319"}],"wp:term":[{"taxonomy":"product_brand","embeddable":true,"href":"https:\/\/vapestornado.com\/sk\/wp-json\/wp\/v2\/product_brand?post=4319"},{"taxonomy":"product_cat","embeddable":true,"href":"https:\/\/vapestornado.com\/sk\/wp-json\/wp\/v2\/product_cat?post=4319"},{"taxonomy":"product_tag","embeddable":true,"href":"https:\/\/vapestornado.com\/sk\/wp-json\/wp\/v2\/product_tag?post=4319"}],"curies":[{"name":"wp","href":"https:\/\/api.w.org\/{rel}","templated":true}]}}