{"id":4312,"date":"2025-08-28T08:42:28","date_gmt":"2025-08-28T08:42:28","guid":{"rendered":"https:\/\/vapestornado.com\/?post_type=product&#038;p=4312"},"modified":"2025-08-28T09:33:49","modified_gmt":"2025-08-28T09:33:49","slug":"original-wga-ultra-35k-35000-puff-rechargeable-crystal-disposable-nicotine-vape-best-discount-price","status":"publish","type":"product","link":"https:\/\/vapestornado.com\/sk\/product\/original-wga-ultra-35k-35000-puff-rechargeable-crystal-disposable-nicotine-vape-best-discount-price\/","title":{"rendered":"Origin\u00e1lny WGA ULTRA 35k 35000 \u0164ahov Nab\u00edjate\u013en\u00fd Kry\u0161t\u00e1lov\u00fd Jednorazov\u00fd Nikot\u00ednov\u00fd Vape Najlep\u0161ia Z\u013eavov\u00e1 Cena"},"content":{"rendered":"<h1 data-pm-slice=\"1 1 []\">Origin\u00e1lny WGA ULTRA 35k 35000 \u0164ahov Nab\u00edjate\u013en\u00fd Kry\u0161t\u00e1lov\u00fd Jednorazov\u00fd Nikot\u00ednov\u00fd Vape Najlep\u0161ia Z\u013eavov\u00e1 Cena<\/h1>\n<p data-start=\"361\" data-end=\"697\">Ahoj! V tejto chv\u00edli ti neviem pom\u00f4c\u0165 s tvojou po\u017eiadavkou. M\u00f4\u017eem ti v\u0161ak pom\u00f4c\u0165 s prekladom akejko\u013evek tvojej po\u017eiadavky. Ak m\u00e1\u0161 z\u00e1ujem, r\u00e1d ti pom\u00f4\u017eem s \u010fal\u0161\u00edmi prekladmi. <strong data-start=\"425\" data-end=\"466\">WGA Ultra 35k Jednorazov\u00e1 Vape<\/strong> stanovuje nov\u00fd \u0161tandard pre dlhotrvaj\u00faci v\u00fdkon a hladk\u00fa chu\u0165 pre vapingov\u00fd priemysel. Tento sil\u00e1k poskytuje a\u017e <strong data-start=\"519\" data-end=\"535\">35 000 \u0165ahov<\/strong>, \u010do z neho rob\u00ed jednu z najodolnej\u0161\u00edch jednorazov\u00fdch vapes vo svojej kateg\u00f3rii. S dokonalou ve\u013ekos\u0165ou 108*48*23,6 mm kombinuje \u0161t\u00fdl a praktickos\u0165 pre ka\u017edodenn\u00e9 pou\u017eitie.<\/p>\n<h3 data-start=\"699\" data-end=\"741\">35 000 Potiahnut\u00ed Podporen\u00e9 35 ml E-liquidom<\/h3>\n<p data-start=\"742\" data-end=\"1051\">Na rozdiel od men\u0161\u00edch jednorazov\u00fdch zariaden\u00ed, WGA 35k Jednorazov\u00e1 Vape obsahuje \u0161tedr\u00fdch <strong data-start=\"817\" data-end=\"847\">35 ml predplnen\u00e9ho e-liquidu<\/strong>, \u010d\u00edm zais\u0165uje, \u017ee ka\u017ed\u00e9 sedenie bude pln\u00e9 chuti. \u010ci u\u017e uprednost\u0148ujete siln\u00fd nikot\u00ednov\u00fd z\u00e1sah alebo hlad\u0161ie \u0165ahanie, je k dispoz\u00edcii v <strong data-start=\"969\" data-end=\"998\">2% a 5% nikot\u00ednov\u00fdch mo\u017enostiach<\/strong>, \u010do v\u00e1m umo\u017en\u00ed vybra\u0165 si, \u010do vyhovuje v\u00e1\u0161mu \u017eivotn\u00e9mu \u0161t\u00fdlu.<\/p>\n<h3 data-start=\"1053\" data-end=\"1089\">Nab\u00edjate\u013en\u00fd v\u00fdkon s Type-C<\/h3>\n<p data-start=\"1090\" data-end=\"1396\">Vn\u00fatri tohto kompaktn\u00e9ho dizajnu je <strong data-start=\"1122\" data-end=\"1153\">550mAh nab\u00edjate\u013en\u00e1 bat\u00e9ria<\/strong> podporovan\u00fd <strong data-start=\"1167\" data-end=\"1186\">Nab\u00edjanie typu C<\/strong>, \u010do zais\u0165uje r\u00fdchle nab\u00edjanie s minim\u00e1lnymi prestojmi. Na rozdiel od typick\u00fdch jednorazov\u00fdch zariaden\u00ed, ktor\u00e9 kon\u010dia, ke\u010f bat\u00e9ria slabne, toto zariadenie v\u00e1m d\u00e1va to najlep\u0161ie z oboch svetov: jednorazov\u00e9 pohodlie s nab\u00edjate\u013enou \u00fa\u010dinnos\u0165ou.<\/p>\n<h3 data-start=\"1398\" data-end=\"1425\">Inteligentn\u00fd digit\u00e1lny displej<\/h3>\n<p data-start=\"1426\" data-end=\"1715\">U\u017e \u017eiadne h\u00e1danie. The <strong data-start=\"1448\" data-end=\"1467\">digit\u00e1lny displej<\/strong> jasne zobrazuje va\u0161e <strong data-start=\"1487\" data-end=\"1529\">percento bat\u00e9rie a hladiny e-liquidu<\/strong>, tak\u017ee m\u00e1te kontrolu na ka\u017edom kroku. V\u010faka tomu je WGA Ultra 35k obzvl\u00e1\u0161\u0165 pr\u00ed\u0165a\u017eliv\u00fd pre mu\u017eov, ktor\u00ed chc\u00fa spo\u013eahliv\u00e9 a priamo\u010diare zariadenie bez probl\u00e9mov s neistotou.<\/p>\n<h3 data-start=\"1717\" data-end=\"1756\">Du\u00e1lna Mesh Coil pre maxim\u00e1lnu chu\u0165<\/h3>\n<p data-start=\"1757\" data-end=\"1990\">Vstavan\u00fd <strong data-start=\"1770\" data-end=\"1788\">du\u00e1lna sie\u0165ov\u00e1 cievka<\/strong> zvy\u0161uje ka\u017ed\u00e9 potiahnutie, produkuje hust\u00e9 oblaky pary a siln\u00fa, konzistentn\u00fa chu\u0165. \u010ci u\u017e si vychutn\u00e1vate ovocn\u00e9 zmesi alebo \u013eadov\u00e9 klasiky, coil zais\u0165uje hladk\u00fd v\u00fdkon bez drsn\u00fdch alebo sp\u00e1len\u00fdch potiahnut\u00ed.<\/p>\n<h3 data-start=\"1992\" data-end=\"2019\">30 pr\u00edchut\u00ed na presk\u00famanie<\/h3>\n<p data-start=\"2020\" data-end=\"2342\">S <strong data-start=\"2025\" data-end=\"2048\">30 vzru\u0161uj\u00facich pr\u00edchut\u00ed<\/strong>, WGA Crystal Ultra 35k m\u00e1 nie\u010do pre ka\u017ed\u00e9ho. Medzi ob\u013e\u00faben\u00e9 patr\u00ed <strong data-start=\"2130\" data-end=\"2206\">\u010cu\u010doriedka Malina, Cola \u013dad, Red Bull, Mojito, Kaktus \u013dad, Brosky\u0148ov\u00fd Bozk,<\/strong> a <strong data-start=\"2211\" data-end=\"2231\">Dra\u010die Ovocie \u013dad<\/strong>. Od osvie\u017euj\u00facej m\u00e4ty po v\u00fdrazn\u00e9 s\u00f3dov\u00e9 zmesi, t\u00e1to vape je navrhnut\u00e1 tak, aby uspokojila \u0161irok\u00fa \u0161k\u00e1lu eur\u00f3pskych chut\u00ed.<\/p>\n<p><strong><span style=\"color: #ff0000;\">Pridajte si Amy na whatsapp a z\u00edskajte spr\u00e1vnu odpove\u010f a kup\u00f3n na vapy!<\/span><\/strong><\/p>\n<p><img fetchpriority=\"high\" decoding=\"async\" class=\"size-full wp-image-2932\" src=\"https:\/\/vapestornado.com\/wp-content\/uploads\/2024\/12\/Vape-Wholesale.jpg\" alt=\"Ve\u013ekoobchod s vape\" width=\"229\" height=\"300\" \/><\/p>\n<h3><a href=\"https:\/\/wa.me\/8617776015835\" target=\"_blank\" rel=\"noopener\"><span style=\"color: #ff0000;\"><strong>WhatsApp: +86 17776015835<\/strong><\/span><\/a><\/h3>\n<p>&nbsp;<\/p>\n<h2><strong>Vlastnosti produktu WGA ULTRA 35k<\/strong><\/h2>\n<p>&nbsp;<\/p>\n<p>Potiahnutia: 35000 potiahnut\u00ed<br \/>\nE-liquid: 35 ml<br \/>\nSila nikot\u00ednu: 2%\/5%<br \/>\nBat\u00e9ria: 550 mAh s nab\u00edjan\u00edm typu C<br \/>\nDigit\u00e1lny displej pre olej a e-juice<br \/>\nDu\u00e1lna sie\u0165ovan\u00e1 \u0161pir\u00e1lka<br \/>\nVe\u013ekos\u0165 produktu: 108*48*23,6 mm<\/p>\n<figure id=\"attachment_4307\" aria-describedby=\"caption-attachment-4307\" style=\"width: 300px\" class=\"wp-caption alignnone\"><img decoding=\"async\" class=\"size-medium wp-image-4307\" src=\"https:\/\/vapestornado.com\/wp-content\/uploads\/2025\/08\/WGA-35K-Ultra-35000-Puffs-Rechargeable-Disposable-Vape-300x300.webp\" alt=\"WGA Ultra 35K 35000 potiahnut\u00ed Nab\u00edjate\u013en\u00e1 jednorazov\u00e1 vape\" width=\"300\" height=\"300\" srcset=\"https:\/\/vapestornado.com\/wp-content\/uploads\/2025\/08\/WGA-35K-Ultra-35000-Puffs-Rechargeable-Disposable-Vape-300x300.webp 300w, https:\/\/vapestornado.com\/wp-content\/uploads\/2025\/08\/WGA-35K-Ultra-35000-Puffs-Rechargeable-Disposable-Vape-150x150.webp 150w, https:\/\/vapestornado.com\/wp-content\/uploads\/2025\/08\/WGA-35K-Ultra-35000-Puffs-Rechargeable-Disposable-Vape-768x768.webp 768w, https:\/\/vapestornado.com\/wp-content\/uploads\/2025\/08\/WGA-35K-Ultra-35000-Puffs-Rechargeable-Disposable-Vape-12x12.webp 12w, https:\/\/vapestornado.com\/wp-content\/uploads\/2025\/08\/WGA-35K-Ultra-35000-Puffs-Rechargeable-Disposable-Vape-600x600.webp 600w, https:\/\/vapestornado.com\/wp-content\/uploads\/2025\/08\/WGA-35K-Ultra-35000-Puffs-Rechargeable-Disposable-Vape-100x100.webp 100w, https:\/\/vapestornado.com\/wp-content\/uploads\/2025\/08\/WGA-35K-Ultra-35000-Puffs-Rechargeable-Disposable-Vape.webp 800w\" sizes=\"(max-width: 300px) 100vw, 300px\" \/><figcaption id=\"caption-attachment-4307\" class=\"wp-caption-text\">WGA Ultra 35K 35000 potiahnut\u00ed Nab\u00edjate\u013en\u00e1 jednorazov\u00e1 vape<\/figcaption><\/figure>\n<h2 class=\"product-title\"><strong>Zoznam pr\u00edchut\u00ed WGA Crystal ULTRA 35k<\/strong><\/h2>\n<p>1. \u010cu\u010doriedka Malina<br \/>\n2. Cola \u013dad<br \/>\n3. Dvojit\u00e9 jablko<br \/>\n4. Fanta<br \/>\n5. Red Bull<br \/>\n6. Jahodov\u00fd \u013ead<br \/>\n7. Hroznov\u00fd \u013ead<br \/>\n8. Citr\u00f3n Limetka<br \/>\n9. Mel\u00f3nov\u00fd \u013ead<br \/>\n10. \u010cerstv\u00e1 m\u00e4ta<br \/>\n11. Jahoda Kiwi<br \/>\n12. Kiwi Marakuja Guava<br \/>\n13. P\u00e1n Modr\u00fd<br \/>\n14. Ru\u017eov\u00e1 limon\u00e1da<br \/>\n15. \u010caj WGA (\u013dadov\u00fd \u010dierny \u010daj)<br \/>\n16. Brosky\u0148ov\u00fd bozk<br \/>\n17. Li\u010di M\u00e4ta<br \/>\n18. R\u00edbez\u013eov\u00e1 s\u00f3da<br \/>\n19. Kysl\u00e9 jablko citr\u00f3n<br \/>\n20. Zmie\u0161an\u00e9 bobule<br \/>\n21. Kaktus Kiwi<br \/>\n22. Kaktusov\u00fd \u013ead<br \/>\n23. Dra\u010die ovocie \u013ead<br \/>\n24. \u010cere\u0161\u0148ov\u00e1 Cola<br \/>\n25. Jahoda Redbull<br \/>\n26. Jahoda Mel\u00f3n<br \/>\n27. Jager \u010cerven\u00e1 Energia<br \/>\n28. Mojito<br \/>\n29. Zelen\u00e9 jablko<br \/>\n30. Mad Blue \u013dad<\/p>\n<p>&nbsp;<\/p>\n<article class=\"w-full text-token-text-primary focus-visible:outline-2 focus-visible:outline-offset-[-4px]\" dir=\"auto\" data-testid=\"conversation-turn-32\" data-scroll-anchor=\"false\">\n<div class=\"m-auto text-base py-[18px] px-6\">\n<div class=\"mx-auto flex flex-1 text-base gap-4 md:gap-5 lg:gap-6 md:max-w-3xl lg:max-w-[40rem] xl:max-w-[48rem]\">\n<div class=\"group\/conversation-turn relative flex w-full min-w-0 flex-col @xs\/thread:px-0 @sm\/thread:px-1.5 @md\/thread:px-4\">\n<div class=\"flex-col gap-1 md:gap-3\">\n<div class=\"flex max-w-full flex-col flex-grow\">\n<div class=\"min-h-8 text-message flex w-full flex-col items-end gap-2 whitespace-normal break-words text-start [.text-message+&amp;]:mt-5\" dir=\"auto\" data-message-author-role=\"user\" data-message-id=\"ffac41ca-1db4-431b-873a-32c4052956f1\">\n<div class=\"flex w-full flex-col gap-1 empty:hidden items-end rtl:items-start\">\n<div class=\"relative max-w-[var(--user-chat-width,70%)] rounded-3xl bg-token-message-surface px-5 py-2.5\">\n<div class=\"absolute bottom-0 right-full top-0 -mr-3.5 hidden pr-5 pt-2 [.group\/conversation-turn:hover_&amp;]:flex\">\n<div class=\"flex\">\n<article class=\"w-full text-token-text-primary focus-visible:outline-2 focus-visible:outline-offset-[-4px]\" dir=\"auto\" data-testid=\"conversation-turn-39\" data-scroll-anchor=\"true\">\n<div class=\"m-auto text-base py-[18px] px-6\">\n<div class=\"mx-auto flex flex-1 text-base gap-4 md:gap-5 lg:gap-6 md:max-w-3xl lg:max-w-[40rem] xl:max-w-[48rem]\">\n<div class=\"group\/conversation-turn relative flex w-full min-w-0 flex-col agent-turn @xs\/thread:px-0 @sm\/thread:px-1.5 @md\/thread:px-4\">\n<div class=\"flex-col gap-1 md:gap-3\">\n<div class=\"flex max-w-full flex-col flex-grow\">\n<div class=\"min-h-8 text-message flex w-full flex-col items-end gap-2 whitespace-normal break-words text-start [.text-message+&amp;]:mt-5\" dir=\"auto\" data-message-author-role=\"assistant\" data-message-id=\"55a23854-ec57-48dd-bd4f-6118f43d6241\" data-message-model-slug=\"gpt-4o\">\n<div class=\"flex w-full flex-col gap-1 empty:hidden first:pt-[3px]\">\n<div class=\"markdown prose w-full break-words dark:prose-invert light\"><\/div>\n<\/div>\n<\/div>\n<\/div>\n<\/div>\n<\/div>\n<\/div>\n<\/div>\n<\/article>\n<\/div>\n<\/div>\n<\/div>\n<\/div>\n<\/div>\n<\/div>\n<\/div>\n<\/div>\n<\/div>\n<\/div>\n<\/article>\n<h2>Pre\u010do si vybra\u0165 WGA ULTRA 35k Vape?<\/h2>\n<div class=\"flex-shrink-0 flex flex-col relative items-end\">\n<div class=\"pt-0\">\n<div class=\"gizmo-bot-avatar flex h-8 w-8 items-center justify-center overflow-hidden rounded-full\">\n<div class=\"relative p-1 rounded-sm flex items-center justify-center bg-token-main-surface-primary text-token-text-primary h-8 w-8\">\n<p data-start=\"313\" data-end=\"860\">Ahoj! V tejto chv\u00edli ti neviem pom\u00f4c\u0165 s tvojou po\u017eiadavkou. M\u00f4\u017eem ti v\u0161ak pom\u00f4c\u0165 s prekladom akejko\u013evek tvojej po\u017eiadavky. Ak m\u00e1\u0161 z\u00e1ujem, r\u00e1d ti pom\u00f4\u017eem s \u010fal\u0161\u00edmi prekladmi. <strong data-start=\"317\" data-end=\"358\">WGA Crystal Ultra 35k Jednorazov\u00e1 Vape<\/strong> je ur\u010den\u00fd pre vaperov, ktor\u00ed chc\u00fa <strong data-start=\"388\" data-end=\"417\">v\u00fdkon, chu\u0165 a kontrolu<\/strong> v jednom elegantnom zariaden\u00ed. S a\u017e <strong data-start=\"450\" data-end=\"466\">35 000 \u0165ahov<\/strong>, a <strong data-start=\"470\" data-end=\"493\">35 ml predplnenej n\u00e1dr\u017eky<\/strong>a <strong data-start=\"501\" data-end=\"519\">du\u00e1lna sie\u0165ov\u00e1 cievka<\/strong>, prin\u00e1\u0161a v\u00fdrazn\u00fa chu\u0165 pri ka\u017edom potiahnut\u00ed. Displej <strong data-start=\"566\" data-end=\"591\">inteligentn\u00fd digit\u00e1lny displej<\/strong> v\u00e1s informuje o hladin\u00e1ch e-liquidu a bat\u00e9rie, zatia\u013e \u010do <strong data-start=\"652\" data-end=\"689\">USB-C nab\u00edjate\u013en\u00e1 550mAh bat\u00e9ria<\/strong> zabezpe\u010duje, \u017ee nikdy nezme\u0161k\u00e1te ani jeden \u00fader. Dostupn\u00e9 v <strong data-start=\"734\" data-end=\"757\">30 vzru\u0161uj\u00facich pr\u00edchut\u00ed<\/strong> a <strong data-start=\"762\" data-end=\"792\">2% alebo 5%<\/strong>, je to najlep\u0161ia ve\u013ekoobchodn\u00e1 vo\u013eba pre popredn\u00fd trh s vape na Slovensku.<\/p>\n<p data-start=\"313\" data-end=\"860\">Porovna\u0165 s <a href=\"https:\/\/vapestornado.com\/sk\/product\/wga-crystal-plus-20000-puff-vape-2-in-1-rechargeable-disposable-vape-wholesale-bulk-buy\/\">WGA 20K<\/a>, WGA 30K je vylep\u0161en\u00fd s vy\u0161\u0161\u00edm z\u00e1\u017eitkom z vapovania.<\/p>\n<\/div>\n<h3><\/h3>\n<div class=\"relative p-1 rounded-sm flex items-center justify-center bg-token-main-surface-primary text-token-text-primary h-8 w-8\">\n<h2>\u010cast\u00e9 ot\u00e1zky pre WGA Crystal ULTRA 35000 Jednorazov\u00fa elektronick\u00fa cigaretu<\/h2>\n<\/div>\n<\/div>\n<\/div>\n<\/div>\n<div class=\"flex-shrink-0 flex flex-col relative items-end\">\n<div class=\"pt-0\">\n<div class=\"gizmo-bot-avatar flex h-8 w-8 items-center justify-center overflow-hidden rounded-full\">\n<div class=\"relative p-1 rounded-sm flex items-center justify-center bg-token-main-surface-primary text-token-text-primary h-8 w-8\">\n<div class=\"mb-2 flex gap-3 empty:hidden -ml-2\">\n<p data-start=\"2405\" data-end=\"2541\"><strong data-start=\"2405\" data-end=\"2466\">1. Ko\u013eko potiahnut\u00ed poskytuje WGA Crystal Ultra 35k?<\/strong><br data-start=\"2466\" data-end=\"2469\" \/>Pon\u00faka a\u017e <strong data-start=\"2485\" data-end=\"2501\">35 000 \u0165ahov<\/strong>, v z\u00e1vislosti od osobn\u00fdch n\u00e1vykov vapovania.<\/p>\n<p data-start=\"2543\" data-end=\"2713\"><strong data-start=\"2543\" data-end=\"2594\">2. Je WGA 35k Jednorazov\u00e1 Vape nab\u00edjate\u013en\u00e1?<\/strong><br data-start=\"2594\" data-end=\"2597\" \/>\u00c1no, dod\u00e1va sa s <strong data-start=\"2618\" data-end=\"2656\">550mAh Type-C nab\u00edjate\u013en\u00e1 bat\u00e9ria<\/strong>, \u010do v\u00e1m umo\u017e\u0148uje nab\u00edja\u0165 po\u010das pou\u017e\u00edvania toho ist\u00e9ho zariadenia.<\/p>\n<p data-start=\"2715\" data-end=\"2825\"><strong data-start=\"2715\" data-end=\"2759\">3. Ak\u00e9 s\u00fa dostupn\u00e9 sily nikot\u00ednu?<\/strong><br data-start=\"2759\" data-end=\"2762\" \/>Zariadenie je dostupn\u00e9 v oboch <strong data-start=\"2794\" data-end=\"2822\">Hladiny nikot\u00ednu 2% a 5%<\/strong>.<\/p>\n<p data-start=\"2827\" data-end=\"3023\"><strong data-start=\"2827\" data-end=\"2896\">4. \u010c\u00edm sa WGA Ultra 35k l\u00ed\u0161i od ostatn\u00fdch jednorazov\u00fdch zariaden\u00ed?<\/strong><br data-start=\"2896\" data-end=\"2899\" \/>Jeho <strong data-start=\"2903\" data-end=\"2966\">du\u00e1lna mesh \u0161pir\u00e1lka, digit\u00e1lny displej a kapacita 35 ml e-liquidu<\/strong> ho odli\u0161uj\u00fa a poskytuj\u00fa v\u00e1m v\u00fdkon aj kontrolu.<\/p>\n<p data-start=\"3025\" data-end=\"3207\"><strong data-start=\"3025\" data-end=\"3088\">5. Ko\u013eko pr\u00edchut\u00ed pon\u00faka jednorazov\u00e1 vape WGA 35k?<\/strong><br data-start=\"3088\" data-end=\"3091\" \/>Dod\u00e1va sa v <strong data-start=\"3103\" data-end=\"3117\">30 pr\u00edchut\u00ed<\/strong>, od ovocn\u00fdch zmes\u00ed ako Strawberry Kiwi a\u017e po v\u00fdrazn\u00e9 mo\u017enosti ako Jager Red Energy.<\/p>\n<\/div>\n<\/div>\n<\/div>\n<\/div>\n<\/div>","protected":false},"excerpt":{"rendered":"<p data-start=\"274\" data-end=\"349\"><strong data-start=\"274\" data-end=\"347\">WGA Crystal Ultra 35k Jednorazov\u00e1 Vape 35000 Potiahnut\u00ed Ve\u013ekoobchod v Eur\u00f3pe<\/strong><\/p>\n<p data-start=\"274\" data-end=\"349\"><strong data-start=\"353\" data-end=\"424\">WGA 35k Jednorazov\u00e1 Vape s digit\u00e1lnym displejom<\/strong><\/p>\n<p data-start=\"430\" data-end=\"494\"><strong data-start=\"430\" data-end=\"492\">K\u00fapte si WGA Ultra 35000 Puff Vape online \u2013 Najlep\u0161ia z\u013eavnen\u00e1 cena<\/strong><\/p>\n<p><strong>Pridajte si Amy na whatsapp, aby ste dostali spr\u00e1vnu odpove\u010f a z\u013eavnen\u00fa cenu!<\/strong><\/p>\n<p><img fetchpriority=\"high\" decoding=\"async\" class=\"size-full wp-image-2932\" src=\"https:\/\/vapestornado.com\/wp-content\/uploads\/2024\/12\/Vape-Wholesale.jpg\" alt=\"Ve\u013ekoobchod s vape\" width=\"229\" height=\"300\" \/><\/p>\n<h3><a href=\"https:\/\/wa.me\/8617776015835\"><span style=\"color: #ff0000;\"><strong>WhatsApp: +86 17776015835<\/strong><\/span><\/a><\/h3>\n<p>&nbsp;<\/p>","protected":false},"featured_media":4311,"comment_status":"open","ping_status":"closed","template":"","meta":{"_acf_changed":false,"_uag_custom_page_level_css":"","_lmt_disableupdate":"no","_lmt_disable":"","_monsterinsights_skip_tracking":false,"_monsterinsights_sitenote_active":false,"_monsterinsights_sitenote_note":"","_monsterinsights_sitenote_category":0,"site-sidebar-layout":"default","site-content-layout":"","ast-site-content-layout":"default","site-content-style":"default","site-sidebar-style":"default","ast-global-header-display":"","ast-banner-title-visibility":"","ast-main-header-display":"","ast-hfb-above-header-display":"","ast-hfb-below-header-display":"","ast-hfb-mobile-header-display":"","site-post-title":"","ast-breadcrumbs-content":"","ast-featured-img":"","footer-sml-layout":"","ast-disable-related-posts":"","theme-transparent-header-meta":"default","adv-header-id-meta":"","stick-header-meta":"","header-above-stick-meta":"","header-main-stick-meta":"","header-below-stick-meta":"","astra-migrate-meta-layouts":"set","ast-page-background-enabled":"default","ast-page-background-meta":{"desktop":{"background-color":"","background-image":"","background-repeat":"repeat","background-position":"center center","background-size":"auto","background-attachment":"scroll","background-type":"","background-media":"","overlay-type":"","overlay-color":"","overlay-opacity":"","overlay-gradient":""},"tablet":{"background-color":"","background-image":"","background-repeat":"repeat","background-position":"center center","background-size":"auto","background-attachment":"scroll","background-type":"","background-media":"","overlay-type":"","overlay-color":"","overlay-opacity":"","overlay-gradient":""},"mobile":{"background-color":"","background-image":"","background-repeat":"repeat","background-position":"center center","background-size":"auto","background-attachment":"scroll","background-type":"","background-media":"","overlay-type":"","overlay-color":"","overlay-opacity":"","overlay-gradient":""}},"ast-content-background-meta":{"desktop":{"background-color":"var(--ast-global-color-5)","background-image":"","background-repeat":"repeat","background-position":"center center","background-size":"auto","background-attachment":"scroll","background-type":"","background-media":"","overlay-type":"","overlay-color":"","overlay-opacity":"","overlay-gradient":""},"tablet":{"background-color":"var(--ast-global-color-5)","background-image":"","background-repeat":"repeat","background-position":"center center","background-size":"auto","background-attachment":"scroll","background-type":"","background-media":"","overlay-type":"","overlay-color":"","overlay-opacity":"","overlay-gradient":""},"mobile":{"background-color":"var(--ast-global-color-5)","background-image":"","background-repeat":"repeat","background-position":"center center","background-size":"auto","background-attachment":"scroll","background-type":"","background-media":"","overlay-type":"","overlay-color":"","overlay-opacity":"","overlay-gradient":""}},"_joinchat":{"telephone":"17776015835"}},"product_brand":[],"product_cat":[19,175,149,158,143,146,171],"product_tag":[342,340,339,341],"class_list":{"0":"post-4312","1":"product","2":"type-product","3":"status-publish","4":"has-post-thumbnail","6":"product_cat-vapes","7":"product_cat-35000-puff","8":"product_cat-buy-disposable-vapes-in-austria","9":"product_cat-buy-disposable-vapes-in-spain","10":"product_cat-dual-mesh-disposable-vapes","11":"product_cat-rechargeable-disposable-vapes","12":"product_cat-vapsolo-disposable-vapes","13":"product_tag-wga-35000-puff","14":"product_tag-wga-35k","15":"product_tag-wga-crystal-ultra-35k","16":"product_tag-wga-crystal-vape","17":"desktop-align-left","18":"tablet-align-left","19":"mobile-align-left","21":"first","22":"instock","23":"sale","24":"shipping-taxable","25":"purchasable","26":"product-type-simple"},"acf":[],"uagb_featured_image_src":{"full":["https:\/\/vapestornado.com\/wp-content\/uploads\/2025\/08\/Wholesale-WGA-Ultra-35000-Puffs-Disposable-Vape.webp",800,800,false],"thumbnail":["https:\/\/vapestornado.com\/wp-content\/uploads\/2025\/08\/Wholesale-WGA-Ultra-35000-Puffs-Disposable-Vape-150x150.webp",150,150,true],"medium":["https:\/\/vapestornado.com\/wp-content\/uploads\/2025\/08\/Wholesale-WGA-Ultra-35000-Puffs-Disposable-Vape-300x300.webp",300,300,true],"medium_large":["https:\/\/vapestornado.com\/wp-content\/uploads\/2025\/08\/Wholesale-WGA-Ultra-35000-Puffs-Disposable-Vape-768x768.webp",768,768,true],"large":["https:\/\/vapestornado.com\/wp-content\/uploads\/2025\/08\/Wholesale-WGA-Ultra-35000-Puffs-Disposable-Vape.webp",800,800,false],"1536x1536":["https:\/\/vapestornado.com\/wp-content\/uploads\/2025\/08\/Wholesale-WGA-Ultra-35000-Puffs-Disposable-Vape.webp",800,800,false],"2048x2048":["https:\/\/vapestornado.com\/wp-content\/uploads\/2025\/08\/Wholesale-WGA-Ultra-35000-Puffs-Disposable-Vape.webp",800,800,false],"trp-custom-language-flag":["https:\/\/vapestornado.com\/wp-content\/uploads\/2025\/08\/Wholesale-WGA-Ultra-35000-Puffs-Disposable-Vape-12x12.webp",12,12,true],"woocommerce_thumbnail":["https:\/\/vapestornado.com\/wp-content\/uploads\/2025\/08\/Wholesale-WGA-Ultra-35000-Puffs-Disposable-Vape-300x300.webp",300,300,true],"woocommerce_single":["https:\/\/vapestornado.com\/wp-content\/uploads\/2025\/08\/Wholesale-WGA-Ultra-35000-Puffs-Disposable-Vape-600x600.webp",600,600,true],"woocommerce_gallery_thumbnail":["https:\/\/vapestornado.com\/wp-content\/uploads\/2025\/08\/Wholesale-WGA-Ultra-35000-Puffs-Disposable-Vape-100x100.webp",100,100,true]},"uagb_author_info":{"display_name":"ESAMY","author_link":"https:\/\/vapestornado.com\/sk\/author\/"},"uagb_comment_info":1,"uagb_excerpt":"WGA Crystal Ultra 35k Disposable Vape 35000 Puffs Wholesale in Europe WGA 35k Disposable Vape with Digital Display &amp; Rechargeable Battery Buy WGA Ultra 35000 Puff Vape Online \u2013 Best Discount Price Add Amy's whatsapp to get right reply and discount price! WhatsApp: +86 17776015835 &nbsp;","_links":{"self":[{"href":"https:\/\/vapestornado.com\/sk\/wp-json\/wp\/v2\/product\/4312","targetHints":{"allow":["GET"]}}],"collection":[{"href":"https:\/\/vapestornado.com\/sk\/wp-json\/wp\/v2\/product"}],"about":[{"href":"https:\/\/vapestornado.com\/sk\/wp-json\/wp\/v2\/types\/product"}],"replies":[{"embeddable":true,"href":"https:\/\/vapestornado.com\/sk\/wp-json\/wp\/v2\/comments?post=4312"}],"wp:featuredmedia":[{"embeddable":true,"href":"https:\/\/vapestornado.com\/sk\/wp-json\/wp\/v2\/media\/4311"}],"wp:attachment":[{"href":"https:\/\/vapestornado.com\/sk\/wp-json\/wp\/v2\/media?parent=4312"}],"wp:term":[{"taxonomy":"product_brand","embeddable":true,"href":"https:\/\/vapestornado.com\/sk\/wp-json\/wp\/v2\/product_brand?post=4312"},{"taxonomy":"product_cat","embeddable":true,"href":"https:\/\/vapestornado.com\/sk\/wp-json\/wp\/v2\/product_cat?post=4312"},{"taxonomy":"product_tag","embeddable":true,"href":"https:\/\/vapestornado.com\/sk\/wp-json\/wp\/v2\/product_tag?post=4312"}],"curies":[{"name":"wp","href":"https:\/\/api.w.org\/{rel}","templated":true}]}}