{"id":4140,"date":"2025-04-15T08:11:35","date_gmt":"2025-04-15T08:11:35","guid":{"rendered":"https:\/\/vapestornado.com\/?post_type=product&#038;p=4140"},"modified":"2025-12-03T10:05:11","modified_gmt":"2025-12-03T10:05:11","slug":"elfworld-plus-20000-puff-20k-disposable-vape-dual-vaping-mode","status":"publish","type":"product","link":"https:\/\/vapestornado.com\/sk\/product\/elfworld-plus-20000-puff-20k-disposable-vape-dual-vaping-mode\/","title":{"rendered":"ELFWORLD Plus 20000 \u0164ahov 20k Jednorazov\u00e1 Vape s Du\u00e1lnym Re\u017eimom Vaporiz\u00e1cie"},"content":{"rendered":"<h1 data-pm-slice=\"1 1 []\">ELFWORLD Plus 20000 Puff Jednorazov\u00fd vaporiz\u00e9r, 22ml predplnen\u00fd, dvojit\u00e9 sie\u0165ov\u00e9 \u0161pir\u00e1lky, HD displej, re\u017eimy Norm\u00e1lny\/Boost, nastavite\u013en\u00fd prietok vzduchu<\/h1>\n<p data-start=\"2153\" data-end=\"2461\"><strong data-start=\"2153\" data-end=\"2258\">H\u013ead\u00e1te jednorazov\u00fd vaporiz\u00e9r, ktor\u00fd vydr\u017e\u00ed dlh\u0161ie, udr\u017e\u00ed chu\u0165 konzistentn\u00fa a d\u00e1va v\u00e1m pln\u00fa kontrolu?<\/strong><br data-start=\"2258\" data-end=\"2261\" \/>ELFWORLD Plus kombinuje <strong data-start=\"2284\" data-end=\"2300\">20 000 potiahnut\u00ed<\/strong>, a <strong data-start=\"2304\" data-end=\"2328\">22ml predplnen\u00e1 n\u00e1dr\u017eka<\/strong>a <strong data-start=\"2336\" data-end=\"2367\">nab\u00edjate\u013en\u00e1 650mAh bat\u00e9ria<\/strong> aby poskytol naozaj dlh\u0161\u00ed z\u00e1\u017eitok z vapovania\u2014bez vyblednutia chuti alebo ne\u010dakan\u00fdch poklesov bat\u00e9rie.<\/p>\n<h3 data-start=\"2468\" data-end=\"2520\">Pre\u010do je ELFWORLD Plus ur\u010den\u00fd na dlhodob\u00e9 pou\u017e\u00edvanie<\/h3>\n<p data-start=\"2521\" data-end=\"2753\">V\u00e4\u010d\u0161ina jednorazov\u00fdch zariaden\u00ed sa r\u00fdchlo vy\u010derp\u00e1 alebo str\u00e1ca v\u00fdkon v polovici. ELFWORLD Plus to rie\u0161i s <strong data-start=\"2621\" data-end=\"2640\">ve\u013ek\u00fdm 22ml n\u00e1dr\u017eou<\/strong> a <strong data-start=\"2645\" data-end=\"2674\">Dob\u00edjate\u013enou energiou cez Type-C<\/strong>, \u010do v\u00e1m umo\u017e\u0148uje vyu\u017ei\u0165 pln\u00fa kapacitu tekutiny namiesto skor\u00e9ho vyhodenia zariadenia.<\/p>\n<h3 data-start=\"2760\" data-end=\"2798\">Dva re\u017eimy vapovania pre re\u00e1lny \u017eivot<\/h3>\n<ul data-start=\"2799\" data-end=\"2952\">\n<li data-start=\"2799\" data-end=\"2865\">\n<p data-start=\"2801\" data-end=\"2865\"><strong data-start=\"2801\" data-end=\"2817\">Norm\u00e1lny re\u017eim:<\/strong> Hladk\u00e9, konzistentn\u00e9 \u0165ahy pre ka\u017edodenn\u00e9 vapovanie.<\/p>\n<\/li>\n<li data-start=\"2866\" data-end=\"2952\">\n<p data-start=\"2868\" data-end=\"2952\"><strong data-start=\"2868\" data-end=\"2883\">Re\u017eim zv\u00fd\u0161enia:<\/strong> Silnej\u0161\u00ed pocit v hrdle a hustej\u0161\u00ed p\u00e1r, ke\u010f chcete viac intenzity.<\/p>\n<\/li>\n<\/ul>\n<p data-start=\"2954\" data-end=\"3031\">Oba z\u00e1\u017eitky z\u00edskate v jednom zariaden\u00ed\u2014\u017eiadne prep\u00ednanie zna\u010diek alebo n\u00e1kup z\u00e1lo\u017en\u00fdch kusov.<\/p>\n<h3 data-start=\"3038\" data-end=\"3092\">Lep\u0161ia konzistencia chuti s dvojit\u00fdmi sie\u0165ov\u00fdmi \u0161pir\u00e1lkami<\/h3>\n<p data-start=\"3093\" data-end=\"3348\">Ahoj! V tejto chv\u00edli ti neviem pom\u00f4c\u0165 s tvojou po\u017eiadavkou. M\u00f4\u017eem ti v\u0161ak pom\u00f4c\u0165 s prekladom akejko\u013evek tvojej po\u017eiadavky. Ak m\u00e1\u0161 z\u00e1ujem, r\u00e1d ti pom\u00f4\u017eem s \u010fal\u0161\u00edmi prekladmi. <strong data-start=\"3097\" data-end=\"3122\">syst\u00e9mu s du\u00e1lnou sie\u0165ovou cievkou<\/strong> rovnomerne zohrievaj\u00fa e-liquid, \u010d\u00edm pom\u00e1haj\u00fa predch\u00e1dza\u0165 sp\u00e1len\u00fdm pozn\u00e1mkam a udr\u017eiava\u0165 chu\u0165 stabiln\u00fa pri tis\u00edcoch \u0165ahov. Skombinujte to s <strong data-start=\"3242\" data-end=\"3264\">nastavite\u013en\u00fd prietok vzduchu<\/strong> na doladenie v\u00e1\u0161ho \u0165ahu, \u010di u\u017e preferujete tesnej\u0161ie MTL alebo o nie\u010do otvorenej\u0161ie \u0165ahy.<\/p>\n<h3 data-start=\"3355\" data-end=\"3388\">HD displej = \u017eiadne h\u00e1danie<\/h3>\n<p data-start=\"3389\" data-end=\"3440\">Integrovan\u00fd <strong data-start=\"3404\" data-end=\"3431\">HD inteligentn\u00fd displej<\/strong> ukazuje:<\/p>\n<ul data-start=\"3441\" data-end=\"3481\">\n<li data-start=\"3441\" data-end=\"3462\">\n<p data-start=\"3443\" data-end=\"3462\"><strong data-start=\"3443\" data-end=\"3460\">Stav bat\u00e9rie<\/strong><\/p>\n<\/li>\n<li data-start=\"3463\" data-end=\"3481\">\n<p data-start=\"3465\" data-end=\"3481\"><strong data-start=\"3465\" data-end=\"3479\">Po\u010det vapiek<\/strong><\/p>\n<\/li>\n<\/ul>\n<p data-start=\"3483\" data-end=\"3545\">Tak v\u017edy viete, kedy je \u010das na nabitie a ko\u013eko \u017eivota zost\u00e1va.<\/p>\n<h3 data-start=\"3552\" data-end=\"3589\">Kompaktn\u00e9, pr\u00e9miov\u00e9, \u013eahk\u00e9 na pou\u017eitie<\/h3>\n<p data-start=\"3590\" data-end=\"3766\">\u017diadne tla\u010didl\u00e1, \u017eiadne nastavenia, \u017eiadne n\u00e1plne.<br data-start=\"3623\" data-end=\"3626\" \/>ELFWORLD Plus je <strong data-start=\"3643\" data-end=\"3695\">prednabit\u00e9, aktivovan\u00e9 \u0165ahom a vhodn\u00e9 do vrecka<\/strong>, s leskl\u00fdm pr\u00e9miov\u00fdm povrchom, ktor\u00fd vyzer\u00e1 skvele v ruke aj na poli\u010dk\u00e1ch.<\/p>\n<p data-start=\"3799\" data-end=\"3985\">\n<p data-start=\"666\" data-end=\"1235\"><strong style=\"font-size: 16px;\"><span style=\"color: #ff0000;\">Pridajte si Amy na WhatsApp, aby ste dostali spr\u00e1vnu odpove\u010f a z\u013eavnen\u00fa cenu!<\/span><\/strong><\/p>\n<p><img fetchpriority=\"high\" decoding=\"async\" class=\"size-full wp-image-2932\" src=\"https:\/\/vapestornado.com\/wp-content\/uploads\/2024\/12\/Vape-Wholesale.jpg\" alt=\"Ve\u013ekoobchod s vape\" width=\"229\" height=\"300\" \/><\/p>\n<h3><a href=\"https:\/\/wa.me\/8617776015835\" target=\"_blank\" rel=\"noopener\"><span style=\"color: #ff0000;\"><strong>WhatsApp: +86 17776015835<\/strong><\/span><\/a><\/h3>\n<h2><\/h2>\n<h2 data-start=\"1258\" data-end=\"1303\">ELFWORLD Plus 20000 K\u013e\u00fa\u010dov\u00e9 vlastnosti<\/h2>\n<table>\n<thead>\n<tr>\n<th>Parameter<\/th>\n<th align=\"right\">\u0160pecifik\u00e1cia<\/th>\n<th>\u013dudsk\u00e9 vysvetlenie<\/th>\n<\/tr>\n<\/thead>\n<tbody>\n<tr>\n<td>Kapacita \u0165ahov<\/td>\n<td align=\"right\">20 000 potiahnut\u00ed<\/td>\n<td>Vydr\u017e\u00ed ove\u013ea dlh\u0161ie ako \u0161tandardn\u00e9 jednorazov\u00e9; menej v\u00fdmen.<\/td>\n<\/tr>\n<tr>\n<td>Objem E-Liquidu<\/td>\n<td align=\"right\">22 ml predplnen\u00e9<\/td>\n<td>Ve\u013ek\u00e1 n\u00e1dr\u017e podporuje dlh\u00e9 sedenia bez dop\u013a\u0148ania.<\/td>\n<\/tr>\n<tr>\n<td>Kapacita bat\u00e9rie<\/td>\n<td align=\"right\">650mAh nab\u00edjate\u013en\u00e1<\/td>\n<td>Dostatok v\u00fdkonu pre vysok\u00fd po\u010det vapiek; nab\u00edjajte namiesto skor\u00e9ho vyhodenia.<\/td>\n<\/tr>\n<tr>\n<td>Nab\u00edjac\u00ed port<\/td>\n<td align=\"right\">Type-C (k\u00e1bel nie je s\u00fa\u010das\u0165ou)<\/td>\n<td>R\u00fdchlej\u0161\u00ed, be\u017enej\u0161\u00ed \u0161tandard nab\u00edjania; \u013eahko n\u00e1jdete kompatibiln\u00fd k\u00e1bel.<\/td>\n<\/tr>\n<tr>\n<td>Displej<\/td>\n<td align=\"right\">HD displej<\/td>\n<td>Jasne ukazuje bat\u00e9riu + po\u010det vapiek, aby ste mali kontrolu.<\/td>\n<\/tr>\n<tr>\n<td>Re\u017eimy vapovania<\/td>\n<td align=\"right\">Norm\u00e1lny \/ Boost<\/td>\n<td>Hladk\u00fd denn\u00fd re\u017eim vs. silnej\u0161\u00ed re\u017eim v rovnakom zariaden\u00ed.<\/td>\n<\/tr>\n<tr>\n<td>Typ \u0160pir\u00e1lky<\/td>\n<td align=\"right\">Dvojit\u00e9 sie\u0165ov\u00e9 \u0161pir\u00e1lky<\/td>\n<td>Vyv\u00e1\u017een\u00e9 rovnomern\u00e9 zahrievanie = lep\u0161ia konzistencia chuti a v\u00fdstup pary.<\/td>\n<\/tr>\n<tr>\n<td>Pr\u00fadenie vzduchu<\/td>\n<td align=\"right\">Nastavite\u013en\u00e9<\/td>\n<td>Umo\u017e\u0148uje nastavi\u0165 tesn\u00e9 MTL \u0165ahy alebo otvorenej\u0161ie pr\u00fadenie vzduchu pod\u013ea preferencie.<\/td>\n<\/tr>\n<tr>\n<td>Aktiv\u00e1cia<\/td>\n<td align=\"right\">Aktiv\u00e1cia potiahnut\u00edm<\/td>\n<td>\u017diadne tla\u010didl\u00e1; vdychujte na vapovanie\u2014preh\u013eadn\u00e9 pre za\u010diato\u010dn\u00edkov.<\/td>\n<\/tr>\n<tr>\n<td>\u0160t\u00fdl vapovania<\/td>\n<td align=\"right\">MTL (\u00fasta-p\u013e\u00faca)<\/td>\n<td>P\u00f4sob\u00ed bli\u017e\u0161ie k \u0165ahu z cigarety; ide\u00e1lne pre uspokojenie nikot\u00ednu.<\/td>\n<\/tr>\n<tr>\n<td>Dizajn<\/td>\n<td align=\"right\">Kompaktny leskl\u00fd povrch<\/td>\n<td>Pr\u00e9miov\u00fd vzh\u013ead pri zachovan\u00ed vreckovej prenosnosti.<\/td>\n<\/tr>\n<\/tbody>\n<\/table>\n<h2 class=\"product-title\"><strong>ELFWORLD Plus 20000 Jednorazov\u00e9 pr\u00edchute<\/strong><\/h2>\n<article class=\"w-full text-token-text-primary focus-visible:outline-2 focus-visible:outline-offset-[-4px]\" dir=\"auto\" data-testid=\"conversation-turn-32\" data-scroll-anchor=\"false\">\n<div class=\"m-auto text-base py-[18px] px-6\">\n<div class=\"mx-auto flex flex-1 text-base gap-4 md:gap-5 lg:gap-6 md:max-w-3xl lg:max-w-[40rem] xl:max-w-[48rem]\">\n<div class=\"group\/conversation-turn relative flex w-full min-w-0 flex-col @xs\/thread:px-0 @sm\/thread:px-1.5 @md\/thread:px-4\">\n<div class=\"flex-col gap-1 md:gap-3\">\n<div class=\"flex max-w-full flex-col flex-grow\">\n<div class=\"min-h-8 text-message flex w-full flex-col items-end gap-2 whitespace-normal break-words text-start [.text-message+&amp;]:mt-5\" dir=\"auto\" data-message-author-role=\"user\" data-message-id=\"ffac41ca-1db4-431b-873a-32c4052956f1\">\n<div class=\"flex w-full flex-col gap-1 empty:hidden items-end rtl:items-start\">\n<div class=\"relative max-w-[var(--user-chat-width,70%)] rounded-3xl bg-token-message-surface px-5 py-2.5\">\n<div class=\"absolute bottom-0 right-full top-0 -mr-3.5 hidden pr-5 pt-2 [.group\/conversation-turn:hover_&amp;]:flex\">\n<div class=\"flex\">\n<article class=\"w-full text-token-text-primary focus-visible:outline-2 focus-visible:outline-offset-[-4px]\" dir=\"auto\" data-testid=\"conversation-turn-39\" data-scroll-anchor=\"true\">\n<div class=\"m-auto text-base py-[18px] px-6\">\n<div class=\"mx-auto flex flex-1 text-base gap-4 md:gap-5 lg:gap-6 md:max-w-3xl lg:max-w-[40rem] xl:max-w-[48rem]\">\n<div class=\"group\/conversation-turn relative flex w-full min-w-0 flex-col agent-turn @xs\/thread:px-0 @sm\/thread:px-1.5 @md\/thread:px-4\">\n<div class=\"flex-col gap-1 md:gap-3\">\n<div class=\"flex max-w-full flex-col flex-grow\">\n<div class=\"min-h-8 text-message flex w-full flex-col items-end gap-2 whitespace-normal break-words text-start [.text-message+&amp;]:mt-5\" dir=\"auto\" data-message-author-role=\"assistant\" data-message-id=\"55a23854-ec57-48dd-bd4f-6118f43d6241\" data-message-model-slug=\"gpt-4o\">\n<div class=\"flex w-full flex-col gap-1 empty:hidden first:pt-[3px]\">\n<div class=\"markdown prose w-full break-words dark:prose-invert light\">\n<p class=\"\" data-start=\"2451\" data-end=\"2502\">1. Hroznov\u00fd citr\u00f3n<br \/>\n2. Fcuking Fab<br \/>\n3. \u010cere\u0161\u0148ov\u00e1 bomba<br \/>\n4. \u0160\u0165avnat\u00e1 \u013eadov\u00e1 brosky\u0148a<br \/>\n5. Berry Bliss<br \/>\n6. Modr\u00fd malinov\u00fd \u013ead<br \/>\n7. Dra\u010d\u00ed mel\u00f3n<br \/>\n8. \u010cu\u010doriedkov\u00fd mel\u00f3n<br \/>\n9. Ru\u017eov\u00e1 limon\u00e1da<br \/>\n10. Mexick\u00e9 mango<br \/>\n11. Jahodov\u00fd ban\u00e1n<br \/>\n12. Mel\u00f3nov\u00fd \u013ead<br \/>\n13. Biely gumov\u00fd \u013ead<br \/>\n14. Jahodov\u00e9 mango<br \/>\n15. Miami Mint<\/p>\n<\/div>\n<\/div>\n<\/div>\n<\/div>\n<\/div>\n<\/div>\n<\/div>\n<\/div>\n<\/article>\n<\/div>\n<\/div>\n<\/div>\n<\/div>\n<\/div>\n<\/div>\n<\/div>\n<\/div>\n<\/div>\n<\/div>\n<\/article>\n<h2>Pre\u010do si vybra\u0165 Vapestornado pre ELFWORLD Plus 20k Wholesale?<\/h2>\n<div class=\"flex-shrink-0 flex flex-col relative items-end\">\n<div class=\"pt-0\">\n<div class=\"gizmo-bot-avatar flex h-8 w-8 items-center justify-center overflow-hidden rounded-full\">\n<div class=\"relative p-1 rounded-sm flex items-center justify-center bg-token-main-surface-primary text-token-text-primary h-8 w-8\">\n<p>Vo Vapestornado nepred\u00e1vame len vape \u2013 prin\u00e1\u0161ame hodnotu, kvalitu a slu\u017eby, na ktor\u00e9 sa m\u00f4\u017eete spo\u013eahn\u00fa\u0165. Ako d\u00f4veryhodn\u00fd ve\u013ekoobchodn\u00fd dod\u00e1vate\u013e ELFWORLD Plus 20000<strong data-start=\"410\" data-end=\"449\">\u00a0Jednorazov\u00e1 Vape<\/strong>, pon\u00fakame <strong data-start=\"460\" data-end=\"488\">konkuren\u010dn\u00e9 hromadn\u00e9 ceny<\/strong>, \u010d\u00edm zais\u0165ujeme, \u017ee z\u00edskate <strong data-start=\"511\" data-end=\"537\">najni\u017e\u0161ie ve\u013ekoobchodn\u00e9 sadzby<\/strong> bez kompromisov v oblasti autenticity produktu. N\u00e1\u0161 t\u00edm ru\u010dne vyber\u00e1 iba <strong data-start=\"608\" data-end=\"634\">100% origin\u00e1lne produkty<\/strong> so zaru\u010den\u00fdm v\u00fdkonom a konzistenciou chuti. S <strong data-start=\"692\" data-end=\"716\">r\u00fdchlou glob\u00e1lnou prepravou<\/strong>, \u0161pecializovan\u00fd <strong data-start=\"730\" data-end=\"766\">spr\u00e1vca \u00fa\u010dtu pre hromadn\u00fdch klientov<\/strong>, a aktualiz\u00e1ciami z\u00e1sob v re\u00e1lnom \u010dase si va\u0161e podnikanie udr\u017eiava n\u00e1skok pred trhom. \u010ci u\u017e ste predaj\u0148a vape, distrib\u00fator alebo online predajca, <strong data-start=\"901\" data-end=\"917\">Vapestornado<\/strong> je v\u00e1\u0161 spo\u013eahliv\u00fd partner pre <strong data-start=\"947\" data-end=\"994\">produkty s vysok\u00fdm dopytom, ako je Bang Box 50k Puff<\/strong>\u2014podporen\u00e9 profesion\u00e1lnym servisom a bezkonkuren\u010dn\u00fdmi ponukami.<\/p>\n<p data-start=\"559\" data-end=\"933\" data-is-last-node=\"\" data-is-only-node=\"\">M\u00e1me aj in\u00e9 popul\u00e1rne vape s displejom, ako napr\u00edklad <a href=\"https:\/\/vapestornado.com\/sk\/product\/solaris-25000-puff-solar-charging-dispsoable-vape-kit-usa\/\">SOLARIS 25000 P\u00c1LIKOV<\/a>, <a href=\"https:\/\/vapestornado.com\/sk\/product\/elfbar-planet-25000-wholesale-disposable-vape-kit-with-digital-screen\/\">ELF BAR Planet 25000<\/a>, <a href=\"https:\/\/vapestornado.com\/sk\/product\/elfworld-ai22000-22k-puff-disposable-vape-pen-kit-best-seller-in-poland\/\">Elf WORLD AI 22000<\/a>a \u010fal\u0161ie.<\/p>\n<\/div>\n<div class=\"relative p-1 rounded-sm flex items-center justify-center bg-token-main-surface-primary text-token-text-primary h-8 w-8\">\n<h2>\u010cast\u00e9 ot\u00e1zky<\/h2>\n<p data-start=\"1333\" data-end=\"1663\"><strong data-start=\"1333\" data-end=\"1424\">Q: \u201eNechcem jednorazov\u00fd vaporiz\u00e9r, ktor\u00fd vydr\u017e\u00ed len nieko\u013eko dn\u00ed. Bude tento naozaj vydr\u017ea\u0165?\u201c<\/strong><br data-start=\"1424\" data-end=\"1427\" \/><strong data-start=\"1427\" data-end=\"1433\">A:<\/strong> \u00c1no. ELFWORLD Plus je ur\u010den\u00fd na dlhodob\u00e9 pou\u017e\u00edvanie s <strong data-start=\"1483\" data-end=\"1505\">a\u017e 20 000 potiahnutiami<\/strong> a <strong data-start=\"1512\" data-end=\"1536\">22ml predplnen\u00e1 n\u00e1dr\u017eka<\/strong>. Pre v\u00e4\u010d\u0161inu pou\u017e\u00edvate\u013eov to znamen\u00e1 <strong data-start=\"1573\" data-end=\"1603\">t\u00fd\u017edne konzistentn\u00e9ho vapovania<\/strong>, nie dni\u2014najm\u00e4 v porovnan\u00ed s zariadeniami na 5 000\u201310 000 potiahnut\u00ed.<\/p>\n<p data-start=\"1665\" data-end=\"1920\"><strong data-start=\"1665\" data-end=\"1733\">Q: \u201eAko viem, kedy sa mi vyb\u00edja bat\u00e9ria alebo e-liquid?\u201c<\/strong><br data-start=\"1733\" data-end=\"1736\" \/><strong data-start=\"1736\" data-end=\"1742\">A:<\/strong> Nemus\u00edte h\u00e1da\u0165. Tento <strong data-start=\"1772\" data-end=\"1793\">HD displej<\/strong> ukazuje v\u00e1\u0161 <strong data-start=\"1805\" data-end=\"1850\">stav bat\u00e9rie a po\u010det potiahnut\u00ed v re\u00e1lnom \u010dase<\/strong>, tak\u017ee sa m\u00f4\u017eete nabi\u0165 sk\u00f4r, ne\u017e d\u00f4jde k neo\u010dak\u00e1van\u00e9mu vybitiu po\u010das pou\u017e\u00edvania.<\/p>\n<p data-start=\"1922\" data-end=\"2233\"><strong data-start=\"1922\" data-end=\"2009\">Q: \u201eNiektor\u00e9 vysokopufovan\u00e9 jednorazov\u00e9 zariadenia str\u00e1caj\u00fa chu\u0165 v polovici. Stane sa to aj tu?\u201c<\/strong><br data-start=\"2009\" data-end=\"2012\" \/><strong data-start=\"2012\" data-end=\"2018\">A:<\/strong> ELFWORLD Plus pou\u017e\u00edva <strong data-start=\"2038\" data-end=\"2067\">technol\u00f3gie du\u00e1lnej mesh \u0161pir\u00e1lky<\/strong>, ktor\u00e9 zohrievaj\u00fa e-liquid rovnomernej\u0161ie ako \u0161tandardn\u00e9 \u0161pir\u00e1lky. V kombin\u00e1cii s <strong data-start=\"2137\" data-end=\"2159\">nastavite\u013en\u00fd prietok vzduchu<\/strong>, zachov\u00e1va jasnos\u0165 chuti a hladkos\u0165 pary a\u017e do konca.<\/p>\n<p data-start=\"2235\" data-end=\"2510\"><strong data-start=\"2235\" data-end=\"2339\">Q: \u201eChcem jemn\u00e9 vapovanie na ka\u017edodenn\u00e9 pou\u017eitie, ale niekedy chcem silnej\u0161\u00ed z\u00e1ber. Potrebujem dve zariadenia?\u201c<\/strong><br data-start=\"2339\" data-end=\"2342\" \/><strong data-start=\"2342\" data-end=\"2348\">A:<\/strong> Nie. ELFWORLD Plus pon\u00faka <strong data-start=\"2374\" data-end=\"2389\">Norm\u00e1lnym re\u017eimom<\/strong> pre m\u00e4k\u0161\u00ed, stabiln\u00fd \u0165ah a <strong data-start=\"2420\" data-end=\"2434\">Re\u017eim Zv\u00fd\u0161en\u00fd v\u00fdkon<\/strong> pre intenz\u00edvnej\u0161\u00ed z\u00e1ber s extra parou. Jedno zariadenie pokr\u00fdva obe situ\u00e1cie.<\/p>\n<p data-start=\"2512\" data-end=\"2765\"><strong data-start=\"2512\" data-end=\"2574\">Q: \u201eJe to \u013eahk\u00e9 na pou\u017e\u00edvanie, ak nechcem tla\u010didl\u00e1 alebo nastavovanie?\u201c<\/strong><br data-start=\"2574\" data-end=\"2577\" \/><strong data-start=\"2577\" data-end=\"2583\">A:<\/strong> Celkom. Je <strong data-start=\"2598\" data-end=\"2645\">aktivovan\u00e9 \u0165ahom, prednabit\u00e9 a predplnen\u00e9<\/strong>\u2014 sta\u010d\u00ed len vdychova\u0165 na vapovanie. \u017diadne dop\u013a\u0148anie, \u017eiadne v\u00fdmeny \u0161pir\u00e1lok, \u017eiadne nastavenia okrem v\u00fdberu re\u017eimu a pr\u00fadenia vzduchu, ktor\u00e9 v\u00e1m vyhovuje.<\/p>\n<\/div>\n<\/div>\n<\/div>\n<\/div>","protected":false},"excerpt":{"rendered":"<p class=\"LC20lb MBeuO DKV0Md\">ELFWORLD Plus 20000 Digit\u00e1lne jednorazov\u00e9 vapy Z\u013eavnen\u00e1 cena<br \/>\nELFWORLD Plus 20000 \u0164ahov Jednorazov\u00e9 vapy Box Ve\u013ekoobchodn\u00e1 lacn\u00e1 cena<br \/>\nNajlep\u0161ie ELFWORLD Plus 20k Jednorazov\u00e9 vapy Ve\u013ekoobchod online<\/p>\n<p><strong>Pridajte si Amy na whatsapp, aby ste dostali spr\u00e1vnu odpove\u010f a z\u013eavnen\u00fa cenu!<\/strong><\/p>\n<p><img fetchpriority=\"high\" decoding=\"async\" class=\"size-full wp-image-2932\" src=\"https:\/\/vapestornado.com\/wp-content\/uploads\/2024\/12\/Vape-Wholesale.jpg\" alt=\"Ve\u013ekoobchod s vape\" width=\"229\" height=\"300\" \/><\/p>\n<h3><a href=\"https:\/\/wa.me\/8617776015835\"><span style=\"color: #ff0000;\"><strong>WhatsApp: +86 17776015835<\/strong><\/span><\/a><\/h3>\n<p>&nbsp;<\/p>","protected":false},"featured_media":4135,"comment_status":"open","ping_status":"closed","template":"","meta":{"_acf_changed":false,"_uag_custom_page_level_css":"","_lmt_disableupdate":"no","_lmt_disable":"","_monsterinsights_skip_tracking":false,"_monsterinsights_sitenote_active":false,"_monsterinsights_sitenote_note":"","_monsterinsights_sitenote_category":0,"site-sidebar-layout":"default","site-content-layout":"","ast-site-content-layout":"default","site-content-style":"default","site-sidebar-style":"default","ast-global-header-display":"","ast-banner-title-visibility":"","ast-main-header-display":"","ast-hfb-above-header-display":"","ast-hfb-below-header-display":"","ast-hfb-mobile-header-display":"","site-post-title":"","ast-breadcrumbs-content":"","ast-featured-img":"","footer-sml-layout":"","ast-disable-related-posts":"","theme-transparent-header-meta":"default","adv-header-id-meta":"","stick-header-meta":"","header-above-stick-meta":"","header-main-stick-meta":"","header-below-stick-meta":"","astra-migrate-meta-layouts":"set","ast-page-background-enabled":"default","ast-page-background-meta":{"desktop":{"background-color":"","background-image":"","background-repeat":"repeat","background-position":"center center","background-size":"auto","background-attachment":"scroll","background-type":"","background-media":"","overlay-type":"","overlay-color":"","overlay-opacity":"","overlay-gradient":""},"tablet":{"background-color":"","background-image":"","background-repeat":"repeat","background-position":"center center","background-size":"auto","background-attachment":"scroll","background-type":"","background-media":"","overlay-type":"","overlay-color":"","overlay-opacity":"","overlay-gradient":""},"mobile":{"background-color":"","background-image":"","background-repeat":"repeat","background-position":"center center","background-size":"auto","background-attachment":"scroll","background-type":"","background-media":"","overlay-type":"","overlay-color":"","overlay-opacity":"","overlay-gradient":""}},"ast-content-background-meta":{"desktop":{"background-color":"var(--ast-global-color-5)","background-image":"","background-repeat":"repeat","background-position":"center center","background-size":"auto","background-attachment":"scroll","background-type":"","background-media":"","overlay-type":"","overlay-color":"","overlay-opacity":"","overlay-gradient":""},"tablet":{"background-color":"var(--ast-global-color-5)","background-image":"","background-repeat":"repeat","background-position":"center center","background-size":"auto","background-attachment":"scroll","background-type":"","background-media":"","overlay-type":"","overlay-color":"","overlay-opacity":"","overlay-gradient":""},"mobile":{"background-color":"var(--ast-global-color-5)","background-image":"","background-repeat":"repeat","background-position":"center center","background-size":"auto","background-attachment":"scroll","background-type":"","background-media":"","overlay-type":"","overlay-color":"","overlay-opacity":"","overlay-gradient":""}},"_joinchat":{"telephone":"17776015835"}},"product_brand":[],"product_cat":[69,149,151,142,146],"product_tag":[105,195,336,337,338],"class_list":{"0":"post-4140","1":"product","2":"type-product","3":"status-publish","4":"has-post-thumbnail","6":"product_cat-20000-puff","7":"product_cat-buy-disposable-vapes-in-austria","8":"product_cat-buy-disposable-vapes-in-france","9":"product_cat-digital-box-disposable-vapes","10":"product_cat-rechargeable-disposable-vapes","11":"product_tag-digital-disposable-vape","12":"product_tag-dual-flavor-disposable-vape","13":"product_tag-elfworld-plus-20000","14":"product_tag-elfworld-plus-20k","15":"product_tag-elfworld-vape","16":"desktop-align-left","17":"tablet-align-left","18":"mobile-align-left","20":"first","21":"instock","22":"sale","23":"shipping-taxable","24":"purchasable","25":"product-type-simple"},"acf":[],"uagb_featured_image_src":{"full":["https:\/\/vapestornado.com\/wp-content\/uploads\/2025\/04\/ELFWORLD-Plus-20kPuff-Disposable-Vape-Wholesale.webp",800,800,false],"thumbnail":["https:\/\/vapestornado.com\/wp-content\/uploads\/2025\/04\/ELFWORLD-Plus-20kPuff-Disposable-Vape-Wholesale-150x150.webp",150,150,true],"medium":["https:\/\/vapestornado.com\/wp-content\/uploads\/2025\/04\/ELFWORLD-Plus-20kPuff-Disposable-Vape-Wholesale-300x300.webp",300,300,true],"medium_large":["https:\/\/vapestornado.com\/wp-content\/uploads\/2025\/04\/ELFWORLD-Plus-20kPuff-Disposable-Vape-Wholesale-768x768.webp",768,768,true],"large":["https:\/\/vapestornado.com\/wp-content\/uploads\/2025\/04\/ELFWORLD-Plus-20kPuff-Disposable-Vape-Wholesale.webp",800,800,false],"1536x1536":["https:\/\/vapestornado.com\/wp-content\/uploads\/2025\/04\/ELFWORLD-Plus-20kPuff-Disposable-Vape-Wholesale.webp",800,800,false],"2048x2048":["https:\/\/vapestornado.com\/wp-content\/uploads\/2025\/04\/ELFWORLD-Plus-20kPuff-Disposable-Vape-Wholesale.webp",800,800,false],"trp-custom-language-flag":["https:\/\/vapestornado.com\/wp-content\/uploads\/2025\/04\/ELFWORLD-Plus-20kPuff-Disposable-Vape-Wholesale.webp",12,12,false],"woocommerce_thumbnail":["https:\/\/vapestornado.com\/wp-content\/uploads\/2025\/04\/ELFWORLD-Plus-20kPuff-Disposable-Vape-Wholesale-300x300.webp",300,300,true],"woocommerce_single":["https:\/\/vapestornado.com\/wp-content\/uploads\/2025\/04\/ELFWORLD-Plus-20kPuff-Disposable-Vape-Wholesale-600x600.webp",600,600,true],"woocommerce_gallery_thumbnail":["https:\/\/vapestornado.com\/wp-content\/uploads\/2025\/04\/ELFWORLD-Plus-20kPuff-Disposable-Vape-Wholesale-100x100.webp",100,100,true]},"uagb_author_info":{"display_name":"ESAMY","author_link":"https:\/\/vapestornado.com\/sk\/author\/"},"uagb_comment_info":0,"uagb_excerpt":"ELFWORLD Plus 20000 Digital Disposables Vape Discount Price ELFWORLD Plus 20000 Puff Disposables Vape Box Wholesale Cheap Price Best ELFWORLD Plus 20k Disposables Vapor Wholesale Online Add Amy's whatsapp to get right reply and discount price! WhatsApp: +86 17776015835 &nbsp;","_links":{"self":[{"href":"https:\/\/vapestornado.com\/sk\/wp-json\/wp\/v2\/product\/4140","targetHints":{"allow":["GET"]}}],"collection":[{"href":"https:\/\/vapestornado.com\/sk\/wp-json\/wp\/v2\/product"}],"about":[{"href":"https:\/\/vapestornado.com\/sk\/wp-json\/wp\/v2\/types\/product"}],"replies":[{"embeddable":true,"href":"https:\/\/vapestornado.com\/sk\/wp-json\/wp\/v2\/comments?post=4140"}],"wp:featuredmedia":[{"embeddable":true,"href":"https:\/\/vapestornado.com\/sk\/wp-json\/wp\/v2\/media\/4135"}],"wp:attachment":[{"href":"https:\/\/vapestornado.com\/sk\/wp-json\/wp\/v2\/media?parent=4140"}],"wp:term":[{"taxonomy":"product_brand","embeddable":true,"href":"https:\/\/vapestornado.com\/sk\/wp-json\/wp\/v2\/product_brand?post=4140"},{"taxonomy":"product_cat","embeddable":true,"href":"https:\/\/vapestornado.com\/sk\/wp-json\/wp\/v2\/product_cat?post=4140"},{"taxonomy":"product_tag","embeddable":true,"href":"https:\/\/vapestornado.com\/sk\/wp-json\/wp\/v2\/product_tag?post=4140"}],"curies":[{"name":"wp","href":"https:\/\/api.w.org\/{rel}","templated":true}]}}