{"id":4132,"date":"2025-04-14T09:56:44","date_gmt":"2025-04-14T09:56:44","guid":{"rendered":"https:\/\/vapestornado.com\/?post_type=product&#038;p=4132"},"modified":"2025-12-05T07:13:53","modified_gmt":"2025-12-05T07:13:53","slug":"bang-box-kingdoms-rex-40000-puffs-digital-double-flavor-disposable-vape","status":"publish","type":"product","link":"https:\/\/vapestornado.com\/sk\/product\/bang-box-kingdoms-rex-40000-puffs-digital-double-flavor-disposable-vape\/","title":{"rendered":"Bang Kingdoms Rex 40000 Pufov Digit\u00e1lny Dvojit\u00fd Chu\u0165ov\u00fd Jednorazov\u00fd Vaporiz\u00e9r Box"},"content":{"rendered":"<h1 data-pm-slice=\"1 1 []\">Bang Box Kingdoms Rex 40000 \u0165ahov digit\u00e1lna jednorazov\u00e1 e-cigareta s dvojitou pr\u00edchu\u0165ou<\/h1>\n<p data-start=\"1129\" data-end=\"1370\">Bang Kingdoms Rex 40000 p\u00e1rov skuto\u010dn\u00e9ho dvojchute\u013en\u00e9ho nastavenia s objemom 60 ml (30 ml + 30 ml) s inteligentnou obrazovkou, sie\u0165ovou cievkou a nab\u00edjate\u013enou energiou typu C, ktor\u00e1 poskytuje a\u017e 40 000 potiahnut\u00ed v jednom zariaden\u00ed pripravenom na prepnutie.<\/p>\n<p data-start=\"570\" data-end=\"887\"><strong data-start=\"570\" data-end=\"614\">40 000 potiahnut\u00ed podporovan\u00fdch skuto\u010dnou kapacitou.<\/strong><br data-start=\"614\" data-end=\"617\" \/>Ahoj! V tejto chv\u00edli ti neviem pom\u00f4c\u0165 s tvojou po\u017eiadavkou. M\u00f4\u017eem ti v\u0161ak pom\u00f4c\u0165 s prekladom akejko\u013evek tvojej po\u017eiadavky. Ak m\u00e1\u0161 z\u00e1ujem, r\u00e1d ti pom\u00f4\u017eem s \u010fal\u0161\u00edmi prekladmi. <strong data-start=\"621\" data-end=\"669\">Bang Kingdoms Rex 40000 Puf jednorazov\u00fd vaporiz\u00e9r<\/strong> je postaven\u00fd okolo <strong data-start=\"686\" data-end=\"709\">celkov\u00e9ho objemu e-liquidu 60 ml<\/strong>, rozdelen\u00e9ho na dve nez\u00e1visl\u00e9 30 ml n\u00e1dr\u017ee. Tento objem umo\u017e\u0148uje zariadeniu dlh\u00e9 pou\u017e\u00edvanie pri ka\u017edodennom pou\u017eit\u00ed, \u010d\u00edm pom\u00e1ha pou\u017e\u00edvate\u013eom vyhn\u00fa\u0165 sa \u010dast\u00fdm v\u00fdmen\u00e1m, typick\u00fdm pre men\u0161ie jednorazov\u00e9 zariadenia.<\/p>\n<p data-start=\"889\" data-end=\"1165\"><strong data-start=\"889\" data-end=\"933\">Dvojchute\u013en\u00fd syst\u00e9m s \u010dist\u00fdm prep\u00ednan\u00edm.<\/strong><br data-start=\"933\" data-end=\"936\" \/>Toto <strong data-start=\"941\" data-end=\"971\">Jednorazov\u00fd vaporiz\u00e9r s 40000 potiahnutiami<\/strong> pou\u017e\u00edva <strong data-start=\"979\" data-end=\"1010\">2-v-1 form\u00e1t s dvojitou chu\u0165ou<\/strong>: dve chute ulo\u017een\u00e9 oddelene, prep\u00ednate\u013en\u00e9 kedyko\u013evek sa zmenia preferencie. Oddelenie udr\u017eiava ka\u017ed\u00fd profil odli\u0161n\u00fd namiesto toho, aby sa \u010dasom mie\u0161ali.<\/p>\n<p data-start=\"1167\" data-end=\"1479\"><strong data-start=\"1167\" data-end=\"1211\">V\u00fdkon sie\u0165ovej cievky pre stabiln\u00fa chu\u0165.<\/strong><br data-start=\"1211\" data-end=\"1214\" \/>Pokro\u010dil\u00fd <strong data-start=\"1223\" data-end=\"1236\">sie\u0165ov\u00e1 cievka<\/strong> ohrev rovnomerne rozde\u013euje teplotu po celej ploche cievky. V praxi to podporuje plynul\u00fd pr\u00fad vzduchu a stabiln\u00e9 dod\u00e1vanie chuti po\u010das dlh\u00fdch seden\u00ed, \u010do je obzvl\u00e1\u0161\u0165 d\u00f4le\u017eit\u00e9 v zariadeniach s vysokou kapacitou, kde \u010dasto doch\u00e1dza k poklesu chuti v neskor\u0161\u00edch f\u00e1zach.<\/p>\n<p data-start=\"1481\" data-end=\"1702\"><strong data-start=\"1481\" data-end=\"1522\">Inteligentn\u00e1 obrazovka pre sledovanie v re\u00e1lnom \u010dase.<\/strong><br data-start=\"1522\" data-end=\"1525\" \/>Vstavan\u00e1 digit\u00e1lna obrazovka zobrazuje <strong data-start=\"1557\" data-end=\"1594\">\u00farove\u0148 bat\u00e9rie a stav e-liquidu<\/strong> jasne. Pou\u017e\u00edvatelia m\u00f4\u017eu nabi\u0165 zariadenie sk\u00f4r, ne\u017e sa v\u00fdkon vy\u010derp\u00e1, a vyhn\u00fa\u0165 sa ne\u010dakan\u00fdm such\u00fdm potiahnutiam, ke\u010f je n\u00e1dr\u017e takmer pr\u00e1zdna.<\/p>\n<p data-start=\"1704\" data-end=\"1956\"><strong data-start=\"1704\" data-end=\"1747\">Nab\u00edjate\u013en\u00e1 energia typu C pre pln\u00e9 vyu\u017eitie.<\/strong><br data-start=\"1747\" data-end=\"1750\" \/>Ahoj! V tejto chv\u00edli ti neviem pom\u00f4c\u0165 s tvojou po\u017eiadavkou. M\u00f4\u017eem ti v\u0161ak pom\u00f4c\u0165 s prekladom akejko\u013evek tvojej po\u017eiadavky. Ak m\u00e1\u0161 z\u00e1ujem, r\u00e1d ti pom\u00f4\u017eem s \u010fal\u0161\u00edmi prekladmi. <strong data-start=\"1754\" data-end=\"1792\">Nab\u00edjate\u013en\u00e1 bat\u00e9ria typu C s kapacitou 650 mAh<\/strong> je navrhnut\u00e1 na dlhodob\u00e9 vapovanie. Nab\u00edjanie znamen\u00e1, \u017ee Rex 40000 m\u00f4\u017ee by\u0165 pou\u017e\u00edvan\u00fd, k\u00fdm nie s\u00fa obe n\u00e1dr\u017ee vy\u010derpan\u00e9, namiesto toho, aby bol sk\u00f4r vyhoden\u00fd kv\u00f4li vybit\u00fdm bat\u00e9ri\u00e1m.<\/p>\n<p data-start=\"666\" data-end=\"1235\"><strong style=\"font-size: 16px;\"><span style=\"color: #ff0000;\">Pridajte si Amy na WhatsApp, aby ste dostali spr\u00e1vnu odpove\u010f a z\u013eavnen\u00fa cenu!<\/span><\/strong><\/p>\n<p><img fetchpriority=\"high\" decoding=\"async\" class=\"size-full wp-image-2932\" src=\"https:\/\/vapestornado.com\/wp-content\/uploads\/2024\/12\/Vape-Wholesale.jpg\" alt=\"Ve\u013ekoobchod s vape\" width=\"229\" height=\"300\" \/><\/p>\n<h3><a href=\"https:\/\/wa.me\/8617776015835\" target=\"_blank\" rel=\"noopener\"><span style=\"color: #ff0000;\"><strong>WhatsApp: +86 17776015835<\/strong><\/span><\/a><\/h3>\n<h2><\/h2>\n<h2 data-start=\"1258\" data-end=\"1303\">Bang Kingdoms Rex 40000 K\u013e\u00fa\u010dov\u00e9 vlastnosti<\/h2>\n<table>\n<thead>\n<tr>\n<th>Funkcia \/ Parameter<\/th>\n<th align=\"right\">\u0160pecifik\u00e1cia<\/th>\n<th>Vysvetlenie<\/th>\n<\/tr>\n<\/thead>\n<tbody>\n<tr>\n<td>N\u00e1zov produktu<\/td>\n<td align=\"right\">Bang Kingdoms Rex 40000 Puff Jednorazov\u00e1 Vape<\/td>\n<td>Jasn\u00e9 ozna\u010denie modelu pre vyh\u013ead\u00e1vanie a opakovan\u00e9 objedn\u00e1vky.<\/td>\n<\/tr>\n<tr>\n<td>Kapacita \u0165ahov<\/td>\n<td align=\"right\">A\u017e 40 000 potiahnut\u00ed<\/td>\n<td>Jednorazov\u00fd s vysokou kapacitou; menej v\u00fdmen zariaden\u00ed.<\/td>\n<\/tr>\n<tr>\n<td>Objem E-Liquidu<\/td>\n<td align=\"right\">60ml celkom (30ml + 30ml)<\/td>\n<td>Dve pln\u00e9 n\u00e1dr\u017ee v jednom tele, podporuj\u00fa dlh\u00fa \u017eivotnos\u0165.<\/td>\n<\/tr>\n<tr>\n<td>Syst\u00e9m chuti<\/td>\n<td align=\"right\">2-v-1 dvojit\u00e1 chu\u0165<\/td>\n<td>Prepnite medzi dvoma chu\u0165ami bez nosenia \u010fal\u0161ieho vaporiz\u00e9ra.<\/td>\n<\/tr>\n<tr>\n<td>Typ \u0160pir\u00e1lky<\/td>\n<td align=\"right\">Mesh cievka<\/td>\n<td>Rovnomern\u00e9 zahrievanie = hlad\u0161ie \u0165ahy a stabilnej\u0161ia chu\u0165.<\/td>\n<\/tr>\n<tr>\n<td>Bat\u00e9ria<\/td>\n<td align=\"right\">650mAh nab\u00edjate\u013en\u00e1<\/td>\n<td>Dob\u00edjajte, aby ste dokon\u010dili obe n\u00e1dr\u017ee namiesto straty \u0165ahov.<\/td>\n<\/tr>\n<tr>\n<td>Nab\u00edjanie<\/td>\n<td align=\"right\">R\u00fdchle nab\u00edjanie cez USB Type-C<\/td>\n<td>Be\u017en\u00fd \u0161tandard k\u00e1bla; krat\u0161\u00ed \u010das ne\u010dinnosti.<\/td>\n<\/tr>\n<tr>\n<td>Displej<\/td>\n<td align=\"right\">Digit\u00e1lny displej<\/td>\n<td>Zobrazuje \u00farove\u0148 bat\u00e9rie + hladinu e-liquidu v re\u00e1lnom \u010dase.<\/td>\n<\/tr>\n<tr>\n<td>Mo\u017enosti nikot\u00ednu<\/td>\n<td align=\"right\">0% \/ 2% \/ 5%<\/td>\n<td>Vhodn\u00e9 pre pou\u017e\u00edvate\u013eov bez nikot\u00ednu s preferenciou silnej\u0161ieho \u0165ahu.<\/td>\n<\/tr>\n<tr>\n<td>Cie\u013eov\u00fd trh<\/td>\n<td align=\"right\">Ve\u013ekoobchod a maloobchod v E\u00da<\/td>\n<td>Vysok\u00e1 kapacita + du\u00e1lna chu\u0165 zodpovedaj\u00fa aktu\u00e1lnym trendom dopytu.<\/td>\n<\/tr>\n<\/tbody>\n<\/table>\n<p>&nbsp;<\/p>\n<figure id=\"attachment_4127\" aria-describedby=\"caption-attachment-4127\" style=\"width: 800px\" class=\"wp-caption alignnone\"><img decoding=\"async\" class=\"wp-image-4127 size-full\" src=\"https:\/\/vapestornado.com\/wp-content\/uploads\/2025\/04\/Bang-Box-Vape-40000-Double-Flavor.webp\" alt=\"Bang Box Vape 40000 Dvojit\u00e1 pr\u00edchu\u0165\" width=\"800\" height=\"800\" srcset=\"https:\/\/vapestornado.com\/wp-content\/uploads\/2025\/04\/Bang-Box-Vape-40000-Double-Flavor.webp 800w, https:\/\/vapestornado.com\/wp-content\/uploads\/2025\/04\/Bang-Box-Vape-40000-Double-Flavor-300x300.webp 300w, https:\/\/vapestornado.com\/wp-content\/uploads\/2025\/04\/Bang-Box-Vape-40000-Double-Flavor-150x150.webp 150w, https:\/\/vapestornado.com\/wp-content\/uploads\/2025\/04\/Bang-Box-Vape-40000-Double-Flavor-768x768.webp 768w, https:\/\/vapestornado.com\/wp-content\/uploads\/2025\/04\/Bang-Box-Vape-40000-Double-Flavor-600x600.webp 600w, https:\/\/vapestornado.com\/wp-content\/uploads\/2025\/04\/Bang-Box-Vape-40000-Double-Flavor-100x100.webp 100w\" sizes=\"(max-width: 800px) 100vw, 800px\" \/><figcaption id=\"caption-attachment-4127\" class=\"wp-caption-text\">Bang Kingdoms Rex 40000 Dvojit\u00e1 Chu\u0165<\/figcaption><\/figure>\n<h2 class=\"product-title\"><strong>Bang Kingdoms Rex 40000 Jednorazov\u00e9 pr\u00edchute \u2013 Zoznam<\/strong><\/h2>\n<article class=\"w-full text-token-text-primary focus-visible:outline-2 focus-visible:outline-offset-[-4px]\" dir=\"auto\" data-testid=\"conversation-turn-32\" data-scroll-anchor=\"false\">\n<div class=\"m-auto text-base py-[18px] px-6\">\n<div class=\"mx-auto flex flex-1 text-base gap-4 md:gap-5 lg:gap-6 md:max-w-3xl lg:max-w-[40rem] xl:max-w-[48rem]\">\n<div class=\"group\/conversation-turn relative flex w-full min-w-0 flex-col @xs\/thread:px-0 @sm\/thread:px-1.5 @md\/thread:px-4\">\n<div class=\"flex-col gap-1 md:gap-3\">\n<div class=\"flex max-w-full flex-col flex-grow\">\n<div class=\"min-h-8 text-message flex w-full flex-col items-end gap-2 whitespace-normal break-words text-start [.text-message+&amp;]:mt-5\" dir=\"auto\" data-message-author-role=\"user\" data-message-id=\"ffac41ca-1db4-431b-873a-32c4052956f1\">\n<div class=\"flex w-full flex-col gap-1 empty:hidden items-end rtl:items-start\">\n<div class=\"relative max-w-[var(--user-chat-width,70%)] rounded-3xl bg-token-message-surface px-5 py-2.5\">\n<div class=\"absolute bottom-0 right-full top-0 -mr-3.5 hidden pr-5 pt-2 [.group\/conversation-turn:hover_&amp;]:flex\">\n<div class=\"flex\">\n<article class=\"w-full text-token-text-primary focus-visible:outline-2 focus-visible:outline-offset-[-4px]\" dir=\"auto\" data-testid=\"conversation-turn-39\" data-scroll-anchor=\"true\">\n<div class=\"m-auto text-base py-[18px] px-6\">\n<div class=\"mx-auto flex flex-1 text-base gap-4 md:gap-5 lg:gap-6 md:max-w-3xl lg:max-w-[40rem] xl:max-w-[48rem]\">\n<div class=\"group\/conversation-turn relative flex w-full min-w-0 flex-col agent-turn @xs\/thread:px-0 @sm\/thread:px-1.5 @md\/thread:px-4\">\n<div class=\"flex-col gap-1 md:gap-3\">\n<div class=\"flex max-w-full flex-col flex-grow\">\n<div class=\"min-h-8 text-message flex w-full flex-col items-end gap-2 whitespace-normal break-words text-start [.text-message+&amp;]:mt-5\" dir=\"auto\" data-message-author-role=\"assistant\" data-message-id=\"55a23854-ec57-48dd-bd4f-6118f43d6241\" data-message-model-slug=\"gpt-4o\">\n<div class=\"flex w-full flex-col gap-1 empty:hidden first:pt-[3px]\">\n<div class=\"markdown prose w-full break-words dark:prose-invert light\">\n<p class=\"\" data-start=\"2451\" data-end=\"2502\">1. \u010cu\u010doriedkov\u00fd mel\u00f3n<br \/>\n2. \u010cu\u010doriedkov\u00fd \u013ead<br \/>\n3. Jahodov\u00e9 kiwi<br \/>\n4. Jahoda a mel\u00f3n<br \/>\n5. Jahodov\u00e9 kiwi<br \/>\njahodov\u00fd mel\u00f3n<br \/>\n7. \u010cu\u010doriedkov\u00e1 malina<br \/>\n8. Mel\u00f3nov\u00fd \u013ead<br \/>\n9. Red Bull<br \/>\n10. Mel\u00f3nov\u00fd \u013ead<br \/>\n11. Red Bull<br \/>\n12. \u010cu\u010doriedkov\u00fd \u013ead<\/p>\n<\/div>\n<\/div>\n<\/div>\n<\/div>\n<\/div>\n<\/div>\n<\/div>\n<\/div>\n<\/article>\n<\/div>\n<\/div>\n<\/div>\n<\/div>\n<\/div>\n<\/div>\n<\/div>\n<\/div>\n<\/div>\n<\/div>\n<\/article>\n<h2>Pre\u010do si vybra\u0165 Vapestornado pre ve\u013ekoobchod Kingdoms Rex 40k?<\/h2>\n<div class=\"flex-shrink-0 flex flex-col relative items-end\">\n<div class=\"pt-0\">\n<div class=\"gizmo-bot-avatar flex h-8 w-8 items-center justify-center overflow-hidden rounded-full\">\n<div class=\"relative p-1 rounded-sm flex items-center justify-center bg-token-main-surface-primary text-token-text-primary h-8 w-8\">\n<p>Vo Vapestornado nepred\u00e1vame len vape \u2013 poskytujeme hodnotu, kvalitu a slu\u017eby, na ktor\u00e9 sa m\u00f4\u017eete spo\u013eahn\u00fa\u0165. Ako d\u00f4veryhodn\u00fd ve\u013ekoobchodn\u00fd dod\u00e1vate\u013e Kingdoms Rex 40000<strong data-start=\"410\" data-end=\"449\">\u00a0Jednorazov\u00e1 Vape<\/strong>, pon\u00fakame <strong data-start=\"460\" data-end=\"488\">konkuren\u010dn\u00e9 hromadn\u00e9 ceny<\/strong>, \u010d\u00edm zais\u0165ujeme, \u017ee z\u00edskate <strong data-start=\"511\" data-end=\"537\">najni\u017e\u0161ie ve\u013ekoobchodn\u00e9 sadzby<\/strong> bez kompromisov v oblasti autenticity produktu. N\u00e1\u0161 t\u00edm ru\u010dne vyber\u00e1 iba <strong data-start=\"608\" data-end=\"634\">100% origin\u00e1lne produkty<\/strong> so zaru\u010den\u00fdm v\u00fdkonom a konzistenciou chuti. S <strong data-start=\"692\" data-end=\"716\">r\u00fdchlou glob\u00e1lnou prepravou<\/strong>, \u0161pecializovan\u00fd <strong data-start=\"730\" data-end=\"766\">spr\u00e1vca \u00fa\u010dtu pre hromadn\u00fdch klientov<\/strong>, a aktualiz\u00e1ciami z\u00e1sob v re\u00e1lnom \u010dase si va\u0161e podnikanie udr\u017eiava n\u00e1skok pred trhom. \u010ci u\u017e ste predaj\u0148a vape, distrib\u00fator alebo online predajca, <strong data-start=\"901\" data-end=\"917\">Vapestornado<\/strong> je v\u00e1\u0161 spo\u013eahliv\u00fd partner pre <strong data-start=\"947\" data-end=\"994\">produkty s vysok\u00fdm dopytom, ako je Bang Box 50k Puff<\/strong>\u2014podporen\u00e9 profesion\u00e1lnym servisom a bezkonkuren\u010dn\u00fdmi ponukami.<\/p>\n<p data-start=\"559\" data-end=\"933\" data-is-last-node=\"\" data-is-only-node=\"\">M\u00e1me aj in\u00e9 popul\u00e1rne vape s displejom, ako napr\u00edklad <a href=\"https:\/\/vapestornado.com\/sk\/product\/solaris-25000-puff-solar-charging-dispsoable-vape-kit-usa\/\">SOLARIS 25000 P\u00c1LIKOV<\/a>, <a href=\"https:\/\/vapestornado.com\/sk\/product\/elfbar-planet-25000-wholesale-disposable-vape-kit-with-digital-screen\/\">ELF BAR Planet 25000<\/a>, <a href=\"https:\/\/vapestornado.com\/sk\/product\/elfworld-ai22000-22k-puff-disposable-vape-pen-kit-best-seller-in-poland\/\">Elf WORLD AI 22000<\/a>a \u010fal\u0161ie.<\/p>\n<\/div>\n<div class=\"relative p-1 rounded-sm flex items-center justify-center bg-token-main-surface-primary text-token-text-primary h-8 w-8\">\n<h2>\u010cast\u00e9 ot\u00e1zky<\/h2>\n<p data-start=\"3075\" data-end=\"3298\"><strong data-start=\"3075\" data-end=\"3154\">1. Potrebuj\u00fa jednorazov\u00e9 vaporiz\u00e9ry \u0161peci\u00e1lnu nab\u00edja\u010dku pre Bang Kingdoms Rex 40000?<\/strong><br data-start=\"3154\" data-end=\"3157\" \/>Nie. Zariadenie <strong data-start=\"3165\" data-end=\"3213\">Bang Kingdoms Rex 40000 Puf jednorazov\u00fd vaporiz\u00e9r<\/strong> sa nab\u00edja cez <strong data-start=\"3226\" data-end=\"3240\">USB Type-C<\/strong>, tak\u017ee ak\u00fdko\u013evek \u0161tandardn\u00fd k\u00e1bel Type-C a bezpe\u010dn\u00fd USB adapt\u00e9r funguje.<\/p>\n<p data-start=\"3300\" data-end=\"3595\"><strong data-start=\"3300\" data-end=\"3392\">2. Ktor\u00fd jednorazov\u00fd vaporiz\u00e9r vydr\u017e\u00ed dlh\u0161ie: Bang Kingdoms Rex 40000 alebo vaporiz\u00e9r s 20k?<\/strong><br data-start=\"3392\" data-end=\"3395\" \/>Pri ka\u017edodennom pou\u017e\u00edvan\u00ed <strong data-start=\"3416\" data-end=\"3443\">Kr\u00e1\u013eovstv\u00e1 V\u00fdbuch Rex 40000<\/strong> zvy\u010dajne vydr\u017e\u00ed dlh\u0161ie, preto\u017ee kombinuje <strong data-start=\"3487\" data-end=\"3552\">40 000 \u0165ahov, celkov\u00fd objem e-liquidu 60 ml a dob\u00edjate\u013en\u00fa bat\u00e9riu<\/strong>, zatia\u013e \u010do v\u00e4\u010d\u0161ina 20 000 zariaden\u00ed obsahuje menej tekutiny.<\/p>\n<p data-start=\"3597\" data-end=\"3837\"><strong data-start=\"3597\" data-end=\"3667\">3. Stoj\u00ed syst\u00e9m s dvojitou pr\u00edchu\u0165ou Bang Kingdoms Rex 40000 za to?<\/strong><br data-start=\"3667\" data-end=\"3670\" \/>\u00c1no pre pou\u017e\u00edvate\u013eov, ktor\u00ed striedaj\u00fa pr\u00edchute. The <strong data-start=\"3708\" data-end=\"3752\">Bang Kingdoms Rex 40000 dual flavor vape<\/strong> rozlo\u017eenie udr\u017eiava ka\u017ed\u00fa pr\u00edchu\u0165 oddelen\u00fa, tak\u017ee prep\u00ednanie zost\u00e1va \u010dist\u00e9 a nezmie\u0161a chu\u0165.<\/p>\n<p data-start=\"3839\" data-end=\"4094\"><strong data-start=\"3839\" data-end=\"3923\">4. Robia v\u00e1m jednorazov\u00e9 vaporiz\u00e9ry r\u00fdchlej\u0161ie z\u00e1visl\u00fdmi, vr\u00e1tane Bang Kingdoms Rex 40000?<\/strong><br data-start=\"3923\" data-end=\"3926\" \/>Riziko z\u00e1vislosti z\u00e1vis\u00ed od <strong data-start=\"3952\" data-end=\"3994\">s\u00edly nikot\u00ednu a frekvencie pou\u017e\u00edvania<\/strong>, nie len po\u010det potiahnut\u00ed. The <strong data-start=\"4022\" data-end=\"4038\">0% \/ 2% \/ 5%<\/strong> mo\u017enosti umo\u017e\u0148uj\u00fa pou\u017e\u00edvate\u013eom vybra\u0165 si \u00farove\u0148, ktor\u00e1 im vyhovuje.<\/p>\n<p data-start=\"4096\" data-end=\"4377\"><strong data-start=\"4096\" data-end=\"4170\">5. M\u00f4\u017eem si vzia\u0165 jednorazov\u00fd vaporiz\u00e9r Bang Kingdoms Rex 40000 na lietadlo?<\/strong><br data-start=\"4170\" data-end=\"4173\" \/>V\u00e4\u010d\u0161ina leteck\u00fdch spolo\u010dnost\u00ed povo\u013euje jednorazov\u00e9 <strong data-start=\"4205\" data-end=\"4233\">len v pr\u00edru\u010dnej bato\u017eine<\/strong>, nie do kontrolovan\u00fdch zavazadiel, kv\u00f4li pravidl\u00e1m o bat\u00e9ri\u00e1ch. Uchovajte si <strong data-start=\"4284\" data-end=\"4332\">Bang Kingdoms Rex 40000 Puf jednorazov\u00fd vaporiz\u00e9r<\/strong> zape\u010daten\u00fd a dodr\u017eiavajte pravidl\u00e1 leteckej spolo\u010dnosti\/miestne predpisy.<\/p>\n<\/div>\n<\/div>\n<\/div>\n<\/div>","protected":false},"excerpt":{"rendered":"<p class=\"LC20lb MBeuO DKV0Md\">Bang Kingdoms Rex 40000 2 v 1 Jednorazov\u00e9 Vape Z\u013eavnen\u00e1 Cena<br \/>\nBang Box 40000 Digit\u00e1lny Vape Box Ve\u013ekoobchodn\u00e1 Lacn\u00e1 Cena<br \/>\nBig Puff Vape Bang Box Kingdoms Rex 40k Jednorazov\u00e9 Vapor<\/p>\n<p><strong>Pridajte si Amy na whatsapp, aby ste dostali spr\u00e1vnu odpove\u010f a z\u013eavnen\u00fa cenu!<\/strong><\/p>\n<p><img fetchpriority=\"high\" decoding=\"async\" class=\"size-full wp-image-2932\" src=\"https:\/\/vapestornado.com\/wp-content\/uploads\/2024\/12\/Vape-Wholesale.jpg\" alt=\"Ve\u013ekoobchod s vape\" width=\"229\" height=\"300\" \/><\/p>\n<h3><a href=\"https:\/\/wa.me\/8617776015835\"><span style=\"color: #ff0000;\"><strong>WhatsApp: +86 17776015835<\/strong><\/span><\/a><\/h3>\n<p>&nbsp;<\/p>","protected":false},"featured_media":4131,"comment_status":"open","ping_status":"closed","template":"","meta":{"_acf_changed":false,"_uag_custom_page_level_css":"","_lmt_disableupdate":"no","_lmt_disable":"","_monsterinsights_skip_tracking":false,"_monsterinsights_sitenote_active":false,"_monsterinsights_sitenote_note":"","_monsterinsights_sitenote_category":0,"site-sidebar-layout":"default","site-content-layout":"","ast-site-content-layout":"default","site-content-style":"default","site-sidebar-style":"default","ast-global-header-display":"","ast-banner-title-visibility":"","ast-main-header-display":"","ast-hfb-above-header-display":"","ast-hfb-below-header-display":"","ast-hfb-mobile-header-display":"","site-post-title":"","ast-breadcrumbs-content":"","ast-featured-img":"","footer-sml-layout":"","ast-disable-related-posts":"","theme-transparent-header-meta":"default","adv-header-id-meta":"","stick-header-meta":"","header-above-stick-meta":"","header-main-stick-meta":"","header-below-stick-meta":"","astra-migrate-meta-layouts":"set","ast-page-background-enabled":"default","ast-page-background-meta":{"desktop":{"background-color":"","background-image":"","background-repeat":"repeat","background-position":"center center","background-size":"auto","background-attachment":"scroll","background-type":"","background-media":"","overlay-type":"","overlay-color":"","overlay-opacity":"","overlay-gradient":""},"tablet":{"background-color":"","background-image":"","background-repeat":"repeat","background-position":"center center","background-size":"auto","background-attachment":"scroll","background-type":"","background-media":"","overlay-type":"","overlay-color":"","overlay-opacity":"","overlay-gradient":""},"mobile":{"background-color":"","background-image":"","background-repeat":"repeat","background-position":"center center","background-size":"auto","background-attachment":"scroll","background-type":"","background-media":"","overlay-type":"","overlay-color":"","overlay-opacity":"","overlay-gradient":""}},"ast-content-background-meta":{"desktop":{"background-color":"var(--ast-global-color-5)","background-image":"","background-repeat":"repeat","background-position":"center center","background-size":"auto","background-attachment":"scroll","background-type":"","background-media":"","overlay-type":"","overlay-color":"","overlay-opacity":"","overlay-gradient":""},"tablet":{"background-color":"var(--ast-global-color-5)","background-image":"","background-repeat":"repeat","background-position":"center center","background-size":"auto","background-attachment":"scroll","background-type":"","background-media":"","overlay-type":"","overlay-color":"","overlay-opacity":"","overlay-gradient":""},"mobile":{"background-color":"var(--ast-global-color-5)","background-image":"","background-repeat":"repeat","background-position":"center center","background-size":"auto","background-attachment":"scroll","background-type":"","background-media":"","overlay-type":"","overlay-color":"","overlay-opacity":"","overlay-gradient":""}},"_joinchat":{"telephone":"17776015835"}},"product_brand":[],"product_cat":[65,62,150,152,142,146],"product_tag":[475,335,334,105,476,195],"class_list":{"0":"post-4132","1":"product","2":"type-product","3":"status-publish","4":"has-post-thumbnail","6":"product_cat-40000-puff","7":"product_cat-bang-vape","8":"product_cat-buy-disposable-vapes-in-belgium","9":"product_cat-buy-disposable-vapes-in-cermany","10":"product_cat-digital-box-disposable-vapes","11":"product_cat-rechargeable-disposable-vapes","12":"product_tag-40k-puff-vape","13":"product_tag-bang-40000","14":"product_tag-bang-kingdoms-rex-40000","15":"product_tag-digital-disposable-vape","16":"product_tag-double-taste-disposable-vape","17":"product_tag-dual-flavor-disposable-vape","18":"desktop-align-left","19":"tablet-align-left","20":"mobile-align-left","22":"first","23":"instock","24":"sale","25":"shipping-taxable","26":"purchasable","27":"product-type-simple"},"acf":[],"uagb_featured_image_src":{"full":["https:\/\/vapestornado.com\/wp-content\/uploads\/2025\/04\/Wholesale-Bang-Kingdoms-40000-Puff-Vape-Pod.webp",800,800,false],"thumbnail":["https:\/\/vapestornado.com\/wp-content\/uploads\/2025\/04\/Wholesale-Bang-Kingdoms-40000-Puff-Vape-Pod-150x150.webp",150,150,true],"medium":["https:\/\/vapestornado.com\/wp-content\/uploads\/2025\/04\/Wholesale-Bang-Kingdoms-40000-Puff-Vape-Pod-300x300.webp",300,300,true],"medium_large":["https:\/\/vapestornado.com\/wp-content\/uploads\/2025\/04\/Wholesale-Bang-Kingdoms-40000-Puff-Vape-Pod-768x768.webp",768,768,true],"large":["https:\/\/vapestornado.com\/wp-content\/uploads\/2025\/04\/Wholesale-Bang-Kingdoms-40000-Puff-Vape-Pod.webp",800,800,false],"1536x1536":["https:\/\/vapestornado.com\/wp-content\/uploads\/2025\/04\/Wholesale-Bang-Kingdoms-40000-Puff-Vape-Pod.webp",800,800,false],"2048x2048":["https:\/\/vapestornado.com\/wp-content\/uploads\/2025\/04\/Wholesale-Bang-Kingdoms-40000-Puff-Vape-Pod.webp",800,800,false],"trp-custom-language-flag":["https:\/\/vapestornado.com\/wp-content\/uploads\/2025\/04\/Wholesale-Bang-Kingdoms-40000-Puff-Vape-Pod.webp",12,12,false],"woocommerce_thumbnail":["https:\/\/vapestornado.com\/wp-content\/uploads\/2025\/04\/Wholesale-Bang-Kingdoms-40000-Puff-Vape-Pod-300x300.webp",300,300,true],"woocommerce_single":["https:\/\/vapestornado.com\/wp-content\/uploads\/2025\/04\/Wholesale-Bang-Kingdoms-40000-Puff-Vape-Pod-600x600.webp",600,600,true],"woocommerce_gallery_thumbnail":["https:\/\/vapestornado.com\/wp-content\/uploads\/2025\/04\/Wholesale-Bang-Kingdoms-40000-Puff-Vape-Pod-100x100.webp",100,100,true]},"uagb_author_info":{"display_name":"ESAMY","author_link":"https:\/\/vapestornado.com\/sk\/author\/"},"uagb_comment_info":0,"uagb_excerpt":"Bang Kingdoms Rex 40000 2 in 1 Disposables Vape Discount Price Bang Box 40000 Digital Vape Box Wholesale Cheap Price Big Puff Vape Bang Box Kingdoms Rex 40k Disposables Vapor Add Amy's whatsapp to get right reply and discount price! WhatsApp: +86 17776015835 &nbsp;","_links":{"self":[{"href":"https:\/\/vapestornado.com\/sk\/wp-json\/wp\/v2\/product\/4132","targetHints":{"allow":["GET"]}}],"collection":[{"href":"https:\/\/vapestornado.com\/sk\/wp-json\/wp\/v2\/product"}],"about":[{"href":"https:\/\/vapestornado.com\/sk\/wp-json\/wp\/v2\/types\/product"}],"replies":[{"embeddable":true,"href":"https:\/\/vapestornado.com\/sk\/wp-json\/wp\/v2\/comments?post=4132"}],"wp:featuredmedia":[{"embeddable":true,"href":"https:\/\/vapestornado.com\/sk\/wp-json\/wp\/v2\/media\/4131"}],"wp:attachment":[{"href":"https:\/\/vapestornado.com\/sk\/wp-json\/wp\/v2\/media?parent=4132"}],"wp:term":[{"taxonomy":"product_brand","embeddable":true,"href":"https:\/\/vapestornado.com\/sk\/wp-json\/wp\/v2\/product_brand?post=4132"},{"taxonomy":"product_cat","embeddable":true,"href":"https:\/\/vapestornado.com\/sk\/wp-json\/wp\/v2\/product_cat?post=4132"},{"taxonomy":"product_tag","embeddable":true,"href":"https:\/\/vapestornado.com\/sk\/wp-json\/wp\/v2\/product_tag?post=4132"}],"curies":[{"name":"wp","href":"https:\/\/api.w.org\/{rel}","templated":true}]}}