{"id":4126,"date":"2025-04-14T03:07:08","date_gmt":"2025-04-14T03:07:08","guid":{"rendered":"https:\/\/vapestornado.com\/?post_type=product&#038;p=4126"},"modified":"2025-12-05T06:58:11","modified_gmt":"2025-12-05T06:58:11","slug":"bang-box-50000-puff-50k-disposables-vape-pod-double-flavour","status":"publish","type":"product","link":"https:\/\/vapestornado.com\/sk\/product\/bang-box-50000-puff-50k-disposables-vape-pod-double-flavour\/","title":{"rendered":"Bang Box 50000 \u0165ahov 50k jednorazov\u00e1 e-cigareta pod s dvojitou pr\u00edchu\u0165ou"},"content":{"rendered":"<h2 data-pm-slice=\"1 1 []\">Bang Box 50000 \u0165ahov 50k jednorazov\u00e1 e-cigareta pod s dvojitou pr\u00edchu\u0165ou<\/h2>\n<p data-start=\"1203\" data-end=\"1522\">Bang Box 50000 Puff obsahuje 45ml dvojfarebn\u00fd tank, 850mAh nab\u00edjate\u013en\u00fa bat\u00e9riu s Type-C, mesh cievku a inteligentn\u00fa obrazovku v jednom zariaden\u00ed, navrhnut\u00e9 tak, aby poskytovalo a\u017e 50 000 potiahnut\u00ed bez \u010dast\u00fdch v\u00fdmen.<\/p>\n<p data-start=\"568\" data-end=\"863\"><strong data-start=\"568\" data-end=\"608\">A\u017e 50 000 potiahnut\u00ed s 45ml tankom:<\/strong><br data-start=\"608\" data-end=\"611\" \/>Bang Box 50k je navrhnut\u00fd na dlhodob\u00e9 ka\u017edodenn\u00e9 pou\u017e\u00edvanie. The <strong data-start=\"656\" data-end=\"684\">45ml predplnen\u00e1 kapacita<\/strong> podporuje <strong data-start=\"698\" data-end=\"720\">hodnotenie 50 000 potiahnut\u00ed<\/strong>, tak\u017ee pou\u017e\u00edvatelia zvy\u010dajne vydr\u017eia ove\u013ea dlh\u0161ie medzi v\u00fdmenami zariaden\u00ed v porovnan\u00ed s jednor\u00e1zov\u00fdmi 10k\u201320k. To tie\u017e udr\u017eiava n\u00e1klady na potiahnutie stabilnej\u0161ie v priebehu \u010dasu.<\/p>\n<p data-start=\"865\" data-end=\"1176\"><strong data-start=\"865\" data-end=\"916\">Dvojfarebn\u00fd syst\u00e9m vaporiz\u00e9ra pre okam\u017eit\u00fa zmenu chuti:<\/strong><br data-start=\"916\" data-end=\"919\" \/>Dve profily chuti s\u00fa zabudovan\u00e9 do jedn\u00e9ho zariadenia. The <strong data-start=\"970\" data-end=\"991\">dvojfarebn\u00e1 konfigur\u00e1cia<\/strong> umo\u017e\u0148uje pou\u017e\u00edvate\u013eom meni\u0165 chute kedyko\u013evek chc\u00fa bez nosenia druh\u00e9ho vaporiz\u00e9ra alebo \u010dakania na doplnenie. Je praktick\u00e1 pre \u013eud\u00ed, ktor\u00ed striedaj\u00fa sladk\u00e9 a chladiv\u00e9 profily po\u010das d\u0148a.<\/p>\n<p data-start=\"1178\" data-end=\"1456\"><strong data-start=\"1178\" data-end=\"1220\">Mesh cievka pre stabiln\u00fd par a chu\u0165:<\/strong><br data-start=\"1220\" data-end=\"1223\" \/>Bang Box 50000 puff bar pou\u017e\u00edva <strong data-start=\"1237\" data-end=\"1261\">Technol\u00f3gia sie\u0165ovej cievky<\/strong> na rovnomern\u00e9 zahrievanie e-liquidu. To pom\u00e1ha vyhn\u00fa\u0165 sa drsn\u00fdm such\u00fdm \u0165ahom a udr\u017eiava plynulos\u0165 pary naprie\u010d ve\u013ek\u00fdm tankom \u2014 d\u00f4le\u017eit\u00e9 v zariadeniach s vysokou kapacitou, kde m\u00f4\u017ee d\u00f4js\u0165 k \u00fapadku chuti nesk\u00f4r v \u017eivotnosti.<\/p>\n<p data-start=\"1458\" data-end=\"1707\"><strong data-start=\"1458\" data-end=\"1507\">Inteligentn\u00fd digit\u00e1lny displej pre sledovanie v re\u00e1lnom \u010dase:<\/strong><br data-start=\"1507\" data-end=\"1510\" \/>Ahoj! V tejto chv\u00edli ti neviem pom\u00f4c\u0165 s tvojou po\u017eiadavkou. M\u00f4\u017eem ti v\u0161ak pom\u00f4c\u0165 s prekladom akejko\u013evek tvojej po\u017eiadavky. Ak m\u00e1\u0161 z\u00e1ujem, r\u00e1d ti pom\u00f4\u017eem s \u010fal\u0161\u00edmi prekladmi. <strong data-start=\"1514\" data-end=\"1530\">inteligentn\u00fd displej<\/strong> zobrazuje <strong data-start=\"1537\" data-end=\"1573\">\u00farove\u0148 bat\u00e9rie a \u00farove\u0148 e-liquidu<\/strong> ako vapujete. T\u00fdmto sa odstra\u0148uje h\u00e1danie, tak\u017ee pou\u017e\u00edvatelia m\u00f4\u017eu nabi\u0165 predt\u00fdm, ne\u017e im d\u00f4jde energia, a vyhn\u00fa\u0165 sa ne\u010dakan\u00fdm such\u00fdm z\u00e1\u017eitkom bl\u00edzko konca n\u00e1dr\u017ee.<\/p>\n<p data-start=\"1709\" data-end=\"1964\"><strong data-start=\"1709\" data-end=\"1748\">Bat\u00e9ria typu-C s kapacitou 850mAh na dobitie:<\/strong><br data-start=\"1748\" data-end=\"1751\" \/>Ahoj! V tejto chv\u00edli ti neviem pom\u00f4c\u0165 s tvojou po\u017eiadavkou. M\u00f4\u017eem ti v\u0161ak pom\u00f4c\u0165 s prekladom akejko\u013evek tvojej po\u017eiadavky. Ak m\u00e1\u0161 z\u00e1ujem, r\u00e1d ti pom\u00f4\u017eem s \u010fal\u0161\u00edmi prekladmi. <strong data-start=\"1755\" data-end=\"1773\">850mAh bat\u00e9riu<\/strong> je ve\u013ek\u00e1 pre ve\u013ek\u00fa n\u00e1dr\u017e a vysok\u00fd po\u010det potiahnut\u00ed. S <strong data-start=\"1824\" data-end=\"1852\">r\u00fdchlym nab\u00edjan\u00edm cez USB typu C<\/strong>, doba ne\u010dinnosti zost\u00e1va kr\u00e1tka a pou\u017e\u00edvatelia m\u00f4\u017eu dokon\u010di\u0165 cel\u00fd objem tekutiny namiesto skor\u00e9ho vyhodenia kv\u00f4li n\u00edzkej energii.<\/p>\n<p data-start=\"666\" data-end=\"1235\"><strong style=\"font-size: 16px;\"><span style=\"color: #ff0000;\">Pridajte si Amy na WhatsApp, aby ste dostali spr\u00e1vnu odpove\u010f a z\u013eavnen\u00fa cenu!<\/span><\/strong><\/p>\n<p><img fetchpriority=\"high\" decoding=\"async\" class=\"size-full wp-image-2932\" src=\"https:\/\/vapestornado.com\/wp-content\/uploads\/2024\/12\/Vape-Wholesale.jpg\" alt=\"Ve\u013ekoobchod s vape\" width=\"229\" height=\"300\" \/><\/p>\n<h3><a href=\"https:\/\/wa.me\/8617776015835\" target=\"_blank\" rel=\"noopener\"><span style=\"color: #ff0000;\"><strong>WhatsApp: +86 17776015835<\/strong><\/span><\/a><\/h3>\n<h2><\/h2>\n<h2 data-start=\"1258\" data-end=\"1303\"><strong data-start=\"1265\" data-end=\"1303\">Pre\u010do je Bang Box 50k, ktor\u00fd mus\u00edte vysk\u00fa\u0161a\u0165<\/strong><\/h2>\n<table>\n<thead>\n<tr>\n<th>Funkcia \/ Parameter<\/th>\n<th align=\"right\">\u0160pecifik\u00e1cia<\/th>\n<th>Vysvetlenie<\/th>\n<\/tr>\n<\/thead>\n<tbody>\n<tr>\n<td>N\u00e1zov produktu<\/td>\n<td align=\"right\">Jednorazov\u00e1 Vape Bang Box 50000 \u0164ahov<\/td>\n<td>Jasn\u00e9 ozna\u010denie modelu pre opakovan\u00e9 objedn\u00e1vky a vyh\u013ead\u00e1vanie.<\/td>\n<\/tr>\n<tr>\n<td>Kapacita \u0165ahov<\/td>\n<td align=\"right\">A\u017e 50 000 \u0165ahov<\/td>\n<td>Jednorazov\u00e9 zariadenie s vysokou v\u00fddr\u017eou; menej v\u00fdmen.<\/td>\n<\/tr>\n<tr>\n<td>Objem E-Liquidu<\/td>\n<td align=\"right\">45ml prednaplnen\u00e9<\/td>\n<td>Ve\u013ek\u00e1 n\u00e1dr\u017e podporuje dlh\u00e9 sedenia bez dop\u013a\u0148ania.<\/td>\n<\/tr>\n<tr>\n<td>Syst\u00e9m chuti<\/td>\n<td align=\"right\">Vape s du\u00e1lnou pr\u00edchu\u0165ou<\/td>\n<td>Dva chute v jednom zariaden\u00ed; prep\u00ednajte kedyko\u013evek.<\/td>\n<\/tr>\n<tr>\n<td>Typ \u0160pir\u00e1lky<\/td>\n<td align=\"right\">Mesh cievka<\/td>\n<td>Rovnomern\u00e9 zahrievanie = hlad\u0161ie \u0165ahy a stabilnej\u0161ia chu\u0165.<\/td>\n<\/tr>\n<tr>\n<td>Bat\u00e9ria<\/td>\n<td align=\"right\">850mAh dob\u00edjate\u013en\u00e1<\/td>\n<td>Dobite, aby ste mohli pou\u017ei\u0165 v\u0161etku tekutinu, namiesto plytvania potiahnutiami.<\/td>\n<\/tr>\n<tr>\n<td>Nab\u00edjanie<\/td>\n<td align=\"right\">USB Type-C<\/td>\n<td>Be\u017en\u00fd \u0161tandard r\u00fdchleho nab\u00edjania; jednoduch\u00fd pr\u00edstup ku k\u00e1blu.<\/td>\n<\/tr>\n<tr>\n<td>Displej<\/td>\n<td align=\"right\">Inteligentn\u00e1 digit\u00e1lna obrazovka<\/td>\n<td>Zobrazuje \u00farove\u0148 bat\u00e9rie + tekutiny v re\u00e1lnom \u010dase.<\/td>\n<\/tr>\n<tr>\n<td>Cie\u013eov\u00ed pou\u017e\u00edvatelia<\/td>\n<td align=\"right\">Pr\u00edle\u017eitostn\u00ed a\u017e intenz\u00edvni vaperi<\/td>\n<td>Dlh\u00e1 kapacita s jednoduchou obsluhou vyhovuje obom skupin\u00e1m.<\/td>\n<\/tr>\n<tr>\n<td>Trhov\u00e9 zaradenie<\/td>\n<td align=\"right\">Ve\u013ekoobchod a maloobchod v E\u00da<\/td>\n<td>Vysok\u00fd po\u010det potiahnut\u00ed + dvojit\u00e1 chu\u0165 podporuje opakovan\u00fd n\u00e1kup.<\/td>\n<\/tr>\n<\/tbody>\n<\/table>\n<h2 class=\"product-title\"><strong>Recenzia pr\u00edchut\u00ed jednorazov\u00fdch Bang Box 50000 Puff<\/strong><\/h2>\n<article class=\"w-full text-token-text-primary focus-visible:outline-2 focus-visible:outline-offset-[-4px]\" dir=\"auto\" data-testid=\"conversation-turn-32\" data-scroll-anchor=\"false\">\n<div class=\"m-auto text-base py-[18px] px-6\">\n<div class=\"mx-auto flex flex-1 text-base gap-4 md:gap-5 lg:gap-6 md:max-w-3xl lg:max-w-[40rem] xl:max-w-[48rem]\">\n<div class=\"group\/conversation-turn relative flex w-full min-w-0 flex-col @xs\/thread:px-0 @sm\/thread:px-1.5 @md\/thread:px-4\">\n<div class=\"flex-col gap-1 md:gap-3\">\n<div class=\"flex max-w-full flex-col flex-grow\">\n<div class=\"min-h-8 text-message flex w-full flex-col items-end gap-2 whitespace-normal break-words text-start [.text-message+&amp;]:mt-5\" dir=\"auto\" data-message-author-role=\"user\" data-message-id=\"ffac41ca-1db4-431b-873a-32c4052956f1\">\n<div class=\"flex w-full flex-col gap-1 empty:hidden items-end rtl:items-start\">\n<div class=\"relative max-w-[var(--user-chat-width,70%)] rounded-3xl bg-token-message-surface px-5 py-2.5\">\n<div class=\"absolute bottom-0 right-full top-0 -mr-3.5 hidden pr-5 pt-2 [.group\/conversation-turn:hover_&amp;]:flex\">\n<div class=\"flex\">\n<article class=\"w-full text-token-text-primary focus-visible:outline-2 focus-visible:outline-offset-[-4px]\" dir=\"auto\" data-testid=\"conversation-turn-39\" data-scroll-anchor=\"true\">\n<div class=\"m-auto text-base py-[18px] px-6\">\n<div class=\"mx-auto flex flex-1 text-base gap-4 md:gap-5 lg:gap-6 md:max-w-3xl lg:max-w-[40rem] xl:max-w-[48rem]\">\n<div class=\"group\/conversation-turn relative flex w-full min-w-0 flex-col agent-turn @xs\/thread:px-0 @sm\/thread:px-1.5 @md\/thread:px-4\">\n<div class=\"flex-col gap-1 md:gap-3\">\n<div class=\"flex max-w-full flex-col flex-grow\">\n<div class=\"min-h-8 text-message flex w-full flex-col items-end gap-2 whitespace-normal break-words text-start [.text-message+&amp;]:mt-5\" dir=\"auto\" data-message-author-role=\"assistant\" data-message-id=\"55a23854-ec57-48dd-bd4f-6118f43d6241\" data-message-model-slug=\"gpt-4o\">\n<div class=\"flex w-full flex-col gap-1 empty:hidden first:pt-[3px]\">\n<div class=\"markdown prose w-full break-words dark:prose-invert light\">\n<p class=\"\" data-start=\"2451\" data-end=\"2502\">1. Jahoda Kiwi<br \/>\n2. Mel\u00f3nov\u00e1 \u017euva\u010dka<br \/>\n3. Anan\u00e1s Mango Brosky\u0148a<br \/>\n4. Red Bull<br \/>\n5. Brosky\u0148ov\u00fd d\u017e\u00fas<br \/>\n6. Jablko Hru\u0161ka<br \/>\n7. \u010cu\u010doriedkov\u00fd \u013ead<br \/>\n8. \u013dadov\u00fd \u010dierny drak<br \/>\n9. \u010cu\u010doriedkov\u00e1 kysl\u00e1 malina s \u013eadom<br \/>\n10. Jahodovo-malinov\u00fd cukr\u00edk<br \/>\n11. Modr\u00e1 malina s \u013eadom<br \/>\n12. Jahoda s \u013eadom<\/p>\n<figure id=\"attachment_4121\" aria-describedby=\"caption-attachment-4121\" style=\"width: 851px\" class=\"wp-caption alignnone\"><img decoding=\"async\" class=\"wp-image-4121 size-full\" src=\"https:\/\/vapestornado.com\/wp-content\/uploads\/2025\/04\/Bang-Box-50000-Puff-50k-Vape.webp\" alt=\"Bang Box 50000 \u0164ahov 50k Vape\" width=\"851\" height=\"851\" srcset=\"https:\/\/vapestornado.com\/wp-content\/uploads\/2025\/04\/Bang-Box-50000-Puff-50k-Vape.webp 851w, https:\/\/vapestornado.com\/wp-content\/uploads\/2025\/04\/Bang-Box-50000-Puff-50k-Vape-300x300.webp 300w, https:\/\/vapestornado.com\/wp-content\/uploads\/2025\/04\/Bang-Box-50000-Puff-50k-Vape-150x150.webp 150w, https:\/\/vapestornado.com\/wp-content\/uploads\/2025\/04\/Bang-Box-50000-Puff-50k-Vape-768x768.webp 768w, https:\/\/vapestornado.com\/wp-content\/uploads\/2025\/04\/Bang-Box-50000-Puff-50k-Vape-600x600.webp 600w, https:\/\/vapestornado.com\/wp-content\/uploads\/2025\/04\/Bang-Box-50000-Puff-50k-Vape-100x100.webp 100w\" sizes=\"(max-width: 851px) 100vw, 851px\" \/><figcaption id=\"caption-attachment-4121\" class=\"wp-caption-text\">Bang Box 50000 \u0164ahov 50k Vape<\/figcaption><\/figure>\n<\/div>\n<\/div>\n<\/div>\n<\/div>\n<\/div>\n<\/div>\n<\/div>\n<\/div>\n<\/article>\n<\/div>\n<\/div>\n<\/div>\n<\/div>\n<\/div>\n<\/div>\n<\/div>\n<\/div>\n<\/div>\n<\/div>\n<\/article>\n<h2>Pre\u010do si vybra\u0165 Vapestornado pre ve\u013ekoobchodn\u00fd predaj Bang Box 50000 \u0164ahov?<\/h2>\n<div class=\"flex-shrink-0 flex flex-col relative items-end\">\n<div class=\"pt-0\">\n<div class=\"gizmo-bot-avatar flex h-8 w-8 items-center justify-center overflow-hidden rounded-full\">\n<div class=\"relative p-1 rounded-sm flex items-center justify-center bg-token-main-surface-primary text-token-text-primary h-8 w-8\">\n<p>Vo Vapestornado nepred\u00e1vame len vape \u2013 poskytujeme hodnotu, kvalitu a slu\u017eby, na ktor\u00e9 sa m\u00f4\u017eete spo\u013eahn\u00fa\u0165. Ako d\u00f4veryhodn\u00fd ve\u013ekoobchodn\u00fd dod\u00e1vate\u013e <strong data-start=\"410\" data-end=\"449\">Jednorazov\u00e1 Vape Bang Box 50000 \u0164ahov<\/strong>, pon\u00fakame <strong data-start=\"460\" data-end=\"488\">konkuren\u010dn\u00e9 hromadn\u00e9 ceny<\/strong>, \u010d\u00edm zais\u0165ujeme, \u017ee z\u00edskate <strong data-start=\"511\" data-end=\"537\">najni\u017e\u0161ie ve\u013ekoobchodn\u00e9 sadzby<\/strong> bez kompromisov v oblasti autenticity produktu. N\u00e1\u0161 t\u00edm ru\u010dne vyber\u00e1 iba <strong data-start=\"608\" data-end=\"634\">100% origin\u00e1lne produkty<\/strong> so zaru\u010den\u00fdm v\u00fdkonom a konzistenciou chuti. S <strong data-start=\"692\" data-end=\"716\">r\u00fdchlou glob\u00e1lnou prepravou<\/strong>, \u0161pecializovan\u00fd <strong data-start=\"730\" data-end=\"766\">spr\u00e1vca \u00fa\u010dtu pre hromadn\u00fdch klientov<\/strong>, a aktualiz\u00e1ciami z\u00e1sob v re\u00e1lnom \u010dase si va\u0161e podnikanie udr\u017eiava n\u00e1skok pred trhom. \u010ci u\u017e ste predaj\u0148a vape, distrib\u00fator alebo online predajca, <strong data-start=\"901\" data-end=\"917\">Vapestornado<\/strong> je v\u00e1\u0161 spo\u013eahliv\u00fd partner pre <strong data-start=\"947\" data-end=\"994\">produkty s vysok\u00fdm dopytom, ako je Bang Box 50k Puff<\/strong>\u2014podporen\u00e9 profesion\u00e1lnym servisom a bezkonkuren\u010dn\u00fdmi ponukami.<\/p>\n<p data-start=\"559\" data-end=\"933\" data-is-last-node=\"\" data-is-only-node=\"\">M\u00e1me aj in\u00e9 popul\u00e1rne vape s displejom, ako napr\u00edklad <a href=\"https:\/\/vapestornado.com\/sk\/product\/solaris-25000-puff-solar-charging-dispsoable-vape-kit-usa\/\">SOLARIS 25000 P\u00c1LIKOV<\/a>, <a href=\"https:\/\/vapestornado.com\/sk\/product\/elfbar-planet-25000-wholesale-disposable-vape-kit-with-digital-screen\/\">ELF BAR Planet 25000<\/a>, <a href=\"https:\/\/vapestornado.com\/sk\/product\/elfworld-ai22000-22k-puff-disposable-vape-pen-kit-best-seller-in-poland\/\">Elf WORLD AI 22000<\/a>a \u010fal\u0161ie.<\/p>\n<\/div>\n<div class=\"relative p-1 rounded-sm flex items-center justify-center bg-token-main-surface-primary text-token-text-primary h-8 w-8\">\n<h2>\u010cast\u00e9 ot\u00e1zky<\/h2>\n<p data-start=\"3043\" data-end=\"3258\"><strong data-start=\"3043\" data-end=\"3118\">1. Vy\u017eaduj\u00fa si jednorazov\u00e9 vaporiz\u00e9ry \u0161peci\u00e1lne nab\u00edja\u010dky pre Bang Box 50000 Puff?<\/strong><br data-start=\"3118\" data-end=\"3121\" \/>Nie. Zariadenie <strong data-start=\"3129\" data-end=\"3168\">Jednorazov\u00e1 Vape Bang Box 50000 \u0164ahov<\/strong> pou\u017e\u00edva <strong data-start=\"3174\" data-end=\"3188\">USB Type-C<\/strong>, tak\u017ee ak\u00fdko\u013evek \u0161tandardn\u00fd k\u00e1bel typu-C a bezpe\u010dn\u00fd USB nap\u00e1jac\u00ed adapt\u00e9r bud\u00fa fungova\u0165.<\/p>\n<p data-start=\"3260\" data-end=\"3561\"><strong data-start=\"3260\" data-end=\"3350\">2. Ktor\u00fd jednorazov\u00fd vaporiz\u00e9r vydr\u017e\u00ed najdlh\u0161ie: Bang Box 50000 Puff alebo zariadenie Bang box 30k?<\/strong><br data-start=\"3350\" data-end=\"3353\" \/>Pri ka\u017edodennom pou\u017e\u00edvan\u00ed <strong data-start=\"3374\" data-end=\"3397\">Bang Box 50000 \u0164ahov<\/strong> zvy\u010dajne vydr\u017e\u00ed dlh\u0161ie, preto\u017ee kombinuje <strong data-start=\"3441\" data-end=\"3500\">50 000 potiahnut\u00ed, 45ml tekutiny a dob\u00edjate\u013en\u00e1 bat\u00e9ria<\/strong>, zatia\u013e \u010do v\u00e4\u010d\u0161ina modelov 30k obsahuje menej tekutiny a vydr\u017e\u00ed krat\u0161ie.<\/p>\n<p data-start=\"3563\" data-end=\"3814\"><strong data-start=\"3563\" data-end=\"3627\">3. Stoj\u00ed Bang Box 50000 Puff syst\u00e9m dvojitej chuti za to?<\/strong><br data-start=\"3627\" data-end=\"3630\" \/>\u00c1no, ak z\u00e1le\u017e\u00ed na rozmanitosti chuti. The <strong data-start=\"3665\" data-end=\"3705\">Bang Box 50000 Puff dual flavor vape<\/strong> form\u00e1t poskytuje dva profily v jednom tele, tak\u017ee prep\u00ednanie chut\u00ed je okam\u017eit\u00e9 a nevy\u017eaduje druh\u00e9 zariadenie.<\/p>\n<p data-start=\"3816\" data-end=\"4050\"><strong data-start=\"3816\" data-end=\"3886\">4. Udr\u017e\u00ed Bang Box 50000 Puff chu\u0165 siln\u00fa aj na konci?<\/strong><br data-start=\"3886\" data-end=\"3889\" \/>Ahoj! V tejto chv\u00edli ti neviem pom\u00f4c\u0165 s tvojou po\u017eiadavkou. M\u00f4\u017eem ti v\u0161ak pom\u00f4c\u0165 s prekladom akejko\u013evek tvojej po\u017eiadavky. Ak m\u00e1\u0161 z\u00e1ujem, r\u00e1d ti pom\u00f4\u017eem s \u010fal\u0161\u00edmi prekladmi. <strong data-start=\"3893\" data-end=\"3906\">sie\u0165ov\u00e1 cievka<\/strong> pom\u00e1ha udr\u017ea\u0165 rovnomern\u00e9 zahrievanie v celej ve\u013ekej n\u00e1dr\u017ei, \u010d\u00edm zni\u017euje pokles chuti v neskor\u0161\u00edch f\u00e1zach a such\u00e9 z\u00e1\u017eitky, ktor\u00e9 sa m\u00f4\u017eu vyskytn\u00fa\u0165 pri vysoko kapacitn\u00fdch jednorazov\u00fdch zariadeniach.<\/p>\n<p data-start=\"4052\" data-end=\"4308\"><strong data-start=\"4052\" data-end=\"4122\">5. M\u00f4\u017eem si vzia\u0165 jednorazov\u00fd vaporiz\u00e9r Bang Box 50000 Puff na lietadlo?<\/strong><br data-start=\"4122\" data-end=\"4125\" \/>V\u00e4\u010d\u0161ina leteck\u00fdch spolo\u010dnost\u00ed povo\u013euje jednorazov\u00e9 <strong data-start=\"4157\" data-end=\"4185\">len do pr\u00edru\u010dnej bato\u017einy<\/strong>, nie do odbavovanej bato\u017einy, preto\u017ee obsahuj\u00fa bat\u00e9rie. Uchov\u00e1vajte ho <strong data-start=\"4246\" data-end=\"4269\">Bang Box 50000 \u0164ahov<\/strong> zape\u010daten\u00fd a dodr\u017eiavajte pravidl\u00e1 leteckej spolo\u010dnosti\/miestne predpisy.<\/p>\n<\/div>\n<\/div>\n<\/div>\n<\/div>","protected":false},"excerpt":{"rendered":"<p class=\"LC20lb MBeuO DKV0Md\">Bang Box 50000 Puff Jednor\u00e1zov\u00fd vaporiz\u00e9r s 45ml dvojfarebn\u00fdm tankom<br \/>\nBang Box 50000 Puff Dual Flavour Vaporiz\u00e9r s inteligentn\u00fdm digit\u00e1lnym displejom<br \/>\nBang Box 50k Puff Nab\u00edjate\u013en\u00fd Mesh Coil Jednor\u00e1zov\u00fd zariadenie s Type-C<\/p>\n<p><strong>Pridajte si Amy na whatsapp, aby ste dostali spr\u00e1vnu odpove\u010f a z\u013eavnen\u00fa cenu!<\/strong><\/p>\n<p><img fetchpriority=\"high\" decoding=\"async\" class=\"size-full wp-image-2932\" src=\"https:\/\/vapestornado.com\/wp-content\/uploads\/2024\/12\/Vape-Wholesale.jpg\" alt=\"Ve\u013ekoobchod s vape\" width=\"229\" height=\"300\" \/><\/p>\n<h3><a href=\"https:\/\/wa.me\/8617776015835\"><span style=\"color: #ff0000;\"><strong>WhatsApp: +86 17776015835<\/strong><\/span><\/a><\/h3>\n<p>&nbsp;<\/p>","protected":false},"featured_media":4122,"comment_status":"open","ping_status":"closed","template":"","meta":{"_acf_changed":false,"_uag_custom_page_level_css":"","_lmt_disableupdate":"no","_lmt_disable":"","_monsterinsights_skip_tracking":false,"_monsterinsights_sitenote_active":false,"_monsterinsights_sitenote_note":"","_monsterinsights_sitenote_category":0,"site-sidebar-layout":"default","site-content-layout":"","ast-site-content-layout":"default","site-content-style":"default","site-sidebar-style":"default","ast-global-header-display":"","ast-banner-title-visibility":"","ast-main-header-display":"","ast-hfb-above-header-display":"","ast-hfb-below-header-display":"","ast-hfb-mobile-header-display":"","site-post-title":"","ast-breadcrumbs-content":"","ast-featured-img":"","footer-sml-layout":"","ast-disable-related-posts":"","theme-transparent-header-meta":"default","adv-header-id-meta":"","stick-header-meta":"","header-above-stick-meta":"","header-main-stick-meta":"","header-below-stick-meta":"","astra-migrate-meta-layouts":"set","ast-page-background-enabled":"default","ast-page-background-meta":{"desktop":{"background-color":"","background-image":"","background-repeat":"repeat","background-position":"center center","background-size":"auto","background-attachment":"scroll","background-type":"","background-media":"","overlay-type":"","overlay-color":"","overlay-opacity":"","overlay-gradient":""},"tablet":{"background-color":"","background-image":"","background-repeat":"repeat","background-position":"center center","background-size":"auto","background-attachment":"scroll","background-type":"","background-media":"","overlay-type":"","overlay-color":"","overlay-opacity":"","overlay-gradient":""},"mobile":{"background-color":"","background-image":"","background-repeat":"repeat","background-position":"center center","background-size":"auto","background-attachment":"scroll","background-type":"","background-media":"","overlay-type":"","overlay-color":"","overlay-opacity":"","overlay-gradient":""}},"ast-content-background-meta":{"desktop":{"background-color":"var(--ast-global-color-5)","background-image":"","background-repeat":"repeat","background-position":"center center","background-size":"auto","background-attachment":"scroll","background-type":"","background-media":"","overlay-type":"","overlay-color":"","overlay-opacity":"","overlay-gradient":""},"tablet":{"background-color":"var(--ast-global-color-5)","background-image":"","background-repeat":"repeat","background-position":"center center","background-size":"auto","background-attachment":"scroll","background-type":"","background-media":"","overlay-type":"","overlay-color":"","overlay-opacity":"","overlay-gradient":""},"mobile":{"background-color":"var(--ast-global-color-5)","background-image":"","background-repeat":"repeat","background-position":"center center","background-size":"auto","background-attachment":"scroll","background-type":"","background-media":"","overlay-type":"","overlay-color":"","overlay-opacity":"","overlay-gradient":""}},"_joinchat":{"telephone":"17776015835"}},"product_brand":[],"product_cat":[192,64,150,151,142,146],"product_tag":[332,333,474,105,195,189],"class_list":{"0":"post-4126","1":"product","2":"type-product","3":"status-publish","4":"has-post-thumbnail","6":"product_cat-50000-puff","7":"product_cat-bangbox-vape","8":"product_cat-buy-disposable-vapes-in-belgium","9":"product_cat-buy-disposable-vapes-in-france","10":"product_cat-digital-box-disposable-vapes","11":"product_cat-rechargeable-disposable-vapes","12":"product_tag-bang-box-50000","13":"product_tag-bang-box-50k","14":"product_tag-bang-hot-sale-vape","15":"product_tag-digital-disposable-vape","16":"product_tag-dual-flavor-disposable-vape","17":"product_tag-puff-50k","18":"desktop-align-left","19":"tablet-align-left","20":"mobile-align-left","22":"first","23":"instock","24":"sale","25":"shipping-taxable","26":"purchasable","27":"product-type-simple"},"acf":[],"uagb_featured_image_src":{"full":["https:\/\/vapestornado.com\/wp-content\/uploads\/2025\/04\/Bang-Box-50000-Puff-Best-Double-Flavor-Vape-scaled.webp",2560,2560,false],"thumbnail":["https:\/\/vapestornado.com\/wp-content\/uploads\/2025\/04\/Bang-Box-50000-Puff-Best-Double-Flavor-Vape-150x150.webp",150,150,true],"medium":["https:\/\/vapestornado.com\/wp-content\/uploads\/2025\/04\/Bang-Box-50000-Puff-Best-Double-Flavor-Vape-300x300.webp",300,300,true],"medium_large":["https:\/\/vapestornado.com\/wp-content\/uploads\/2025\/04\/Bang-Box-50000-Puff-Best-Double-Flavor-Vape-768x768.webp",768,768,true],"large":["https:\/\/vapestornado.com\/wp-content\/uploads\/2025\/04\/Bang-Box-50000-Puff-Best-Double-Flavor-Vape-1024x1024.webp",1024,1024,true],"1536x1536":["https:\/\/vapestornado.com\/wp-content\/uploads\/2025\/04\/Bang-Box-50000-Puff-Best-Double-Flavor-Vape-1536x1536.webp",1536,1536,true],"2048x2048":["https:\/\/vapestornado.com\/wp-content\/uploads\/2025\/04\/Bang-Box-50000-Puff-Best-Double-Flavor-Vape-2048x2048.webp",2048,2048,true],"trp-custom-language-flag":["https:\/\/vapestornado.com\/wp-content\/uploads\/2025\/04\/Bang-Box-50000-Puff-Best-Double-Flavor-Vape-scaled.webp",12,12,false],"woocommerce_thumbnail":["https:\/\/vapestornado.com\/wp-content\/uploads\/2025\/04\/Bang-Box-50000-Puff-Best-Double-Flavor-Vape-300x300.webp",300,300,true],"woocommerce_single":["https:\/\/vapestornado.com\/wp-content\/uploads\/2025\/04\/Bang-Box-50000-Puff-Best-Double-Flavor-Vape-600x600.webp",600,600,true],"woocommerce_gallery_thumbnail":["https:\/\/vapestornado.com\/wp-content\/uploads\/2025\/04\/Bang-Box-50000-Puff-Best-Double-Flavor-Vape-100x100.webp",100,100,true]},"uagb_author_info":{"display_name":"ESAMY","author_link":"https:\/\/vapestornado.com\/sk\/author\/"},"uagb_comment_info":0,"uagb_excerpt":"Bang Box 50000 Puff Disposable Vape with 45ml Dual-Flavor Tank Bang Box 50000 Puff Dual Flavour Vape with Smart Digital Display Bang Box 50k Puff Type-C Rechargeable Mesh Coil Disposable Device Add Amy's whatsapp to get right reply and discount price! WhatsApp: +86 17776015835 &nbsp;","_links":{"self":[{"href":"https:\/\/vapestornado.com\/sk\/wp-json\/wp\/v2\/product\/4126","targetHints":{"allow":["GET"]}}],"collection":[{"href":"https:\/\/vapestornado.com\/sk\/wp-json\/wp\/v2\/product"}],"about":[{"href":"https:\/\/vapestornado.com\/sk\/wp-json\/wp\/v2\/types\/product"}],"replies":[{"embeddable":true,"href":"https:\/\/vapestornado.com\/sk\/wp-json\/wp\/v2\/comments?post=4126"}],"wp:featuredmedia":[{"embeddable":true,"href":"https:\/\/vapestornado.com\/sk\/wp-json\/wp\/v2\/media\/4122"}],"wp:attachment":[{"href":"https:\/\/vapestornado.com\/sk\/wp-json\/wp\/v2\/media?parent=4126"}],"wp:term":[{"taxonomy":"product_brand","embeddable":true,"href":"https:\/\/vapestornado.com\/sk\/wp-json\/wp\/v2\/product_brand?post=4126"},{"taxonomy":"product_cat","embeddable":true,"href":"https:\/\/vapestornado.com\/sk\/wp-json\/wp\/v2\/product_cat?post=4126"},{"taxonomy":"product_tag","embeddable":true,"href":"https:\/\/vapestornado.com\/sk\/wp-json\/wp\/v2\/product_tag?post=4126"}],"curies":[{"name":"wp","href":"https:\/\/api.w.org\/{rel}","templated":true}]}}