{"id":4118,"date":"2025-04-13T08:12:11","date_gmt":"2025-04-13T08:12:11","guid":{"rendered":"https:\/\/vapestornado.com\/?post_type=product&#038;p=4118"},"modified":"2025-08-21T12:11:56","modified_gmt":"2025-08-21T12:11:56","slug":"solaris-25000-puff-solar-charging-dispsoable-vape-kit-usa","status":"publish","type":"product","link":"https:\/\/vapestornado.com\/sk\/product\/solaris-25000-puff-solar-charging-dispsoable-vape-kit-usa\/","title":{"rendered":"Solaris 25000 \u0164ahov Sol\u00e1rne Nab\u00edjanie Jednorazov\u00e1 Vape S\u00faprava Slovensko"},"content":{"rendered":"<h1 data-pm-slice=\"1 1 []\">Solaris 25000 \u0164ahov Sol\u00e1rne Nab\u00edjanie Jednorazov\u00e1 Vape S\u00faprava Slovensko<\/h1>\n<p data-start=\"309\" data-end=\"774\">Ahoj! V tejto chv\u00edli ti neviem pom\u00f4c\u0165 s tvojou po\u017eiadavkou. M\u00f4\u017eem ti v\u0161ak pom\u00f4c\u0165 s prekladom akejko\u013evek tvojej po\u017eiadavky. Ak m\u00e1\u0161 z\u00e1ujem, r\u00e1d ti pom\u00f4\u017eem s \u010fal\u0161\u00edmi prekladmi. <strong data-start=\"313\" data-end=\"361\">Solaris 25000 Sol\u00e1rne nab\u00edjanie jednorazovej vapy<\/strong> predstavuje nov\u00fd \u0161tandard v udr\u017eate\u013enosti a v\u00fdkone. Ako prv\u00fd <strong data-start=\"436\" data-end=\"468\">Jednorazov\u00e1 vape s 25 000 potiahnutiami<\/strong> so zabudovan\u00fdm sol\u00e1rnym panelom kombinuje ekologick\u00e9 nab\u00edjanie s vysokokapacitnou v\u00fddr\u017eou, \u010do z neho rob\u00ed praktick\u00e9 rie\u0161enie pre dlhodob\u00e9 pou\u017e\u00edvanie. Solaris, vybaven\u00fd 18 ml predplnenou n\u00e1dr\u017ekou na e-liquid a nab\u00edjate\u013enou bat\u00e9riou, poskytuje konzistentn\u00fd v\u00fdstup pary navrhnut\u00fd pre spo\u013eahlivos\u0165 v akomko\u013evek prostred\u00ed.<\/p>\n<p data-start=\"776\" data-end=\"1047\">Na nab\u00edjanie m\u00f4\u017eu pou\u017e\u00edvatelia vyu\u017ei\u0165 dve mo\u017enosti: sol\u00e1rny panel pre nepretr\u017eit\u00e9 vonkaj\u0161ie pou\u017eitie alebo USB Type-C pre r\u00fdchle a efekt\u00edvne nab\u00edjanie (k\u00e1bel nie je s\u00fa\u010das\u0165ou balenia). V\u010faka tejto flexibilite je Solaris spo\u013eahliv\u00fdm spolo\u010dn\u00edkom pri cestovan\u00ed, turistike alebo ka\u017edodenn\u00fdch aktivit\u00e1ch.<\/p>\n<p data-start=\"1049\" data-end=\"1276\">Dva re\u017eimy vapovania \u2013 <strong data-start=\"1069\" data-end=\"1089\">Norm\u00e1lny a Boost<\/strong> \u2013 v kombin\u00e1cii s du\u00e1lnymi mesh cievkami poskytuj\u00fa hladk\u00fd pr\u00fad vzduchu a pln\u00fa intenzitu chuti. Nastavite\u013en\u00fd pr\u00fad vzduchu umo\u017e\u0148uje prisp\u00f4soben\u00e9 \u0165ahanie, \u010d\u00edm zais\u0165uje spokojnos\u0165 MTL aj zv\u00fd\u0161en\u00fa produkciu oblakov.<\/p>\n<p data-start=\"1278\" data-end=\"1637\">HD displej zobrazuje stav potiahnut\u00ed a bat\u00e9rie v re\u00e1lnom \u010dase s interakt\u00edvnymi anim\u00e1ciami, ktor\u00e9 dod\u00e1vaj\u00fa modern\u00fd n\u00e1dych. Povrchov\u00e1 \u00faprava Starlight Embedded Glow pozdvihuje jeho dizajn a pon\u00faka pr\u00e9miov\u00fd vzh\u013ead, ktor\u00fd oslovuje mlad\u00fdch dospel\u00fdch spotrebite\u013eov. Solaris, aktivovan\u00fd \u0165ahom a bez tla\u010didiel, sa jednoducho pou\u017e\u00edva a kombinuje pokro\u010dil\u00fa technol\u00f3giu s jednoduchou obsluhou.<\/p>\n<p data-start=\"1639\" data-end=\"1865\">Pre ve\u013ekoobchodn\u00edkov a maloobchodn\u00edkov v Eur\u00f3pe <strong data-start=\"1684\" data-end=\"1732\">Solaris 25000 Sol\u00e1rne nab\u00edjanie jednorazovej vapy<\/strong> pon\u00faka v\u00fdrazn\u00fd produkt, ktor\u00fd sp\u013a\u0148a rast\u00faci dopyt po udr\u017eate\u013en\u00fdch zariadeniach s vysokou kapacitou a z\u00e1rove\u0148 poskytuje siln\u00fa hodnotu pri op\u00e4tovnom predaji.<\/p>\n<p data-start=\"666\" data-end=\"1235\"><strong style=\"font-size: 16px;\"><span style=\"color: #ff0000;\">Pridajte si Amy na WhatsApp, aby ste dostali spr\u00e1vnu odpove\u010f a z\u013eavnen\u00fa cenu!<\/span><\/strong><\/p>\n<p><img fetchpriority=\"high\" decoding=\"async\" class=\"size-full wp-image-2932\" src=\"https:\/\/vapestornado.com\/wp-content\/uploads\/2024\/12\/Vape-Wholesale.jpg\" alt=\"Ve\u013ekoobchod s vape\" width=\"229\" height=\"300\" \/><\/p>\n<h3><a href=\"https:\/\/wa.me\/8617776015835\" target=\"_blank\" rel=\"noopener\"><span style=\"color: #ff0000;\"><strong>WhatsApp: +86 17776015835<\/strong><\/span><\/a><\/h3>\n<p>&nbsp;<\/p>\n<h2><strong>Solaris 25000 \u0164ahov K\u013e\u00fa\u010dov\u00e9 vlastnosti produktu<\/strong><\/h2>\n<ul>\n<li class=\"\" data-start=\"1597\" data-end=\"1621\">\n<p class=\"\" data-start=\"1599\" data-end=\"1621\">A\u017e do <strong data-start=\"1605\" data-end=\"1621\">25 000 \u0165ahov<\/strong><\/p>\n<\/li>\n<li class=\"\" data-start=\"1622\" data-end=\"1684\">\n<p class=\"\" data-start=\"1624\" data-end=\"1684\"><strong data-start=\"1624\" data-end=\"1652\">Sol\u00e1rny panel + USB Type-C<\/strong> nab\u00edjanie (k\u00e1bel nie je s\u00fa\u010das\u0165ou balenia)<\/p>\n<\/li>\n<li class=\"\" data-start=\"1685\" data-end=\"1714\">\n<p class=\"\" data-start=\"1687\" data-end=\"1714\"><strong data-start=\"1687\" data-end=\"1714\">18 ml predplnen\u00e9ho e-liquidu<\/strong><\/p>\n<\/li>\n<li class=\"\" data-start=\"1715\" data-end=\"1748\">\n<p class=\"\" data-start=\"1717\" data-end=\"1748\"><strong data-start=\"1717\" data-end=\"1748\">5% (50mg) sila nikot\u00ednu<\/strong><\/p>\n<\/li>\n<li class=\"\" data-start=\"1749\" data-end=\"1773\">\n<p class=\"\" data-start=\"1751\" data-end=\"1773\"><strong data-start=\"1751\" data-end=\"1773\">Nastavite\u013en\u00fd prietok vzduchu<\/strong><\/p>\n<\/li>\n<li class=\"\" data-start=\"1774\" data-end=\"1805\">\n<p class=\"\" data-start=\"1776\" data-end=\"1805\"><strong data-start=\"1776\" data-end=\"1789\">Dva re\u017eimy<\/strong>: Norm\u00e1lny<\/p>\n<\/li>\n<li class=\"\" data-start=\"1806\" data-end=\"1847\">\n<p class=\"\" data-start=\"1808\" data-end=\"1847\"><strong data-start=\"1808\" data-end=\"1827\">Du\u00e1lne mesh \u0161pir\u00e1lky<\/strong> pre zv\u00fdraznen\u00fa chu\u0165<\/p>\n<\/li>\n<li class=\"\" data-start=\"1848\" data-end=\"1872\">\n<p class=\"\" data-start=\"1850\" data-end=\"1872\"><strong data-start=\"1850\" data-end=\"1872\">HD animovan\u00e1 obrazovka<\/strong><\/p>\n<\/li>\n<li class=\"\" data-start=\"1873\" data-end=\"1900\">\n<p class=\"\" data-start=\"1875\" data-end=\"1900\"><strong data-start=\"1875\" data-end=\"1900\">Efekt hviezdneho \u017eiarenia<\/strong><\/p>\n<\/li>\n<li class=\"\" data-start=\"1901\" data-end=\"1932\">\n<p class=\"\" data-start=\"1903\" data-end=\"1932\"><strong data-start=\"1903\" data-end=\"1921\">Aktiv\u00e1cia potiahnut\u00edm<\/strong> MTL vapovanie<\/p>\n<\/li>\n<li class=\"\" data-start=\"1933\" data-end=\"1977\">\n<p class=\"\" data-start=\"1935\" data-end=\"1977\"><strong data-start=\"1935\" data-end=\"1977\">Ekologick\u00fd a u\u017e\u00edvate\u013esky pr\u00edvetiv\u00fd dizajn<\/strong><\/p>\n<\/li>\n<\/ul>\n<h2 class=\"product-title\"><strong>Recenzia pr\u00edchut\u00ed jednorazov\u00fdch e-cigariet Solaris 25000 \u0164ahov<\/strong><\/h2>\n<article class=\"w-full text-token-text-primary focus-visible:outline-2 focus-visible:outline-offset-[-4px]\" dir=\"auto\" data-testid=\"conversation-turn-32\" data-scroll-anchor=\"false\">\n<div class=\"m-auto text-base py-[18px] px-6\">\n<div class=\"mx-auto flex flex-1 text-base gap-4 md:gap-5 lg:gap-6 md:max-w-3xl lg:max-w-[40rem] xl:max-w-[48rem]\">\n<div class=\"group\/conversation-turn relative flex w-full min-w-0 flex-col @xs\/thread:px-0 @sm\/thread:px-1.5 @md\/thread:px-4\">\n<div class=\"flex-col gap-1 md:gap-3\">\n<div class=\"flex max-w-full flex-col flex-grow\">\n<div class=\"min-h-8 text-message flex w-full flex-col items-end gap-2 whitespace-normal break-words text-start [.text-message+&amp;]:mt-5\" dir=\"auto\" data-message-author-role=\"user\" data-message-id=\"ffac41ca-1db4-431b-873a-32c4052956f1\">\n<div class=\"flex w-full flex-col gap-1 empty:hidden items-end rtl:items-start\">\n<div class=\"relative max-w-[var(--user-chat-width,70%)] rounded-3xl bg-token-message-surface px-5 py-2.5\">\n<div class=\"absolute bottom-0 right-full top-0 -mr-3.5 hidden pr-5 pt-2 [.group\/conversation-turn:hover_&amp;]:flex\">\n<div class=\"flex\">\n<article class=\"w-full text-token-text-primary focus-visible:outline-2 focus-visible:outline-offset-[-4px]\" dir=\"auto\" data-testid=\"conversation-turn-39\" data-scroll-anchor=\"true\">\n<div class=\"m-auto text-base py-[18px] px-6\">\n<div class=\"mx-auto flex flex-1 text-base gap-4 md:gap-5 lg:gap-6 md:max-w-3xl lg:max-w-[40rem] xl:max-w-[48rem]\">\n<div class=\"group\/conversation-turn relative flex w-full min-w-0 flex-col agent-turn @xs\/thread:px-0 @sm\/thread:px-1.5 @md\/thread:px-4\">\n<div class=\"flex-col gap-1 md:gap-3\">\n<div class=\"flex max-w-full flex-col flex-grow\">\n<div class=\"min-h-8 text-message flex w-full flex-col items-end gap-2 whitespace-normal break-words text-start [.text-message+&amp;]:mt-5\" dir=\"auto\" data-message-author-role=\"assistant\" data-message-id=\"55a23854-ec57-48dd-bd4f-6118f43d6241\" data-message-model-slug=\"gpt-4o\">\n<div class=\"flex w-full flex-col gap-1 empty:hidden first:pt-[3px]\">\n<div class=\"markdown prose w-full break-words dark:prose-invert light\">\n<ul>\n<li class=\"\" data-start=\"2002\" data-end=\"2063\">\n<p class=\"\" data-start=\"2004\" data-end=\"2063\"><strong data-start=\"2004\" data-end=\"2017\">Modr\u00e1 Razz<\/strong> \u2013 Sladk\u00e1 a pikantn\u00e1 zmes \u010du\u010doriedok a mal\u00edn<\/p>\n<\/li>\n<li class=\"\" data-start=\"2064\" data-end=\"2128\">\n<p class=\"\" data-start=\"2066\" data-end=\"2128\"><strong data-start=\"2066\" data-end=\"2082\">Modr\u00fd Slurpie<\/strong> \u2013 \u013dadov\u00e1 modr\u00e1 dr\u0165 pre chladiv\u00fd, nostalgick\u00fd z\u00e1\u017eitok<\/p>\n<\/li>\n<li class=\"\" data-start=\"2129\" data-end=\"2179\">\n<p class=\"\" data-start=\"2131\" data-end=\"2179\"><strong data-start=\"2131\" data-end=\"2146\">\u010cere\u0161\u0148ov\u00e1 bomba<\/strong> \u2013 V\u00fdrazn\u00e1 expl\u00f3zia \u010dere\u0161\u0148ovej chuti<\/p>\n<\/li>\n<li class=\"\" data-start=\"2180\" data-end=\"2241\">\n<p class=\"\" data-start=\"2182\" data-end=\"2241\"><strong data-start=\"2182\" data-end=\"2195\">Chladn\u00e1 m\u00e4ta<\/strong> \u2013 Svie\u017ea, osvie\u017euj\u00faca m\u00e4ta pre \u010dist\u00fd z\u00e1ver<\/p>\n<\/li>\n<li class=\"\" data-start=\"2242\" data-end=\"2325\">\n<p class=\"\" data-start=\"2244\" data-end=\"2325\"><strong data-start=\"2244\" data-end=\"2274\">Mango Dragonfruit Lemon\u00e1da<\/strong> \u2013 Tropick\u00e1 f\u00fazia manga, dra\u010dieho ovocia a citrusov<\/p>\n<\/li>\n<li class=\"\" data-start=\"2326\" data-end=\"2378\">\n<p class=\"\" data-start=\"2328\" data-end=\"2378\"><strong data-start=\"2328\" data-end=\"2342\">Miami Mint<\/strong> \u2013 Jemn\u00e1 m\u00e4ta s pr\u00edmorskou atmosf\u00e9rou<\/p>\n<\/li>\n<li class=\"\" data-start=\"2379\" data-end=\"2448\">\n<p class=\"\" data-start=\"2381\" data-end=\"2448\"><strong data-start=\"2381\" data-end=\"2406\">Jahoda Mel\u00f3n<\/strong> \u2013 \u0160\u0165avnat\u00e1 kombin\u00e1cia jah\u00f4d a mel\u00f3nu<\/p>\n<\/li>\n<li class=\"\" data-start=\"2449\" data-end=\"2502\">\n<p class=\"\" data-start=\"2451\" data-end=\"2502\"><strong data-start=\"2451\" data-end=\"2467\">Letn\u00fd V\u00fdbuch<\/strong> \u2013 V\u00fdbuch zmie\u0161an\u00e9ho letn\u00e9ho ovocia<\/p>\n<\/li>\n<li class=\"\" data-start=\"2449\" data-end=\"2502\">\n<p class=\"\" data-start=\"2451\" data-end=\"2502\"><strong style=\"font-size: 16px;\" data-start=\"2505\" data-end=\"2525\">Mel\u00f3nov\u00e9 Osvie\u017eenie<\/strong><span style=\"font-size: 16px;\"> \u2013 Osvie\u017euj\u00faca pr\u00edchu\u0165 chladen\u00e9ho mel\u00f3nu<\/span><\/p>\n<p>&nbsp;<\/p>\n<p>&nbsp;<\/p>\n<p>&nbsp;<\/p>\n<div class=\"mceTemp\">\n<p>&nbsp;<\/p>\n<p><img decoding=\"async\" class=\"wp-image-4112 size-full\" src=\"https:\/\/vapestornado.com\/wp-content\/uploads\/2025\/04\/Solaris-25K-Disposable-Wholesale.png\" alt=\"Solaris 25K Jednorazov\u00e1 Ve\u013ekoobchod\" width=\"800\" height=\"800\" srcset=\"https:\/\/vapestornado.com\/wp-content\/uploads\/2025\/04\/Solaris-25K-Disposable-Wholesale.png 800w, https:\/\/vapestornado.com\/wp-content\/uploads\/2025\/04\/Solaris-25K-Disposable-Wholesale-300x300.png 300w, https:\/\/vapestornado.com\/wp-content\/uploads\/2025\/04\/Solaris-25K-Disposable-Wholesale-150x150.png 150w, https:\/\/vapestornado.com\/wp-content\/uploads\/2025\/04\/Solaris-25K-Disposable-Wholesale-768x768.png 768w, https:\/\/vapestornado.com\/wp-content\/uploads\/2025\/04\/Solaris-25K-Disposable-Wholesale-600x600.png 600w, https:\/\/vapestornado.com\/wp-content\/uploads\/2025\/04\/Solaris-25K-Disposable-Wholesale-100x100.png 100w\" sizes=\"(max-width: 800px) 100vw, 800px\" \/><\/p>\n<\/div>\n<\/li>\n<\/ul>\n<\/div>\n<\/div>\n<\/div>\n<\/div>\n<\/div>\n<\/div>\n<\/div>\n<\/div>\n<\/article>\n<\/div>\n<\/div>\n<\/div>\n<\/div>\n<\/div>\n<\/div>\n<\/div>\n<\/div>\n<\/div>\n<\/div>\n<\/article>\n<h2>Pre\u010do si vybra\u0165 Vapestornado pre hromadn\u00fd n\u00e1kup Solaris 25000 Puff?<\/h2>\n<div class=\"flex-shrink-0 flex flex-col relative items-end\">\n<div class=\"pt-0\">\n<div class=\"gizmo-bot-avatar flex h-8 w-8 items-center justify-center overflow-hidden rounded-full\">\n<div class=\"relative p-1 rounded-sm flex items-center justify-center bg-token-main-surface-primary text-token-text-primary h-8 w-8\">\n<p>At\u00a0<strong>VapeTornado<\/strong>, sme hrd\u00ed na to, \u017ee dod\u00e1vame\u00a0<strong>pr\u00e9miov\u00e9 vapingov\u00e9 produkty za bezkonkuren\u010dn\u00e9 ceny<\/strong>\u2014a Elf Box Crystal Bar 600 nie je v\u00fdnimkou! Tu je d\u00f4vod, pre\u010do by ste mali nakupova\u0165 u n\u00e1s:<\/p>\n<p class=\"\" data-start=\"49\" data-end=\"193\"><strong data-start=\"49\" data-end=\"81\">Bezkonkuren\u010dn\u00e9 ve\u013ekoobchodn\u00e9 ceny<\/strong> \u2013 U\u017eite si najlep\u0161ie hromadn\u00e9 ponuky na trhu, v\u010faka \u010domu sme dod\u00e1vate\u013eom pre vape shopy a predajcov na celom svete.<\/p>\n<p class=\"\" data-start=\"195\" data-end=\"340\"><strong data-start=\"195\" data-end=\"228\">R\u00fdchle<\/strong> \u2013 Va\u0161e objedn\u00e1vky doru\u010d\u00edme r\u00fdchlo a bezpe\u010dne, so spo\u013eahliv\u00fdmi celosvetov\u00fdmi mo\u017enos\u0165ami dopravy prisp\u00f4soben\u00fdmi va\u0161im potreb\u00e1m.<\/p>\n<p class=\"\" data-start=\"342\" data-end=\"487\"><strong data-start=\"342\" data-end=\"367\">100% Origin\u00e1lne produkty<\/strong> \u2013 Rozl\u00fa\u010dte sa s falzifik\u00e1tmi! Garantujeme iba origin\u00e1lne jednorazov\u00e9 vapy Solaris 25000 s overenou kvalitou a v\u00fdkonom.<\/p>\n<p class=\"\" data-start=\"489\" data-end=\"627\"><strong data-start=\"489\" data-end=\"516\">Odborn\u00e1 z\u00e1kazn\u00edcka podpora<\/strong> \u2013 M\u00e1te ot\u00e1zky? N\u00e1\u0161 sk\u00fasen\u00fd t\u00edm je tu pre v\u00e1s kedyko\u013evek, aby zaistil bezprobl\u00e9mov\u00e9 a pohodln\u00e9 slu\u017eby.<\/p>\n<p data-start=\"559\" data-end=\"933\" data-is-last-node=\"\" data-is-only-node=\"\">M\u00e1me aj in\u00e9 popul\u00e1rne vape s displejom, ako napr\u00edklad <a href=\"https:\/\/vapestornado.com\/sk\/product\/bang-king-vape-36000-puff-dual-vaping-mode-disposables-pod-best-price\/\">BANG KING 36000 Shisha<\/a>, <a href=\"https:\/\/vapestornado.com\/sk\/product\/waspe-aiviou-3-in-1-60000-puffs-disposable-vape-kit-best-price\/\">WASPE 60000 3 v 1<\/a>, <a href=\"https:\/\/vapestornado.com\/sk\/product\/alfakh-crown-bar-20000-puffs-disposable-shisha-hookah-wholesale-vape-pen\/\">ALFAKH 20000<\/a>a \u010fal\u0161ie.<\/p>\n<\/div>\n<div class=\"relative p-1 rounded-sm flex items-center justify-center bg-token-main-surface-primary text-token-text-primary h-8 w-8\">\n<h2>\u010cast\u00e9 ot\u00e1zky pre Solaris 25000 Puff<\/h2>\n<p class=\"\" data-start=\"155\" data-end=\"385\"><strong data-start=\"155\" data-end=\"212\">1. Ako nabijem jednorazov\u00fa vapku Solaris 25000?<\/strong><br data-start=\"212\" data-end=\"215\" \/>Solaris 25000 pon\u00faka du\u00e1lne sp\u00f4soby nab\u00edjania: vstavan\u00fd <strong data-start=\"276\" data-end=\"291\">sol\u00e1rny panel<\/strong> pre ekologick\u00e9 nab\u00edjanie a <strong data-start=\"324\" data-end=\"343\">Port USB typu C<\/strong> (k\u00e1bel nie je s\u00fa\u010das\u0165ou balenia) pre r\u00fdchle dob\u00edjanie.<\/p>\n<p class=\"\" data-start=\"387\" data-end=\"576\"><strong data-start=\"387\" data-end=\"438\">2. Ko\u013eko potiahnut\u00ed pon\u00faka Solaris 25000?<\/strong><br data-start=\"438\" data-end=\"441\" \/>Ka\u017ed\u00e9 zariadenie poskytuje pribli\u017ene <strong data-start=\"476\" data-end=\"492\">25 000 \u0165ahov<\/strong>, v\u010faka svojej vysoko kapacitnej <strong data-start=\"522\" data-end=\"550\">18ml predplnenej e-kvapaline<\/strong> a nab\u00edjate\u013enej bat\u00e9rii.<\/p>\n<p class=\"\" data-start=\"578\" data-end=\"805\"><strong data-start=\"578\" data-end=\"637\">3. Ak\u00fd je rozdiel medzi re\u017eimom Normal a Boost?<\/strong><br data-start=\"637\" data-end=\"640\" \/>Norm\u00e1lny re\u017eim pon\u00faka plynulej\u0161\u00ed, \u0161tandardn\u00fd z\u00e1\u017eitok z vapovania, zatia\u013e \u010do re\u017eim Boost zintenz\u00edv\u0148uje produkciu pary a \u00fader do hrdla \u2013 ide\u00e1lny pre pou\u017e\u00edvate\u013eov, ktor\u00ed h\u013eadaj\u00fa silnej\u0161\u00ed v\u00fdkon.<\/p>\n<p class=\"\" data-start=\"807\" data-end=\"1031\"><strong data-start=\"807\" data-end=\"860\">4. Je Solaris 25000 plnite\u013en\u00fd alebo jednorazov\u00fd?<\/strong><br data-start=\"860\" data-end=\"863\" \/>Solaris 25000 je <strong data-start=\"882\" data-end=\"901\">jednorazov\u00e1 vape<\/strong>. Hoci je <strong data-start=\"915\" data-end=\"931\">nab\u00edjate\u013en\u00fd<\/strong>, dod\u00e1va sa <strong data-start=\"942\" data-end=\"975\">predplnen\u00fd a nedoplnite\u013en\u00fd<\/strong>, pon\u00faka pohodlie bez potreby \u00fadr\u017eby.<\/p>\n<p class=\"\" data-start=\"1033\" data-end=\"1232\"><strong data-start=\"1033\" data-end=\"1094\">5. Ak\u00fa silu nikot\u00ednu obsahuje Solaris 25000?<\/strong><br data-start=\"1094\" data-end=\"1097\" \/>Ka\u017ed\u00e1 jednotka obsahuje <strong data-start=\"1116\" data-end=\"1138\">5% (50mg) nikot\u00ednu<\/strong>, poskytuj\u00faci uspokojiv\u00fd z\u00e1sah vhodn\u00fd pre dospel\u00fdch pou\u017e\u00edvate\u013eov, ktor\u00ed h\u013eadaj\u00fa silnej\u0161\u00ed nikot\u00ednov\u00fd z\u00e1\u017eitok.<\/p>\n<\/div>\n<\/div>\n<\/div>\n<\/div>","protected":false},"excerpt":{"rendered":"<p class=\"LC20lb MBeuO DKV0Md\">Solaris 25000 \u0164ahov Najlep\u0161\u00ed online vape obchod Slovensko<br \/>\nSolaris 25000 \u0164ahov vape Ve\u013ekoobchod Lacn\u00e1 cena<br \/>\nHor\u00faci predaj Solaris 25000 \u0164ahov Jednorazov\u00e9 vapy<\/p>\n<p><strong>Pridajte si Amy na whatsapp, aby ste dostali spr\u00e1vnu odpove\u010f a z\u013eavnen\u00fa cenu!<\/strong><\/p>\n<p><img fetchpriority=\"high\" decoding=\"async\" class=\"size-full wp-image-2932\" src=\"https:\/\/vapestornado.com\/wp-content\/uploads\/2024\/12\/Vape-Wholesale.jpg\" alt=\"Ve\u013ekoobchod s vape\" width=\"229\" height=\"300\" \/><\/p>\n<h3><a href=\"https:\/\/wa.me\/8617776015835\"><span style=\"color: #ff0000;\"><strong>WhatsApp: +86 17776015835<\/strong><\/span><\/a><\/h3>\n<p>&nbsp;<\/p>","protected":false},"featured_media":4114,"comment_status":"open","ping_status":"closed","template":"","meta":{"_acf_changed":false,"_uag_custom_page_level_css":"","_lmt_disableupdate":"no","_lmt_disable":"","_monsterinsights_skip_tracking":false,"_monsterinsights_sitenote_active":false,"_monsterinsights_sitenote_note":"","_monsterinsights_sitenote_category":0,"site-sidebar-layout":"default","site-content-layout":"","ast-site-content-layout":"default","site-content-style":"default","site-sidebar-style":"default","ast-global-header-display":"","ast-banner-title-visibility":"","ast-main-header-display":"","ast-hfb-above-header-display":"","ast-hfb-below-header-display":"","ast-hfb-mobile-header-display":"","site-post-title":"","ast-breadcrumbs-content":"","ast-featured-img":"","footer-sml-layout":"","ast-disable-related-posts":"","theme-transparent-header-meta":"default","adv-header-id-meta":"","stick-header-meta":"","header-above-stick-meta":"","header-main-stick-meta":"","header-below-stick-meta":"","astra-migrate-meta-layouts":"set","ast-page-background-enabled":"default","ast-page-background-meta":{"desktop":{"background-color":"","background-image":"","background-repeat":"repeat","background-position":"center center","background-size":"auto","background-attachment":"scroll","background-type":"","background-media":"","overlay-type":"","overlay-color":"","overlay-opacity":"","overlay-gradient":""},"tablet":{"background-color":"","background-image":"","background-repeat":"repeat","background-position":"center center","background-size":"auto","background-attachment":"scroll","background-type":"","background-media":"","overlay-type":"","overlay-color":"","overlay-opacity":"","overlay-gradient":""},"mobile":{"background-color":"","background-image":"","background-repeat":"repeat","background-position":"center center","background-size":"auto","background-attachment":"scroll","background-type":"","background-media":"","overlay-type":"","overlay-color":"","overlay-opacity":"","overlay-gradient":""}},"ast-content-background-meta":{"desktop":{"background-color":"var(--ast-global-color-5)","background-image":"","background-repeat":"repeat","background-position":"center center","background-size":"auto","background-attachment":"scroll","background-type":"","background-media":"","overlay-type":"","overlay-color":"","overlay-opacity":"","overlay-gradient":""},"tablet":{"background-color":"var(--ast-global-color-5)","background-image":"","background-repeat":"repeat","background-position":"center center","background-size":"auto","background-attachment":"scroll","background-type":"","background-media":"","overlay-type":"","overlay-color":"","overlay-opacity":"","overlay-gradient":""},"mobile":{"background-color":"var(--ast-global-color-5)","background-image":"","background-repeat":"repeat","background-position":"center center","background-size":"auto","background-attachment":"scroll","background-type":"","background-media":"","overlay-type":"","overlay-color":"","overlay-opacity":"","overlay-gradient":""}},"_joinchat":{"telephone":"17776015835"}},"product_brand":[],"product_cat":[68,149,156,142,146],"product_tag":[105,331,330],"class_list":{"0":"post-4118","1":"product","2":"type-product","3":"status-publish","4":"has-post-thumbnail","6":"product_cat-25000-puff","7":"product_cat-buy-disposable-vapes-in-austria","8":"product_cat-buy-disposable-vapes-in-poland","9":"product_cat-digital-box-disposable-vapes","10":"product_cat-rechargeable-disposable-vapes","11":"product_tag-digital-disposable-vape","12":"product_tag-dispsoable-vape-kit-usa","13":"product_tag-solaris-25000-puff","14":"desktop-align-left","15":"tablet-align-left","16":"mobile-align-left","18":"first","19":"instock","20":"sale","21":"shipping-taxable","22":"purchasable","23":"product-type-simple"},"acf":[],"uagb_featured_image_src":{"full":["https:\/\/vapestornado.com\/wp-content\/uploads\/2025\/04\/Solaris-25000-Puffs-Rechargeable-Disposable.png",800,800,false],"thumbnail":["https:\/\/vapestornado.com\/wp-content\/uploads\/2025\/04\/Solaris-25000-Puffs-Rechargeable-Disposable-150x150.png",150,150,true],"medium":["https:\/\/vapestornado.com\/wp-content\/uploads\/2025\/04\/Solaris-25000-Puffs-Rechargeable-Disposable-300x300.png",300,300,true],"medium_large":["https:\/\/vapestornado.com\/wp-content\/uploads\/2025\/04\/Solaris-25000-Puffs-Rechargeable-Disposable-768x768.png",768,768,true],"large":["https:\/\/vapestornado.com\/wp-content\/uploads\/2025\/04\/Solaris-25000-Puffs-Rechargeable-Disposable.png",800,800,false],"1536x1536":["https:\/\/vapestornado.com\/wp-content\/uploads\/2025\/04\/Solaris-25000-Puffs-Rechargeable-Disposable.png",800,800,false],"2048x2048":["https:\/\/vapestornado.com\/wp-content\/uploads\/2025\/04\/Solaris-25000-Puffs-Rechargeable-Disposable.png",800,800,false],"trp-custom-language-flag":["https:\/\/vapestornado.com\/wp-content\/uploads\/2025\/04\/Solaris-25000-Puffs-Rechargeable-Disposable.png",12,12,false],"woocommerce_thumbnail":["https:\/\/vapestornado.com\/wp-content\/uploads\/2025\/04\/Solaris-25000-Puffs-Rechargeable-Disposable-300x300.png",300,300,true],"woocommerce_single":["https:\/\/vapestornado.com\/wp-content\/uploads\/2025\/04\/Solaris-25000-Puffs-Rechargeable-Disposable-600x600.png",600,600,true],"woocommerce_gallery_thumbnail":["https:\/\/vapestornado.com\/wp-content\/uploads\/2025\/04\/Solaris-25000-Puffs-Rechargeable-Disposable-100x100.png",100,100,true]},"uagb_author_info":{"display_name":"ESAMY","author_link":"https:\/\/vapestornado.com\/sk\/author\/"},"uagb_comment_info":0,"uagb_excerpt":"Solaris 25000 Puff\u00a0 Best online Vape store USA Solaris 25000 Puff vape Wholesale Cheap Price Hot Selling Solaris 25000 Puff Disposables Vapor Add Amy's whatsapp to get right reply and discount price! WhatsApp: +86 17776015835 &nbsp;","_links":{"self":[{"href":"https:\/\/vapestornado.com\/sk\/wp-json\/wp\/v2\/product\/4118","targetHints":{"allow":["GET"]}}],"collection":[{"href":"https:\/\/vapestornado.com\/sk\/wp-json\/wp\/v2\/product"}],"about":[{"href":"https:\/\/vapestornado.com\/sk\/wp-json\/wp\/v2\/types\/product"}],"replies":[{"embeddable":true,"href":"https:\/\/vapestornado.com\/sk\/wp-json\/wp\/v2\/comments?post=4118"}],"wp:featuredmedia":[{"embeddable":true,"href":"https:\/\/vapestornado.com\/sk\/wp-json\/wp\/v2\/media\/4114"}],"wp:attachment":[{"href":"https:\/\/vapestornado.com\/sk\/wp-json\/wp\/v2\/media?parent=4118"}],"wp:term":[{"taxonomy":"product_brand","embeddable":true,"href":"https:\/\/vapestornado.com\/sk\/wp-json\/wp\/v2\/product_brand?post=4118"},{"taxonomy":"product_cat","embeddable":true,"href":"https:\/\/vapestornado.com\/sk\/wp-json\/wp\/v2\/product_cat?post=4118"},{"taxonomy":"product_tag","embeddable":true,"href":"https:\/\/vapestornado.com\/sk\/wp-json\/wp\/v2\/product_tag?post=4118"}],"curies":[{"name":"wp","href":"https:\/\/api.w.org\/{rel}","templated":true}]}}