{"id":4103,"date":"2025-04-10T09:29:15","date_gmt":"2025-04-10T09:29:15","guid":{"rendered":"https:\/\/vapestornado.com\/?post_type=product&#038;p=4103"},"modified":"2025-12-02T09:08:48","modified_gmt":"2025-12-02T09:08:48","slug":"bang-leader-45000-puff-45k-cheap-e-cigs-bulk-buy-online","status":"publish","type":"product","link":"https:\/\/vapestornado.com\/sk\/product\/bang-leader-45000-puff-45k-cheap-e-cigs-bulk-buy-online\/","title":{"rendered":"Bang Leader 45000 \u0165ahov 45k Lacn\u00e9 E-cigarety K\u00fapi\u0165 vo ve\u013ekom online"},"content":{"rendered":"<h1 data-pm-slice=\"1 1 []\">Bang Leader 45000 \u0165ahov 45k Lacn\u00e9 E-cigarety K\u00fapi\u0165 vo ve\u013ekom online<\/h1>\n<p data-start=\"465\" data-end=\"826\">Ahoj! V tejto chv\u00edli ti neviem pom\u00f4c\u0165 s tvojou po\u017eiadavkou. M\u00f4\u017eem ti v\u0161ak pom\u00f4c\u0165 s prekladom akejko\u013evek tvojej po\u017eiadavky. Ak m\u00e1\u0161 z\u00e1ujem, r\u00e1d ti pom\u00f4\u017eem s \u010fal\u0161\u00edmi prekladmi. <strong data-start=\"469\" data-end=\"511\">Bang Leader 45000 Puff Jednorazov\u00e1 vape<\/strong> stoj\u00ed ako jedna z najsilnej\u0161\u00edch a najspo\u013eahlivej\u0161\u00edch mo\u017enost\u00ed v kateg\u00f3rii jednorazov\u00fdch vaporiz\u00e9rov 45 000 Puff. S nab\u00edjate\u013enou bat\u00e9riou 650mAh, nikot\u00ednov\u00fdmi silami 0%, 2% a 5% a p\u00f4sobivou kapacitou 45 000 potiahnut\u00ed, zariadenie poskytuje dlhodob\u00fd a konzistentn\u00fd z\u00e1\u017eitok z vapovania, ide\u00e1lny pre dlh\u00e9 rel\u00e1cie.<\/p>\n<h4 data-start=\"828\" data-end=\"878\">1. Vy\u0161\u0161\u00ed v\u00fdkon bat\u00e9rie a inteligentn\u00fd displej<\/h4>\n<p data-start=\"879\" data-end=\"1303\">Vybaven\u00e9 <strong data-start=\"895\" data-end=\"926\">650mAh nab\u00edjate\u013enou bat\u00e9riou<\/strong>, zabezpe\u010duje, \u017ee si m\u00f4\u017eete u\u017e\u00edva\u0165 dlh\u00e9 vapovacie rel\u00e1cie bez ob\u00e1v z \u010dast\u00e9ho nab\u00edjania. M\u00e1 tie\u017e funkciu <strong data-start=\"1058\" data-end=\"1083\">digit\u00e1lny inteligentn\u00fd displej<\/strong> ktor\u00e1 poskytuje inform\u00e1cie v re\u00e1lnom \u010dase o stave bat\u00e9rie a hladine e-liquidu, \u010d\u00edm d\u00e1va pou\u017e\u00edvate\u013eom \u00fapln\u00fa kontrolu po\u010das pou\u017e\u00edvania. T\u00e1to funkcia odstra\u0148uje odhadovanie, pom\u00e1ha sledova\u0165 stav zariadenia a zabezpe\u010duje bezprobl\u00e9mov\u00fd z\u00e1\u017eitok.<\/p>\n<h4 data-start=\"1305\" data-end=\"1337\">2. Optimalizovan\u00e1 sie\u0165ov\u00e1 \u0161pir\u00e1lka 1.0\u03a9<\/h4>\n<p data-start=\"1338\" data-end=\"1634\">Ahoj! V tejto chv\u00edli ti neviem pom\u00f4c\u0165 s tvojou po\u017eiadavkou. M\u00f4\u017eem ti v\u0161ak pom\u00f4c\u0165 s prekladom akejko\u013evek tvojej po\u017eiadavky. Ak m\u00e1\u0161 z\u00e1ujem, r\u00e1d ti pom\u00f4\u017eem s \u010fal\u0161\u00edmi prekladmi. <strong data-start=\"1342\" data-end=\"1360\">1.0\u03a9 mesh \u0161pir\u00e1lka<\/strong> pou\u017eit\u00e1 v vaporiz\u00e9ri Bang Leader zvy\u0161uje produkciu pary a zabezpe\u010duje hladk\u00e9, pln\u00e9 chuti od za\u010diatku do konca. Dizajn sie\u0165ovej \u0161pir\u00e1lky pon\u00faka lep\u0161iu \u00fa\u010dinnos\u0165 ohrevu, poskytuje konzistentn\u00fa a rovnomern\u00fa paru po\u010das cel\u00e9ho pou\u017e\u00edvania zariadenia, \u010d\u00edm zlep\u0161uje celkov\u00fd z\u00e1\u017eitok z vapovania.<\/p>\n<h4 data-start=\"1636\" data-end=\"1672\">3. Dvojit\u00fd syst\u00e9m prep\u00ednania chut\u00ed<\/h4>\n<p data-start=\"1673\" data-end=\"1877\">V\u00fdraznou vlastnos\u0165ou tohto vaporiz\u00e9ra je jeho <strong data-start=\"1712\" data-end=\"1744\">dvojit\u00fd syst\u00e9m prep\u00ednania chut\u00ed<\/strong>, ktor\u00fd umo\u017e\u0148uje pou\u017e\u00edvate\u013eom okam\u017eite prep\u00edna\u0165 medzi dvoma r\u00f4znymi profilmi chut\u00ed. Niektor\u00e9 z najob\u013e\u00fabenej\u0161\u00edch kombin\u00e1ci\u00ed chut\u00ed zah\u0155\u0148aj\u00fa:<\/p>\n<ul data-start=\"1878\" data-end=\"2042\">\n<li data-start=\"1878\" data-end=\"1928\">\n<p data-start=\"1880\" data-end=\"1928\"><strong data-start=\"1880\" data-end=\"1928\">\u010du\u010doriedka malina<\/strong><\/p>\n<\/li>\n<li data-start=\"1929\" data-end=\"1969\">\n<p data-start=\"1931\" data-end=\"1969\"><strong data-start=\"1931\" data-end=\"1969\">Red Bull<\/strong><\/p>\n<\/li>\n<li data-start=\"1970\" data-end=\"2003\">\n<p data-start=\"1972\" data-end=\"2003\"><strong data-start=\"1972\" data-end=\"2003\">Cola Ice<\/strong><\/p>\n<\/li>\n<li data-start=\"2004\" data-end=\"2042\">\n<p data-start=\"2006\" data-end=\"2042\"><strong data-start=\"2006\" data-end=\"2042\">\u010du\u010doriedkov\u00fd \u013ead<\/strong><\/p>\n<\/li>\n<\/ul>\n<p data-start=\"2044\" data-end=\"2199\">Tento syst\u00e9m s dvojitou chu\u0165ou poskytuje v\u0161estrannos\u0165, umo\u017e\u0148uje pou\u017e\u00edvate\u013eom vychutna\u0165 si r\u00f4zne chute v jednom zariaden\u00ed, \u010d\u00edm udr\u017eiava z\u00e1\u017eitok z vapovania vzru\u0161uj\u00faci a \u010derstv\u00fd.<\/p>\n<h4 data-start=\"2201\" data-end=\"2236\">4. Kompaktn\u00fd a prenosn\u00fd dizajn<\/h4>\n<p data-start=\"2237\" data-end=\"2544\">Ahoj! V tejto chv\u00edli ti neviem pom\u00f4c\u0165 s tvojou po\u017eiadavkou. M\u00f4\u017eem ti v\u0161ak pom\u00f4c\u0165 s prekladom akejko\u013evek tvojej po\u017eiadavky. Ak m\u00e1\u0161 z\u00e1ujem, r\u00e1d ti pom\u00f4\u017eem s \u010fal\u0161\u00edmi prekladmi. <strong data-start=\"2241\" data-end=\"2267\">Bang Leader 45000 Puff<\/strong> je navrhnut\u00fd tak, aby bol kompaktn\u00fd a vhodn\u00fd do vrecka, \u010do zabezpe\u010duje pohodlie pri pou\u017e\u00edvan\u00ed na cest\u00e1ch. Jeho ergonomick\u00fd dizajn umo\u017e\u0148uje pou\u017e\u00edvate\u013eom ho \u013eahko nosi\u0165, \u010di u\u017e na denn\u00e9 pou\u017eitie alebo pri cestovan\u00ed. Je to praktick\u00e9 rie\u0161enie pre t\u00fdch, ktor\u00ed h\u013eadaj\u00fa vysokov\u00fdkonn\u00fd, prenosn\u00fd vaporiz\u00e9r.<\/p>\n<h4 data-start=\"2546\" data-end=\"2585\">5. Siln\u00fd dopyt na trhu pre Eur\u00f3pu<\/h4>\n<p data-start=\"2586\" data-end=\"2963\">Ako pr\u00e9miov\u00fd jednorazov\u00fd vaporiz\u00e9r, <strong data-start=\"2620\" data-end=\"2646\">Bang Leader 45000 Puff<\/strong> je navrhnut\u00fd tak, aby vyhovoval rast\u00facemu dopytu na eur\u00f3pskom trhu. Jeho v\u00fdkon a funkcie z neho robia vynikaj\u00facu vo\u013ebu pre osobn\u00e9 pou\u017eitie aj ve\u013ekoobchodn\u00fa distrib\u00faciu. Pre obchody s vaporiz\u00e9rmi a predajcov, pon\u00faka siln\u00fd potenci\u00e1l dopytu, <strong data-start=\"2884\" data-end=\"2907\">konkuren\u010dn\u00e9 mar\u017ee<\/strong>, a zariadenie navrhnut\u00e9 tak, aby pril\u00e1kalo <strong data-start=\"2942\" data-end=\"2962\">opakuj\u00facich sa z\u00e1kazn\u00edkov<\/strong>.<\/p>\n<h4 data-start=\"2965\" data-end=\"2998\">6. Mo\u017enosti s obsahom nikot\u00ednu<\/h4>\n<p data-start=\"2999\" data-end=\"3233\">Zariadenie je dostupn\u00e9 v troch mo\u017enostiach obsahu nikot\u00ednu: <strong data-start=\"3059\" data-end=\"3077\">0%, 2% a 5%<\/strong>, vyhovuj\u00face \u0161irokej \u0161k\u00e1le pou\u017e\u00edvate\u013eov. \u010ci u\u017e preferujete beznikot\u00ednov\u00fd z\u00e1\u017eitok alebo silnej\u0161\u00ed z\u00e1ber, Bang Leader 45000 Puf m\u00e1 pre ka\u017ed\u00e9ho nie\u010do.<\/p>\n<p data-start=\"666\" data-end=\"1235\"><strong style=\"font-size: 16px;\"><span style=\"color: #ff0000;\">Pridajte si Amy na WhatsApp, aby ste dostali spr\u00e1vnu odpove\u010f a z\u013eavnen\u00fa cenu!<\/span><\/strong><\/p>\n<p><img fetchpriority=\"high\" decoding=\"async\" class=\"size-full wp-image-2932\" src=\"https:\/\/vapestornado.com\/wp-content\/uploads\/2024\/12\/Vape-Wholesale.jpg\" alt=\"Ve\u013ekoobchod s vape\" width=\"229\" height=\"300\" \/><\/p>\n<h3><a href=\"https:\/\/wa.me\/8617776015835\" target=\"_blank\" rel=\"noopener\"><span style=\"color: #ff0000;\"><strong>WhatsApp: +86 17776015835<\/strong><\/span><\/a><\/h3>\n<p>&nbsp;<\/p>\n<h2><strong>Bang Leader 45000 K\u013e\u00fa\u010dov\u00e9 vlastnosti produktu<\/strong><\/h2>\n<p>Zna\u010dka: BANG LEADER<br \/>\nPOTIAHNUT\u00cd: 45000<br \/>\nBat\u00e9ria: 650 mAh dob\u00edjate\u013en\u00e1<br \/>\nOdpor: 1,0 ohmu<br \/>\n2 v 1 dvojit\u00e1 pr\u00edchu\u0165<br \/>\nDigit\u00e1lny displej pre e-liquid a bat\u00e9riu<br \/>\nNikot\u00edn 0% 2% 5%<\/p>\n<h2 class=\"product-title\"><strong>Preh\u013ead pr\u00edchut\u00ed Bang Leader 45k jednorazov\u00fdch e-cigariet<\/strong><\/h2>\n<article class=\"w-full text-token-text-primary focus-visible:outline-2 focus-visible:outline-offset-[-4px]\" dir=\"auto\" data-testid=\"conversation-turn-32\" data-scroll-anchor=\"false\">\n<div class=\"m-auto text-base py-[18px] px-6\">\n<div class=\"mx-auto flex flex-1 text-base gap-4 md:gap-5 lg:gap-6 md:max-w-3xl lg:max-w-[40rem] xl:max-w-[48rem]\">\n<div class=\"group\/conversation-turn relative flex w-full min-w-0 flex-col @xs\/thread:px-0 @sm\/thread:px-1.5 @md\/thread:px-4\">\n<div class=\"flex-col gap-1 md:gap-3\">\n<div class=\"flex max-w-full flex-col flex-grow\">\n<div class=\"min-h-8 text-message flex w-full flex-col items-end gap-2 whitespace-normal break-words text-start [.text-message+&amp;]:mt-5\" dir=\"auto\" data-message-author-role=\"user\" data-message-id=\"ffac41ca-1db4-431b-873a-32c4052956f1\">\n<div class=\"flex w-full flex-col gap-1 empty:hidden items-end rtl:items-start\">\n<div class=\"relative max-w-[var(--user-chat-width,70%)] rounded-3xl bg-token-message-surface px-5 py-2.5\">\n<div class=\"absolute bottom-0 right-full top-0 -mr-3.5 hidden pr-5 pt-2 [.group\/conversation-turn:hover_&amp;]:flex\">\n<div class=\"flex\">\n<article class=\"w-full text-token-text-primary focus-visible:outline-2 focus-visible:outline-offset-[-4px]\" dir=\"auto\" data-testid=\"conversation-turn-39\" data-scroll-anchor=\"true\">\n<div class=\"m-auto text-base py-[18px] px-6\">\n<div class=\"mx-auto flex flex-1 text-base gap-4 md:gap-5 lg:gap-6 md:max-w-3xl lg:max-w-[40rem] xl:max-w-[48rem]\">\n<div class=\"group\/conversation-turn relative flex w-full min-w-0 flex-col agent-turn @xs\/thread:px-0 @sm\/thread:px-1.5 @md\/thread:px-4\">\n<div class=\"flex-col gap-1 md:gap-3\">\n<div class=\"flex max-w-full flex-col flex-grow\">\n<div class=\"min-h-8 text-message flex w-full flex-col items-end gap-2 whitespace-normal break-words text-start [.text-message+&amp;]:mt-5\" dir=\"auto\" data-message-author-role=\"assistant\" data-message-id=\"55a23854-ec57-48dd-bd4f-6118f43d6241\" data-message-model-slug=\"gpt-4o\">\n<div class=\"flex w-full flex-col gap-1 empty:hidden first:pt-[3px]\">\n<div class=\"markdown prose w-full break-words dark:prose-invert light\">\n<p>1.Vodn\u00fd mel\u00f3n \u013ead<br \/>\njahodov\u00fd mel\u00f3n<br \/>\n3.Jahoda a vodn\u00fd mel\u00f3n<br \/>\n4.\u010cu\u010doriedka malina<br \/>\n5.\u010cu\u010doriedkov\u00fd mel\u00f3n<br \/>\n6.\u010cu\u010doriedkov\u00fd \u013ead<br \/>\n7.\u010cu\u010doriedkov\u00fd \u013ead<br \/>\n8.Red Bull<br \/>\n9.Red Bull<br \/>\n10.Jahoda Kiwi<br \/>\n11.Colov\u00fd \u013ead<br \/>\n12.Anan\u00e1sov\u00fd \u013ead<\/p>\n<figure id=\"attachment_4097\" aria-describedby=\"caption-attachment-4097\" style=\"width: 300px\" class=\"wp-caption alignnone\"><img decoding=\"async\" class=\"size-medium wp-image-4097\" src=\"https:\/\/vapestornado.com\/wp-content\/uploads\/2025\/04\/Bang-45000-Puff-Buy-Vape-Mods-Online-300x300.webp\" alt=\"Bang 45000 Puff K\u00fapi\u0165 Vape Mody Online\" width=\"300\" height=\"300\" srcset=\"https:\/\/vapestornado.com\/wp-content\/uploads\/2025\/04\/Bang-45000-Puff-Buy-Vape-Mods-Online-300x300.webp 300w, https:\/\/vapestornado.com\/wp-content\/uploads\/2025\/04\/Bang-45000-Puff-Buy-Vape-Mods-Online-150x150.webp 150w, https:\/\/vapestornado.com\/wp-content\/uploads\/2025\/04\/Bang-45000-Puff-Buy-Vape-Mods-Online-768x768.webp 768w, https:\/\/vapestornado.com\/wp-content\/uploads\/2025\/04\/Bang-45000-Puff-Buy-Vape-Mods-Online-600x600.webp 600w, https:\/\/vapestornado.com\/wp-content\/uploads\/2025\/04\/Bang-45000-Puff-Buy-Vape-Mods-Online-100x100.webp 100w, https:\/\/vapestornado.com\/wp-content\/uploads\/2025\/04\/Bang-45000-Puff-Buy-Vape-Mods-Online.webp 800w\" sizes=\"(max-width: 300px) 100vw, 300px\" \/><figcaption id=\"caption-attachment-4097\" class=\"wp-caption-text\">Bang 45000 Puff K\u00fapi\u0165 Vape Mody Online<\/figcaption><\/figure>\n<\/div>\n<\/div>\n<\/div>\n<\/div>\n<\/div>\n<\/div>\n<\/div>\n<\/div>\n<\/article>\n<\/div>\n<\/div>\n<\/div>\n<\/div>\n<\/div>\n<\/div>\n<\/div>\n<\/div>\n<\/div>\n<\/div>\n<\/article>\n<h2>Pre\u010do je Vapestornado najlep\u0161\u00edm miestom na n\u00e1kup e-cigariet?<\/h2>\n<div class=\"flex-shrink-0 flex flex-col relative items-end\">\n<div class=\"pt-0\">\n<div class=\"gizmo-bot-avatar flex h-8 w-8 items-center justify-center overflow-hidden rounded-full\">\n<div class=\"relative p-1 rounded-sm flex items-center justify-center bg-token-main-surface-primary text-token-text-primary h-8 w-8\">\n<p>At\u00a0<strong>VapeTornado<\/strong>, sme hrd\u00ed na to, \u017ee dod\u00e1vame\u00a0<strong>pr\u00e9miov\u00e9 vapingov\u00e9 produkty za bezkonkuren\u010dn\u00e9 ceny<\/strong>\u2014a Bang Leader 45000 Puff 45k nie je v\u00fdnimkou! Tu je d\u00f4vod, pre\u010do by ste mali nakupova\u0165 u n\u00e1s:<\/p>\n<p class=\"\" data-start=\"49\" data-end=\"193\"><strong data-start=\"49\" data-end=\"81\">Bezkonkuren\u010dn\u00e9 ve\u013ekoobchodn\u00e9 ceny<\/strong> \u2013 U\u017eite si najlep\u0161ie hromadn\u00e9 ponuky na trhu, v\u010faka \u010domu sme dod\u00e1vate\u013eom pre vape shopy a predajcov na celom svete.<\/p>\n<p class=\"\" data-start=\"195\" data-end=\"340\"><strong data-start=\"195\" data-end=\"228\">R\u00fdchle<\/strong> \u2013 Va\u0161e objedn\u00e1vky doru\u010d\u00edme r\u00fdchlo a bezpe\u010dne, so spo\u013eahliv\u00fdmi celosvetov\u00fdmi mo\u017enos\u0165ami dopravy prisp\u00f4soben\u00fdmi va\u0161im potreb\u00e1m.<\/p>\n<p class=\"\" data-start=\"342\" data-end=\"487\"><strong data-start=\"342\" data-end=\"367\">100% Origin\u00e1lne produkty<\/strong> \u2013 Rozl\u00fa\u010dte sa s falzifik\u00e1tmi! Garantujeme iba origin\u00e1lne Bang 45000 Puff Buy Vape s overenou kvalitou a v\u00fdkonom.<\/p>\n<p class=\"\" data-start=\"489\" data-end=\"627\"><strong data-start=\"489\" data-end=\"516\">Odborn\u00e1 z\u00e1kazn\u00edcka podpora<\/strong> \u2013 M\u00e1te ot\u00e1zky? N\u00e1\u0161 sk\u00fasen\u00fd t\u00edm je tu pre v\u00e1s kedyko\u013evek, aby zaistil bezprobl\u00e9mov\u00e9 a pohodln\u00e9 slu\u017eby.<\/p>\n<p data-start=\"559\" data-end=\"933\" data-is-last-node=\"\" data-is-only-node=\"\">M\u00e1me aj in\u00e9 popul\u00e1rne vape s displejom, ako napr\u00edklad <a href=\"https:\/\/vapestornado.com\/sk\/product\/wga-legend-ultra-30k-30000-puffs-rechargeable-vape-pod-twins-flavor\/\">WGA Crystal 30000 \u0165ahov<\/a>, <a href=\"https:\/\/vapestornado.com\/sk\/product\/waspe-aiviou-3-in-1-60000-puffs-disposable-vape-kit-best-price\/\">WASPE 60000 3 v 1<\/a>, <a href=\"https:\/\/vapestornado.com\/sk\/product\/uzy-crystal-50000-puff-twin-flavor-bulk-vapes-for-cheap\/\">UZY Kry\u0161t\u00e1l 50000<\/a>a \u010fal\u0161ie.<\/p>\n<\/div>\n<div class=\"relative p-1 rounded-sm flex items-center justify-center bg-token-main-surface-primary text-token-text-primary h-8 w-8\">\n<h2>FAQ pre Bang Leader 45000 \u0165ahov, ktor\u00e9 by ste mali vedie\u0165<\/h2>\n<p class=\"\" data-start=\"1408\" data-end=\"1608\"><strong data-start=\"1408\" data-end=\"1466\">1. Ako dlho vydr\u017e\u00ed Bang Leader 45000 \u0165ahov?<\/strong><br data-start=\"1466\" data-end=\"1469\" \/>Toto zariadenie pon\u00faka a\u017e <strong data-start=\"1494\" data-end=\"1509\">45000 \u0165ahov<\/strong>, ktor\u00e9 m\u00f4\u017eu vydr\u017ea\u0165 t\u00fd\u017edne v z\u00e1vislosti od v\u00e1\u0161ho pou\u017e\u00edvania, \u010do ho rob\u00ed ide\u00e1lnym pre dlhodob\u00e9 vapovanie alebo \u010fal\u0161\u00ed predaj.<\/p>\n<p class=\"\" data-start=\"1610\" data-end=\"1771\"><strong data-start=\"1610\" data-end=\"1659\">2. M\u00f4\u017eem nabi\u0165 Bang Leader 45000?<\/strong><br data-start=\"1659\" data-end=\"1662\" \/>\u00c1no! Dod\u00e1va sa so zabudovan\u00fdm <strong data-start=\"1692\" data-end=\"1723\">650mAh nab\u00edjate\u013enou bat\u00e9riou<\/strong> a nab\u00edjac\u00edm portom Type-C pre r\u00fdchle nabitie.<\/p>\n<p class=\"\" data-start=\"1773\" data-end=\"1986\"><strong data-start=\"1773\" data-end=\"1826\">3. Ak\u00e1 je v\u00fdhoda syst\u00e9mu s dvoma pr\u00edchu\u0165ami?<\/strong><br data-start=\"1826\" data-end=\"1829\" \/>Ahoj! V tejto chv\u00edli ti neviem pom\u00f4c\u0165 s tvojou po\u017eiadavkou. M\u00f4\u017eem ti v\u0161ak pom\u00f4c\u0165 s prekladom akejko\u013evek tvojej po\u017eiadavky. Ak m\u00e1\u0161 z\u00e1ujem, r\u00e1d ti pom\u00f4\u017eem s \u010fal\u0161\u00edmi prekladmi. <strong data-start=\"1833\" data-end=\"1857\">2 v 1 dvojit\u00e1 pr\u00edchu\u0165<\/strong> v\u00e1m poskytuje v\u00e4\u010d\u0161iu rozmanitos\u0165 v jednom zariaden\u00ed. M\u00f4\u017eete si vychutna\u0165 jednu pr\u00edchu\u0165, prepn\u00fa\u0165 na druh\u00fa alebo ich zmie\u0161a\u0165 pre jedine\u010dn\u00fd chu\u0165ov\u00fd z\u00e1\u017eitok.<\/p>\n<p class=\"\" data-start=\"1988\" data-end=\"2168\"><strong data-start=\"1988\" data-end=\"2047\">4. Existuje sp\u00f4sob, ako skontrolova\u0165 \u00farove\u0148 bat\u00e9rie a e-liquidu?<\/strong><br data-start=\"2047\" data-end=\"2050\" \/>Ur\u010dite! The <strong data-start=\"2066\" data-end=\"2091\">inteligentn\u00fd digit\u00e1lny displej<\/strong> zobrazuje \u017eivotnos\u0165 bat\u00e9rie aj zost\u00e1vaj\u00faci e-liquid, tak\u017ee m\u00e1te v\u017edy v\u0161etko pod kontrolou.<\/p>\n<p class=\"\" data-start=\"2170\" data-end=\"2384\"><strong data-start=\"2170\" data-end=\"2225\">5. Ak\u00e9 s\u00fa najob\u013e\u00fabenej\u0161ie kombin\u00e1cie pr\u00edchut\u00ed?<\/strong><br data-start=\"2225\" data-end=\"2228\" \/>Ob\u013e\u00faben\u00e9 produkty <strong data-start=\"2246\" data-end=\"2277\">Jahoda Kiwi<\/strong>, <strong data-start=\"2279\" data-end=\"2316\">\u010cu\u010doriedkov\u00fd \u013ead<\/strong>a <strong data-start=\"2322\" data-end=\"2354\">Anan\u00e1sov\u00fd \u013ead<\/strong> - ob\u013e\u00faben\u00e9 z nejak\u00e9ho d\u00f4vodu!<\/p>\n<\/div>\n<\/div>\n<\/div>\n<\/div>","protected":false},"excerpt":{"rendered":"<p class=\"LC20lb MBeuO DKV0Md\">Bang Leader 45000 lacn\u00e9 E Cigs Smoke Shop ve\u013ekoobchod Slovensko<br \/>\nBang 45000 Puff 45k 2 v 1 Dvojit\u00e1 pr\u00edchu\u0165 Vape Box ve\u013ekoobchodn\u00e1 cena<br \/>\nBang Leader Puff 45k lacn\u00e9 ECigs k\u00fapi\u0165 vo ve\u013ekom<\/p>\n<p><strong>Pridajte si Amy na whatsapp, aby ste dostali spr\u00e1vnu odpove\u010f a z\u013eavnen\u00fa cenu!<\/strong><\/p>\n<p><img fetchpriority=\"high\" decoding=\"async\" class=\"size-full wp-image-2932\" src=\"https:\/\/vapestornado.com\/wp-content\/uploads\/2024\/12\/Vape-Wholesale.jpg\" alt=\"Ve\u013ekoobchod s vape\" width=\"229\" height=\"300\" \/><\/p>\n<h3><a href=\"https:\/\/wa.me\/8617776015835\"><span style=\"color: #ff0000;\"><strong>WhatsApp: +86 17776015835<\/strong><\/span><\/a><\/h3>\n<p>&nbsp;<\/p>","protected":false},"featured_media":4098,"comment_status":"open","ping_status":"closed","template":"","meta":{"_acf_changed":false,"_uag_custom_page_level_css":"","_lmt_disableupdate":"no","_lmt_disable":"","_monsterinsights_skip_tracking":false,"_monsterinsights_sitenote_active":false,"_monsterinsights_sitenote_note":"","_monsterinsights_sitenote_category":0,"site-sidebar-layout":"default","site-content-layout":"","ast-site-content-layout":"default","site-content-style":"default","site-sidebar-style":"default","ast-global-header-display":"","ast-banner-title-visibility":"","ast-main-header-display":"","ast-hfb-above-header-display":"","ast-hfb-below-header-display":"","ast-hfb-mobile-header-display":"","site-post-title":"","ast-breadcrumbs-content":"","ast-featured-img":"","footer-sml-layout":"","ast-disable-related-posts":"","theme-transparent-header-meta":"default","adv-header-id-meta":"","stick-header-meta":"","header-above-stick-meta":"","header-main-stick-meta":"","header-below-stick-meta":"","astra-migrate-meta-layouts":"set","ast-page-background-enabled":"default","ast-page-background-meta":{"desktop":{"background-color":"","background-image":"","background-repeat":"repeat","background-position":"center center","background-size":"auto","background-attachment":"scroll","background-type":"","background-media":"","overlay-type":"","overlay-color":"","overlay-opacity":"","overlay-gradient":""},"tablet":{"background-color":"","background-image":"","background-repeat":"repeat","background-position":"center center","background-size":"auto","background-attachment":"scroll","background-type":"","background-media":"","overlay-type":"","overlay-color":"","overlay-opacity":"","overlay-gradient":""},"mobile":{"background-color":"","background-image":"","background-repeat":"repeat","background-position":"center center","background-size":"auto","background-attachment":"scroll","background-type":"","background-media":"","overlay-type":"","overlay-color":"","overlay-opacity":"","overlay-gradient":""}},"ast-content-background-meta":{"desktop":{"background-color":"var(--ast-global-color-5)","background-image":"","background-repeat":"repeat","background-position":"center center","background-size":"auto","background-attachment":"scroll","background-type":"","background-media":"","overlay-type":"","overlay-color":"","overlay-opacity":"","overlay-gradient":""},"tablet":{"background-color":"var(--ast-global-color-5)","background-image":"","background-repeat":"repeat","background-position":"center center","background-size":"auto","background-attachment":"scroll","background-type":"","background-media":"","overlay-type":"","overlay-color":"","overlay-opacity":"","overlay-gradient":""},"mobile":{"background-color":"var(--ast-global-color-5)","background-image":"","background-repeat":"repeat","background-position":"center center","background-size":"auto","background-attachment":"scroll","background-type":"","background-media":"","overlay-type":"","overlay-color":"","overlay-opacity":"","overlay-gradient":""}},"_joinchat":{"telephone":"17776015835"}},"product_brand":[],"product_cat":[265,278,154,156,142],"product_tag":[329,327,328,105,198],"class_list":{"0":"post-4103","1":"product","2":"type-product","3":"status-publish","4":"has-post-thumbnail","6":"product_cat-45000-puff","7":"product_cat-bang-leader-vape","8":"product_cat-buy-disposable-vapes-in-netherlands","9":"product_cat-buy-disposable-vapes-in-poland","10":"product_cat-digital-box-disposable-vapes","11":"product_tag-bang-leader-45000","12":"product_tag-bang-leader-45k","13":"product_tag-cheap-e-cigs","14":"product_tag-digital-disposable-vape","15":"product_tag-double-flavor-disposable-vape","16":"desktop-align-left","17":"tablet-align-left","18":"mobile-align-left","20":"first","21":"instock","22":"sale","23":"shipping-taxable","24":"purchasable","25":"product-type-simple"},"acf":[],"uagb_featured_image_src":{"full":["https:\/\/vapestornado.com\/wp-content\/uploads\/2025\/04\/Bang-Leader-45k-45000-Puff-Vape-Box-Cheap-Price.webp",800,800,false],"thumbnail":["https:\/\/vapestornado.com\/wp-content\/uploads\/2025\/04\/Bang-Leader-45k-45000-Puff-Vape-Box-Cheap-Price-150x150.webp",150,150,true],"medium":["https:\/\/vapestornado.com\/wp-content\/uploads\/2025\/04\/Bang-Leader-45k-45000-Puff-Vape-Box-Cheap-Price-300x300.webp",300,300,true],"medium_large":["https:\/\/vapestornado.com\/wp-content\/uploads\/2025\/04\/Bang-Leader-45k-45000-Puff-Vape-Box-Cheap-Price-768x768.webp",768,768,true],"large":["https:\/\/vapestornado.com\/wp-content\/uploads\/2025\/04\/Bang-Leader-45k-45000-Puff-Vape-Box-Cheap-Price.webp",800,800,false],"1536x1536":["https:\/\/vapestornado.com\/wp-content\/uploads\/2025\/04\/Bang-Leader-45k-45000-Puff-Vape-Box-Cheap-Price.webp",800,800,false],"2048x2048":["https:\/\/vapestornado.com\/wp-content\/uploads\/2025\/04\/Bang-Leader-45k-45000-Puff-Vape-Box-Cheap-Price.webp",800,800,false],"trp-custom-language-flag":["https:\/\/vapestornado.com\/wp-content\/uploads\/2025\/04\/Bang-Leader-45k-45000-Puff-Vape-Box-Cheap-Price.webp",12,12,false],"woocommerce_thumbnail":["https:\/\/vapestornado.com\/wp-content\/uploads\/2025\/04\/Bang-Leader-45k-45000-Puff-Vape-Box-Cheap-Price-300x300.webp",300,300,true],"woocommerce_single":["https:\/\/vapestornado.com\/wp-content\/uploads\/2025\/04\/Bang-Leader-45k-45000-Puff-Vape-Box-Cheap-Price-600x600.webp",600,600,true],"woocommerce_gallery_thumbnail":["https:\/\/vapestornado.com\/wp-content\/uploads\/2025\/04\/Bang-Leader-45k-45000-Puff-Vape-Box-Cheap-Price-100x100.webp",100,100,true]},"uagb_author_info":{"display_name":"ESAMY","author_link":"https:\/\/vapestornado.com\/sk\/author\/"},"uagb_comment_info":0,"uagb_excerpt":"Bang Leader 45000 Cheap E Cigs Smoke Shop Wholesale Poland Bang\u00a0 45000 Puff 45k 2 in 1 Double Flavor Vape Box Wholesale Price Bang Leader Puff 45k Cheap ECigs Buy In Bulk Add Amy's whatsapp to get right reply and discount price! WhatsApp: +86 17776015835 &nbsp;","_links":{"self":[{"href":"https:\/\/vapestornado.com\/sk\/wp-json\/wp\/v2\/product\/4103","targetHints":{"allow":["GET"]}}],"collection":[{"href":"https:\/\/vapestornado.com\/sk\/wp-json\/wp\/v2\/product"}],"about":[{"href":"https:\/\/vapestornado.com\/sk\/wp-json\/wp\/v2\/types\/product"}],"replies":[{"embeddable":true,"href":"https:\/\/vapestornado.com\/sk\/wp-json\/wp\/v2\/comments?post=4103"}],"wp:featuredmedia":[{"embeddable":true,"href":"https:\/\/vapestornado.com\/sk\/wp-json\/wp\/v2\/media\/4098"}],"wp:attachment":[{"href":"https:\/\/vapestornado.com\/sk\/wp-json\/wp\/v2\/media?parent=4103"}],"wp:term":[{"taxonomy":"product_brand","embeddable":true,"href":"https:\/\/vapestornado.com\/sk\/wp-json\/wp\/v2\/product_brand?post=4103"},{"taxonomy":"product_cat","embeddable":true,"href":"https:\/\/vapestornado.com\/sk\/wp-json\/wp\/v2\/product_cat?post=4103"},{"taxonomy":"product_tag","embeddable":true,"href":"https:\/\/vapestornado.com\/sk\/wp-json\/wp\/v2\/product_tag?post=4103"}],"curies":[{"name":"wp","href":"https:\/\/api.w.org\/{rel}","templated":true}]}}