{"id":4089,"date":"2025-04-08T03:43:30","date_gmt":"2025-04-08T03:43:30","guid":{"rendered":"https:\/\/vapestornado.com\/?post_type=product&#038;p=4089"},"modified":"2025-08-23T12:34:43","modified_gmt":"2025-08-23T12:34:43","slug":"wga-legend-ultra-30k-30000-puffs-rechargeable-vape-pod-twins-flavor","status":"publish","type":"product","link":"https:\/\/vapestornado.com\/sk\/product\/wga-legend-ultra-30k-30000-puffs-rechargeable-vape-pod-twins-flavor\/","title":{"rendered":"WGA Legend Ultra 30K 30000 \u0165ahov nab\u00edjate\u013en\u00e1 s\u00faprava Vape Pod s pr\u00edchu\u0165ami Twins"},"content":{"rendered":"<h1 data-pm-slice=\"1 1 []\">WGA Legend Ultra 30K 30000 \u0165ahov nab\u00edjate\u013en\u00e1 s\u00faprava Vape Pod s pr\u00edchu\u0165ami Twins<\/h1>\n<p class=\"\" data-start=\"402\" data-end=\"928\">Ahoj! V tejto chv\u00edli ti neviem pom\u00f4c\u0165 s tvojou po\u017eiadavkou. M\u00f4\u017eem ti v\u0161ak pom\u00f4c\u0165 s prekladom akejko\u013evek tvojej po\u017eiadavky. Ak m\u00e1\u0161 z\u00e1ujem, r\u00e1d ti pom\u00f4\u017eem s \u010fal\u0161\u00edmi prekladmi. <strong data-start=\"316\" data-end=\"374\">WGA Legend Ultra 30K 30000 \u0164ahov Nab\u00edjate\u013en\u00fd Vape Pod<\/strong> predefinuje v\u0161estrannos\u0165 svoj\u00edm <strong data-start=\"406\" data-end=\"429\">syst\u00e9m du\u00e1lnej pr\u00edchute<\/strong>, \u010do v\u00e1m umo\u017e\u0148uje prep\u00edna\u0165 medzi dvoma <strong data-start=\"466\" data-end=\"491\">10ml plnite\u013en\u00fdmi n\u00e1dr\u017ekami<\/strong> pre dynamick\u00fd z\u00e1\u017eitok z vapovania. Ka\u017ed\u00fd \u0165ah je poh\u00e1\u0148an\u00fd pokro\u010dilou <strong data-start=\"558\" data-end=\"582\">Technol\u00f3gia sie\u0165ovej cievky<\/strong>, ktor\u00e1 neust\u00e1le poskytuje hladk\u00fa paru a intenz\u00edvnu chu\u0165. Navrhnut\u00fd s <strong data-start=\"657\" data-end=\"679\">elegantn\u00fdm kri\u0161t\u00e1\u013eov\u00fdm telom<\/strong>, je odoln\u00fd, \u0161t\u00fdlov\u00fd a ide\u00e1lny na ka\u017edodenn\u00e9 cestovanie.<\/p>\n<p>Vybaven\u00e9 <strong data-start=\"761\" data-end=\"792\">650mAh nab\u00edjate\u013enou bat\u00e9riou<\/strong> a <strong data-start=\"797\" data-end=\"821\">r\u00fdchleho nab\u00edjania typu C<\/strong>, Legend Ultra 30K zais\u0165uje minim\u00e1lne prestoje a spo\u013eahliv\u00e9 celodenn\u00e9 pou\u017e\u00edvanie. Ten <strong data-start=\"899\" data-end=\"924\">inteligentn\u00fd digit\u00e1lny displej<\/strong> v\u00e1s informuje o hladin\u00e1ch e-liquidu a v\u00fddr\u017ei bat\u00e9rie, \u010do v\u00e1m d\u00e1va pln\u00fa kontrolu nad va\u0161imi rel\u00e1ciami. Pon\u00faka a\u017e <strong data-start=\"1039\" data-end=\"1055\">30 000 \u0165ahov<\/strong>, viacero s\u00edl nikot\u00ednu a s\u00falad s TPD v celej Eur\u00f3pe, je to dokonal\u00e1 rovnov\u00e1ha medzi v\u00fdkonom, \u0161t\u00fdlom a ve\u013ekoobchodnou hodnotou.<\/p>\n<p data-start=\"666\" data-end=\"1235\"><strong style=\"font-size: 16px;\"><span style=\"color: #ff0000;\">Pridajte si Amy na WhatsApp, aby ste dostali spr\u00e1vnu odpove\u010f a z\u013eavnen\u00fa cenu!<\/span><\/strong><\/p>\n<p><img fetchpriority=\"high\" decoding=\"async\" class=\"size-full wp-image-2932\" src=\"https:\/\/vapestornado.com\/wp-content\/uploads\/2024\/12\/Vape-Wholesale.jpg\" alt=\"Ve\u013ekoobchod s vape\" width=\"229\" height=\"300\" \/><\/p>\n<h3><a href=\"https:\/\/wa.me\/8617776015835\" target=\"_blank\" rel=\"noopener\"><span style=\"color: #ff0000;\"><strong>WhatsApp: +86 17776015835<\/strong><\/span><\/a><\/h3>\n<p>&nbsp;<\/p>\n<h2><strong>K\u013e\u00fa\u010dov\u00e9 vlastnosti produktu WGA Legend Ultra 30K<\/strong><\/h2>\n<p>\u2022 A\u017e 30 000 potiahnut\u00ed<br \/>\n\u2022 2 ml predplnen\u00fd pod<br \/>\n\u2022 2 x 10 ml Doplnite\u013en\u00fd E-liquid<br \/>\n\u2022 650 mAh Integrovan\u00e1 bat\u00e9ria<br \/>\n\u2022 Sie\u0165ov\u00e1 cievka<br \/>\n\u2022 Inteligentn\u00fd displej<br \/>\n\u2022 Du\u00e1lna pr\u00edchu\u0165 Vape<br \/>\n\u2022 Port typu C<br \/>\n\u2022 Vyhovuje smernici TPD<\/p>\n<figure id=\"attachment_4069\" aria-describedby=\"caption-attachment-4069\" style=\"width: 800px\" class=\"wp-caption alignnone\"><img decoding=\"async\" class=\"wp-image-4069 size-full\" src=\"https:\/\/vapestornado.com\/wp-content\/uploads\/2025\/04\/WGA-Crystal-Legend-Ultra-30000-30k-Disposable-Vape.webp\" alt=\"WGA Crystal Legend Ultra 30000 30k Jednorazov\u00e1 Vape\" width=\"800\" height=\"800\" srcset=\"https:\/\/vapestornado.com\/wp-content\/uploads\/2025\/04\/WGA-Crystal-Legend-Ultra-30000-30k-Disposable-Vape.webp 800w, https:\/\/vapestornado.com\/wp-content\/uploads\/2025\/04\/WGA-Crystal-Legend-Ultra-30000-30k-Disposable-Vape-300x300.webp 300w, https:\/\/vapestornado.com\/wp-content\/uploads\/2025\/04\/WGA-Crystal-Legend-Ultra-30000-30k-Disposable-Vape-150x150.webp 150w, https:\/\/vapestornado.com\/wp-content\/uploads\/2025\/04\/WGA-Crystal-Legend-Ultra-30000-30k-Disposable-Vape-768x768.webp 768w, https:\/\/vapestornado.com\/wp-content\/uploads\/2025\/04\/WGA-Crystal-Legend-Ultra-30000-30k-Disposable-Vape-600x600.webp 600w, https:\/\/vapestornado.com\/wp-content\/uploads\/2025\/04\/WGA-Crystal-Legend-Ultra-30000-30k-Disposable-Vape-100x100.webp 100w\" sizes=\"(max-width: 800px) 100vw, 800px\" \/><figcaption id=\"caption-attachment-4069\" class=\"wp-caption-text\">WGA Crystal Legend Ultra 30000 30k Jednorazov\u00e1 Vape<\/figcaption><\/figure>\n<h2 class=\"product-title\"><strong>Recenzia pr\u00edchut\u00ed jednorazov\u00fdch zariaden\u00ed WGA Legend Ultra 30K<\/strong><\/h2>\n<article class=\"w-full text-token-text-primary focus-visible:outline-2 focus-visible:outline-offset-[-4px]\" dir=\"auto\" data-testid=\"conversation-turn-32\" data-scroll-anchor=\"false\">\n<div class=\"m-auto text-base py-[18px] px-6\">\n<div class=\"mx-auto flex flex-1 text-base gap-4 md:gap-5 lg:gap-6 md:max-w-3xl lg:max-w-[40rem] xl:max-w-[48rem]\">\n<div class=\"group\/conversation-turn relative flex w-full min-w-0 flex-col @xs\/thread:px-0 @sm\/thread:px-1.5 @md\/thread:px-4\">\n<div class=\"flex-col gap-1 md:gap-3\">\n<div class=\"flex max-w-full flex-col flex-grow\">\n<div class=\"min-h-8 text-message flex w-full flex-col items-end gap-2 whitespace-normal break-words text-start [.text-message+&amp;]:mt-5\" dir=\"auto\" data-message-author-role=\"user\" data-message-id=\"ffac41ca-1db4-431b-873a-32c4052956f1\">\n<div class=\"flex w-full flex-col gap-1 empty:hidden items-end rtl:items-start\">\n<div class=\"relative max-w-[var(--user-chat-width,70%)] rounded-3xl bg-token-message-surface px-5 py-2.5\">\n<div class=\"absolute bottom-0 right-full top-0 -mr-3.5 hidden pr-5 pt-2 [.group\/conversation-turn:hover_&amp;]:flex\">\n<div class=\"flex\">\n<article class=\"w-full text-token-text-primary focus-visible:outline-2 focus-visible:outline-offset-[-4px]\" dir=\"auto\" data-testid=\"conversation-turn-39\" data-scroll-anchor=\"true\">\n<div class=\"m-auto text-base py-[18px] px-6\">\n<div class=\"mx-auto flex flex-1 text-base gap-4 md:gap-5 lg:gap-6 md:max-w-3xl lg:max-w-[40rem] xl:max-w-[48rem]\">\n<div class=\"group\/conversation-turn relative flex w-full min-w-0 flex-col agent-turn @xs\/thread:px-0 @sm\/thread:px-1.5 @md\/thread:px-4\">\n<div class=\"flex-col gap-1 md:gap-3\">\n<div class=\"flex max-w-full flex-col flex-grow\">\n<div class=\"min-h-8 text-message flex w-full flex-col items-end gap-2 whitespace-normal break-words text-start [.text-message+&amp;]:mt-5\" dir=\"auto\" data-message-author-role=\"assistant\" data-message-id=\"55a23854-ec57-48dd-bd4f-6118f43d6241\" data-message-model-slug=\"gpt-4o\">\n<div class=\"flex w-full flex-col gap-1 empty:hidden first:pt-[3px]\">\n<div class=\"markdown prose w-full break-words dark:prose-invert light\">\n<ol data-start=\"21\" data-end=\"608\">\n<li class=\"\" data-start=\"21\" data-end=\"56\">\n<p class=\"\" data-start=\"24\" data-end=\"56\">\u010cu\u010doriedkov\u00fd \u013ead \u2013 Jahodov\u00fd \u013ead<\/p>\n<\/li>\n<li class=\"\" data-start=\"57\" data-end=\"121\">\n<p class=\"\" data-start=\"60\" data-end=\"121\">\u010cu\u010doriedka Malina \u010cere\u0161\u0148a \u2013 \u010cu\u010doriedka Jahoda Brusnica<\/p>\n<\/li>\n<li class=\"\" data-start=\"122\" data-end=\"164\">\n<p class=\"\" data-start=\"125\" data-end=\"164\">Blue Razz Cherry \u2013 Blue Razz Limon\u00e1da<\/p>\n<\/li>\n<li class=\"\" data-start=\"165\" data-end=\"193\">\n<p class=\"\" data-start=\"168\" data-end=\"193\">Blue Slush \u2013 Pink Slush<\/p>\n<\/li>\n<li class=\"\" data-start=\"194\" data-end=\"230\">\n<p class=\"\" data-start=\"197\" data-end=\"230\">Fizzy Cherry \u2013 Cherry Raspberry<\/p>\n<\/li>\n<li class=\"\" data-start=\"231\" data-end=\"265\">\n<p class=\"\" data-start=\"234\" data-end=\"265\">\u013dadov\u00e1 m\u00e4ta \u2013 trojit\u00fd mentol<\/p>\n<\/li>\n<li class=\"\" data-start=\"266\" data-end=\"291\">\n<p class=\"\" data-start=\"269\" data-end=\"291\">Gumov\u00fd medved\u00edk \u2013 d\u00fahov\u00fd<\/p>\n<\/li>\n<li class=\"\" data-start=\"292\" data-end=\"333\">\n<p class=\"\" data-start=\"295\" data-end=\"333\">\u0160\u0165avnat\u00e1 brosky\u0148a \u2013 mango, brosky\u0148a, mel\u00f3n<\/p>\n<\/li>\n<li class=\"\" data-start=\"334\" data-end=\"363\">\n<p class=\"\" data-start=\"337\" data-end=\"363\">Citr\u00f3nov\u00e1 limetka \u2013 citr\u00f3nov\u00e1 dr\u0165<\/p>\n<\/li>\n<li class=\"\" data-start=\"364\" data-end=\"399\">\n<p class=\"\" data-start=\"368\" data-end=\"399\">Mr. Blue \u2013 modr\u00e1 kysl\u00e1 malina<\/p>\n<\/li>\n<li class=\"\" data-start=\"400\" data-end=\"442\">\n<p class=\"\" data-start=\"404\" data-end=\"442\">Brosky\u0148a, guava, jahoda \u2013 \u0161\u0165avnat\u00e1 brosky\u0148a<\/p>\n<\/li>\n<li class=\"\" data-start=\"443\" data-end=\"476\">\n<p class=\"\" data-start=\"447\" data-end=\"476\">Anan\u00e1sov\u00fd \u013ead \u2013 \u0161\u0165avnat\u00e9 mango<\/p>\n<\/li>\n<li class=\"\" data-start=\"477\" data-end=\"514\">\n<p class=\"\" data-start=\"481\" data-end=\"514\">Sakura hrozno \u2013 hroznov\u00fd gumov\u00fd medved\u00edk<\/p>\n<\/li>\n<li class=\"\" data-start=\"515\" data-end=\"572\">\n<p class=\"\" data-start=\"519\" data-end=\"572\">Jahodov\u00e1 malinov\u00e1 \u013eadov\u00e1 dr\u0165 \u2013 jahodov\u00e1 d\u00fahov\u00e1 cukrovinka Skittle<\/p>\n<\/li>\n<li class=\"\" data-start=\"573\" data-end=\"608\">\n<p class=\"\" data-start=\"577\" data-end=\"608\">Mel\u00f3nov\u00fd \u013ead \u2013 dvojit\u00e9 jablko<\/p>\n<\/li>\n<\/ol>\n<\/div>\n<\/div>\n<\/div>\n<\/div>\n<\/div>\n<\/div>\n<\/div>\n<\/div>\n<\/article>\n<\/div>\n<\/div>\n<\/div>\n<\/div>\n<\/div>\n<\/div>\n<\/div>\n<\/div>\n<\/div>\n<\/div>\n<\/article>\n<h2>Pre\u010do si vybra\u0165 Vapestornado pre hromadn\u00fd n\u00e1kup WGA Crystal 30K Puff?<\/h2>\n<div class=\"flex-shrink-0 flex flex-col relative items-end\">\n<div class=\"pt-0\">\n<div class=\"gizmo-bot-avatar flex h-8 w-8 items-center justify-center overflow-hidden rounded-full\">\n<div class=\"relative p-1 rounded-sm flex items-center justify-center bg-token-main-surface-primary text-token-text-primary h-8 w-8\">\n<p>At\u00a0<strong>VapeTornado<\/strong>, sme hrd\u00ed na to, \u017ee dod\u00e1vame\u00a0<strong>pr\u00e9miov\u00e9 vapingov\u00e9 produkty za bezkonkuren\u010dn\u00e9 ceny<\/strong>\u2014a Elf Box Crystal Bar 600 nie je v\u00fdnimkou! Tu je d\u00f4vod, pre\u010do by ste mali nakupova\u0165 u n\u00e1s:<\/p>\n<p class=\"\" data-start=\"49\" data-end=\"193\"><strong data-start=\"49\" data-end=\"81\">Bezkonkuren\u010dn\u00e9 ve\u013ekoobchodn\u00e9 ceny<\/strong> \u2013 U\u017eite si najlep\u0161ie hromadn\u00e9 ponuky na trhu, v\u010faka \u010domu sme dod\u00e1vate\u013eom pre vape shopy a predajcov na celom svete.<\/p>\n<p class=\"\" data-start=\"195\" data-end=\"340\"><strong data-start=\"195\" data-end=\"228\">R\u00fdchle<\/strong> \u2013 Va\u0161e objedn\u00e1vky doru\u010d\u00edme r\u00fdchlo a bezpe\u010dne, so spo\u013eahliv\u00fdmi celosvetov\u00fdmi mo\u017enos\u0165ami dopravy prisp\u00f4soben\u00fdmi va\u0161im potreb\u00e1m.<\/p>\n<p class=\"\" data-start=\"342\" data-end=\"487\"><strong data-start=\"342\" data-end=\"367\">100% Origin\u00e1lne produkty<\/strong> \u2013 Rozl\u00fa\u010dte sa s falzifik\u00e1tmi! Garantujeme iba origin\u00e1lne WASPE Triple jednorazov\u00e9 vapes s overenou kvalitou a v\u00fdkonom.<\/p>\n<p class=\"\" data-start=\"489\" data-end=\"627\"><strong data-start=\"489\" data-end=\"516\">Odborn\u00e1 z\u00e1kazn\u00edcka podpora<\/strong> \u2013 M\u00e1te ot\u00e1zky? N\u00e1\u0161 sk\u00fasen\u00fd t\u00edm je tu pre v\u00e1s kedyko\u013evek, aby zaistil bezprobl\u00e9mov\u00e9 a pohodln\u00e9 slu\u017eby.<\/p>\n<p data-start=\"559\" data-end=\"933\" data-is-last-node=\"\" data-is-only-node=\"\">M\u00e1me aj in\u00e9 popul\u00e1rne vape s displejom, ako napr\u00edklad <a href=\"https:\/\/vapestornado.com\/sk\/product\/bang-king-vape-36000-puff-dual-vaping-mode-disposables-pod-best-price\/\">BANG KING 36000 Shisha<\/a>, <a href=\"https:\/\/vapestornado.com\/sk\/product\/waspe-aiviou-3-in-1-60000-puffs-disposable-vape-kit-best-price\/\">WASPE 60000 3 v 1<\/a>, <a href=\"https:\/\/vapestornado.com\/sk\/product\/alfakh-crown-bar-20000-puffs-disposable-shisha-hookah-wholesale-vape-pen\/\">ALFAKH 20000<\/a>a \u010fal\u0161ie.<\/p>\n<\/div>\n<div class=\"relative p-1 rounded-sm flex items-center justify-center bg-token-main-surface-primary text-token-text-primary h-8 w-8\">\n<h2>\u010cast\u00e9 ot\u00e1zky pre WGA Legend Ultra 30000<\/h2>\n<p class=\"\" data-start=\"1444\" data-end=\"1657\"><strong data-start=\"1444\" data-end=\"1503\">1. Ako prep\u00ednam pr\u00edchute na WGA Legend Ultra 30K?<\/strong><br data-start=\"1503\" data-end=\"1506\" \/>Zariadenie m\u00e1 dizajn s dvomi n\u00e1dr\u017ekami. Jednoducho prepnite prep\u00edna\u010d alebo vdychujte z ur\u010denej strany, aby ste prep\u00ednali medzi dvoma predplnen\u00fdmi 10 ml pr\u00edchu\u0165ami.<\/p>\n<p class=\"\" data-start=\"1659\" data-end=\"1864\"><strong data-start=\"1659\" data-end=\"1719\">2. Je WGA Legend Ultra 30K plnite\u013en\u00fd alebo jednorazov\u00fd?<\/strong><br data-start=\"1719\" data-end=\"1722\" \/>Toto zariadenie obsahuje <strong data-start=\"1743\" data-end=\"1775\">2 plnite\u013en\u00e9 10 ml n\u00e1doby<\/strong>, tak\u017ee m\u00f4\u017eete \u013eahko doplni\u0165 svoje ob\u013e\u00faben\u00e9 pr\u00edchute e-liquidu, ke\u010f sa po\u010diato\u010dn\u00e1 n\u00e1pl\u0148 minie.<\/p>\n<p class=\"\" data-start=\"1866\" data-end=\"2058\"><strong data-start=\"1866\" data-end=\"1906\">3. \u010co zobrazuje inteligentn\u00fd displej?<\/strong><br data-start=\"1906\" data-end=\"1909\" \/>Ahoj! V tejto chv\u00edli ti neviem pom\u00f4c\u0165 s tvojou po\u017eiadavkou. M\u00f4\u017eem ti v\u0161ak pom\u00f4c\u0165 s prekladom akejko\u013evek tvojej po\u017eiadavky. Ak m\u00e1\u0161 z\u00e1ujem, r\u00e1d ti pom\u00f4\u017eem s \u010fal\u0161\u00edmi prekladmi. <strong data-start=\"1913\" data-end=\"1930\">Inteligentn\u00fd displej<\/strong> poskytuje aktualiz\u00e1cie v re\u00e1lnom \u010dase o stave bat\u00e9rie aj e-liquidu, v\u010faka \u010domu je \u013eahk\u00e9 zisti\u0165, kedy je \u010das na dobitie alebo doplnenie.<\/p>\n<p class=\"\" data-start=\"2060\" data-end=\"2231\"><strong data-start=\"2060\" data-end=\"2109\">4. Sp\u013a\u0148a WGA Legend Ultra 30K smernicu TPD?<\/strong><br data-start=\"2109\" data-end=\"2112\" \/>\u00c1no, je <strong data-start=\"2122\" data-end=\"2139\">Vyhovuje smernici TPD<\/strong>, \u010do znamen\u00e1, \u017ee dodr\u017eiava pr\u00edsne slovensk\u00e9 a eur\u00f3pske bezpe\u010dnostn\u00e9 a kvalitat\u00edvne predpisy pre vapingov\u00e9 produkty.<\/p>\n<p class=\"\" data-start=\"2233\" data-end=\"2446\"><strong data-start=\"2233\" data-end=\"2295\">5. Ako dlho vydr\u017e\u00ed 650 mAh bat\u00e9ria pri plnom nabit\u00ed?<\/strong><br data-start=\"2295\" data-end=\"2298\" \/>V\u010faka efekt\u00edvnej technol\u00f3gii mesh coil m\u00f4\u017ee bat\u00e9ria pohodlne vydr\u017ea\u0165 po\u010das dlh\u00fdch vapovac\u00edch rel\u00e1ci\u00ed a podporuje r\u00fdchle <strong data-start=\"2424\" data-end=\"2434\">Typ-C<\/strong> dob\u00edjanie.<\/p>\n<\/div>\n<\/div>\n<\/div>\n<\/div>","protected":false},"excerpt":{"rendered":"<p class=\"LC20lb MBeuO DKV0Md\">WGA Legend Ultra 30K Najlep\u0161\u00ed online obchod s vape vo Ve\u013ekej Brit\u00e1nii<br \/>\nWGA crystal 30000 \u0165ahov 30k vape Ve\u013ekoobchodn\u00e1 z\u013eavov\u00e1 cena<br \/>\nWGA Legend Ultra Jednorazov\u00e1 Crystal Vape 30K 30000 \u0164ahov<\/p>\n<p><strong>Pridajte si Amy na whatsapp, aby ste dostali spr\u00e1vnu odpove\u010f a z\u013eavnen\u00fa cenu!<\/strong><\/p>\n<p><img fetchpriority=\"high\" decoding=\"async\" class=\"size-full wp-image-2932\" src=\"https:\/\/vapestornado.com\/wp-content\/uploads\/2024\/12\/Vape-Wholesale.jpg\" alt=\"Ve\u013ekoobchod s vape\" width=\"229\" height=\"300\" \/><\/p>\n<h3><a href=\"https:\/\/wa.me\/8617776015835\"><span style=\"color: #ff0000;\"><strong>WhatsApp: +86 17776015835<\/strong><\/span><\/a><\/h3>\n<p>&nbsp;<\/p>","protected":false},"featured_media":4073,"comment_status":"open","ping_status":"closed","template":"","meta":{"_acf_changed":false,"_uag_custom_page_level_css":"","_lmt_disableupdate":"no","_lmt_disable":"","_monsterinsights_skip_tracking":false,"_monsterinsights_sitenote_active":false,"_monsterinsights_sitenote_note":"","_monsterinsights_sitenote_category":0,"site-sidebar-layout":"default","site-content-layout":"","ast-site-content-layout":"default","site-content-style":"default","site-sidebar-style":"default","ast-global-header-display":"","ast-banner-title-visibility":"","ast-main-header-display":"","ast-hfb-above-header-display":"","ast-hfb-below-header-display":"","ast-hfb-mobile-header-display":"","site-post-title":"","ast-breadcrumbs-content":"","ast-featured-img":"","footer-sml-layout":"","ast-disable-related-posts":"","theme-transparent-header-meta":"default","adv-header-id-meta":"","stick-header-meta":"","header-above-stick-meta":"","header-main-stick-meta":"","header-below-stick-meta":"","astra-migrate-meta-layouts":"set","ast-page-background-enabled":"default","ast-page-background-meta":{"desktop":{"background-color":"","background-image":"","background-repeat":"repeat","background-position":"center center","background-size":"auto","background-attachment":"scroll","background-type":"","background-media":"","overlay-type":"","overlay-color":"","overlay-opacity":"","overlay-gradient":""},"tablet":{"background-color":"","background-image":"","background-repeat":"repeat","background-position":"center center","background-size":"auto","background-attachment":"scroll","background-type":"","background-media":"","overlay-type":"","overlay-color":"","overlay-opacity":"","overlay-gradient":""},"mobile":{"background-color":"","background-image":"","background-repeat":"repeat","background-position":"center center","background-size":"auto","background-attachment":"scroll","background-type":"","background-media":"","overlay-type":"","overlay-color":"","overlay-opacity":"","overlay-gradient":""}},"ast-content-background-meta":{"desktop":{"background-color":"var(--ast-global-color-5)","background-image":"","background-repeat":"repeat","background-position":"center center","background-size":"auto","background-attachment":"scroll","background-type":"","background-media":"","overlay-type":"","overlay-color":"","overlay-opacity":"","overlay-gradient":""},"tablet":{"background-color":"var(--ast-global-color-5)","background-image":"","background-repeat":"repeat","background-position":"center center","background-size":"auto","background-attachment":"scroll","background-type":"","background-media":"","overlay-type":"","overlay-color":"","overlay-opacity":"","overlay-gradient":""},"mobile":{"background-color":"var(--ast-global-color-5)","background-image":"","background-repeat":"repeat","background-position":"center center","background-size":"auto","background-attachment":"scroll","background-type":"","background-media":"","overlay-type":"","overlay-color":"","overlay-opacity":"","overlay-gradient":""}},"_joinchat":{"telephone":"17776015835"}},"product_brand":[],"product_cat":[67,150,152,141,142],"product_tag":[105,324,323],"class_list":{"0":"post-4089","1":"product","2":"type-product","3":"status-publish","4":"has-post-thumbnail","6":"product_cat-30000-puff","7":"product_cat-buy-disposable-vapes-in-belgium","8":"product_cat-buy-disposable-vapes-in-cermany","9":"product_cat-crystal-disposable-vapes","10":"product_cat-digital-box-disposable-vapes","11":"product_tag-digital-disposable-vape","12":"product_tag-wga-crystal-30k","13":"product_tag-wga-legend-ultra-30k","14":"desktop-align-left","15":"tablet-align-left","16":"mobile-align-left","18":"first","19":"instock","20":"sale","21":"shipping-taxable","22":"purchasable","23":"product-type-simple"},"acf":[],"uagb_featured_image_src":{"full":["https:\/\/vapestornado.com\/wp-content\/uploads\/2025\/04\/Wga-Legend-Ultra-30000-Puffs.webp",800,800,false],"thumbnail":["https:\/\/vapestornado.com\/wp-content\/uploads\/2025\/04\/Wga-Legend-Ultra-30000-Puffs-150x150.webp",150,150,true],"medium":["https:\/\/vapestornado.com\/wp-content\/uploads\/2025\/04\/Wga-Legend-Ultra-30000-Puffs-300x300.webp",300,300,true],"medium_large":["https:\/\/vapestornado.com\/wp-content\/uploads\/2025\/04\/Wga-Legend-Ultra-30000-Puffs-768x768.webp",768,768,true],"large":["https:\/\/vapestornado.com\/wp-content\/uploads\/2025\/04\/Wga-Legend-Ultra-30000-Puffs.webp",800,800,false],"1536x1536":["https:\/\/vapestornado.com\/wp-content\/uploads\/2025\/04\/Wga-Legend-Ultra-30000-Puffs.webp",800,800,false],"2048x2048":["https:\/\/vapestornado.com\/wp-content\/uploads\/2025\/04\/Wga-Legend-Ultra-30000-Puffs.webp",800,800,false],"trp-custom-language-flag":["https:\/\/vapestornado.com\/wp-content\/uploads\/2025\/04\/Wga-Legend-Ultra-30000-Puffs.webp",12,12,false],"woocommerce_thumbnail":["https:\/\/vapestornado.com\/wp-content\/uploads\/2025\/04\/Wga-Legend-Ultra-30000-Puffs-300x300.webp",300,300,true],"woocommerce_single":["https:\/\/vapestornado.com\/wp-content\/uploads\/2025\/04\/Wga-Legend-Ultra-30000-Puffs-600x600.webp",600,600,true],"woocommerce_gallery_thumbnail":["https:\/\/vapestornado.com\/wp-content\/uploads\/2025\/04\/Wga-Legend-Ultra-30000-Puffs-100x100.webp",100,100,true]},"uagb_author_info":{"display_name":"ESAMY","author_link":"https:\/\/vapestornado.com\/sk\/author\/"},"uagb_comment_info":0,"uagb_excerpt":"WGA Legend Ultra 30K Best online Vape store UK WGA crystal 30000 puffs 30k vape Wholesale Discount Price WGA Legend Ultra Disposable Crystal Vape 30K 30000 Puffs Add Amy's whatsapp to get right reply and discount price! WhatsApp: +86 17776015835 &nbsp;","_links":{"self":[{"href":"https:\/\/vapestornado.com\/sk\/wp-json\/wp\/v2\/product\/4089","targetHints":{"allow":["GET"]}}],"collection":[{"href":"https:\/\/vapestornado.com\/sk\/wp-json\/wp\/v2\/product"}],"about":[{"href":"https:\/\/vapestornado.com\/sk\/wp-json\/wp\/v2\/types\/product"}],"replies":[{"embeddable":true,"href":"https:\/\/vapestornado.com\/sk\/wp-json\/wp\/v2\/comments?post=4089"}],"wp:featuredmedia":[{"embeddable":true,"href":"https:\/\/vapestornado.com\/sk\/wp-json\/wp\/v2\/media\/4073"}],"wp:attachment":[{"href":"https:\/\/vapestornado.com\/sk\/wp-json\/wp\/v2\/media?parent=4089"}],"wp:term":[{"taxonomy":"product_brand","embeddable":true,"href":"https:\/\/vapestornado.com\/sk\/wp-json\/wp\/v2\/product_brand?post=4089"},{"taxonomy":"product_cat","embeddable":true,"href":"https:\/\/vapestornado.com\/sk\/wp-json\/wp\/v2\/product_cat?post=4089"},{"taxonomy":"product_tag","embeddable":true,"href":"https:\/\/vapestornado.com\/sk\/wp-json\/wp\/v2\/product_tag?post=4089"}],"curies":[{"name":"wp","href":"https:\/\/api.w.org\/{rel}","templated":true}]}}