{"id":4087,"date":"2025-04-07T09:49:27","date_gmt":"2025-04-07T09:49:27","guid":{"rendered":"https:\/\/vapestornado.com\/?post_type=product&#038;p=4087"},"modified":"2025-12-11T03:45:55","modified_gmt":"2025-12-11T03:45:55","slug":"elfworld-ai22000-22k-puff-disposable-vape-pen-kit-best-seller-in-poland","status":"publish","type":"product","link":"https:\/\/vapestornado.com\/sk\/product\/elfworld-ai22000-22k-puff-disposable-vape-pen-kit-best-seller-in-poland\/","title":{"rendered":"ELFWORLD AI22000 22k Potiahnut\u00ed Jednorazov\u00e9 Vape Pero Najpred\u00e1vanej\u0161\u00ed produkt v Po\u013esku"},"content":{"rendered":"<h1 data-pm-slice=\"1 1 []\">ELFWORLD AI22000 22k Potiahnut\u00ed Jednorazov\u00e9 Vape Pero Najpred\u00e1vanej\u0161\u00ed produkt v Po\u013esku<\/h1>\n<p class=\"\" data-start=\"623\" data-end=\"1038\"><strong data-start=\"97\" data-end=\"118\">ELFWORLD AI 22000<\/strong> je vysoko kapacitn\u00fd jednorazov\u00fd vaporiz\u00e9r navrhnut\u00fd pre vapery, ktor\u00ed chc\u00fa siln\u00fa chu\u0165, ve\u013ea potiahnut\u00ed a zariadenie, ktor\u00e9 skuto\u010dne zvl\u00e1dne n\u00e1ro\u010dn\u00e9 dni.<\/p>\n<h3 data-start=\"786\" data-end=\"858\">Pre\u010do m\u00e1 zmysel pre v\u00e1s tento ELFWORLD AI22000<\/h3>\n<ul data-start=\"860\" data-end=\"2341\">\n<li data-start=\"860\" data-end=\"1208\">\n<p data-start=\"862\" data-end=\"1208\"><strong data-start=\"862\" data-end=\"896\">Kapacita, ktor\u00e1 skuto\u010dne vydr\u017e\u00ed.<\/strong> Ahoj! V tejto chv\u00edli ti neviem pom\u00f4c\u0165 s tvojou po\u017eiadavkou. M\u00f4\u017eem ti v\u0161ak pom\u00f4c\u0165 s prekladom akejko\u013evek tvojej po\u017eiadavky. Ak m\u00e1\u0161 z\u00e1ujem, r\u00e1d ti pom\u00f4\u017eem s \u010fal\u0161\u00edmi prekladmi. <strong data-start=\"901\" data-end=\"951\">ELFWORLD AI 22000 22k potiahnut\u00ed jednorazov\u00fd vaporiz\u00e9r<\/strong> sp\u00e1ja hodnotenie 22K potiahnut\u00ed s <strong data-start=\"983\" data-end=\"996\">26ml n\u00e1dr\u017ekou<\/strong>, tak\u017ee v\u00e4\u010d\u0161ina be\u017en\u00fdch pou\u017e\u00edvate\u013eov na Slovensku, v \u010cesku, Ma\u010farsku alebo Po\u013esku dostane <strong data-start=\"1064\" data-end=\"1091\">t\u00fd\u017edne pou\u017e\u00edvania na jedno zariadenie<\/strong>, nie dni. To znamen\u00e1 menej n\u00fadzov\u00fdch v\u00fdjazdov za \u201ecigarety v bl\u00edzkosti\u201c a menej pe\u0148az\u00ed min\u00fat\u00fdch na neust\u00e1le v\u00fdmeny.<\/p>\n<\/li>\n<li data-start=\"1210\" data-end=\"1501\">\n<p data-start=\"1212\" data-end=\"1501\"><strong data-start=\"1212\" data-end=\"1251\">Kon\u0161tantn\u00fd z\u00e1sah 5% a v\u00fdrazn\u00e1 chu\u0165.<\/strong> S <strong data-start=\"1257\" data-end=\"1272\">5% nikot\u00ednov\u00fd<\/strong> a rozsah chut\u00ed od Mango Jablko Hru\u0161ka po Blue Razz Ice, <strong data-start=\"1337\" data-end=\"1371\">ELFWORLD 22000 jednorazov\u00fd vaporiz\u00e9r<\/strong> udr\u017e\u00ed ka\u017ed\u00fd \u0165ah stabiln\u00fd a uspokojiv\u00fd. Milovn\u00edci ovocia, fan\u00fa\u0161ikovia m\u00e4ty a \u013eadov\u00fdch zmes\u00ed maj\u00fa v\u0161etci spr\u00e1vne mo\u017enosti namiesto jednej v\u0161eobecnej zmesi.<\/p>\n<\/li>\n<li data-start=\"1503\" data-end=\"1800\">\n<p data-start=\"1505\" data-end=\"1800\"><strong data-start=\"1505\" data-end=\"1559\">Dob\u00edjate\u013en\u00e1 pohodlnos\u0165 namiesto plytvania tekutinou.<\/strong> Ahoj! V tejto chv\u00edli ti neviem pom\u00f4c\u0165 s tvojou po\u017eiadavkou. M\u00f4\u017eem ti v\u0161ak pom\u00f4c\u0165 s prekladom akejko\u013evek tvojej po\u017eiadavky. Ak m\u00e1\u0161 z\u00e1ujem, r\u00e1d ti pom\u00f4\u017eem s \u010fal\u0161\u00edmi prekladmi. <strong data-start=\"1564\" data-end=\"1612\">650mAh Type-C dob\u00edjate\u013en\u00fd ELF WORLD AI 22000<\/strong> umo\u017e\u0148uje doplni\u0165 energiu kedyko\u013evek je potrebn\u00e9. R\u00fdchle nabitie pri stole, v aute alebo doma znamen\u00e1, \u017ee zariadenie m\u00f4\u017ee skuto\u010dne dosiahnu\u0165 svoj pln\u00fd potenci\u00e1l 22K potiahnut\u00ed bez toho, aby zomrelo uprostred.<\/p>\n<\/li>\n<li data-start=\"1802\" data-end=\"2070\">\n<p data-start=\"1804\" data-end=\"2070\"><strong data-start=\"1804\" data-end=\"1844\">Technol\u00f3gia, ktor\u00e1 v\u00e1m povie, \u010do sa deje.<\/strong> Ahoj! V tejto chv\u00edli ti neviem pom\u00f4c\u0165 s tvojou po\u017eiadavkou. M\u00f4\u017eem ti v\u0161ak pom\u00f4c\u0165 s prekladom akejko\u013evek tvojej po\u017eiadavky. Ak m\u00e1\u0161 z\u00e1ujem, r\u00e1d ti pom\u00f4\u017eem s \u010fal\u0161\u00edmi prekladmi. <strong data-start=\"1849\" data-end=\"1898\">digit\u00e1lny displej na vaporiz\u00e9ri ELFWORLD AI 22000<\/strong> poskytuje jasn\u00fd preh\u013ead o \u00farovni bat\u00e9rie a e-liquidu, tak\u017ee viete, \u010di zvl\u00e1dne noc alebo dlh\u00fa smenu. \u017diadne h\u00e1danie, \u017eiadne prekvapenie s vybit\u00fdm zariaden\u00edm uprostred d\u0148a.<\/p>\n<\/li>\n<li data-start=\"2072\" data-end=\"2341\">\n<p data-start=\"2074\" data-end=\"2341\"><strong data-start=\"2074\" data-end=\"2105\">Jednoduch\u00e9 na k\u00fapu, \u013eahk\u00e9 na pren\u00e1\u0161anie.<\/strong> Objednajte z vapes tornado <strong data-start=\"2131\" data-end=\"2180\">online vape obchode<\/strong>\u00a0alebo si ho vyzdvihnite v miestnom obchode, tenk\u00fd kryt \u013eahko zapadne do vrecka. \u017diadne nastavenia na u\u010denie, \u017eiadne samostatn\u00e9 <strong data-start=\"2292\" data-end=\"2313\">opakovane pou\u017eite\u013en\u00e9 kapsule<\/strong>, len nab\u00edjajte, \u0165ahajte a vyrazte.<\/p>\n<\/li>\n<\/ul>\n<p data-start=\"666\" data-end=\"1235\"><strong style=\"font-size: 16px;\"><span style=\"color: #ff0000;\">Pridajte si Amy na WhatsApp, aby ste dostali spr\u00e1vnu odpove\u010f a z\u013eavnen\u00fa cenu!<\/span><\/strong><\/p>\n<p><img fetchpriority=\"high\" decoding=\"async\" class=\"size-full wp-image-2932\" src=\"https:\/\/vapestornado.com\/wp-content\/uploads\/2024\/12\/Vape-Wholesale.jpg\" alt=\"Ve\u013ekoobchod s vape\" width=\"229\" height=\"300\" \/><\/p>\n<h3><a href=\"https:\/\/wa.me\/8617776015835\" target=\"_blank\" rel=\"noopener\"><span style=\"color: #ff0000;\"><strong>WhatsApp: +86 17776015835<\/strong><\/span><\/a><\/h3>\n<p>&nbsp;<\/p>\n<h2><strong>ELFWORLD AI22000 K\u013e\u00fa\u010dov\u00e9 vlastnosti produktu<\/strong><\/h2>\n<table>\n<thead>\n<tr>\n<th>Funkcia<\/th>\n<th>\u0161pec<\/th>\n<th>detaily<\/th>\n<\/tr>\n<\/thead>\n<tbody>\n<tr>\n<td>Zna\u010dka<\/td>\n<td>ELFWORLD<\/td>\n<td>Najpred\u00e1vanej\u0161ia s\u00e9ria ELFWORLD AI na Slovensku.<\/td>\n<\/tr>\n<tr>\n<td>Model<\/td>\n<td>ELFWORLD AI 22000<\/td>\n<td>22K puff dob\u00edjate\u013en\u00fd jednorazov\u00fd vaporiz\u00e9r s perom s balen\u00edm.<\/td>\n<\/tr>\n<tr>\n<td>Kapacita \u0165ahov<\/td>\n<td>A\u017e 22 000 \u0165ahov<\/td>\n<td>Navrhnut\u00e9 na viact\u00fd\u017ed\u0148ov\u00e9 pou\u017e\u00edvanie pre v\u00e4\u010d\u0161inu be\u017en\u00fdch vaperov.<\/td>\n<\/tr>\n<tr>\n<td>Objem e-liquidu<\/td>\n<td>26ml predplnen\u00e9<\/td>\n<td>Ve\u013ek\u00e1 n\u00e1dr\u017e podporuje pln\u00e9 hodnotenie 22K puffov.<\/td>\n<\/tr>\n<tr>\n<td>Sila nikot\u00ednu<\/td>\n<td>5% (50 mg)<\/td>\n<td>Siln\u00fd, konzistentn\u00fd pocit v hrdle a spokojnos\u0165.<\/td>\n<\/tr>\n<tr>\n<td>Bat\u00e9ria<\/td>\n<td>650mAh nab\u00edjate\u013en\u00e1<\/td>\n<td>Vyroben\u00e9 tak, aby sa dalo dob\u00edja\u0165 nieko\u013ekokr\u00e1t po\u010das \u017eivotnosti zariadenia.<\/td>\n<\/tr>\n<tr>\n<td>Nab\u00edjac\u00ed port<\/td>\n<td>Typ-C<\/td>\n<td>R\u00fdchle, modern\u00e9 nab\u00edjanie s be\u017en\u00fdmi EU k\u00e1blami.<\/td>\n<\/tr>\n<tr>\n<td>Displej<\/td>\n<td>Digit\u00e1lny displej<\/td>\n<td>Zobrazuje stav e-liquidu a bat\u00e9rie v re\u00e1lnom \u010dase.<\/td>\n<\/tr>\n<tr>\n<td>Typ zariadenia<\/td>\n<td>Jednorazov\u00fd vaporiz\u00e9r s perom<\/td>\n<td>\u017diadne dop\u013a\u0148anie alebo v\u00fdmena \u0161pir\u00e1l; pou\u017eitie a recykl\u00e1cia.<\/td>\n<\/tr>\n<tr>\n<td>Mo\u017enosti pr\u00edchut\u00ed<\/td>\n<td>15 pr\u00edchut\u00ed<\/td>\n<td>Ovocie, \u013ead a mie\u0161an\u00e9 zmesi pre r\u00f4zne chute.<\/td>\n<\/tr>\n<\/tbody>\n<\/table>\n<p>&nbsp;<\/p>\n<figure id=\"attachment_4081\" aria-describedby=\"caption-attachment-4081\" style=\"width: 800px\" class=\"wp-caption alignnone\"><img decoding=\"async\" class=\"wp-image-4081 size-full\" src=\"https:\/\/vapestornado.com\/wp-content\/uploads\/2025\/04\/ELF-WORLD-Ai-22k-Disposable-Vape.webp\" alt=\"ELFWORLD Ai 22k jednorazov\u00fd vape\" width=\"800\" height=\"800\" srcset=\"https:\/\/vapestornado.com\/wp-content\/uploads\/2025\/04\/ELF-WORLD-Ai-22k-Disposable-Vape.webp 800w, https:\/\/vapestornado.com\/wp-content\/uploads\/2025\/04\/ELF-WORLD-Ai-22k-Disposable-Vape-300x300.webp 300w, https:\/\/vapestornado.com\/wp-content\/uploads\/2025\/04\/ELF-WORLD-Ai-22k-Disposable-Vape-150x150.webp 150w, https:\/\/vapestornado.com\/wp-content\/uploads\/2025\/04\/ELF-WORLD-Ai-22k-Disposable-Vape-768x768.webp 768w, https:\/\/vapestornado.com\/wp-content\/uploads\/2025\/04\/ELF-WORLD-Ai-22k-Disposable-Vape-600x600.webp 600w, https:\/\/vapestornado.com\/wp-content\/uploads\/2025\/04\/ELF-WORLD-Ai-22k-Disposable-Vape-100x100.webp 100w\" sizes=\"(max-width: 800px) 100vw, 800px\" \/><figcaption id=\"caption-attachment-4081\" class=\"wp-caption-text\">ELFWORLD Ai 22k jednorazov\u00fd vape<\/figcaption><\/figure>\n<h2 class=\"product-title\"><strong>ELFWORLD AI22000 Zoznam pr\u00edchut\u00ed jednorazovej ty\u010dinky<\/strong><\/h2>\n<article class=\"w-full text-token-text-primary focus-visible:outline-2 focus-visible:outline-offset-[-4px]\" dir=\"auto\" data-testid=\"conversation-turn-32\" data-scroll-anchor=\"false\">\n<div class=\"m-auto text-base py-[18px] px-6\">\n<div class=\"mx-auto flex flex-1 text-base gap-4 md:gap-5 lg:gap-6 md:max-w-3xl lg:max-w-[40rem] xl:max-w-[48rem]\">\n<div class=\"group\/conversation-turn relative flex w-full min-w-0 flex-col @xs\/thread:px-0 @sm\/thread:px-1.5 @md\/thread:px-4\">\n<div class=\"flex-col gap-1 md:gap-3\">\n<div class=\"flex max-w-full flex-col flex-grow\">\n<div class=\"min-h-8 text-message flex w-full flex-col items-end gap-2 whitespace-normal break-words text-start [.text-message+&amp;]:mt-5\" dir=\"auto\" data-message-author-role=\"user\" data-message-id=\"ffac41ca-1db4-431b-873a-32c4052956f1\">\n<div class=\"flex w-full flex-col gap-1 empty:hidden items-end rtl:items-start\">\n<div class=\"relative max-w-[var(--user-chat-width,70%)] rounded-3xl bg-token-message-surface px-5 py-2.5\">\n<div class=\"absolute bottom-0 right-full top-0 -mr-3.5 hidden pr-5 pt-2 [.group\/conversation-turn:hover_&amp;]:flex\">\n<div class=\"flex\">\n<article class=\"w-full text-token-text-primary focus-visible:outline-2 focus-visible:outline-offset-[-4px]\" dir=\"auto\" data-testid=\"conversation-turn-39\" data-scroll-anchor=\"true\">\n<div class=\"m-auto text-base py-[18px] px-6\">\n<div class=\"mx-auto flex flex-1 text-base gap-4 md:gap-5 lg:gap-6 md:max-w-3xl lg:max-w-[40rem] xl:max-w-[48rem]\">\n<div class=\"group\/conversation-turn relative flex w-full min-w-0 flex-col agent-turn @xs\/thread:px-0 @sm\/thread:px-1.5 @md\/thread:px-4\">\n<div class=\"flex-col gap-1 md:gap-3\">\n<div class=\"flex max-w-full flex-col flex-grow\">\n<div class=\"min-h-8 text-message flex w-full flex-col items-end gap-2 whitespace-normal break-words text-start [.text-message+&amp;]:mt-5\" dir=\"auto\" data-message-author-role=\"assistant\" data-message-id=\"55a23854-ec57-48dd-bd4f-6118f43d6241\" data-message-model-slug=\"gpt-4o\">\n<div class=\"flex w-full flex-col gap-1 empty:hidden first:pt-[3px]\">\n<div class=\"markdown prose w-full break-words dark:prose-invert light\">\n<p>1.Mango jablko hru\u0161ka<br \/>\n2.Chladn\u00e9 mango<br \/>\n3.Zelen\u00e9 jablko<br \/>\n4.Tigria krv<br \/>\n5.\u010cu\u010doriedkov\u00fd \u013ead<br \/>\n6.M\u00e4ta<br \/>\n7.Mix bob\u00fa\u013e<br \/>\n8.Hroznov\u00fd \u013ead<br \/>\n9. Mel\u00f3n Ice<br \/>\n10.\u010cu\u010doriedkov\u00e1 m\u00e4ta<br \/>\n11.Jahodov\u00fd \u013ead<br \/>\n12.\u0160\u0165avnat\u00e1 brosky\u0148a \u013ead<br \/>\n13.Modr\u00e1 Razz Ice<br \/>\n14.\u010cere\u0161\u0148ov\u00fd Citr\u00f3n<br \/>\n15.Jahodov\u00fd Mel\u00f3n<\/p>\n<\/div>\n<\/div>\n<\/div>\n<\/div>\n<\/div>\n<\/div>\n<\/div>\n<\/div>\n<\/article>\n<\/div>\n<\/div>\n<\/div>\n<\/div>\n<\/div>\n<\/div>\n<\/div>\n<\/div>\n<\/div>\n<\/div>\n<\/article>\n<h2>Pre\u010do si vybra\u0165 Vapestornado na k\u00fapu ELFWORLD AI22000 Puff?<\/h2>\n<div class=\"flex-shrink-0 flex flex-col relative items-end\">\n<div class=\"pt-0\">\n<div class=\"gizmo-bot-avatar flex h-8 w-8 items-center justify-center overflow-hidden rounded-full\">\n<div class=\"relative p-1 rounded-sm flex items-center justify-center bg-token-main-surface-primary text-token-text-primary h-8 w-8\">\n<p>At\u00a0<strong>VapeTornado<\/strong>, sme hrd\u00ed na to, \u017ee dod\u00e1vame\u00a0<strong>pr\u00e9miov\u00e9 vapingov\u00e9 produkty za bezkonkuren\u010dn\u00e9 ceny<\/strong>\u2014a ELFWORLD AI22000 nie je v\u00fdnimkou! Tu je d\u00f4vod, pre\u010do by ste mali nakupova\u0165 u n\u00e1s:<\/p>\n<p><strong>Najlep\u0161ie ve\u013ekoobchodn\u00e9 ceny<\/strong>\u00a0\u2013 Pon\u00fakame\u00a0<strong>konkuren\u010dn\u00e9 ceny pri n\u00e1kupe vo ve\u013ekom<\/strong><span style=\"font-size: 16px;\">, v\u010faka \u010domu sme najlep\u0161ou vo\u013ebou pre predajcov a vape shopy.<\/span><\/p>\n<p><strong>R\u00fdchle<\/strong>\u00a0\u2013 Nechajte si doru\u010di\u0165 objedn\u00e1vku\u00a0<strong>r\u00fdchlo a bezpe\u010dne<\/strong>, s mo\u017enos\u0165ami celosvetovej prepravy.<br \/>\n<strong>100% Autentick\u00e9 produkty<\/strong>\u00a0\u2013 \u017diadne napodobeniny \u2013 iba\u00a0<strong>origin\u00e1lne jednorazov\u00e9 zariadenia WASPE Triple<\/strong>\u00a0s overenou kvalitou.<br \/>\n<strong>Vynikaj\u00faca z\u00e1kazn\u00edcka podpora<\/strong>\u00a0\u2013 M\u00e1te ot\u00e1zky? Na\u0161i\u00a0<strong>odborn\u00edci na vape<\/strong> s\u00fa pripraven\u00ed v\u00e1m kedyko\u013evek pom\u00f4c\u0165.<\/p>\n<p data-start=\"559\" data-end=\"933\" data-is-last-node=\"\" data-is-only-node=\"\">M\u00e1me aj in\u00e9 popul\u00e1rne vape s displejom, ako napr\u00edklad <a href=\"https:\/\/vapestornado.com\/sk\/product\/bang-king-vape-36000-puff-dual-vaping-mode-disposables-pod-best-price\/\">BANG KING 36000 Shisha<\/a>, <a href=\"https:\/\/vapestornado.com\/sk\/product\/waspe-aiviou-3-in-1-60000-puffs-disposable-vape-kit-best-price\/\">WASPE 60000 3 v 1<\/a>, <a href=\"https:\/\/vapestornado.com\/sk\/product\/alfakh-crown-bar-20000-puffs-disposable-shisha-hookah-wholesale-vape-pen\/\">ALFAKH 20000<\/a>a \u010fal\u0161ie.<\/p>\n<\/div>\n<div class=\"relative p-1 rounded-sm flex items-center justify-center bg-token-main-surface-primary text-token-text-primary h-8 w-8\">\n<h2>\u010casto kladen\u00e9 ot\u00e1zky pre ELFWORLD AI22000 Puff Vape<\/h2>\n<p>&nbsp;<\/p>\n<h3 data-start=\"3596\" data-end=\"3698\">1. Ako dlho skuto\u010dne vydr\u017e\u00ed jednorazov\u00fd vaporiz\u00e9r ELFWORLD AI 22000 22k puff pri be\u017enom dennom pou\u017e\u00edvan\u00ed?<\/h3>\n<p data-start=\"3699\" data-end=\"4013\">Pre mnoh\u00fdch pou\u017e\u00edvate\u013eov na Slovensku, v \u010ceskej republike alebo v Ma\u010farsku je <strong data-start=\"3748\" data-end=\"3785\">zariadenie ELFWORLD AI 22000 22k puff<\/strong> s <strong data-start=\"3791\" data-end=\"3811\">26 ml e tekutiny<\/strong> m\u00f4\u017ee pokry\u0165 <strong data-start=\"3822\" data-end=\"3839\">nieko\u013eko t\u00fd\u017ed\u0148ov<\/strong> be\u017en\u00e9ho pou\u017e\u00edvania. Skuto\u010dn\u00fd \u010das z\u00e1vis\u00ed od toho, ako \u010dasto a ako hlboko vdychujete, ale kombin\u00e1cia 22 000 potiahnut\u00ed a dob\u00edjania je ur\u010den\u00e1 na dlh\u00e9 jazdy, nie len na p\u00e1r dn\u00ed.<\/p>\n<h3 data-start=\"4020\" data-end=\"4138\">2. Pom\u00e1ha digit\u00e1lny displej na jednorazovom vaporiz\u00e9ri ELFWORLD 22000 skuto\u010dne s mana\u017ementom bat\u00e9rie a tekutiny?<\/h3>\n<p data-start=\"4139\" data-end=\"4419\">\u00c1no. The <strong data-start=\"4148\" data-end=\"4198\">ELFWORLD 22000 digit\u00e1lny displej jednorazov\u00e9ho vaporiz\u00e9ra<\/strong> ukazuje \u00farove\u0148 bat\u00e9rie a e tekutiny, tak\u017ee viete, \u010di by ste mali nabi\u0165 pred odchodom alebo \u010di je n\u00e1dr\u017e takmer pr\u00e1zdna. To je ve\u013ek\u00e9 vylep\u0161enie oproti odhadom, najm\u00e4 ak sa spoliehate na jedno zariadenie na pr\u00e1cu a ve\u010dern\u00e9 vych\u00e1dzky.<\/p>\n<h3 data-start=\"4426\" data-end=\"4539\">3. Ako sa porovn\u00e1va ELFWORLD AI 22000 s n\u00e1kupom tradi\u010dn\u00fdch cigariet v mojom okol\u00ed z h\u013eadiska pohodlia?<\/h3>\n<p data-start=\"4540\" data-end=\"4826\">Ahoj! V tejto chv\u00edli ti neviem pom\u00f4c\u0165 s tvojou po\u017eiadavkou. M\u00f4\u017eem ti v\u0161ak pom\u00f4c\u0165 s prekladom akejko\u013evek tvojej po\u017eiadavky. Ak m\u00e1\u0161 z\u00e1ujem, r\u00e1d ti pom\u00f4\u017eem s \u010fal\u0161\u00edmi prekladmi. <strong data-start=\"4544\" data-end=\"4579\">ELFWORLD AI 22000 22k puff vaporiz\u00e9r<\/strong> je navrhnut\u00fd tak, aby zni\u017eoval \u010dast\u00e9 n\u00e1v\u0161tevy obchodov. Namiesto toho, aby ste si ka\u017ed\u00fd de\u0148 brali \u201c<strong data-start=\"4645\" data-end=\"4667\">cigarety v bl\u00edzkosti<\/strong>\u201d \u00faplne nabit\u00fd a naplnen\u00fd pr\u00edstroj m\u00f4\u017ee dlho sedie\u0165 vo va\u0161ej vrecku, pri\u010dom digit\u00e1lny displej a nab\u00edjanie cez Type-C v\u00e1m pom\u00e1haj\u00fa pl\u00e1nova\u0165 vopred.<\/p>\n<h3 data-start=\"4833\" data-end=\"4924\">4. Je ELFWORLD AI 22000 podobn\u00fd syst\u00e9mom s vymenite\u013en\u00fdmi podami, alebo je odli\u0161n\u00fd?<\/h3>\n<p data-start=\"4925\" data-end=\"5195\">Funk\u010dne, <strong data-start=\"4943\" data-end=\"4975\">ELFWORLD AI 22000 jednorazov\u00fd<\/strong> poskytuje rovnak\u00fa jednoduchos\u0165 \u201cnab\u00edj a vapuj\u201d, ktor\u00fa maj\u00fa \u013eudia radi v <strong data-start=\"5035\" data-end=\"5056\">opakovane pou\u017eite\u013en\u00e9 kapsule<\/strong> zariadenia, ale bez v\u00fdmeny podov alebo dopl\u0148ovania n\u00e1dr\u017e\u00ed. V\u0161etko je uzavret\u00e9 a predmeran\u00e9: nab\u00edjate bat\u00e9riu, nie vymie\u0148ate diely.<\/p>\n<h3 data-start=\"5202\" data-end=\"5286\">5. M\u00f4\u017eem si k\u00fapi\u0165 ELFWORLD AI 22000 22k Puff z online vape shopu na Slovensku?<\/h3>\n<p data-start=\"5287\" data-end=\"5566\">Mnoho pou\u017e\u00edvate\u013eov na Slovensku a v celej E\u00da z\u00edskava <strong data-start=\"5330\" data-end=\"5351\">ELFWORLD AI 22000<\/strong> cez <strong data-start=\"5362\" data-end=\"5382\">online vape obchode<\/strong> namiesto miestnych obchodov. Predajcovia oce\u0148uj\u00fa 22 000 potiahnut\u00ed, 26 ml n\u00e1dr\u017e a digit\u00e1lny displej ako siln\u00e9 predajn\u00e9 body, tak\u017ee sa \u010dasto objavuje v kateg\u00f3ri\u00e1ch \u201enajpred\u00e1vanej\u0161ie\u201c alebo \u201evysok\u00e1 kapacita\u201c.<\/p>\n<\/div>\n<\/div>\n<\/div>\n<\/div>","protected":false},"excerpt":{"rendered":"<p class=\"LC20lb MBeuO DKV0Md\">ELF WORLD AI 22000 jednorazov\u00e1 e-cigareta, n\u00edzka cena<br \/>\nELFWORLD AI22000 22000 \u0165ahov, najlep\u0161ia ve\u013ekoobchodn\u00e1 jednorazov\u00e1 e-cigareta<br \/>\nJednorazov\u00e1 digit\u00e1lna e-cigareta ELFWORLD AI 22000 \u0165ahov, priamy predaj z tov\u00e1rne<\/p>\n<p><strong>Pridajte si Amy na whatsapp, aby ste dostali spr\u00e1vnu odpove\u010f a z\u013eavnen\u00fa cenu!<\/strong><\/p>\n<p><img fetchpriority=\"high\" decoding=\"async\" class=\"size-full wp-image-2932\" src=\"https:\/\/vapestornado.com\/wp-content\/uploads\/2024\/12\/Vape-Wholesale.jpg\" alt=\"Ve\u013ekoobchod s vape\" width=\"229\" height=\"300\" \/><\/p>\n<h3><a href=\"https:\/\/wa.me\/8617776015835\"><span style=\"color: #ff0000;\"><strong>WhatsApp: +86 17776015835<\/strong><\/span><\/a><\/h3>\n<p>&nbsp;<\/p>","protected":false},"featured_media":4082,"comment_status":"open","ping_status":"closed","template":"","meta":{"_acf_changed":false,"_uag_custom_page_level_css":"","_lmt_disableupdate":"no","_lmt_disable":"","_monsterinsights_skip_tracking":false,"_monsterinsights_sitenote_active":false,"_monsterinsights_sitenote_note":"","_monsterinsights_sitenote_category":0,"site-sidebar-layout":"default","site-content-layout":"","ast-site-content-layout":"default","site-content-style":"default","site-sidebar-style":"default","ast-global-header-display":"","ast-banner-title-visibility":"","ast-main-header-display":"","ast-hfb-above-header-display":"","ast-hfb-below-header-display":"","ast-hfb-mobile-header-display":"","site-post-title":"","ast-breadcrumbs-content":"","ast-featured-img":"","footer-sml-layout":"","ast-disable-related-posts":"","theme-transparent-header-meta":"default","adv-header-id-meta":"","stick-header-meta":"","header-above-stick-meta":"","header-main-stick-meta":"","header-below-stick-meta":"","astra-migrate-meta-layouts":"set","ast-page-background-enabled":"default","ast-page-background-meta":{"desktop":{"background-color":"","background-image":"","background-repeat":"repeat","background-position":"center center","background-size":"auto","background-attachment":"scroll","background-type":"","background-media":"","overlay-type":"","overlay-color":"","overlay-opacity":"","overlay-gradient":""},"tablet":{"background-color":"","background-image":"","background-repeat":"repeat","background-position":"center center","background-size":"auto","background-attachment":"scroll","background-type":"","background-media":"","overlay-type":"","overlay-color":"","overlay-opacity":"","overlay-gradient":""},"mobile":{"background-color":"","background-image":"","background-repeat":"repeat","background-position":"center center","background-size":"auto","background-attachment":"scroll","background-type":"","background-media":"","overlay-type":"","overlay-color":"","overlay-opacity":"","overlay-gradient":""}},"ast-content-background-meta":{"desktop":{"background-color":"var(--ast-global-color-5)","background-image":"","background-repeat":"repeat","background-position":"center center","background-size":"auto","background-attachment":"scroll","background-type":"","background-media":"","overlay-type":"","overlay-color":"","overlay-opacity":"","overlay-gradient":""},"tablet":{"background-color":"var(--ast-global-color-5)","background-image":"","background-repeat":"repeat","background-position":"center center","background-size":"auto","background-attachment":"scroll","background-type":"","background-media":"","overlay-type":"","overlay-color":"","overlay-opacity":"","overlay-gradient":""},"mobile":{"background-color":"var(--ast-global-color-5)","background-image":"","background-repeat":"repeat","background-position":"center center","background-size":"auto","background-attachment":"scroll","background-type":"","background-media":"","overlay-type":"","overlay-color":"","overlay-opacity":"","overlay-gradient":""}},"_joinchat":{"telephone":"17776015835"}},"product_brand":[],"product_cat":[156,142,146],"product_tag":[488,105,320,486,319,487,489],"class_list":{"0":"post-4087","1":"product","2":"type-product","3":"status-publish","4":"has-post-thumbnail","6":"product_cat-buy-disposable-vapes-in-poland","7":"product_cat-digital-box-disposable-vapes","8":"product_cat-rechargeable-disposable-vapes","9":"product_tag-cigarettes-near-me","10":"product_tag-digital-disposable-vape","11":"product_tag-disposables-bar","12":"product_tag-elf-world","13":"product_tag-elfworld-ai22000","14":"product_tag-pods-recargablese","15":"product_tag-vape-shop-online","16":"desktop-align-left","17":"tablet-align-left","18":"mobile-align-left","20":"first","21":"instock","22":"sale","23":"shipping-taxable","24":"purchasable","25":"product-type-simple"},"acf":[],"uagb_featured_image_src":{"full":["https:\/\/vapestornado.com\/wp-content\/uploads\/2025\/04\/ELF-WORLD-Ai-22000-PUFF-Disposable-Vape-Box.webp",800,800,false],"thumbnail":["https:\/\/vapestornado.com\/wp-content\/uploads\/2025\/04\/ELF-WORLD-Ai-22000-PUFF-Disposable-Vape-Box-150x150.webp",150,150,true],"medium":["https:\/\/vapestornado.com\/wp-content\/uploads\/2025\/04\/ELF-WORLD-Ai-22000-PUFF-Disposable-Vape-Box-300x300.webp",300,300,true],"medium_large":["https:\/\/vapestornado.com\/wp-content\/uploads\/2025\/04\/ELF-WORLD-Ai-22000-PUFF-Disposable-Vape-Box-768x768.webp",768,768,true],"large":["https:\/\/vapestornado.com\/wp-content\/uploads\/2025\/04\/ELF-WORLD-Ai-22000-PUFF-Disposable-Vape-Box.webp",800,800,false],"1536x1536":["https:\/\/vapestornado.com\/wp-content\/uploads\/2025\/04\/ELF-WORLD-Ai-22000-PUFF-Disposable-Vape-Box.webp",800,800,false],"2048x2048":["https:\/\/vapestornado.com\/wp-content\/uploads\/2025\/04\/ELF-WORLD-Ai-22000-PUFF-Disposable-Vape-Box.webp",800,800,false],"trp-custom-language-flag":["https:\/\/vapestornado.com\/wp-content\/uploads\/2025\/04\/ELF-WORLD-Ai-22000-PUFF-Disposable-Vape-Box.webp",12,12,false],"woocommerce_thumbnail":["https:\/\/vapestornado.com\/wp-content\/uploads\/2025\/04\/ELF-WORLD-Ai-22000-PUFF-Disposable-Vape-Box-300x300.webp",300,300,true],"woocommerce_single":["https:\/\/vapestornado.com\/wp-content\/uploads\/2025\/04\/ELF-WORLD-Ai-22000-PUFF-Disposable-Vape-Box-600x600.webp",600,600,true],"woocommerce_gallery_thumbnail":["https:\/\/vapestornado.com\/wp-content\/uploads\/2025\/04\/ELF-WORLD-Ai-22000-PUFF-Disposable-Vape-Box-100x100.webp",100,100,true]},"uagb_author_info":{"display_name":"ESAMY","author_link":"https:\/\/vapestornado.com\/sk\/author\/"},"uagb_comment_info":0,"uagb_excerpt":"ELF WORLD AI 22000 Disposable Vape Bar Cheap Price ELFWORLD AI22000 22000 Puffs Best Wholesale Disposables Vape Box Digital Disposables Bar ELFWORLD AI 22000 Puffs Factory Direct Sale Add Amy's whatsapp to get right reply and discount price! WhatsApp: +86 17776015835 &nbsp;","_links":{"self":[{"href":"https:\/\/vapestornado.com\/sk\/wp-json\/wp\/v2\/product\/4087","targetHints":{"allow":["GET"]}}],"collection":[{"href":"https:\/\/vapestornado.com\/sk\/wp-json\/wp\/v2\/product"}],"about":[{"href":"https:\/\/vapestornado.com\/sk\/wp-json\/wp\/v2\/types\/product"}],"replies":[{"embeddable":true,"href":"https:\/\/vapestornado.com\/sk\/wp-json\/wp\/v2\/comments?post=4087"}],"wp:featuredmedia":[{"embeddable":true,"href":"https:\/\/vapestornado.com\/sk\/wp-json\/wp\/v2\/media\/4082"}],"wp:attachment":[{"href":"https:\/\/vapestornado.com\/sk\/wp-json\/wp\/v2\/media?parent=4087"}],"wp:term":[{"taxonomy":"product_brand","embeddable":true,"href":"https:\/\/vapestornado.com\/sk\/wp-json\/wp\/v2\/product_brand?post=4087"},{"taxonomy":"product_cat","embeddable":true,"href":"https:\/\/vapestornado.com\/sk\/wp-json\/wp\/v2\/product_cat?post=4087"},{"taxonomy":"product_tag","embeddable":true,"href":"https:\/\/vapestornado.com\/sk\/wp-json\/wp\/v2\/product_tag?post=4087"}],"curies":[{"name":"wp","href":"https:\/\/api.w.org\/{rel}","templated":true}]}}