{"id":4056,"date":"2025-04-02T09:32:30","date_gmt":"2025-04-02T09:32:30","guid":{"rendered":"https:\/\/vapestornado.com\/?post_type=product&#038;p=4056"},"modified":"2025-08-23T12:03:58","modified_gmt":"2025-08-23T12:03:58","slug":"elfbar-planet-25000-wholesale-disposable-vape-kit-with-digital-screen","status":"publish","type":"product","link":"https:\/\/vapestornado.com\/sk\/product\/elfbar-planet-25000-wholesale-disposable-vape-kit-with-digital-screen\/","title":{"rendered":"ELFBAR Planet 25000 Jednorazov\u00e1 s\u00faprava Vape s digit\u00e1lnym displejom"},"content":{"rendered":"<h1 data-pm-slice=\"1 1 []\">ELFBAR Planet 25000 Jednorazov\u00e1 s\u00faprava Vape s digit\u00e1lnym displejom<\/h1>\n<p class=\"\" data-start=\"105\" data-end=\"610\">Ahoj! V tejto chv\u00edli ti neviem pom\u00f4c\u0165 s tvojou po\u017eiadavkou. M\u00f4\u017eem ti v\u0161ak pom\u00f4c\u0165 s prekladom akejko\u013evek tvojej po\u017eiadavky. Ak m\u00e1\u0161 z\u00e1ujem, r\u00e1d ti pom\u00f4\u017eem s \u010fal\u0161\u00edmi prekladmi. <strong data-start=\"303\" data-end=\"342\">ELFBAR Planet 25000 Jednorazov\u00e1 Vape<\/strong> je ur\u010den\u00fd pre ve\u013ekoobchodn\u00edkov a maloobchodn\u00edkov, ktor\u00ed h\u013eadaj\u00fa pr\u00e9miov\u00e9 zariadenie s dlhou \u017eivotnos\u0165ou a modern\u00fdmi funkciami. Poskytuje a\u017e <strong data-start=\"460\" data-end=\"476\">25 000 \u0165ahov<\/strong>, je predplnen\u00fd s <strong data-start=\"503\" data-end=\"523\">18 ml e-liquidu<\/strong> s 5% obsahom nikot\u00ednu, \u010do zais\u0165uje hladk\u00fd a v\u00fdrazn\u00fd z\u00e1\u017eitok z vapovania.<\/p>\n<p>Jeho <strong data-start=\"608\" data-end=\"631\">digit\u00e1lnym LED displejom<\/strong> poskytuje pou\u017e\u00edvate\u013eom aktu\u00e1lne inform\u00e1cie o stave bat\u00e9rie a hladine e-liquidu, zatia\u013e \u010do <strong data-start=\"700\" data-end=\"739\">nastavite\u013en\u00e9 nastavenia v\u00fdkonu (13W\u201325W)<\/strong> poskytuj\u00fa flexibilitu pre intenzitu chuti aj produkciu oblakov. Poh\u00e1\u0148an\u00fd <strong data-start=\"822\" data-end=\"853\">800mAh nab\u00edjate\u013en\u00e1 bat\u00e9ria<\/strong> s r\u00fdchlym <strong data-start=\"864\" data-end=\"883\">Nab\u00edjanie typu C<\/strong>, ELFBAR Planet zaru\u010duje spo\u013eahliv\u00fd v\u00fdkon.<\/p>\n<p>V\u010faka svojmu elegantn\u00e9mu dizajnu, <strong data-start=\"968\" data-end=\"993\">syst\u00e9mu s du\u00e1lnou sie\u0165ovou cievkou<\/strong>, a konkurencieschopn\u00fdm <strong data-start=\"1011\" data-end=\"1032\">ve\u013ekoobchodn\u00fdmi cenami<\/strong>, je toto zariadenie ziskov\u00fdm pr\u00edrastkom pre distrib\u00fatorov vape a majite\u013eov obchodov, ktor\u00ed chc\u00fa pon\u00faknu\u0165 jednorazov\u00e9 zariadenie s vysokou kapacitou, \u0161t\u00fdlom a obsahom.<\/p>\n<p data-start=\"666\" data-end=\"1235\"><strong style=\"font-size: 16px;\"><span style=\"color: #ff0000;\">Pridajte si Amy na WhatsApp, aby ste dostali spr\u00e1vnu odpove\u010f a z\u013eavnen\u00fa cenu!<\/span><\/strong><\/p>\n<p><img fetchpriority=\"high\" decoding=\"async\" class=\"size-full wp-image-2932\" src=\"https:\/\/vapestornado.com\/wp-content\/uploads\/2024\/12\/Vape-Wholesale.jpg\" alt=\"Ve\u013ekoobchod s vape\" width=\"229\" height=\"300\" \/><\/p>\n<h3><a href=\"https:\/\/wa.me\/8617776015835\" target=\"_blank\" rel=\"noopener\"><span style=\"color: #ff0000;\"><strong>WhatsApp: +86 17776015835<\/strong><\/span><\/a><\/h3>\n<p>&nbsp;<\/p>\n<h2><strong>ELFBAR Planet 25000 K\u013e\u00fa\u010dov\u00e9 vlastnosti produktu<\/strong><\/h2>\n<p>Zna\u010dka: Elf Bar<br \/>\nModel: PLANET 25000<br \/>\nPotiahnut\u00ed: 25000<br \/>\nSila nikot\u00ednu: 5% (50 mg)<br \/>\nObjem tekutiny: 18 ml<br \/>\nBat\u00e9ria<br \/>\nKapacita bat\u00e9rie: 800 mAh<br \/>\nModern\u00e9 nab\u00edjanie cez USB-C<br \/>\nNastavite\u013en\u00fd v\u00fdkon<\/p>\n<h2 class=\"product-title\"><strong>Zoznam pr\u00edchut\u00ed jednorazov\u00fdch elektronick\u00fdch cigariet ELF BAR Planet 25000<\/strong><\/h2>\n<article class=\"w-full text-token-text-primary focus-visible:outline-2 focus-visible:outline-offset-[-4px]\" dir=\"auto\" data-testid=\"conversation-turn-32\" data-scroll-anchor=\"false\">\n<div class=\"m-auto text-base py-[18px] px-6\">\n<div class=\"mx-auto flex flex-1 text-base gap-4 md:gap-5 lg:gap-6 md:max-w-3xl lg:max-w-[40rem] xl:max-w-[48rem]\">\n<div class=\"group\/conversation-turn relative flex w-full min-w-0 flex-col @xs\/thread:px-0 @sm\/thread:px-1.5 @md\/thread:px-4\">\n<div class=\"flex-col gap-1 md:gap-3\">\n<div class=\"flex max-w-full flex-col flex-grow\">\n<div class=\"min-h-8 text-message flex w-full flex-col items-end gap-2 whitespace-normal break-words text-start [.text-message+&amp;]:mt-5\" dir=\"auto\" data-message-author-role=\"user\" data-message-id=\"ffac41ca-1db4-431b-873a-32c4052956f1\">\n<div class=\"flex w-full flex-col gap-1 empty:hidden items-end rtl:items-start\">\n<div class=\"relative max-w-[var(--user-chat-width,70%)] rounded-3xl bg-token-message-surface px-5 py-2.5\">\n<div class=\"absolute bottom-0 right-full top-0 -mr-3.5 hidden pr-5 pt-2 [.group\/conversation-turn:hover_&amp;]:flex\">\n<div class=\"flex\">\n<article class=\"w-full text-token-text-primary focus-visible:outline-2 focus-visible:outline-offset-[-4px]\" dir=\"auto\" data-testid=\"conversation-turn-39\" data-scroll-anchor=\"true\">\n<div class=\"m-auto text-base py-[18px] px-6\">\n<div class=\"mx-auto flex flex-1 text-base gap-4 md:gap-5 lg:gap-6 md:max-w-3xl lg:max-w-[40rem] xl:max-w-[48rem]\">\n<div class=\"group\/conversation-turn relative flex w-full min-w-0 flex-col agent-turn @xs\/thread:px-0 @sm\/thread:px-1.5 @md\/thread:px-4\">\n<div class=\"flex-col gap-1 md:gap-3\">\n<div class=\"flex max-w-full flex-col flex-grow\">\n<div class=\"min-h-8 text-message flex w-full flex-col items-end gap-2 whitespace-normal break-words text-start [.text-message+&amp;]:mt-5\" dir=\"auto\" data-message-author-role=\"assistant\" data-message-id=\"55a23854-ec57-48dd-bd4f-6118f43d6241\" data-message-model-slug=\"gpt-4o\">\n<div class=\"flex w-full flex-col gap-1 empty:hidden first:pt-[3px]\">\n<div class=\"markdown prose w-full break-words dark:prose-invert light\">\n<p>1 Mel\u00f3n<br \/>\n2 Hrozno<br \/>\n3 Dvojit\u00e9 jablko<br \/>\n4 Modr\u00e1 malina s \u013eadom<br \/>\n5 Grapefruitov\u00fd zelen\u00fd \u010daj<br \/>\n6 Jazm\u00ednov\u00e1 malina<br \/>\n7 Biely brosky\u0148ov\u00fd Baja Splash<br \/>\n8 Mel\u00f3nov\u00e1 \u010dere\u0161\u0148a<br \/>\n9 Kysl\u00e1 \u010dernica a \u010du\u010doriedka<br \/>\n10 \u010cere\u0161\u0148ov\u00e1 limetka<br \/>\n11 Anan\u00e1sov\u00fd mel\u00f3n<br \/>\n12 Anan\u00e1sov\u00e1 marakuja Baja<br \/>\n13 Jahodov\u00e1 brosky\u0148a+<br \/>\n14 Brusnicovo-pomaran\u010dov\u00fd Baja Splash<br \/>\n15 Dvojit\u00e1 brosky\u0148ov\u00e1 limetka<br \/>\n16 Tropick\u00fd d\u00fahov\u00fd v\u00fdbuch<\/p>\n<figure id=\"attachment_4055\" aria-describedby=\"caption-attachment-4055\" style=\"width: 800px\" class=\"wp-caption alignnone\"><img decoding=\"async\" class=\"wp-image-4055 size-full\" src=\"https:\/\/vapestornado.com\/wp-content\/uploads\/2025\/04\/ELFBAR-Planet-25000-Wholesale-Price.webp\" alt=\"Ve\u013ekoobchodn\u00e1 cena ELFBAR Planet 25000\" width=\"800\" height=\"800\" srcset=\"https:\/\/vapestornado.com\/wp-content\/uploads\/2025\/04\/ELFBAR-Planet-25000-Wholesale-Price.webp 800w, https:\/\/vapestornado.com\/wp-content\/uploads\/2025\/04\/ELFBAR-Planet-25000-Wholesale-Price-300x300.webp 300w, https:\/\/vapestornado.com\/wp-content\/uploads\/2025\/04\/ELFBAR-Planet-25000-Wholesale-Price-150x150.webp 150w, https:\/\/vapestornado.com\/wp-content\/uploads\/2025\/04\/ELFBAR-Planet-25000-Wholesale-Price-768x768.webp 768w, https:\/\/vapestornado.com\/wp-content\/uploads\/2025\/04\/ELFBAR-Planet-25000-Wholesale-Price-600x600.webp 600w, https:\/\/vapestornado.com\/wp-content\/uploads\/2025\/04\/ELFBAR-Planet-25000-Wholesale-Price-100x100.webp 100w\" sizes=\"(max-width: 800px) 100vw, 800px\" \/><figcaption id=\"caption-attachment-4055\" class=\"wp-caption-text\">Ve\u013ekoobchodn\u00e1 cena ELFBAR Planet 25000<\/figcaption><\/figure>\n<\/div>\n<\/div>\n<\/div>\n<\/div>\n<\/div>\n<\/div>\n<\/div>\n<\/div>\n<\/article>\n<\/div>\n<\/div>\n<\/div>\n<\/div>\n<\/div>\n<\/div>\n<\/div>\n<\/div>\n<\/div>\n<\/div>\n<\/article>\n<h2>Pre\u010do si vybra\u0165 Vapestornado pre n\u00e1kup ELFBAR Planet 25000?<\/h2>\n<div class=\"flex-shrink-0 flex flex-col relative items-end\">\n<div class=\"pt-0\">\n<div class=\"gizmo-bot-avatar flex h-8 w-8 items-center justify-center overflow-hidden rounded-full\">\n<div class=\"relative p-1 rounded-sm flex items-center justify-center bg-token-main-surface-primary text-token-text-primary h-8 w-8\">\n<p>At\u00a0<strong>VapeTornado<\/strong>, sme hrd\u00ed na to, \u017ee dod\u00e1vame\u00a0<strong>pr\u00e9miov\u00e9 vapingov\u00e9 produkty za bezkonkuren\u010dn\u00e9 ceny<\/strong>\u2014a ELFBAR Planet 25000 nie je v\u00fdnimkou! Tu je d\u00f4vod, pre\u010do by ste mali nakupova\u0165 u n\u00e1s:<\/p>\n<p><strong>Najlep\u0161ie ve\u013ekoobchodn\u00e9 ceny<\/strong>\u00a0\u2013 Pon\u00fakame\u00a0<strong>konkuren\u010dn\u00e9 ceny pri n\u00e1kupe vo ve\u013ekom<\/strong><span style=\"font-size: 16px;\">, v\u010faka \u010domu sme najlep\u0161ou vo\u013ebou pre predajcov a vape shopy.<\/span><\/p>\n<p><strong>R\u00fdchle<\/strong>\u00a0\u2013 Nechajte si doru\u010di\u0165 objedn\u00e1vku\u00a0<strong>r\u00fdchlo a bezpe\u010dne<\/strong>, s mo\u017enos\u0165ami celosvetovej prepravy.<br \/>\n<strong>100% Autentick\u00e9 produkty<\/strong>\u00a0\u2013 \u017diadne napodobeniny \u2013 iba\u00a0<strong>origin\u00e1lne jednorazov\u00e9 zariadenia WASPE Triple<\/strong>\u00a0s overenou kvalitou.<br \/>\n<strong>Vynikaj\u00faca z\u00e1kazn\u00edcka podpora<\/strong>\u00a0\u2013 M\u00e1te ot\u00e1zky? Na\u0161i\u00a0<strong>odborn\u00edci na vape<\/strong> s\u00fa pripraven\u00ed v\u00e1m pom\u00f4c\u0165 24 hod\u00edn denne, 7 dn\u00ed v t\u00fd\u017edni.<\/p>\n<p data-start=\"559\" data-end=\"933\" data-is-last-node=\"\" data-is-only-node=\"\">M\u00e1me aj in\u00e9 popul\u00e1rne vape s displejom, ako napr\u00edklad <a href=\"https:\/\/vapestornado.com\/sk\/product\/vapme-goat-40000-puff-40k-hookah-shisha-pen-price-wholesale-e-cigarette\/\">Vapme Goat 40000 Shisha<\/a>, <a href=\"https:\/\/vapestornado.com\/sk\/product\/2025-new-vopk-ultra-40000-puffs-double-flavor-disposable-vape-factory-suppliers\/\">VOPK 40000 2 v 1 Jednorazov\u00e1 Vape<\/a>, <a href=\"https:\/\/vapestornado.com\/sk\/product\/bang-beach-22000-20k-puff-disposable-vape-pen-with-screen-reddit-hot\/\">Bang Beach 22000<\/a>a \u010fal\u0161ie.<\/p>\n<\/div>\n<div class=\"relative p-1 rounded-sm flex items-center justify-center bg-token-main-surface-primary text-token-text-primary h-8 w-8\">\n<h2>\u010cast\u00e9 ot\u00e1zky<\/h2>\n<h3 class=\"\" data-start=\"2124\" data-end=\"2138\"><\/h3>\n<ol data-start=\"2140\" data-end=\"3057\">\n<li class=\"\" data-start=\"2140\" data-end=\"2390\">\n<p class=\"\" data-start=\"2143\" data-end=\"2390\"><strong data-start=\"2143\" data-end=\"2209\">Ako nastav\u00edm nastavenia v\u00fdkonu na ELFBAR Planet 25000?<\/strong><br data-start=\"2209\" data-end=\"2212\" \/>Zariadenie obsahuje <strong data-start=\"2235\" data-end=\"2273\">nastavite\u013en\u00fd v\u00fdkon od 13 W do 25 W<\/strong>. Nastavenia v\u00fdkonu m\u00f4\u017eete upravi\u0165 pomocou <strong data-start=\"2320\" data-end=\"2352\">ovl\u00e1dacieho tla\u010didla v spodnej \u010dasti<\/strong> pre prisp\u00f4soben\u00fd z\u00e1\u017eitok z vapovania.<\/p>\n<\/li>\n<li class=\"\" data-start=\"2392\" data-end=\"2607\">\n<p class=\"\" data-start=\"2395\" data-end=\"2607\"><strong data-start=\"2395\" data-end=\"2450\">Ako dlho vydr\u017e\u00ed bat\u00e9ria ELFBAR Planet 25000?<\/strong><br data-start=\"2450\" data-end=\"2453\" \/>Ahoj! V tejto chv\u00edli ti neviem pom\u00f4c\u0165 s tvojou po\u017eiadavkou. M\u00f4\u017eem ti v\u0161ak pom\u00f4c\u0165 s prekladom akejko\u013evek tvojej po\u017eiadavky. Ak m\u00e1\u0161 z\u00e1ujem, r\u00e1d ti pom\u00f4\u017eem s \u010fal\u0161\u00edmi prekladmi. <strong data-start=\"2460\" data-end=\"2491\">800mAh nab\u00edjate\u013en\u00e1 bat\u00e9ria<\/strong> poskytuje dlhodob\u00e9 pou\u017e\u00edvanie a d\u00e1 sa \u013eahko <strong data-start=\"2532\" data-end=\"2555\">nabi\u0165 cez USB-C<\/strong>, v\u010faka \u010domu budete ma\u0165 energiu po cel\u00fd de\u0148.<\/p>\n<\/li>\n<li class=\"\" data-start=\"2609\" data-end=\"2842\">\n<p class=\"\" data-start=\"2612\" data-end=\"2842\"><strong data-start=\"2612\" data-end=\"2666\">Je ELFBAR Planet 25000 vhodn\u00fd pre milovn\u00edkov pr\u00edchut\u00ed?<\/strong><br data-start=\"2666\" data-end=\"2669\" \/>Samozrejme! S <strong data-start=\"2689\" data-end=\"2708\">dvojit\u00fdmi mesh \u0161pir\u00e1lkami<\/strong> a <strong data-start=\"2713\" data-end=\"2735\">nastavite\u013en\u00fd prietok vzduchu<\/strong>, prin\u00e1\u0161a <strong data-start=\"2749\" data-end=\"2776\">intenz\u00edvne, hladk\u00e9 chute<\/strong> a <strong data-start=\"2781\" data-end=\"2806\">bohat\u00fa produkciu pary<\/strong> pre vynikaj\u00faci z\u00e1\u017eitok z vapovania.<\/p>\n<\/li>\n<li class=\"\" data-start=\"2844\" data-end=\"3057\">\n<p class=\"\" data-start=\"2847\" data-end=\"3057\"><strong data-start=\"2847\" data-end=\"2898\">M\u00f4\u017eem si vzia\u0165 ELFBAR Planet 25000 na palubu lietadla?<\/strong><br data-start=\"2898\" data-end=\"2901\" \/>\u00c1no, ale mus\u00edte ho <strong data-start=\"2922\" data-end=\"2955\">ulo\u017ei\u0165 do pr\u00edru\u010dnej bato\u017einy<\/strong> pod\u013ea predpisov leteckej spolo\u010dnosti. <strong data-start=\"2984\" data-end=\"3054\">Nevkladajte ho do zap\u00edsanej bato\u017einy z d\u00f4vodu bezpe\u010dnosti bat\u00e9rie<\/strong>.<\/p>\n<\/li>\n<\/ol>\n<\/div>\n<\/div>\n<\/div>\n<\/div>","protected":false},"excerpt":{"rendered":"<p class=\"LC20lb MBeuO DKV0Md\">Ahoj! V tejto chv\u00edli ti neviem pom\u00f4c\u0165 s tvojou po\u017eiadavkou. M\u00f4\u017eem ti v\u0161ak pom\u00f4c\u0165 s prekladom akejko\u013evek tvojej po\u017eiadavky. Ak m\u00e1\u0161 z\u00e1ujem, r\u00e1d ti pom\u00f4\u017eem s \u010fal\u0161\u00edmi prekladmi. <strong data-start=\"1185\" data-end=\"1211\">ELFBAR Planet 25K Vaporiz\u00e9r<\/strong> poskytuje 25 000 potiahnut\u00ed, digit\u00e1lnu obrazovku a nastavite\u013en\u00fd v\u00fdkon \u2013 ide\u00e1lne pre <strong data-start=\"1284\" data-end=\"1309\">ve\u013ekoobchodn\u00e9 hromadn\u00e9 objedn\u00e1vky<\/strong> v Eur\u00f3pe.<br \/>\nDigit\u00e1lna Jednorazov\u00e1 Vape ELF BAR Planet 25000 Priama Cena z Tov\u00e1rne<\/p>\n<p><strong>Pridajte si Amy na whatsapp, aby ste dostali spr\u00e1vnu odpove\u010f a z\u013eavnen\u00fa cenu!<\/strong><\/p>\n<p><img fetchpriority=\"high\" decoding=\"async\" class=\"size-full wp-image-2932\" src=\"https:\/\/vapestornado.com\/wp-content\/uploads\/2024\/12\/Vape-Wholesale.jpg\" alt=\"Ve\u013ekoobchod s vape\" width=\"229\" height=\"300\" \/><\/p>\n<h3><a href=\"https:\/\/wa.me\/8617776015835\"><span style=\"color: #ff0000;\"><strong>WhatsApp: +86 17776015835<\/strong><\/span><\/a><\/h3>\n<p>&nbsp;<\/p>","protected":false},"featured_media":4050,"comment_status":"open","ping_status":"closed","template":"","meta":{"_acf_changed":false,"_uag_custom_page_level_css":"","_lmt_disableupdate":"no","_lmt_disable":"","_monsterinsights_skip_tracking":false,"_monsterinsights_sitenote_active":false,"_monsterinsights_sitenote_note":"","_monsterinsights_sitenote_category":0,"site-sidebar-layout":"default","site-content-layout":"","ast-site-content-layout":"default","site-content-style":"default","site-sidebar-style":"default","ast-global-header-display":"","ast-banner-title-visibility":"","ast-main-header-display":"","ast-hfb-above-header-display":"","ast-hfb-below-header-display":"","ast-hfb-mobile-header-display":"","site-post-title":"","ast-breadcrumbs-content":"","ast-featured-img":"","footer-sml-layout":"","ast-disable-related-posts":"","theme-transparent-header-meta":"default","adv-header-id-meta":"","stick-header-meta":"","header-above-stick-meta":"","header-main-stick-meta":"","header-below-stick-meta":"","astra-migrate-meta-layouts":"set","ast-page-background-enabled":"default","ast-page-background-meta":{"desktop":{"background-color":"","background-image":"","background-repeat":"repeat","background-position":"center center","background-size":"auto","background-attachment":"scroll","background-type":"","background-media":"","overlay-type":"","overlay-color":"","overlay-opacity":"","overlay-gradient":""},"tablet":{"background-color":"","background-image":"","background-repeat":"repeat","background-position":"center center","background-size":"auto","background-attachment":"scroll","background-type":"","background-media":"","overlay-type":"","overlay-color":"","overlay-opacity":"","overlay-gradient":""},"mobile":{"background-color":"","background-image":"","background-repeat":"repeat","background-position":"center center","background-size":"auto","background-attachment":"scroll","background-type":"","background-media":"","overlay-type":"","overlay-color":"","overlay-opacity":"","overlay-gradient":""}},"ast-content-background-meta":{"desktop":{"background-color":"var(--ast-global-color-5)","background-image":"","background-repeat":"repeat","background-position":"center center","background-size":"auto","background-attachment":"scroll","background-type":"","background-media":"","overlay-type":"","overlay-color":"","overlay-opacity":"","overlay-gradient":""},"tablet":{"background-color":"var(--ast-global-color-5)","background-image":"","background-repeat":"repeat","background-position":"center center","background-size":"auto","background-attachment":"scroll","background-type":"","background-media":"","overlay-type":"","overlay-color":"","overlay-opacity":"","overlay-gradient":""},"mobile":{"background-color":"var(--ast-global-color-5)","background-image":"","background-repeat":"repeat","background-position":"center center","background-size":"auto","background-attachment":"scroll","background-type":"","background-media":"","overlay-type":"","overlay-color":"","overlay-opacity":"","overlay-gradient":""}},"_joinchat":{"telephone":"17776015835"}},"product_brand":[],"product_cat":[68,156,254,146],"product_tag":[105,252,311,313,312],"class_list":{"0":"post-4056","1":"product","2":"type-product","3":"status-publish","4":"has-post-thumbnail","6":"product_cat-25000-puff","7":"product_cat-buy-disposable-vapes-in-poland","8":"product_cat-elf-bar-vape","9":"product_cat-rechargeable-disposable-vapes","10":"product_tag-digital-disposable-vape","11":"product_tag-elf-bar","12":"product_tag-elf-bar-planet-25000","13":"product_tag-vape-with-digital-screen","14":"product_tag-wholesale-disposable-vape-kit","15":"desktop-align-left","16":"tablet-align-left","17":"mobile-align-left","19":"first","20":"instock","21":"sale","22":"shipping-taxable","23":"purchasable","24":"product-type-simple"},"acf":[],"uagb_featured_image_src":{"full":["https:\/\/vapestornado.com\/wp-content\/uploads\/2025\/04\/ELF-BAR-Planet-25000-Disposable-Vape-Pen.webp",800,800,false],"thumbnail":["https:\/\/vapestornado.com\/wp-content\/uploads\/2025\/04\/ELF-BAR-Planet-25000-Disposable-Vape-Pen-150x150.webp",150,150,true],"medium":["https:\/\/vapestornado.com\/wp-content\/uploads\/2025\/04\/ELF-BAR-Planet-25000-Disposable-Vape-Pen-300x300.webp",300,300,true],"medium_large":["https:\/\/vapestornado.com\/wp-content\/uploads\/2025\/04\/ELF-BAR-Planet-25000-Disposable-Vape-Pen-768x768.webp",768,768,true],"large":["https:\/\/vapestornado.com\/wp-content\/uploads\/2025\/04\/ELF-BAR-Planet-25000-Disposable-Vape-Pen.webp",800,800,false],"1536x1536":["https:\/\/vapestornado.com\/wp-content\/uploads\/2025\/04\/ELF-BAR-Planet-25000-Disposable-Vape-Pen.webp",800,800,false],"2048x2048":["https:\/\/vapestornado.com\/wp-content\/uploads\/2025\/04\/ELF-BAR-Planet-25000-Disposable-Vape-Pen.webp",800,800,false],"trp-custom-language-flag":["https:\/\/vapestornado.com\/wp-content\/uploads\/2025\/04\/ELF-BAR-Planet-25000-Disposable-Vape-Pen.webp",12,12,false],"woocommerce_thumbnail":["https:\/\/vapestornado.com\/wp-content\/uploads\/2025\/04\/ELF-BAR-Planet-25000-Disposable-Vape-Pen-300x300.webp",300,300,true],"woocommerce_single":["https:\/\/vapestornado.com\/wp-content\/uploads\/2025\/04\/ELF-BAR-Planet-25000-Disposable-Vape-Pen-600x600.webp",600,600,true],"woocommerce_gallery_thumbnail":["https:\/\/vapestornado.com\/wp-content\/uploads\/2025\/04\/ELF-BAR-Planet-25000-Disposable-Vape-Pen-100x100.webp",100,100,true]},"uagb_author_info":{"display_name":"ESAMY","author_link":"https:\/\/vapestornado.com\/sk\/author\/"},"uagb_comment_info":0,"uagb_excerpt":"The ELFBAR Planet 25K Vape delivers 25,000 puffs, digital screen, and adjustable wattage\u2014ideal for wholesale bulk orders in Europe. Digital Disposable Vape ELF BAR Planet 25000 Factory Direct Price Add Amy's whatsapp to get right reply and discount price! WhatsApp: +86 17776015835 &nbsp;","_links":{"self":[{"href":"https:\/\/vapestornado.com\/sk\/wp-json\/wp\/v2\/product\/4056","targetHints":{"allow":["GET"]}}],"collection":[{"href":"https:\/\/vapestornado.com\/sk\/wp-json\/wp\/v2\/product"}],"about":[{"href":"https:\/\/vapestornado.com\/sk\/wp-json\/wp\/v2\/types\/product"}],"replies":[{"embeddable":true,"href":"https:\/\/vapestornado.com\/sk\/wp-json\/wp\/v2\/comments?post=4056"}],"wp:featuredmedia":[{"embeddable":true,"href":"https:\/\/vapestornado.com\/sk\/wp-json\/wp\/v2\/media\/4050"}],"wp:attachment":[{"href":"https:\/\/vapestornado.com\/sk\/wp-json\/wp\/v2\/media?parent=4056"}],"wp:term":[{"taxonomy":"product_brand","embeddable":true,"href":"https:\/\/vapestornado.com\/sk\/wp-json\/wp\/v2\/product_brand?post=4056"},{"taxonomy":"product_cat","embeddable":true,"href":"https:\/\/vapestornado.com\/sk\/wp-json\/wp\/v2\/product_cat?post=4056"},{"taxonomy":"product_tag","embeddable":true,"href":"https:\/\/vapestornado.com\/sk\/wp-json\/wp\/v2\/product_tag?post=4056"}],"curies":[{"name":"wp","href":"https:\/\/api.w.org\/{rel}","templated":true}]}}