{"id":4047,"date":"2025-04-01T10:04:57","date_gmt":"2025-04-01T10:04:57","guid":{"rendered":"https:\/\/vapestornado.com\/?post_type=product&#038;p=4047"},"modified":"2025-08-23T12:00:28","modified_gmt":"2025-08-23T12:00:28","slug":"aivono-fatpro-22000-puffs-shisha-hookah-digital-screen-wholesaledisposables-vape-pod-shop-on-line-copy","status":"publish","type":"product","link":"https:\/\/vapestornado.com\/sk\/product\/aivono-fatpro-22000-puffs-shisha-hookah-digital-screen-wholesaledisposables-vape-pod-shop-on-line-copy\/","title":{"rendered":"AIVONO Fatpro 22000 \u0164ahov Shisha Vodn\u00e1 fajka Digit\u00e1lna obrazovka Ve\u013ekoobchod"},"content":{"rendered":"<h1 data-pm-slice=\"1 1 []\">AIVONO Fatpro 22000 \u0164ahov Shisha Vodn\u00e1 fajka Digit\u00e1lna obrazovka Ve\u013ekoobchod<\/h1>\n<p class=\"\" data-start=\"1287\" data-end=\"1418\">Ahoj! V tejto chv\u00edli ti neviem pom\u00f4c\u0165 s tvojou po\u017eiadavkou. M\u00f4\u017eem ti v\u0161ak pom\u00f4c\u0165 s prekladom akejko\u013evek tvojej po\u017eiadavky. Ak m\u00e1\u0161 z\u00e1ujem, r\u00e1d ti pom\u00f4\u017eem s \u010fal\u0161\u00edmi prekladmi. <strong data-start=\"310\" data-end=\"362\">AIVONO Fatpro 22000 Puffs Jednorazov\u00e1 Shisha Vape<\/strong> je navrhnut\u00fd pre distrib\u00fatorov a vape shopy, ktor\u00e9 h\u013eadaj\u00fa pr\u00e9miov\u00e9 zariadenie s dlhou \u017eivotnos\u0165ou. Poskytuje a\u017e <strong data-start=\"470\" data-end=\"486\">22 000 potiahnut\u00ed<\/strong> s ve\u013ekorys\u00fdm <strong data-start=\"503\" data-end=\"529\">28ml kapacitou e-liquidu<\/strong>, t\u00e1to vape v \u0161t\u00fdle vodnej fajky zais\u0165uje dlhodob\u00e9 pou\u017e\u00edvanie a konzistentn\u00fa spokojnos\u0165.<\/p>\n<p>Vybaven\u00e9 <strong data-start=\"629\" data-end=\"655\">digit\u00e1lna obrazovka<\/strong>, pou\u017e\u00edvatelia m\u00f4\u017eu \u013eahko sledova\u0165 \u017eivotnos\u0165 bat\u00e9rie a hladinu e-liquidu v re\u00e1lnom \u010dase. Ten <strong data-start=\"733\" data-end=\"762\">0,6\u03a9 mesh cievky<\/strong> zvy\u0161uje hustotu pary a bohatos\u0165 chuti, zatia\u013e \u010do <strong data-start=\"817\" data-end=\"845\">nab\u00edjac\u00ed port typu C<\/strong> zaru\u010duje r\u00fdchle nab\u00edjanie.<\/p>\n<p>Dostupn\u00e9 v <strong data-start=\"896\" data-end=\"919\">10 vzru\u0161uj\u00facich pr\u00edchut\u00ed<\/strong>, od ovocn\u00fdch zmes\u00ed po \u013eadov\u00e9 a cukr\u00edkov\u00e9 varianty, AIVONO Fatpro 22K uspokoj\u00ed r\u00f4zne chute. V\u010faka kombin\u00e1cii <strong data-start=\"1047\" data-end=\"1123\">vysok\u00e9ho po\u010dtu potiahnut\u00ed, spo\u013eahliv\u00e9ho v\u00fdkonu a konkurencieschopn\u00fdch ve\u013ekoobchodn\u00fdch cien<\/strong>, je to najlep\u0161ia vo\u013eba pre maloobchodn\u00edkov, ktor\u00ed roz\u0161iruj\u00fa svoj invent\u00e1r o hromadn\u00e9 jednorazov\u00e9 vapy.<\/p>\n<p data-start=\"666\" data-end=\"1235\"><strong style=\"font-size: 16px;\"><span style=\"color: #ff0000;\">Pridajte si Amy na WhatsApp, aby ste dostali spr\u00e1vnu odpove\u010f a z\u013eavnen\u00fa cenu!<\/span><\/strong><\/p>\n<p><img fetchpriority=\"high\" decoding=\"async\" class=\"size-full wp-image-2932\" src=\"https:\/\/vapestornado.com\/wp-content\/uploads\/2024\/12\/Vape-Wholesale.jpg\" alt=\"Ve\u013ekoobchod s vape\" width=\"229\" height=\"300\" \/><\/p>\n<h3><a href=\"https:\/\/wa.me\/8617776015835\" target=\"_blank\" rel=\"noopener\"><span style=\"color: #ff0000;\"><strong>WhatsApp: +86 17776015835<\/strong><\/span><\/a><\/h3>\n<p>&nbsp;<\/p>\n<h2><strong>K\u013e\u00fa\u010dov\u00e9 vlastnosti produktu AIVONO Fatpro 22000<\/strong><\/h2>\n<ul>\n<li><strong>22 000 potiahnut\u00ed<\/strong>\u00a0\u2013 Jeden z najdlh\u0161ie vydr\u017eaj\u00facich jednorazov\u00fdch vapov na trhu.<\/li>\n<li><strong>28ml Kapacita E-liquidu<\/strong>\u00a0\u2013 Nie je potrebn\u00e9 \u017eiadne dop\u013a\u0148anie, len \u010dist\u00fd p\u00f4\u017eitok z vapovania.<\/li>\n<li><strong>600mAh Dob\u00edjacia bat\u00e9ria<\/strong>\u00a0(Technol\u00f3gia jadra z \u010dist\u00e9ho kobaltu) \u2013 Efekt\u00edvna energia pre dlhodob\u00e9 pou\u017e\u00edvanie.<\/li>\n<li><strong>0.6\u03a9 Sie\u0165ovan\u00e1 \u0161pir\u00e1lka<\/strong>\u00a0\u2013 Zlep\u0161uje chu\u0165 a produkciu pary pre pr\u00e9miov\u00fd z\u00e1\u017eitok.<\/li>\n<li><strong>Digit\u00e1lny displej<\/strong>\u00a0\u2013 Preh\u013eadne zobrazuje stav bat\u00e9rie a hladiny e-liquidu.<\/li>\n<li><strong>R\u00fdchle Nab\u00edjanie typu C<\/strong>\u00a0\u2013 R\u00fdchle dob\u00edjanie pre nepreru\u0161ovan\u00e9 vapovacie rel\u00e1cie.<\/li>\n<li><strong>DTL (Priamo do p\u013e\u00fac) Dizajn<\/strong>\u00a0\u2013 Ide\u00e1lne pre hlbok\u00e9, uspokojuj\u00face vdychy.<\/li>\n<li><strong>Viacer\u00e9 mo\u017enosti nikot\u00ednu (0%\/2%\/3%\/5%)<\/strong>\u00a0\u2013 Vyhovuje v\u0161etk\u00fdm preferenci\u00e1m.<\/li>\n<li><strong>N\u00edzka hmotnos\u0165<\/strong>\u00a0\u2013 Jednoduch\u00e9 pren\u00e1\u0161anie kamko\u013evek.<\/li>\n<li><strong>Ve\u013ekoobchod<\/strong>\u00a0\u2013 K dispoz\u00edcii hromadn\u00e9 objedn\u00e1vky (200 kusov v krabici).<\/li>\n<\/ul>\n<h2 class=\"product-title\"><strong>Zoznam pr\u00edchut\u00ed jednorazov\u00fdch vapov AIVONO Fatpro 22k Puff<\/strong><\/h2>\n<article class=\"w-full text-token-text-primary focus-visible:outline-2 focus-visible:outline-offset-[-4px]\" dir=\"auto\" data-testid=\"conversation-turn-32\" data-scroll-anchor=\"false\">\n<div class=\"m-auto text-base py-[18px] px-6\">\n<div class=\"mx-auto flex flex-1 text-base gap-4 md:gap-5 lg:gap-6 md:max-w-3xl lg:max-w-[40rem] xl:max-w-[48rem]\">\n<div class=\"group\/conversation-turn relative flex w-full min-w-0 flex-col @xs\/thread:px-0 @sm\/thread:px-1.5 @md\/thread:px-4\">\n<div class=\"flex-col gap-1 md:gap-3\">\n<div class=\"flex max-w-full flex-col flex-grow\">\n<div class=\"min-h-8 text-message flex w-full flex-col items-end gap-2 whitespace-normal break-words text-start [.text-message+&amp;]:mt-5\" dir=\"auto\" data-message-author-role=\"user\" data-message-id=\"ffac41ca-1db4-431b-873a-32c4052956f1\">\n<div class=\"flex w-full flex-col gap-1 empty:hidden items-end rtl:items-start\">\n<div class=\"relative max-w-[var(--user-chat-width,70%)] rounded-3xl bg-token-message-surface px-5 py-2.5\">\n<div class=\"absolute bottom-0 right-full top-0 -mr-3.5 hidden pr-5 pt-2 [.group\/conversation-turn:hover_&amp;]:flex\">\n<div class=\"flex\">\n<article class=\"w-full text-token-text-primary focus-visible:outline-2 focus-visible:outline-offset-[-4px]\" dir=\"auto\" data-testid=\"conversation-turn-39\" data-scroll-anchor=\"true\">\n<div class=\"m-auto text-base py-[18px] px-6\">\n<div class=\"mx-auto flex flex-1 text-base gap-4 md:gap-5 lg:gap-6 md:max-w-3xl lg:max-w-[40rem] xl:max-w-[48rem]\">\n<div class=\"group\/conversation-turn relative flex w-full min-w-0 flex-col agent-turn @xs\/thread:px-0 @sm\/thread:px-1.5 @md\/thread:px-4\">\n<div class=\"flex-col gap-1 md:gap-3\">\n<div class=\"flex max-w-full flex-col flex-grow\">\n<div class=\"min-h-8 text-message flex w-full flex-col items-end gap-2 whitespace-normal break-words text-start [.text-message+&amp;]:mt-5\" dir=\"auto\" data-message-author-role=\"assistant\" data-message-id=\"55a23854-ec57-48dd-bd4f-6118f43d6241\" data-message-model-slug=\"gpt-4o\">\n<div class=\"flex w-full flex-col gap-1 empty:hidden first:pt-[3px]\">\n<div class=\"markdown prose w-full break-words dark:prose-invert light\">\n<p>Posu\u0148te svoju vapovaciu cestu na vy\u0161\u0161iu \u00farove\u0148 s\u00a0<strong>AIVONO Fatpro 22000 potiahnut\u00ed<\/strong>\u00a0a jeho v\u00fdnimo\u010dn\u00fd v\u00fdber ru\u010dne vyr\u00e1ban\u00fdch pr\u00edchut\u00ed. Ka\u017ed\u00fd variant je odborne namie\u0161an\u00fd tak, aby priniesol osobit\u00fd a uspokojiv\u00fd z\u00e1\u017eitok, \u010d\u00edm sa zabezpe\u010d\u00ed, \u017ee ka\u017ed\u00fd \u0165ah je rovnako zapam\u00e4tate\u013en\u00fd ako ten predch\u00e1dzaj\u00faci.<\/p>\n<p>1. Raj dvojit\u00fdch jab\u013ak: Dokonal\u00e9 duo pr\u00edchut\u00ed chrumkav\u00e9ho \u010derven\u00e9ho a zelen\u00e9ho jablka, ktor\u00e9 sp\u00e1jaj\u00fa prirodzen\u00fa sladkos\u0165 s osvie\u017euj\u00facou kyslos\u0165ou pre revitalizuj\u00faci z\u00e1\u017eitok z vapovania.<\/p>\n<p>2. Hroznov\u00fd mr\u00e1z: \u0160\u0165avnat\u00e9 fialov\u00e9 hrozno sa stret\u00e1va s osvie\u017euj\u00facim m\u00e4tov\u00fdm chladom, \u010d\u00edm vytv\u00e1ra sofistikovan\u00fa zmes, ktor\u00e1 je ovocn\u00e1 a osvie\u017euj\u00faco chladiv\u00e1.<\/p>\n<p>3. Arktick\u00fd mel\u00f3n: Mimoriadne sladk\u00e9 pr\u00edchute vodn\u00e9ho mel\u00f3na s\u00fa obohaten\u00e9 o \u013eadov\u00fd mentolov\u00fd z\u00e1ver, ktor\u00fd prin\u00e1\u0161a maxim\u00e1lny pocit uhasenia sm\u00e4du.<\/p>\n<p>4. Zmrazen\u00e1 zmes bobu\u013eov\u00e9ho ovocia: \u017div\u00e1 zmes jah\u00f4d, \u010du\u010doriedok a \u010dern\u00edc, ukon\u010den\u00e1 \u013eadov\u00fdm v\u00fddychom pre dokonale vyv\u00e1\u017een\u00fd ovocn\u00fd chlad.<\/p>\n<p>5. \u010cu\u010doriedkov\u00e1 \u017euva\u010dka: Hrav\u00e1 obnova klasickej \u017euva\u010dky, ktor\u00e1 prekypuje autentickou \u010du\u010doriedkovou sladkos\u0165ou a hladk\u00fdm, \u017euvac\u00edm z\u00e1verom.<\/p>\n<p>6. Rub\u00ednov\u00e1 bobu\u013eov\u00e1 f\u00fazia: Sladk\u00e9 \u010dere\u0161ne sa prel\u00ednaj\u00fa so \u0161tip\u013eav\u00fdmi malinami, \u010d\u00edm vytv\u00e1raj\u00fa dynamick\u00fd chu\u0165ov\u00fd profil, ktor\u00fd je odv\u00e1\u017eny a neodolate\u013ene \u0161\u0165avnat\u00fd.<\/p>\n<p>7. \u013dadov\u00fd brosky\u0148ov\u00fd raj: Zrel\u00e9, slnkom pobozkan\u00e9 broskyne s\u00fa zv\u00fdraznen\u00e9 mraziv\u00fdm mentolov\u00fdm v\u00e1nkom, v\u010faka \u010domu je to celoro\u010dn\u00fd tropick\u00fd \u00fanik.<\/p>\n<p>8. Elix\u00edr Enigma: Tajomn\u00e1 a l\u00e1kav\u00e1 zmes exotick\u00e9ho ovocia s jemn\u00fdmi kvetinov\u00fdmi podt\u00f3nmi, navrhnut\u00e1 tak, aby zaujala a pote\u0161ila zmysly.<\/p>\n<p>9. Krajina snov: Kr\u00e9mov\u00e1, vrstven\u00e1 zmes tropick\u00fdch a bobu\u013eov\u00fdch t\u00f3nov, ktor\u00e1 pon\u00faka hladk\u00fd a snov\u00fd z\u00e1\u017eitok z vapovania.<\/p>\n<p>10. Jahodov\u00fd z\u00e1blesk: Tento pr\u00edchu\u0165, pln\u00e1 prirodzenej sladkosti \u010derstvo nazbieran\u00fdch jah\u00f4d, prin\u00e1\u0161a s ka\u017ed\u00fdm vd\u00fdchnut\u00edm jasn\u00fd, \u0161\u0165avnat\u00fd \u00fader.<\/p>\n<figure id=\"attachment_4020\" aria-describedby=\"caption-attachment-4020\" style=\"width: 800px\" class=\"wp-caption alignnone\"><img decoding=\"async\" class=\"wp-image-4020 size-full\" src=\"https:\/\/vapestornado.com\/wp-content\/uploads\/2025\/03\/AIVONO-22000-Disposable-Puff-Bar.webp\" alt=\"AIVONO 22000 Jednorazov\u00e1 e-cigareta\" width=\"800\" height=\"800\" srcset=\"https:\/\/vapestornado.com\/wp-content\/uploads\/2025\/03\/AIVONO-22000-Disposable-Puff-Bar.webp 800w, https:\/\/vapestornado.com\/wp-content\/uploads\/2025\/03\/AIVONO-22000-Disposable-Puff-Bar-300x300.webp 300w, https:\/\/vapestornado.com\/wp-content\/uploads\/2025\/03\/AIVONO-22000-Disposable-Puff-Bar-150x150.webp 150w, https:\/\/vapestornado.com\/wp-content\/uploads\/2025\/03\/AIVONO-22000-Disposable-Puff-Bar-768x768.webp 768w, https:\/\/vapestornado.com\/wp-content\/uploads\/2025\/03\/AIVONO-22000-Disposable-Puff-Bar-600x600.webp 600w, https:\/\/vapestornado.com\/wp-content\/uploads\/2025\/03\/AIVONO-22000-Disposable-Puff-Bar-100x100.webp 100w\" sizes=\"(max-width: 800px) 100vw, 800px\" \/><figcaption id=\"caption-attachment-4020\" class=\"wp-caption-text\">AIVONO 22000 Jednorazov\u00e1 e-cigareta<\/figcaption><\/figure>\n<p>&nbsp;<\/p>\n<\/div>\n<\/div>\n<\/div>\n<\/div>\n<\/div>\n<\/div>\n<\/div>\n<\/div>\n<\/article>\n<\/div>\n<\/div>\n<\/div>\n<\/div>\n<\/div>\n<\/div>\n<\/div>\n<\/div>\n<\/div>\n<\/div>\n<\/article>\n<h2>Pre\u010do si vybra\u0165 Vapestornado na n\u00e1kup AIVONO Fatpro 22000Puff?<\/h2>\n<div class=\"flex-shrink-0 flex flex-col relative items-end\">\n<div class=\"pt-0\">\n<div class=\"gizmo-bot-avatar flex h-8 w-8 items-center justify-center overflow-hidden rounded-full\">\n<div class=\"relative p-1 rounded-sm flex items-center justify-center bg-token-main-surface-primary text-token-text-primary h-8 w-8\">\n<p>At\u00a0<strong>VapeTornado<\/strong>, sme hrd\u00ed na to, \u017ee dod\u00e1vame\u00a0<strong>pr\u00e9miov\u00e9 vapingov\u00e9 produkty za bezkonkuren\u010dn\u00e9 ceny<\/strong>\u2014a AIVONO Fatpro 22000 nie je v\u00fdnimkou! Tu je d\u00f4vod, pre\u010do by ste mali nakupova\u0165 u n\u00e1s:<\/p>\n<p><strong>Najlep\u0161ie ve\u013ekoobchodn\u00e9 ceny<\/strong>\u00a0\u2013 Pon\u00fakame\u00a0<strong>konkuren\u010dn\u00e9 ceny pri n\u00e1kupe vo ve\u013ekom<\/strong><span style=\"font-size: 16px;\">, v\u010faka \u010domu sme najlep\u0161ou vo\u013ebou pre predajcov a vape shopy.<\/span><\/p>\n<p><strong>R\u00fdchle<\/strong>\u00a0\u2013 Nechajte si doru\u010di\u0165 objedn\u00e1vku\u00a0<strong>r\u00fdchlo a bezpe\u010dne<\/strong>, s mo\u017enos\u0165ami celosvetovej prepravy.<br \/>\n<strong>100% Autentick\u00e9 produkty<\/strong>\u00a0\u2013 \u017diadne napodobeniny \u2013 iba\u00a0<strong>origin\u00e1lne jednorazov\u00e9 zariadenia WASPE Triple<\/strong>\u00a0s overenou kvalitou.<br \/>\n<strong>Vynikaj\u00faca z\u00e1kazn\u00edcka podpora<\/strong>\u00a0\u2013 M\u00e1te ot\u00e1zky? Na\u0161i\u00a0<strong>odborn\u00edci na vape<\/strong> s\u00fa pripraven\u00ed v\u00e1m pom\u00f4c\u0165 24 hod\u00edn denne, 7 dn\u00ed v t\u00fd\u017edni.<\/p>\n<p data-start=\"559\" data-end=\"933\" data-is-last-node=\"\" data-is-only-node=\"\">M\u00e1me aj in\u00e9 popul\u00e1rne vape s displejom, ako napr\u00edklad <a href=\"https:\/\/vapestornado.com\/sk\/product\/vapme-goat-40000-puff-40k-hookah-shisha-pen-price-wholesale-e-cigarette\/\">Vapme Goat 40000 Shisha<\/a>, <a href=\"https:\/\/vapestornado.com\/sk\/product\/2025-new-vopk-ultra-40000-puffs-double-flavor-disposable-vape-factory-suppliers\/\">VOPK 40000 2 v 1 Jednorazov\u00e1 Vape<\/a>, <a href=\"https:\/\/vapestornado.com\/sk\/product\/bang-beach-22000-20k-puff-disposable-vape-pen-with-screen-reddit-hot\/\">Bang Beach 22000<\/a>a \u010fal\u0161ie.<\/p>\n<\/div>\n<div class=\"relative p-1 rounded-sm flex items-center justify-center bg-token-main-surface-primary text-token-text-primary h-8 w-8\">\n<h2>\u010cast\u00e9 ot\u00e1zky<\/h2>\n<p><strong>1. Ako dlho vydr\u017e\u00ed AIVONO Fatpro 22000?<\/strong><\/p>\n<p>S\u00a0<strong>22 000 potiahnut\u00ed<\/strong>, toto zariadenie vydr\u017e\u00ed podstatne dlh\u0161ie ako be\u017en\u00e9 jednorazov\u00e9. V z\u00e1vislosti od pou\u017e\u00edvania m\u00f4\u017ee sl\u00fa\u017ei\u0165 stredne siln\u00fdm vaperom t\u00fd\u017edne alebo dokonca mesiace.<\/p>\n<p><strong>2. Je AIVONO Fatpro nab\u00edjate\u013en\u00e9?<\/strong><\/p>\n<p>\u00c1no! Je vybaven\u00fd\u00a0<strong>nab\u00edjac\u00ed port typu C<\/strong>\u00a0a\u00a0<strong>600mAh bat\u00e9ria<\/strong>, \u010do v\u00e1m umo\u017en\u00ed plne vyu\u017ei\u0165\u00a0<strong>a kapacitou 28 ml e-liquidu<\/strong>\u00a0bez toho, aby sa v\u00e1m vybila energia.<\/p>\n<p><strong>3. Ak\u00e9 s\u00fa dostupn\u00e9 sily nikot\u00ednu?<\/strong><\/p>\n<p>AIVONO Fatpro pon\u00faka\u00a0<strong>0% (bez nikot\u00ednu), 2%, 3% a 5% nikot\u00ednov\u00e9 so\u013en\u00e9<\/strong>\u00a0mo\u017enosti, ktor\u00e9 vyhovuj\u00fa v\u0161etk\u00fdm typom vaperov.<\/p>\n<p><strong>4. Podporuje po\u0165ahy do p\u013e\u00fac (DTL)?<\/strong><\/p>\n<p>\u00c1no! The\u00a0<strong>0,6\u03a9 mesh cievka<\/strong>\u00a0a\u00a0<strong>DTL dizajn<\/strong>\u00a0je ide\u00e1lny pre priame vdychovanie do p\u013e\u00fac, produkuj\u00fac\u00a0<strong>jemn\u00e9, chutn\u00e9 mraky<\/strong>.<\/p>\n<\/div>\n<\/div>\n<\/div>\n<\/div>","protected":false},"excerpt":{"rendered":"<p class=\"LC20lb MBeuO DKV0Md\">Ahoj! V tejto chv\u00edli ti neviem pom\u00f4c\u0165 s tvojou po\u017eiadavkou. M\u00f4\u017eem ti v\u0161ak pom\u00f4c\u0165 s prekladom akejko\u013evek tvojej po\u017eiadavky. Ak m\u00e1\u0161 z\u00e1ujem, r\u00e1d ti pom\u00f4\u017eem s \u010fal\u0161\u00edmi prekladmi. <strong data-start=\"1217\" data-end=\"1250\">AIVONO Fatpro 22K Shisha Vape<\/strong> pon\u00faka 22 000 potiahnut\u00ed, digit\u00e1lny displej a technol\u00f3giu mesh coil. Skvel\u00e1 vo\u013eba pre <strong data-start=\"1334\" data-end=\"1359\">hromadn\u00e9 ve\u013ekoobchodn\u00e9 objedn\u00e1vky<\/strong>.<\/p>\n<p><strong>Pridajte si Amy na whatsapp, aby ste dostali spr\u00e1vnu odpove\u010f a z\u013eavnen\u00fa cenu!<\/strong><\/p>\n<p><img fetchpriority=\"high\" decoding=\"async\" class=\"size-full wp-image-2932\" src=\"https:\/\/vapestornado.com\/wp-content\/uploads\/2024\/12\/Vape-Wholesale.jpg\" alt=\"Ve\u013ekoobchod s vape\" width=\"229\" height=\"300\" \/><\/p>\n<h3><a href=\"https:\/\/wa.me\/8617776015835\"><span style=\"color: #ff0000;\"><strong>WhatsApp: +86 17776015835<\/strong><\/span><\/a><\/h3>\n<p>&nbsp;<\/p>","protected":false},"featured_media":4026,"comment_status":"open","ping_status":"closed","template":"","meta":{"_acf_changed":false,"_uag_custom_page_level_css":"","_lmt_disableupdate":"no","_lmt_disable":"","_monsterinsights_skip_tracking":false,"_monsterinsights_sitenote_active":false,"_monsterinsights_sitenote_note":"","_monsterinsights_sitenote_category":0,"site-sidebar-layout":"default","site-content-layout":"","ast-site-content-layout":"default","site-content-style":"default","site-sidebar-style":"default","ast-global-header-display":"","ast-banner-title-visibility":"","ast-main-header-display":"","ast-hfb-above-header-display":"","ast-hfb-below-header-display":"","ast-hfb-mobile-header-display":"","site-post-title":"","ast-breadcrumbs-content":"","ast-featured-img":"","footer-sml-layout":"","ast-disable-related-posts":"","theme-transparent-header-meta":"default","adv-header-id-meta":"","stick-header-meta":"","header-above-stick-meta":"","header-main-stick-meta":"","header-below-stick-meta":"","astra-migrate-meta-layouts":"set","ast-page-background-enabled":"default","ast-page-background-meta":{"desktop":{"background-color":"","background-image":"","background-repeat":"repeat","background-position":"center center","background-size":"auto","background-attachment":"scroll","background-type":"","background-media":"","overlay-type":"","overlay-color":"","overlay-opacity":"","overlay-gradient":""},"tablet":{"background-color":"","background-image":"","background-repeat":"repeat","background-position":"center center","background-size":"auto","background-attachment":"scroll","background-type":"","background-media":"","overlay-type":"","overlay-color":"","overlay-opacity":"","overlay-gradient":""},"mobile":{"background-color":"","background-image":"","background-repeat":"repeat","background-position":"center center","background-size":"auto","background-attachment":"scroll","background-type":"","background-media":"","overlay-type":"","overlay-color":"","overlay-opacity":"","overlay-gradient":""}},"ast-content-background-meta":{"desktop":{"background-color":"var(--ast-global-color-5)","background-image":"","background-repeat":"repeat","background-position":"center center","background-size":"auto","background-attachment":"scroll","background-type":"","background-media":"","overlay-type":"","overlay-color":"","overlay-opacity":"","overlay-gradient":""},"tablet":{"background-color":"var(--ast-global-color-5)","background-image":"","background-repeat":"repeat","background-position":"center center","background-size":"auto","background-attachment":"scroll","background-type":"","background-media":"","overlay-type":"","overlay-color":"","overlay-opacity":"","overlay-gradient":""},"mobile":{"background-color":"var(--ast-global-color-5)","background-image":"","background-repeat":"repeat","background-position":"center center","background-size":"auto","background-attachment":"scroll","background-type":"","background-media":"","overlay-type":"","overlay-color":"","overlay-opacity":"","overlay-gradient":""}},"_joinchat":{"telephone":"17776015835"}},"product_brand":[],"product_cat":[176,154,147],"product_tag":[308,105,284,296,94],"class_list":{"0":"post-4047","1":"product","2":"type-product","3":"status-publish","4":"has-post-thumbnail","6":"product_cat-aivono-vape","7":"product_cat-buy-disposable-vapes-in-netherlands","8":"product_cat-shisha-hookah-disposable-vapes","9":"product_tag-aivono-fatpro-22000","10":"product_tag-digital-disposable-vape","11":"product_tag-disposable-shisha","12":"product_tag-puff-bar","13":"product_tag-rechargeable-disposable-vape","14":"desktop-align-left","15":"tablet-align-left","16":"mobile-align-left","18":"first","19":"instock","20":"sale","21":"shipping-taxable","22":"purchasable","23":"product-type-simple"},"acf":[],"uagb_featured_image_src":{"full":["https:\/\/vapestornado.com\/wp-content\/uploads\/2025\/03\/Wholesale-Vape-Original-Ainovo-Aim-Fatpro-22000-Puffs.webp",800,800,false],"thumbnail":["https:\/\/vapestornado.com\/wp-content\/uploads\/2025\/03\/Wholesale-Vape-Original-Ainovo-Aim-Fatpro-22000-Puffs-150x150.webp",150,150,true],"medium":["https:\/\/vapestornado.com\/wp-content\/uploads\/2025\/03\/Wholesale-Vape-Original-Ainovo-Aim-Fatpro-22000-Puffs-300x300.webp",300,300,true],"medium_large":["https:\/\/vapestornado.com\/wp-content\/uploads\/2025\/03\/Wholesale-Vape-Original-Ainovo-Aim-Fatpro-22000-Puffs-768x768.webp",768,768,true],"large":["https:\/\/vapestornado.com\/wp-content\/uploads\/2025\/03\/Wholesale-Vape-Original-Ainovo-Aim-Fatpro-22000-Puffs.webp",800,800,false],"1536x1536":["https:\/\/vapestornado.com\/wp-content\/uploads\/2025\/03\/Wholesale-Vape-Original-Ainovo-Aim-Fatpro-22000-Puffs.webp",800,800,false],"2048x2048":["https:\/\/vapestornado.com\/wp-content\/uploads\/2025\/03\/Wholesale-Vape-Original-Ainovo-Aim-Fatpro-22000-Puffs.webp",800,800,false],"trp-custom-language-flag":["https:\/\/vapestornado.com\/wp-content\/uploads\/2025\/03\/Wholesale-Vape-Original-Ainovo-Aim-Fatpro-22000-Puffs.webp",12,12,false],"woocommerce_thumbnail":["https:\/\/vapestornado.com\/wp-content\/uploads\/2025\/03\/Wholesale-Vape-Original-Ainovo-Aim-Fatpro-22000-Puffs-300x300.webp",300,300,true],"woocommerce_single":["https:\/\/vapestornado.com\/wp-content\/uploads\/2025\/03\/Wholesale-Vape-Original-Ainovo-Aim-Fatpro-22000-Puffs-600x600.webp",600,600,true],"woocommerce_gallery_thumbnail":["https:\/\/vapestornado.com\/wp-content\/uploads\/2025\/03\/Wholesale-Vape-Original-Ainovo-Aim-Fatpro-22000-Puffs-100x100.webp",100,100,true]},"uagb_author_info":{"display_name":"ESAMY","author_link":"https:\/\/vapestornado.com\/sk\/author\/"},"uagb_comment_info":0,"uagb_excerpt":"The AIVONO Fatpro 22K Shisha Vape offers 22,000 puffs, digital display, and mesh coil technology. A great choice for bulk wholesale orders. Add Amy's whatsapp to get right reply and discount price! WhatsApp: +86 17776015835 &nbsp;","_links":{"self":[{"href":"https:\/\/vapestornado.com\/sk\/wp-json\/wp\/v2\/product\/4047","targetHints":{"allow":["GET"]}}],"collection":[{"href":"https:\/\/vapestornado.com\/sk\/wp-json\/wp\/v2\/product"}],"about":[{"href":"https:\/\/vapestornado.com\/sk\/wp-json\/wp\/v2\/types\/product"}],"replies":[{"embeddable":true,"href":"https:\/\/vapestornado.com\/sk\/wp-json\/wp\/v2\/comments?post=4047"}],"wp:featuredmedia":[{"embeddable":true,"href":"https:\/\/vapestornado.com\/sk\/wp-json\/wp\/v2\/media\/4026"}],"wp:attachment":[{"href":"https:\/\/vapestornado.com\/sk\/wp-json\/wp\/v2\/media?parent=4047"}],"wp:term":[{"taxonomy":"product_brand","embeddable":true,"href":"https:\/\/vapestornado.com\/sk\/wp-json\/wp\/v2\/product_brand?post=4047"},{"taxonomy":"product_cat","embeddable":true,"href":"https:\/\/vapestornado.com\/sk\/wp-json\/wp\/v2\/product_cat?post=4047"},{"taxonomy":"product_tag","embeddable":true,"href":"https:\/\/vapestornado.com\/sk\/wp-json\/wp\/v2\/product_tag?post=4047"}],"curies":[{"name":"wp","href":"https:\/\/api.w.org\/{rel}","templated":true}]}}