{"id":4044,"date":"2025-03-30T09:23:45","date_gmt":"2025-03-30T09:23:45","guid":{"rendered":"https:\/\/vapestornado.com\/?post_type=product&#038;p=4044"},"modified":"2025-08-23T11:57:41","modified_gmt":"2025-08-23T11:57:41","slug":"bang-king-30000-pro-puff-30k-disposable-device-wholesale-price","status":"publish","type":"product","link":"https:\/\/vapestornado.com\/sk\/product\/bang-king-30000-pro-puff-30k-disposable-device-wholesale-price\/","title":{"rendered":"Bang King 30000 Pro Puff 30k Jednorazov\u00e9 zariadenie Ve\u013ekoobchodn\u00e1 cena"},"content":{"rendered":"<h1 data-pm-slice=\"1 1 []\">Bang King 30000 Pro Puff 30k Jednorazov\u00e9 zariadenie Ve\u013ekoobchodn\u00e1 cena<\/h1>\n<p>Ahoj! V tejto chv\u00edli ti neviem pom\u00f4c\u0165 s tvojou po\u017eiadavkou. M\u00f4\u017eem ti v\u0161ak pom\u00f4c\u0165 s prekladom akejko\u013evek tvojej po\u017eiadavky. Ak m\u00e1\u0161 z\u00e1ujem, r\u00e1d ti pom\u00f4\u017eem s \u010fal\u0161\u00edmi prekladmi. <strong data-start=\"383\" data-end=\"427\">Bang King 30000 Pro Puff Jednorazov\u00e1 Vape<\/strong> je navrhnut\u00fd pre ve\u013ekoobchodn\u00edkov a maloobchodn\u00edkov, ktor\u00ed chc\u00fa ma\u0165 na sklade pr\u00e9miov\u00e9 zariadenie s dlhou \u017eivotnos\u0165ou. Pon\u00faka a\u017e <strong data-start=\"537\" data-end=\"553\">30 000 \u0165ahov<\/strong>, t\u00e1to jednorazov\u00e1 pom\u00f4cka poskytuje pred\u013a\u017een\u00e9 sedenia s konzistentnou kvalitou chuti. Jeho <strong data-start=\"634\" data-end=\"671\">36 ml predplnen\u00e1 kapacita e-liquidu<\/strong> a <strong data-start=\"676\" data-end=\"694\">1.0\u03a9 mesh \u0161pir\u00e1lka<\/strong> zais\u0165uje hladk\u00fa paru a bohat\u00fa chu\u0165 od prv\u00e9ho vd\u00fdchnutia a\u017e po posledn\u00e9.<\/p>\n<p>Poh\u00e1\u0148an\u00fd <strong data-start=\"787\" data-end=\"818\">850mAh dob\u00edjate\u013enou bat\u00e9riou<\/strong> s <strong data-start=\"824\" data-end=\"848\">r\u00fdchleho nab\u00edjania typu C<\/strong>, Bang King 30K Pro Puff zaru\u010duje nepretr\u017eit\u00e9 pou\u017e\u00edvanie. Mo\u017enosti sily nikot\u00ednu <strong data-start=\"936\" data-end=\"958\">0 %, 2 %, 3 % a 5 %<\/strong> ho robia vhodn\u00fdm pre \u0161irok\u00fa \u0161k\u00e1lu z\u00e1kazn\u00edkov, zatia\u013e \u010do <strong data-start=\"1013\" data-end=\"1044\">12 odborne namie\u0161an\u00fdch pr\u00edchut\u00ed<\/strong> poskytuje v\u0161estrannos\u0165 pre ka\u017ed\u00fa chu\u0165.<\/p>\n<p>Pre hromadn\u00fdch kupuj\u00facich je toto zariadenie siln\u00fdm hr\u00e1\u010dom na <strong data-start=\"1159\" data-end=\"1195\">ve\u013ekoobchodnom trhu s jednorazov\u00fdmi vape<\/strong>, ktor\u00fd kombinuje trvanlivos\u0165, pr\u00e9miov\u00fa chu\u0165 a konkurencieschopn\u00e9 ceny. Spo\u013eahliv\u00e1 vo\u013eba pre obchody, ktor\u00e9 h\u013eadaj\u00fa vysoko \u017eiadan\u00e9 e-cigarety s ve\u013ekou kapacitou.<\/p>\n<h2><strong>Hlavn\u00e9 vlastnosti produktu:<\/strong><\/h2>\n<p>\u2714\u00a0<strong>30 000 potiahnut\u00ed<\/strong>\u00a0\u2013 Ultra dlhotrvaj\u00faci v\u00fdkon pre dlh\u0161ie pote\u0161enie.<br \/>\n\u2714\u00a0<strong>Kapacita 36 ml E-Liquidu<\/strong>\u00a0\u2013 Nie s\u00fa potrebn\u00e9 \u017eiadne n\u00e1plne, len \u010dist\u00e9 pote\u0161enie z vapovania.<br \/>\n\u2714\u00a0<strong>Syst\u00e9m jednej pr\u00edchute<\/strong>\u00a0\u2013 Odborne vytvoren\u00e9 pr\u00edchute, ktor\u00e9 zost\u00e1vaj\u00fa bohat\u00e9 a konzistentn\u00e9 po\u010das pou\u017e\u00edvania.<br \/>\n\u2714\u00a0<strong>Nab\u00edjate\u013en\u00fd port typu C<\/strong>\u00a0\u2013 Vybaven\u00e9 s\u00a0<strong>850mAh bat\u00e9riu<\/strong>\u00a0pre nepreru\u0161ovan\u00e9 sedenia.<br \/>\n\u2714\u00a0<strong>1.0\u03a9 Mesh cievka<\/strong>\u00a0\u2013 Zvy\u0161uje podanie chuti pre hlad\u0161\u00ed a intenz\u00edvnej\u0161\u00ed z\u00e1\u017eitok.<br \/>\n\u2714\u00a0<strong>Viacer\u00e9 sily nikot\u00ednu (0%\/2%\/3%\/5%)<\/strong>\u00a0\u2013 Vyhovuje v\u0161etk\u00fdm preferenci\u00e1m.<br \/>\n\u2714\u00a0<strong>K dispoz\u00edcii 12 lahodn\u00fdch pr\u00edchut\u00ed<\/strong>\u00a0\u2013 R\u00f4zne mo\u017enosti, ktor\u00e9 vyhovuj\u00fa ka\u017ed\u00e9mu jaz\u00fd\u010dku.<\/p>\n<p>Ide\u00e1lne pre\u00a0<strong>ve\u013ekoobchodn\u00fdch kupuj\u00facich a maloobchodn\u00edkov<\/strong>,\u00a0<strong>Bang King 30K Pro Puff<\/strong>\u00a0je \u0161pi\u010dkov\u00e1 jednorazov\u00e1 vape, ktor\u00e1 zaru\u010duje spokojnos\u0165 z\u00e1kazn\u00edkov v\u010faka svojej\u00a0<strong>vysok\u00e9mu po\u010dtu potiahnut\u00ed, konzistentnej pr\u00e9miovej chuti a pohodliu<\/strong>.<\/p>\n<p data-start=\"666\" data-end=\"1235\"><strong style=\"font-size: 16px;\"><span style=\"color: #ff0000;\">Pridajte si Amy na WhatsApp, aby ste dostali spr\u00e1vnu odpove\u010f a z\u013eavnen\u00fa cenu!<\/span><\/strong><\/p>\n<p><img fetchpriority=\"high\" decoding=\"async\" class=\"size-full wp-image-2932\" src=\"https:\/\/vapestornado.com\/wp-content\/uploads\/2024\/12\/Vape-Wholesale.jpg\" alt=\"Ve\u013ekoobchod s vape\" width=\"229\" height=\"300\" \/><\/p>\n<h3><a href=\"https:\/\/wa.me\/8617776015835\" target=\"_blank\" rel=\"noopener\"><span style=\"color: #ff0000;\"><strong>WhatsApp: +86 17776015835<\/strong><\/span><\/a><\/h3>\n<p>&nbsp;<\/p>\n<h2><strong>Bang King 30000 Pro K\u013e\u00fa\u010dov\u00e9 vlastnosti produktu<\/strong><\/h2>\n<p>Zna\u010dka: Bang King<br \/>\nNikot\u00edn: 0%\/2%\/3%\/5%<br \/>\nPotiahnutia: 30000 potiahnut\u00ed<br \/>\nBat\u00e9ria: 850 mah<br \/>\nKapacita: 36ML<br \/>\nOdpor: 1,0 \u03a9 mesh cievka<br \/>\nNab\u00edjate\u013en\u00e9: typ-C<br \/>\nJednorazov\u00e9 zariadenie<br \/>\nK dispoz\u00edcii 12 pr\u00edchut\u00ed<\/p>\n<p>&nbsp;<\/p>\n<figure id=\"attachment_4033\" aria-describedby=\"caption-attachment-4033\" style=\"width: 800px\" class=\"wp-caption alignnone\"><img decoding=\"async\" class=\"wp-image-4033 size-full\" src=\"https:\/\/vapestornado.com\/wp-content\/uploads\/2025\/03\/Bang-King-30K-30000-PRO-Puffs-Disposable-Vape-Pen.webp\" alt=\"Bang King 30K 30000 PRO \u0164ahov Jednorazov\u00e9 Vape Pero\" width=\"800\" height=\"800\" srcset=\"https:\/\/vapestornado.com\/wp-content\/uploads\/2025\/03\/Bang-King-30K-30000-PRO-Puffs-Disposable-Vape-Pen.webp 800w, https:\/\/vapestornado.com\/wp-content\/uploads\/2025\/03\/Bang-King-30K-30000-PRO-Puffs-Disposable-Vape-Pen-300x300.webp 300w, https:\/\/vapestornado.com\/wp-content\/uploads\/2025\/03\/Bang-King-30K-30000-PRO-Puffs-Disposable-Vape-Pen-150x150.webp 150w, https:\/\/vapestornado.com\/wp-content\/uploads\/2025\/03\/Bang-King-30K-30000-PRO-Puffs-Disposable-Vape-Pen-768x768.webp 768w, https:\/\/vapestornado.com\/wp-content\/uploads\/2025\/03\/Bang-King-30K-30000-PRO-Puffs-Disposable-Vape-Pen-600x600.webp 600w, https:\/\/vapestornado.com\/wp-content\/uploads\/2025\/03\/Bang-King-30K-30000-PRO-Puffs-Disposable-Vape-Pen-100x100.webp 100w\" sizes=\"(max-width: 800px) 100vw, 800px\" \/><figcaption id=\"caption-attachment-4033\" class=\"wp-caption-text\">Bang King 30K 30000 PRO \u0164ahov Jednorazov\u00e9 Vape Pero<\/figcaption><\/figure>\n<h2 class=\"product-title\"><strong>Zoznam pr\u00edchut\u00ed jednorazov\u00fdch podov Bang King 30000 \u0164ahov<\/strong><\/h2>\n<article class=\"w-full text-token-text-primary focus-visible:outline-2 focus-visible:outline-offset-[-4px]\" dir=\"auto\" data-testid=\"conversation-turn-32\" data-scroll-anchor=\"false\">\n<div class=\"m-auto text-base py-[18px] px-6\">\n<div class=\"mx-auto flex flex-1 text-base gap-4 md:gap-5 lg:gap-6 md:max-w-3xl lg:max-w-[40rem] xl:max-w-[48rem]\">\n<div class=\"group\/conversation-turn relative flex w-full min-w-0 flex-col @xs\/thread:px-0 @sm\/thread:px-1.5 @md\/thread:px-4\">\n<div class=\"flex-col gap-1 md:gap-3\">\n<div class=\"flex max-w-full flex-col flex-grow\">\n<div class=\"min-h-8 text-message flex w-full flex-col items-end gap-2 whitespace-normal break-words text-start [.text-message+&amp;]:mt-5\" dir=\"auto\" data-message-author-role=\"user\" data-message-id=\"ffac41ca-1db4-431b-873a-32c4052956f1\">\n<div class=\"flex w-full flex-col gap-1 empty:hidden items-end rtl:items-start\">\n<div class=\"relative max-w-[var(--user-chat-width,70%)] rounded-3xl bg-token-message-surface px-5 py-2.5\">\n<div class=\"absolute bottom-0 right-full top-0 -mr-3.5 hidden pr-5 pt-2 [.group\/conversation-turn:hover_&amp;]:flex\">\n<div class=\"flex\">\n<article class=\"w-full text-token-text-primary focus-visible:outline-2 focus-visible:outline-offset-[-4px]\" dir=\"auto\" data-testid=\"conversation-turn-39\" data-scroll-anchor=\"true\">\n<div class=\"m-auto text-base py-[18px] px-6\">\n<div class=\"mx-auto flex flex-1 text-base gap-4 md:gap-5 lg:gap-6 md:max-w-3xl lg:max-w-[40rem] xl:max-w-[48rem]\">\n<div class=\"group\/conversation-turn relative flex w-full min-w-0 flex-col agent-turn @xs\/thread:px-0 @sm\/thread:px-1.5 @md\/thread:px-4\">\n<div class=\"flex-col gap-1 md:gap-3\">\n<div class=\"flex max-w-full flex-col flex-grow\">\n<div class=\"min-h-8 text-message flex w-full flex-col items-end gap-2 whitespace-normal break-words text-start [.text-message+&amp;]:mt-5\" dir=\"auto\" data-message-author-role=\"assistant\" data-message-id=\"55a23854-ec57-48dd-bd4f-6118f43d6241\" data-message-model-slug=\"gpt-4o\">\n<div class=\"flex w-full flex-col gap-1 empty:hidden first:pt-[3px]\">\n<div class=\"markdown prose w-full break-words dark:prose-invert light\">\n<p>1. Jahodov\u00fd mel\u00f3n<br \/>\n2. \u010cu\u010doriedkov\u00fd \u013ead<br \/>\n3. \u010cerstv\u00e1 m\u00e4ta<br \/>\n4. Jahodov\u00e9 hrozno<br \/>\n5. \u010cu\u010doriedkov\u00e1 brusnica \u010dere\u0161\u0148a<br \/>\n6. Mel\u00f3n<br \/>\n7. Jahoda Kiwi<br \/>\n8. M\u00e4ta Blue Razz<br \/>\n9. Trojit\u00e1 bobu\u013ea<br \/>\n10. Mel\u00f3nov\u00e1 \u010dere\u0161\u0148a<br \/>\n11. Malina Dark Sparkle<br \/>\n12. \u010cu\u010doriedka Malina<\/p>\n<\/div>\n<\/div>\n<\/div>\n<\/div>\n<\/div>\n<\/div>\n<\/div>\n<\/div>\n<\/article>\n<\/div>\n<\/div>\n<\/div>\n<\/div>\n<\/div>\n<\/div>\n<\/div>\n<\/div>\n<\/div>\n<\/div>\n<\/article>\n<h2>Pre\u010do si vybra\u0165 Vapestornado na n\u00e1kup Bang King 30000 Pro?<\/h2>\n<div class=\"flex-shrink-0 flex flex-col relative items-end\">\n<div class=\"pt-0\">\n<div class=\"gizmo-bot-avatar flex h-8 w-8 items-center justify-center overflow-hidden rounded-full\">\n<div class=\"relative p-1 rounded-sm flex items-center justify-center bg-token-main-surface-primary text-token-text-primary h-8 w-8\">\n<p>At\u00a0<strong>VapeTornado<\/strong>, sme hrd\u00ed na to, \u017ee dod\u00e1vame\u00a0<strong>pr\u00e9miov\u00e9 vapingov\u00e9 produkty za bezkonkuren\u010dn\u00e9 ceny<\/strong>\u2014a Bang King 30000 Pro nie je v\u00fdnimkou! Tu je d\u00f4vod, pre\u010do by ste mali nakupova\u0165 u n\u00e1s:<\/p>\n<p><strong>Najlep\u0161ie ve\u013ekoobchodn\u00e9 ceny<\/strong>\u00a0\u2013 Pon\u00fakame\u00a0<strong>konkuren\u010dn\u00e9 ceny pri n\u00e1kupe vo ve\u013ekom<\/strong><span style=\"font-size: 16px;\">, v\u010faka \u010domu sme najlep\u0161ou vo\u013ebou pre predajcov a vape shopy.<\/span><\/p>\n<p><strong>R\u00fdchle<\/strong>\u00a0\u2013 Nechajte si doru\u010di\u0165 objedn\u00e1vku\u00a0<strong>r\u00fdchlo a bezpe\u010dne<\/strong>, s mo\u017enos\u0165ami celosvetovej prepravy.<br \/>\n<strong>100% Autentick\u00e9 produkty<\/strong>\u00a0\u2013 \u017diadne napodobeniny \u2013 iba\u00a0<strong>origin\u00e1lne jednorazov\u00e9 zariadenia WASPE Triple<\/strong>\u00a0s overenou kvalitou.<br \/>\n<strong>Vynikaj\u00faca z\u00e1kazn\u00edcka podpora<\/strong>\u00a0\u2013 M\u00e1te ot\u00e1zky? Na\u0161i\u00a0<strong>odborn\u00edci na vape<\/strong> s\u00fa pripraven\u00ed v\u00e1m pom\u00f4c\u0165 24 hod\u00edn denne, 7 dn\u00ed v t\u00fd\u017edni.<\/p>\n<p data-start=\"559\" data-end=\"933\" data-is-last-node=\"\" data-is-only-node=\"\">M\u00e1me aj in\u00e9 popul\u00e1rne vape s displejom, ako napr\u00edklad <a href=\"https:\/\/vapestornado.com\/sk\/product\/mesii-couple-50k-disposable-shisha-hookah-50000-puffs-vape-with-digital-display\/\">Mesii p\u00e1r 50000<\/a>, <a href=\"https:\/\/vapestornado.com\/sk\/product\/vopk-cool-9000-puffs-disposable-vapes-bar-puff-9k\/\">Jednorazov\u00fd vape VOPK 9000 \u0165ahov<\/a>, <a href=\"https:\/\/vapestornado.com\/sk\/product\/bang-beach-22000-20k-puff-disposable-vape-pen-with-screen-reddit-hot\/\">Bang Beach 22000<\/a>a \u010fal\u0161ie.<\/p>\n<\/div>\n<div class=\"relative p-1 rounded-sm flex items-center justify-center bg-token-main-surface-primary text-token-text-primary h-8 w-8\">\n<h2>\u010cast\u00e9 ot\u00e1zky pre Bang King 30000<\/h2>\n<h3><strong>1. Ako dlho vydr\u017e\u00ed Bang King 30K Pro Puff?<\/strong><\/h3>\n<p>S\u00a0<strong>30 000 \u0165ahov<\/strong>, toto zariadenie m\u00f4\u017ee vydr\u017ea\u0165 v\u00fdrazne dlh\u0161ie ako \u0161tandardn\u00e9 jednorazov\u00e9 zariadenia, v z\u00e1vislosti od frekvencie pou\u017e\u00edvania. Pre miernych vaperov m\u00f4\u017ee vydr\u017ea\u0165 t\u00fd\u017edne alebo dokonca mesiace.<\/p>\n<h3><strong>2. Je Bang King 30K nab\u00edjate\u013en\u00fd?<\/strong><\/h3>\n<p>\u00c1no! Je vybaven\u00fd\u00a0<strong>nab\u00edjac\u00ed port typu C<\/strong>, \u010do v\u00e1m umo\u017en\u00ed maximalizova\u0165\u00a0<strong>Kapacitu 36 ml e-liquidu<\/strong>\u00a0bez toho, aby vybitie bat\u00e9rie preru\u0161ilo v\u00e1\u0161 z\u00e1\u017eitok.<\/p>\n<h3><strong>3. Ak\u00e9 s\u00fa dostupn\u00e9 sily nikot\u00ednu?<\/strong><\/h3>\n<p>Ahoj! V tejto chv\u00edli ti neviem pom\u00f4c\u0165 s tvojou po\u017eiadavkou. M\u00f4\u017eem ti v\u0161ak pom\u00f4c\u0165 s prekladom akejko\u013evek tvojej po\u017eiadavky. Ak m\u00e1\u0161 z\u00e1ujem, r\u00e1d ti pom\u00f4\u017eem s \u010fal\u0161\u00edmi prekladmi.\u00a0<strong>Bang King 30K Pro Puff<\/strong>\u00a0sa dod\u00e1va v\u00a0<strong>0% (bez nikot\u00ednu), 2%, 3% a 5% nikot\u00ednu<\/strong>\u00a0mo\u017enosti, ktor\u00e9 vyhovuj\u00fa pr\u00edle\u017eitostn\u00fdm aj siln\u00fdm vaperom.<\/p>\n<h3><strong>4. Zost\u00e1va chu\u0165 po\u010das pou\u017e\u00edvania konzistentn\u00e1?<\/strong><\/h3>\n<p>Absol\u00fatne! V\u010faka jeho\u00a0<strong>syst\u00e9m s jednou pr\u00edchu\u0165ou a 1,0\u03a9 mesh cievka<\/strong>chu\u0165 zost\u00e1va bohat\u00e1 a rovnomern\u00e1 od prv\u00e9ho potiahnutia a\u017e po posledn\u00e9.<\/p>\n<\/div>\n<\/div>\n<\/div>\n<\/div>","protected":false},"excerpt":{"rendered":"<p class=\"LC20lb MBeuO DKV0Md\">Ahoj! V tejto chv\u00edli ti neviem pom\u00f4c\u0165 s tvojou po\u017eiadavkou. M\u00f4\u017eem ti v\u0161ak pom\u00f4c\u0165 s prekladom akejko\u013evek tvojej po\u017eiadavky. Ak m\u00e1\u0161 z\u00e1ujem, r\u00e1d ti pom\u00f4\u017eem s \u010fal\u0161\u00edmi prekladmi. <strong data-start=\"1343\" data-end=\"1374\">Bang King 30K Pro Puff Vape<\/strong> pon\u00faka 30 000 potiahnut\u00ed, 36 ml e-liquidu a nab\u00edjate\u013en\u00e9 pohodlie. Spo\u013eahliv\u00fd, chutn\u00fd jednorazov\u00fd produkt za ve\u013ekoobchodn\u00e9 ceny.<\/p>\n<p><strong>Pridajte si Amy na whatsapp, aby ste dostali spr\u00e1vnu odpove\u010f a z\u013eavnen\u00fa cenu!<\/strong><\/p>\n<p><img fetchpriority=\"high\" decoding=\"async\" class=\"size-full wp-image-2932\" src=\"https:\/\/vapestornado.com\/wp-content\/uploads\/2024\/12\/Vape-Wholesale.jpg\" alt=\"Ve\u013ekoobchod s vape\" width=\"229\" height=\"300\" \/><\/p>\n<h3><a href=\"https:\/\/wa.me\/8617776015835\"><span style=\"color: #ff0000;\"><strong>WhatsApp: +86 17776015835<\/strong><\/span><\/a><\/h3>\n<p>&nbsp;<\/p>","protected":false},"featured_media":4037,"comment_status":"open","ping_status":"closed","template":"","meta":{"_acf_changed":false,"_uag_custom_page_level_css":"","_lmt_disableupdate":"no","_lmt_disable":"","_monsterinsights_skip_tracking":false,"_monsterinsights_sitenote_active":false,"_monsterinsights_sitenote_note":"","_monsterinsights_sitenote_category":0,"site-sidebar-layout":"default","site-content-layout":"","ast-site-content-layout":"default","site-content-style":"default","site-sidebar-style":"default","ast-global-header-display":"","ast-banner-title-visibility":"","ast-main-header-display":"","ast-hfb-above-header-display":"","ast-hfb-below-header-display":"","ast-hfb-mobile-header-display":"","site-post-title":"","ast-breadcrumbs-content":"","ast-featured-img":"","footer-sml-layout":"","ast-disable-related-posts":"","theme-transparent-header-meta":"default","adv-header-id-meta":"","stick-header-meta":"","header-above-stick-meta":"","header-main-stick-meta":"","header-below-stick-meta":"","astra-migrate-meta-layouts":"set","ast-page-background-enabled":"default","ast-page-background-meta":{"desktop":{"background-color":"","background-image":"","background-repeat":"repeat","background-position":"center center","background-size":"auto","background-attachment":"scroll","background-type":"","background-media":"","overlay-type":"","overlay-color":"","overlay-opacity":"","overlay-gradient":""},"tablet":{"background-color":"","background-image":"","background-repeat":"repeat","background-position":"center center","background-size":"auto","background-attachment":"scroll","background-type":"","background-media":"","overlay-type":"","overlay-color":"","overlay-opacity":"","overlay-gradient":""},"mobile":{"background-color":"","background-image":"","background-repeat":"repeat","background-position":"center center","background-size":"auto","background-attachment":"scroll","background-type":"","background-media":"","overlay-type":"","overlay-color":"","overlay-opacity":"","overlay-gradient":""}},"ast-content-background-meta":{"desktop":{"background-color":"var(--ast-global-color-5)","background-image":"","background-repeat":"repeat","background-position":"center center","background-size":"auto","background-attachment":"scroll","background-type":"","background-media":"","overlay-type":"","overlay-color":"","overlay-opacity":"","overlay-gradient":""},"tablet":{"background-color":"var(--ast-global-color-5)","background-image":"","background-repeat":"repeat","background-position":"center center","background-size":"auto","background-attachment":"scroll","background-type":"","background-media":"","overlay-type":"","overlay-color":"","overlay-opacity":"","overlay-gradient":""},"mobile":{"background-color":"var(--ast-global-color-5)","background-image":"","background-repeat":"repeat","background-position":"center center","background-size":"auto","background-attachment":"scroll","background-type":"","background-media":"","overlay-type":"","overlay-color":"","overlay-opacity":"","overlay-gradient":""}},"_joinchat":{"telephone":"17776015835"}},"product_brand":[],"product_cat":[67,63,151,144,146],"product_tag":[305,306,105,94,302],"class_list":{"0":"post-4044","1":"product","2":"type-product","3":"status-publish","4":"has-post-thumbnail","6":"product_cat-30000-puff","7":"product_cat-bangking","8":"product_cat-buy-disposable-vapes-in-france","9":"product_cat-low-nicotine-disposable-vapes","10":"product_cat-rechargeable-disposable-vapes","11":"product_tag-bang-king","12":"product_tag-bang-king-30000","13":"product_tag-digital-disposable-vape","14":"product_tag-rechargeable-disposable-vape","15":"product_tag-vape-box-mod","16":"desktop-align-left","17":"tablet-align-left","18":"mobile-align-left","20":"first","21":"instock","22":"sale","23":"shipping-taxable","24":"purchasable","25":"product-type-simple"},"acf":[],"uagb_featured_image_src":{"full":["https:\/\/vapestornado.com\/wp-content\/uploads\/2025\/03\/Bang-King-30000-Puffs-Disposable-Vape-Best-Price.webp",800,800,false],"thumbnail":["https:\/\/vapestornado.com\/wp-content\/uploads\/2025\/03\/Bang-King-30000-Puffs-Disposable-Vape-Best-Price-150x150.webp",150,150,true],"medium":["https:\/\/vapestornado.com\/wp-content\/uploads\/2025\/03\/Bang-King-30000-Puffs-Disposable-Vape-Best-Price-300x300.webp",300,300,true],"medium_large":["https:\/\/vapestornado.com\/wp-content\/uploads\/2025\/03\/Bang-King-30000-Puffs-Disposable-Vape-Best-Price-768x768.webp",768,768,true],"large":["https:\/\/vapestornado.com\/wp-content\/uploads\/2025\/03\/Bang-King-30000-Puffs-Disposable-Vape-Best-Price.webp",800,800,false],"1536x1536":["https:\/\/vapestornado.com\/wp-content\/uploads\/2025\/03\/Bang-King-30000-Puffs-Disposable-Vape-Best-Price.webp",800,800,false],"2048x2048":["https:\/\/vapestornado.com\/wp-content\/uploads\/2025\/03\/Bang-King-30000-Puffs-Disposable-Vape-Best-Price.webp",800,800,false],"trp-custom-language-flag":["https:\/\/vapestornado.com\/wp-content\/uploads\/2025\/03\/Bang-King-30000-Puffs-Disposable-Vape-Best-Price.webp",12,12,false],"woocommerce_thumbnail":["https:\/\/vapestornado.com\/wp-content\/uploads\/2025\/03\/Bang-King-30000-Puffs-Disposable-Vape-Best-Price-300x300.webp",300,300,true],"woocommerce_single":["https:\/\/vapestornado.com\/wp-content\/uploads\/2025\/03\/Bang-King-30000-Puffs-Disposable-Vape-Best-Price-600x600.webp",600,600,true],"woocommerce_gallery_thumbnail":["https:\/\/vapestornado.com\/wp-content\/uploads\/2025\/03\/Bang-King-30000-Puffs-Disposable-Vape-Best-Price-100x100.webp",100,100,true]},"uagb_author_info":{"display_name":"ESAMY","author_link":"https:\/\/vapestornado.com\/sk\/author\/"},"uagb_comment_info":0,"uagb_excerpt":"The Bang King 30K Pro Puff Vape offers 30,000 puffs, 36ml e-liquid, and rechargeable convenience. A reliable, flavorful disposable at wholesale bulk prices. Add Amy's whatsapp to get right reply and discount price! WhatsApp: +86 17776015835 &nbsp;","_links":{"self":[{"href":"https:\/\/vapestornado.com\/sk\/wp-json\/wp\/v2\/product\/4044","targetHints":{"allow":["GET"]}}],"collection":[{"href":"https:\/\/vapestornado.com\/sk\/wp-json\/wp\/v2\/product"}],"about":[{"href":"https:\/\/vapestornado.com\/sk\/wp-json\/wp\/v2\/types\/product"}],"replies":[{"embeddable":true,"href":"https:\/\/vapestornado.com\/sk\/wp-json\/wp\/v2\/comments?post=4044"}],"wp:featuredmedia":[{"embeddable":true,"href":"https:\/\/vapestornado.com\/sk\/wp-json\/wp\/v2\/media\/4037"}],"wp:attachment":[{"href":"https:\/\/vapestornado.com\/sk\/wp-json\/wp\/v2\/media?parent=4044"}],"wp:term":[{"taxonomy":"product_brand","embeddable":true,"href":"https:\/\/vapestornado.com\/sk\/wp-json\/wp\/v2\/product_brand?post=4044"},{"taxonomy":"product_cat","embeddable":true,"href":"https:\/\/vapestornado.com\/sk\/wp-json\/wp\/v2\/product_cat?post=4044"},{"taxonomy":"product_tag","embeddable":true,"href":"https:\/\/vapestornado.com\/sk\/wp-json\/wp\/v2\/product_tag?post=4044"}],"curies":[{"name":"wp","href":"https:\/\/api.w.org\/{rel}","templated":true}]}}