{"id":4043,"date":"2025-03-29T08:48:24","date_gmt":"2025-03-29T08:48:24","guid":{"rendered":"https:\/\/vapestornado.com\/?post_type=product&#038;p=4043"},"modified":"2025-08-23T12:28:58","modified_gmt":"2025-08-23T12:28:58","slug":"bang-32000-puff-vape-box-mod-with-digital-screen-cheap-pricedisposable-vape-kit-best-price-copy","status":"publish","type":"product","link":"https:\/\/vapestornado.com\/sk\/product\/bang-32000-puff-vape-box-mod-with-digital-screen-cheap-pricedisposable-vape-kit-best-price-copy\/","title":{"rendered":"Bang 32000 \u0165ahov Vape Box Mod s digit\u00e1lnym displejom Lacn\u00e1 cena"},"content":{"rendered":"<h1 data-pm-slice=\"1 1 []\">Bang 32000 \u0165ahov Vape Box Mod s digit\u00e1lnym displejom Lacn\u00e1 cena<\/h1>\n<p class=\"\" data-start=\"673\" data-end=\"1205\">Ahoj! V tejto chv\u00edli ti neviem pom\u00f4c\u0165 s tvojou po\u017eiadavkou. M\u00f4\u017eem ti v\u0161ak pom\u00f4c\u0165 s prekladom akejko\u013evek tvojej po\u017eiadavky. Ak m\u00e1\u0161 z\u00e1ujem, r\u00e1d ti pom\u00f4\u017eem s \u010fal\u0161\u00edmi prekladmi. <strong data-start=\"88\" data-end=\"124\">Jednorazov\u00e1 vape Bang 32000 Puffs<\/strong> predefinuje z\u00e1\u017eitok z vapovania v\u010faka svojej mas\u00edvnej kapacite potiahnut\u00ed, inteligentnej digit\u00e1lnej obrazovke a prisp\u00f4sobite\u013en\u00fdm nastaveniam. Toto zariadenie, navrhnut\u00e9 pre pr\u00edle\u017eitostn\u00fdch aj sk\u00fasen\u00fdch vaperov, pon\u00faka v\u00fdnimo\u010dn\u00fa kombin\u00e1ciu v\u00fdkonu, \u017eivotnosti a pohodlia.<\/p>\n<p data-start=\"673\" data-end=\"1205\"><strong>Pre\u010do sa Bang 32000 stal popul\u00e1rnym vape s digit\u00e1lnou obrazovkou?<\/strong><\/p>\n<p class=\"\" data-start=\"405\" data-end=\"607\"><strong data-start=\"407\" data-end=\"437\">Volite\u013en\u00e9 \u00farovne nikot\u00ednu<\/strong> \u2013 Vyberte si silu nikot\u00ednu 0 %, 2 %, 3 % alebo 5 %, ktor\u00e1 vyhovuje va\u0161im preferenci\u00e1m. \u010ci u\u017e si u\u017e\u00edvate vapovanie bez nikot\u00ednu alebo silnej\u0161\u00ed z\u00e1sah, toto zariadenie uspokoj\u00ed va\u0161e potreby.<\/p>\n<p class=\"\" data-start=\"609\" data-end=\"755\"><strong data-start=\"611\" data-end=\"635\">Kapacita 32 000 potiahnut\u00ed<\/strong> \u2013 Z\u00e1sadn\u00e1 zmena na trhu s jednorazov\u00fdmi vape, ktor\u00e1 zais\u0165uje dlhodob\u00e9 pou\u017e\u00edvanie bez potreby \u010dastej v\u00fdmeny.<\/p>\n<p class=\"\" data-start=\"757\" data-end=\"883\"><strong data-start=\"759\" data-end=\"787\">Ve\u013ek\u00e1 32 ml n\u00e1dr\u017eka na e-liquid<\/strong> \u2013 Poskytuje pred\u013a\u017een\u00e9 vapovacie rel\u00e1cie s bohat\u00fdmi, v\u00fdrazn\u00fdmi pr\u00edchu\u0165ami, \u010d\u00edm sa minimalizuje potreba dop\u013a\u0148ania.<\/p>\n<p class=\"\" data-start=\"885\" data-end=\"1019\"><strong data-start=\"887\" data-end=\"919\">Pokro\u010dil\u00e1 0,5\u03a9 du\u00e1lna mesh \u0161pir\u00e1lka<\/strong> \u2013 Zvy\u0161uje produkciu pary a konzistenciu chuti, \u010d\u00edm poskytuje hladk\u00fd a uspokojiv\u00fd z\u00e1\u017eitok.<\/p>\n<p class=\"\" data-start=\"1021\" data-end=\"1143\"><strong data-start=\"1023\" data-end=\"1047\">Inteligentn\u00e1 digit\u00e1lna obrazovka<\/strong> \u2013 Zosta\u0148te informovan\u00ed v\u010faka aktualiz\u00e1ci\u00e1m stavu bat\u00e9rie a hladiny e-liquidu v re\u00e1lnom \u010dase, \u010d\u00edm sa eliminuje dohady.<\/p>\n<p class=\"\" data-start=\"1145\" data-end=\"1285\"><strong data-start=\"1147\" data-end=\"1204\">: 650 mAh nab\u00edjate\u013en\u00e1 bat\u00e9ria s r\u00fdchlym nab\u00edjan\u00edm Type-C.<\/strong> \u2013 Zais\u0165uje celodenn\u00e9 vapovanie s mo\u017enos\u0165ou r\u00fdchleho nab\u00edjania pre v\u00e4\u010d\u0161ie pohodlie.<\/p>\n<p class=\"\" data-start=\"1287\" data-end=\"1418\"><strong data-start=\"1289\" data-end=\"1318\">Nastavite\u013en\u00e9 nastavenia v\u00fdkonu<\/strong> \u2013 Prisp\u00f4sobte si svoj z\u00e1\u017eitok z vapovania pomocou variabiln\u00e9ho v\u00fdkonu, ktor\u00fd v\u00e1m d\u00e1va kontrolu nad ka\u017ed\u00fdm potiahnut\u00edm.<\/p>\n<p data-start=\"666\" data-end=\"1235\"><strong style=\"font-size: 16px;\"><span style=\"color: #ff0000;\">Pridajte si Amy na WhatsApp, aby ste dostali spr\u00e1vnu odpove\u010f a z\u013eavnen\u00fa cenu!<\/span><\/strong><\/p>\n<p><img fetchpriority=\"high\" decoding=\"async\" class=\"size-full wp-image-2932\" src=\"https:\/\/vapestornado.com\/wp-content\/uploads\/2024\/12\/Vape-Wholesale.jpg\" alt=\"Ve\u013ekoobchod s vape\" width=\"229\" height=\"300\" \/><\/p>\n<h3><a href=\"https:\/\/wa.me\/8617776015835\" target=\"_blank\" rel=\"noopener\"><span style=\"color: #ff0000;\"><strong>WhatsApp: +86 17776015835<\/strong><\/span><\/a><\/h3>\n<p>&nbsp;<\/p>\n<h2><strong>Bang 32000 \u0164ahov K\u013e\u00fa\u010dov\u00e9 vlastnosti produktu<\/strong><\/h2>\n<p>Zna\u010dka: Bang Vape<br \/>\n\u0164ahy: 32000 \u0164ahov<br \/>\nE-Liquid: 32 ml<br \/>\nBat\u00e9ria: 650mAh Nab\u00edjate\u013en\u00e1 bat\u00e9ria<br \/>\nNastavite\u013en\u00fd v\u00fdkon<br \/>\nDigit\u00e1lny displej pre olej a bat\u00e9riu<\/p>\n<h2 class=\"product-title\"><strong>Bang 32000 32k Jednorazov\u00e9 Pod Pr\u00edchute Zoznam<\/strong><\/h2>\n<article class=\"w-full text-token-text-primary focus-visible:outline-2 focus-visible:outline-offset-[-4px]\" dir=\"auto\" data-testid=\"conversation-turn-32\" data-scroll-anchor=\"false\">\n<div class=\"m-auto text-base py-[18px] px-6\">\n<div class=\"mx-auto flex flex-1 text-base gap-4 md:gap-5 lg:gap-6 md:max-w-3xl lg:max-w-[40rem] xl:max-w-[48rem]\">\n<div class=\"group\/conversation-turn relative flex w-full min-w-0 flex-col @xs\/thread:px-0 @sm\/thread:px-1.5 @md\/thread:px-4\">\n<div class=\"flex-col gap-1 md:gap-3\">\n<div class=\"flex max-w-full flex-col flex-grow\">\n<div class=\"min-h-8 text-message flex w-full flex-col items-end gap-2 whitespace-normal break-words text-start [.text-message+&amp;]:mt-5\" dir=\"auto\" data-message-author-role=\"user\" data-message-id=\"ffac41ca-1db4-431b-873a-32c4052956f1\">\n<div class=\"flex w-full flex-col gap-1 empty:hidden items-end rtl:items-start\">\n<div class=\"relative max-w-[var(--user-chat-width,70%)] rounded-3xl bg-token-message-surface px-5 py-2.5\">\n<div class=\"absolute bottom-0 right-full top-0 -mr-3.5 hidden pr-5 pt-2 [.group\/conversation-turn:hover_&amp;]:flex\">\n<div class=\"flex\">\n<article class=\"w-full text-token-text-primary focus-visible:outline-2 focus-visible:outline-offset-[-4px]\" dir=\"auto\" data-testid=\"conversation-turn-39\" data-scroll-anchor=\"true\">\n<div class=\"m-auto text-base py-[18px] px-6\">\n<div class=\"mx-auto flex flex-1 text-base gap-4 md:gap-5 lg:gap-6 md:max-w-3xl lg:max-w-[40rem] xl:max-w-[48rem]\">\n<div class=\"group\/conversation-turn relative flex w-full min-w-0 flex-col agent-turn @xs\/thread:px-0 @sm\/thread:px-1.5 @md\/thread:px-4\">\n<div class=\"flex-col gap-1 md:gap-3\">\n<div class=\"flex max-w-full flex-col flex-grow\">\n<div class=\"min-h-8 text-message flex w-full flex-col items-end gap-2 whitespace-normal break-words text-start [.text-message+&amp;]:mt-5\" dir=\"auto\" data-message-author-role=\"assistant\" data-message-id=\"55a23854-ec57-48dd-bd4f-6118f43d6241\" data-message-model-slug=\"gpt-4o\">\n<div class=\"flex w-full flex-col gap-1 empty:hidden first:pt-[3px]\">\n<div class=\"markdown prose w-full break-words dark:prose-invert light\">\n<p>1. \u010cu\u010doriedkov\u00e1 malina<br \/>\n2. Mel\u00f3nov\u00e1 \u010dere\u0161\u0148a<br \/>\n3. \u010cu\u010doriedkov\u00fd \u013ead<br \/>\n4. Mel\u00f3nov\u00fd \u013ead<br \/>\n5. Jahodov\u00fd mel\u00f3n<br \/>\n6. Jahoda Kiwi<br \/>\n7. Red Bull<br \/>\n8. Mel\u00f3nov\u00e1 \u017euva\u010dka<br \/>\n9. Hroznov\u00fd \u013ead<br \/>\n10. Brosky\u0148a Mango<br \/>\n11. Brosky\u0148ov\u00fd \u013ead<br \/>\n12. Zmie\u0161an\u00e9 ovocie<\/p>\n<figure id=\"attachment_4042\" aria-describedby=\"caption-attachment-4042\" style=\"width: 800px\" class=\"wp-caption alignnone\"><img decoding=\"async\" class=\"wp-image-4042 size-full\" src=\"https:\/\/vapestornado.com\/wp-content\/uploads\/2025\/03\/Bang-King-32000-Puffs-Disposable-Vape.webp\" alt=\"Bang King 32000 \u0164ahov Jednorazov\u00e1 Vape\" width=\"800\" height=\"800\" srcset=\"https:\/\/vapestornado.com\/wp-content\/uploads\/2025\/03\/Bang-King-32000-Puffs-Disposable-Vape.webp 800w, https:\/\/vapestornado.com\/wp-content\/uploads\/2025\/03\/Bang-King-32000-Puffs-Disposable-Vape-300x300.webp 300w, https:\/\/vapestornado.com\/wp-content\/uploads\/2025\/03\/Bang-King-32000-Puffs-Disposable-Vape-150x150.webp 150w, https:\/\/vapestornado.com\/wp-content\/uploads\/2025\/03\/Bang-King-32000-Puffs-Disposable-Vape-768x768.webp 768w, https:\/\/vapestornado.com\/wp-content\/uploads\/2025\/03\/Bang-King-32000-Puffs-Disposable-Vape-600x600.webp 600w, https:\/\/vapestornado.com\/wp-content\/uploads\/2025\/03\/Bang-King-32000-Puffs-Disposable-Vape-100x100.webp 100w\" sizes=\"(max-width: 800px) 100vw, 800px\" \/><figcaption id=\"caption-attachment-4042\" class=\"wp-caption-text\">Bang King 32000 \u0164ahov Jednorazov\u00e1 Vape<\/figcaption><\/figure>\n<\/div>\n<\/div>\n<\/div>\n<\/div>\n<\/div>\n<\/div>\n<\/div>\n<\/div>\n<\/article>\n<\/div>\n<\/div>\n<\/div>\n<\/div>\n<\/div>\n<\/div>\n<\/div>\n<\/div>\n<\/div>\n<\/div>\n<\/article>\n<h2>Pre\u010do si vybra\u0165 Vapestornado pre Bang 32k \u0164ahov K\u00fapi\u0165?<\/h2>\n<div class=\"flex-shrink-0 flex flex-col relative items-end\">\n<div class=\"pt-0\">\n<div class=\"gizmo-bot-avatar flex h-8 w-8 items-center justify-center overflow-hidden rounded-full\">\n<div class=\"relative p-1 rounded-sm flex items-center justify-center bg-token-main-surface-primary text-token-text-primary h-8 w-8\">\n<p>At\u00a0<strong>VapeTornado<\/strong>, sme hrd\u00ed na to, \u017ee dod\u00e1vame\u00a0<strong>pr\u00e9miov\u00e9 vapingov\u00e9 produkty za bezkonkuren\u010dn\u00e9 ceny<\/strong>\u2014a Bang Vape 32000 \u0165ahov nie je v\u00fdnimkou! Tu je d\u00f4vod, pre\u010do by ste mali nakupova\u0165 u n\u00e1s:<\/p>\n<p><strong>Najlep\u0161ie ve\u013ekoobchodn\u00e9 ceny<\/strong>\u00a0\u2013 Pon\u00fakame\u00a0<strong>konkuren\u010dn\u00e9 ceny pri n\u00e1kupe vo ve\u013ekom<\/strong><span style=\"font-size: 16px;\">, v\u010faka \u010domu sme najlep\u0161ou vo\u013ebou pre predajcov a vape shopy.<\/span><\/p>\n<p><strong>R\u00fdchle<\/strong>\u00a0\u2013 Nechajte si doru\u010di\u0165 objedn\u00e1vku\u00a0<strong>r\u00fdchlo a bezpe\u010dne<\/strong>, s mo\u017enos\u0165ami celosvetovej prepravy.<br \/>\n<strong>100% Autentick\u00e9 produkty<\/strong>\u00a0\u2013 \u017diadne napodobeniny \u2013 iba\u00a0<strong>origin\u00e1lne jednorazov\u00e9 zariadenia WASPE Triple<\/strong>\u00a0s overenou kvalitou.<br \/>\n<strong>Vynikaj\u00faca z\u00e1kazn\u00edcka podpora<\/strong>\u00a0\u2013 M\u00e1te ot\u00e1zky? Na\u0161i\u00a0<strong>odborn\u00edci na vape<\/strong> s\u00fa pripraven\u00ed v\u00e1m pom\u00f4c\u0165 24 hod\u00edn denne, 7 dn\u00ed v t\u00fd\u017edni.<\/p>\n<p data-start=\"559\" data-end=\"933\" data-is-last-node=\"\" data-is-only-node=\"\">M\u00e1me aj in\u00e9 popul\u00e1rne vape s displejom, ako napr\u00edklad <a href=\"https:\/\/vapestornado.com\/sk\/product\/mesii-couple-50k-disposable-shisha-hookah-50000-puffs-vape-with-digital-display\/\">Mesii p\u00e1r 50000<\/a>, <a href=\"https:\/\/vapestornado.com\/sk\/product\/vopk-cool-9000-puffs-disposable-vapes-bar-puff-9k\/\">Jednorazov\u00fd vape VOPK 9000 \u0165ahov<\/a>, <a href=\"https:\/\/vapestornado.com\/sk\/product\/bang-beach-22000-20k-puff-disposable-vape-pen-with-screen-reddit-hot\/\">Bang Beach 22000<\/a>a \u010fal\u0161ie.<\/p>\n<\/div>\n<div class=\"relative p-1 rounded-sm flex items-center justify-center bg-token-main-surface-primary text-token-text-primary h-8 w-8\">\n<h2>\u010cast\u00e9 ot\u00e1zky<\/h2>\n<p class=\"\" data-start=\"1758\" data-end=\"1922\"><strong data-start=\"1758\" data-end=\"1821\">1. Ako dlho vydr\u017e\u00ed jednorazov\u00e1 vape Bang 32000 \u0165ahov?<\/strong><br data-start=\"1821\" data-end=\"1824\" \/>Zariadenie vydr\u017e\u00ed a\u017e 32 000 \u0165ahov, \u010do sa m\u00f4\u017ee l\u00ed\u0161i\u0165 v z\u00e1vislosti od frekvencie pou\u017e\u00edvania a nastavenia v\u00fdkonu.<\/p>\n<p class=\"\" data-start=\"1924\" data-end=\"2076\"><strong data-start=\"1924\" data-end=\"1972\">2. M\u00f4\u017eem nab\u00edja\u0165 Bang 32000 Puffs Vape?<\/strong><br data-start=\"1972\" data-end=\"1975\" \/>\u00c1no, dod\u00e1va sa s 650mAh nab\u00edjate\u013enou bat\u00e9riou a podporuje r\u00fdchle nab\u00edjanie typu C pre pohodlie.<\/p>\n<p class=\"\" data-start=\"2078\" data-end=\"2250\"><strong data-start=\"2078\" data-end=\"2132\">3. Ako skontrolujem stav bat\u00e9rie a hladinu e-liquidu?<\/strong><br data-start=\"2132\" data-end=\"2135\" \/>Inteligentn\u00e1 digit\u00e1lna obrazovka zobrazuje \u017eivotnos\u0165 bat\u00e9rie aj hladinu oleja v re\u00e1lnom \u010dase, v\u010faka \u010domu ste v\u017edy informovan\u00ed.<\/p>\n<p class=\"\" data-start=\"2252\" data-end=\"2387\"><strong data-start=\"2252\" data-end=\"2292\">4. Je mo\u017en\u00e9 nastavi\u0165 hladinu nikot\u00ednu?<\/strong><br data-start=\"2292\" data-end=\"2295\" \/>\u00c1no, m\u00f4\u017eete si vybra\u0165 z \u00farovn\u00ed nikot\u00ednu 0%, 2%, 3% alebo 5%, aby vyhovovali va\u0161im preferenci\u00e1m vapovania.<\/p>\n<\/div>\n<\/div>\n<\/div>\n<\/div>","protected":false},"excerpt":{"rendered":"<p class=\"LC20lb MBeuO DKV0Md\">Pr\u00edchute jednorazov\u00fdch vape boxov Bang 32000 Puff v akcii<br \/>\nKo\u013eko stoj\u00ed ve\u013ekoobchodn\u00fd predaj vape boxov Bang 32000 Puff Mod<br \/>\nBang 32000 Puff Box Mod Najlep\u0161\u00ed ve\u013ekoobchod s vape v Holandsku<\/p>\n<p><strong>Pridajte si Amy na whatsapp, aby ste dostali spr\u00e1vnu odpove\u010f a z\u013eavnen\u00fa cenu!<\/strong><\/p>\n<p><img fetchpriority=\"high\" decoding=\"async\" class=\"size-full wp-image-2932\" src=\"https:\/\/vapestornado.com\/wp-content\/uploads\/2024\/12\/Vape-Wholesale.jpg\" alt=\"Ve\u013ekoobchod s vape\" width=\"229\" height=\"300\" \/><\/p>\n<h3><a href=\"https:\/\/wa.me\/8617776015835\"><span style=\"color: #ff0000;\"><strong>WhatsApp: +86 17776015835<\/strong><\/span><\/a><\/h3>\n<p>&nbsp;<\/p>","protected":false},"featured_media":4038,"comment_status":"open","ping_status":"closed","template":"","meta":{"_acf_changed":false,"_uag_custom_page_level_css":"","_lmt_disableupdate":"no","_lmt_disable":"","_monsterinsights_skip_tracking":false,"_monsterinsights_sitenote_active":false,"_monsterinsights_sitenote_note":"","_monsterinsights_sitenote_category":0,"site-sidebar-layout":"default","site-content-layout":"","ast-site-content-layout":"default","site-content-style":"default","site-sidebar-style":"default","ast-global-header-display":"","ast-banner-title-visibility":"","ast-main-header-display":"","ast-hfb-above-header-display":"","ast-hfb-below-header-display":"","ast-hfb-mobile-header-display":"","site-post-title":"","ast-breadcrumbs-content":"","ast-featured-img":"","footer-sml-layout":"","ast-disable-related-posts":"","theme-transparent-header-meta":"default","adv-header-id-meta":"","stick-header-meta":"","header-above-stick-meta":"","header-main-stick-meta":"","header-below-stick-meta":"","astra-migrate-meta-layouts":"set","ast-page-background-enabled":"default","ast-page-background-meta":{"desktop":{"background-color":"","background-image":"","background-repeat":"repeat","background-position":"center center","background-size":"auto","background-attachment":"scroll","background-type":"","background-media":"","overlay-type":"","overlay-color":"","overlay-opacity":"","overlay-gradient":""},"tablet":{"background-color":"","background-image":"","background-repeat":"repeat","background-position":"center center","background-size":"auto","background-attachment":"scroll","background-type":"","background-media":"","overlay-type":"","overlay-color":"","overlay-opacity":"","overlay-gradient":""},"mobile":{"background-color":"","background-image":"","background-repeat":"repeat","background-position":"center center","background-size":"auto","background-attachment":"scroll","background-type":"","background-media":"","overlay-type":"","overlay-color":"","overlay-opacity":"","overlay-gradient":""}},"ast-content-background-meta":{"desktop":{"background-color":"var(--ast-global-color-5)","background-image":"","background-repeat":"repeat","background-position":"center center","background-size":"auto","background-attachment":"scroll","background-type":"","background-media":"","overlay-type":"","overlay-color":"","overlay-opacity":"","overlay-gradient":""},"tablet":{"background-color":"var(--ast-global-color-5)","background-image":"","background-repeat":"repeat","background-position":"center center","background-size":"auto","background-attachment":"scroll","background-type":"","background-media":"","overlay-type":"","overlay-color":"","overlay-opacity":"","overlay-gradient":""},"mobile":{"background-color":"var(--ast-global-color-5)","background-image":"","background-repeat":"repeat","background-position":"center center","background-size":"auto","background-attachment":"scroll","background-type":"","background-media":"","overlay-type":"","overlay-color":"","overlay-opacity":"","overlay-gradient":""}},"_joinchat":{"telephone":"17776015835"}},"product_brand":[],"product_cat":[262,62,154,156,144],"product_tag":[303,304,105,94,302],"class_list":{"0":"post-4043","1":"product","2":"type-product","3":"status-publish","4":"has-post-thumbnail","6":"product_cat-32000-puff","7":"product_cat-bang-vape","8":"product_cat-buy-disposable-vapes-in-netherlands","9":"product_cat-buy-disposable-vapes-in-poland","10":"product_cat-low-nicotine-disposable-vapes","11":"product_tag-bang-32000","12":"product_tag-bang-32k","13":"product_tag-digital-disposable-vape","14":"product_tag-rechargeable-disposable-vape","15":"product_tag-vape-box-mod","16":"desktop-align-left","17":"tablet-align-left","18":"mobile-align-left","20":"first","21":"instock","22":"sale","23":"shipping-taxable","24":"purchasable","25":"product-type-simple"},"acf":[],"uagb_featured_image_src":{"full":["https:\/\/vapestornado.com\/wp-content\/uploads\/2025\/03\/Bang-32k-Puff-Smart-Screen-Display-Vape-Wholesale.webp",800,800,false],"thumbnail":["https:\/\/vapestornado.com\/wp-content\/uploads\/2025\/03\/Bang-32k-Puff-Smart-Screen-Display-Vape-Wholesale-150x150.webp",150,150,true],"medium":["https:\/\/vapestornado.com\/wp-content\/uploads\/2025\/03\/Bang-32k-Puff-Smart-Screen-Display-Vape-Wholesale-300x300.webp",300,300,true],"medium_large":["https:\/\/vapestornado.com\/wp-content\/uploads\/2025\/03\/Bang-32k-Puff-Smart-Screen-Display-Vape-Wholesale-768x768.webp",768,768,true],"large":["https:\/\/vapestornado.com\/wp-content\/uploads\/2025\/03\/Bang-32k-Puff-Smart-Screen-Display-Vape-Wholesale.webp",800,800,false],"1536x1536":["https:\/\/vapestornado.com\/wp-content\/uploads\/2025\/03\/Bang-32k-Puff-Smart-Screen-Display-Vape-Wholesale.webp",800,800,false],"2048x2048":["https:\/\/vapestornado.com\/wp-content\/uploads\/2025\/03\/Bang-32k-Puff-Smart-Screen-Display-Vape-Wholesale.webp",800,800,false],"trp-custom-language-flag":["https:\/\/vapestornado.com\/wp-content\/uploads\/2025\/03\/Bang-32k-Puff-Smart-Screen-Display-Vape-Wholesale.webp",12,12,false],"woocommerce_thumbnail":["https:\/\/vapestornado.com\/wp-content\/uploads\/2025\/03\/Bang-32k-Puff-Smart-Screen-Display-Vape-Wholesale-300x300.webp",300,300,true],"woocommerce_single":["https:\/\/vapestornado.com\/wp-content\/uploads\/2025\/03\/Bang-32k-Puff-Smart-Screen-Display-Vape-Wholesale-600x600.webp",600,600,true],"woocommerce_gallery_thumbnail":["https:\/\/vapestornado.com\/wp-content\/uploads\/2025\/03\/Bang-32k-Puff-Smart-Screen-Display-Vape-Wholesale-100x100.webp",100,100,true]},"uagb_author_info":{"display_name":"ESAMY","author_link":"https:\/\/vapestornado.com\/sk\/author\/"},"uagb_comment_info":0,"uagb_excerpt":"Bang 32000 Puff\u00a0 Disposable Vape Box Flavors on Sale How Much Bang 32000 Puff Vape Box Mod Wholesale Bang 32000 Puff\u00a0 Box Mod Best Vape Wholesale in Netherlands Add Amy's whatsapp to get right reply and discount price! WhatsApp: +86 17776015835 &nbsp;","_links":{"self":[{"href":"https:\/\/vapestornado.com\/sk\/wp-json\/wp\/v2\/product\/4043","targetHints":{"allow":["GET"]}}],"collection":[{"href":"https:\/\/vapestornado.com\/sk\/wp-json\/wp\/v2\/product"}],"about":[{"href":"https:\/\/vapestornado.com\/sk\/wp-json\/wp\/v2\/types\/product"}],"replies":[{"embeddable":true,"href":"https:\/\/vapestornado.com\/sk\/wp-json\/wp\/v2\/comments?post=4043"}],"wp:featuredmedia":[{"embeddable":true,"href":"https:\/\/vapestornado.com\/sk\/wp-json\/wp\/v2\/media\/4038"}],"wp:attachment":[{"href":"https:\/\/vapestornado.com\/sk\/wp-json\/wp\/v2\/media?parent=4043"}],"wp:term":[{"taxonomy":"product_brand","embeddable":true,"href":"https:\/\/vapestornado.com\/sk\/wp-json\/wp\/v2\/product_brand?post=4043"},{"taxonomy":"product_cat","embeddable":true,"href":"https:\/\/vapestornado.com\/sk\/wp-json\/wp\/v2\/product_cat?post=4043"},{"taxonomy":"product_tag","embeddable":true,"href":"https:\/\/vapestornado.com\/sk\/wp-json\/wp\/v2\/product_tag?post=4043"}],"curies":[{"name":"wp","href":"https:\/\/api.w.org\/{rel}","templated":true}]}}