{"id":4013,"date":"2025-03-27T09:03:34","date_gmt":"2025-03-27T09:03:34","guid":{"rendered":"https:\/\/vapestornado.com\/?post_type=product&#038;p=4013"},"modified":"2025-12-16T09:46:56","modified_gmt":"2025-12-16T09:46:56","slug":"waspe-aiviou-3-in-1-60000-puffs-disposable-vape-kit-best-price","status":"publish","type":"product","link":"https:\/\/vapestornado.com\/sk\/product\/waspe-aiviou-3-in-1-60000-puffs-disposable-vape-kit-best-price\/","title":{"rendered":"Waspe Aiviou 3 v 1 60000 \u0165ahov, s\u00faprava jednorazov\u00fdch e-cigariet, najlep\u0161ia cena"},"content":{"rendered":"<h1 data-pm-slice=\"1 1 []\">Waspe 60000 Pufov Jednorazov\u00e1 Vape Sada 3 Chute\u013en\u00e9 Prechody + 54ml E-Juice<\/h1>\n<p data-start=\"1232\" data-end=\"1466\">Ahoj! V tejto chv\u00edli ti neviem pom\u00f4c\u0165 s tvojou po\u017eiadavkou. M\u00f4\u017eem ti v\u0161ak pom\u00f4c\u0165 s prekladom akejko\u013evek tvojej po\u017eiadavky. Ak m\u00e1\u0161 z\u00e1ujem, r\u00e1d ti pom\u00f4\u017eem s \u010fal\u0161\u00edmi prekladmi. <strong data-start=\"99\" data-end=\"134\">Waspe Aiviou 3 v 1 60000 Pufov<\/strong> je ur\u010den\u00e9 pre mu\u017eov, ktor\u00ed nechc\u00fa nosi\u0165 dve alebo tri zariadenia len aby sa vyhli nudy s pr\u00edchu\u0165ami. Dostanete <strong data-start=\"236\" data-end=\"279\">tri predplnen\u00e9 18ml kazety (celkovo 54ml)<\/strong> v jednom tele, <strong data-start=\"295\" data-end=\"320\">trojit\u00fd prechod chuti<\/strong>a <strong data-start=\"326\" data-end=\"356\">v\u00fdkon mesh cievky 0,9\u03a9<\/strong> ktor\u00e1 zost\u00e1va hladk\u00e1 aj pri intenz\u00edvnom pou\u017e\u00edvan\u00ed. Pridajte k tomu <strong data-start=\"410\" data-end=\"425\">LED displej<\/strong> a <strong data-start=\"430\" data-end=\"468\">nab\u00edjate\u013en\u00fa bat\u00e9riu 650mAh typu C<\/strong>, a st\u00e1va sa to dlhodob\u00fdm nastaven\u00edm, ktor\u00e9 m\u00f4\u017eete skuto\u010dne zvl\u00e1dnu\u0165 ka\u017ed\u00fd de\u0148\u2014\u017eiadne h\u00e1danie, \u017eiadne plytvanie tekutinou.<\/p>\n<h3 data-start=\"772\" data-end=\"823\">Pre\u010do sa Waspe 60000 Pufov odli\u0161uje od vysokokapacitn\u00fdch jednorazov\u00fdch zariaden\u00ed?<\/h3>\n<ul data-start=\"825\" data-end=\"2411\">\n<li data-start=\"825\" data-end=\"1147\">\n<p data-start=\"827\" data-end=\"1147\"><strong data-start=\"827\" data-end=\"866\">3 chute bez nosenia \u010fal\u0161\u00edch vec\u00ed.<\/strong> Toto <strong data-start=\"872\" data-end=\"900\">Jednorazov\u00e1 vape s 3 chu\u0165ami<\/strong> pou\u017e\u00edva skuto\u010dn\u00fd <strong data-start=\"913\" data-end=\"940\">3-v-1 prechodov\u00fd syst\u00e9m<\/strong>, tak\u017ee m\u00f4\u017eete prech\u00e1dza\u0165 medzi profilmi, ke\u010f sa va\u0161e chute menia. Pre mnoh\u00fdch pou\u017e\u00edvate\u013eov je to rozdiel medzi dokon\u010den\u00edm zariadenia s vysokou kapacitou a jeho opusten\u00edm v polovici, preto\u017ee jedna chu\u0165 sa st\u00e1va nudnou.<\/p>\n<\/li>\n<li data-start=\"1149\" data-end=\"1502\">\n<p data-start=\"1151\" data-end=\"1502\"><strong data-start=\"1151\" data-end=\"1199\">Skuto\u010dn\u00e1 v\u00fddr\u017e podlo\u017een\u00e1 skuto\u010dn\u00fdm objemom tekutiny.<\/strong> <strong data-start=\"1200\" data-end=\"1221\">Waspe 60000 Pufov<\/strong> nie je len ve\u013ek\u00e9 \u010d\u00edslo na krabici\u2014<strong data-start=\"1257\" data-end=\"1274\">54ml (3\u00d718ml)<\/strong> je navrhnut\u00e9 na dlhodob\u00e9 pou\u017e\u00edvanie. Preto sa dobre pred\u00e1va na trhoch s vysok\u00fdm obratom, ako je <strong data-start=\"1361\" data-end=\"1416\">Po\u013esko, Nemecko, \u0160panielsko, Franc\u00fazsko a Holandsko<\/strong>, najm\u00e4 pre kupuj\u00facich, ktor\u00ed chc\u00fa menej v\u00fdmen a predv\u00eddate\u013enej\u0161ie n\u00e1klady na de\u0148.<\/p>\n<\/li>\n<li data-start=\"1504\" data-end=\"1775\">\n<p data-start=\"1506\" data-end=\"1775\"><strong data-start=\"1506\" data-end=\"1551\">Stabilita sie\u0165ov\u00fdch cievok po\u010das dlh\u00fdch rel\u00e1ci\u00ed.<\/strong> S <strong data-start=\"1557\" data-end=\"1581\">0,9\u03a9 sie\u0165ov\u00e9 cievky (\u00d73)<\/strong>, para zost\u00e1va hladk\u00e1 a chu\u0165 ost\u00e1va jasn\u00e1 hlb\u0161ie v z\u00e1suvk\u00e1ch. To je d\u00f4le\u017eit\u00e9 pre \u0165a\u017ek\u00fdch pou\u017e\u00edvate\u013eov, ktor\u00ed faj\u010dia po dlh\u00fdch \u0165ahoch \u2014 ohrev sie\u0165kou zni\u017euje ostr\u00fd, such\u00fd okraj, ktor\u00fd sa m\u00f4\u017ee u lacnej\u0161\u00edch cievok \u010dasom vyvin\u00fa\u0165.<\/p>\n<\/li>\n<li data-start=\"1777\" data-end=\"2070\">\n<p data-start=\"1779\" data-end=\"2070\"><strong data-start=\"1779\" data-end=\"1816\">LED displej v\u00e1s udr\u017e\u00ed pod kontrolou.<\/strong> Inteligentn\u00fd displej ukazuje stav bat\u00e9rie a e-liquidu, tak\u017ee viete, \u010di je pripraven\u00fd na dlh\u00fd pracovn\u00fd de\u0148 alebo \u010di je potrebn\u00e9 ho najsk\u00f4r nabi\u0165. To je praktick\u00fd detail, ktor\u00fd o\u010dak\u00e1vaj\u00fa od zariaden\u00ed, ktor\u00e9 s\u00fa konkurencieschopn\u00e9 v <strong data-start=\"2027\" data-end=\"2055\">Rebr\u00ed\u010dku elektronick\u00fdch cigariet 2025<\/strong> konverz\u00e1ci\u00e1ch.<\/p>\n<\/li>\n<li data-start=\"2072\" data-end=\"2411\">\n<p data-start=\"2074\" data-end=\"2411\"><strong data-start=\"2074\" data-end=\"2129\">Dob\u00edjate\u013en\u00e1 pohodlnos\u0165, ktor\u00e1 prekon\u00e1va impulz\u00edvne n\u00e1kupy.<\/strong> Ak va\u0161a rutina zah\u0155\u0148a \u201c<strong data-start=\"2156\" data-end=\"2174\">K\u00fapi\u0165 cigarety<\/strong>\u201d zastavenia alebo posledn\u00e9 chv\u00edle v\u00fdmen, dizajn s dob\u00edjan\u00edm cez Type-C pom\u00e1ha tento cyklus skr\u00e1ti\u0165. Pre mnoho z\u00e1kazn\u00edkov, ktor\u00ed <strong data-start=\"2287\" data-end=\"2310\">K\u00fapi\u0165 vaporiz\u00e9r v Slovenskej republike<\/strong>, je hodnota jednoduch\u00e1: jedno zariadenie vydr\u017e\u00ed dlh\u0161ie a vy ho dob\u00edjate namiesto toho, aby ste ho ka\u017ed\u00fd p\u00e1r dn\u00ed kupovali znovu.<\/p>\n<\/li>\n<\/ul>\n<p data-start=\"666\" data-end=\"1235\"><strong style=\"font-size: 16px;\"><span style=\"color: #ff0000;\">Pridajte si Amy na WhatsApp, aby ste dostali spr\u00e1vnu odpove\u010f a z\u013eavnen\u00fa cenu!<\/span><\/strong><\/p>\n<p><img fetchpriority=\"high\" decoding=\"async\" class=\"size-full wp-image-2932\" src=\"https:\/\/vapestornado.com\/wp-content\/uploads\/2024\/12\/Vape-Wholesale.jpg\" alt=\"Ve\u013ekoobchod s vape\" width=\"229\" height=\"300\" \/><\/p>\n<h3><a href=\"https:\/\/wa.me\/8617776015835\" target=\"_blank\" rel=\"noopener\"><span style=\"color: #ff0000;\"><strong>WhatsApp: +86 17776015835<\/strong><\/span><\/a><\/h3>\n<p>&nbsp;<\/p>\n<h2><strong>Waspe Aiviou 3 v 1 60000 Puffs K\u013e\u00fa\u010dov\u00e9 vlastnosti produktu<\/strong><\/h2>\n<table>\n<thead>\n<tr>\n<th>Funkcia<\/th>\n<th>\u0161pec<\/th>\n<th>ako to funguje<\/th>\n<\/tr>\n<\/thead>\n<tbody>\n<tr>\n<td>N\u00e1zov produktu<\/td>\n<td>Waspe Aiviou 3 v 1 60000 Pufov<\/td>\n<td>Trojz\u00e1suvkov\u00e1 jednorazov\u00e1 sada vaporiz\u00e9rov s v\u00fdmenou pr\u00edchut\u00ed.<\/td>\n<\/tr>\n<tr>\n<td>Kapacita \u0165ahov<\/td>\n<td>A\u017e 60 000 \u0165ahov<\/td>\n<td>Vysoko v\u00fdkonn\u00fd v\u00fdstup navrhnut\u00fd na zn\u00ed\u017eenie frekvencie v\u00fdmeny.<\/td>\n<\/tr>\n<tr>\n<td>Syst\u00e9m pr\u00edchut\u00ed<\/td>\n<td>3-v-1 Trojzlo\u017ekov\u00fd prep\u00edna\u010d pr\u00edchut\u00ed<\/td>\n<td>Umo\u017e\u0148uje v\u00e1m okam\u017eite meni\u0165 pr\u00edchute bez v\u00fdmeny zariadenia.<\/td>\n<\/tr>\n<tr>\n<td>Objem e-liquidu<\/td>\n<td>Celkov\u00fdch 54 ml (3\u00d718 ml kaps\u00fal)<\/td>\n<td>Ve\u013ek\u00e1 z\u00e1soba tekutiny podporuje dlh\u00fa \u017eivotnos\u0165 a pred\u013a\u017een\u00e9 sedenia.<\/td>\n<\/tr>\n<tr>\n<td>Syst\u00e9m s cievkami<\/td>\n<td>0,9\u03a9 sie\u0165ov\u00e1 \u0161pir\u00e1lka \u00d73<\/td>\n<td>Rovnomern\u00e9 zahrievanie zlep\u0161uje plynulos\u0165 a pom\u00e1ha zachova\u0165 konzistentn\u00fa chu\u0165.<\/td>\n<\/tr>\n<tr>\n<td>Bat\u00e9ria<\/td>\n<td>650mAh nab\u00edjate\u013en\u00e1<\/td>\n<td>Dob\u00edjanie zabra\u0148uje skor\u00e9mu vyh\u00e1dzaniu pred vy\u010derpan\u00edm tekutiny.<\/td>\n<\/tr>\n<tr>\n<td>Nab\u00edjanie<\/td>\n<td>r\u00fdchleho nab\u00edjania typu C<\/td>\n<td>R\u00fdchle doplnenie pomocou modern\u00fdch k\u00e1blov be\u017ene pou\u017e\u00edvan\u00fdch na Slovensku.<\/td>\n<\/tr>\n<tr>\n<td>Displej<\/td>\n<td>LED indik\u00e1tor bat\u00e9rie a e-liquidu<\/td>\n<td>Jasne ukazuje stav, aby sa predi\u0161lo prekvapeniam po\u010das ka\u017edodenn\u00e9ho pou\u017e\u00edvania.<\/td>\n<\/tr>\n<tr>\n<td>Mo\u017enosti nikot\u00ednu<\/td>\n<td>0% \/ 2% \/ 5%<\/td>\n<td>Bez nikot\u00ednu, s n\u00edzkym alebo silnej\u0161\u00edm hrdlov\u00fdm z\u00e1sahom pod\u013ea preferencie.<\/td>\n<\/tr>\n<\/tbody>\n<\/table>\n<h2 class=\"product-title\"><strong>WASPE 60K 60000 Puffs Zoznam pr\u00edchut\u00ed jednorazov\u00fdch podov<\/strong><\/h2>\n<article class=\"w-full text-token-text-primary focus-visible:outline-2 focus-visible:outline-offset-[-4px]\" dir=\"auto\" data-testid=\"conversation-turn-32\" data-scroll-anchor=\"false\">\n<div class=\"m-auto text-base py-[18px] px-6\">\n<div class=\"mx-auto flex flex-1 text-base gap-4 md:gap-5 lg:gap-6 md:max-w-3xl lg:max-w-[40rem] xl:max-w-[48rem]\">\n<div class=\"group\/conversation-turn relative flex w-full min-w-0 flex-col @xs\/thread:px-0 @sm\/thread:px-1.5 @md\/thread:px-4\">\n<div class=\"flex-col gap-1 md:gap-3\">\n<div class=\"flex max-w-full flex-col flex-grow\">\n<div class=\"min-h-8 text-message flex w-full flex-col items-end gap-2 whitespace-normal break-words text-start [.text-message+&amp;]:mt-5\" dir=\"auto\" data-message-author-role=\"user\" data-message-id=\"ffac41ca-1db4-431b-873a-32c4052956f1\">\n<div class=\"flex w-full flex-col gap-1 empty:hidden items-end rtl:items-start\">\n<div class=\"relative max-w-[var(--user-chat-width,70%)] rounded-3xl bg-token-message-surface px-5 py-2.5\">\n<div class=\"absolute bottom-0 right-full top-0 -mr-3.5 hidden pr-5 pt-2 [.group\/conversation-turn:hover_&amp;]:flex\">\n<div class=\"flex\">\n<article class=\"w-full text-token-text-primary focus-visible:outline-2 focus-visible:outline-offset-[-4px]\" dir=\"auto\" data-testid=\"conversation-turn-39\" data-scroll-anchor=\"true\">\n<div class=\"m-auto text-base py-[18px] px-6\">\n<div class=\"mx-auto flex flex-1 text-base gap-4 md:gap-5 lg:gap-6 md:max-w-3xl lg:max-w-[40rem] xl:max-w-[48rem]\">\n<div class=\"group\/conversation-turn relative flex w-full min-w-0 flex-col agent-turn @xs\/thread:px-0 @sm\/thread:px-1.5 @md\/thread:px-4\">\n<div class=\"flex-col gap-1 md:gap-3\">\n<div class=\"flex max-w-full flex-col flex-grow\">\n<div class=\"min-h-8 text-message flex w-full flex-col items-end gap-2 whitespace-normal break-words text-start [.text-message+&amp;]:mt-5\" dir=\"auto\" data-message-author-role=\"assistant\" data-message-id=\"55a23854-ec57-48dd-bd4f-6118f43d6241\" data-message-model-slug=\"gpt-4o\">\n<div class=\"flex w-full flex-col gap-1 empty:hidden first:pt-[3px]\">\n<div class=\"markdown prose w-full break-words dark:prose-invert light\">\n<p>1.Vodn\u00fd mel\u00f3n \u013dad<br \/>\n2.Jahodov\u00fd vodn\u00fd mel\u00f3n<br \/>\n3.\u010cu\u010doriedka \u013dad<br \/>\n4.Jahoda Malina \u010cere\u0161\u0148a<br \/>\n5.Brosky\u0148a \u013dad<br \/>\n6.Red Bull \u013dad<br \/>\n7.Zmie\u0161an\u00e9 bobu\u013eov\u00e9 ovocie<br \/>\n8.Trojit\u00fd mel\u00f3n \u013dad<br \/>\n9.Hrozno \u013dad<br \/>\n10.Jahoda Ban\u00e1n<br \/>\n11.\u010cere\u0161\u0148a Cola \u013dad<br \/>\n12.\u010cu\u010doriedka Malina<\/p>\n<figure id=\"attachment_4688\" aria-describedby=\"caption-attachment-4688\" style=\"width: 225px\" class=\"wp-caption alignnone\"><img decoding=\"async\" class=\"size-medium wp-image-4688\" src=\"https:\/\/vapestornado.com\/wp-content\/uploads\/2025\/12\/WASPE-60000-PUFF-3-IN-1-Diposable-Vape-All-Flaovr-225x300.jpg\" alt=\"Waspe Aiviou 3 v 1 60000 Pufov Jednorazov\u00fd Vaporiz\u00e9r V\u0161etky pr\u00edchute\" width=\"225\" height=\"300\" srcset=\"https:\/\/vapestornado.com\/wp-content\/uploads\/2025\/12\/WASPE-60000-PUFF-3-IN-1-Diposable-Vape-All-Flaovr-225x300.jpg 225w, https:\/\/vapestornado.com\/wp-content\/uploads\/2025\/12\/WASPE-60000-PUFF-3-IN-1-Diposable-Vape-All-Flaovr-768x1024.jpg 768w, https:\/\/vapestornado.com\/wp-content\/uploads\/2025\/12\/WASPE-60000-PUFF-3-IN-1-Diposable-Vape-All-Flaovr-1152x1536.jpg 1152w, https:\/\/vapestornado.com\/wp-content\/uploads\/2025\/12\/WASPE-60000-PUFF-3-IN-1-Diposable-Vape-All-Flaovr-9x12.jpg 9w, https:\/\/vapestornado.com\/wp-content\/uploads\/2025\/12\/WASPE-60000-PUFF-3-IN-1-Diposable-Vape-All-Flaovr-600x800.jpg 600w, https:\/\/vapestornado.com\/wp-content\/uploads\/2025\/12\/WASPE-60000-PUFF-3-IN-1-Diposable-Vape-All-Flaovr.jpg 1280w\" sizes=\"(max-width: 225px) 100vw, 225px\" \/><figcaption id=\"caption-attachment-4688\" class=\"wp-caption-text\">Waspe Aiviou 3 v 1 60000 Pufov Jednorazov\u00fd Vaporiz\u00e9r V\u0161etky pr\u00edchute<\/figcaption><\/figure>\n<\/div>\n<\/div>\n<\/div>\n<\/div>\n<\/div>\n<\/div>\n<\/div>\n<\/div>\n<\/article>\n<\/div>\n<\/div>\n<\/div>\n<\/div>\n<\/div>\n<\/div>\n<\/div>\n<\/div>\n<\/div>\n<\/div>\n<\/article>\n<h2>Pre\u010do si vybra\u0165 Vapestornado pre n\u00e1kup Waspe 60k Puff?<\/h2>\n<div class=\"flex-shrink-0 flex flex-col relative items-end\">\n<div class=\"pt-0\">\n<div class=\"gizmo-bot-avatar flex h-8 w-8 items-center justify-center overflow-hidden rounded-full\">\n<div class=\"relative p-1 rounded-sm flex items-center justify-center bg-token-main-surface-primary text-token-text-primary h-8 w-8\">\n<p>At\u00a0<strong>VapeTornado<\/strong>, sme hrd\u00ed na to, \u017ee dod\u00e1vame\u00a0<strong>pr\u00e9miov\u00e9 vapingov\u00e9 produkty za bezkonkuren\u010dn\u00e9 ceny<\/strong>\u2014a Waspe Aiviou 3 v 1 60000 po\u0165ahov nie je v\u00fdnimkou! Tu je d\u00f4vod, pre\u010do by ste mali nakupova\u0165 od n\u00e1s:<\/p>\n<p><strong>Najlep\u0161ie ve\u013ekoobchodn\u00e9 ceny<\/strong>\u00a0\u2013 Pon\u00fakame\u00a0<strong>konkuren\u010dn\u00e9 ceny pri n\u00e1kupe vo ve\u013ekom<\/strong><span style=\"font-size: 16px;\">, v\u010faka \u010domu sme najlep\u0161ou vo\u013ebou pre predajcov a vape shopy.<\/span><\/p>\n<p><strong>R\u00fdchle<\/strong>\u00a0\u2013 Nechajte si doru\u010di\u0165 objedn\u00e1vku\u00a0<strong>r\u00fdchlo a bezpe\u010dne<\/strong>, s mo\u017enos\u0165ami celosvetovej prepravy.<br \/>\n<strong>100% Autentick\u00e9 produkty<\/strong>\u00a0\u2013 \u017diadne napodobeniny \u2013 iba\u00a0<strong>origin\u00e1lne jednorazov\u00e9 zariadenia WASPE Triple<\/strong>\u00a0s overenou kvalitou.<br \/>\n<strong>Vynikaj\u00faca z\u00e1kazn\u00edcka podpora<\/strong>\u00a0\u2013 M\u00e1te ot\u00e1zky? Na\u0161i\u00a0<strong>odborn\u00edci na vape<\/strong> s\u00fa pripraven\u00ed v\u00e1m pom\u00f4c\u0165 24 hod\u00edn denne, 7 dn\u00ed v t\u00fd\u017edni.<\/p>\n<p><strong>Ne\u010dakajte \u2013 objednajte si Waspe Aiviou 3 v 1 60000 po\u0165ahov od VapeTornado e\u0161te dnes a za\u017eite maxim\u00e1lnu spokojnos\u0165 s vapingom!<\/strong><\/p>\n<p data-start=\"559\" data-end=\"933\" data-is-last-node=\"\" data-is-only-node=\"\">M\u00e1me aj in\u00e9 popul\u00e1rne vape s displejom, ako napr\u00edklad <a href=\"https:\/\/vapestornado.com\/sk\/product\/mesii-couple-50k-disposable-shisha-hookah-50000-puffs-vape-with-digital-display\/\">Mesii p\u00e1r 50000<\/a>, <a href=\"https:\/\/vapestornado.com\/sk\/product\/vopk-cool-9000-puffs-disposable-vapes-bar-puff-9k\/\">Jednorazov\u00fd vape VOPK 9000 \u0165ahov<\/a>, <a href=\"https:\/\/vapestornado.com\/sk\/product\/bang-beach-22000-20k-puff-disposable-vape-pen-with-screen-reddit-hot\/\">Bang Beach 22000<\/a>a \u010fal\u0161ie.<\/p>\n<\/div>\n<div class=\"relative p-1 rounded-sm flex items-center justify-center bg-token-main-surface-primary text-token-text-primary h-8 w-8\">\n<h2>\u010cast\u00e9 ot\u00e1zky<\/h2>\n<ol data-start=\"3497\" data-end=\"4811\">\n<li data-start=\"3497\" data-end=\"3746\">\n<p data-start=\"3500\" data-end=\"3746\"><strong data-start=\"3500\" data-end=\"3596\">Ako funguje trojstup\u0148ov\u00e9 prep\u00ednanie pr\u00edchut\u00ed Waspe Aiviou 3 v 1 60000 Pufov po\u010das denn\u00e9ho vapovania?<\/strong><br data-start=\"3596\" data-end=\"3599\" \/>Je navrhnut\u00fd na r\u00fdchlu rot\u00e1ciu pr\u00edchut\u00ed v jednom zariaden\u00ed, tak\u017ee m\u00f4\u017eete meni\u0165 chu\u0165 na po\u017eiadanie bez nosenia viacer\u00fdch vaporiz\u00e9rov alebo v\u00fdmeny hardv\u00e9ru.<\/p>\n<\/li>\n<li data-start=\"3748\" data-end=\"4006\">\n<p data-start=\"3751\" data-end=\"4006\"><strong data-start=\"3751\" data-end=\"3847\">Skuto\u010dne vydr\u017e\u00ed dlh\u0161ie ako \u0161tandardn\u00e9 jednorazov\u00e9 vaporiz\u00e9ry s kapacitou 54 ml (3\u00d718 ml)?<\/strong><br data-start=\"3847\" data-end=\"3850\" \/>\u00c1no \u2014 celkov\u00fdch 54 ml e-liquidu je hlavn\u00fdm d\u00f4vodom, pre\u010do vydr\u017e\u00ed dlh\u0161ie. Skuto\u010dn\u00e1 \u017eivotnos\u0165 z\u00e1vis\u00ed od d\u013a\u017eky a frekvencie \u0165ahu, ale kapacita je navrhnut\u00e1 na dlhodob\u00e9 pou\u017e\u00edvanie.<\/p>\n<\/li>\n<li data-start=\"4008\" data-end=\"4250\">\n<p data-start=\"4011\" data-end=\"4250\"><strong data-start=\"4011\" data-end=\"4109\">Ako ovplyv\u0148uj\u00fa sie\u0165ov\u00e9 \u0161pir\u00e1lky s odporom 0,9\u03a9 v jednorazovom vaporiz\u00e9ri s tromi pr\u00edchu\u0165ami plynulos\u0165 pary v priebehu \u010dasu?<\/strong><br data-start=\"4109\" data-end=\"4112\" \/>Sie\u0165ov\u00e9 \u0161pir\u00e1lky sa zahrievaj\u00fa rovnomernej\u0161ie ako z\u00e1kladn\u00e9 dr\u00f4tov\u00e9 \u0161pir\u00e1lky, \u010do pom\u00e1ha udr\u017ea\u0165 plynulos\u0165 pary a zni\u017euje drsnos\u0165 po\u010das intenz\u00edvnych, opakovan\u00fdch seden\u00ed.<\/p>\n<\/li>\n<li data-start=\"4252\" data-end=\"4531\">\n<p data-start=\"4255\" data-end=\"4531\"><strong data-start=\"4255\" data-end=\"4371\">Je Waspe Aiviou 3 v 1 60K inteligentnou vo\u013ebou pre kupuj\u00facich porovn\u00e1vaj\u00facich rebr\u00ed\u010dky e-cigariet v \u0161t\u00fdle \u201enajlep\u0161ie zariadenia\u201c v roku 2025?<\/strong><br data-start=\"4371\" data-end=\"4374\" \/>S\u00fa\u0165a\u017e\u00ed na z\u00e1klade praktick\u00fdch funkci\u00ed, ktor\u00e9 s\u00fa d\u00f4le\u017eit\u00e9: prep\u00ednanie viacer\u00fdch pr\u00edchut\u00ed, ve\u013ek\u00fd celkov\u00fd objem tekutiny, dob\u00edjate\u013en\u00e1 energia a LED displej stavu pre kontrolu.<\/p>\n<\/li>\n<li data-start=\"4533\" data-end=\"4811\">\n<p data-start=\"4536\" data-end=\"4811\"><strong data-start=\"4536\" data-end=\"4636\">Pre\u010do maj\u00fa ve\u013ekoobchodn\u00ed kupuj\u00faci jednorazov\u00fdch vaporiz\u00e9rov radi Waspe Aiviou 3 v 1 60000 Pufov pre maloobchod na Slovensku?<\/strong><br data-start=\"4636\" data-end=\"4639\" \/>Je \u013eahk\u00e9 ich pred\u00e1va\u0165: jasn\u00e9 hlavn\u00e9 \u0161pecifik\u00e1cie (60K pufov, 3 pr\u00edchute, 54 ml, dob\u00edjate\u013en\u00e9), \u0161irok\u00e1 ponuka nikot\u00ednov\u00fdch mo\u017enost\u00ed a siln\u00e1 opakovan\u00e1 dopyt od pou\u017e\u00edvate\u013eov, ktor\u00ed chc\u00fa zariadenia s dlh\u00fdm \u017eivotom.<\/p>\n<\/li>\n<\/ol>\n<\/div>\n<\/div>\n<\/div>\n<\/div>","protected":false},"excerpt":{"rendered":"<p class=\"LC20lb MBeuO DKV0Md\">Waspe Aiviou 3 in 1 60000 Puffs disposable vape kit with 3 flavour switching, 54ml (3\u00d718ml) pods, 0.9\u03a9 mesh coils, LED display, and Type-C rechargeable 650mAh battery. Built for long use, popular with disposable vape wholesaler buyers and customers who Buy vapor in Poland instead of Buy cigarettes.<\/p>\n<p><img fetchpriority=\"high\" decoding=\"async\" class=\"size-full wp-image-2932\" src=\"https:\/\/vapestornado.com\/wp-content\/uploads\/2024\/12\/Vape-Wholesale.jpg\" alt=\"Ve\u013ekoobchod s vape\" width=\"229\" height=\"300\" \/><\/p>\n<h3><a href=\"https:\/\/wa.me\/8617776015835\"><span style=\"color: #ff0000;\"><strong>WhatsApp: +86 17776015835<\/strong><\/span><\/a><\/h3>\n<p>&nbsp;<\/p>","protected":false},"featured_media":4011,"comment_status":"open","ping_status":"closed","template":"","meta":{"_acf_changed":false,"_uag_custom_page_level_css":"","_lmt_disableupdate":"no","_lmt_disable":"","_monsterinsights_skip_tracking":false,"_monsterinsights_sitenote_active":false,"_monsterinsights_sitenote_note":"","_monsterinsights_sitenote_category":0,"site-sidebar-layout":"default","site-content-layout":"","ast-site-content-layout":"default","site-content-style":"default","site-sidebar-style":"default","ast-global-header-display":"","ast-banner-title-visibility":"","ast-main-header-display":"","ast-hfb-above-header-display":"","ast-hfb-below-header-display":"","ast-hfb-mobile-header-display":"","site-post-title":"","ast-breadcrumbs-content":"","ast-featured-img":"","footer-sml-layout":"","ast-disable-related-posts":"","theme-transparent-header-meta":"default","adv-header-id-meta":"","stick-header-meta":"","header-above-stick-meta":"","header-main-stick-meta":"","header-below-stick-meta":"","astra-migrate-meta-layouts":"set","ast-page-background-enabled":"default","ast-page-background-meta":{"desktop":{"background-color":"","background-image":"","background-repeat":"repeat","background-position":"center center","background-size":"auto","background-attachment":"scroll","background-type":"","background-media":"","overlay-type":"","overlay-color":"","overlay-opacity":"","overlay-gradient":""},"tablet":{"background-color":"","background-image":"","background-repeat":"repeat","background-position":"center center","background-size":"auto","background-attachment":"scroll","background-type":"","background-media":"","overlay-type":"","overlay-color":"","overlay-opacity":"","overlay-gradient":""},"mobile":{"background-color":"","background-image":"","background-repeat":"repeat","background-position":"center center","background-size":"auto","background-attachment":"scroll","background-type":"","background-media":"","overlay-type":"","overlay-color":"","overlay-opacity":"","overlay-gradient":""}},"ast-content-background-meta":{"desktop":{"background-color":"var(--ast-global-color-5)","background-image":"","background-repeat":"repeat","background-position":"center center","background-size":"auto","background-attachment":"scroll","background-type":"","background-media":"","overlay-type":"","overlay-color":"","overlay-opacity":"","overlay-gradient":""},"tablet":{"background-color":"var(--ast-global-color-5)","background-image":"","background-repeat":"repeat","background-position":"center center","background-size":"auto","background-attachment":"scroll","background-type":"","background-media":"","overlay-type":"","overlay-color":"","overlay-opacity":"","overlay-gradient":""},"mobile":{"background-color":"var(--ast-global-color-5)","background-image":"","background-repeat":"repeat","background-position":"center center","background-size":"auto","background-attachment":"scroll","background-type":"","background-media":"","overlay-type":"","overlay-color":"","overlay-opacity":"","overlay-gradient":""}},"_joinchat":{"telephone":"17776015835"}},"product_brand":[],"product_cat":[156,142,144,61,60],"product_tag":[105,94,301,299,300],"class_list":{"0":"post-4013","1":"product","2":"type-product","3":"status-publish","4":"has-post-thumbnail","6":"product_cat-buy-disposable-vapes-in-poland","7":"product_cat-digital-box-disposable-vapes","8":"product_cat-low-nicotine-disposable-vapes","9":"product_cat-vapme-shisha","10":"product_cat-waspe-fihp-vape","11":"product_tag-digital-disposable-vape","12":"product_tag-rechargeable-disposable-vape","13":"product_tag-vapor-wholesale","14":"product_tag-waspe-60k-puff","15":"product_tag-waspe-aiviou-3-in-1-60000","16":"desktop-align-left","17":"tablet-align-left","18":"mobile-align-left","20":"first","21":"instock","22":"sale","23":"shipping-taxable","24":"purchasable","25":"product-type-simple"},"acf":[],"uagb_featured_image_src":{"full":["https:\/\/vapestornado.com\/wp-content\/uploads\/2025\/03\/Waspe-Aiviou-3-in1-60k-60000-Puffs-Disposable-Vaper.webp",800,800,false],"thumbnail":["https:\/\/vapestornado.com\/wp-content\/uploads\/2025\/03\/Waspe-Aiviou-3-in1-60k-60000-Puffs-Disposable-Vaper-150x150.webp",150,150,true],"medium":["https:\/\/vapestornado.com\/wp-content\/uploads\/2025\/03\/Waspe-Aiviou-3-in1-60k-60000-Puffs-Disposable-Vaper-300x300.webp",300,300,true],"medium_large":["https:\/\/vapestornado.com\/wp-content\/uploads\/2025\/03\/Waspe-Aiviou-3-in1-60k-60000-Puffs-Disposable-Vaper-768x768.webp",768,768,true],"large":["https:\/\/vapestornado.com\/wp-content\/uploads\/2025\/03\/Waspe-Aiviou-3-in1-60k-60000-Puffs-Disposable-Vaper.webp",800,800,false],"1536x1536":["https:\/\/vapestornado.com\/wp-content\/uploads\/2025\/03\/Waspe-Aiviou-3-in1-60k-60000-Puffs-Disposable-Vaper.webp",800,800,false],"2048x2048":["https:\/\/vapestornado.com\/wp-content\/uploads\/2025\/03\/Waspe-Aiviou-3-in1-60k-60000-Puffs-Disposable-Vaper.webp",800,800,false],"trp-custom-language-flag":["https:\/\/vapestornado.com\/wp-content\/uploads\/2025\/03\/Waspe-Aiviou-3-in1-60k-60000-Puffs-Disposable-Vaper.webp",12,12,false],"woocommerce_thumbnail":["https:\/\/vapestornado.com\/wp-content\/uploads\/2025\/03\/Waspe-Aiviou-3-in1-60k-60000-Puffs-Disposable-Vaper-300x300.webp",300,300,true],"woocommerce_single":["https:\/\/vapestornado.com\/wp-content\/uploads\/2025\/03\/Waspe-Aiviou-3-in1-60k-60000-Puffs-Disposable-Vaper-600x600.webp",600,600,true],"woocommerce_gallery_thumbnail":["https:\/\/vapestornado.com\/wp-content\/uploads\/2025\/03\/Waspe-Aiviou-3-in1-60k-60000-Puffs-Disposable-Vaper-100x100.webp",100,100,true]},"uagb_author_info":{"display_name":"ESAMY","author_link":"https:\/\/vapestornado.com\/sk\/author\/"},"uagb_comment_info":1,"uagb_excerpt":"Waspe Aiviou 3 in 1 60000 Puffs disposable vape kit with 3 flavour switching, 54ml (3\u00d718ml) pods, 0.9\u03a9 mesh coils, LED display, and Type-C rechargeable 650mAh battery. Built for long use, popular with disposable vape wholesaler buyers and customers who Buy vapor in Poland instead of Buy cigarettes. WhatsApp: +86 17776015835 &nbsp;","_links":{"self":[{"href":"https:\/\/vapestornado.com\/sk\/wp-json\/wp\/v2\/product\/4013","targetHints":{"allow":["GET"]}}],"collection":[{"href":"https:\/\/vapestornado.com\/sk\/wp-json\/wp\/v2\/product"}],"about":[{"href":"https:\/\/vapestornado.com\/sk\/wp-json\/wp\/v2\/types\/product"}],"replies":[{"embeddable":true,"href":"https:\/\/vapestornado.com\/sk\/wp-json\/wp\/v2\/comments?post=4013"}],"wp:featuredmedia":[{"embeddable":true,"href":"https:\/\/vapestornado.com\/sk\/wp-json\/wp\/v2\/media\/4011"}],"wp:attachment":[{"href":"https:\/\/vapestornado.com\/sk\/wp-json\/wp\/v2\/media?parent=4013"}],"wp:term":[{"taxonomy":"product_brand","embeddable":true,"href":"https:\/\/vapestornado.com\/sk\/wp-json\/wp\/v2\/product_brand?post=4013"},{"taxonomy":"product_cat","embeddable":true,"href":"https:\/\/vapestornado.com\/sk\/wp-json\/wp\/v2\/product_cat?post=4013"},{"taxonomy":"product_tag","embeddable":true,"href":"https:\/\/vapestornado.com\/sk\/wp-json\/wp\/v2\/product_tag?post=4013"}],"curies":[{"name":"wp","href":"https:\/\/api.w.org\/{rel}","templated":true}]}}